{"id":44863,"date":"2025-01-24T09:25:38","date_gmt":"2025-01-24T08:25:38","guid":{"rendered":"https:\/\/www.sunnyshop211.com\/?post_type=product&#038;p=44863"},"modified":"2025-12-23T19:30:30","modified_gmt":"2025-12-23T18:30:30","slug":"%f0%9f%8d%84-tapis-deveil-champignon-miniature-simulation-bebe-bjd","status":"publish","type":"product","link":"https:\/\/www.sunnyshop211.com\/en\/product\/%f0%9f%8d%84-tapis-deveil-champignon-miniature-simulation-bebe-bjd\/","title":{"rendered":"\ud83c\udf44 Miniature mushroom playmat - Baby simulation BJD"},"content":{"rendered":"<p>&nbsp;<\/p>\n<div id='gallery-1' class='gallery galleryid-44863 gallery-columns-3 gallery-size-thumbnail'><figure class='gallery-item'>\n\t\t\t<div class='gallery-icon landscape'>\n\t\t\t\t<a href='https:\/\/www.sunnyshop211.com\/en\/?attachment_id=44524'><img decoding=\"async\" width=\"150\" height=\"150\" src=\"https:\/\/www.sunnyshop211.com\/wp-content\/uploads\/2025\/01\/chambre-foret-5-150x150.jpg\" class=\"attachment-thumbnail size-thumbnail\" alt=\"Tapis \u00e9veil champignon simulation bjd b\u00e9b\u00e9, reborn, pukifee, Nappy choo\" srcset=\"https:\/\/www.sunnyshop211.com\/wp-content\/uploads\/2025\/01\/chambre-foret-5-150x150.jpg 150w, https:\/\/www.sunnyshop211.com\/wp-content\/uploads\/2025\/01\/chambre-foret-5-500x500.jpg 500w, https:\/\/www.sunnyshop211.com\/wp-content\/uploads\/2025\/01\/chambre-foret-5-100x100.jpg 100w\" sizes=\"(max-width: 150px) 100vw, 150px\" \/><\/a>\n\t\t\t<\/div><\/figure><figure class='gallery-item'>\n\t\t\t<div class='gallery-icon landscape'>\n\t\t\t\t<a href='https:\/\/www.sunnyshop211.com\/en\/?attachment_id=44526'><img decoding=\"async\" width=\"150\" height=\"150\" src=\"https:\/\/www.sunnyshop211.com\/wp-content\/uploads\/2025\/01\/chambre-foret-7-150x150.jpg\" class=\"attachment-thumbnail size-thumbnail\" alt=\"\" srcset=\"https:\/\/www.sunnyshop211.com\/wp-content\/uploads\/2025\/01\/chambre-foret-7-150x150.jpg 150w, https:\/\/www.sunnyshop211.com\/wp-content\/uploads\/2025\/01\/chambre-foret-7-500x500.jpg 500w, https:\/\/www.sunnyshop211.com\/wp-content\/uploads\/2025\/01\/chambre-foret-7-100x100.jpg 100w\" sizes=\"(max-width: 150px) 100vw, 150px\" \/><\/a>\n\t\t\t<\/div><\/figure><figure class='gallery-item'>\n\t\t\t<div class='gallery-icon landscape'>\n\t\t\t\t<a href='https:\/\/www.sunnyshop211.com\/en\/?attachment_id=44525'><img decoding=\"async\" width=\"150\" height=\"150\" src=\"https:\/\/www.sunnyshop211.com\/wp-content\/uploads\/2025\/01\/chambre-foret-6-150x150.jpg\" class=\"attachment-thumbnail size-thumbnail\" alt=\"Tapis \u00e9veil champignon simulation bjd b\u00e9b\u00e9, reborn, pukifee, Nappy choo\" srcset=\"https:\/\/www.sunnyshop211.com\/wp-content\/uploads\/2025\/01\/chambre-foret-6-150x150.jpg 150w, https:\/\/www.sunnyshop211.com\/wp-content\/uploads\/2025\/01\/chambre-foret-6-500x500.jpg 500w, https:\/\/www.sunnyshop211.com\/wp-content\/uploads\/2025\/01\/chambre-foret-6-100x100.jpg 100w\" sizes=\"(max-width: 150px) 100vw, 150px\" \/><\/a>\n\t\t\t<\/div><\/figure><figure class='gallery-item'>\n\t\t\t<div class='gallery-icon landscape'>\n\t\t\t\t<a href='https:\/\/www.sunnyshop211.com\/en\/?attachment_id=44523'><img loading=\"lazy\" decoding=\"async\" width=\"150\" height=\"150\" src=\"https:\/\/www.sunnyshop211.com\/wp-content\/uploads\/2025\/01\/chambre-foret-4-150x150.jpg\" class=\"attachment-thumbnail size-thumbnail\" alt=\"\" srcset=\"https:\/\/www.sunnyshop211.com\/wp-content\/uploads\/2025\/01\/chambre-foret-4-150x150.jpg 150w, https:\/\/www.sunnyshop211.com\/wp-content\/uploads\/2025\/01\/chambre-foret-4-500x500.jpg 500w, https:\/\/www.sunnyshop211.com\/wp-content\/uploads\/2025\/01\/chambre-foret-4-100x100.jpg 100w\" sizes=\"(max-width: 150px) 100vw, 150px\" \/><\/a>\n\t\t\t<\/div><\/figure>\n\t\t<\/div>\n\n<h2 data-start=\"146\" data-end=\"209\">\ud83c\udf44 <strong data-start=\"149\" data-end=\"209\">Miniature mushroom playmat - Baby simulation BJD<\/strong><\/h2>\n<hr data-start=\"211\" data-end=\"214\" \/>\n<p data-start=\"216\" data-end=\"233\">\u2728 <strong data-start=\"218\" data-end=\"233\">Description<\/strong><\/p>\n<p data-start=\"235\" data-end=\"498\">This <strong data-start=\"238\" data-end=\"282\">mushroom-themed miniature playmat<\/strong> is ideal for creating <strong data-start=\"308\" data-end=\"347\">soft, natural settings<\/strong> for your BJD and mini reborn babies.<br data-start=\"382\" data-end=\"385\" \/>Perfect for forest, fairytale or nature settings, it adds a warm, poetic touch to your dioramas.<\/p>\n<hr data-start=\"500\" data-end=\"503\" \/>\n<p data-start=\"505\" data-end=\"525\">\ud83e\uddf8 <strong data-start=\"508\" data-end=\"525\">Compatibility<\/strong><\/p>\n<p data-start=\"527\" data-end=\"701\">Suitable for babies and dolls from <strong data-start=\"560\" data-end=\"574\">10 to 15 cm<\/strong>, such that :<br data-start=\"586\" data-end=\"589\" \/>- BJD baby<br data-start=\"599\" data-end=\"602\" \/>- Pukifee<br data-start=\"611\" data-end=\"614\" \/>- Lati Yellow<br data-start=\"627\" data-end=\"630\" \/>- Nappy Choo<br data-start=\"642\" data-end=\"645\" \/>- Mini reborn<br data-start=\"658\" data-end=\"661\" \/>- Other dolls of equivalent size<\/p>\n<hr data-start=\"703\" data-end=\"706\" \/>\n<p data-start=\"708\" data-end=\"725\">\ud83d\udccf <strong data-start=\"711\" data-end=\"725\">Dimensions<\/strong><\/p>\n<p data-start=\"727\" data-end=\"780\">\ud83d\udcd0 <strong data-start=\"730\" data-end=\"780\">19 cm long x 19 cm wide x 11 cm high<\/strong><\/p>\n<hr data-start=\"782\" data-end=\"785\" \/>\n<p data-start=\"787\" data-end=\"814\">\ud83c\udf43 <strong data-start=\"790\" data-end=\"814\">Carpet composition<\/strong><\/p>\n<p data-start=\"816\" data-end=\"863\">Visit <strong data-start=\"819\" data-end=\"847\">mushroom playmat<\/strong> consists of :<\/p>\n<p data-start=\"865\" data-end=\"1093\">- \ud83d\udfe2 <strong data-start=\"870\" data-end=\"913\">A square rug in green fleece<\/strong>, mushroom motif<br data-start=\"932\" data-end=\"935\" \/>(one side plain dark green)<br data-start=\"961\" data-end=\"964\" \/>- \ud83c\udf3f <strong data-start=\"969\" data-end=\"1007\">An arch covered in green fabric<\/strong><br data-start=\"1007\" data-end=\"1010\" \/>- \ud83c\udf43 <strong data-start=\"1015\" data-end=\"1050\">4 transparent green sheets<\/strong> suspended<br data-start=\"1061\" data-end=\"1064\" \/>- \ud83c\udf44 <strong data-start=\"1069\" data-end=\"1093\">1 central mushroom<\/strong><\/p>\n<p data-start=\"1095\" data-end=\"1147\">\ud83d\udc49 <strong data-start=\"1098\" data-end=\"1146\">Price corresponds to 1 complete playmat<\/strong>.<\/p>\n<hr data-start=\"1149\" data-end=\"1152\" \/>\n<p data-start=\"1154\" data-end=\"1177\">\ud83c\udfa8 <strong data-start=\"1157\" data-end=\"1177\">Personalization<\/strong><\/p>\n<p data-start=\"1179\" data-end=\"1299\">- You choose the color that suits you<br data-start=\"1225\" data-end=\"1228\" \/>- Can be modulated to suit your needs (within the limits of the model)<\/p>\n<hr data-start=\"1301\" data-end=\"1304\" \/>\n<p data-start=\"1306\" data-end=\"1334\">\u2728 <strong data-start=\"1308\" data-end=\"1334\">Handcrafted products<\/strong><\/p>\n<p data-start=\"1336\" data-end=\"1466\">- Handcrafted<br data-start=\"1360\" data-end=\"1363\" \/>- Slight variations in shape, color or finish may occur.<br data-start=\"1438\" data-end=\"1441\" \/>- Each piece is unique<\/p>\n<hr data-start=\"1468\" data-end=\"1471\" \/>\n<p data-start=\"1473\" data-end=\"1499\">\u23f3 <strong data-start=\"1475\" data-end=\"1499\">Manufacturing &amp; lead times<\/strong><\/p>\n<p data-start=\"1501\" data-end=\"1640\">\ud83d\udee0\ufe0f <strong data-start=\"1505\" data-end=\"1529\">Made to order<\/strong><br data-start=\"1529\" data-end=\"1532\" \/>Please note the deadlines indicated in the\u00a0<span style=\"font-size: 16px;\">: <\/span><a style=\"font-size: 16px;\" href=\"https:\/\/www.sunnyshop211.com\/en\/conditions-generales-de-ventes-et-delais-de-livraisons\/\">Terms and conditions of sale and delivery times.<\/a><\/p>\n<p data-start=\"1501\" data-end=\"1640\">.<\/p>\n<hr data-start=\"1642\" data-end=\"1645\" \/>\n<p data-start=\"1647\" data-end=\"1678\">\u26a0\ufe0f <strong data-start=\"1650\" data-end=\"1678\">Important information<\/strong><\/p>\n<p data-start=\"1680\" data-end=\"2025\">- <strong data-start=\"1682\" data-end=\"1709\">This is not a toy<\/strong><br data-start=\"1709\" data-end=\"1712\" \/>- Article for a <strong data-start=\"1735\" data-end=\"1770\">adult and collector audiences.<\/strong><br data-start=\"1770\" data-end=\"1773\" \/>- The photos are examples of decoration.<br data-start=\"1817\" data-end=\"1820\" \/>- <strong data-start=\"1822\" data-end=\"1849\">Only the carpet is sold<\/strong> (dolls and accessories not included).<br data-start=\"1885\" data-end=\"1888\" \/>- Compatible with my miniature furniture and accessories (sold separately).<br data-start=\"1963\" data-end=\"1966\" \/>- I am not responsible for any shipping damage.<\/p>\n<p data-start=\"2027\" data-end=\"2097\">\ud83d\udcf8 More photos and inspiration :<br data-start=\"2062\" data-end=\"2065\" \/>\ud83d\udc49 <strong data-start=\"2068\" data-end=\"2097\">Instagram: <a href=\"https:\/\/www.instagram.com\/sunnyshop211\/\">@sunnyshop211<\/a><\/strong><\/p>\n<p>&nbsp;<\/p>","protected":false},"excerpt":{"rendered":"<p>&nbsp;<\/p>\n<p>&nbsp;<\/p>\n<p>&nbsp;<\/p>\n<p>&nbsp;<\/p>","protected":false},"featured_media":44524,"comment_status":"open","ping_status":"closed","template":"","meta":{"_crdt_document":"","jetpack_post_was_ever_published":false,"jetpack_publicize_message":"","jetpack_publicize_feature_enabled":true,"jetpack_social_post_already_shared":true,"jetpack_social_options":{"image_generator_settings":{"template":"highway","default_image_id":0,"font":"","enabled":false},"version":2}},"product_brand":[],"product_cat":[667686969],"product_tag":[667681137,667681138,667681136,667681139,667681173,667681141,667681218,667681140],"class_list":{"0":"post-44863","1":"product","2":"type-product","3":"status-publish","4":"has-post-thumbnail","6":"product_cat-decoration","7":"product_tag-baby","8":"product_tag-bebe","9":"product_tag-bjd","10":"product_tag-lati-yellow","11":"product_tag-minifee","12":"product_tag-nappy-choo","13":"product_tag-portique","14":"product_tag-pukifee","15":"product_shipping_class-colissimo-5","16":"pa_couleur-gris","17":"pa_couleur-rose","19":"first","20":"instock","21":"taxable","22":"shipping-taxable","23":"purchasable","24":"product-type-simple"},"yoast_head":"<!-- This site is optimized with the Yoast SEO plugin v27.4 - https:\/\/yoast.com\/product\/yoast-seo-wordpress\/ -->\n<title>\ud83c\udf44 Tapis d\u2019\u00e9veil champignon miniature \u2013 Simulation b\u00e9b\u00e9 BJD -<\/title>\n<meta name=\"description\" content=\"\ud83c\udf44 Tapis d\u2019\u00e9veil champignon miniature \u2013 Simulation b\u00e9b\u00e9 BJD b\u00e9b\u00e9, reborn, pukifee, Nappy choo ou similaire. Id\u00e9al pour vos bjd baby ou reborn\" \/>\n<meta name=\"robots\" content=\"index, follow, max-snippet:-1, max-image-preview:large, max-video-preview:-1\" \/>\n<link rel=\"canonical\" href=\"https:\/\/www.sunnyshop211.com\/en\/product\/\ud83c\udf44-tapis-deveil-champignon-miniature-simulation-bebe-bjd\/\" \/>\n<meta property=\"og:locale\" content=\"en_US\" \/>\n<meta property=\"og:type\" content=\"article\" \/>\n<meta property=\"og:title\" content=\"\ud83c\udf44 Tapis d\u2019\u00e9veil champignon miniature \u2013 Simulation b\u00e9b\u00e9 BJD -\" \/>\n<meta property=\"og:description\" content=\"\ud83c\udf44 Tapis d\u2019\u00e9veil champignon miniature \u2013 Simulation b\u00e9b\u00e9 BJD b\u00e9b\u00e9, reborn, pukifee, Nappy choo ou similaire. Id\u00e9al pour vos bjd baby ou reborn\" \/>\n<meta property=\"og:url\" content=\"https:\/\/www.sunnyshop211.com\/en\/product\/\ud83c\udf44-tapis-deveil-champignon-miniature-simulation-bebe-bjd\/\" \/>\n<meta property=\"og:site_name\" content=\"Sunnyshop211 -Vente de dioramas, meubles, miniatures , bjd poup\u00e9es 1\/12 1\/8 1\/6 1\/4 1\/3\" \/>\n<meta property=\"article:publisher\" content=\"https:\/\/www.facebook.com\/sunnyshop211\/?ref=bookmarks\" \/>\n<meta property=\"article:modified_time\" content=\"2025-12-23T18:30:30+00:00\" \/>\n<meta property=\"og:image\" content=\"https:\/\/www.sunnyshop211.com\/wp-content\/uploads\/2025\/01\/chambre-foret-5-scaled.jpg\" \/>\n\t<meta property=\"og:image:width\" content=\"2560\" \/>\n\t<meta property=\"og:image:height\" content=\"1707\" \/>\n\t<meta property=\"og:image:type\" content=\"image\/jpeg\" \/>\n<meta name=\"twitter:card\" content=\"summary_large_image\" \/>\n<meta name=\"twitter:site\" content=\"@sunnyshop211\" \/>\n<meta name=\"twitter:label1\" content=\"Est. reading time\" \/>\n\t<meta name=\"twitter:data1\" content=\"2 minutes\" \/>\n<script type=\"application\/ld+json\" class=\"yoast-schema-graph\">{\"@context\":\"https:\\\/\\\/schema.org\",\"@graph\":[{\"@type\":\"WebPage\",\"@id\":\"https:\\\/\\\/www.sunnyshop211.com\\\/produit\\\/%f0%9f%8d%84-tapis-deveil-champignon-miniature-simulation-bebe-bjd\\\/\",\"url\":\"https:\\\/\\\/www.sunnyshop211.com\\\/produit\\\/%f0%9f%8d%84-tapis-deveil-champignon-miniature-simulation-bebe-bjd\\\/\",\"name\":\"\ud83c\udf44 Tapis d\u2019\u00e9veil champignon miniature \u2013 Simulation b\u00e9b\u00e9 BJD -\",\"isPartOf\":{\"@id\":\"https:\\\/\\\/www.sunnyshop211.com\\\/#website\"},\"primaryImageOfPage\":{\"@id\":\"https:\\\/\\\/www.sunnyshop211.com\\\/produit\\\/%f0%9f%8d%84-tapis-deveil-champignon-miniature-simulation-bebe-bjd\\\/#primaryimage\"},\"image\":{\"@id\":\"https:\\\/\\\/www.sunnyshop211.com\\\/produit\\\/%f0%9f%8d%84-tapis-deveil-champignon-miniature-simulation-bebe-bjd\\\/#primaryimage\"},\"thumbnailUrl\":\"https:\\\/\\\/www.sunnyshop211.com\\\/wp-content\\\/uploads\\\/2025\\\/01\\\/chambre-foret-5-scaled.jpg\",\"datePublished\":\"2025-01-24T08:25:38+00:00\",\"dateModified\":\"2025-12-23T18:30:30+00:00\",\"description\":\"\ud83c\udf44 Tapis d\u2019\u00e9veil champignon miniature \u2013 Simulation b\u00e9b\u00e9 BJD b\u00e9b\u00e9, reborn, pukifee, Nappy choo ou similaire. Id\u00e9al pour vos bjd baby ou reborn\",\"breadcrumb\":{\"@id\":\"https:\\\/\\\/www.sunnyshop211.com\\\/produit\\\/%f0%9f%8d%84-tapis-deveil-champignon-miniature-simulation-bebe-bjd\\\/#breadcrumb\"},\"inLanguage\":\"en-US\",\"potentialAction\":[{\"@type\":\"ReadAction\",\"target\":[\"https:\\\/\\\/www.sunnyshop211.com\\\/produit\\\/%f0%9f%8d%84-tapis-deveil-champignon-miniature-simulation-bebe-bjd\\\/\"]}]},{\"@type\":\"ImageObject\",\"inLanguage\":\"en-US\",\"@id\":\"https:\\\/\\\/www.sunnyshop211.com\\\/produit\\\/%f0%9f%8d%84-tapis-deveil-champignon-miniature-simulation-bebe-bjd\\\/#primaryimage\",\"url\":\"https:\\\/\\\/www.sunnyshop211.com\\\/wp-content\\\/uploads\\\/2025\\\/01\\\/chambre-foret-5-scaled.jpg\",\"contentUrl\":\"https:\\\/\\\/www.sunnyshop211.com\\\/wp-content\\\/uploads\\\/2025\\\/01\\\/chambre-foret-5-scaled.jpg\",\"width\":2560,\"height\":1707,\"caption\":\"Tapis \u00e9veil champignon simulation bjd b\u00e9b\u00e9, reborn, pukifee, Nappy choo\"},{\"@type\":\"BreadcrumbList\",\"@id\":\"https:\\\/\\\/www.sunnyshop211.com\\\/produit\\\/%f0%9f%8d%84-tapis-deveil-champignon-miniature-simulation-bebe-bjd\\\/#breadcrumb\",\"itemListElement\":[{\"@type\":\"ListItem\",\"position\":1,\"name\":\"Accueil\",\"item\":\"https:\\\/\\\/www.sunnyshop211.com\\\/\"},{\"@type\":\"ListItem\",\"position\":2,\"name\":\"Boutique\",\"item\":\"https:\\\/\\\/www.sunnyshop211.com\\\/boutique-miniature-bjd-dolls\\\/\"},{\"@type\":\"ListItem\",\"position\":3,\"name\":\"\ud83c\udf44 Tapis d\u2019\u00e9veil champignon miniature \u2013 Simulation b\u00e9b\u00e9 BJD\"}]},{\"@type\":\"WebSite\",\"@id\":\"https:\\\/\\\/www.sunnyshop211.com\\\/#website\",\"url\":\"https:\\\/\\\/www.sunnyshop211.com\\\/\",\"name\":\"Vente de dioramas, meubles, miniatures , bjd poup\u00e9es 1\\\/12 1\\\/8 1\\\/6 1\\\/4 1\\\/3\",\"description\":\"Sunnyshop211 - Votre univers miniature pour poup\u00e9es et BJD, dioramas et meubles sur mesure !\",\"publisher\":{\"@id\":\"https:\\\/\\\/www.sunnyshop211.com\\\/#organization\"},\"alternateName\":\"sunnyshop211\",\"potentialAction\":[{\"@type\":\"SearchAction\",\"target\":{\"@type\":\"EntryPoint\",\"urlTemplate\":\"https:\\\/\\\/www.sunnyshop211.com\\\/?s={search_term_string}\"},\"query-input\":{\"@type\":\"PropertyValueSpecification\",\"valueRequired\":true,\"valueName\":\"search_term_string\"}}],\"inLanguage\":\"en-US\"},{\"@type\":\"Organization\",\"@id\":\"https:\\\/\\\/www.sunnyshop211.com\\\/#organization\",\"name\":\"sunnyshop211\",\"alternateName\":\"sunnyshop211 diorama bjd meuble miniature\",\"url\":\"https:\\\/\\\/www.sunnyshop211.com\\\/\",\"logo\":{\"@type\":\"ImageObject\",\"inLanguage\":\"en-US\",\"@id\":\"https:\\\/\\\/www.sunnyshop211.com\\\/#\\\/schema\\\/logo\\\/image\\\/\",\"url\":\"https:\\\/\\\/www.sunnyshop211.com\\\/wp-content\\\/uploads\\\/2022\\\/08\\\/cropped-cropped-cropped-Sunnyshop211-1.png\",\"contentUrl\":\"https:\\\/\\\/www.sunnyshop211.com\\\/wp-content\\\/uploads\\\/2022\\\/08\\\/cropped-cropped-cropped-Sunnyshop211-1.png\",\"width\":339,\"height\":339,\"caption\":\"sunnyshop211\"},\"image\":{\"@id\":\"https:\\\/\\\/www.sunnyshop211.com\\\/#\\\/schema\\\/logo\\\/image\\\/\"},\"sameAs\":[\"https:\\\/\\\/www.facebook.com\\\/sunnyshop211\\\/?ref=bookmarks\",\"https:\\\/\\\/x.com\\\/sunnyshop211\",\"https:\\\/\\\/www.instagram.com\\\/sunnyshop211\\\/\",\"https:\\\/\\\/www.tumblr.com\\\/blog\\\/sunnyshop211\",\"https:\\\/\\\/www.youtube.com\\\/channel\\\/UCtYY18OGGDKrTSzgcf7fCBg\",\"https:\\\/\\\/www.tiktok.com\\\/@sunnydollshop211?is_from_webapp=1&sender_device=pc\"]}]}<\/script>\n<!-- \/ Yoast SEO plugin. -->","yoast_head_json":{"title":"\ud83c\udf44 Miniature mushroom playmat - BJD baby simulation -","description":"\ud83c\udf44 Miniature mushroom playmat - Simulation baby BJD baby, reborn, pukifee, Nappy choo or similar. Ideal for your bjd baby or reborn.","robots":{"index":"index","follow":"follow","max-snippet":"max-snippet:-1","max-image-preview":"max-image-preview:large","max-video-preview":"max-video-preview:-1"},"canonical":"https:\/\/www.sunnyshop211.com\/en\/product\/\ud83c\udf44-tapis-deveil-champignon-miniature-simulation-bebe-bjd\/","og_locale":"en_US","og_type":"article","og_title":"\ud83c\udf44 Tapis d\u2019\u00e9veil champignon miniature \u2013 Simulation b\u00e9b\u00e9 BJD -","og_description":"\ud83c\udf44 Tapis d\u2019\u00e9veil champignon miniature \u2013 Simulation b\u00e9b\u00e9 BJD b\u00e9b\u00e9, reborn, pukifee, Nappy choo ou similaire. Id\u00e9al pour vos bjd baby ou reborn","og_url":"https:\/\/www.sunnyshop211.com\/en\/product\/\ud83c\udf44-tapis-deveil-champignon-miniature-simulation-bebe-bjd\/","og_site_name":"Sunnyshop211 -Vente de dioramas, meubles, miniatures , bjd poup\u00e9es 1\/12 1\/8 1\/6 1\/4 1\/3","article_publisher":"https:\/\/www.facebook.com\/sunnyshop211\/?ref=bookmarks","article_modified_time":"2025-12-23T18:30:30+00:00","og_image":[{"width":2560,"height":1707,"url":"https:\/\/www.sunnyshop211.com\/wp-content\/uploads\/2025\/01\/chambre-foret-5-scaled.jpg","type":"image\/jpeg"}],"twitter_card":"summary_large_image","twitter_site":"@sunnyshop211","twitter_misc":{"Est. reading time":"2 minutes"},"schema":{"@context":"https:\/\/schema.org","@graph":[{"@type":"WebPage","@id":"https:\/\/www.sunnyshop211.com\/produit\/%f0%9f%8d%84-tapis-deveil-champignon-miniature-simulation-bebe-bjd\/","url":"https:\/\/www.sunnyshop211.com\/produit\/%f0%9f%8d%84-tapis-deveil-champignon-miniature-simulation-bebe-bjd\/","name":"\ud83c\udf44 Miniature mushroom playmat - BJD baby simulation -","isPartOf":{"@id":"https:\/\/www.sunnyshop211.com\/#website"},"primaryImageOfPage":{"@id":"https:\/\/www.sunnyshop211.com\/produit\/%f0%9f%8d%84-tapis-deveil-champignon-miniature-simulation-bebe-bjd\/#primaryimage"},"image":{"@id":"https:\/\/www.sunnyshop211.com\/produit\/%f0%9f%8d%84-tapis-deveil-champignon-miniature-simulation-bebe-bjd\/#primaryimage"},"thumbnailUrl":"https:\/\/www.sunnyshop211.com\/wp-content\/uploads\/2025\/01\/chambre-foret-5-scaled.jpg","datePublished":"2025-01-24T08:25:38+00:00","dateModified":"2025-12-23T18:30:30+00:00","description":"\ud83c\udf44 Miniature mushroom playmat - Simulation baby BJD baby, reborn, pukifee, Nappy choo or similar. Ideal for your bjd baby or reborn.","breadcrumb":{"@id":"https:\/\/www.sunnyshop211.com\/produit\/%f0%9f%8d%84-tapis-deveil-champignon-miniature-simulation-bebe-bjd\/#breadcrumb"},"inLanguage":"en-US","potentialAction":[{"@type":"ReadAction","target":["https:\/\/www.sunnyshop211.com\/produit\/%f0%9f%8d%84-tapis-deveil-champignon-miniature-simulation-bebe-bjd\/"]}]},{"@type":"ImageObject","inLanguage":"en-US","@id":"https:\/\/www.sunnyshop211.com\/produit\/%f0%9f%8d%84-tapis-deveil-champignon-miniature-simulation-bebe-bjd\/#primaryimage","url":"https:\/\/www.sunnyshop211.com\/wp-content\/uploads\/2025\/01\/chambre-foret-5-scaled.jpg","contentUrl":"https:\/\/www.sunnyshop211.com\/wp-content\/uploads\/2025\/01\/chambre-foret-5-scaled.jpg","width":2560,"height":1707,"caption":"Tapis \u00e9veil champignon simulation bjd b\u00e9b\u00e9, reborn, pukifee, Nappy choo"},{"@type":"BreadcrumbList","@id":"https:\/\/www.sunnyshop211.com\/produit\/%f0%9f%8d%84-tapis-deveil-champignon-miniature-simulation-bebe-bjd\/#breadcrumb","itemListElement":[{"@type":"ListItem","position":1,"name":"Accueil","item":"https:\/\/www.sunnyshop211.com\/"},{"@type":"ListItem","position":2,"name":"Boutique","item":"https:\/\/www.sunnyshop211.com\/boutique-miniature-bjd-dolls\/"},{"@type":"ListItem","position":3,"name":"\ud83c\udf44 Tapis d\u2019\u00e9veil champignon miniature \u2013 Simulation b\u00e9b\u00e9 BJD"}]},{"@type":"WebSite","@id":"https:\/\/www.sunnyshop211.com\/#website","url":"https:\/\/www.sunnyshop211.com\/","name":"Sale of dioramas, furniture, miniatures, bjd dolls 1\/12 1\/8 1\/6 1\/4 1\/3","description":"Sunnyshop211 - Your miniature world for dolls and BJDs, dioramas and custom-made furniture!","publisher":{"@id":"https:\/\/www.sunnyshop211.com\/#organization"},"alternateName":"sunnyshop211","potentialAction":[{"@type":"SearchAction","target":{"@type":"EntryPoint","urlTemplate":"https:\/\/www.sunnyshop211.com\/?s={search_term_string}"},"query-input":{"@type":"PropertyValueSpecification","valueRequired":true,"valueName":"search_term_string"}}],"inLanguage":"en-US"},{"@type":"Organization","@id":"https:\/\/www.sunnyshop211.com\/#organization","name":"sunnyshop211","alternateName":"sunnyshop211 diorama bjd meuble miniature","url":"https:\/\/www.sunnyshop211.com\/","logo":{"@type":"ImageObject","inLanguage":"en-US","@id":"https:\/\/www.sunnyshop211.com\/#\/schema\/logo\/image\/","url":"https:\/\/www.sunnyshop211.com\/wp-content\/uploads\/2022\/08\/cropped-cropped-cropped-Sunnyshop211-1.png","contentUrl":"https:\/\/www.sunnyshop211.com\/wp-content\/uploads\/2022\/08\/cropped-cropped-cropped-Sunnyshop211-1.png","width":339,"height":339,"caption":"sunnyshop211"},"image":{"@id":"https:\/\/www.sunnyshop211.com\/#\/schema\/logo\/image\/"},"sameAs":["https:\/\/www.facebook.com\/sunnyshop211\/?ref=bookmarks","https:\/\/x.com\/sunnyshop211","https:\/\/www.instagram.com\/sunnyshop211\/","https:\/\/www.tumblr.com\/blog\/sunnyshop211","https:\/\/www.youtube.com\/channel\/UCtYY18OGGDKrTSzgcf7fCBg","https:\/\/www.tiktok.com\/@sunnydollshop211?is_from_webapp=1&sender_device=pc"]}]}},"jetpack_publicize_connections":[],"jetpack_sharing_enabled":true,"_links":{"self":[{"href":"https:\/\/www.sunnyshop211.com\/en\/wp-json\/wp\/v2\/product\/44863","targetHints":{"allow":["GET"]}}],"collection":[{"href":"https:\/\/www.sunnyshop211.com\/en\/wp-json\/wp\/v2\/product"}],"about":[{"href":"https:\/\/www.sunnyshop211.com\/en\/wp-json\/wp\/v2\/types\/product"}],"replies":[{"embeddable":true,"href":"https:\/\/www.sunnyshop211.com\/en\/wp-json\/wp\/v2\/comments?post=44863"}],"version-history":[{"count":3,"href":"https:\/\/www.sunnyshop211.com\/en\/wp-json\/wp\/v2\/product\/44863\/revisions"}],"predecessor-version":[{"id":52537,"href":"https:\/\/www.sunnyshop211.com\/en\/wp-json\/wp\/v2\/product\/44863\/revisions\/52537"}],"wp:featuredmedia":[{"embeddable":true,"href":"https:\/\/www.sunnyshop211.com\/en\/wp-json\/wp\/v2\/media\/44524"}],"wp:attachment":[{"href":"https:\/\/www.sunnyshop211.com\/en\/wp-json\/wp\/v2\/media?parent=44863"}],"wp:term":[{"taxonomy":"product_brand","embeddable":true,"href":"https:\/\/www.sunnyshop211.com\/en\/wp-json\/wp\/v2\/product_brand?post=44863"},{"taxonomy":"product_cat","embeddable":true,"href":"https:\/\/www.sunnyshop211.com\/en\/wp-json\/wp\/v2\/product_cat?post=44863"},{"taxonomy":"product_tag","embeddable":true,"href":"https:\/\/www.sunnyshop211.com\/en\/wp-json\/wp\/v2\/product_tag?post=44863"}],"curies":[{"name":"wp","href":"https:\/\/api.w.org\/{rel}","templated":true}]}}