{"id":4476,"date":"2019-03-11T14:02:25","date_gmt":"2019-03-11T13:02:25","guid":{"rendered":"https:\/\/sunnyshop211.com\/?post_type=product&#038;p=4476"},"modified":"2025-12-27T12:21:31","modified_gmt":"2025-12-27T11:21:31","slug":"cygne-a-bascule-miniature-1-6-littlefee","status":"publish","type":"product","link":"https:\/\/www.sunnyshop211.com\/en\/product\/cygne-a-bascule-miniature-1-6-littlefee\/","title":{"rendered":"Miniature rocking swan 1\/6 littlefee"},"content":{"rendered":"<p>&nbsp;<\/p>\n<div id='gallery-1' class='gallery galleryid-4476 gallery-columns-3 gallery-size-thumbnail'><figure class='gallery-item'>\n\t\t\t<div class='gallery-icon landscape'>\n\t\t\t\t<a href='https:\/\/www.sunnyshop211.com\/en\/?attachment_id=29629'><img decoding=\"async\" width=\"150\" height=\"150\" src=\"https:\/\/www.sunnyshop211.com\/wp-content\/uploads\/2019\/01\/2-1-150x150.jpg\" class=\"attachment-thumbnail size-thumbnail\" alt=\"Cygne \u00e0 bascule miniature 1\/6\" srcset=\"https:\/\/www.sunnyshop211.com\/wp-content\/uploads\/2019\/01\/2-1-150x150.jpg 150w, https:\/\/www.sunnyshop211.com\/wp-content\/uploads\/2019\/01\/2-1-500x500.jpg 500w, https:\/\/www.sunnyshop211.com\/wp-content\/uploads\/2019\/01\/2-1-100x100.jpg 100w\" sizes=\"(max-width: 150px) 100vw, 150px\" \/><\/a>\n\t\t\t<\/div><\/figure><figure class='gallery-item'>\n\t\t\t<div class='gallery-icon landscape'>\n\t\t\t\t<a href='https:\/\/www.sunnyshop211.com\/en\/?attachment_id=29628'><img decoding=\"async\" width=\"150\" height=\"150\" src=\"https:\/\/www.sunnyshop211.com\/wp-content\/uploads\/2019\/01\/1-1-150x150.jpg\" class=\"attachment-thumbnail size-thumbnail\" alt=\"Lit b\u00e9b\u00e9 1\/4 bjd\" srcset=\"https:\/\/www.sunnyshop211.com\/wp-content\/uploads\/2019\/01\/1-1-150x150.jpg 150w, https:\/\/www.sunnyshop211.com\/wp-content\/uploads\/2019\/01\/1-1-500x500.jpg 500w, https:\/\/www.sunnyshop211.com\/wp-content\/uploads\/2019\/01\/1-1-100x100.jpg 100w\" sizes=\"(max-width: 150px) 100vw, 150px\" \/><\/a>\n\t\t\t<\/div><\/figure><figure class='gallery-item'>\n\t\t\t<div class='gallery-icon landscape'>\n\t\t\t\t<a href='https:\/\/www.sunnyshop211.com\/en\/?attachment_id=12213'><img decoding=\"async\" width=\"150\" height=\"150\" src=\"https:\/\/www.sunnyshop211.com\/wp-content\/uploads\/2020\/01\/1577801022311-248-scaled-150x150.jpg\" class=\"attachment-thumbnail size-thumbnail\" alt=\"Cygne \u00e0 bascule miniature 1\/6\" srcset=\"https:\/\/www.sunnyshop211.com\/wp-content\/uploads\/2020\/01\/1577801022311-248-scaled-150x150.jpg 150w, https:\/\/www.sunnyshop211.com\/wp-content\/uploads\/2020\/01\/1577801022311-248-scaled-500x500.jpg 500w, https:\/\/www.sunnyshop211.com\/wp-content\/uploads\/2020\/01\/1577801022311-248-100x100.jpg 100w\" sizes=\"(max-width: 150px) 100vw, 150px\" \/><\/a>\n\t\t\t<\/div><\/figure>\n\t\t<\/div>\n\n<h2 data-start=\"196\" data-end=\"230\">Miniature rocking swan 1\/6<\/h2>\n<p data-start=\"232\" data-end=\"279\">LittleFee - LittleFee Baby - similar sizes<\/p>\n<hr data-start=\"281\" data-end=\"284\" \/>\n<h3 data-start=\"286\" data-end=\"304\">\ud83e\udda2 Description<\/h3>\n<p data-start=\"306\" data-end=\"535\">This miniature rocking swan with <strong data-start=\"338\" data-end=\"345\">1\/6<\/strong> is ideal for accessorizing a miniature nursery with elegance and poetry.<br data-start=\"430\" data-end=\"433\" \/>Delicate and decorative, it adds a timelessly enchanting touch to your dioramas and stagings.<\/p>\n<hr data-start=\"537\" data-end=\"540\" \/>\n<h3 data-start=\"542\" data-end=\"562\">\ud83d\udc76 Compatibility<\/h3>\n<p data-start=\"564\" data-end=\"680\">Perfect for dolls at the <strong data-start=\"599\" data-end=\"606\">1\/6<\/strong> :<br data-start=\"608\" data-end=\"611\" \/>- LittleFee<br data-start=\"622\" data-end=\"625\" \/>- LittleFee Baby<br data-start=\"641\" data-end=\"644\" \/>- Other dolls of equivalent size<\/p>\n<hr data-start=\"682\" data-end=\"685\" \/>\n<h3 data-start=\"687\" data-end=\"704\">\ud83d\udccf Dimensions<\/h3>\n<p data-start=\"706\" data-end=\"771\">Height : <strong data-start=\"716\" data-end=\"725\">16 cm<\/strong><br data-start=\"725\" data-end=\"728\" \/>Width : <strong data-start=\"738\" data-end=\"746\">8 cm<\/strong><br data-start=\"746\" data-end=\"749\" \/>Length : <strong data-start=\"760\" data-end=\"771\">16.5 cm<\/strong><\/p>\n<hr data-start=\"773\" data-end=\"776\" \/>\n<h3 data-start=\"778\" data-end=\"793\">\ud83c\udfa8 Finish<\/h3>\n<p data-start=\"795\" data-end=\"872\">- Sold <strong data-start=\"803\" data-end=\"812\">painted<\/strong> (as shown in the photos)<br data-start=\"835\" data-end=\"838\" \/>- Ready to integrate into your scenes<\/p>\n<p data-start=\"874\" data-end=\"911\">\ud83d\udc49 Modulate as you wish<\/p>\n<hr data-start=\"913\" data-end=\"916\" \/>\n<h3 data-start=\"918\" data-end=\"947\">\ud83e\udeb5 Handcrafted<\/h3>\n<p data-start=\"949\" data-end=\"1163\">Made to order<br data-start=\"969\" data-end=\"972\" \/>Handcrafted :<br data-start=\"996\" data-end=\"999\" \/>slight variations in shape, color or finish may occur<br data-start=\"1075\" data-end=\"1078\" \/>Minor imperfections are part of the charm of handmade products.<\/p>\n<hr data-start=\"1165\" data-end=\"1168\" \/>\n<h3 data-start=\"1170\" data-end=\"1201\">\u2139\ufe0f Important information<\/h3>\n<p data-start=\"1203\" data-end=\"1703\">- The photos are examples of staging<br data-start=\"1250\" data-end=\"1253\" \/>\u2022 <strong data-start=\"1255\" data-end=\"1292\">Only the rocking swan is sold<\/strong> (doll not included)<br data-start=\"1313\" data-end=\"1316\" \/>- Compatible with my furniture sold separately in the store<br data-start=\"1380\" data-end=\"1383\" \/>- Other decorations are available in the store<br data-start=\"1441\" data-end=\"1444\" \/>- Please take into account manufacturing and delivery times (see General Sales Conditions).<br data-start=\"1546\" data-end=\"1549\" \/>\u2022 <strong data-start=\"1551\" data-end=\"1615\">This is not a toy - intended for an adult audience<\/strong><br data-start=\"1615\" data-end=\"1618\" \/>- I am not responsible for any damage in transit or during shipping.<\/p>\n<hr data-start=\"1705\" data-end=\"1708\" \/>\n<h3 data-start=\"1710\" data-end=\"1746\">\ud83d\udcf8 More photos &amp; inspiration<\/h3>\n<p data-start=\"1748\" data-end=\"1790\">\ud83d\udc49 <a class=\"decorated-link\" href=\"https:\/\/www.instagram.com\/sunnyshop211\/\" target=\"_new\" rel=\"noopener\" data-start=\"1751\" data-end=\"1790\">https:\/\/www.instagram.com\/sunnyshop211\/<\/a><\/p>\n<hr data-start=\"1792\" data-end=\"1795\" \/>\n<p data-start=\"1797\" data-end=\"1890\">\u2728 An elegant miniature rocking swan to enhance miniature 1\/6 children's rooms.<\/p>","protected":false},"excerpt":{"rendered":"<p>&nbsp; Cygne \u00e0 bascule miniature 1\/6 LittleFee \u2013 LittleFee Baby \u2013 tailles similaires \ud83e\udda2 Description Ce cygne \u00e0 bascule miniature au 1\/6 est id\u00e9al pour accessoiriser une chambre d\u2019enfant miniature avec \u00e9l\u00e9gance et po\u00e9sie.D\u00e9licat et d\u00e9coratif, il apporte une touche f\u00e9erique et intemporelle \u00e0 vos dioramas et mises en sc\u00e8ne. \ud83d\udc76 Compatibilit\u00e9 Convient parfaitement aux [&hellip;]<\/p>\n","protected":false},"featured_media":12213,"comment_status":"open","ping_status":"closed","template":"","meta":{"_crdt_document":"","jetpack_post_was_ever_published":false,"jetpack_publicize_message":"","jetpack_publicize_feature_enabled":true,"jetpack_social_post_already_shared":true,"jetpack_social_options":{"image_generator_settings":{"template":"highway","default_image_id":0,"font":"","enabled":false},"version":2}},"product_brand":[],"product_cat":[667686968],"product_tag":[667681137,667681138,667681136,667682262,667681139,667681426,667681173,667681141,667681218,667681140,667681324],"class_list":{"0":"post-4476","1":"product","2":"type-product","3":"status-publish","4":"has-post-thumbnail","6":"product_cat-doudous-jouets","7":"product_tag-baby","8":"product_tag-bebe","9":"product_tag-bjd","10":"product_tag-cigne-bascule","11":"product_tag-lati-yellow","12":"product_tag-littlefee","13":"product_tag-minifee","14":"product_tag-nappy-choo","15":"product_tag-portique","16":"product_tag-pukifee","17":"product_tag-rocking-chair","18":"product_shipping_class-lettre-suivie","20":"first","21":"instock","22":"taxable","23":"shipping-taxable","24":"purchasable","25":"product-type-simple"},"yoast_head":"<!-- This site is optimized with the Yoast SEO plugin v27.5 - https:\/\/yoast.com\/product\/yoast-seo-wordpress\/ -->\n<title>Cygne \u00e0 bascule miniature 1\/6 littlefee -<\/title>\n<meta name=\"description\" content=\"Cygne \u00e0 bascule miniature 1\/6 littlefee et littlefee baby. Ce cygne \u00e0 bascule accessoirisera vos chambre d&#039;enfants particuli\u00e8rement au 1\/6.\" \/>\n<meta name=\"robots\" content=\"index, follow, max-snippet:-1, max-image-preview:large, max-video-preview:-1\" \/>\n<link rel=\"canonical\" href=\"https:\/\/www.sunnyshop211.com\/en\/product\/cygne-a-bascule-miniature-1-6-littlefee\/\" \/>\n<meta property=\"og:locale\" content=\"en_US\" \/>\n<meta property=\"og:type\" content=\"article\" \/>\n<meta property=\"og:title\" content=\"Cygne \u00e0 bascule miniature 1\/6 littlefee -\" \/>\n<meta property=\"og:description\" content=\"Cygne \u00e0 bascule miniature 1\/6 littlefee et littlefee baby. Ce cygne \u00e0 bascule accessoirisera vos chambre d&#039;enfants particuli\u00e8rement au 1\/6.\" \/>\n<meta property=\"og:url\" content=\"https:\/\/www.sunnyshop211.com\/en\/product\/cygne-a-bascule-miniature-1-6-littlefee\/\" \/>\n<meta property=\"og:site_name\" content=\"Sunnyshop211 -Vente de dioramas, meubles, miniatures , bjd poup\u00e9es 1\/12 1\/8 1\/6 1\/4 1\/3\" \/>\n<meta property=\"article:publisher\" content=\"https:\/\/www.facebook.com\/sunnyshop211\/?ref=bookmarks\" \/>\n<meta property=\"article:modified_time\" content=\"2025-12-27T11:21:31+00:00\" \/>\n<meta property=\"og:image\" content=\"https:\/\/www.sunnyshop211.com\/wp-content\/uploads\/2020\/01\/1577801022311-248-scaled.jpg\" \/>\n\t<meta property=\"og:image:width\" content=\"2560\" \/>\n\t<meta property=\"og:image:height\" content=\"1473\" \/>\n\t<meta property=\"og:image:type\" content=\"image\/jpeg\" \/>\n<meta name=\"twitter:card\" content=\"summary_large_image\" \/>\n<meta name=\"twitter:site\" content=\"@sunnyshop211\" \/>\n<meta name=\"twitter:label1\" content=\"Est. reading time\" \/>\n\t<meta name=\"twitter:data1\" content=\"2 minutes\" \/>\n<script type=\"application\/ld+json\" class=\"yoast-schema-graph\">{\"@context\":\"https:\\\/\\\/schema.org\",\"@graph\":[{\"@type\":\"WebPage\",\"@id\":\"https:\\\/\\\/www.sunnyshop211.com\\\/produit\\\/cygne-a-bascule-miniature-1-6-littlefee\\\/\",\"url\":\"https:\\\/\\\/www.sunnyshop211.com\\\/produit\\\/cygne-a-bascule-miniature-1-6-littlefee\\\/\",\"name\":\"Cygne \u00e0 bascule miniature 1\\\/6 littlefee -\",\"isPartOf\":{\"@id\":\"https:\\\/\\\/www.sunnyshop211.com\\\/#website\"},\"primaryImageOfPage\":{\"@id\":\"https:\\\/\\\/www.sunnyshop211.com\\\/produit\\\/cygne-a-bascule-miniature-1-6-littlefee\\\/#primaryimage\"},\"image\":{\"@id\":\"https:\\\/\\\/www.sunnyshop211.com\\\/produit\\\/cygne-a-bascule-miniature-1-6-littlefee\\\/#primaryimage\"},\"thumbnailUrl\":\"https:\\\/\\\/www.sunnyshop211.com\\\/wp-content\\\/uploads\\\/2020\\\/01\\\/1577801022311-248-scaled.jpg\",\"datePublished\":\"2019-03-11T13:02:25+00:00\",\"dateModified\":\"2025-12-27T11:21:31+00:00\",\"description\":\"Cygne \u00e0 bascule miniature 1\\\/6 littlefee et littlefee baby. Ce cygne \u00e0 bascule accessoirisera vos chambre d'enfants particuli\u00e8rement au 1\\\/6.\",\"breadcrumb\":{\"@id\":\"https:\\\/\\\/www.sunnyshop211.com\\\/produit\\\/cygne-a-bascule-miniature-1-6-littlefee\\\/#breadcrumb\"},\"inLanguage\":\"en-US\",\"potentialAction\":[{\"@type\":\"ReadAction\",\"target\":[\"https:\\\/\\\/www.sunnyshop211.com\\\/produit\\\/cygne-a-bascule-miniature-1-6-littlefee\\\/\"]}]},{\"@type\":\"ImageObject\",\"inLanguage\":\"en-US\",\"@id\":\"https:\\\/\\\/www.sunnyshop211.com\\\/produit\\\/cygne-a-bascule-miniature-1-6-littlefee\\\/#primaryimage\",\"url\":\"https:\\\/\\\/www.sunnyshop211.com\\\/wp-content\\\/uploads\\\/2020\\\/01\\\/1577801022311-248-scaled.jpg\",\"contentUrl\":\"https:\\\/\\\/www.sunnyshop211.com\\\/wp-content\\\/uploads\\\/2020\\\/01\\\/1577801022311-248-scaled.jpg\",\"width\":2560,\"height\":1473,\"caption\":\"Cygne \u00e0 bascule miniature 1\\\/6\"},{\"@type\":\"BreadcrumbList\",\"@id\":\"https:\\\/\\\/www.sunnyshop211.com\\\/produit\\\/cygne-a-bascule-miniature-1-6-littlefee\\\/#breadcrumb\",\"itemListElement\":[{\"@type\":\"ListItem\",\"position\":1,\"name\":\"Accueil\",\"item\":\"https:\\\/\\\/www.sunnyshop211.com\\\/\"},{\"@type\":\"ListItem\",\"position\":2,\"name\":\"Boutique\",\"item\":\"https:\\\/\\\/www.sunnyshop211.com\\\/boutique-miniature-bjd-dolls\\\/\"},{\"@type\":\"ListItem\",\"position\":3,\"name\":\"Cygne \u00e0 bascule miniature 1\\\/6 littlefee\"}]},{\"@type\":\"WebSite\",\"@id\":\"https:\\\/\\\/www.sunnyshop211.com\\\/#website\",\"url\":\"https:\\\/\\\/www.sunnyshop211.com\\\/\",\"name\":\"Vente de dioramas, meubles, miniatures , bjd poup\u00e9es 1\\\/12 1\\\/8 1\\\/6 1\\\/4 1\\\/3\",\"description\":\"Sunnyshop211 - Votre univers miniature pour poup\u00e9es et BJD, dioramas et meubles sur mesure !\",\"publisher\":{\"@id\":\"https:\\\/\\\/www.sunnyshop211.com\\\/#organization\"},\"alternateName\":\"sunnyshop211\",\"potentialAction\":[{\"@type\":\"SearchAction\",\"target\":{\"@type\":\"EntryPoint\",\"urlTemplate\":\"https:\\\/\\\/www.sunnyshop211.com\\\/?s={search_term_string}\"},\"query-input\":{\"@type\":\"PropertyValueSpecification\",\"valueRequired\":true,\"valueName\":\"search_term_string\"}}],\"inLanguage\":\"en-US\"},{\"@type\":\"Organization\",\"@id\":\"https:\\\/\\\/www.sunnyshop211.com\\\/#organization\",\"name\":\"sunnyshop211\",\"alternateName\":\"sunnyshop211 diorama bjd meuble miniature\",\"url\":\"https:\\\/\\\/www.sunnyshop211.com\\\/\",\"logo\":{\"@type\":\"ImageObject\",\"inLanguage\":\"en-US\",\"@id\":\"https:\\\/\\\/www.sunnyshop211.com\\\/#\\\/schema\\\/logo\\\/image\\\/\",\"url\":\"https:\\\/\\\/www.sunnyshop211.com\\\/wp-content\\\/uploads\\\/2022\\\/08\\\/cropped-cropped-cropped-Sunnyshop211-1.png\",\"contentUrl\":\"https:\\\/\\\/www.sunnyshop211.com\\\/wp-content\\\/uploads\\\/2022\\\/08\\\/cropped-cropped-cropped-Sunnyshop211-1.png\",\"width\":339,\"height\":339,\"caption\":\"sunnyshop211\"},\"image\":{\"@id\":\"https:\\\/\\\/www.sunnyshop211.com\\\/#\\\/schema\\\/logo\\\/image\\\/\"},\"sameAs\":[\"https:\\\/\\\/www.facebook.com\\\/sunnyshop211\\\/?ref=bookmarks\",\"https:\\\/\\\/x.com\\\/sunnyshop211\",\"https:\\\/\\\/www.instagram.com\\\/sunnyshop211\\\/\",\"https:\\\/\\\/www.tumblr.com\\\/blog\\\/sunnyshop211\",\"https:\\\/\\\/www.youtube.com\\\/channel\\\/UCtYY18OGGDKrTSzgcf7fCBg\",\"https:\\\/\\\/www.tiktok.com\\\/@sunnydollshop211?is_from_webapp=1&sender_device=pc\"]}]}<\/script>\n<!-- \/ Yoast SEO plugin. -->","yoast_head_json":{"title":"Miniature rocking swan 1\/6 littlefee -","description":"Miniature rocking swan 1\/6 littlefee and littlefee baby. This rocking swan will accessorize your children's rooms, especially at 1\/6.","robots":{"index":"index","follow":"follow","max-snippet":"max-snippet:-1","max-image-preview":"max-image-preview:large","max-video-preview":"max-video-preview:-1"},"canonical":"https:\/\/www.sunnyshop211.com\/en\/product\/cygne-a-bascule-miniature-1-6-littlefee\/","og_locale":"en_US","og_type":"article","og_title":"Cygne \u00e0 bascule miniature 1\/6 littlefee -","og_description":"Cygne \u00e0 bascule miniature 1\/6 littlefee et littlefee baby. Ce cygne \u00e0 bascule accessoirisera vos chambre d'enfants particuli\u00e8rement au 1\/6.","og_url":"https:\/\/www.sunnyshop211.com\/en\/product\/cygne-a-bascule-miniature-1-6-littlefee\/","og_site_name":"Sunnyshop211 -Vente de dioramas, meubles, miniatures , bjd poup\u00e9es 1\/12 1\/8 1\/6 1\/4 1\/3","article_publisher":"https:\/\/www.facebook.com\/sunnyshop211\/?ref=bookmarks","article_modified_time":"2025-12-27T11:21:31+00:00","og_image":[{"width":2560,"height":1473,"url":"https:\/\/www.sunnyshop211.com\/wp-content\/uploads\/2020\/01\/1577801022311-248-scaled.jpg","type":"image\/jpeg"}],"twitter_card":"summary_large_image","twitter_site":"@sunnyshop211","twitter_misc":{"Est. reading time":"2 minutes"},"schema":{"@context":"https:\/\/schema.org","@graph":[{"@type":"WebPage","@id":"https:\/\/www.sunnyshop211.com\/produit\/cygne-a-bascule-miniature-1-6-littlefee\/","url":"https:\/\/www.sunnyshop211.com\/produit\/cygne-a-bascule-miniature-1-6-littlefee\/","name":"Miniature rocking swan 1\/6 littlefee -","isPartOf":{"@id":"https:\/\/www.sunnyshop211.com\/#website"},"primaryImageOfPage":{"@id":"https:\/\/www.sunnyshop211.com\/produit\/cygne-a-bascule-miniature-1-6-littlefee\/#primaryimage"},"image":{"@id":"https:\/\/www.sunnyshop211.com\/produit\/cygne-a-bascule-miniature-1-6-littlefee\/#primaryimage"},"thumbnailUrl":"https:\/\/www.sunnyshop211.com\/wp-content\/uploads\/2020\/01\/1577801022311-248-scaled.jpg","datePublished":"2019-03-11T13:02:25+00:00","dateModified":"2025-12-27T11:21:31+00:00","description":"Miniature rocking swan 1\/6 littlefee and littlefee baby. This rocking swan will accessorize your children's rooms, especially at 1\/6.","breadcrumb":{"@id":"https:\/\/www.sunnyshop211.com\/produit\/cygne-a-bascule-miniature-1-6-littlefee\/#breadcrumb"},"inLanguage":"en-US","potentialAction":[{"@type":"ReadAction","target":["https:\/\/www.sunnyshop211.com\/produit\/cygne-a-bascule-miniature-1-6-littlefee\/"]}]},{"@type":"ImageObject","inLanguage":"en-US","@id":"https:\/\/www.sunnyshop211.com\/produit\/cygne-a-bascule-miniature-1-6-littlefee\/#primaryimage","url":"https:\/\/www.sunnyshop211.com\/wp-content\/uploads\/2020\/01\/1577801022311-248-scaled.jpg","contentUrl":"https:\/\/www.sunnyshop211.com\/wp-content\/uploads\/2020\/01\/1577801022311-248-scaled.jpg","width":2560,"height":1473,"caption":"Cygne \u00e0 bascule miniature 1\/6"},{"@type":"BreadcrumbList","@id":"https:\/\/www.sunnyshop211.com\/produit\/cygne-a-bascule-miniature-1-6-littlefee\/#breadcrumb","itemListElement":[{"@type":"ListItem","position":1,"name":"Accueil","item":"https:\/\/www.sunnyshop211.com\/"},{"@type":"ListItem","position":2,"name":"Boutique","item":"https:\/\/www.sunnyshop211.com\/boutique-miniature-bjd-dolls\/"},{"@type":"ListItem","position":3,"name":"Cygne \u00e0 bascule miniature 1\/6 littlefee"}]},{"@type":"WebSite","@id":"https:\/\/www.sunnyshop211.com\/#website","url":"https:\/\/www.sunnyshop211.com\/","name":"Sale of dioramas, furniture, miniatures, bjd dolls 1\/12 1\/8 1\/6 1\/4 1\/3","description":"Sunnyshop211 - Your miniature world for dolls and BJDs, dioramas and custom-made furniture!","publisher":{"@id":"https:\/\/www.sunnyshop211.com\/#organization"},"alternateName":"sunnyshop211","potentialAction":[{"@type":"SearchAction","target":{"@type":"EntryPoint","urlTemplate":"https:\/\/www.sunnyshop211.com\/?s={search_term_string}"},"query-input":{"@type":"PropertyValueSpecification","valueRequired":true,"valueName":"search_term_string"}}],"inLanguage":"en-US"},{"@type":"Organization","@id":"https:\/\/www.sunnyshop211.com\/#organization","name":"sunnyshop211","alternateName":"sunnyshop211 diorama bjd meuble miniature","url":"https:\/\/www.sunnyshop211.com\/","logo":{"@type":"ImageObject","inLanguage":"en-US","@id":"https:\/\/www.sunnyshop211.com\/#\/schema\/logo\/image\/","url":"https:\/\/www.sunnyshop211.com\/wp-content\/uploads\/2022\/08\/cropped-cropped-cropped-Sunnyshop211-1.png","contentUrl":"https:\/\/www.sunnyshop211.com\/wp-content\/uploads\/2022\/08\/cropped-cropped-cropped-Sunnyshop211-1.png","width":339,"height":339,"caption":"sunnyshop211"},"image":{"@id":"https:\/\/www.sunnyshop211.com\/#\/schema\/logo\/image\/"},"sameAs":["https:\/\/www.facebook.com\/sunnyshop211\/?ref=bookmarks","https:\/\/x.com\/sunnyshop211","https:\/\/www.instagram.com\/sunnyshop211\/","https:\/\/www.tumblr.com\/blog\/sunnyshop211","https:\/\/www.youtube.com\/channel\/UCtYY18OGGDKrTSzgcf7fCBg","https:\/\/www.tiktok.com\/@sunnydollshop211?is_from_webapp=1&sender_device=pc"]}]}},"jetpack_publicize_connections":[],"jetpack_sharing_enabled":true,"_links":{"self":[{"href":"https:\/\/www.sunnyshop211.com\/en\/wp-json\/wp\/v2\/product\/4476","targetHints":{"allow":["GET"]}}],"collection":[{"href":"https:\/\/www.sunnyshop211.com\/en\/wp-json\/wp\/v2\/product"}],"about":[{"href":"https:\/\/www.sunnyshop211.com\/en\/wp-json\/wp\/v2\/types\/product"}],"replies":[{"embeddable":true,"href":"https:\/\/www.sunnyshop211.com\/en\/wp-json\/wp\/v2\/comments?post=4476"}],"version-history":[{"count":9,"href":"https:\/\/www.sunnyshop211.com\/en\/wp-json\/wp\/v2\/product\/4476\/revisions"}],"predecessor-version":[{"id":53074,"href":"https:\/\/www.sunnyshop211.com\/en\/wp-json\/wp\/v2\/product\/4476\/revisions\/53074"}],"wp:featuredmedia":[{"embeddable":true,"href":"https:\/\/www.sunnyshop211.com\/en\/wp-json\/wp\/v2\/media\/12213"}],"wp:attachment":[{"href":"https:\/\/www.sunnyshop211.com\/en\/wp-json\/wp\/v2\/media?parent=4476"}],"wp:term":[{"taxonomy":"product_brand","embeddable":true,"href":"https:\/\/www.sunnyshop211.com\/en\/wp-json\/wp\/v2\/product_brand?post=4476"},{"taxonomy":"product_cat","embeddable":true,"href":"https:\/\/www.sunnyshop211.com\/en\/wp-json\/wp\/v2\/product_cat?post=4476"},{"taxonomy":"product_tag","embeddable":true,"href":"https:\/\/www.sunnyshop211.com\/en\/wp-json\/wp\/v2\/product_tag?post=4476"}],"curies":[{"name":"wp","href":"https:\/\/api.w.org\/{rel}","templated":true}]}}