{"id":44660,"date":"2025-01-19T17:41:03","date_gmt":"2025-01-19T16:41:03","guid":{"rendered":"https:\/\/www.sunnyshop211.com\/?post_type=product&#038;p=44660"},"modified":"2025-12-24T15:43:44","modified_gmt":"2025-12-24T14:43:44","slug":"stickers-theme-foret-decoration-miniature-pour-diorama","status":"publish","type":"product","link":"https:\/\/www.sunnyshop211.com\/en\/product\/stickers-theme-foret-decoration-miniature-pour-diorama\/","title":{"rendered":"Forest-themed stickers - miniature decoration for dioramas"},"content":{"rendered":"<div id='gallery-1' class='gallery galleryid-44660 gallery-columns-3 gallery-size-thumbnail'><figure class='gallery-item'>\n\t\t\t<div class='gallery-icon portrait'>\n\t\t\t\t<a href='https:\/\/www.sunnyshop211.com\/en\/?attachment_id=44556'><img decoding=\"async\" width=\"150\" height=\"150\" src=\"https:\/\/www.sunnyshop211.com\/wp-content\/uploads\/2025\/01\/chambre-foret-31-150x150.jpg\" class=\"attachment-thumbnail size-thumbnail\" alt=\"Stickers th\u00e8me for\u00eat miniature diorama\" srcset=\"https:\/\/www.sunnyshop211.com\/wp-content\/uploads\/2025\/01\/chambre-foret-31-150x150.jpg 150w, https:\/\/www.sunnyshop211.com\/wp-content\/uploads\/2025\/01\/chambre-foret-31-500x500.jpg 500w, https:\/\/www.sunnyshop211.com\/wp-content\/uploads\/2025\/01\/chambre-foret-31-100x100.jpg 100w\" sizes=\"(max-width: 150px) 100vw, 150px\" \/><\/a>\n\t\t\t<\/div><\/figure><figure class='gallery-item'>\n\t\t\t<div class='gallery-icon landscape'>\n\t\t\t\t<a href='https:\/\/www.sunnyshop211.com\/en\/?attachment_id=44561'><img decoding=\"async\" width=\"150\" height=\"150\" src=\"https:\/\/www.sunnyshop211.com\/wp-content\/uploads\/2025\/01\/chambre-foret-36-150x150.jpg\" class=\"attachment-thumbnail size-thumbnail\" alt=\"\" srcset=\"https:\/\/www.sunnyshop211.com\/wp-content\/uploads\/2025\/01\/chambre-foret-36-150x150.jpg 150w, https:\/\/www.sunnyshop211.com\/wp-content\/uploads\/2025\/01\/chambre-foret-36-500x500.jpg 500w, https:\/\/www.sunnyshop211.com\/wp-content\/uploads\/2025\/01\/chambre-foret-36-100x100.jpg 100w\" sizes=\"(max-width: 150px) 100vw, 150px\" \/><\/a>\n\t\t\t<\/div><\/figure><figure class='gallery-item'>\n\t\t\t<div class='gallery-icon landscape'>\n\t\t\t\t<a href='https:\/\/www.sunnyshop211.com\/en\/?attachment_id=44548'><img decoding=\"async\" width=\"150\" height=\"150\" src=\"https:\/\/www.sunnyshop211.com\/wp-content\/uploads\/2025\/01\/chambre-foret-29-150x150.jpg\" class=\"attachment-thumbnail size-thumbnail\" alt=\"Stickers th\u00e8me for\u00eat miniature diorama\" srcset=\"https:\/\/www.sunnyshop211.com\/wp-content\/uploads\/2025\/01\/chambre-foret-29-150x150.jpg 150w, https:\/\/www.sunnyshop211.com\/wp-content\/uploads\/2025\/01\/chambre-foret-29-500x500.jpg 500w, https:\/\/www.sunnyshop211.com\/wp-content\/uploads\/2025\/01\/chambre-foret-29-100x100.jpg 100w\" sizes=\"(max-width: 150px) 100vw, 150px\" \/><\/a>\n\t\t\t<\/div><\/figure><figure class='gallery-item'>\n\t\t\t<div class='gallery-icon landscape'>\n\t\t\t\t<a href='https:\/\/www.sunnyshop211.com\/en\/?attachment_id=44547'><img loading=\"lazy\" decoding=\"async\" width=\"150\" height=\"150\" src=\"https:\/\/www.sunnyshop211.com\/wp-content\/uploads\/2025\/01\/chambre-foret-28-150x150.jpg\" class=\"attachment-thumbnail size-thumbnail\" alt=\"\" srcset=\"https:\/\/www.sunnyshop211.com\/wp-content\/uploads\/2025\/01\/chambre-foret-28-150x150.jpg 150w, https:\/\/www.sunnyshop211.com\/wp-content\/uploads\/2025\/01\/chambre-foret-28-500x500.jpg 500w, https:\/\/www.sunnyshop211.com\/wp-content\/uploads\/2025\/01\/chambre-foret-28-100x100.jpg 100w\" sizes=\"(max-width: 150px) 100vw, 150px\" \/><\/a>\n\t\t\t<\/div><\/figure><figure class='gallery-item'>\n\t\t\t<div class='gallery-icon portrait'>\n\t\t\t\t<a href='https:\/\/www.sunnyshop211.com\/en\/?attachment_id=44544'><img loading=\"lazy\" decoding=\"async\" width=\"150\" height=\"150\" src=\"https:\/\/www.sunnyshop211.com\/wp-content\/uploads\/2025\/01\/chambre-foret-25-150x150.jpg\" class=\"attachment-thumbnail size-thumbnail\" alt=\"Stickers th\u00e8me for\u00eat miniature diorama\" srcset=\"https:\/\/www.sunnyshop211.com\/wp-content\/uploads\/2025\/01\/chambre-foret-25-150x150.jpg 150w, https:\/\/www.sunnyshop211.com\/wp-content\/uploads\/2025\/01\/chambre-foret-25-500x500.jpg 500w, https:\/\/www.sunnyshop211.com\/wp-content\/uploads\/2025\/01\/chambre-foret-25-100x100.jpg 100w\" sizes=\"(max-width: 150px) 100vw, 150px\" \/><\/a>\n\t\t\t<\/div><\/figure><figure class='gallery-item'>\n\t\t\t<div class='gallery-icon portrait'>\n\t\t\t\t<a href='https:\/\/www.sunnyshop211.com\/en\/?attachment_id=44545'><img loading=\"lazy\" decoding=\"async\" width=\"150\" height=\"150\" src=\"https:\/\/www.sunnyshop211.com\/wp-content\/uploads\/2025\/01\/chambre-foret-26-150x150.jpg\" class=\"attachment-thumbnail size-thumbnail\" alt=\"Stickers th\u00e8me for\u00eat miniature diorama\" srcset=\"https:\/\/www.sunnyshop211.com\/wp-content\/uploads\/2025\/01\/chambre-foret-26-150x150.jpg 150w, https:\/\/www.sunnyshop211.com\/wp-content\/uploads\/2025\/01\/chambre-foret-26-500x500.jpg 500w, https:\/\/www.sunnyshop211.com\/wp-content\/uploads\/2025\/01\/chambre-foret-26-100x100.jpg 100w\" sizes=\"(max-width: 150px) 100vw, 150px\" \/><\/a>\n\t\t\t<\/div><\/figure>\n\t\t<\/div>\n\n<h2 data-start=\"42\" data-end=\"105\"><strong data-start=\"45\" data-end=\"105\">Forest-themed stickers - miniature decoration for dioramas<\/strong><\/h2>\n<p data-start=\"107\" data-end=\"404\">Bring a <strong data-start=\"120\" data-end=\"161\">soft, natural, fairytale atmosphere<\/strong> to your dioramas with these <strong data-start=\"189\" data-end=\"213\">forest-themed stickers<\/strong> specially designed to decorate <strong data-start=\"251\" data-end=\"282\">miniature chamber walls<\/strong> \ud83e\udd8a\ud83c\udf44<br data-start=\"287\" data-end=\"290\" \/>They are suitable for dolls from <strong data-start=\"319\" data-end=\"337\">all sizes<\/strong> Barbie, Pukifee, Stodoll, Obitsu 11, Minifee, MSD and others.<\/p>\n<hr data-start=\"406\" data-end=\"409\" \/>\n<h3 data-start=\"411\" data-end=\"430\">\ud83d\uddbc\ufe0f Use<\/h3>\n<ul data-start=\"431\" data-end=\"662\">\n<li data-start=\"431\" data-end=\"495\">\n<p data-start=\"433\" data-end=\"495\">Stickers <strong data-start=\"442\" data-end=\"479\">for gluing directly to walls<\/strong> your dioramas<\/p>\n<\/li>\n<li data-start=\"496\" data-end=\"587\">\n<p data-start=\"498\" data-end=\"587\">\u26a0\ufe0f <strong data-start=\"501\" data-end=\"530\">Smooth surface mandatory<\/strong> (will not stick to rough or grainy surfaces)<\/p>\n<\/li>\n<li data-start=\"588\" data-end=\"662\">\n<p data-start=\"590\" data-end=\"662\">Perfect for baby rooms, forest scenes, fairytale or nature scenes<\/p>\n<\/li>\n<\/ul>\n<hr data-start=\"664\" data-end=\"667\" \/>\n<h3 data-start=\"669\" data-end=\"695\">\ud83c\udf43 Available models<\/h3>\n<p data-start=\"696\" data-end=\"754\">Choose the model that suits your world:<\/p>\n<ul data-start=\"756\" data-end=\"1069\">\n<li data-start=\"756\" data-end=\"811\">\n<p data-start=\"758\" data-end=\"811\">\ud83d\udc2d <strong data-start=\"761\" data-end=\"787\">Mouse with mushroom<\/strong> 9 cm (W) \u00d7 8 cm (H)<\/p>\n<\/li>\n<li data-start=\"812\" data-end=\"861\">\n<p data-start=\"814\" data-end=\"861\">\ud83d\udc30 <strong data-start=\"817\" data-end=\"837\">Mushroom rabbit<\/strong> 9 cm (W) \u00d7 8 cm (H)<\/p>\n<\/li>\n<li data-start=\"862\" data-end=\"903\">\n<p data-start=\"864\" data-end=\"903\">\ud83e\udd8a <strong data-start=\"867\" data-end=\"878\">Foxes<\/strong> 13 cm (W) \u00d7 8 cm (H)<\/p>\n<\/li>\n<li data-start=\"904\" data-end=\"960\">\n<p data-start=\"906\" data-end=\"960\">\ud83e\udd8c <strong data-start=\"909\" data-end=\"932\">Doe with her baby<\/strong> 12.5 cm (W) \u00d7 10 cm (H)<\/p>\n<\/li>\n<li data-start=\"961\" data-end=\"1009\">\n<p data-start=\"963\" data-end=\"1009\">\ud83d\udc3f\ufe0f <strong data-start=\"967\" data-end=\"979\">Squirrel<\/strong> Dimensions: 10.5 cm (W) \u00d7 10.5 cm (H)<\/p>\n<\/li>\n<li data-start=\"1010\" data-end=\"1069\">\n<p data-start=\"1012\" data-end=\"1069\">\ud83c\udf3f <strong data-start=\"1015\" data-end=\"1041\">Set of small stickers<\/strong> between 2 and 4 cm high<\/p>\n<\/li>\n<\/ul>\n<hr data-start=\"1071\" data-end=\"1074\" \/>\n<h3 data-start=\"1076\" data-end=\"1094\">\ud83d\udecf\ufe0f To be combined<\/h3>\n<p data-start=\"1095\" data-end=\"1227\">The bed shown in some photos is available separately:<br data-start=\"1158\" data-end=\"1161\" \/>\ud83d\udc49 <em data-start=\"1164\" data-end=\"1225\">Miniature cot Pukifee, Lati Yellow, Obitsu 11, Stodoll<\/em><\/p>\n<p data-start=\"1229\" data-end=\"1352\">Other wall decorations and accessories <strong data-start=\"1273\" data-end=\"1288\">forest theme<\/strong> are available in the store to complete your scenes \ud83c\udf33\u2728<\/p>\n<hr data-start=\"1354\" data-end=\"1357\" \/>\n<h3 data-start=\"1359\" data-end=\"1389\">\ud83d\udd90\ufe0f Craft manufacturing<\/h3>\n<ul data-start=\"1390\" data-end=\"1561\">\n<li data-start=\"1390\" data-end=\"1417\">\n<p data-start=\"1392\" data-end=\"1417\">Realized <strong data-start=\"1401\" data-end=\"1417\">to order<\/strong><\/p>\n<\/li>\n<li data-start=\"1418\" data-end=\"1480\">\n<p data-start=\"1420\" data-end=\"1480\">Slight variations in shape or color may occur.<\/p>\n<\/li>\n<li data-start=\"1481\" data-end=\"1561\">\n<p data-start=\"1483\" data-end=\"1561\">Minor imperfections may occur, but they are part of the handcrafted charm of our products.<\/p>\n<\/li>\n<\/ul>\n<hr data-start=\"1563\" data-end=\"1566\" \/>\n<h3 data-start=\"1568\" data-end=\"1581\">\ud83d\udcf8 Photos<\/h3>\n<ul data-start=\"1582\" data-end=\"1760\">\n<li data-start=\"1582\" data-end=\"1633\">\n<p data-start=\"1584\" data-end=\"1633\">The photos are <strong data-start=\"1604\" data-end=\"1633\">examples of staging<\/strong><\/p>\n<\/li>\n<li data-start=\"1634\" data-end=\"1673\">\n<p data-start=\"1636\" data-end=\"1673\">\ud83d\udc49 <strong data-start=\"1639\" data-end=\"1673\">Only stickers are sold<\/strong><\/p>\n<\/li>\n<li data-start=\"1674\" data-end=\"1760\">\n<p data-start=\"1676\" data-end=\"1760\">For more photos and inspiration:<br data-start=\"1715\" data-end=\"1718\" \/>\ud83d\udc49 <a class=\"decorated-link\" href=\"https:\/\/www.instagram.com\/sunnyshop211\/\" target=\"_new\" rel=\"noopener\" data-start=\"1721\" data-end=\"1760\">https:\/\/www.instagram.com\/sunnyshop211\/<\/a><\/p>\n<\/li>\n<\/ul>\n<hr data-start=\"1762\" data-end=\"1765\" \/>\n<h3 data-start=\"1767\" data-end=\"1779\">\u23f3 Deadlines<\/h3>\n<p data-start=\"1780\" data-end=\"1901\">Please note <strong data-start=\"1806\" data-end=\"1847\">manufacturing and delivery times<\/strong>, indicated in the <a href=\"https:\/\/www.sunnyshop211.com\/en\/conditions-generales-de-ventes-et-delais-de-livraisons\/\"><strong data-start=\"1867\" data-end=\"1900\">Terms &amp; Conditions<\/strong>.<\/a><\/p>\n<hr data-start=\"1903\" data-end=\"1906\" \/>\n<h3 data-start=\"1908\" data-end=\"1939\">\u26a0\ufe0f Important information<\/h3>\n<ul data-start=\"1940\" data-end=\"2096\">\n<li data-start=\"1940\" data-end=\"1971\">\n<p data-start=\"1942\" data-end=\"1971\">\u274c <strong data-start=\"1944\" data-end=\"1971\">This is not a toy<\/strong><\/p>\n<\/li>\n<li data-start=\"1972\" data-end=\"2025\">\n<p data-start=\"1974\" data-end=\"2025\">Article for a <strong data-start=\"1995\" data-end=\"2025\">adult audience \/ collection<\/strong><\/p>\n<\/li>\n<li data-start=\"2026\" data-end=\"2096\">\n<p data-start=\"2028\" data-end=\"2096\">\ud83d\ude9a I am not responsible for any transport damage<\/p>\n<\/li>\n<\/ul>","protected":false},"excerpt":{"rendered":"<p>Stickers th\u00e8me for\u00eat \u2013 d\u00e9coration miniature pour diorama Apportez une ambiance douce, naturelle et f\u00e9erique \u00e0 vos dioramas gr\u00e2ce \u00e0 ces stickers th\u00e8me for\u00eat sp\u00e9cialement pens\u00e9s pour d\u00e9corer les murs de chambres miniatures \ud83e\udd8a\ud83c\udf44Ils conviennent aux dolls de toutes tailles : Barbie, Pukifee, Stodoll, Obitsu 11, Minifee, MSD et similaires. \ud83d\uddbc\ufe0f Utilisation Stickers \u00e0 coller [&hellip;]<\/p>\n","protected":false},"featured_media":44556,"comment_status":"open","ping_status":"closed","template":"","meta":{"_crdt_document":"","jetpack_post_was_ever_published":false,"jetpack_publicize_message":"","jetpack_publicize_feature_enabled":true,"jetpack_social_post_already_shared":true,"jetpack_social_options":{"image_generator_settings":{"template":"highway","default_image_id":0,"font":"","enabled":false},"version":2}},"product_brand":[],"product_cat":[667686969],"product_tag":[667681137,667681138,667681136,667682262,667681139,667681426,667681173,667681141,667681218,667681140,667681324],"class_list":{"0":"post-44660","1":"product","2":"type-product","3":"status-publish","4":"has-post-thumbnail","6":"product_cat-decoration","7":"product_tag-baby","8":"product_tag-bebe","9":"product_tag-bjd","10":"product_tag-cigne-bascule","11":"product_tag-lati-yellow","12":"product_tag-littlefee","13":"product_tag-minifee","14":"product_tag-nappy-choo","15":"product_tag-portique","16":"product_tag-pukifee","17":"product_tag-rocking-chair","18":"product_shipping_class-lettre-suivie-3","20":"first","21":"instock","22":"taxable","23":"shipping-taxable","24":"purchasable","25":"product-type-variable"},"yoast_head":"<!-- This site is optimized with the Yoast SEO plugin v27.5 - https:\/\/yoast.com\/product\/yoast-seo-wordpress\/ -->\n<title>Stickers th\u00e8me for\u00eat \u2013 d\u00e9coration miniature pour diorama -<\/title>\n<meta name=\"description\" content=\"Stickers th\u00e8me for\u00eat \u2013 d\u00e9coration miniature pour diorama Pour d\u00e9corer vos chambres miniature Barbie, pukifee, stodoll, obitsu 11, minifee...\" \/>\n<meta name=\"robots\" content=\"index, follow, max-snippet:-1, max-image-preview:large, max-video-preview:-1\" \/>\n<link rel=\"canonical\" href=\"https:\/\/www.sunnyshop211.com\/en\/product\/stickers-theme-foret-decoration-miniature-pour-diorama\/\" \/>\n<meta property=\"og:locale\" content=\"en_US\" \/>\n<meta property=\"og:type\" content=\"article\" \/>\n<meta property=\"og:title\" content=\"Stickers th\u00e8me for\u00eat \u2013 d\u00e9coration miniature pour diorama -\" \/>\n<meta property=\"og:description\" content=\"Miniature lit \u00e9volutif obitsu 11, stodoll . parfait pour compl\u00e9ter vos chambre d&#039;enfant\/ b\u00e9b\u00e9s pour vos poup\u00e9es de 10\/ 12 cm comme stodoll, obitsu 11\" \/>\n<meta property=\"og:url\" content=\"https:\/\/www.sunnyshop211.com\/en\/product\/stickers-theme-foret-decoration-miniature-pour-diorama\/\" \/>\n<meta property=\"og:site_name\" content=\"Sunnyshop211 -Vente de dioramas, meubles, miniatures , bjd poup\u00e9es 1\/12 1\/8 1\/6 1\/4 1\/3\" \/>\n<meta property=\"article:publisher\" content=\"https:\/\/www.facebook.com\/sunnyshop211\/?ref=bookmarks\" \/>\n<meta property=\"article:modified_time\" content=\"2025-12-24T14:43:44+00:00\" \/>\n<meta property=\"og:image\" content=\"https:\/\/www.sunnyshop211.com\/wp-content\/uploads\/2025\/01\/chambre-foret-31-scaled.jpg\" \/>\n\t<meta property=\"og:image:width\" content=\"1844\" \/>\n\t<meta property=\"og:image:height\" content=\"2560\" \/>\n\t<meta property=\"og:image:type\" content=\"image\/jpeg\" \/>\n<meta name=\"twitter:card\" content=\"summary_large_image\" \/>\n<meta name=\"twitter:site\" content=\"@sunnyshop211\" \/>\n<meta name=\"twitter:label1\" content=\"Est. reading time\" \/>\n\t<meta name=\"twitter:data1\" content=\"2 minutes\" \/>\n<script type=\"application\/ld+json\" class=\"yoast-schema-graph\">{\"@context\":\"https:\\\/\\\/schema.org\",\"@graph\":[{\"@type\":\"WebPage\",\"@id\":\"https:\\\/\\\/www.sunnyshop211.com\\\/produit\\\/stickers-theme-foret-decoration-miniature-pour-diorama\\\/\",\"url\":\"https:\\\/\\\/www.sunnyshop211.com\\\/produit\\\/stickers-theme-foret-decoration-miniature-pour-diorama\\\/\",\"name\":\"Stickers th\u00e8me for\u00eat \u2013 d\u00e9coration miniature pour diorama -\",\"isPartOf\":{\"@id\":\"https:\\\/\\\/www.sunnyshop211.com\\\/#website\"},\"primaryImageOfPage\":{\"@id\":\"https:\\\/\\\/www.sunnyshop211.com\\\/produit\\\/stickers-theme-foret-decoration-miniature-pour-diorama\\\/#primaryimage\"},\"image\":{\"@id\":\"https:\\\/\\\/www.sunnyshop211.com\\\/produit\\\/stickers-theme-foret-decoration-miniature-pour-diorama\\\/#primaryimage\"},\"thumbnailUrl\":\"https:\\\/\\\/www.sunnyshop211.com\\\/wp-content\\\/uploads\\\/2025\\\/01\\\/chambre-foret-31-scaled.jpg\",\"datePublished\":\"2025-01-19T16:41:03+00:00\",\"dateModified\":\"2025-12-24T14:43:44+00:00\",\"description\":\"Stickers th\u00e8me for\u00eat \u2013 d\u00e9coration miniature pour diorama Pour d\u00e9corer vos chambres miniature Barbie, pukifee, stodoll, obitsu 11, minifee...\",\"breadcrumb\":{\"@id\":\"https:\\\/\\\/www.sunnyshop211.com\\\/produit\\\/stickers-theme-foret-decoration-miniature-pour-diorama\\\/#breadcrumb\"},\"inLanguage\":\"en-US\",\"potentialAction\":[{\"@type\":\"ReadAction\",\"target\":[\"https:\\\/\\\/www.sunnyshop211.com\\\/produit\\\/stickers-theme-foret-decoration-miniature-pour-diorama\\\/\"]}]},{\"@type\":\"ImageObject\",\"inLanguage\":\"en-US\",\"@id\":\"https:\\\/\\\/www.sunnyshop211.com\\\/produit\\\/stickers-theme-foret-decoration-miniature-pour-diorama\\\/#primaryimage\",\"url\":\"https:\\\/\\\/www.sunnyshop211.com\\\/wp-content\\\/uploads\\\/2025\\\/01\\\/chambre-foret-31-scaled.jpg\",\"contentUrl\":\"https:\\\/\\\/www.sunnyshop211.com\\\/wp-content\\\/uploads\\\/2025\\\/01\\\/chambre-foret-31-scaled.jpg\",\"width\":1844,\"height\":2560,\"caption\":\"Stickers th\u00e8me for\u00eat miniature diorama\"},{\"@type\":\"BreadcrumbList\",\"@id\":\"https:\\\/\\\/www.sunnyshop211.com\\\/produit\\\/stickers-theme-foret-decoration-miniature-pour-diorama\\\/#breadcrumb\",\"itemListElement\":[{\"@type\":\"ListItem\",\"position\":1,\"name\":\"Accueil\",\"item\":\"https:\\\/\\\/www.sunnyshop211.com\\\/\"},{\"@type\":\"ListItem\",\"position\":2,\"name\":\"Boutique\",\"item\":\"https:\\\/\\\/www.sunnyshop211.com\\\/boutique-miniature-bjd-dolls\\\/\"},{\"@type\":\"ListItem\",\"position\":3,\"name\":\"Stickers th\u00e8me for\u00eat \u2013 d\u00e9coration miniature pour diorama\"}]},{\"@type\":\"WebSite\",\"@id\":\"https:\\\/\\\/www.sunnyshop211.com\\\/#website\",\"url\":\"https:\\\/\\\/www.sunnyshop211.com\\\/\",\"name\":\"Vente de dioramas, meubles, miniatures , bjd poup\u00e9es 1\\\/12 1\\\/8 1\\\/6 1\\\/4 1\\\/3\",\"description\":\"Sunnyshop211 - Votre univers miniature pour poup\u00e9es et BJD, dioramas et meubles sur mesure !\",\"publisher\":{\"@id\":\"https:\\\/\\\/www.sunnyshop211.com\\\/#organization\"},\"alternateName\":\"sunnyshop211\",\"potentialAction\":[{\"@type\":\"SearchAction\",\"target\":{\"@type\":\"EntryPoint\",\"urlTemplate\":\"https:\\\/\\\/www.sunnyshop211.com\\\/?s={search_term_string}\"},\"query-input\":{\"@type\":\"PropertyValueSpecification\",\"valueRequired\":true,\"valueName\":\"search_term_string\"}}],\"inLanguage\":\"en-US\"},{\"@type\":\"Organization\",\"@id\":\"https:\\\/\\\/www.sunnyshop211.com\\\/#organization\",\"name\":\"sunnyshop211\",\"alternateName\":\"sunnyshop211 diorama bjd meuble miniature\",\"url\":\"https:\\\/\\\/www.sunnyshop211.com\\\/\",\"logo\":{\"@type\":\"ImageObject\",\"inLanguage\":\"en-US\",\"@id\":\"https:\\\/\\\/www.sunnyshop211.com\\\/#\\\/schema\\\/logo\\\/image\\\/\",\"url\":\"https:\\\/\\\/www.sunnyshop211.com\\\/wp-content\\\/uploads\\\/2022\\\/08\\\/cropped-cropped-cropped-Sunnyshop211-1.png\",\"contentUrl\":\"https:\\\/\\\/www.sunnyshop211.com\\\/wp-content\\\/uploads\\\/2022\\\/08\\\/cropped-cropped-cropped-Sunnyshop211-1.png\",\"width\":339,\"height\":339,\"caption\":\"sunnyshop211\"},\"image\":{\"@id\":\"https:\\\/\\\/www.sunnyshop211.com\\\/#\\\/schema\\\/logo\\\/image\\\/\"},\"sameAs\":[\"https:\\\/\\\/www.facebook.com\\\/sunnyshop211\\\/?ref=bookmarks\",\"https:\\\/\\\/x.com\\\/sunnyshop211\",\"https:\\\/\\\/www.instagram.com\\\/sunnyshop211\\\/\",\"https:\\\/\\\/www.tumblr.com\\\/blog\\\/sunnyshop211\",\"https:\\\/\\\/www.youtube.com\\\/channel\\\/UCtYY18OGGDKrTSzgcf7fCBg\",\"https:\\\/\\\/www.tiktok.com\\\/@sunnydollshop211?is_from_webapp=1&sender_device=pc\"]}]}<\/script>\n<!-- \/ Yoast SEO plugin. -->","yoast_head_json":{"title":"Forest-themed stickers - Miniature decoration for diorama -","description":"Forest theme stickers - d\u00e9coration miniature pour diorama To decorate your miniature rooms Barbie, pukifee, stodoll, obitsu 11, minifee...","robots":{"index":"index","follow":"follow","max-snippet":"max-snippet:-1","max-image-preview":"max-image-preview:large","max-video-preview":"max-video-preview:-1"},"canonical":"https:\/\/www.sunnyshop211.com\/en\/product\/stickers-theme-foret-decoration-miniature-pour-diorama\/","og_locale":"en_US","og_type":"article","og_title":"Stickers th\u00e8me for\u00eat \u2013 d\u00e9coration miniature pour diorama -","og_description":"Miniature lit \u00e9volutif obitsu 11, stodoll . parfait pour compl\u00e9ter vos chambre d'enfant\/ b\u00e9b\u00e9s pour vos poup\u00e9es de 10\/ 12 cm comme stodoll, obitsu 11","og_url":"https:\/\/www.sunnyshop211.com\/en\/product\/stickers-theme-foret-decoration-miniature-pour-diorama\/","og_site_name":"Sunnyshop211 -Vente de dioramas, meubles, miniatures , bjd poup\u00e9es 1\/12 1\/8 1\/6 1\/4 1\/3","article_publisher":"https:\/\/www.facebook.com\/sunnyshop211\/?ref=bookmarks","article_modified_time":"2025-12-24T14:43:44+00:00","og_image":[{"width":1844,"height":2560,"url":"https:\/\/www.sunnyshop211.com\/wp-content\/uploads\/2025\/01\/chambre-foret-31-scaled.jpg","type":"image\/jpeg"}],"twitter_card":"summary_large_image","twitter_site":"@sunnyshop211","twitter_misc":{"Est. reading time":"2 minutes"},"schema":{"@context":"https:\/\/schema.org","@graph":[{"@type":"WebPage","@id":"https:\/\/www.sunnyshop211.com\/produit\/stickers-theme-foret-decoration-miniature-pour-diorama\/","url":"https:\/\/www.sunnyshop211.com\/produit\/stickers-theme-foret-decoration-miniature-pour-diorama\/","name":"Forest-themed stickers - Miniature decoration for diorama -","isPartOf":{"@id":"https:\/\/www.sunnyshop211.com\/#website"},"primaryImageOfPage":{"@id":"https:\/\/www.sunnyshop211.com\/produit\/stickers-theme-foret-decoration-miniature-pour-diorama\/#primaryimage"},"image":{"@id":"https:\/\/www.sunnyshop211.com\/produit\/stickers-theme-foret-decoration-miniature-pour-diorama\/#primaryimage"},"thumbnailUrl":"https:\/\/www.sunnyshop211.com\/wp-content\/uploads\/2025\/01\/chambre-foret-31-scaled.jpg","datePublished":"2025-01-19T16:41:03+00:00","dateModified":"2025-12-24T14:43:44+00:00","description":"Forest theme stickers - d\u00e9coration miniature pour diorama To decorate your miniature rooms Barbie, pukifee, stodoll, obitsu 11, minifee...","breadcrumb":{"@id":"https:\/\/www.sunnyshop211.com\/produit\/stickers-theme-foret-decoration-miniature-pour-diorama\/#breadcrumb"},"inLanguage":"en-US","potentialAction":[{"@type":"ReadAction","target":["https:\/\/www.sunnyshop211.com\/produit\/stickers-theme-foret-decoration-miniature-pour-diorama\/"]}]},{"@type":"ImageObject","inLanguage":"en-US","@id":"https:\/\/www.sunnyshop211.com\/produit\/stickers-theme-foret-decoration-miniature-pour-diorama\/#primaryimage","url":"https:\/\/www.sunnyshop211.com\/wp-content\/uploads\/2025\/01\/chambre-foret-31-scaled.jpg","contentUrl":"https:\/\/www.sunnyshop211.com\/wp-content\/uploads\/2025\/01\/chambre-foret-31-scaled.jpg","width":1844,"height":2560,"caption":"Stickers th\u00e8me for\u00eat miniature diorama"},{"@type":"BreadcrumbList","@id":"https:\/\/www.sunnyshop211.com\/produit\/stickers-theme-foret-decoration-miniature-pour-diorama\/#breadcrumb","itemListElement":[{"@type":"ListItem","position":1,"name":"Accueil","item":"https:\/\/www.sunnyshop211.com\/"},{"@type":"ListItem","position":2,"name":"Boutique","item":"https:\/\/www.sunnyshop211.com\/boutique-miniature-bjd-dolls\/"},{"@type":"ListItem","position":3,"name":"Stickers th\u00e8me for\u00eat \u2013 d\u00e9coration miniature pour diorama"}]},{"@type":"WebSite","@id":"https:\/\/www.sunnyshop211.com\/#website","url":"https:\/\/www.sunnyshop211.com\/","name":"Sale of dioramas, furniture, miniatures, bjd dolls 1\/12 1\/8 1\/6 1\/4 1\/3","description":"Sunnyshop211 - Your miniature world for dolls and BJDs, dioramas and custom-made furniture!","publisher":{"@id":"https:\/\/www.sunnyshop211.com\/#organization"},"alternateName":"sunnyshop211","potentialAction":[{"@type":"SearchAction","target":{"@type":"EntryPoint","urlTemplate":"https:\/\/www.sunnyshop211.com\/?s={search_term_string}"},"query-input":{"@type":"PropertyValueSpecification","valueRequired":true,"valueName":"search_term_string"}}],"inLanguage":"en-US"},{"@type":"Organization","@id":"https:\/\/www.sunnyshop211.com\/#organization","name":"sunnyshop211","alternateName":"sunnyshop211 diorama bjd meuble miniature","url":"https:\/\/www.sunnyshop211.com\/","logo":{"@type":"ImageObject","inLanguage":"en-US","@id":"https:\/\/www.sunnyshop211.com\/#\/schema\/logo\/image\/","url":"https:\/\/www.sunnyshop211.com\/wp-content\/uploads\/2022\/08\/cropped-cropped-cropped-Sunnyshop211-1.png","contentUrl":"https:\/\/www.sunnyshop211.com\/wp-content\/uploads\/2022\/08\/cropped-cropped-cropped-Sunnyshop211-1.png","width":339,"height":339,"caption":"sunnyshop211"},"image":{"@id":"https:\/\/www.sunnyshop211.com\/#\/schema\/logo\/image\/"},"sameAs":["https:\/\/www.facebook.com\/sunnyshop211\/?ref=bookmarks","https:\/\/x.com\/sunnyshop211","https:\/\/www.instagram.com\/sunnyshop211\/","https:\/\/www.tumblr.com\/blog\/sunnyshop211","https:\/\/www.youtube.com\/channel\/UCtYY18OGGDKrTSzgcf7fCBg","https:\/\/www.tiktok.com\/@sunnydollshop211?is_from_webapp=1&sender_device=pc"]}]}},"jetpack_publicize_connections":[],"jetpack_sharing_enabled":true,"_links":{"self":[{"href":"https:\/\/www.sunnyshop211.com\/en\/wp-json\/wp\/v2\/product\/44660","targetHints":{"allow":["GET"]}}],"collection":[{"href":"https:\/\/www.sunnyshop211.com\/en\/wp-json\/wp\/v2\/product"}],"about":[{"href":"https:\/\/www.sunnyshop211.com\/en\/wp-json\/wp\/v2\/types\/product"}],"replies":[{"embeddable":true,"href":"https:\/\/www.sunnyshop211.com\/en\/wp-json\/wp\/v2\/comments?post=44660"}],"version-history":[{"count":3,"href":"https:\/\/www.sunnyshop211.com\/en\/wp-json\/wp\/v2\/product\/44660\/revisions"}],"predecessor-version":[{"id":52635,"href":"https:\/\/www.sunnyshop211.com\/en\/wp-json\/wp\/v2\/product\/44660\/revisions\/52635"}],"wp:featuredmedia":[{"embeddable":true,"href":"https:\/\/www.sunnyshop211.com\/en\/wp-json\/wp\/v2\/media\/44556"}],"wp:attachment":[{"href":"https:\/\/www.sunnyshop211.com\/en\/wp-json\/wp\/v2\/media?parent=44660"}],"wp:term":[{"taxonomy":"product_brand","embeddable":true,"href":"https:\/\/www.sunnyshop211.com\/en\/wp-json\/wp\/v2\/product_brand?post=44660"},{"taxonomy":"product_cat","embeddable":true,"href":"https:\/\/www.sunnyshop211.com\/en\/wp-json\/wp\/v2\/product_cat?post=44660"},{"taxonomy":"product_tag","embeddable":true,"href":"https:\/\/www.sunnyshop211.com\/en\/wp-json\/wp\/v2\/product_tag?post=44660"}],"curies":[{"name":"wp","href":"https:\/\/api.w.org\/{rel}","templated":true}]}}