{"id":44084,"date":"2024-12-03T18:42:05","date_gmt":"2024-12-03T17:42:05","guid":{"rendered":"https:\/\/www.sunnyshop211.com\/?post_type=product&#038;p=44084"},"modified":"2025-12-31T15:20:33","modified_gmt":"2025-12-31T14:20:33","slug":"lampe-sur-pied-miniature-12-v-pour-eclairage-2","status":"publish","type":"product","link":"https:\/\/www.sunnyshop211.com\/en\/product\/lampe-sur-pied-miniature-12-v-pour-eclairage-2\/","title":{"rendered":"Miniature 12 v stand lamp for lighting"},"content":{"rendered":"<div id='gallery-1' class='gallery galleryid-44084 gallery-columns-3 gallery-size-thumbnail'><figure class='gallery-item'>\n\t\t\t<div class='gallery-icon landscape'>\n\t\t\t\t<a href='https:\/\/www.sunnyshop211.com\/en\/?attachment_id=44085'><img decoding=\"async\" width=\"150\" height=\"150\" src=\"https:\/\/www.sunnyshop211.com\/wp-content\/uploads\/2024\/12\/2439-150x150.jpg\" class=\"attachment-thumbnail size-thumbnail\" alt=\"Lampe sur pied miniature 12 v pour \u00e9clairage\" srcset=\"https:\/\/www.sunnyshop211.com\/wp-content\/uploads\/2024\/12\/2439-150x150.jpg 150w, https:\/\/www.sunnyshop211.com\/wp-content\/uploads\/2024\/12\/2439-500x500.jpg 500w, https:\/\/www.sunnyshop211.com\/wp-content\/uploads\/2024\/12\/2439-768x768.jpg 768w, https:\/\/www.sunnyshop211.com\/wp-content\/uploads\/2024\/12\/2439-12x12.jpg 12w, https:\/\/www.sunnyshop211.com\/wp-content\/uploads\/2024\/12\/2439-60x60.jpg 60w, https:\/\/www.sunnyshop211.com\/wp-content\/uploads\/2024\/12\/2439-110x110.jpg 110w, https:\/\/www.sunnyshop211.com\/wp-content\/uploads\/2024\/12\/2439-100x100.jpg 100w, https:\/\/www.sunnyshop211.com\/wp-content\/uploads\/2024\/12\/2439.jpg 800w\" sizes=\"(max-width: 150px) 100vw, 150px\" \/><\/a>\n\t\t\t<\/div><\/figure>\n\t\t<\/div>\n\n<h2 data-start=\"105\" data-end=\"138\">Miniature stand lamp - 12V<\/h2>\n<p data-start=\"140\" data-end=\"160\">\u2500\u2500\u2500\u2500\u2500\u2500\u2500\u2500\u2500\u2500\u2500\u2500\u2500\u2500\u2500\u2500\u2500\u2500\u2500\u2500<\/p>\n<h3 data-start=\"162\" data-end=\"179\">\u2728 Description<\/h3>\n<p data-start=\"181\" data-end=\"324\">This 12V miniature floor lamp is ideal for illuminating dioramas and adding a realistic lighting effect to your miniature scenes.<\/p>\n<p data-start=\"326\" data-end=\"392\">Perfect for small sets and dolls.<\/p>\n<p data-start=\"394\" data-end=\"429\">\u2714 Fictional article.<br data-start=\"411\" data-end=\"414\" \/>\u2714 Sold alone.<\/p>\n<p data-start=\"431\" data-end=\"451\">\u2500\u2500\u2500\u2500\u2500\u2500\u2500\u2500\u2500\u2500\u2500\u2500\u2500\u2500\u2500\u2500\u2500\u2500\u2500\u2500<\/p>\n<h3 data-start=\"453\" data-end=\"474\">\ud83d\udca1 Operation<\/h3>\n<p data-start=\"476\" data-end=\"537\">This floor lamp requires a 9V battery adapter.<\/p>\n<p data-start=\"539\" data-end=\"682\">To use it, you'll need :<br data-start=\"572\" data-end=\"575\" \/>- A <a href=\"https:\/\/www.sunnyshop211.com\/en\/product\/adaptateur-pile-9v-avec-prise-femelle-pour-lampe-miniature\/\">9V battery adapter<\/a> with socket for miniature lamp.<br data-start=\"639\" data-end=\"642\" \/>- One 9-volt battery (not supplied).<\/p>\n<p data-start=\"684\" data-end=\"704\">\u2500\u2500\u2500\u2500\u2500\u2500\u2500\u2500\u2500\u2500\u2500\u2500\u2500\u2500\u2500\u2500\u2500\u2500\u2500\u2500<\/p>\n<h3 data-start=\"706\" data-end=\"723\">\ud83d\udccf Dimensions<\/h3>\n<p data-start=\"725\" data-end=\"745\">- Height: 11 cm.<\/p>\n<p data-start=\"747\" data-end=\"767\">\u2500\u2500\u2500\u2500\u2500\u2500\u2500\u2500\u2500\u2500\u2500\u2500\u2500\u2500\u2500\u2500\u2500\u2500\u2500\u2500<\/p>\n<h3 data-start=\"769\" data-end=\"789\">\ud83e\uddf8 Compatibility<\/h3>\n<p data-start=\"791\" data-end=\"856\">Ideal for dioramas and scale miniatures:<\/p>\n<p data-start=\"858\" data-end=\"876\">- 1\/12.<br data-start=\"865\" data-end=\"868\" \/>- 1\/8.<\/p>\n<p data-start=\"878\" data-end=\"945\">Compatible with a variety of miniature worlds and settings.<\/p>\n<p data-start=\"947\" data-end=\"967\">\u2500\u2500\u2500\u2500\u2500\u2500\u2500\u2500\u2500\u2500\u2500\u2500\u2500\u2500\u2500\u2500\u2500\u2500\u2500\u2500<\/p>\n<h3 data-start=\"969\" data-end=\"999\">\ud83d\udd90\ufe0f Craft manufacturing<\/h3>\n<p data-start=\"1001\" data-end=\"1051\">Each piece is handcrafted.<\/p>\n<p data-start=\"1053\" data-end=\"1209\">Because of its handmade character:<br data-start=\"1087\" data-end=\"1090\" \/>- slight variations in shape or color may occur.<br data-start=\"1156\" data-end=\"1159\" \/>- a few minor imperfections are possible.<\/p>\n<p data-start=\"1211\" data-end=\"1231\">\u2500\u2500\u2500\u2500\u2500\u2500\u2500\u2500\u2500\u2500\u2500\u2500\u2500\u2500\u2500\u2500\u2500\u2500\u2500\u2500<\/p>\n<h3 data-start=\"1233\" data-end=\"1264\">\ud83d\udce6 Important information<\/h3>\n<p data-start=\"1266\" data-end=\"1548\">- Made to order.<br data-start=\"1297\" data-end=\"1300\" \/>- All miniatures are available in the store.<br data-start=\"1358\" data-end=\"1361\" \/>- The visible diorama is sold separately.<br data-start=\"1403\" data-end=\"1406\" \/>- The photos are examples of staging.<br data-start=\"1454\" data-end=\"1457\" \/>- More photos available on Instagram :<br data-start=\"1501\" data-end=\"1504\" \/>\ud83d\udc49 <a class=\"decorated-link\" href=\"https:\/\/www.instagram.com\/sunnyshop211\/\" target=\"_new\" rel=\"noopener\" data-start=\"1507\" data-end=\"1546\">https:\/\/www.instagram.com\/sunnyshop211\/<\/a><\/p>\n<p data-start=\"1550\" data-end=\"1570\">\u2500\u2500\u2500\u2500\u2500\u2500\u2500\u2500\u2500\u2500\u2500\u2500\u2500\u2500\u2500\u2500\u2500\u2500\u2500\u2500<\/p>\n<h3 data-start=\"1572\" data-end=\"1595\">\u26a0\ufe0f Imprint<\/h3>\n<p data-start=\"1597\" data-end=\"1739\">!!!! This is not a toy, this article is intended for adults.<br data-start=\"1668\" data-end=\"1671\" \/>I am not responsible for any damage in transit.<\/p>\n<p>&nbsp;<\/p>\n<p>&nbsp;<\/p>\n<p>&nbsp;<\/p>","protected":false},"excerpt":{"rendered":"<p>Lampe sur pied miniature \u2013 12V \u2500\u2500\u2500\u2500\u2500\u2500\u2500\u2500\u2500\u2500\u2500\u2500\u2500\u2500\u2500\u2500\u2500\u2500\u2500\u2500 \u2728 Description Cette lampe sur pied miniature 12V est id\u00e9ale pour \u00e9clairer vos dioramas et apporter une ambiance lumineuse r\u00e9aliste \u00e0 vos sc\u00e8nes miniatures. Elle est parfaite pour les petits d\u00e9cors et les petites poup\u00e9es. \u2714 Article fictif.\u2714 Vendu seul. \u2500\u2500\u2500\u2500\u2500\u2500\u2500\u2500\u2500\u2500\u2500\u2500\u2500\u2500\u2500\u2500\u2500\u2500\u2500\u2500 \ud83d\udca1 Fonctionnement Cette lampe sur pied fonctionne [&hellip;]<\/p>\n","protected":false},"featured_media":44085,"comment_status":"open","ping_status":"closed","template":"","meta":{"_crdt_document":"","jetpack_post_was_ever_published":false,"jetpack_publicize_message":"","jetpack_publicize_feature_enabled":true,"jetpack_social_post_already_shared":true,"jetpack_social_options":{"image_generator_settings":{"template":"highway","default_image_id":0,"font":"","enabled":false},"version":2}},"product_brand":[],"product_cat":[667687029],"product_tag":[667681136,667681234,667681226,667681233,667685979,667681239,667681225,667681241,667681236,667681261,667681232,667681173,667681237,667685980,667681260],"class_list":{"0":"post-44084","1":"product","2":"type-product","3":"status-publish","4":"has-post-thumbnail","6":"product_cat-lampes-electricite","7":"product_tag-bjd","8":"product_tag-diorama","9":"product_tag-doll","10":"product_tag-dollhouse","11":"product_tag-escalier","12":"product_tag-fairyland","13":"product_tag-furniture","14":"product_tag-iplehouse","15":"product_tag-maison-de-poupee","16":"product_tag-meuble","17":"product_tag-miniature","18":"product_tag-minifee","19":"product_tag-msd","20":"product_tag-staircase","21":"product_tag-tonner","22":"product_shipping_class-colissimo-5","24":"first","25":"instock","26":"taxable","27":"shipping-taxable","28":"purchasable","29":"product-type-simple"},"yoast_head":"<!-- This site is optimized with the Yoast SEO plugin v27.4 - https:\/\/yoast.com\/product\/yoast-seo-wordpress\/ -->\n<title>Lampe sur pied miniature 12 v pour \u00e9clairage -<\/title>\n<meta name=\"description\" content=\"Lampe sur pied miniature 12 v pour \u00e9clairage cette lampe sur pied miniature de la marque Cr\u00e9al vous permettra d&#039; \u00e9clairer vos dioramas\" \/>\n<meta name=\"robots\" content=\"index, follow, max-snippet:-1, max-image-preview:large, max-video-preview:-1\" \/>\n<link rel=\"canonical\" href=\"https:\/\/www.sunnyshop211.com\/en\/product\/lampe-sur-pied-miniature-12-v-pour-eclairage-2\/\" \/>\n<meta property=\"og:locale\" content=\"en_US\" \/>\n<meta property=\"og:type\" content=\"article\" \/>\n<meta property=\"og:title\" content=\"Lampe sur pied miniature 12 v pour \u00e9clairage -\" \/>\n<meta property=\"og:description\" content=\"Bande LED autocollante 12 v pour \u00e9clairage miniaturecette bande de 6 LED autocollante de la marque Cr\u00e9al vous permettra d&#039; \u00e9clairer vos dioramas ou \u00e9tag\u00e8re\" \/>\n<meta property=\"og:url\" content=\"https:\/\/www.sunnyshop211.com\/en\/product\/lampe-sur-pied-miniature-12-v-pour-eclairage-2\/\" \/>\n<meta property=\"og:site_name\" content=\"Sunnyshop211 -Vente de dioramas, meubles, miniatures , bjd poup\u00e9es 1\/12 1\/8 1\/6 1\/4 1\/3\" \/>\n<meta property=\"article:publisher\" content=\"https:\/\/www.facebook.com\/sunnyshop211\/?ref=bookmarks\" \/>\n<meta property=\"article:modified_time\" content=\"2025-12-31T14:20:33+00:00\" \/>\n<meta property=\"og:image\" content=\"https:\/\/www.sunnyshop211.com\/wp-content\/uploads\/2024\/12\/2439.jpg\" \/>\n\t<meta property=\"og:image:width\" content=\"800\" \/>\n\t<meta property=\"og:image:height\" content=\"800\" \/>\n\t<meta property=\"og:image:type\" content=\"image\/jpeg\" \/>\n<meta name=\"twitter:card\" content=\"summary_large_image\" \/>\n<meta name=\"twitter:site\" content=\"@sunnyshop211\" \/>\n<meta name=\"twitter:label1\" content=\"Est. reading time\" \/>\n\t<meta name=\"twitter:data1\" content=\"2 minutes\" \/>\n<script type=\"application\/ld+json\" class=\"yoast-schema-graph\">{\"@context\":\"https:\\\/\\\/schema.org\",\"@graph\":[{\"@type\":\"WebPage\",\"@id\":\"https:\\\/\\\/www.sunnyshop211.com\\\/produit\\\/lampe-sur-pied-miniature-12-v-pour-eclairage-2\\\/\",\"url\":\"https:\\\/\\\/www.sunnyshop211.com\\\/produit\\\/lampe-sur-pied-miniature-12-v-pour-eclairage-2\\\/\",\"name\":\"Lampe sur pied miniature 12 v pour \u00e9clairage -\",\"isPartOf\":{\"@id\":\"https:\\\/\\\/www.sunnyshop211.com\\\/#website\"},\"primaryImageOfPage\":{\"@id\":\"https:\\\/\\\/www.sunnyshop211.com\\\/produit\\\/lampe-sur-pied-miniature-12-v-pour-eclairage-2\\\/#primaryimage\"},\"image\":{\"@id\":\"https:\\\/\\\/www.sunnyshop211.com\\\/produit\\\/lampe-sur-pied-miniature-12-v-pour-eclairage-2\\\/#primaryimage\"},\"thumbnailUrl\":\"https:\\\/\\\/www.sunnyshop211.com\\\/wp-content\\\/uploads\\\/2024\\\/12\\\/2439.jpg\",\"datePublished\":\"2024-12-03T17:42:05+00:00\",\"dateModified\":\"2025-12-31T14:20:33+00:00\",\"description\":\"Lampe sur pied miniature 12 v pour \u00e9clairage cette lampe sur pied miniature de la marque Cr\u00e9al vous permettra d' \u00e9clairer vos dioramas\",\"breadcrumb\":{\"@id\":\"https:\\\/\\\/www.sunnyshop211.com\\\/produit\\\/lampe-sur-pied-miniature-12-v-pour-eclairage-2\\\/#breadcrumb\"},\"inLanguage\":\"en-US\",\"potentialAction\":[{\"@type\":\"ReadAction\",\"target\":[\"https:\\\/\\\/www.sunnyshop211.com\\\/produit\\\/lampe-sur-pied-miniature-12-v-pour-eclairage-2\\\/\"]}]},{\"@type\":\"ImageObject\",\"inLanguage\":\"en-US\",\"@id\":\"https:\\\/\\\/www.sunnyshop211.com\\\/produit\\\/lampe-sur-pied-miniature-12-v-pour-eclairage-2\\\/#primaryimage\",\"url\":\"https:\\\/\\\/www.sunnyshop211.com\\\/wp-content\\\/uploads\\\/2024\\\/12\\\/2439.jpg\",\"contentUrl\":\"https:\\\/\\\/www.sunnyshop211.com\\\/wp-content\\\/uploads\\\/2024\\\/12\\\/2439.jpg\",\"width\":800,\"height\":800,\"caption\":\"Lampe sur pied miniature 12 v pour \u00e9clairage\"},{\"@type\":\"BreadcrumbList\",\"@id\":\"https:\\\/\\\/www.sunnyshop211.com\\\/produit\\\/lampe-sur-pied-miniature-12-v-pour-eclairage-2\\\/#breadcrumb\",\"itemListElement\":[{\"@type\":\"ListItem\",\"position\":1,\"name\":\"Accueil\",\"item\":\"https:\\\/\\\/www.sunnyshop211.com\\\/\"},{\"@type\":\"ListItem\",\"position\":2,\"name\":\"Boutique\",\"item\":\"https:\\\/\\\/www.sunnyshop211.com\\\/boutique-miniature-bjd-dolls\\\/\"},{\"@type\":\"ListItem\",\"position\":3,\"name\":\"Lampe sur pied miniature 12 v pour \u00e9clairage\"}]},{\"@type\":\"WebSite\",\"@id\":\"https:\\\/\\\/www.sunnyshop211.com\\\/#website\",\"url\":\"https:\\\/\\\/www.sunnyshop211.com\\\/\",\"name\":\"Vente de dioramas, meubles, miniatures , bjd poup\u00e9es 1\\\/12 1\\\/8 1\\\/6 1\\\/4 1\\\/3\",\"description\":\"Sunnyshop211 - Votre univers miniature pour poup\u00e9es et BJD, dioramas et meubles sur mesure !\",\"publisher\":{\"@id\":\"https:\\\/\\\/www.sunnyshop211.com\\\/#organization\"},\"alternateName\":\"sunnyshop211\",\"potentialAction\":[{\"@type\":\"SearchAction\",\"target\":{\"@type\":\"EntryPoint\",\"urlTemplate\":\"https:\\\/\\\/www.sunnyshop211.com\\\/?s={search_term_string}\"},\"query-input\":{\"@type\":\"PropertyValueSpecification\",\"valueRequired\":true,\"valueName\":\"search_term_string\"}}],\"inLanguage\":\"en-US\"},{\"@type\":\"Organization\",\"@id\":\"https:\\\/\\\/www.sunnyshop211.com\\\/#organization\",\"name\":\"sunnyshop211\",\"alternateName\":\"sunnyshop211 diorama bjd meuble miniature\",\"url\":\"https:\\\/\\\/www.sunnyshop211.com\\\/\",\"logo\":{\"@type\":\"ImageObject\",\"inLanguage\":\"en-US\",\"@id\":\"https:\\\/\\\/www.sunnyshop211.com\\\/#\\\/schema\\\/logo\\\/image\\\/\",\"url\":\"https:\\\/\\\/www.sunnyshop211.com\\\/wp-content\\\/uploads\\\/2022\\\/08\\\/cropped-cropped-cropped-Sunnyshop211-1.png\",\"contentUrl\":\"https:\\\/\\\/www.sunnyshop211.com\\\/wp-content\\\/uploads\\\/2022\\\/08\\\/cropped-cropped-cropped-Sunnyshop211-1.png\",\"width\":339,\"height\":339,\"caption\":\"sunnyshop211\"},\"image\":{\"@id\":\"https:\\\/\\\/www.sunnyshop211.com\\\/#\\\/schema\\\/logo\\\/image\\\/\"},\"sameAs\":[\"https:\\\/\\\/www.facebook.com\\\/sunnyshop211\\\/?ref=bookmarks\",\"https:\\\/\\\/x.com\\\/sunnyshop211\",\"https:\\\/\\\/www.instagram.com\\\/sunnyshop211\\\/\",\"https:\\\/\\\/www.tumblr.com\\\/blog\\\/sunnyshop211\",\"https:\\\/\\\/www.youtube.com\\\/channel\\\/UCtYY18OGGDKrTSzgcf7fCBg\",\"https:\\\/\\\/www.tiktok.com\\\/@sunnydollshop211?is_from_webapp=1&sender_device=pc\"]}]}<\/script>\n<!-- \/ Yoast SEO plugin. -->","yoast_head_json":{"title":"Miniature 12 v stand lamp for lighting -","description":"Miniature 12 v floor lamp for lighting this miniature floor lamp from Cr\u00e9al will enable you to light up your dioramas.","robots":{"index":"index","follow":"follow","max-snippet":"max-snippet:-1","max-image-preview":"max-image-preview:large","max-video-preview":"max-video-preview:-1"},"canonical":"https:\/\/www.sunnyshop211.com\/en\/product\/lampe-sur-pied-miniature-12-v-pour-eclairage-2\/","og_locale":"en_US","og_type":"article","og_title":"Lampe sur pied miniature 12 v pour \u00e9clairage -","og_description":"Bande LED autocollante 12 v pour \u00e9clairage miniaturecette bande de 6 LED autocollante de la marque Cr\u00e9al vous permettra d' \u00e9clairer vos dioramas ou \u00e9tag\u00e8re","og_url":"https:\/\/www.sunnyshop211.com\/en\/product\/lampe-sur-pied-miniature-12-v-pour-eclairage-2\/","og_site_name":"Sunnyshop211 -Vente de dioramas, meubles, miniatures , bjd poup\u00e9es 1\/12 1\/8 1\/6 1\/4 1\/3","article_publisher":"https:\/\/www.facebook.com\/sunnyshop211\/?ref=bookmarks","article_modified_time":"2025-12-31T14:20:33+00:00","og_image":[{"width":800,"height":800,"url":"https:\/\/www.sunnyshop211.com\/wp-content\/uploads\/2024\/12\/2439.jpg","type":"image\/jpeg"}],"twitter_card":"summary_large_image","twitter_site":"@sunnyshop211","twitter_misc":{"Est. reading time":"2 minutes"},"schema":{"@context":"https:\/\/schema.org","@graph":[{"@type":"WebPage","@id":"https:\/\/www.sunnyshop211.com\/produit\/lampe-sur-pied-miniature-12-v-pour-eclairage-2\/","url":"https:\/\/www.sunnyshop211.com\/produit\/lampe-sur-pied-miniature-12-v-pour-eclairage-2\/","name":"Miniature 12 v stand lamp for lighting -","isPartOf":{"@id":"https:\/\/www.sunnyshop211.com\/#website"},"primaryImageOfPage":{"@id":"https:\/\/www.sunnyshop211.com\/produit\/lampe-sur-pied-miniature-12-v-pour-eclairage-2\/#primaryimage"},"image":{"@id":"https:\/\/www.sunnyshop211.com\/produit\/lampe-sur-pied-miniature-12-v-pour-eclairage-2\/#primaryimage"},"thumbnailUrl":"https:\/\/www.sunnyshop211.com\/wp-content\/uploads\/2024\/12\/2439.jpg","datePublished":"2024-12-03T17:42:05+00:00","dateModified":"2025-12-31T14:20:33+00:00","description":"Miniature 12 v floor lamp for lighting this miniature floor lamp from Cr\u00e9al will enable you to light up your dioramas.","breadcrumb":{"@id":"https:\/\/www.sunnyshop211.com\/produit\/lampe-sur-pied-miniature-12-v-pour-eclairage-2\/#breadcrumb"},"inLanguage":"en-US","potentialAction":[{"@type":"ReadAction","target":["https:\/\/www.sunnyshop211.com\/produit\/lampe-sur-pied-miniature-12-v-pour-eclairage-2\/"]}]},{"@type":"ImageObject","inLanguage":"en-US","@id":"https:\/\/www.sunnyshop211.com\/produit\/lampe-sur-pied-miniature-12-v-pour-eclairage-2\/#primaryimage","url":"https:\/\/www.sunnyshop211.com\/wp-content\/uploads\/2024\/12\/2439.jpg","contentUrl":"https:\/\/www.sunnyshop211.com\/wp-content\/uploads\/2024\/12\/2439.jpg","width":800,"height":800,"caption":"Lampe sur pied miniature 12 v pour \u00e9clairage"},{"@type":"BreadcrumbList","@id":"https:\/\/www.sunnyshop211.com\/produit\/lampe-sur-pied-miniature-12-v-pour-eclairage-2\/#breadcrumb","itemListElement":[{"@type":"ListItem","position":1,"name":"Accueil","item":"https:\/\/www.sunnyshop211.com\/"},{"@type":"ListItem","position":2,"name":"Boutique","item":"https:\/\/www.sunnyshop211.com\/boutique-miniature-bjd-dolls\/"},{"@type":"ListItem","position":3,"name":"Lampe sur pied miniature 12 v pour \u00e9clairage"}]},{"@type":"WebSite","@id":"https:\/\/www.sunnyshop211.com\/#website","url":"https:\/\/www.sunnyshop211.com\/","name":"Sale of dioramas, furniture, miniatures, bjd dolls 1\/12 1\/8 1\/6 1\/4 1\/3","description":"Sunnyshop211 - Your miniature world for dolls and BJDs, dioramas and custom-made furniture!","publisher":{"@id":"https:\/\/www.sunnyshop211.com\/#organization"},"alternateName":"sunnyshop211","potentialAction":[{"@type":"SearchAction","target":{"@type":"EntryPoint","urlTemplate":"https:\/\/www.sunnyshop211.com\/?s={search_term_string}"},"query-input":{"@type":"PropertyValueSpecification","valueRequired":true,"valueName":"search_term_string"}}],"inLanguage":"en-US"},{"@type":"Organization","@id":"https:\/\/www.sunnyshop211.com\/#organization","name":"sunnyshop211","alternateName":"sunnyshop211 diorama bjd meuble miniature","url":"https:\/\/www.sunnyshop211.com\/","logo":{"@type":"ImageObject","inLanguage":"en-US","@id":"https:\/\/www.sunnyshop211.com\/#\/schema\/logo\/image\/","url":"https:\/\/www.sunnyshop211.com\/wp-content\/uploads\/2022\/08\/cropped-cropped-cropped-Sunnyshop211-1.png","contentUrl":"https:\/\/www.sunnyshop211.com\/wp-content\/uploads\/2022\/08\/cropped-cropped-cropped-Sunnyshop211-1.png","width":339,"height":339,"caption":"sunnyshop211"},"image":{"@id":"https:\/\/www.sunnyshop211.com\/#\/schema\/logo\/image\/"},"sameAs":["https:\/\/www.facebook.com\/sunnyshop211\/?ref=bookmarks","https:\/\/x.com\/sunnyshop211","https:\/\/www.instagram.com\/sunnyshop211\/","https:\/\/www.tumblr.com\/blog\/sunnyshop211","https:\/\/www.youtube.com\/channel\/UCtYY18OGGDKrTSzgcf7fCBg","https:\/\/www.tiktok.com\/@sunnydollshop211?is_from_webapp=1&sender_device=pc"]}]}},"jetpack_publicize_connections":[],"jetpack_sharing_enabled":true,"_links":{"self":[{"href":"https:\/\/www.sunnyshop211.com\/en\/wp-json\/wp\/v2\/product\/44084","targetHints":{"allow":["GET"]}}],"collection":[{"href":"https:\/\/www.sunnyshop211.com\/en\/wp-json\/wp\/v2\/product"}],"about":[{"href":"https:\/\/www.sunnyshop211.com\/en\/wp-json\/wp\/v2\/types\/product"}],"replies":[{"embeddable":true,"href":"https:\/\/www.sunnyshop211.com\/en\/wp-json\/wp\/v2\/comments?post=44084"}],"version-history":[{"count":3,"href":"https:\/\/www.sunnyshop211.com\/en\/wp-json\/wp\/v2\/product\/44084\/revisions"}],"predecessor-version":[{"id":53752,"href":"https:\/\/www.sunnyshop211.com\/en\/wp-json\/wp\/v2\/product\/44084\/revisions\/53752"}],"wp:featuredmedia":[{"embeddable":true,"href":"https:\/\/www.sunnyshop211.com\/en\/wp-json\/wp\/v2\/media\/44085"}],"wp:attachment":[{"href":"https:\/\/www.sunnyshop211.com\/en\/wp-json\/wp\/v2\/media?parent=44084"}],"wp:term":[{"taxonomy":"product_brand","embeddable":true,"href":"https:\/\/www.sunnyshop211.com\/en\/wp-json\/wp\/v2\/product_brand?post=44084"},{"taxonomy":"product_cat","embeddable":true,"href":"https:\/\/www.sunnyshop211.com\/en\/wp-json\/wp\/v2\/product_cat?post=44084"},{"taxonomy":"product_tag","embeddable":true,"href":"https:\/\/www.sunnyshop211.com\/en\/wp-json\/wp\/v2\/product_tag?post=44084"}],"curies":[{"name":"wp","href":"https:\/\/api.w.org\/{rel}","templated":true}]}}