{"id":43522,"date":"2024-10-29T20:00:23","date_gmt":"2024-10-29T19:00:23","guid":{"rendered":"https:\/\/www.sunnyshop211.com\/?post_type=product&#038;p=43522"},"modified":"2026-01-03T17:38:59","modified_gmt":"2026-01-03T16:38:59","slug":"lait-de-poule-miniature-diorama-msd-minifee","status":"publish","type":"product","link":"https:\/\/www.sunnyshop211.com\/en\/product\/lait-de-poule-miniature-diorama-msd-minifee\/","title":{"rendered":"Miniature eggnog diorama MSD minifee"},"content":{"rendered":"<div id='gallery-1' class='gallery galleryid-43522 gallery-columns-3 gallery-size-thumbnail'><figure class='gallery-item'>\n\t\t\t<div class='gallery-icon landscape'>\n\t\t\t\t<a href='https:\/\/www.sunnyshop211.com\/en\/?attachment_id=43462'><img decoding=\"async\" width=\"150\" height=\"150\" src=\"https:\/\/www.sunnyshop211.com\/wp-content\/uploads\/2024\/10\/12-1-150x150.jpg\" class=\"attachment-thumbnail size-thumbnail\" alt=\"Bonhomme pain \u00e9pice miniature 1\/4 diorama bjd minifee MSD\" srcset=\"https:\/\/www.sunnyshop211.com\/wp-content\/uploads\/2024\/10\/12-1-150x150.jpg 150w, https:\/\/www.sunnyshop211.com\/wp-content\/uploads\/2024\/10\/12-1-500x500.jpg 500w, https:\/\/www.sunnyshop211.com\/wp-content\/uploads\/2024\/10\/12-1-100x100.jpg 100w\" sizes=\"(max-width: 150px) 100vw, 150px\" \/><\/a>\n\t\t\t<\/div><\/figure><figure class='gallery-item'>\n\t\t\t<div class='gallery-icon landscape'>\n\t\t\t\t<a href='https:\/\/www.sunnyshop211.com\/en\/?attachment_id=43492'><img decoding=\"async\" width=\"150\" height=\"150\" src=\"https:\/\/www.sunnyshop211.com\/wp-content\/uploads\/2024\/10\/13-2-150x150.jpg\" class=\"attachment-thumbnail size-thumbnail\" alt=\"Lait de poule miniature diorama MSD minifee\" srcset=\"https:\/\/www.sunnyshop211.com\/wp-content\/uploads\/2024\/10\/13-2-150x150.jpg 150w, https:\/\/www.sunnyshop211.com\/wp-content\/uploads\/2024\/10\/13-2-500x500.jpg 500w, https:\/\/www.sunnyshop211.com\/wp-content\/uploads\/2024\/10\/13-2-100x100.jpg 100w\" sizes=\"(max-width: 150px) 100vw, 150px\" \/><\/a>\n\t\t\t<\/div><\/figure><figure class='gallery-item'>\n\t\t\t<div class='gallery-icon landscape'>\n\t\t\t\t<a href='https:\/\/www.sunnyshop211.com\/en\/?attachment_id=43493'><img decoding=\"async\" width=\"150\" height=\"150\" src=\"https:\/\/www.sunnyshop211.com\/wp-content\/uploads\/2024\/10\/14-2-150x150.jpg\" class=\"attachment-thumbnail size-thumbnail\" alt=\"Lait de poule miniature diorama MSD minifee\" srcset=\"https:\/\/www.sunnyshop211.com\/wp-content\/uploads\/2024\/10\/14-2-150x150.jpg 150w, https:\/\/www.sunnyshop211.com\/wp-content\/uploads\/2024\/10\/14-2-500x500.jpg 500w, https:\/\/www.sunnyshop211.com\/wp-content\/uploads\/2024\/10\/14-2-100x100.jpg 100w\" sizes=\"(max-width: 150px) 100vw, 150px\" \/><\/a>\n\t\t\t<\/div><\/figure><figure class='gallery-item'>\n\t\t\t<div class='gallery-icon portrait'>\n\t\t\t\t<a href='https:\/\/www.sunnyshop211.com\/en\/?attachment_id=43494'><img loading=\"lazy\" decoding=\"async\" width=\"150\" height=\"150\" src=\"https:\/\/www.sunnyshop211.com\/wp-content\/uploads\/2024\/10\/15-2-150x150.jpg\" class=\"attachment-thumbnail size-thumbnail\" alt=\"Lait de poule miniature diorama MSD minifee\" srcset=\"https:\/\/www.sunnyshop211.com\/wp-content\/uploads\/2024\/10\/15-2-150x150.jpg 150w, https:\/\/www.sunnyshop211.com\/wp-content\/uploads\/2024\/10\/15-2-500x500.jpg 500w, https:\/\/www.sunnyshop211.com\/wp-content\/uploads\/2024\/10\/15-2-100x100.jpg 100w\" sizes=\"(max-width: 150px) 100vw, 150px\" \/><\/a>\n\t\t\t<\/div><\/figure>\n\t\t<\/div>\n\n<h2 data-start=\"151\" data-end=\"207\"><strong data-start=\"151\" data-end=\"207\">Miniature Eggnog - 1\/4 - MSD - Minifee - Unoa<\/strong><\/h2>\n<p data-start=\"209\" data-end=\"229\">\u2500\u2500\u2500\u2500\u2500\u2500\u2500\u2500\u2500\u2500\u2500\u2500\u2500\u2500\u2500\u2500\u2500\u2500\u2500\u2500<\/p>\n<p data-start=\"231\" data-end=\"248\">\u2728 <strong data-start=\"233\" data-end=\"248\">Description<\/strong><\/p>\n<p data-start=\"250\" data-end=\"506\">This <strong data-start=\"253\" data-end=\"280\">miniature eggnog<\/strong> is the perfect complement to your <strong data-start=\"312\" data-end=\"352\">winter dioramas and Christmas scenes<\/strong>.<br data-start=\"353\" data-end=\"356\" \/>Ideal for a warm ambience, a festive tea party or a cocooning scene, it adds a gourmet, realistic touch to your 1\/4\" settings.<\/p>\n<p data-start=\"508\" data-end=\"587\">\u2714 Dummy food.<br data-start=\"529\" data-end=\"532\" \/>\u2714 Non-edible decorative element.<br data-start=\"567\" data-end=\"570\" \/>\u2714 Fictional article.<\/p>\n<p data-start=\"589\" data-end=\"609\">\u2500\u2500\u2500\u2500\u2500\u2500\u2500\u2500\u2500\u2500\u2500\u2500\u2500\u2500\u2500\u2500\u2500\u2500\u2500\u2500<\/p>\n<p data-start=\"611\" data-end=\"631\">\ud83e\uddf8 <strong data-start=\"614\" data-end=\"631\">Compatibility<\/strong><\/p>\n<p data-start=\"633\" data-end=\"670\">Compatible with the following dolls:<\/p>\n<p data-start=\"672\" data-end=\"741\">\u2022 <strong data-start=\"674\" data-end=\"681\">1\/4<\/strong> Minifee, MSD, Unoa or other dolls of equivalent size.<\/p>\n<p data-start=\"743\" data-end=\"883\">Compatible with furniture and accessories sold separately in the store <strong data-start=\"821\" data-end=\"837\">sunnyshop211<\/strong>.<br data-start=\"838\" data-end=\"841\" \/>Ideal for staging <strong data-start=\"872\" data-end=\"882\">1\/4<\/strong>.<\/p>\n<p data-start=\"885\" data-end=\"905\">\u2500\u2500\u2500\u2500\u2500\u2500\u2500\u2500\u2500\u2500\u2500\u2500\u2500\u2500\u2500\u2500\u2500\u2500\u2500\u2500<\/p>\n<p data-start=\"907\" data-end=\"924\">\ud83d\udccf <strong data-start=\"910\" data-end=\"924\">Dimensions<\/strong><\/p>\n<p data-start=\"926\" data-end=\"958\">\u2022 <strong data-start=\"928\" data-end=\"939\">Height<\/strong> : about <strong data-start=\"950\" data-end=\"958\">2 cm<\/strong><\/p>\n<p data-start=\"960\" data-end=\"980\">\u2500\u2500\u2500\u2500\u2500\u2500\u2500\u2500\u2500\u2500\u2500\u2500\u2500\u2500\u2500\u2500\u2500\u2500\u2500\u2500<\/p>\n<p data-start=\"982\" data-end=\"1012\">\ud83c\udfa8 <strong data-start=\"985\" data-end=\"1012\">Composition &amp; finishes<\/strong><\/p>\n<p data-start=\"1014\" data-end=\"1056\">Miniature eggnog consists of :<\/p>\n<p data-start=\"1058\" data-end=\"1241\">\u2022 <strong data-start=\"1060\" data-end=\"1086\">A transparent cup<\/strong>,<br data-start=\"1087\" data-end=\"1090\" \/>\u2022 <strong data-start=\"1092\" data-end=\"1127\">An eggnog simulation<\/strong>,<br data-start=\"1128\" data-end=\"1131\" \/>\u2022 <strong data-start=\"1133\" data-end=\"1160\">A cinnamon stick<\/strong>,<br data-start=\"1161\" data-end=\"1164\" \/>- Brown shades with details <strong data-start=\"1194\" data-end=\"1214\">white and red<\/strong> for a festive atmosphere.<\/p>\n<p data-start=\"1243\" data-end=\"1263\">\u2500\u2500\u2500\u2500\u2500\u2500\u2500\u2500\u2500\u2500\u2500\u2500\u2500\u2500\u2500\u2500\u2500\u2500\u2500\u2500<\/p>\n<p data-start=\"1265\" data-end=\"1294\">\ud83c\udf76 <strong data-start=\"1268\" data-end=\"1294\">Use &amp; ambience<\/strong><\/p>\n<p data-start=\"1296\" data-end=\"1411\">- Ideal for :<br data-start=\"1310\" data-end=\"1313\" \/>- Christmas scenes,<br data-start=\"1332\" data-end=\"1335\" \/>- miniature winter snacks,<br data-start=\"1366\" data-end=\"1369\" \/>- festive tables and gourmet dioramas.<\/p>\n<p data-start=\"1413\" data-end=\"1522\">- Perfectly matches the tableware and miniature pastries sold separately in the store.<\/p>\n<p data-start=\"1524\" data-end=\"1544\">\u2500\u2500\u2500\u2500\u2500\u2500\u2500\u2500\u2500\u2500\u2500\u2500\u2500\u2500\u2500\u2500\u2500\u2500\u2500\u2500<\/p>\n<h3 data-start=\"1546\" data-end=\"1576\">\ud83d\udd90\ufe0f <strong data-start=\"1550\" data-end=\"1576\">Handcrafted products<\/strong><\/h3>\n<p data-start=\"1578\" data-end=\"1626\">Each piece is handcrafted.<\/p>\n<p data-start=\"1628\" data-end=\"1782\">Because of its handmade character:<br data-start=\"1662\" data-end=\"1665\" \/>- slight variations in shape or color may occur,<br data-start=\"1731\" data-end=\"1734\" \/>- a few minor imperfections are possible.<\/p>\n<p data-start=\"1784\" data-end=\"1804\">\u2500\u2500\u2500\u2500\u2500\u2500\u2500\u2500\u2500\u2500\u2500\u2500\u2500\u2500\u2500\u2500\u2500\u2500\u2500\u2500<\/p>\n<p data-start=\"1806\" data-end=\"1837\">\ud83d\udce6 <strong data-start=\"1809\" data-end=\"1837\">Important information<\/strong><\/p>\n<p data-start=\"1839\" data-end=\"2182\">- Article <strong data-start=\"1849\" data-end=\"1873\">made to order<\/strong>.<br data-start=\"1874\" data-end=\"1877\" \/>- Please take into account manufacturing and delivery times (see General Sales Conditions and delivery times).<br data-start=\"2003\" data-end=\"2006\" \/>\u2022 <strong data-start=\"2008\" data-end=\"2037\">The price corresponds to the lot<\/strong>, as presented.<br data-start=\"2056\" data-end=\"2059\" \/>- The photos are examples of staging.<br data-start=\"2107\" data-end=\"2110\" \/>- Other visible decorations and accessories are sold separately.<\/p>\n<p data-start=\"2184\" data-end=\"2271\">More photos available on Instagram :<br data-start=\"2226\" data-end=\"2229\" \/>\ud83d\udc49 <a class=\"decorated-link\" href=\"https:\/\/www.instagram.com\/sunnyshop211\/\" target=\"_new\" rel=\"noopener\" data-start=\"2232\" data-end=\"2271\">https:\/\/www.instagram.com\/sunnyshop211\/<\/a><\/p>\n<p data-start=\"2273\" data-end=\"2293\">\u2500\u2500\u2500\u2500\u2500\u2500\u2500\u2500\u2500\u2500\u2500\u2500\u2500\u2500\u2500\u2500\u2500\u2500\u2500\u2500<\/p>\n<p data-start=\"2295\" data-end=\"2318\">\u26a0\ufe0f <strong data-start=\"2298\" data-end=\"2318\">Terms of use<\/strong><\/p>\n<p data-start=\"2320\" data-end=\"2514\">!!!! This is not a toy, this article is intended for adults.<br data-start=\"2391\" data-end=\"2394\" \/>Dummy food, not intended for consumption.<br data-start=\"2445\" data-end=\"2448\" \/>I am not responsible for any damage in transit.<\/p>\n<hr data-start=\"2516\" data-end=\"2519\" \/>\n<p data-start=\"2521\" data-end=\"2721\" data-is-last-node=\"\" data-is-only-node=\"\">\ud83e\udd5b\ud83c\udf84 <strong data-start=\"2526\" data-end=\"2591\">The perfect detail for your winter and Christmas scenes<\/strong><\/p>\n<h3><\/h3>\n<p>&nbsp;<\/p>","protected":false},"excerpt":{"rendered":"<p>Lait de poule miniature \u2013 1\/4 \u00b7 MSD \u00b7 Minifee \u00b7 Unoa \u2500\u2500\u2500\u2500\u2500\u2500\u2500\u2500\u2500\u2500\u2500\u2500\u2500\u2500\u2500\u2500\u2500\u2500\u2500\u2500 \u2728 Description Ce lait de poule miniature est parfait pour compl\u00e9ter vos dioramas hivernaux et sc\u00e8nes de No\u00ebl.Id\u00e9al pour une ambiance chaleureuse, un go\u00fbter festif ou une sc\u00e8ne cocooning, il apporte une touche gourmande et r\u00e9aliste \u00e0 vos mises en sc\u00e8ne au [&hellip;]<\/p>\n","protected":false},"featured_media":43493,"comment_status":"open","ping_status":"closed","template":"","meta":{"_crdt_document":"","jetpack_post_was_ever_published":false,"jetpack_publicize_message":"","jetpack_publicize_feature_enabled":true,"jetpack_social_post_already_shared":true,"jetpack_social_options":{"image_generator_settings":{"template":"highway","default_image_id":0,"font":"","enabled":false},"version":2}},"product_brand":[],"product_cat":[667687070],"product_tag":[667681769,667681226,667681294,667681272,667681296,667681295,667681303,667681236,667681173,667681302,667681237,667681297,667681177,667681770,667681768,667681767,667681260,667681771],"class_list":{"0":"post-43522","1":"product","2":"type-product","3":"status-publish","4":"has-post-thumbnail","6":"product_cat--nourriture-de-noel","7":"product_tag-cafe","8":"product_tag-doll","9":"product_tag-dollho","10":"product_tag-elowynn-wilde","11":"product_tag-food","12":"product_tag-kitchen","13":"product_tag-kitchenaid","14":"product_tag-maison-de-poupee","15":"product_tag-minifee","16":"product_tag-mixer","17":"product_tag-msd","18":"product_tag-nourriture","19":"product_tag-poupee","20":"product_tag-tea-time","21":"product_tag-the","22":"product_tag-thehiere","23":"product_tag-tonner","24":"product_tag-valentine-day","25":"product_shipping_class-colissimo-5","27":"first","28":"instock","29":"taxable","30":"shipping-taxable","31":"purchasable","32":"product-type-simple"},"yoast_head":"<!-- This site is optimized with the Yoast SEO plugin v27.5 - https:\/\/yoast.com\/product\/yoast-seo-wordpress\/ -->\n<title>Lait de poule miniature diorama MSD minifee -<\/title>\n<meta name=\"description\" content=\"Lait de poule miniature diorama MSD minifeeId\u00e9al pour les dolls au 1\/4 comme minifee bjd minifee MSD , unoa ou autres de m\u00eame tailles.\" \/>\n<meta name=\"robots\" content=\"index, follow, max-snippet:-1, max-image-preview:large, max-video-preview:-1\" \/>\n<link rel=\"canonical\" href=\"https:\/\/www.sunnyshop211.com\/en\/product\/lait-de-poule-miniature-diorama-msd-minifee\/\" \/>\n<meta property=\"og:locale\" content=\"en_US\" \/>\n<meta property=\"og:type\" content=\"article\" \/>\n<meta property=\"og:title\" content=\"Lait de poule miniature diorama MSD minifee -\" \/>\n<meta property=\"og:description\" content=\"Lait de poule miniature diorama MSD minifeeId\u00e9al pour les dolls au 1\/4 comme minifee bjd minifee MSD , unoa ou autres de m\u00eame tailles.\" \/>\n<meta property=\"og:url\" content=\"https:\/\/www.sunnyshop211.com\/en\/product\/lait-de-poule-miniature-diorama-msd-minifee\/\" \/>\n<meta property=\"og:site_name\" content=\"Sunnyshop211 -Vente de dioramas, meubles, miniatures , bjd poup\u00e9es 1\/12 1\/8 1\/6 1\/4 1\/3\" \/>\n<meta property=\"article:publisher\" content=\"https:\/\/www.facebook.com\/sunnyshop211\/?ref=bookmarks\" \/>\n<meta property=\"article:modified_time\" content=\"2026-01-03T16:38:59+00:00\" \/>\n<meta property=\"og:image\" content=\"https:\/\/www.sunnyshop211.com\/wp-content\/uploads\/2024\/10\/14-2-scaled.jpg\" \/>\n\t<meta property=\"og:image:width\" content=\"2560\" \/>\n\t<meta property=\"og:image:height\" content=\"1707\" \/>\n\t<meta property=\"og:image:type\" content=\"image\/jpeg\" \/>\n<meta name=\"twitter:card\" content=\"summary_large_image\" \/>\n<meta name=\"twitter:site\" content=\"@sunnyshop211\" \/>\n<meta name=\"twitter:label1\" content=\"Est. reading time\" \/>\n\t<meta name=\"twitter:data1\" content=\"2 minutes\" \/>\n<script type=\"application\/ld+json\" class=\"yoast-schema-graph\">{\"@context\":\"https:\\\/\\\/schema.org\",\"@graph\":[{\"@type\":\"WebPage\",\"@id\":\"https:\\\/\\\/www.sunnyshop211.com\\\/produit\\\/lait-de-poule-miniature-diorama-msd-minifee\\\/\",\"url\":\"https:\\\/\\\/www.sunnyshop211.com\\\/produit\\\/lait-de-poule-miniature-diorama-msd-minifee\\\/\",\"name\":\"Lait de poule miniature diorama MSD minifee -\",\"isPartOf\":{\"@id\":\"https:\\\/\\\/www.sunnyshop211.com\\\/#website\"},\"primaryImageOfPage\":{\"@id\":\"https:\\\/\\\/www.sunnyshop211.com\\\/produit\\\/lait-de-poule-miniature-diorama-msd-minifee\\\/#primaryimage\"},\"image\":{\"@id\":\"https:\\\/\\\/www.sunnyshop211.com\\\/produit\\\/lait-de-poule-miniature-diorama-msd-minifee\\\/#primaryimage\"},\"thumbnailUrl\":\"https:\\\/\\\/www.sunnyshop211.com\\\/wp-content\\\/uploads\\\/2024\\\/10\\\/14-2-scaled.jpg\",\"datePublished\":\"2024-10-29T19:00:23+00:00\",\"dateModified\":\"2026-01-03T16:38:59+00:00\",\"description\":\"Lait de poule miniature diorama MSD minifeeId\u00e9al pour les dolls au 1\\\/4 comme minifee bjd minifee MSD , unoa ou autres de m\u00eame tailles.\",\"breadcrumb\":{\"@id\":\"https:\\\/\\\/www.sunnyshop211.com\\\/produit\\\/lait-de-poule-miniature-diorama-msd-minifee\\\/#breadcrumb\"},\"inLanguage\":\"en-US\",\"potentialAction\":[{\"@type\":\"ReadAction\",\"target\":[\"https:\\\/\\\/www.sunnyshop211.com\\\/produit\\\/lait-de-poule-miniature-diorama-msd-minifee\\\/\"]}]},{\"@type\":\"ImageObject\",\"inLanguage\":\"en-US\",\"@id\":\"https:\\\/\\\/www.sunnyshop211.com\\\/produit\\\/lait-de-poule-miniature-diorama-msd-minifee\\\/#primaryimage\",\"url\":\"https:\\\/\\\/www.sunnyshop211.com\\\/wp-content\\\/uploads\\\/2024\\\/10\\\/14-2-scaled.jpg\",\"contentUrl\":\"https:\\\/\\\/www.sunnyshop211.com\\\/wp-content\\\/uploads\\\/2024\\\/10\\\/14-2-scaled.jpg\",\"width\":2560,\"height\":1707,\"caption\":\"Lait de poule miniature diorama MSD minifee\"},{\"@type\":\"BreadcrumbList\",\"@id\":\"https:\\\/\\\/www.sunnyshop211.com\\\/produit\\\/lait-de-poule-miniature-diorama-msd-minifee\\\/#breadcrumb\",\"itemListElement\":[{\"@type\":\"ListItem\",\"position\":1,\"name\":\"Accueil\",\"item\":\"https:\\\/\\\/www.sunnyshop211.com\\\/\"},{\"@type\":\"ListItem\",\"position\":2,\"name\":\"Boutique\",\"item\":\"https:\\\/\\\/www.sunnyshop211.com\\\/boutique-miniature-bjd-dolls\\\/\"},{\"@type\":\"ListItem\",\"position\":3,\"name\":\"Lait de poule miniature diorama MSD minifee\"}]},{\"@type\":\"WebSite\",\"@id\":\"https:\\\/\\\/www.sunnyshop211.com\\\/#website\",\"url\":\"https:\\\/\\\/www.sunnyshop211.com\\\/\",\"name\":\"Vente de dioramas, meubles, miniatures , bjd poup\u00e9es 1\\\/12 1\\\/8 1\\\/6 1\\\/4 1\\\/3\",\"description\":\"Sunnyshop211 - Votre univers miniature pour poup\u00e9es et BJD, dioramas et meubles sur mesure !\",\"publisher\":{\"@id\":\"https:\\\/\\\/www.sunnyshop211.com\\\/#organization\"},\"alternateName\":\"sunnyshop211\",\"potentialAction\":[{\"@type\":\"SearchAction\",\"target\":{\"@type\":\"EntryPoint\",\"urlTemplate\":\"https:\\\/\\\/www.sunnyshop211.com\\\/?s={search_term_string}\"},\"query-input\":{\"@type\":\"PropertyValueSpecification\",\"valueRequired\":true,\"valueName\":\"search_term_string\"}}],\"inLanguage\":\"en-US\"},{\"@type\":\"Organization\",\"@id\":\"https:\\\/\\\/www.sunnyshop211.com\\\/#organization\",\"name\":\"sunnyshop211\",\"alternateName\":\"sunnyshop211 diorama bjd meuble miniature\",\"url\":\"https:\\\/\\\/www.sunnyshop211.com\\\/\",\"logo\":{\"@type\":\"ImageObject\",\"inLanguage\":\"en-US\",\"@id\":\"https:\\\/\\\/www.sunnyshop211.com\\\/#\\\/schema\\\/logo\\\/image\\\/\",\"url\":\"https:\\\/\\\/www.sunnyshop211.com\\\/wp-content\\\/uploads\\\/2022\\\/08\\\/cropped-cropped-cropped-Sunnyshop211-1.png\",\"contentUrl\":\"https:\\\/\\\/www.sunnyshop211.com\\\/wp-content\\\/uploads\\\/2022\\\/08\\\/cropped-cropped-cropped-Sunnyshop211-1.png\",\"width\":339,\"height\":339,\"caption\":\"sunnyshop211\"},\"image\":{\"@id\":\"https:\\\/\\\/www.sunnyshop211.com\\\/#\\\/schema\\\/logo\\\/image\\\/\"},\"sameAs\":[\"https:\\\/\\\/www.facebook.com\\\/sunnyshop211\\\/?ref=bookmarks\",\"https:\\\/\\\/x.com\\\/sunnyshop211\",\"https:\\\/\\\/www.instagram.com\\\/sunnyshop211\\\/\",\"https:\\\/\\\/www.tumblr.com\\\/blog\\\/sunnyshop211\",\"https:\\\/\\\/www.youtube.com\\\/channel\\\/UCtYY18OGGDKrTSzgcf7fCBg\",\"https:\\\/\\\/www.tiktok.com\\\/@sunnydollshop211?is_from_webapp=1&sender_device=pc\"]}]}<\/script>\n<!-- \/ Yoast SEO plugin. -->","yoast_head_json":{"title":"MSD minifee miniature diorama eggnog -","description":"Miniature hen's milk diorama MSD minifeeIdeal for 1\/4-size dolls like minifee bjd minifee MSD , unoa or others of the same size.","robots":{"index":"index","follow":"follow","max-snippet":"max-snippet:-1","max-image-preview":"max-image-preview:large","max-video-preview":"max-video-preview:-1"},"canonical":"https:\/\/www.sunnyshop211.com\/en\/product\/lait-de-poule-miniature-diorama-msd-minifee\/","og_locale":"en_US","og_type":"article","og_title":"Lait de poule miniature diorama MSD minifee -","og_description":"Lait de poule miniature diorama MSD minifeeId\u00e9al pour les dolls au 1\/4 comme minifee bjd minifee MSD , unoa ou autres de m\u00eame tailles.","og_url":"https:\/\/www.sunnyshop211.com\/en\/product\/lait-de-poule-miniature-diorama-msd-minifee\/","og_site_name":"Sunnyshop211 -Vente de dioramas, meubles, miniatures , bjd poup\u00e9es 1\/12 1\/8 1\/6 1\/4 1\/3","article_publisher":"https:\/\/www.facebook.com\/sunnyshop211\/?ref=bookmarks","article_modified_time":"2026-01-03T16:38:59+00:00","og_image":[{"width":2560,"height":1707,"url":"https:\/\/www.sunnyshop211.com\/wp-content\/uploads\/2024\/10\/14-2-scaled.jpg","type":"image\/jpeg"}],"twitter_card":"summary_large_image","twitter_site":"@sunnyshop211","twitter_misc":{"Est. reading time":"2 minutes"},"schema":{"@context":"https:\/\/schema.org","@graph":[{"@type":"WebPage","@id":"https:\/\/www.sunnyshop211.com\/produit\/lait-de-poule-miniature-diorama-msd-minifee\/","url":"https:\/\/www.sunnyshop211.com\/produit\/lait-de-poule-miniature-diorama-msd-minifee\/","name":"MSD minifee miniature diorama eggnog -","isPartOf":{"@id":"https:\/\/www.sunnyshop211.com\/#website"},"primaryImageOfPage":{"@id":"https:\/\/www.sunnyshop211.com\/produit\/lait-de-poule-miniature-diorama-msd-minifee\/#primaryimage"},"image":{"@id":"https:\/\/www.sunnyshop211.com\/produit\/lait-de-poule-miniature-diorama-msd-minifee\/#primaryimage"},"thumbnailUrl":"https:\/\/www.sunnyshop211.com\/wp-content\/uploads\/2024\/10\/14-2-scaled.jpg","datePublished":"2024-10-29T19:00:23+00:00","dateModified":"2026-01-03T16:38:59+00:00","description":"Miniature hen's milk diorama MSD minifeeIdeal for 1\/4-size dolls like minifee bjd minifee MSD , unoa or others of the same size.","breadcrumb":{"@id":"https:\/\/www.sunnyshop211.com\/produit\/lait-de-poule-miniature-diorama-msd-minifee\/#breadcrumb"},"inLanguage":"en-US","potentialAction":[{"@type":"ReadAction","target":["https:\/\/www.sunnyshop211.com\/produit\/lait-de-poule-miniature-diorama-msd-minifee\/"]}]},{"@type":"ImageObject","inLanguage":"en-US","@id":"https:\/\/www.sunnyshop211.com\/produit\/lait-de-poule-miniature-diorama-msd-minifee\/#primaryimage","url":"https:\/\/www.sunnyshop211.com\/wp-content\/uploads\/2024\/10\/14-2-scaled.jpg","contentUrl":"https:\/\/www.sunnyshop211.com\/wp-content\/uploads\/2024\/10\/14-2-scaled.jpg","width":2560,"height":1707,"caption":"Lait de poule miniature diorama MSD minifee"},{"@type":"BreadcrumbList","@id":"https:\/\/www.sunnyshop211.com\/produit\/lait-de-poule-miniature-diorama-msd-minifee\/#breadcrumb","itemListElement":[{"@type":"ListItem","position":1,"name":"Accueil","item":"https:\/\/www.sunnyshop211.com\/"},{"@type":"ListItem","position":2,"name":"Boutique","item":"https:\/\/www.sunnyshop211.com\/boutique-miniature-bjd-dolls\/"},{"@type":"ListItem","position":3,"name":"Lait de poule miniature diorama MSD minifee"}]},{"@type":"WebSite","@id":"https:\/\/www.sunnyshop211.com\/#website","url":"https:\/\/www.sunnyshop211.com\/","name":"Sale of dioramas, furniture, miniatures, bjd dolls 1\/12 1\/8 1\/6 1\/4 1\/3","description":"Sunnyshop211 - Your miniature world for dolls and BJDs, dioramas and custom-made furniture!","publisher":{"@id":"https:\/\/www.sunnyshop211.com\/#organization"},"alternateName":"sunnyshop211","potentialAction":[{"@type":"SearchAction","target":{"@type":"EntryPoint","urlTemplate":"https:\/\/www.sunnyshop211.com\/?s={search_term_string}"},"query-input":{"@type":"PropertyValueSpecification","valueRequired":true,"valueName":"search_term_string"}}],"inLanguage":"en-US"},{"@type":"Organization","@id":"https:\/\/www.sunnyshop211.com\/#organization","name":"sunnyshop211","alternateName":"sunnyshop211 diorama bjd meuble miniature","url":"https:\/\/www.sunnyshop211.com\/","logo":{"@type":"ImageObject","inLanguage":"en-US","@id":"https:\/\/www.sunnyshop211.com\/#\/schema\/logo\/image\/","url":"https:\/\/www.sunnyshop211.com\/wp-content\/uploads\/2022\/08\/cropped-cropped-cropped-Sunnyshop211-1.png","contentUrl":"https:\/\/www.sunnyshop211.com\/wp-content\/uploads\/2022\/08\/cropped-cropped-cropped-Sunnyshop211-1.png","width":339,"height":339,"caption":"sunnyshop211"},"image":{"@id":"https:\/\/www.sunnyshop211.com\/#\/schema\/logo\/image\/"},"sameAs":["https:\/\/www.facebook.com\/sunnyshop211\/?ref=bookmarks","https:\/\/x.com\/sunnyshop211","https:\/\/www.instagram.com\/sunnyshop211\/","https:\/\/www.tumblr.com\/blog\/sunnyshop211","https:\/\/www.youtube.com\/channel\/UCtYY18OGGDKrTSzgcf7fCBg","https:\/\/www.tiktok.com\/@sunnydollshop211?is_from_webapp=1&sender_device=pc"]}]}},"jetpack_publicize_connections":[],"jetpack_sharing_enabled":true,"_links":{"self":[{"href":"https:\/\/www.sunnyshop211.com\/en\/wp-json\/wp\/v2\/product\/43522","targetHints":{"allow":["GET"]}}],"collection":[{"href":"https:\/\/www.sunnyshop211.com\/en\/wp-json\/wp\/v2\/product"}],"about":[{"href":"https:\/\/www.sunnyshop211.com\/en\/wp-json\/wp\/v2\/types\/product"}],"replies":[{"embeddable":true,"href":"https:\/\/www.sunnyshop211.com\/en\/wp-json\/wp\/v2\/comments?post=43522"}],"version-history":[{"count":2,"href":"https:\/\/www.sunnyshop211.com\/en\/wp-json\/wp\/v2\/product\/43522\/revisions"}],"predecessor-version":[{"id":54052,"href":"https:\/\/www.sunnyshop211.com\/en\/wp-json\/wp\/v2\/product\/43522\/revisions\/54052"}],"wp:featuredmedia":[{"embeddable":true,"href":"https:\/\/www.sunnyshop211.com\/en\/wp-json\/wp\/v2\/media\/43493"}],"wp:attachment":[{"href":"https:\/\/www.sunnyshop211.com\/en\/wp-json\/wp\/v2\/media?parent=43522"}],"wp:term":[{"taxonomy":"product_brand","embeddable":true,"href":"https:\/\/www.sunnyshop211.com\/en\/wp-json\/wp\/v2\/product_brand?post=43522"},{"taxonomy":"product_cat","embeddable":true,"href":"https:\/\/www.sunnyshop211.com\/en\/wp-json\/wp\/v2\/product_cat?post=43522"},{"taxonomy":"product_tag","embeddable":true,"href":"https:\/\/www.sunnyshop211.com\/en\/wp-json\/wp\/v2\/product_tag?post=43522"}],"curies":[{"name":"wp","href":"https:\/\/api.w.org\/{rel}","templated":true}]}}