{"id":43172,"date":"2024-10-14T14:04:51","date_gmt":"2024-10-14T13:04:51","guid":{"rendered":"https:\/\/www.sunnyshop211.com\/?post_type=product&#038;p=43172"},"modified":"2026-01-03T16:35:51","modified_gmt":"2026-01-03T15:35:51","slug":"%f0%9f%8d%8e%f0%9f%96%a4-pomme-empoisonnee-miniature-1-6-pullip-barbie-blythe","status":"publish","type":"product","link":"https:\/\/www.sunnyshop211.com\/en\/product\/%f0%9f%8d%8e%f0%9f%96%a4-pomme-empoisonnee-miniature-1-6-pullip-barbie-blythe\/","title":{"rendered":"\ud83c\udf4e\ud83d\udda4 Miniature poison apple - 1\/6 pullip, Barbie, blythe"},"content":{"rendered":"<blockquote><div id='gallery-1' class='gallery galleryid-43172 gallery-columns-3 gallery-size-thumbnail'><figure class='gallery-item'>\n\t\t\t<div class='gallery-icon landscape'>\n\t\t\t\t<a href='https:\/\/www.sunnyshop211.com\/en\/?attachment_id=42889'><img decoding=\"async\" width=\"150\" height=\"150\" src=\"https:\/\/www.sunnyshop211.com\/wp-content\/uploads\/2024\/10\/15-1-150x150.jpg\" class=\"attachment-thumbnail size-thumbnail\" alt=\"Pomme empoisonn\u00e9e miniature 1\/6 pullip, Barbie, blythe\" srcset=\"https:\/\/www.sunnyshop211.com\/wp-content\/uploads\/2024\/10\/15-1-150x150.jpg 150w, https:\/\/www.sunnyshop211.com\/wp-content\/uploads\/2024\/10\/15-1-500x500.jpg 500w, https:\/\/www.sunnyshop211.com\/wp-content\/uploads\/2024\/10\/15-1-100x100.jpg 100w\" sizes=\"(max-width: 150px) 100vw, 150px\" \/><\/a>\n\t\t\t<\/div><\/figure><figure class='gallery-item'>\n\t\t\t<div class='gallery-icon landscape'>\n\t\t\t\t<a href='https:\/\/www.sunnyshop211.com\/en\/?attachment_id=42829'><img decoding=\"async\" width=\"150\" height=\"150\" src=\"https:\/\/www.sunnyshop211.com\/wp-content\/uploads\/2024\/10\/55-150x150.jpg\" class=\"attachment-thumbnail size-thumbnail\" alt=\"Pomme empoisonn\u00e9e miniature 1\/6 pullip, Barbie, blythe\" srcset=\"https:\/\/www.sunnyshop211.com\/wp-content\/uploads\/2024\/10\/55-150x150.jpg 150w, https:\/\/www.sunnyshop211.com\/wp-content\/uploads\/2024\/10\/55-500x500.jpg 500w, https:\/\/www.sunnyshop211.com\/wp-content\/uploads\/2024\/10\/55-100x100.jpg 100w\" sizes=\"(max-width: 150px) 100vw, 150px\" \/><\/a>\n\t\t\t<\/div><\/figure><figure class='gallery-item'>\n\t\t\t<div class='gallery-icon portrait'>\n\t\t\t\t<a href='https:\/\/www.sunnyshop211.com\/en\/?attachment_id=42895'><img decoding=\"async\" width=\"150\" height=\"150\" src=\"https:\/\/www.sunnyshop211.com\/wp-content\/uploads\/2024\/10\/21-1-150x150.jpg\" class=\"attachment-thumbnail size-thumbnail\" alt=\"\" srcset=\"https:\/\/www.sunnyshop211.com\/wp-content\/uploads\/2024\/10\/21-1-150x150.jpg 150w, https:\/\/www.sunnyshop211.com\/wp-content\/uploads\/2024\/10\/21-1-500x500.jpg 500w, https:\/\/www.sunnyshop211.com\/wp-content\/uploads\/2024\/10\/21-1-100x100.jpg 100w\" sizes=\"(max-width: 150px) 100vw, 150px\" \/><\/a>\n\t\t\t<\/div><\/figure>\n\t\t<\/div>\n\n<p>&nbsp;<\/p><\/blockquote>\n<h2 data-start=\"213\" data-end=\"256\">\ud83c\udf4e\ud83d\udda4 Miniature poisoned apple - 1\/6<\/h2>\n<p data-start=\"257\" data-end=\"286\">Pullip, Barbie, Blythe, Neemo<\/p>\n<p data-start=\"288\" data-end=\"462\">An emblematic accessory from the world of witches and dark tales, this miniature poison apple is ideal for enhancing your dioramas and mysterious settings.<\/p>\n<hr data-start=\"464\" data-end=\"467\" \/>\n<p data-start=\"469\" data-end=\"497\">\u2728 <strong data-start=\"471\" data-end=\"497\">Product description<\/strong><\/p>\n<ul data-start=\"499\" data-end=\"657\">\n<li data-start=\"499\" data-end=\"550\">\n<p data-start=\"501\" data-end=\"550\">Type: Miniature poison apple (simulation)<\/p>\n<\/li>\n<li data-start=\"551\" data-end=\"583\">\n<p data-start=\"553\" data-end=\"583\">Compatible scale : <strong data-start=\"574\" data-end=\"581\">1\/6<\/strong><\/p>\n<\/li>\n<li data-start=\"584\" data-end=\"605\">\n<p data-start=\"586\" data-end=\"605\">Decorative article<\/p>\n<\/li>\n<li data-start=\"606\" data-end=\"631\">\n<p data-start=\"608\" data-end=\"631\">Sold <strong data-start=\"615\" data-end=\"629\">customized<\/strong><\/p>\n<\/li>\n<li data-start=\"632\" data-end=\"657\">\n<p data-start=\"634\" data-end=\"657\">Made to order<\/p>\n<\/li>\n<\/ul>\n<hr data-start=\"659\" data-end=\"662\" \/>\n<p data-start=\"664\" data-end=\"687\">\ud83c\udfa8 <strong data-start=\"667\" data-end=\"687\">Design &amp; details<\/strong><\/p>\n<ul data-start=\"689\" data-end=\"903\">\n<li data-start=\"689\" data-end=\"722\">\n<p data-start=\"691\" data-end=\"722\">Bottom part : <strong data-start=\"711\" data-end=\"720\">red<\/strong><\/p>\n<\/li>\n<li data-start=\"723\" data-end=\"787\">\n<p data-start=\"725\" data-end=\"787\">Upper part: covered with a <strong data-start=\"761\" data-end=\"785\">toxic green liquid<\/strong><\/p>\n<\/li>\n<li data-start=\"788\" data-end=\"846\">\n<p data-start=\"790\" data-end=\"846\">Gloss finish for a magical, eerie effect<\/p>\n<\/li>\n<li data-start=\"847\" data-end=\"903\">\n<p data-start=\"849\" data-end=\"903\">Model <strong data-start=\"856\" data-end=\"866\">fictitious<\/strong>, sold customized as shown<\/p>\n<\/li>\n<\/ul>\n<hr data-start=\"905\" data-end=\"908\" \/>\n<p data-start=\"910\" data-end=\"927\">\ud83d\udccf <strong data-start=\"913\" data-end=\"927\">Dimensions<\/strong><\/p>\n<ul data-start=\"929\" data-end=\"947\">\n<li data-start=\"929\" data-end=\"947\">\n<p data-start=\"931\" data-end=\"947\"><strong data-start=\"931\" data-end=\"947\">1 cm high<\/strong><\/p>\n<\/li>\n<\/ul>\n<p data-start=\"949\" data-end=\"987\">Dimensions suitable for dolls <strong data-start=\"979\" data-end=\"986\">1\/6<\/strong>.<\/p>\n<hr data-start=\"989\" data-end=\"992\" \/>\n<p data-start=\"994\" data-end=\"1014\">\ud83e\uddf8 <strong data-start=\"997\" data-end=\"1014\">Compatibility<\/strong><\/p>\n<p data-start=\"1016\" data-end=\"1049\">Perfect for dolls:<\/p>\n<ul data-start=\"1051\" data-end=\"1140\">\n<li data-start=\"1051\" data-end=\"1079\">\n<p data-start=\"1053\" data-end=\"1079\">Pullip (on Neemo body)<\/p>\n<\/li>\n<li data-start=\"1080\" data-end=\"1090\">\n<p data-start=\"1082\" data-end=\"1090\">Barbie<\/p>\n<\/li>\n<li data-start=\"1091\" data-end=\"1101\">\n<p data-start=\"1093\" data-end=\"1101\">Blythe<\/p>\n<\/li>\n<li data-start=\"1102\" data-end=\"1140\">\n<p data-start=\"1104\" data-end=\"1140\">Other dolls of equivalent size<\/p>\n<\/li>\n<\/ul>\n<p data-start=\"1142\" data-end=\"1229\">Perfect for a witch's table, a ritual scene or a revisited fairytale setting.<\/p>\n<hr data-start=\"1231\" data-end=\"1234\" \/>\n<p data-start=\"1236\" data-end=\"1271\">\ud83c\udfad <strong data-start=\"1239\" data-end=\"1271\">Staging &amp; associations<\/strong><\/p>\n<p data-start=\"1273\" data-end=\"1298\">Ideal as a complement to :<\/p>\n<ul data-start=\"1300\" data-end=\"1409\">\n<li data-start=\"1300\" data-end=\"1323\">\n<p data-start=\"1302\" data-end=\"1323\">witch world<\/p>\n<\/li>\n<li data-start=\"1324\" data-end=\"1362\">\n<p data-start=\"1326\" data-end=\"1362\">thatched cottage or miniature laboratory<\/p>\n<\/li>\n<li data-start=\"1363\" data-end=\"1409\">\n<p data-start=\"1365\" data-end=\"1409\">esoteric accessories and magical settings<\/p>\n<\/li>\n<\/ul>\n<p data-start=\"1411\" data-end=\"1568\">Compatible with my furniture and decorations <strong data-start=\"1454\" data-end=\"1470\">sunnyshop211<\/strong> sold separately.<br data-start=\"1489\" data-end=\"1492\" \/>Accessories and other matching items are available in the store.<\/p>\n<hr data-start=\"1570\" data-end=\"1573\" \/>\n<p data-start=\"1575\" data-end=\"1605\">\ud83d\udee0\ufe0f <strong data-start=\"1579\" data-end=\"1605\">Handcrafted products<\/strong><\/p>\n<ul data-start=\"1607\" data-end=\"1766\">\n<li data-start=\"1607\" data-end=\"1639\">\n<p data-start=\"1609\" data-end=\"1639\">Hand-made and hand-painted<\/p>\n<\/li>\n<li data-start=\"1640\" data-end=\"1766\">\n<p data-start=\"1642\" data-end=\"1766\">Due to the handcrafted nature of the product, slight variations in shape, color or minor imperfections may occur.<\/p>\n<\/li>\n<\/ul>\n<hr data-start=\"1768\" data-end=\"1771\" \/>\n<p data-start=\"1773\" data-end=\"1804\">\ud83d\udce6 <strong data-start=\"1776\" data-end=\"1804\">Important information<\/strong><\/p>\n<ul data-start=\"1806\" data-end=\"2154\">\n<li data-start=\"1806\" data-end=\"1833\">\n<p data-start=\"1808\" data-end=\"1833\">This is not a toy<\/p>\n<\/li>\n<li data-start=\"1834\" data-end=\"1897\">\n<p data-start=\"1836\" data-end=\"1897\">Collector's item for adults only<\/p>\n<\/li>\n<li data-start=\"1898\" data-end=\"1947\">\n<p data-start=\"1900\" data-end=\"1947\">The photos are examples of staging<\/p>\n<\/li>\n<li data-start=\"1948\" data-end=\"2021\">\n<p data-start=\"1950\" data-end=\"2021\">Only one apple sold (dolls and other accessories not included)<\/p>\n<\/li>\n<li data-start=\"2022\" data-end=\"2154\">\n<p data-start=\"2024\" data-end=\"2154\">Please allow for manufacturing and delivery times.<br data-start=\"2087\" data-end=\"2090\" \/><em data-start=\"2092\" data-end=\"2154\">(see General terms of sale and delivery times)<\/em><\/p>\n<\/li>\n<\/ul>\n<hr data-start=\"2156\" data-end=\"2159\" \/>\n<p data-start=\"2161\" data-end=\"2177\">\ud83d\ude9a <strong data-start=\"2164\" data-end=\"2177\">Transport<\/strong><\/p>\n<p data-start=\"2179\" data-end=\"2245\">I am not responsible for any damage in transit.<\/p>\n<hr data-start=\"2247\" data-end=\"2250\" \/>\n<p data-start=\"2252\" data-end=\"2333\">\ud83d\udcf8 <strong data-start=\"2255\" data-end=\"2288\">More photos &amp; inspiration<\/strong><br data-start=\"2288\" data-end=\"2291\" \/>\ud83d\udc49 <a class=\"decorated-link\" href=\"https:\/\/www.instagram.com\/sunnyshop211\/\" target=\"_new\" rel=\"noopener\" data-start=\"2294\" data-end=\"2333\">https:\/\/www.instagram.com\/sunnyshop211\/<\/a><\/p>","protected":false},"excerpt":{"rendered":"<p>&nbsp; \ud83c\udf4e\ud83d\udda4 Pomme empoisonn\u00e9e miniature \u2013 1\/6 Pullip, Barbie, Blythe, Neemo Accessoire embl\u00e9matique des univers de sorci\u00e8res et de contes sombres, cette pomme empoisonn\u00e9e miniature est id\u00e9ale pour enrichir vos dioramas et mises en sc\u00e8ne myst\u00e9rieuses. \u2728 Description du produit Type : Pomme empoisonn\u00e9e miniature (simulation) \u00c9chelle compatible : 1\/6 Article d\u00e9coratif Vendue customis\u00e9e R\u00e9alis\u00e9e [&hellip;]<\/p>\n","protected":false},"featured_media":42829,"comment_status":"open","ping_status":"closed","template":"","meta":{"_crdt_document":"","jetpack_post_was_ever_published":false,"jetpack_publicize_message":"","jetpack_publicize_feature_enabled":true,"jetpack_social_post_already_shared":true,"jetpack_social_options":{"image_generator_settings":{"template":"highway","default_image_id":0,"font":"","enabled":false},"version":2}},"product_brand":[],"product_cat":[667687068],"product_tag":[667684449,667681278,667681284,667684455,667684445,667684453,667681277,667684451,667681492,667684447,667681493,667684443],"class_list":{"0":"post-43172","1":"product","2":"type-product","3":"status-publish","4":"has-post-thumbnail","6":"product_cat--sorciere-magie","7":"product_tag-baguette","8":"product_tag-barbie","9":"product_tag-blythe","10":"product_tag-chouette","11":"product_tag-harry-potter","12":"product_tag-owl","13":"product_tag-pullip","14":"product_tag-sorcier","15":"product_tag-sorciere","16":"product_tag-wand","17":"product_tag-witch","18":"product_tag-wizard","19":"product_shipping_class-lettre-suivie","21":"first","22":"instock","23":"taxable","24":"shipping-taxable","25":"purchasable","26":"product-type-simple"},"yoast_head":"<!-- This site is optimized with the Yoast SEO plugin v27.5 - https:\/\/yoast.com\/product\/yoast-seo-wordpress\/ -->\n<title>\ud83c\udf4e\ud83d\udda4 Pomme empoisonn\u00e9e miniature \u2013 1\/6 pullip, Barbie, blythe -<\/title>\n<meta name=\"description\" content=\"\ud83c\udf4e\ud83d\udda4 Pomme empoisonn\u00e9e miniature \u2013 1\/6 pullip, Barbie, blythe , neemo ou autres de m\u00eame taille. Id\u00e9al pour vos mises en sc\u00e8nes et vos dioramas\" \/>\n<meta name=\"robots\" content=\"index, follow, max-snippet:-1, max-image-preview:large, max-video-preview:-1\" \/>\n<link rel=\"canonical\" href=\"https:\/\/www.sunnyshop211.com\/en\/product\/\ud83c\udf4e\ud83d\udda4-pomme-empoisonnee-miniature-1-6-pullip-barbie-blythe\/\" \/>\n<meta property=\"og:locale\" content=\"en_US\" \/>\n<meta property=\"og:type\" content=\"article\" \/>\n<meta property=\"og:title\" content=\"\ud83c\udf4e\ud83d\udda4 Pomme empoisonn\u00e9e miniature \u2013 1\/6 pullip, Barbie, blythe -\" \/>\n<meta property=\"og:description\" content=\"Chambre de sorcier miniature 1\/6 pullip, Barbie, Harry Potter , blythe. chambre miniature 1\/6 pour cr\u00e9e une chambre de sorciers, comme Harry Potter\" \/>\n<meta property=\"og:url\" content=\"https:\/\/www.sunnyshop211.com\/en\/product\/\ud83c\udf4e\ud83d\udda4-pomme-empoisonnee-miniature-1-6-pullip-barbie-blythe\/\" \/>\n<meta property=\"og:site_name\" content=\"Sunnyshop211 -Vente de dioramas, meubles, miniatures , bjd poup\u00e9es 1\/12 1\/8 1\/6 1\/4 1\/3\" \/>\n<meta property=\"article:publisher\" content=\"https:\/\/www.facebook.com\/sunnyshop211\/?ref=bookmarks\" \/>\n<meta property=\"article:modified_time\" content=\"2026-01-03T15:35:51+00:00\" \/>\n<meta property=\"og:image\" content=\"https:\/\/www.sunnyshop211.com\/wp-content\/uploads\/2019\/10\/52-scaled.jpg\" \/>\n\t<meta property=\"og:image:width\" content=\"2471\" \/>\n\t<meta property=\"og:image:height\" content=\"2560\" \/>\n\t<meta property=\"og:image:type\" content=\"image\/jpeg\" \/>\n<meta name=\"twitter:card\" content=\"summary_large_image\" \/>\n<meta name=\"twitter:site\" content=\"@sunnyshop211\" \/>\n<meta name=\"twitter:label1\" content=\"Est. reading time\" \/>\n\t<meta name=\"twitter:data1\" content=\"2 minutes\" \/>\n<script type=\"application\/ld+json\" class=\"yoast-schema-graph\">{\"@context\":\"https:\\\/\\\/schema.org\",\"@graph\":[{\"@type\":\"WebPage\",\"@id\":\"https:\\\/\\\/www.sunnyshop211.com\\\/produit\\\/%f0%9f%8d%8e%f0%9f%96%a4-pomme-empoisonnee-miniature-1-6-pullip-barbie-blythe\\\/\",\"url\":\"https:\\\/\\\/www.sunnyshop211.com\\\/produit\\\/%f0%9f%8d%8e%f0%9f%96%a4-pomme-empoisonnee-miniature-1-6-pullip-barbie-blythe\\\/\",\"name\":\"\ud83c\udf4e\ud83d\udda4 Pomme empoisonn\u00e9e miniature \u2013 1\\\/6 pullip, Barbie, blythe -\",\"isPartOf\":{\"@id\":\"https:\\\/\\\/www.sunnyshop211.com\\\/#website\"},\"primaryImageOfPage\":{\"@id\":\"https:\\\/\\\/www.sunnyshop211.com\\\/produit\\\/%f0%9f%8d%8e%f0%9f%96%a4-pomme-empoisonnee-miniature-1-6-pullip-barbie-blythe\\\/#primaryimage\"},\"image\":{\"@id\":\"https:\\\/\\\/www.sunnyshop211.com\\\/produit\\\/%f0%9f%8d%8e%f0%9f%96%a4-pomme-empoisonnee-miniature-1-6-pullip-barbie-blythe\\\/#primaryimage\"},\"thumbnailUrl\":\"https:\\\/\\\/www.sunnyshop211.com\\\/wp-content\\\/uploads\\\/2024\\\/10\\\/55-scaled.jpg\",\"datePublished\":\"2024-10-14T13:04:51+00:00\",\"dateModified\":\"2026-01-03T15:35:51+00:00\",\"description\":\"\ud83c\udf4e\ud83d\udda4 Pomme empoisonn\u00e9e miniature \u2013 1\\\/6 pullip, Barbie, blythe , neemo ou autres de m\u00eame taille. Id\u00e9al pour vos mises en sc\u00e8nes et vos dioramas\",\"breadcrumb\":{\"@id\":\"https:\\\/\\\/www.sunnyshop211.com\\\/produit\\\/%f0%9f%8d%8e%f0%9f%96%a4-pomme-empoisonnee-miniature-1-6-pullip-barbie-blythe\\\/#breadcrumb\"},\"inLanguage\":\"en-US\",\"potentialAction\":[{\"@type\":\"ReadAction\",\"target\":[\"https:\\\/\\\/www.sunnyshop211.com\\\/produit\\\/%f0%9f%8d%8e%f0%9f%96%a4-pomme-empoisonnee-miniature-1-6-pullip-barbie-blythe\\\/\"]}]},{\"@type\":\"ImageObject\",\"inLanguage\":\"en-US\",\"@id\":\"https:\\\/\\\/www.sunnyshop211.com\\\/produit\\\/%f0%9f%8d%8e%f0%9f%96%a4-pomme-empoisonnee-miniature-1-6-pullip-barbie-blythe\\\/#primaryimage\",\"url\":\"https:\\\/\\\/www.sunnyshop211.com\\\/wp-content\\\/uploads\\\/2024\\\/10\\\/55-scaled.jpg\",\"contentUrl\":\"https:\\\/\\\/www.sunnyshop211.com\\\/wp-content\\\/uploads\\\/2024\\\/10\\\/55-scaled.jpg\",\"width\":2560,\"height\":1707,\"caption\":\"Pomme empoisonn\u00e9e miniature 1\\\/6 pullip, Barbie, blythe\"},{\"@type\":\"BreadcrumbList\",\"@id\":\"https:\\\/\\\/www.sunnyshop211.com\\\/produit\\\/%f0%9f%8d%8e%f0%9f%96%a4-pomme-empoisonnee-miniature-1-6-pullip-barbie-blythe\\\/#breadcrumb\",\"itemListElement\":[{\"@type\":\"ListItem\",\"position\":1,\"name\":\"Accueil\",\"item\":\"https:\\\/\\\/www.sunnyshop211.com\\\/\"},{\"@type\":\"ListItem\",\"position\":2,\"name\":\"Boutique\",\"item\":\"https:\\\/\\\/www.sunnyshop211.com\\\/boutique-miniature-bjd-dolls\\\/\"},{\"@type\":\"ListItem\",\"position\":3,\"name\":\"\ud83c\udf4e\ud83d\udda4 Pomme empoisonn\u00e9e miniature \u2013 1\\\/6 pullip, Barbie, blythe\"}]},{\"@type\":\"WebSite\",\"@id\":\"https:\\\/\\\/www.sunnyshop211.com\\\/#website\",\"url\":\"https:\\\/\\\/www.sunnyshop211.com\\\/\",\"name\":\"Vente de dioramas, meubles, miniatures , bjd poup\u00e9es 1\\\/12 1\\\/8 1\\\/6 1\\\/4 1\\\/3\",\"description\":\"Sunnyshop211 - Votre univers miniature pour poup\u00e9es et BJD, dioramas et meubles sur mesure !\",\"publisher\":{\"@id\":\"https:\\\/\\\/www.sunnyshop211.com\\\/#organization\"},\"alternateName\":\"sunnyshop211\",\"potentialAction\":[{\"@type\":\"SearchAction\",\"target\":{\"@type\":\"EntryPoint\",\"urlTemplate\":\"https:\\\/\\\/www.sunnyshop211.com\\\/?s={search_term_string}\"},\"query-input\":{\"@type\":\"PropertyValueSpecification\",\"valueRequired\":true,\"valueName\":\"search_term_string\"}}],\"inLanguage\":\"en-US\"},{\"@type\":\"Organization\",\"@id\":\"https:\\\/\\\/www.sunnyshop211.com\\\/#organization\",\"name\":\"sunnyshop211\",\"alternateName\":\"sunnyshop211 diorama bjd meuble miniature\",\"url\":\"https:\\\/\\\/www.sunnyshop211.com\\\/\",\"logo\":{\"@type\":\"ImageObject\",\"inLanguage\":\"en-US\",\"@id\":\"https:\\\/\\\/www.sunnyshop211.com\\\/#\\\/schema\\\/logo\\\/image\\\/\",\"url\":\"https:\\\/\\\/www.sunnyshop211.com\\\/wp-content\\\/uploads\\\/2022\\\/08\\\/cropped-cropped-cropped-Sunnyshop211-1.png\",\"contentUrl\":\"https:\\\/\\\/www.sunnyshop211.com\\\/wp-content\\\/uploads\\\/2022\\\/08\\\/cropped-cropped-cropped-Sunnyshop211-1.png\",\"width\":339,\"height\":339,\"caption\":\"sunnyshop211\"},\"image\":{\"@id\":\"https:\\\/\\\/www.sunnyshop211.com\\\/#\\\/schema\\\/logo\\\/image\\\/\"},\"sameAs\":[\"https:\\\/\\\/www.facebook.com\\\/sunnyshop211\\\/?ref=bookmarks\",\"https:\\\/\\\/x.com\\\/sunnyshop211\",\"https:\\\/\\\/www.instagram.com\\\/sunnyshop211\\\/\",\"https:\\\/\\\/www.tumblr.com\\\/blog\\\/sunnyshop211\",\"https:\\\/\\\/www.youtube.com\\\/channel\\\/UCtYY18OGGDKrTSzgcf7fCBg\",\"https:\\\/\\\/www.tiktok.com\\\/@sunnydollshop211?is_from_webapp=1&sender_device=pc\"]}]}<\/script>\n<!-- \/ Yoast SEO plugin. -->","yoast_head_json":{"title":"\ud83c\udf4e\ud83d\udda4 Miniature poison apple - 1\/6 pullip, Barbie, blythe -","description":"\ud83c\udf4e\ud83d\udda4 Miniature poison apple - 1\/6 pullip, Barbie, blythe , neemo or others of the same size. Ideal for staging and dioramas.","robots":{"index":"index","follow":"follow","max-snippet":"max-snippet:-1","max-image-preview":"max-image-preview:large","max-video-preview":"max-video-preview:-1"},"canonical":"https:\/\/www.sunnyshop211.com\/en\/product\/\ud83c\udf4e\ud83d\udda4-pomme-empoisonnee-miniature-1-6-pullip-barbie-blythe\/","og_locale":"en_US","og_type":"article","og_title":"\ud83c\udf4e\ud83d\udda4 Pomme empoisonn\u00e9e miniature \u2013 1\/6 pullip, Barbie, blythe -","og_description":"Chambre de sorcier miniature 1\/6 pullip, Barbie, Harry Potter , blythe. chambre miniature 1\/6 pour cr\u00e9e une chambre de sorciers, comme Harry Potter","og_url":"https:\/\/www.sunnyshop211.com\/en\/product\/\ud83c\udf4e\ud83d\udda4-pomme-empoisonnee-miniature-1-6-pullip-barbie-blythe\/","og_site_name":"Sunnyshop211 -Vente de dioramas, meubles, miniatures , bjd poup\u00e9es 1\/12 1\/8 1\/6 1\/4 1\/3","article_publisher":"https:\/\/www.facebook.com\/sunnyshop211\/?ref=bookmarks","article_modified_time":"2026-01-03T15:35:51+00:00","og_image":[{"width":2471,"height":2560,"url":"https:\/\/www.sunnyshop211.com\/wp-content\/uploads\/2019\/10\/52-scaled.jpg","type":"image\/jpeg"}],"twitter_card":"summary_large_image","twitter_site":"@sunnyshop211","twitter_misc":{"Est. reading time":"2 minutes"},"schema":{"@context":"https:\/\/schema.org","@graph":[{"@type":"WebPage","@id":"https:\/\/www.sunnyshop211.com\/produit\/%f0%9f%8d%8e%f0%9f%96%a4-pomme-empoisonnee-miniature-1-6-pullip-barbie-blythe\/","url":"https:\/\/www.sunnyshop211.com\/produit\/%f0%9f%8d%8e%f0%9f%96%a4-pomme-empoisonnee-miniature-1-6-pullip-barbie-blythe\/","name":"\ud83c\udf4e\ud83d\udda4 Miniature poison apple - 1\/6 pullip, Barbie, blythe -","isPartOf":{"@id":"https:\/\/www.sunnyshop211.com\/#website"},"primaryImageOfPage":{"@id":"https:\/\/www.sunnyshop211.com\/produit\/%f0%9f%8d%8e%f0%9f%96%a4-pomme-empoisonnee-miniature-1-6-pullip-barbie-blythe\/#primaryimage"},"image":{"@id":"https:\/\/www.sunnyshop211.com\/produit\/%f0%9f%8d%8e%f0%9f%96%a4-pomme-empoisonnee-miniature-1-6-pullip-barbie-blythe\/#primaryimage"},"thumbnailUrl":"https:\/\/www.sunnyshop211.com\/wp-content\/uploads\/2024\/10\/55-scaled.jpg","datePublished":"2024-10-14T13:04:51+00:00","dateModified":"2026-01-03T15:35:51+00:00","description":"\ud83c\udf4e\ud83d\udda4 Miniature poison apple - 1\/6 pullip, Barbie, blythe , neemo or others of the same size. Ideal for staging and dioramas.","breadcrumb":{"@id":"https:\/\/www.sunnyshop211.com\/produit\/%f0%9f%8d%8e%f0%9f%96%a4-pomme-empoisonnee-miniature-1-6-pullip-barbie-blythe\/#breadcrumb"},"inLanguage":"en-US","potentialAction":[{"@type":"ReadAction","target":["https:\/\/www.sunnyshop211.com\/produit\/%f0%9f%8d%8e%f0%9f%96%a4-pomme-empoisonnee-miniature-1-6-pullip-barbie-blythe\/"]}]},{"@type":"ImageObject","inLanguage":"en-US","@id":"https:\/\/www.sunnyshop211.com\/produit\/%f0%9f%8d%8e%f0%9f%96%a4-pomme-empoisonnee-miniature-1-6-pullip-barbie-blythe\/#primaryimage","url":"https:\/\/www.sunnyshop211.com\/wp-content\/uploads\/2024\/10\/55-scaled.jpg","contentUrl":"https:\/\/www.sunnyshop211.com\/wp-content\/uploads\/2024\/10\/55-scaled.jpg","width":2560,"height":1707,"caption":"Pomme empoisonn\u00e9e miniature 1\/6 pullip, Barbie, blythe"},{"@type":"BreadcrumbList","@id":"https:\/\/www.sunnyshop211.com\/produit\/%f0%9f%8d%8e%f0%9f%96%a4-pomme-empoisonnee-miniature-1-6-pullip-barbie-blythe\/#breadcrumb","itemListElement":[{"@type":"ListItem","position":1,"name":"Accueil","item":"https:\/\/www.sunnyshop211.com\/"},{"@type":"ListItem","position":2,"name":"Boutique","item":"https:\/\/www.sunnyshop211.com\/boutique-miniature-bjd-dolls\/"},{"@type":"ListItem","position":3,"name":"\ud83c\udf4e\ud83d\udda4 Pomme empoisonn\u00e9e miniature \u2013 1\/6 pullip, Barbie, blythe"}]},{"@type":"WebSite","@id":"https:\/\/www.sunnyshop211.com\/#website","url":"https:\/\/www.sunnyshop211.com\/","name":"Sale of dioramas, furniture, miniatures, bjd dolls 1\/12 1\/8 1\/6 1\/4 1\/3","description":"Sunnyshop211 - Your miniature world for dolls and BJDs, dioramas and custom-made furniture!","publisher":{"@id":"https:\/\/www.sunnyshop211.com\/#organization"},"alternateName":"sunnyshop211","potentialAction":[{"@type":"SearchAction","target":{"@type":"EntryPoint","urlTemplate":"https:\/\/www.sunnyshop211.com\/?s={search_term_string}"},"query-input":{"@type":"PropertyValueSpecification","valueRequired":true,"valueName":"search_term_string"}}],"inLanguage":"en-US"},{"@type":"Organization","@id":"https:\/\/www.sunnyshop211.com\/#organization","name":"sunnyshop211","alternateName":"sunnyshop211 diorama bjd meuble miniature","url":"https:\/\/www.sunnyshop211.com\/","logo":{"@type":"ImageObject","inLanguage":"en-US","@id":"https:\/\/www.sunnyshop211.com\/#\/schema\/logo\/image\/","url":"https:\/\/www.sunnyshop211.com\/wp-content\/uploads\/2022\/08\/cropped-cropped-cropped-Sunnyshop211-1.png","contentUrl":"https:\/\/www.sunnyshop211.com\/wp-content\/uploads\/2022\/08\/cropped-cropped-cropped-Sunnyshop211-1.png","width":339,"height":339,"caption":"sunnyshop211"},"image":{"@id":"https:\/\/www.sunnyshop211.com\/#\/schema\/logo\/image\/"},"sameAs":["https:\/\/www.facebook.com\/sunnyshop211\/?ref=bookmarks","https:\/\/x.com\/sunnyshop211","https:\/\/www.instagram.com\/sunnyshop211\/","https:\/\/www.tumblr.com\/blog\/sunnyshop211","https:\/\/www.youtube.com\/channel\/UCtYY18OGGDKrTSzgcf7fCBg","https:\/\/www.tiktok.com\/@sunnydollshop211?is_from_webapp=1&sender_device=pc"]}]}},"jetpack_publicize_connections":[],"jetpack_sharing_enabled":true,"_links":{"self":[{"href":"https:\/\/www.sunnyshop211.com\/en\/wp-json\/wp\/v2\/product\/43172","targetHints":{"allow":["GET"]}}],"collection":[{"href":"https:\/\/www.sunnyshop211.com\/en\/wp-json\/wp\/v2\/product"}],"about":[{"href":"https:\/\/www.sunnyshop211.com\/en\/wp-json\/wp\/v2\/types\/product"}],"replies":[{"embeddable":true,"href":"https:\/\/www.sunnyshop211.com\/en\/wp-json\/wp\/v2\/comments?post=43172"}],"version-history":[{"count":3,"href":"https:\/\/www.sunnyshop211.com\/en\/wp-json\/wp\/v2\/product\/43172\/revisions"}],"predecessor-version":[{"id":52913,"href":"https:\/\/www.sunnyshop211.com\/en\/wp-json\/wp\/v2\/product\/43172\/revisions\/52913"}],"wp:featuredmedia":[{"embeddable":true,"href":"https:\/\/www.sunnyshop211.com\/en\/wp-json\/wp\/v2\/media\/42829"}],"wp:attachment":[{"href":"https:\/\/www.sunnyshop211.com\/en\/wp-json\/wp\/v2\/media?parent=43172"}],"wp:term":[{"taxonomy":"product_brand","embeddable":true,"href":"https:\/\/www.sunnyshop211.com\/en\/wp-json\/wp\/v2\/product_brand?post=43172"},{"taxonomy":"product_cat","embeddable":true,"href":"https:\/\/www.sunnyshop211.com\/en\/wp-json\/wp\/v2\/product_cat?post=43172"},{"taxonomy":"product_tag","embeddable":true,"href":"https:\/\/www.sunnyshop211.com\/en\/wp-json\/wp\/v2\/product_tag?post=43172"}],"curies":[{"name":"wp","href":"https:\/\/api.w.org\/{rel}","templated":true}]}}