{"id":43144,"date":"2024-10-14T11:01:50","date_gmt":"2024-10-14T10:01:50","guid":{"rendered":"https:\/\/www.sunnyshop211.com\/?post_type=product&#038;p=43144"},"modified":"2026-01-03T16:37:39","modified_gmt":"2026-01-03T15:37:39","slug":"etagere-pentagramme-miniature-1-6-1-4","status":"publish","type":"product","link":"https:\/\/www.sunnyshop211.com\/en\/product\/etagere-pentagramme-miniature-1-6-1-4\/","title":{"rendered":"Miniature pentagram shelf - 1\/6 &amp; 1\/4"},"content":{"rendered":"<div id='gallery-1' class='gallery galleryid-43144 gallery-columns-3 gallery-size-thumbnail'><figure class='gallery-item'>\n\t\t\t<div class='gallery-icon landscape'>\n\t\t\t\t<a href='https:\/\/www.sunnyshop211.com\/en\/?attachment_id=43145'><img decoding=\"async\" width=\"150\" height=\"150\" src=\"https:\/\/www.sunnyshop211.com\/wp-content\/uploads\/2024\/10\/3-150x150.jpg\" class=\"attachment-thumbnail size-thumbnail\" alt=\"ETAGERE PENTAGRAMME MINIATURE\" srcset=\"https:\/\/www.sunnyshop211.com\/wp-content\/uploads\/2024\/10\/3-150x150.jpg 150w, https:\/\/www.sunnyshop211.com\/wp-content\/uploads\/2024\/10\/3-500x500.jpg 500w, https:\/\/www.sunnyshop211.com\/wp-content\/uploads\/2024\/10\/3-100x100.jpg 100w\" sizes=\"(max-width: 150px) 100vw, 150px\" \/><\/a>\n\t\t\t<\/div><\/figure><figure class='gallery-item'>\n\t\t\t<div class='gallery-icon landscape'>\n\t\t\t\t<a href='https:\/\/www.sunnyshop211.com\/en\/?attachment_id=42877'><img decoding=\"async\" width=\"150\" height=\"150\" src=\"https:\/\/www.sunnyshop211.com\/wp-content\/uploads\/2024\/10\/103-150x150.jpg\" class=\"attachment-thumbnail size-thumbnail\" alt=\"\ud83c\udde8\ud83c\uddf5 MINIATURE PENTAGRAM SHELF The shelf consists of a circle and 5 branches that serve as a shelf, sold black and cETAGERE PENTAGRAMME MINIATURE\" srcset=\"https:\/\/www.sunnyshop211.com\/wp-content\/uploads\/2024\/10\/103-150x150.jpg 150w, https:\/\/www.sunnyshop211.com\/wp-content\/uploads\/2024\/10\/103-500x500.jpg 500w, https:\/\/www.sunnyshop211.com\/wp-content\/uploads\/2024\/10\/103-100x100.jpg 100w\" sizes=\"(max-width: 150px) 100vw, 150px\" \/><\/a>\n\t\t\t<\/div><\/figure><figure class='gallery-item'>\n\t\t\t<div class='gallery-icon portrait'>\n\t\t\t\t<a href='https:\/\/www.sunnyshop211.com\/en\/?attachment_id=42878'><img decoding=\"async\" width=\"150\" height=\"150\" src=\"https:\/\/www.sunnyshop211.com\/wp-content\/uploads\/2024\/10\/104-150x150.jpg\" class=\"attachment-thumbnail size-thumbnail\" alt=\"\" srcset=\"https:\/\/www.sunnyshop211.com\/wp-content\/uploads\/2024\/10\/104-150x150.jpg 150w, https:\/\/www.sunnyshop211.com\/wp-content\/uploads\/2024\/10\/104-500x500.jpg 500w, https:\/\/www.sunnyshop211.com\/wp-content\/uploads\/2024\/10\/104-100x100.jpg 100w\" sizes=\"(max-width: 150px) 100vw, 150px\" \/><\/a>\n\t\t\t<\/div><\/figure>\n\t\t<\/div>\n\n<h2 data-start=\"221\" data-end=\"270\">Miniature pentagram shelf - 1\/6 &amp; 1\/4<\/h2>\n<p data-start=\"271\" data-end=\"313\">Barbie, Pullip, Blythe, BJD, Minifee, Unoa<\/p>\n<p data-start=\"315\" data-end=\"484\">A mystical and esoteric wall accessory, this miniature pentagram shelf is ideal for enhancing your dioramas and creating a witchy, gothic or Halloween atmosphere.<\/p>\n<hr data-start=\"486\" data-end=\"489\" \/>\n<p data-start=\"491\" data-end=\"520\">\ud83d\udd2e <strong data-start=\"494\" data-end=\"520\">Product description<\/strong><\/p>\n<ul data-start=\"522\" data-end=\"709\">\n<li data-start=\"522\" data-end=\"575\">\n<p data-start=\"524\" data-end=\"575\">Type: Miniature pentagram shelf (simulation)<\/p>\n<\/li>\n<li data-start=\"576\" data-end=\"617\">\n<p data-start=\"578\" data-end=\"617\">Compatible ladders : <strong data-start=\"601\" data-end=\"615\">1\/6 and 1\/4<\/strong><\/p>\n<\/li>\n<li data-start=\"618\" data-end=\"639\">\n<p data-start=\"620\" data-end=\"639\">Decorative article<\/p>\n<\/li>\n<li data-start=\"640\" data-end=\"683\">\n<p data-start=\"642\" data-end=\"683\">Sold <strong data-start=\"649\" data-end=\"681\">painted black and customized<\/strong><\/p>\n<\/li>\n<li data-start=\"684\" data-end=\"709\">\n<p data-start=\"686\" data-end=\"709\">Made to order<\/p>\n<\/li>\n<\/ul>\n<hr data-start=\"711\" data-end=\"714\" \/>\n<p data-start=\"716\" data-end=\"742\">\u2b50 <strong data-start=\"718\" data-end=\"742\">Composition &amp; design<\/strong><\/p>\n<p data-start=\"744\" data-end=\"771\">The shelf consists of :<\/p>\n<ul data-start=\"772\" data-end=\"851\">\n<li data-start=\"772\" data-end=\"796\">\n<p data-start=\"774\" data-end=\"796\"><strong data-start=\"774\" data-end=\"794\">1 center circle<\/strong><\/p>\n<\/li>\n<li data-start=\"797\" data-end=\"851\">\n<p data-start=\"799\" data-end=\"851\"><strong data-start=\"799\" data-end=\"813\">5 branches<\/strong> forming the shelves of the pentagram<\/p>\n<\/li>\n<\/ul>\n<p data-start=\"853\" data-end=\"965\">Black finish for a mystical look, perfect for displaying vials, candles, books or small miniature objects.<\/p>\n<hr data-start=\"967\" data-end=\"970\" \/>\n<p data-start=\"972\" data-end=\"989\">\ud83d\udccf <strong data-start=\"975\" data-end=\"989\">Dimensions<\/strong><\/p>\n<ul data-start=\"991\" data-end=\"1012\">\n<li data-start=\"991\" data-end=\"1012\">\n<p data-start=\"993\" data-end=\"1012\"><strong data-start=\"993\" data-end=\"1012\">Diameter: 9 cm<\/strong><\/p>\n<\/li>\n<\/ul>\n<p data-start=\"1014\" data-end=\"1070\">Perfect for staging <strong data-start=\"1055\" data-end=\"1069\">1\/6 and 1\/4<\/strong>.<\/p>\n<hr data-start=\"1072\" data-end=\"1075\" \/>\n<p data-start=\"1077\" data-end=\"1097\">\ud83e\uddf8 <strong data-start=\"1080\" data-end=\"1097\">Compatibility<\/strong><\/p>\n<p data-start=\"1099\" data-end=\"1130\">Suitable for the following dolls:<\/p>\n<ul data-start=\"1131\" data-end=\"1229\">\n<li data-start=\"1131\" data-end=\"1167\">\n<p data-start=\"1133\" data-end=\"1167\"><strong data-start=\"1133\" data-end=\"1140\">1\/6<\/strong> : Barbie, Pullip, Blythe<\/p>\n<\/li>\n<li data-start=\"1168\" data-end=\"1229\">\n<p data-start=\"1170\" data-end=\"1229\"><strong data-start=\"1170\" data-end=\"1177\">1\/4<\/strong> : BJD, Minifee, Unoa, dolls of similar sizes<\/p>\n<\/li>\n<\/ul>\n<hr data-start=\"1231\" data-end=\"1234\" \/>\n<p data-start=\"1236\" data-end=\"1272\">\ud83d\udd6f\ufe0f <strong data-start=\"1240\" data-end=\"1272\">Staging &amp; associations<\/strong><\/p>\n<ul data-start=\"1274\" data-end=\"1494\">\n<li data-start=\"1274\" data-end=\"1356\">\n<p data-start=\"1276\" data-end=\"1356\">Goes perfectly with <strong data-start=\"1304\" data-end=\"1336\">the miniature coffin shelf<\/strong> sold separately<\/p>\n<\/li>\n<li data-start=\"1357\" data-end=\"1438\">\n<p data-start=\"1359\" data-end=\"1438\">Compatible with my furniture and decorations sold separately in the store<\/p>\n<\/li>\n<li data-start=\"1439\" data-end=\"1494\">\n<p data-start=\"1441\" data-end=\"1494\"><strong data-start=\"1441\" data-end=\"1467\">1 shelf sold separately<\/strong> (accessories not included)<\/p>\n<\/li>\n<\/ul>\n<p data-start=\"1496\" data-end=\"1539\">The pictures are examples of decoration.<\/p>\n<hr data-start=\"1541\" data-end=\"1544\" \/>\n<p data-start=\"1546\" data-end=\"1576\">\ud83d\udee0\ufe0f <strong data-start=\"1550\" data-end=\"1576\">Handcrafted products<\/strong><\/p>\n<p data-start=\"1578\" data-end=\"1740\">Hand-made and hand-painted.<br data-start=\"1613\" data-end=\"1616\" \/>Due to the handcrafted nature of the product, slight variations in shape, color or minor imperfections may occur.<\/p>\n<hr data-start=\"1742\" data-end=\"1745\" \/>\n<p data-start=\"1747\" data-end=\"1778\">\ud83d\udce6 <strong data-start=\"1750\" data-end=\"1778\">Important information<\/strong><\/p>\n<ul data-start=\"1780\" data-end=\"2017\">\n<li data-start=\"1780\" data-end=\"1807\">\n<p data-start=\"1782\" data-end=\"1807\">This is not a toy<\/p>\n<\/li>\n<li data-start=\"1808\" data-end=\"1861\">\n<p data-start=\"1810\" data-end=\"1861\">Article for a <strong data-start=\"1831\" data-end=\"1859\">adult audience only<\/strong><\/p>\n<\/li>\n<li data-start=\"1862\" data-end=\"2017\">\n<p data-start=\"1864\" data-end=\"2017\">Made to order \u2192 please allow for manufacturing and delivery times<br data-start=\"1950\" data-end=\"1953\" \/><em data-start=\"1955\" data-end=\"2017\">(see General terms of sale and delivery times)<\/em><\/p>\n<\/li>\n<\/ul>\n<hr data-start=\"2019\" data-end=\"2022\" \/>\n<p data-start=\"2024\" data-end=\"2040\">\ud83d\ude9a <strong data-start=\"2027\" data-end=\"2040\">Transport<\/strong><\/p>\n<p data-start=\"2042\" data-end=\"2108\">I am not responsible for any damage in transit.<\/p>\n<hr data-start=\"2110\" data-end=\"2113\" \/>\n<p data-start=\"2115\" data-end=\"2196\">\ud83d\udcf8 <strong data-start=\"2118\" data-end=\"2151\">More photos &amp; inspiration<\/strong><br data-start=\"2151\" data-end=\"2154\" \/>\ud83d\udc49 <a class=\"decorated-link\" href=\"https:\/\/www.instagram.com\/sunnyshop211\/\" target=\"_new\" rel=\"noopener\" data-start=\"2157\" data-end=\"2196\">https:\/\/www.instagram.com\/sunnyshop211\/<\/a><\/p>","protected":false},"excerpt":{"rendered":"<p>\u00c9tag\u00e8re pentagramme miniature \u2013 1\/6 &amp; 1\/4 Barbie, Pullip, Blythe, BJD, Minifee, Unoa Accessoire mural mystique et \u00e9sot\u00e9rique, cette \u00e9tag\u00e8re pentagramme miniature est id\u00e9ale pour sublimer vos dioramas et cr\u00e9er une ambiance sorci\u00e8re, gothique ou Halloween. \ud83d\udd2e Description du produit Type : \u00c9tag\u00e8re pentagramme miniature (simulation) \u00c9chelles compatibles : 1\/6 et 1\/4 Article d\u00e9coratif Vendue [&hellip;]<\/p>\n","protected":false},"featured_media":43145,"comment_status":"open","ping_status":"closed","template":"","meta":{"_crdt_document":"","jetpack_post_was_ever_published":false,"jetpack_publicize_message":"","jetpack_publicize_feature_enabled":true,"jetpack_social_post_already_shared":true,"jetpack_social_options":{"image_generator_settings":{"template":"highway","default_image_id":0,"font":"","enabled":false},"version":2}},"product_brand":[],"product_cat":[667687068],"product_tag":[667681278,667681143,667681136,667681284,667681649,667681142,667681234,667681226,667681233,667681272,667681348,667681621,667681225,667681241,667681242,667681426,667681359,667681236,667681261,667681281,667681232,667681173,667681647,667681630,667681648,667681277,667681235,667681629,667681260,667681620],"class_list":{"0":"post-43144","1":"product","2":"type-product","3":"status-publish","4":"has-post-thumbnail","6":"product_cat--sorciere-magie","7":"product_tag-barbie","8":"product_tag-bedroom","9":"product_tag-bjd","10":"product_tag-blythe","11":"product_tag-butterfly","12":"product_tag-chambre","13":"product_tag-diorama","14":"product_tag-doll","15":"product_tag-dollhouse","16":"product_tag-elowynn-wilde","17":"product_tag-fashion-royalty","18":"product_tag-flower","19":"product_tag-furniture","20":"product_tag-iplehouse","21":"product_tag-jid","22":"product_tag-littlefee","23":"product_tag-living-room","24":"product_tag-maison-de-poupee","25":"product_tag-meuble","26":"product_tag-meubles","27":"product_tag-miniature","28":"product_tag-minifee","29":"product_tag-nature-mort","30":"product_tag-nature-morte","31":"product_tag-papillon","32":"product_tag-pullip","33":"product_tag-roombox","34":"product_tag-terrarium","35":"product_tag-tonner","36":"product_tag-vase","37":"product_shipping_class-colissimo-5","38":"pa_couleur-dore-golden","39":"pa_couleur-noir","41":"first","42":"instock","43":"taxable","44":"shipping-taxable","45":"purchasable","46":"product-type-simple"},"yoast_head":"<!-- This site is optimized with the Yoast SEO plugin v27.5 - https:\/\/yoast.com\/product\/yoast-seo-wordpress\/ -->\n<title>\u00c9tag\u00e8re pentagramme miniature \u2013 1\/6 &amp; 1\/4 -<\/title>\n<meta name=\"description\" content=\"\u00c9tag\u00e8re pentagramme miniature \u2013 1\/6 &amp; 1\/4 Barbie, pullip, blythe ou 1\/4 bjd, minifee, unoa ou autres de m\u00eame taille. Id\u00e9al pour vos mises en sc\u00e8ne\" \/>\n<meta name=\"robots\" content=\"index, follow, max-snippet:-1, max-image-preview:large, max-video-preview:-1\" \/>\n<link rel=\"canonical\" href=\"https:\/\/www.sunnyshop211.com\/en\/product\/etagere-pentagramme-miniature-1-6-1-4\/\" \/>\n<meta property=\"og:locale\" content=\"en_US\" \/>\n<meta property=\"og:type\" content=\"article\" \/>\n<meta property=\"og:title\" content=\"\u00c9tag\u00e8re pentagramme miniature \u2013 1\/6 &amp; 1\/4 -\" \/>\n<meta property=\"og:description\" content=\"Miroir baroque simulation miniature 1\/6, 1\/4 Barbie, pullip, fashion royalty, bjd, minifee, unoa ou autres de m\u00eame tailles.\" \/>\n<meta property=\"og:url\" content=\"https:\/\/www.sunnyshop211.com\/en\/product\/etagere-pentagramme-miniature-1-6-1-4\/\" \/>\n<meta property=\"og:site_name\" content=\"Sunnyshop211 -Vente de dioramas, meubles, miniatures , bjd poup\u00e9es 1\/12 1\/8 1\/6 1\/4 1\/3\" \/>\n<meta property=\"article:publisher\" content=\"https:\/\/www.facebook.com\/sunnyshop211\/?ref=bookmarks\" \/>\n<meta property=\"article:modified_time\" content=\"2026-01-03T15:37:39+00:00\" \/>\n<meta property=\"og:image\" content=\"https:\/\/www.sunnyshop211.com\/wp-content\/uploads\/2024\/10\/3-scaled.jpg\" \/>\n\t<meta property=\"og:image:width\" content=\"2560\" \/>\n\t<meta property=\"og:image:height\" content=\"1707\" \/>\n\t<meta property=\"og:image:type\" content=\"image\/jpeg\" \/>\n<meta name=\"twitter:card\" content=\"summary_large_image\" \/>\n<meta name=\"twitter:site\" content=\"@sunnyshop211\" \/>\n<meta name=\"twitter:label1\" content=\"Est. reading time\" \/>\n\t<meta name=\"twitter:data1\" content=\"2 minutes\" \/>\n<script type=\"application\/ld+json\" class=\"yoast-schema-graph\">{\"@context\":\"https:\\\/\\\/schema.org\",\"@graph\":[{\"@type\":\"WebPage\",\"@id\":\"https:\\\/\\\/www.sunnyshop211.com\\\/produit\\\/etagere-pentagramme-miniature-1-6-1-4\\\/\",\"url\":\"https:\\\/\\\/www.sunnyshop211.com\\\/produit\\\/etagere-pentagramme-miniature-1-6-1-4\\\/\",\"name\":\"\u00c9tag\u00e8re pentagramme miniature \u2013 1\\\/6 & 1\\\/4 -\",\"isPartOf\":{\"@id\":\"https:\\\/\\\/www.sunnyshop211.com\\\/#website\"},\"primaryImageOfPage\":{\"@id\":\"https:\\\/\\\/www.sunnyshop211.com\\\/produit\\\/etagere-pentagramme-miniature-1-6-1-4\\\/#primaryimage\"},\"image\":{\"@id\":\"https:\\\/\\\/www.sunnyshop211.com\\\/produit\\\/etagere-pentagramme-miniature-1-6-1-4\\\/#primaryimage\"},\"thumbnailUrl\":\"https:\\\/\\\/www.sunnyshop211.com\\\/wp-content\\\/uploads\\\/2024\\\/10\\\/3-scaled.jpg\",\"datePublished\":\"2024-10-14T10:01:50+00:00\",\"dateModified\":\"2026-01-03T15:37:39+00:00\",\"description\":\"\u00c9tag\u00e8re pentagramme miniature \u2013 1\\\/6 & 1\\\/4 Barbie, pullip, blythe ou 1\\\/4 bjd, minifee, unoa ou autres de m\u00eame taille. Id\u00e9al pour vos mises en sc\u00e8ne\",\"breadcrumb\":{\"@id\":\"https:\\\/\\\/www.sunnyshop211.com\\\/produit\\\/etagere-pentagramme-miniature-1-6-1-4\\\/#breadcrumb\"},\"inLanguage\":\"en-US\",\"potentialAction\":[{\"@type\":\"ReadAction\",\"target\":[\"https:\\\/\\\/www.sunnyshop211.com\\\/produit\\\/etagere-pentagramme-miniature-1-6-1-4\\\/\"]}]},{\"@type\":\"ImageObject\",\"inLanguage\":\"en-US\",\"@id\":\"https:\\\/\\\/www.sunnyshop211.com\\\/produit\\\/etagere-pentagramme-miniature-1-6-1-4\\\/#primaryimage\",\"url\":\"https:\\\/\\\/www.sunnyshop211.com\\\/wp-content\\\/uploads\\\/2024\\\/10\\\/3-scaled.jpg\",\"contentUrl\":\"https:\\\/\\\/www.sunnyshop211.com\\\/wp-content\\\/uploads\\\/2024\\\/10\\\/3-scaled.jpg\",\"width\":2560,\"height\":1707,\"caption\":\"ETAGERE PENTAGRAMME MINIATURE\"},{\"@type\":\"BreadcrumbList\",\"@id\":\"https:\\\/\\\/www.sunnyshop211.com\\\/produit\\\/etagere-pentagramme-miniature-1-6-1-4\\\/#breadcrumb\",\"itemListElement\":[{\"@type\":\"ListItem\",\"position\":1,\"name\":\"Accueil\",\"item\":\"https:\\\/\\\/www.sunnyshop211.com\\\/\"},{\"@type\":\"ListItem\",\"position\":2,\"name\":\"Boutique\",\"item\":\"https:\\\/\\\/www.sunnyshop211.com\\\/boutique-miniature-bjd-dolls\\\/\"},{\"@type\":\"ListItem\",\"position\":3,\"name\":\"\u00c9tag\u00e8re pentagramme miniature \u2013 1\\\/6 &#038; 1\\\/4\"}]},{\"@type\":\"WebSite\",\"@id\":\"https:\\\/\\\/www.sunnyshop211.com\\\/#website\",\"url\":\"https:\\\/\\\/www.sunnyshop211.com\\\/\",\"name\":\"Vente de dioramas, meubles, miniatures , bjd poup\u00e9es 1\\\/12 1\\\/8 1\\\/6 1\\\/4 1\\\/3\",\"description\":\"Sunnyshop211 - Votre univers miniature pour poup\u00e9es et BJD, dioramas et meubles sur mesure !\",\"publisher\":{\"@id\":\"https:\\\/\\\/www.sunnyshop211.com\\\/#organization\"},\"alternateName\":\"sunnyshop211\",\"potentialAction\":[{\"@type\":\"SearchAction\",\"target\":{\"@type\":\"EntryPoint\",\"urlTemplate\":\"https:\\\/\\\/www.sunnyshop211.com\\\/?s={search_term_string}\"},\"query-input\":{\"@type\":\"PropertyValueSpecification\",\"valueRequired\":true,\"valueName\":\"search_term_string\"}}],\"inLanguage\":\"en-US\"},{\"@type\":\"Organization\",\"@id\":\"https:\\\/\\\/www.sunnyshop211.com\\\/#organization\",\"name\":\"sunnyshop211\",\"alternateName\":\"sunnyshop211 diorama bjd meuble miniature\",\"url\":\"https:\\\/\\\/www.sunnyshop211.com\\\/\",\"logo\":{\"@type\":\"ImageObject\",\"inLanguage\":\"en-US\",\"@id\":\"https:\\\/\\\/www.sunnyshop211.com\\\/#\\\/schema\\\/logo\\\/image\\\/\",\"url\":\"https:\\\/\\\/www.sunnyshop211.com\\\/wp-content\\\/uploads\\\/2022\\\/08\\\/cropped-cropped-cropped-Sunnyshop211-1.png\",\"contentUrl\":\"https:\\\/\\\/www.sunnyshop211.com\\\/wp-content\\\/uploads\\\/2022\\\/08\\\/cropped-cropped-cropped-Sunnyshop211-1.png\",\"width\":339,\"height\":339,\"caption\":\"sunnyshop211\"},\"image\":{\"@id\":\"https:\\\/\\\/www.sunnyshop211.com\\\/#\\\/schema\\\/logo\\\/image\\\/\"},\"sameAs\":[\"https:\\\/\\\/www.facebook.com\\\/sunnyshop211\\\/?ref=bookmarks\",\"https:\\\/\\\/x.com\\\/sunnyshop211\",\"https:\\\/\\\/www.instagram.com\\\/sunnyshop211\\\/\",\"https:\\\/\\\/www.tumblr.com\\\/blog\\\/sunnyshop211\",\"https:\\\/\\\/www.youtube.com\\\/channel\\\/UCtYY18OGGDKrTSzgcf7fCBg\",\"https:\\\/\\\/www.tiktok.com\\\/@sunnydollshop211?is_from_webapp=1&sender_device=pc\"]}]}<\/script>\n<!-- \/ Yoast SEO plugin. -->","yoast_head_json":{"title":"Miniature pentagram shelf - 1\/6 &amp; 1\/4 -","description":"Miniature pentagram shelf - 1\/6 &amp; 1\/4 Barbie, pullip, blythe or 1\/4 bjd, minifee, unoa or others of the same size. Ideal for staging","robots":{"index":"index","follow":"follow","max-snippet":"max-snippet:-1","max-image-preview":"max-image-preview:large","max-video-preview":"max-video-preview:-1"},"canonical":"https:\/\/www.sunnyshop211.com\/en\/product\/etagere-pentagramme-miniature-1-6-1-4\/","og_locale":"en_US","og_type":"article","og_title":"\u00c9tag\u00e8re pentagramme miniature \u2013 1\/6 & 1\/4 -","og_description":"Miroir baroque simulation miniature 1\/6, 1\/4 Barbie, pullip, fashion royalty, bjd, minifee, unoa ou autres de m\u00eame tailles.","og_url":"https:\/\/www.sunnyshop211.com\/en\/product\/etagere-pentagramme-miniature-1-6-1-4\/","og_site_name":"Sunnyshop211 -Vente de dioramas, meubles, miniatures , bjd poup\u00e9es 1\/12 1\/8 1\/6 1\/4 1\/3","article_publisher":"https:\/\/www.facebook.com\/sunnyshop211\/?ref=bookmarks","article_modified_time":"2026-01-03T15:37:39+00:00","og_image":[{"width":2560,"height":1707,"url":"https:\/\/www.sunnyshop211.com\/wp-content\/uploads\/2024\/10\/3-scaled.jpg","type":"image\/jpeg"}],"twitter_card":"summary_large_image","twitter_site":"@sunnyshop211","twitter_misc":{"Est. reading time":"2 minutes"},"schema":{"@context":"https:\/\/schema.org","@graph":[{"@type":"WebPage","@id":"https:\/\/www.sunnyshop211.com\/produit\/etagere-pentagramme-miniature-1-6-1-4\/","url":"https:\/\/www.sunnyshop211.com\/produit\/etagere-pentagramme-miniature-1-6-1-4\/","name":"Miniature pentagram shelf - 1\/6 &amp; 1\/4 -","isPartOf":{"@id":"https:\/\/www.sunnyshop211.com\/#website"},"primaryImageOfPage":{"@id":"https:\/\/www.sunnyshop211.com\/produit\/etagere-pentagramme-miniature-1-6-1-4\/#primaryimage"},"image":{"@id":"https:\/\/www.sunnyshop211.com\/produit\/etagere-pentagramme-miniature-1-6-1-4\/#primaryimage"},"thumbnailUrl":"https:\/\/www.sunnyshop211.com\/wp-content\/uploads\/2024\/10\/3-scaled.jpg","datePublished":"2024-10-14T10:01:50+00:00","dateModified":"2026-01-03T15:37:39+00:00","description":"Miniature pentagram shelf - 1\/6 &amp; 1\/4 Barbie, pullip, blythe or 1\/4 bjd, minifee, unoa or others of the same size. Ideal for staging","breadcrumb":{"@id":"https:\/\/www.sunnyshop211.com\/produit\/etagere-pentagramme-miniature-1-6-1-4\/#breadcrumb"},"inLanguage":"en-US","potentialAction":[{"@type":"ReadAction","target":["https:\/\/www.sunnyshop211.com\/produit\/etagere-pentagramme-miniature-1-6-1-4\/"]}]},{"@type":"ImageObject","inLanguage":"en-US","@id":"https:\/\/www.sunnyshop211.com\/produit\/etagere-pentagramme-miniature-1-6-1-4\/#primaryimage","url":"https:\/\/www.sunnyshop211.com\/wp-content\/uploads\/2024\/10\/3-scaled.jpg","contentUrl":"https:\/\/www.sunnyshop211.com\/wp-content\/uploads\/2024\/10\/3-scaled.jpg","width":2560,"height":1707,"caption":"ETAGERE PENTAGRAMME MINIATURE"},{"@type":"BreadcrumbList","@id":"https:\/\/www.sunnyshop211.com\/produit\/etagere-pentagramme-miniature-1-6-1-4\/#breadcrumb","itemListElement":[{"@type":"ListItem","position":1,"name":"Accueil","item":"https:\/\/www.sunnyshop211.com\/"},{"@type":"ListItem","position":2,"name":"Boutique","item":"https:\/\/www.sunnyshop211.com\/boutique-miniature-bjd-dolls\/"},{"@type":"ListItem","position":3,"name":"\u00c9tag\u00e8re pentagramme miniature \u2013 1\/6 &#038; 1\/4"}]},{"@type":"WebSite","@id":"https:\/\/www.sunnyshop211.com\/#website","url":"https:\/\/www.sunnyshop211.com\/","name":"Sale of dioramas, furniture, miniatures, bjd dolls 1\/12 1\/8 1\/6 1\/4 1\/3","description":"Sunnyshop211 - Your miniature world for dolls and BJDs, dioramas and custom-made furniture!","publisher":{"@id":"https:\/\/www.sunnyshop211.com\/#organization"},"alternateName":"sunnyshop211","potentialAction":[{"@type":"SearchAction","target":{"@type":"EntryPoint","urlTemplate":"https:\/\/www.sunnyshop211.com\/?s={search_term_string}"},"query-input":{"@type":"PropertyValueSpecification","valueRequired":true,"valueName":"search_term_string"}}],"inLanguage":"en-US"},{"@type":"Organization","@id":"https:\/\/www.sunnyshop211.com\/#organization","name":"sunnyshop211","alternateName":"sunnyshop211 diorama bjd meuble miniature","url":"https:\/\/www.sunnyshop211.com\/","logo":{"@type":"ImageObject","inLanguage":"en-US","@id":"https:\/\/www.sunnyshop211.com\/#\/schema\/logo\/image\/","url":"https:\/\/www.sunnyshop211.com\/wp-content\/uploads\/2022\/08\/cropped-cropped-cropped-Sunnyshop211-1.png","contentUrl":"https:\/\/www.sunnyshop211.com\/wp-content\/uploads\/2022\/08\/cropped-cropped-cropped-Sunnyshop211-1.png","width":339,"height":339,"caption":"sunnyshop211"},"image":{"@id":"https:\/\/www.sunnyshop211.com\/#\/schema\/logo\/image\/"},"sameAs":["https:\/\/www.facebook.com\/sunnyshop211\/?ref=bookmarks","https:\/\/x.com\/sunnyshop211","https:\/\/www.instagram.com\/sunnyshop211\/","https:\/\/www.tumblr.com\/blog\/sunnyshop211","https:\/\/www.youtube.com\/channel\/UCtYY18OGGDKrTSzgcf7fCBg","https:\/\/www.tiktok.com\/@sunnydollshop211?is_from_webapp=1&sender_device=pc"]}]}},"jetpack_publicize_connections":[],"jetpack_sharing_enabled":true,"_links":{"self":[{"href":"https:\/\/www.sunnyshop211.com\/en\/wp-json\/wp\/v2\/product\/43144","targetHints":{"allow":["GET"]}}],"collection":[{"href":"https:\/\/www.sunnyshop211.com\/en\/wp-json\/wp\/v2\/product"}],"about":[{"href":"https:\/\/www.sunnyshop211.com\/en\/wp-json\/wp\/v2\/types\/product"}],"replies":[{"embeddable":true,"href":"https:\/\/www.sunnyshop211.com\/en\/wp-json\/wp\/v2\/comments?post=43144"}],"version-history":[{"count":4,"href":"https:\/\/www.sunnyshop211.com\/en\/wp-json\/wp\/v2\/product\/43144\/revisions"}],"predecessor-version":[{"id":52928,"href":"https:\/\/www.sunnyshop211.com\/en\/wp-json\/wp\/v2\/product\/43144\/revisions\/52928"}],"wp:featuredmedia":[{"embeddable":true,"href":"https:\/\/www.sunnyshop211.com\/en\/wp-json\/wp\/v2\/media\/43145"}],"wp:attachment":[{"href":"https:\/\/www.sunnyshop211.com\/en\/wp-json\/wp\/v2\/media?parent=43144"}],"wp:term":[{"taxonomy":"product_brand","embeddable":true,"href":"https:\/\/www.sunnyshop211.com\/en\/wp-json\/wp\/v2\/product_brand?post=43144"},{"taxonomy":"product_cat","embeddable":true,"href":"https:\/\/www.sunnyshop211.com\/en\/wp-json\/wp\/v2\/product_cat?post=43144"},{"taxonomy":"product_tag","embeddable":true,"href":"https:\/\/www.sunnyshop211.com\/en\/wp-json\/wp\/v2\/product_tag?post=43144"}],"curies":[{"name":"wp","href":"https:\/\/api.w.org\/{rel}","templated":true}]}}