{"id":43113,"date":"2024-10-13T19:00:03","date_gmt":"2024-10-13T18:00:03","guid":{"rendered":"https:\/\/www.sunnyshop211.com\/?post_type=product&#038;p=43113"},"modified":"2025-12-30T19:13:24","modified_gmt":"2025-12-30T18:13:24","slug":"%f0%9f%a6%87-mobile-chauve-souris-simulation-miniature-1-4","status":"publish","type":"product","link":"https:\/\/www.sunnyshop211.com\/en\/product\/%f0%9f%a6%87-mobile-chauve-souris-simulation-miniature-1-4\/","title":{"rendered":"\ud83e\udd87 Mobile bat simulation miniature - 1\/4,"},"content":{"rendered":"<div id='gallery-1' class='gallery galleryid-43113 gallery-columns-3 gallery-size-thumbnail'><figure class='gallery-item'>\n\t\t\t<div class='gallery-icon portrait'>\n\t\t\t\t<a href='https:\/\/www.sunnyshop211.com\/en\/?attachment_id=42807'><img decoding=\"async\" width=\"150\" height=\"150\" src=\"https:\/\/www.sunnyshop211.com\/wp-content\/uploads\/2024\/10\/34-150x150.jpg\" class=\"attachment-thumbnail size-thumbnail\" alt=\"Mobile chauve souris simulation miniature 1\/4 bjd, minifee, unoa ou autres de m\u00eame tailles.\" srcset=\"https:\/\/www.sunnyshop211.com\/wp-content\/uploads\/2024\/10\/34-150x150.jpg 150w, https:\/\/www.sunnyshop211.com\/wp-content\/uploads\/2024\/10\/34-500x500.jpg 500w, https:\/\/www.sunnyshop211.com\/wp-content\/uploads\/2024\/10\/34-100x100.jpg 100w\" sizes=\"(max-width: 150px) 100vw, 150px\" \/><\/a>\n\t\t\t<\/div><\/figure><figure class='gallery-item'>\n\t\t\t<div class='gallery-icon landscape'>\n\t\t\t\t<a href='https:\/\/www.sunnyshop211.com\/en\/?attachment_id=42864'><img decoding=\"async\" width=\"150\" height=\"150\" src=\"https:\/\/www.sunnyshop211.com\/wp-content\/uploads\/2024\/10\/90-150x150.jpg\" class=\"attachment-thumbnail size-thumbnail\" alt=\"Etag\u00e8re cercueil simulation miniature 1\/4\" srcset=\"https:\/\/www.sunnyshop211.com\/wp-content\/uploads\/2024\/10\/90-150x150.jpg 150w, https:\/\/www.sunnyshop211.com\/wp-content\/uploads\/2024\/10\/90-500x500.jpg 500w, https:\/\/www.sunnyshop211.com\/wp-content\/uploads\/2024\/10\/90-100x100.jpg 100w\" sizes=\"(max-width: 150px) 100vw, 150px\" \/><\/a>\n\t\t\t<\/div><\/figure><figure class='gallery-item'>\n\t\t\t<div class='gallery-icon portrait'>\n\t\t\t\t<a href='https:\/\/www.sunnyshop211.com\/en\/?attachment_id=42879'><img decoding=\"async\" width=\"150\" height=\"150\" src=\"https:\/\/www.sunnyshop211.com\/wp-content\/uploads\/2024\/10\/105-150x150.jpg\" class=\"attachment-thumbnail size-thumbnail\" alt=\"Miroir cercueil simulation miniature 1\/4\" srcset=\"https:\/\/www.sunnyshop211.com\/wp-content\/uploads\/2024\/10\/105-150x150.jpg 150w, https:\/\/www.sunnyshop211.com\/wp-content\/uploads\/2024\/10\/105-500x500.jpg 500w, https:\/\/www.sunnyshop211.com\/wp-content\/uploads\/2024\/10\/105-100x100.jpg 100w\" sizes=\"(max-width: 150px) 100vw, 150px\" \/><\/a>\n\t\t\t<\/div><\/figure><figure class='gallery-item'>\n\t\t\t<div class='gallery-icon portrait'>\n\t\t\t\t<a href='https:\/\/www.sunnyshop211.com\/en\/?attachment_id=42806'><img loading=\"lazy\" decoding=\"async\" width=\"150\" height=\"150\" src=\"https:\/\/www.sunnyshop211.com\/wp-content\/uploads\/2024\/10\/33-150x150.jpg\" class=\"attachment-thumbnail size-thumbnail\" alt=\"Mobile chauve souris simulation miniature 1\/4 bjd, minifee, unoa ou autres de m\u00eame tailles.\" srcset=\"https:\/\/www.sunnyshop211.com\/wp-content\/uploads\/2024\/10\/33-150x150.jpg 150w, https:\/\/www.sunnyshop211.com\/wp-content\/uploads\/2024\/10\/33-500x500.jpg 500w, https:\/\/www.sunnyshop211.com\/wp-content\/uploads\/2024\/10\/33-100x100.jpg 100w\" sizes=\"(max-width: 150px) 100vw, 150px\" \/><\/a>\n\t\t\t<\/div><\/figure>\n\t\t<\/div>\n\n<p data-start=\"0\" data-end=\"176\">.<\/p>\n<hr data-start=\"178\" data-end=\"181\" \/>\n<h2 data-start=\"183\" data-end=\"285\">\ud83e\udd87 <strong data-start=\"186\" data-end=\"285\">Mobile bat miniature simulation - 1\/4, BJD, Minifee, Unoa &amp; similar-sized dolls<\/strong><\/h2>\n<p data-start=\"287\" data-end=\"465\">This miniature bat mobile is an original, airy decorative element, ideal for enhancing your dioramas and settings with a gothic, mysterious or Halloween atmosphere.<\/p>\n<hr data-start=\"467\" data-end=\"470\" \/>\n<p data-start=\"472\" data-end=\"496\">\u2728 <strong data-start=\"474\" data-end=\"496\">Product details<\/strong><\/p>\n<ul data-start=\"498\" data-end=\"682\">\n<li data-start=\"498\" data-end=\"561\">\n<p data-start=\"500\" data-end=\"561\">Type : decorative miniature mobile - theme <strong data-start=\"542\" data-end=\"559\">bat<\/strong><\/p>\n<\/li>\n<li data-start=\"562\" data-end=\"583\">\n<p data-start=\"564\" data-end=\"583\">Scale : <strong data-start=\"574\" data-end=\"581\">1\/4<\/strong><\/p>\n<\/li>\n<li data-start=\"584\" data-end=\"606\">\n<p data-start=\"586\" data-end=\"606\">Color : <strong data-start=\"596\" data-end=\"604\">black<\/strong><\/p>\n<\/li>\n<li data-start=\"607\" data-end=\"635\">\n<p data-start=\"609\" data-end=\"635\">Finish : <strong data-start=\"620\" data-end=\"633\">customized<\/strong><\/p>\n<\/li>\n<li data-start=\"636\" data-end=\"682\">\n<p data-start=\"638\" data-end=\"682\">Sold individually (doll and set not included)<\/p>\n<\/li>\n<\/ul>\n<hr data-start=\"684\" data-end=\"687\" \/>\n<p data-start=\"689\" data-end=\"707\">\ud83e\udde9 <strong data-start=\"692\" data-end=\"707\">Composition<\/strong><\/p>\n<ul data-start=\"709\" data-end=\"787\">\n<li data-start=\"709\" data-end=\"729\">\n<p data-start=\"711\" data-end=\"729\">1 support ring<\/p>\n<\/li>\n<li data-start=\"730\" data-end=\"787\">\n<p data-start=\"732\" data-end=\"787\"><strong data-start=\"732\" data-end=\"763\">5 hanging bats<\/strong>, at different heights<\/p>\n<\/li>\n<\/ul>\n<hr data-start=\"789\" data-end=\"792\" \/>\n<p data-start=\"794\" data-end=\"814\">\ud83e\uddf8 <strong data-start=\"797\" data-end=\"814\">Compatibility<\/strong><\/p>\n<p data-start=\"816\" data-end=\"867\">Suitable for dolls in <strong data-start=\"847\" data-end=\"854\">1\/4<\/strong>, including :<\/p>\n<ul data-start=\"868\" data-end=\"941\">\n<li data-start=\"868\" data-end=\"875\">\n<p data-start=\"870\" data-end=\"875\">BJD<\/p>\n<\/li>\n<li data-start=\"876\" data-end=\"887\">\n<p data-start=\"878\" data-end=\"887\">Minifee<\/p>\n<\/li>\n<li data-start=\"888\" data-end=\"896\">\n<p data-start=\"890\" data-end=\"896\">Unoa<\/p>\n<\/li>\n<li data-start=\"897\" data-end=\"941\">\n<p data-start=\"899\" data-end=\"941\">and other dolls of equivalent dimensions<\/p>\n<\/li>\n<\/ul>\n<hr data-start=\"943\" data-end=\"946\" \/>\n<p data-start=\"948\" data-end=\"984\">\ud83c\udfad <strong data-start=\"951\" data-end=\"984\">Staging &amp; compatibility<\/strong><\/p>\n<ul data-start=\"986\" data-end=\"1279\">\n<li data-start=\"986\" data-end=\"1056\">\n<p data-start=\"988\" data-end=\"1056\">Ideal for bedrooms, living rooms, hanging scenes or Gothic decors<\/p>\n<\/li>\n<li data-start=\"1057\" data-end=\"1173\">\n<p data-start=\"1059\" data-end=\"1173\">Goes perfectly with\u2019<strong data-start=\"1089\" data-end=\"1134\">miniature simulation coffin shelf 1\/4<\/strong> (sold separately in the store)<\/p>\n<\/li>\n<li data-start=\"1174\" data-end=\"1240\">\n<p data-start=\"1176\" data-end=\"1240\">Compatible with furniture <strong data-start=\"1204\" data-end=\"1220\">sunnyshop211<\/strong> sold separately<\/p>\n<\/li>\n<li data-start=\"1241\" data-end=\"1279\">\n<p data-start=\"1243\" data-end=\"1279\">The choice is yours \u2728<\/p>\n<\/li>\n<\/ul>\n<hr data-start=\"1281\" data-end=\"1284\" \/>\n<p data-start=\"1286\" data-end=\"1316\">\ud83d\udee0\ufe0f <strong data-start=\"1290\" data-end=\"1316\">Handcrafted products<\/strong><\/p>\n<ul data-start=\"1318\" data-end=\"1485\">\n<li data-start=\"1318\" data-end=\"1342\">\n<p data-start=\"1320\" data-end=\"1342\">Made to order<\/p>\n<\/li>\n<li data-start=\"1343\" data-end=\"1485\">\n<p data-start=\"1345\" data-end=\"1485\">Slight variations in shape, color and imperfections may occur, reflecting the handcrafted nature of the creation.<\/p>\n<\/li>\n<\/ul>\n<hr data-start=\"1487\" data-end=\"1490\" \/>\n<p data-start=\"1492\" data-end=\"1523\">\ud83d\udce6 <strong data-start=\"1495\" data-end=\"1523\">Important information<\/strong><\/p>\n<ul data-start=\"1525\" data-end=\"1822\">\n<li data-start=\"1525\" data-end=\"1581\">\n<p data-start=\"1527\" data-end=\"1581\">Collector's item - <strong data-start=\"1551\" data-end=\"1579\">adult audience only<\/strong><\/p>\n<\/li>\n<li data-start=\"1582\" data-end=\"1613\">\n<p data-start=\"1584\" data-end=\"1613\"><strong data-start=\"1584\" data-end=\"1611\">This is not a toy<\/strong><\/p>\n<\/li>\n<li data-start=\"1614\" data-end=\"1696\">\n<p data-start=\"1616\" data-end=\"1696\">Please take into account the manufacturing and delivery times (see <a href=\"https:\/\/www.sunnyshop211.com\/en\/conditions-generales-de-ventes-et-delais-de-livraisons\/\"><strong data-start=\"1686\" data-end=\"1693\">GTC<\/strong><\/a>)<\/p>\n<\/li>\n<li data-start=\"1697\" data-end=\"1746\">\n<p data-start=\"1699\" data-end=\"1746\">The photos are examples of staging<\/p>\n<\/li>\n<li data-start=\"1747\" data-end=\"1822\">\n<p data-start=\"1749\" data-end=\"1822\">Other visible decorations are sold separately in the store.<\/p>\n<\/li>\n<\/ul>\n<hr data-start=\"1824\" data-end=\"1827\" \/>\n<p data-start=\"1829\" data-end=\"1845\">\ud83d\ude9a <strong data-start=\"1832\" data-end=\"1845\">Transport<\/strong><\/p>\n<p data-start=\"1847\" data-end=\"1913\">I am not responsible for any damage in transit.<\/p>\n<hr data-start=\"1915\" data-end=\"1918\" \/>\n<p data-start=\"1920\" data-end=\"2002\">\ud83d\udcf8 <strong data-start=\"1923\" data-end=\"1957\">More photos and inspiration<\/strong><br data-start=\"1957\" data-end=\"1960\" \/>\ud83d\udc49 <a class=\"decorated-link\" href=\"https:\/\/www.instagram.com\/sunnyshop211\/\" target=\"_new\" rel=\"noopener\" data-start=\"1963\" data-end=\"2002\">https:\/\/www.instagram.com\/sunnyshop211\/<\/a><\/p>","protected":false},"excerpt":{"rendered":"<p>. \ud83e\udd87 Mobile chauve-souris simulation miniature \u2013 1\/4, BJD, Minifee, Unoa &amp; dolls de taille similaire Ce mobile chauve-souris miniature est un \u00e9l\u00e9ment d\u00e9coratif original et a\u00e9rien, id\u00e9al pour enrichir vos dioramas et mises en sc\u00e8ne \u00e0 l\u2019ambiance gothique, myst\u00e9rieuse ou Halloween. \u2728 D\u00e9tails du produit Type : mobile miniature d\u00e9coratif \u2013 th\u00e8me chauve-souris \u00c9chelle [&hellip;]<\/p>\n","protected":false},"featured_media":42807,"comment_status":"open","ping_status":"closed","template":"","meta":{"_crdt_document":"","jetpack_post_was_ever_published":false,"jetpack_publicize_message":"","jetpack_publicize_feature_enabled":true,"jetpack_social_post_already_shared":true,"jetpack_social_options":{"image_generator_settings":{"template":"highway","default_image_id":0,"font":"","enabled":false},"version":2}},"product_brand":[],"product_cat":[667686985],"product_tag":[667681278,667681143,667681136,667681284,667681649,667681142,667681234,667681226,667681233,667681272,667681348,667681621,667681225,667681241,667681242,667681426,667681359,667681236,667681261,667681281,667681232,667681173,667681647,667681630,667681648,667681277,667681235,667681629,667681260,667681620],"class_list":{"0":"post-43113","1":"product","2":"type-product","3":"status-publish","4":"has-post-thumbnail","6":"product_cat-bebe-vampire","7":"product_tag-barbie","8":"product_tag-bedroom","9":"product_tag-bjd","10":"product_tag-blythe","11":"product_tag-butterfly","12":"product_tag-chambre","13":"product_tag-diorama","14":"product_tag-doll","15":"product_tag-dollhouse","16":"product_tag-elowynn-wilde","17":"product_tag-fashion-royalty","18":"product_tag-flower","19":"product_tag-furniture","20":"product_tag-iplehouse","21":"product_tag-jid","22":"product_tag-littlefee","23":"product_tag-living-room","24":"product_tag-maison-de-poupee","25":"product_tag-meuble","26":"product_tag-meubles","27":"product_tag-miniature","28":"product_tag-minifee","29":"product_tag-nature-mort","30":"product_tag-nature-morte","31":"product_tag-papillon","32":"product_tag-pullip","33":"product_tag-roombox","34":"product_tag-terrarium","35":"product_tag-tonner","36":"product_tag-vase","37":"product_shipping_class-lettre-suivie","38":"pa_couleur-dore-golden","39":"pa_couleur-noir","41":"first","42":"instock","43":"taxable","44":"shipping-taxable","45":"purchasable","46":"product-type-simple"},"yoast_head":"<!-- This site is optimized with the Yoast SEO plugin v27.4 - https:\/\/yoast.com\/product\/yoast-seo-wordpress\/ -->\n<title>\ud83e\udd87 Mobile chauve-souris simulation miniature \u2013 1\/4, -<\/title>\n<meta name=\"description\" content=\"\ud83e\udd87 Mobile chauve-souris simulation miniature \u2013 1\/4, bjd, minifee, unoa ou autres de m\u00eame tailles. Id\u00e9al pour vos dioramas et mises en sc\u00e8nes.\" \/>\n<meta name=\"robots\" content=\"index, follow, max-snippet:-1, max-image-preview:large, max-video-preview:-1\" \/>\n<link rel=\"canonical\" href=\"https:\/\/www.sunnyshop211.com\/en\/product\/\ud83e\udd87-mobile-chauve-souris-simulation-miniature-1-4\/\" \/>\n<meta property=\"og:locale\" content=\"en_US\" \/>\n<meta property=\"og:type\" content=\"article\" \/>\n<meta property=\"og:title\" content=\"\ud83e\udd87 Mobile chauve-souris simulation miniature \u2013 1\/4, -\" \/>\n<meta property=\"og:description\" content=\"Miroir baroque simulation miniature 1\/6, 1\/4 Barbie, pullip, fashion royalty, bjd, minifee, unoa ou autres de m\u00eame tailles.\" \/>\n<meta property=\"og:url\" content=\"https:\/\/www.sunnyshop211.com\/en\/product\/\ud83e\udd87-mobile-chauve-souris-simulation-miniature-1-4\/\" \/>\n<meta property=\"og:site_name\" content=\"Sunnyshop211 -Vente de dioramas, meubles, miniatures , bjd poup\u00e9es 1\/12 1\/8 1\/6 1\/4 1\/3\" \/>\n<meta property=\"article:publisher\" content=\"https:\/\/www.facebook.com\/sunnyshop211\/?ref=bookmarks\" \/>\n<meta property=\"article:modified_time\" content=\"2025-12-30T18:13:24+00:00\" \/>\n<meta property=\"og:image\" content=\"https:\/\/www.sunnyshop211.com\/wp-content\/uploads\/2024\/10\/34-scaled.jpg\" \/>\n\t<meta property=\"og:image:width\" content=\"1707\" \/>\n\t<meta property=\"og:image:height\" content=\"2560\" \/>\n\t<meta property=\"og:image:type\" content=\"image\/jpeg\" \/>\n<meta name=\"twitter:card\" content=\"summary_large_image\" \/>\n<meta name=\"twitter:site\" content=\"@sunnyshop211\" \/>\n<meta name=\"twitter:label1\" content=\"Est. reading time\" \/>\n\t<meta name=\"twitter:data1\" content=\"2 minutes\" \/>\n<script type=\"application\/ld+json\" class=\"yoast-schema-graph\">{\"@context\":\"https:\\\/\\\/schema.org\",\"@graph\":[{\"@type\":\"WebPage\",\"@id\":\"https:\\\/\\\/www.sunnyshop211.com\\\/produit\\\/%f0%9f%a6%87-mobile-chauve-souris-simulation-miniature-1-4\\\/\",\"url\":\"https:\\\/\\\/www.sunnyshop211.com\\\/produit\\\/%f0%9f%a6%87-mobile-chauve-souris-simulation-miniature-1-4\\\/\",\"name\":\"\ud83e\udd87 Mobile chauve-souris simulation miniature \u2013 1\\\/4, -\",\"isPartOf\":{\"@id\":\"https:\\\/\\\/www.sunnyshop211.com\\\/#website\"},\"primaryImageOfPage\":{\"@id\":\"https:\\\/\\\/www.sunnyshop211.com\\\/produit\\\/%f0%9f%a6%87-mobile-chauve-souris-simulation-miniature-1-4\\\/#primaryimage\"},\"image\":{\"@id\":\"https:\\\/\\\/www.sunnyshop211.com\\\/produit\\\/%f0%9f%a6%87-mobile-chauve-souris-simulation-miniature-1-4\\\/#primaryimage\"},\"thumbnailUrl\":\"https:\\\/\\\/www.sunnyshop211.com\\\/wp-content\\\/uploads\\\/2024\\\/10\\\/34-scaled.jpg\",\"datePublished\":\"2024-10-13T18:00:03+00:00\",\"dateModified\":\"2025-12-30T18:13:24+00:00\",\"description\":\"\ud83e\udd87 Mobile chauve-souris simulation miniature \u2013 1\\\/4, bjd, minifee, unoa ou autres de m\u00eame tailles. Id\u00e9al pour vos dioramas et mises en sc\u00e8nes.\",\"breadcrumb\":{\"@id\":\"https:\\\/\\\/www.sunnyshop211.com\\\/produit\\\/%f0%9f%a6%87-mobile-chauve-souris-simulation-miniature-1-4\\\/#breadcrumb\"},\"inLanguage\":\"en-US\",\"potentialAction\":[{\"@type\":\"ReadAction\",\"target\":[\"https:\\\/\\\/www.sunnyshop211.com\\\/produit\\\/%f0%9f%a6%87-mobile-chauve-souris-simulation-miniature-1-4\\\/\"]}]},{\"@type\":\"ImageObject\",\"inLanguage\":\"en-US\",\"@id\":\"https:\\\/\\\/www.sunnyshop211.com\\\/produit\\\/%f0%9f%a6%87-mobile-chauve-souris-simulation-miniature-1-4\\\/#primaryimage\",\"url\":\"https:\\\/\\\/www.sunnyshop211.com\\\/wp-content\\\/uploads\\\/2024\\\/10\\\/34-scaled.jpg\",\"contentUrl\":\"https:\\\/\\\/www.sunnyshop211.com\\\/wp-content\\\/uploads\\\/2024\\\/10\\\/34-scaled.jpg\",\"width\":1707,\"height\":2560,\"caption\":\"Mobile chauve souris simulation miniature 1\\\/4 bjd, minifee, unoa ou autres de m\u00eame tailles.\"},{\"@type\":\"BreadcrumbList\",\"@id\":\"https:\\\/\\\/www.sunnyshop211.com\\\/produit\\\/%f0%9f%a6%87-mobile-chauve-souris-simulation-miniature-1-4\\\/#breadcrumb\",\"itemListElement\":[{\"@type\":\"ListItem\",\"position\":1,\"name\":\"Accueil\",\"item\":\"https:\\\/\\\/www.sunnyshop211.com\\\/\"},{\"@type\":\"ListItem\",\"position\":2,\"name\":\"Boutique\",\"item\":\"https:\\\/\\\/www.sunnyshop211.com\\\/boutique-miniature-bjd-dolls\\\/\"},{\"@type\":\"ListItem\",\"position\":3,\"name\":\"\ud83e\udd87 Mobile chauve-souris simulation miniature \u2013 1\\\/4,\"}]},{\"@type\":\"WebSite\",\"@id\":\"https:\\\/\\\/www.sunnyshop211.com\\\/#website\",\"url\":\"https:\\\/\\\/www.sunnyshop211.com\\\/\",\"name\":\"Vente de dioramas, meubles, miniatures , bjd poup\u00e9es 1\\\/12 1\\\/8 1\\\/6 1\\\/4 1\\\/3\",\"description\":\"Sunnyshop211 - Votre univers miniature pour poup\u00e9es et BJD, dioramas et meubles sur mesure !\",\"publisher\":{\"@id\":\"https:\\\/\\\/www.sunnyshop211.com\\\/#organization\"},\"alternateName\":\"sunnyshop211\",\"potentialAction\":[{\"@type\":\"SearchAction\",\"target\":{\"@type\":\"EntryPoint\",\"urlTemplate\":\"https:\\\/\\\/www.sunnyshop211.com\\\/?s={search_term_string}\"},\"query-input\":{\"@type\":\"PropertyValueSpecification\",\"valueRequired\":true,\"valueName\":\"search_term_string\"}}],\"inLanguage\":\"en-US\"},{\"@type\":\"Organization\",\"@id\":\"https:\\\/\\\/www.sunnyshop211.com\\\/#organization\",\"name\":\"sunnyshop211\",\"alternateName\":\"sunnyshop211 diorama bjd meuble miniature\",\"url\":\"https:\\\/\\\/www.sunnyshop211.com\\\/\",\"logo\":{\"@type\":\"ImageObject\",\"inLanguage\":\"en-US\",\"@id\":\"https:\\\/\\\/www.sunnyshop211.com\\\/#\\\/schema\\\/logo\\\/image\\\/\",\"url\":\"https:\\\/\\\/www.sunnyshop211.com\\\/wp-content\\\/uploads\\\/2022\\\/08\\\/cropped-cropped-cropped-Sunnyshop211-1.png\",\"contentUrl\":\"https:\\\/\\\/www.sunnyshop211.com\\\/wp-content\\\/uploads\\\/2022\\\/08\\\/cropped-cropped-cropped-Sunnyshop211-1.png\",\"width\":339,\"height\":339,\"caption\":\"sunnyshop211\"},\"image\":{\"@id\":\"https:\\\/\\\/www.sunnyshop211.com\\\/#\\\/schema\\\/logo\\\/image\\\/\"},\"sameAs\":[\"https:\\\/\\\/www.facebook.com\\\/sunnyshop211\\\/?ref=bookmarks\",\"https:\\\/\\\/x.com\\\/sunnyshop211\",\"https:\\\/\\\/www.instagram.com\\\/sunnyshop211\\\/\",\"https:\\\/\\\/www.tumblr.com\\\/blog\\\/sunnyshop211\",\"https:\\\/\\\/www.youtube.com\\\/channel\\\/UCtYY18OGGDKrTSzgcf7fCBg\",\"https:\\\/\\\/www.tiktok.com\\\/@sunnydollshop211?is_from_webapp=1&sender_device=pc\"]}]}<\/script>\n<!-- \/ Yoast SEO plugin. -->","yoast_head_json":{"title":"\ud83e\udd87 Mobile bat simulation miniature - 1\/4, -","description":"\ud83e\udd87 Miniature simulation bat mobile - 1\/4, bjd, minifee, unoa or other similar sizes. Ideal for dioramas and staging.","robots":{"index":"index","follow":"follow","max-snippet":"max-snippet:-1","max-image-preview":"max-image-preview:large","max-video-preview":"max-video-preview:-1"},"canonical":"https:\/\/www.sunnyshop211.com\/en\/product\/\ud83e\udd87-mobile-chauve-souris-simulation-miniature-1-4\/","og_locale":"en_US","og_type":"article","og_title":"\ud83e\udd87 Mobile chauve-souris simulation miniature \u2013 1\/4, -","og_description":"Miroir baroque simulation miniature 1\/6, 1\/4 Barbie, pullip, fashion royalty, bjd, minifee, unoa ou autres de m\u00eame tailles.","og_url":"https:\/\/www.sunnyshop211.com\/en\/product\/\ud83e\udd87-mobile-chauve-souris-simulation-miniature-1-4\/","og_site_name":"Sunnyshop211 -Vente de dioramas, meubles, miniatures , bjd poup\u00e9es 1\/12 1\/8 1\/6 1\/4 1\/3","article_publisher":"https:\/\/www.facebook.com\/sunnyshop211\/?ref=bookmarks","article_modified_time":"2025-12-30T18:13:24+00:00","og_image":[{"width":1707,"height":2560,"url":"https:\/\/www.sunnyshop211.com\/wp-content\/uploads\/2024\/10\/34-scaled.jpg","type":"image\/jpeg"}],"twitter_card":"summary_large_image","twitter_site":"@sunnyshop211","twitter_misc":{"Est. reading time":"2 minutes"},"schema":{"@context":"https:\/\/schema.org","@graph":[{"@type":"WebPage","@id":"https:\/\/www.sunnyshop211.com\/produit\/%f0%9f%a6%87-mobile-chauve-souris-simulation-miniature-1-4\/","url":"https:\/\/www.sunnyshop211.com\/produit\/%f0%9f%a6%87-mobile-chauve-souris-simulation-miniature-1-4\/","name":"\ud83e\udd87 Mobile bat simulation miniature - 1\/4, -","isPartOf":{"@id":"https:\/\/www.sunnyshop211.com\/#website"},"primaryImageOfPage":{"@id":"https:\/\/www.sunnyshop211.com\/produit\/%f0%9f%a6%87-mobile-chauve-souris-simulation-miniature-1-4\/#primaryimage"},"image":{"@id":"https:\/\/www.sunnyshop211.com\/produit\/%f0%9f%a6%87-mobile-chauve-souris-simulation-miniature-1-4\/#primaryimage"},"thumbnailUrl":"https:\/\/www.sunnyshop211.com\/wp-content\/uploads\/2024\/10\/34-scaled.jpg","datePublished":"2024-10-13T18:00:03+00:00","dateModified":"2025-12-30T18:13:24+00:00","description":"\ud83e\udd87 Miniature simulation bat mobile - 1\/4, bjd, minifee, unoa or other similar sizes. Ideal for dioramas and staging.","breadcrumb":{"@id":"https:\/\/www.sunnyshop211.com\/produit\/%f0%9f%a6%87-mobile-chauve-souris-simulation-miniature-1-4\/#breadcrumb"},"inLanguage":"en-US","potentialAction":[{"@type":"ReadAction","target":["https:\/\/www.sunnyshop211.com\/produit\/%f0%9f%a6%87-mobile-chauve-souris-simulation-miniature-1-4\/"]}]},{"@type":"ImageObject","inLanguage":"en-US","@id":"https:\/\/www.sunnyshop211.com\/produit\/%f0%9f%a6%87-mobile-chauve-souris-simulation-miniature-1-4\/#primaryimage","url":"https:\/\/www.sunnyshop211.com\/wp-content\/uploads\/2024\/10\/34-scaled.jpg","contentUrl":"https:\/\/www.sunnyshop211.com\/wp-content\/uploads\/2024\/10\/34-scaled.jpg","width":1707,"height":2560,"caption":"Mobile chauve souris simulation miniature 1\/4 bjd, minifee, unoa ou autres de m\u00eame tailles."},{"@type":"BreadcrumbList","@id":"https:\/\/www.sunnyshop211.com\/produit\/%f0%9f%a6%87-mobile-chauve-souris-simulation-miniature-1-4\/#breadcrumb","itemListElement":[{"@type":"ListItem","position":1,"name":"Accueil","item":"https:\/\/www.sunnyshop211.com\/"},{"@type":"ListItem","position":2,"name":"Boutique","item":"https:\/\/www.sunnyshop211.com\/boutique-miniature-bjd-dolls\/"},{"@type":"ListItem","position":3,"name":"\ud83e\udd87 Mobile chauve-souris simulation miniature \u2013 1\/4,"}]},{"@type":"WebSite","@id":"https:\/\/www.sunnyshop211.com\/#website","url":"https:\/\/www.sunnyshop211.com\/","name":"Sale of dioramas, furniture, miniatures, bjd dolls 1\/12 1\/8 1\/6 1\/4 1\/3","description":"Sunnyshop211 - Your miniature world for dolls and BJDs, dioramas and custom-made furniture!","publisher":{"@id":"https:\/\/www.sunnyshop211.com\/#organization"},"alternateName":"sunnyshop211","potentialAction":[{"@type":"SearchAction","target":{"@type":"EntryPoint","urlTemplate":"https:\/\/www.sunnyshop211.com\/?s={search_term_string}"},"query-input":{"@type":"PropertyValueSpecification","valueRequired":true,"valueName":"search_term_string"}}],"inLanguage":"en-US"},{"@type":"Organization","@id":"https:\/\/www.sunnyshop211.com\/#organization","name":"sunnyshop211","alternateName":"sunnyshop211 diorama bjd meuble miniature","url":"https:\/\/www.sunnyshop211.com\/","logo":{"@type":"ImageObject","inLanguage":"en-US","@id":"https:\/\/www.sunnyshop211.com\/#\/schema\/logo\/image\/","url":"https:\/\/www.sunnyshop211.com\/wp-content\/uploads\/2022\/08\/cropped-cropped-cropped-Sunnyshop211-1.png","contentUrl":"https:\/\/www.sunnyshop211.com\/wp-content\/uploads\/2022\/08\/cropped-cropped-cropped-Sunnyshop211-1.png","width":339,"height":339,"caption":"sunnyshop211"},"image":{"@id":"https:\/\/www.sunnyshop211.com\/#\/schema\/logo\/image\/"},"sameAs":["https:\/\/www.facebook.com\/sunnyshop211\/?ref=bookmarks","https:\/\/x.com\/sunnyshop211","https:\/\/www.instagram.com\/sunnyshop211\/","https:\/\/www.tumblr.com\/blog\/sunnyshop211","https:\/\/www.youtube.com\/channel\/UCtYY18OGGDKrTSzgcf7fCBg","https:\/\/www.tiktok.com\/@sunnydollshop211?is_from_webapp=1&sender_device=pc"]}]}},"jetpack_publicize_connections":[],"jetpack_sharing_enabled":true,"_links":{"self":[{"href":"https:\/\/www.sunnyshop211.com\/en\/wp-json\/wp\/v2\/product\/43113","targetHints":{"allow":["GET"]}}],"collection":[{"href":"https:\/\/www.sunnyshop211.com\/en\/wp-json\/wp\/v2\/product"}],"about":[{"href":"https:\/\/www.sunnyshop211.com\/en\/wp-json\/wp\/v2\/types\/product"}],"replies":[{"embeddable":true,"href":"https:\/\/www.sunnyshop211.com\/en\/wp-json\/wp\/v2\/comments?post=43113"}],"version-history":[{"count":3,"href":"https:\/\/www.sunnyshop211.com\/en\/wp-json\/wp\/v2\/product\/43113\/revisions"}],"predecessor-version":[{"id":52800,"href":"https:\/\/www.sunnyshop211.com\/en\/wp-json\/wp\/v2\/product\/43113\/revisions\/52800"}],"wp:featuredmedia":[{"embeddable":true,"href":"https:\/\/www.sunnyshop211.com\/en\/wp-json\/wp\/v2\/media\/42807"}],"wp:attachment":[{"href":"https:\/\/www.sunnyshop211.com\/en\/wp-json\/wp\/v2\/media?parent=43113"}],"wp:term":[{"taxonomy":"product_brand","embeddable":true,"href":"https:\/\/www.sunnyshop211.com\/en\/wp-json\/wp\/v2\/product_brand?post=43113"},{"taxonomy":"product_cat","embeddable":true,"href":"https:\/\/www.sunnyshop211.com\/en\/wp-json\/wp\/v2\/product_cat?post=43113"},{"taxonomy":"product_tag","embeddable":true,"href":"https:\/\/www.sunnyshop211.com\/en\/wp-json\/wp\/v2\/product_tag?post=43113"}],"curies":[{"name":"wp","href":"https:\/\/api.w.org\/{rel}","templated":true}]}}