{"id":43045,"date":"2024-10-13T17:21:58","date_gmt":"2024-10-13T16:21:58","guid":{"rendered":"https:\/\/www.sunnyshop211.com\/?post_type=product&#038;p=43045"},"modified":"2025-12-23T17:56:58","modified_gmt":"2025-12-23T16:56:58","slug":"%f0%9f%8e%83-t-shirt-halloween-bebe-bjd-vetement-miniature-10-cm","status":"publish","type":"product","link":"https:\/\/www.sunnyshop211.com\/en\/product\/%f0%9f%8e%83-t-shirt-halloween-bebe-bjd-vetement-miniature-10-cm\/","title":{"rendered":"\ud83c\udf83 Halloween baby T-shirt BJD - Miniature garment (10 cm)"},"content":{"rendered":"<div id='gallery-1' class='gallery galleryid-43045 gallery-columns-3 gallery-size-thumbnail'><figure class='gallery-item'>\n\t\t\t<div class='gallery-icon landscape'>\n\t\t\t\t<a href='https:\/\/www.sunnyshop211.com\/en\/?attachment_id=42850'><img decoding=\"async\" width=\"150\" height=\"150\" src=\"https:\/\/www.sunnyshop211.com\/wp-content\/uploads\/2024\/10\/76-150x150.jpg\" class=\"attachment-thumbnail size-thumbnail\" alt=\"T-shirt halloween bjd b\u00e9b\u00e9 10 cm, pour &quot;Louis et L\u00e9na&quot;\" srcset=\"https:\/\/www.sunnyshop211.com\/wp-content\/uploads\/2024\/10\/76-150x150.jpg 150w, https:\/\/www.sunnyshop211.com\/wp-content\/uploads\/2024\/10\/76-500x500.jpg 500w, https:\/\/www.sunnyshop211.com\/wp-content\/uploads\/2024\/10\/76-100x100.jpg 100w\" sizes=\"(max-width: 150px) 100vw, 150px\" \/><\/a>\n\t\t\t<\/div><\/figure><figure class='gallery-item'>\n\t\t\t<div class='gallery-icon landscape'>\n\t\t\t\t<a href='https:\/\/www.sunnyshop211.com\/en\/?attachment_id=42848'><img decoding=\"async\" width=\"150\" height=\"150\" src=\"https:\/\/www.sunnyshop211.com\/wp-content\/uploads\/2024\/10\/74-150x150.jpg\" class=\"attachment-thumbnail size-thumbnail\" alt=\"\" srcset=\"https:\/\/www.sunnyshop211.com\/wp-content\/uploads\/2024\/10\/74-150x150.jpg 150w, https:\/\/www.sunnyshop211.com\/wp-content\/uploads\/2024\/10\/74-500x500.jpg 500w, https:\/\/www.sunnyshop211.com\/wp-content\/uploads\/2024\/10\/74-100x100.jpg 100w\" sizes=\"(max-width: 150px) 100vw, 150px\" \/><\/a>\n\t\t\t<\/div><\/figure><figure class='gallery-item'>\n\t\t\t<div class='gallery-icon landscape'>\n\t\t\t\t<a href='https:\/\/www.sunnyshop211.com\/en\/?attachment_id=42847'><img decoding=\"async\" width=\"150\" height=\"150\" src=\"https:\/\/www.sunnyshop211.com\/wp-content\/uploads\/2024\/10\/73-150x150.jpg\" class=\"attachment-thumbnail size-thumbnail\" alt=\"\" srcset=\"https:\/\/www.sunnyshop211.com\/wp-content\/uploads\/2024\/10\/73-150x150.jpg 150w, https:\/\/www.sunnyshop211.com\/wp-content\/uploads\/2024\/10\/73-500x500.jpg 500w, https:\/\/www.sunnyshop211.com\/wp-content\/uploads\/2024\/10\/73-100x100.jpg 100w\" sizes=\"(max-width: 150px) 100vw, 150px\" \/><\/a>\n\t\t\t<\/div><\/figure>\n\t\t<\/div>\n\n<p>&nbsp;<\/p>\n<h2 data-start=\"200\" data-end=\"264\">\ud83c\udf83 <strong data-start=\"203\" data-end=\"262\">BJD Baby Halloween T-shirt - Miniature garment (10 cm)<\/strong><\/h2>\n<p data-start=\"266\" data-end=\"318\">Decorative miniature garment - Handcrafted creation<\/p>\n<hr data-start=\"320\" data-end=\"323\" \/>\n<p data-start=\"325\" data-end=\"343\">\ud83c\udf3f <strong data-start=\"328\" data-end=\"343\">Description<\/strong><\/p>\n<p data-start=\"345\" data-end=\"602\">This miniature Halloween t-shirt is specially designed to dress up your <strong data-start=\"417\" data-end=\"439\">10 cm BJD babies<\/strong> and create festive, autumnal settings.<br data-start=\"491\" data-end=\"494\" \/>With its Halloween motifs, it's the perfect way to celebrate this sweet season in your baby world.<\/p>\n<hr data-start=\"604\" data-end=\"607\" \/>\n<p data-start=\"609\" data-end=\"642\">\ud83d\udc95 <strong data-start=\"612\" data-end=\"642\">Details &amp; features<\/strong><\/p>\n<p data-start=\"644\" data-end=\"657\">\ud83d\udc55 <strong data-start=\"647\" data-end=\"657\">Model<\/strong><\/p>\n<p data-start=\"659\" data-end=\"719\">- BJD baby T-shirt <strong data-start=\"678\" data-end=\"697\">short-sleeved<\/strong><br data-start=\"697\" data-end=\"700\" \/>- Color <strong data-start=\"710\" data-end=\"719\">white<\/strong><\/p>\n<p data-start=\"721\" data-end=\"743\">\ud83c\udf83 <strong data-start=\"724\" data-end=\"743\">Choice of motifs<\/strong><\/p>\n<p data-start=\"745\" data-end=\"806\">- <strong data-start=\"747\" data-end=\"761\">Pumpkin<\/strong><br data-start=\"761\" data-end=\"764\" \/>- <strong data-start=\"766\" data-end=\"782\">Black Ghost<\/strong><br data-start=\"782\" data-end=\"785\" \/>- <strong data-start=\"787\" data-end=\"804\">Bats<\/strong><\/p>\n<p data-start=\"808\" data-end=\"824\">\ud83e\uddf7 <strong data-start=\"811\" data-end=\"824\">Closing<\/strong><\/p>\n<p data-start=\"826\" data-end=\"918\">- Closing by <strong data-start=\"842\" data-end=\"865\">Velcro fastening on back<\/strong><br data-start=\"865\" data-end=\"868\" \/>- Opens fully for easy <strong data-start=\"898\" data-end=\"918\">easy dressing<\/strong><\/p>\n<p data-start=\"920\" data-end=\"949\">\ud83d\udccf <strong data-start=\"923\" data-end=\"949\">Size &amp; compatibility<\/strong><\/p>\n<p data-start=\"951\" data-end=\"1054\">- Suitable for BJD babies <strong data-start=\"976\" data-end=\"996\">10 cm \/ 4 inches<\/strong><br data-start=\"996\" data-end=\"999\" \/>- Specially adapted for my babies <strong data-start=\"1033\" data-end=\"1054\">\" <a href=\"https:\/\/www.sunnyshop211.com\/en\/product\/bjd-bebe-louis-et-lena-mini-bebe-10-cm-mini-reborn\/\">Louis and L\u00e9na<\/a> \"<\/strong><\/p>\n<p data-start=\"1056\" data-end=\"1132\">\ud83d\udcb0 <strong data-start=\"1059\" data-end=\"1091\">Price per t-shirt<\/strong><br data-start=\"1091\" data-end=\"1094\" \/>\u26a0\ufe0f Sold <strong data-start=\"1103\" data-end=\"1131\">without baby and accessories<\/strong>.<\/p>\n<hr data-start=\"1134\" data-end=\"1137\" \/>\n<p data-start=\"1139\" data-end=\"1168\">\ud83d\udc57 <strong data-start=\"1142\" data-end=\"1168\">Dress-up ideas<\/strong><\/p>\n<p data-start=\"1170\" data-end=\"1297\">- Perfect with a <strong data-start=\"1189\" data-end=\"1202\">overalls<\/strong>a <strong data-start=\"1208\" data-end=\"1216\">dress<\/strong> or a <strong data-start=\"1223\" data-end=\"1233\">pyjamas<\/strong><br data-start=\"1233\" data-end=\"1236\" \/>- Ideal for Halloween, autumn and cosy baby scenes<\/p>\n<p data-start=\"1299\" data-end=\"1360\">\ud83e\uddf8 Other baby clothes are available in the boutique.<\/p>\n<hr data-start=\"1362\" data-end=\"1365\" \/>\n<h3 data-start=\"1367\" data-end=\"1395\">\u2728 <strong data-start=\"1369\" data-end=\"1395\">Handcrafted products<\/strong><\/h3>\n<p data-start=\"1397\" data-end=\"1417\">Each T-shirt is :<\/p>\n<p data-start=\"1419\" data-end=\"1502\">- Handcrafted<br data-start=\"1443\" data-end=\"1446\" \/>- Customized by hand<br data-start=\"1467\" data-end=\"1470\" \/>- For decorative use<\/p>\n<p data-start=\"1504\" data-end=\"1613\">Slight variations (shape, shade, pattern placement) are inherent to the handcrafted nature of the product.<\/p>\n<hr data-start=\"1615\" data-end=\"1618\" \/>\n<p data-start=\"1620\" data-end=\"1656\">\ud83e\udeb4 <strong data-start=\"1623\" data-end=\"1656\">Staging &amp; compatibility<\/strong><\/p>\n<p data-start=\"1658\" data-end=\"1797\">- Ideal for baby and seasonal settings<br data-start=\"1713\" data-end=\"1716\" \/>- Compatible with furniture and accessories sold separately in the store<\/p>\n<p data-start=\"1799\" data-end=\"1958\">\ud83d\udc76 The <strong data-start=\"1806\" data-end=\"1835\">Louis and L\u00e9na\u201c BJD babies\u201d<\/strong> are available separately.<br data-start=\"1864\" data-end=\"1867\" \/>\ud83d\udc55 The <strong data-start=\"1873\" data-end=\"1889\">bunny pyjamas<\/strong> and other matching outfits are also available in the boutique.<\/p>\n<hr data-start=\"1960\" data-end=\"1963\" \/>\n<p data-start=\"1965\" data-end=\"1991\">\u23f3 <strong data-start=\"1967\" data-end=\"1991\">Manufacturing &amp; lead times<\/strong><\/p>\n<p data-start=\"1993\" data-end=\"2144\">\ud83d\udee0\ufe0f Made-to-order items<br data-start=\"2025\" data-end=\"2028\" \/>Please take into account the manufacturing and delivery times indicated in the <a href=\"https:\/\/www.sunnyshop211.com\/en\/conditions-generales-de-ventes-et-delais-de-livraisons\/\"><strong data-start=\"2110\" data-end=\"2143\">Terms &amp; Conditions<\/strong>.<\/a><\/p>\n<hr data-start=\"2146\" data-end=\"2149\" \/>\n<p data-start=\"2151\" data-end=\"2182\">\u26a0\ufe0f <strong data-start=\"2154\" data-end=\"2182\">Important information<\/strong><\/p>\n<p data-start=\"2184\" data-end=\"2435\">- Fictitious and decorative miniature garment<br data-start=\"2224\" data-end=\"2227\" \/>- This is not <strong data-start=\"2240\" data-end=\"2256\">not a toy<\/strong><br data-start=\"2256\" data-end=\"2259\" \/>- Article intended for an adult, collector audience<br data-start=\"2313\" data-end=\"2316\" \/>- The photos are examples of staging<br data-start=\"2363\" data-end=\"2366\" \/>- I am not responsible for any damage incurred in transit.<\/p>\n<p data-start=\"2437\" data-end=\"2504\">\ud83d\udcf8 More photos and inspiration on Instagram : <a href=\"http:\/\/: https:\/\/www.instagram.com\/sunnyshop211\/\"><strong data-start=\"2487\" data-end=\"2504\">@sunnyshop211<\/strong><\/a><\/p>\n<p>&nbsp;<\/p>","protected":false},"excerpt":{"rendered":"<p>&nbsp; \ud83c\udf83 T-shirt Halloween b\u00e9b\u00e9 BJD \u2013 V\u00eatement miniature (10 cm) V\u00eatement miniature d\u00e9coratif \u2013 Cr\u00e9ation artisanale \ud83c\udf3f Description Ce t-shirt Halloween miniature est sp\u00e9cialement con\u00e7u pour habiller vos b\u00e9b\u00e9s BJD de 10 cm et cr\u00e9er des mises en sc\u00e8ne festives et automnales.Avec ses motifs Halloween, il est parfait pour c\u00e9l\u00e9brer cette p\u00e9riode tout en [&hellip;]<\/p>\n","protected":false},"featured_media":42850,"comment_status":"open","ping_status":"closed","template":"","meta":{"_crdt_document":"","jetpack_publicize_message":"","jetpack_publicize_feature_enabled":true,"jetpack_social_post_already_shared":true,"jetpack_social_options":{"image_generator_settings":{"template":"highway","default_image_id":0,"font":"","enabled":false},"version":2}},"product_brand":[],"product_cat":[667686985,667686974],"product_tag":[667681137,667681138,667686986,667681145,667681143,667681136,667681142,667681139,667681144,667681173,667681141,667681140],"class_list":{"0":"post-43045","1":"product","2":"type-product","3":"status-publish","4":"has-post-thumbnail","6":"product_cat-bebe-vampire","7":"product_cat-bebe-bjd-10-cm","8":"product_tag-baby","9":"product_tag-bebe","10":"product_tag-bebe-vampire","11":"product_tag-bed","12":"product_tag-bedroom","13":"product_tag-bjd","14":"product_tag-chambre","15":"product_tag-lati-yellow","16":"product_tag-lit","17":"product_tag-minifee","18":"product_tag-nappy-choo","19":"product_tag-pukifee","20":"product_shipping_class-lettre-suivie-3","22":"first","23":"instock","24":"purchasable","25":"product-type-variable"},"yoast_head":"<!-- This site is optimized with the Yoast SEO plugin v27.6 - https:\/\/yoast.com\/product\/yoast-seo-wordpress\/ -->\n<title>\ud83c\udf83 T-shirt Halloween b\u00e9b\u00e9 BJD \u2013 V\u00eatement miniature (10 cm) -<\/title>\n<meta name=\"description\" content=\"\ud83c\udf83 T-shirt Halloween b\u00e9b\u00e9 BJD \u2013 V\u00eatement miniature (10 cm), pour &quot;Louis et L\u00e9na&quot; . Petit t-shirt pour mes b\u00e9b\u00e9s bjd diff\u00e9rentes couleurs disponible\" \/>\n<meta name=\"robots\" content=\"index, follow, max-snippet:-1, max-image-preview:large, max-video-preview:-1\" \/>\n<link rel=\"canonical\" href=\"https:\/\/www.sunnyshop211.com\/en\/product\/\ud83c\udf83-t-shirt-halloween-bebe-bjd-vetement-miniature-10-cm\/\" \/>\n<meta property=\"og:locale\" content=\"en_US\" \/>\n<meta property=\"og:type\" content=\"article\" \/>\n<meta property=\"og:title\" content=\"\ud83c\udf83 T-shirt Halloween b\u00e9b\u00e9 BJD \u2013 V\u00eatement miniature (10 cm) -\" \/>\n<meta property=\"og:description\" content=\"T-shirt bjd b\u00e9b\u00e9 10 cm, pour &quot;Louis et L\u00e9na&quot; . Petit t-shirt pour mes b\u00e9b\u00e9s bjd diff\u00e9rentes couleurs disponible, en quantit\u00e9 limit\u00e9\" \/>\n<meta property=\"og:url\" content=\"https:\/\/www.sunnyshop211.com\/en\/product\/\ud83c\udf83-t-shirt-halloween-bebe-bjd-vetement-miniature-10-cm\/\" \/>\n<meta property=\"og:site_name\" content=\"Sunnyshop211 -Vente de dioramas, meubles, miniatures , bjd poup\u00e9es 1\/12 1\/8 1\/6 1\/4 1\/3\" \/>\n<meta property=\"article:publisher\" content=\"https:\/\/www.facebook.com\/sunnyshop211\/?ref=bookmarks\" \/>\n<meta property=\"article:modified_time\" content=\"2025-12-23T16:56:58+00:00\" \/>\n<meta property=\"og:image\" content=\"https:\/\/www.sunnyshop211.com\/wp-content\/uploads\/2024\/10\/76-scaled.jpg\" \/>\n\t<meta property=\"og:image:width\" content=\"2560\" \/>\n\t<meta property=\"og:image:height\" content=\"1707\" \/>\n\t<meta property=\"og:image:type\" content=\"image\/jpeg\" \/>\n<meta name=\"twitter:card\" content=\"summary_large_image\" \/>\n<meta name=\"twitter:site\" content=\"@sunnyshop211\" \/>\n<meta name=\"twitter:label1\" content=\"Est. reading time\" \/>\n\t<meta name=\"twitter:data1\" content=\"2 minutes\" \/>\n<script type=\"application\/ld+json\" class=\"yoast-schema-graph\">{\"@context\":\"https:\\\/\\\/schema.org\",\"@graph\":[{\"@type\":\"WebPage\",\"@id\":\"https:\\\/\\\/www.sunnyshop211.com\\\/produit\\\/%f0%9f%8e%83-t-shirt-halloween-bebe-bjd-vetement-miniature-10-cm\\\/\",\"url\":\"https:\\\/\\\/www.sunnyshop211.com\\\/produit\\\/%f0%9f%8e%83-t-shirt-halloween-bebe-bjd-vetement-miniature-10-cm\\\/\",\"name\":\"\ud83c\udf83 T-shirt Halloween b\u00e9b\u00e9 BJD \u2013 V\u00eatement miniature (10 cm) -\",\"isPartOf\":{\"@id\":\"https:\\\/\\\/www.sunnyshop211.com\\\/#website\"},\"primaryImageOfPage\":{\"@id\":\"https:\\\/\\\/www.sunnyshop211.com\\\/produit\\\/%f0%9f%8e%83-t-shirt-halloween-bebe-bjd-vetement-miniature-10-cm\\\/#primaryimage\"},\"image\":{\"@id\":\"https:\\\/\\\/www.sunnyshop211.com\\\/produit\\\/%f0%9f%8e%83-t-shirt-halloween-bebe-bjd-vetement-miniature-10-cm\\\/#primaryimage\"},\"thumbnailUrl\":\"https:\\\/\\\/www.sunnyshop211.com\\\/wp-content\\\/uploads\\\/2024\\\/10\\\/76-scaled.jpg\",\"datePublished\":\"2024-10-13T16:21:58+00:00\",\"dateModified\":\"2025-12-23T16:56:58+00:00\",\"description\":\"\ud83c\udf83 T-shirt Halloween b\u00e9b\u00e9 BJD \u2013 V\u00eatement miniature (10 cm), pour \\\"Louis et L\u00e9na\\\" . Petit t-shirt pour mes b\u00e9b\u00e9s bjd diff\u00e9rentes couleurs disponible\",\"breadcrumb\":{\"@id\":\"https:\\\/\\\/www.sunnyshop211.com\\\/produit\\\/%f0%9f%8e%83-t-shirt-halloween-bebe-bjd-vetement-miniature-10-cm\\\/#breadcrumb\"},\"inLanguage\":\"en-US\",\"potentialAction\":[{\"@type\":\"ReadAction\",\"target\":[\"https:\\\/\\\/www.sunnyshop211.com\\\/produit\\\/%f0%9f%8e%83-t-shirt-halloween-bebe-bjd-vetement-miniature-10-cm\\\/\"]}]},{\"@type\":\"ImageObject\",\"inLanguage\":\"en-US\",\"@id\":\"https:\\\/\\\/www.sunnyshop211.com\\\/produit\\\/%f0%9f%8e%83-t-shirt-halloween-bebe-bjd-vetement-miniature-10-cm\\\/#primaryimage\",\"url\":\"https:\\\/\\\/www.sunnyshop211.com\\\/wp-content\\\/uploads\\\/2024\\\/10\\\/76-scaled.jpg\",\"contentUrl\":\"https:\\\/\\\/www.sunnyshop211.com\\\/wp-content\\\/uploads\\\/2024\\\/10\\\/76-scaled.jpg\",\"width\":2560,\"height\":1707,\"caption\":\"T-shirt halloween bjd b\u00e9b\u00e9 10 cm, pour \\\"Louis et L\u00e9na\\\"\"},{\"@type\":\"BreadcrumbList\",\"@id\":\"https:\\\/\\\/www.sunnyshop211.com\\\/produit\\\/%f0%9f%8e%83-t-shirt-halloween-bebe-bjd-vetement-miniature-10-cm\\\/#breadcrumb\",\"itemListElement\":[{\"@type\":\"ListItem\",\"position\":1,\"name\":\"Accueil\",\"item\":\"https:\\\/\\\/www.sunnyshop211.com\\\/\"},{\"@type\":\"ListItem\",\"position\":2,\"name\":\"Boutique\",\"item\":\"https:\\\/\\\/www.sunnyshop211.com\\\/boutique-miniature-bjd-dolls\\\/\"},{\"@type\":\"ListItem\",\"position\":3,\"name\":\"\ud83c\udf83 T-shirt Halloween b\u00e9b\u00e9 BJD \u2013 V\u00eatement miniature (10 cm)\"}]},{\"@type\":\"WebSite\",\"@id\":\"https:\\\/\\\/www.sunnyshop211.com\\\/#website\",\"url\":\"https:\\\/\\\/www.sunnyshop211.com\\\/\",\"name\":\"Vente de dioramas, meubles, miniatures , bjd poup\u00e9es 1\\\/12 1\\\/8 1\\\/6 1\\\/4 1\\\/3\",\"description\":\"Sunnyshop211 - Votre univers miniature pour poup\u00e9es et BJD, dioramas et meubles sur mesure !\",\"publisher\":{\"@id\":\"https:\\\/\\\/www.sunnyshop211.com\\\/#organization\"},\"alternateName\":\"sunnyshop211\",\"potentialAction\":[{\"@type\":\"SearchAction\",\"target\":{\"@type\":\"EntryPoint\",\"urlTemplate\":\"https:\\\/\\\/www.sunnyshop211.com\\\/?s={search_term_string}\"},\"query-input\":{\"@type\":\"PropertyValueSpecification\",\"valueRequired\":true,\"valueName\":\"search_term_string\"}}],\"inLanguage\":\"en-US\"},{\"@type\":\"Organization\",\"@id\":\"https:\\\/\\\/www.sunnyshop211.com\\\/#organization\",\"name\":\"sunnyshop211\",\"alternateName\":\"sunnyshop211 diorama bjd meuble miniature\",\"url\":\"https:\\\/\\\/www.sunnyshop211.com\\\/\",\"logo\":{\"@type\":\"ImageObject\",\"inLanguage\":\"en-US\",\"@id\":\"https:\\\/\\\/www.sunnyshop211.com\\\/#\\\/schema\\\/logo\\\/image\\\/\",\"url\":\"https:\\\/\\\/www.sunnyshop211.com\\\/wp-content\\\/uploads\\\/2022\\\/08\\\/cropped-cropped-cropped-Sunnyshop211-1.png\",\"contentUrl\":\"https:\\\/\\\/www.sunnyshop211.com\\\/wp-content\\\/uploads\\\/2022\\\/08\\\/cropped-cropped-cropped-Sunnyshop211-1.png\",\"width\":339,\"height\":339,\"caption\":\"sunnyshop211\"},\"image\":{\"@id\":\"https:\\\/\\\/www.sunnyshop211.com\\\/#\\\/schema\\\/logo\\\/image\\\/\"},\"sameAs\":[\"https:\\\/\\\/www.facebook.com\\\/sunnyshop211\\\/?ref=bookmarks\",\"https:\\\/\\\/x.com\\\/sunnyshop211\",\"https:\\\/\\\/www.instagram.com\\\/sunnyshop211\\\/\",\"https:\\\/\\\/www.tumblr.com\\\/blog\\\/sunnyshop211\",\"https:\\\/\\\/www.youtube.com\\\/channel\\\/UCtYY18OGGDKrTSzgcf7fCBg\",\"https:\\\/\\\/www.tiktok.com\\\/@sunnydollshop211?is_from_webapp=1&sender_device=pc\"]}]}<\/script>\n<!-- \/ Yoast SEO plugin. -->","yoast_head_json":{"title":"\ud83c\udf83 Halloween T-shirt baby BJD - Miniature garment (10 cm) -","description":"\ud83c\udf83 Halloween T-shirt baby BJD - Miniature garment (10 cm), for \"Louis et L\u00e9na\" . Small t-shirt for my babies bjd different colors available","robots":{"index":"index","follow":"follow","max-snippet":"max-snippet:-1","max-image-preview":"max-image-preview:large","max-video-preview":"max-video-preview:-1"},"canonical":"https:\/\/www.sunnyshop211.com\/en\/product\/\ud83c\udf83-t-shirt-halloween-bebe-bjd-vetement-miniature-10-cm\/","og_locale":"en_US","og_type":"article","og_title":"\ud83c\udf83 T-shirt Halloween b\u00e9b\u00e9 BJD \u2013 V\u00eatement miniature (10 cm) -","og_description":"T-shirt bjd b\u00e9b\u00e9 10 cm, pour \"Louis et L\u00e9na\" . Petit t-shirt pour mes b\u00e9b\u00e9s bjd diff\u00e9rentes couleurs disponible, en quantit\u00e9 limit\u00e9","og_url":"https:\/\/www.sunnyshop211.com\/en\/product\/\ud83c\udf83-t-shirt-halloween-bebe-bjd-vetement-miniature-10-cm\/","og_site_name":"Sunnyshop211 -Vente de dioramas, meubles, miniatures , bjd poup\u00e9es 1\/12 1\/8 1\/6 1\/4 1\/3","article_publisher":"https:\/\/www.facebook.com\/sunnyshop211\/?ref=bookmarks","article_modified_time":"2025-12-23T16:56:58+00:00","og_image":[{"width":2560,"height":1707,"url":"https:\/\/www.sunnyshop211.com\/wp-content\/uploads\/2024\/10\/76-scaled.jpg","type":"image\/jpeg"}],"twitter_card":"summary_large_image","twitter_site":"@sunnyshop211","twitter_misc":{"Est. reading time":"2 minutes"},"schema":{"@context":"https:\/\/schema.org","@graph":[{"@type":"WebPage","@id":"https:\/\/www.sunnyshop211.com\/produit\/%f0%9f%8e%83-t-shirt-halloween-bebe-bjd-vetement-miniature-10-cm\/","url":"https:\/\/www.sunnyshop211.com\/produit\/%f0%9f%8e%83-t-shirt-halloween-bebe-bjd-vetement-miniature-10-cm\/","name":"\ud83c\udf83 Halloween T-shirt baby BJD - Miniature garment (10 cm) -","isPartOf":{"@id":"https:\/\/www.sunnyshop211.com\/#website"},"primaryImageOfPage":{"@id":"https:\/\/www.sunnyshop211.com\/produit\/%f0%9f%8e%83-t-shirt-halloween-bebe-bjd-vetement-miniature-10-cm\/#primaryimage"},"image":{"@id":"https:\/\/www.sunnyshop211.com\/produit\/%f0%9f%8e%83-t-shirt-halloween-bebe-bjd-vetement-miniature-10-cm\/#primaryimage"},"thumbnailUrl":"https:\/\/www.sunnyshop211.com\/wp-content\/uploads\/2024\/10\/76-scaled.jpg","datePublished":"2024-10-13T16:21:58+00:00","dateModified":"2025-12-23T16:56:58+00:00","description":"\ud83c\udf83 Halloween T-shirt baby BJD - Miniature garment (10 cm), for \"Louis et L\u00e9na\" . Small t-shirt for my babies bjd different colors available","breadcrumb":{"@id":"https:\/\/www.sunnyshop211.com\/produit\/%f0%9f%8e%83-t-shirt-halloween-bebe-bjd-vetement-miniature-10-cm\/#breadcrumb"},"inLanguage":"en-US","potentialAction":[{"@type":"ReadAction","target":["https:\/\/www.sunnyshop211.com\/produit\/%f0%9f%8e%83-t-shirt-halloween-bebe-bjd-vetement-miniature-10-cm\/"]}]},{"@type":"ImageObject","inLanguage":"en-US","@id":"https:\/\/www.sunnyshop211.com\/produit\/%f0%9f%8e%83-t-shirt-halloween-bebe-bjd-vetement-miniature-10-cm\/#primaryimage","url":"https:\/\/www.sunnyshop211.com\/wp-content\/uploads\/2024\/10\/76-scaled.jpg","contentUrl":"https:\/\/www.sunnyshop211.com\/wp-content\/uploads\/2024\/10\/76-scaled.jpg","width":2560,"height":1707,"caption":"T-shirt halloween bjd b\u00e9b\u00e9 10 cm, pour \"Louis et L\u00e9na\""},{"@type":"BreadcrumbList","@id":"https:\/\/www.sunnyshop211.com\/produit\/%f0%9f%8e%83-t-shirt-halloween-bebe-bjd-vetement-miniature-10-cm\/#breadcrumb","itemListElement":[{"@type":"ListItem","position":1,"name":"Accueil","item":"https:\/\/www.sunnyshop211.com\/"},{"@type":"ListItem","position":2,"name":"Boutique","item":"https:\/\/www.sunnyshop211.com\/boutique-miniature-bjd-dolls\/"},{"@type":"ListItem","position":3,"name":"\ud83c\udf83 T-shirt Halloween b\u00e9b\u00e9 BJD \u2013 V\u00eatement miniature (10 cm)"}]},{"@type":"WebSite","@id":"https:\/\/www.sunnyshop211.com\/#website","url":"https:\/\/www.sunnyshop211.com\/","name":"Sale of dioramas, furniture, miniatures, bjd dolls 1\/12 1\/8 1\/6 1\/4 1\/3","description":"Sunnyshop211 - Your miniature world for dolls and BJDs, dioramas and custom-made furniture!","publisher":{"@id":"https:\/\/www.sunnyshop211.com\/#organization"},"alternateName":"sunnyshop211","potentialAction":[{"@type":"SearchAction","target":{"@type":"EntryPoint","urlTemplate":"https:\/\/www.sunnyshop211.com\/?s={search_term_string}"},"query-input":{"@type":"PropertyValueSpecification","valueRequired":true,"valueName":"search_term_string"}}],"inLanguage":"en-US"},{"@type":"Organization","@id":"https:\/\/www.sunnyshop211.com\/#organization","name":"sunnyshop211","alternateName":"sunnyshop211 diorama bjd meuble miniature","url":"https:\/\/www.sunnyshop211.com\/","logo":{"@type":"ImageObject","inLanguage":"en-US","@id":"https:\/\/www.sunnyshop211.com\/#\/schema\/logo\/image\/","url":"https:\/\/www.sunnyshop211.com\/wp-content\/uploads\/2022\/08\/cropped-cropped-cropped-Sunnyshop211-1.png","contentUrl":"https:\/\/www.sunnyshop211.com\/wp-content\/uploads\/2022\/08\/cropped-cropped-cropped-Sunnyshop211-1.png","width":339,"height":339,"caption":"sunnyshop211"},"image":{"@id":"https:\/\/www.sunnyshop211.com\/#\/schema\/logo\/image\/"},"sameAs":["https:\/\/www.facebook.com\/sunnyshop211\/?ref=bookmarks","https:\/\/x.com\/sunnyshop211","https:\/\/www.instagram.com\/sunnyshop211\/","https:\/\/www.tumblr.com\/blog\/sunnyshop211","https:\/\/www.youtube.com\/channel\/UCtYY18OGGDKrTSzgcf7fCBg","https:\/\/www.tiktok.com\/@sunnydollshop211?is_from_webapp=1&sender_device=pc"]}]}},"jetpack_publicize_connections":[],"jetpack_sharing_enabled":true,"_links":{"self":[{"href":"https:\/\/www.sunnyshop211.com\/en\/wp-json\/wp\/v2\/product\/43045","targetHints":{"allow":["GET"]}}],"collection":[{"href":"https:\/\/www.sunnyshop211.com\/en\/wp-json\/wp\/v2\/product"}],"about":[{"href":"https:\/\/www.sunnyshop211.com\/en\/wp-json\/wp\/v2\/types\/product"}],"replies":[{"embeddable":true,"href":"https:\/\/www.sunnyshop211.com\/en\/wp-json\/wp\/v2\/comments?post=43045"}],"version-history":[{"count":3,"href":"https:\/\/www.sunnyshop211.com\/en\/wp-json\/wp\/v2\/product\/43045\/revisions"}],"predecessor-version":[{"id":52476,"href":"https:\/\/www.sunnyshop211.com\/en\/wp-json\/wp\/v2\/product\/43045\/revisions\/52476"}],"wp:featuredmedia":[{"embeddable":true,"href":"https:\/\/www.sunnyshop211.com\/en\/wp-json\/wp\/v2\/media\/42850"}],"wp:attachment":[{"href":"https:\/\/www.sunnyshop211.com\/en\/wp-json\/wp\/v2\/media?parent=43045"}],"wp:term":[{"taxonomy":"product_brand","embeddable":true,"href":"https:\/\/www.sunnyshop211.com\/en\/wp-json\/wp\/v2\/product_brand?post=43045"},{"taxonomy":"product_cat","embeddable":true,"href":"https:\/\/www.sunnyshop211.com\/en\/wp-json\/wp\/v2\/product_cat?post=43045"},{"taxonomy":"product_tag","embeddable":true,"href":"https:\/\/www.sunnyshop211.com\/en\/wp-json\/wp\/v2\/product_tag?post=43045"}],"curies":[{"name":"wp","href":"https:\/\/api.w.org\/{rel}","templated":true}]}}