{"id":43032,"date":"2024-10-13T17:13:32","date_gmt":"2024-10-13T16:13:32","guid":{"rendered":"https:\/\/www.sunnyshop211.com\/?post_type=product&#038;p=43032"},"modified":"2025-12-24T16:07:32","modified_gmt":"2025-12-24T15:07:32","slug":"%f0%9f%a7%a3-echarpe-de-portage-miniature-1-6","status":"publish","type":"product","link":"https:\/\/www.sunnyshop211.com\/en\/product\/%f0%9f%a7%a3-echarpe-de-portage-miniature-1-6\/","title":{"rendered":"\ud83e\udde3 Miniature sling 1\/6"},"content":{"rendered":"<div id='gallery-1' class='gallery galleryid-43032 gallery-columns-3 gallery-size-thumbnail'><figure class='gallery-item'>\n\t\t\t<div class='gallery-icon portrait'>\n\t\t\t\t<a href='https:\/\/www.sunnyshop211.com\/en\/?attachment_id=42963'><img decoding=\"async\" width=\"150\" height=\"150\" src=\"https:\/\/www.sunnyshop211.com\/wp-content\/uploads\/2024\/10\/5-150x150.jpg\" class=\"attachment-thumbnail size-thumbnail\" alt=\"Echarpe de portage miniature 1\/6 Barbie, mini reborn, my mini baby zuru\" srcset=\"https:\/\/www.sunnyshop211.com\/wp-content\/uploads\/2024\/10\/5-150x150.jpg 150w, https:\/\/www.sunnyshop211.com\/wp-content\/uploads\/2024\/10\/5-500x500.jpg 500w, https:\/\/www.sunnyshop211.com\/wp-content\/uploads\/2024\/10\/5-100x100.jpg 100w\" sizes=\"(max-width: 150px) 100vw, 150px\" \/><\/a>\n\t\t\t<\/div><\/figure><figure class='gallery-item'>\n\t\t\t<div class='gallery-icon portrait'>\n\t\t\t\t<a href='https:\/\/www.sunnyshop211.com\/en\/?attachment_id=42964'><img decoding=\"async\" width=\"150\" height=\"150\" src=\"https:\/\/www.sunnyshop211.com\/wp-content\/uploads\/2024\/10\/6-2-150x150.jpg\" class=\"attachment-thumbnail size-thumbnail\" alt=\"Echarpe de portage miniature 1\/6 Barbie, mini reborn, my mini baby zuru\" srcset=\"https:\/\/www.sunnyshop211.com\/wp-content\/uploads\/2024\/10\/6-2-150x150.jpg 150w, https:\/\/www.sunnyshop211.com\/wp-content\/uploads\/2024\/10\/6-2-500x500.jpg 500w, https:\/\/www.sunnyshop211.com\/wp-content\/uploads\/2024\/10\/6-2-100x100.jpg 100w\" sizes=\"(max-width: 150px) 100vw, 150px\" \/><\/a>\n\t\t\t<\/div><\/figure><figure class='gallery-item'>\n\t\t\t<div class='gallery-icon landscape'>\n\t\t\t\t<a href='https:\/\/www.sunnyshop211.com\/en\/?attachment_id=41273'><img decoding=\"async\" width=\"150\" height=\"150\" src=\"https:\/\/www.sunnyshop211.com\/wp-content\/uploads\/2024\/06\/5-2-150x150.jpg\" class=\"attachment-thumbnail size-thumbnail\" alt=\"\" srcset=\"https:\/\/www.sunnyshop211.com\/wp-content\/uploads\/2024\/06\/5-2-150x150.jpg 150w, https:\/\/www.sunnyshop211.com\/wp-content\/uploads\/2024\/06\/5-2-scaled-500x500.jpg 500w, https:\/\/www.sunnyshop211.com\/wp-content\/uploads\/2024\/06\/5-2-scaled-100x100.jpg 100w\" sizes=\"(max-width: 150px) 100vw, 150px\" \/><\/a>\n\t\t\t<\/div><\/figure>\n\t\t<\/div>\n\n<p>&nbsp;<\/p>\n<h2 data-start=\"42\" data-end=\"172\">\ud83e\udde3 <strong data-start=\"45\" data-end=\"81\">Miniature sling 1\/6<\/strong><br data-start=\"81\" data-end=\"84\" \/><em data-start=\"84\" data-end=\"172\">For <span class=\"hover:entity-accent entity-underline inline cursor-pointer align-baseline\"><span class=\"whitespace-normal\">Barbie<\/span><\/span>, mini reborn, My Mini Baby Zuru &amp; b\u00e9b\u00e9s 1\/6<\/em><\/h2>\n<p data-start=\"174\" data-end=\"388\">Real <strong data-start=\"184\" data-end=\"216\">miniature baby sling<\/strong>, ideal for creating <strong data-start=\"240\" data-end=\"271\">realistic and tender scenes<\/strong> with your mama dolls at <strong data-start=\"297\" data-end=\"304\">1\/6<\/strong> and their babies. A must-have accessory for everyday staging \u2728<\/p>\n<hr data-start=\"390\" data-end=\"393\" \/>\n<h3 data-start=\"395\" data-end=\"418\">\ud83d\udc69\u200d\ud83c\udf7c Compatibility<\/h3>\n<p data-start=\"419\" data-end=\"460\">Designed for <strong data-start=\"435\" data-end=\"458\">mamans dolls au 1\/6<\/strong> :<\/p>\n<ul data-start=\"461\" data-end=\"532\">\n<li data-start=\"461\" data-end=\"471\">\n<p data-start=\"463\" data-end=\"471\">Barbie<\/p>\n<\/li>\n<li data-start=\"472\" data-end=\"482\">\n<p data-start=\"474\" data-end=\"482\">Phicen<\/p>\n<\/li>\n<li data-start=\"483\" data-end=\"493\">\n<p data-start=\"485\" data-end=\"493\">Pullip<\/p>\n<\/li>\n<li data-start=\"494\" data-end=\"532\">\n<p data-start=\"496\" data-end=\"532\">Other dolls of equivalent size<\/p>\n<\/li>\n<\/ul>\n<p data-start=\"534\" data-end=\"565\">Compatible with <strong data-start=\"554\" data-end=\"563\">babies<\/strong> :<\/p>\n<ul data-start=\"566\" data-end=\"649\">\n<li data-start=\"566\" data-end=\"581\">\n<p data-start=\"568\" data-end=\"581\">Mini reborn<\/p>\n<\/li>\n<li data-start=\"582\" data-end=\"603\">\n<p data-start=\"584\" data-end=\"603\">My Mini Baby Zuru<\/p>\n<\/li>\n<li data-start=\"604\" data-end=\"619\">\n<p data-start=\"606\" data-end=\"619\">Barbie Baby<\/p>\n<\/li>\n<li data-start=\"620\" data-end=\"649\">\n<p data-start=\"622\" data-end=\"649\">Other similar 1\/6 babies<\/p>\n<\/li>\n<\/ul>\n<hr data-start=\"651\" data-end=\"654\" \/>\n<h3 data-start=\"656\" data-end=\"674\">\ud83e\uddf5 Description<\/h3>\n<ul data-start=\"675\" data-end=\"872\">\n<li data-start=\"675\" data-end=\"716\">\n<p data-start=\"677\" data-end=\"716\"><strong data-start=\"677\" data-end=\"716\">Miniature sewn baby sling<\/strong><\/p>\n<\/li>\n<li data-start=\"717\" data-end=\"784\">\n<p data-start=\"719\" data-end=\"784\">System <strong data-start=\"762\" data-end=\"784\">without tying a knot<\/strong><\/p>\n<\/li>\n<li data-start=\"785\" data-end=\"849\">\n<p data-start=\"787\" data-end=\"849\">Allows baby to be carried <strong data-start=\"812\" data-end=\"831\">against mom<\/strong> realistically<\/p>\n<\/li>\n<li data-start=\"850\" data-end=\"872\">\n<p data-start=\"852\" data-end=\"872\"><strong data-start=\"852\" data-end=\"872\">Choice of color<\/strong><\/p>\n<\/li>\n<\/ul>\n<hr data-start=\"874\" data-end=\"877\" \/>\n<h3 data-start=\"879\" data-end=\"907\">\u270b Handcrafted<\/h3>\n<ul data-start=\"908\" data-end=\"1091\">\n<li data-start=\"908\" data-end=\"932\">\n<p data-start=\"910\" data-end=\"932\">Realized <strong data-start=\"919\" data-end=\"932\">by hand<\/strong><\/p>\n<\/li>\n<li data-start=\"933\" data-end=\"1016\">\n<p data-start=\"935\" data-end=\"1016\">Slightly <strong data-start=\"946\" data-end=\"981\">variations in shape and color<\/strong> or finishes may appear<\/p>\n<\/li>\n<li data-start=\"1017\" data-end=\"1091\">\n<p data-start=\"1019\" data-end=\"1091\">Visit <strong data-start=\"1028\" data-end=\"1053\">small imperfections<\/strong> related to craftsmanship<\/p>\n<\/li>\n<\/ul>\n<hr data-start=\"1093\" data-end=\"1096\" \/>\n<h3 data-start=\"1098\" data-end=\"1129\">\ud83d\udcf8 Important information<\/h3>\n<ul data-start=\"1130\" data-end=\"1244\">\n<li data-start=\"1130\" data-end=\"1181\">\n<p data-start=\"1132\" data-end=\"1181\">The photos are <strong data-start=\"1152\" data-end=\"1181\">examples of staging<\/strong><\/p>\n<\/li>\n<li data-start=\"1182\" data-end=\"1244\">\n<p data-start=\"1184\" data-end=\"1244\"><strong data-start=\"1184\" data-end=\"1214\">Only the scarf is sold<\/strong> (dolls and babies not included)<\/p>\n<\/li>\n<\/ul>\n<p data-start=\"1246\" data-end=\"1314\">\ud83d\udcf7 More photos here :<br data-start=\"1269\" data-end=\"1272\" \/>\ud83d\udc49 <a class=\"decorated-link\" href=\"https:\/\/www.instagram.com\/sunnyshop211\/\" target=\"_new\" rel=\"noopener\" data-start=\"1275\" data-end=\"1314\">https:\/\/www.instagram.com\/sunnyshop211\/<\/a><\/p>\n<hr data-start=\"1316\" data-end=\"1319\" \/>\n<h3 data-start=\"1321\" data-end=\"1336\">\u26a0\ufe0f Useful tips<\/h3>\n<ul data-start=\"1337\" data-end=\"1714\">\n<li data-start=\"1337\" data-end=\"1368\">\n<p data-start=\"1339\" data-end=\"1368\">\u274c <strong data-start=\"1341\" data-end=\"1368\">This is not a toy<\/strong><\/p>\n<\/li>\n<li data-start=\"1369\" data-end=\"1422\">\n<p data-start=\"1371\" data-end=\"1422\">Article for a <strong data-start=\"1392\" data-end=\"1422\">adult audience \/ collection<\/strong><\/p>\n<\/li>\n<li data-start=\"1423\" data-end=\"1500\">\n<p data-start=\"1425\" data-end=\"1500\">Compatible with my <strong data-start=\"1445\" data-end=\"1482\">miniature furniture and accessories<\/strong> sold separately<\/p>\n<\/li>\n<li data-start=\"1501\" data-end=\"1643\">\n<p data-start=\"1503\" data-end=\"1643\">\ud83d\udd70\ufe0f <strong data-start=\"1507\" data-end=\"1531\">Made to order<\/strong> Please note the deadlines indicated in the<br data-start=\"1584\" data-end=\"1587\" \/><a href=\"https:\/\/www.sunnyshop211.com\/en\/conditions-generales-de-ventes-et-delais-de-livraisons\/\"><em data-start=\"1589\" data-end=\"1643\">Terms and conditions of sale and delivery times<\/em><\/a><\/p>\n<\/li>\n<li data-start=\"1644\" data-end=\"1714\">\n<p data-start=\"1646\" data-end=\"1714\">\ud83d\ude9a I am not responsible for any transport damage<\/p>\n<\/li>\n<\/ul>\n<p>&nbsp;<\/p>","protected":false},"excerpt":{"rendered":"<p>&nbsp; \ud83e\udde3 \u00c9charpe de portage miniature 1\/6Pour Barbie, mini reborn, My Mini Baby Zuru &amp; b\u00e9b\u00e9s 1\/6 V\u00e9ritable \u00e9charpe de portage miniature, id\u00e9ale pour cr\u00e9er des sc\u00e8nes r\u00e9alistes et tendres avec vos mamans dolls au 1\/6 et leurs b\u00e9b\u00e9s. Un accessoire incontournable pour les mises en sc\u00e8ne du quotidien \u2728 \ud83d\udc69\u200d\ud83c\udf7c Compatibilit\u00e9 Con\u00e7ue pour les [&hellip;]<\/p>\n","protected":false},"featured_media":42963,"comment_status":"open","ping_status":"closed","template":"","meta":{"_crdt_document":"","jetpack_post_was_ever_published":false,"jetpack_publicize_message":"","jetpack_publicize_feature_enabled":true,"jetpack_social_post_already_shared":true,"jetpack_social_options":{"image_generator_settings":{"template":"highway","default_image_id":0,"font":"","enabled":false},"version":2}},"product_brand":[],"product_cat":[667686967],"product_tag":[667681489,667681137,667681136,667681270,667681226,667681487,667685393,667681813,667681173,667681820,667681490,667681141,667683253,667685395,667681177,667681812,667681728,667681140,667681814],"class_list":{"0":"post-43032","1":"product","2":"type-product","3":"status-publish","4":"has-post-thumbnail","6":"product_cat-promenade","7":"product_tag-active-line","8":"product_tag-baby","9":"product_tag-bjd","10":"product_tag-custom-doll","11":"product_tag-doll","12":"product_tag-dress","13":"product_tag-echarpe","14":"product_tag-grossesse","15":"product_tag-minifee","16":"product_tag-mobile-baby","17":"product_tag-moe-line","18":"product_tag-nappy-choo","19":"product_tag-petits-pot","20":"product_tag-portage","21":"product_tag-poupee","22":"product_tag-pregnancy-belt","23":"product_tag-pregnant","24":"product_tag-pukifee","25":"product_tag-vetement","26":"product_shipping_class-lettre-suivie-3","27":"pa_couleur-blanc","28":"pa_couleur-bleu-pale","29":"pa_couleur-noir","30":"pa_couleur-rose-pale","31":"pa_couleur-vieux-rose","33":"first","34":"instock","35":"taxable","36":"shipping-taxable","37":"purchasable","38":"product-type-variable"},"yoast_head":"<!-- This site is optimized with the Yoast SEO plugin v27.4 - https:\/\/yoast.com\/product\/yoast-seo-wordpress\/ -->\n<title>\ud83e\udde3 \u00c9charpe de portage miniature 1\/6 -<\/title>\n<meta name=\"description\" content=\"\ud83e\udde3 \u00c9charpe de portage miniature 1\/6 Barbie, mini reborn, . V\u00e9ritable \u00e9charpe de portage miniature pour mamans au 1\/6 et mini b\u00e9b\u00e9 ou reborn.\" \/>\n<meta name=\"robots\" content=\"index, follow, max-snippet:-1, max-image-preview:large, max-video-preview:-1\" \/>\n<link rel=\"canonical\" href=\"https:\/\/www.sunnyshop211.com\/en\/product\/\ud83e\udde3-echarpe-de-portage-miniature-1-6\/\" \/>\n<meta property=\"og:locale\" content=\"en_US\" \/>\n<meta property=\"og:type\" content=\"article\" \/>\n<meta property=\"og:title\" content=\"\ud83e\udde3 \u00c9charpe de portage miniature 1\/6 -\" \/>\n<meta property=\"og:description\" content=\"Echarpe de portage miniature 1\/4 minifee, msd, bjd baby\" \/>\n<meta property=\"og:url\" content=\"https:\/\/www.sunnyshop211.com\/en\/product\/\ud83e\udde3-echarpe-de-portage-miniature-1-6\/\" \/>\n<meta property=\"og:site_name\" content=\"Sunnyshop211 -Vente de dioramas, meubles, miniatures , bjd poup\u00e9es 1\/12 1\/8 1\/6 1\/4 1\/3\" \/>\n<meta property=\"article:publisher\" content=\"https:\/\/www.facebook.com\/sunnyshop211\/?ref=bookmarks\" \/>\n<meta property=\"article:modified_time\" content=\"2025-12-24T15:07:32+00:00\" \/>\n<meta property=\"og:image\" content=\"https:\/\/www.sunnyshop211.com\/wp-content\/uploads\/2024\/10\/5-scaled.jpg\" \/>\n\t<meta property=\"og:image:width\" content=\"1523\" \/>\n\t<meta property=\"og:image:height\" content=\"2560\" \/>\n\t<meta property=\"og:image:type\" content=\"image\/jpeg\" \/>\n<meta name=\"twitter:card\" content=\"summary_large_image\" \/>\n<meta name=\"twitter:site\" content=\"@sunnyshop211\" \/>\n<meta name=\"twitter:label1\" content=\"Est. reading time\" \/>\n\t<meta name=\"twitter:data1\" content=\"2 minutes\" \/>\n<script type=\"application\/ld+json\" class=\"yoast-schema-graph\">{\"@context\":\"https:\\\/\\\/schema.org\",\"@graph\":[{\"@type\":\"WebPage\",\"@id\":\"https:\\\/\\\/www.sunnyshop211.com\\\/produit\\\/%f0%9f%a7%a3-echarpe-de-portage-miniature-1-6\\\/\",\"url\":\"https:\\\/\\\/www.sunnyshop211.com\\\/produit\\\/%f0%9f%a7%a3-echarpe-de-portage-miniature-1-6\\\/\",\"name\":\"\ud83e\udde3 \u00c9charpe de portage miniature 1\\\/6 -\",\"isPartOf\":{\"@id\":\"https:\\\/\\\/www.sunnyshop211.com\\\/#website\"},\"primaryImageOfPage\":{\"@id\":\"https:\\\/\\\/www.sunnyshop211.com\\\/produit\\\/%f0%9f%a7%a3-echarpe-de-portage-miniature-1-6\\\/#primaryimage\"},\"image\":{\"@id\":\"https:\\\/\\\/www.sunnyshop211.com\\\/produit\\\/%f0%9f%a7%a3-echarpe-de-portage-miniature-1-6\\\/#primaryimage\"},\"thumbnailUrl\":\"https:\\\/\\\/www.sunnyshop211.com\\\/wp-content\\\/uploads\\\/2024\\\/10\\\/5-scaled.jpg\",\"datePublished\":\"2024-10-13T16:13:32+00:00\",\"dateModified\":\"2025-12-24T15:07:32+00:00\",\"description\":\"\ud83e\udde3 \u00c9charpe de portage miniature 1\\\/6 Barbie, mini reborn, . V\u00e9ritable \u00e9charpe de portage miniature pour mamans au 1\\\/6 et mini b\u00e9b\u00e9 ou reborn.\",\"breadcrumb\":{\"@id\":\"https:\\\/\\\/www.sunnyshop211.com\\\/produit\\\/%f0%9f%a7%a3-echarpe-de-portage-miniature-1-6\\\/#breadcrumb\"},\"inLanguage\":\"en-US\",\"potentialAction\":[{\"@type\":\"ReadAction\",\"target\":[\"https:\\\/\\\/www.sunnyshop211.com\\\/produit\\\/%f0%9f%a7%a3-echarpe-de-portage-miniature-1-6\\\/\"]}]},{\"@type\":\"ImageObject\",\"inLanguage\":\"en-US\",\"@id\":\"https:\\\/\\\/www.sunnyshop211.com\\\/produit\\\/%f0%9f%a7%a3-echarpe-de-portage-miniature-1-6\\\/#primaryimage\",\"url\":\"https:\\\/\\\/www.sunnyshop211.com\\\/wp-content\\\/uploads\\\/2024\\\/10\\\/5-scaled.jpg\",\"contentUrl\":\"https:\\\/\\\/www.sunnyshop211.com\\\/wp-content\\\/uploads\\\/2024\\\/10\\\/5-scaled.jpg\",\"width\":1523,\"height\":2560,\"caption\":\"Echarpe de portage miniature 1\\\/6 Barbie, mini reborn, my mini baby zuru\"},{\"@type\":\"BreadcrumbList\",\"@id\":\"https:\\\/\\\/www.sunnyshop211.com\\\/produit\\\/%f0%9f%a7%a3-echarpe-de-portage-miniature-1-6\\\/#breadcrumb\",\"itemListElement\":[{\"@type\":\"ListItem\",\"position\":1,\"name\":\"Accueil\",\"item\":\"https:\\\/\\\/www.sunnyshop211.com\\\/\"},{\"@type\":\"ListItem\",\"position\":2,\"name\":\"Boutique\",\"item\":\"https:\\\/\\\/www.sunnyshop211.com\\\/boutique-miniature-bjd-dolls\\\/\"},{\"@type\":\"ListItem\",\"position\":3,\"name\":\"\ud83e\udde3 \u00c9charpe de portage miniature 1\\\/6\"}]},{\"@type\":\"WebSite\",\"@id\":\"https:\\\/\\\/www.sunnyshop211.com\\\/#website\",\"url\":\"https:\\\/\\\/www.sunnyshop211.com\\\/\",\"name\":\"Vente de dioramas, meubles, miniatures , bjd poup\u00e9es 1\\\/12 1\\\/8 1\\\/6 1\\\/4 1\\\/3\",\"description\":\"Sunnyshop211 - Votre univers miniature pour poup\u00e9es et BJD, dioramas et meubles sur mesure !\",\"publisher\":{\"@id\":\"https:\\\/\\\/www.sunnyshop211.com\\\/#organization\"},\"alternateName\":\"sunnyshop211\",\"potentialAction\":[{\"@type\":\"SearchAction\",\"target\":{\"@type\":\"EntryPoint\",\"urlTemplate\":\"https:\\\/\\\/www.sunnyshop211.com\\\/?s={search_term_string}\"},\"query-input\":{\"@type\":\"PropertyValueSpecification\",\"valueRequired\":true,\"valueName\":\"search_term_string\"}}],\"inLanguage\":\"en-US\"},{\"@type\":\"Organization\",\"@id\":\"https:\\\/\\\/www.sunnyshop211.com\\\/#organization\",\"name\":\"sunnyshop211\",\"alternateName\":\"sunnyshop211 diorama bjd meuble miniature\",\"url\":\"https:\\\/\\\/www.sunnyshop211.com\\\/\",\"logo\":{\"@type\":\"ImageObject\",\"inLanguage\":\"en-US\",\"@id\":\"https:\\\/\\\/www.sunnyshop211.com\\\/#\\\/schema\\\/logo\\\/image\\\/\",\"url\":\"https:\\\/\\\/www.sunnyshop211.com\\\/wp-content\\\/uploads\\\/2022\\\/08\\\/cropped-cropped-cropped-Sunnyshop211-1.png\",\"contentUrl\":\"https:\\\/\\\/www.sunnyshop211.com\\\/wp-content\\\/uploads\\\/2022\\\/08\\\/cropped-cropped-cropped-Sunnyshop211-1.png\",\"width\":339,\"height\":339,\"caption\":\"sunnyshop211\"},\"image\":{\"@id\":\"https:\\\/\\\/www.sunnyshop211.com\\\/#\\\/schema\\\/logo\\\/image\\\/\"},\"sameAs\":[\"https:\\\/\\\/www.facebook.com\\\/sunnyshop211\\\/?ref=bookmarks\",\"https:\\\/\\\/x.com\\\/sunnyshop211\",\"https:\\\/\\\/www.instagram.com\\\/sunnyshop211\\\/\",\"https:\\\/\\\/www.tumblr.com\\\/blog\\\/sunnyshop211\",\"https:\\\/\\\/www.youtube.com\\\/channel\\\/UCtYY18OGGDKrTSzgcf7fCBg\",\"https:\\\/\\\/www.tiktok.com\\\/@sunnydollshop211?is_from_webapp=1&sender_device=pc\"]}]}<\/script>\n<!-- \/ Yoast SEO plugin. -->","yoast_head_json":{"title":"\ud83e\udde3 Miniature sling 1\/6 -","description":"\ud83e\udde3 Miniature baby sling 1\/6 Barbie, mini reborn, . Genuine miniature baby sling for 1\/6 moms and mini babies or reborns.","robots":{"index":"index","follow":"follow","max-snippet":"max-snippet:-1","max-image-preview":"max-image-preview:large","max-video-preview":"max-video-preview:-1"},"canonical":"https:\/\/www.sunnyshop211.com\/en\/product\/\ud83e\udde3-echarpe-de-portage-miniature-1-6\/","og_locale":"en_US","og_type":"article","og_title":"\ud83e\udde3 \u00c9charpe de portage miniature 1\/6 -","og_description":"Echarpe de portage miniature 1\/4 minifee, msd, bjd baby","og_url":"https:\/\/www.sunnyshop211.com\/en\/product\/\ud83e\udde3-echarpe-de-portage-miniature-1-6\/","og_site_name":"Sunnyshop211 -Vente de dioramas, meubles, miniatures , bjd poup\u00e9es 1\/12 1\/8 1\/6 1\/4 1\/3","article_publisher":"https:\/\/www.facebook.com\/sunnyshop211\/?ref=bookmarks","article_modified_time":"2025-12-24T15:07:32+00:00","og_image":[{"width":1523,"height":2560,"url":"https:\/\/www.sunnyshop211.com\/wp-content\/uploads\/2024\/10\/5-scaled.jpg","type":"image\/jpeg"}],"twitter_card":"summary_large_image","twitter_site":"@sunnyshop211","twitter_misc":{"Est. reading time":"2 minutes"},"schema":{"@context":"https:\/\/schema.org","@graph":[{"@type":"WebPage","@id":"https:\/\/www.sunnyshop211.com\/produit\/%f0%9f%a7%a3-echarpe-de-portage-miniature-1-6\/","url":"https:\/\/www.sunnyshop211.com\/produit\/%f0%9f%a7%a3-echarpe-de-portage-miniature-1-6\/","name":"\ud83e\udde3 Miniature sling 1\/6 -","isPartOf":{"@id":"https:\/\/www.sunnyshop211.com\/#website"},"primaryImageOfPage":{"@id":"https:\/\/www.sunnyshop211.com\/produit\/%f0%9f%a7%a3-echarpe-de-portage-miniature-1-6\/#primaryimage"},"image":{"@id":"https:\/\/www.sunnyshop211.com\/produit\/%f0%9f%a7%a3-echarpe-de-portage-miniature-1-6\/#primaryimage"},"thumbnailUrl":"https:\/\/www.sunnyshop211.com\/wp-content\/uploads\/2024\/10\/5-scaled.jpg","datePublished":"2024-10-13T16:13:32+00:00","dateModified":"2025-12-24T15:07:32+00:00","description":"\ud83e\udde3 Miniature baby sling 1\/6 Barbie, mini reborn, . Genuine miniature baby sling for 1\/6 moms and mini babies or reborns.","breadcrumb":{"@id":"https:\/\/www.sunnyshop211.com\/produit\/%f0%9f%a7%a3-echarpe-de-portage-miniature-1-6\/#breadcrumb"},"inLanguage":"en-US","potentialAction":[{"@type":"ReadAction","target":["https:\/\/www.sunnyshop211.com\/produit\/%f0%9f%a7%a3-echarpe-de-portage-miniature-1-6\/"]}]},{"@type":"ImageObject","inLanguage":"en-US","@id":"https:\/\/www.sunnyshop211.com\/produit\/%f0%9f%a7%a3-echarpe-de-portage-miniature-1-6\/#primaryimage","url":"https:\/\/www.sunnyshop211.com\/wp-content\/uploads\/2024\/10\/5-scaled.jpg","contentUrl":"https:\/\/www.sunnyshop211.com\/wp-content\/uploads\/2024\/10\/5-scaled.jpg","width":1523,"height":2560,"caption":"Echarpe de portage miniature 1\/6 Barbie, mini reborn, my mini baby zuru"},{"@type":"BreadcrumbList","@id":"https:\/\/www.sunnyshop211.com\/produit\/%f0%9f%a7%a3-echarpe-de-portage-miniature-1-6\/#breadcrumb","itemListElement":[{"@type":"ListItem","position":1,"name":"Accueil","item":"https:\/\/www.sunnyshop211.com\/"},{"@type":"ListItem","position":2,"name":"Boutique","item":"https:\/\/www.sunnyshop211.com\/boutique-miniature-bjd-dolls\/"},{"@type":"ListItem","position":3,"name":"\ud83e\udde3 \u00c9charpe de portage miniature 1\/6"}]},{"@type":"WebSite","@id":"https:\/\/www.sunnyshop211.com\/#website","url":"https:\/\/www.sunnyshop211.com\/","name":"Sale of dioramas, furniture, miniatures, bjd dolls 1\/12 1\/8 1\/6 1\/4 1\/3","description":"Sunnyshop211 - Your miniature world for dolls and BJDs, dioramas and custom-made furniture!","publisher":{"@id":"https:\/\/www.sunnyshop211.com\/#organization"},"alternateName":"sunnyshop211","potentialAction":[{"@type":"SearchAction","target":{"@type":"EntryPoint","urlTemplate":"https:\/\/www.sunnyshop211.com\/?s={search_term_string}"},"query-input":{"@type":"PropertyValueSpecification","valueRequired":true,"valueName":"search_term_string"}}],"inLanguage":"en-US"},{"@type":"Organization","@id":"https:\/\/www.sunnyshop211.com\/#organization","name":"sunnyshop211","alternateName":"sunnyshop211 diorama bjd meuble miniature","url":"https:\/\/www.sunnyshop211.com\/","logo":{"@type":"ImageObject","inLanguage":"en-US","@id":"https:\/\/www.sunnyshop211.com\/#\/schema\/logo\/image\/","url":"https:\/\/www.sunnyshop211.com\/wp-content\/uploads\/2022\/08\/cropped-cropped-cropped-Sunnyshop211-1.png","contentUrl":"https:\/\/www.sunnyshop211.com\/wp-content\/uploads\/2022\/08\/cropped-cropped-cropped-Sunnyshop211-1.png","width":339,"height":339,"caption":"sunnyshop211"},"image":{"@id":"https:\/\/www.sunnyshop211.com\/#\/schema\/logo\/image\/"},"sameAs":["https:\/\/www.facebook.com\/sunnyshop211\/?ref=bookmarks","https:\/\/x.com\/sunnyshop211","https:\/\/www.instagram.com\/sunnyshop211\/","https:\/\/www.tumblr.com\/blog\/sunnyshop211","https:\/\/www.youtube.com\/channel\/UCtYY18OGGDKrTSzgcf7fCBg","https:\/\/www.tiktok.com\/@sunnydollshop211?is_from_webapp=1&sender_device=pc"]}]}},"jetpack_publicize_connections":[],"jetpack_sharing_enabled":true,"_links":{"self":[{"href":"https:\/\/www.sunnyshop211.com\/en\/wp-json\/wp\/v2\/product\/43032","targetHints":{"allow":["GET"]}}],"collection":[{"href":"https:\/\/www.sunnyshop211.com\/en\/wp-json\/wp\/v2\/product"}],"about":[{"href":"https:\/\/www.sunnyshop211.com\/en\/wp-json\/wp\/v2\/types\/product"}],"replies":[{"embeddable":true,"href":"https:\/\/www.sunnyshop211.com\/en\/wp-json\/wp\/v2\/comments?post=43032"}],"version-history":[{"count":3,"href":"https:\/\/www.sunnyshop211.com\/en\/wp-json\/wp\/v2\/product\/43032\/revisions"}],"predecessor-version":[{"id":52658,"href":"https:\/\/www.sunnyshop211.com\/en\/wp-json\/wp\/v2\/product\/43032\/revisions\/52658"}],"wp:featuredmedia":[{"embeddable":true,"href":"https:\/\/www.sunnyshop211.com\/en\/wp-json\/wp\/v2\/media\/42963"}],"wp:attachment":[{"href":"https:\/\/www.sunnyshop211.com\/en\/wp-json\/wp\/v2\/media?parent=43032"}],"wp:term":[{"taxonomy":"product_brand","embeddable":true,"href":"https:\/\/www.sunnyshop211.com\/en\/wp-json\/wp\/v2\/product_brand?post=43032"},{"taxonomy":"product_cat","embeddable":true,"href":"https:\/\/www.sunnyshop211.com\/en\/wp-json\/wp\/v2\/product_cat?post=43032"},{"taxonomy":"product_tag","embeddable":true,"href":"https:\/\/www.sunnyshop211.com\/en\/wp-json\/wp\/v2\/product_tag?post=43032"}],"curies":[{"name":"wp","href":"https:\/\/api.w.org\/{rel}","templated":true}]}}