{"id":41922,"date":"2024-09-02T18:52:18","date_gmt":"2024-09-02T17:52:18","guid":{"rendered":"https:\/\/www.sunnyshop211.com\/?post_type=product&#038;p=41922"},"modified":"2026-01-04T11:17:44","modified_gmt":"2026-01-04T10:17:44","slug":"%f0%9f%90%88%e2%ac%9b-arbre-a-chat-cercueil-miniature-bjd-decor-gothique-cosy","status":"publish","type":"product","link":"https:\/\/www.sunnyshop211.com\/en\/product\/%f0%9f%90%88%e2%ac%9b-arbre-a-chat-cercueil-miniature-bjd-decor-gothique-cosy\/","title":{"rendered":"\ud83d\udc08\u200d\u2b1b BJD miniature coffin cat tree - Gothic &amp; cosy decor"},"content":{"rendered":"<div id='gallery-1' class='gallery galleryid-41922 gallery-columns-3 gallery-size-thumbnail'><figure class='gallery-item'>\n\t\t\t<div class='gallery-icon landscape'>\n\t\t\t\t<a href='https:\/\/www.sunnyshop211.com\/en\/?attachment_id=41755'><img decoding=\"async\" width=\"150\" height=\"150\" src=\"https:\/\/www.sunnyshop211.com\/wp-content\/uploads\/2024\/09\/23-150x150.jpg\" class=\"attachment-thumbnail size-thumbnail\" alt=\"arbre chat cercueil miniature bjd chat . Pour les dolls au 1\/6, pullip, Poppy Parker, Barbie, ,ou au 1\/4 comme les BJD minifee MSD, unoa, bimong.\" srcset=\"https:\/\/www.sunnyshop211.com\/wp-content\/uploads\/2024\/09\/23-150x150.jpg 150w, https:\/\/www.sunnyshop211.com\/wp-content\/uploads\/2024\/09\/23-500x500.jpg 500w, https:\/\/www.sunnyshop211.com\/wp-content\/uploads\/2024\/09\/23-100x100.jpg 100w\" sizes=\"(max-width: 150px) 100vw, 150px\" \/><\/a>\n\t\t\t<\/div><\/figure><figure class='gallery-item'>\n\t\t\t<div class='gallery-icon landscape'>\n\t\t\t\t<a href='https:\/\/www.sunnyshop211.com\/en\/?attachment_id=41754'><img decoding=\"async\" width=\"150\" height=\"150\" src=\"https:\/\/www.sunnyshop211.com\/wp-content\/uploads\/2024\/09\/22-150x150.jpg\" class=\"attachment-thumbnail size-thumbnail\" alt=\"\" srcset=\"https:\/\/www.sunnyshop211.com\/wp-content\/uploads\/2024\/09\/22-150x150.jpg 150w, https:\/\/www.sunnyshop211.com\/wp-content\/uploads\/2024\/09\/22-500x500.jpg 500w, https:\/\/www.sunnyshop211.com\/wp-content\/uploads\/2024\/09\/22-100x100.jpg 100w\" sizes=\"(max-width: 150px) 100vw, 150px\" \/><\/a>\n\t\t\t<\/div><\/figure>\n\t\t<\/div>\n\n<h2 data-start=\"172\" data-end=\"239\">\ud83d\udc08\u200d\u2b1b BJD miniature coffin cat tree - Gothic &amp; cosy decor<\/h2>\n<p data-start=\"241\" data-end=\"294\"><strong data-start=\"241\" data-end=\"294\">Miniature accessory - Fantasy \/ Gothic diorama<\/strong><\/p>\n<hr data-start=\"296\" data-end=\"299\" \/>\n<h3 data-start=\"301\" data-end=\"319\">\ud83c\udf3f Description<\/h3>\n<p data-start=\"321\" data-end=\"660\">This <strong data-start=\"325\" data-end=\"360\">cat tree miniature coffin<\/strong> has been designed to create an ambience that is both <strong data-start=\"409\" data-end=\"446\">dark, mysterious and cosy<\/strong> for your BJD companions.<br data-start=\"471\" data-end=\"474\" \/>Perfect for gothic, Halloween, fantasy or esoteric worlds, it brings a real visual identity to your dioramas while remaining comfortable for your little miniature cats.<\/p>\n<p data-start=\"662\" data-end=\"733\">An original decor, on the border between terrifying and mellow \ud83d\udda4<\/p>\n<hr data-start=\"735\" data-end=\"738\" \/>\n<h3 data-start=\"740\" data-end=\"766\">\ud83d\udcd0 Compatibility dolls<\/h3>\n<p data-start=\"768\" data-end=\"788\">Suitable for dolls:<\/p>\n<ul data-start=\"790\" data-end=\"936\">\n<li data-start=\"790\" data-end=\"849\">\n<p data-start=\"792\" data-end=\"849\"><strong data-start=\"792\" data-end=\"799\">1\/6<\/strong> : Pullip, Barbie, Poppy Parker, Fashion Royalty<\/p>\n<\/li>\n<li data-start=\"850\" data-end=\"894\">\n<p data-start=\"852\" data-end=\"894\"><strong data-start=\"852\" data-end=\"859\">1\/4<\/strong> BJD Minifee, MSD, Unoa, Bimong<\/p>\n<\/li>\n<li data-start=\"895\" data-end=\"936\">\n<p data-start=\"897\" data-end=\"936\">And other dolls of equivalent size<\/p>\n<\/li>\n<\/ul>\n<hr data-start=\"938\" data-end=\"941\" \/>\n<h3 data-start=\"943\" data-end=\"971\">\ud83d\udc3e Composition &amp; details<\/h3>\n<p data-start=\"973\" data-end=\"1040\">The cat tree is entirely handmade and consists of :<\/p>\n<ul data-start=\"1042\" data-end=\"1317\">\n<li data-start=\"1042\" data-end=\"1087\">\n<p data-start=\"1044\" data-end=\"1087\">Coating in <strong data-start=\"1058\" data-end=\"1087\">soft black and red fabrics<\/strong><\/p>\n<\/li>\n<li data-start=\"1088\" data-end=\"1137\">\n<p data-start=\"1090\" data-end=\"1137\"><strong data-start=\"1090\" data-end=\"1105\">Black rope<\/strong> for a realistic scratch effect<\/p>\n<\/li>\n<li data-start=\"1138\" data-end=\"1162\">\n<p data-start=\"1140\" data-end=\"1162\"><strong data-start=\"1140\" data-end=\"1162\">Stable square base<\/strong><\/p>\n<\/li>\n<li data-start=\"1163\" data-end=\"1272\">\n<p data-start=\"1165\" data-end=\"1228\">A <strong data-start=\"1168\" data-end=\"1201\">upper floor with coffin<\/strong> covered in red fabric<\/p>\n<ul data-start=\"1231\" data-end=\"1272\">\n<li data-start=\"1231\" data-end=\"1272\">\n<p data-start=\"1233\" data-end=\"1272\">Length of coffin: approx. <strong data-start=\"1261\" data-end=\"1272\">10.5 cm<\/strong><\/p>\n<\/li>\n<\/ul>\n<\/li>\n<li data-start=\"1273\" data-end=\"1317\">\n<p data-start=\"1275\" data-end=\"1317\">A <strong data-start=\"1278\" data-end=\"1300\">small round tray<\/strong> under the coffin<\/p>\n<\/li>\n<\/ul>\n<p data-start=\"1319\" data-end=\"1336\">\ud83d\udccf <strong data-start=\"1322\" data-end=\"1336\">Dimensions<\/strong><\/p>\n<ul data-start=\"1337\" data-end=\"1406\">\n<li data-start=\"1337\" data-end=\"1370\">\n<p data-start=\"1339\" data-end=\"1370\">Total height: approx. <strong data-start=\"1361\" data-end=\"1370\">14 cm<\/strong><\/p>\n<\/li>\n<li data-start=\"1371\" data-end=\"1406\">\n<p data-start=\"1373\" data-end=\"1406\">Floor base: approx. <strong data-start=\"1392\" data-end=\"1406\">10 \u00d7 10 cm<\/strong><\/p>\n<\/li>\n<\/ul>\n<hr data-start=\"1408\" data-end=\"1411\" \/>\n<h3 data-start=\"1413\" data-end=\"1441\">\u2728 Craft manufacturing<\/h3>\n<p data-start=\"1443\" data-end=\"1468\">Each cat tree is :<\/p>\n<ul data-start=\"1470\" data-end=\"1622\">\n<li data-start=\"1470\" data-end=\"1515\">\n<p data-start=\"1472\" data-end=\"1515\">Designed and assembled <strong data-start=\"1490\" data-end=\"1515\">entirely by hand<\/strong><\/p>\n<\/li>\n<li data-start=\"1516\" data-end=\"1558\">\n<p data-start=\"1518\" data-end=\"1558\">Unique in its finishes and shades<\/p>\n<\/li>\n<li data-start=\"1559\" data-end=\"1622\">\n<p data-start=\"1561\" data-end=\"1622\">Designed to blend harmoniously with your miniature scenes<\/p>\n<\/li>\n<\/ul>\n<p data-start=\"1624\" data-end=\"1782\">Slight imperfections, variations in shape or color may be present:<br data-start=\"1708\" data-end=\"1711\" \/>they are an integral part of the <strong data-start=\"1743\" data-end=\"1766\">artisanal character<\/strong> of creation.<\/p>\n<hr data-start=\"1784\" data-end=\"1787\" \/>\n<h3 data-start=\"1789\" data-end=\"1803\">\ud83c\udf81 Contents<\/h3>\n<ul data-start=\"1805\" data-end=\"1923\">\n<li data-start=\"1805\" data-end=\"1847\">\n<p data-start=\"1807\" data-end=\"1847\">\ud83d\udc3e <strong data-start=\"1810\" data-end=\"1847\">1 miniature coffin cat tree<\/strong><\/p>\n<\/li>\n<li data-start=\"1848\" data-end=\"1884\">\n<p data-start=\"1850\" data-end=\"1884\">\ud83d\udcb0 <strong data-start=\"1853\" data-end=\"1884\">Price per unit<\/strong><\/p>\n<\/li>\n<li data-start=\"1885\" data-end=\"1923\">\n<p data-start=\"1887\" data-end=\"1923\">\u274c Cat not included (sold separately)<\/p>\n<\/li>\n<\/ul>\n<p data-start=\"1925\" data-end=\"2025\">\ud83d\udc49 The black cat shown in the photos is available here :<br data-start=\"1984\" data-end=\"1987\" \/><a href=\"https:\/\/www.sunnyshop211.com\/en\/product\/chat-bjd-kitty-1-4-1-6-1-3-dolls-bjd-minifee-msd-barbie-pullip\/\"><strong data-start=\"1987\" data-end=\"2025\">BJD \u201cKitty\u201d cat - 1\/4 - 1\/6 - 1\/3<\/strong><\/a><\/p>\n<hr data-start=\"2027\" data-end=\"2030\" \/>\n<h3 data-start=\"2032\" data-end=\"2059\">\ud83e\udeb4 Sets &amp; accessories<\/h3>\n<p data-start=\"2061\" data-end=\"2240\">The photos are presented as examples of staging.<br data-start=\"2123\" data-end=\"2126\" \/>Visible furniture, pets and accessories are not <strong data-start=\"2179\" data-end=\"2193\">not included<\/strong>, but available separately in the store.<\/p>\n<p data-start=\"2242\" data-end=\"2323\">Compatible with my furniture sold separately - ideal for enhancing your dioramas.<\/p>\n<p data-start=\"2325\" data-end=\"2394\">\ud83d\udcf8 More photos and inspiration on Instagram : <a href=\"https:\/\/www.instagram.com\/sunnyshop211\/\"><strong data-start=\"2377\" data-end=\"2394\">@sunnyshop211<\/strong><\/a><\/p>\n<hr data-start=\"2396\" data-end=\"2399\" \/>\n<h3 data-start=\"2401\" data-end=\"2424\">\u23f3 Creation time<\/h3>\n<p data-start=\"2426\" data-end=\"2585\">\ud83d\udda4 <strong data-start=\"2429\" data-end=\"2461\">Article made to order<\/strong><br data-start=\"2461\" data-end=\"2464\" \/>Please note\u00a0<a style=\"font-size: 16px;\" href=\"https:\/\/www.sunnyshop211.com\/en\/conditions-generales-de-ventes-et-delais-de-livraisons\/\">General conditions of sale and delivery times\u00a0<\/a>, These can be consulted in the general sales conditions.<\/p>\n<hr data-start=\"2587\" data-end=\"2590\" \/>\n<h3 data-start=\"2592\" data-end=\"2623\">\u26a0\ufe0f Important information<\/h3>\n<ul data-start=\"2625\" data-end=\"2855\">\n<li data-start=\"2625\" data-end=\"2654\">\n<p data-start=\"2627\" data-end=\"2654\">This <strong data-start=\"2632\" data-end=\"2654\">is not a toy<\/strong><\/p>\n<\/li>\n<li data-start=\"2655\" data-end=\"2710\">\n<p data-start=\"2657\" data-end=\"2710\">Article for a <strong data-start=\"2678\" data-end=\"2710\">adult collector audience<\/strong><\/p>\n<\/li>\n<li data-start=\"2711\" data-end=\"2787\">\n<p data-start=\"2713\" data-end=\"2787\">Due to the handcrafted nature of our products, slight variations may occur.<\/p>\n<\/li>\n<li data-start=\"2788\" data-end=\"2855\">\n<p data-start=\"2790\" data-end=\"2855\">I am not responsible for any damage during transport<\/p>\n<\/li>\n<\/ul>\n<hr data-start=\"2857\" data-end=\"2860\" \/>\n<p data-start=\"2862\" data-end=\"3019\">\ud83e\udd87 <strong data-start=\"2865\" data-end=\"2899\">A unique miniature accessory<\/strong>, designed for dark, poetic worlds full of character, ready to become the centerpiece of your BJD scenes.<\/p>\n<p>&nbsp;<\/p>","protected":false},"excerpt":{"rendered":"<p>\ud83d\udc08\u200d\u2b1b Arbre \u00e0 chat cercueil miniature BJD \u2013 D\u00e9cor gothique &amp; cosy Accessoire miniature \u2013 Diorama fantasy \/ gothique \ud83c\udf3f Description Cet arbre \u00e0 chat cercueil miniature a \u00e9t\u00e9 imagin\u00e9 pour cr\u00e9er une ambiance \u00e0 la fois sombre, myst\u00e9rieuse et douillette pour vos compagnons BJD.Parfait pour les univers gothiques, Halloween, fantasy ou \u00e9sot\u00e9riques, il apporte [&hellip;]<\/p>\n","protected":false},"featured_media":41755,"comment_status":"open","ping_status":"closed","template":"","meta":{"_crdt_document":"","jetpack_publicize_message":"","jetpack_publicize_feature_enabled":true,"jetpack_social_post_already_shared":true,"jetpack_social_options":{"image_generator_settings":{"template":"highway","default_image_id":0,"font":"","enabled":false},"version":2}},"product_brand":[],"product_cat":[667686963,667687102],"product_tag":[667681278,667681145,667681143,667681341,667681284,667684372,667681142,667684395,667684370,667684381,667681234,667681226,667681233,667681343,667681225,667681279,667681241,667681340,667681144,667681236,667681261,667681281,667681173,667681280,667681177,667681277,667684397,667684379,667681338,667681260],"class_list":{"0":"post-41922","1":"product","2":"type-product","3":"status-publish","4":"has-post-thumbnail","6":"product_cat-hygiene-soins","7":"product_cat--animaux","8":"product_tag-barbie","9":"product_tag-bed","10":"product_tag-bedroom","11":"product_tag-bid","12":"product_tag-blythe","13":"product_tag-cerceuil","14":"product_tag-chambre","15":"product_tag-citrouille","16":"product_tag-coffin","17":"product_tag-corbeau","18":"product_tag-diorama","19":"product_tag-doll","20":"product_tag-dollhouse","21":"product_tag-etagere","22":"product_tag-furniture","23":"product_tag-hot-toys","24":"product_tag-iplehouse","25":"product_tag-kid","26":"product_tag-lit","27":"product_tag-maison-de-poupee","28":"product_tag-meuble","29":"product_tag-meubles","30":"product_tag-minifee","31":"product_tag-phicen","32":"product_tag-poupee","33":"product_tag-pullip","34":"product_tag-pumpkin","35":"product_tag-raven","36":"product_tag-table-de-nuit","37":"product_tag-tonner","38":"product_shipping_class-colissimo-5","40":"first","41":"instock","42":"taxable","43":"shipping-taxable","44":"purchasable","45":"product-type-simple"},"yoast_head":"<!-- This site is optimized with the Yoast SEO plugin v27.5 - https:\/\/yoast.com\/product\/yoast-seo-wordpress\/ -->\n<title>\ud83d\udc08\u200d\u2b1b Arbre \u00e0 chat cercueil miniature BJD \u2013 D\u00e9cor gothique &amp; cosy -<\/title>\n<meta name=\"description\" content=\"arbre chat cercueil miniature bjd chat . Pour les dolls au 1\/6, pullip, Poppy Parker, Barbie, ,ou au 1\/4 comme les BJD minifee MSD, unoa, bimong.\" \/>\n<meta name=\"robots\" content=\"index, follow, max-snippet:-1, max-image-preview:large, max-video-preview:-1\" \/>\n<link rel=\"canonical\" href=\"https:\/\/www.sunnyshop211.com\/en\/product\/\ud83d\udc08\u2b1b-arbre-a-chat-cercueil-miniature-bjd-decor-gothique-cosy\/\" \/>\n<meta property=\"og:locale\" content=\"en_US\" \/>\n<meta property=\"og:type\" content=\"article\" \/>\n<meta property=\"og:title\" content=\"\ud83d\udc08\u200d\u2b1b Arbre \u00e0 chat cercueil miniature BJD \u2013 D\u00e9cor gothique &amp; cosy -\" \/>\n<meta property=\"og:description\" content=\"arbre chat cercueil miniature bjd chat . Pour les dolls au 1\/6, pullip, Poppy Parker, Barbie, ,ou au 1\/4 comme les BJD minifee MSD, unoa, bimong.\" \/>\n<meta property=\"og:url\" content=\"https:\/\/www.sunnyshop211.com\/en\/product\/\ud83d\udc08\u2b1b-arbre-a-chat-cercueil-miniature-bjd-decor-gothique-cosy\/\" \/>\n<meta property=\"og:site_name\" content=\"Sunnyshop211 -Vente de dioramas, meubles, miniatures , bjd poup\u00e9es 1\/12 1\/8 1\/6 1\/4 1\/3\" \/>\n<meta property=\"article:publisher\" content=\"https:\/\/www.facebook.com\/sunnyshop211\/?ref=bookmarks\" \/>\n<meta property=\"article:modified_time\" content=\"2026-01-04T10:17:44+00:00\" \/>\n<meta property=\"og:image\" content=\"https:\/\/www.sunnyshop211.com\/wp-content\/uploads\/2024\/09\/23-scaled.jpg\" \/>\n\t<meta property=\"og:image:width\" content=\"2560\" \/>\n\t<meta property=\"og:image:height\" content=\"1978\" \/>\n\t<meta property=\"og:image:type\" content=\"image\/jpeg\" \/>\n<meta name=\"twitter:card\" content=\"summary_large_image\" \/>\n<meta name=\"twitter:site\" content=\"@sunnyshop211\" \/>\n<meta name=\"twitter:label1\" content=\"Est. reading time\" \/>\n\t<meta name=\"twitter:data1\" content=\"3 minutes\" \/>\n<script type=\"application\/ld+json\" class=\"yoast-schema-graph\">{\"@context\":\"https:\\\/\\\/schema.org\",\"@graph\":[{\"@type\":\"WebPage\",\"@id\":\"https:\\\/\\\/www.sunnyshop211.com\\\/produit\\\/%f0%9f%90%88%e2%ac%9b-arbre-a-chat-cercueil-miniature-bjd-decor-gothique-cosy\\\/\",\"url\":\"https:\\\/\\\/www.sunnyshop211.com\\\/produit\\\/%f0%9f%90%88%e2%ac%9b-arbre-a-chat-cercueil-miniature-bjd-decor-gothique-cosy\\\/\",\"name\":\"\ud83d\udc08\u200d\u2b1b Arbre \u00e0 chat cercueil miniature BJD \u2013 D\u00e9cor gothique & cosy -\",\"isPartOf\":{\"@id\":\"https:\\\/\\\/www.sunnyshop211.com\\\/#website\"},\"primaryImageOfPage\":{\"@id\":\"https:\\\/\\\/www.sunnyshop211.com\\\/produit\\\/%f0%9f%90%88%e2%ac%9b-arbre-a-chat-cercueil-miniature-bjd-decor-gothique-cosy\\\/#primaryimage\"},\"image\":{\"@id\":\"https:\\\/\\\/www.sunnyshop211.com\\\/produit\\\/%f0%9f%90%88%e2%ac%9b-arbre-a-chat-cercueil-miniature-bjd-decor-gothique-cosy\\\/#primaryimage\"},\"thumbnailUrl\":\"https:\\\/\\\/www.sunnyshop211.com\\\/wp-content\\\/uploads\\\/2024\\\/09\\\/23-scaled.jpg\",\"datePublished\":\"2024-09-02T17:52:18+00:00\",\"dateModified\":\"2026-01-04T10:17:44+00:00\",\"description\":\"arbre chat cercueil miniature bjd chat . Pour les dolls au 1\\\/6, pullip, Poppy Parker, Barbie, ,ou au 1\\\/4 comme les BJD minifee MSD, unoa, bimong.\",\"breadcrumb\":{\"@id\":\"https:\\\/\\\/www.sunnyshop211.com\\\/produit\\\/%f0%9f%90%88%e2%ac%9b-arbre-a-chat-cercueil-miniature-bjd-decor-gothique-cosy\\\/#breadcrumb\"},\"inLanguage\":\"en-US\",\"potentialAction\":[{\"@type\":\"ReadAction\",\"target\":[\"https:\\\/\\\/www.sunnyshop211.com\\\/produit\\\/%f0%9f%90%88%e2%ac%9b-arbre-a-chat-cercueil-miniature-bjd-decor-gothique-cosy\\\/\"]}]},{\"@type\":\"ImageObject\",\"inLanguage\":\"en-US\",\"@id\":\"https:\\\/\\\/www.sunnyshop211.com\\\/produit\\\/%f0%9f%90%88%e2%ac%9b-arbre-a-chat-cercueil-miniature-bjd-decor-gothique-cosy\\\/#primaryimage\",\"url\":\"https:\\\/\\\/www.sunnyshop211.com\\\/wp-content\\\/uploads\\\/2024\\\/09\\\/23-scaled.jpg\",\"contentUrl\":\"https:\\\/\\\/www.sunnyshop211.com\\\/wp-content\\\/uploads\\\/2024\\\/09\\\/23-scaled.jpg\",\"width\":2560,\"height\":1978,\"caption\":\"arbre chat cercueil miniature bjd chat . Pour les dolls au 1\\\/6, pullip, Poppy Parker, Barbie, ,ou au 1\\\/4 comme les BJD minifee MSD, unoa, bimong.\"},{\"@type\":\"BreadcrumbList\",\"@id\":\"https:\\\/\\\/www.sunnyshop211.com\\\/produit\\\/%f0%9f%90%88%e2%ac%9b-arbre-a-chat-cercueil-miniature-bjd-decor-gothique-cosy\\\/#breadcrumb\",\"itemListElement\":[{\"@type\":\"ListItem\",\"position\":1,\"name\":\"Accueil\",\"item\":\"https:\\\/\\\/www.sunnyshop211.com\\\/\"},{\"@type\":\"ListItem\",\"position\":2,\"name\":\"Boutique\",\"item\":\"https:\\\/\\\/www.sunnyshop211.com\\\/boutique-miniature-bjd-dolls\\\/\"},{\"@type\":\"ListItem\",\"position\":3,\"name\":\"\ud83d\udc08\u200d\u2b1b Arbre \u00e0 chat cercueil miniature BJD \u2013 D\u00e9cor gothique &#038; cosy\"}]},{\"@type\":\"WebSite\",\"@id\":\"https:\\\/\\\/www.sunnyshop211.com\\\/#website\",\"url\":\"https:\\\/\\\/www.sunnyshop211.com\\\/\",\"name\":\"Vente de dioramas, meubles, miniatures , bjd poup\u00e9es 1\\\/12 1\\\/8 1\\\/6 1\\\/4 1\\\/3\",\"description\":\"Sunnyshop211 - Votre univers miniature pour poup\u00e9es et BJD, dioramas et meubles sur mesure !\",\"publisher\":{\"@id\":\"https:\\\/\\\/www.sunnyshop211.com\\\/#organization\"},\"alternateName\":\"sunnyshop211\",\"potentialAction\":[{\"@type\":\"SearchAction\",\"target\":{\"@type\":\"EntryPoint\",\"urlTemplate\":\"https:\\\/\\\/www.sunnyshop211.com\\\/?s={search_term_string}\"},\"query-input\":{\"@type\":\"PropertyValueSpecification\",\"valueRequired\":true,\"valueName\":\"search_term_string\"}}],\"inLanguage\":\"en-US\"},{\"@type\":\"Organization\",\"@id\":\"https:\\\/\\\/www.sunnyshop211.com\\\/#organization\",\"name\":\"sunnyshop211\",\"alternateName\":\"sunnyshop211 diorama bjd meuble miniature\",\"url\":\"https:\\\/\\\/www.sunnyshop211.com\\\/\",\"logo\":{\"@type\":\"ImageObject\",\"inLanguage\":\"en-US\",\"@id\":\"https:\\\/\\\/www.sunnyshop211.com\\\/#\\\/schema\\\/logo\\\/image\\\/\",\"url\":\"https:\\\/\\\/www.sunnyshop211.com\\\/wp-content\\\/uploads\\\/2022\\\/08\\\/cropped-cropped-cropped-Sunnyshop211-1.png\",\"contentUrl\":\"https:\\\/\\\/www.sunnyshop211.com\\\/wp-content\\\/uploads\\\/2022\\\/08\\\/cropped-cropped-cropped-Sunnyshop211-1.png\",\"width\":339,\"height\":339,\"caption\":\"sunnyshop211\"},\"image\":{\"@id\":\"https:\\\/\\\/www.sunnyshop211.com\\\/#\\\/schema\\\/logo\\\/image\\\/\"},\"sameAs\":[\"https:\\\/\\\/www.facebook.com\\\/sunnyshop211\\\/?ref=bookmarks\",\"https:\\\/\\\/x.com\\\/sunnyshop211\",\"https:\\\/\\\/www.instagram.com\\\/sunnyshop211\\\/\",\"https:\\\/\\\/www.tumblr.com\\\/blog\\\/sunnyshop211\",\"https:\\\/\\\/www.youtube.com\\\/channel\\\/UCtYY18OGGDKrTSzgcf7fCBg\",\"https:\\\/\\\/www.tiktok.com\\\/@sunnydollshop211?is_from_webapp=1&sender_device=pc\"]}]}<\/script>\n<!-- \/ Yoast SEO plugin. -->","yoast_head_json":{"title":"\ud83d\udc08\u200d\u2b1b BJD miniature coffin cat tree - Gothic &amp; cosy decor -","description":"cat tree miniature coffin bjd cat . For 1\/6 dolls, pullip, Poppy Parker, Barbie, ,or 1\/4 dolls like BJD minifee MSD, unoa, bimong.","robots":{"index":"index","follow":"follow","max-snippet":"max-snippet:-1","max-image-preview":"max-image-preview:large","max-video-preview":"max-video-preview:-1"},"canonical":"https:\/\/www.sunnyshop211.com\/en\/product\/\ud83d\udc08\u2b1b-arbre-a-chat-cercueil-miniature-bjd-decor-gothique-cosy\/","og_locale":"en_US","og_type":"article","og_title":"\ud83d\udc08\u200d\u2b1b Arbre \u00e0 chat cercueil miniature BJD \u2013 D\u00e9cor gothique & cosy -","og_description":"arbre chat cercueil miniature bjd chat . Pour les dolls au 1\/6, pullip, Poppy Parker, Barbie, ,ou au 1\/4 comme les BJD minifee MSD, unoa, bimong.","og_url":"https:\/\/www.sunnyshop211.com\/en\/product\/\ud83d\udc08\u2b1b-arbre-a-chat-cercueil-miniature-bjd-decor-gothique-cosy\/","og_site_name":"Sunnyshop211 -Vente de dioramas, meubles, miniatures , bjd poup\u00e9es 1\/12 1\/8 1\/6 1\/4 1\/3","article_publisher":"https:\/\/www.facebook.com\/sunnyshop211\/?ref=bookmarks","article_modified_time":"2026-01-04T10:17:44+00:00","og_image":[{"width":2560,"height":1978,"url":"https:\/\/www.sunnyshop211.com\/wp-content\/uploads\/2024\/09\/23-scaled.jpg","type":"image\/jpeg"}],"twitter_card":"summary_large_image","twitter_site":"@sunnyshop211","twitter_misc":{"Est. reading time":"3 minutes"},"schema":{"@context":"https:\/\/schema.org","@graph":[{"@type":"WebPage","@id":"https:\/\/www.sunnyshop211.com\/produit\/%f0%9f%90%88%e2%ac%9b-arbre-a-chat-cercueil-miniature-bjd-decor-gothique-cosy\/","url":"https:\/\/www.sunnyshop211.com\/produit\/%f0%9f%90%88%e2%ac%9b-arbre-a-chat-cercueil-miniature-bjd-decor-gothique-cosy\/","name":"\ud83d\udc08\u200d\u2b1b BJD miniature coffin cat tree - Gothic &amp; cosy decor -","isPartOf":{"@id":"https:\/\/www.sunnyshop211.com\/#website"},"primaryImageOfPage":{"@id":"https:\/\/www.sunnyshop211.com\/produit\/%f0%9f%90%88%e2%ac%9b-arbre-a-chat-cercueil-miniature-bjd-decor-gothique-cosy\/#primaryimage"},"image":{"@id":"https:\/\/www.sunnyshop211.com\/produit\/%f0%9f%90%88%e2%ac%9b-arbre-a-chat-cercueil-miniature-bjd-decor-gothique-cosy\/#primaryimage"},"thumbnailUrl":"https:\/\/www.sunnyshop211.com\/wp-content\/uploads\/2024\/09\/23-scaled.jpg","datePublished":"2024-09-02T17:52:18+00:00","dateModified":"2026-01-04T10:17:44+00:00","description":"cat tree miniature coffin bjd cat . For 1\/6 dolls, pullip, Poppy Parker, Barbie, ,or 1\/4 dolls like BJD minifee MSD, unoa, bimong.","breadcrumb":{"@id":"https:\/\/www.sunnyshop211.com\/produit\/%f0%9f%90%88%e2%ac%9b-arbre-a-chat-cercueil-miniature-bjd-decor-gothique-cosy\/#breadcrumb"},"inLanguage":"en-US","potentialAction":[{"@type":"ReadAction","target":["https:\/\/www.sunnyshop211.com\/produit\/%f0%9f%90%88%e2%ac%9b-arbre-a-chat-cercueil-miniature-bjd-decor-gothique-cosy\/"]}]},{"@type":"ImageObject","inLanguage":"en-US","@id":"https:\/\/www.sunnyshop211.com\/produit\/%f0%9f%90%88%e2%ac%9b-arbre-a-chat-cercueil-miniature-bjd-decor-gothique-cosy\/#primaryimage","url":"https:\/\/www.sunnyshop211.com\/wp-content\/uploads\/2024\/09\/23-scaled.jpg","contentUrl":"https:\/\/www.sunnyshop211.com\/wp-content\/uploads\/2024\/09\/23-scaled.jpg","width":2560,"height":1978,"caption":"arbre chat cercueil miniature bjd chat . Pour les dolls au 1\/6, pullip, Poppy Parker, Barbie, ,ou au 1\/4 comme les BJD minifee MSD, unoa, bimong."},{"@type":"BreadcrumbList","@id":"https:\/\/www.sunnyshop211.com\/produit\/%f0%9f%90%88%e2%ac%9b-arbre-a-chat-cercueil-miniature-bjd-decor-gothique-cosy\/#breadcrumb","itemListElement":[{"@type":"ListItem","position":1,"name":"Accueil","item":"https:\/\/www.sunnyshop211.com\/"},{"@type":"ListItem","position":2,"name":"Boutique","item":"https:\/\/www.sunnyshop211.com\/boutique-miniature-bjd-dolls\/"},{"@type":"ListItem","position":3,"name":"\ud83d\udc08\u200d\u2b1b Arbre \u00e0 chat cercueil miniature BJD \u2013 D\u00e9cor gothique &#038; cosy"}]},{"@type":"WebSite","@id":"https:\/\/www.sunnyshop211.com\/#website","url":"https:\/\/www.sunnyshop211.com\/","name":"Sale of dioramas, furniture, miniatures, bjd dolls 1\/12 1\/8 1\/6 1\/4 1\/3","description":"Sunnyshop211 - Your miniature world for dolls and BJDs, dioramas and custom-made furniture!","publisher":{"@id":"https:\/\/www.sunnyshop211.com\/#organization"},"alternateName":"sunnyshop211","potentialAction":[{"@type":"SearchAction","target":{"@type":"EntryPoint","urlTemplate":"https:\/\/www.sunnyshop211.com\/?s={search_term_string}"},"query-input":{"@type":"PropertyValueSpecification","valueRequired":true,"valueName":"search_term_string"}}],"inLanguage":"en-US"},{"@type":"Organization","@id":"https:\/\/www.sunnyshop211.com\/#organization","name":"sunnyshop211","alternateName":"sunnyshop211 diorama bjd meuble miniature","url":"https:\/\/www.sunnyshop211.com\/","logo":{"@type":"ImageObject","inLanguage":"en-US","@id":"https:\/\/www.sunnyshop211.com\/#\/schema\/logo\/image\/","url":"https:\/\/www.sunnyshop211.com\/wp-content\/uploads\/2022\/08\/cropped-cropped-cropped-Sunnyshop211-1.png","contentUrl":"https:\/\/www.sunnyshop211.com\/wp-content\/uploads\/2022\/08\/cropped-cropped-cropped-Sunnyshop211-1.png","width":339,"height":339,"caption":"sunnyshop211"},"image":{"@id":"https:\/\/www.sunnyshop211.com\/#\/schema\/logo\/image\/"},"sameAs":["https:\/\/www.facebook.com\/sunnyshop211\/?ref=bookmarks","https:\/\/x.com\/sunnyshop211","https:\/\/www.instagram.com\/sunnyshop211\/","https:\/\/www.tumblr.com\/blog\/sunnyshop211","https:\/\/www.youtube.com\/channel\/UCtYY18OGGDKrTSzgcf7fCBg","https:\/\/www.tiktok.com\/@sunnydollshop211?is_from_webapp=1&sender_device=pc"]}]}},"jetpack_publicize_connections":[],"jetpack_sharing_enabled":true,"_links":{"self":[{"href":"https:\/\/www.sunnyshop211.com\/en\/wp-json\/wp\/v2\/product\/41922","targetHints":{"allow":["GET"]}}],"collection":[{"href":"https:\/\/www.sunnyshop211.com\/en\/wp-json\/wp\/v2\/product"}],"about":[{"href":"https:\/\/www.sunnyshop211.com\/en\/wp-json\/wp\/v2\/types\/product"}],"replies":[{"embeddable":true,"href":"https:\/\/www.sunnyshop211.com\/en\/wp-json\/wp\/v2\/comments?post=41922"}],"version-history":[{"count":3,"href":"https:\/\/www.sunnyshop211.com\/en\/wp-json\/wp\/v2\/product\/41922\/revisions"}],"predecessor-version":[{"id":52198,"href":"https:\/\/www.sunnyshop211.com\/en\/wp-json\/wp\/v2\/product\/41922\/revisions\/52198"}],"wp:featuredmedia":[{"embeddable":true,"href":"https:\/\/www.sunnyshop211.com\/en\/wp-json\/wp\/v2\/media\/41755"}],"wp:attachment":[{"href":"https:\/\/www.sunnyshop211.com\/en\/wp-json\/wp\/v2\/media?parent=41922"}],"wp:term":[{"taxonomy":"product_brand","embeddable":true,"href":"https:\/\/www.sunnyshop211.com\/en\/wp-json\/wp\/v2\/product_brand?post=41922"},{"taxonomy":"product_cat","embeddable":true,"href":"https:\/\/www.sunnyshop211.com\/en\/wp-json\/wp\/v2\/product_cat?post=41922"},{"taxonomy":"product_tag","embeddable":true,"href":"https:\/\/www.sunnyshop211.com\/en\/wp-json\/wp\/v2\/product_tag?post=41922"}],"curies":[{"name":"wp","href":"https:\/\/api.w.org\/{rel}","templated":true}]}}