{"id":41898,"date":"2024-09-02T18:15:06","date_gmt":"2024-09-02T17:15:06","guid":{"rendered":"https:\/\/www.sunnyshop211.com\/?post_type=product&#038;p=41898"},"modified":"2026-01-04T10:48:11","modified_gmt":"2026-01-04T09:48:11","slug":"fauteuil-baroque-miniature-1-4-minifee-msd-unoa-bimong","status":"publish","type":"product","link":"https:\/\/www.sunnyshop211.com\/en\/product\/fauteuil-baroque-miniature-1-4-minifee-msd-unoa-bimong\/","title":{"rendered":"Baroque miniature armchair 1\/4 bjd minifee"},"content":{"rendered":"<div id='gallery-1' class='gallery galleryid-41898 gallery-columns-3 gallery-size-thumbnail'><figure class='gallery-item'>\n\t\t\t<div class='gallery-icon landscape'>\n\t\t\t\t<a href='https:\/\/www.sunnyshop211.com\/en\/?attachment_id=41749'><img decoding=\"async\" width=\"150\" height=\"150\" src=\"https:\/\/www.sunnyshop211.com\/wp-content\/uploads\/2024\/09\/17-150x150.jpg\" class=\"attachment-thumbnail size-thumbnail\" alt=\"Fauteuil baroque miniature 1\/4 bjd minifee\" srcset=\"https:\/\/www.sunnyshop211.com\/wp-content\/uploads\/2024\/09\/17-150x150.jpg 150w, https:\/\/www.sunnyshop211.com\/wp-content\/uploads\/2024\/09\/17-500x500.jpg 500w, https:\/\/www.sunnyshop211.com\/wp-content\/uploads\/2024\/09\/17-100x100.jpg 100w\" sizes=\"(max-width: 150px) 100vw, 150px\" \/><\/a>\n\t\t\t<\/div><\/figure><figure class='gallery-item'>\n\t\t\t<div class='gallery-icon landscape'>\n\t\t\t\t<a href='https:\/\/www.sunnyshop211.com\/en\/?attachment_id=41759'><img decoding=\"async\" width=\"150\" height=\"150\" src=\"https:\/\/www.sunnyshop211.com\/wp-content\/uploads\/2024\/09\/27-150x150.jpg\" class=\"attachment-thumbnail size-thumbnail\" alt=\"Lustre barque simulation miniature 1\/6, 1\/4 Barbie, pullip, fashion royalty, bjd, minifee, unoa ou autres de m\u00eame tailles.\" srcset=\"https:\/\/www.sunnyshop211.com\/wp-content\/uploads\/2024\/09\/27-150x150.jpg 150w, https:\/\/www.sunnyshop211.com\/wp-content\/uploads\/2024\/09\/27-500x500.jpg 500w, https:\/\/www.sunnyshop211.com\/wp-content\/uploads\/2024\/09\/27-100x100.jpg 100w\" sizes=\"(max-width: 150px) 100vw, 150px\" \/><\/a>\n\t\t\t<\/div><\/figure><figure class='gallery-item'>\n\t\t\t<div class='gallery-icon landscape'>\n\t\t\t\t<a href='https:\/\/www.sunnyshop211.com\/en\/?attachment_id=41751'><img decoding=\"async\" width=\"150\" height=\"150\" src=\"https:\/\/www.sunnyshop211.com\/wp-content\/uploads\/2024\/09\/19-150x150.jpg\" class=\"attachment-thumbnail size-thumbnail\" alt=\"\" srcset=\"https:\/\/www.sunnyshop211.com\/wp-content\/uploads\/2024\/09\/19-150x150.jpg 150w, https:\/\/www.sunnyshop211.com\/wp-content\/uploads\/2024\/09\/19-500x500.jpg 500w, https:\/\/www.sunnyshop211.com\/wp-content\/uploads\/2024\/09\/19-100x100.jpg 100w\" sizes=\"(max-width: 150px) 100vw, 150px\" \/><\/a>\n\t\t\t<\/div><\/figure><figure class='gallery-item'>\n\t\t\t<div class='gallery-icon portrait'>\n\t\t\t\t<a href='https:\/\/www.sunnyshop211.com\/en\/?attachment_id=41763'><img loading=\"lazy\" decoding=\"async\" width=\"150\" height=\"150\" src=\"https:\/\/www.sunnyshop211.com\/wp-content\/uploads\/2024\/09\/31-150x150.jpg\" class=\"attachment-thumbnail size-thumbnail\" alt=\"Fauteuil baroque miniature 1\/4 bjd minifee\" srcset=\"https:\/\/www.sunnyshop211.com\/wp-content\/uploads\/2024\/09\/31-150x150.jpg 150w, https:\/\/www.sunnyshop211.com\/wp-content\/uploads\/2024\/09\/31-500x500.jpg 500w, https:\/\/www.sunnyshop211.com\/wp-content\/uploads\/2024\/09\/31-100x100.jpg 100w\" sizes=\"(max-width: 150px) 100vw, 150px\" \/><\/a>\n\t\t\t<\/div><\/figure><figure class='gallery-item'>\n\t\t\t<div class='gallery-icon landscape'>\n\t\t\t\t<a href='https:\/\/www.sunnyshop211.com\/en\/?attachment_id=41767'><img loading=\"lazy\" decoding=\"async\" width=\"150\" height=\"150\" src=\"https:\/\/www.sunnyshop211.com\/wp-content\/uploads\/2024\/09\/35-150x150.jpg\" class=\"attachment-thumbnail size-thumbnail\" alt=\"Univers baroque miniature\" srcset=\"https:\/\/www.sunnyshop211.com\/wp-content\/uploads\/2024\/09\/35-150x150.jpg 150w, https:\/\/www.sunnyshop211.com\/wp-content\/uploads\/2024\/09\/35-500x500.jpg 500w, https:\/\/www.sunnyshop211.com\/wp-content\/uploads\/2024\/09\/35-100x100.jpg 100w\" sizes=\"(max-width: 150px) 100vw, 150px\" \/><\/a>\n\t\t\t<\/div><\/figure>\n\t\t<\/div>\n\n<h2 data-start=\"187\" data-end=\"254\"><strong data-start=\"190\" data-end=\"254\">Miniature baroque armchair - 1\/4, Minifee, MSD, Unoa, Bimong<\/strong><\/h2>\n<p data-start=\"256\" data-end=\"418\">This miniature Baroque armchair is a strong, elegant piece, ideal for creating refined settings and dioramas with a classical, theatrical ambience.<\/p>\n<hr data-start=\"420\" data-end=\"423\" \/>\n<p data-start=\"425\" data-end=\"449\">\u2728 <strong data-start=\"427\" data-end=\"449\">Product details<\/strong><\/p>\n<ul data-start=\"451\" data-end=\"704\">\n<li data-start=\"451\" data-end=\"498\">\n<p data-start=\"453\" data-end=\"498\">Type : decorative miniature baroque armchair<\/p>\n<\/li>\n<li data-start=\"499\" data-end=\"518\">\n<p data-start=\"501\" data-end=\"518\">Style: Baroque<\/p>\n<\/li>\n<li data-start=\"519\" data-end=\"657\">\n<p data-start=\"521\" data-end=\"531\">Finish :<\/p>\n<ul data-start=\"534\" data-end=\"657\">\n<li data-start=\"534\" data-end=\"555\">\n<p data-start=\"536\" data-end=\"555\">Structure <strong data-start=\"546\" data-end=\"555\">black<\/strong><\/p>\n<\/li>\n<li data-start=\"558\" data-end=\"582\">\n<p data-start=\"560\" data-end=\"582\">Patterns <strong data-start=\"567\" data-end=\"582\">brushed gold<\/strong><\/p>\n<\/li>\n<li data-start=\"585\" data-end=\"657\">\n<p data-start=\"587\" data-end=\"657\">Seat and backrest covered with <strong data-start=\"621\" data-end=\"655\">slightly distressed red fabric<\/strong><\/p>\n<\/li>\n<\/ul>\n<\/li>\n<li data-start=\"658\" data-end=\"704\">\n<p data-start=\"660\" data-end=\"704\">Sold individually (doll and set not included)<\/p>\n<\/li>\n<\/ul>\n<hr data-start=\"706\" data-end=\"709\" \/>\n<p data-start=\"711\" data-end=\"738\">\ud83d\udccf <strong data-start=\"714\" data-end=\"738\">Dimensions &amp; scale<\/strong><\/p>\n<ul data-start=\"740\" data-end=\"947\">\n<li data-start=\"740\" data-end=\"759\">\n<p data-start=\"742\" data-end=\"759\">Scale : <strong data-start=\"752\" data-end=\"759\">1\/4<\/strong><\/p>\n<\/li>\n<li data-start=\"760\" data-end=\"824\">\n<p data-start=\"762\" data-end=\"774\">Dimensions :<\/p>\n<ul data-start=\"777\" data-end=\"824\">\n<li data-start=\"777\" data-end=\"798\">\n<p data-start=\"779\" data-end=\"798\"><strong data-start=\"779\" data-end=\"798\">17 cm (height)<\/strong><\/p>\n<\/li>\n<li data-start=\"801\" data-end=\"824\">\n<p data-start=\"803\" data-end=\"824\"><strong data-start=\"803\" data-end=\"822\">14 cm (width)<\/strong><\/p>\n<\/li>\n<\/ul>\n<\/li>\n<li data-start=\"825\" data-end=\"947\">\n<p data-start=\"827\" data-end=\"857\">Suitable for :<\/p>\n<ul data-start=\"860\" data-end=\"947\">\n<li data-start=\"860\" data-end=\"867\">\n<p data-start=\"862\" data-end=\"867\">MSD<\/p>\n<\/li>\n<li data-start=\"870\" data-end=\"881\">\n<p data-start=\"872\" data-end=\"881\">Minifee<\/p>\n<\/li>\n<li data-start=\"884\" data-end=\"892\">\n<p data-start=\"886\" data-end=\"892\">Unoa<\/p>\n<\/li>\n<li data-start=\"895\" data-end=\"905\">\n<p data-start=\"897\" data-end=\"905\">Bimong<\/p>\n<\/li>\n<li data-start=\"908\" data-end=\"947\">\n<p data-start=\"910\" data-end=\"947\">and other dolls of equivalent size<\/p>\n<\/li>\n<\/ul>\n<\/li>\n<\/ul>\n<hr data-start=\"949\" data-end=\"952\" \/>\n<p data-start=\"954\" data-end=\"990\">\ud83c\udfad <strong data-start=\"957\" data-end=\"990\">Staging &amp; compatibility<\/strong><\/p>\n<ul data-start=\"992\" data-end=\"1254\">\n<li data-start=\"992\" data-end=\"1083\">\n<p data-start=\"994\" data-end=\"1083\">Perfect for Baroque salons, antique stages, libraries or aristocratic settings<\/p>\n<\/li>\n<li data-start=\"1084\" data-end=\"1150\">\n<p data-start=\"1086\" data-end=\"1150\">Compatible with furniture <strong data-start=\"1114\" data-end=\"1130\">sunnyshop211<\/strong> sold separately<\/p>\n<\/li>\n<li data-start=\"1151\" data-end=\"1215\">\n<p data-start=\"1153\" data-end=\"1215\">The matching baroque fireplace is available in the store<\/p>\n<\/li>\n<li data-start=\"1216\" data-end=\"1254\">\n<p data-start=\"1218\" data-end=\"1254\">The choice is yours \u2728<\/p>\n<\/li>\n<\/ul>\n<hr data-start=\"1256\" data-end=\"1259\" \/>\n<p data-start=\"1261\" data-end=\"1291\">\ud83d\udee0\ufe0f <strong data-start=\"1265\" data-end=\"1291\">Handcrafted products<\/strong><\/p>\n<ul data-start=\"1293\" data-end=\"1460\">\n<li data-start=\"1293\" data-end=\"1317\">\n<p data-start=\"1295\" data-end=\"1317\">Made to order<\/p>\n<\/li>\n<li data-start=\"1318\" data-end=\"1460\">\n<p data-start=\"1320\" data-end=\"1460\">Slight variations in shape, color and imperfections may occur, reflecting the handcrafted nature of the creation.<\/p>\n<\/li>\n<\/ul>\n<hr data-start=\"1462\" data-end=\"1465\" \/>\n<p data-start=\"1467\" data-end=\"1498\">\ud83d\udce6 <strong data-start=\"1470\" data-end=\"1498\">Important information<\/strong><\/p>\n<ul data-start=\"1500\" data-end=\"1797\">\n<li data-start=\"1500\" data-end=\"1556\">\n<p data-start=\"1502\" data-end=\"1556\">Collector's item - <strong data-start=\"1526\" data-end=\"1554\">adult audience only<\/strong><\/p>\n<\/li>\n<li data-start=\"1557\" data-end=\"1588\">\n<p data-start=\"1559\" data-end=\"1588\"><strong data-start=\"1559\" data-end=\"1586\">This is not a toy<\/strong><\/p>\n<\/li>\n<li data-start=\"1589\" data-end=\"1671\">\n<p data-start=\"1591\" data-end=\"1671\">Please take into account the manufacturing and delivery times (see <strong data-start=\"1661\" data-end=\"1668\">GTC<\/strong>)<\/p>\n<\/li>\n<li data-start=\"1672\" data-end=\"1721\">\n<p data-start=\"1674\" data-end=\"1721\">The photos are examples of staging<\/p>\n<\/li>\n<li data-start=\"1722\" data-end=\"1797\">\n<p data-start=\"1724\" data-end=\"1797\">Other visible decorations are sold separately in the store.<\/p>\n<\/li>\n<\/ul>\n<hr data-start=\"1799\" data-end=\"1802\" \/>\n<p data-start=\"1804\" data-end=\"1820\">\ud83d\ude9a <strong data-start=\"1807\" data-end=\"1820\">Transport<\/strong><\/p>\n<p data-start=\"1822\" data-end=\"1888\">I am not responsible for any damage in transit.<\/p>\n<hr data-start=\"1890\" data-end=\"1893\" \/>\n<p data-start=\"1895\" data-end=\"1977\">\ud83d\udcf8 <strong data-start=\"1898\" data-end=\"1932\">More photos and inspiration<\/strong><br data-start=\"1932\" data-end=\"1935\" \/>\ud83d\udc49 <a class=\"decorated-link\" href=\"https:\/\/www.instagram.com\/sunnyshop211\/\" target=\"_new\" rel=\"noopener\" data-start=\"1938\" data-end=\"1977\">https:\/\/www.instagram.com\/sunnyshop211\/<\/a><\/p>\n<p>&nbsp;<\/p>\n<p>&nbsp;<\/p>\n<p>&nbsp;<\/p>","protected":false},"excerpt":{"rendered":"<p>Fauteuil baroque miniature \u2013 1\/4, Minifee, MSD, Unoa, Bimong Ce fauteuil baroque miniature est une pi\u00e8ce forte et \u00e9l\u00e9gante, id\u00e9ale pour cr\u00e9er des mises en sc\u00e8ne raffin\u00e9es et des dioramas \u00e0 l\u2019ambiance classique et th\u00e9\u00e2trale. \u2728 D\u00e9tails du produit Type : fauteuil baroque miniature d\u00e9coratif Style : baroque Finition : Structure noire Motifs dor\u00e9 bross\u00e9 [&hellip;]<\/p>\n","protected":false},"featured_media":41749,"comment_status":"open","ping_status":"closed","template":"","meta":{"_crdt_document":"","jetpack_post_was_ever_published":false,"jetpack_publicize_message":"","jetpack_publicize_feature_enabled":true,"jetpack_social_post_already_shared":true,"jetpack_social_options":{"image_generator_settings":{"template":"highway","default_image_id":0,"font":"","enabled":false},"version":2}},"product_brand":[],"product_cat":[667687101],"product_tag":[667681136,667681234,667681226,667681233,667685979,667681239,667681225,667681241,667681236,667681261,667681232,667681173,667681237,667685980,667681260],"class_list":{"0":"post-41898","1":"product","2":"type-product","3":"status-publish","4":"has-post-thumbnail","6":"product_cat-meubles-gothiques","7":"product_tag-bjd","8":"product_tag-diorama","9":"product_tag-doll","10":"product_tag-dollhouse","11":"product_tag-escalier","12":"product_tag-fairyland","13":"product_tag-furniture","14":"product_tag-iplehouse","15":"product_tag-maison-de-poupee","16":"product_tag-meuble","17":"product_tag-miniature","18":"product_tag-minifee","19":"product_tag-msd","20":"product_tag-staircase","21":"product_tag-tonner","22":"product_shipping_class-colissimo-5","23":"pa_couleur-blanc","24":"pa_couleur-noir","26":"first","27":"instock","28":"taxable","29":"shipping-taxable","30":"purchasable","31":"product-type-simple"},"yoast_head":"<!-- This site is optimized with the Yoast SEO plugin v27.4 - https:\/\/yoast.com\/product\/yoast-seo-wordpress\/ -->\n<title>Fauteuil baroque miniature 1\/4 bjd minifee -<\/title>\n<meta name=\"description\" content=\"Fauteuil baroque miniature \u2013 1\/4, Minifee, MSD, Unoa, Bimong. Ce fauteuil style baroque est id\u00e9al pour vos mises en sc\u00e8nes est diorama.\" \/>\n<meta name=\"robots\" content=\"index, follow, max-snippet:-1, max-image-preview:large, max-video-preview:-1\" \/>\n<link rel=\"canonical\" href=\"https:\/\/www.sunnyshop211.com\/en\/product\/fauteuil-baroque-miniature-1-4-minifee-msd-unoa-bimong\/\" \/>\n<meta property=\"og:locale\" content=\"en_US\" \/>\n<meta property=\"og:type\" content=\"article\" \/>\n<meta property=\"og:title\" content=\"Fauteuil baroque miniature 1\/4 bjd minifee -\" \/>\n<meta property=\"og:description\" content=\"Fauteuil baroque miniature 1\/4 bjd minifee , msd, unoa , bimong. Ce fauteuil style baroque est id\u00e9al pour vos mises en sc\u00e8nes est diorama.\" \/>\n<meta property=\"og:url\" content=\"https:\/\/www.sunnyshop211.com\/en\/product\/fauteuil-baroque-miniature-1-4-minifee-msd-unoa-bimong\/\" \/>\n<meta property=\"og:site_name\" content=\"Sunnyshop211 -Vente de dioramas, meubles, miniatures , bjd poup\u00e9es 1\/12 1\/8 1\/6 1\/4 1\/3\" \/>\n<meta property=\"article:publisher\" content=\"https:\/\/www.facebook.com\/sunnyshop211\/?ref=bookmarks\" \/>\n<meta property=\"article:modified_time\" content=\"2026-01-04T09:48:11+00:00\" \/>\n<meta property=\"og:image\" content=\"https:\/\/www.sunnyshop211.com\/wp-content\/uploads\/2024\/09\/17-scaled.jpg\" \/>\n\t<meta property=\"og:image:width\" content=\"2560\" \/>\n\t<meta property=\"og:image:height\" content=\"1736\" \/>\n\t<meta property=\"og:image:type\" content=\"image\/jpeg\" \/>\n<meta name=\"twitter:card\" content=\"summary_large_image\" \/>\n<meta name=\"twitter:site\" content=\"@sunnyshop211\" \/>\n<meta name=\"twitter:label1\" content=\"Est. reading time\" \/>\n\t<meta name=\"twitter:data1\" content=\"2 minutes\" \/>\n<script type=\"application\/ld+json\" class=\"yoast-schema-graph\">{\"@context\":\"https:\\\/\\\/schema.org\",\"@graph\":[{\"@type\":\"WebPage\",\"@id\":\"https:\\\/\\\/www.sunnyshop211.com\\\/produit\\\/fauteuil-baroque-miniature-1-4-minifee-msd-unoa-bimong\\\/\",\"url\":\"https:\\\/\\\/www.sunnyshop211.com\\\/produit\\\/fauteuil-baroque-miniature-1-4-minifee-msd-unoa-bimong\\\/\",\"name\":\"Fauteuil baroque miniature 1\\\/4 bjd minifee -\",\"isPartOf\":{\"@id\":\"https:\\\/\\\/www.sunnyshop211.com\\\/#website\"},\"primaryImageOfPage\":{\"@id\":\"https:\\\/\\\/www.sunnyshop211.com\\\/produit\\\/fauteuil-baroque-miniature-1-4-minifee-msd-unoa-bimong\\\/#primaryimage\"},\"image\":{\"@id\":\"https:\\\/\\\/www.sunnyshop211.com\\\/produit\\\/fauteuil-baroque-miniature-1-4-minifee-msd-unoa-bimong\\\/#primaryimage\"},\"thumbnailUrl\":\"https:\\\/\\\/www.sunnyshop211.com\\\/wp-content\\\/uploads\\\/2024\\\/09\\\/17-scaled.jpg\",\"datePublished\":\"2024-09-02T17:15:06+00:00\",\"dateModified\":\"2026-01-04T09:48:11+00:00\",\"description\":\"Fauteuil baroque miniature \u2013 1\\\/4, Minifee, MSD, Unoa, Bimong. Ce fauteuil style baroque est id\u00e9al pour vos mises en sc\u00e8nes est diorama.\",\"breadcrumb\":{\"@id\":\"https:\\\/\\\/www.sunnyshop211.com\\\/produit\\\/fauteuil-baroque-miniature-1-4-minifee-msd-unoa-bimong\\\/#breadcrumb\"},\"inLanguage\":\"en-US\",\"potentialAction\":[{\"@type\":\"ReadAction\",\"target\":[\"https:\\\/\\\/www.sunnyshop211.com\\\/produit\\\/fauteuil-baroque-miniature-1-4-minifee-msd-unoa-bimong\\\/\"]}]},{\"@type\":\"ImageObject\",\"inLanguage\":\"en-US\",\"@id\":\"https:\\\/\\\/www.sunnyshop211.com\\\/produit\\\/fauteuil-baroque-miniature-1-4-minifee-msd-unoa-bimong\\\/#primaryimage\",\"url\":\"https:\\\/\\\/www.sunnyshop211.com\\\/wp-content\\\/uploads\\\/2024\\\/09\\\/17-scaled.jpg\",\"contentUrl\":\"https:\\\/\\\/www.sunnyshop211.com\\\/wp-content\\\/uploads\\\/2024\\\/09\\\/17-scaled.jpg\",\"width\":2560,\"height\":1736,\"caption\":\"Fauteuil baroque miniature 1\\\/4 bjd minifee\"},{\"@type\":\"BreadcrumbList\",\"@id\":\"https:\\\/\\\/www.sunnyshop211.com\\\/produit\\\/fauteuil-baroque-miniature-1-4-minifee-msd-unoa-bimong\\\/#breadcrumb\",\"itemListElement\":[{\"@type\":\"ListItem\",\"position\":1,\"name\":\"Accueil\",\"item\":\"https:\\\/\\\/www.sunnyshop211.com\\\/\"},{\"@type\":\"ListItem\",\"position\":2,\"name\":\"Boutique\",\"item\":\"https:\\\/\\\/www.sunnyshop211.com\\\/boutique-miniature-bjd-dolls\\\/\"},{\"@type\":\"ListItem\",\"position\":3,\"name\":\"Fauteuil baroque miniature 1\\\/4 bjd minifee\"}]},{\"@type\":\"WebSite\",\"@id\":\"https:\\\/\\\/www.sunnyshop211.com\\\/#website\",\"url\":\"https:\\\/\\\/www.sunnyshop211.com\\\/\",\"name\":\"Vente de dioramas, meubles, miniatures , bjd poup\u00e9es 1\\\/12 1\\\/8 1\\\/6 1\\\/4 1\\\/3\",\"description\":\"Sunnyshop211 - Votre univers miniature pour poup\u00e9es et BJD, dioramas et meubles sur mesure !\",\"publisher\":{\"@id\":\"https:\\\/\\\/www.sunnyshop211.com\\\/#organization\"},\"alternateName\":\"sunnyshop211\",\"potentialAction\":[{\"@type\":\"SearchAction\",\"target\":{\"@type\":\"EntryPoint\",\"urlTemplate\":\"https:\\\/\\\/www.sunnyshop211.com\\\/?s={search_term_string}\"},\"query-input\":{\"@type\":\"PropertyValueSpecification\",\"valueRequired\":true,\"valueName\":\"search_term_string\"}}],\"inLanguage\":\"en-US\"},{\"@type\":\"Organization\",\"@id\":\"https:\\\/\\\/www.sunnyshop211.com\\\/#organization\",\"name\":\"sunnyshop211\",\"alternateName\":\"sunnyshop211 diorama bjd meuble miniature\",\"url\":\"https:\\\/\\\/www.sunnyshop211.com\\\/\",\"logo\":{\"@type\":\"ImageObject\",\"inLanguage\":\"en-US\",\"@id\":\"https:\\\/\\\/www.sunnyshop211.com\\\/#\\\/schema\\\/logo\\\/image\\\/\",\"url\":\"https:\\\/\\\/www.sunnyshop211.com\\\/wp-content\\\/uploads\\\/2022\\\/08\\\/cropped-cropped-cropped-Sunnyshop211-1.png\",\"contentUrl\":\"https:\\\/\\\/www.sunnyshop211.com\\\/wp-content\\\/uploads\\\/2022\\\/08\\\/cropped-cropped-cropped-Sunnyshop211-1.png\",\"width\":339,\"height\":339,\"caption\":\"sunnyshop211\"},\"image\":{\"@id\":\"https:\\\/\\\/www.sunnyshop211.com\\\/#\\\/schema\\\/logo\\\/image\\\/\"},\"sameAs\":[\"https:\\\/\\\/www.facebook.com\\\/sunnyshop211\\\/?ref=bookmarks\",\"https:\\\/\\\/x.com\\\/sunnyshop211\",\"https:\\\/\\\/www.instagram.com\\\/sunnyshop211\\\/\",\"https:\\\/\\\/www.tumblr.com\\\/blog\\\/sunnyshop211\",\"https:\\\/\\\/www.youtube.com\\\/channel\\\/UCtYY18OGGDKrTSzgcf7fCBg\",\"https:\\\/\\\/www.tiktok.com\\\/@sunnydollshop211?is_from_webapp=1&sender_device=pc\"]}]}<\/script>\n<!-- \/ Yoast SEO plugin. -->","yoast_head_json":{"title":"Miniature baroque armchair 1\/4 bjd minifee -","description":"Miniature baroque armchair - 1\/4, Minifee, MSD, Unoa, Bimong. This baroque-style armchair is ideal for diorama staging.","robots":{"index":"index","follow":"follow","max-snippet":"max-snippet:-1","max-image-preview":"max-image-preview:large","max-video-preview":"max-video-preview:-1"},"canonical":"https:\/\/www.sunnyshop211.com\/en\/product\/fauteuil-baroque-miniature-1-4-minifee-msd-unoa-bimong\/","og_locale":"en_US","og_type":"article","og_title":"Fauteuil baroque miniature 1\/4 bjd minifee -","og_description":"Fauteuil baroque miniature 1\/4 bjd minifee , msd, unoa , bimong. Ce fauteuil style baroque est id\u00e9al pour vos mises en sc\u00e8nes est diorama.","og_url":"https:\/\/www.sunnyshop211.com\/en\/product\/fauteuil-baroque-miniature-1-4-minifee-msd-unoa-bimong\/","og_site_name":"Sunnyshop211 -Vente de dioramas, meubles, miniatures , bjd poup\u00e9es 1\/12 1\/8 1\/6 1\/4 1\/3","article_publisher":"https:\/\/www.facebook.com\/sunnyshop211\/?ref=bookmarks","article_modified_time":"2026-01-04T09:48:11+00:00","og_image":[{"width":2560,"height":1736,"url":"https:\/\/www.sunnyshop211.com\/wp-content\/uploads\/2024\/09\/17-scaled.jpg","type":"image\/jpeg"}],"twitter_card":"summary_large_image","twitter_site":"@sunnyshop211","twitter_misc":{"Est. reading time":"2 minutes"},"schema":{"@context":"https:\/\/schema.org","@graph":[{"@type":"WebPage","@id":"https:\/\/www.sunnyshop211.com\/produit\/fauteuil-baroque-miniature-1-4-minifee-msd-unoa-bimong\/","url":"https:\/\/www.sunnyshop211.com\/produit\/fauteuil-baroque-miniature-1-4-minifee-msd-unoa-bimong\/","name":"Miniature baroque armchair 1\/4 bjd minifee -","isPartOf":{"@id":"https:\/\/www.sunnyshop211.com\/#website"},"primaryImageOfPage":{"@id":"https:\/\/www.sunnyshop211.com\/produit\/fauteuil-baroque-miniature-1-4-minifee-msd-unoa-bimong\/#primaryimage"},"image":{"@id":"https:\/\/www.sunnyshop211.com\/produit\/fauteuil-baroque-miniature-1-4-minifee-msd-unoa-bimong\/#primaryimage"},"thumbnailUrl":"https:\/\/www.sunnyshop211.com\/wp-content\/uploads\/2024\/09\/17-scaled.jpg","datePublished":"2024-09-02T17:15:06+00:00","dateModified":"2026-01-04T09:48:11+00:00","description":"Miniature baroque armchair - 1\/4, Minifee, MSD, Unoa, Bimong. This baroque-style armchair is ideal for diorama staging.","breadcrumb":{"@id":"https:\/\/www.sunnyshop211.com\/produit\/fauteuil-baroque-miniature-1-4-minifee-msd-unoa-bimong\/#breadcrumb"},"inLanguage":"en-US","potentialAction":[{"@type":"ReadAction","target":["https:\/\/www.sunnyshop211.com\/produit\/fauteuil-baroque-miniature-1-4-minifee-msd-unoa-bimong\/"]}]},{"@type":"ImageObject","inLanguage":"en-US","@id":"https:\/\/www.sunnyshop211.com\/produit\/fauteuil-baroque-miniature-1-4-minifee-msd-unoa-bimong\/#primaryimage","url":"https:\/\/www.sunnyshop211.com\/wp-content\/uploads\/2024\/09\/17-scaled.jpg","contentUrl":"https:\/\/www.sunnyshop211.com\/wp-content\/uploads\/2024\/09\/17-scaled.jpg","width":2560,"height":1736,"caption":"Fauteuil baroque miniature 1\/4 bjd minifee"},{"@type":"BreadcrumbList","@id":"https:\/\/www.sunnyshop211.com\/produit\/fauteuil-baroque-miniature-1-4-minifee-msd-unoa-bimong\/#breadcrumb","itemListElement":[{"@type":"ListItem","position":1,"name":"Accueil","item":"https:\/\/www.sunnyshop211.com\/"},{"@type":"ListItem","position":2,"name":"Boutique","item":"https:\/\/www.sunnyshop211.com\/boutique-miniature-bjd-dolls\/"},{"@type":"ListItem","position":3,"name":"Fauteuil baroque miniature 1\/4 bjd minifee"}]},{"@type":"WebSite","@id":"https:\/\/www.sunnyshop211.com\/#website","url":"https:\/\/www.sunnyshop211.com\/","name":"Sale of dioramas, furniture, miniatures, bjd dolls 1\/12 1\/8 1\/6 1\/4 1\/3","description":"Sunnyshop211 - Your miniature world for dolls and BJDs, dioramas and custom-made furniture!","publisher":{"@id":"https:\/\/www.sunnyshop211.com\/#organization"},"alternateName":"sunnyshop211","potentialAction":[{"@type":"SearchAction","target":{"@type":"EntryPoint","urlTemplate":"https:\/\/www.sunnyshop211.com\/?s={search_term_string}"},"query-input":{"@type":"PropertyValueSpecification","valueRequired":true,"valueName":"search_term_string"}}],"inLanguage":"en-US"},{"@type":"Organization","@id":"https:\/\/www.sunnyshop211.com\/#organization","name":"sunnyshop211","alternateName":"sunnyshop211 diorama bjd meuble miniature","url":"https:\/\/www.sunnyshop211.com\/","logo":{"@type":"ImageObject","inLanguage":"en-US","@id":"https:\/\/www.sunnyshop211.com\/#\/schema\/logo\/image\/","url":"https:\/\/www.sunnyshop211.com\/wp-content\/uploads\/2022\/08\/cropped-cropped-cropped-Sunnyshop211-1.png","contentUrl":"https:\/\/www.sunnyshop211.com\/wp-content\/uploads\/2022\/08\/cropped-cropped-cropped-Sunnyshop211-1.png","width":339,"height":339,"caption":"sunnyshop211"},"image":{"@id":"https:\/\/www.sunnyshop211.com\/#\/schema\/logo\/image\/"},"sameAs":["https:\/\/www.facebook.com\/sunnyshop211\/?ref=bookmarks","https:\/\/x.com\/sunnyshop211","https:\/\/www.instagram.com\/sunnyshop211\/","https:\/\/www.tumblr.com\/blog\/sunnyshop211","https:\/\/www.youtube.com\/channel\/UCtYY18OGGDKrTSzgcf7fCBg","https:\/\/www.tiktok.com\/@sunnydollshop211?is_from_webapp=1&sender_device=pc"]}]}},"jetpack_publicize_connections":[],"jetpack_sharing_enabled":true,"_links":{"self":[{"href":"https:\/\/www.sunnyshop211.com\/en\/wp-json\/wp\/v2\/product\/41898","targetHints":{"allow":["GET"]}}],"collection":[{"href":"https:\/\/www.sunnyshop211.com\/en\/wp-json\/wp\/v2\/product"}],"about":[{"href":"https:\/\/www.sunnyshop211.com\/en\/wp-json\/wp\/v2\/types\/product"}],"replies":[{"embeddable":true,"href":"https:\/\/www.sunnyshop211.com\/en\/wp-json\/wp\/v2\/comments?post=41898"}],"version-history":[{"count":4,"href":"https:\/\/www.sunnyshop211.com\/en\/wp-json\/wp\/v2\/product\/41898\/revisions"}],"predecessor-version":[{"id":52782,"href":"https:\/\/www.sunnyshop211.com\/en\/wp-json\/wp\/v2\/product\/41898\/revisions\/52782"}],"wp:featuredmedia":[{"embeddable":true,"href":"https:\/\/www.sunnyshop211.com\/en\/wp-json\/wp\/v2\/media\/41749"}],"wp:attachment":[{"href":"https:\/\/www.sunnyshop211.com\/en\/wp-json\/wp\/v2\/media?parent=41898"}],"wp:term":[{"taxonomy":"product_brand","embeddable":true,"href":"https:\/\/www.sunnyshop211.com\/en\/wp-json\/wp\/v2\/product_brand?post=41898"},{"taxonomy":"product_cat","embeddable":true,"href":"https:\/\/www.sunnyshop211.com\/en\/wp-json\/wp\/v2\/product_cat?post=41898"},{"taxonomy":"product_tag","embeddable":true,"href":"https:\/\/www.sunnyshop211.com\/en\/wp-json\/wp\/v2\/product_tag?post=41898"}],"curies":[{"name":"wp","href":"https:\/\/api.w.org\/{rel}","templated":true}]}}