{"id":41323,"date":"2024-06-16T15:44:49","date_gmt":"2024-06-16T14:44:49","guid":{"rendered":"https:\/\/www.sunnyshop211.com\/?post_type=product&#038;p=41323"},"modified":"2025-12-25T13:42:04","modified_gmt":"2025-12-25T12:42:04","slug":"%f0%9f%90%a6-maison-pour-oiseau-miniature-accessoire-bjd-diorama","status":"publish","type":"product","link":"https:\/\/www.sunnyshop211.com\/en\/product\/%f0%9f%90%a6-maison-pour-oiseau-miniature-accessoire-bjd-diorama\/","title":{"rendered":"\ud83d\udc26 Miniature bird house - BJD accessory \/ Diorama"},"content":{"rendered":"<div id='gallery-1' class='gallery galleryid-41323 gallery-columns-3 gallery-size-thumbnail'><figure class='gallery-item'>\n\t\t\t<div class='gallery-icon landscape'>\n\t\t\t\t<a href='https:\/\/www.sunnyshop211.com\/en\/?attachment_id=41292'><img decoding=\"async\" width=\"150\" height=\"150\" src=\"https:\/\/www.sunnyshop211.com\/wp-content\/uploads\/2024\/06\/24-2-scaled-150x150.jpg\" class=\"attachment-thumbnail size-thumbnail\" alt=\"Maison pour oiseau miniature simulation bjd minifee, unoa, bimong, SD, feeple, smart doll ou autre de m\u00eame taille\" srcset=\"https:\/\/www.sunnyshop211.com\/wp-content\/uploads\/2024\/06\/24-2-scaled-150x150.jpg 150w, https:\/\/www.sunnyshop211.com\/wp-content\/uploads\/2024\/06\/24-2-scaled-500x500.jpg 500w, https:\/\/www.sunnyshop211.com\/wp-content\/uploads\/2024\/06\/24-2-scaled-100x100.jpg 100w\" sizes=\"(max-width: 150px) 100vw, 150px\" \/><\/a>\n\t\t\t<\/div><\/figure><figure class='gallery-item'>\n\t\t\t<div class='gallery-icon portrait'>\n\t\t\t\t<a href='https:\/\/www.sunnyshop211.com\/en\/?attachment_id=41295'><img decoding=\"async\" width=\"150\" height=\"150\" src=\"https:\/\/www.sunnyshop211.com\/wp-content\/uploads\/2024\/06\/27-2-150x150.jpg\" class=\"attachment-thumbnail size-thumbnail\" alt=\"Maison pour oiseau miniature simulation bjd minifee, unoa, bimong, SD, feeple, smart doll ou autre de m\u00eame taille\" srcset=\"https:\/\/www.sunnyshop211.com\/wp-content\/uploads\/2024\/06\/27-2-150x150.jpg 150w, https:\/\/www.sunnyshop211.com\/wp-content\/uploads\/2024\/06\/27-2-scaled-500x500.jpg 500w, https:\/\/www.sunnyshop211.com\/wp-content\/uploads\/2024\/06\/27-2-scaled-100x100.jpg 100w\" sizes=\"(max-width: 150px) 100vw, 150px\" \/><\/a>\n\t\t\t<\/div><\/figure><figure class='gallery-item'>\n\t\t\t<div class='gallery-icon landscape'>\n\t\t\t\t<a href='https:\/\/www.sunnyshop211.com\/en\/?attachment_id=41291'><img decoding=\"async\" width=\"150\" height=\"150\" src=\"https:\/\/www.sunnyshop211.com\/wp-content\/uploads\/2024\/06\/23-2-150x150.jpg\" class=\"attachment-thumbnail size-thumbnail\" alt=\"\" srcset=\"https:\/\/www.sunnyshop211.com\/wp-content\/uploads\/2024\/06\/23-2-150x150.jpg 150w, https:\/\/www.sunnyshop211.com\/wp-content\/uploads\/2024\/06\/23-2-scaled-500x500.jpg 500w, https:\/\/www.sunnyshop211.com\/wp-content\/uploads\/2024\/06\/23-2-scaled-100x100.jpg 100w\" sizes=\"(max-width: 150px) 100vw, 150px\" \/><\/a>\n\t\t\t<\/div><\/figure><figure class='gallery-item'>\n\t\t\t<div class='gallery-icon portrait'>\n\t\t\t\t<a href='https:\/\/www.sunnyshop211.com\/en\/?attachment_id=41294'><img loading=\"lazy\" decoding=\"async\" width=\"150\" height=\"150\" src=\"https:\/\/www.sunnyshop211.com\/wp-content\/uploads\/2024\/06\/26-2-150x150.jpg\" class=\"attachment-thumbnail size-thumbnail\" alt=\"Maison pour oiseau miniature simulation bjd minifee, unoa, bimong, SD, feeple, smart doll ou autre de m\u00eame taille\" srcset=\"https:\/\/www.sunnyshop211.com\/wp-content\/uploads\/2024\/06\/26-2-150x150.jpg 150w, https:\/\/www.sunnyshop211.com\/wp-content\/uploads\/2024\/06\/26-2-scaled-500x500.jpg 500w, https:\/\/www.sunnyshop211.com\/wp-content\/uploads\/2024\/06\/26-2-scaled-100x100.jpg 100w\" sizes=\"(max-width: 150px) 100vw, 150px\" \/><\/a>\n\t\t\t<\/div><\/figure><figure class='gallery-item'>\n\t\t\t<div class='gallery-icon portrait'>\n\t\t\t\t<a href='https:\/\/www.sunnyshop211.com\/en\/?attachment_id=41293'><img loading=\"lazy\" decoding=\"async\" width=\"150\" height=\"150\" src=\"https:\/\/www.sunnyshop211.com\/wp-content\/uploads\/2024\/06\/25-2-150x150.jpg\" class=\"attachment-thumbnail size-thumbnail\" alt=\"\" srcset=\"https:\/\/www.sunnyshop211.com\/wp-content\/uploads\/2024\/06\/25-2-150x150.jpg 150w, https:\/\/www.sunnyshop211.com\/wp-content\/uploads\/2024\/06\/25-2-scaled-500x500.jpg 500w, https:\/\/www.sunnyshop211.com\/wp-content\/uploads\/2024\/06\/25-2-scaled-100x100.jpg 100w\" sizes=\"(max-width: 150px) 100vw, 150px\" \/><\/a>\n\t\t\t<\/div><\/figure>\n\t\t<\/div>\n\n<h2 data-start=\"175\" data-end=\"236\">\ud83d\udc26 Miniature bird house - BJD accessory \/ Diorama<\/h2>\n<p data-start=\"238\" data-end=\"288\"><strong data-start=\"238\" data-end=\"288\">Craft creation - Realistic miniature decor<\/strong><\/p>\n<hr data-start=\"290\" data-end=\"293\" \/>\n<h3 data-start=\"295\" data-end=\"313\">\ud83c\udf3f Description<\/h3>\n<p data-start=\"315\" data-end=\"488\">This <strong data-start=\"321\" data-end=\"353\">miniature bird house<\/strong> is a delicate, poetic accessory, perfect for enriching your miniature sets and bringing a touch of life to your stagings.<\/p>\n<p data-start=\"490\" data-end=\"661\">Designed as a free-standing decorative element, it blends harmoniously into natural, rural or fairytale settings, alongside your dolls and miniature animals.<\/p>\n<hr data-start=\"663\" data-end=\"666\" \/>\n<h3 data-start=\"668\" data-end=\"693\">\ud83d\udc95 Product details<\/h3>\n<p data-start=\"695\" data-end=\"722\">\ud83c\udfe0 <strong data-start=\"698\" data-end=\"722\">Sold alone - free-standing<\/strong><\/p>\n<p data-start=\"724\" data-end=\"750\">\ud83c\udfa8 <strong data-start=\"727\" data-end=\"750\">Available models<\/strong><\/p>\n<ul data-start=\"751\" data-end=\"831\">\n<li data-start=\"751\" data-end=\"796\">\n<p data-start=\"753\" data-end=\"796\">Version with <strong data-start=\"766\" data-end=\"796\">heart-shaped opening<\/strong><\/p>\n<\/li>\n<li data-start=\"797\" data-end=\"831\">\n<p data-start=\"799\" data-end=\"831\">Version with <strong data-start=\"812\" data-end=\"831\">round opening<\/strong><\/p>\n<\/li>\n<\/ul>\n<p data-start=\"833\" data-end=\"944\">Each house is equipped with a <strong data-start=\"865\" data-end=\"880\">small stem<\/strong>, It is designed to hold a miniature bird (sold separately).<\/p>\n<hr data-start=\"946\" data-end=\"949\" \/>\n<h3 data-start=\"951\" data-end=\"968\">\ud83d\udccf Dimensions<\/h3>\n<p data-start=\"970\" data-end=\"999\">Available in <strong data-start=\"984\" data-end=\"997\">2 sizes<\/strong> :<\/p>\n<ul data-start=\"1001\" data-end=\"1086\">\n<li data-start=\"1001\" data-end=\"1043\">\n<p data-start=\"1003\" data-end=\"1043\"><strong data-start=\"1003\" data-end=\"1019\">Small model<\/strong> approx. <strong data-start=\"1027\" data-end=\"1043\">6 cm high<\/strong><\/p>\n<\/li>\n<li data-start=\"1044\" data-end=\"1086\">\n<p data-start=\"1046\" data-end=\"1086\"><strong data-start=\"1046\" data-end=\"1062\">Large model<\/strong> approx. <strong data-start=\"1070\" data-end=\"1086\">7 cm high<\/strong><\/p>\n<\/li>\n<\/ul>\n<hr data-start=\"1088\" data-end=\"1091\" \/>\n<h3 data-start=\"1093\" data-end=\"1113\">\ud83d\udcd0 Compatibility<\/h3>\n<ul data-start=\"1115\" data-end=\"1334\">\n<li data-start=\"1115\" data-end=\"1149\">\n<p data-start=\"1117\" data-end=\"1149\">Suitable for dolls <strong data-start=\"1135\" data-end=\"1149\">1\/4 and 1\/3<\/strong><\/p>\n<\/li>\n<li data-start=\"1150\" data-end=\"1259\">\n<p data-start=\"1152\" data-end=\"1259\">Perfectly suited to <strong data-start=\"1186\" data-end=\"1235\">Minifee, Unoa, Bimong, SD, Feeple, Smart Doll<\/strong> and equivalent sizes<\/p>\n<\/li>\n<li data-start=\"1260\" data-end=\"1334\">\n<p data-start=\"1262\" data-end=\"1334\">Compatible with furniture and decors sold separately in the store<\/p>\n<\/li>\n<\/ul>\n<hr data-start=\"1336\" data-end=\"1339\" \/>\n<h3 data-start=\"1341\" data-end=\"1375\">\ud83d\udc26 Additional accessories<\/h3>\n<p data-start=\"1377\" data-end=\"1461\">Visit <strong data-start=\"1381\" data-end=\"1415\">compatible miniature birds<\/strong> are available separately in the store.<\/p>\n<hr data-start=\"1463\" data-end=\"1466\" \/>\n<h3 data-start=\"1468\" data-end=\"1496\">\u2728 Craft manufacturing<\/h3>\n<p data-start=\"1498\" data-end=\"1517\">Each house is :<\/p>\n<ul data-start=\"1518\" data-end=\"1603\">\n<li data-start=\"1518\" data-end=\"1564\">\n<p data-start=\"1520\" data-end=\"1564\">Made and painted <strong data-start=\"1539\" data-end=\"1564\">entirely by hand<\/strong><\/p>\n<\/li>\n<li data-start=\"1565\" data-end=\"1603\">\n<p data-start=\"1567\" data-end=\"1603\">Unique in its shades and finishes<\/p>\n<\/li>\n<\/ul>\n<p data-start=\"1605\" data-end=\"1753\">Slight variations in shape or color may occur.<br data-start=\"1669\" data-end=\"1672\" \/>These details are an integral part of the <strong data-start=\"1710\" data-end=\"1733\">artisanal character<\/strong> of each creation.<\/p>\n<hr data-start=\"1755\" data-end=\"1758\" \/>\n<h3 data-start=\"1760\" data-end=\"1786\">\u23f3 Production time<\/h3>\n<p data-start=\"1788\" data-end=\"1929\">\ud83d\udc3e <strong data-start=\"1791\" data-end=\"1823\">Article made to order<\/strong><br data-start=\"1823\" data-end=\"1826\" \/>Please note\u00a0<a style=\"font-size: 16px;\" href=\"https:\/\/www.sunnyshop211.com\/en\/conditions-generales-de-ventes-et-delais-de-livraisons\/\">General conditions of sale and delivery times<\/a>\u00a0at the time of purchase.<\/p>\n<hr data-start=\"1931\" data-end=\"1934\" \/>\n<h3 data-start=\"1936\" data-end=\"1966\">\ud83e\udeb4 Sets &amp; staging<\/h3>\n<p data-start=\"1968\" data-end=\"2128\">Photos are for illustrative purposes only.<br data-start=\"2013\" data-end=\"2016\" \/>Other visible accessories and furniture are not <strong data-start=\"2067\" data-end=\"2081\">not included<\/strong>, but available separately in the store.<\/p>\n<p data-start=\"2130\" data-end=\"2209\">\ud83d\udcf8 Find more photos and inspiration on Instagram : <a href=\"https:\/\/www.instagram.com\/sunnyshop211\/\"><strong data-start=\"2192\" data-end=\"2209\">@sunnyshop211<\/strong><\/a><\/p>\n<hr data-start=\"2211\" data-end=\"2214\" \/>\n<h3 data-start=\"2216\" data-end=\"2246\">\u2757 Important information<\/h3>\n<ul data-start=\"2248\" data-end=\"2404\">\n<li data-start=\"2248\" data-end=\"2277\">\n<p data-start=\"2250\" data-end=\"2277\">This <strong data-start=\"2255\" data-end=\"2277\">is not a toy<\/strong><\/p>\n<\/li>\n<li data-start=\"2278\" data-end=\"2336\">\n<p data-start=\"2280\" data-end=\"2336\">Article for a <strong data-start=\"2301\" data-end=\"2336\">adult and collector audiences<\/strong><\/p>\n<\/li>\n<li data-start=\"2337\" data-end=\"2404\">\n<p data-start=\"2339\" data-end=\"2404\">I am not responsible for any damage during transport<\/p>\n<\/li>\n<\/ul>\n<hr data-start=\"2406\" data-end=\"2409\" \/>\n<p data-start=\"2411\" data-end=\"2526\" data-is-last-node=\"\" data-is-only-node=\"\">\ud83e\udd8b <strong data-start=\"2414\" data-end=\"2443\">A miniature refuge<\/strong>, born of patience and passion, to bring your decor to life with softness and poetry.<\/p>\n<p>&nbsp;<\/p>","protected":false},"excerpt":{"rendered":"<p>\ud83d\udc26 Maison pour oiseau miniature \u2013 Accessoire BJD \/ Diorama Cr\u00e9ation artisanale \u2013 D\u00e9cor miniature r\u00e9aliste \ud83c\udf3f Description Cette maison pour oiseau miniature est un accessoire d\u00e9licat et po\u00e9tique, parfait pour enrichir vos d\u00e9cors miniatures et apporter une touche de vie \u00e0 vos mises en sc\u00e8ne. Pens\u00e9e comme un \u00e9l\u00e9ment d\u00e9coratif \u00e0 poser, elle s\u2019int\u00e8gre [&hellip;]<\/p>\n","protected":false},"featured_media":41292,"comment_status":"open","ping_status":"closed","template":"","meta":{"_crdt_document":"","jetpack_post_was_ever_published":false,"jetpack_publicize_message":"","jetpack_publicize_feature_enabled":true,"jetpack_social_post_already_shared":true,"jetpack_social_options":{"image_generator_settings":{"template":"highway","default_image_id":0,"font":"","enabled":false},"version":2}},"product_brand":[],"product_cat":[667686963],"product_tag":[667681480,667681270,667682306,667681226,667681479,667682302,667682304,667681173,667681237,667682288,667681177],"class_list":{"0":"post-41323","1":"product","2":"type-product","3":"status-publish","4":"has-post-thumbnail","6":"product_cat-hygiene-soins","7":"product_tag-boucle-d-oreilles","8":"product_tag-custom-doll","9":"product_tag-decoration-de-cheveux","10":"product_tag-doll","11":"product_tag-earring","12":"product_tag-hair","13":"product_tag-hair-clip","14":"product_tag-minifee","15":"product_tag-msd","16":"product_tag-piercing","17":"product_tag-poupee","18":"product_shipping_class-colissimo-5","19":"pa_couleur-blanc","20":"pa_couleur-marron","21":"pa_couleur-non-peint","22":"pa_couleur-rose-pink","23":"pa_couleur-rose-et-blanc-pink-and-white","25":"first","26":"instock","27":"taxable","28":"shipping-taxable","29":"purchasable","30":"product-type-variable"},"yoast_head":"<!-- This site is optimized with the Yoast SEO plugin v27.4 - https:\/\/yoast.com\/product\/yoast-seo-wordpress\/ -->\n<title>\ud83d\udc26 Maison pour oiseau miniature \u2013 Accessoire BJD \/ Diorama -<\/title>\n<meta name=\"description\" content=\"\ud83d\udc26 Maison pour oiseau miniature \u2013 Accessoire BJD \/ Diorama. Ce petit oiseau sera parfait pour donner une ambiance f\u00e9\u00e9rique \u00e0 vos d\u00e9cors miniature\" \/>\n<meta name=\"robots\" content=\"index, follow, max-snippet:-1, max-image-preview:large, max-video-preview:-1\" \/>\n<link rel=\"canonical\" href=\"https:\/\/www.sunnyshop211.com\/en\/product\/\ud83d\udc26-maison-pour-oiseau-miniature-accessoire-bjd-diorama\/\" \/>\n<meta property=\"og:locale\" content=\"en_US\" \/>\n<meta property=\"og:type\" content=\"article\" \/>\n<meta property=\"og:title\" content=\"\ud83d\udc26 Maison pour oiseau miniature \u2013 Accessoire BJD \/ Diorama -\" \/>\n<meta property=\"og:description\" content=\"ce petit oiseau miniature est parfait pour compl\u00e9ter vos d\u00e9cors f\u00e9\u00e9rique\" \/>\n<meta property=\"og:url\" content=\"https:\/\/www.sunnyshop211.com\/en\/product\/\ud83d\udc26-maison-pour-oiseau-miniature-accessoire-bjd-diorama\/\" \/>\n<meta property=\"og:site_name\" content=\"Sunnyshop211 -Vente de dioramas, meubles, miniatures , bjd poup\u00e9es 1\/12 1\/8 1\/6 1\/4 1\/3\" \/>\n<meta property=\"article:publisher\" content=\"https:\/\/www.facebook.com\/sunnyshop211\/?ref=bookmarks\" \/>\n<meta property=\"article:modified_time\" content=\"2025-12-25T12:42:04+00:00\" \/>\n<meta property=\"og:image\" content=\"https:\/\/www.sunnyshop211.com\/wp-content\/uploads\/2024\/06\/24-2-scaled.jpg\" \/>\n\t<meta property=\"og:image:width\" content=\"2560\" \/>\n\t<meta property=\"og:image:height\" content=\"1707\" \/>\n\t<meta property=\"og:image:type\" content=\"image\/jpeg\" \/>\n<meta name=\"twitter:card\" content=\"summary_large_image\" \/>\n<meta name=\"twitter:site\" content=\"@sunnyshop211\" \/>\n<meta name=\"twitter:label1\" content=\"Est. reading time\" \/>\n\t<meta name=\"twitter:data1\" content=\"2 minutes\" \/>\n<script type=\"application\/ld+json\" class=\"yoast-schema-graph\">{\"@context\":\"https:\\\/\\\/schema.org\",\"@graph\":[{\"@type\":\"WebPage\",\"@id\":\"https:\\\/\\\/www.sunnyshop211.com\\\/produit\\\/%f0%9f%90%a6-maison-pour-oiseau-miniature-accessoire-bjd-diorama\\\/\",\"url\":\"https:\\\/\\\/www.sunnyshop211.com\\\/produit\\\/%f0%9f%90%a6-maison-pour-oiseau-miniature-accessoire-bjd-diorama\\\/\",\"name\":\"\ud83d\udc26 Maison pour oiseau miniature \u2013 Accessoire BJD \\\/ Diorama -\",\"isPartOf\":{\"@id\":\"https:\\\/\\\/www.sunnyshop211.com\\\/#website\"},\"primaryImageOfPage\":{\"@id\":\"https:\\\/\\\/www.sunnyshop211.com\\\/produit\\\/%f0%9f%90%a6-maison-pour-oiseau-miniature-accessoire-bjd-diorama\\\/#primaryimage\"},\"image\":{\"@id\":\"https:\\\/\\\/www.sunnyshop211.com\\\/produit\\\/%f0%9f%90%a6-maison-pour-oiseau-miniature-accessoire-bjd-diorama\\\/#primaryimage\"},\"thumbnailUrl\":\"https:\\\/\\\/www.sunnyshop211.com\\\/wp-content\\\/uploads\\\/2024\\\/06\\\/24-2-scaled.jpg\",\"datePublished\":\"2024-06-16T14:44:49+00:00\",\"dateModified\":\"2025-12-25T12:42:04+00:00\",\"description\":\"\ud83d\udc26 Maison pour oiseau miniature \u2013 Accessoire BJD \\\/ Diorama. Ce petit oiseau sera parfait pour donner une ambiance f\u00e9\u00e9rique \u00e0 vos d\u00e9cors miniature\",\"breadcrumb\":{\"@id\":\"https:\\\/\\\/www.sunnyshop211.com\\\/produit\\\/%f0%9f%90%a6-maison-pour-oiseau-miniature-accessoire-bjd-diorama\\\/#breadcrumb\"},\"inLanguage\":\"en-US\",\"potentialAction\":[{\"@type\":\"ReadAction\",\"target\":[\"https:\\\/\\\/www.sunnyshop211.com\\\/produit\\\/%f0%9f%90%a6-maison-pour-oiseau-miniature-accessoire-bjd-diorama\\\/\"]}]},{\"@type\":\"ImageObject\",\"inLanguage\":\"en-US\",\"@id\":\"https:\\\/\\\/www.sunnyshop211.com\\\/produit\\\/%f0%9f%90%a6-maison-pour-oiseau-miniature-accessoire-bjd-diorama\\\/#primaryimage\",\"url\":\"https:\\\/\\\/www.sunnyshop211.com\\\/wp-content\\\/uploads\\\/2024\\\/06\\\/24-2-scaled.jpg\",\"contentUrl\":\"https:\\\/\\\/www.sunnyshop211.com\\\/wp-content\\\/uploads\\\/2024\\\/06\\\/24-2-scaled.jpg\",\"width\":2560,\"height\":1707,\"caption\":\"Maison pour oiseau miniature simulation bjd minifee, unoa, bimong, SD, feeple, smart doll ou autre de m\u00eame taille\"},{\"@type\":\"BreadcrumbList\",\"@id\":\"https:\\\/\\\/www.sunnyshop211.com\\\/produit\\\/%f0%9f%90%a6-maison-pour-oiseau-miniature-accessoire-bjd-diorama\\\/#breadcrumb\",\"itemListElement\":[{\"@type\":\"ListItem\",\"position\":1,\"name\":\"Accueil\",\"item\":\"https:\\\/\\\/www.sunnyshop211.com\\\/\"},{\"@type\":\"ListItem\",\"position\":2,\"name\":\"Boutique\",\"item\":\"https:\\\/\\\/www.sunnyshop211.com\\\/boutique-miniature-bjd-dolls\\\/\"},{\"@type\":\"ListItem\",\"position\":3,\"name\":\"\ud83d\udc26 Maison pour oiseau miniature \u2013 Accessoire BJD \\\/ Diorama\"}]},{\"@type\":\"WebSite\",\"@id\":\"https:\\\/\\\/www.sunnyshop211.com\\\/#website\",\"url\":\"https:\\\/\\\/www.sunnyshop211.com\\\/\",\"name\":\"Vente de dioramas, meubles, miniatures , bjd poup\u00e9es 1\\\/12 1\\\/8 1\\\/6 1\\\/4 1\\\/3\",\"description\":\"Sunnyshop211 - Votre univers miniature pour poup\u00e9es et BJD, dioramas et meubles sur mesure !\",\"publisher\":{\"@id\":\"https:\\\/\\\/www.sunnyshop211.com\\\/#organization\"},\"alternateName\":\"sunnyshop211\",\"potentialAction\":[{\"@type\":\"SearchAction\",\"target\":{\"@type\":\"EntryPoint\",\"urlTemplate\":\"https:\\\/\\\/www.sunnyshop211.com\\\/?s={search_term_string}\"},\"query-input\":{\"@type\":\"PropertyValueSpecification\",\"valueRequired\":true,\"valueName\":\"search_term_string\"}}],\"inLanguage\":\"en-US\"},{\"@type\":\"Organization\",\"@id\":\"https:\\\/\\\/www.sunnyshop211.com\\\/#organization\",\"name\":\"sunnyshop211\",\"alternateName\":\"sunnyshop211 diorama bjd meuble miniature\",\"url\":\"https:\\\/\\\/www.sunnyshop211.com\\\/\",\"logo\":{\"@type\":\"ImageObject\",\"inLanguage\":\"en-US\",\"@id\":\"https:\\\/\\\/www.sunnyshop211.com\\\/#\\\/schema\\\/logo\\\/image\\\/\",\"url\":\"https:\\\/\\\/www.sunnyshop211.com\\\/wp-content\\\/uploads\\\/2022\\\/08\\\/cropped-cropped-cropped-Sunnyshop211-1.png\",\"contentUrl\":\"https:\\\/\\\/www.sunnyshop211.com\\\/wp-content\\\/uploads\\\/2022\\\/08\\\/cropped-cropped-cropped-Sunnyshop211-1.png\",\"width\":339,\"height\":339,\"caption\":\"sunnyshop211\"},\"image\":{\"@id\":\"https:\\\/\\\/www.sunnyshop211.com\\\/#\\\/schema\\\/logo\\\/image\\\/\"},\"sameAs\":[\"https:\\\/\\\/www.facebook.com\\\/sunnyshop211\\\/?ref=bookmarks\",\"https:\\\/\\\/x.com\\\/sunnyshop211\",\"https:\\\/\\\/www.instagram.com\\\/sunnyshop211\\\/\",\"https:\\\/\\\/www.tumblr.com\\\/blog\\\/sunnyshop211\",\"https:\\\/\\\/www.youtube.com\\\/channel\\\/UCtYY18OGGDKrTSzgcf7fCBg\",\"https:\\\/\\\/www.tiktok.com\\\/@sunnydollshop211?is_from_webapp=1&sender_device=pc\"]}]}<\/script>\n<!-- \/ Yoast SEO plugin. -->","yoast_head_json":{"title":"\ud83d\udc26 Miniature bird house - BJD \/ Diorama accessory -","description":"\ud83d\udc26 Miniature birdhouse - BJD \/ Diorama accessory. This little bird will be perfect for adding a fairytale atmosphere to your miniature decorations.","robots":{"index":"index","follow":"follow","max-snippet":"max-snippet:-1","max-image-preview":"max-image-preview:large","max-video-preview":"max-video-preview:-1"},"canonical":"https:\/\/www.sunnyshop211.com\/en\/product\/\ud83d\udc26-maison-pour-oiseau-miniature-accessoire-bjd-diorama\/","og_locale":"en_US","og_type":"article","og_title":"\ud83d\udc26 Maison pour oiseau miniature \u2013 Accessoire BJD \/ Diorama -","og_description":"ce petit oiseau miniature est parfait pour compl\u00e9ter vos d\u00e9cors f\u00e9\u00e9rique","og_url":"https:\/\/www.sunnyshop211.com\/en\/product\/\ud83d\udc26-maison-pour-oiseau-miniature-accessoire-bjd-diorama\/","og_site_name":"Sunnyshop211 -Vente de dioramas, meubles, miniatures , bjd poup\u00e9es 1\/12 1\/8 1\/6 1\/4 1\/3","article_publisher":"https:\/\/www.facebook.com\/sunnyshop211\/?ref=bookmarks","article_modified_time":"2025-12-25T12:42:04+00:00","og_image":[{"width":2560,"height":1707,"url":"https:\/\/www.sunnyshop211.com\/wp-content\/uploads\/2024\/06\/24-2-scaled.jpg","type":"image\/jpeg"}],"twitter_card":"summary_large_image","twitter_site":"@sunnyshop211","twitter_misc":{"Est. reading time":"2 minutes"},"schema":{"@context":"https:\/\/schema.org","@graph":[{"@type":"WebPage","@id":"https:\/\/www.sunnyshop211.com\/produit\/%f0%9f%90%a6-maison-pour-oiseau-miniature-accessoire-bjd-diorama\/","url":"https:\/\/www.sunnyshop211.com\/produit\/%f0%9f%90%a6-maison-pour-oiseau-miniature-accessoire-bjd-diorama\/","name":"\ud83d\udc26 Miniature bird house - BJD \/ Diorama accessory -","isPartOf":{"@id":"https:\/\/www.sunnyshop211.com\/#website"},"primaryImageOfPage":{"@id":"https:\/\/www.sunnyshop211.com\/produit\/%f0%9f%90%a6-maison-pour-oiseau-miniature-accessoire-bjd-diorama\/#primaryimage"},"image":{"@id":"https:\/\/www.sunnyshop211.com\/produit\/%f0%9f%90%a6-maison-pour-oiseau-miniature-accessoire-bjd-diorama\/#primaryimage"},"thumbnailUrl":"https:\/\/www.sunnyshop211.com\/wp-content\/uploads\/2024\/06\/24-2-scaled.jpg","datePublished":"2024-06-16T14:44:49+00:00","dateModified":"2025-12-25T12:42:04+00:00","description":"\ud83d\udc26 Miniature birdhouse - BJD \/ Diorama accessory. This little bird will be perfect for adding a fairytale atmosphere to your miniature decorations.","breadcrumb":{"@id":"https:\/\/www.sunnyshop211.com\/produit\/%f0%9f%90%a6-maison-pour-oiseau-miniature-accessoire-bjd-diorama\/#breadcrumb"},"inLanguage":"en-US","potentialAction":[{"@type":"ReadAction","target":["https:\/\/www.sunnyshop211.com\/produit\/%f0%9f%90%a6-maison-pour-oiseau-miniature-accessoire-bjd-diorama\/"]}]},{"@type":"ImageObject","inLanguage":"en-US","@id":"https:\/\/www.sunnyshop211.com\/produit\/%f0%9f%90%a6-maison-pour-oiseau-miniature-accessoire-bjd-diorama\/#primaryimage","url":"https:\/\/www.sunnyshop211.com\/wp-content\/uploads\/2024\/06\/24-2-scaled.jpg","contentUrl":"https:\/\/www.sunnyshop211.com\/wp-content\/uploads\/2024\/06\/24-2-scaled.jpg","width":2560,"height":1707,"caption":"Maison pour oiseau miniature simulation bjd minifee, unoa, bimong, SD, feeple, smart doll ou autre de m\u00eame taille"},{"@type":"BreadcrumbList","@id":"https:\/\/www.sunnyshop211.com\/produit\/%f0%9f%90%a6-maison-pour-oiseau-miniature-accessoire-bjd-diorama\/#breadcrumb","itemListElement":[{"@type":"ListItem","position":1,"name":"Accueil","item":"https:\/\/www.sunnyshop211.com\/"},{"@type":"ListItem","position":2,"name":"Boutique","item":"https:\/\/www.sunnyshop211.com\/boutique-miniature-bjd-dolls\/"},{"@type":"ListItem","position":3,"name":"\ud83d\udc26 Maison pour oiseau miniature \u2013 Accessoire BJD \/ Diorama"}]},{"@type":"WebSite","@id":"https:\/\/www.sunnyshop211.com\/#website","url":"https:\/\/www.sunnyshop211.com\/","name":"Sale of dioramas, furniture, miniatures, bjd dolls 1\/12 1\/8 1\/6 1\/4 1\/3","description":"Sunnyshop211 - Your miniature world for dolls and BJDs, dioramas and custom-made furniture!","publisher":{"@id":"https:\/\/www.sunnyshop211.com\/#organization"},"alternateName":"sunnyshop211","potentialAction":[{"@type":"SearchAction","target":{"@type":"EntryPoint","urlTemplate":"https:\/\/www.sunnyshop211.com\/?s={search_term_string}"},"query-input":{"@type":"PropertyValueSpecification","valueRequired":true,"valueName":"search_term_string"}}],"inLanguage":"en-US"},{"@type":"Organization","@id":"https:\/\/www.sunnyshop211.com\/#organization","name":"sunnyshop211","alternateName":"sunnyshop211 diorama bjd meuble miniature","url":"https:\/\/www.sunnyshop211.com\/","logo":{"@type":"ImageObject","inLanguage":"en-US","@id":"https:\/\/www.sunnyshop211.com\/#\/schema\/logo\/image\/","url":"https:\/\/www.sunnyshop211.com\/wp-content\/uploads\/2022\/08\/cropped-cropped-cropped-Sunnyshop211-1.png","contentUrl":"https:\/\/www.sunnyshop211.com\/wp-content\/uploads\/2022\/08\/cropped-cropped-cropped-Sunnyshop211-1.png","width":339,"height":339,"caption":"sunnyshop211"},"image":{"@id":"https:\/\/www.sunnyshop211.com\/#\/schema\/logo\/image\/"},"sameAs":["https:\/\/www.facebook.com\/sunnyshop211\/?ref=bookmarks","https:\/\/x.com\/sunnyshop211","https:\/\/www.instagram.com\/sunnyshop211\/","https:\/\/www.tumblr.com\/blog\/sunnyshop211","https:\/\/www.youtube.com\/channel\/UCtYY18OGGDKrTSzgcf7fCBg","https:\/\/www.tiktok.com\/@sunnydollshop211?is_from_webapp=1&sender_device=pc"]}]}},"jetpack_publicize_connections":[],"jetpack_sharing_enabled":true,"_links":{"self":[{"href":"https:\/\/www.sunnyshop211.com\/en\/wp-json\/wp\/v2\/product\/41323","targetHints":{"allow":["GET"]}}],"collection":[{"href":"https:\/\/www.sunnyshop211.com\/en\/wp-json\/wp\/v2\/product"}],"about":[{"href":"https:\/\/www.sunnyshop211.com\/en\/wp-json\/wp\/v2\/types\/product"}],"replies":[{"embeddable":true,"href":"https:\/\/www.sunnyshop211.com\/en\/wp-json\/wp\/v2\/comments?post=41323"}],"version-history":[{"count":3,"href":"https:\/\/www.sunnyshop211.com\/en\/wp-json\/wp\/v2\/product\/41323\/revisions"}],"predecessor-version":[{"id":52201,"href":"https:\/\/www.sunnyshop211.com\/en\/wp-json\/wp\/v2\/product\/41323\/revisions\/52201"}],"wp:featuredmedia":[{"embeddable":true,"href":"https:\/\/www.sunnyshop211.com\/en\/wp-json\/wp\/v2\/media\/41292"}],"wp:attachment":[{"href":"https:\/\/www.sunnyshop211.com\/en\/wp-json\/wp\/v2\/media?parent=41323"}],"wp:term":[{"taxonomy":"product_brand","embeddable":true,"href":"https:\/\/www.sunnyshop211.com\/en\/wp-json\/wp\/v2\/product_brand?post=41323"},{"taxonomy":"product_cat","embeddable":true,"href":"https:\/\/www.sunnyshop211.com\/en\/wp-json\/wp\/v2\/product_cat?post=41323"},{"taxonomy":"product_tag","embeddable":true,"href":"https:\/\/www.sunnyshop211.com\/en\/wp-json\/wp\/v2\/product_tag?post=41323"}],"curies":[{"name":"wp","href":"https:\/\/api.w.org\/{rel}","templated":true}]}}