{"id":40733,"date":"2024-05-19T14:52:22","date_gmt":"2024-05-19T13:52:22","guid":{"rendered":"https:\/\/www.sunnyshop211.com\/?post_type=product&#038;p=40733"},"modified":"2025-12-28T10:16:19","modified_gmt":"2025-12-28T09:16:19","slug":"cadre-souvenir-de-grossesse-miniature-1-4-bjd","status":"publish","type":"product","link":"https:\/\/www.sunnyshop211.com\/en\/product\/cadre-souvenir-de-grossesse-miniature-1-4-bjd\/","title":{"rendered":"Miniature pregnancy frame 1\/4 - BJD"},"content":{"rendered":"<div id='gallery-1' class='gallery galleryid-40733 gallery-columns-3 gallery-size-thumbnail'><figure class='gallery-item'>\n\t\t\t<div class='gallery-icon landscape'>\n\t\t\t\t<a href='https:\/\/www.sunnyshop211.com\/en\/?attachment_id=40631'><img decoding=\"async\" width=\"150\" height=\"150\" src=\"https:\/\/www.sunnyshop211.com\/wp-content\/uploads\/2024\/04\/25-2-150x150.jpg\" class=\"attachment-thumbnail size-thumbnail\" alt=\"\" srcset=\"https:\/\/www.sunnyshop211.com\/wp-content\/uploads\/2024\/04\/25-2-150x150.jpg 150w, https:\/\/www.sunnyshop211.com\/wp-content\/uploads\/2024\/04\/25-2-scaled-500x500.jpg 500w, https:\/\/www.sunnyshop211.com\/wp-content\/uploads\/2024\/04\/25-2-scaled-100x100.jpg 100w\" sizes=\"(max-width: 150px) 100vw, 150px\" \/><\/a>\n\t\t\t<\/div><\/figure><figure class='gallery-item'>\n\t\t\t<div class='gallery-icon landscape'>\n\t\t\t\t<a href='https:\/\/www.sunnyshop211.com\/en\/?attachment_id=40630'><img decoding=\"async\" width=\"150\" height=\"150\" src=\"https:\/\/www.sunnyshop211.com\/wp-content\/uploads\/2024\/04\/24-1-150x150.jpg\" class=\"attachment-thumbnail size-thumbnail\" alt=\"Cadre souvenir grossesse miniature\" srcset=\"https:\/\/www.sunnyshop211.com\/wp-content\/uploads\/2024\/04\/24-1-150x150.jpg 150w, https:\/\/www.sunnyshop211.com\/wp-content\/uploads\/2024\/04\/24-1-scaled-500x500.jpg 500w, https:\/\/www.sunnyshop211.com\/wp-content\/uploads\/2024\/04\/24-1-scaled-100x100.jpg 100w\" sizes=\"(max-width: 150px) 100vw, 150px\" \/><\/a>\n\t\t\t<\/div><\/figure>\n\t\t<\/div>\n\n<p>&nbsp;<\/p>\n<h2 data-start=\"210\" data-end=\"262\">Miniature pregnancy frame 1\/4 - BJD<\/h2>\n<p data-start=\"264\" data-end=\"323\">Minifee - MSD - Unoa - Bimong - Reborn - similar sizes<\/p>\n<hr data-start=\"325\" data-end=\"328\" \/>\n<h3 data-start=\"330\" data-end=\"348\">\ud83e\udd0d Description<\/h3>\n<p data-start=\"350\" data-end=\"585\">This <strong data-start=\"353\" data-end=\"394\">miniature pregnancy frame<\/strong> at <strong data-start=\"398\" data-end=\"405\">1\/4<\/strong> is a delicate and moving decoration to enhance your family dioramas and maternity scenes.<br data-start=\"507\" data-end=\"510\" \/>It brings a realistic and poetic touch to the baby and parenting worlds.<\/p>\n<hr data-start=\"587\" data-end=\"590\" \/>\n<h3 data-start=\"592\" data-end=\"615\">\ud83d\udc69\u200d\ud83c\udf7c Compatibility<\/h3>\n<p data-start=\"617\" data-end=\"757\">Perfect for dolls at the <strong data-start=\"652\" data-end=\"659\">1\/4<\/strong> :<br data-start=\"661\" data-end=\"664\" \/>- BJD Minifee<br data-start=\"677\" data-end=\"680\" \/>- MSD<br data-start=\"685\" data-end=\"688\" \/>- Unoa<br data-start=\"694\" data-end=\"697\" \/>- Bimong<br data-start=\"705\" data-end=\"708\" \/>- Reborn<br data-start=\"716\" data-end=\"719\" \/>- Other dolls of equivalent size<\/p>\n<hr data-start=\"759\" data-end=\"762\" \/>\n<h3 data-start=\"764\" data-end=\"788\">\ud83d\uddbc\ufe0f Frame details<\/h3>\n<p data-start=\"790\" data-end=\"945\">- Frame composed of <strong data-start=\"809\" data-end=\"821\">3 photos<\/strong> depicting a pregnant woman<br data-start=\"853\" data-end=\"856\" \/>\u2022 <strong data-start=\"858\" data-end=\"885\">Black and white photos<\/strong><br data-start=\"885\" data-end=\"888\" \/>- White background<br data-start=\"900\" data-end=\"903\" \/>\u2022 <strong data-start=\"905\" data-end=\"924\">Sold customized<\/strong> as shown in the photos<\/p>\n<hr data-start=\"947\" data-end=\"950\" \/>\n<h3 data-start=\"952\" data-end=\"980\">\ud83c\udfa8 Available finishes<\/h3>\n<p data-start=\"982\" data-end=\"1046\">You choose the frame color:<br data-start=\"1019\" data-end=\"1022\" \/>\u2022 <strong data-start=\"1024\" data-end=\"1033\">White<\/strong><br data-start=\"1033\" data-end=\"1036\" \/>\u2022 <strong data-start=\"1038\" data-end=\"1046\">Black<\/strong><\/p>\n<p data-start=\"1048\" data-end=\"1120\">\ud83d\udc49 Photos remain in black and white, only the frame color changes<\/p>\n<hr data-start=\"1122\" data-end=\"1125\" \/>\n<h3 data-start=\"1127\" data-end=\"1144\">\ud83d\udccf Dimensions<\/h3>\n<p data-start=\"1146\" data-end=\"1190\">\u2022 <strong data-start=\"1148\" data-end=\"1167\">Length: 9 cm<\/strong><br data-start=\"1167\" data-end=\"1170\" \/>\u2022 <strong data-start=\"1172\" data-end=\"1190\">Width: 5 cm<\/strong><\/p>\n<hr data-start=\"1192\" data-end=\"1195\" \/>\n<h3 data-start=\"1197\" data-end=\"1226\">\ud83e\udeb5 Manufacturing &amp; finishing<\/h3>\n<p data-start=\"1228\" data-end=\"1281\">\u2022 <strong data-start=\"1230\" data-end=\"1254\">Delivered assembled and painted<\/strong><br data-start=\"1254\" data-end=\"1257\" \/>- Made to order<\/p>\n<p data-start=\"1283\" data-end=\"1474\">Handcrafted :<br data-start=\"1307\" data-end=\"1310\" \/>slight variations in shape, color or finish may occur<br data-start=\"1386\" data-end=\"1389\" \/>Minor imperfections are part of the charm of handmade products.<\/p>\n<hr data-start=\"1476\" data-end=\"1479\" \/>\n<h3 data-start=\"1481\" data-end=\"1503\">\ud83c\udfe1 Combine with<\/h3>\n<p data-start=\"1505\" data-end=\"1616\">- BJD babies and mini reborns available in the store<br data-start=\"1560\" data-end=\"1563\" \/>- Other wall decorations and nursery accessories<\/p>\n<p data-start=\"1618\" data-end=\"1646\">(Items sold separately)<\/p>\n<hr data-start=\"1648\" data-end=\"1651\" \/>\n<h3 data-start=\"1653\" data-end=\"1684\">\u2139\ufe0f Important information<\/h3>\n<p data-start=\"1686\" data-end=\"2140\">- The photos are examples of staging<br data-start=\"1733\" data-end=\"1736\" \/>\u2022 <strong data-start=\"1738\" data-end=\"1765\">Only the frame is sold<\/strong> (dolls and accessories not included)<br data-start=\"1801\" data-end=\"1804\" \/>- All other furniture and decorations are available in the store<br data-start=\"1878\" data-end=\"1881\" \/>- Please take into account manufacturing and delivery times (see General Sales Conditions).<br data-start=\"1983\" data-end=\"1986\" \/>\u2022 <strong data-start=\"1988\" data-end=\"2052\">This is not a toy - intended for an adult audience<\/strong><br data-start=\"2052\" data-end=\"2055\" \/>- I am not responsible for any damage in transit or during shipping.<\/p>\n<hr data-start=\"2142\" data-end=\"2145\" \/>\n<h3 data-start=\"2147\" data-end=\"2183\">\ud83d\udcf8 More photos &amp; inspiration<\/h3>\n<p data-start=\"2185\" data-end=\"2227\">\ud83d\udc49 <a class=\"decorated-link\" href=\"https:\/\/www.instagram.com\/sunnyshop211\/\" target=\"_new\" rel=\"noopener\" data-start=\"2188\" data-end=\"2227\">https:\/\/www.instagram.com\/sunnyshop211\/<\/a><\/p>\n<hr data-start=\"2229\" data-end=\"2232\" \/>\n<p data-start=\"2234\" data-end=\"2323\">\u2728 A miniature frame full of emotion to tell the story of your BJD families at 1\/4.<\/p>\n<p>&nbsp;<\/p>\n<p>&nbsp;<\/p>","protected":false},"excerpt":{"rendered":"<p>&nbsp; Cadre souvenir de grossesse miniature 1\/4 \u2013 BJD Minifee \u2013 MSD \u2013 Unoa \u2013 Bimong \u2013 Reborn \u2013 tailles similaires \ud83e\udd0d Description Ce cadre souvenir de grossesse miniature au 1\/4 est une d\u00e9coration d\u00e9licate et \u00e9mouvante pour enrichir vos dioramas familiaux et sc\u00e8nes de maternit\u00e9.Il apporte une touche r\u00e9aliste et po\u00e9tique aux univers b\u00e9b\u00e9 [&hellip;]<\/p>\n","protected":false},"featured_media":40630,"comment_status":"open","ping_status":"closed","template":"","meta":{"_crdt_document":"","jetpack_post_was_ever_published":false,"jetpack_publicize_message":"","jetpack_publicize_feature_enabled":true,"jetpack_social_post_already_shared":true,"jetpack_social_options":{"image_generator_settings":{"template":"highway","default_image_id":0,"font":"","enabled":false},"version":2}},"product_brand":[],"product_cat":[667687000],"product_tag":[667681137,667681138,667681145,667681143,667681136,667681142,667681139,667681144,667681173,667681141,667681140],"class_list":{"0":"post-40733","1":"product","2":"type-product","3":"status-publish","4":"has-post-thumbnail","6":"product_cat-soins-de-maman","7":"product_tag-baby","8":"product_tag-bebe","9":"product_tag-bed","10":"product_tag-bedroom","11":"product_tag-bjd","12":"product_tag-chambre","13":"product_tag-lati-yellow","14":"product_tag-lit","15":"product_tag-minifee","16":"product_tag-nappy-choo","17":"product_tag-pukifee","18":"product_shipping_class-lettresuivie","19":"pa_couleur-blanc","20":"pa_couleur-noir","22":"first","23":"instock","24":"purchasable","25":"product-type-variable"},"yoast_head":"<!-- This site is optimized with the Yoast SEO plugin v27.4 - https:\/\/yoast.com\/product\/yoast-seo-wordpress\/ -->\n<title>Cadre souvenir de grossesse miniature 1\/4 \u2013 BJD -<\/title>\n<meta name=\"description\" content=\"Cadre souvenir de grossesse miniature 1\/4 \u2013 BJD, pukifee, minifee, lati yellow, nappy choo, reborn. Ce petit cadre est parfait pour vos bjd ou reborn.\" \/>\n<meta name=\"robots\" content=\"index, follow, max-snippet:-1, max-image-preview:large, max-video-preview:-1\" \/>\n<link rel=\"canonical\" href=\"https:\/\/www.sunnyshop211.com\/en\/product\/cadre-souvenir-de-grossesse-miniature-1-4-bjd\/\" \/>\n<meta property=\"og:locale\" content=\"en_US\" \/>\n<meta property=\"og:type\" content=\"article\" \/>\n<meta property=\"og:title\" content=\"Cadre souvenir de grossesse miniature 1\/4 \u2013 BJD -\" \/>\n<meta property=\"og:description\" content=\"Cadre souvenir de grossesse miniature 1\/4, bjd, pukifee, minifee, lati yellow, nappy choo, reborn. Ce petit cadre est parfait pour vos bjd ou reborn.\" \/>\n<meta property=\"og:url\" content=\"https:\/\/www.sunnyshop211.com\/en\/product\/cadre-souvenir-de-grossesse-miniature-1-4-bjd\/\" \/>\n<meta property=\"og:site_name\" content=\"Sunnyshop211 -Vente de dioramas, meubles, miniatures , bjd poup\u00e9es 1\/12 1\/8 1\/6 1\/4 1\/3\" \/>\n<meta property=\"article:publisher\" content=\"https:\/\/www.facebook.com\/sunnyshop211\/?ref=bookmarks\" \/>\n<meta property=\"article:modified_time\" content=\"2025-12-28T09:16:19+00:00\" \/>\n<meta property=\"og:image\" content=\"https:\/\/www.sunnyshop211.com\/wp-content\/uploads\/2024\/04\/24-1-scaled.jpg\" \/>\n\t<meta property=\"og:image:width\" content=\"2560\" \/>\n\t<meta property=\"og:image:height\" content=\"1707\" \/>\n\t<meta property=\"og:image:type\" content=\"image\/jpeg\" \/>\n<meta name=\"twitter:card\" content=\"summary_large_image\" \/>\n<meta name=\"twitter:site\" content=\"@sunnyshop211\" \/>\n<meta name=\"twitter:label1\" content=\"Est. reading time\" \/>\n\t<meta name=\"twitter:data1\" content=\"2 minutes\" \/>\n<script type=\"application\/ld+json\" class=\"yoast-schema-graph\">{\"@context\":\"https:\\\/\\\/schema.org\",\"@graph\":[{\"@type\":\"WebPage\",\"@id\":\"https:\\\/\\\/www.sunnyshop211.com\\\/produit\\\/cadre-souvenir-de-grossesse-miniature-1-4-bjd\\\/\",\"url\":\"https:\\\/\\\/www.sunnyshop211.com\\\/produit\\\/cadre-souvenir-de-grossesse-miniature-1-4-bjd\\\/\",\"name\":\"Cadre souvenir de grossesse miniature 1\\\/4 \u2013 BJD -\",\"isPartOf\":{\"@id\":\"https:\\\/\\\/www.sunnyshop211.com\\\/#website\"},\"primaryImageOfPage\":{\"@id\":\"https:\\\/\\\/www.sunnyshop211.com\\\/produit\\\/cadre-souvenir-de-grossesse-miniature-1-4-bjd\\\/#primaryimage\"},\"image\":{\"@id\":\"https:\\\/\\\/www.sunnyshop211.com\\\/produit\\\/cadre-souvenir-de-grossesse-miniature-1-4-bjd\\\/#primaryimage\"},\"thumbnailUrl\":\"https:\\\/\\\/www.sunnyshop211.com\\\/wp-content\\\/uploads\\\/2024\\\/04\\\/24-1-scaled.jpg\",\"datePublished\":\"2024-05-19T13:52:22+00:00\",\"dateModified\":\"2025-12-28T09:16:19+00:00\",\"description\":\"Cadre souvenir de grossesse miniature 1\\\/4 \u2013 BJD, pukifee, minifee, lati yellow, nappy choo, reborn. Ce petit cadre est parfait pour vos bjd ou reborn.\",\"breadcrumb\":{\"@id\":\"https:\\\/\\\/www.sunnyshop211.com\\\/produit\\\/cadre-souvenir-de-grossesse-miniature-1-4-bjd\\\/#breadcrumb\"},\"inLanguage\":\"en-US\",\"potentialAction\":[{\"@type\":\"ReadAction\",\"target\":[\"https:\\\/\\\/www.sunnyshop211.com\\\/produit\\\/cadre-souvenir-de-grossesse-miniature-1-4-bjd\\\/\"]}]},{\"@type\":\"ImageObject\",\"inLanguage\":\"en-US\",\"@id\":\"https:\\\/\\\/www.sunnyshop211.com\\\/produit\\\/cadre-souvenir-de-grossesse-miniature-1-4-bjd\\\/#primaryimage\",\"url\":\"https:\\\/\\\/www.sunnyshop211.com\\\/wp-content\\\/uploads\\\/2024\\\/04\\\/24-1-scaled.jpg\",\"contentUrl\":\"https:\\\/\\\/www.sunnyshop211.com\\\/wp-content\\\/uploads\\\/2024\\\/04\\\/24-1-scaled.jpg\",\"width\":2560,\"height\":1707,\"caption\":\"Cadre souvenir grossesse miniature\"},{\"@type\":\"BreadcrumbList\",\"@id\":\"https:\\\/\\\/www.sunnyshop211.com\\\/produit\\\/cadre-souvenir-de-grossesse-miniature-1-4-bjd\\\/#breadcrumb\",\"itemListElement\":[{\"@type\":\"ListItem\",\"position\":1,\"name\":\"Accueil\",\"item\":\"https:\\\/\\\/www.sunnyshop211.com\\\/\"},{\"@type\":\"ListItem\",\"position\":2,\"name\":\"Boutique\",\"item\":\"https:\\\/\\\/www.sunnyshop211.com\\\/boutique-miniature-bjd-dolls\\\/\"},{\"@type\":\"ListItem\",\"position\":3,\"name\":\"Cadre souvenir de grossesse miniature 1\\\/4 \u2013 BJD\"}]},{\"@type\":\"WebSite\",\"@id\":\"https:\\\/\\\/www.sunnyshop211.com\\\/#website\",\"url\":\"https:\\\/\\\/www.sunnyshop211.com\\\/\",\"name\":\"Vente de dioramas, meubles, miniatures , bjd poup\u00e9es 1\\\/12 1\\\/8 1\\\/6 1\\\/4 1\\\/3\",\"description\":\"Sunnyshop211 - Votre univers miniature pour poup\u00e9es et BJD, dioramas et meubles sur mesure !\",\"publisher\":{\"@id\":\"https:\\\/\\\/www.sunnyshop211.com\\\/#organization\"},\"alternateName\":\"sunnyshop211\",\"potentialAction\":[{\"@type\":\"SearchAction\",\"target\":{\"@type\":\"EntryPoint\",\"urlTemplate\":\"https:\\\/\\\/www.sunnyshop211.com\\\/?s={search_term_string}\"},\"query-input\":{\"@type\":\"PropertyValueSpecification\",\"valueRequired\":true,\"valueName\":\"search_term_string\"}}],\"inLanguage\":\"en-US\"},{\"@type\":\"Organization\",\"@id\":\"https:\\\/\\\/www.sunnyshop211.com\\\/#organization\",\"name\":\"sunnyshop211\",\"alternateName\":\"sunnyshop211 diorama bjd meuble miniature\",\"url\":\"https:\\\/\\\/www.sunnyshop211.com\\\/\",\"logo\":{\"@type\":\"ImageObject\",\"inLanguage\":\"en-US\",\"@id\":\"https:\\\/\\\/www.sunnyshop211.com\\\/#\\\/schema\\\/logo\\\/image\\\/\",\"url\":\"https:\\\/\\\/www.sunnyshop211.com\\\/wp-content\\\/uploads\\\/2022\\\/08\\\/cropped-cropped-cropped-Sunnyshop211-1.png\",\"contentUrl\":\"https:\\\/\\\/www.sunnyshop211.com\\\/wp-content\\\/uploads\\\/2022\\\/08\\\/cropped-cropped-cropped-Sunnyshop211-1.png\",\"width\":339,\"height\":339,\"caption\":\"sunnyshop211\"},\"image\":{\"@id\":\"https:\\\/\\\/www.sunnyshop211.com\\\/#\\\/schema\\\/logo\\\/image\\\/\"},\"sameAs\":[\"https:\\\/\\\/www.facebook.com\\\/sunnyshop211\\\/?ref=bookmarks\",\"https:\\\/\\\/x.com\\\/sunnyshop211\",\"https:\\\/\\\/www.instagram.com\\\/sunnyshop211\\\/\",\"https:\\\/\\\/www.tumblr.com\\\/blog\\\/sunnyshop211\",\"https:\\\/\\\/www.youtube.com\\\/channel\\\/UCtYY18OGGDKrTSzgcf7fCBg\",\"https:\\\/\\\/www.tiktok.com\\\/@sunnydollshop211?is_from_webapp=1&sender_device=pc\"]}]}<\/script>\n<!-- \/ Yoast SEO plugin. -->","yoast_head_json":{"title":"Miniature pregnancy keepsake frame 1\/4 - BJD -","description":"Miniature pregnancy keepsake frame 1\/4 - BJD, pukifee, minifee, lati yellow, nappy choo, reborn. This small frame is perfect for your bjd or reborn.","robots":{"index":"index","follow":"follow","max-snippet":"max-snippet:-1","max-image-preview":"max-image-preview:large","max-video-preview":"max-video-preview:-1"},"canonical":"https:\/\/www.sunnyshop211.com\/en\/product\/cadre-souvenir-de-grossesse-miniature-1-4-bjd\/","og_locale":"en_US","og_type":"article","og_title":"Cadre souvenir de grossesse miniature 1\/4 \u2013 BJD -","og_description":"Cadre souvenir de grossesse miniature 1\/4, bjd, pukifee, minifee, lati yellow, nappy choo, reborn. Ce petit cadre est parfait pour vos bjd ou reborn.","og_url":"https:\/\/www.sunnyshop211.com\/en\/product\/cadre-souvenir-de-grossesse-miniature-1-4-bjd\/","og_site_name":"Sunnyshop211 -Vente de dioramas, meubles, miniatures , bjd poup\u00e9es 1\/12 1\/8 1\/6 1\/4 1\/3","article_publisher":"https:\/\/www.facebook.com\/sunnyshop211\/?ref=bookmarks","article_modified_time":"2025-12-28T09:16:19+00:00","og_image":[{"width":2560,"height":1707,"url":"https:\/\/www.sunnyshop211.com\/wp-content\/uploads\/2024\/04\/24-1-scaled.jpg","type":"image\/jpeg"}],"twitter_card":"summary_large_image","twitter_site":"@sunnyshop211","twitter_misc":{"Est. reading time":"2 minutes"},"schema":{"@context":"https:\/\/schema.org","@graph":[{"@type":"WebPage","@id":"https:\/\/www.sunnyshop211.com\/produit\/cadre-souvenir-de-grossesse-miniature-1-4-bjd\/","url":"https:\/\/www.sunnyshop211.com\/produit\/cadre-souvenir-de-grossesse-miniature-1-4-bjd\/","name":"Miniature pregnancy keepsake frame 1\/4 - BJD -","isPartOf":{"@id":"https:\/\/www.sunnyshop211.com\/#website"},"primaryImageOfPage":{"@id":"https:\/\/www.sunnyshop211.com\/produit\/cadre-souvenir-de-grossesse-miniature-1-4-bjd\/#primaryimage"},"image":{"@id":"https:\/\/www.sunnyshop211.com\/produit\/cadre-souvenir-de-grossesse-miniature-1-4-bjd\/#primaryimage"},"thumbnailUrl":"https:\/\/www.sunnyshop211.com\/wp-content\/uploads\/2024\/04\/24-1-scaled.jpg","datePublished":"2024-05-19T13:52:22+00:00","dateModified":"2025-12-28T09:16:19+00:00","description":"Miniature pregnancy keepsake frame 1\/4 - BJD, pukifee, minifee, lati yellow, nappy choo, reborn. This small frame is perfect for your bjd or reborn.","breadcrumb":{"@id":"https:\/\/www.sunnyshop211.com\/produit\/cadre-souvenir-de-grossesse-miniature-1-4-bjd\/#breadcrumb"},"inLanguage":"en-US","potentialAction":[{"@type":"ReadAction","target":["https:\/\/www.sunnyshop211.com\/produit\/cadre-souvenir-de-grossesse-miniature-1-4-bjd\/"]}]},{"@type":"ImageObject","inLanguage":"en-US","@id":"https:\/\/www.sunnyshop211.com\/produit\/cadre-souvenir-de-grossesse-miniature-1-4-bjd\/#primaryimage","url":"https:\/\/www.sunnyshop211.com\/wp-content\/uploads\/2024\/04\/24-1-scaled.jpg","contentUrl":"https:\/\/www.sunnyshop211.com\/wp-content\/uploads\/2024\/04\/24-1-scaled.jpg","width":2560,"height":1707,"caption":"Cadre souvenir grossesse miniature"},{"@type":"BreadcrumbList","@id":"https:\/\/www.sunnyshop211.com\/produit\/cadre-souvenir-de-grossesse-miniature-1-4-bjd\/#breadcrumb","itemListElement":[{"@type":"ListItem","position":1,"name":"Accueil","item":"https:\/\/www.sunnyshop211.com\/"},{"@type":"ListItem","position":2,"name":"Boutique","item":"https:\/\/www.sunnyshop211.com\/boutique-miniature-bjd-dolls\/"},{"@type":"ListItem","position":3,"name":"Cadre souvenir de grossesse miniature 1\/4 \u2013 BJD"}]},{"@type":"WebSite","@id":"https:\/\/www.sunnyshop211.com\/#website","url":"https:\/\/www.sunnyshop211.com\/","name":"Sale of dioramas, furniture, miniatures, bjd dolls 1\/12 1\/8 1\/6 1\/4 1\/3","description":"Sunnyshop211 - Your miniature world for dolls and BJDs, dioramas and custom-made furniture!","publisher":{"@id":"https:\/\/www.sunnyshop211.com\/#organization"},"alternateName":"sunnyshop211","potentialAction":[{"@type":"SearchAction","target":{"@type":"EntryPoint","urlTemplate":"https:\/\/www.sunnyshop211.com\/?s={search_term_string}"},"query-input":{"@type":"PropertyValueSpecification","valueRequired":true,"valueName":"search_term_string"}}],"inLanguage":"en-US"},{"@type":"Organization","@id":"https:\/\/www.sunnyshop211.com\/#organization","name":"sunnyshop211","alternateName":"sunnyshop211 diorama bjd meuble miniature","url":"https:\/\/www.sunnyshop211.com\/","logo":{"@type":"ImageObject","inLanguage":"en-US","@id":"https:\/\/www.sunnyshop211.com\/#\/schema\/logo\/image\/","url":"https:\/\/www.sunnyshop211.com\/wp-content\/uploads\/2022\/08\/cropped-cropped-cropped-Sunnyshop211-1.png","contentUrl":"https:\/\/www.sunnyshop211.com\/wp-content\/uploads\/2022\/08\/cropped-cropped-cropped-Sunnyshop211-1.png","width":339,"height":339,"caption":"sunnyshop211"},"image":{"@id":"https:\/\/www.sunnyshop211.com\/#\/schema\/logo\/image\/"},"sameAs":["https:\/\/www.facebook.com\/sunnyshop211\/?ref=bookmarks","https:\/\/x.com\/sunnyshop211","https:\/\/www.instagram.com\/sunnyshop211\/","https:\/\/www.tumblr.com\/blog\/sunnyshop211","https:\/\/www.youtube.com\/channel\/UCtYY18OGGDKrTSzgcf7fCBg","https:\/\/www.tiktok.com\/@sunnydollshop211?is_from_webapp=1&sender_device=pc"]}]}},"jetpack_publicize_connections":[],"jetpack_sharing_enabled":true,"_links":{"self":[{"href":"https:\/\/www.sunnyshop211.com\/en\/wp-json\/wp\/v2\/product\/40733","targetHints":{"allow":["GET"]}}],"collection":[{"href":"https:\/\/www.sunnyshop211.com\/en\/wp-json\/wp\/v2\/product"}],"about":[{"href":"https:\/\/www.sunnyshop211.com\/en\/wp-json\/wp\/v2\/types\/product"}],"replies":[{"embeddable":true,"href":"https:\/\/www.sunnyshop211.com\/en\/wp-json\/wp\/v2\/comments?post=40733"}],"version-history":[{"count":5,"href":"https:\/\/www.sunnyshop211.com\/en\/wp-json\/wp\/v2\/product\/40733\/revisions"}],"predecessor-version":[{"id":53098,"href":"https:\/\/www.sunnyshop211.com\/en\/wp-json\/wp\/v2\/product\/40733\/revisions\/53098"}],"wp:featuredmedia":[{"embeddable":true,"href":"https:\/\/www.sunnyshop211.com\/en\/wp-json\/wp\/v2\/media\/40630"}],"wp:attachment":[{"href":"https:\/\/www.sunnyshop211.com\/en\/wp-json\/wp\/v2\/media?parent=40733"}],"wp:term":[{"taxonomy":"product_brand","embeddable":true,"href":"https:\/\/www.sunnyshop211.com\/en\/wp-json\/wp\/v2\/product_brand?post=40733"},{"taxonomy":"product_cat","embeddable":true,"href":"https:\/\/www.sunnyshop211.com\/en\/wp-json\/wp\/v2\/product_cat?post=40733"},{"taxonomy":"product_tag","embeddable":true,"href":"https:\/\/www.sunnyshop211.com\/en\/wp-json\/wp\/v2\/product_tag?post=40733"}],"curies":[{"name":"wp","href":"https:\/\/api.w.org\/{rel}","templated":true}]}}