{"id":4032,"date":"2019-02-20T17:16:16","date_gmt":"2019-02-20T16:16:16","guid":{"rendered":"https:\/\/sunnyshop211.com\/?post_type=product&#038;p=4032"},"modified":"2025-12-27T12:34:15","modified_gmt":"2025-12-27T11:34:15","slug":"lot-de-cubes-miniature-1-8-pukifee-lati-yellow","status":"publish","type":"product","link":"https:\/\/www.sunnyshop211.com\/en\/product\/lot-de-cubes-miniature-1-8-pukifee-lati-yellow\/","title":{"rendered":"Set of miniature cubes 1\/8 pukifee, lati Yellow"},"content":{"rendered":"<div id='gallery-1' class='gallery galleryid-4032 gallery-columns-3 gallery-size-thumbnail'><figure class='gallery-item'>\n\t\t\t<div class='gallery-icon landscape'>\n\t\t\t\t<a href='https:\/\/www.sunnyshop211.com\/en\/?attachment_id=35566'><img decoding=\"async\" width=\"150\" height=\"150\" src=\"https:\/\/www.sunnyshop211.com\/wp-content\/uploads\/2019\/02\/magasin-bb-83-150x150.jpg\" class=\"attachment-thumbnail size-thumbnail\" alt=\"Lot de cubes miniature 1\/8\" srcset=\"https:\/\/www.sunnyshop211.com\/wp-content\/uploads\/2019\/02\/magasin-bb-83-150x150.jpg 150w, https:\/\/www.sunnyshop211.com\/wp-content\/uploads\/2019\/02\/magasin-bb-83-scaled-500x500.jpg 500w, https:\/\/www.sunnyshop211.com\/wp-content\/uploads\/2019\/02\/magasin-bb-83-scaled-100x100.jpg 100w\" sizes=\"(max-width: 150px) 100vw, 150px\" \/><\/a>\n\t\t\t<\/div><\/figure><figure class='gallery-item'>\n\t\t\t<div class='gallery-icon landscape'>\n\t\t\t\t<a href='https:\/\/www.sunnyshop211.com\/en\/?attachment_id=34747'><img decoding=\"async\" width=\"150\" height=\"150\" src=\"https:\/\/www.sunnyshop211.com\/wp-content\/uploads\/2019\/02\/3-150x150.jpg\" class=\"attachment-thumbnail size-thumbnail\" alt=\"Lot de cubes miniature 1\/8\" srcset=\"https:\/\/www.sunnyshop211.com\/wp-content\/uploads\/2019\/02\/3-150x150.jpg 150w, https:\/\/www.sunnyshop211.com\/wp-content\/uploads\/2019\/02\/3-scaled-500x500.jpg 500w, https:\/\/www.sunnyshop211.com\/wp-content\/uploads\/2019\/02\/3-scaled-100x100.jpg 100w\" sizes=\"(max-width: 150px) 100vw, 150px\" \/><\/a>\n\t\t\t<\/div><\/figure><figure class='gallery-item'>\n\t\t\t<div class='gallery-icon landscape'>\n\t\t\t\t<a href='https:\/\/www.sunnyshop211.com\/en\/?attachment_id=34746'><img decoding=\"async\" width=\"150\" height=\"150\" src=\"https:\/\/www.sunnyshop211.com\/wp-content\/uploads\/2019\/02\/2-150x150.jpg\" class=\"attachment-thumbnail size-thumbnail\" alt=\"Lot de cubes miniature 1\/8\" srcset=\"https:\/\/www.sunnyshop211.com\/wp-content\/uploads\/2019\/02\/2-150x150.jpg 150w, https:\/\/www.sunnyshop211.com\/wp-content\/uploads\/2019\/02\/2-scaled-500x500.jpg 500w, https:\/\/www.sunnyshop211.com\/wp-content\/uploads\/2019\/02\/2-scaled-100x100.jpg 100w\" sizes=\"(max-width: 150px) 100vw, 150px\" \/><\/a>\n\t\t\t<\/div><\/figure><figure class='gallery-item'>\n\t\t\t<div class='gallery-icon landscape'>\n\t\t\t\t<a href='https:\/\/www.sunnyshop211.com\/en\/?attachment_id=6948'><img loading=\"lazy\" decoding=\"async\" width=\"150\" height=\"150\" src=\"https:\/\/www.sunnyshop211.com\/wp-content\/uploads\/2019\/06\/20190630_161545-150x150.jpg\" class=\"attachment-thumbnail size-thumbnail\" alt=\"Hochet miniature 1\/8 bjd\" srcset=\"https:\/\/www.sunnyshop211.com\/wp-content\/uploads\/2019\/06\/20190630_161545-150x150.jpg 150w, https:\/\/www.sunnyshop211.com\/wp-content\/uploads\/2019\/06\/20190630_161545-500x500.jpg 500w, https:\/\/www.sunnyshop211.com\/wp-content\/uploads\/2019\/06\/20190630_161545-100x100.jpg 100w\" sizes=\"(max-width: 150px) 100vw, 150px\" \/><\/a>\n\t\t\t<\/div><\/figure><figure class='gallery-item'>\n\t\t\t<div class='gallery-icon portrait'>\n\t\t\t\t<a href='https:\/\/www.sunnyshop211.com\/en\/?attachment_id=34750'><img loading=\"lazy\" decoding=\"async\" width=\"150\" height=\"150\" src=\"https:\/\/www.sunnyshop211.com\/wp-content\/uploads\/2019\/02\/95-150x150.jpg\" class=\"attachment-thumbnail size-thumbnail\" alt=\"\" srcset=\"https:\/\/www.sunnyshop211.com\/wp-content\/uploads\/2019\/02\/95-150x150.jpg 150w, https:\/\/www.sunnyshop211.com\/wp-content\/uploads\/2019\/02\/95-scaled-500x500.jpg 500w, https:\/\/www.sunnyshop211.com\/wp-content\/uploads\/2019\/02\/95-scaled-100x100.jpg 100w\" sizes=\"(max-width: 150px) 100vw, 150px\" \/><\/a>\n\t\t\t<\/div><\/figure><figure class='gallery-item'>\n\t\t\t<div class='gallery-icon landscape'>\n\t\t\t\t<a href='https:\/\/www.sunnyshop211.com\/en\/?attachment_id=15938'><img loading=\"lazy\" decoding=\"async\" width=\"150\" height=\"150\" src=\"https:\/\/www.sunnyshop211.com\/wp-content\/uploads\/2020\/05\/nursery-10-150x150.jpg\" class=\"attachment-thumbnail size-thumbnail\" alt=\"Lot de cubes miniature 1\/8\" srcset=\"https:\/\/www.sunnyshop211.com\/wp-content\/uploads\/2020\/05\/nursery-10-150x150.jpg 150w, https:\/\/www.sunnyshop211.com\/wp-content\/uploads\/2020\/05\/nursery-10-scaled-500x500.jpg 500w, https:\/\/www.sunnyshop211.com\/wp-content\/uploads\/2020\/05\/nursery-10-100x100.jpg 100w\" sizes=\"(max-width: 150px) 100vw, 150px\" \/><\/a>\n\t\t\t<\/div><\/figure><figure class='gallery-item'>\n\t\t\t<div class='gallery-icon landscape'>\n\t\t\t\t<a href='https:\/\/www.sunnyshop211.com\/en\/?attachment_id=15916'><img loading=\"lazy\" decoding=\"async\" width=\"150\" height=\"150\" src=\"https:\/\/www.sunnyshop211.com\/wp-content\/uploads\/2020\/05\/nursery-24-150x150.jpg\" class=\"attachment-thumbnail size-thumbnail\" alt=\"Hochet miniature 1\/8 bjd\" srcset=\"https:\/\/www.sunnyshop211.com\/wp-content\/uploads\/2020\/05\/nursery-24-150x150.jpg 150w, https:\/\/www.sunnyshop211.com\/wp-content\/uploads\/2020\/05\/nursery-24-scaled-500x500.jpg 500w, https:\/\/www.sunnyshop211.com\/wp-content\/uploads\/2020\/05\/nursery-24-100x100.jpg 100w\" sizes=\"(max-width: 150px) 100vw, 150px\" \/><\/a>\n\t\t\t<\/div><\/figure><figure class='gallery-item'>\n\t\t\t<div class='gallery-icon landscape'>\n\t\t\t\t<a href='https:\/\/www.sunnyshop211.com\/en\/?attachment_id=15879'><img loading=\"lazy\" decoding=\"async\" width=\"150\" height=\"150\" src=\"https:\/\/www.sunnyshop211.com\/wp-content\/uploads\/2020\/05\/nursery-38-scaled-150x150.jpg\" class=\"attachment-thumbnail size-thumbnail\" alt=\"Hochet miniature 1\/8 bjd\" srcset=\"https:\/\/www.sunnyshop211.com\/wp-content\/uploads\/2020\/05\/nursery-38-scaled-150x150.jpg 150w, https:\/\/www.sunnyshop211.com\/wp-content\/uploads\/2020\/05\/nursery-38-scaled-500x500.jpg 500w, https:\/\/www.sunnyshop211.com\/wp-content\/uploads\/2020\/05\/nursery-38-100x100.jpg 100w\" sizes=\"(max-width: 150px) 100vw, 150px\" \/><\/a>\n\t\t\t<\/div><\/figure><figure class='gallery-item'>\n\t\t\t<div class='gallery-icon landscape'>\n\t\t\t\t<a href='https:\/\/www.sunnyshop211.com\/en\/?attachment_id=42697'><img loading=\"lazy\" decoding=\"async\" width=\"150\" height=\"150\" src=\"https:\/\/www.sunnyshop211.com\/wp-content\/uploads\/2024\/10\/4-150x150.jpg\" class=\"attachment-thumbnail size-thumbnail\" alt=\"\" srcset=\"https:\/\/www.sunnyshop211.com\/wp-content\/uploads\/2024\/10\/4-150x150.jpg 150w, https:\/\/www.sunnyshop211.com\/wp-content\/uploads\/2024\/10\/4-500x500.jpg 500w, https:\/\/www.sunnyshop211.com\/wp-content\/uploads\/2024\/10\/4-100x100.jpg 100w\" sizes=\"(max-width: 150px) 100vw, 150px\" \/><\/a>\n\t\t\t<\/div><\/figure>\n\t\t<\/div>\n\n<h2 data-start=\"191\" data-end=\"222\">Set of 1\/8\" miniature cubes<\/h2>\n<p data-start=\"224\" data-end=\"288\">Pukifee - Lati Yellow - Nappy Choo - Reborn - similar sizes<\/p>\n<hr data-start=\"290\" data-end=\"293\" \/>\n<h3 data-start=\"295\" data-end=\"313\">\ud83e\uddca Description<\/h3>\n<p data-start=\"315\" data-end=\"551\">This set of miniature <strong data-start=\"344\" data-end=\"351\">1\/8<\/strong> is a small, decorative toy ideal for complementing BJD babies' play and learning scenes.<br data-start=\"445\" data-end=\"448\" \/>Colorful and playful, these cubes add a soft, realistic touch to your dioramas and stagings.<\/p>\n<hr data-start=\"553\" data-end=\"556\" \/>\n<h3 data-start=\"558\" data-end=\"578\">\ud83d\udc76 Compatibility<\/h3>\n<p data-start=\"580\" data-end=\"737\">Suitable for baby dolls from approx. <strong data-start=\"615\" data-end=\"624\">15 cm<\/strong> :<br data-start=\"626\" data-end=\"629\" \/>- Pukifee<br data-start=\"638\" data-end=\"641\" \/>- Lati Yellow<br data-start=\"654\" data-end=\"657\" \/>- Nappy Choo<br data-start=\"669\" data-end=\"672\" \/>- BJD baby<br data-start=\"682\" data-end=\"685\" \/>- Mini reborn<br data-start=\"698\" data-end=\"701\" \/>- Other babies of equivalent size<\/p>\n<hr data-start=\"739\" data-end=\"742\" \/>\n<h3 data-start=\"744\" data-end=\"765\">\ud83d\udce6 Batch contents<\/h3>\n<p data-start=\"767\" data-end=\"798\">\u2022 <strong data-start=\"769\" data-end=\"798\">Set of 5 miniature cubes<\/strong><\/p>\n<hr data-start=\"800\" data-end=\"803\" \/>\n<h3 data-start=\"805\" data-end=\"829\">\ud83c\udfa8 Choice of colors<\/h3>\n<p data-start=\"831\" data-end=\"862\">You choose the finish:<\/p>\n<p data-start=\"864\" data-end=\"902\">\u2022 <strong data-start=\"866\" data-end=\"881\">Rainbow<\/strong><br data-start=\"881\" data-end=\"884\" \/>\u2022 <strong data-start=\"886\" data-end=\"902\">White &amp; black<\/strong><\/p>\n<p data-start=\"904\" data-end=\"1004\">\ud83d\udc49 The cubes are <strong data-start=\"922\" data-end=\"943\">sold customized<\/strong> as shown in the photos<br data-start=\"964\" data-end=\"967\" \/>\ud83d\udc49 Modulate as you wish<\/p>\n<p data-start=\"1006\" data-end=\"1102\">\u26a0\ufe0f Due to the customization of handcrafted <strong data-start=\"1054\" data-end=\"1079\">slight imperfections<\/strong> may be present<\/p>\n<hr data-start=\"1104\" data-end=\"1107\" \/>\n<h3 data-start=\"1109\" data-end=\"1138\">\ud83e\udeb5 Handcrafted<\/h3>\n<p data-start=\"1140\" data-end=\"1322\">Made to order<br data-start=\"1160\" data-end=\"1163\" \/>Handcrafted :<br data-start=\"1187\" data-end=\"1190\" \/>slight variations in shape, color or finish may occur<br data-start=\"1266\" data-end=\"1269\" \/>These particularities are part of the charm of handmade products<\/p>\n<hr data-start=\"1324\" data-end=\"1327\" \/>\n<h3 data-start=\"1329\" data-end=\"1360\">\u2139\ufe0f Important information<\/h3>\n<p data-start=\"1362\" data-end=\"1874\">- The photos are examples of staging<br data-start=\"1409\" data-end=\"1412\" \/>\u2022 <strong data-start=\"1414\" data-end=\"1448\">Only the set of cubes is sold<\/strong> (doll not included)<br data-start=\"1469\" data-end=\"1472\" \/>- Compatible with my furniture sold separately in the store<br data-start=\"1536\" data-end=\"1539\" \/>- Other decorations and accessories are available in the store<br data-start=\"1612\" data-end=\"1615\" \/>- Please take into account manufacturing and delivery times (see General Sales Conditions).<br data-start=\"1717\" data-end=\"1720\" \/>\u2022 <strong data-start=\"1722\" data-end=\"1786\">This is not a toy - intended for an adult audience<\/strong><br data-start=\"1786\" data-end=\"1789\" \/>- I am not responsible for any damage in transit or during shipping.<\/p>\n<hr data-start=\"1876\" data-end=\"1879\" \/>\n<h3 data-start=\"1881\" data-end=\"1917\">\ud83d\udcf8 More photos &amp; inspiration<\/h3>\n<p data-start=\"1919\" data-end=\"1961\">\ud83d\udc49 <a class=\"decorated-link\" href=\"https:\/\/www.instagram.com\/sunnyshop211\/\" target=\"_new\" rel=\"noopener\" data-start=\"1922\" data-end=\"1961\">https:\/\/www.instagram.com\/sunnyshop211\/<\/a><\/p>\n<hr data-start=\"1963\" data-end=\"1966\" \/>\n<p data-start=\"1968\" data-end=\"2060\">\u2728 A simple, adorable set of miniature cubes to enrich baby's 1\/8 awakening scenes.<\/p>","protected":false},"excerpt":{"rendered":"<p>Lot de cubes miniature 1\/8 Pukifee \u2013 Lati Yellow \u2013 Nappy Choo \u2013 Reborn \u2013 tailles similaires \ud83e\uddca Description Ce lot de cubes miniature au 1\/8 est un petit jouet d\u00e9coratif id\u00e9al pour compl\u00e9ter les sc\u00e8nes de jeu et d\u2019\u00e9veil des b\u00e9b\u00e9s BJD.Color\u00e9s et ludiques, ces cubes apportent une touche douce et r\u00e9aliste \u00e0 vos [&hellip;]<\/p>\n","protected":false},"featured_media":35566,"comment_status":"open","ping_status":"closed","template":"","meta":{"_crdt_document":"","jetpack_post_was_ever_published":false,"jetpack_publicize_message":"","jetpack_publicize_feature_enabled":true,"jetpack_social_post_already_shared":true,"jetpack_social_options":{"image_generator_settings":{"template":"highway","default_image_id":0,"font":"","enabled":false},"version":2}},"product_brand":[],"product_cat":[667686968],"product_tag":[667681769,667681226,667681294,667681272,667681296,667681295,667681303,667681236,667681173,667681302,667681237,667681297,667681177,667681770,667681768,667681767,667681260,667681771],"class_list":{"0":"post-4032","1":"product","2":"type-product","3":"status-publish","4":"has-post-thumbnail","6":"product_cat-doudous-jouets","7":"product_tag-cafe","8":"product_tag-doll","9":"product_tag-dollho","10":"product_tag-elowynn-wilde","11":"product_tag-food","12":"product_tag-kitchen","13":"product_tag-kitchenaid","14":"product_tag-maison-de-poupee","15":"product_tag-minifee","16":"product_tag-mixer","17":"product_tag-msd","18":"product_tag-nourriture","19":"product_tag-poupee","20":"product_tag-tea-time","21":"product_tag-the","22":"product_tag-thehiere","23":"product_tag-tonner","24":"product_tag-valentine-day","25":"product_shipping_class-lettre-suivie-3","26":"pa_couleur-arc-en-ciel","27":"pa_couleur-blanc-et-noir","29":"first","30":"instock","31":"taxable","32":"shipping-taxable","33":"purchasable","34":"product-type-variable"},"yoast_head":"<!-- This site is optimized with the Yoast SEO plugin v27.4 - https:\/\/yoast.com\/product\/yoast-seo-wordpress\/ -->\n<title>Lot de cubes miniature 1\/8 pukifee, lati Yellow -<\/title>\n<meta name=\"description\" content=\"Lot de cubes miniature 1\/8 pukifee, lati Yellow, Nappy choo ou similaire. Petit jouet id\u00e9al pour vos petits b\u00e9b\u00e9s comme pukifee, reborn.\" \/>\n<meta name=\"robots\" content=\"index, follow, max-snippet:-1, max-image-preview:large, max-video-preview:-1\" \/>\n<link rel=\"canonical\" href=\"https:\/\/www.sunnyshop211.com\/en\/product\/lot-de-cubes-miniature-1-8-pukifee-lati-yellow\/\" \/>\n<meta property=\"og:locale\" content=\"en_US\" \/>\n<meta property=\"og:type\" content=\"article\" \/>\n<meta property=\"og:title\" content=\"Lot de cubes miniature 1\/8 pukifee, lati Yellow -\" \/>\n<meta property=\"og:description\" content=\"Lot de cubes miniature 1\/8 pukifee, lati Yellow, Nappy choo ou similaire. Petit jouet id\u00e9al pour vos petits b\u00e9b\u00e9s comme pukifee, reborn.\" \/>\n<meta property=\"og:url\" content=\"https:\/\/www.sunnyshop211.com\/en\/product\/lot-de-cubes-miniature-1-8-pukifee-lati-yellow\/\" \/>\n<meta property=\"og:site_name\" content=\"Sunnyshop211 -Vente de dioramas, meubles, miniatures , bjd poup\u00e9es 1\/12 1\/8 1\/6 1\/4 1\/3\" \/>\n<meta property=\"article:publisher\" content=\"https:\/\/www.facebook.com\/sunnyshop211\/?ref=bookmarks\" \/>\n<meta property=\"article:modified_time\" content=\"2025-12-27T11:34:15+00:00\" \/>\n<meta property=\"og:image\" content=\"https:\/\/www.sunnyshop211.com\/wp-content\/uploads\/2019\/02\/magasin-bb-83-scaled.jpg\" \/>\n\t<meta property=\"og:image:width\" content=\"2560\" \/>\n\t<meta property=\"og:image:height\" content=\"1707\" \/>\n\t<meta property=\"og:image:type\" content=\"image\/jpeg\" \/>\n<meta name=\"twitter:card\" content=\"summary_large_image\" \/>\n<meta name=\"twitter:site\" content=\"@sunnyshop211\" \/>\n<meta name=\"twitter:label1\" content=\"Est. reading time\" \/>\n\t<meta name=\"twitter:data1\" content=\"2 minutes\" \/>\n<script type=\"application\/ld+json\" class=\"yoast-schema-graph\">{\"@context\":\"https:\\\/\\\/schema.org\",\"@graph\":[{\"@type\":\"WebPage\",\"@id\":\"https:\\\/\\\/www.sunnyshop211.com\\\/produit\\\/lot-de-cubes-miniature-1-8-pukifee-lati-yellow\\\/\",\"url\":\"https:\\\/\\\/www.sunnyshop211.com\\\/produit\\\/lot-de-cubes-miniature-1-8-pukifee-lati-yellow\\\/\",\"name\":\"Lot de cubes miniature 1\\\/8 pukifee, lati Yellow -\",\"isPartOf\":{\"@id\":\"https:\\\/\\\/www.sunnyshop211.com\\\/#website\"},\"primaryImageOfPage\":{\"@id\":\"https:\\\/\\\/www.sunnyshop211.com\\\/produit\\\/lot-de-cubes-miniature-1-8-pukifee-lati-yellow\\\/#primaryimage\"},\"image\":{\"@id\":\"https:\\\/\\\/www.sunnyshop211.com\\\/produit\\\/lot-de-cubes-miniature-1-8-pukifee-lati-yellow\\\/#primaryimage\"},\"thumbnailUrl\":\"https:\\\/\\\/www.sunnyshop211.com\\\/wp-content\\\/uploads\\\/2019\\\/02\\\/magasin-bb-83-scaled.jpg\",\"datePublished\":\"2019-02-20T16:16:16+00:00\",\"dateModified\":\"2025-12-27T11:34:15+00:00\",\"description\":\"Lot de cubes miniature 1\\\/8 pukifee, lati Yellow, Nappy choo ou similaire. Petit jouet id\u00e9al pour vos petits b\u00e9b\u00e9s comme pukifee, reborn.\",\"breadcrumb\":{\"@id\":\"https:\\\/\\\/www.sunnyshop211.com\\\/produit\\\/lot-de-cubes-miniature-1-8-pukifee-lati-yellow\\\/#breadcrumb\"},\"inLanguage\":\"en-US\",\"potentialAction\":[{\"@type\":\"ReadAction\",\"target\":[\"https:\\\/\\\/www.sunnyshop211.com\\\/produit\\\/lot-de-cubes-miniature-1-8-pukifee-lati-yellow\\\/\"]}]},{\"@type\":\"ImageObject\",\"inLanguage\":\"en-US\",\"@id\":\"https:\\\/\\\/www.sunnyshop211.com\\\/produit\\\/lot-de-cubes-miniature-1-8-pukifee-lati-yellow\\\/#primaryimage\",\"url\":\"https:\\\/\\\/www.sunnyshop211.com\\\/wp-content\\\/uploads\\\/2019\\\/02\\\/magasin-bb-83-scaled.jpg\",\"contentUrl\":\"https:\\\/\\\/www.sunnyshop211.com\\\/wp-content\\\/uploads\\\/2019\\\/02\\\/magasin-bb-83-scaled.jpg\",\"width\":2560,\"height\":1707,\"caption\":\"Lot de cubes miniature 1\\\/8\"},{\"@type\":\"BreadcrumbList\",\"@id\":\"https:\\\/\\\/www.sunnyshop211.com\\\/produit\\\/lot-de-cubes-miniature-1-8-pukifee-lati-yellow\\\/#breadcrumb\",\"itemListElement\":[{\"@type\":\"ListItem\",\"position\":1,\"name\":\"Accueil\",\"item\":\"https:\\\/\\\/www.sunnyshop211.com\\\/\"},{\"@type\":\"ListItem\",\"position\":2,\"name\":\"Boutique\",\"item\":\"https:\\\/\\\/www.sunnyshop211.com\\\/boutique-miniature-bjd-dolls\\\/\"},{\"@type\":\"ListItem\",\"position\":3,\"name\":\"Lot de cubes miniature 1\\\/8 pukifee, lati Yellow\"}]},{\"@type\":\"WebSite\",\"@id\":\"https:\\\/\\\/www.sunnyshop211.com\\\/#website\",\"url\":\"https:\\\/\\\/www.sunnyshop211.com\\\/\",\"name\":\"Vente de dioramas, meubles, miniatures , bjd poup\u00e9es 1\\\/12 1\\\/8 1\\\/6 1\\\/4 1\\\/3\",\"description\":\"Sunnyshop211 - Votre univers miniature pour poup\u00e9es et BJD, dioramas et meubles sur mesure !\",\"publisher\":{\"@id\":\"https:\\\/\\\/www.sunnyshop211.com\\\/#organization\"},\"alternateName\":\"sunnyshop211\",\"potentialAction\":[{\"@type\":\"SearchAction\",\"target\":{\"@type\":\"EntryPoint\",\"urlTemplate\":\"https:\\\/\\\/www.sunnyshop211.com\\\/?s={search_term_string}\"},\"query-input\":{\"@type\":\"PropertyValueSpecification\",\"valueRequired\":true,\"valueName\":\"search_term_string\"}}],\"inLanguage\":\"en-US\"},{\"@type\":\"Organization\",\"@id\":\"https:\\\/\\\/www.sunnyshop211.com\\\/#organization\",\"name\":\"sunnyshop211\",\"alternateName\":\"sunnyshop211 diorama bjd meuble miniature\",\"url\":\"https:\\\/\\\/www.sunnyshop211.com\\\/\",\"logo\":{\"@type\":\"ImageObject\",\"inLanguage\":\"en-US\",\"@id\":\"https:\\\/\\\/www.sunnyshop211.com\\\/#\\\/schema\\\/logo\\\/image\\\/\",\"url\":\"https:\\\/\\\/www.sunnyshop211.com\\\/wp-content\\\/uploads\\\/2022\\\/08\\\/cropped-cropped-cropped-Sunnyshop211-1.png\",\"contentUrl\":\"https:\\\/\\\/www.sunnyshop211.com\\\/wp-content\\\/uploads\\\/2022\\\/08\\\/cropped-cropped-cropped-Sunnyshop211-1.png\",\"width\":339,\"height\":339,\"caption\":\"sunnyshop211\"},\"image\":{\"@id\":\"https:\\\/\\\/www.sunnyshop211.com\\\/#\\\/schema\\\/logo\\\/image\\\/\"},\"sameAs\":[\"https:\\\/\\\/www.facebook.com\\\/sunnyshop211\\\/?ref=bookmarks\",\"https:\\\/\\\/x.com\\\/sunnyshop211\",\"https:\\\/\\\/www.instagram.com\\\/sunnyshop211\\\/\",\"https:\\\/\\\/www.tumblr.com\\\/blog\\\/sunnyshop211\",\"https:\\\/\\\/www.youtube.com\\\/channel\\\/UCtYY18OGGDKrTSzgcf7fCBg\",\"https:\\\/\\\/www.tiktok.com\\\/@sunnydollshop211?is_from_webapp=1&sender_device=pc\"]}]}<\/script>\n<!-- \/ Yoast SEO plugin. -->","yoast_head_json":{"title":"Set of 1\/8 pukifee miniature cubes, lati Yellow -","description":"Set of 1\/8 pukifee, lati yellow, nappy choo or similar miniature cubes. Ideal little toy for your pukifee and reborn babies.","robots":{"index":"index","follow":"follow","max-snippet":"max-snippet:-1","max-image-preview":"max-image-preview:large","max-video-preview":"max-video-preview:-1"},"canonical":"https:\/\/www.sunnyshop211.com\/en\/product\/lot-de-cubes-miniature-1-8-pukifee-lati-yellow\/","og_locale":"en_US","og_type":"article","og_title":"Lot de cubes miniature 1\/8 pukifee, lati Yellow -","og_description":"Lot de cubes miniature 1\/8 pukifee, lati Yellow, Nappy choo ou similaire. Petit jouet id\u00e9al pour vos petits b\u00e9b\u00e9s comme pukifee, reborn.","og_url":"https:\/\/www.sunnyshop211.com\/en\/product\/lot-de-cubes-miniature-1-8-pukifee-lati-yellow\/","og_site_name":"Sunnyshop211 -Vente de dioramas, meubles, miniatures , bjd poup\u00e9es 1\/12 1\/8 1\/6 1\/4 1\/3","article_publisher":"https:\/\/www.facebook.com\/sunnyshop211\/?ref=bookmarks","article_modified_time":"2025-12-27T11:34:15+00:00","og_image":[{"width":2560,"height":1707,"url":"https:\/\/www.sunnyshop211.com\/wp-content\/uploads\/2019\/02\/magasin-bb-83-scaled.jpg","type":"image\/jpeg"}],"twitter_card":"summary_large_image","twitter_site":"@sunnyshop211","twitter_misc":{"Est. reading time":"2 minutes"},"schema":{"@context":"https:\/\/schema.org","@graph":[{"@type":"WebPage","@id":"https:\/\/www.sunnyshop211.com\/produit\/lot-de-cubes-miniature-1-8-pukifee-lati-yellow\/","url":"https:\/\/www.sunnyshop211.com\/produit\/lot-de-cubes-miniature-1-8-pukifee-lati-yellow\/","name":"Set of 1\/8 pukifee miniature cubes, lati Yellow -","isPartOf":{"@id":"https:\/\/www.sunnyshop211.com\/#website"},"primaryImageOfPage":{"@id":"https:\/\/www.sunnyshop211.com\/produit\/lot-de-cubes-miniature-1-8-pukifee-lati-yellow\/#primaryimage"},"image":{"@id":"https:\/\/www.sunnyshop211.com\/produit\/lot-de-cubes-miniature-1-8-pukifee-lati-yellow\/#primaryimage"},"thumbnailUrl":"https:\/\/www.sunnyshop211.com\/wp-content\/uploads\/2019\/02\/magasin-bb-83-scaled.jpg","datePublished":"2019-02-20T16:16:16+00:00","dateModified":"2025-12-27T11:34:15+00:00","description":"Set of 1\/8 pukifee, lati yellow, nappy choo or similar miniature cubes. Ideal little toy for your pukifee and reborn babies.","breadcrumb":{"@id":"https:\/\/www.sunnyshop211.com\/produit\/lot-de-cubes-miniature-1-8-pukifee-lati-yellow\/#breadcrumb"},"inLanguage":"en-US","potentialAction":[{"@type":"ReadAction","target":["https:\/\/www.sunnyshop211.com\/produit\/lot-de-cubes-miniature-1-8-pukifee-lati-yellow\/"]}]},{"@type":"ImageObject","inLanguage":"en-US","@id":"https:\/\/www.sunnyshop211.com\/produit\/lot-de-cubes-miniature-1-8-pukifee-lati-yellow\/#primaryimage","url":"https:\/\/www.sunnyshop211.com\/wp-content\/uploads\/2019\/02\/magasin-bb-83-scaled.jpg","contentUrl":"https:\/\/www.sunnyshop211.com\/wp-content\/uploads\/2019\/02\/magasin-bb-83-scaled.jpg","width":2560,"height":1707,"caption":"Lot de cubes miniature 1\/8"},{"@type":"BreadcrumbList","@id":"https:\/\/www.sunnyshop211.com\/produit\/lot-de-cubes-miniature-1-8-pukifee-lati-yellow\/#breadcrumb","itemListElement":[{"@type":"ListItem","position":1,"name":"Accueil","item":"https:\/\/www.sunnyshop211.com\/"},{"@type":"ListItem","position":2,"name":"Boutique","item":"https:\/\/www.sunnyshop211.com\/boutique-miniature-bjd-dolls\/"},{"@type":"ListItem","position":3,"name":"Lot de cubes miniature 1\/8 pukifee, lati Yellow"}]},{"@type":"WebSite","@id":"https:\/\/www.sunnyshop211.com\/#website","url":"https:\/\/www.sunnyshop211.com\/","name":"Sale of dioramas, furniture, miniatures, bjd dolls 1\/12 1\/8 1\/6 1\/4 1\/3","description":"Sunnyshop211 - Your miniature world for dolls and BJDs, dioramas and custom-made furniture!","publisher":{"@id":"https:\/\/www.sunnyshop211.com\/#organization"},"alternateName":"sunnyshop211","potentialAction":[{"@type":"SearchAction","target":{"@type":"EntryPoint","urlTemplate":"https:\/\/www.sunnyshop211.com\/?s={search_term_string}"},"query-input":{"@type":"PropertyValueSpecification","valueRequired":true,"valueName":"search_term_string"}}],"inLanguage":"en-US"},{"@type":"Organization","@id":"https:\/\/www.sunnyshop211.com\/#organization","name":"sunnyshop211","alternateName":"sunnyshop211 diorama bjd meuble miniature","url":"https:\/\/www.sunnyshop211.com\/","logo":{"@type":"ImageObject","inLanguage":"en-US","@id":"https:\/\/www.sunnyshop211.com\/#\/schema\/logo\/image\/","url":"https:\/\/www.sunnyshop211.com\/wp-content\/uploads\/2022\/08\/cropped-cropped-cropped-Sunnyshop211-1.png","contentUrl":"https:\/\/www.sunnyshop211.com\/wp-content\/uploads\/2022\/08\/cropped-cropped-cropped-Sunnyshop211-1.png","width":339,"height":339,"caption":"sunnyshop211"},"image":{"@id":"https:\/\/www.sunnyshop211.com\/#\/schema\/logo\/image\/"},"sameAs":["https:\/\/www.facebook.com\/sunnyshop211\/?ref=bookmarks","https:\/\/x.com\/sunnyshop211","https:\/\/www.instagram.com\/sunnyshop211\/","https:\/\/www.tumblr.com\/blog\/sunnyshop211","https:\/\/www.youtube.com\/channel\/UCtYY18OGGDKrTSzgcf7fCBg","https:\/\/www.tiktok.com\/@sunnydollshop211?is_from_webapp=1&sender_device=pc"]}]}},"jetpack_publicize_connections":[],"jetpack_sharing_enabled":true,"_links":{"self":[{"href":"https:\/\/www.sunnyshop211.com\/en\/wp-json\/wp\/v2\/product\/4032","targetHints":{"allow":["GET"]}}],"collection":[{"href":"https:\/\/www.sunnyshop211.com\/en\/wp-json\/wp\/v2\/product"}],"about":[{"href":"https:\/\/www.sunnyshop211.com\/en\/wp-json\/wp\/v2\/types\/product"}],"replies":[{"embeddable":true,"href":"https:\/\/www.sunnyshop211.com\/en\/wp-json\/wp\/v2\/comments?post=4032"}],"version-history":[{"count":14,"href":"https:\/\/www.sunnyshop211.com\/en\/wp-json\/wp\/v2\/product\/4032\/revisions"}],"predecessor-version":[{"id":53075,"href":"https:\/\/www.sunnyshop211.com\/en\/wp-json\/wp\/v2\/product\/4032\/revisions\/53075"}],"wp:featuredmedia":[{"embeddable":true,"href":"https:\/\/www.sunnyshop211.com\/en\/wp-json\/wp\/v2\/media\/35566"}],"wp:attachment":[{"href":"https:\/\/www.sunnyshop211.com\/en\/wp-json\/wp\/v2\/media?parent=4032"}],"wp:term":[{"taxonomy":"product_brand","embeddable":true,"href":"https:\/\/www.sunnyshop211.com\/en\/wp-json\/wp\/v2\/product_brand?post=4032"},{"taxonomy":"product_cat","embeddable":true,"href":"https:\/\/www.sunnyshop211.com\/en\/wp-json\/wp\/v2\/product_cat?post=4032"},{"taxonomy":"product_tag","embeddable":true,"href":"https:\/\/www.sunnyshop211.com\/en\/wp-json\/wp\/v2\/product_tag?post=4032"}],"curies":[{"name":"wp","href":"https:\/\/api.w.org\/{rel}","templated":true}]}}