{"id":40316,"date":"2024-04-27T15:45:17","date_gmt":"2024-04-27T14:45:17","guid":{"rendered":"https:\/\/www.sunnyshop211.com\/?post_type=product&#038;p=40316"},"modified":"2025-12-23T18:51:23","modified_gmt":"2025-12-23T17:51:23","slug":"%f0%9f%90%b0-tetine-miniature-simulation-lapin-accessoire-bebe-bjd-reborn","status":"publish","type":"product","link":"https:\/\/www.sunnyshop211.com\/en\/product\/%f0%9f%90%b0-tetine-miniature-simulation-lapin-accessoire-bebe-bjd-reborn\/","title":{"rendered":"\ud83d\udc30 Miniature rabbit pacifier - Baby accessory BJD \/ Reborn"},"content":{"rendered":"<div id='gallery-1' class='gallery galleryid-40316 gallery-columns-3 gallery-size-thumbnail'><figure class='gallery-item'>\n\t\t\t<div class='gallery-icon landscape'>\n\t\t\t\t<a href='https:\/\/www.sunnyshop211.com\/en\/?attachment_id=40283'><img decoding=\"async\" width=\"150\" height=\"150\" src=\"https:\/\/www.sunnyshop211.com\/wp-content\/uploads\/2024\/04\/19-2-150x150.jpg\" class=\"attachment-thumbnail size-thumbnail\" alt=\"T\u00e9tine miniature simulation &quot;lapin&quot; b\u00e9b\u00e9 bjd, pukifee, Nappy choo, reborn\" srcset=\"https:\/\/www.sunnyshop211.com\/wp-content\/uploads\/2024\/04\/19-2-150x150.jpg 150w, https:\/\/www.sunnyshop211.com\/wp-content\/uploads\/2024\/04\/19-2-scaled-500x500.jpg 500w, https:\/\/www.sunnyshop211.com\/wp-content\/uploads\/2024\/04\/19-2-scaled-100x100.jpg 100w\" sizes=\"(max-width: 150px) 100vw, 150px\" \/><\/a>\n\t\t\t<\/div><\/figure><figure class='gallery-item'>\n\t\t\t<div class='gallery-icon portrait'>\n\t\t\t\t<a href='https:\/\/www.sunnyshop211.com\/en\/?attachment_id=40281'><img decoding=\"async\" width=\"150\" height=\"150\" src=\"https:\/\/www.sunnyshop211.com\/wp-content\/uploads\/2024\/04\/18-2-150x150.jpg\" class=\"attachment-thumbnail size-thumbnail\" alt=\"\" srcset=\"https:\/\/www.sunnyshop211.com\/wp-content\/uploads\/2024\/04\/18-2-150x150.jpg 150w, https:\/\/www.sunnyshop211.com\/wp-content\/uploads\/2024\/04\/18-2-scaled-500x500.jpg 500w, https:\/\/www.sunnyshop211.com\/wp-content\/uploads\/2024\/04\/18-2-scaled-100x100.jpg 100w\" sizes=\"(max-width: 150px) 100vw, 150px\" \/><\/a>\n\t\t\t<\/div><\/figure><figure class='gallery-item'>\n\t\t\t<div class='gallery-icon landscape'>\n\t\t\t\t<a href='https:\/\/www.sunnyshop211.com\/en\/?attachment_id=41998'><img decoding=\"async\" width=\"150\" height=\"150\" src=\"https:\/\/www.sunnyshop211.com\/wp-content\/uploads\/2024\/09\/photo-site-35-150x150.jpg\" class=\"attachment-thumbnail size-thumbnail\" alt=\"dioramas meubles miniature pour dolls\" srcset=\"https:\/\/www.sunnyshop211.com\/wp-content\/uploads\/2024\/09\/photo-site-35-150x150.jpg 150w, https:\/\/www.sunnyshop211.com\/wp-content\/uploads\/2024\/09\/photo-site-35-500x500.jpg 500w, https:\/\/www.sunnyshop211.com\/wp-content\/uploads\/2024\/09\/photo-site-35-100x100.jpg 100w\" sizes=\"(max-width: 150px) 100vw, 150px\" \/><\/a>\n\t\t\t<\/div><\/figure>\n\t\t<\/div>\n\n<h2 data-start=\"195\" data-end=\"276\">\ud83d\udc30 <strong data-start=\"198\" data-end=\"274\">Miniature rabbit pacifier - Baby accessories BJD \/ Reborn\u00a0<\/strong><\/h2>\n<p data-start=\"278\" data-end=\"332\">Miniature decorative accessory - Handcrafted creation<\/p>\n<hr data-start=\"334\" data-end=\"337\" \/>\n<p data-start=\"339\" data-end=\"357\">\ud83c\udf38 <strong data-start=\"342\" data-end=\"357\">Description<\/strong><\/p>\n<p data-start=\"359\" data-end=\"625\">This <strong data-start=\"365\" data-end=\"404\">miniature pacifier \u201crabbit\u201d simulation\u201d<\/strong> is a small, delicate and realistic accessory, ideal to complete your <strong data-start=\"475\" data-end=\"512\">baby BJD and reborn staging<\/strong>.<br data-start=\"513\" data-end=\"516\" \/>Its soft design adds a touch of tenderness to your nursery, maternity and everyday scenes.<\/p>\n<hr data-start=\"627\" data-end=\"630\" \/>\n<p data-start=\"632\" data-end=\"664\">\u2728 <strong data-start=\"634\" data-end=\"664\">Details &amp; features<\/strong><\/p>\n<p data-start=\"666\" data-end=\"686\">\ud83e\uddf8 <strong data-start=\"669\" data-end=\"686\">Compatibility<\/strong><\/p>\n<p data-start=\"688\" data-end=\"902\">Suitable for baby dolls from <strong data-start=\"718\" data-end=\"732\">10 to 15 cm<\/strong>, such that :<br data-start=\"744\" data-end=\"747\" \/>- BJD Babies <em data-start=\"759\" data-end=\"781\">Louis, L\u00e9na, Miranda<\/em><br data-start=\"781\" data-end=\"784\" \/>- Pukifee<br data-start=\"793\" data-end=\"796\" \/>- Lati Yellow<br data-start=\"809\" data-end=\"812\" \/>- Nappy Choo<br data-start=\"824\" data-end=\"827\" \/>- Mini reborn<br data-start=\"840\" data-end=\"843\" \/>- Obitsu 11, Stodoll, JudyCheng Doll (depending on size)<\/p>\n<p data-start=\"904\" data-end=\"950\">\ud83d\udce6 <strong data-start=\"907\" data-end=\"950\">Price corresponds to 1 miniature pacifier<\/strong><\/p>\n<hr data-start=\"952\" data-end=\"955\" \/>\n<p data-start=\"957\" data-end=\"983\">\ud83c\udfa8 <strong data-start=\"960\" data-end=\"983\">Available options<\/strong><\/p>\n<p data-start=\"985\" data-end=\"1010\">\ud83d\udd39 <strong data-start=\"988\" data-end=\"1010\">Choice of finishes<\/strong><\/p>\n<p data-start=\"1012\" data-end=\"1113\">- Version <strong data-start=\"1022\" data-end=\"1047\">with nipple tip<\/strong><br data-start=\"1047\" data-end=\"1050\" \/>- Version <strong data-start=\"1060\" data-end=\"1075\">without tip<\/strong> (to be placed against the doll's mouth)<\/p>\n<p data-start=\"1115\" data-end=\"1157\">\u26a0\ufe0f Teats <strong data-start=\"1130\" data-end=\"1156\">don't stand alone<\/strong>.<\/p>\n<p data-start=\"1159\" data-end=\"1186\">\ud83d\udd39 <strong data-start=\"1162\" data-end=\"1186\">Available colors<\/strong><\/p>\n<p data-start=\"1188\" data-end=\"1230\">- Rose<br data-start=\"1194\" data-end=\"1197\" \/>- Blue<br data-start=\"1203\" data-end=\"1206\" \/>- Violet<br data-start=\"1214\" data-end=\"1217\" \/>- Pale green<\/p>\n<p data-start=\"1232\" data-end=\"1301\">\ud83d\udc49 The teat part is colored <em data-start=\"1267\" data-end=\"1273\">skin<\/em><br data-start=\"1273\" data-end=\"1276\" \/>\ud83d\udc49 The handle is <strong data-start=\"1290\" data-end=\"1301\">white<\/strong><\/p>\n<hr data-start=\"1303\" data-end=\"1306\" \/>\n<p data-start=\"1308\" data-end=\"1334\">\ud83d\udccf <strong data-start=\"1311\" data-end=\"1334\">Available sizes<\/strong><\/p>\n<p data-start=\"1336\" data-end=\"1429\">- <strong data-start=\"1338\" data-end=\"1353\">Very small<\/strong> :<br data-start=\"1355\" data-end=\"1358\" \/>0.8 \u00d7 0.6 cm<br data-start=\"1372\" data-end=\"1375\" \/>\ud83d\udc49 For my babies BJD 10 cm (<em data-start=\"1406\" data-end=\"1428\">Louis, L\u00e9na, Miranda<\/em>)<\/p>\n<p data-start=\"1431\" data-end=\"1526\">- <strong data-start=\"1433\" data-end=\"1443\">Small<\/strong> :<br data-start=\"1445\" data-end=\"1448\" \/>1.2 cm long \u00d7 1 cm high<br data-start=\"1479\" data-end=\"1482\" \/>\ud83d\udc49 For Obitsu 11, Stodoll, JudyCheng Doll<\/p>\n<p data-start=\"1528\" data-end=\"1614\">- <strong data-start=\"1530\" data-end=\"1541\">Average<\/strong> :<br data-start=\"1543\" data-end=\"1546\" \/>1.8 cm long \u00d7 1.5 cm high<br data-start=\"1579\" data-end=\"1582\" \/>\ud83d\udc49 For Pukifee, Lati Yellow<\/p>\n<hr data-start=\"1616\" data-end=\"1619\" \/>\n<p data-start=\"1621\" data-end=\"1647\">\ud83e\uddf7 <strong data-start=\"1624\" data-end=\"1647\">Fixing &amp; advice<\/strong><\/p>\n<p data-start=\"1649\" data-end=\"1766\">To keep the teat on your doll, we recommend using :<br data-start=\"1719\" data-end=\"1722\" \/>- a <strong data-start=\"1728\" data-end=\"1766\">very small ball of adhesive dough<\/strong><\/p>\n<p data-start=\"1768\" data-end=\"1884\">\u26a0\ufe0f I don't recommend leaving the teat in place for too long, to avoid any risk of altering the make-up.<\/p>\n<hr data-start=\"1886\" data-end=\"1889\" \/>\n<p data-start=\"1891\" data-end=\"1911\">\ud83e\uddf8 <strong data-start=\"1894\" data-end=\"1911\">Stage direction<\/strong><\/p>\n<p data-start=\"1913\" data-end=\"2049\">Perfect for :<br data-start=\"1928\" data-end=\"1931\" \/>- Feeding scenes<br data-start=\"1954\" data-end=\"1957\" \/>- Miniature nurseries<br data-start=\"1979\" data-end=\"1982\" \/>- Realistic baby backdrops<br data-start=\"2005\" data-end=\"2008\" \/>- Photos and staging BJD \/ reborn<\/p>\n<p data-start=\"2051\" data-end=\"2140\">Compatible with the store's miniature furniture and accessories (sold separately).<\/p>\n<hr data-start=\"2142\" data-end=\"2145\" \/>\n<h3 data-start=\"2147\" data-end=\"2175\">\u2728 <strong data-start=\"2149\" data-end=\"2175\">Handcrafted products<\/strong><\/h3>\n<p data-start=\"2177\" data-end=\"2322\">- Hand-made<br data-start=\"2197\" data-end=\"2200\" \/>- Fictitious and decorative article<br data-start=\"2229\" data-end=\"2232\" \/>- Slight variations in shape or color may occur.<br data-start=\"2294\" data-end=\"2297\" \/>- Each piece is unique<\/p>\n<hr data-start=\"2324\" data-end=\"2327\" \/>\n<p data-start=\"2329\" data-end=\"2355\">\u23f3 <strong data-start=\"2331\" data-end=\"2355\">Manufacturing &amp; lead times<\/strong><\/p>\n<p data-start=\"2357\" data-end=\"2504\">\ud83d\udee0\ufe0f Article <strong data-start=\"2369\" data-end=\"2393\">made to order<\/strong><br data-start=\"2393\" data-end=\"2396\" \/>Please note the deadlines indicated in the <strong data-start=\"2447\" data-end=\"2503\">Terms and conditions of sale and delivery times<\/strong>.<\/p>\n<hr data-start=\"2506\" data-end=\"2509\" \/>\n<p data-start=\"2511\" data-end=\"2542\">\u26a0\ufe0f <strong data-start=\"2514\" data-end=\"2542\">Important information<\/strong><\/p>\n<p data-start=\"2544\" data-end=\"2777\">- This is not <strong data-start=\"2557\" data-end=\"2573\">not a toy<\/strong><br data-start=\"2573\" data-end=\"2576\" \/>- Article intended for an adult, collector audience<br data-start=\"2630\" data-end=\"2633\" \/>- The photos are examples of decoration<br data-start=\"2677\" data-end=\"2680\" \/>- <strong data-start=\"2682\" data-end=\"2713\">Only one teat sold<\/strong><br data-start=\"2713\" data-end=\"2716\" \/>- I'm not responsible for shipping damage<\/p>\n<p data-start=\"2779\" data-end=\"2851\">\ud83d\udcf8 More photos and inspiration :<br data-start=\"2816\" data-end=\"2819\" \/>\ud83d\udc49 <strong data-start=\"2822\" data-end=\"2851\">Instagram: @sunnyshop211<\/strong><\/p>\n<h3><span style=\"font-size: 16px;\">: <\/span><a style=\"font-size: 16px;\" href=\"https:\/\/www.instagram.com\/sunnyshop211\/\">https:\/\/www.instagram.com\/sunnyshop211\/<\/a><\/h3>\n<p>&nbsp;<\/p>\n<p>&nbsp;<\/p>","protected":false},"excerpt":{"rendered":"<p>\ud83d\udc30 T\u00e9tine miniature simulation \u201clapin\u201d \u2013 Accessoire b\u00e9b\u00e9 BJD \/ Reborn\u00a0 Accessoire d\u00e9coratif miniature \u2013 Cr\u00e9ation artisanale \ud83c\udf38 Description Cette t\u00e9tine miniature simulation \u201clapin\u201d est un petit accessoire d\u00e9licat et r\u00e9aliste, id\u00e9al pour compl\u00e9ter vos mises en sc\u00e8ne b\u00e9b\u00e9 BJD et reborn.Son design tout doux apporte une touche de tendresse \u00e0 vos univers nursery, maternit\u00e9 [&hellip;]<\/p>\n","protected":false},"featured_media":40283,"comment_status":"open","ping_status":"closed","template":"","meta":{"_crdt_document":"","jetpack_post_was_ever_published":false,"jetpack_publicize_message":"","jetpack_publicize_feature_enabled":true,"jetpack_social_post_already_shared":true,"jetpack_social_options":{"image_generator_settings":{"template":"highway","default_image_id":0,"font":"","enabled":false},"version":2}},"product_brand":[],"product_cat":[667686966,667686978],"product_tag":[667681137,667681722,667681719,667681138,667681224,667681721,667681136,667681818,667681718,667681234,667681226,667681725,667681225,667681139,667681144,667681261,667681281,667681173,667681141,667681177,667681140,667681235,667681223],"class_list":{"0":"post-40316","1":"product","2":"type-product","3":"status-publish","4":"has-post-thumbnail","6":"product_cat-nourriture-bebe-bjd-mini-reborn-nappy-choo-pukifee-bebe-barbie","7":"product_cat-tetines-co","8":"product_tag-baby","9":"product_tag-baby-bottle","10":"product_tag-baby-cover","11":"product_tag-bebe","12":"product_tag-bed-crib","13":"product_tag-biberon","14":"product_tag-bjd","15":"product_tag-bottle","16":"product_tag-couverture","17":"product_tag-diorama","18":"product_tag-doll","19":"product_tag-dolly","20":"product_tag-furniture","21":"product_tag-lati-yellow","22":"product_tag-lit","23":"product_tag-meuble","24":"product_tag-meubles","25":"product_tag-minifee","26":"product_tag-nappy-choo","27":"product_tag-poupee","28":"product_tag-pukifee","29":"product_tag-roombox","30":"product_tag-tour-de-lit","31":"product_shipping_class-lettre-suivie","32":"pa_couleur-blanc","33":"pa_couleur-bleu","34":"pa_couleur-rose","35":"pa_couleur-vert","36":"pa_couleur-violet","38":"first","39":"instock","40":"taxable","41":"shipping-taxable","42":"purchasable","43":"product-type-variable"},"yoast_head":"<!-- This site is optimized with the Yoast SEO plugin v27.4 - https:\/\/yoast.com\/product\/yoast-seo-wordpress\/ -->\n<title>\ud83d\udc30 T\u00e9tine miniature simulation \u201clapin\u201d \u2013 Accessoire b\u00e9b\u00e9 BJD \/ Reborn -<\/title>\n<meta name=\"description\" content=\"\ud83d\udc30 T\u00e9tine miniature simulation \u201clapin\u201d \u2013 Accessoire b\u00e9b\u00e9 BJD \/ Reborn, pukifee, Nappy choo . Id\u00e9al pour vos petits b\u00e9b\u00e9s, reborn et vos mises en sc\u00e8nes.\" \/>\n<meta name=\"robots\" content=\"index, follow, max-snippet:-1, max-image-preview:large, max-video-preview:-1\" \/>\n<link rel=\"canonical\" href=\"https:\/\/www.sunnyshop211.com\/en\/product\/\ud83d\udc30-tetine-miniature-simulation-lapin-accessoire-bebe-bjd-reborn\/\" \/>\n<meta property=\"og:locale\" content=\"en_US\" \/>\n<meta property=\"og:type\" content=\"article\" \/>\n<meta property=\"og:title\" content=\"\ud83d\udc30 T\u00e9tine miniature simulation \u201clapin\u201d \u2013 Accessoire b\u00e9b\u00e9 BJD \/ Reborn -\" \/>\n<meta property=\"og:description\" content=\"T\u00e9tine miniature simulation &quot;lapin&quot; b\u00e9b\u00e9 bjd, pukifee, Nappy choo, reborn . Id\u00e9al pour vos petits b\u00e9b\u00e9s, reborn et vos mises en sc\u00e8nes.\" \/>\n<meta property=\"og:url\" content=\"https:\/\/www.sunnyshop211.com\/en\/product\/\ud83d\udc30-tetine-miniature-simulation-lapin-accessoire-bebe-bjd-reborn\/\" \/>\n<meta property=\"og:site_name\" content=\"Sunnyshop211 -Vente de dioramas, meubles, miniatures , bjd poup\u00e9es 1\/12 1\/8 1\/6 1\/4 1\/3\" \/>\n<meta property=\"article:publisher\" content=\"https:\/\/www.facebook.com\/sunnyshop211\/?ref=bookmarks\" \/>\n<meta property=\"article:modified_time\" content=\"2025-12-23T17:51:23+00:00\" \/>\n<meta property=\"og:image\" content=\"https:\/\/www.sunnyshop211.com\/wp-content\/uploads\/2024\/04\/19-2-scaled.jpg\" \/>\n\t<meta property=\"og:image:width\" content=\"2560\" \/>\n\t<meta property=\"og:image:height\" content=\"1858\" \/>\n\t<meta property=\"og:image:type\" content=\"image\/jpeg\" \/>\n<meta name=\"twitter:card\" content=\"summary_large_image\" \/>\n<meta name=\"twitter:site\" content=\"@sunnyshop211\" \/>\n<meta name=\"twitter:label1\" content=\"Est. reading time\" \/>\n\t<meta name=\"twitter:data1\" content=\"3 minutes\" \/>\n<script type=\"application\/ld+json\" class=\"yoast-schema-graph\">{\"@context\":\"https:\\\/\\\/schema.org\",\"@graph\":[{\"@type\":\"WebPage\",\"@id\":\"https:\\\/\\\/www.sunnyshop211.com\\\/produit\\\/%f0%9f%90%b0-tetine-miniature-simulation-lapin-accessoire-bebe-bjd-reborn\\\/\",\"url\":\"https:\\\/\\\/www.sunnyshop211.com\\\/produit\\\/%f0%9f%90%b0-tetine-miniature-simulation-lapin-accessoire-bebe-bjd-reborn\\\/\",\"name\":\"\ud83d\udc30 T\u00e9tine miniature simulation \u201clapin\u201d \u2013 Accessoire b\u00e9b\u00e9 BJD \\\/ Reborn -\",\"isPartOf\":{\"@id\":\"https:\\\/\\\/www.sunnyshop211.com\\\/#website\"},\"primaryImageOfPage\":{\"@id\":\"https:\\\/\\\/www.sunnyshop211.com\\\/produit\\\/%f0%9f%90%b0-tetine-miniature-simulation-lapin-accessoire-bebe-bjd-reborn\\\/#primaryimage\"},\"image\":{\"@id\":\"https:\\\/\\\/www.sunnyshop211.com\\\/produit\\\/%f0%9f%90%b0-tetine-miniature-simulation-lapin-accessoire-bebe-bjd-reborn\\\/#primaryimage\"},\"thumbnailUrl\":\"https:\\\/\\\/www.sunnyshop211.com\\\/wp-content\\\/uploads\\\/2024\\\/04\\\/19-2-scaled.jpg\",\"datePublished\":\"2024-04-27T14:45:17+00:00\",\"dateModified\":\"2025-12-23T17:51:23+00:00\",\"description\":\"\ud83d\udc30 T\u00e9tine miniature simulation \u201clapin\u201d \u2013 Accessoire b\u00e9b\u00e9 BJD \\\/ Reborn, pukifee, Nappy choo . Id\u00e9al pour vos petits b\u00e9b\u00e9s, reborn et vos mises en sc\u00e8nes.\",\"breadcrumb\":{\"@id\":\"https:\\\/\\\/www.sunnyshop211.com\\\/produit\\\/%f0%9f%90%b0-tetine-miniature-simulation-lapin-accessoire-bebe-bjd-reborn\\\/#breadcrumb\"},\"inLanguage\":\"en-US\",\"potentialAction\":[{\"@type\":\"ReadAction\",\"target\":[\"https:\\\/\\\/www.sunnyshop211.com\\\/produit\\\/%f0%9f%90%b0-tetine-miniature-simulation-lapin-accessoire-bebe-bjd-reborn\\\/\"]}]},{\"@type\":\"ImageObject\",\"inLanguage\":\"en-US\",\"@id\":\"https:\\\/\\\/www.sunnyshop211.com\\\/produit\\\/%f0%9f%90%b0-tetine-miniature-simulation-lapin-accessoire-bebe-bjd-reborn\\\/#primaryimage\",\"url\":\"https:\\\/\\\/www.sunnyshop211.com\\\/wp-content\\\/uploads\\\/2024\\\/04\\\/19-2-scaled.jpg\",\"contentUrl\":\"https:\\\/\\\/www.sunnyshop211.com\\\/wp-content\\\/uploads\\\/2024\\\/04\\\/19-2-scaled.jpg\",\"width\":2560,\"height\":1858,\"caption\":\"T\u00e9tine miniature simulation \\\"lapin\\\" b\u00e9b\u00e9 bjd, pukifee, Nappy choo, reborn\"},{\"@type\":\"BreadcrumbList\",\"@id\":\"https:\\\/\\\/www.sunnyshop211.com\\\/produit\\\/%f0%9f%90%b0-tetine-miniature-simulation-lapin-accessoire-bebe-bjd-reborn\\\/#breadcrumb\",\"itemListElement\":[{\"@type\":\"ListItem\",\"position\":1,\"name\":\"Accueil\",\"item\":\"https:\\\/\\\/www.sunnyshop211.com\\\/\"},{\"@type\":\"ListItem\",\"position\":2,\"name\":\"Boutique\",\"item\":\"https:\\\/\\\/www.sunnyshop211.com\\\/boutique-miniature-bjd-dolls\\\/\"},{\"@type\":\"ListItem\",\"position\":3,\"name\":\"\ud83d\udc30 T\u00e9tine miniature simulation \u201clapin\u201d \u2013 Accessoire b\u00e9b\u00e9 BJD \\\/ Reborn\"}]},{\"@type\":\"WebSite\",\"@id\":\"https:\\\/\\\/www.sunnyshop211.com\\\/#website\",\"url\":\"https:\\\/\\\/www.sunnyshop211.com\\\/\",\"name\":\"Vente de dioramas, meubles, miniatures , bjd poup\u00e9es 1\\\/12 1\\\/8 1\\\/6 1\\\/4 1\\\/3\",\"description\":\"Sunnyshop211 - Votre univers miniature pour poup\u00e9es et BJD, dioramas et meubles sur mesure !\",\"publisher\":{\"@id\":\"https:\\\/\\\/www.sunnyshop211.com\\\/#organization\"},\"alternateName\":\"sunnyshop211\",\"potentialAction\":[{\"@type\":\"SearchAction\",\"target\":{\"@type\":\"EntryPoint\",\"urlTemplate\":\"https:\\\/\\\/www.sunnyshop211.com\\\/?s={search_term_string}\"},\"query-input\":{\"@type\":\"PropertyValueSpecification\",\"valueRequired\":true,\"valueName\":\"search_term_string\"}}],\"inLanguage\":\"en-US\"},{\"@type\":\"Organization\",\"@id\":\"https:\\\/\\\/www.sunnyshop211.com\\\/#organization\",\"name\":\"sunnyshop211\",\"alternateName\":\"sunnyshop211 diorama bjd meuble miniature\",\"url\":\"https:\\\/\\\/www.sunnyshop211.com\\\/\",\"logo\":{\"@type\":\"ImageObject\",\"inLanguage\":\"en-US\",\"@id\":\"https:\\\/\\\/www.sunnyshop211.com\\\/#\\\/schema\\\/logo\\\/image\\\/\",\"url\":\"https:\\\/\\\/www.sunnyshop211.com\\\/wp-content\\\/uploads\\\/2022\\\/08\\\/cropped-cropped-cropped-Sunnyshop211-1.png\",\"contentUrl\":\"https:\\\/\\\/www.sunnyshop211.com\\\/wp-content\\\/uploads\\\/2022\\\/08\\\/cropped-cropped-cropped-Sunnyshop211-1.png\",\"width\":339,\"height\":339,\"caption\":\"sunnyshop211\"},\"image\":{\"@id\":\"https:\\\/\\\/www.sunnyshop211.com\\\/#\\\/schema\\\/logo\\\/image\\\/\"},\"sameAs\":[\"https:\\\/\\\/www.facebook.com\\\/sunnyshop211\\\/?ref=bookmarks\",\"https:\\\/\\\/x.com\\\/sunnyshop211\",\"https:\\\/\\\/www.instagram.com\\\/sunnyshop211\\\/\",\"https:\\\/\\\/www.tumblr.com\\\/blog\\\/sunnyshop211\",\"https:\\\/\\\/www.youtube.com\\\/channel\\\/UCtYY18OGGDKrTSzgcf7fCBg\",\"https:\\\/\\\/www.tiktok.com\\\/@sunnydollshop211?is_from_webapp=1&sender_device=pc\"]}]}<\/script>\n<!-- \/ Yoast SEO plugin. -->","yoast_head_json":{"title":"\ud83d\udc30 Miniature pacifier simulation \u201crabbit\u201d - Baby accessory BJD \/ Reborn -","description":"\ud83d\udc30 Miniature pacifier simulation \u201crabbit\u201d - Baby accessory BJD \/ Reborn, pukifee, Nappy choo . Ideal for your little babies, reborns and staging.","robots":{"index":"index","follow":"follow","max-snippet":"max-snippet:-1","max-image-preview":"max-image-preview:large","max-video-preview":"max-video-preview:-1"},"canonical":"https:\/\/www.sunnyshop211.com\/en\/product\/\ud83d\udc30-tetine-miniature-simulation-lapin-accessoire-bebe-bjd-reborn\/","og_locale":"en_US","og_type":"article","og_title":"\ud83d\udc30 T\u00e9tine miniature simulation \u201clapin\u201d \u2013 Accessoire b\u00e9b\u00e9 BJD \/ Reborn -","og_description":"T\u00e9tine miniature simulation \"lapin\" b\u00e9b\u00e9 bjd, pukifee, Nappy choo, reborn . Id\u00e9al pour vos petits b\u00e9b\u00e9s, reborn et vos mises en sc\u00e8nes.","og_url":"https:\/\/www.sunnyshop211.com\/en\/product\/\ud83d\udc30-tetine-miniature-simulation-lapin-accessoire-bebe-bjd-reborn\/","og_site_name":"Sunnyshop211 -Vente de dioramas, meubles, miniatures , bjd poup\u00e9es 1\/12 1\/8 1\/6 1\/4 1\/3","article_publisher":"https:\/\/www.facebook.com\/sunnyshop211\/?ref=bookmarks","article_modified_time":"2025-12-23T17:51:23+00:00","og_image":[{"width":2560,"height":1858,"url":"https:\/\/www.sunnyshop211.com\/wp-content\/uploads\/2024\/04\/19-2-scaled.jpg","type":"image\/jpeg"}],"twitter_card":"summary_large_image","twitter_site":"@sunnyshop211","twitter_misc":{"Est. reading time":"3 minutes"},"schema":{"@context":"https:\/\/schema.org","@graph":[{"@type":"WebPage","@id":"https:\/\/www.sunnyshop211.com\/produit\/%f0%9f%90%b0-tetine-miniature-simulation-lapin-accessoire-bebe-bjd-reborn\/","url":"https:\/\/www.sunnyshop211.com\/produit\/%f0%9f%90%b0-tetine-miniature-simulation-lapin-accessoire-bebe-bjd-reborn\/","name":"\ud83d\udc30 Miniature pacifier simulation \u201crabbit\u201d - Baby accessory BJD \/ Reborn -","isPartOf":{"@id":"https:\/\/www.sunnyshop211.com\/#website"},"primaryImageOfPage":{"@id":"https:\/\/www.sunnyshop211.com\/produit\/%f0%9f%90%b0-tetine-miniature-simulation-lapin-accessoire-bebe-bjd-reborn\/#primaryimage"},"image":{"@id":"https:\/\/www.sunnyshop211.com\/produit\/%f0%9f%90%b0-tetine-miniature-simulation-lapin-accessoire-bebe-bjd-reborn\/#primaryimage"},"thumbnailUrl":"https:\/\/www.sunnyshop211.com\/wp-content\/uploads\/2024\/04\/19-2-scaled.jpg","datePublished":"2024-04-27T14:45:17+00:00","dateModified":"2025-12-23T17:51:23+00:00","description":"\ud83d\udc30 Miniature pacifier simulation \u201crabbit\u201d - Baby accessory BJD \/ Reborn, pukifee, Nappy choo . Ideal for your little babies, reborns and staging.","breadcrumb":{"@id":"https:\/\/www.sunnyshop211.com\/produit\/%f0%9f%90%b0-tetine-miniature-simulation-lapin-accessoire-bebe-bjd-reborn\/#breadcrumb"},"inLanguage":"en-US","potentialAction":[{"@type":"ReadAction","target":["https:\/\/www.sunnyshop211.com\/produit\/%f0%9f%90%b0-tetine-miniature-simulation-lapin-accessoire-bebe-bjd-reborn\/"]}]},{"@type":"ImageObject","inLanguage":"en-US","@id":"https:\/\/www.sunnyshop211.com\/produit\/%f0%9f%90%b0-tetine-miniature-simulation-lapin-accessoire-bebe-bjd-reborn\/#primaryimage","url":"https:\/\/www.sunnyshop211.com\/wp-content\/uploads\/2024\/04\/19-2-scaled.jpg","contentUrl":"https:\/\/www.sunnyshop211.com\/wp-content\/uploads\/2024\/04\/19-2-scaled.jpg","width":2560,"height":1858,"caption":"T\u00e9tine miniature simulation \"lapin\" b\u00e9b\u00e9 bjd, pukifee, Nappy choo, reborn"},{"@type":"BreadcrumbList","@id":"https:\/\/www.sunnyshop211.com\/produit\/%f0%9f%90%b0-tetine-miniature-simulation-lapin-accessoire-bebe-bjd-reborn\/#breadcrumb","itemListElement":[{"@type":"ListItem","position":1,"name":"Accueil","item":"https:\/\/www.sunnyshop211.com\/"},{"@type":"ListItem","position":2,"name":"Boutique","item":"https:\/\/www.sunnyshop211.com\/boutique-miniature-bjd-dolls\/"},{"@type":"ListItem","position":3,"name":"\ud83d\udc30 T\u00e9tine miniature simulation \u201clapin\u201d \u2013 Accessoire b\u00e9b\u00e9 BJD \/ Reborn"}]},{"@type":"WebSite","@id":"https:\/\/www.sunnyshop211.com\/#website","url":"https:\/\/www.sunnyshop211.com\/","name":"Sale of dioramas, furniture, miniatures, bjd dolls 1\/12 1\/8 1\/6 1\/4 1\/3","description":"Sunnyshop211 - Your miniature world for dolls and BJDs, dioramas and custom-made furniture!","publisher":{"@id":"https:\/\/www.sunnyshop211.com\/#organization"},"alternateName":"sunnyshop211","potentialAction":[{"@type":"SearchAction","target":{"@type":"EntryPoint","urlTemplate":"https:\/\/www.sunnyshop211.com\/?s={search_term_string}"},"query-input":{"@type":"PropertyValueSpecification","valueRequired":true,"valueName":"search_term_string"}}],"inLanguage":"en-US"},{"@type":"Organization","@id":"https:\/\/www.sunnyshop211.com\/#organization","name":"sunnyshop211","alternateName":"sunnyshop211 diorama bjd meuble miniature","url":"https:\/\/www.sunnyshop211.com\/","logo":{"@type":"ImageObject","inLanguage":"en-US","@id":"https:\/\/www.sunnyshop211.com\/#\/schema\/logo\/image\/","url":"https:\/\/www.sunnyshop211.com\/wp-content\/uploads\/2022\/08\/cropped-cropped-cropped-Sunnyshop211-1.png","contentUrl":"https:\/\/www.sunnyshop211.com\/wp-content\/uploads\/2022\/08\/cropped-cropped-cropped-Sunnyshop211-1.png","width":339,"height":339,"caption":"sunnyshop211"},"image":{"@id":"https:\/\/www.sunnyshop211.com\/#\/schema\/logo\/image\/"},"sameAs":["https:\/\/www.facebook.com\/sunnyshop211\/?ref=bookmarks","https:\/\/x.com\/sunnyshop211","https:\/\/www.instagram.com\/sunnyshop211\/","https:\/\/www.tumblr.com\/blog\/sunnyshop211","https:\/\/www.youtube.com\/channel\/UCtYY18OGGDKrTSzgcf7fCBg","https:\/\/www.tiktok.com\/@sunnydollshop211?is_from_webapp=1&sender_device=pc"]}]}},"jetpack_publicize_connections":[],"jetpack_sharing_enabled":true,"_links":{"self":[{"href":"https:\/\/www.sunnyshop211.com\/en\/wp-json\/wp\/v2\/product\/40316","targetHints":{"allow":["GET"]}}],"collection":[{"href":"https:\/\/www.sunnyshop211.com\/en\/wp-json\/wp\/v2\/product"}],"about":[{"href":"https:\/\/www.sunnyshop211.com\/en\/wp-json\/wp\/v2\/types\/product"}],"replies":[{"embeddable":true,"href":"https:\/\/www.sunnyshop211.com\/en\/wp-json\/wp\/v2\/comments?post=40316"}],"version-history":[{"count":7,"href":"https:\/\/www.sunnyshop211.com\/en\/wp-json\/wp\/v2\/product\/40316\/revisions"}],"predecessor-version":[{"id":52508,"href":"https:\/\/www.sunnyshop211.com\/en\/wp-json\/wp\/v2\/product\/40316\/revisions\/52508"}],"wp:featuredmedia":[{"embeddable":true,"href":"https:\/\/www.sunnyshop211.com\/en\/wp-json\/wp\/v2\/media\/40283"}],"wp:attachment":[{"href":"https:\/\/www.sunnyshop211.com\/en\/wp-json\/wp\/v2\/media?parent=40316"}],"wp:term":[{"taxonomy":"product_brand","embeddable":true,"href":"https:\/\/www.sunnyshop211.com\/en\/wp-json\/wp\/v2\/product_brand?post=40316"},{"taxonomy":"product_cat","embeddable":true,"href":"https:\/\/www.sunnyshop211.com\/en\/wp-json\/wp\/v2\/product_cat?post=40316"},{"taxonomy":"product_tag","embeddable":true,"href":"https:\/\/www.sunnyshop211.com\/en\/wp-json\/wp\/v2\/product_tag?post=40316"}],"curies":[{"name":"wp","href":"https:\/\/api.w.org\/{rel}","templated":true}]}}