{"id":39819,"date":"2024-04-04T17:57:43","date_gmt":"2024-04-04T16:57:43","guid":{"rendered":"https:\/\/www.sunnyshop211.com\/?post_type=product&#038;p=39819"},"modified":"2025-12-31T12:11:05","modified_gmt":"2025-12-31T11:11:05","slug":"decoration-cuisine-1-6-1-4-barbie-poppy-parker-minifee-msd-6","status":"publish","type":"product","link":"https:\/\/www.sunnyshop211.com\/en\/product\/decoration-cuisine-1-6-1-4-barbie-poppy-parker-minifee-msd-6\/","title":{"rendered":"Kitchen decoration 1\/6 1\/4 Barbie, Poppy Parker minifee, msd"},"content":{"rendered":"<div id='gallery-1' class='gallery galleryid-39819 gallery-columns-3 gallery-size-thumbnail'><figure class='gallery-item'>\n\t\t\t<div class='gallery-icon portrait'>\n\t\t\t\t<a href='https:\/\/www.sunnyshop211.com\/en\/?attachment_id=39691'><img decoding=\"async\" width=\"150\" height=\"150\" src=\"https:\/\/www.sunnyshop211.com\/wp-content\/uploads\/2024\/03\/52-150x150.jpg\" class=\"attachment-thumbnail size-thumbnail\" alt=\"D\u00e9coration cuisine 1\/6 1\/4 Barbie, Poppy Parker minifee, msd\" srcset=\"https:\/\/www.sunnyshop211.com\/wp-content\/uploads\/2024\/03\/52-150x150.jpg 150w, https:\/\/www.sunnyshop211.com\/wp-content\/uploads\/2024\/03\/52-scaled-500x500.jpg 500w, https:\/\/www.sunnyshop211.com\/wp-content\/uploads\/2024\/03\/52-scaled-100x100.jpg 100w\" sizes=\"(max-width: 150px) 100vw, 150px\" \/><\/a>\n\t\t\t<\/div><\/figure>\n\t\t<\/div>\n\n<p>&nbsp;<\/p>\n<h2 data-start=\"161\" data-end=\"348\"><strong data-start=\"163\" data-end=\"230\">Tea Time\u201c miniature kitchen decoration - 1\/6 - 1\/4 scale<\/strong><br data-start=\"230\" data-end=\"233\" \/>Barbie - Pullip - Blythe - Phicen - Poppy Parker - Integrity Toys - Minifee - MSD - Unoa - Bimong - Diorama Cuisine<\/h2>\n<p data-start=\"350\" data-end=\"530\">Bring a soft, elegant and warm touch to your miniature kitchens with this \u201cTea Time\u201d decoration, ideal for creating cosy and refined scenes in your dioramas \ud83c\udf70\ud83e\uddf8<\/p>\n<hr data-start=\"532\" data-end=\"535\" \/>\n<p data-start=\"537\" data-end=\"554\">\u2728 <strong data-start=\"539\" data-end=\"554\">Description<\/strong><\/p>\n<p data-start=\"556\" data-end=\"650\">This miniature kitchen decoration is perfect for accessorizing your tea time scenes:<\/p>\n<p data-start=\"652\" data-end=\"900\">\u2022 <strong data-start=\"654\" data-end=\"712\">Teapot and teacup decoration<\/strong><br data-start=\"712\" data-end=\"715\" \/>- Decorative inscription <strong data-start=\"740\" data-end=\"756\">\u00abtea time\u00bb<\/strong><br data-start=\"756\" data-end=\"759\" \/>- Painted in <strong data-start=\"771\" data-end=\"788\">pink and white<\/strong><br data-start=\"788\" data-end=\"791\" \/>- Decorative element for <strong data-start=\"813\" data-end=\"841\">for mounting or gluing to the wall<\/strong><br data-start=\"841\" data-end=\"844\" \/>- Delicate, romantic styling for miniature kitchens<\/p>\n<p data-start=\"902\" data-end=\"1025\">\ud83e\udde9 <strong data-start=\"905\" data-end=\"928\">Element to assemble<\/strong><br data-start=\"928\" data-end=\"931\" \/>The decoration is composed of <strong data-start=\"961\" data-end=\"974\">3 parts<\/strong> :<br \/>\n- The teapot<br data-start=\"989\" data-end=\"992\" \/>- The cup<br data-start=\"1002\" data-end=\"1005\" \/>- The tea bag<\/p>\n<p data-start=\"1027\" data-end=\"1090\">\ud83d\udc49 Assemble as you wish to personalize your d\u00e9cor.<\/p>\n<hr data-start=\"1092\" data-end=\"1095\" \/>\n<p data-start=\"1097\" data-end=\"1140\">\ud83d\udccf <strong data-start=\"1100\" data-end=\"1140\">Scales, dimensions &amp; compatibility<\/strong><\/p>\n<p data-start=\"1142\" data-end=\"1262\">\u2714 <strong data-start=\"1144\" data-end=\"1159\">Scale 1\/6<\/strong><br data-start=\"1159\" data-end=\"1162\" \/>Suitable for dolls:<br \/>\n- Barbie<br data-start=\"1191\" data-end=\"1194\" \/>- Pullip<br data-start=\"1202\" data-end=\"1205\" \/>- Blythe<br data-start=\"1213\" data-end=\"1216\" \/>- Phicen<br data-start=\"1224\" data-end=\"1227\" \/>- Poppy Parker<br data-start=\"1241\" data-end=\"1244\" \/>- Integrity Toys<\/p>\n<p data-start=\"1264\" data-end=\"1344\">\u2714 <strong data-start=\"1266\" data-end=\"1281\">1\/4 scale<\/strong><br data-start=\"1281\" data-end=\"1284\" \/>Suitable for dolls:<br \/>\n- Minifee<br data-start=\"1314\" data-end=\"1317\" \/>- MSD<br data-start=\"1322\" data-end=\"1325\" \/>- Unoa<br data-start=\"1331\" data-end=\"1334\" \/>- Bimong<\/p>\n<p data-start=\"1346\" data-end=\"1409\">\ud83d\udcd0 <strong data-start=\"1349\" data-end=\"1378\">Approximate dimensions<\/strong> :<br \/>\n- Teapot : <strong data-start=\"1393\" data-end=\"1409\">8 cm long<\/strong><\/p>\n<hr data-start=\"1411\" data-end=\"1414\" \/>\n<p data-start=\"1416\" data-end=\"1430\">\ud83d\udce6 <strong data-start=\"1419\" data-end=\"1430\">Contents<\/strong><\/p>\n<p data-start=\"1432\" data-end=\"1564\">\u2022 <strong data-start=\"1434\" data-end=\"1457\">1 miniature teapot<\/strong><br data-start=\"1457\" data-end=\"1460\" \/>\u2022 <strong data-start=\"1462\" data-end=\"1489\">1 miniature teacup<\/strong><br data-start=\"1489\" data-end=\"1492\" \/>\u2022 <strong data-start=\"1494\" data-end=\"1523\">1 decorative tea bag<\/strong><br data-start=\"1523\" data-end=\"1526\" \/>\ud83d\udc49 Set sold complete, to assemble<\/p>\n<hr data-start=\"1566\" data-end=\"1569\" \/>\n<h3 data-start=\"1571\" data-end=\"1601\">\ud83d\udd90\ufe0f <strong data-start=\"1575\" data-end=\"1601\">Handcrafted products<\/strong><\/h3>\n<p data-start=\"1603\" data-end=\"1801\">- Handmade items<br data-start=\"1622\" data-end=\"1625\" \/>- Each piece is unique<br data-start=\"1650\" data-end=\"1653\" \/>- Slight variations in shape, color or finish may occur.<br data-start=\"1728\" data-end=\"1731\" \/>- A few minor imperfections may occur, due to the craftsmanship involved.<\/p>\n<hr data-start=\"1803\" data-end=\"1806\" \/>\n<p data-start=\"1808\" data-end=\"1826\">\ud83c\udfe1 <strong data-start=\"1811\" data-end=\"1826\">Use<\/strong><\/p>\n<p data-start=\"1828\" data-end=\"2088\">- Decorative accessory for :<br \/>\n- miniature kitchens<br data-start=\"1879\" data-end=\"1882\" \/>- tea time scenes<br data-start=\"1902\" data-end=\"1905\" \/>- cosy and romantic dioramas<br data-start=\"1935\" data-end=\"1938\" \/>- For installation or mounting on a decorative wall<br data-start=\"1978\" data-end=\"1981\" \/>- Compatible with my furniture and accessories sold separately<br data-start=\"2043\" data-end=\"2046\" \/>- Suitable for staging <strong data-start=\"2074\" data-end=\"2088\">1\/6 and 1\/4<\/strong><\/p>\n<p data-start=\"2090\" data-end=\"2221\">\ud83d\udc49 The <strong data-start=\"2096\" data-end=\"2117\">miniature kitchen<\/strong> is sold separately in the store.<br data-start=\"2157\" data-end=\"2160\" \/>\ud83d\udc49 Other matching decorations are also available.<\/p>\n<hr data-start=\"2223\" data-end=\"2226\" \/>\n<p data-start=\"2228\" data-end=\"2259\">\ud83d\udcf8 <strong data-start=\"2231\" data-end=\"2259\">Important information<\/strong><\/p>\n<p data-start=\"2261\" data-end=\"2408\">- The photos are examples of staging<br data-start=\"2308\" data-end=\"2311\" \/>- Only the \u201cTea Time\u201d decoration is sold<br data-start=\"2354\" data-end=\"2357\" \/>- Dolls, furniture and other accessories not included<\/p>\n<p data-start=\"2410\" data-end=\"2492\">\ud83d\udcf8 More photos and inspiration :<br data-start=\"2447\" data-end=\"2450\" \/>\ud83d\udc49 <a class=\"decorated-link\" href=\"https:\/\/www.instagram.com\/sunnyshop211\/\" target=\"_new\" rel=\"noopener\" data-start=\"2453\" data-end=\"2492\">https:\/\/www.instagram.com\/sunnyshop211\/<\/a><\/p>\n<hr data-start=\"2494\" data-end=\"2497\" \/>\n<p data-start=\"2499\" data-end=\"2522\">\u26a0\ufe0f <strong data-start=\"2502\" data-end=\"2522\">Terms of use<\/strong><\/p>\n<p data-start=\"2524\" data-end=\"2794\">- This is not a toy<br data-start=\"2549\" data-end=\"2552\" \/>- Article intended for an adult and collecting public<br data-start=\"2606\" data-end=\"2609\" \/>- Made to order - please allow for normal manufacturing and delivery times.<br data-start=\"2707\" data-end=\"2710\" \/>- sunnyshop211 cannot be held responsible for any damage incurred in transit.<\/p>\n<hr data-start=\"2796\" data-end=\"2799\" \/>\n<p data-start=\"2801\" data-end=\"2924\">\u2615 <strong data-start=\"2803\" data-end=\"2922\">A delicate, poetic decoration to create a charming tea-time atmosphere in your miniature kitchens.<\/strong><\/p>","protected":false},"excerpt":{"rendered":"<p>&nbsp; D\u00e9coration de cuisine \u201cTea Time\u201d miniature \u2013 \u00c9chelles 1\/6 \u00b7 1\/4Barbie \u00b7 Pullip \u00b7 Blythe \u00b7 Phicen \u00b7 Poppy Parker \u00b7 Integrity Toys \u00b7 Minifee \u00b7 MSD \u00b7 Unoa \u00b7 Bimong \u00b7 Diorama Cuisine Apportez une touche douce, \u00e9l\u00e9gante et chaleureuse \u00e0 vos cuisines miniatures avec cette d\u00e9coration \u201cTea Time\u201d, id\u00e9ale pour cr\u00e9er des [&hellip;]<\/p>\n","protected":false},"featured_media":39691,"comment_status":"open","ping_status":"closed","template":"","meta":{"_crdt_document":"","jetpack_post_was_ever_published":false,"jetpack_publicize_message":"","jetpack_publicize_feature_enabled":true,"jetpack_social_post_already_shared":true,"jetpack_social_options":{"image_generator_settings":{"template":"highway","default_image_id":0,"font":"","enabled":false},"version":2}},"product_brand":[],"product_cat":[667687022],"product_tag":[667681278,667681136,667681284,667685470,667685472,667685476,667681142,667681447,667681234,667681226,667681233,667685478,667685474,667681348,667681225,667681426,667681359,667681236,667681232,667681280,667684712,667681177,667681277,667681235,667685468,667681469,667681470],"class_list":{"0":"post-39819","1":"product","2":"type-product","3":"status-publish","4":"has-post-thumbnail","6":"product_cat-decoration-de-cuisine","7":"product_tag-barbie","8":"product_tag-bjd","9":"product_tag-blythe","10":"product_tag-boisson","11":"product_tag-bouteille","12":"product_tag-cappuccino","13":"product_tag-chambre","14":"product_tag-coca","15":"product_tag-diorama","16":"product_tag-doll","17":"product_tag-dollhouse","18":"product_tag-eau","19":"product_tag-fanta","20":"product_tag-fashion-royalty","21":"product_tag-furniture","22":"product_tag-littlefee","23":"product_tag-living-room","24":"product_tag-maison-de-poupee","25":"product_tag-miniature","26":"product_tag-phicen","27":"product_tag-poppy-parker","28":"product_tag-poupee","29":"product_tag-pullip","30":"product_tag-roombox","31":"product_tag-soda","32":"product_tag-tea-set","33":"product_tag-theiere","34":"product_shipping_class-lettre-suivie-3","35":"pa_couleur-blanc","36":"pa_couleur-noir","37":"pa_couleur-non-peint","38":"pa_couleur-rose-pink","39":"pa_couleur-rouge","41":"first","42":"instock","43":"taxable","44":"shipping-taxable","45":"purchasable","46":"product-type-simple"},"yoast_head":"<!-- This site is optimized with the Yoast SEO plugin v27.4 - https:\/\/yoast.com\/product\/yoast-seo-wordpress\/ -->\n<title>D\u00e9coration cuisine 1\/6 1\/4 Barbie, Poppy Parker minifee, msd -<\/title>\n<meta name=\"description\" content=\"D\u00e9coration cuisine 1\/6 1\/4 Barbie, Poppy Parker minifee, msd , blythe, integrity toys, minifee, msd ou autre de m\u00eame taille.\" \/>\n<meta name=\"robots\" content=\"index, follow, max-snippet:-1, max-image-preview:large, max-video-preview:-1\" \/>\n<link rel=\"canonical\" href=\"https:\/\/www.sunnyshop211.com\/en\/product\/decoration-cuisine-1-6-1-4-barbie-poppy-parker-minifee-msd-6\/\" \/>\n<meta property=\"og:locale\" content=\"en_US\" \/>\n<meta property=\"og:type\" content=\"article\" \/>\n<meta property=\"og:title\" content=\"D\u00e9coration cuisine 1\/6 1\/4 Barbie, Poppy Parker minifee, msd -\" \/>\n<meta property=\"og:description\" content=\"D\u00e9coration cuisine 1\/6 1\/4 Barbie, pullip, phicen, blythe, Poppy Parker, integrity toys, minifee, msd ou autre de m\u00eame taille.\" \/>\n<meta property=\"og:url\" content=\"https:\/\/www.sunnyshop211.com\/en\/product\/decoration-cuisine-1-6-1-4-barbie-poppy-parker-minifee-msd-6\/\" \/>\n<meta property=\"og:site_name\" content=\"Sunnyshop211 -Vente de dioramas, meubles, miniatures , bjd poup\u00e9es 1\/12 1\/8 1\/6 1\/4 1\/3\" \/>\n<meta property=\"article:publisher\" content=\"https:\/\/www.facebook.com\/sunnyshop211\/?ref=bookmarks\" \/>\n<meta property=\"article:modified_time\" content=\"2025-12-31T11:11:05+00:00\" \/>\n<meta property=\"og:image\" content=\"https:\/\/www.sunnyshop211.com\/wp-content\/uploads\/2024\/03\/52-scaled.jpg\" \/>\n\t<meta property=\"og:image:width\" content=\"1829\" \/>\n\t<meta property=\"og:image:height\" content=\"2560\" \/>\n\t<meta property=\"og:image:type\" content=\"image\/jpeg\" \/>\n<meta name=\"twitter:card\" content=\"summary_large_image\" \/>\n<meta name=\"twitter:site\" content=\"@sunnyshop211\" \/>\n<meta name=\"twitter:label1\" content=\"Est. reading time\" \/>\n\t<meta name=\"twitter:data1\" content=\"3 minutes\" \/>\n<script type=\"application\/ld+json\" class=\"yoast-schema-graph\">{\"@context\":\"https:\\\/\\\/schema.org\",\"@graph\":[{\"@type\":\"WebPage\",\"@id\":\"https:\\\/\\\/www.sunnyshop211.com\\\/produit\\\/decoration-cuisine-1-6-1-4-barbie-poppy-parker-minifee-msd-6\\\/\",\"url\":\"https:\\\/\\\/www.sunnyshop211.com\\\/produit\\\/decoration-cuisine-1-6-1-4-barbie-poppy-parker-minifee-msd-6\\\/\",\"name\":\"D\u00e9coration cuisine 1\\\/6 1\\\/4 Barbie, Poppy Parker minifee, msd -\",\"isPartOf\":{\"@id\":\"https:\\\/\\\/www.sunnyshop211.com\\\/#website\"},\"primaryImageOfPage\":{\"@id\":\"https:\\\/\\\/www.sunnyshop211.com\\\/produit\\\/decoration-cuisine-1-6-1-4-barbie-poppy-parker-minifee-msd-6\\\/#primaryimage\"},\"image\":{\"@id\":\"https:\\\/\\\/www.sunnyshop211.com\\\/produit\\\/decoration-cuisine-1-6-1-4-barbie-poppy-parker-minifee-msd-6\\\/#primaryimage\"},\"thumbnailUrl\":\"https:\\\/\\\/www.sunnyshop211.com\\\/wp-content\\\/uploads\\\/2024\\\/03\\\/52-scaled.jpg\",\"datePublished\":\"2024-04-04T16:57:43+00:00\",\"dateModified\":\"2025-12-31T11:11:05+00:00\",\"description\":\"D\u00e9coration cuisine 1\\\/6 1\\\/4 Barbie, Poppy Parker minifee, msd , blythe, integrity toys, minifee, msd ou autre de m\u00eame taille.\",\"breadcrumb\":{\"@id\":\"https:\\\/\\\/www.sunnyshop211.com\\\/produit\\\/decoration-cuisine-1-6-1-4-barbie-poppy-parker-minifee-msd-6\\\/#breadcrumb\"},\"inLanguage\":\"en-US\",\"potentialAction\":[{\"@type\":\"ReadAction\",\"target\":[\"https:\\\/\\\/www.sunnyshop211.com\\\/produit\\\/decoration-cuisine-1-6-1-4-barbie-poppy-parker-minifee-msd-6\\\/\"]}]},{\"@type\":\"ImageObject\",\"inLanguage\":\"en-US\",\"@id\":\"https:\\\/\\\/www.sunnyshop211.com\\\/produit\\\/decoration-cuisine-1-6-1-4-barbie-poppy-parker-minifee-msd-6\\\/#primaryimage\",\"url\":\"https:\\\/\\\/www.sunnyshop211.com\\\/wp-content\\\/uploads\\\/2024\\\/03\\\/52-scaled.jpg\",\"contentUrl\":\"https:\\\/\\\/www.sunnyshop211.com\\\/wp-content\\\/uploads\\\/2024\\\/03\\\/52-scaled.jpg\",\"width\":1829,\"height\":2560,\"caption\":\"D\u00e9coration cuisine 1\\\/6 1\\\/4 Barbie, Poppy Parker minifee, msd\"},{\"@type\":\"BreadcrumbList\",\"@id\":\"https:\\\/\\\/www.sunnyshop211.com\\\/produit\\\/decoration-cuisine-1-6-1-4-barbie-poppy-parker-minifee-msd-6\\\/#breadcrumb\",\"itemListElement\":[{\"@type\":\"ListItem\",\"position\":1,\"name\":\"Accueil\",\"item\":\"https:\\\/\\\/www.sunnyshop211.com\\\/\"},{\"@type\":\"ListItem\",\"position\":2,\"name\":\"Boutique\",\"item\":\"https:\\\/\\\/www.sunnyshop211.com\\\/boutique-miniature-bjd-dolls\\\/\"},{\"@type\":\"ListItem\",\"position\":3,\"name\":\"D\u00e9coration cuisine 1\\\/6 1\\\/4 Barbie, Poppy Parker minifee, msd\"}]},{\"@type\":\"WebSite\",\"@id\":\"https:\\\/\\\/www.sunnyshop211.com\\\/#website\",\"url\":\"https:\\\/\\\/www.sunnyshop211.com\\\/\",\"name\":\"Vente de dioramas, meubles, miniatures , bjd poup\u00e9es 1\\\/12 1\\\/8 1\\\/6 1\\\/4 1\\\/3\",\"description\":\"Sunnyshop211 - Votre univers miniature pour poup\u00e9es et BJD, dioramas et meubles sur mesure !\",\"publisher\":{\"@id\":\"https:\\\/\\\/www.sunnyshop211.com\\\/#organization\"},\"alternateName\":\"sunnyshop211\",\"potentialAction\":[{\"@type\":\"SearchAction\",\"target\":{\"@type\":\"EntryPoint\",\"urlTemplate\":\"https:\\\/\\\/www.sunnyshop211.com\\\/?s={search_term_string}\"},\"query-input\":{\"@type\":\"PropertyValueSpecification\",\"valueRequired\":true,\"valueName\":\"search_term_string\"}}],\"inLanguage\":\"en-US\"},{\"@type\":\"Organization\",\"@id\":\"https:\\\/\\\/www.sunnyshop211.com\\\/#organization\",\"name\":\"sunnyshop211\",\"alternateName\":\"sunnyshop211 diorama bjd meuble miniature\",\"url\":\"https:\\\/\\\/www.sunnyshop211.com\\\/\",\"logo\":{\"@type\":\"ImageObject\",\"inLanguage\":\"en-US\",\"@id\":\"https:\\\/\\\/www.sunnyshop211.com\\\/#\\\/schema\\\/logo\\\/image\\\/\",\"url\":\"https:\\\/\\\/www.sunnyshop211.com\\\/wp-content\\\/uploads\\\/2022\\\/08\\\/cropped-cropped-cropped-Sunnyshop211-1.png\",\"contentUrl\":\"https:\\\/\\\/www.sunnyshop211.com\\\/wp-content\\\/uploads\\\/2022\\\/08\\\/cropped-cropped-cropped-Sunnyshop211-1.png\",\"width\":339,\"height\":339,\"caption\":\"sunnyshop211\"},\"image\":{\"@id\":\"https:\\\/\\\/www.sunnyshop211.com\\\/#\\\/schema\\\/logo\\\/image\\\/\"},\"sameAs\":[\"https:\\\/\\\/www.facebook.com\\\/sunnyshop211\\\/?ref=bookmarks\",\"https:\\\/\\\/x.com\\\/sunnyshop211\",\"https:\\\/\\\/www.instagram.com\\\/sunnyshop211\\\/\",\"https:\\\/\\\/www.tumblr.com\\\/blog\\\/sunnyshop211\",\"https:\\\/\\\/www.youtube.com\\\/channel\\\/UCtYY18OGGDKrTSzgcf7fCBg\",\"https:\\\/\\\/www.tiktok.com\\\/@sunnydollshop211?is_from_webapp=1&sender_device=pc\"]}]}<\/script>\n<!-- \/ Yoast SEO plugin. -->","yoast_head_json":{"title":"Kitchen decoration 1\/6 1\/4 Barbie, Poppy Parker minifee, msd -","description":"Kitchen decorations 1\/6 1\/4 Barbie, Poppy Parker minifee, msd , blythe, integrity toys, minifee, msd or other size.","robots":{"index":"index","follow":"follow","max-snippet":"max-snippet:-1","max-image-preview":"max-image-preview:large","max-video-preview":"max-video-preview:-1"},"canonical":"https:\/\/www.sunnyshop211.com\/en\/product\/decoration-cuisine-1-6-1-4-barbie-poppy-parker-minifee-msd-6\/","og_locale":"en_US","og_type":"article","og_title":"D\u00e9coration cuisine 1\/6 1\/4 Barbie, Poppy Parker minifee, msd -","og_description":"D\u00e9coration cuisine 1\/6 1\/4 Barbie, pullip, phicen, blythe, Poppy Parker, integrity toys, minifee, msd ou autre de m\u00eame taille.","og_url":"https:\/\/www.sunnyshop211.com\/en\/product\/decoration-cuisine-1-6-1-4-barbie-poppy-parker-minifee-msd-6\/","og_site_name":"Sunnyshop211 -Vente de dioramas, meubles, miniatures , bjd poup\u00e9es 1\/12 1\/8 1\/6 1\/4 1\/3","article_publisher":"https:\/\/www.facebook.com\/sunnyshop211\/?ref=bookmarks","article_modified_time":"2025-12-31T11:11:05+00:00","og_image":[{"width":1829,"height":2560,"url":"https:\/\/www.sunnyshop211.com\/wp-content\/uploads\/2024\/03\/52-scaled.jpg","type":"image\/jpeg"}],"twitter_card":"summary_large_image","twitter_site":"@sunnyshop211","twitter_misc":{"Est. reading time":"3 minutes"},"schema":{"@context":"https:\/\/schema.org","@graph":[{"@type":"WebPage","@id":"https:\/\/www.sunnyshop211.com\/produit\/decoration-cuisine-1-6-1-4-barbie-poppy-parker-minifee-msd-6\/","url":"https:\/\/www.sunnyshop211.com\/produit\/decoration-cuisine-1-6-1-4-barbie-poppy-parker-minifee-msd-6\/","name":"Kitchen decoration 1\/6 1\/4 Barbie, Poppy Parker minifee, msd -","isPartOf":{"@id":"https:\/\/www.sunnyshop211.com\/#website"},"primaryImageOfPage":{"@id":"https:\/\/www.sunnyshop211.com\/produit\/decoration-cuisine-1-6-1-4-barbie-poppy-parker-minifee-msd-6\/#primaryimage"},"image":{"@id":"https:\/\/www.sunnyshop211.com\/produit\/decoration-cuisine-1-6-1-4-barbie-poppy-parker-minifee-msd-6\/#primaryimage"},"thumbnailUrl":"https:\/\/www.sunnyshop211.com\/wp-content\/uploads\/2024\/03\/52-scaled.jpg","datePublished":"2024-04-04T16:57:43+00:00","dateModified":"2025-12-31T11:11:05+00:00","description":"Kitchen decorations 1\/6 1\/4 Barbie, Poppy Parker minifee, msd , blythe, integrity toys, minifee, msd or other size.","breadcrumb":{"@id":"https:\/\/www.sunnyshop211.com\/produit\/decoration-cuisine-1-6-1-4-barbie-poppy-parker-minifee-msd-6\/#breadcrumb"},"inLanguage":"en-US","potentialAction":[{"@type":"ReadAction","target":["https:\/\/www.sunnyshop211.com\/produit\/decoration-cuisine-1-6-1-4-barbie-poppy-parker-minifee-msd-6\/"]}]},{"@type":"ImageObject","inLanguage":"en-US","@id":"https:\/\/www.sunnyshop211.com\/produit\/decoration-cuisine-1-6-1-4-barbie-poppy-parker-minifee-msd-6\/#primaryimage","url":"https:\/\/www.sunnyshop211.com\/wp-content\/uploads\/2024\/03\/52-scaled.jpg","contentUrl":"https:\/\/www.sunnyshop211.com\/wp-content\/uploads\/2024\/03\/52-scaled.jpg","width":1829,"height":2560,"caption":"D\u00e9coration cuisine 1\/6 1\/4 Barbie, Poppy Parker minifee, msd"},{"@type":"BreadcrumbList","@id":"https:\/\/www.sunnyshop211.com\/produit\/decoration-cuisine-1-6-1-4-barbie-poppy-parker-minifee-msd-6\/#breadcrumb","itemListElement":[{"@type":"ListItem","position":1,"name":"Accueil","item":"https:\/\/www.sunnyshop211.com\/"},{"@type":"ListItem","position":2,"name":"Boutique","item":"https:\/\/www.sunnyshop211.com\/boutique-miniature-bjd-dolls\/"},{"@type":"ListItem","position":3,"name":"D\u00e9coration cuisine 1\/6 1\/4 Barbie, Poppy Parker minifee, msd"}]},{"@type":"WebSite","@id":"https:\/\/www.sunnyshop211.com\/#website","url":"https:\/\/www.sunnyshop211.com\/","name":"Sale of dioramas, furniture, miniatures, bjd dolls 1\/12 1\/8 1\/6 1\/4 1\/3","description":"Sunnyshop211 - Your miniature world for dolls and BJDs, dioramas and custom-made furniture!","publisher":{"@id":"https:\/\/www.sunnyshop211.com\/#organization"},"alternateName":"sunnyshop211","potentialAction":[{"@type":"SearchAction","target":{"@type":"EntryPoint","urlTemplate":"https:\/\/www.sunnyshop211.com\/?s={search_term_string}"},"query-input":{"@type":"PropertyValueSpecification","valueRequired":true,"valueName":"search_term_string"}}],"inLanguage":"en-US"},{"@type":"Organization","@id":"https:\/\/www.sunnyshop211.com\/#organization","name":"sunnyshop211","alternateName":"sunnyshop211 diorama bjd meuble miniature","url":"https:\/\/www.sunnyshop211.com\/","logo":{"@type":"ImageObject","inLanguage":"en-US","@id":"https:\/\/www.sunnyshop211.com\/#\/schema\/logo\/image\/","url":"https:\/\/www.sunnyshop211.com\/wp-content\/uploads\/2022\/08\/cropped-cropped-cropped-Sunnyshop211-1.png","contentUrl":"https:\/\/www.sunnyshop211.com\/wp-content\/uploads\/2022\/08\/cropped-cropped-cropped-Sunnyshop211-1.png","width":339,"height":339,"caption":"sunnyshop211"},"image":{"@id":"https:\/\/www.sunnyshop211.com\/#\/schema\/logo\/image\/"},"sameAs":["https:\/\/www.facebook.com\/sunnyshop211\/?ref=bookmarks","https:\/\/x.com\/sunnyshop211","https:\/\/www.instagram.com\/sunnyshop211\/","https:\/\/www.tumblr.com\/blog\/sunnyshop211","https:\/\/www.youtube.com\/channel\/UCtYY18OGGDKrTSzgcf7fCBg","https:\/\/www.tiktok.com\/@sunnydollshop211?is_from_webapp=1&sender_device=pc"]}]}},"jetpack_publicize_connections":[],"jetpack_sharing_enabled":true,"_links":{"self":[{"href":"https:\/\/www.sunnyshop211.com\/en\/wp-json\/wp\/v2\/product\/39819","targetHints":{"allow":["GET"]}}],"collection":[{"href":"https:\/\/www.sunnyshop211.com\/en\/wp-json\/wp\/v2\/product"}],"about":[{"href":"https:\/\/www.sunnyshop211.com\/en\/wp-json\/wp\/v2\/types\/product"}],"replies":[{"embeddable":true,"href":"https:\/\/www.sunnyshop211.com\/en\/wp-json\/wp\/v2\/comments?post=39819"}],"version-history":[{"count":3,"href":"https:\/\/www.sunnyshop211.com\/en\/wp-json\/wp\/v2\/product\/39819\/revisions"}],"predecessor-version":[{"id":53640,"href":"https:\/\/www.sunnyshop211.com\/en\/wp-json\/wp\/v2\/product\/39819\/revisions\/53640"}],"wp:featuredmedia":[{"embeddable":true,"href":"https:\/\/www.sunnyshop211.com\/en\/wp-json\/wp\/v2\/media\/39691"}],"wp:attachment":[{"href":"https:\/\/www.sunnyshop211.com\/en\/wp-json\/wp\/v2\/media?parent=39819"}],"wp:term":[{"taxonomy":"product_brand","embeddable":true,"href":"https:\/\/www.sunnyshop211.com\/en\/wp-json\/wp\/v2\/product_brand?post=39819"},{"taxonomy":"product_cat","embeddable":true,"href":"https:\/\/www.sunnyshop211.com\/en\/wp-json\/wp\/v2\/product_cat?post=39819"},{"taxonomy":"product_tag","embeddable":true,"href":"https:\/\/www.sunnyshop211.com\/en\/wp-json\/wp\/v2\/product_tag?post=39819"}],"curies":[{"name":"wp","href":"https:\/\/api.w.org\/{rel}","templated":true}]}}