{"id":39072,"date":"2024-02-18T16:28:26","date_gmt":"2024-02-18T15:28:26","guid":{"rendered":"https:\/\/www.sunnyshop211.com\/?post_type=product&#038;p=39072"},"modified":"2025-12-29T17:48:22","modified_gmt":"2025-12-29T16:48:22","slug":"citation-miniature-1-6-1-4-1-3-barbie-minifee-sd","status":"publish","type":"product","link":"https:\/\/www.sunnyshop211.com\/en\/product\/citation-miniature-1-6-1-4-1-3-barbie-minifee-sd\/","title":{"rendered":"Miniature quote 1\/6 1\/4 1\/3 Barbie, minifee ,SD"},"content":{"rendered":"<div id='gallery-1' class='gallery galleryid-39072 gallery-columns-3 gallery-size-thumbnail'><figure class='gallery-item'>\n\t\t\t<div class='gallery-icon portrait'>\n\t\t\t\t<a href='https:\/\/www.sunnyshop211.com\/en\/?attachment_id=39186'><img decoding=\"async\" width=\"150\" height=\"150\" src=\"https:\/\/www.sunnyshop211.com\/wp-content\/uploads\/2024\/02\/7-5-150x150.jpg\" class=\"attachment-thumbnail size-thumbnail\" alt=\"Citation miniature\" srcset=\"https:\/\/www.sunnyshop211.com\/wp-content\/uploads\/2024\/02\/7-5-150x150.jpg 150w, https:\/\/www.sunnyshop211.com\/wp-content\/uploads\/2024\/02\/7-5-scaled-500x500.jpg 500w, https:\/\/www.sunnyshop211.com\/wp-content\/uploads\/2024\/02\/7-5-scaled-100x100.jpg 100w\" sizes=\"(max-width: 150px) 100vw, 150px\" \/><\/a>\n\t\t\t<\/div><\/figure><figure class='gallery-item'>\n\t\t\t<div class='gallery-icon landscape'>\n\t\t\t\t<a href='https:\/\/www.sunnyshop211.com\/en\/?attachment_id=39185'><img decoding=\"async\" width=\"150\" height=\"150\" src=\"https:\/\/www.sunnyshop211.com\/wp-content\/uploads\/2024\/02\/6-5-150x150.jpg\" class=\"attachment-thumbnail size-thumbnail\" alt=\"Citation miniature\" srcset=\"https:\/\/www.sunnyshop211.com\/wp-content\/uploads\/2024\/02\/6-5-150x150.jpg 150w, https:\/\/www.sunnyshop211.com\/wp-content\/uploads\/2024\/02\/6-5-scaled-500x500.jpg 500w, https:\/\/www.sunnyshop211.com\/wp-content\/uploads\/2024\/02\/6-5-scaled-100x100.jpg 100w\" sizes=\"(max-width: 150px) 100vw, 150px\" \/><\/a>\n\t\t\t<\/div><\/figure><figure class='gallery-item'>\n\t\t\t<div class='gallery-icon landscape'>\n\t\t\t\t<a href='https:\/\/www.sunnyshop211.com\/en\/?attachment_id=39125'><img decoding=\"async\" width=\"150\" height=\"150\" src=\"https:\/\/www.sunnyshop211.com\/wp-content\/uploads\/2024\/02\/7-4-150x150.jpg\" class=\"attachment-thumbnail size-thumbnail\" alt=\"Citation miniature\" srcset=\"https:\/\/www.sunnyshop211.com\/wp-content\/uploads\/2024\/02\/7-4-150x150.jpg 150w, https:\/\/www.sunnyshop211.com\/wp-content\/uploads\/2024\/02\/7-4-scaled-500x500.jpg 500w, https:\/\/www.sunnyshop211.com\/wp-content\/uploads\/2024\/02\/7-4-scaled-100x100.jpg 100w\" sizes=\"(max-width: 150px) 100vw, 150px\" \/><\/a>\n\t\t\t<\/div><\/figure><figure class='gallery-item'>\n\t\t\t<div class='gallery-icon landscape'>\n\t\t\t\t<a href='https:\/\/www.sunnyshop211.com\/en\/?attachment_id=39126'><img loading=\"lazy\" decoding=\"async\" width=\"150\" height=\"150\" src=\"https:\/\/www.sunnyshop211.com\/wp-content\/uploads\/2024\/02\/8-3-150x150.jpg\" class=\"attachment-thumbnail size-thumbnail\" alt=\"\" srcset=\"https:\/\/www.sunnyshop211.com\/wp-content\/uploads\/2024\/02\/8-3-150x150.jpg 150w, https:\/\/www.sunnyshop211.com\/wp-content\/uploads\/2024\/02\/8-3-scaled-500x500.jpg 500w, https:\/\/www.sunnyshop211.com\/wp-content\/uploads\/2024\/02\/8-3-scaled-100x100.jpg 100w\" sizes=\"(max-width: 150px) 100vw, 150px\" \/><\/a>\n\t\t\t<\/div><\/figure><figure class='gallery-item'>\n\t\t\t<div class='gallery-icon landscape'>\n\t\t\t\t<a href='https:\/\/www.sunnyshop211.com\/en\/?attachment_id=39129'><img loading=\"lazy\" decoding=\"async\" width=\"150\" height=\"150\" src=\"https:\/\/www.sunnyshop211.com\/wp-content\/uploads\/2024\/02\/10-3-150x150.jpg\" class=\"attachment-thumbnail size-thumbnail\" alt=\"Citation miniature\" srcset=\"https:\/\/www.sunnyshop211.com\/wp-content\/uploads\/2024\/02\/10-3-150x150.jpg 150w, https:\/\/www.sunnyshop211.com\/wp-content\/uploads\/2024\/02\/10-3-scaled-500x500.jpg 500w, https:\/\/www.sunnyshop211.com\/wp-content\/uploads\/2024\/02\/10-3-scaled-100x100.jpg 100w\" sizes=\"(max-width: 150px) 100vw, 150px\" \/><\/a>\n\t\t\t<\/div><\/figure>\n\t\t<\/div>\n\n<h2 data-start=\"182\" data-end=\"237\">Barbie\u00ab miniature quote - 1\/6 - 1\/4 - 1\/3<\/h2>\n<h3 data-start=\"238\" data-end=\"290\">Diorama accessories - wall &amp; table decoration<\/h3>\n<p data-start=\"292\" data-end=\"480\">Miniature quote <strong data-start=\"311\" data-end=\"325\">\u00abBarbie\u00bb<\/strong>, ideal for <strong data-start=\"339\" data-end=\"399\">customize and enrich your dioramas and stagings<\/strong>, adding a touch of <strong data-start=\"422\" data-end=\"454\">iconic, girly and graphic<\/strong> to your miniature worlds.<\/p>\n<p data-start=\"482\" data-end=\"569\">Perfect for creating <strong data-start=\"516\" data-end=\"568\">bedroom, dressing room, living room, pop or modern universe<\/strong>.<\/p>\n<hr data-start=\"571\" data-end=\"574\" \/>\n<h3 data-start=\"576\" data-end=\"598\">\u2728 Customization<\/h3>\n<p data-start=\"600\" data-end=\"797\">- Miniature word <strong data-start=\"616\" data-end=\"630\">\u00abBarbie\u00bb<\/strong><br data-start=\"630\" data-end=\"633\" \/>- You choose the <strong data-start=\"654\" data-end=\"664\">size<\/strong> and the <strong data-start=\"671\" data-end=\"683\">finish<\/strong> when ordering<br data-start=\"703\" data-end=\"706\" \/>\u2022 <strong data-start=\"708\" data-end=\"735\">2 finishes available<\/strong> :<br data-start=\"737\" data-end=\"740\" \/>- All pink<br data-start=\"753\" data-end=\"756\" \/>- White and pink<br data-start=\"773\" data-end=\"776\" \/>- Sold <strong data-start=\"784\" data-end=\"797\">per unit<\/strong><\/p>\n<p data-start=\"799\" data-end=\"926\">Designed to blend in harmoniously with my <strong data-start=\"843\" data-end=\"890\">furniture, accessories and wall decor<\/strong> sold separately in the store.<\/p>\n<hr data-start=\"928\" data-end=\"931\" \/>\n<h3 data-start=\"933\" data-end=\"961\">\ud83d\udccf Dimensions &amp; scales<\/h3>\n<p data-start=\"963\" data-end=\"990\">Three sizes available:<\/p>\n<p data-start=\"992\" data-end=\"1078\">\u2022 <strong data-start=\"994\" data-end=\"1003\">Small<\/strong> 3 cm long<br data-start=\"1018\" data-end=\"1021\" \/>\u2022 <strong data-start=\"1023\" data-end=\"1032\">Medium<\/strong> : 4 cm long<br data-start=\"1047\" data-end=\"1050\" \/>\u2022 <strong data-start=\"1052\" data-end=\"1061\">Grand<\/strong> 5 cm long<\/p>\n<p data-start=\"1080\" data-end=\"1142\">Compatible with dolls and dioramas in the following scales:<\/p>\n<p data-start=\"1144\" data-end=\"1311\">\u2022 <strong data-start=\"1146\" data-end=\"1153\">1\/6<\/strong> Barbie, Pullip, Blythe, Poppy Parker<br data-start=\"1192\" data-end=\"1195\" \/>\u2022 <strong data-start=\"1197\" data-end=\"1204\">1\/4<\/strong> : Minifee, MSD, Unoa, Bimong<br data-start=\"1233\" data-end=\"1236\" \/>\u2022 <strong data-start=\"1238\" data-end=\"1245\">1\/3<\/strong> : SD, Feeple, Smart Doll<br data-start=\"1270\" data-end=\"1273\" \/>- Other dolls in similar sizes<\/p>\n<hr data-start=\"1313\" data-end=\"1316\" \/>\n<h3 data-start=\"1318\" data-end=\"1341\">\ud83e\uddf8 Features<\/h3>\n<p data-start=\"1343\" data-end=\"1594\">- Miniature quote sold <strong data-start=\"1371\" data-end=\"1384\">per unit<\/strong><br data-start=\"1384\" data-end=\"1387\" \/>- Resin \/ decorative material depending on model<br data-start=\"1429\" data-end=\"1432\" \/>- Hand-painted and hand-finished<br data-start=\"1459\" data-end=\"1462\" \/>- Compatible with my furniture sold separately in the store<br data-start=\"1526\" data-end=\"1529\" \/>- Perfect for dioramas, miniature scenes &amp; photo shoots<\/p>\n<hr data-start=\"1596\" data-end=\"1599\" \/>\n<h3 data-start=\"1601\" data-end=\"1623\">\u26a0\ufe0f Note artisanale<\/h3>\n<p data-start=\"1625\" data-end=\"1808\">Entirely handmade.<br data-start=\"1663\" data-end=\"1666\" \/>Slight variations in shape, color or finish may occur, as well as minor imperfections due to the handcrafted nature of the product.<\/p>\n<hr data-start=\"1810\" data-end=\"1813\" \/>\n<h3 data-start=\"1815\" data-end=\"1828\">\ud83d\udcf8 Photos<\/h3>\n<p data-start=\"1830\" data-end=\"2035\">The photos show <strong data-start=\"1854\" data-end=\"1883\">examples of staging<\/strong>.<br data-start=\"1884\" data-end=\"1887\" \/>\u27a1\ufe0f <strong data-start=\"1890\" data-end=\"1937\">Only the miniature word \u00abBarbie\u00bb is sold.<\/strong><br data-start=\"1937\" data-end=\"1940\" \/>Furniture, dolls and other visible decorations are available separately in the store.<\/p>\n<hr data-start=\"2037\" data-end=\"2040\" \/>\n<h3 data-start=\"2042\" data-end=\"2073\">\u26a0\ufe0f Important information<\/h3>\n<p data-start=\"2075\" data-end=\"2388\">- Accessory for adults - <strong data-start=\"2117\" data-end=\"2144\">this is not a toy<\/strong><br data-start=\"2144\" data-end=\"2147\" \/>- Strictly decorative use<br data-start=\"2176\" data-end=\"2179\" \/>- Made to order: please allow for the usual lead times (GTC &amp; delivery).<br data-start=\"2265\" data-end=\"2268\" \/>- Non-contractual photos - dolls not included<br data-start=\"2316\" data-end=\"2319\" \/>- I am not responsible for any damage incurred in transit.<\/p>\n<p data-start=\"2390\" data-end=\"2474\">\ud83d\udcf8 More photos and inspiration :<br data-start=\"2425\" data-end=\"2428\" \/>\ud83d\udc49 <strong data-start=\"2431\" data-end=\"2474\"><a class=\"decorated-link\" href=\"https:\/\/www.instagram.com\/sunnyshop211\/\" target=\"_new\" rel=\"noopener\" data-start=\"2433\" data-end=\"2472\">https:\/\/www.instagram.com\/sunnyshop211\/<\/a><\/strong><\/p>\n<p data-start=\"2476\" data-end=\"2568\">\ud83e\udd0d <strong data-start=\"2479\" data-end=\"2568\">An iconic miniature quote to set the style for your 1\/6, 1\/4 and 1\/3 scenes.<\/strong><\/p>","protected":false},"excerpt":{"rendered":"<p>Citation miniature \u00ab Barbie \u00bb \u2013 1\/6 \u00b7 1\/4 \u00b7 1\/3 Accessoire diorama \u2013 d\u00e9coration murale &amp; \u00e0 poser Citation miniature \u00ab Barbie \u00bb, id\u00e9ale pour personnaliser et enrichir vos dioramas et mises en sc\u00e8ne, apportant une touche iconique, girly et graphique \u00e0 vos univers miniatures. Parfaite pour cr\u00e9er des sc\u00e8nes de chambre, dressing, salon, [&hellip;]<\/p>\n","protected":false},"featured_media":39186,"comment_status":"open","ping_status":"closed","template":"","meta":{"_crdt_document":"","jetpack_post_was_ever_published":false,"jetpack_publicize_message":"","jetpack_publicize_feature_enabled":true,"jetpack_social_post_already_shared":true,"jetpack_social_options":{"image_generator_settings":{"template":"highway","default_image_id":0,"font":"","enabled":false},"version":2}},"product_brand":[],"product_cat":[667687008],"product_tag":[667681278,667681753,667681226,667681272,667681173,667681237,667681177,667681468,667681260,667681620],"class_list":{"0":"post-39072","1":"product","2":"type-product","3":"status-publish","4":"has-post-thumbnail","6":"product_cat-cadres-decor-mural","7":"product_tag-barbie","8":"product_tag-decoration","9":"product_tag-doll","10":"product_tag-elowynn-wilde","11":"product_tag-minifee","12":"product_tag-msd","13":"product_tag-poupee","14":"product_tag-sd","15":"product_tag-tonner","16":"product_tag-vase","17":"product_shipping_class-lettre-suivie","18":"pa_couleur-blanc-et-rose","19":"pa_couleur-tout-rose","21":"first","22":"instock","23":"shipping-taxable","24":"purchasable","25":"product-type-variable"},"yoast_head":"<!-- This site is optimized with the Yoast SEO plugin v27.5 - https:\/\/yoast.com\/product\/yoast-seo-wordpress\/ -->\n<title>Citation miniature 1\/6 1\/4 1\/3 Barbie, minifee ,SD -<\/title>\n<meta name=\"description\" content=\"Citation miniature 1\/6 1\/4 Barbie, pullip, Poppy Parker, MSD, minifee ou similaire. Id\u00e9al pour vos mises en sc\u00e8nes et vos dioramas.\" \/>\n<meta name=\"robots\" content=\"index, follow, max-snippet:-1, max-image-preview:large, max-video-preview:-1\" \/>\n<link rel=\"canonical\" href=\"https:\/\/www.sunnyshop211.com\/en\/product\/citation-miniature-1-6-1-4-1-3-barbie-minifee-sd\/\" \/>\n<meta property=\"og:locale\" content=\"en_US\" \/>\n<meta property=\"og:type\" content=\"article\" \/>\n<meta property=\"og:title\" content=\"Citation miniature 1\/6 1\/4 1\/3 Barbie, minifee ,SD -\" \/>\n<meta property=\"og:description\" content=\"Citation miniature 1\/6 1\/4 Barbie, pullip, Poppy Parker, MSD, minifee ou similaire. Id\u00e9al pour vos mises en sc\u00e8nes et vos dioramas.\" \/>\n<meta property=\"og:url\" content=\"https:\/\/www.sunnyshop211.com\/en\/product\/citation-miniature-1-6-1-4-1-3-barbie-minifee-sd\/\" \/>\n<meta property=\"og:site_name\" content=\"Sunnyshop211 -Vente de dioramas, meubles, miniatures , bjd poup\u00e9es 1\/12 1\/8 1\/6 1\/4 1\/3\" \/>\n<meta property=\"article:publisher\" content=\"https:\/\/www.facebook.com\/sunnyshop211\/?ref=bookmarks\" \/>\n<meta property=\"article:modified_time\" content=\"2025-12-29T16:48:22+00:00\" \/>\n<meta property=\"og:image\" content=\"https:\/\/www.sunnyshop211.com\/wp-content\/uploads\/2024\/02\/7-5-scaled.jpg\" \/>\n\t<meta property=\"og:image:width\" content=\"1492\" \/>\n\t<meta property=\"og:image:height\" content=\"2560\" \/>\n\t<meta property=\"og:image:type\" content=\"image\/jpeg\" \/>\n<meta name=\"twitter:card\" content=\"summary_large_image\" \/>\n<meta name=\"twitter:site\" content=\"@sunnyshop211\" \/>\n<meta name=\"twitter:label1\" content=\"Est. reading time\" \/>\n\t<meta name=\"twitter:data1\" content=\"2 minutes\" \/>\n<script type=\"application\/ld+json\" class=\"yoast-schema-graph\">{\"@context\":\"https:\\\/\\\/schema.org\",\"@graph\":[{\"@type\":\"WebPage\",\"@id\":\"https:\\\/\\\/www.sunnyshop211.com\\\/produit\\\/citation-miniature-1-6-1-4-1-3-barbie-minifee-sd\\\/\",\"url\":\"https:\\\/\\\/www.sunnyshop211.com\\\/produit\\\/citation-miniature-1-6-1-4-1-3-barbie-minifee-sd\\\/\",\"name\":\"Citation miniature 1\\\/6 1\\\/4 1\\\/3 Barbie, minifee ,SD -\",\"isPartOf\":{\"@id\":\"https:\\\/\\\/www.sunnyshop211.com\\\/#website\"},\"primaryImageOfPage\":{\"@id\":\"https:\\\/\\\/www.sunnyshop211.com\\\/produit\\\/citation-miniature-1-6-1-4-1-3-barbie-minifee-sd\\\/#primaryimage\"},\"image\":{\"@id\":\"https:\\\/\\\/www.sunnyshop211.com\\\/produit\\\/citation-miniature-1-6-1-4-1-3-barbie-minifee-sd\\\/#primaryimage\"},\"thumbnailUrl\":\"https:\\\/\\\/www.sunnyshop211.com\\\/wp-content\\\/uploads\\\/2024\\\/02\\\/7-5-scaled.jpg\",\"datePublished\":\"2024-02-18T15:28:26+00:00\",\"dateModified\":\"2025-12-29T16:48:22+00:00\",\"description\":\"Citation miniature 1\\\/6 1\\\/4 Barbie, pullip, Poppy Parker, MSD, minifee ou similaire. Id\u00e9al pour vos mises en sc\u00e8nes et vos dioramas.\",\"breadcrumb\":{\"@id\":\"https:\\\/\\\/www.sunnyshop211.com\\\/produit\\\/citation-miniature-1-6-1-4-1-3-barbie-minifee-sd\\\/#breadcrumb\"},\"inLanguage\":\"en-US\",\"potentialAction\":[{\"@type\":\"ReadAction\",\"target\":[\"https:\\\/\\\/www.sunnyshop211.com\\\/produit\\\/citation-miniature-1-6-1-4-1-3-barbie-minifee-sd\\\/\"]}]},{\"@type\":\"ImageObject\",\"inLanguage\":\"en-US\",\"@id\":\"https:\\\/\\\/www.sunnyshop211.com\\\/produit\\\/citation-miniature-1-6-1-4-1-3-barbie-minifee-sd\\\/#primaryimage\",\"url\":\"https:\\\/\\\/www.sunnyshop211.com\\\/wp-content\\\/uploads\\\/2024\\\/02\\\/7-5-scaled.jpg\",\"contentUrl\":\"https:\\\/\\\/www.sunnyshop211.com\\\/wp-content\\\/uploads\\\/2024\\\/02\\\/7-5-scaled.jpg\",\"width\":1492,\"height\":2560,\"caption\":\"Citation miniature\"},{\"@type\":\"BreadcrumbList\",\"@id\":\"https:\\\/\\\/www.sunnyshop211.com\\\/produit\\\/citation-miniature-1-6-1-4-1-3-barbie-minifee-sd\\\/#breadcrumb\",\"itemListElement\":[{\"@type\":\"ListItem\",\"position\":1,\"name\":\"Accueil\",\"item\":\"https:\\\/\\\/www.sunnyshop211.com\\\/\"},{\"@type\":\"ListItem\",\"position\":2,\"name\":\"Boutique\",\"item\":\"https:\\\/\\\/www.sunnyshop211.com\\\/boutique-miniature-bjd-dolls\\\/\"},{\"@type\":\"ListItem\",\"position\":3,\"name\":\"Citation miniature 1\\\/6 1\\\/4 1\\\/3 Barbie, minifee ,SD\"}]},{\"@type\":\"WebSite\",\"@id\":\"https:\\\/\\\/www.sunnyshop211.com\\\/#website\",\"url\":\"https:\\\/\\\/www.sunnyshop211.com\\\/\",\"name\":\"Vente de dioramas, meubles, miniatures , bjd poup\u00e9es 1\\\/12 1\\\/8 1\\\/6 1\\\/4 1\\\/3\",\"description\":\"Sunnyshop211 - Votre univers miniature pour poup\u00e9es et BJD, dioramas et meubles sur mesure !\",\"publisher\":{\"@id\":\"https:\\\/\\\/www.sunnyshop211.com\\\/#organization\"},\"alternateName\":\"sunnyshop211\",\"potentialAction\":[{\"@type\":\"SearchAction\",\"target\":{\"@type\":\"EntryPoint\",\"urlTemplate\":\"https:\\\/\\\/www.sunnyshop211.com\\\/?s={search_term_string}\"},\"query-input\":{\"@type\":\"PropertyValueSpecification\",\"valueRequired\":true,\"valueName\":\"search_term_string\"}}],\"inLanguage\":\"en-US\"},{\"@type\":\"Organization\",\"@id\":\"https:\\\/\\\/www.sunnyshop211.com\\\/#organization\",\"name\":\"sunnyshop211\",\"alternateName\":\"sunnyshop211 diorama bjd meuble miniature\",\"url\":\"https:\\\/\\\/www.sunnyshop211.com\\\/\",\"logo\":{\"@type\":\"ImageObject\",\"inLanguage\":\"en-US\",\"@id\":\"https:\\\/\\\/www.sunnyshop211.com\\\/#\\\/schema\\\/logo\\\/image\\\/\",\"url\":\"https:\\\/\\\/www.sunnyshop211.com\\\/wp-content\\\/uploads\\\/2022\\\/08\\\/cropped-cropped-cropped-Sunnyshop211-1.png\",\"contentUrl\":\"https:\\\/\\\/www.sunnyshop211.com\\\/wp-content\\\/uploads\\\/2022\\\/08\\\/cropped-cropped-cropped-Sunnyshop211-1.png\",\"width\":339,\"height\":339,\"caption\":\"sunnyshop211\"},\"image\":{\"@id\":\"https:\\\/\\\/www.sunnyshop211.com\\\/#\\\/schema\\\/logo\\\/image\\\/\"},\"sameAs\":[\"https:\\\/\\\/www.facebook.com\\\/sunnyshop211\\\/?ref=bookmarks\",\"https:\\\/\\\/x.com\\\/sunnyshop211\",\"https:\\\/\\\/www.instagram.com\\\/sunnyshop211\\\/\",\"https:\\\/\\\/www.tumblr.com\\\/blog\\\/sunnyshop211\",\"https:\\\/\\\/www.youtube.com\\\/channel\\\/UCtYY18OGGDKrTSzgcf7fCBg\",\"https:\\\/\\\/www.tiktok.com\\\/@sunnydollshop211?is_from_webapp=1&sender_device=pc\"]}]}<\/script>\n<!-- \/ Yoast SEO plugin. -->","yoast_head_json":{"title":"Miniature quote 1\/6 1\/4 1\/3 Barbie, minifee ,SD -","description":"Miniature quote 1\/6 1\/4 Barbie, pullip, Poppy Parker, MSD, minifee or similar. Ideal for staging and dioramas.","robots":{"index":"index","follow":"follow","max-snippet":"max-snippet:-1","max-image-preview":"max-image-preview:large","max-video-preview":"max-video-preview:-1"},"canonical":"https:\/\/www.sunnyshop211.com\/en\/product\/citation-miniature-1-6-1-4-1-3-barbie-minifee-sd\/","og_locale":"en_US","og_type":"article","og_title":"Citation miniature 1\/6 1\/4 1\/3 Barbie, minifee ,SD -","og_description":"Citation miniature 1\/6 1\/4 Barbie, pullip, Poppy Parker, MSD, minifee ou similaire. Id\u00e9al pour vos mises en sc\u00e8nes et vos dioramas.","og_url":"https:\/\/www.sunnyshop211.com\/en\/product\/citation-miniature-1-6-1-4-1-3-barbie-minifee-sd\/","og_site_name":"Sunnyshop211 -Vente de dioramas, meubles, miniatures , bjd poup\u00e9es 1\/12 1\/8 1\/6 1\/4 1\/3","article_publisher":"https:\/\/www.facebook.com\/sunnyshop211\/?ref=bookmarks","article_modified_time":"2025-12-29T16:48:22+00:00","og_image":[{"width":1492,"height":2560,"url":"https:\/\/www.sunnyshop211.com\/wp-content\/uploads\/2024\/02\/7-5-scaled.jpg","type":"image\/jpeg"}],"twitter_card":"summary_large_image","twitter_site":"@sunnyshop211","twitter_misc":{"Est. reading time":"2 minutes"},"schema":{"@context":"https:\/\/schema.org","@graph":[{"@type":"WebPage","@id":"https:\/\/www.sunnyshop211.com\/produit\/citation-miniature-1-6-1-4-1-3-barbie-minifee-sd\/","url":"https:\/\/www.sunnyshop211.com\/produit\/citation-miniature-1-6-1-4-1-3-barbie-minifee-sd\/","name":"Miniature quote 1\/6 1\/4 1\/3 Barbie, minifee ,SD -","isPartOf":{"@id":"https:\/\/www.sunnyshop211.com\/#website"},"primaryImageOfPage":{"@id":"https:\/\/www.sunnyshop211.com\/produit\/citation-miniature-1-6-1-4-1-3-barbie-minifee-sd\/#primaryimage"},"image":{"@id":"https:\/\/www.sunnyshop211.com\/produit\/citation-miniature-1-6-1-4-1-3-barbie-minifee-sd\/#primaryimage"},"thumbnailUrl":"https:\/\/www.sunnyshop211.com\/wp-content\/uploads\/2024\/02\/7-5-scaled.jpg","datePublished":"2024-02-18T15:28:26+00:00","dateModified":"2025-12-29T16:48:22+00:00","description":"Miniature quote 1\/6 1\/4 Barbie, pullip, Poppy Parker, MSD, minifee or similar. Ideal for staging and dioramas.","breadcrumb":{"@id":"https:\/\/www.sunnyshop211.com\/produit\/citation-miniature-1-6-1-4-1-3-barbie-minifee-sd\/#breadcrumb"},"inLanguage":"en-US","potentialAction":[{"@type":"ReadAction","target":["https:\/\/www.sunnyshop211.com\/produit\/citation-miniature-1-6-1-4-1-3-barbie-minifee-sd\/"]}]},{"@type":"ImageObject","inLanguage":"en-US","@id":"https:\/\/www.sunnyshop211.com\/produit\/citation-miniature-1-6-1-4-1-3-barbie-minifee-sd\/#primaryimage","url":"https:\/\/www.sunnyshop211.com\/wp-content\/uploads\/2024\/02\/7-5-scaled.jpg","contentUrl":"https:\/\/www.sunnyshop211.com\/wp-content\/uploads\/2024\/02\/7-5-scaled.jpg","width":1492,"height":2560,"caption":"Citation miniature"},{"@type":"BreadcrumbList","@id":"https:\/\/www.sunnyshop211.com\/produit\/citation-miniature-1-6-1-4-1-3-barbie-minifee-sd\/#breadcrumb","itemListElement":[{"@type":"ListItem","position":1,"name":"Accueil","item":"https:\/\/www.sunnyshop211.com\/"},{"@type":"ListItem","position":2,"name":"Boutique","item":"https:\/\/www.sunnyshop211.com\/boutique-miniature-bjd-dolls\/"},{"@type":"ListItem","position":3,"name":"Citation miniature 1\/6 1\/4 1\/3 Barbie, minifee ,SD"}]},{"@type":"WebSite","@id":"https:\/\/www.sunnyshop211.com\/#website","url":"https:\/\/www.sunnyshop211.com\/","name":"Sale of dioramas, furniture, miniatures, bjd dolls 1\/12 1\/8 1\/6 1\/4 1\/3","description":"Sunnyshop211 - Your miniature world for dolls and BJDs, dioramas and custom-made furniture!","publisher":{"@id":"https:\/\/www.sunnyshop211.com\/#organization"},"alternateName":"sunnyshop211","potentialAction":[{"@type":"SearchAction","target":{"@type":"EntryPoint","urlTemplate":"https:\/\/www.sunnyshop211.com\/?s={search_term_string}"},"query-input":{"@type":"PropertyValueSpecification","valueRequired":true,"valueName":"search_term_string"}}],"inLanguage":"en-US"},{"@type":"Organization","@id":"https:\/\/www.sunnyshop211.com\/#organization","name":"sunnyshop211","alternateName":"sunnyshop211 diorama bjd meuble miniature","url":"https:\/\/www.sunnyshop211.com\/","logo":{"@type":"ImageObject","inLanguage":"en-US","@id":"https:\/\/www.sunnyshop211.com\/#\/schema\/logo\/image\/","url":"https:\/\/www.sunnyshop211.com\/wp-content\/uploads\/2022\/08\/cropped-cropped-cropped-Sunnyshop211-1.png","contentUrl":"https:\/\/www.sunnyshop211.com\/wp-content\/uploads\/2022\/08\/cropped-cropped-cropped-Sunnyshop211-1.png","width":339,"height":339,"caption":"sunnyshop211"},"image":{"@id":"https:\/\/www.sunnyshop211.com\/#\/schema\/logo\/image\/"},"sameAs":["https:\/\/www.facebook.com\/sunnyshop211\/?ref=bookmarks","https:\/\/x.com\/sunnyshop211","https:\/\/www.instagram.com\/sunnyshop211\/","https:\/\/www.tumblr.com\/blog\/sunnyshop211","https:\/\/www.youtube.com\/channel\/UCtYY18OGGDKrTSzgcf7fCBg","https:\/\/www.tiktok.com\/@sunnydollshop211?is_from_webapp=1&sender_device=pc"]}]}},"jetpack_publicize_connections":[],"jetpack_sharing_enabled":true,"_links":{"self":[{"href":"https:\/\/www.sunnyshop211.com\/en\/wp-json\/wp\/v2\/product\/39072","targetHints":{"allow":["GET"]}}],"collection":[{"href":"https:\/\/www.sunnyshop211.com\/en\/wp-json\/wp\/v2\/product"}],"about":[{"href":"https:\/\/www.sunnyshop211.com\/en\/wp-json\/wp\/v2\/types\/product"}],"replies":[{"embeddable":true,"href":"https:\/\/www.sunnyshop211.com\/en\/wp-json\/wp\/v2\/comments?post=39072"}],"version-history":[{"count":3,"href":"https:\/\/www.sunnyshop211.com\/en\/wp-json\/wp\/v2\/product\/39072\/revisions"}],"predecessor-version":[{"id":53451,"href":"https:\/\/www.sunnyshop211.com\/en\/wp-json\/wp\/v2\/product\/39072\/revisions\/53451"}],"wp:featuredmedia":[{"embeddable":true,"href":"https:\/\/www.sunnyshop211.com\/en\/wp-json\/wp\/v2\/media\/39186"}],"wp:attachment":[{"href":"https:\/\/www.sunnyshop211.com\/en\/wp-json\/wp\/v2\/media?parent=39072"}],"wp:term":[{"taxonomy":"product_brand","embeddable":true,"href":"https:\/\/www.sunnyshop211.com\/en\/wp-json\/wp\/v2\/product_brand?post=39072"},{"taxonomy":"product_cat","embeddable":true,"href":"https:\/\/www.sunnyshop211.com\/en\/wp-json\/wp\/v2\/product_cat?post=39072"},{"taxonomy":"product_tag","embeddable":true,"href":"https:\/\/www.sunnyshop211.com\/en\/wp-json\/wp\/v2\/product_tag?post=39072"}],"curies":[{"name":"wp","href":"https:\/\/api.w.org\/{rel}","templated":true}]}}