{"id":39063,"date":"2024-02-18T16:16:22","date_gmt":"2024-02-18T15:16:22","guid":{"rendered":"https:\/\/www.sunnyshop211.com\/?post_type=product&#038;p=39063"},"modified":"2025-12-28T12:49:32","modified_gmt":"2025-12-28T11:49:32","slug":"smartphone-miniature-custom-barbie-1-4-minifee-msd","status":"publish","type":"product","link":"https:\/\/www.sunnyshop211.com\/en\/product\/smartphone-miniature-custom-barbie-1-4-minifee-msd\/","title":{"rendered":"Smartphone miniature custom Barbie 1\/4 minifee msd"},"content":{"rendered":"<p>&nbsp;<\/p>\n<div id='gallery-1' class='gallery galleryid-39063 gallery-columns-3 gallery-size-thumbnail'><figure class='gallery-item'>\n\t\t\t<div class='gallery-icon landscape'>\n\t\t\t\t<a href='https:\/\/www.sunnyshop211.com\/en\/?attachment_id=39133'><img decoding=\"async\" width=\"150\" height=\"150\" src=\"https:\/\/www.sunnyshop211.com\/wp-content\/uploads\/2024\/02\/14-3-scaled-150x150.jpg\" class=\"attachment-thumbnail size-thumbnail\" alt=\"Smartphone miniature\" srcset=\"https:\/\/www.sunnyshop211.com\/wp-content\/uploads\/2024\/02\/14-3-scaled-150x150.jpg 150w, https:\/\/www.sunnyshop211.com\/wp-content\/uploads\/2024\/02\/14-3-scaled-500x500.jpg 500w, https:\/\/www.sunnyshop211.com\/wp-content\/uploads\/2024\/02\/14-3-scaled-100x100.jpg 100w\" sizes=\"(max-width: 150px) 100vw, 150px\" \/><\/a>\n\t\t\t<\/div><\/figure><figure class='gallery-item'>\n\t\t\t<div class='gallery-icon landscape'>\n\t\t\t\t<a href='https:\/\/www.sunnyshop211.com\/en\/?attachment_id=39132'><img decoding=\"async\" width=\"150\" height=\"150\" src=\"https:\/\/www.sunnyshop211.com\/wp-content\/uploads\/2024\/02\/13-3-150x150.jpg\" class=\"attachment-thumbnail size-thumbnail\" alt=\"\" srcset=\"https:\/\/www.sunnyshop211.com\/wp-content\/uploads\/2024\/02\/13-3-150x150.jpg 150w, https:\/\/www.sunnyshop211.com\/wp-content\/uploads\/2024\/02\/13-3-scaled-500x500.jpg 500w, https:\/\/www.sunnyshop211.com\/wp-content\/uploads\/2024\/02\/13-3-scaled-100x100.jpg 100w\" sizes=\"(max-width: 150px) 100vw, 150px\" \/><\/a>\n\t\t\t<\/div><\/figure><figure class='gallery-item'>\n\t\t\t<div class='gallery-icon landscape'>\n\t\t\t\t<a href='https:\/\/www.sunnyshop211.com\/en\/?attachment_id=39183'><img decoding=\"async\" width=\"150\" height=\"150\" src=\"https:\/\/www.sunnyshop211.com\/wp-content\/uploads\/2024\/02\/4-5-150x150.jpg\" class=\"attachment-thumbnail size-thumbnail\" alt=\"Smartphone miniature\" srcset=\"https:\/\/www.sunnyshop211.com\/wp-content\/uploads\/2024\/02\/4-5-150x150.jpg 150w, https:\/\/www.sunnyshop211.com\/wp-content\/uploads\/2024\/02\/4-5-scaled-500x500.jpg 500w, https:\/\/www.sunnyshop211.com\/wp-content\/uploads\/2024\/02\/4-5-scaled-100x100.jpg 100w\" sizes=\"(max-width: 150px) 100vw, 150px\" \/><\/a>\n\t\t\t<\/div><\/figure><figure class='gallery-item'>\n\t\t\t<div class='gallery-icon landscape'>\n\t\t\t\t<a href='https:\/\/www.sunnyshop211.com\/en\/?attachment_id=39184'><img loading=\"lazy\" decoding=\"async\" width=\"150\" height=\"150\" src=\"https:\/\/www.sunnyshop211.com\/wp-content\/uploads\/2024\/02\/5-5-150x150.jpg\" class=\"attachment-thumbnail size-thumbnail\" alt=\"\" srcset=\"https:\/\/www.sunnyshop211.com\/wp-content\/uploads\/2024\/02\/5-5-150x150.jpg 150w, https:\/\/www.sunnyshop211.com\/wp-content\/uploads\/2024\/02\/5-5-scaled-500x500.jpg 500w, https:\/\/www.sunnyshop211.com\/wp-content\/uploads\/2024\/02\/5-5-scaled-100x100.jpg 100w\" sizes=\"(max-width: 150px) 100vw, 150px\" \/><\/a>\n\t\t\t<\/div><\/figure><figure class='gallery-item'>\n\t\t\t<div class='gallery-icon landscape'>\n\t\t\t\t<a href='https:\/\/www.sunnyshop211.com\/en\/?attachment_id=39140'><img loading=\"lazy\" decoding=\"async\" width=\"150\" height=\"150\" src=\"https:\/\/www.sunnyshop211.com\/wp-content\/uploads\/2024\/02\/21-3-150x150.jpg\" class=\"attachment-thumbnail size-thumbnail\" alt=\"Smartphone miniature\" srcset=\"https:\/\/www.sunnyshop211.com\/wp-content\/uploads\/2024\/02\/21-3-150x150.jpg 150w, https:\/\/www.sunnyshop211.com\/wp-content\/uploads\/2024\/02\/21-3-scaled-500x500.jpg 500w, https:\/\/www.sunnyshop211.com\/wp-content\/uploads\/2024\/02\/21-3-scaled-100x100.jpg 100w\" sizes=\"(max-width: 150px) 100vw, 150px\" \/><\/a>\n\t\t\t<\/div><\/figure>\n\t\t<\/div>\n\n<h2 data-start=\"107\" data-end=\"162\">Smartphone miniature custom 1\/4 - Minifee, MSD, Unoa<\/h2>\n<hr data-start=\"164\" data-end=\"167\" \/>\n<h3 data-start=\"169\" data-end=\"187\">\ud83d\udcf1 Description<\/h3>\n<p data-start=\"189\" data-end=\"430\">These <strong data-start=\"193\" data-end=\"223\">miniature smartphones 1\/4<\/strong> have been specially designed to accessorize your dolls <strong data-start=\"281\" data-end=\"303\">Minifee, MSD, Unoa<\/strong> or other dolls of equivalent size.<br data-start=\"344\" data-end=\"347\" \/>They provide <strong data-start=\"365\" data-end=\"395\">modern, realistic touch<\/strong> to your everyday settings.<\/p>\n<p data-start=\"432\" data-end=\"509\">\ud83d\udc49 <strong data-start=\"435\" data-end=\"456\">Dummy phone<\/strong>, for decoration and dioramas only.<\/p>\n<hr data-start=\"511\" data-end=\"514\" \/>\n<h3 data-start=\"516\" data-end=\"546\">\ud83d\udc57 Compatibility &amp; scale<\/h3>\n<p data-start=\"548\" data-end=\"666\">Perfect for dolls <strong data-start=\"580\" data-end=\"587\">1\/4<\/strong>, including :<br data-start=\"600\" data-end=\"603\" \/>- Minifee<br data-start=\"612\" data-end=\"615\" \/>- MSD<br data-start=\"620\" data-end=\"623\" \/>- Unoa<br data-start=\"629\" data-end=\"632\" \/>- Other BJDs of similar size<\/p>\n<hr data-start=\"668\" data-end=\"671\" \/>\n<h3 data-start=\"673\" data-end=\"696\">\ud83c\udfa8 Customization<\/h3>\n<p data-start=\"698\" data-end=\"784\">\u2022 <strong data-start=\"700\" data-end=\"733\">Choice of phone color<\/strong><br data-start=\"733\" data-end=\"736\" \/>- Different screens for different versions<\/p>\n<h4 data-start=\"786\" data-end=\"818\">\u2728 2 finishes available:<\/h4>\n<ol data-start=\"819\" data-end=\"930\">\n<li data-start=\"819\" data-end=\"852\">\n<p data-start=\"822\" data-end=\"852\"><strong data-start=\"822\" data-end=\"835\">Classic<\/strong> single hull<\/p>\n<\/li>\n<li data-start=\"853\" data-end=\"930\">\n<p data-start=\"856\" data-end=\"930\"><strong data-start=\"856\" data-end=\"866\">Custom<\/strong> registration <strong data-start=\"881\" data-end=\"903\">\u201cBarbie\u201d in relief<\/strong> on the back of the phone<\/p>\n<\/li>\n<\/ol>\n<p data-start=\"932\" data-end=\"996\">\ud83d\udc49 It's up to you to modulate according to your desires and the style of your doll.<\/p>\n<hr data-start=\"998\" data-end=\"1001\" \/>\n<h3 data-start=\"1003\" data-end=\"1020\">\ud83d\udccf Dimensions<\/h3>\n<p data-start=\"1022\" data-end=\"1046\">\u2022 <strong data-start=\"1024\" data-end=\"1035\">Height<\/strong> Size : 3.7 cm<\/p>\n<hr data-start=\"1048\" data-end=\"1051\" \/>\n<h3 data-start=\"1053\" data-end=\"1083\">\ud83e\udeb5 Manufacturing &amp; finishing<\/h3>\n<p data-start=\"1085\" data-end=\"1144\">- Article <strong data-start=\"1095\" data-end=\"1116\">hand-made<\/strong><br data-start=\"1116\" data-end=\"1119\" \/>- Each piece is unique<\/p>\n<p data-start=\"1146\" data-end=\"1325\">Due to the artisanal nature of the business, there may be some <strong data-start=\"1199\" data-end=\"1244\">slight variations in shape or color<\/strong>, as well as <strong data-start=\"1259\" data-end=\"1284\">small imperfections<\/strong>, which are the very essence of craftsmanship.<\/p>\n<hr data-start=\"1327\" data-end=\"1330\" \/>\n<h3 data-start=\"1332\" data-end=\"1350\">\ud83c\udfe1 Use<\/h3>\n<p data-start=\"1352\" data-end=\"1481\">- Dioramas 1\/4<br data-start=\"1366\" data-end=\"1369\" \/>- Modern staging<br data-start=\"1392\" data-end=\"1395\" \/>- Everyday accessories (telephone, networks, lifestyle)<br data-start=\"1452\" data-end=\"1455\" \/>- Photographs of dolls<\/p>\n<p data-start=\"1483\" data-end=\"1568\">\ud83d\udc49 Compatible with my <strong data-start=\"1506\" data-end=\"1550\">furniture and decorations sold separately<\/strong> in the store.<\/p>\n<hr data-start=\"1570\" data-end=\"1573\" \/>\n<h3 data-start=\"1575\" data-end=\"1606\">\u26a0\ufe0f Important information<\/h3>\n<p data-start=\"1608\" data-end=\"1913\">\u2022 <strong data-start=\"1610\" data-end=\"1642\">Only one smartphone sold<\/strong><br data-start=\"1642\" data-end=\"1645\" \/>- The photos are examples of decoration<br data-start=\"1689\" data-end=\"1692\" \/>\u2022 <strong data-start=\"1694\" data-end=\"1726\">Only the telephone is included<\/strong> (dolls and accessories not included)<br data-start=\"1763\" data-end=\"1766\" \/>\u2022 <strong data-start=\"1768\" data-end=\"1795\">This is not a toy<\/strong><br data-start=\"1795\" data-end=\"1798\" \/>- Article for a <strong data-start=\"1821\" data-end=\"1849\">adult audience only<\/strong><br data-start=\"1849\" data-end=\"1852\" \/>- I'm not responsible for shipping damage<\/p>\n<hr data-start=\"1915\" data-end=\"1918\" \/>\n<h3 data-start=\"1920\" data-end=\"1947\">\ud83d\udce6 Manufacturing &amp; lead times<\/h3>\n<p data-start=\"1949\" data-end=\"2120\">- Article <strong data-start=\"1959\" data-end=\"1983\">made to order<\/strong><br data-start=\"1983\" data-end=\"1986\" \/>- Please note <strong data-start=\"2014\" data-end=\"2055\">manufacturing and delivery times<\/strong><br data-start=\"2055\" data-end=\"2058\" \/>\u27a1\ufe0f See <em data-start=\"2066\" data-end=\"2120\">Terms and conditions of sale and delivery times<\/em><\/p>\n<hr data-start=\"2122\" data-end=\"2125\" \/>\n<h3 data-start=\"2127\" data-end=\"2158\">\ud83d\udcf8 More models &amp; photos<\/h3>\n<p data-start=\"2160\" data-end=\"2202\">\ud83d\udc49 <a class=\"decorated-link\" href=\"https:\/\/www.instagram.com\/sunnyshop211\/\" target=\"_new\" rel=\"noopener\" data-start=\"2163\" data-end=\"2202\">https:\/\/www.instagram.com\/sunnyshop211\/<\/a><\/p>\n<hr data-start=\"2204\" data-end=\"2207\" \/>\n<p data-start=\"2209\" data-end=\"2335\">\ud83d\udc96 Un <strong data-start=\"2215\" data-end=\"2243\">miniature smartphone 1\/4<\/strong> modern and customizable, perfect for bringing your Minifee's everyday scenes to life.<\/p>","protected":false},"excerpt":{"rendered":"<p>&nbsp; Smartphone miniature custom 1\/4 \u2013 Minifee, MSD, Unoa \ud83d\udcf1 Description Ces smartphones miniatures 1\/4 ont \u00e9t\u00e9 sp\u00e9cialement con\u00e7us pour accessoiriser vos dolls Minifee, MSD, Unoa ou autres poup\u00e9es de taille \u00e9quivalente.Ils apportent une touche moderne et r\u00e9aliste \u00e0 vos mises en sc\u00e8ne du quotidien. \ud83d\udc49 T\u00e9l\u00e9phone factice, destin\u00e9 uniquement \u00e0 la d\u00e9coration et aux [&hellip;]<\/p>\n","protected":false},"featured_media":39133,"comment_status":"open","ping_status":"closed","template":"","meta":{"_crdt_document":"","jetpack_post_was_ever_published":false,"jetpack_publicize_message":"","jetpack_publicize_feature_enabled":true,"jetpack_social_post_already_shared":true,"jetpack_social_options":{"image_generator_settings":{"template":"highway","default_image_id":0,"font":"","enabled":false},"version":2}},"product_brand":[],"product_cat":[667687005],"product_tag":[667681270,667681226,667681232,667681173,667683305,667681177,667683307],"class_list":{"0":"post-39063","1":"product","2":"type-product","3":"status-publish","4":"has-post-thumbnail","6":"product_cat-telephone","7":"product_tag-custom-doll","8":"product_tag-doll","9":"product_tag-miniature","10":"product_tag-minifee","11":"product_tag-phone","12":"product_tag-poupee","13":"product_tag-telephone","14":"product_shipping_class-lettre-suivie-3","15":"pa_couleur-bleu-paillette","16":"pa_couleur-noir","17":"pa_couleur-rose-pink","18":"pa_couleur-rose-fonce-paillette","19":"pa_couleur-turquoise-paillette","20":"pa_couleur-violet-paillette","22":"first","23":"instock","24":"taxable","25":"shipping-taxable","26":"purchasable","27":"product-type-variable"},"yoast_head":"<!-- This site is optimized with the Yoast SEO plugin v27.4 - https:\/\/yoast.com\/product\/yoast-seo-wordpress\/ -->\n<title>Smartphone miniature custom Barbie 1\/4 minifee msd -<\/title>\n<meta name=\"description\" content=\"Smartphone miniature custom Barbie 1\/4 minifee msd. Ces petits t\u00e9l\u00e9phones miniature sp\u00e9cialement con\u00e7u pour les minifee accessoiriseront leur tenue.\" \/>\n<meta name=\"robots\" content=\"index, follow, max-snippet:-1, max-image-preview:large, max-video-preview:-1\" \/>\n<link rel=\"canonical\" href=\"https:\/\/www.sunnyshop211.com\/en\/product\/smartphone-miniature-custom-barbie-1-4-minifee-msd\/\" \/>\n<meta property=\"og:locale\" content=\"en_US\" \/>\n<meta property=\"og:type\" content=\"article\" \/>\n<meta property=\"og:title\" content=\"Smartphone miniature custom Barbie 1\/4 minifee msd -\" \/>\n<meta property=\"og:description\" content=\"Smartphone miniature custom Barbie 1\/4 minifee msdCes petits t\u00e9l\u00e9phones miniature sp\u00e9cialement con\u00e7u pour les minifee accessoiriseront leur tenue. Mini t\u00e9l\u00e9phone pour minifee, MSD,\u00a0 unoa ou autres de m\u00eame tailles\" \/>\n<meta property=\"og:url\" content=\"https:\/\/www.sunnyshop211.com\/en\/product\/smartphone-miniature-custom-barbie-1-4-minifee-msd\/\" \/>\n<meta property=\"og:site_name\" content=\"Sunnyshop211 -Vente de dioramas, meubles, miniatures , bjd poup\u00e9es 1\/12 1\/8 1\/6 1\/4 1\/3\" \/>\n<meta property=\"article:publisher\" content=\"https:\/\/www.facebook.com\/sunnyshop211\/?ref=bookmarks\" \/>\n<meta property=\"article:modified_time\" content=\"2025-12-28T11:49:32+00:00\" \/>\n<meta property=\"og:image\" content=\"https:\/\/www.sunnyshop211.com\/wp-content\/uploads\/2024\/02\/14-3-scaled.jpg\" \/>\n\t<meta property=\"og:image:width\" content=\"2560\" \/>\n\t<meta property=\"og:image:height\" content=\"1467\" \/>\n\t<meta property=\"og:image:type\" content=\"image\/jpeg\" \/>\n<meta name=\"twitter:card\" content=\"summary_large_image\" \/>\n<meta name=\"twitter:site\" content=\"@sunnyshop211\" \/>\n<meta name=\"twitter:label1\" content=\"Est. reading time\" \/>\n\t<meta name=\"twitter:data1\" content=\"2 minutes\" \/>\n<script type=\"application\/ld+json\" class=\"yoast-schema-graph\">{\"@context\":\"https:\\\/\\\/schema.org\",\"@graph\":[{\"@type\":\"WebPage\",\"@id\":\"https:\\\/\\\/www.sunnyshop211.com\\\/produit\\\/smartphone-miniature-custom-barbie-1-4-minifee-msd\\\/\",\"url\":\"https:\\\/\\\/www.sunnyshop211.com\\\/produit\\\/smartphone-miniature-custom-barbie-1-4-minifee-msd\\\/\",\"name\":\"Smartphone miniature custom Barbie 1\\\/4 minifee msd -\",\"isPartOf\":{\"@id\":\"https:\\\/\\\/www.sunnyshop211.com\\\/#website\"},\"primaryImageOfPage\":{\"@id\":\"https:\\\/\\\/www.sunnyshop211.com\\\/produit\\\/smartphone-miniature-custom-barbie-1-4-minifee-msd\\\/#primaryimage\"},\"image\":{\"@id\":\"https:\\\/\\\/www.sunnyshop211.com\\\/produit\\\/smartphone-miniature-custom-barbie-1-4-minifee-msd\\\/#primaryimage\"},\"thumbnailUrl\":\"https:\\\/\\\/www.sunnyshop211.com\\\/wp-content\\\/uploads\\\/2024\\\/02\\\/14-3-scaled.jpg\",\"datePublished\":\"2024-02-18T15:16:22+00:00\",\"dateModified\":\"2025-12-28T11:49:32+00:00\",\"description\":\"Smartphone miniature custom Barbie 1\\\/4 minifee msd. Ces petits t\u00e9l\u00e9phones miniature sp\u00e9cialement con\u00e7u pour les minifee accessoiriseront leur tenue.\",\"breadcrumb\":{\"@id\":\"https:\\\/\\\/www.sunnyshop211.com\\\/produit\\\/smartphone-miniature-custom-barbie-1-4-minifee-msd\\\/#breadcrumb\"},\"inLanguage\":\"en-US\",\"potentialAction\":[{\"@type\":\"ReadAction\",\"target\":[\"https:\\\/\\\/www.sunnyshop211.com\\\/produit\\\/smartphone-miniature-custom-barbie-1-4-minifee-msd\\\/\"]}]},{\"@type\":\"ImageObject\",\"inLanguage\":\"en-US\",\"@id\":\"https:\\\/\\\/www.sunnyshop211.com\\\/produit\\\/smartphone-miniature-custom-barbie-1-4-minifee-msd\\\/#primaryimage\",\"url\":\"https:\\\/\\\/www.sunnyshop211.com\\\/wp-content\\\/uploads\\\/2024\\\/02\\\/14-3-scaled.jpg\",\"contentUrl\":\"https:\\\/\\\/www.sunnyshop211.com\\\/wp-content\\\/uploads\\\/2024\\\/02\\\/14-3-scaled.jpg\",\"width\":2560,\"height\":1467,\"caption\":\"Smartphone miniature\"},{\"@type\":\"BreadcrumbList\",\"@id\":\"https:\\\/\\\/www.sunnyshop211.com\\\/produit\\\/smartphone-miniature-custom-barbie-1-4-minifee-msd\\\/#breadcrumb\",\"itemListElement\":[{\"@type\":\"ListItem\",\"position\":1,\"name\":\"Accueil\",\"item\":\"https:\\\/\\\/www.sunnyshop211.com\\\/\"},{\"@type\":\"ListItem\",\"position\":2,\"name\":\"Boutique\",\"item\":\"https:\\\/\\\/www.sunnyshop211.com\\\/boutique-miniature-bjd-dolls\\\/\"},{\"@type\":\"ListItem\",\"position\":3,\"name\":\"Smartphone miniature custom Barbie 1\\\/4 minifee msd\"}]},{\"@type\":\"WebSite\",\"@id\":\"https:\\\/\\\/www.sunnyshop211.com\\\/#website\",\"url\":\"https:\\\/\\\/www.sunnyshop211.com\\\/\",\"name\":\"Vente de dioramas, meubles, miniatures , bjd poup\u00e9es 1\\\/12 1\\\/8 1\\\/6 1\\\/4 1\\\/3\",\"description\":\"Sunnyshop211 - Votre univers miniature pour poup\u00e9es et BJD, dioramas et meubles sur mesure !\",\"publisher\":{\"@id\":\"https:\\\/\\\/www.sunnyshop211.com\\\/#organization\"},\"alternateName\":\"sunnyshop211\",\"potentialAction\":[{\"@type\":\"SearchAction\",\"target\":{\"@type\":\"EntryPoint\",\"urlTemplate\":\"https:\\\/\\\/www.sunnyshop211.com\\\/?s={search_term_string}\"},\"query-input\":{\"@type\":\"PropertyValueSpecification\",\"valueRequired\":true,\"valueName\":\"search_term_string\"}}],\"inLanguage\":\"en-US\"},{\"@type\":\"Organization\",\"@id\":\"https:\\\/\\\/www.sunnyshop211.com\\\/#organization\",\"name\":\"sunnyshop211\",\"alternateName\":\"sunnyshop211 diorama bjd meuble miniature\",\"url\":\"https:\\\/\\\/www.sunnyshop211.com\\\/\",\"logo\":{\"@type\":\"ImageObject\",\"inLanguage\":\"en-US\",\"@id\":\"https:\\\/\\\/www.sunnyshop211.com\\\/#\\\/schema\\\/logo\\\/image\\\/\",\"url\":\"https:\\\/\\\/www.sunnyshop211.com\\\/wp-content\\\/uploads\\\/2022\\\/08\\\/cropped-cropped-cropped-Sunnyshop211-1.png\",\"contentUrl\":\"https:\\\/\\\/www.sunnyshop211.com\\\/wp-content\\\/uploads\\\/2022\\\/08\\\/cropped-cropped-cropped-Sunnyshop211-1.png\",\"width\":339,\"height\":339,\"caption\":\"sunnyshop211\"},\"image\":{\"@id\":\"https:\\\/\\\/www.sunnyshop211.com\\\/#\\\/schema\\\/logo\\\/image\\\/\"},\"sameAs\":[\"https:\\\/\\\/www.facebook.com\\\/sunnyshop211\\\/?ref=bookmarks\",\"https:\\\/\\\/x.com\\\/sunnyshop211\",\"https:\\\/\\\/www.instagram.com\\\/sunnyshop211\\\/\",\"https:\\\/\\\/www.tumblr.com\\\/blog\\\/sunnyshop211\",\"https:\\\/\\\/www.youtube.com\\\/channel\\\/UCtYY18OGGDKrTSzgcf7fCBg\",\"https:\\\/\\\/www.tiktok.com\\\/@sunnydollshop211?is_from_webapp=1&sender_device=pc\"]}]}<\/script>\n<!-- \/ Yoast SEO plugin. -->","yoast_head_json":{"title":"Smartphone miniature custom Barbie 1\/4 minifee msd -","description":"Smartphone miniature custom Barbie 1\/4 minifee msd. These little miniature phones specially designed for minifees will accessorize their outfits.","robots":{"index":"index","follow":"follow","max-snippet":"max-snippet:-1","max-image-preview":"max-image-preview:large","max-video-preview":"max-video-preview:-1"},"canonical":"https:\/\/www.sunnyshop211.com\/en\/product\/smartphone-miniature-custom-barbie-1-4-minifee-msd\/","og_locale":"en_US","og_type":"article","og_title":"Smartphone miniature custom Barbie 1\/4 minifee msd -","og_description":"Smartphone miniature custom Barbie 1\/4 minifee msdCes petits t\u00e9l\u00e9phones miniature sp\u00e9cialement con\u00e7u pour les minifee accessoiriseront leur tenue. Mini t\u00e9l\u00e9phone pour minifee, MSD,\u00a0 unoa ou autres de m\u00eame tailles","og_url":"https:\/\/www.sunnyshop211.com\/en\/product\/smartphone-miniature-custom-barbie-1-4-minifee-msd\/","og_site_name":"Sunnyshop211 -Vente de dioramas, meubles, miniatures , bjd poup\u00e9es 1\/12 1\/8 1\/6 1\/4 1\/3","article_publisher":"https:\/\/www.facebook.com\/sunnyshop211\/?ref=bookmarks","article_modified_time":"2025-12-28T11:49:32+00:00","og_image":[{"width":2560,"height":1467,"url":"https:\/\/www.sunnyshop211.com\/wp-content\/uploads\/2024\/02\/14-3-scaled.jpg","type":"image\/jpeg"}],"twitter_card":"summary_large_image","twitter_site":"@sunnyshop211","twitter_misc":{"Est. reading time":"2 minutes"},"schema":{"@context":"https:\/\/schema.org","@graph":[{"@type":"WebPage","@id":"https:\/\/www.sunnyshop211.com\/produit\/smartphone-miniature-custom-barbie-1-4-minifee-msd\/","url":"https:\/\/www.sunnyshop211.com\/produit\/smartphone-miniature-custom-barbie-1-4-minifee-msd\/","name":"Smartphone miniature custom Barbie 1\/4 minifee msd -","isPartOf":{"@id":"https:\/\/www.sunnyshop211.com\/#website"},"primaryImageOfPage":{"@id":"https:\/\/www.sunnyshop211.com\/produit\/smartphone-miniature-custom-barbie-1-4-minifee-msd\/#primaryimage"},"image":{"@id":"https:\/\/www.sunnyshop211.com\/produit\/smartphone-miniature-custom-barbie-1-4-minifee-msd\/#primaryimage"},"thumbnailUrl":"https:\/\/www.sunnyshop211.com\/wp-content\/uploads\/2024\/02\/14-3-scaled.jpg","datePublished":"2024-02-18T15:16:22+00:00","dateModified":"2025-12-28T11:49:32+00:00","description":"Smartphone miniature custom Barbie 1\/4 minifee msd. These little miniature phones specially designed for minifees will accessorize their outfits.","breadcrumb":{"@id":"https:\/\/www.sunnyshop211.com\/produit\/smartphone-miniature-custom-barbie-1-4-minifee-msd\/#breadcrumb"},"inLanguage":"en-US","potentialAction":[{"@type":"ReadAction","target":["https:\/\/www.sunnyshop211.com\/produit\/smartphone-miniature-custom-barbie-1-4-minifee-msd\/"]}]},{"@type":"ImageObject","inLanguage":"en-US","@id":"https:\/\/www.sunnyshop211.com\/produit\/smartphone-miniature-custom-barbie-1-4-minifee-msd\/#primaryimage","url":"https:\/\/www.sunnyshop211.com\/wp-content\/uploads\/2024\/02\/14-3-scaled.jpg","contentUrl":"https:\/\/www.sunnyshop211.com\/wp-content\/uploads\/2024\/02\/14-3-scaled.jpg","width":2560,"height":1467,"caption":"Smartphone miniature"},{"@type":"BreadcrumbList","@id":"https:\/\/www.sunnyshop211.com\/produit\/smartphone-miniature-custom-barbie-1-4-minifee-msd\/#breadcrumb","itemListElement":[{"@type":"ListItem","position":1,"name":"Accueil","item":"https:\/\/www.sunnyshop211.com\/"},{"@type":"ListItem","position":2,"name":"Boutique","item":"https:\/\/www.sunnyshop211.com\/boutique-miniature-bjd-dolls\/"},{"@type":"ListItem","position":3,"name":"Smartphone miniature custom Barbie 1\/4 minifee msd"}]},{"@type":"WebSite","@id":"https:\/\/www.sunnyshop211.com\/#website","url":"https:\/\/www.sunnyshop211.com\/","name":"Sale of dioramas, furniture, miniatures, bjd dolls 1\/12 1\/8 1\/6 1\/4 1\/3","description":"Sunnyshop211 - Your miniature world for dolls and BJDs, dioramas and custom-made furniture!","publisher":{"@id":"https:\/\/www.sunnyshop211.com\/#organization"},"alternateName":"sunnyshop211","potentialAction":[{"@type":"SearchAction","target":{"@type":"EntryPoint","urlTemplate":"https:\/\/www.sunnyshop211.com\/?s={search_term_string}"},"query-input":{"@type":"PropertyValueSpecification","valueRequired":true,"valueName":"search_term_string"}}],"inLanguage":"en-US"},{"@type":"Organization","@id":"https:\/\/www.sunnyshop211.com\/#organization","name":"sunnyshop211","alternateName":"sunnyshop211 diorama bjd meuble miniature","url":"https:\/\/www.sunnyshop211.com\/","logo":{"@type":"ImageObject","inLanguage":"en-US","@id":"https:\/\/www.sunnyshop211.com\/#\/schema\/logo\/image\/","url":"https:\/\/www.sunnyshop211.com\/wp-content\/uploads\/2022\/08\/cropped-cropped-cropped-Sunnyshop211-1.png","contentUrl":"https:\/\/www.sunnyshop211.com\/wp-content\/uploads\/2022\/08\/cropped-cropped-cropped-Sunnyshop211-1.png","width":339,"height":339,"caption":"sunnyshop211"},"image":{"@id":"https:\/\/www.sunnyshop211.com\/#\/schema\/logo\/image\/"},"sameAs":["https:\/\/www.facebook.com\/sunnyshop211\/?ref=bookmarks","https:\/\/x.com\/sunnyshop211","https:\/\/www.instagram.com\/sunnyshop211\/","https:\/\/www.tumblr.com\/blog\/sunnyshop211","https:\/\/www.youtube.com\/channel\/UCtYY18OGGDKrTSzgcf7fCBg","https:\/\/www.tiktok.com\/@sunnydollshop211?is_from_webapp=1&sender_device=pc"]}]}},"jetpack_publicize_connections":[],"jetpack_sharing_enabled":true,"_links":{"self":[{"href":"https:\/\/www.sunnyshop211.com\/en\/wp-json\/wp\/v2\/product\/39063","targetHints":{"allow":["GET"]}}],"collection":[{"href":"https:\/\/www.sunnyshop211.com\/en\/wp-json\/wp\/v2\/product"}],"about":[{"href":"https:\/\/www.sunnyshop211.com\/en\/wp-json\/wp\/v2\/types\/product"}],"replies":[{"embeddable":true,"href":"https:\/\/www.sunnyshop211.com\/en\/wp-json\/wp\/v2\/comments?post=39063"}],"version-history":[{"count":3,"href":"https:\/\/www.sunnyshop211.com\/en\/wp-json\/wp\/v2\/product\/39063\/revisions"}],"predecessor-version":[{"id":53172,"href":"https:\/\/www.sunnyshop211.com\/en\/wp-json\/wp\/v2\/product\/39063\/revisions\/53172"}],"wp:featuredmedia":[{"embeddable":true,"href":"https:\/\/www.sunnyshop211.com\/en\/wp-json\/wp\/v2\/media\/39133"}],"wp:attachment":[{"href":"https:\/\/www.sunnyshop211.com\/en\/wp-json\/wp\/v2\/media?parent=39063"}],"wp:term":[{"taxonomy":"product_brand","embeddable":true,"href":"https:\/\/www.sunnyshop211.com\/en\/wp-json\/wp\/v2\/product_brand?post=39063"},{"taxonomy":"product_cat","embeddable":true,"href":"https:\/\/www.sunnyshop211.com\/en\/wp-json\/wp\/v2\/product_cat?post=39063"},{"taxonomy":"product_tag","embeddable":true,"href":"https:\/\/www.sunnyshop211.com\/en\/wp-json\/wp\/v2\/product_tag?post=39063"}],"curies":[{"name":"wp","href":"https:\/\/api.w.org\/{rel}","templated":true}]}}