{"id":38411,"date":"2024-01-02T17:52:44","date_gmt":"2024-01-02T16:52:44","guid":{"rendered":"https:\/\/www.sunnyshop211.com\/?post_type=product&#038;p=38411"},"modified":"2026-01-03T18:12:33","modified_gmt":"2026-01-03T17:12:33","slug":"plateau-coeur-miniature-1-4-bjd-minifee-unoa","status":"publish","type":"product","link":"https:\/\/www.sunnyshop211.com\/en\/product\/plateau-coeur-miniature-1-4-bjd-minifee-unoa\/","title":{"rendered":"Miniature heart tray 1\/4 bjd, minifee, unoa"},"content":{"rendered":"<div id='gallery-1' class='gallery galleryid-38411 gallery-columns-3 gallery-size-thumbnail'><figure class='gallery-item'>\n\t\t\t<div class='gallery-icon landscape'>\n\t\t\t\t<a href='https:\/\/www.sunnyshop211.com\/en\/?attachment_id=38352'><img decoding=\"async\" width=\"150\" height=\"150\" src=\"https:\/\/www.sunnyshop211.com\/wp-content\/uploads\/2024\/01\/8-150x150.jpg\" class=\"attachment-thumbnail size-thumbnail\" alt=\"Plateau c\u0153ur miniature\u00a01\/4 bjd, minifee, unoa\" srcset=\"https:\/\/www.sunnyshop211.com\/wp-content\/uploads\/2024\/01\/8-150x150.jpg 150w, https:\/\/www.sunnyshop211.com\/wp-content\/uploads\/2024\/01\/8-scaled-500x500.jpg 500w, https:\/\/www.sunnyshop211.com\/wp-content\/uploads\/2024\/01\/8-scaled-100x100.jpg 100w\" sizes=\"(max-width: 150px) 100vw, 150px\" \/><\/a>\n\t\t\t<\/div><\/figure><figure class='gallery-item'>\n\t\t\t<div class='gallery-icon landscape'>\n\t\t\t\t<a href='https:\/\/www.sunnyshop211.com\/en\/?attachment_id=29738'><img decoding=\"async\" width=\"150\" height=\"150\" src=\"https:\/\/www.sunnyshop211.com\/wp-content\/uploads\/2022\/12\/stvalentin285329-150x150.jpg\" class=\"attachment-thumbnail size-thumbnail\" alt=\"\" srcset=\"https:\/\/www.sunnyshop211.com\/wp-content\/uploads\/2022\/12\/stvalentin285329-150x150.jpg 150w, https:\/\/www.sunnyshop211.com\/wp-content\/uploads\/2022\/12\/stvalentin285329-scaled-500x500.jpg 500w, https:\/\/www.sunnyshop211.com\/wp-content\/uploads\/2022\/12\/stvalentin285329-scaled-100x100.jpg 100w\" sizes=\"(max-width: 150px) 100vw, 150px\" \/><\/a>\n\t\t\t<\/div><\/figure>\n\t\t<\/div>\n\n<h2 data-start=\"162\" data-end=\"262\">\u2764\ufe0f <strong data-start=\"165\" data-end=\"205\">Miniature heart tray - 1\/4 scale<\/strong><br data-start=\"205\" data-end=\"208\" \/>Minifee - MSD - Unoa - Bimong - Diorama Saint-Valentin<\/h2>\n<p data-start=\"264\" data-end=\"455\">Add a romantic, delicate touch to your miniature scenes with this heart-shaped tray, ideal for celebrating Valentine's Day and creating settings full of tenderness \ud83e\uddf8\u2728<\/p>\n<hr data-start=\"457\" data-end=\"460\" \/>\n<p data-start=\"462\" data-end=\"479\">\u2728 <strong data-start=\"464\" data-end=\"479\">Description<\/strong><\/p>\n<p data-start=\"481\" data-end=\"552\">This miniature heart tray is perfect for accessorizing your dioramas:<\/p>\n<p data-start=\"554\" data-end=\"748\">- Miniature tray <strong data-start=\"574\" data-end=\"584\">fictitious<\/strong><br data-start=\"584\" data-end=\"587\" \/>- Shape <strong data-start=\"595\" data-end=\"603\">heart<\/strong><br data-start=\"603\" data-end=\"606\" \/>- Romantic and decorative design<br data-start=\"638\" data-end=\"641\" \/>- Ideal for Valentine's scenes, tea time and delicacies<br data-start=\"704\" data-end=\"707\" \/>- Perfect for dolls <strong data-start=\"741\" data-end=\"748\">1\/4<\/strong><\/p>\n<p data-start=\"750\" data-end=\"855\">\ud83d\udd8b\ufe0f <strong data-start=\"754\" data-end=\"776\">Choice of finishes<\/strong> :<br \/>\n- Writing <strong data-start=\"790\" data-end=\"804\">\u00abhug me\u00bb<\/strong><br data-start=\"804\" data-end=\"807\" \/>- Writing <strong data-start=\"818\" data-end=\"833\">\u00abbe mine\u00bb<\/strong><br data-start=\"833\" data-end=\"836\" \/>\u2022 <strong data-start=\"838\" data-end=\"855\">No writing<\/strong><\/p>\n<p data-start=\"857\" data-end=\"904\">\ud83d\udc49 Finish to be selected when ordering.<\/p>\n<hr data-start=\"906\" data-end=\"909\" \/>\n<p data-start=\"911\" data-end=\"938\">\ud83d\udccf <strong data-start=\"914\" data-end=\"938\">Scale &amp; dimensions<\/strong><\/p>\n<p data-start=\"940\" data-end=\"1094\">\u2714 Scale: <strong data-start=\"952\" data-end=\"959\">1\/4<\/strong><br data-start=\"959\" data-end=\"962\" \/>\u2714 Height: approx. <strong data-start=\"982\" data-end=\"990\">5 cm<\/strong><br data-start=\"990\" data-end=\"993\" \/>\u2714 Suitable for dolls:<br \/>\n- Minifee<br data-start=\"1025\" data-end=\"1028\" \/>- MSD<br data-start=\"1033\" data-end=\"1036\" \/>- Unoa<br data-start=\"1042\" data-end=\"1045\" \/>- Bimong<br data-start=\"1053\" data-end=\"1056\" \/>- Other models of similar size<\/p>\n<hr data-start=\"1096\" data-end=\"1099\" \/>\n<p data-start=\"1101\" data-end=\"1115\">\ud83d\udce6 <strong data-start=\"1104\" data-end=\"1115\">Contents<\/strong><\/p>\n<p data-start=\"1117\" data-end=\"1168\">\u2022 <strong data-start=\"1119\" data-end=\"1147\">1 miniature heart tray<\/strong><br data-start=\"1147\" data-end=\"1150\" \/>\ud83d\udc49 Sold by unit<\/p>\n<hr data-start=\"1170\" data-end=\"1173\" \/>\n<h3 data-start=\"1175\" data-end=\"1205\">\ud83d\udd90\ufe0f <strong data-start=\"1179\" data-end=\"1205\">Handcrafted products<\/strong><\/h3>\n<p data-start=\"1207\" data-end=\"1407\">- Handmade items<br data-start=\"1226\" data-end=\"1229\" \/>- Each tray is unique<br data-start=\"1256\" data-end=\"1259\" \/>- Slight variations in shape, color or finish may occur.<br data-start=\"1334\" data-end=\"1337\" \/>- A few minor imperfections may occur, due to the craftsmanship involved.<\/p>\n<hr data-start=\"1409\" data-end=\"1412\" \/>\n<p data-start=\"1414\" data-end=\"1447\">\ud83c\udfe1 <strong data-start=\"1417\" data-end=\"1447\">Use &amp; associations<\/strong><\/p>\n<p data-start=\"1449\" data-end=\"1670\">- Decorative accessory for :<br \/>\n- Valentine's Day dioramas<br data-start=\"1504\" data-end=\"1507\" \/>- romantic scenes<br data-start=\"1527\" data-end=\"1530\" \/>- miniature gourmet presentations<br data-start=\"1567\" data-end=\"1570\" \/>- Compatible with my furniture and accessories sold separately<br data-start=\"1632\" data-end=\"1635\" \/>- Suitable for staging <strong data-start=\"1663\" data-end=\"1670\">1\/4<\/strong><\/p>\n<p data-start=\"1672\" data-end=\"1758\">\ud83d\udc49 The <strong data-start=\"1679\" data-end=\"1717\">mini Valentine's cupcakes<\/strong> are sold separately in the store.<\/p>\n<hr data-start=\"1760\" data-end=\"1763\" \/>\n<p data-start=\"1765\" data-end=\"1796\">\ud83d\udcf8 <strong data-start=\"1768\" data-end=\"1796\">Important information<\/strong><\/p>\n<p data-start=\"1798\" data-end=\"1937\">- The photos are examples of staging<br data-start=\"1845\" data-end=\"1848\" \/>- Only the heart tray is sold<br data-start=\"1880\" data-end=\"1883\" \/>- Dolls, cupcakes, furniture and accessories not included<\/p>\n<p data-start=\"1939\" data-end=\"2021\">\ud83d\udcf8 More photos and inspiration :<br data-start=\"1976\" data-end=\"1979\" \/>\ud83d\udc49 <a class=\"decorated-link\" href=\"https:\/\/www.instagram.com\/sunnyshop211\/\" target=\"_new\" rel=\"noopener\" data-start=\"1982\" data-end=\"2021\">https:\/\/www.instagram.com\/sunnyshop211\/<\/a><\/p>\n<hr data-start=\"2023\" data-end=\"2026\" \/>\n<p data-start=\"2028\" data-end=\"2051\">\u26a0\ufe0f <strong data-start=\"2031\" data-end=\"2051\">Terms of use<\/strong><\/p>\n<p data-start=\"2053\" data-end=\"2323\">- This is not a toy<br data-start=\"2078\" data-end=\"2081\" \/>- Article intended for an adult and collecting public<br data-start=\"2135\" data-end=\"2138\" \/>- Made to order - please allow for normal manufacturing and delivery times.<br data-start=\"2236\" data-end=\"2239\" \/>- sunnyshop211 cannot be held responsible for any damage incurred in transit.<\/p>\n<hr data-start=\"2325\" data-end=\"2328\" \/>\n<p data-start=\"2330\" data-end=\"2446\">\u2764\ufe0f <strong data-start=\"2333\" data-end=\"2444\">A miniature tray full of love to enhance your 1\/4 scenes on Valentine's Day or all year round.<\/strong><\/p>","protected":false},"excerpt":{"rendered":"<p>miniature glass \/ miniature glasses<\/p>","protected":false},"featured_media":38352,"comment_status":"open","ping_status":"closed","template":"","meta":{"_crdt_document":"","jetpack_post_was_ever_published":false,"jetpack_publicize_message":"","jetpack_publicize_feature_enabled":true,"jetpack_social_post_already_shared":true,"jetpack_social_options":{"image_generator_settings":{"template":"highway","default_image_id":0,"font":"","enabled":false},"version":2}},"product_brand":[],"product_cat":[667687022,667687074],"product_tag":[667684082,667681447,667681443,667681234,667681226,667681233,667681444,667681272,667681239,667681445,667681241,667681242,667681448,667681232,667681173,667681237,667681177,667681235,667684078,667681260,667681446,667684086,667684084,667684080],"class_list":{"0":"post-38411","1":"product","2":"type-product","3":"status-publish","4":"has-post-thumbnail","6":"product_cat-decoration-de-cuisine","7":"product_cat--decoration-de-la-saint-valentin","8":"product_tag-blood","9":"product_tag-coca","10":"product_tag-cocktail","11":"product_tag-diorama","12":"product_tag-doll","13":"product_tag-dollhouse","14":"product_tag-drink","15":"product_tag-elowynn-wilde","16":"product_tag-fairyland","17":"product_tag-glass","18":"product_tag-iplehouse","19":"product_tag-jid","20":"product_tag-jus-d-orange","21":"product_tag-miniature","22":"product_tag-minifee","23":"product_tag-msd","24":"product_tag-poupee","25":"product_tag-roombox","26":"product_tag-sang","27":"product_tag-tonner","28":"product_tag-verre","29":"product_tag-verre-pied","30":"product_tag-vin","31":"product_tag-wine","32":"product_shipping_class-lettre-suivie","33":"pa_couleur-dore-golden","34":"pa_couleur-rose-pink","35":"pa_couleur-rouge","37":"first","38":"instock","39":"shipping-taxable","40":"purchasable","41":"product-type-variable"},"yoast_head":"<!-- This site is optimized with the Yoast SEO plugin v27.5 - https:\/\/yoast.com\/product\/yoast-seo-wordpress\/ -->\n<title>Plateau c\u0153ur miniature\u00a01\/4 bjd, minifee, unoa -<\/title>\n<meta name=\"description\" content=\"Plateau c\u0153ur miniature\u00a01\/4 bjd, minifee, unoa, MSD, a ou autres de m\u00eame tailles .Id\u00e9al pour vos dioramas et mises en sc\u00e8nes.\" \/>\n<meta name=\"robots\" content=\"index, follow, max-snippet:-1, max-image-preview:large, max-video-preview:-1\" \/>\n<link rel=\"canonical\" href=\"https:\/\/www.sunnyshop211.com\/en\/product\/plateau-coeur-miniature-1-4-bjd-minifee-unoa\/\" \/>\n<meta property=\"og:locale\" content=\"en_US\" \/>\n<meta property=\"og:type\" content=\"article\" \/>\n<meta property=\"og:title\" content=\"Plateau c\u0153ur miniature\u00a01\/4 bjd, minifee, unoa -\" \/>\n<meta property=\"og:description\" content=\"Plateau c\u0153ur miniature\u00a01\/4 bjd, minifee, unoa, MSD, a ou autres de m\u00eame tailles .Id\u00e9al pour vos dioramas et mises en sc\u00e8nes.\" \/>\n<meta property=\"og:url\" content=\"https:\/\/www.sunnyshop211.com\/en\/product\/plateau-coeur-miniature-1-4-bjd-minifee-unoa\/\" \/>\n<meta property=\"og:site_name\" content=\"Sunnyshop211 -Vente de dioramas, meubles, miniatures , bjd poup\u00e9es 1\/12 1\/8 1\/6 1\/4 1\/3\" \/>\n<meta property=\"article:publisher\" content=\"https:\/\/www.facebook.com\/sunnyshop211\/?ref=bookmarks\" \/>\n<meta property=\"article:modified_time\" content=\"2026-01-03T17:12:33+00:00\" \/>\n<meta property=\"og:image\" content=\"https:\/\/www.sunnyshop211.com\/wp-content\/uploads\/2024\/01\/8-scaled.jpg\" \/>\n\t<meta property=\"og:image:width\" content=\"2560\" \/>\n\t<meta property=\"og:image:height\" content=\"1707\" \/>\n\t<meta property=\"og:image:type\" content=\"image\/jpeg\" \/>\n<meta name=\"twitter:card\" content=\"summary_large_image\" \/>\n<meta name=\"twitter:site\" content=\"@sunnyshop211\" \/>\n<meta name=\"twitter:label1\" content=\"Est. reading time\" \/>\n\t<meta name=\"twitter:data1\" content=\"2 minutes\" \/>\n<script type=\"application\/ld+json\" class=\"yoast-schema-graph\">{\"@context\":\"https:\\\/\\\/schema.org\",\"@graph\":[{\"@type\":\"WebPage\",\"@id\":\"https:\\\/\\\/www.sunnyshop211.com\\\/produit\\\/plateau-coeur-miniature-1-4-bjd-minifee-unoa\\\/\",\"url\":\"https:\\\/\\\/www.sunnyshop211.com\\\/produit\\\/plateau-coeur-miniature-1-4-bjd-minifee-unoa\\\/\",\"name\":\"Plateau c\u0153ur miniature\u00a01\\\/4 bjd, minifee, unoa -\",\"isPartOf\":{\"@id\":\"https:\\\/\\\/www.sunnyshop211.com\\\/#website\"},\"primaryImageOfPage\":{\"@id\":\"https:\\\/\\\/www.sunnyshop211.com\\\/produit\\\/plateau-coeur-miniature-1-4-bjd-minifee-unoa\\\/#primaryimage\"},\"image\":{\"@id\":\"https:\\\/\\\/www.sunnyshop211.com\\\/produit\\\/plateau-coeur-miniature-1-4-bjd-minifee-unoa\\\/#primaryimage\"},\"thumbnailUrl\":\"https:\\\/\\\/www.sunnyshop211.com\\\/wp-content\\\/uploads\\\/2024\\\/01\\\/8-scaled.jpg\",\"datePublished\":\"2024-01-02T16:52:44+00:00\",\"dateModified\":\"2026-01-03T17:12:33+00:00\",\"description\":\"Plateau c\u0153ur miniature\u00a01\\\/4 bjd, minifee, unoa, MSD, a ou autres de m\u00eame tailles .Id\u00e9al pour vos dioramas et mises en sc\u00e8nes.\",\"breadcrumb\":{\"@id\":\"https:\\\/\\\/www.sunnyshop211.com\\\/produit\\\/plateau-coeur-miniature-1-4-bjd-minifee-unoa\\\/#breadcrumb\"},\"inLanguage\":\"en-US\",\"potentialAction\":[{\"@type\":\"ReadAction\",\"target\":[\"https:\\\/\\\/www.sunnyshop211.com\\\/produit\\\/plateau-coeur-miniature-1-4-bjd-minifee-unoa\\\/\"]}]},{\"@type\":\"ImageObject\",\"inLanguage\":\"en-US\",\"@id\":\"https:\\\/\\\/www.sunnyshop211.com\\\/produit\\\/plateau-coeur-miniature-1-4-bjd-minifee-unoa\\\/#primaryimage\",\"url\":\"https:\\\/\\\/www.sunnyshop211.com\\\/wp-content\\\/uploads\\\/2024\\\/01\\\/8-scaled.jpg\",\"contentUrl\":\"https:\\\/\\\/www.sunnyshop211.com\\\/wp-content\\\/uploads\\\/2024\\\/01\\\/8-scaled.jpg\",\"width\":2560,\"height\":1707,\"caption\":\"Plateau c\u0153ur miniature\u00a01\\\/4 bjd, minifee, unoa\"},{\"@type\":\"BreadcrumbList\",\"@id\":\"https:\\\/\\\/www.sunnyshop211.com\\\/produit\\\/plateau-coeur-miniature-1-4-bjd-minifee-unoa\\\/#breadcrumb\",\"itemListElement\":[{\"@type\":\"ListItem\",\"position\":1,\"name\":\"Accueil\",\"item\":\"https:\\\/\\\/www.sunnyshop211.com\\\/\"},{\"@type\":\"ListItem\",\"position\":2,\"name\":\"Boutique\",\"item\":\"https:\\\/\\\/www.sunnyshop211.com\\\/boutique-miniature-bjd-dolls\\\/\"},{\"@type\":\"ListItem\",\"position\":3,\"name\":\"Plateau c\u0153ur miniature\u00a01\\\/4 bjd, minifee, unoa\"}]},{\"@type\":\"WebSite\",\"@id\":\"https:\\\/\\\/www.sunnyshop211.com\\\/#website\",\"url\":\"https:\\\/\\\/www.sunnyshop211.com\\\/\",\"name\":\"Vente de dioramas, meubles, miniatures , bjd poup\u00e9es 1\\\/12 1\\\/8 1\\\/6 1\\\/4 1\\\/3\",\"description\":\"Sunnyshop211 - Votre univers miniature pour poup\u00e9es et BJD, dioramas et meubles sur mesure !\",\"publisher\":{\"@id\":\"https:\\\/\\\/www.sunnyshop211.com\\\/#organization\"},\"alternateName\":\"sunnyshop211\",\"potentialAction\":[{\"@type\":\"SearchAction\",\"target\":{\"@type\":\"EntryPoint\",\"urlTemplate\":\"https:\\\/\\\/www.sunnyshop211.com\\\/?s={search_term_string}\"},\"query-input\":{\"@type\":\"PropertyValueSpecification\",\"valueRequired\":true,\"valueName\":\"search_term_string\"}}],\"inLanguage\":\"en-US\"},{\"@type\":\"Organization\",\"@id\":\"https:\\\/\\\/www.sunnyshop211.com\\\/#organization\",\"name\":\"sunnyshop211\",\"alternateName\":\"sunnyshop211 diorama bjd meuble miniature\",\"url\":\"https:\\\/\\\/www.sunnyshop211.com\\\/\",\"logo\":{\"@type\":\"ImageObject\",\"inLanguage\":\"en-US\",\"@id\":\"https:\\\/\\\/www.sunnyshop211.com\\\/#\\\/schema\\\/logo\\\/image\\\/\",\"url\":\"https:\\\/\\\/www.sunnyshop211.com\\\/wp-content\\\/uploads\\\/2022\\\/08\\\/cropped-cropped-cropped-Sunnyshop211-1.png\",\"contentUrl\":\"https:\\\/\\\/www.sunnyshop211.com\\\/wp-content\\\/uploads\\\/2022\\\/08\\\/cropped-cropped-cropped-Sunnyshop211-1.png\",\"width\":339,\"height\":339,\"caption\":\"sunnyshop211\"},\"image\":{\"@id\":\"https:\\\/\\\/www.sunnyshop211.com\\\/#\\\/schema\\\/logo\\\/image\\\/\"},\"sameAs\":[\"https:\\\/\\\/www.facebook.com\\\/sunnyshop211\\\/?ref=bookmarks\",\"https:\\\/\\\/x.com\\\/sunnyshop211\",\"https:\\\/\\\/www.instagram.com\\\/sunnyshop211\\\/\",\"https:\\\/\\\/www.tumblr.com\\\/blog\\\/sunnyshop211\",\"https:\\\/\\\/www.youtube.com\\\/channel\\\/UCtYY18OGGDKrTSzgcf7fCBg\",\"https:\\\/\\\/www.tiktok.com\\\/@sunnydollshop211?is_from_webapp=1&sender_device=pc\"]}]}<\/script>\n<!-- \/ Yoast SEO plugin. -->","yoast_head_json":{"title":"Miniature heart tray 1\/4 bjd, minifee, unoa -","description":"Miniature heart tray 1\/4 bjd, minifee, unoa, MSD, a or other sizes, ideal for dioramas and staging.","robots":{"index":"index","follow":"follow","max-snippet":"max-snippet:-1","max-image-preview":"max-image-preview:large","max-video-preview":"max-video-preview:-1"},"canonical":"https:\/\/www.sunnyshop211.com\/en\/product\/plateau-coeur-miniature-1-4-bjd-minifee-unoa\/","og_locale":"en_US","og_type":"article","og_title":"Plateau c\u0153ur miniature\u00a01\/4 bjd, minifee, unoa -","og_description":"Plateau c\u0153ur miniature\u00a01\/4 bjd, minifee, unoa, MSD, a ou autres de m\u00eame tailles .Id\u00e9al pour vos dioramas et mises en sc\u00e8nes.","og_url":"https:\/\/www.sunnyshop211.com\/en\/product\/plateau-coeur-miniature-1-4-bjd-minifee-unoa\/","og_site_name":"Sunnyshop211 -Vente de dioramas, meubles, miniatures , bjd poup\u00e9es 1\/12 1\/8 1\/6 1\/4 1\/3","article_publisher":"https:\/\/www.facebook.com\/sunnyshop211\/?ref=bookmarks","article_modified_time":"2026-01-03T17:12:33+00:00","og_image":[{"width":2560,"height":1707,"url":"https:\/\/www.sunnyshop211.com\/wp-content\/uploads\/2024\/01\/8-scaled.jpg","type":"image\/jpeg"}],"twitter_card":"summary_large_image","twitter_site":"@sunnyshop211","twitter_misc":{"Est. reading time":"2 minutes"},"schema":{"@context":"https:\/\/schema.org","@graph":[{"@type":"WebPage","@id":"https:\/\/www.sunnyshop211.com\/produit\/plateau-coeur-miniature-1-4-bjd-minifee-unoa\/","url":"https:\/\/www.sunnyshop211.com\/produit\/plateau-coeur-miniature-1-4-bjd-minifee-unoa\/","name":"Miniature heart tray 1\/4 bjd, minifee, unoa -","isPartOf":{"@id":"https:\/\/www.sunnyshop211.com\/#website"},"primaryImageOfPage":{"@id":"https:\/\/www.sunnyshop211.com\/produit\/plateau-coeur-miniature-1-4-bjd-minifee-unoa\/#primaryimage"},"image":{"@id":"https:\/\/www.sunnyshop211.com\/produit\/plateau-coeur-miniature-1-4-bjd-minifee-unoa\/#primaryimage"},"thumbnailUrl":"https:\/\/www.sunnyshop211.com\/wp-content\/uploads\/2024\/01\/8-scaled.jpg","datePublished":"2024-01-02T16:52:44+00:00","dateModified":"2026-01-03T17:12:33+00:00","description":"Miniature heart tray 1\/4 bjd, minifee, unoa, MSD, a or other sizes, ideal for dioramas and staging.","breadcrumb":{"@id":"https:\/\/www.sunnyshop211.com\/produit\/plateau-coeur-miniature-1-4-bjd-minifee-unoa\/#breadcrumb"},"inLanguage":"en-US","potentialAction":[{"@type":"ReadAction","target":["https:\/\/www.sunnyshop211.com\/produit\/plateau-coeur-miniature-1-4-bjd-minifee-unoa\/"]}]},{"@type":"ImageObject","inLanguage":"en-US","@id":"https:\/\/www.sunnyshop211.com\/produit\/plateau-coeur-miniature-1-4-bjd-minifee-unoa\/#primaryimage","url":"https:\/\/www.sunnyshop211.com\/wp-content\/uploads\/2024\/01\/8-scaled.jpg","contentUrl":"https:\/\/www.sunnyshop211.com\/wp-content\/uploads\/2024\/01\/8-scaled.jpg","width":2560,"height":1707,"caption":"Plateau c\u0153ur miniature\u00a01\/4 bjd, minifee, unoa"},{"@type":"BreadcrumbList","@id":"https:\/\/www.sunnyshop211.com\/produit\/plateau-coeur-miniature-1-4-bjd-minifee-unoa\/#breadcrumb","itemListElement":[{"@type":"ListItem","position":1,"name":"Accueil","item":"https:\/\/www.sunnyshop211.com\/"},{"@type":"ListItem","position":2,"name":"Boutique","item":"https:\/\/www.sunnyshop211.com\/boutique-miniature-bjd-dolls\/"},{"@type":"ListItem","position":3,"name":"Plateau c\u0153ur miniature\u00a01\/4 bjd, minifee, unoa"}]},{"@type":"WebSite","@id":"https:\/\/www.sunnyshop211.com\/#website","url":"https:\/\/www.sunnyshop211.com\/","name":"Sale of dioramas, furniture, miniatures, bjd dolls 1\/12 1\/8 1\/6 1\/4 1\/3","description":"Sunnyshop211 - Your miniature world for dolls and BJDs, dioramas and custom-made furniture!","publisher":{"@id":"https:\/\/www.sunnyshop211.com\/#organization"},"alternateName":"sunnyshop211","potentialAction":[{"@type":"SearchAction","target":{"@type":"EntryPoint","urlTemplate":"https:\/\/www.sunnyshop211.com\/?s={search_term_string}"},"query-input":{"@type":"PropertyValueSpecification","valueRequired":true,"valueName":"search_term_string"}}],"inLanguage":"en-US"},{"@type":"Organization","@id":"https:\/\/www.sunnyshop211.com\/#organization","name":"sunnyshop211","alternateName":"sunnyshop211 diorama bjd meuble miniature","url":"https:\/\/www.sunnyshop211.com\/","logo":{"@type":"ImageObject","inLanguage":"en-US","@id":"https:\/\/www.sunnyshop211.com\/#\/schema\/logo\/image\/","url":"https:\/\/www.sunnyshop211.com\/wp-content\/uploads\/2022\/08\/cropped-cropped-cropped-Sunnyshop211-1.png","contentUrl":"https:\/\/www.sunnyshop211.com\/wp-content\/uploads\/2022\/08\/cropped-cropped-cropped-Sunnyshop211-1.png","width":339,"height":339,"caption":"sunnyshop211"},"image":{"@id":"https:\/\/www.sunnyshop211.com\/#\/schema\/logo\/image\/"},"sameAs":["https:\/\/www.facebook.com\/sunnyshop211\/?ref=bookmarks","https:\/\/x.com\/sunnyshop211","https:\/\/www.instagram.com\/sunnyshop211\/","https:\/\/www.tumblr.com\/blog\/sunnyshop211","https:\/\/www.youtube.com\/channel\/UCtYY18OGGDKrTSzgcf7fCBg","https:\/\/www.tiktok.com\/@sunnydollshop211?is_from_webapp=1&sender_device=pc"]}]}},"jetpack_publicize_connections":[],"jetpack_sharing_enabled":true,"_links":{"self":[{"href":"https:\/\/www.sunnyshop211.com\/en\/wp-json\/wp\/v2\/product\/38411","targetHints":{"allow":["GET"]}}],"collection":[{"href":"https:\/\/www.sunnyshop211.com\/en\/wp-json\/wp\/v2\/product"}],"about":[{"href":"https:\/\/www.sunnyshop211.com\/en\/wp-json\/wp\/v2\/types\/product"}],"replies":[{"embeddable":true,"href":"https:\/\/www.sunnyshop211.com\/en\/wp-json\/wp\/v2\/comments?post=38411"}],"version-history":[{"count":3,"href":"https:\/\/www.sunnyshop211.com\/en\/wp-json\/wp\/v2\/product\/38411\/revisions"}],"predecessor-version":[{"id":53667,"href":"https:\/\/www.sunnyshop211.com\/en\/wp-json\/wp\/v2\/product\/38411\/revisions\/53667"}],"wp:featuredmedia":[{"embeddable":true,"href":"https:\/\/www.sunnyshop211.com\/en\/wp-json\/wp\/v2\/media\/38352"}],"wp:attachment":[{"href":"https:\/\/www.sunnyshop211.com\/en\/wp-json\/wp\/v2\/media?parent=38411"}],"wp:term":[{"taxonomy":"product_brand","embeddable":true,"href":"https:\/\/www.sunnyshop211.com\/en\/wp-json\/wp\/v2\/product_brand?post=38411"},{"taxonomy":"product_cat","embeddable":true,"href":"https:\/\/www.sunnyshop211.com\/en\/wp-json\/wp\/v2\/product_cat?post=38411"},{"taxonomy":"product_tag","embeddable":true,"href":"https:\/\/www.sunnyshop211.com\/en\/wp-json\/wp\/v2\/product_tag?post=38411"}],"curies":[{"name":"wp","href":"https:\/\/api.w.org\/{rel}","templated":true}]}}