{"id":38375,"date":"2024-01-02T17:18:24","date_gmt":"2024-01-02T16:18:24","guid":{"rendered":"https:\/\/www.sunnyshop211.com\/?post_type=product&#038;p=38375"},"modified":"2025-12-31T12:35:06","modified_gmt":"2025-12-31T11:35:06","slug":"plat-a-gateaux-miniature-1-6-1-4-1-3","status":"publish","type":"product","link":"https:\/\/www.sunnyshop211.com\/en\/product\/plat-a-gateaux-miniature-1-6-1-4-1-3\/","title":{"rendered":"Miniature cake platter 1\/6 1\/4 1\/3"},"content":{"rendered":"<div id='gallery-1' class='gallery galleryid-38375 gallery-columns-3 gallery-size-thumbnail'><figure class='gallery-item'>\n\t\t\t<div class='gallery-icon landscape'>\n\t\t\t\t<a href='https:\/\/www.sunnyshop211.com\/en\/?attachment_id=49327'><img decoding=\"async\" width=\"150\" height=\"150\" src=\"https:\/\/www.sunnyshop211.com\/wp-content\/uploads\/2025\/07\/70-150x150.jpg\" class=\"attachment-thumbnail size-thumbnail\" alt=\"Plat \u00e0 g\u00e2teaux miniature 1\/6 1\/4 1\/3\" srcset=\"https:\/\/www.sunnyshop211.com\/wp-content\/uploads\/2025\/07\/70-150x150.jpg 150w, https:\/\/www.sunnyshop211.com\/wp-content\/uploads\/2025\/07\/70-500x500.jpg 500w, https:\/\/www.sunnyshop211.com\/wp-content\/uploads\/2025\/07\/70-100x100.jpg 100w\" sizes=\"(max-width: 150px) 100vw, 150px\" \/><\/a>\n\t\t\t<\/div><\/figure><figure class='gallery-item'>\n\t\t\t<div class='gallery-icon landscape'>\n\t\t\t\t<a href='https:\/\/www.sunnyshop211.com\/en\/?attachment_id=38354'><img decoding=\"async\" width=\"150\" height=\"150\" src=\"https:\/\/www.sunnyshop211.com\/wp-content\/uploads\/2024\/01\/10-150x150.jpg\" class=\"attachment-thumbnail size-thumbnail\" alt=\"G\u00e2teaux simulation miniature saint valentin\" srcset=\"https:\/\/www.sunnyshop211.com\/wp-content\/uploads\/2024\/01\/10-150x150.jpg 150w, https:\/\/www.sunnyshop211.com\/wp-content\/uploads\/2024\/01\/10-scaled-500x500.jpg 500w, https:\/\/www.sunnyshop211.com\/wp-content\/uploads\/2024\/01\/10-scaled-100x100.jpg 100w, https:\/\/www.sunnyshop211.com\/wp-content\/uploads\/2024\/01\/10-13x12.jpg 13w\" sizes=\"(max-width: 150px) 100vw, 150px\" \/><\/a>\n\t\t\t<\/div><\/figure><figure class='gallery-item'>\n\t\t\t<div class='gallery-icon landscape'>\n\t\t\t\t<a href='https:\/\/www.sunnyshop211.com\/en\/?attachment_id=38348'><img decoding=\"async\" width=\"150\" height=\"150\" src=\"https:\/\/www.sunnyshop211.com\/wp-content\/uploads\/2024\/01\/4-150x150.jpg\" class=\"attachment-thumbnail size-thumbnail\" alt=\"Cake pop&#039;s simulation\" srcset=\"https:\/\/www.sunnyshop211.com\/wp-content\/uploads\/2024\/01\/4-150x150.jpg 150w, https:\/\/www.sunnyshop211.com\/wp-content\/uploads\/2024\/01\/4-scaled-500x500.jpg 500w, https:\/\/www.sunnyshop211.com\/wp-content\/uploads\/2024\/01\/4-scaled-100x100.jpg 100w\" sizes=\"(max-width: 150px) 100vw, 150px\" \/><\/a>\n\t\t\t<\/div><\/figure><figure class='gallery-item'>\n\t\t\t<div class='gallery-icon landscape'>\n\t\t\t\t<a href='https:\/\/www.sunnyshop211.com\/en\/?attachment_id=38355'><img loading=\"lazy\" decoding=\"async\" width=\"150\" height=\"150\" src=\"https:\/\/www.sunnyshop211.com\/wp-content\/uploads\/2024\/01\/11-150x150.jpg\" class=\"attachment-thumbnail size-thumbnail\" alt=\"plat g\u00e2teaux miniature\" srcset=\"https:\/\/www.sunnyshop211.com\/wp-content\/uploads\/2024\/01\/11-150x150.jpg 150w, https:\/\/www.sunnyshop211.com\/wp-content\/uploads\/2024\/01\/11-scaled-500x500.jpg 500w, https:\/\/www.sunnyshop211.com\/wp-content\/uploads\/2024\/01\/11-scaled-100x100.jpg 100w\" sizes=\"(max-width: 150px) 100vw, 150px\" \/><\/a>\n\t\t\t<\/div><\/figure>\n\t\t<\/div>\n\n<h2 data-start=\"161\" data-end=\"307\"><strong data-start=\"164\" data-end=\"218\">Miniature cake platter - Scale 1\/6 - 1\/4 - 1\/3<\/strong><br data-start=\"218\" data-end=\"221\" \/>Barbie - Blythe - Pullip - Minifee - MSD - SD - Feeple - Smart Doll - Diorama Gourmand<\/h2>\n<p data-start=\"309\" data-end=\"483\">Showcase your miniature cakes with this elegant and decorative standing cake dish, ideal for sublimating your gourmet scenes and dioramas at any scale \ud83e\uddf8\u2728<\/p>\n<hr data-start=\"485\" data-end=\"488\" \/>\n<p data-start=\"490\" data-end=\"507\">\u2728 <strong data-start=\"492\" data-end=\"507\">Description<\/strong><\/p>\n<p data-start=\"509\" data-end=\"574\">This miniature cake platter is perfect for setting the scene:<\/p>\n<p data-start=\"576\" data-end=\"797\">- Miniature cake platter <strong data-start=\"603\" data-end=\"613\">fictitious<\/strong><br data-start=\"613\" data-end=\"616\" \/>- Presentation <strong data-start=\"631\" data-end=\"645\">in height<\/strong><br data-start=\"645\" data-end=\"648\" \/>- Decorated edges to hold and enhance cakes<br data-start=\"710\" data-end=\"713\" \/>- Elegant, versatile design<br data-start=\"743\" data-end=\"746\" \/>- Ideal for gourmet scenes, parties and tea time<\/p>\n<p data-start=\"799\" data-end=\"872\">\ud83c\udfa8 <strong data-start=\"802\" data-end=\"823\">Choice of colors<\/strong> :<br \/>\n- Metal<br data-start=\"833\" data-end=\"836\" \/>- Black<br data-start=\"842\" data-end=\"845\" \/>- Red<br data-start=\"852\" data-end=\"855\" \/>- Rose<br data-start=\"861\" data-end=\"864\" \/>- Dor\u00e9<\/p>\n<p data-start=\"874\" data-end=\"920\">\ud83d\udc49 Color to be selected when ordering.<\/p>\n<hr data-start=\"922\" data-end=\"925\" \/>\n<p data-start=\"927\" data-end=\"954\">\ud83d\udccf <strong data-start=\"930\" data-end=\"954\">Scale &amp; dimensions<\/strong><\/p>\n<p data-start=\"956\" data-end=\"983\">\u2714 <strong data-start=\"958\" data-end=\"981\">Available sizes<\/strong> :<\/p>\n<p data-start=\"985\" data-end=\"1141\">\u2022 <strong data-start=\"987\" data-end=\"1002\">Scale 1\/6<\/strong> : about <strong data-start=\"1013\" data-end=\"1035\">4.5 cm diameter<\/strong><br data-start=\"1035\" data-end=\"1038\" \/>\u2022 <strong data-start=\"1040\" data-end=\"1055\">1\/4 scale<\/strong> : about <strong data-start=\"1066\" data-end=\"1088\">5.5 cm diameter<\/strong><br data-start=\"1088\" data-end=\"1091\" \/>\u2022 <strong data-start=\"1093\" data-end=\"1108\">Scale 1\/3<\/strong> : about <strong data-start=\"1119\" data-end=\"1141\">6.5 cm diameter<\/strong><\/p>\n<p data-start=\"1143\" data-end=\"1293\">\u2714 Suitable for dolls:<br \/>\n- 1\/6: Barbie, Blythe, Pullip<br data-start=\"1196\" data-end=\"1199\" \/>- 1\/4 : Minifee, MSD<br data-start=\"1219\" data-end=\"1222\" \/>- 1\/3: SD, Feeple, Smart Doll<br data-start=\"1252\" data-end=\"1255\" \/>- Other models of similar size<\/p>\n<p data-start=\"1295\" data-end=\"1340\">\ud83d\udc49 Size to be selected when ordering.<\/p>\n<hr data-start=\"1342\" data-end=\"1345\" \/>\n<p data-start=\"1347\" data-end=\"1361\">\ud83d\udce6 <strong data-start=\"1350\" data-end=\"1361\">Contents<\/strong><\/p>\n<p data-start=\"1363\" data-end=\"1411\">\u2022 <strong data-start=\"1365\" data-end=\"1395\">1 miniature cake pan<\/strong><br data-start=\"1395\" data-end=\"1398\" \/>\ud83d\udc49 Sold alone<\/p>\n<hr data-start=\"1413\" data-end=\"1416\" \/>\n<h3 data-start=\"1418\" data-end=\"1448\">\ud83d\udd90\ufe0f <strong data-start=\"1422\" data-end=\"1448\">Handcrafted products<\/strong><\/h3>\n<p data-start=\"1450\" data-end=\"1648\">- Handmade items<br data-start=\"1469\" data-end=\"1472\" \/>- Each piece is unique<br data-start=\"1497\" data-end=\"1500\" \/>- Slight variations in shape, color or finish may occur.<br data-start=\"1575\" data-end=\"1578\" \/>- A few minor imperfections may occur, due to the craftsmanship involved.<\/p>\n<hr data-start=\"1650\" data-end=\"1653\" \/>\n<p data-start=\"1655\" data-end=\"1688\">\ud83c\udfe1 <strong data-start=\"1658\" data-end=\"1688\">Use &amp; associations<\/strong><\/p>\n<p data-start=\"1690\" data-end=\"1905\">- Decorative accessory for :<br \/>\n- gourmet presentations<br data-start=\"1746\" data-end=\"1749\" \/>- festive dioramas<br data-start=\"1767\" data-end=\"1770\" \/>- tea time miniature<br data-start=\"1790\" data-end=\"1793\" \/>- Compatible with my furniture and accessories sold separately<br data-start=\"1855\" data-end=\"1858\" \/>- Suitable for staging <strong data-start=\"1886\" data-end=\"1905\">1\/6, 1\/4 and 1\/3<\/strong><\/p>\n<p data-start=\"1907\" data-end=\"1977\">\ud83d\udc49 The <strong data-start=\"1914\" data-end=\"1936\">miniature cakes<\/strong> are sold separately in the store.<\/p>\n<hr data-start=\"1979\" data-end=\"1982\" \/>\n<p data-start=\"1984\" data-end=\"2015\">\ud83d\udcf8 <strong data-start=\"1987\" data-end=\"2015\">Important information<\/strong><\/p>\n<p data-start=\"2017\" data-end=\"2157\">- The photos are examples of staging<br data-start=\"2064\" data-end=\"2067\" \/>- Only the cake pan is sold<br data-start=\"2101\" data-end=\"2104\" \/>- Dolls, cakes, furniture and accessories not included<\/p>\n<p data-start=\"2159\" data-end=\"2241\">\ud83d\udcf8 More photos and inspiration :<br data-start=\"2196\" data-end=\"2199\" \/>\ud83d\udc49 <a class=\"decorated-link\" href=\"https:\/\/www.instagram.com\/sunnyshop211\/\" target=\"_new\" rel=\"noopener\" data-start=\"2202\" data-end=\"2241\">https:\/\/www.instagram.com\/sunnyshop211\/<\/a><\/p>\n<hr data-start=\"2243\" data-end=\"2246\" \/>\n<p data-start=\"2248\" data-end=\"2271\">\u26a0\ufe0f <strong data-start=\"2251\" data-end=\"2271\">Terms of use<\/strong><\/p>\n<p data-start=\"2273\" data-end=\"2543\">- This is not a toy<br data-start=\"2298\" data-end=\"2301\" \/>- Article intended for an adult and collecting public<br data-start=\"2355\" data-end=\"2358\" \/>- Made to order - please allow for normal manufacturing and delivery times.<br data-start=\"2456\" data-end=\"2459\" \/>- sunnyshop211 cannot be held responsible for any damage incurred in transit.<\/p>\n<hr data-start=\"2545\" data-end=\"2548\" \/>\n<p data-start=\"2550\" data-end=\"2670\">\ud83c\udf70 <strong data-start=\"2553\" data-end=\"2668\">A must-have for presenting your miniature creations with elegance, whatever the scale of your dolls.<\/strong><\/p>\n<h3><\/h3>","protected":false},"excerpt":{"rendered":"<p>Plat \u00e0 g\u00e2teaux miniature \u2013 \u00c9chelle 1\/6 \u00b7 1\/4 \u00b7 1\/3Barbie \u00b7 Blythe \u00b7 Pullip \u00b7 Minifee \u00b7 MSD \u00b7 SD \u00b7 Feeple \u00b7 Smart Doll \u00b7 Diorama Gourmand Mettez en valeur vos g\u00e2teaux miniatures avec ce plat \u00e0 g\u00e2teaux sur pied, \u00e9l\u00e9gant et d\u00e9coratif, id\u00e9al pour sublimer vos sc\u00e8nes gourmandes et dioramas \u00e0 toutes [&hellip;]<\/p>\n","protected":false},"featured_media":49327,"comment_status":"open","ping_status":"closed","template":"","meta":{"_crdt_document":"","jetpack_post_was_ever_published":false,"jetpack_publicize_message":"","jetpack_publicize_feature_enabled":true,"jetpack_social_post_already_shared":true,"jetpack_social_options":{"image_generator_settings":{"template":"highway","default_image_id":0,"font":"","enabled":false},"version":2}},"product_brand":[],"product_cat":[667687021],"product_tag":[667681278,667681724,667681792,667681145,667681143,667681341,667681284,667681499,667681142,667684901,667684625,667684623,667681234,667681226,667681233,667681296,667681225,667685598,667684907,667681279,667681241,667681340,667681144,667681236,667681261,667681281,667681173,667681297,667681280,667685596,667681177,667681277,667681338,667681260,667684905],"class_list":{"0":"post-38375","1":"product","2":"type-product","3":"status-publish","4":"has-post-thumbnail","6":"product_cat-vaisselle","7":"product_tag-barbie","8":"product_tag-bear","9":"product_tag-bear-bed","10":"product_tag-bed","11":"product_tag-bedroom","12":"product_tag-bid","13":"product_tag-blythe","14":"product_tag-cake","15":"product_tag-chambre","16":"product_tag-cupcake","17":"product_tag-dinosaur","18":"product_tag-dinosaure","19":"product_tag-diorama","20":"product_tag-doll","21":"product_tag-dollhouse","22":"product_tag-food","23":"product_tag-furniture","24":"product_tag-gateau","25":"product_tag-gauffre","26":"product_tag-hot-toys","27":"product_tag-iplehouse","28":"product_tag-kid","29":"product_tag-lit","30":"product_tag-maison-de-poupee","31":"product_tag-meuble","32":"product_tag-meubles","33":"product_tag-minifee","34":"product_tag-nourriture","35":"product_tag-phicen","36":"product_tag-plat","37":"product_tag-poupee","38":"product_tag-pullip","39":"product_tag-table-de-nuit","40":"product_tag-tonner","41":"product_tag-waffle","42":"product_shipping_class-colissimo-5","43":"pa_couleur-dore-golden","44":"pa_couleur-metal","45":"pa_couleur-noir","46":"pa_couleur-rose","47":"pa_couleur-rouge","49":"first","50":"instock","51":"taxable","52":"shipping-taxable","53":"purchasable","54":"product-type-variable"},"yoast_head":"<!-- This site is optimized with the Yoast SEO plugin v27.5 - https:\/\/yoast.com\/product\/yoast-seo-wordpress\/ -->\n<title>Plat \u00e0 g\u00e2teaux miniature 1\/6 1\/4 1\/3 -<\/title>\n<meta name=\"description\" content=\"Plat \u00e0 g\u00e2teaux miniature 1\/6 1\/4 1\/3\u00a0 Barbie, pullip, bjd, msd, minifee, feeple smart doll. Ce plat \u00e0 g\u00e2teaux miniature est id\u00e9al pour vos mises en sc\u00e8nes.\" \/>\n<meta name=\"robots\" content=\"index, follow, max-snippet:-1, max-image-preview:large, max-video-preview:-1\" \/>\n<link rel=\"canonical\" href=\"https:\/\/www.sunnyshop211.com\/en\/product\/plat-a-gateaux-miniature-1-6-1-4-1-3\/\" \/>\n<meta property=\"og:locale\" content=\"en_US\" \/>\n<meta property=\"og:type\" content=\"article\" \/>\n<meta property=\"og:title\" content=\"Plat \u00e0 g\u00e2teaux miniature 1\/6 1\/4 1\/3 -\" \/>\n<meta property=\"og:description\" content=\"Plat \u00e0 g\u00e2teaux miniature 1\/6 1\/4 1\/3\u00a0 Barbie, pullip, bjd, msd, minifee, feeple smart doll. Ce plat \u00e0 g\u00e2teaux miniature est id\u00e9al pour vos mises en sc\u00e8nes.\" \/>\n<meta property=\"og:url\" content=\"https:\/\/www.sunnyshop211.com\/en\/product\/plat-a-gateaux-miniature-1-6-1-4-1-3\/\" \/>\n<meta property=\"og:site_name\" content=\"Sunnyshop211 -Vente de dioramas, meubles, miniatures , bjd poup\u00e9es 1\/12 1\/8 1\/6 1\/4 1\/3\" \/>\n<meta property=\"article:publisher\" content=\"https:\/\/www.facebook.com\/sunnyshop211\/?ref=bookmarks\" \/>\n<meta property=\"article:modified_time\" content=\"2025-12-31T11:35:06+00:00\" \/>\n<meta property=\"og:image\" content=\"https:\/\/www.sunnyshop211.com\/wp-content\/uploads\/2025\/07\/70-scaled.jpg\" \/>\n\t<meta property=\"og:image:width\" content=\"2560\" \/>\n\t<meta property=\"og:image:height\" content=\"1707\" \/>\n\t<meta property=\"og:image:type\" content=\"image\/jpeg\" \/>\n<meta name=\"twitter:card\" content=\"summary_large_image\" \/>\n<meta name=\"twitter:site\" content=\"@sunnyshop211\" \/>\n<meta name=\"twitter:label1\" content=\"Est. reading time\" \/>\n\t<meta name=\"twitter:data1\" content=\"3 minutes\" \/>\n<script type=\"application\/ld+json\" class=\"yoast-schema-graph\">{\"@context\":\"https:\\\/\\\/schema.org\",\"@graph\":[{\"@type\":\"WebPage\",\"@id\":\"https:\\\/\\\/www.sunnyshop211.com\\\/produit\\\/plat-a-gateaux-miniature-1-6-1-4-1-3\\\/\",\"url\":\"https:\\\/\\\/www.sunnyshop211.com\\\/produit\\\/plat-a-gateaux-miniature-1-6-1-4-1-3\\\/\",\"name\":\"Plat \u00e0 g\u00e2teaux miniature 1\\\/6 1\\\/4 1\\\/3 -\",\"isPartOf\":{\"@id\":\"https:\\\/\\\/www.sunnyshop211.com\\\/#website\"},\"primaryImageOfPage\":{\"@id\":\"https:\\\/\\\/www.sunnyshop211.com\\\/produit\\\/plat-a-gateaux-miniature-1-6-1-4-1-3\\\/#primaryimage\"},\"image\":{\"@id\":\"https:\\\/\\\/www.sunnyshop211.com\\\/produit\\\/plat-a-gateaux-miniature-1-6-1-4-1-3\\\/#primaryimage\"},\"thumbnailUrl\":\"https:\\\/\\\/www.sunnyshop211.com\\\/wp-content\\\/uploads\\\/2025\\\/07\\\/70-scaled.jpg\",\"datePublished\":\"2024-01-02T16:18:24+00:00\",\"dateModified\":\"2025-12-31T11:35:06+00:00\",\"description\":\"Plat \u00e0 g\u00e2teaux miniature 1\\\/6 1\\\/4 1\\\/3\u00a0 Barbie, pullip, bjd, msd, minifee, feeple smart doll. Ce plat \u00e0 g\u00e2teaux miniature est id\u00e9al pour vos mises en sc\u00e8nes.\",\"breadcrumb\":{\"@id\":\"https:\\\/\\\/www.sunnyshop211.com\\\/produit\\\/plat-a-gateaux-miniature-1-6-1-4-1-3\\\/#breadcrumb\"},\"inLanguage\":\"en-US\",\"potentialAction\":[{\"@type\":\"ReadAction\",\"target\":[\"https:\\\/\\\/www.sunnyshop211.com\\\/produit\\\/plat-a-gateaux-miniature-1-6-1-4-1-3\\\/\"]}]},{\"@type\":\"ImageObject\",\"inLanguage\":\"en-US\",\"@id\":\"https:\\\/\\\/www.sunnyshop211.com\\\/produit\\\/plat-a-gateaux-miniature-1-6-1-4-1-3\\\/#primaryimage\",\"url\":\"https:\\\/\\\/www.sunnyshop211.com\\\/wp-content\\\/uploads\\\/2025\\\/07\\\/70-scaled.jpg\",\"contentUrl\":\"https:\\\/\\\/www.sunnyshop211.com\\\/wp-content\\\/uploads\\\/2025\\\/07\\\/70-scaled.jpg\",\"width\":2560,\"height\":1707,\"caption\":\"Plat \u00e0 g\u00e2teaux miniature 1\\\/6 1\\\/4 1\\\/3\"},{\"@type\":\"BreadcrumbList\",\"@id\":\"https:\\\/\\\/www.sunnyshop211.com\\\/produit\\\/plat-a-gateaux-miniature-1-6-1-4-1-3\\\/#breadcrumb\",\"itemListElement\":[{\"@type\":\"ListItem\",\"position\":1,\"name\":\"Accueil\",\"item\":\"https:\\\/\\\/www.sunnyshop211.com\\\/\"},{\"@type\":\"ListItem\",\"position\":2,\"name\":\"Boutique\",\"item\":\"https:\\\/\\\/www.sunnyshop211.com\\\/boutique-miniature-bjd-dolls\\\/\"},{\"@type\":\"ListItem\",\"position\":3,\"name\":\"Plat \u00e0 g\u00e2teaux miniature 1\\\/6 1\\\/4 1\\\/3\"}]},{\"@type\":\"WebSite\",\"@id\":\"https:\\\/\\\/www.sunnyshop211.com\\\/#website\",\"url\":\"https:\\\/\\\/www.sunnyshop211.com\\\/\",\"name\":\"Vente de dioramas, meubles, miniatures , bjd poup\u00e9es 1\\\/12 1\\\/8 1\\\/6 1\\\/4 1\\\/3\",\"description\":\"Sunnyshop211 - Votre univers miniature pour poup\u00e9es et BJD, dioramas et meubles sur mesure !\",\"publisher\":{\"@id\":\"https:\\\/\\\/www.sunnyshop211.com\\\/#organization\"},\"alternateName\":\"sunnyshop211\",\"potentialAction\":[{\"@type\":\"SearchAction\",\"target\":{\"@type\":\"EntryPoint\",\"urlTemplate\":\"https:\\\/\\\/www.sunnyshop211.com\\\/?s={search_term_string}\"},\"query-input\":{\"@type\":\"PropertyValueSpecification\",\"valueRequired\":true,\"valueName\":\"search_term_string\"}}],\"inLanguage\":\"en-US\"},{\"@type\":\"Organization\",\"@id\":\"https:\\\/\\\/www.sunnyshop211.com\\\/#organization\",\"name\":\"sunnyshop211\",\"alternateName\":\"sunnyshop211 diorama bjd meuble miniature\",\"url\":\"https:\\\/\\\/www.sunnyshop211.com\\\/\",\"logo\":{\"@type\":\"ImageObject\",\"inLanguage\":\"en-US\",\"@id\":\"https:\\\/\\\/www.sunnyshop211.com\\\/#\\\/schema\\\/logo\\\/image\\\/\",\"url\":\"https:\\\/\\\/www.sunnyshop211.com\\\/wp-content\\\/uploads\\\/2022\\\/08\\\/cropped-cropped-cropped-Sunnyshop211-1.png\",\"contentUrl\":\"https:\\\/\\\/www.sunnyshop211.com\\\/wp-content\\\/uploads\\\/2022\\\/08\\\/cropped-cropped-cropped-Sunnyshop211-1.png\",\"width\":339,\"height\":339,\"caption\":\"sunnyshop211\"},\"image\":{\"@id\":\"https:\\\/\\\/www.sunnyshop211.com\\\/#\\\/schema\\\/logo\\\/image\\\/\"},\"sameAs\":[\"https:\\\/\\\/www.facebook.com\\\/sunnyshop211\\\/?ref=bookmarks\",\"https:\\\/\\\/x.com\\\/sunnyshop211\",\"https:\\\/\\\/www.instagram.com\\\/sunnyshop211\\\/\",\"https:\\\/\\\/www.tumblr.com\\\/blog\\\/sunnyshop211\",\"https:\\\/\\\/www.youtube.com\\\/channel\\\/UCtYY18OGGDKrTSzgcf7fCBg\",\"https:\\\/\\\/www.tiktok.com\\\/@sunnydollshop211?is_from_webapp=1&sender_device=pc\"]}]}<\/script>\n<!-- \/ Yoast SEO plugin. -->","yoast_head_json":{"title":"Miniature cake platter 1\/6 1\/4 1\/3 -","description":"Miniature cake platter 1\/6 1\/4 1\/3 Barbie, pullip, bjd, msd, minifee, feeple smart doll. This miniature cake platter is ideal for staging.","robots":{"index":"index","follow":"follow","max-snippet":"max-snippet:-1","max-image-preview":"max-image-preview:large","max-video-preview":"max-video-preview:-1"},"canonical":"https:\/\/www.sunnyshop211.com\/en\/product\/plat-a-gateaux-miniature-1-6-1-4-1-3\/","og_locale":"en_US","og_type":"article","og_title":"Plat \u00e0 g\u00e2teaux miniature 1\/6 1\/4 1\/3 -","og_description":"Plat \u00e0 g\u00e2teaux miniature 1\/6 1\/4 1\/3\u00a0 Barbie, pullip, bjd, msd, minifee, feeple smart doll. Ce plat \u00e0 g\u00e2teaux miniature est id\u00e9al pour vos mises en sc\u00e8nes.","og_url":"https:\/\/www.sunnyshop211.com\/en\/product\/plat-a-gateaux-miniature-1-6-1-4-1-3\/","og_site_name":"Sunnyshop211 -Vente de dioramas, meubles, miniatures , bjd poup\u00e9es 1\/12 1\/8 1\/6 1\/4 1\/3","article_publisher":"https:\/\/www.facebook.com\/sunnyshop211\/?ref=bookmarks","article_modified_time":"2025-12-31T11:35:06+00:00","og_image":[{"width":2560,"height":1707,"url":"https:\/\/www.sunnyshop211.com\/wp-content\/uploads\/2025\/07\/70-scaled.jpg","type":"image\/jpeg"}],"twitter_card":"summary_large_image","twitter_site":"@sunnyshop211","twitter_misc":{"Est. reading time":"3 minutes"},"schema":{"@context":"https:\/\/schema.org","@graph":[{"@type":"WebPage","@id":"https:\/\/www.sunnyshop211.com\/produit\/plat-a-gateaux-miniature-1-6-1-4-1-3\/","url":"https:\/\/www.sunnyshop211.com\/produit\/plat-a-gateaux-miniature-1-6-1-4-1-3\/","name":"Miniature cake platter 1\/6 1\/4 1\/3 -","isPartOf":{"@id":"https:\/\/www.sunnyshop211.com\/#website"},"primaryImageOfPage":{"@id":"https:\/\/www.sunnyshop211.com\/produit\/plat-a-gateaux-miniature-1-6-1-4-1-3\/#primaryimage"},"image":{"@id":"https:\/\/www.sunnyshop211.com\/produit\/plat-a-gateaux-miniature-1-6-1-4-1-3\/#primaryimage"},"thumbnailUrl":"https:\/\/www.sunnyshop211.com\/wp-content\/uploads\/2025\/07\/70-scaled.jpg","datePublished":"2024-01-02T16:18:24+00:00","dateModified":"2025-12-31T11:35:06+00:00","description":"Miniature cake platter 1\/6 1\/4 1\/3 Barbie, pullip, bjd, msd, minifee, feeple smart doll. This miniature cake platter is ideal for staging.","breadcrumb":{"@id":"https:\/\/www.sunnyshop211.com\/produit\/plat-a-gateaux-miniature-1-6-1-4-1-3\/#breadcrumb"},"inLanguage":"en-US","potentialAction":[{"@type":"ReadAction","target":["https:\/\/www.sunnyshop211.com\/produit\/plat-a-gateaux-miniature-1-6-1-4-1-3\/"]}]},{"@type":"ImageObject","inLanguage":"en-US","@id":"https:\/\/www.sunnyshop211.com\/produit\/plat-a-gateaux-miniature-1-6-1-4-1-3\/#primaryimage","url":"https:\/\/www.sunnyshop211.com\/wp-content\/uploads\/2025\/07\/70-scaled.jpg","contentUrl":"https:\/\/www.sunnyshop211.com\/wp-content\/uploads\/2025\/07\/70-scaled.jpg","width":2560,"height":1707,"caption":"Plat \u00e0 g\u00e2teaux miniature 1\/6 1\/4 1\/3"},{"@type":"BreadcrumbList","@id":"https:\/\/www.sunnyshop211.com\/produit\/plat-a-gateaux-miniature-1-6-1-4-1-3\/#breadcrumb","itemListElement":[{"@type":"ListItem","position":1,"name":"Accueil","item":"https:\/\/www.sunnyshop211.com\/"},{"@type":"ListItem","position":2,"name":"Boutique","item":"https:\/\/www.sunnyshop211.com\/boutique-miniature-bjd-dolls\/"},{"@type":"ListItem","position":3,"name":"Plat \u00e0 g\u00e2teaux miniature 1\/6 1\/4 1\/3"}]},{"@type":"WebSite","@id":"https:\/\/www.sunnyshop211.com\/#website","url":"https:\/\/www.sunnyshop211.com\/","name":"Sale of dioramas, furniture, miniatures, bjd dolls 1\/12 1\/8 1\/6 1\/4 1\/3","description":"Sunnyshop211 - Your miniature world for dolls and BJDs, dioramas and custom-made furniture!","publisher":{"@id":"https:\/\/www.sunnyshop211.com\/#organization"},"alternateName":"sunnyshop211","potentialAction":[{"@type":"SearchAction","target":{"@type":"EntryPoint","urlTemplate":"https:\/\/www.sunnyshop211.com\/?s={search_term_string}"},"query-input":{"@type":"PropertyValueSpecification","valueRequired":true,"valueName":"search_term_string"}}],"inLanguage":"en-US"},{"@type":"Organization","@id":"https:\/\/www.sunnyshop211.com\/#organization","name":"sunnyshop211","alternateName":"sunnyshop211 diorama bjd meuble miniature","url":"https:\/\/www.sunnyshop211.com\/","logo":{"@type":"ImageObject","inLanguage":"en-US","@id":"https:\/\/www.sunnyshop211.com\/#\/schema\/logo\/image\/","url":"https:\/\/www.sunnyshop211.com\/wp-content\/uploads\/2022\/08\/cropped-cropped-cropped-Sunnyshop211-1.png","contentUrl":"https:\/\/www.sunnyshop211.com\/wp-content\/uploads\/2022\/08\/cropped-cropped-cropped-Sunnyshop211-1.png","width":339,"height":339,"caption":"sunnyshop211"},"image":{"@id":"https:\/\/www.sunnyshop211.com\/#\/schema\/logo\/image\/"},"sameAs":["https:\/\/www.facebook.com\/sunnyshop211\/?ref=bookmarks","https:\/\/x.com\/sunnyshop211","https:\/\/www.instagram.com\/sunnyshop211\/","https:\/\/www.tumblr.com\/blog\/sunnyshop211","https:\/\/www.youtube.com\/channel\/UCtYY18OGGDKrTSzgcf7fCBg","https:\/\/www.tiktok.com\/@sunnydollshop211?is_from_webapp=1&sender_device=pc"]}]}},"jetpack_publicize_connections":[],"jetpack_sharing_enabled":true,"_links":{"self":[{"href":"https:\/\/www.sunnyshop211.com\/en\/wp-json\/wp\/v2\/product\/38375","targetHints":{"allow":["GET"]}}],"collection":[{"href":"https:\/\/www.sunnyshop211.com\/en\/wp-json\/wp\/v2\/product"}],"about":[{"href":"https:\/\/www.sunnyshop211.com\/en\/wp-json\/wp\/v2\/types\/product"}],"replies":[{"embeddable":true,"href":"https:\/\/www.sunnyshop211.com\/en\/wp-json\/wp\/v2\/comments?post=38375"}],"version-history":[{"count":4,"href":"https:\/\/www.sunnyshop211.com\/en\/wp-json\/wp\/v2\/product\/38375\/revisions"}],"predecessor-version":[{"id":53670,"href":"https:\/\/www.sunnyshop211.com\/en\/wp-json\/wp\/v2\/product\/38375\/revisions\/53670"}],"wp:featuredmedia":[{"embeddable":true,"href":"https:\/\/www.sunnyshop211.com\/en\/wp-json\/wp\/v2\/media\/49327"}],"wp:attachment":[{"href":"https:\/\/www.sunnyshop211.com\/en\/wp-json\/wp\/v2\/media?parent=38375"}],"wp:term":[{"taxonomy":"product_brand","embeddable":true,"href":"https:\/\/www.sunnyshop211.com\/en\/wp-json\/wp\/v2\/product_brand?post=38375"},{"taxonomy":"product_cat","embeddable":true,"href":"https:\/\/www.sunnyshop211.com\/en\/wp-json\/wp\/v2\/product_cat?post=38375"},{"taxonomy":"product_tag","embeddable":true,"href":"https:\/\/www.sunnyshop211.com\/en\/wp-json\/wp\/v2\/product_tag?post=38375"}],"curies":[{"name":"wp","href":"https:\/\/api.w.org\/{rel}","templated":true}]}}