{"id":38190,"date":"2023-12-18T17:35:18","date_gmt":"2023-12-18T16:35:18","guid":{"rendered":"https:\/\/www.sunnyshop211.com\/?post_type=product&#038;p=38190"},"modified":"2025-12-31T15:25:22","modified_gmt":"2025-12-31T14:25:22","slug":"adaptateur-pile-9v-avec-prise-femelle-pour-lampe-miniature","status":"publish","type":"product","link":"https:\/\/www.sunnyshop211.com\/en\/product\/adaptateur-pile-9v-avec-prise-femelle-pour-lampe-miniature\/","title":{"rendered":"9V battery adapter with socket for miniature lamp"},"content":{"rendered":"<div id='gallery-1' class='gallery galleryid-38190 gallery-columns-3 gallery-size-thumbnail'><figure class='gallery-item'>\n\t\t\t<div class='gallery-icon landscape'>\n\t\t\t\t<a href='https:\/\/www.sunnyshop211.com\/en\/?attachment_id=38194'><img decoding=\"async\" width=\"150\" height=\"150\" src=\"https:\/\/www.sunnyshop211.com\/wp-content\/uploads\/2023\/12\/2547-150x150.jpg\" class=\"attachment-thumbnail size-thumbnail\" alt=\"Adaptateur pile 9V\" srcset=\"https:\/\/www.sunnyshop211.com\/wp-content\/uploads\/2023\/12\/2547-150x150.jpg 150w, https:\/\/www.sunnyshop211.com\/wp-content\/uploads\/2023\/12\/2547-500x500.jpg 500w, https:\/\/www.sunnyshop211.com\/wp-content\/uploads\/2023\/12\/2547-100x100.jpg 100w, https:\/\/www.sunnyshop211.com\/wp-content\/uploads\/2023\/12\/2547-768x768.jpg 768w, https:\/\/www.sunnyshop211.com\/wp-content\/uploads\/2023\/12\/2547-12x12.jpg 12w, https:\/\/www.sunnyshop211.com\/wp-content\/uploads\/2023\/12\/2547-60x60.jpg 60w, https:\/\/www.sunnyshop211.com\/wp-content\/uploads\/2023\/12\/2547.jpg 800w\" sizes=\"(max-width: 150px) 100vw, 150px\" \/><\/a>\n\t\t\t<\/div><\/figure><figure class='gallery-item'>\n\t\t\t<div class='gallery-icon landscape'>\n\t\t\t\t<a href='https:\/\/www.sunnyshop211.com\/en\/?attachment_id=38182'><img decoding=\"async\" width=\"150\" height=\"150\" src=\"https:\/\/www.sunnyshop211.com\/wp-content\/uploads\/2023\/12\/2-2-150x150.jpg\" class=\"attachment-thumbnail size-thumbnail\" alt=\"Feux de chemin\u00e9e miniature\" srcset=\"https:\/\/www.sunnyshop211.com\/wp-content\/uploads\/2023\/12\/2-2-150x150.jpg 150w, https:\/\/www.sunnyshop211.com\/wp-content\/uploads\/2023\/12\/2-2-scaled-500x500.jpg 500w, https:\/\/www.sunnyshop211.com\/wp-content\/uploads\/2023\/12\/2-2-scaled-100x100.jpg 100w\" sizes=\"(max-width: 150px) 100vw, 150px\" \/><\/a>\n\t\t\t<\/div><\/figure>\n\t\t<\/div>\n\n<h2 data-start=\"105\" data-end=\"167\">9V battery adapter with socket - miniature lighting<\/h2>\n<p data-start=\"169\" data-end=\"189\">\u2500\u2500\u2500\u2500\u2500\u2500\u2500\u2500\u2500\u2500\u2500\u2500\u2500\u2500\u2500\u2500\u2500\u2500\u2500\u2500<\/p>\n<h3 data-start=\"191\" data-end=\"208\">\u2728 Description<\/h3>\n<p data-start=\"210\" data-end=\"368\">This 9V battery adaptor with socket allows you to connect your 9-volt miniature lamps and bring light to your dioramas and miniature scenes.<\/p>\n<p data-start=\"370\" data-end=\"444\">It is indispensable for powering your miniature lighting systems.<\/p>\n<p data-start=\"446\" data-end=\"481\">\u2714 Fictional article.<br data-start=\"463\" data-end=\"466\" \/>\u2714 Sold alone.<\/p>\n<p data-start=\"483\" data-end=\"503\">\u2500\u2500\u2500\u2500\u2500\u2500\u2500\u2500\u2500\u2500\u2500\u2500\u2500\u2500\u2500\u2500\u2500\u2500\u2500\u2500<\/p>\n<h3 data-start=\"505\" data-end=\"526\">\ud83d\udca1 Operation<\/h3>\n<p data-start=\"528\" data-end=\"591\">This adapter plugs into a 9-volt battery (not supplied).<\/p>\n<p data-start=\"593\" data-end=\"746\">It allows you to :<br data-start=\"607\" data-end=\"610\" \/>- Connect a miniature 9V dollhouse lamp.<br data-start=\"666\" data-end=\"669\" \/>- Power certain lighting elements, such as a miniature fireplace.<\/p>\n<p data-start=\"748\" data-end=\"811\">A 9-volt battery is required for operation.<\/p>\n<p data-start=\"813\" data-end=\"833\">\u2500\u2500\u2500\u2500\u2500\u2500\u2500\u2500\u2500\u2500\u2500\u2500\u2500\u2500\u2500\u2500\u2500\u2500\u2500\u2500<\/p>\n<h3 data-start=\"835\" data-end=\"855\">\ud83e\uddf8 Compatibility<\/h3>\n<p data-start=\"857\" data-end=\"911\">Suitable for miniature scale installations:<\/p>\n<p data-start=\"913\" data-end=\"930\">- 1\/4.<br data-start=\"919\" data-end=\"922\" \/>- 1\/6.<\/p>\n<p data-start=\"932\" data-end=\"973\">A choice of two sizes is available.<\/p>\n<p data-start=\"975\" data-end=\"1077\">This adapter is required to use some of the lighting elements available in the store.<\/p>\n<p data-start=\"1079\" data-end=\"1099\">\u2500\u2500\u2500\u2500\u2500\u2500\u2500\u2500\u2500\u2500\u2500\u2500\u2500\u2500\u2500\u2500\u2500\u2500\u2500\u2500<\/p>\n<h3 data-start=\"1101\" data-end=\"1131\">\ud83d\udd90\ufe0f Craft manufacturing<\/h3>\n<p data-start=\"1133\" data-end=\"1183\">Each piece is handcrafted.<\/p>\n<p data-start=\"1185\" data-end=\"1341\">Because of its handmade character:<br data-start=\"1219\" data-end=\"1222\" \/>- slight variations in shape or color may occur.<br data-start=\"1288\" data-end=\"1291\" \/>- a few minor imperfections are possible.<\/p>\n<p data-start=\"1343\" data-end=\"1363\">\u2500\u2500\u2500\u2500\u2500\u2500\u2500\u2500\u2500\u2500\u2500\u2500\u2500\u2500\u2500\u2500\u2500\u2500\u2500\u2500<\/p>\n<h3 data-start=\"1365\" data-end=\"1396\">\ud83d\udce6 Important information<\/h3>\n<p data-start=\"1398\" data-end=\"1698\">- Made to order.<br data-start=\"1429\" data-end=\"1432\" \/>- The 9-volt battery is not supplied.<br data-start=\"1468\" data-end=\"1471\" \/>- All miniatures and lighting accessories are available in the store.<br data-start=\"1553\" data-end=\"1556\" \/>- The photos are examples of staging.<br data-start=\"1604\" data-end=\"1607\" \/>- More photos available on Instagram :<br data-start=\"1651\" data-end=\"1654\" \/>\ud83d\udc49 <a class=\"decorated-link\" href=\"https:\/\/www.instagram.com\/sunnyshop211\/\" target=\"_new\" rel=\"noopener\" data-start=\"1657\" data-end=\"1696\">https:\/\/www.instagram.com\/sunnyshop211\/<\/a><\/p>\n<p data-start=\"1700\" data-end=\"1720\">\u2500\u2500\u2500\u2500\u2500\u2500\u2500\u2500\u2500\u2500\u2500\u2500\u2500\u2500\u2500\u2500\u2500\u2500\u2500\u2500<\/p>\n<h3 data-start=\"1722\" data-end=\"1745\">\u26a0\ufe0f Imprint<\/h3>\n<p data-start=\"1747\" data-end=\"1889\">!!!! This is not a toy, this article is intended for adults.<br data-start=\"1818\" data-end=\"1821\" \/>I am not responsible for any damage in transit.<\/p>\n<p>&nbsp;<\/p>\n<p>&nbsp;<\/p>\n<p>&nbsp;<\/p>","protected":false},"excerpt":{"rendered":"<p>Adaptateur pile 9V avec prise femelle \u2013 \u00e9clairage miniature \u2500\u2500\u2500\u2500\u2500\u2500\u2500\u2500\u2500\u2500\u2500\u2500\u2500\u2500\u2500\u2500\u2500\u2500\u2500\u2500 \u2728 Description Cet adaptateur pile 9V avec prise femelle permet de raccorder vos lampes miniatures 9 volts et d\u2019apporter de la lumi\u00e8re \u00e0 vos dioramas et sc\u00e8nes miniatures. Il est indispensable pour alimenter vos syst\u00e8mes d\u2019\u00e9clairage miniatures. \u2714 Article fictif.\u2714 Vendu seul. \u2500\u2500\u2500\u2500\u2500\u2500\u2500\u2500\u2500\u2500\u2500\u2500\u2500\u2500\u2500\u2500\u2500\u2500\u2500\u2500 \ud83d\udca1 Fonctionnement [&hellip;]<\/p>\n","protected":false},"featured_media":38194,"comment_status":"open","ping_status":"closed","template":"","meta":{"_crdt_document":"","jetpack_post_was_ever_published":false,"jetpack_publicize_message":"","jetpack_publicize_feature_enabled":true,"jetpack_social_post_already_shared":true,"jetpack_social_options":{"image_generator_settings":{"template":"highway","default_image_id":0,"font":"","enabled":false},"version":2}},"product_brand":[],"product_cat":[667687030],"product_tag":[667681136,667681234,667681226,667681233,667685979,667681239,667681225,667681241,667681236,667681261,667681232,667681173,667681237,667685980,667681260],"class_list":{"0":"post-38190","1":"product","2":"type-product","3":"status-publish","4":"has-post-thumbnail","6":"product_cat-materiel-electrique","7":"product_tag-bjd","8":"product_tag-diorama","9":"product_tag-doll","10":"product_tag-dollhouse","11":"product_tag-escalier","12":"product_tag-fairyland","13":"product_tag-furniture","14":"product_tag-iplehouse","15":"product_tag-maison-de-poupee","16":"product_tag-meuble","17":"product_tag-miniature","18":"product_tag-minifee","19":"product_tag-msd","20":"product_tag-staircase","21":"product_tag-tonner","22":"product_shipping_class-lettre-suivie","24":"first","25":"instock","26":"taxable","27":"shipping-taxable","28":"purchasable","29":"product-type-simple"},"yoast_head":"<!-- This site is optimized with the Yoast SEO plugin v27.4 - https:\/\/yoast.com\/product\/yoast-seo-wordpress\/ -->\n<title>Adaptateur pile 9V avec prise femelle pour lampe miniature -<\/title>\n<meta name=\"description\" content=\"Adaptateur pile 9V avec prise femelle pour lampe miniature. Id\u00e9al pour customiser vos dioramas quelque soit la taille. Pour lampes miniatures 9 volt.\" \/>\n<meta name=\"robots\" content=\"index, follow, max-snippet:-1, max-image-preview:large, max-video-preview:-1\" \/>\n<link rel=\"canonical\" href=\"https:\/\/www.sunnyshop211.com\/en\/product\/adaptateur-pile-9v-avec-prise-femelle-pour-lampe-miniature\/\" \/>\n<meta property=\"og:locale\" content=\"en_US\" \/>\n<meta property=\"og:type\" content=\"article\" \/>\n<meta property=\"og:title\" content=\"Adaptateur pile 9V avec prise femelle pour lampe miniature -\" \/>\n<meta property=\"og:description\" content=\"Adaptateur pile 9V avec prise femelle pour lampe miniaturecet adaptateur de la marque Cr\u00e9al vous permettra de raccorder toutes vos lampes 9 volt avec prise femelle.\" \/>\n<meta property=\"og:url\" content=\"https:\/\/www.sunnyshop211.com\/en\/product\/adaptateur-pile-9v-avec-prise-femelle-pour-lampe-miniature\/\" \/>\n<meta property=\"og:site_name\" content=\"Sunnyshop211 -Vente de dioramas, meubles, miniatures , bjd poup\u00e9es 1\/12 1\/8 1\/6 1\/4 1\/3\" \/>\n<meta property=\"article:publisher\" content=\"https:\/\/www.facebook.com\/sunnyshop211\/?ref=bookmarks\" \/>\n<meta property=\"article:modified_time\" content=\"2025-12-31T14:25:22+00:00\" \/>\n<meta property=\"og:image\" content=\"https:\/\/www.sunnyshop211.com\/wp-content\/uploads\/2023\/12\/2547.jpg\" \/>\n\t<meta property=\"og:image:width\" content=\"800\" \/>\n\t<meta property=\"og:image:height\" content=\"800\" \/>\n\t<meta property=\"og:image:type\" content=\"image\/jpeg\" \/>\n<meta name=\"twitter:card\" content=\"summary_large_image\" \/>\n<meta name=\"twitter:site\" content=\"@sunnyshop211\" \/>\n<meta name=\"twitter:label1\" content=\"Est. reading time\" \/>\n\t<meta name=\"twitter:data1\" content=\"2 minutes\" \/>\n<script type=\"application\/ld+json\" class=\"yoast-schema-graph\">{\"@context\":\"https:\\\/\\\/schema.org\",\"@graph\":[{\"@type\":\"WebPage\",\"@id\":\"https:\\\/\\\/www.sunnyshop211.com\\\/produit\\\/adaptateur-pile-9v-avec-prise-femelle-pour-lampe-miniature\\\/\",\"url\":\"https:\\\/\\\/www.sunnyshop211.com\\\/produit\\\/adaptateur-pile-9v-avec-prise-femelle-pour-lampe-miniature\\\/\",\"name\":\"Adaptateur pile 9V avec prise femelle pour lampe miniature -\",\"isPartOf\":{\"@id\":\"https:\\\/\\\/www.sunnyshop211.com\\\/#website\"},\"primaryImageOfPage\":{\"@id\":\"https:\\\/\\\/www.sunnyshop211.com\\\/produit\\\/adaptateur-pile-9v-avec-prise-femelle-pour-lampe-miniature\\\/#primaryimage\"},\"image\":{\"@id\":\"https:\\\/\\\/www.sunnyshop211.com\\\/produit\\\/adaptateur-pile-9v-avec-prise-femelle-pour-lampe-miniature\\\/#primaryimage\"},\"thumbnailUrl\":\"https:\\\/\\\/www.sunnyshop211.com\\\/wp-content\\\/uploads\\\/2023\\\/12\\\/2547.jpg\",\"datePublished\":\"2023-12-18T16:35:18+00:00\",\"dateModified\":\"2025-12-31T14:25:22+00:00\",\"description\":\"Adaptateur pile 9V avec prise femelle pour lampe miniature. Id\u00e9al pour customiser vos dioramas quelque soit la taille. Pour lampes miniatures 9 volt.\",\"breadcrumb\":{\"@id\":\"https:\\\/\\\/www.sunnyshop211.com\\\/produit\\\/adaptateur-pile-9v-avec-prise-femelle-pour-lampe-miniature\\\/#breadcrumb\"},\"inLanguage\":\"en-US\",\"potentialAction\":[{\"@type\":\"ReadAction\",\"target\":[\"https:\\\/\\\/www.sunnyshop211.com\\\/produit\\\/adaptateur-pile-9v-avec-prise-femelle-pour-lampe-miniature\\\/\"]}]},{\"@type\":\"ImageObject\",\"inLanguage\":\"en-US\",\"@id\":\"https:\\\/\\\/www.sunnyshop211.com\\\/produit\\\/adaptateur-pile-9v-avec-prise-femelle-pour-lampe-miniature\\\/#primaryimage\",\"url\":\"https:\\\/\\\/www.sunnyshop211.com\\\/wp-content\\\/uploads\\\/2023\\\/12\\\/2547.jpg\",\"contentUrl\":\"https:\\\/\\\/www.sunnyshop211.com\\\/wp-content\\\/uploads\\\/2023\\\/12\\\/2547.jpg\",\"width\":800,\"height\":800,\"caption\":\"Adaptateur pile 9V\"},{\"@type\":\"BreadcrumbList\",\"@id\":\"https:\\\/\\\/www.sunnyshop211.com\\\/produit\\\/adaptateur-pile-9v-avec-prise-femelle-pour-lampe-miniature\\\/#breadcrumb\",\"itemListElement\":[{\"@type\":\"ListItem\",\"position\":1,\"name\":\"Accueil\",\"item\":\"https:\\\/\\\/www.sunnyshop211.com\\\/\"},{\"@type\":\"ListItem\",\"position\":2,\"name\":\"Boutique\",\"item\":\"https:\\\/\\\/www.sunnyshop211.com\\\/boutique-miniature-bjd-dolls\\\/\"},{\"@type\":\"ListItem\",\"position\":3,\"name\":\"Adaptateur pile 9V avec prise femelle pour lampe miniature\"}]},{\"@type\":\"WebSite\",\"@id\":\"https:\\\/\\\/www.sunnyshop211.com\\\/#website\",\"url\":\"https:\\\/\\\/www.sunnyshop211.com\\\/\",\"name\":\"Vente de dioramas, meubles, miniatures , bjd poup\u00e9es 1\\\/12 1\\\/8 1\\\/6 1\\\/4 1\\\/3\",\"description\":\"Sunnyshop211 - Votre univers miniature pour poup\u00e9es et BJD, dioramas et meubles sur mesure !\",\"publisher\":{\"@id\":\"https:\\\/\\\/www.sunnyshop211.com\\\/#organization\"},\"alternateName\":\"sunnyshop211\",\"potentialAction\":[{\"@type\":\"SearchAction\",\"target\":{\"@type\":\"EntryPoint\",\"urlTemplate\":\"https:\\\/\\\/www.sunnyshop211.com\\\/?s={search_term_string}\"},\"query-input\":{\"@type\":\"PropertyValueSpecification\",\"valueRequired\":true,\"valueName\":\"search_term_string\"}}],\"inLanguage\":\"en-US\"},{\"@type\":\"Organization\",\"@id\":\"https:\\\/\\\/www.sunnyshop211.com\\\/#organization\",\"name\":\"sunnyshop211\",\"alternateName\":\"sunnyshop211 diorama bjd meuble miniature\",\"url\":\"https:\\\/\\\/www.sunnyshop211.com\\\/\",\"logo\":{\"@type\":\"ImageObject\",\"inLanguage\":\"en-US\",\"@id\":\"https:\\\/\\\/www.sunnyshop211.com\\\/#\\\/schema\\\/logo\\\/image\\\/\",\"url\":\"https:\\\/\\\/www.sunnyshop211.com\\\/wp-content\\\/uploads\\\/2022\\\/08\\\/cropped-cropped-cropped-Sunnyshop211-1.png\",\"contentUrl\":\"https:\\\/\\\/www.sunnyshop211.com\\\/wp-content\\\/uploads\\\/2022\\\/08\\\/cropped-cropped-cropped-Sunnyshop211-1.png\",\"width\":339,\"height\":339,\"caption\":\"sunnyshop211\"},\"image\":{\"@id\":\"https:\\\/\\\/www.sunnyshop211.com\\\/#\\\/schema\\\/logo\\\/image\\\/\"},\"sameAs\":[\"https:\\\/\\\/www.facebook.com\\\/sunnyshop211\\\/?ref=bookmarks\",\"https:\\\/\\\/x.com\\\/sunnyshop211\",\"https:\\\/\\\/www.instagram.com\\\/sunnyshop211\\\/\",\"https:\\\/\\\/www.tumblr.com\\\/blog\\\/sunnyshop211\",\"https:\\\/\\\/www.youtube.com\\\/channel\\\/UCtYY18OGGDKrTSzgcf7fCBg\",\"https:\\\/\\\/www.tiktok.com\\\/@sunnydollshop211?is_from_webapp=1&sender_device=pc\"]}]}<\/script>\n<!-- \/ Yoast SEO plugin. -->","yoast_head_json":{"title":"9V battery adapter with socket for miniature light -","description":"9V battery adapter with socket for miniature lamp. Ideal for customizing dioramas of any size. For 9-volt miniature lamps.","robots":{"index":"index","follow":"follow","max-snippet":"max-snippet:-1","max-image-preview":"max-image-preview:large","max-video-preview":"max-video-preview:-1"},"canonical":"https:\/\/www.sunnyshop211.com\/en\/product\/adaptateur-pile-9v-avec-prise-femelle-pour-lampe-miniature\/","og_locale":"en_US","og_type":"article","og_title":"Adaptateur pile 9V avec prise femelle pour lampe miniature -","og_description":"Adaptateur pile 9V avec prise femelle pour lampe miniaturecet adaptateur de la marque Cr\u00e9al vous permettra de raccorder toutes vos lampes 9 volt avec prise femelle.","og_url":"https:\/\/www.sunnyshop211.com\/en\/product\/adaptateur-pile-9v-avec-prise-femelle-pour-lampe-miniature\/","og_site_name":"Sunnyshop211 -Vente de dioramas, meubles, miniatures , bjd poup\u00e9es 1\/12 1\/8 1\/6 1\/4 1\/3","article_publisher":"https:\/\/www.facebook.com\/sunnyshop211\/?ref=bookmarks","article_modified_time":"2025-12-31T14:25:22+00:00","og_image":[{"width":800,"height":800,"url":"https:\/\/www.sunnyshop211.com\/wp-content\/uploads\/2023\/12\/2547.jpg","type":"image\/jpeg"}],"twitter_card":"summary_large_image","twitter_site":"@sunnyshop211","twitter_misc":{"Est. reading time":"2 minutes"},"schema":{"@context":"https:\/\/schema.org","@graph":[{"@type":"WebPage","@id":"https:\/\/www.sunnyshop211.com\/produit\/adaptateur-pile-9v-avec-prise-femelle-pour-lampe-miniature\/","url":"https:\/\/www.sunnyshop211.com\/produit\/adaptateur-pile-9v-avec-prise-femelle-pour-lampe-miniature\/","name":"9V battery adapter with socket for miniature light -","isPartOf":{"@id":"https:\/\/www.sunnyshop211.com\/#website"},"primaryImageOfPage":{"@id":"https:\/\/www.sunnyshop211.com\/produit\/adaptateur-pile-9v-avec-prise-femelle-pour-lampe-miniature\/#primaryimage"},"image":{"@id":"https:\/\/www.sunnyshop211.com\/produit\/adaptateur-pile-9v-avec-prise-femelle-pour-lampe-miniature\/#primaryimage"},"thumbnailUrl":"https:\/\/www.sunnyshop211.com\/wp-content\/uploads\/2023\/12\/2547.jpg","datePublished":"2023-12-18T16:35:18+00:00","dateModified":"2025-12-31T14:25:22+00:00","description":"9V battery adapter with socket for miniature lamp. Ideal for customizing dioramas of any size. For 9-volt miniature lamps.","breadcrumb":{"@id":"https:\/\/www.sunnyshop211.com\/produit\/adaptateur-pile-9v-avec-prise-femelle-pour-lampe-miniature\/#breadcrumb"},"inLanguage":"en-US","potentialAction":[{"@type":"ReadAction","target":["https:\/\/www.sunnyshop211.com\/produit\/adaptateur-pile-9v-avec-prise-femelle-pour-lampe-miniature\/"]}]},{"@type":"ImageObject","inLanguage":"en-US","@id":"https:\/\/www.sunnyshop211.com\/produit\/adaptateur-pile-9v-avec-prise-femelle-pour-lampe-miniature\/#primaryimage","url":"https:\/\/www.sunnyshop211.com\/wp-content\/uploads\/2023\/12\/2547.jpg","contentUrl":"https:\/\/www.sunnyshop211.com\/wp-content\/uploads\/2023\/12\/2547.jpg","width":800,"height":800,"caption":"Adaptateur pile 9V"},{"@type":"BreadcrumbList","@id":"https:\/\/www.sunnyshop211.com\/produit\/adaptateur-pile-9v-avec-prise-femelle-pour-lampe-miniature\/#breadcrumb","itemListElement":[{"@type":"ListItem","position":1,"name":"Accueil","item":"https:\/\/www.sunnyshop211.com\/"},{"@type":"ListItem","position":2,"name":"Boutique","item":"https:\/\/www.sunnyshop211.com\/boutique-miniature-bjd-dolls\/"},{"@type":"ListItem","position":3,"name":"Adaptateur pile 9V avec prise femelle pour lampe miniature"}]},{"@type":"WebSite","@id":"https:\/\/www.sunnyshop211.com\/#website","url":"https:\/\/www.sunnyshop211.com\/","name":"Sale of dioramas, furniture, miniatures, bjd dolls 1\/12 1\/8 1\/6 1\/4 1\/3","description":"Sunnyshop211 - Your miniature world for dolls and BJDs, dioramas and custom-made furniture!","publisher":{"@id":"https:\/\/www.sunnyshop211.com\/#organization"},"alternateName":"sunnyshop211","potentialAction":[{"@type":"SearchAction","target":{"@type":"EntryPoint","urlTemplate":"https:\/\/www.sunnyshop211.com\/?s={search_term_string}"},"query-input":{"@type":"PropertyValueSpecification","valueRequired":true,"valueName":"search_term_string"}}],"inLanguage":"en-US"},{"@type":"Organization","@id":"https:\/\/www.sunnyshop211.com\/#organization","name":"sunnyshop211","alternateName":"sunnyshop211 diorama bjd meuble miniature","url":"https:\/\/www.sunnyshop211.com\/","logo":{"@type":"ImageObject","inLanguage":"en-US","@id":"https:\/\/www.sunnyshop211.com\/#\/schema\/logo\/image\/","url":"https:\/\/www.sunnyshop211.com\/wp-content\/uploads\/2022\/08\/cropped-cropped-cropped-Sunnyshop211-1.png","contentUrl":"https:\/\/www.sunnyshop211.com\/wp-content\/uploads\/2022\/08\/cropped-cropped-cropped-Sunnyshop211-1.png","width":339,"height":339,"caption":"sunnyshop211"},"image":{"@id":"https:\/\/www.sunnyshop211.com\/#\/schema\/logo\/image\/"},"sameAs":["https:\/\/www.facebook.com\/sunnyshop211\/?ref=bookmarks","https:\/\/x.com\/sunnyshop211","https:\/\/www.instagram.com\/sunnyshop211\/","https:\/\/www.tumblr.com\/blog\/sunnyshop211","https:\/\/www.youtube.com\/channel\/UCtYY18OGGDKrTSzgcf7fCBg","https:\/\/www.tiktok.com\/@sunnydollshop211?is_from_webapp=1&sender_device=pc"]}]}},"jetpack_publicize_connections":[],"jetpack_sharing_enabled":true,"_links":{"self":[{"href":"https:\/\/www.sunnyshop211.com\/en\/wp-json\/wp\/v2\/product\/38190","targetHints":{"allow":["GET"]}}],"collection":[{"href":"https:\/\/www.sunnyshop211.com\/en\/wp-json\/wp\/v2\/product"}],"about":[{"href":"https:\/\/www.sunnyshop211.com\/en\/wp-json\/wp\/v2\/types\/product"}],"replies":[{"embeddable":true,"href":"https:\/\/www.sunnyshop211.com\/en\/wp-json\/wp\/v2\/comments?post=38190"}],"version-history":[{"count":7,"href":"https:\/\/www.sunnyshop211.com\/en\/wp-json\/wp\/v2\/product\/38190\/revisions"}],"predecessor-version":[{"id":53761,"href":"https:\/\/www.sunnyshop211.com\/en\/wp-json\/wp\/v2\/product\/38190\/revisions\/53761"}],"wp:featuredmedia":[{"embeddable":true,"href":"https:\/\/www.sunnyshop211.com\/en\/wp-json\/wp\/v2\/media\/38194"}],"wp:attachment":[{"href":"https:\/\/www.sunnyshop211.com\/en\/wp-json\/wp\/v2\/media?parent=38190"}],"wp:term":[{"taxonomy":"product_brand","embeddable":true,"href":"https:\/\/www.sunnyshop211.com\/en\/wp-json\/wp\/v2\/product_brand?post=38190"},{"taxonomy":"product_cat","embeddable":true,"href":"https:\/\/www.sunnyshop211.com\/en\/wp-json\/wp\/v2\/product_cat?post=38190"},{"taxonomy":"product_tag","embeddable":true,"href":"https:\/\/www.sunnyshop211.com\/en\/wp-json\/wp\/v2\/product_tag?post=38190"}],"curies":[{"name":"wp","href":"https:\/\/api.w.org\/{rel}","templated":true}]}}