{"id":38045,"date":"2023-12-03T15:59:07","date_gmt":"2023-12-03T14:59:07","guid":{"rendered":"https:\/\/www.sunnyshop211.com\/?post_type=product&#038;p=38045"},"modified":"2025-12-29T17:59:56","modified_gmt":"2025-12-29T16:59:56","slug":"paillasson-miniature-1-6-1-4-barbie-minifee","status":"publish","type":"product","link":"https:\/\/www.sunnyshop211.com\/en\/product\/paillasson-miniature-1-6-1-4-barbie-minifee\/","title":{"rendered":"Miniature doormat 1\/6 1\/4 Barbie, minifee"},"content":{"rendered":"<div id='gallery-1' class='gallery galleryid-38045 gallery-columns-3 gallery-size-thumbnail'><figure class='gallery-item'>\n\t\t\t<div class='gallery-icon landscape'>\n\t\t\t\t<a href='https:\/\/www.sunnyshop211.com\/en\/?attachment_id=38100'><img decoding=\"async\" width=\"150\" height=\"119\" src=\"https:\/\/www.sunnyshop211.com\/wp-content\/uploads\/2023\/12\/9-scaled.jpg\" class=\"attachment-thumbnail size-thumbnail\" alt=\"paillasson miniature\" srcset=\"https:\/\/www.sunnyshop211.com\/wp-content\/uploads\/2023\/12\/9-scaled.jpg 2560w, https:\/\/www.sunnyshop211.com\/wp-content\/uploads\/2023\/12\/9-scaled-500x397.jpg 500w\" sizes=\"(max-width: 150px) 100vw, 150px\" \/><\/a>\n\t\t\t<\/div><\/figure><figure class='gallery-item'>\n\t\t\t<div class='gallery-icon landscape'>\n\t\t\t\t<a href='https:\/\/www.sunnyshop211.com\/en\/?attachment_id=38099'><img decoding=\"async\" width=\"150\" height=\"150\" src=\"https:\/\/www.sunnyshop211.com\/wp-content\/uploads\/2023\/12\/8-150x150.jpg\" class=\"attachment-thumbnail size-thumbnail\" alt=\"paillasson miniature\" srcset=\"https:\/\/www.sunnyshop211.com\/wp-content\/uploads\/2023\/12\/8-150x150.jpg 150w, https:\/\/www.sunnyshop211.com\/wp-content\/uploads\/2023\/12\/8-scaled-500x500.jpg 500w, https:\/\/www.sunnyshop211.com\/wp-content\/uploads\/2023\/12\/8-scaled-100x100.jpg 100w\" sizes=\"(max-width: 150px) 100vw, 150px\" \/><\/a>\n\t\t\t<\/div><\/figure><figure class='gallery-item'>\n\t\t\t<div class='gallery-icon landscape'>\n\t\t\t\t<a href='https:\/\/www.sunnyshop211.com\/en\/?attachment_id=38098'><img decoding=\"async\" width=\"150\" height=\"150\" src=\"https:\/\/www.sunnyshop211.com\/wp-content\/uploads\/2023\/12\/7-150x150.jpg\" class=\"attachment-thumbnail size-thumbnail\" alt=\"paillasson miniature\" srcset=\"https:\/\/www.sunnyshop211.com\/wp-content\/uploads\/2023\/12\/7-150x150.jpg 150w, https:\/\/www.sunnyshop211.com\/wp-content\/uploads\/2023\/12\/7-scaled-500x500.jpg 500w, https:\/\/www.sunnyshop211.com\/wp-content\/uploads\/2023\/12\/7-scaled-100x100.jpg 100w\" sizes=\"(max-width: 150px) 100vw, 150px\" \/><\/a>\n\t\t\t<\/div><\/figure><figure class='gallery-item'>\n\t\t\t<div class='gallery-icon landscape'>\n\t\t\t\t<a href='https:\/\/www.sunnyshop211.com\/en\/?attachment_id=38102'><img loading=\"lazy\" decoding=\"async\" width=\"150\" height=\"150\" src=\"https:\/\/www.sunnyshop211.com\/wp-content\/uploads\/2023\/12\/10-150x150.jpg\" class=\"attachment-thumbnail size-thumbnail\" alt=\"\" srcset=\"https:\/\/www.sunnyshop211.com\/wp-content\/uploads\/2023\/12\/10-150x150.jpg 150w, https:\/\/www.sunnyshop211.com\/wp-content\/uploads\/2023\/12\/10-scaled-500x500.jpg 500w, https:\/\/www.sunnyshop211.com\/wp-content\/uploads\/2023\/12\/10-scaled-100x100.jpg 100w, https:\/\/www.sunnyshop211.com\/wp-content\/uploads\/2023\/12\/10-13x12.jpg 13w\" sizes=\"(max-width: 150px) 100vw, 150px\" \/><\/a>\n\t\t\t<\/div><\/figure><figure class='gallery-item'>\n\t\t\t<div class='gallery-icon landscape'>\n\t\t\t\t<a href='https:\/\/www.sunnyshop211.com\/en\/?attachment_id=38097'><img loading=\"lazy\" decoding=\"async\" width=\"150\" height=\"150\" src=\"https:\/\/www.sunnyshop211.com\/wp-content\/uploads\/2023\/12\/6-150x150.jpg\" class=\"attachment-thumbnail size-thumbnail\" alt=\"\" srcset=\"https:\/\/www.sunnyshop211.com\/wp-content\/uploads\/2023\/12\/6-150x150.jpg 150w, https:\/\/www.sunnyshop211.com\/wp-content\/uploads\/2023\/12\/6-scaled-500x500.jpg 500w, https:\/\/www.sunnyshop211.com\/wp-content\/uploads\/2023\/12\/6-scaled-100x100.jpg 100w\" sizes=\"(max-width: 150px) 100vw, 150px\" \/><\/a>\n\t\t\t<\/div><\/figure><figure class='gallery-item'>\n\t\t\t<div class='gallery-icon landscape'>\n\t\t\t\t<a href='https:\/\/www.sunnyshop211.com\/en\/?attachment_id=38096'><img loading=\"lazy\" decoding=\"async\" width=\"150\" height=\"150\" src=\"https:\/\/www.sunnyshop211.com\/wp-content\/uploads\/2023\/12\/5-150x150.jpg\" class=\"attachment-thumbnail size-thumbnail\" alt=\"\" srcset=\"https:\/\/www.sunnyshop211.com\/wp-content\/uploads\/2023\/12\/5-150x150.jpg 150w, https:\/\/www.sunnyshop211.com\/wp-content\/uploads\/2023\/12\/5-scaled-500x500.jpg 500w, https:\/\/www.sunnyshop211.com\/wp-content\/uploads\/2023\/12\/5-scaled-100x100.jpg 100w\" sizes=\"(max-width: 150px) 100vw, 150px\" \/><\/a>\n\t\t\t<\/div><\/figure><figure class='gallery-item'>\n\t\t\t<div class='gallery-icon landscape'>\n\t\t\t\t<a href='https:\/\/www.sunnyshop211.com\/en\/?attachment_id=38103'><img loading=\"lazy\" decoding=\"async\" width=\"150\" height=\"150\" src=\"https:\/\/www.sunnyshop211.com\/wp-content\/uploads\/2023\/12\/14-150x150.jpg\" class=\"attachment-thumbnail size-thumbnail\" alt=\"\" srcset=\"https:\/\/www.sunnyshop211.com\/wp-content\/uploads\/2023\/12\/14-150x150.jpg 150w, https:\/\/www.sunnyshop211.com\/wp-content\/uploads\/2023\/12\/14-scaled-500x500.jpg 500w, https:\/\/www.sunnyshop211.com\/wp-content\/uploads\/2023\/12\/14-scaled-100x100.jpg 100w\" sizes=\"(max-width: 150px) 100vw, 150px\" \/><\/a>\n\t\t\t<\/div><\/figure><figure class='gallery-item'>\n\t\t\t<div class='gallery-icon portrait'>\n\t\t\t\t<a href='https:\/\/www.sunnyshop211.com\/en\/?attachment_id=38110'><img loading=\"lazy\" decoding=\"async\" width=\"150\" height=\"150\" src=\"https:\/\/www.sunnyshop211.com\/wp-content\/uploads\/2023\/12\/2-150x150.jpg\" class=\"attachment-thumbnail size-thumbnail\" alt=\"\" srcset=\"https:\/\/www.sunnyshop211.com\/wp-content\/uploads\/2023\/12\/2-150x150.jpg 150w, https:\/\/www.sunnyshop211.com\/wp-content\/uploads\/2023\/12\/2-scaled-500x500.jpg 500w, https:\/\/www.sunnyshop211.com\/wp-content\/uploads\/2023\/12\/2-scaled-100x100.jpg 100w\" sizes=\"(max-width: 150px) 100vw, 150px\" \/><\/a>\n\t\t\t<\/div><\/figure><figure class='gallery-item'>\n\t\t\t<div class='gallery-icon portrait'>\n\t\t\t\t<a href='https:\/\/www.sunnyshop211.com\/en\/?attachment_id=38111'><img loading=\"lazy\" decoding=\"async\" width=\"150\" height=\"150\" src=\"https:\/\/www.sunnyshop211.com\/wp-content\/uploads\/2023\/12\/3-150x150.jpg\" class=\"attachment-thumbnail size-thumbnail\" alt=\"\" srcset=\"https:\/\/www.sunnyshop211.com\/wp-content\/uploads\/2023\/12\/3-150x150.jpg 150w, https:\/\/www.sunnyshop211.com\/wp-content\/uploads\/2023\/12\/3-scaled-500x500.jpg 500w, https:\/\/www.sunnyshop211.com\/wp-content\/uploads\/2023\/12\/3-scaled-100x100.jpg 100w\" sizes=\"(max-width: 150px) 100vw, 150px\" \/><\/a>\n\t\t\t<\/div><\/figure>\n\t\t<\/div>\n\n<h2 data-start=\"119\" data-end=\"161\">\ud83c\udfe1 Miniature doormat - 1\/6 &amp; 1\/4<\/h2>\n<p data-start=\"162\" data-end=\"231\">Barbie, Pullip, Blythe, Poppy Parker \/ BJD Minifee, MSD, Unoa, Bimong<\/p>\n<h3 data-start=\"233\" data-end=\"251\">\ud83d\udcf8 Description<\/h3>\n<p data-start=\"253\" data-end=\"387\">This <strong data-start=\"256\" data-end=\"280\">miniature doormat<\/strong> is the ideal decorative accessory to complement your <strong data-start=\"334\" data-end=\"356\">miniature inputs<\/strong>, porches, houses or dioramas.<\/p>\n<p data-start=\"389\" data-end=\"558\">It immediately adds a touch of <strong data-start=\"425\" data-end=\"459\">welcoming, cosy and realistic<\/strong> to your staging at <strong data-start=\"484\" data-end=\"491\">1\/6<\/strong> and <strong data-start=\"495\" data-end=\"502\">1\/4<\/strong>, perfect for both indoor and outdoor scenes.<\/p>\n<p data-start=\"560\" data-end=\"614\">\ud83d\udc49 Fictitious item, for decorative purposes only.<\/p>\n<hr data-start=\"616\" data-end=\"619\" \/>\n<h3 data-start=\"621\" data-end=\"651\">\ud83d\udc57 Compatibility &amp; scale<\/h3>\n<p data-start=\"653\" data-end=\"703\">Compatible with dolls in the following scales:<\/p>\n<p data-start=\"705\" data-end=\"837\">\u2022 <strong data-start=\"707\" data-end=\"714\">1\/6<\/strong> Barbie, Pullip, Blythe, Poppy Parker<br data-start=\"753\" data-end=\"756\" \/>\u2022 <strong data-start=\"758\" data-end=\"765\">1\/4<\/strong> : Minifee, MSD, Unoa, Bimong<br data-start=\"794\" data-end=\"797\" \/>- Other dolls of equivalent size<\/p>\n<hr data-start=\"839\" data-end=\"842\" \/>\n<h3 data-start=\"844\" data-end=\"870\">\ud83d\udccf Available sizes<\/h3>\n<p data-start=\"872\" data-end=\"921\">You choose the right size for your stage:<\/p>\n<p data-start=\"923\" data-end=\"985\">\u2022 <strong data-start=\"925\" data-end=\"934\">Small<\/strong> 7.5 cm long<br data-start=\"951\" data-end=\"954\" \/>\u2022 <strong data-start=\"956\" data-end=\"965\">Medium<\/strong> 12.5 cm long<\/p>\n<hr data-start=\"987\" data-end=\"990\" \/>\n<h3 data-start=\"992\" data-end=\"1017\">\u270d\ufe0f Quotes of your choice<\/h3>\n<p data-start=\"1019\" data-end=\"1055\">Two registrations are available:<\/p>\n<p data-start=\"1057\" data-end=\"1090\">\u2022 <strong data-start=\"1059\" data-end=\"1075\">\u201cSweet Home\u201d<\/strong><br data-start=\"1075\" data-end=\"1078\" \/>\u2022 <strong data-start=\"1080\" data-end=\"1090\">\u201cHome\u201d<\/strong><\/p>\n<hr data-start=\"1092\" data-end=\"1095\" \/>\n<h3 data-start=\"1097\" data-end=\"1111\">\ud83d\udce6 Contents<\/h3>\n<p data-start=\"1113\" data-end=\"1167\">- 1 miniature doormat (size and quote of your choice)<\/p>\n<p data-start=\"1169\" data-end=\"1327\">\ud83d\udc49 The prize is for <strong data-start=\"1189\" data-end=\"1211\">a single doormat<\/strong><br data-start=\"1211\" data-end=\"1214\" \/>\ud83d\udc49 Other accessories shown in the photos are not included but are available separately in the store.<\/p>\n<hr data-start=\"1329\" data-end=\"1332\" \/>\n<h3 data-start=\"1334\" data-end=\"1363\">\ud83e\udeb5 Handcrafted<\/h3>\n<p data-start=\"1365\" data-end=\"1423\">- Hand-made article<br data-start=\"1392\" data-end=\"1395\" \/>- Made to order<\/p>\n<p data-start=\"1425\" data-end=\"1596\">Due to the artisanal character, there may be :<br data-start=\"1476\" data-end=\"1479\" \/>- slight variations in shape<br data-start=\"1511\" data-end=\"1514\" \/>- small differences in rendering<br data-start=\"1547\" data-end=\"1550\" \/>- a few imperfections, typical of handmade products<\/p>\n<hr data-start=\"1598\" data-end=\"1601\" \/>\n<h3 data-start=\"1603\" data-end=\"1621\">\ud83c\udfe1 Use<\/h3>\n<p data-start=\"1623\" data-end=\"1829\">- Dioramas &amp; staging<br data-start=\"1650\" data-end=\"1653\" \/>- House entrance, porch, miniature interior<br data-start=\"1700\" data-end=\"1703\" \/>- Cosy, homey, chalet or modern ambience<br data-start=\"1745\" data-end=\"1748\" \/>- Compatible with my furniture and accessories sold separately in the store<\/p>\n<hr data-start=\"1831\" data-end=\"1834\" \/>\n<h3 data-start=\"1836\" data-end=\"1867\">\u26a0\ufe0f Important information<\/h3>\n<p data-start=\"1869\" data-end=\"2107\">- Fictional article<br data-start=\"1885\" data-end=\"1888\" \/>- This is not a toy<br data-start=\"1913\" data-end=\"1916\" \/>- For adults only<br data-start=\"1955\" data-end=\"1958\" \/>- The photos are examples of decoration<br data-start=\"2002\" data-end=\"2005\" \/>- Only the doormat is sold<br data-start=\"2035\" data-end=\"2038\" \/>- I am not responsible for any damage incurred in transit.<\/p>\n<hr data-start=\"2109\" data-end=\"2112\" \/>\n<h3 data-start=\"2114\" data-end=\"2140\">\u23f3 Manufacturing &amp; lead times<\/h3>\n<p data-start=\"2142\" data-end=\"2305\">- Article made to order<br data-start=\"2172\" data-end=\"2175\" \/>- Please allow for manufacturing and delivery times.<br data-start=\"2240\" data-end=\"2243\" \/>\u27a1\ufe0f See Terms and Conditions and delivery times<\/p>\n<hr data-start=\"2307\" data-end=\"2310\" \/>\n<h3 data-start=\"2312\" data-end=\"2348\">\ud83d\udcf8 More photos &amp; inspiration<\/h3>\n<p data-start=\"2350\" data-end=\"2392\">\ud83d\udc49 <a class=\"decorated-link\" href=\"https:\/\/www.instagram.com\/sunnyshop211\/\" target=\"_new\" rel=\"noopener\" data-start=\"2353\" data-end=\"2392\">https:\/\/www.instagram.com\/sunnyshop211\/<\/a><\/p>\n<hr data-start=\"2394\" data-end=\"2397\" \/>\n<p data-start=\"2399\" data-end=\"2501\">\ud83c\udfe1\u2728 <strong data-start=\"2403\" data-end=\"2501\">The essential detail for a warm, realistic miniature entrance in 1\/6 and 1\/4 scale.<\/strong><\/p>","protected":false},"excerpt":{"rendered":"<p>\ud83c\udfe1 Paillasson miniature \u2013 1\/6 &amp; 1\/4 Barbie, Pullip, Blythe, Poppy Parker \/ BJD Minifee, MSD, Unoa, Bimong \ud83d\udcf8 Description Ce paillasson miniature est un accessoire d\u00e9coratif id\u00e9al pour compl\u00e9ter vos entr\u00e9es miniatures, porches, maisons ou dioramas. Il apporte imm\u00e9diatement une touche accueillante, cosy et r\u00e9aliste \u00e0 vos mises en sc\u00e8ne au 1\/6 et 1\/4, [&hellip;]<\/p>\n","protected":false},"featured_media":38099,"comment_status":"open","ping_status":"closed","template":"","meta":{"_crdt_document":"","jetpack_post_was_ever_published":false,"jetpack_publicize_message":"","jetpack_publicize_feature_enabled":true,"jetpack_social_post_already_shared":true,"jetpack_social_options":{"image_generator_settings":{"template":"highway","default_image_id":0,"font":"","enabled":false},"version":2}},"product_brand":[],"product_cat":[667687011],"product_tag":[667681278,667681753,667681226,667681272,667681173,667681237,667681177,667681468,667681260,667681620],"class_list":{"0":"post-38045","1":"product","2":"type-product","3":"status-publish","4":"has-post-thumbnail","6":"product_cat-textiles-suspensions","7":"product_tag-barbie","8":"product_tag-decoration","9":"product_tag-doll","10":"product_tag-elowynn-wilde","11":"product_tag-minifee","12":"product_tag-msd","13":"product_tag-poupee","14":"product_tag-sd","15":"product_tag-tonner","16":"product_tag-vase","17":"product_shipping_class-lettre-suivie-3","19":"first","20":"instock","21":"shipping-taxable","22":"purchasable","23":"product-type-variable"},"yoast_head":"<!-- This site is optimized with the Yoast SEO plugin v27.5 - https:\/\/yoast.com\/product\/yoast-seo-wordpress\/ -->\n<title>Paillasson miniature 1\/6 1\/4 Barbie, minifee -<\/title>\n<meta name=\"description\" content=\"Paillasson miniature 1\/6 1\/4 Barbie, minifee, pullip, Poppy Parker, MSD\u00a0 ou similaire.Id\u00e9al pour vos mises en sc\u00e8nes et vos dioramas.\" \/>\n<meta name=\"robots\" content=\"index, follow, max-snippet:-1, max-image-preview:large, max-video-preview:-1\" \/>\n<link rel=\"canonical\" href=\"https:\/\/www.sunnyshop211.com\/en\/product\/paillasson-miniature-1-6-1-4-barbie-minifee\/\" \/>\n<meta property=\"og:locale\" content=\"en_US\" \/>\n<meta property=\"og:type\" content=\"article\" \/>\n<meta property=\"og:title\" content=\"Paillasson miniature 1\/6 1\/4 Barbie, minifee -\" \/>\n<meta property=\"og:description\" content=\"Paillasson miniature 1\/6 1\/4 Barbie, minifee, pullip, Poppy Parker, MSD\u00a0 ou similaire.Id\u00e9al pour vos mises en sc\u00e8nes et vos dioramas.\" \/>\n<meta property=\"og:url\" content=\"https:\/\/www.sunnyshop211.com\/en\/product\/paillasson-miniature-1-6-1-4-barbie-minifee\/\" \/>\n<meta property=\"og:site_name\" content=\"Sunnyshop211 -Vente de dioramas, meubles, miniatures , bjd poup\u00e9es 1\/12 1\/8 1\/6 1\/4 1\/3\" \/>\n<meta property=\"article:publisher\" content=\"https:\/\/www.facebook.com\/sunnyshop211\/?ref=bookmarks\" \/>\n<meta property=\"article:modified_time\" content=\"2025-12-29T16:59:56+00:00\" \/>\n<meta property=\"og:image\" content=\"https:\/\/www.sunnyshop211.com\/wp-content\/uploads\/2023\/12\/8-scaled.jpg\" \/>\n\t<meta property=\"og:image:width\" content=\"2560\" \/>\n\t<meta property=\"og:image:height\" content=\"1707\" \/>\n\t<meta property=\"og:image:type\" content=\"image\/jpeg\" \/>\n<meta name=\"twitter:card\" content=\"summary_large_image\" \/>\n<meta name=\"twitter:site\" content=\"@sunnyshop211\" \/>\n<meta name=\"twitter:label1\" content=\"Est. reading time\" \/>\n\t<meta name=\"twitter:data1\" content=\"2 minutes\" \/>\n<script type=\"application\/ld+json\" class=\"yoast-schema-graph\">{\"@context\":\"https:\\\/\\\/schema.org\",\"@graph\":[{\"@type\":\"WebPage\",\"@id\":\"https:\\\/\\\/www.sunnyshop211.com\\\/produit\\\/paillasson-miniature-1-6-1-4-barbie-minifee\\\/\",\"url\":\"https:\\\/\\\/www.sunnyshop211.com\\\/produit\\\/paillasson-miniature-1-6-1-4-barbie-minifee\\\/\",\"name\":\"Paillasson miniature 1\\\/6 1\\\/4 Barbie, minifee -\",\"isPartOf\":{\"@id\":\"https:\\\/\\\/www.sunnyshop211.com\\\/#website\"},\"primaryImageOfPage\":{\"@id\":\"https:\\\/\\\/www.sunnyshop211.com\\\/produit\\\/paillasson-miniature-1-6-1-4-barbie-minifee\\\/#primaryimage\"},\"image\":{\"@id\":\"https:\\\/\\\/www.sunnyshop211.com\\\/produit\\\/paillasson-miniature-1-6-1-4-barbie-minifee\\\/#primaryimage\"},\"thumbnailUrl\":\"https:\\\/\\\/www.sunnyshop211.com\\\/wp-content\\\/uploads\\\/2023\\\/12\\\/8-scaled.jpg\",\"datePublished\":\"2023-12-03T14:59:07+00:00\",\"dateModified\":\"2025-12-29T16:59:56+00:00\",\"description\":\"Paillasson miniature 1\\\/6 1\\\/4 Barbie, minifee, pullip, Poppy Parker, MSD\u00a0 ou similaire.Id\u00e9al pour vos mises en sc\u00e8nes et vos dioramas.\",\"breadcrumb\":{\"@id\":\"https:\\\/\\\/www.sunnyshop211.com\\\/produit\\\/paillasson-miniature-1-6-1-4-barbie-minifee\\\/#breadcrumb\"},\"inLanguage\":\"en-US\",\"potentialAction\":[{\"@type\":\"ReadAction\",\"target\":[\"https:\\\/\\\/www.sunnyshop211.com\\\/produit\\\/paillasson-miniature-1-6-1-4-barbie-minifee\\\/\"]}]},{\"@type\":\"ImageObject\",\"inLanguage\":\"en-US\",\"@id\":\"https:\\\/\\\/www.sunnyshop211.com\\\/produit\\\/paillasson-miniature-1-6-1-4-barbie-minifee\\\/#primaryimage\",\"url\":\"https:\\\/\\\/www.sunnyshop211.com\\\/wp-content\\\/uploads\\\/2023\\\/12\\\/8-scaled.jpg\",\"contentUrl\":\"https:\\\/\\\/www.sunnyshop211.com\\\/wp-content\\\/uploads\\\/2023\\\/12\\\/8-scaled.jpg\",\"width\":2560,\"height\":1707,\"caption\":\"paillasson miniature\"},{\"@type\":\"BreadcrumbList\",\"@id\":\"https:\\\/\\\/www.sunnyshop211.com\\\/produit\\\/paillasson-miniature-1-6-1-4-barbie-minifee\\\/#breadcrumb\",\"itemListElement\":[{\"@type\":\"ListItem\",\"position\":1,\"name\":\"Accueil\",\"item\":\"https:\\\/\\\/www.sunnyshop211.com\\\/\"},{\"@type\":\"ListItem\",\"position\":2,\"name\":\"Boutique\",\"item\":\"https:\\\/\\\/www.sunnyshop211.com\\\/boutique-miniature-bjd-dolls\\\/\"},{\"@type\":\"ListItem\",\"position\":3,\"name\":\"Paillasson miniature 1\\\/6 1\\\/4 Barbie, minifee\"}]},{\"@type\":\"WebSite\",\"@id\":\"https:\\\/\\\/www.sunnyshop211.com\\\/#website\",\"url\":\"https:\\\/\\\/www.sunnyshop211.com\\\/\",\"name\":\"Vente de dioramas, meubles, miniatures , bjd poup\u00e9es 1\\\/12 1\\\/8 1\\\/6 1\\\/4 1\\\/3\",\"description\":\"Sunnyshop211 - Votre univers miniature pour poup\u00e9es et BJD, dioramas et meubles sur mesure !\",\"publisher\":{\"@id\":\"https:\\\/\\\/www.sunnyshop211.com\\\/#organization\"},\"alternateName\":\"sunnyshop211\",\"potentialAction\":[{\"@type\":\"SearchAction\",\"target\":{\"@type\":\"EntryPoint\",\"urlTemplate\":\"https:\\\/\\\/www.sunnyshop211.com\\\/?s={search_term_string}\"},\"query-input\":{\"@type\":\"PropertyValueSpecification\",\"valueRequired\":true,\"valueName\":\"search_term_string\"}}],\"inLanguage\":\"en-US\"},{\"@type\":\"Organization\",\"@id\":\"https:\\\/\\\/www.sunnyshop211.com\\\/#organization\",\"name\":\"sunnyshop211\",\"alternateName\":\"sunnyshop211 diorama bjd meuble miniature\",\"url\":\"https:\\\/\\\/www.sunnyshop211.com\\\/\",\"logo\":{\"@type\":\"ImageObject\",\"inLanguage\":\"en-US\",\"@id\":\"https:\\\/\\\/www.sunnyshop211.com\\\/#\\\/schema\\\/logo\\\/image\\\/\",\"url\":\"https:\\\/\\\/www.sunnyshop211.com\\\/wp-content\\\/uploads\\\/2022\\\/08\\\/cropped-cropped-cropped-Sunnyshop211-1.png\",\"contentUrl\":\"https:\\\/\\\/www.sunnyshop211.com\\\/wp-content\\\/uploads\\\/2022\\\/08\\\/cropped-cropped-cropped-Sunnyshop211-1.png\",\"width\":339,\"height\":339,\"caption\":\"sunnyshop211\"},\"image\":{\"@id\":\"https:\\\/\\\/www.sunnyshop211.com\\\/#\\\/schema\\\/logo\\\/image\\\/\"},\"sameAs\":[\"https:\\\/\\\/www.facebook.com\\\/sunnyshop211\\\/?ref=bookmarks\",\"https:\\\/\\\/x.com\\\/sunnyshop211\",\"https:\\\/\\\/www.instagram.com\\\/sunnyshop211\\\/\",\"https:\\\/\\\/www.tumblr.com\\\/blog\\\/sunnyshop211\",\"https:\\\/\\\/www.youtube.com\\\/channel\\\/UCtYY18OGGDKrTSzgcf7fCBg\",\"https:\\\/\\\/www.tiktok.com\\\/@sunnydollshop211?is_from_webapp=1&sender_device=pc\"]}]}<\/script>\n<!-- \/ Yoast SEO plugin. -->","yoast_head_json":{"title":"Miniature doormat 1\/6 1\/4 Barbie, minifee -","description":"Miniature 1\/6 1\/4 Barbie, minifee, pullip, Poppy Parker, MSD or similar doormat, ideal for staging and dioramas.","robots":{"index":"index","follow":"follow","max-snippet":"max-snippet:-1","max-image-preview":"max-image-preview:large","max-video-preview":"max-video-preview:-1"},"canonical":"https:\/\/www.sunnyshop211.com\/en\/product\/paillasson-miniature-1-6-1-4-barbie-minifee\/","og_locale":"en_US","og_type":"article","og_title":"Paillasson miniature 1\/6 1\/4 Barbie, minifee -","og_description":"Paillasson miniature 1\/6 1\/4 Barbie, minifee, pullip, Poppy Parker, MSD\u00a0 ou similaire.Id\u00e9al pour vos mises en sc\u00e8nes et vos dioramas.","og_url":"https:\/\/www.sunnyshop211.com\/en\/product\/paillasson-miniature-1-6-1-4-barbie-minifee\/","og_site_name":"Sunnyshop211 -Vente de dioramas, meubles, miniatures , bjd poup\u00e9es 1\/12 1\/8 1\/6 1\/4 1\/3","article_publisher":"https:\/\/www.facebook.com\/sunnyshop211\/?ref=bookmarks","article_modified_time":"2025-12-29T16:59:56+00:00","og_image":[{"width":2560,"height":1707,"url":"https:\/\/www.sunnyshop211.com\/wp-content\/uploads\/2023\/12\/8-scaled.jpg","type":"image\/jpeg"}],"twitter_card":"summary_large_image","twitter_site":"@sunnyshop211","twitter_misc":{"Est. reading time":"2 minutes"},"schema":{"@context":"https:\/\/schema.org","@graph":[{"@type":"WebPage","@id":"https:\/\/www.sunnyshop211.com\/produit\/paillasson-miniature-1-6-1-4-barbie-minifee\/","url":"https:\/\/www.sunnyshop211.com\/produit\/paillasson-miniature-1-6-1-4-barbie-minifee\/","name":"Miniature doormat 1\/6 1\/4 Barbie, minifee -","isPartOf":{"@id":"https:\/\/www.sunnyshop211.com\/#website"},"primaryImageOfPage":{"@id":"https:\/\/www.sunnyshop211.com\/produit\/paillasson-miniature-1-6-1-4-barbie-minifee\/#primaryimage"},"image":{"@id":"https:\/\/www.sunnyshop211.com\/produit\/paillasson-miniature-1-6-1-4-barbie-minifee\/#primaryimage"},"thumbnailUrl":"https:\/\/www.sunnyshop211.com\/wp-content\/uploads\/2023\/12\/8-scaled.jpg","datePublished":"2023-12-03T14:59:07+00:00","dateModified":"2025-12-29T16:59:56+00:00","description":"Miniature 1\/6 1\/4 Barbie, minifee, pullip, Poppy Parker, MSD or similar doormat, ideal for staging and dioramas.","breadcrumb":{"@id":"https:\/\/www.sunnyshop211.com\/produit\/paillasson-miniature-1-6-1-4-barbie-minifee\/#breadcrumb"},"inLanguage":"en-US","potentialAction":[{"@type":"ReadAction","target":["https:\/\/www.sunnyshop211.com\/produit\/paillasson-miniature-1-6-1-4-barbie-minifee\/"]}]},{"@type":"ImageObject","inLanguage":"en-US","@id":"https:\/\/www.sunnyshop211.com\/produit\/paillasson-miniature-1-6-1-4-barbie-minifee\/#primaryimage","url":"https:\/\/www.sunnyshop211.com\/wp-content\/uploads\/2023\/12\/8-scaled.jpg","contentUrl":"https:\/\/www.sunnyshop211.com\/wp-content\/uploads\/2023\/12\/8-scaled.jpg","width":2560,"height":1707,"caption":"paillasson miniature"},{"@type":"BreadcrumbList","@id":"https:\/\/www.sunnyshop211.com\/produit\/paillasson-miniature-1-6-1-4-barbie-minifee\/#breadcrumb","itemListElement":[{"@type":"ListItem","position":1,"name":"Accueil","item":"https:\/\/www.sunnyshop211.com\/"},{"@type":"ListItem","position":2,"name":"Boutique","item":"https:\/\/www.sunnyshop211.com\/boutique-miniature-bjd-dolls\/"},{"@type":"ListItem","position":3,"name":"Paillasson miniature 1\/6 1\/4 Barbie, minifee"}]},{"@type":"WebSite","@id":"https:\/\/www.sunnyshop211.com\/#website","url":"https:\/\/www.sunnyshop211.com\/","name":"Sale of dioramas, furniture, miniatures, bjd dolls 1\/12 1\/8 1\/6 1\/4 1\/3","description":"Sunnyshop211 - Your miniature world for dolls and BJDs, dioramas and custom-made furniture!","publisher":{"@id":"https:\/\/www.sunnyshop211.com\/#organization"},"alternateName":"sunnyshop211","potentialAction":[{"@type":"SearchAction","target":{"@type":"EntryPoint","urlTemplate":"https:\/\/www.sunnyshop211.com\/?s={search_term_string}"},"query-input":{"@type":"PropertyValueSpecification","valueRequired":true,"valueName":"search_term_string"}}],"inLanguage":"en-US"},{"@type":"Organization","@id":"https:\/\/www.sunnyshop211.com\/#organization","name":"sunnyshop211","alternateName":"sunnyshop211 diorama bjd meuble miniature","url":"https:\/\/www.sunnyshop211.com\/","logo":{"@type":"ImageObject","inLanguage":"en-US","@id":"https:\/\/www.sunnyshop211.com\/#\/schema\/logo\/image\/","url":"https:\/\/www.sunnyshop211.com\/wp-content\/uploads\/2022\/08\/cropped-cropped-cropped-Sunnyshop211-1.png","contentUrl":"https:\/\/www.sunnyshop211.com\/wp-content\/uploads\/2022\/08\/cropped-cropped-cropped-Sunnyshop211-1.png","width":339,"height":339,"caption":"sunnyshop211"},"image":{"@id":"https:\/\/www.sunnyshop211.com\/#\/schema\/logo\/image\/"},"sameAs":["https:\/\/www.facebook.com\/sunnyshop211\/?ref=bookmarks","https:\/\/x.com\/sunnyshop211","https:\/\/www.instagram.com\/sunnyshop211\/","https:\/\/www.tumblr.com\/blog\/sunnyshop211","https:\/\/www.youtube.com\/channel\/UCtYY18OGGDKrTSzgcf7fCBg","https:\/\/www.tiktok.com\/@sunnydollshop211?is_from_webapp=1&sender_device=pc"]}]}},"jetpack_publicize_connections":[],"jetpack_sharing_enabled":true,"_links":{"self":[{"href":"https:\/\/www.sunnyshop211.com\/en\/wp-json\/wp\/v2\/product\/38045","targetHints":{"allow":["GET"]}}],"collection":[{"href":"https:\/\/www.sunnyshop211.com\/en\/wp-json\/wp\/v2\/product"}],"about":[{"href":"https:\/\/www.sunnyshop211.com\/en\/wp-json\/wp\/v2\/types\/product"}],"replies":[{"embeddable":true,"href":"https:\/\/www.sunnyshop211.com\/en\/wp-json\/wp\/v2\/comments?post=38045"}],"version-history":[{"count":5,"href":"https:\/\/www.sunnyshop211.com\/en\/wp-json\/wp\/v2\/product\/38045\/revisions"}],"predecessor-version":[{"id":53253,"href":"https:\/\/www.sunnyshop211.com\/en\/wp-json\/wp\/v2\/product\/38045\/revisions\/53253"}],"wp:featuredmedia":[{"embeddable":true,"href":"https:\/\/www.sunnyshop211.com\/en\/wp-json\/wp\/v2\/media\/38099"}],"wp:attachment":[{"href":"https:\/\/www.sunnyshop211.com\/en\/wp-json\/wp\/v2\/media?parent=38045"}],"wp:term":[{"taxonomy":"product_brand","embeddable":true,"href":"https:\/\/www.sunnyshop211.com\/en\/wp-json\/wp\/v2\/product_brand?post=38045"},{"taxonomy":"product_cat","embeddable":true,"href":"https:\/\/www.sunnyshop211.com\/en\/wp-json\/wp\/v2\/product_cat?post=38045"},{"taxonomy":"product_tag","embeddable":true,"href":"https:\/\/www.sunnyshop211.com\/en\/wp-json\/wp\/v2\/product_tag?post=38045"}],"curies":[{"name":"wp","href":"https:\/\/api.w.org\/{rel}","templated":true}]}}