{"id":37753,"date":"2023-11-14T19:34:51","date_gmt":"2023-11-14T18:34:51","guid":{"rendered":"https:\/\/www.sunnyshop211.com\/?post_type=product&#038;p=37753"},"modified":"2026-01-03T21:51:48","modified_gmt":"2026-01-03T20:51:48","slug":"%f0%9f%a7%b8-coffre-de-rangement-toys-miniature-stodoll-obitsu-11-pukifee","status":"publish","type":"product","link":"https:\/\/www.sunnyshop211.com\/en\/product\/%f0%9f%a7%b8-coffre-de-rangement-toys-miniature-stodoll-obitsu-11-pukifee\/","title":{"rendered":"\ud83e\uddf8 Miniature \u201ctoys\u201d storage box - Stodoll, Obitsu 11, Pukifee"},"content":{"rendered":"<div id='gallery-1' class='gallery galleryid-37753 gallery-columns-3 gallery-size-thumbnail'><figure class='gallery-item'>\n\t\t\t<div class='gallery-icon landscape'>\n\t\t\t\t<a href='https:\/\/www.sunnyshop211.com\/en\/?attachment_id=37615'><img decoding=\"async\" width=\"150\" height=\"150\" src=\"https:\/\/www.sunnyshop211.com\/wp-content\/uploads\/2023\/11\/nvel-deco-obitsu-60-150x150.jpg\" class=\"attachment-thumbnail size-thumbnail\" alt=\"coffre rangement miniature\" srcset=\"https:\/\/www.sunnyshop211.com\/wp-content\/uploads\/2023\/11\/nvel-deco-obitsu-60-150x150.jpg 150w, https:\/\/www.sunnyshop211.com\/wp-content\/uploads\/2023\/11\/nvel-deco-obitsu-60-scaled-500x500.jpg 500w, https:\/\/www.sunnyshop211.com\/wp-content\/uploads\/2023\/11\/nvel-deco-obitsu-60-scaled-100x100.jpg 100w\" sizes=\"(max-width: 150px) 100vw, 150px\" \/><\/a>\n\t\t\t<\/div><\/figure><figure class='gallery-item'>\n\t\t\t<div class='gallery-icon landscape'>\n\t\t\t\t<a href='https:\/\/www.sunnyshop211.com\/en\/?attachment_id=37614'><img decoding=\"async\" width=\"150\" height=\"150\" src=\"https:\/\/www.sunnyshop211.com\/wp-content\/uploads\/2023\/11\/nvel-deco-obitsu-59-150x150.jpg\" class=\"attachment-thumbnail size-thumbnail\" alt=\"coffre rangement miniature\" srcset=\"https:\/\/www.sunnyshop211.com\/wp-content\/uploads\/2023\/11\/nvel-deco-obitsu-59-150x150.jpg 150w, https:\/\/www.sunnyshop211.com\/wp-content\/uploads\/2023\/11\/nvel-deco-obitsu-59-scaled-500x500.jpg 500w, https:\/\/www.sunnyshop211.com\/wp-content\/uploads\/2023\/11\/nvel-deco-obitsu-59-scaled-100x100.jpg 100w\" sizes=\"(max-width: 150px) 100vw, 150px\" \/><\/a>\n\t\t\t<\/div><\/figure><figure class='gallery-item'>\n\t\t\t<div class='gallery-icon landscape'>\n\t\t\t\t<a href='https:\/\/www.sunnyshop211.com\/en\/?attachment_id=37602'><img decoding=\"async\" width=\"150\" height=\"150\" src=\"https:\/\/www.sunnyshop211.com\/wp-content\/uploads\/2023\/11\/nvel-deco-obitsu-47-150x150.jpg\" class=\"attachment-thumbnail size-thumbnail\" alt=\"Lapin design miniature\" srcset=\"https:\/\/www.sunnyshop211.com\/wp-content\/uploads\/2023\/11\/nvel-deco-obitsu-47-150x150.jpg 150w, https:\/\/www.sunnyshop211.com\/wp-content\/uploads\/2023\/11\/nvel-deco-obitsu-47-scaled-500x500.jpg 500w, https:\/\/www.sunnyshop211.com\/wp-content\/uploads\/2023\/11\/nvel-deco-obitsu-47-scaled-100x100.jpg 100w\" sizes=\"(max-width: 150px) 100vw, 150px\" \/><\/a>\n\t\t\t<\/div><\/figure><figure class='gallery-item'>\n\t\t\t<div class='gallery-icon landscape'>\n\t\t\t\t<a href='https:\/\/www.sunnyshop211.com\/en\/?attachment_id=37604'><img loading=\"lazy\" decoding=\"async\" width=\"150\" height=\"150\" src=\"https:\/\/www.sunnyshop211.com\/wp-content\/uploads\/2023\/11\/nvel-deco-obitsu-49-150x150.jpg\" class=\"attachment-thumbnail size-thumbnail\" alt=\"Table de nuit miniature\" srcset=\"https:\/\/www.sunnyshop211.com\/wp-content\/uploads\/2023\/11\/nvel-deco-obitsu-49-150x150.jpg 150w, https:\/\/www.sunnyshop211.com\/wp-content\/uploads\/2023\/11\/nvel-deco-obitsu-49-scaled-500x500.jpg 500w, https:\/\/www.sunnyshop211.com\/wp-content\/uploads\/2023\/11\/nvel-deco-obitsu-49-scaled-100x100.jpg 100w\" sizes=\"(max-width: 150px) 100vw, 150px\" \/><\/a>\n\t\t\t<\/div><\/figure>\n\t\t<\/div>\n\n<h2 data-start=\"191\" data-end=\"292\">\ud83e\uddf8 <strong data-start=\"194\" data-end=\"292\">Miniature toys storage box - Stodoll, Obitsu 11, Pukifee &amp; dolls of similar size<\/strong><\/h2>\n<p data-start=\"294\" data-end=\"454\">This miniature \u201ctoys\u201d storage box is an ideal decorative accessory for organizing your dioramas and enhancing your children's scenes.<\/p>\n<hr data-start=\"456\" data-end=\"459\" \/>\n<p data-start=\"461\" data-end=\"485\">\u2728 <strong data-start=\"463\" data-end=\"485\">Product details<\/strong><\/p>\n<ul data-start=\"487\" data-end=\"809\">\n<li data-start=\"487\" data-end=\"547\">\n<p data-start=\"489\" data-end=\"547\">Type: decorative miniature storage box \/ chest<\/p>\n<\/li>\n<li data-start=\"548\" data-end=\"592\">\n<p data-start=\"550\" data-end=\"592\">Reason: registration <strong data-start=\"570\" data-end=\"590\">\u201cembossed toys<\/strong><\/p>\n<\/li>\n<li data-start=\"593\" data-end=\"621\">\n<p data-start=\"595\" data-end=\"621\">Lid : <strong data-start=\"607\" data-end=\"619\">removable<\/strong><\/p>\n<\/li>\n<li data-start=\"622\" data-end=\"670\">\n<p data-start=\"624\" data-end=\"670\">Finish : <strong data-start=\"635\" data-end=\"657\">painted or unpainted<\/strong> (your choice)<\/p>\n<\/li>\n<li data-start=\"671\" data-end=\"734\">\n<p data-start=\"673\" data-end=\"734\">Color of the word \u201ctoys\u201d : <strong data-start=\"697\" data-end=\"709\">your choice<\/strong>, matching lid<\/p>\n<\/li>\n<li data-start=\"735\" data-end=\"762\">\n<p data-start=\"737\" data-end=\"762\">Delivered item <strong data-start=\"751\" data-end=\"760\">mounted<\/strong><\/p>\n<\/li>\n<li data-start=\"763\" data-end=\"809\">\n<p data-start=\"765\" data-end=\"809\">Sold individually (doll and set not included)<\/p>\n<\/li>\n<\/ul>\n<hr data-start=\"811\" data-end=\"814\" \/>\n<p data-start=\"816\" data-end=\"833\">\ud83d\udccf <strong data-start=\"819\" data-end=\"833\">Dimensions<\/strong><\/p>\n<ul data-start=\"835\" data-end=\"875\">\n<li data-start=\"835\" data-end=\"875\">\n<p data-start=\"837\" data-end=\"875\"><strong data-start=\"837\" data-end=\"875\">6 cm (length) \u00d7 3.5 cm (height)<\/strong><\/p>\n<\/li>\n<\/ul>\n<hr data-start=\"877\" data-end=\"880\" \/>\n<p data-start=\"882\" data-end=\"902\">\ud83e\uddf8 <strong data-start=\"885\" data-end=\"902\">Compatibility<\/strong><\/p>\n<p data-start=\"904\" data-end=\"954\">Suitable for small dolls, including :<\/p>\n<ul data-start=\"955\" data-end=\"1053\">\n<li data-start=\"955\" data-end=\"966\">\n<p data-start=\"957\" data-end=\"966\">Stodoll<\/p>\n<\/li>\n<li data-start=\"967\" data-end=\"980\">\n<p data-start=\"969\" data-end=\"980\">Obitsu 11<\/p>\n<\/li>\n<li data-start=\"981\" data-end=\"992\">\n<p data-start=\"983\" data-end=\"992\">Pukifee<\/p>\n<\/li>\n<li data-start=\"993\" data-end=\"1008\">\n<p data-start=\"995\" data-end=\"1008\">Lati Yellow<\/p>\n<\/li>\n<li data-start=\"1009\" data-end=\"1053\">\n<p data-start=\"1011\" data-end=\"1053\">and other dolls of equivalent dimensions<\/p>\n<\/li>\n<\/ul>\n<hr data-start=\"1055\" data-end=\"1058\" \/>\n<p data-start=\"1060\" data-end=\"1099\">\ud83c\udfa8 <strong data-start=\"1063\" data-end=\"1099\">Customization &amp; staging<\/strong><\/p>\n<ul data-start=\"1101\" data-end=\"1377\">\n<li data-start=\"1101\" data-end=\"1143\">\n<p data-start=\"1103\" data-end=\"1143\">Choice of finish (painted or rough)<\/p>\n<\/li>\n<li data-start=\"1144\" data-end=\"1197\">\n<p data-start=\"1146\" data-end=\"1197\">Choice of color for the word \u201ctoys\u201d and the lid<\/p>\n<\/li>\n<li data-start=\"1198\" data-end=\"1271\">\n<p data-start=\"1200\" data-end=\"1271\">Perfect for children's bedrooms, playrooms or everyday scenes<\/p>\n<\/li>\n<li data-start=\"1272\" data-end=\"1338\">\n<p data-start=\"1274\" data-end=\"1338\">Compatible with furniture <strong data-start=\"1302\" data-end=\"1318\">sunnyshop211<\/strong> sold separately<\/p>\n<\/li>\n<li data-start=\"1339\" data-end=\"1377\">\n<p data-start=\"1341\" data-end=\"1377\">The choice is yours \u2728<\/p>\n<\/li>\n<\/ul>\n<hr data-start=\"1379\" data-end=\"1382\" \/>\n<p data-start=\"1384\" data-end=\"1414\">\ud83d\udee0\ufe0f <strong data-start=\"1388\" data-end=\"1414\">Handcrafted products<\/strong><\/p>\n<ul data-start=\"1416\" data-end=\"1583\">\n<li data-start=\"1416\" data-end=\"1440\">\n<p data-start=\"1418\" data-end=\"1440\">Made to order<\/p>\n<\/li>\n<li data-start=\"1441\" data-end=\"1583\">\n<p data-start=\"1443\" data-end=\"1583\">Slight variations in shape, color and imperfections may occur, reflecting the handcrafted nature of the creation.<\/p>\n<\/li>\n<\/ul>\n<hr data-start=\"1585\" data-end=\"1588\" \/>\n<p data-start=\"1590\" data-end=\"1621\">\ud83d\udce6 <strong data-start=\"1593\" data-end=\"1621\">Important information<\/strong><\/p>\n<ul data-start=\"1623\" data-end=\"1920\">\n<li data-start=\"1623\" data-end=\"1679\">\n<p data-start=\"1625\" data-end=\"1679\">Collector's item - <strong data-start=\"1649\" data-end=\"1677\">adult audience only<\/strong><\/p>\n<\/li>\n<li data-start=\"1680\" data-end=\"1711\">\n<p data-start=\"1682\" data-end=\"1711\"><strong data-start=\"1682\" data-end=\"1709\">This is not a toy<\/strong><\/p>\n<\/li>\n<li data-start=\"1712\" data-end=\"1794\">\n<p data-start=\"1714\" data-end=\"1794\">Please take into account the manufacturing and delivery times (see <a href=\"https:\/\/www.sunnyshop211.com\/en\/conditions-generales-de-ventes-et-delais-de-livraisons\/\"><strong data-start=\"1784\" data-end=\"1791\">GTC<\/strong><\/a>)<\/p>\n<\/li>\n<li data-start=\"1795\" data-end=\"1844\">\n<p data-start=\"1797\" data-end=\"1844\">The photos are examples of staging<\/p>\n<\/li>\n<li data-start=\"1845\" data-end=\"1920\">\n<p data-start=\"1847\" data-end=\"1920\">Other visible decorations are sold separately in the store.<\/p>\n<\/li>\n<\/ul>\n<hr data-start=\"1922\" data-end=\"1925\" \/>\n<p data-start=\"1927\" data-end=\"1943\">\ud83d\ude9a <strong data-start=\"1930\" data-end=\"1943\">Transport<\/strong><\/p>\n<p data-start=\"1945\" data-end=\"2011\">I am not responsible for any damage in transit.<\/p>\n<hr data-start=\"2013\" data-end=\"2016\" \/>\n<p data-start=\"2018\" data-end=\"2100\">\ud83d\udcf8 <strong data-start=\"2021\" data-end=\"2055\">More photos and inspiration<\/strong><br data-start=\"2055\" data-end=\"2058\" \/>\ud83d\udc49 <a class=\"decorated-link\" href=\"https:\/\/www.instagram.com\/sunnyshop211\/\" target=\"_new\" rel=\"noopener\" data-start=\"2061\" data-end=\"2100\">https:\/\/www.instagram.com\/sunnyshop211\/<\/a><\/p>","protected":false},"excerpt":{"rendered":"<p>\ud83e\uddf8 Coffre de rangement \u201ctoys\u201d miniature \u2013 Stodoll, Obitsu 11, Pukifee &amp; dolls de taille similaire Ce coffre de rangement miniature \u201ctoys\u201d est un accessoire d\u00e9coratif id\u00e9al pour organiser vos dioramas et enrichir vos mises en sc\u00e8ne autour de l\u2019univers enfant. \u2728 D\u00e9tails du produit Type : coffre \/ caisse de rangement miniature d\u00e9corative Motif [&hellip;]<\/p>\n","protected":false},"featured_media":37614,"comment_status":"open","ping_status":"closed","template":"","meta":{"_crdt_document":"","jetpack_post_was_ever_published":false,"jetpack_publicize_message":"","jetpack_publicize_feature_enabled":true,"jetpack_social_post_already_shared":true,"jetpack_social_options":{"image_generator_settings":{"template":"highway","default_image_id":0,"font":"","enabled":false},"version":2}},"product_brand":[],"product_cat":[667687085,667686980,667686988],"product_tag":[667681137,667681138,667681143,667681341,667681136,667683647,667683645,667683643,667681142,667681234,667681226,667681233,667681241,667681139,667681144,667681426,667681261,667681232,667681141,667681140,667683649],"class_list":{"0":"post-37753","1":"product","2":"type-product","3":"status-publish","4":"has-post-thumbnail","6":"product_cat-chambre-meubles-miniature-1-8","7":"product_cat-meubles","8":"product_cat-meubles-lati-white-obitsu-11-stodoll","9":"product_tag-baby","10":"product_tag-bebe","11":"product_tag-bedroom","12":"product_tag-bid","13":"product_tag-bjd","14":"product_tag-box","15":"product_tag-caisse","16":"product_tag-caisse-rangement","17":"product_tag-chambre","18":"product_tag-diorama","19":"product_tag-doll","20":"product_tag-dollhouse","21":"product_tag-iplehouse","22":"product_tag-lati-yellow","23":"product_tag-lit","24":"product_tag-littlefee","25":"product_tag-meuble","26":"product_tag-miniature","27":"product_tag-nappy-choo","28":"product_tag-pukifee","29":"product_tag-storage","30":"product_shipping_class-colissimo-5","31":"pa_couleur-blanc","32":"pa_couleur-bleu","33":"pa_couleur-non-peint","34":"pa_couleur-rose","35":"pa_couleur-vert","36":"pa_couleur-violet","38":"first","39":"instock","40":"taxable","41":"shipping-taxable","42":"purchasable","43":"product-type-variable"},"yoast_head":"<!-- This site is optimized with the Yoast SEO plugin v27.4 - https:\/\/yoast.com\/product\/yoast-seo-wordpress\/ -->\n<title>\ud83e\uddf8 Coffre de rangement \u201ctoys\u201d miniature \u2013 Stodoll, Obitsu 11, Pukifee -<\/title>\n<meta name=\"description\" content=\"\ud83e\uddf8 Coffre de rangement \u201ctoys\u201d miniature \u2013 Stodoll, Obitsu 11, Pukifee ou similaire. Cette petite caisse rangement miniature\u00a0 accessoirisera vos dioramas .\" \/>\n<meta name=\"robots\" content=\"index, follow, max-snippet:-1, max-image-preview:large, max-video-preview:-1\" \/>\n<link rel=\"canonical\" href=\"https:\/\/www.sunnyshop211.com\/en\/product\/\ud83e\uddf8-coffre-de-rangement-toys-miniature-stodoll-obitsu-11-pukifee\/\" \/>\n<meta property=\"og:locale\" content=\"en_US\" \/>\n<meta property=\"og:type\" content=\"article\" \/>\n<meta property=\"og:title\" content=\"\ud83e\uddf8 Coffre de rangement \u201ctoys\u201d miniature \u2013 Stodoll, Obitsu 11, Pukifee -\" \/>\n<meta property=\"og:description\" content=\"caisse de rangement couronne miniature pukifee, lati Yellow, Nappy choo ou similaire. Cette petite caisse rangement miniature\u00a0 accessoirisera vos dioramas .\" \/>\n<meta property=\"og:url\" content=\"https:\/\/www.sunnyshop211.com\/en\/product\/\ud83e\uddf8-coffre-de-rangement-toys-miniature-stodoll-obitsu-11-pukifee\/\" \/>\n<meta property=\"og:site_name\" content=\"Sunnyshop211 -Vente de dioramas, meubles, miniatures , bjd poup\u00e9es 1\/12 1\/8 1\/6 1\/4 1\/3\" \/>\n<meta property=\"article:publisher\" content=\"https:\/\/www.facebook.com\/sunnyshop211\/?ref=bookmarks\" \/>\n<meta property=\"article:modified_time\" content=\"2026-01-03T20:51:48+00:00\" \/>\n<meta property=\"og:image\" content=\"https:\/\/www.sunnyshop211.com\/wp-content\/uploads\/2023\/11\/nvel-deco-obitsu-59-scaled.jpg\" \/>\n\t<meta property=\"og:image:width\" content=\"2560\" \/>\n\t<meta property=\"og:image:height\" content=\"1707\" \/>\n\t<meta property=\"og:image:type\" content=\"image\/jpeg\" \/>\n<meta name=\"twitter:card\" content=\"summary_large_image\" \/>\n<meta name=\"twitter:site\" content=\"@sunnyshop211\" \/>\n<meta name=\"twitter:label1\" content=\"Est. reading time\" \/>\n\t<meta name=\"twitter:data1\" content=\"2 minutes\" \/>\n<script type=\"application\/ld+json\" class=\"yoast-schema-graph\">{\"@context\":\"https:\\\/\\\/schema.org\",\"@graph\":[{\"@type\":\"WebPage\",\"@id\":\"https:\\\/\\\/www.sunnyshop211.com\\\/produit\\\/%f0%9f%a7%b8-coffre-de-rangement-toys-miniature-stodoll-obitsu-11-pukifee\\\/\",\"url\":\"https:\\\/\\\/www.sunnyshop211.com\\\/produit\\\/%f0%9f%a7%b8-coffre-de-rangement-toys-miniature-stodoll-obitsu-11-pukifee\\\/\",\"name\":\"\ud83e\uddf8 Coffre de rangement \u201ctoys\u201d miniature \u2013 Stodoll, Obitsu 11, Pukifee -\",\"isPartOf\":{\"@id\":\"https:\\\/\\\/www.sunnyshop211.com\\\/#website\"},\"primaryImageOfPage\":{\"@id\":\"https:\\\/\\\/www.sunnyshop211.com\\\/produit\\\/%f0%9f%a7%b8-coffre-de-rangement-toys-miniature-stodoll-obitsu-11-pukifee\\\/#primaryimage\"},\"image\":{\"@id\":\"https:\\\/\\\/www.sunnyshop211.com\\\/produit\\\/%f0%9f%a7%b8-coffre-de-rangement-toys-miniature-stodoll-obitsu-11-pukifee\\\/#primaryimage\"},\"thumbnailUrl\":\"https:\\\/\\\/www.sunnyshop211.com\\\/wp-content\\\/uploads\\\/2023\\\/11\\\/nvel-deco-obitsu-59-scaled.jpg\",\"datePublished\":\"2023-11-14T18:34:51+00:00\",\"dateModified\":\"2026-01-03T20:51:48+00:00\",\"description\":\"\ud83e\uddf8 Coffre de rangement \u201ctoys\u201d miniature \u2013 Stodoll, Obitsu 11, Pukifee ou similaire. Cette petite caisse rangement miniature\u00a0 accessoirisera vos dioramas .\",\"breadcrumb\":{\"@id\":\"https:\\\/\\\/www.sunnyshop211.com\\\/produit\\\/%f0%9f%a7%b8-coffre-de-rangement-toys-miniature-stodoll-obitsu-11-pukifee\\\/#breadcrumb\"},\"inLanguage\":\"en-US\",\"potentialAction\":[{\"@type\":\"ReadAction\",\"target\":[\"https:\\\/\\\/www.sunnyshop211.com\\\/produit\\\/%f0%9f%a7%b8-coffre-de-rangement-toys-miniature-stodoll-obitsu-11-pukifee\\\/\"]}]},{\"@type\":\"ImageObject\",\"inLanguage\":\"en-US\",\"@id\":\"https:\\\/\\\/www.sunnyshop211.com\\\/produit\\\/%f0%9f%a7%b8-coffre-de-rangement-toys-miniature-stodoll-obitsu-11-pukifee\\\/#primaryimage\",\"url\":\"https:\\\/\\\/www.sunnyshop211.com\\\/wp-content\\\/uploads\\\/2023\\\/11\\\/nvel-deco-obitsu-59-scaled.jpg\",\"contentUrl\":\"https:\\\/\\\/www.sunnyshop211.com\\\/wp-content\\\/uploads\\\/2023\\\/11\\\/nvel-deco-obitsu-59-scaled.jpg\",\"width\":2560,\"height\":1707,\"caption\":\"coffre rangement miniature\"},{\"@type\":\"BreadcrumbList\",\"@id\":\"https:\\\/\\\/www.sunnyshop211.com\\\/produit\\\/%f0%9f%a7%b8-coffre-de-rangement-toys-miniature-stodoll-obitsu-11-pukifee\\\/#breadcrumb\",\"itemListElement\":[{\"@type\":\"ListItem\",\"position\":1,\"name\":\"Accueil\",\"item\":\"https:\\\/\\\/www.sunnyshop211.com\\\/\"},{\"@type\":\"ListItem\",\"position\":2,\"name\":\"Boutique\",\"item\":\"https:\\\/\\\/www.sunnyshop211.com\\\/boutique-miniature-bjd-dolls\\\/\"},{\"@type\":\"ListItem\",\"position\":3,\"name\":\"\ud83e\uddf8 Coffre de rangement \u201ctoys\u201d miniature \u2013 Stodoll, Obitsu 11, Pukifee\"}]},{\"@type\":\"WebSite\",\"@id\":\"https:\\\/\\\/www.sunnyshop211.com\\\/#website\",\"url\":\"https:\\\/\\\/www.sunnyshop211.com\\\/\",\"name\":\"Vente de dioramas, meubles, miniatures , bjd poup\u00e9es 1\\\/12 1\\\/8 1\\\/6 1\\\/4 1\\\/3\",\"description\":\"Sunnyshop211 - Votre univers miniature pour poup\u00e9es et BJD, dioramas et meubles sur mesure !\",\"publisher\":{\"@id\":\"https:\\\/\\\/www.sunnyshop211.com\\\/#organization\"},\"alternateName\":\"sunnyshop211\",\"potentialAction\":[{\"@type\":\"SearchAction\",\"target\":{\"@type\":\"EntryPoint\",\"urlTemplate\":\"https:\\\/\\\/www.sunnyshop211.com\\\/?s={search_term_string}\"},\"query-input\":{\"@type\":\"PropertyValueSpecification\",\"valueRequired\":true,\"valueName\":\"search_term_string\"}}],\"inLanguage\":\"en-US\"},{\"@type\":\"Organization\",\"@id\":\"https:\\\/\\\/www.sunnyshop211.com\\\/#organization\",\"name\":\"sunnyshop211\",\"alternateName\":\"sunnyshop211 diorama bjd meuble miniature\",\"url\":\"https:\\\/\\\/www.sunnyshop211.com\\\/\",\"logo\":{\"@type\":\"ImageObject\",\"inLanguage\":\"en-US\",\"@id\":\"https:\\\/\\\/www.sunnyshop211.com\\\/#\\\/schema\\\/logo\\\/image\\\/\",\"url\":\"https:\\\/\\\/www.sunnyshop211.com\\\/wp-content\\\/uploads\\\/2022\\\/08\\\/cropped-cropped-cropped-Sunnyshop211-1.png\",\"contentUrl\":\"https:\\\/\\\/www.sunnyshop211.com\\\/wp-content\\\/uploads\\\/2022\\\/08\\\/cropped-cropped-cropped-Sunnyshop211-1.png\",\"width\":339,\"height\":339,\"caption\":\"sunnyshop211\"},\"image\":{\"@id\":\"https:\\\/\\\/www.sunnyshop211.com\\\/#\\\/schema\\\/logo\\\/image\\\/\"},\"sameAs\":[\"https:\\\/\\\/www.facebook.com\\\/sunnyshop211\\\/?ref=bookmarks\",\"https:\\\/\\\/x.com\\\/sunnyshop211\",\"https:\\\/\\\/www.instagram.com\\\/sunnyshop211\\\/\",\"https:\\\/\\\/www.tumblr.com\\\/blog\\\/sunnyshop211\",\"https:\\\/\\\/www.youtube.com\\\/channel\\\/UCtYY18OGGDKrTSzgcf7fCBg\",\"https:\\\/\\\/www.tiktok.com\\\/@sunnydollshop211?is_from_webapp=1&sender_device=pc\"]}]}<\/script>\n<!-- \/ Yoast SEO plugin. -->","yoast_head_json":{"title":"\ud83e\uddf8 Miniature \u201ctoys\u201d storage box - Stodoll, Obitsu 11, Pukifee -","description":"\ud83e\uddf8 Miniature \u201ctoys\u201d storage box - Stodoll, Obitsu 11, Pukifee or similar. This small miniature storage box will accessorize your dioramas. .","robots":{"index":"index","follow":"follow","max-snippet":"max-snippet:-1","max-image-preview":"max-image-preview:large","max-video-preview":"max-video-preview:-1"},"canonical":"https:\/\/www.sunnyshop211.com\/en\/product\/\ud83e\uddf8-coffre-de-rangement-toys-miniature-stodoll-obitsu-11-pukifee\/","og_locale":"en_US","og_type":"article","og_title":"\ud83e\uddf8 Coffre de rangement \u201ctoys\u201d miniature \u2013 Stodoll, Obitsu 11, Pukifee -","og_description":"caisse de rangement couronne miniature pukifee, lati Yellow, Nappy choo ou similaire. Cette petite caisse rangement miniature\u00a0 accessoirisera vos dioramas .","og_url":"https:\/\/www.sunnyshop211.com\/en\/product\/\ud83e\uddf8-coffre-de-rangement-toys-miniature-stodoll-obitsu-11-pukifee\/","og_site_name":"Sunnyshop211 -Vente de dioramas, meubles, miniatures , bjd poup\u00e9es 1\/12 1\/8 1\/6 1\/4 1\/3","article_publisher":"https:\/\/www.facebook.com\/sunnyshop211\/?ref=bookmarks","article_modified_time":"2026-01-03T20:51:48+00:00","og_image":[{"width":2560,"height":1707,"url":"https:\/\/www.sunnyshop211.com\/wp-content\/uploads\/2023\/11\/nvel-deco-obitsu-59-scaled.jpg","type":"image\/jpeg"}],"twitter_card":"summary_large_image","twitter_site":"@sunnyshop211","twitter_misc":{"Est. reading time":"2 minutes"},"schema":{"@context":"https:\/\/schema.org","@graph":[{"@type":"WebPage","@id":"https:\/\/www.sunnyshop211.com\/produit\/%f0%9f%a7%b8-coffre-de-rangement-toys-miniature-stodoll-obitsu-11-pukifee\/","url":"https:\/\/www.sunnyshop211.com\/produit\/%f0%9f%a7%b8-coffre-de-rangement-toys-miniature-stodoll-obitsu-11-pukifee\/","name":"\ud83e\uddf8 Miniature \u201ctoys\u201d storage box - Stodoll, Obitsu 11, Pukifee -","isPartOf":{"@id":"https:\/\/www.sunnyshop211.com\/#website"},"primaryImageOfPage":{"@id":"https:\/\/www.sunnyshop211.com\/produit\/%f0%9f%a7%b8-coffre-de-rangement-toys-miniature-stodoll-obitsu-11-pukifee\/#primaryimage"},"image":{"@id":"https:\/\/www.sunnyshop211.com\/produit\/%f0%9f%a7%b8-coffre-de-rangement-toys-miniature-stodoll-obitsu-11-pukifee\/#primaryimage"},"thumbnailUrl":"https:\/\/www.sunnyshop211.com\/wp-content\/uploads\/2023\/11\/nvel-deco-obitsu-59-scaled.jpg","datePublished":"2023-11-14T18:34:51+00:00","dateModified":"2026-01-03T20:51:48+00:00","description":"\ud83e\uddf8 Miniature \u201ctoys\u201d storage box - Stodoll, Obitsu 11, Pukifee or similar. This small miniature storage box will accessorize your dioramas. .","breadcrumb":{"@id":"https:\/\/www.sunnyshop211.com\/produit\/%f0%9f%a7%b8-coffre-de-rangement-toys-miniature-stodoll-obitsu-11-pukifee\/#breadcrumb"},"inLanguage":"en-US","potentialAction":[{"@type":"ReadAction","target":["https:\/\/www.sunnyshop211.com\/produit\/%f0%9f%a7%b8-coffre-de-rangement-toys-miniature-stodoll-obitsu-11-pukifee\/"]}]},{"@type":"ImageObject","inLanguage":"en-US","@id":"https:\/\/www.sunnyshop211.com\/produit\/%f0%9f%a7%b8-coffre-de-rangement-toys-miniature-stodoll-obitsu-11-pukifee\/#primaryimage","url":"https:\/\/www.sunnyshop211.com\/wp-content\/uploads\/2023\/11\/nvel-deco-obitsu-59-scaled.jpg","contentUrl":"https:\/\/www.sunnyshop211.com\/wp-content\/uploads\/2023\/11\/nvel-deco-obitsu-59-scaled.jpg","width":2560,"height":1707,"caption":"coffre rangement miniature"},{"@type":"BreadcrumbList","@id":"https:\/\/www.sunnyshop211.com\/produit\/%f0%9f%a7%b8-coffre-de-rangement-toys-miniature-stodoll-obitsu-11-pukifee\/#breadcrumb","itemListElement":[{"@type":"ListItem","position":1,"name":"Accueil","item":"https:\/\/www.sunnyshop211.com\/"},{"@type":"ListItem","position":2,"name":"Boutique","item":"https:\/\/www.sunnyshop211.com\/boutique-miniature-bjd-dolls\/"},{"@type":"ListItem","position":3,"name":"\ud83e\uddf8 Coffre de rangement \u201ctoys\u201d miniature \u2013 Stodoll, Obitsu 11, Pukifee"}]},{"@type":"WebSite","@id":"https:\/\/www.sunnyshop211.com\/#website","url":"https:\/\/www.sunnyshop211.com\/","name":"Sale of dioramas, furniture, miniatures, bjd dolls 1\/12 1\/8 1\/6 1\/4 1\/3","description":"Sunnyshop211 - Your miniature world for dolls and BJDs, dioramas and custom-made furniture!","publisher":{"@id":"https:\/\/www.sunnyshop211.com\/#organization"},"alternateName":"sunnyshop211","potentialAction":[{"@type":"SearchAction","target":{"@type":"EntryPoint","urlTemplate":"https:\/\/www.sunnyshop211.com\/?s={search_term_string}"},"query-input":{"@type":"PropertyValueSpecification","valueRequired":true,"valueName":"search_term_string"}}],"inLanguage":"en-US"},{"@type":"Organization","@id":"https:\/\/www.sunnyshop211.com\/#organization","name":"sunnyshop211","alternateName":"sunnyshop211 diorama bjd meuble miniature","url":"https:\/\/www.sunnyshop211.com\/","logo":{"@type":"ImageObject","inLanguage":"en-US","@id":"https:\/\/www.sunnyshop211.com\/#\/schema\/logo\/image\/","url":"https:\/\/www.sunnyshop211.com\/wp-content\/uploads\/2022\/08\/cropped-cropped-cropped-Sunnyshop211-1.png","contentUrl":"https:\/\/www.sunnyshop211.com\/wp-content\/uploads\/2022\/08\/cropped-cropped-cropped-Sunnyshop211-1.png","width":339,"height":339,"caption":"sunnyshop211"},"image":{"@id":"https:\/\/www.sunnyshop211.com\/#\/schema\/logo\/image\/"},"sameAs":["https:\/\/www.facebook.com\/sunnyshop211\/?ref=bookmarks","https:\/\/x.com\/sunnyshop211","https:\/\/www.instagram.com\/sunnyshop211\/","https:\/\/www.tumblr.com\/blog\/sunnyshop211","https:\/\/www.youtube.com\/channel\/UCtYY18OGGDKrTSzgcf7fCBg","https:\/\/www.tiktok.com\/@sunnydollshop211?is_from_webapp=1&sender_device=pc"]}]}},"jetpack_publicize_connections":[],"jetpack_sharing_enabled":true,"_links":{"self":[{"href":"https:\/\/www.sunnyshop211.com\/en\/wp-json\/wp\/v2\/product\/37753","targetHints":{"allow":["GET"]}}],"collection":[{"href":"https:\/\/www.sunnyshop211.com\/en\/wp-json\/wp\/v2\/product"}],"about":[{"href":"https:\/\/www.sunnyshop211.com\/en\/wp-json\/wp\/v2\/types\/product"}],"replies":[{"embeddable":true,"href":"https:\/\/www.sunnyshop211.com\/en\/wp-json\/wp\/v2\/comments?post=37753"}],"version-history":[{"count":4,"href":"https:\/\/www.sunnyshop211.com\/en\/wp-json\/wp\/v2\/product\/37753\/revisions"}],"predecessor-version":[{"id":52768,"href":"https:\/\/www.sunnyshop211.com\/en\/wp-json\/wp\/v2\/product\/37753\/revisions\/52768"}],"wp:featuredmedia":[{"embeddable":true,"href":"https:\/\/www.sunnyshop211.com\/en\/wp-json\/wp\/v2\/media\/37614"}],"wp:attachment":[{"href":"https:\/\/www.sunnyshop211.com\/en\/wp-json\/wp\/v2\/media?parent=37753"}],"wp:term":[{"taxonomy":"product_brand","embeddable":true,"href":"https:\/\/www.sunnyshop211.com\/en\/wp-json\/wp\/v2\/product_brand?post=37753"},{"taxonomy":"product_cat","embeddable":true,"href":"https:\/\/www.sunnyshop211.com\/en\/wp-json\/wp\/v2\/product_cat?post=37753"},{"taxonomy":"product_tag","embeddable":true,"href":"https:\/\/www.sunnyshop211.com\/en\/wp-json\/wp\/v2\/product_tag?post=37753"}],"curies":[{"name":"wp","href":"https:\/\/api.w.org\/{rel}","templated":true}]}}