{"id":37480,"date":"2023-11-05T15:04:31","date_gmt":"2023-11-05T14:04:31","guid":{"rendered":"https:\/\/www.sunnyshop211.com\/?post_type=product&#038;p=37480"},"modified":"2026-01-03T17:44:35","modified_gmt":"2026-01-03T16:44:35","slug":"decoration-miniature-lutin-noel-diorama-minifee-barbie","status":"publish","type":"product","link":"https:\/\/www.sunnyshop211.com\/en\/product\/decoration-miniature-lutin-noel-diorama-minifee-barbie\/","title":{"rendered":"Decorative miniature Christmas elf diorama minifee Barbie or similar."},"content":{"rendered":"<div id='gallery-1' class='gallery galleryid-37480 gallery-columns-3 gallery-size-thumbnail'><figure class='gallery-item'>\n\t\t\t<div class='gallery-icon landscape'>\n\t\t\t\t<a href='https:\/\/www.sunnyshop211.com\/en\/?attachment_id=37444'><img decoding=\"async\" width=\"150\" height=\"150\" src=\"https:\/\/www.sunnyshop211.com\/wp-content\/uploads\/2023\/11\/34-150x150.jpg\" class=\"attachment-thumbnail size-thumbnail\" alt=\"D\u00e9coration miniature lutins 1\/4\" srcset=\"https:\/\/www.sunnyshop211.com\/wp-content\/uploads\/2023\/11\/34-150x150.jpg 150w, https:\/\/www.sunnyshop211.com\/wp-content\/uploads\/2023\/11\/34-scaled-500x500.jpg 500w, https:\/\/www.sunnyshop211.com\/wp-content\/uploads\/2023\/11\/34-scaled-100x100.jpg 100w\" sizes=\"(max-width: 150px) 100vw, 150px\" \/><\/a>\n\t\t\t<\/div><\/figure><figure class='gallery-item'>\n\t\t\t<div class='gallery-icon landscape'>\n\t\t\t\t<a href='https:\/\/www.sunnyshop211.com\/en\/?attachment_id=37443'><img decoding=\"async\" width=\"150\" height=\"150\" src=\"https:\/\/www.sunnyshop211.com\/wp-content\/uploads\/2023\/11\/33-150x150.jpg\" class=\"attachment-thumbnail size-thumbnail\" alt=\"\" srcset=\"https:\/\/www.sunnyshop211.com\/wp-content\/uploads\/2023\/11\/33-150x150.jpg 150w, https:\/\/www.sunnyshop211.com\/wp-content\/uploads\/2023\/11\/33-scaled-500x500.jpg 500w, https:\/\/www.sunnyshop211.com\/wp-content\/uploads\/2023\/11\/33-scaled-100x100.jpg 100w\" sizes=\"(max-width: 150px) 100vw, 150px\" \/><\/a>\n\t\t\t<\/div><\/figure><figure class='gallery-item'>\n\t\t\t<div class='gallery-icon landscape'>\n\t\t\t\t<a href='https:\/\/www.sunnyshop211.com\/en\/?attachment_id=37430'><img decoding=\"async\" width=\"150\" height=\"150\" src=\"https:\/\/www.sunnyshop211.com\/wp-content\/uploads\/2023\/11\/20-150x150.jpg\" class=\"attachment-thumbnail size-thumbnail\" alt=\"D\u00e9coration miniature lutins 1\/4\" srcset=\"https:\/\/www.sunnyshop211.com\/wp-content\/uploads\/2023\/11\/20-150x150.jpg 150w, https:\/\/www.sunnyshop211.com\/wp-content\/uploads\/2023\/11\/20-scaled-500x500.jpg 500w, https:\/\/www.sunnyshop211.com\/wp-content\/uploads\/2023\/11\/20-scaled-100x100.jpg 100w\" sizes=\"(max-width: 150px) 100vw, 150px\" \/><\/a>\n\t\t\t<\/div><\/figure><figure class='gallery-item'>\n\t\t\t<div class='gallery-icon landscape'>\n\t\t\t\t<a href='https:\/\/www.sunnyshop211.com\/en\/?attachment_id=37426'><img loading=\"lazy\" decoding=\"async\" width=\"150\" height=\"150\" src=\"https:\/\/www.sunnyshop211.com\/wp-content\/uploads\/2023\/11\/16-150x150.jpg\" class=\"attachment-thumbnail size-thumbnail\" alt=\"D\u00e9coration miniature lutins 1\/4\" srcset=\"https:\/\/www.sunnyshop211.com\/wp-content\/uploads\/2023\/11\/16-150x150.jpg 150w, https:\/\/www.sunnyshop211.com\/wp-content\/uploads\/2023\/11\/16-scaled-500x500.jpg 500w, https:\/\/www.sunnyshop211.com\/wp-content\/uploads\/2023\/11\/16-scaled-100x100.jpg 100w\" sizes=\"(max-width: 150px) 100vw, 150px\" \/><\/a>\n\t\t\t<\/div><\/figure><figure class='gallery-item'>\n\t\t\t<div class='gallery-icon portrait'>\n\t\t\t\t<a href='https:\/\/www.sunnyshop211.com\/en\/?attachment_id=37438'><img loading=\"lazy\" decoding=\"async\" width=\"150\" height=\"150\" src=\"https:\/\/www.sunnyshop211.com\/wp-content\/uploads\/2023\/11\/28-150x150.jpg\" class=\"attachment-thumbnail size-thumbnail\" alt=\"\" srcset=\"https:\/\/www.sunnyshop211.com\/wp-content\/uploads\/2023\/11\/28-150x150.jpg 150w, https:\/\/www.sunnyshop211.com\/wp-content\/uploads\/2023\/11\/28-scaled-500x500.jpg 500w, https:\/\/www.sunnyshop211.com\/wp-content\/uploads\/2023\/11\/28-scaled-100x100.jpg 100w\" sizes=\"(max-width: 150px) 100vw, 150px\" \/><\/a>\n\t\t\t<\/div><\/figure>\n\t\t<\/div>\n\n<p>&nbsp;<\/p>\n<h2 data-start=\"151\" data-end=\"224\"><strong data-start=\"151\" data-end=\"224\">Miniature Christmas elf decoration - Minifee - MSD - Barbie - Pullip<\/strong><\/h2>\n<p data-start=\"226\" data-end=\"246\">\u2500\u2500\u2500\u2500\u2500\u2500\u2500\u2500\u2500\u2500\u2500\u2500\u2500\u2500\u2500\u2500\u2500\u2500\u2500\u2500<\/p>\n<p data-start=\"248\" data-end=\"265\">\u2728 <strong data-start=\"250\" data-end=\"265\">Description<\/strong><\/p>\n<p data-start=\"267\" data-end=\"426\">This <strong data-start=\"273\" data-end=\"312\">miniature Christmas elf decoration<\/strong> is ideal for complementing your <strong data-start=\"343\" data-end=\"370\">festive staging<\/strong> and decorate your miniature interiors for the holidays.<\/p>\n<p data-start=\"428\" data-end=\"559\">Painted with care, these little elves add a warm and cheerful touch to your <strong data-start=\"514\" data-end=\"534\">Christmas dioramas<\/strong>, and room dolls.<\/p>\n<p data-start=\"561\" data-end=\"631\">\u2714 Decorative article.<br data-start=\"581\" data-end=\"584\" \/>\u2714 Non-functional element.<br data-start=\"610\" data-end=\"613\" \/>\u2714 Sold individually.<\/p>\n<p data-start=\"633\" data-end=\"653\">\u2500\u2500\u2500\u2500\u2500\u2500\u2500\u2500\u2500\u2500\u2500\u2500\u2500\u2500\u2500\u2500\u2500\u2500\u2500\u2500<\/p>\n<p data-start=\"655\" data-end=\"675\">\ud83e\uddf8 <strong data-start=\"658\" data-end=\"675\">Compatibility<\/strong><\/p>\n<p data-start=\"677\" data-end=\"714\">Compatible with the following dolls:<\/p>\n<p data-start=\"716\" data-end=\"814\">- Minifee<br data-start=\"725\" data-end=\"728\" \/>- MSD<br data-start=\"733\" data-end=\"736\" \/>- Unoa<br data-start=\"742\" data-end=\"745\" \/>- Barbie<br data-start=\"753\" data-end=\"756\" \/>- Pullip<br data-start=\"764\" data-end=\"767\" \/>- Blythe<br data-start=\"775\" data-end=\"778\" \/>- Other dolls of equivalent size<\/p>\n<p data-start=\"816\" data-end=\"963\">Compatible with furniture and accessories sold separately in the store <strong data-start=\"894\" data-end=\"910\">sunnyshop211<\/strong>.<br data-start=\"911\" data-end=\"914\" \/>Ideal for staging and decorating Christmas scenes.<\/p>\n<p data-start=\"965\" data-end=\"985\">\u2500\u2500\u2500\u2500\u2500\u2500\u2500\u2500\u2500\u2500\u2500\u2500\u2500\u2500\u2500\u2500\u2500\u2500\u2500\u2500<\/p>\n<p data-start=\"987\" data-end=\"1013\">\ud83d\udccf <strong data-start=\"990\" data-end=\"1013\">Available sizes<\/strong><\/p>\n<p data-start=\"1015\" data-end=\"1077\">The miniature elf decoration is available in <strong data-start=\"1062\" data-end=\"1075\">3 sizes<\/strong> :<\/p>\n<p data-start=\"1079\" data-end=\"1199\">\u2022 <strong data-start=\"1081\" data-end=\"1090\">Small<\/strong> : about <strong data-start=\"1101\" data-end=\"1117\">3 cm high<\/strong><br data-start=\"1117\" data-end=\"1120\" \/>\u2022 <strong data-start=\"1122\" data-end=\"1131\">Medium<\/strong> : about <strong data-start=\"1142\" data-end=\"1158\">4 cm high<\/strong><br data-start=\"1158\" data-end=\"1161\" \/>\u2022 <strong data-start=\"1163\" data-end=\"1172\">Grand<\/strong> : about <strong data-start=\"1183\" data-end=\"1199\">5 cm high<\/strong><\/p>\n<p data-start=\"1201\" data-end=\"1221\">\u2500\u2500\u2500\u2500\u2500\u2500\u2500\u2500\u2500\u2500\u2500\u2500\u2500\u2500\u2500\u2500\u2500\u2500\u2500\u2500<\/p>\n<p data-start=\"1223\" data-end=\"1250\">\ud83c\udfa8 <strong data-start=\"1226\" data-end=\"1250\">Available colors<\/strong><\/p>\n<p data-start=\"1252\" data-end=\"1352\">- Main painting : <strong data-start=\"1276\" data-end=\"1293\">white and green<\/strong><br data-start=\"1293\" data-end=\"1296\" \/>- Choice of variations:<br data-start=\"1321\" data-end=\"1324\" \/>\u2003\u2003\u2013 <strong data-start=\"1328\" data-end=\"1336\">Rose<\/strong><br data-start=\"1336\" data-end=\"1339\" \/>\u2003\u2003\u2013 <strong data-start=\"1343\" data-end=\"1352\">Red<\/strong><\/p>\n<p data-start=\"1354\" data-end=\"1374\">\u2500\u2500\u2500\u2500\u2500\u2500\u2500\u2500\u2500\u2500\u2500\u2500\u2500\u2500\u2500\u2500\u2500\u2500\u2500\u2500<\/p>\n<p data-start=\"1376\" data-end=\"1405\">\ud83c\udf84 <strong data-start=\"1379\" data-end=\"1405\">Use &amp; ambience<\/strong><\/p>\n<p data-start=\"1407\" data-end=\"1531\">- Perfect for :<br data-start=\"1424\" data-end=\"1427\" \/>- miniature Christmas decorations,<br data-start=\"1457\" data-end=\"1460\" \/>- living rooms and dolls' bedrooms,<br data-start=\"1494\" data-end=\"1497\" \/>- windows and winter scenes.<\/p>\n<p data-start=\"1533\" data-end=\"1585\">- Easily integrated into any festive environment.<\/p>\n<p data-start=\"1587\" data-end=\"1607\">\u2500\u2500\u2500\u2500\u2500\u2500\u2500\u2500\u2500\u2500\u2500\u2500\u2500\u2500\u2500\u2500\u2500\u2500\u2500\u2500<\/p>\n<h3 data-start=\"1609\" data-end=\"1639\">\ud83d\udd90\ufe0f <strong data-start=\"1613\" data-end=\"1639\">Handcrafted products<\/strong><\/h3>\n<p data-start=\"1641\" data-end=\"1698\">Each miniature sprite is handcrafted.<\/p>\n<p data-start=\"1700\" data-end=\"1854\">Because of its handmade character:<br data-start=\"1734\" data-end=\"1737\" \/>- slight variations in shape or color may occur,<br data-start=\"1803\" data-end=\"1806\" \/>- a few minor imperfections are possible.<\/p>\n<p data-start=\"1856\" data-end=\"1876\">\u2500\u2500\u2500\u2500\u2500\u2500\u2500\u2500\u2500\u2500\u2500\u2500\u2500\u2500\u2500\u2500\u2500\u2500\u2500\u2500<\/p>\n<p data-start=\"1878\" data-end=\"1909\">\ud83d\udce6 <strong data-start=\"1881\" data-end=\"1909\">Important information<\/strong><\/p>\n<p data-start=\"1911\" data-end=\"2225\">- Article <strong data-start=\"1921\" data-end=\"1945\">made to order<\/strong>.<br data-start=\"1946\" data-end=\"1949\" \/>- Please take into account manufacturing and delivery times (see General Sales Conditions and delivery times).<br data-start=\"2075\" data-end=\"2078\" \/>- The photos are examples of staging.<br data-start=\"2126\" data-end=\"2129\" \/>\u2022 <strong data-start=\"2131\" data-end=\"2171\">Only the elf decoration is sold<\/strong>, All other visible components are sold separately.<\/p>\n<p data-start=\"2227\" data-end=\"2314\">More photos available on Instagram :<br data-start=\"2269\" data-end=\"2272\" \/>\ud83d\udc49 <a class=\"decorated-link\" href=\"https:\/\/www.instagram.com\/sunnyshop211\/\" target=\"_new\" rel=\"noopener\" data-start=\"2275\" data-end=\"2314\">https:\/\/www.instagram.com\/sunnyshop211\/<\/a><\/p>\n<p data-start=\"2316\" data-end=\"2336\">\u2500\u2500\u2500\u2500\u2500\u2500\u2500\u2500\u2500\u2500\u2500\u2500\u2500\u2500\u2500\u2500\u2500\u2500\u2500\u2500<\/p>\n<p data-start=\"2338\" data-end=\"2361\">\u26a0\ufe0f <strong data-start=\"2341\" data-end=\"2361\">Terms of use<\/strong><\/p>\n<p data-start=\"2363\" data-end=\"2503\">!!!! This is not a toy, this article is intended for adults.<br data-start=\"2434\" data-end=\"2437\" \/>I am not responsible for any damage in transit.<\/p>\n<hr data-start=\"2505\" data-end=\"2508\" \/>\n<p data-start=\"2510\" data-end=\"2711\" data-is-last-node=\"\" data-is-only-node=\"\">\ud83c\udf84\ud83e\udddd <strong data-start=\"2515\" data-end=\"2577\">Miniature elves to bring your Christmas decor to life<\/strong><\/p>","protected":false},"excerpt":{"rendered":"<p>&nbsp; D\u00e9coration miniature lutins de No\u00ebl \u2013 Minifee \u00b7 MSD \u00b7 Barbie \u00b7 Pullip \u2500\u2500\u2500\u2500\u2500\u2500\u2500\u2500\u2500\u2500\u2500\u2500\u2500\u2500\u2500\u2500\u2500\u2500\u2500\u2500 \u2728 Description Cette d\u00e9coration miniature lutins de No\u00ebl est id\u00e9ale pour compl\u00e9ter vos mises en sc\u00e8ne festives et d\u00e9corer vos int\u00e9rieurs miniatures pendant les f\u00eates. Peints avec soin, ces petits lutins apportent une touche joyeuse et chaleureuse \u00e0 vos dioramas [&hellip;]<\/p>\n","protected":false},"featured_media":37426,"comment_status":"open","ping_status":"closed","template":"","meta":{"_crdt_document":"","jetpack_post_was_ever_published":false,"jetpack_publicize_message":"","jetpack_publicize_feature_enabled":true,"jetpack_social_post_already_shared":true,"jetpack_social_options":{"image_generator_settings":{"template":"highway","default_image_id":0,"font":"","enabled":false},"version":2}},"product_brand":[],"product_cat":[667687072],"product_tag":[667681278,667681136,667681284,667681665,667681234,667681226,667681233,667681272,667681348,667681225,667681426,667681359,667681236,667681232,667681173,667681237,667681666,667681280,667681177,667681277,667681235,667681832,667681260],"class_list":{"0":"post-37480","1":"product","2":"type-product","3":"status-publish","4":"has-post-thumbnail","6":"product_cat--personnages-figurines","7":"product_tag-barbie","8":"product_tag-bjd","9":"product_tag-blythe","10":"product_tag-christmas","11":"product_tag-diorama","12":"product_tag-doll","13":"product_tag-dollhouse","14":"product_tag-elowynn-wilde","15":"product_tag-fashion-royalty","16":"product_tag-furniture","17":"product_tag-littlefee","18":"product_tag-living-room","19":"product_tag-maison-de-poupee","20":"product_tag-miniature","21":"product_tag-minifee","22":"product_tag-msd","23":"product_tag-noel","24":"product_tag-phicen","25":"product_tag-poupee","26":"product_tag-pullip","27":"product_tag-roombox","28":"product_tag-table-center","29":"product_tag-tonner","30":"product_shipping_class-lettresuivie","31":"pa_couleur-rose-pink","32":"pa_couleur-rouge","34":"first","35":"instock","36":"taxable","37":"shipping-taxable","38":"purchasable","39":"product-type-variable"},"yoast_head":"<!-- This site is optimized with the Yoast SEO plugin v27.5 - https:\/\/yoast.com\/product\/yoast-seo-wordpress\/ -->\n<title>D\u00e9coration miniature lutin\u00a0no\u00ebl diorama minifee Barbie ou similaire. -<\/title>\n<meta name=\"description\" content=\"D\u00e9coration miniature lutins\u00a0no\u00ebl diorama minifee Barbie ou similaire. Pour minifee, msd, unoa, Barbie, pullip, blythe ou autre de m\u00eame taille.\" \/>\n<meta name=\"robots\" content=\"index, follow, max-snippet:-1, max-image-preview:large, max-video-preview:-1\" \/>\n<link rel=\"canonical\" href=\"https:\/\/www.sunnyshop211.com\/en\/product\/decoration-miniature-lutin-noel-diorama-minifee-barbie\/\" \/>\n<meta property=\"og:locale\" content=\"en_US\" \/>\n<meta property=\"og:type\" content=\"article\" \/>\n<meta property=\"og:title\" content=\"D\u00e9coration miniature lutin\u00a0no\u00ebl diorama minifee Barbie ou similaire. -\" \/>\n<meta property=\"og:description\" content=\"D\u00e9coration miniature lutins 1\/4 no\u00ebl dollhouse diorama minifee msd ou similaire. Id\u00e9al pour vos mises en sc\u00e8ne et room Doll\" \/>\n<meta property=\"og:url\" content=\"https:\/\/www.sunnyshop211.com\/en\/product\/decoration-miniature-lutin-noel-diorama-minifee-barbie\/\" \/>\n<meta property=\"og:site_name\" content=\"Sunnyshop211 -Vente de dioramas, meubles, miniatures , bjd poup\u00e9es 1\/12 1\/8 1\/6 1\/4 1\/3\" \/>\n<meta property=\"article:publisher\" content=\"https:\/\/www.facebook.com\/sunnyshop211\/?ref=bookmarks\" \/>\n<meta property=\"article:modified_time\" content=\"2026-01-03T16:44:35+00:00\" \/>\n<meta property=\"og:image\" content=\"https:\/\/www.sunnyshop211.com\/wp-content\/uploads\/2023\/11\/16-scaled.jpg\" \/>\n\t<meta property=\"og:image:width\" content=\"2560\" \/>\n\t<meta property=\"og:image:height\" content=\"1707\" \/>\n\t<meta property=\"og:image:type\" content=\"image\/jpeg\" \/>\n<meta name=\"twitter:card\" content=\"summary_large_image\" \/>\n<meta name=\"twitter:site\" content=\"@sunnyshop211\" \/>\n<meta name=\"twitter:label1\" content=\"Est. reading time\" \/>\n\t<meta name=\"twitter:data1\" content=\"2 minutes\" \/>\n<script type=\"application\/ld+json\" class=\"yoast-schema-graph\">{\"@context\":\"https:\\\/\\\/schema.org\",\"@graph\":[{\"@type\":\"WebPage\",\"@id\":\"https:\\\/\\\/www.sunnyshop211.com\\\/produit\\\/decoration-miniature-lutin-noel-diorama-minifee-barbie\\\/\",\"url\":\"https:\\\/\\\/www.sunnyshop211.com\\\/produit\\\/decoration-miniature-lutin-noel-diorama-minifee-barbie\\\/\",\"name\":\"D\u00e9coration miniature lutin\u00a0no\u00ebl diorama minifee Barbie ou similaire. -\",\"isPartOf\":{\"@id\":\"https:\\\/\\\/www.sunnyshop211.com\\\/#website\"},\"primaryImageOfPage\":{\"@id\":\"https:\\\/\\\/www.sunnyshop211.com\\\/produit\\\/decoration-miniature-lutin-noel-diorama-minifee-barbie\\\/#primaryimage\"},\"image\":{\"@id\":\"https:\\\/\\\/www.sunnyshop211.com\\\/produit\\\/decoration-miniature-lutin-noel-diorama-minifee-barbie\\\/#primaryimage\"},\"thumbnailUrl\":\"https:\\\/\\\/www.sunnyshop211.com\\\/wp-content\\\/uploads\\\/2023\\\/11\\\/16-scaled.jpg\",\"datePublished\":\"2023-11-05T14:04:31+00:00\",\"dateModified\":\"2026-01-03T16:44:35+00:00\",\"description\":\"D\u00e9coration miniature lutins\u00a0no\u00ebl diorama minifee Barbie ou similaire. Pour minifee, msd, unoa, Barbie, pullip, blythe ou autre de m\u00eame taille.\",\"breadcrumb\":{\"@id\":\"https:\\\/\\\/www.sunnyshop211.com\\\/produit\\\/decoration-miniature-lutin-noel-diorama-minifee-barbie\\\/#breadcrumb\"},\"inLanguage\":\"en-US\",\"potentialAction\":[{\"@type\":\"ReadAction\",\"target\":[\"https:\\\/\\\/www.sunnyshop211.com\\\/produit\\\/decoration-miniature-lutin-noel-diorama-minifee-barbie\\\/\"]}]},{\"@type\":\"ImageObject\",\"inLanguage\":\"en-US\",\"@id\":\"https:\\\/\\\/www.sunnyshop211.com\\\/produit\\\/decoration-miniature-lutin-noel-diorama-minifee-barbie\\\/#primaryimage\",\"url\":\"https:\\\/\\\/www.sunnyshop211.com\\\/wp-content\\\/uploads\\\/2023\\\/11\\\/16-scaled.jpg\",\"contentUrl\":\"https:\\\/\\\/www.sunnyshop211.com\\\/wp-content\\\/uploads\\\/2023\\\/11\\\/16-scaled.jpg\",\"width\":2560,\"height\":1707,\"caption\":\"D\u00e9coration miniature lutins 1\\\/4\"},{\"@type\":\"BreadcrumbList\",\"@id\":\"https:\\\/\\\/www.sunnyshop211.com\\\/produit\\\/decoration-miniature-lutin-noel-diorama-minifee-barbie\\\/#breadcrumb\",\"itemListElement\":[{\"@type\":\"ListItem\",\"position\":1,\"name\":\"Accueil\",\"item\":\"https:\\\/\\\/www.sunnyshop211.com\\\/\"},{\"@type\":\"ListItem\",\"position\":2,\"name\":\"Boutique\",\"item\":\"https:\\\/\\\/www.sunnyshop211.com\\\/boutique-miniature-bjd-dolls\\\/\"},{\"@type\":\"ListItem\",\"position\":3,\"name\":\"D\u00e9coration miniature lutin\u00a0no\u00ebl diorama minifee Barbie ou similaire.\"}]},{\"@type\":\"WebSite\",\"@id\":\"https:\\\/\\\/www.sunnyshop211.com\\\/#website\",\"url\":\"https:\\\/\\\/www.sunnyshop211.com\\\/\",\"name\":\"Vente de dioramas, meubles, miniatures , bjd poup\u00e9es 1\\\/12 1\\\/8 1\\\/6 1\\\/4 1\\\/3\",\"description\":\"Sunnyshop211 - Votre univers miniature pour poup\u00e9es et BJD, dioramas et meubles sur mesure !\",\"publisher\":{\"@id\":\"https:\\\/\\\/www.sunnyshop211.com\\\/#organization\"},\"alternateName\":\"sunnyshop211\",\"potentialAction\":[{\"@type\":\"SearchAction\",\"target\":{\"@type\":\"EntryPoint\",\"urlTemplate\":\"https:\\\/\\\/www.sunnyshop211.com\\\/?s={search_term_string}\"},\"query-input\":{\"@type\":\"PropertyValueSpecification\",\"valueRequired\":true,\"valueName\":\"search_term_string\"}}],\"inLanguage\":\"en-US\"},{\"@type\":\"Organization\",\"@id\":\"https:\\\/\\\/www.sunnyshop211.com\\\/#organization\",\"name\":\"sunnyshop211\",\"alternateName\":\"sunnyshop211 diorama bjd meuble miniature\",\"url\":\"https:\\\/\\\/www.sunnyshop211.com\\\/\",\"logo\":{\"@type\":\"ImageObject\",\"inLanguage\":\"en-US\",\"@id\":\"https:\\\/\\\/www.sunnyshop211.com\\\/#\\\/schema\\\/logo\\\/image\\\/\",\"url\":\"https:\\\/\\\/www.sunnyshop211.com\\\/wp-content\\\/uploads\\\/2022\\\/08\\\/cropped-cropped-cropped-Sunnyshop211-1.png\",\"contentUrl\":\"https:\\\/\\\/www.sunnyshop211.com\\\/wp-content\\\/uploads\\\/2022\\\/08\\\/cropped-cropped-cropped-Sunnyshop211-1.png\",\"width\":339,\"height\":339,\"caption\":\"sunnyshop211\"},\"image\":{\"@id\":\"https:\\\/\\\/www.sunnyshop211.com\\\/#\\\/schema\\\/logo\\\/image\\\/\"},\"sameAs\":[\"https:\\\/\\\/www.facebook.com\\\/sunnyshop211\\\/?ref=bookmarks\",\"https:\\\/\\\/x.com\\\/sunnyshop211\",\"https:\\\/\\\/www.instagram.com\\\/sunnyshop211\\\/\",\"https:\\\/\\\/www.tumblr.com\\\/blog\\\/sunnyshop211\",\"https:\\\/\\\/www.youtube.com\\\/channel\\\/UCtYY18OGGDKrTSzgcf7fCBg\",\"https:\\\/\\\/www.tiktok.com\\\/@sunnydollshop211?is_from_webapp=1&sender_device=pc\"]}]}<\/script>\n<!-- \/ Yoast SEO plugin. -->","yoast_head_json":{"title":"Miniature Christmas elf decoration diorama minifee Barbie or similar. -","description":"Miniature Christmas elf decoration diorama minifee Barbie or similar. For minifee, msd, unoa, Barbie, pullip, blythe or similar.","robots":{"index":"index","follow":"follow","max-snippet":"max-snippet:-1","max-image-preview":"max-image-preview:large","max-video-preview":"max-video-preview:-1"},"canonical":"https:\/\/www.sunnyshop211.com\/en\/product\/decoration-miniature-lutin-noel-diorama-minifee-barbie\/","og_locale":"en_US","og_type":"article","og_title":"D\u00e9coration miniature lutin\u00a0no\u00ebl diorama minifee Barbie ou similaire. -","og_description":"D\u00e9coration miniature lutins 1\/4 no\u00ebl dollhouse diorama minifee msd ou similaire. Id\u00e9al pour vos mises en sc\u00e8ne et room Doll","og_url":"https:\/\/www.sunnyshop211.com\/en\/product\/decoration-miniature-lutin-noel-diorama-minifee-barbie\/","og_site_name":"Sunnyshop211 -Vente de dioramas, meubles, miniatures , bjd poup\u00e9es 1\/12 1\/8 1\/6 1\/4 1\/3","article_publisher":"https:\/\/www.facebook.com\/sunnyshop211\/?ref=bookmarks","article_modified_time":"2026-01-03T16:44:35+00:00","og_image":[{"width":2560,"height":1707,"url":"https:\/\/www.sunnyshop211.com\/wp-content\/uploads\/2023\/11\/16-scaled.jpg","type":"image\/jpeg"}],"twitter_card":"summary_large_image","twitter_site":"@sunnyshop211","twitter_misc":{"Est. reading time":"2 minutes"},"schema":{"@context":"https:\/\/schema.org","@graph":[{"@type":"WebPage","@id":"https:\/\/www.sunnyshop211.com\/produit\/decoration-miniature-lutin-noel-diorama-minifee-barbie\/","url":"https:\/\/www.sunnyshop211.com\/produit\/decoration-miniature-lutin-noel-diorama-minifee-barbie\/","name":"Miniature Christmas elf decoration diorama minifee Barbie or similar. -","isPartOf":{"@id":"https:\/\/www.sunnyshop211.com\/#website"},"primaryImageOfPage":{"@id":"https:\/\/www.sunnyshop211.com\/produit\/decoration-miniature-lutin-noel-diorama-minifee-barbie\/#primaryimage"},"image":{"@id":"https:\/\/www.sunnyshop211.com\/produit\/decoration-miniature-lutin-noel-diorama-minifee-barbie\/#primaryimage"},"thumbnailUrl":"https:\/\/www.sunnyshop211.com\/wp-content\/uploads\/2023\/11\/16-scaled.jpg","datePublished":"2023-11-05T14:04:31+00:00","dateModified":"2026-01-03T16:44:35+00:00","description":"Miniature Christmas elf decoration diorama minifee Barbie or similar. For minifee, msd, unoa, Barbie, pullip, blythe or similar.","breadcrumb":{"@id":"https:\/\/www.sunnyshop211.com\/produit\/decoration-miniature-lutin-noel-diorama-minifee-barbie\/#breadcrumb"},"inLanguage":"en-US","potentialAction":[{"@type":"ReadAction","target":["https:\/\/www.sunnyshop211.com\/produit\/decoration-miniature-lutin-noel-diorama-minifee-barbie\/"]}]},{"@type":"ImageObject","inLanguage":"en-US","@id":"https:\/\/www.sunnyshop211.com\/produit\/decoration-miniature-lutin-noel-diorama-minifee-barbie\/#primaryimage","url":"https:\/\/www.sunnyshop211.com\/wp-content\/uploads\/2023\/11\/16-scaled.jpg","contentUrl":"https:\/\/www.sunnyshop211.com\/wp-content\/uploads\/2023\/11\/16-scaled.jpg","width":2560,"height":1707,"caption":"D\u00e9coration miniature lutins 1\/4"},{"@type":"BreadcrumbList","@id":"https:\/\/www.sunnyshop211.com\/produit\/decoration-miniature-lutin-noel-diorama-minifee-barbie\/#breadcrumb","itemListElement":[{"@type":"ListItem","position":1,"name":"Accueil","item":"https:\/\/www.sunnyshop211.com\/"},{"@type":"ListItem","position":2,"name":"Boutique","item":"https:\/\/www.sunnyshop211.com\/boutique-miniature-bjd-dolls\/"},{"@type":"ListItem","position":3,"name":"D\u00e9coration miniature lutin\u00a0no\u00ebl diorama minifee Barbie ou similaire."}]},{"@type":"WebSite","@id":"https:\/\/www.sunnyshop211.com\/#website","url":"https:\/\/www.sunnyshop211.com\/","name":"Sale of dioramas, furniture, miniatures, bjd dolls 1\/12 1\/8 1\/6 1\/4 1\/3","description":"Sunnyshop211 - Your miniature world for dolls and BJDs, dioramas and custom-made furniture!","publisher":{"@id":"https:\/\/www.sunnyshop211.com\/#organization"},"alternateName":"sunnyshop211","potentialAction":[{"@type":"SearchAction","target":{"@type":"EntryPoint","urlTemplate":"https:\/\/www.sunnyshop211.com\/?s={search_term_string}"},"query-input":{"@type":"PropertyValueSpecification","valueRequired":true,"valueName":"search_term_string"}}],"inLanguage":"en-US"},{"@type":"Organization","@id":"https:\/\/www.sunnyshop211.com\/#organization","name":"sunnyshop211","alternateName":"sunnyshop211 diorama bjd meuble miniature","url":"https:\/\/www.sunnyshop211.com\/","logo":{"@type":"ImageObject","inLanguage":"en-US","@id":"https:\/\/www.sunnyshop211.com\/#\/schema\/logo\/image\/","url":"https:\/\/www.sunnyshop211.com\/wp-content\/uploads\/2022\/08\/cropped-cropped-cropped-Sunnyshop211-1.png","contentUrl":"https:\/\/www.sunnyshop211.com\/wp-content\/uploads\/2022\/08\/cropped-cropped-cropped-Sunnyshop211-1.png","width":339,"height":339,"caption":"sunnyshop211"},"image":{"@id":"https:\/\/www.sunnyshop211.com\/#\/schema\/logo\/image\/"},"sameAs":["https:\/\/www.facebook.com\/sunnyshop211\/?ref=bookmarks","https:\/\/x.com\/sunnyshop211","https:\/\/www.instagram.com\/sunnyshop211\/","https:\/\/www.tumblr.com\/blog\/sunnyshop211","https:\/\/www.youtube.com\/channel\/UCtYY18OGGDKrTSzgcf7fCBg","https:\/\/www.tiktok.com\/@sunnydollshop211?is_from_webapp=1&sender_device=pc"]}]}},"jetpack_publicize_connections":[],"jetpack_sharing_enabled":true,"_links":{"self":[{"href":"https:\/\/www.sunnyshop211.com\/en\/wp-json\/wp\/v2\/product\/37480","targetHints":{"allow":["GET"]}}],"collection":[{"href":"https:\/\/www.sunnyshop211.com\/en\/wp-json\/wp\/v2\/product"}],"about":[{"href":"https:\/\/www.sunnyshop211.com\/en\/wp-json\/wp\/v2\/types\/product"}],"replies":[{"embeddable":true,"href":"https:\/\/www.sunnyshop211.com\/en\/wp-json\/wp\/v2\/comments?post=37480"}],"version-history":[{"count":5,"href":"https:\/\/www.sunnyshop211.com\/en\/wp-json\/wp\/v2\/product\/37480\/revisions"}],"predecessor-version":[{"id":54058,"href":"https:\/\/www.sunnyshop211.com\/en\/wp-json\/wp\/v2\/product\/37480\/revisions\/54058"}],"wp:featuredmedia":[{"embeddable":true,"href":"https:\/\/www.sunnyshop211.com\/en\/wp-json\/wp\/v2\/media\/37426"}],"wp:attachment":[{"href":"https:\/\/www.sunnyshop211.com\/en\/wp-json\/wp\/v2\/media?parent=37480"}],"wp:term":[{"taxonomy":"product_brand","embeddable":true,"href":"https:\/\/www.sunnyshop211.com\/en\/wp-json\/wp\/v2\/product_brand?post=37480"},{"taxonomy":"product_cat","embeddable":true,"href":"https:\/\/www.sunnyshop211.com\/en\/wp-json\/wp\/v2\/product_cat?post=37480"},{"taxonomy":"product_tag","embeddable":true,"href":"https:\/\/www.sunnyshop211.com\/en\/wp-json\/wp\/v2\/product_tag?post=37480"}],"curies":[{"name":"wp","href":"https:\/\/api.w.org\/{rel}","templated":true}]}}