{"id":36594,"date":"2023-08-28T13:56:37","date_gmt":"2023-08-28T12:56:37","guid":{"rendered":"https:\/\/www.sunnyshop211.com\/?post_type=product&#038;p=36594"},"modified":"2026-01-01T16:02:30","modified_gmt":"2026-01-01T15:02:30","slug":"%e2%9d%a4%ef%b8%8f-lunettes-de-soleil-coeur-miniature-bjd","status":"publish","type":"product","link":"https:\/\/www.sunnyshop211.com\/en\/product\/%e2%9d%a4%ef%b8%8f-lunettes-de-soleil-coeur-miniature-bjd\/","title":{"rendered":"\u2764\ufe0f Heart sunglasses - Miniature BJD"},"content":{"rendered":"<div id='gallery-1' class='gallery galleryid-36594 gallery-columns-3 gallery-size-thumbnail'><figure class='gallery-item'>\n\t\t\t<div class='gallery-icon landscape'>\n\t\t\t\t<a href='https:\/\/www.sunnyshop211.com\/en\/?attachment_id=36576'><img decoding=\"async\" width=\"150\" height=\"150\" src=\"https:\/\/www.sunnyshop211.com\/wp-content\/uploads\/2022\/07\/3-1-scaled-e1693227744250-150x150.jpg\" class=\"attachment-thumbnail size-thumbnail\" alt=\"Lunettes soleil c\u0153ur simulation\" srcset=\"https:\/\/www.sunnyshop211.com\/wp-content\/uploads\/2022\/07\/3-1-scaled-e1693227744250-150x150.jpg 150w, https:\/\/www.sunnyshop211.com\/wp-content\/uploads\/2022\/07\/3-1-scaled-e1693227744250-500x500.jpg 500w, https:\/\/www.sunnyshop211.com\/wp-content\/uploads\/2022\/07\/3-1-scaled-e1693227744250-100x100.jpg 100w\" sizes=\"(max-width: 150px) 100vw, 150px\" \/><\/a>\n\t\t\t<\/div><\/figure><figure class='gallery-item'>\n\t\t\t<div class='gallery-icon landscape'>\n\t\t\t\t<a href='https:\/\/www.sunnyshop211.com\/en\/?attachment_id=37067'><img decoding=\"async\" width=\"150\" height=\"150\" src=\"https:\/\/www.sunnyshop211.com\/wp-content\/uploads\/2023\/08\/35-150x150.jpg\" class=\"attachment-thumbnail size-thumbnail\" alt=\"Lunettes soleil c\u0153ur simulation\" srcset=\"https:\/\/www.sunnyshop211.com\/wp-content\/uploads\/2023\/08\/35-150x150.jpg 150w, https:\/\/www.sunnyshop211.com\/wp-content\/uploads\/2023\/08\/35-scaled-500x500.jpg 500w, https:\/\/www.sunnyshop211.com\/wp-content\/uploads\/2023\/08\/35-scaled-100x100.jpg 100w\" sizes=\"(max-width: 150px) 100vw, 150px\" \/><\/a>\n\t\t\t<\/div><\/figure><figure class='gallery-item'>\n\t\t\t<div class='gallery-icon portrait'>\n\t\t\t\t<a href='https:\/\/www.sunnyshop211.com\/en\/?attachment_id=37070'><img decoding=\"async\" width=\"150\" height=\"150\" src=\"https:\/\/www.sunnyshop211.com\/wp-content\/uploads\/2023\/08\/38-150x150.jpg\" class=\"attachment-thumbnail size-thumbnail\" alt=\"Lunettes soleil c\u0153ur simulation\" srcset=\"https:\/\/www.sunnyshop211.com\/wp-content\/uploads\/2023\/08\/38-150x150.jpg 150w, https:\/\/www.sunnyshop211.com\/wp-content\/uploads\/2023\/08\/38-scaled-500x500.jpg 500w, https:\/\/www.sunnyshop211.com\/wp-content\/uploads\/2023\/08\/38-scaled-100x100.jpg 100w\" sizes=\"(max-width: 150px) 100vw, 150px\" \/><\/a>\n\t\t\t<\/div><\/figure><figure class='gallery-item'>\n\t\t\t<div class='gallery-icon landscape'>\n\t\t\t\t<a href='https:\/\/www.sunnyshop211.com\/en\/?attachment_id=37065'><img loading=\"lazy\" decoding=\"async\" width=\"150\" height=\"150\" src=\"https:\/\/www.sunnyshop211.com\/wp-content\/uploads\/2023\/08\/33-150x150.jpg\" class=\"attachment-thumbnail size-thumbnail\" alt=\"\" srcset=\"https:\/\/www.sunnyshop211.com\/wp-content\/uploads\/2023\/08\/33-150x150.jpg 150w, https:\/\/www.sunnyshop211.com\/wp-content\/uploads\/2023\/08\/33-scaled-500x500.jpg 500w, https:\/\/www.sunnyshop211.com\/wp-content\/uploads\/2023\/08\/33-scaled-100x100.jpg 100w\" sizes=\"(max-width: 150px) 100vw, 150px\" \/><\/a>\n\t\t\t<\/div><\/figure><figure class='gallery-item'>\n\t\t\t<div class='gallery-icon landscape'>\n\t\t\t\t<a href='https:\/\/www.sunnyshop211.com\/en\/?attachment_id=37073'><img loading=\"lazy\" decoding=\"async\" width=\"150\" height=\"150\" src=\"https:\/\/www.sunnyshop211.com\/wp-content\/uploads\/2023\/08\/44-150x150.jpg\" class=\"attachment-thumbnail size-thumbnail\" alt=\"Lunettes soleil c\u0153ur simulation\" srcset=\"https:\/\/www.sunnyshop211.com\/wp-content\/uploads\/2023\/08\/44-150x150.jpg 150w, https:\/\/www.sunnyshop211.com\/wp-content\/uploads\/2023\/08\/44-scaled-500x500.jpg 500w, https:\/\/www.sunnyshop211.com\/wp-content\/uploads\/2023\/08\/44-scaled-100x100.jpg 100w\" sizes=\"(max-width: 150px) 100vw, 150px\" \/><\/a>\n\t\t\t<\/div><\/figure>\n\t\t<\/div>\n\n<h2 data-start=\"153\" data-end=\"200\">\u2764\ufe0f Heart sunglasses - Miniature BJD<\/h2>\n<p data-start=\"201\" data-end=\"247\"><strong data-start=\"201\" data-end=\"247\">For Minifee - MSD - Feeple60 - Smart Doll<\/strong><\/p>\n<hr data-start=\"249\" data-end=\"252\" \/>\n<h3 data-start=\"254\" data-end=\"272\">\ud83c\udf3f Description<\/h3>\n<p data-start=\"274\" data-end=\"506\">These <strong data-start=\"278\" data-end=\"316\">miniature heart sunglasses<\/strong> will add a fun, retro and ultra-stylish touch to your dolls.<br data-start=\"379\" data-end=\"382\" \/>Perfect for summer, urban or fashion settings, they are the perfect complement to modern or glamorous outfits.<\/p>\n<p data-start=\"508\" data-end=\"622\">Made entirely in <strong data-start=\"533\" data-end=\"543\">resin<\/strong> and <strong data-start=\"547\" data-end=\"558\">varnished<\/strong>, They are designed for photography, posing and staging.<\/p>\n<hr data-start=\"624\" data-end=\"627\" \/>\n<h3 data-start=\"629\" data-end=\"654\">\ud83d\udc95 Technical details<\/h3>\n<p data-start=\"656\" data-end=\"669\">\ud83d\udc53 <strong data-start=\"659\" data-end=\"669\">Model<\/strong><\/p>\n<ul data-start=\"670\" data-end=\"727\">\n<li data-start=\"670\" data-end=\"709\">\n<p data-start=\"672\" data-end=\"709\">Heart-shaped sunglasses<\/p>\n<\/li>\n<li data-start=\"710\" data-end=\"727\">\n<p data-start=\"712\" data-end=\"727\">Varnish finish<\/p>\n<\/li>\n<\/ul>\n<p data-start=\"729\" data-end=\"756\">\ud83c\udfa8 <strong data-start=\"732\" data-end=\"756\">Available colors<\/strong><\/p>\n<ul data-start=\"757\" data-end=\"814\">\n<li data-start=\"757\" data-end=\"814\">\n<p data-start=\"759\" data-end=\"814\">4 colors to choose from (select when ordering)<\/p>\n<\/li>\n<\/ul>\n<p data-start=\"816\" data-end=\"842\">\ud83d\udcd0 <strong data-start=\"819\" data-end=\"842\">Available sizes<\/strong><\/p>\n<ul data-start=\"843\" data-end=\"911\">\n<li data-start=\"843\" data-end=\"883\">\n<p data-start=\"845\" data-end=\"883\"><strong data-start=\"845\" data-end=\"883\">Minifee \/ MSD \/ similar sizes<\/strong><\/p>\n<\/li>\n<li data-start=\"884\" data-end=\"911\">\n<p data-start=\"886\" data-end=\"911\"><strong data-start=\"886\" data-end=\"911\">Feeple60 \/ Smart Doll<\/strong><\/p>\n<\/li>\n<\/ul>\n<p data-start=\"913\" data-end=\"975\">Please select the <strong data-start=\"943\" data-end=\"974\">size to fit your doll<\/strong>.<\/p>\n<hr data-start=\"977\" data-end=\"980\" \/>\n<h3 data-start=\"982\" data-end=\"1010\">\u2728 Craft manufacturing<\/h3>\n<p data-start=\"1012\" data-end=\"1030\">Each pair is :<\/p>\n<ul data-start=\"1031\" data-end=\"1105\">\n<li data-start=\"1031\" data-end=\"1064\">\n<p data-start=\"1033\" data-end=\"1064\">Completed and finished <strong data-start=\"1051\" data-end=\"1064\">by hand<\/strong><\/p>\n<\/li>\n<li data-start=\"1065\" data-end=\"1105\">\n<p data-start=\"1067\" data-end=\"1105\">Unique in its shades and finish<\/p>\n<\/li>\n<\/ul>\n<p data-start=\"1107\" data-end=\"1273\">Slight variations in shape or color may occur:<br data-start=\"1172\" data-end=\"1175\" \/>they are an integral part of the <strong data-start=\"1207\" data-end=\"1228\">handicraft work<\/strong> and in no way affect product quality.<\/p>\n<hr data-start=\"1275\" data-end=\"1278\" \/>\n<h3 data-start=\"1280\" data-end=\"1317\">\ud83e\udeb6 Compatibility &amp; staging<\/h3>\n<ul data-start=\"1319\" data-end=\"1426\">\n<li data-start=\"1319\" data-end=\"1374\">\n<p data-start=\"1321\" data-end=\"1374\">Ideal for <strong data-start=\"1332\" data-end=\"1374\">BJD Minifee, MSD, Feeple60, Smart Doll<\/strong><\/p>\n<\/li>\n<li data-start=\"1375\" data-end=\"1426\">\n<p data-start=\"1377\" data-end=\"1426\">Perfect for photos, dioramas and lifestyle scenes<\/p>\n<\/li>\n<\/ul>\n<p data-start=\"1428\" data-end=\"1493\">\ud83d\udcf8 The photos are presented as an example of staging.<\/p>\n<p data-start=\"1495\" data-end=\"1576\">A <a href=\"https:\/\/www.sunnyshop211.com\/en\/product\/lunettes-de-soleil-simulation-miniature-bjd-minifee-feeple-smart-doll\/\"><strong data-start=\"1499\" data-end=\"1533\">classic glasses version<\/strong><\/a> is also available in the store.<\/p>\n<hr data-start=\"1578\" data-end=\"1581\" \/>\n<h3 data-start=\"1583\" data-end=\"1606\">\u23f3 Creation time<\/h3>\n<p data-start=\"1608\" data-end=\"1760\">\ud83d\udee0\ufe0f <strong data-start=\"1612\" data-end=\"1636\">Made to order<\/strong><br data-start=\"1636\" data-end=\"1639\" \/>Please take into account\u00a0<a style=\"font-size: 16px;\" href=\"https:\/\/www.sunnyshop211.com\/en\/conditions-generales-de-ventes-et-delais-de-livraisons\/\">General conditions of sale and delivery times<\/a>\u00a0indicated in the general conditions of sale.<\/p>\n<hr data-start=\"1762\" data-end=\"1765\" \/>\n<h3 data-start=\"1767\" data-end=\"1798\">\u26a0\ufe0f Important information<\/h3>\n<ul data-start=\"1800\" data-end=\"2006\">\n<li data-start=\"1800\" data-end=\"1829\">\n<p data-start=\"1802\" data-end=\"1829\">This <strong data-start=\"1807\" data-end=\"1829\">is not a toy<\/strong><\/p>\n<\/li>\n<li data-start=\"1830\" data-end=\"1885\">\n<p data-start=\"1832\" data-end=\"1885\">Article for a <strong data-start=\"1853\" data-end=\"1885\">adult collector audience<\/strong><\/p>\n<\/li>\n<li data-start=\"1886\" data-end=\"1938\">\n<p data-start=\"1888\" data-end=\"1938\">Do not force doll into position<\/p>\n<\/li>\n<li data-start=\"1939\" data-end=\"2006\">\n<p data-start=\"1941\" data-end=\"2006\">I am not responsible for any damage during transport<\/p>\n<\/li>\n<\/ul>\n<hr data-start=\"2008\" data-end=\"2011\" \/>\n<p data-start=\"2013\" data-end=\"2090\">\ud83d\udcf8 Find more photos and inspiration on Instagram :<a href=\"https:\/\/www.instagram.com\/sunnyshop211\/\"> <strong data-start=\"2073\" data-end=\"2090\">@sunnyshop211<\/strong><\/a><\/p>\n<p data-start=\"2092\" data-end=\"2199\">\ud83e\udd8b <strong data-start=\"2095\" data-end=\"2141\">A miniature accessory full of character<\/strong>, designed to sublimate your dolls with style and delicacy.<\/p>\n<p>&nbsp;<\/p>","protected":false},"excerpt":{"rendered":"<p>\u2764\ufe0f Lunettes de soleil c\u0153ur \u2013 Miniature BJD Pour Minifee \u2022 MSD \u2022 Feeple60 \u2022 Smart Doll \ud83c\udf3f Description Ces lunettes de soleil c\u0153ur miniatures apporteront une touche fun, r\u00e9tro et ultra styl\u00e9e \u00e0 vos dolls.Parfaites pour les mises en sc\u00e8ne estivales, urbaines ou fashion, elles compl\u00e8tent \u00e0 merveille une tenue moderne ou glamour. Enti\u00e8rement [&hellip;]<\/p>\n","protected":false},"featured_media":37070,"comment_status":"open","ping_status":"closed","template":"","meta":{"_crdt_document":"","jetpack_post_was_ever_published":false,"jetpack_publicize_message":"","jetpack_publicize_feature_enabled":true,"jetpack_social_post_already_shared":true,"jetpack_social_options":{"image_generator_settings":{"template":"highway","default_image_id":0,"font":"","enabled":false},"version":2}},"product_brand":[],"product_cat":[667687046],"product_tag":[667681489,667683955,667681270,667681226,667681487,667684158,667684160,667681488,667681173,667681490,667684162,667683951,667683953,667681177,667681740,667684164],"class_list":{"0":"post-36594","1":"product","2":"type-product","3":"status-publish","4":"has-post-thumbnail","6":"product_cat-lunettes","7":"product_tag-active-line","8":"product_tag-bag","9":"product_tag-custom-doll","10":"product_tag-doll","11":"product_tag-dress","12":"product_tag-loup","13":"product_tag-masque-de-nuit","14":"product_tag-mermaid","15":"product_tag-minifee","16":"product_tag-moe-line","17":"product_tag-night-mask","18":"product_tag-pochette","19":"product_tag-pocket","20":"product_tag-poupee","21":"product_tag-sac","22":"product_tag-wolf","23":"product_shipping_class-lettre-suivie","24":"pa_couleur-barbie-pink","25":"pa_couleur-blanc","26":"pa_couleur-noir","27":"pa_couleur-rose-pink","28":"pa_couleur-rouge","30":"first","31":"instock","32":"taxable","33":"shipping-taxable","34":"purchasable","35":"product-type-variable"},"yoast_head":"<!-- This site is optimized with the Yoast SEO plugin v27.5 - https:\/\/yoast.com\/product\/yoast-seo-wordpress\/ -->\n<title>\u2764\ufe0f Lunettes de soleil c\u0153ur \u2013 Miniature BJD -<\/title>\n<meta name=\"description\" content=\"\u2764\ufe0f Lunettes de soleil c\u0153ur \u2013 Miniature BJD minifee feeple smartdoll . Elles sont sp\u00e9cialement con\u00e7ues pour ses dolls ou similaires\" \/>\n<meta name=\"robots\" content=\"index, follow, max-snippet:-1, max-image-preview:large, max-video-preview:-1\" \/>\n<link rel=\"canonical\" href=\"https:\/\/www.sunnyshop211.com\/en\/product\/\u2764\ufe0f-lunettes-de-soleil-coeur-miniature-bjd\/\" \/>\n<meta property=\"og:locale\" content=\"en_US\" \/>\n<meta property=\"og:type\" content=\"article\" \/>\n<meta property=\"og:title\" content=\"\u2764\ufe0f Lunettes de soleil c\u0153ur \u2013 Miniature BJD -\" \/>\n<meta property=\"og:description\" content=\"Lunettes de soleil c\u0153ur simulation bjd minifee feeple smartdoll . Elles sont sp\u00e9cialement con\u00e7ues pour ses dolls ou similaires\" \/>\n<meta property=\"og:url\" content=\"https:\/\/www.sunnyshop211.com\/en\/product\/\u2764\ufe0f-lunettes-de-soleil-coeur-miniature-bjd\/\" \/>\n<meta property=\"og:site_name\" content=\"Sunnyshop211 -Vente de dioramas, meubles, miniatures , bjd poup\u00e9es 1\/12 1\/8 1\/6 1\/4 1\/3\" \/>\n<meta property=\"article:publisher\" content=\"https:\/\/www.facebook.com\/sunnyshop211\/?ref=bookmarks\" \/>\n<meta property=\"article:modified_time\" content=\"2026-01-01T15:02:30+00:00\" \/>\n<meta property=\"og:image\" content=\"https:\/\/www.sunnyshop211.com\/wp-content\/uploads\/2023\/08\/38-scaled.jpg\" \/>\n\t<meta property=\"og:image:width\" content=\"1707\" \/>\n\t<meta property=\"og:image:height\" content=\"2560\" \/>\n\t<meta property=\"og:image:type\" content=\"image\/jpeg\" \/>\n<meta name=\"twitter:card\" content=\"summary_large_image\" \/>\n<meta name=\"twitter:site\" content=\"@sunnyshop211\" \/>\n<meta name=\"twitter:label1\" content=\"Est. reading time\" \/>\n\t<meta name=\"twitter:data1\" content=\"2 minutes\" \/>\n<script type=\"application\/ld+json\" class=\"yoast-schema-graph\">{\"@context\":\"https:\\\/\\\/schema.org\",\"@graph\":[{\"@type\":\"WebPage\",\"@id\":\"https:\\\/\\\/www.sunnyshop211.com\\\/produit\\\/%e2%9d%a4%ef%b8%8f-lunettes-de-soleil-coeur-miniature-bjd\\\/\",\"url\":\"https:\\\/\\\/www.sunnyshop211.com\\\/produit\\\/%e2%9d%a4%ef%b8%8f-lunettes-de-soleil-coeur-miniature-bjd\\\/\",\"name\":\"\u2764\ufe0f Lunettes de soleil c\u0153ur \u2013 Miniature BJD -\",\"isPartOf\":{\"@id\":\"https:\\\/\\\/www.sunnyshop211.com\\\/#website\"},\"primaryImageOfPage\":{\"@id\":\"https:\\\/\\\/www.sunnyshop211.com\\\/produit\\\/%e2%9d%a4%ef%b8%8f-lunettes-de-soleil-coeur-miniature-bjd\\\/#primaryimage\"},\"image\":{\"@id\":\"https:\\\/\\\/www.sunnyshop211.com\\\/produit\\\/%e2%9d%a4%ef%b8%8f-lunettes-de-soleil-coeur-miniature-bjd\\\/#primaryimage\"},\"thumbnailUrl\":\"https:\\\/\\\/www.sunnyshop211.com\\\/wp-content\\\/uploads\\\/2023\\\/08\\\/38-scaled.jpg\",\"datePublished\":\"2023-08-28T12:56:37+00:00\",\"dateModified\":\"2026-01-01T15:02:30+00:00\",\"description\":\"\u2764\ufe0f Lunettes de soleil c\u0153ur \u2013 Miniature BJD minifee feeple smartdoll . Elles sont sp\u00e9cialement con\u00e7ues pour ses dolls ou similaires\",\"breadcrumb\":{\"@id\":\"https:\\\/\\\/www.sunnyshop211.com\\\/produit\\\/%e2%9d%a4%ef%b8%8f-lunettes-de-soleil-coeur-miniature-bjd\\\/#breadcrumb\"},\"inLanguage\":\"en-US\",\"potentialAction\":[{\"@type\":\"ReadAction\",\"target\":[\"https:\\\/\\\/www.sunnyshop211.com\\\/produit\\\/%e2%9d%a4%ef%b8%8f-lunettes-de-soleil-coeur-miniature-bjd\\\/\"]}]},{\"@type\":\"ImageObject\",\"inLanguage\":\"en-US\",\"@id\":\"https:\\\/\\\/www.sunnyshop211.com\\\/produit\\\/%e2%9d%a4%ef%b8%8f-lunettes-de-soleil-coeur-miniature-bjd\\\/#primaryimage\",\"url\":\"https:\\\/\\\/www.sunnyshop211.com\\\/wp-content\\\/uploads\\\/2023\\\/08\\\/38-scaled.jpg\",\"contentUrl\":\"https:\\\/\\\/www.sunnyshop211.com\\\/wp-content\\\/uploads\\\/2023\\\/08\\\/38-scaled.jpg\",\"width\":1707,\"height\":2560,\"caption\":\"Lunettes soleil c\u0153ur simulation\"},{\"@type\":\"BreadcrumbList\",\"@id\":\"https:\\\/\\\/www.sunnyshop211.com\\\/produit\\\/%e2%9d%a4%ef%b8%8f-lunettes-de-soleil-coeur-miniature-bjd\\\/#breadcrumb\",\"itemListElement\":[{\"@type\":\"ListItem\",\"position\":1,\"name\":\"Accueil\",\"item\":\"https:\\\/\\\/www.sunnyshop211.com\\\/\"},{\"@type\":\"ListItem\",\"position\":2,\"name\":\"Boutique\",\"item\":\"https:\\\/\\\/www.sunnyshop211.com\\\/boutique-miniature-bjd-dolls\\\/\"},{\"@type\":\"ListItem\",\"position\":3,\"name\":\"\u2764\ufe0f Lunettes de soleil c\u0153ur \u2013 Miniature BJD\"}]},{\"@type\":\"WebSite\",\"@id\":\"https:\\\/\\\/www.sunnyshop211.com\\\/#website\",\"url\":\"https:\\\/\\\/www.sunnyshop211.com\\\/\",\"name\":\"Vente de dioramas, meubles, miniatures , bjd poup\u00e9es 1\\\/12 1\\\/8 1\\\/6 1\\\/4 1\\\/3\",\"description\":\"Sunnyshop211 - Votre univers miniature pour poup\u00e9es et BJD, dioramas et meubles sur mesure !\",\"publisher\":{\"@id\":\"https:\\\/\\\/www.sunnyshop211.com\\\/#organization\"},\"alternateName\":\"sunnyshop211\",\"potentialAction\":[{\"@type\":\"SearchAction\",\"target\":{\"@type\":\"EntryPoint\",\"urlTemplate\":\"https:\\\/\\\/www.sunnyshop211.com\\\/?s={search_term_string}\"},\"query-input\":{\"@type\":\"PropertyValueSpecification\",\"valueRequired\":true,\"valueName\":\"search_term_string\"}}],\"inLanguage\":\"en-US\"},{\"@type\":\"Organization\",\"@id\":\"https:\\\/\\\/www.sunnyshop211.com\\\/#organization\",\"name\":\"sunnyshop211\",\"alternateName\":\"sunnyshop211 diorama bjd meuble miniature\",\"url\":\"https:\\\/\\\/www.sunnyshop211.com\\\/\",\"logo\":{\"@type\":\"ImageObject\",\"inLanguage\":\"en-US\",\"@id\":\"https:\\\/\\\/www.sunnyshop211.com\\\/#\\\/schema\\\/logo\\\/image\\\/\",\"url\":\"https:\\\/\\\/www.sunnyshop211.com\\\/wp-content\\\/uploads\\\/2022\\\/08\\\/cropped-cropped-cropped-Sunnyshop211-1.png\",\"contentUrl\":\"https:\\\/\\\/www.sunnyshop211.com\\\/wp-content\\\/uploads\\\/2022\\\/08\\\/cropped-cropped-cropped-Sunnyshop211-1.png\",\"width\":339,\"height\":339,\"caption\":\"sunnyshop211\"},\"image\":{\"@id\":\"https:\\\/\\\/www.sunnyshop211.com\\\/#\\\/schema\\\/logo\\\/image\\\/\"},\"sameAs\":[\"https:\\\/\\\/www.facebook.com\\\/sunnyshop211\\\/?ref=bookmarks\",\"https:\\\/\\\/x.com\\\/sunnyshop211\",\"https:\\\/\\\/www.instagram.com\\\/sunnyshop211\\\/\",\"https:\\\/\\\/www.tumblr.com\\\/blog\\\/sunnyshop211\",\"https:\\\/\\\/www.youtube.com\\\/channel\\\/UCtYY18OGGDKrTSzgcf7fCBg\",\"https:\\\/\\\/www.tiktok.com\\\/@sunnydollshop211?is_from_webapp=1&sender_device=pc\"]}]}<\/script>\n<!-- \/ Yoast SEO plugin. -->","yoast_head_json":{"title":"\u2764\ufe0f Heart sunglasses - Miniature BJD -","description":"\u2764\ufe0f Heart sunglasses - Miniature BJD minifee feeple smartdoll . Specially designed for her dolls or similar.","robots":{"index":"index","follow":"follow","max-snippet":"max-snippet:-1","max-image-preview":"max-image-preview:large","max-video-preview":"max-video-preview:-1"},"canonical":"https:\/\/www.sunnyshop211.com\/en\/product\/\u2764\ufe0f-lunettes-de-soleil-coeur-miniature-bjd\/","og_locale":"en_US","og_type":"article","og_title":"\u2764\ufe0f Lunettes de soleil c\u0153ur \u2013 Miniature BJD -","og_description":"Lunettes de soleil c\u0153ur simulation bjd minifee feeple smartdoll . Elles sont sp\u00e9cialement con\u00e7ues pour ses dolls ou similaires","og_url":"https:\/\/www.sunnyshop211.com\/en\/product\/\u2764\ufe0f-lunettes-de-soleil-coeur-miniature-bjd\/","og_site_name":"Sunnyshop211 -Vente de dioramas, meubles, miniatures , bjd poup\u00e9es 1\/12 1\/8 1\/6 1\/4 1\/3","article_publisher":"https:\/\/www.facebook.com\/sunnyshop211\/?ref=bookmarks","article_modified_time":"2026-01-01T15:02:30+00:00","og_image":[{"width":1707,"height":2560,"url":"https:\/\/www.sunnyshop211.com\/wp-content\/uploads\/2023\/08\/38-scaled.jpg","type":"image\/jpeg"}],"twitter_card":"summary_large_image","twitter_site":"@sunnyshop211","twitter_misc":{"Est. reading time":"2 minutes"},"schema":{"@context":"https:\/\/schema.org","@graph":[{"@type":"WebPage","@id":"https:\/\/www.sunnyshop211.com\/produit\/%e2%9d%a4%ef%b8%8f-lunettes-de-soleil-coeur-miniature-bjd\/","url":"https:\/\/www.sunnyshop211.com\/produit\/%e2%9d%a4%ef%b8%8f-lunettes-de-soleil-coeur-miniature-bjd\/","name":"\u2764\ufe0f Heart sunglasses - Miniature BJD -","isPartOf":{"@id":"https:\/\/www.sunnyshop211.com\/#website"},"primaryImageOfPage":{"@id":"https:\/\/www.sunnyshop211.com\/produit\/%e2%9d%a4%ef%b8%8f-lunettes-de-soleil-coeur-miniature-bjd\/#primaryimage"},"image":{"@id":"https:\/\/www.sunnyshop211.com\/produit\/%e2%9d%a4%ef%b8%8f-lunettes-de-soleil-coeur-miniature-bjd\/#primaryimage"},"thumbnailUrl":"https:\/\/www.sunnyshop211.com\/wp-content\/uploads\/2023\/08\/38-scaled.jpg","datePublished":"2023-08-28T12:56:37+00:00","dateModified":"2026-01-01T15:02:30+00:00","description":"\u2764\ufe0f Heart sunglasses - Miniature BJD minifee feeple smartdoll . Specially designed for her dolls or similar.","breadcrumb":{"@id":"https:\/\/www.sunnyshop211.com\/produit\/%e2%9d%a4%ef%b8%8f-lunettes-de-soleil-coeur-miniature-bjd\/#breadcrumb"},"inLanguage":"en-US","potentialAction":[{"@type":"ReadAction","target":["https:\/\/www.sunnyshop211.com\/produit\/%e2%9d%a4%ef%b8%8f-lunettes-de-soleil-coeur-miniature-bjd\/"]}]},{"@type":"ImageObject","inLanguage":"en-US","@id":"https:\/\/www.sunnyshop211.com\/produit\/%e2%9d%a4%ef%b8%8f-lunettes-de-soleil-coeur-miniature-bjd\/#primaryimage","url":"https:\/\/www.sunnyshop211.com\/wp-content\/uploads\/2023\/08\/38-scaled.jpg","contentUrl":"https:\/\/www.sunnyshop211.com\/wp-content\/uploads\/2023\/08\/38-scaled.jpg","width":1707,"height":2560,"caption":"Lunettes soleil c\u0153ur simulation"},{"@type":"BreadcrumbList","@id":"https:\/\/www.sunnyshop211.com\/produit\/%e2%9d%a4%ef%b8%8f-lunettes-de-soleil-coeur-miniature-bjd\/#breadcrumb","itemListElement":[{"@type":"ListItem","position":1,"name":"Accueil","item":"https:\/\/www.sunnyshop211.com\/"},{"@type":"ListItem","position":2,"name":"Boutique","item":"https:\/\/www.sunnyshop211.com\/boutique-miniature-bjd-dolls\/"},{"@type":"ListItem","position":3,"name":"\u2764\ufe0f Lunettes de soleil c\u0153ur \u2013 Miniature BJD"}]},{"@type":"WebSite","@id":"https:\/\/www.sunnyshop211.com\/#website","url":"https:\/\/www.sunnyshop211.com\/","name":"Sale of dioramas, furniture, miniatures, bjd dolls 1\/12 1\/8 1\/6 1\/4 1\/3","description":"Sunnyshop211 - Your miniature world for dolls and BJDs, dioramas and custom-made furniture!","publisher":{"@id":"https:\/\/www.sunnyshop211.com\/#organization"},"alternateName":"sunnyshop211","potentialAction":[{"@type":"SearchAction","target":{"@type":"EntryPoint","urlTemplate":"https:\/\/www.sunnyshop211.com\/?s={search_term_string}"},"query-input":{"@type":"PropertyValueSpecification","valueRequired":true,"valueName":"search_term_string"}}],"inLanguage":"en-US"},{"@type":"Organization","@id":"https:\/\/www.sunnyshop211.com\/#organization","name":"sunnyshop211","alternateName":"sunnyshop211 diorama bjd meuble miniature","url":"https:\/\/www.sunnyshop211.com\/","logo":{"@type":"ImageObject","inLanguage":"en-US","@id":"https:\/\/www.sunnyshop211.com\/#\/schema\/logo\/image\/","url":"https:\/\/www.sunnyshop211.com\/wp-content\/uploads\/2022\/08\/cropped-cropped-cropped-Sunnyshop211-1.png","contentUrl":"https:\/\/www.sunnyshop211.com\/wp-content\/uploads\/2022\/08\/cropped-cropped-cropped-Sunnyshop211-1.png","width":339,"height":339,"caption":"sunnyshop211"},"image":{"@id":"https:\/\/www.sunnyshop211.com\/#\/schema\/logo\/image\/"},"sameAs":["https:\/\/www.facebook.com\/sunnyshop211\/?ref=bookmarks","https:\/\/x.com\/sunnyshop211","https:\/\/www.instagram.com\/sunnyshop211\/","https:\/\/www.tumblr.com\/blog\/sunnyshop211","https:\/\/www.youtube.com\/channel\/UCtYY18OGGDKrTSzgcf7fCBg","https:\/\/www.tiktok.com\/@sunnydollshop211?is_from_webapp=1&sender_device=pc"]}]}},"jetpack_publicize_connections":[],"jetpack_sharing_enabled":true,"_links":{"self":[{"href":"https:\/\/www.sunnyshop211.com\/en\/wp-json\/wp\/v2\/product\/36594","targetHints":{"allow":["GET"]}}],"collection":[{"href":"https:\/\/www.sunnyshop211.com\/en\/wp-json\/wp\/v2\/product"}],"about":[{"href":"https:\/\/www.sunnyshop211.com\/en\/wp-json\/wp\/v2\/types\/product"}],"replies":[{"embeddable":true,"href":"https:\/\/www.sunnyshop211.com\/en\/wp-json\/wp\/v2\/comments?post=36594"}],"version-history":[{"count":6,"href":"https:\/\/www.sunnyshop211.com\/en\/wp-json\/wp\/v2\/product\/36594\/revisions"}],"predecessor-version":[{"id":52265,"href":"https:\/\/www.sunnyshop211.com\/en\/wp-json\/wp\/v2\/product\/36594\/revisions\/52265"}],"wp:featuredmedia":[{"embeddable":true,"href":"https:\/\/www.sunnyshop211.com\/en\/wp-json\/wp\/v2\/media\/37070"}],"wp:attachment":[{"href":"https:\/\/www.sunnyshop211.com\/en\/wp-json\/wp\/v2\/media?parent=36594"}],"wp:term":[{"taxonomy":"product_brand","embeddable":true,"href":"https:\/\/www.sunnyshop211.com\/en\/wp-json\/wp\/v2\/product_brand?post=36594"},{"taxonomy":"product_cat","embeddable":true,"href":"https:\/\/www.sunnyshop211.com\/en\/wp-json\/wp\/v2\/product_cat?post=36594"},{"taxonomy":"product_tag","embeddable":true,"href":"https:\/\/www.sunnyshop211.com\/en\/wp-json\/wp\/v2\/product_tag?post=36594"}],"curies":[{"name":"wp","href":"https:\/\/api.w.org\/{rel}","templated":true}]}}