{"id":36372,"date":"2023-08-24T15:20:18","date_gmt":"2023-08-24T14:20:18","guid":{"rendered":"https:\/\/www.sunnyshop211.com\/?post_type=product&#038;p=36372"},"modified":"2026-01-03T16:51:24","modified_gmt":"2026-01-03T15:51:24","slug":"%f0%9f%a7%a0-cerveau-miniature-1-6-1-4-1-3","status":"publish","type":"product","link":"https:\/\/www.sunnyshop211.com\/en\/product\/%f0%9f%a7%a0-cerveau-miniature-1-6-1-4-1-3\/","title":{"rendered":"\ud83e\udde0 Miniature Brain - 1\/6, 1\/4 &amp; 1\/3"},"content":{"rendered":"<div id='gallery-1' class='gallery galleryid-36372 gallery-columns-3 gallery-size-thumbnail'><figure class='gallery-item'>\n\t\t\t<div class='gallery-icon landscape'>\n\t\t\t\t<a href='https:\/\/www.sunnyshop211.com\/en\/?attachment_id=36288'><img decoding=\"async\" width=\"150\" height=\"150\" src=\"https:\/\/www.sunnyshop211.com\/wp-content\/uploads\/2023\/08\/halloween-chic-sailor-et-lit-lune-39-1-150x150.jpg\" class=\"attachment-thumbnail size-thumbnail\" alt=\"Cerveau miniature simulation\" srcset=\"https:\/\/www.sunnyshop211.com\/wp-content\/uploads\/2023\/08\/halloween-chic-sailor-et-lit-lune-39-1-150x150.jpg 150w, https:\/\/www.sunnyshop211.com\/wp-content\/uploads\/2023\/08\/halloween-chic-sailor-et-lit-lune-39-1-scaled-500x500.jpg 500w, https:\/\/www.sunnyshop211.com\/wp-content\/uploads\/2023\/08\/halloween-chic-sailor-et-lit-lune-39-1-scaled-100x100.jpg 100w\" sizes=\"(max-width: 150px) 100vw, 150px\" \/><\/a>\n\t\t\t<\/div><\/figure><figure class='gallery-item'>\n\t\t\t<div class='gallery-icon portrait'>\n\t\t\t\t<a href='https:\/\/www.sunnyshop211.com\/en\/?attachment_id=36282'><img decoding=\"async\" width=\"150\" height=\"150\" src=\"https:\/\/www.sunnyshop211.com\/wp-content\/uploads\/2023\/08\/halloween-chic-sailor-et-lit-lune-32-1-150x150.jpg\" class=\"attachment-thumbnail size-thumbnail\" alt=\"\" srcset=\"https:\/\/www.sunnyshop211.com\/wp-content\/uploads\/2023\/08\/halloween-chic-sailor-et-lit-lune-32-1-150x150.jpg 150w, https:\/\/www.sunnyshop211.com\/wp-content\/uploads\/2023\/08\/halloween-chic-sailor-et-lit-lune-32-1-scaled-500x500.jpg 500w, https:\/\/www.sunnyshop211.com\/wp-content\/uploads\/2023\/08\/halloween-chic-sailor-et-lit-lune-32-1-scaled-100x100.jpg 100w\" sizes=\"(max-width: 150px) 100vw, 150px\" \/><\/a>\n\t\t\t<\/div><\/figure>\n\t\t<\/div>\n\n<h2 data-start=\"204\" data-end=\"246\">\ud83e\udde0 Miniature Brain - 1\/6, 1\/4 &amp; 1\/3<\/h2>\n<p data-start=\"247\" data-end=\"329\">Barbie, Pullip, Poppy Parker, Blythe, BJD, Minifee, MSD, Iplehouse FID, Feeple, SD<\/p>\n<p data-start=\"331\" data-end=\"515\">An ideal decorative accessory for creating a spooky, immersive Halloween atmosphere, this miniature brain will add a macabre, realistic touch to your dioramas and stagings.<\/p>\n<hr data-start=\"517\" data-end=\"520\" \/>\n<p data-start=\"522\" data-end=\"550\">\u2728 <strong data-start=\"524\" data-end=\"550\">Product description<\/strong><\/p>\n<ul data-start=\"552\" data-end=\"744\">\n<li data-start=\"552\" data-end=\"593\">\n<p data-start=\"554\" data-end=\"593\">Type: Miniature brain (simulation)<\/p>\n<\/li>\n<li data-start=\"594\" data-end=\"636\">\n<p data-start=\"596\" data-end=\"636\">Scales available: 1\/6, 1\/4 and 1\/3<\/p>\n<\/li>\n<li data-start=\"637\" data-end=\"657\">\n<p data-start=\"639\" data-end=\"657\">Material: resin<\/p>\n<\/li>\n<li data-start=\"658\" data-end=\"698\">\n<p data-start=\"660\" data-end=\"698\">Finish: dummy (non-functional)<\/p>\n<\/li>\n<li data-start=\"699\" data-end=\"720\">\n<p data-start=\"701\" data-end=\"720\">Decorative article<\/p>\n<\/li>\n<li data-start=\"721\" data-end=\"744\">\n<p data-start=\"723\" data-end=\"744\">Sold <strong data-start=\"729\" data-end=\"742\">customized<\/strong><\/p>\n<\/li>\n<\/ul>\n<hr data-start=\"746\" data-end=\"749\" \/>\n<p data-start=\"751\" data-end=\"777\">\ud83c\udfa8 <strong data-start=\"754\" data-end=\"777\">Details &amp; finishes<\/strong><\/p>\n<ul data-start=\"779\" data-end=\"947\">\n<li data-start=\"779\" data-end=\"807\">\n<p data-start=\"781\" data-end=\"807\">Decorative dummy brain<\/p>\n<\/li>\n<li data-start=\"808\" data-end=\"850\">\n<p data-start=\"810\" data-end=\"850\">Finish <strong data-start=\"819\" data-end=\"828\">dew<\/strong>, hand-made<\/p>\n<\/li>\n<li data-start=\"851\" data-end=\"947\">\n<p data-start=\"853\" data-end=\"947\">Perfect for Halloween decorations, laboratories, curiosity cabinets or macabre scenes.<\/p>\n<\/li>\n<\/ul>\n<hr data-start=\"949\" data-end=\"952\" \/>\n<p data-start=\"954\" data-end=\"971\">\ud83d\udccf <strong data-start=\"957\" data-end=\"971\">Dimensions<\/strong><\/p>\n<ul data-start=\"973\" data-end=\"1048\">\n<li data-start=\"973\" data-end=\"1010\">\n<p data-start=\"975\" data-end=\"1010\"><strong data-start=\"975\" data-end=\"991\">Small model<\/strong> 2.5 cm long<\/p>\n<\/li>\n<li data-start=\"1011\" data-end=\"1048\">\n<p data-start=\"1013\" data-end=\"1048\"><strong data-start=\"1013\" data-end=\"1029\">Large model<\/strong> 3.5 cm high<\/p>\n<\/li>\n<\/ul>\n<hr data-start=\"1050\" data-end=\"1053\" \/>\n<p data-start=\"1055\" data-end=\"1075\">\ud83e\uddf8 <strong data-start=\"1058\" data-end=\"1075\">Compatibility<\/strong><\/p>\n<p data-start=\"1077\" data-end=\"1264\">Ideal for dolls and figurines such as :<br data-start=\"1136\" data-end=\"1139\" \/>Barbie, Pullip, Poppy Parker, Blythe, BJD, Minifee, MSD, Iplehouse FID, Feeple, SD<br data-start=\"1221\" data-end=\"1224\" \/>and other dolls of equivalent size.<\/p>\n<p data-start=\"1266\" data-end=\"1376\">Ideal for decorating a miniature room, dissecting table, horror set or Halloween diorama.<\/p>\n<hr data-start=\"1378\" data-end=\"1381\" \/>\n<p data-start=\"1383\" data-end=\"1418\">\ud83c\udfad <strong data-start=\"1386\" data-end=\"1418\">Staging &amp; associations<\/strong><\/p>\n<p data-start=\"1420\" data-end=\"1448\">Perfect as a complement to :<\/p>\n<ul data-start=\"1450\" data-end=\"1573\">\n<li data-start=\"1450\" data-end=\"1488\">\n<p data-start=\"1452\" data-end=\"1488\">miniature Halloween accessories<\/p>\n<\/li>\n<li data-start=\"1489\" data-end=\"1522\">\n<p data-start=\"1491\" data-end=\"1522\">gothic and macabre furniture<\/p>\n<\/li>\n<li data-start=\"1523\" data-end=\"1573\">\n<p data-start=\"1525\" data-end=\"1573\">laboratory sets or cabinets of curiosities<\/p>\n<\/li>\n<\/ul>\n<p data-start=\"1575\" data-end=\"1697\">Compatible with my furniture and decorations <strong data-start=\"1618\" data-end=\"1634\">sunnyshop211<\/strong> sold separately.<br data-start=\"1653\" data-end=\"1656\" \/>Combine as you wish \ud83d\udda4\u2728<\/p>\n<hr data-start=\"1699\" data-end=\"1702\" \/>\n<p data-start=\"1704\" data-end=\"1734\">\ud83d\udee0\ufe0f <strong data-start=\"1708\" data-end=\"1734\">Handcrafted products<\/strong><\/p>\n<ul data-start=\"1736\" data-end=\"1887\">\n<li data-start=\"1736\" data-end=\"1760\">\n<p data-start=\"1738\" data-end=\"1760\">Made to order<\/p>\n<\/li>\n<li data-start=\"1761\" data-end=\"1887\">\n<p data-start=\"1763\" data-end=\"1887\">Due to the handcrafted nature of the product, slight variations in shape, color or minor imperfections may occur.<\/p>\n<\/li>\n<\/ul>\n<hr data-start=\"1889\" data-end=\"1892\" \/>\n<p data-start=\"1894\" data-end=\"1925\">\ud83d\udce6 <strong data-start=\"1897\" data-end=\"1925\">Important information<\/strong><\/p>\n<ul data-start=\"1927\" data-end=\"2275\">\n<li data-start=\"1927\" data-end=\"1954\">\n<p data-start=\"1929\" data-end=\"1954\">This is not a toy<\/p>\n<\/li>\n<li data-start=\"1955\" data-end=\"2018\">\n<p data-start=\"1957\" data-end=\"2018\">Collector's item for adults only<\/p>\n<\/li>\n<li data-start=\"2019\" data-end=\"2068\">\n<p data-start=\"2021\" data-end=\"2068\">The photos are examples of staging<\/p>\n<\/li>\n<li data-start=\"2069\" data-end=\"2144\">\n<p data-start=\"2071\" data-end=\"2144\">Only the miniature brain is sold (dolls and accessories not included).<\/p>\n<\/li>\n<li data-start=\"2145\" data-end=\"2275\">\n<p data-start=\"2147\" data-end=\"2275\">Please allow for manufacturing and delivery times.<br data-start=\"2210\" data-end=\"2213\" \/>(see General terms of sale and delivery times)<\/p>\n<\/li>\n<\/ul>\n<hr data-start=\"2277\" data-end=\"2280\" \/>\n<p data-start=\"2282\" data-end=\"2298\">\ud83d\ude9a <strong data-start=\"2285\" data-end=\"2298\">Transport<\/strong><\/p>\n<p data-start=\"2300\" data-end=\"2366\">I am not responsible for any damage in transit.<\/p>\n<hr data-start=\"2368\" data-end=\"2371\" \/>\n<p data-start=\"2373\" data-end=\"2454\">\ud83d\udcf8 <strong data-start=\"2376\" data-end=\"2409\">More photos &amp; inspiration<\/strong><br data-start=\"2409\" data-end=\"2412\" \/>\ud83d\udc49 <a class=\"decorated-link\" href=\"https:\/\/www.instagram.com\/sunnyshop211\/\" target=\"_new\" rel=\"noopener\" data-start=\"2415\" data-end=\"2454\">https:\/\/www.instagram.com\/sunnyshop211\/<\/a><\/p>","protected":false},"excerpt":{"rendered":"<p>\ud83e\udde0 Cerveau miniature \u2013 1\/6, 1\/4 &amp; 1\/3 Barbie, Pullip, Poppy Parker, Blythe, BJD, Minifee, MSD, Iplehouse FID, Feeple, SD Accessoire d\u00e9coratif id\u00e9al pour cr\u00e9er une ambiance d\u2019Halloween inqui\u00e9tante et immersive, ce cerveau miniature apportera une touche macabre et r\u00e9aliste \u00e0 vos dioramas et mises en sc\u00e8ne. \u2728 Description du produit Type : Cerveau miniature [&hellip;]<\/p>\n","protected":false},"featured_media":36288,"comment_status":"open","ping_status":"closed","template":"","meta":{"_crdt_document":"","jetpack_post_was_ever_published":false,"jetpack_publicize_message":"","jetpack_publicize_feature_enabled":true,"jetpack_social_post_already_shared":true,"jetpack_social_options":{"image_generator_settings":{"template":"highway","default_image_id":0,"font":"","enabled":false},"version":2}},"product_brand":[],"product_cat":[667687067],"product_tag":[667681278,667684395,667681234,667681226,667681233,667681466,667686305,667681355,667681279,667681241,667681340,667681173,667681280,667681277,667684397,667681468,667686308,667681650,667681260],"class_list":{"0":"post-36372","1":"product","2":"type-product","3":"status-publish","4":"has-post-thumbnail","6":"product_cat-decoration-halloween","7":"product_tag-barbie","8":"product_tag-citrouille","9":"product_tag-diorama","10":"product_tag-doll","11":"product_tag-dollhouse","12":"product_tag-feeple","13":"product_tag-fiole","14":"product_tag-halloween","15":"product_tag-hot-toys","16":"product_tag-iplehouse","17":"product_tag-kid","18":"product_tag-minifee","19":"product_tag-phicen","20":"product_tag-pullip","21":"product_tag-pumpkin","22":"product_tag-sd","23":"product_tag-simulation","24":"product_tag-tete-de-mort","25":"product_tag-tonner","26":"product_shipping_class-lettresuivie","28":"first","29":"instock","30":"taxable","31":"shipping-taxable","32":"purchasable","33":"product-type-variable"},"yoast_head":"<!-- This site is optimized with the Yoast SEO plugin v27.5 - https:\/\/yoast.com\/product\/yoast-seo-wordpress\/ -->\n<title>\ud83e\udde0 Cerveau miniature \u2013 1\/6, 1\/4 &amp; 1\/3 -<\/title>\n<meta name=\"description\" content=\"\ud83e\udde0 Cerveau miniature \u2013 1\/6, 1\/4 &amp; 1\/3 Barbie, pullip, Poppy Parker, blythe, bjd minifee, msd, iplehouse FID, SD, feeple.\" \/>\n<meta name=\"robots\" content=\"index, follow, max-snippet:-1, max-image-preview:large, max-video-preview:-1\" \/>\n<link rel=\"canonical\" href=\"https:\/\/www.sunnyshop211.com\/en\/product\/\ud83e\udde0-cerveau-miniature-1-6-1-4-1-3\/\" \/>\n<meta property=\"og:locale\" content=\"en_US\" \/>\n<meta property=\"og:type\" content=\"article\" \/>\n<meta property=\"og:title\" content=\"Cerveau miniature simulation 1\/6, 1\/4, 1\/3\" \/>\n<meta property=\"og:description\" content=\"Cerveau miniature simulation 1\/6, 1\/4, 1\/3 Barbie, pullip, Poppy Parker, blythe, bjd minifee, msd, iplehouse FID, SD, feeple.\" \/>\n<meta property=\"og:url\" content=\"https:\/\/www.sunnyshop211.com\/en\/product\/\ud83e\udde0-cerveau-miniature-1-6-1-4-1-3\/\" \/>\n<meta property=\"og:site_name\" content=\"Sunnyshop211 -Vente de dioramas, meubles, miniatures , bjd poup\u00e9es 1\/12 1\/8 1\/6 1\/4 1\/3\" \/>\n<meta property=\"article:publisher\" content=\"https:\/\/www.facebook.com\/sunnyshop211\/?ref=bookmarks\" \/>\n<meta property=\"article:modified_time\" content=\"2026-01-03T15:51:24+00:00\" \/>\n<meta property=\"og:image\" content=\"https:\/\/www.sunnyshop211.com\/wp-content\/uploads\/2023\/08\/halloween-chic-sailor-et-lit-lune-39-1-scaled.jpg\" \/>\n\t<meta property=\"og:image:width\" content=\"2560\" \/>\n\t<meta property=\"og:image:height\" content=\"1707\" \/>\n\t<meta property=\"og:image:type\" content=\"image\/jpeg\" \/>\n<meta name=\"twitter:card\" content=\"summary_large_image\" \/>\n<meta name=\"twitter:site\" content=\"@sunnyshop211\" \/>\n<meta name=\"twitter:label1\" content=\"Est. reading time\" \/>\n\t<meta name=\"twitter:data1\" content=\"2 minutes\" \/>\n<script type=\"application\/ld+json\" class=\"yoast-schema-graph\">{\"@context\":\"https:\\\/\\\/schema.org\",\"@graph\":[{\"@type\":\"WebPage\",\"@id\":\"https:\\\/\\\/www.sunnyshop211.com\\\/produit\\\/%f0%9f%a7%a0-cerveau-miniature-1-6-1-4-1-3\\\/\",\"url\":\"https:\\\/\\\/www.sunnyshop211.com\\\/produit\\\/%f0%9f%a7%a0-cerveau-miniature-1-6-1-4-1-3\\\/\",\"name\":\"\ud83e\udde0 Cerveau miniature \u2013 1\\\/6, 1\\\/4 & 1\\\/3 -\",\"isPartOf\":{\"@id\":\"https:\\\/\\\/www.sunnyshop211.com\\\/#website\"},\"primaryImageOfPage\":{\"@id\":\"https:\\\/\\\/www.sunnyshop211.com\\\/produit\\\/%f0%9f%a7%a0-cerveau-miniature-1-6-1-4-1-3\\\/#primaryimage\"},\"image\":{\"@id\":\"https:\\\/\\\/www.sunnyshop211.com\\\/produit\\\/%f0%9f%a7%a0-cerveau-miniature-1-6-1-4-1-3\\\/#primaryimage\"},\"thumbnailUrl\":\"https:\\\/\\\/www.sunnyshop211.com\\\/wp-content\\\/uploads\\\/2023\\\/08\\\/halloween-chic-sailor-et-lit-lune-39-1-scaled.jpg\",\"datePublished\":\"2023-08-24T14:20:18+00:00\",\"dateModified\":\"2026-01-03T15:51:24+00:00\",\"description\":\"\ud83e\udde0 Cerveau miniature \u2013 1\\\/6, 1\\\/4 & 1\\\/3 Barbie, pullip, Poppy Parker, blythe, bjd minifee, msd, iplehouse FID, SD, feeple.\",\"breadcrumb\":{\"@id\":\"https:\\\/\\\/www.sunnyshop211.com\\\/produit\\\/%f0%9f%a7%a0-cerveau-miniature-1-6-1-4-1-3\\\/#breadcrumb\"},\"inLanguage\":\"en-US\",\"potentialAction\":[{\"@type\":\"ReadAction\",\"target\":[\"https:\\\/\\\/www.sunnyshop211.com\\\/produit\\\/%f0%9f%a7%a0-cerveau-miniature-1-6-1-4-1-3\\\/\"]}]},{\"@type\":\"ImageObject\",\"inLanguage\":\"en-US\",\"@id\":\"https:\\\/\\\/www.sunnyshop211.com\\\/produit\\\/%f0%9f%a7%a0-cerveau-miniature-1-6-1-4-1-3\\\/#primaryimage\",\"url\":\"https:\\\/\\\/www.sunnyshop211.com\\\/wp-content\\\/uploads\\\/2023\\\/08\\\/halloween-chic-sailor-et-lit-lune-39-1-scaled.jpg\",\"contentUrl\":\"https:\\\/\\\/www.sunnyshop211.com\\\/wp-content\\\/uploads\\\/2023\\\/08\\\/halloween-chic-sailor-et-lit-lune-39-1-scaled.jpg\",\"width\":2560,\"height\":1707,\"caption\":\"Cerveau miniature simulation\"},{\"@type\":\"BreadcrumbList\",\"@id\":\"https:\\\/\\\/www.sunnyshop211.com\\\/produit\\\/%f0%9f%a7%a0-cerveau-miniature-1-6-1-4-1-3\\\/#breadcrumb\",\"itemListElement\":[{\"@type\":\"ListItem\",\"position\":1,\"name\":\"Accueil\",\"item\":\"https:\\\/\\\/www.sunnyshop211.com\\\/\"},{\"@type\":\"ListItem\",\"position\":2,\"name\":\"Boutique\",\"item\":\"https:\\\/\\\/www.sunnyshop211.com\\\/boutique-miniature-bjd-dolls\\\/\"},{\"@type\":\"ListItem\",\"position\":3,\"name\":\"\ud83e\udde0 Cerveau miniature \u2013 1\\\/6, 1\\\/4 &#038; 1\\\/3\"}]},{\"@type\":\"WebSite\",\"@id\":\"https:\\\/\\\/www.sunnyshop211.com\\\/#website\",\"url\":\"https:\\\/\\\/www.sunnyshop211.com\\\/\",\"name\":\"Vente de dioramas, meubles, miniatures , bjd poup\u00e9es 1\\\/12 1\\\/8 1\\\/6 1\\\/4 1\\\/3\",\"description\":\"Sunnyshop211 - Votre univers miniature pour poup\u00e9es et BJD, dioramas et meubles sur mesure !\",\"publisher\":{\"@id\":\"https:\\\/\\\/www.sunnyshop211.com\\\/#organization\"},\"alternateName\":\"sunnyshop211\",\"potentialAction\":[{\"@type\":\"SearchAction\",\"target\":{\"@type\":\"EntryPoint\",\"urlTemplate\":\"https:\\\/\\\/www.sunnyshop211.com\\\/?s={search_term_string}\"},\"query-input\":{\"@type\":\"PropertyValueSpecification\",\"valueRequired\":true,\"valueName\":\"search_term_string\"}}],\"inLanguage\":\"en-US\"},{\"@type\":\"Organization\",\"@id\":\"https:\\\/\\\/www.sunnyshop211.com\\\/#organization\",\"name\":\"sunnyshop211\",\"alternateName\":\"sunnyshop211 diorama bjd meuble miniature\",\"url\":\"https:\\\/\\\/www.sunnyshop211.com\\\/\",\"logo\":{\"@type\":\"ImageObject\",\"inLanguage\":\"en-US\",\"@id\":\"https:\\\/\\\/www.sunnyshop211.com\\\/#\\\/schema\\\/logo\\\/image\\\/\",\"url\":\"https:\\\/\\\/www.sunnyshop211.com\\\/wp-content\\\/uploads\\\/2022\\\/08\\\/cropped-cropped-cropped-Sunnyshop211-1.png\",\"contentUrl\":\"https:\\\/\\\/www.sunnyshop211.com\\\/wp-content\\\/uploads\\\/2022\\\/08\\\/cropped-cropped-cropped-Sunnyshop211-1.png\",\"width\":339,\"height\":339,\"caption\":\"sunnyshop211\"},\"image\":{\"@id\":\"https:\\\/\\\/www.sunnyshop211.com\\\/#\\\/schema\\\/logo\\\/image\\\/\"},\"sameAs\":[\"https:\\\/\\\/www.facebook.com\\\/sunnyshop211\\\/?ref=bookmarks\",\"https:\\\/\\\/x.com\\\/sunnyshop211\",\"https:\\\/\\\/www.instagram.com\\\/sunnyshop211\\\/\",\"https:\\\/\\\/www.tumblr.com\\\/blog\\\/sunnyshop211\",\"https:\\\/\\\/www.youtube.com\\\/channel\\\/UCtYY18OGGDKrTSzgcf7fCBg\",\"https:\\\/\\\/www.tiktok.com\\\/@sunnydollshop211?is_from_webapp=1&sender_device=pc\"]}]}<\/script>\n<!-- \/ Yoast SEO plugin. -->","yoast_head_json":{"title":"\ud83e\udde0 Miniature brain - 1\/6, 1\/4 &amp; 1\/3 -","description":"\ud83e\udde0 Miniature Brain - 1\/6, 1\/4 &amp; 1\/3 Barbie, pullip, Poppy Parker, blythe, bjd minifee, msd, iplehouse FID, SD, feeple.","robots":{"index":"index","follow":"follow","max-snippet":"max-snippet:-1","max-image-preview":"max-image-preview:large","max-video-preview":"max-video-preview:-1"},"canonical":"https:\/\/www.sunnyshop211.com\/en\/product\/\ud83e\udde0-cerveau-miniature-1-6-1-4-1-3\/","og_locale":"en_US","og_type":"article","og_title":"Cerveau miniature simulation 1\/6, 1\/4, 1\/3","og_description":"Cerveau miniature simulation 1\/6, 1\/4, 1\/3 Barbie, pullip, Poppy Parker, blythe, bjd minifee, msd, iplehouse FID, SD, feeple.","og_url":"https:\/\/www.sunnyshop211.com\/en\/product\/\ud83e\udde0-cerveau-miniature-1-6-1-4-1-3\/","og_site_name":"Sunnyshop211 -Vente de dioramas, meubles, miniatures , bjd poup\u00e9es 1\/12 1\/8 1\/6 1\/4 1\/3","article_publisher":"https:\/\/www.facebook.com\/sunnyshop211\/?ref=bookmarks","article_modified_time":"2026-01-03T15:51:24+00:00","og_image":[{"width":2560,"height":1707,"url":"https:\/\/www.sunnyshop211.com\/wp-content\/uploads\/2023\/08\/halloween-chic-sailor-et-lit-lune-39-1-scaled.jpg","type":"image\/jpeg"}],"twitter_card":"summary_large_image","twitter_site":"@sunnyshop211","twitter_misc":{"Est. reading time":"2 minutes"},"schema":{"@context":"https:\/\/schema.org","@graph":[{"@type":"WebPage","@id":"https:\/\/www.sunnyshop211.com\/produit\/%f0%9f%a7%a0-cerveau-miniature-1-6-1-4-1-3\/","url":"https:\/\/www.sunnyshop211.com\/produit\/%f0%9f%a7%a0-cerveau-miniature-1-6-1-4-1-3\/","name":"\ud83e\udde0 Miniature brain - 1\/6, 1\/4 &amp; 1\/3 -","isPartOf":{"@id":"https:\/\/www.sunnyshop211.com\/#website"},"primaryImageOfPage":{"@id":"https:\/\/www.sunnyshop211.com\/produit\/%f0%9f%a7%a0-cerveau-miniature-1-6-1-4-1-3\/#primaryimage"},"image":{"@id":"https:\/\/www.sunnyshop211.com\/produit\/%f0%9f%a7%a0-cerveau-miniature-1-6-1-4-1-3\/#primaryimage"},"thumbnailUrl":"https:\/\/www.sunnyshop211.com\/wp-content\/uploads\/2023\/08\/halloween-chic-sailor-et-lit-lune-39-1-scaled.jpg","datePublished":"2023-08-24T14:20:18+00:00","dateModified":"2026-01-03T15:51:24+00:00","description":"\ud83e\udde0 Miniature Brain - 1\/6, 1\/4 &amp; 1\/3 Barbie, pullip, Poppy Parker, blythe, bjd minifee, msd, iplehouse FID, SD, feeple.","breadcrumb":{"@id":"https:\/\/www.sunnyshop211.com\/produit\/%f0%9f%a7%a0-cerveau-miniature-1-6-1-4-1-3\/#breadcrumb"},"inLanguage":"en-US","potentialAction":[{"@type":"ReadAction","target":["https:\/\/www.sunnyshop211.com\/produit\/%f0%9f%a7%a0-cerveau-miniature-1-6-1-4-1-3\/"]}]},{"@type":"ImageObject","inLanguage":"en-US","@id":"https:\/\/www.sunnyshop211.com\/produit\/%f0%9f%a7%a0-cerveau-miniature-1-6-1-4-1-3\/#primaryimage","url":"https:\/\/www.sunnyshop211.com\/wp-content\/uploads\/2023\/08\/halloween-chic-sailor-et-lit-lune-39-1-scaled.jpg","contentUrl":"https:\/\/www.sunnyshop211.com\/wp-content\/uploads\/2023\/08\/halloween-chic-sailor-et-lit-lune-39-1-scaled.jpg","width":2560,"height":1707,"caption":"Cerveau miniature simulation"},{"@type":"BreadcrumbList","@id":"https:\/\/www.sunnyshop211.com\/produit\/%f0%9f%a7%a0-cerveau-miniature-1-6-1-4-1-3\/#breadcrumb","itemListElement":[{"@type":"ListItem","position":1,"name":"Accueil","item":"https:\/\/www.sunnyshop211.com\/"},{"@type":"ListItem","position":2,"name":"Boutique","item":"https:\/\/www.sunnyshop211.com\/boutique-miniature-bjd-dolls\/"},{"@type":"ListItem","position":3,"name":"\ud83e\udde0 Cerveau miniature \u2013 1\/6, 1\/4 &#038; 1\/3"}]},{"@type":"WebSite","@id":"https:\/\/www.sunnyshop211.com\/#website","url":"https:\/\/www.sunnyshop211.com\/","name":"Sale of dioramas, furniture, miniatures, bjd dolls 1\/12 1\/8 1\/6 1\/4 1\/3","description":"Sunnyshop211 - Your miniature world for dolls and BJDs, dioramas and custom-made furniture!","publisher":{"@id":"https:\/\/www.sunnyshop211.com\/#organization"},"alternateName":"sunnyshop211","potentialAction":[{"@type":"SearchAction","target":{"@type":"EntryPoint","urlTemplate":"https:\/\/www.sunnyshop211.com\/?s={search_term_string}"},"query-input":{"@type":"PropertyValueSpecification","valueRequired":true,"valueName":"search_term_string"}}],"inLanguage":"en-US"},{"@type":"Organization","@id":"https:\/\/www.sunnyshop211.com\/#organization","name":"sunnyshop211","alternateName":"sunnyshop211 diorama bjd meuble miniature","url":"https:\/\/www.sunnyshop211.com\/","logo":{"@type":"ImageObject","inLanguage":"en-US","@id":"https:\/\/www.sunnyshop211.com\/#\/schema\/logo\/image\/","url":"https:\/\/www.sunnyshop211.com\/wp-content\/uploads\/2022\/08\/cropped-cropped-cropped-Sunnyshop211-1.png","contentUrl":"https:\/\/www.sunnyshop211.com\/wp-content\/uploads\/2022\/08\/cropped-cropped-cropped-Sunnyshop211-1.png","width":339,"height":339,"caption":"sunnyshop211"},"image":{"@id":"https:\/\/www.sunnyshop211.com\/#\/schema\/logo\/image\/"},"sameAs":["https:\/\/www.facebook.com\/sunnyshop211\/?ref=bookmarks","https:\/\/x.com\/sunnyshop211","https:\/\/www.instagram.com\/sunnyshop211\/","https:\/\/www.tumblr.com\/blog\/sunnyshop211","https:\/\/www.youtube.com\/channel\/UCtYY18OGGDKrTSzgcf7fCBg","https:\/\/www.tiktok.com\/@sunnydollshop211?is_from_webapp=1&sender_device=pc"]}]}},"jetpack_publicize_connections":[],"jetpack_sharing_enabled":true,"_links":{"self":[{"href":"https:\/\/www.sunnyshop211.com\/en\/wp-json\/wp\/v2\/product\/36372","targetHints":{"allow":["GET"]}}],"collection":[{"href":"https:\/\/www.sunnyshop211.com\/en\/wp-json\/wp\/v2\/product"}],"about":[{"href":"https:\/\/www.sunnyshop211.com\/en\/wp-json\/wp\/v2\/types\/product"}],"replies":[{"embeddable":true,"href":"https:\/\/www.sunnyshop211.com\/en\/wp-json\/wp\/v2\/comments?post=36372"}],"version-history":[{"count":3,"href":"https:\/\/www.sunnyshop211.com\/en\/wp-json\/wp\/v2\/product\/36372\/revisions"}],"predecessor-version":[{"id":52833,"href":"https:\/\/www.sunnyshop211.com\/en\/wp-json\/wp\/v2\/product\/36372\/revisions\/52833"}],"wp:featuredmedia":[{"embeddable":true,"href":"https:\/\/www.sunnyshop211.com\/en\/wp-json\/wp\/v2\/media\/36288"}],"wp:attachment":[{"href":"https:\/\/www.sunnyshop211.com\/en\/wp-json\/wp\/v2\/media?parent=36372"}],"wp:term":[{"taxonomy":"product_brand","embeddable":true,"href":"https:\/\/www.sunnyshop211.com\/en\/wp-json\/wp\/v2\/product_brand?post=36372"},{"taxonomy":"product_cat","embeddable":true,"href":"https:\/\/www.sunnyshop211.com\/en\/wp-json\/wp\/v2\/product_cat?post=36372"},{"taxonomy":"product_tag","embeddable":true,"href":"https:\/\/www.sunnyshop211.com\/en\/wp-json\/wp\/v2\/product_tag?post=36372"}],"curies":[{"name":"wp","href":"https:\/\/api.w.org\/{rel}","templated":true}]}}