{"id":35224,"date":"2023-06-07T12:19:17","date_gmt":"2023-06-07T11:19:17","guid":{"rendered":"https:\/\/www.sunnyshop211.com\/?post_type=product&#038;p=35224"},"modified":"2026-03-09T16:59:42","modified_gmt":"2026-03-09T15:59:42","slug":"buste-silhouette-1-6-1-4-barbie-minifee-msd-copie","status":"publish","type":"product","link":"https:\/\/www.sunnyshop211.com\/en\/product\/buste-silhouette-1-6-1-4-barbie-minifee-msd-copie\/","title":{"rendered":"Silhouette bust 1\/6 1\/4 1\/3 Barbie, Minifee, SD,"},"content":{"rendered":"<div id='gallery-1' class='gallery galleryid-35224 gallery-columns-3 gallery-size-thumbnail'><figure class='gallery-item'>\n\t\t\t<div class='gallery-icon portrait'>\n\t\t\t\t<a href='https:\/\/www.sunnyshop211.com\/en\/?attachment_id=35669'><img decoding=\"async\" width=\"150\" height=\"150\" src=\"https:\/\/www.sunnyshop211.com\/wp-content\/uploads\/2023\/05\/suite-magasin-1-150x150.jpg\" class=\"attachment-thumbnail size-thumbnail\" alt=\"Buste silhouette Barbie minifee\" srcset=\"https:\/\/www.sunnyshop211.com\/wp-content\/uploads\/2023\/05\/suite-magasin-1-150x150.jpg 150w, https:\/\/www.sunnyshop211.com\/wp-content\/uploads\/2023\/05\/suite-magasin-1-scaled-500x500.jpg 500w, https:\/\/www.sunnyshop211.com\/wp-content\/uploads\/2023\/05\/suite-magasin-1-scaled-100x100.jpg 100w\" sizes=\"(max-width: 150px) 100vw, 150px\" \/><\/a>\n\t\t\t<\/div><\/figure><figure class='gallery-item'>\n\t\t\t<div class='gallery-icon landscape'>\n\t\t\t\t<a href='https:\/\/www.sunnyshop211.com\/en\/?attachment_id=34559'><img decoding=\"async\" width=\"150\" height=\"150\" src=\"https:\/\/www.sunnyshop211.com\/wp-content\/uploads\/2023\/05\/16-2-150x150.jpg\" class=\"attachment-thumbnail size-thumbnail\" alt=\"Magasin 1\/6 1\/4 miniature\" srcset=\"https:\/\/www.sunnyshop211.com\/wp-content\/uploads\/2023\/05\/16-2-150x150.jpg 150w, https:\/\/www.sunnyshop211.com\/wp-content\/uploads\/2023\/05\/16-2-scaled-500x500.jpg 500w, https:\/\/www.sunnyshop211.com\/wp-content\/uploads\/2023\/05\/16-2-scaled-100x100.jpg 100w\" sizes=\"(max-width: 150px) 100vw, 150px\" \/><\/a>\n\t\t\t<\/div><\/figure><figure class='gallery-item'>\n\t\t\t<div class='gallery-icon portrait'>\n\t\t\t\t<a href='https:\/\/www.sunnyshop211.com\/en\/?attachment_id=35245'><img decoding=\"async\" width=\"150\" height=\"150\" src=\"https:\/\/www.sunnyshop211.com\/wp-content\/uploads\/2023\/06\/suite-magasin-2-150x150.jpg\" class=\"attachment-thumbnail size-thumbnail\" alt=\"Buste silhouette Barbie minifee\" srcset=\"https:\/\/www.sunnyshop211.com\/wp-content\/uploads\/2023\/06\/suite-magasin-2-150x150.jpg 150w, https:\/\/www.sunnyshop211.com\/wp-content\/uploads\/2023\/06\/suite-magasin-2-scaled-500x500.jpg 500w, https:\/\/www.sunnyshop211.com\/wp-content\/uploads\/2023\/06\/suite-magasin-2-scaled-100x100.jpg 100w\" sizes=\"(max-width: 150px) 100vw, 150px\" \/><\/a>\n\t\t\t<\/div><\/figure><figure class='gallery-item'>\n\t\t\t<div class='gallery-icon portrait'>\n\t\t\t\t<a href='https:\/\/www.sunnyshop211.com\/en\/?attachment_id=35246'><img loading=\"lazy\" decoding=\"async\" width=\"150\" height=\"150\" src=\"https:\/\/www.sunnyshop211.com\/wp-content\/uploads\/2023\/06\/suite-magasin-3-150x150.jpg\" class=\"attachment-thumbnail size-thumbnail\" alt=\"\" srcset=\"https:\/\/www.sunnyshop211.com\/wp-content\/uploads\/2023\/06\/suite-magasin-3-150x150.jpg 150w, https:\/\/www.sunnyshop211.com\/wp-content\/uploads\/2023\/06\/suite-magasin-3-scaled-500x500.jpg 500w, https:\/\/www.sunnyshop211.com\/wp-content\/uploads\/2023\/06\/suite-magasin-3-scaled-100x100.jpg 100w\" sizes=\"(max-width: 150px) 100vw, 150px\" \/><\/a>\n\t\t\t<\/div><\/figure><figure class='gallery-item'>\n\t\t\t<div class='gallery-icon landscape'>\n\t\t\t\t<a href='https:\/\/www.sunnyshop211.com\/en\/?attachment_id=35248'><img loading=\"lazy\" decoding=\"async\" width=\"150\" height=\"150\" src=\"https:\/\/www.sunnyshop211.com\/wp-content\/uploads\/2023\/06\/suite-magasin-12-150x150.jpg\" class=\"attachment-thumbnail size-thumbnail\" alt=\"Buste silhouette Barbie minifee\" srcset=\"https:\/\/www.sunnyshop211.com\/wp-content\/uploads\/2023\/06\/suite-magasin-12-150x150.jpg 150w, https:\/\/www.sunnyshop211.com\/wp-content\/uploads\/2023\/06\/suite-magasin-12-scaled-500x500.jpg 500w, https:\/\/www.sunnyshop211.com\/wp-content\/uploads\/2023\/06\/suite-magasin-12-scaled-100x100.jpg 100w\" sizes=\"(max-width: 150px) 100vw, 150px\" \/><\/a>\n\t\t\t<\/div><\/figure>\n\t\t<\/div>\n\n<h2 data-start=\"105\" data-end=\"146\">Miniature silhouette bust - 1\/6 - 1\/4- 1\/3<\/h2>\n<p data-start=\"148\" data-end=\"168\">\u2500\u2500\u2500\u2500\u2500\u2500\u2500\u2500\u2500\u2500\u2500\u2500\u2500\u2500\u2500\u2500\u2500\u2500\u2500\u2500<\/p>\n<h3 data-start=\"170\" data-end=\"187\">\u2728 Description<\/h3>\n<p data-start=\"189\" data-end=\"319\">This miniature silhouette bust is ideal for hanging and showcasing your dolls' dresses, blouses and underwear.<\/p>\n<p data-start=\"321\" data-end=\"406\">It's perfect for miniature boutiques, dressing rooms and fashion staging.<\/p>\n<p data-start=\"408\" data-end=\"448\">\u2714 Fictional article.<br data-start=\"425\" data-end=\"428\" \/>\u2714 Sold individually.<\/p>\n<p data-start=\"450\" data-end=\"470\">\u2500\u2500\u2500\u2500\u2500\u2500\u2500\u2500\u2500\u2500\u2500\u2500\u2500\u2500\u2500\u2500\u2500\u2500\u2500\u2500<\/p>\n<h3 data-start=\"472\" data-end=\"500\">\ud83c\udfa8 Available finishes<\/h3>\n<p data-start=\"502\" data-end=\"551\">You choose the finish that suits you best:<\/p>\n<p data-start=\"553\" data-end=\"609\">- Classic bust alone.<br data-start=\"576\" data-end=\"579\" \/>- Classic bust with foot.<\/p>\n<p data-start=\"611\" data-end=\"703\">Choice of colors to suit your mood and your world.<br data-start=\"663\" data-end=\"666\" \/>The choice is yours.<\/p>\n<p data-start=\"705\" data-end=\"725\">\u2500\u2500\u2500\u2500\u2500\u2500\u2500\u2500\u2500\u2500\u2500\u2500\u2500\u2500\u2500\u2500\u2500\u2500\u2500\u2500<\/p>\n<h3 data-start=\"727\" data-end=\"744\">\ud83d\udccf Dimensions<\/h3>\n<p data-start=\"797\" data-end=\"886\">\u2022 <strong data-start=\"799\" data-end=\"814\">Version 1\/4<\/strong> 8 cm wide x 15 cm high.<br data-start=\"847\" data-end=\"850\" \/>\u2022 <strong data-start=\"852\" data-end=\"867\">Version 1\/6<\/strong> Height: 11 cm.<\/p>\n<p data-start=\"797\" data-end=\"886\">\u2022 <strong data-start=\"799\" data-end=\"814\">Version 1\/3<\/strong> Height: 20 cm.<\/p>\n<p data-start=\"837\" data-end=\"857\">\u2500\u2500\u2500\u2500\u2500\u2500\u2500\u2500\u2500\u2500\u2500\u2500\u2500\u2500\u2500\u2500\u2500\u2500\u2500\u2500<\/p>\n<h3 data-start=\"859\" data-end=\"879\">\ud83e\uddf8 Compatibility<\/h3>\n<p data-start=\"881\" data-end=\"931\">Compatible with dolls in the following formats :<\/p>\n<p data-start=\"933\" data-end=\"1017\">\u2022 <strong data-start=\"935\" data-end=\"942\">1\/6<\/strong> Barbie (new body).<br data-start=\"968\" data-end=\"971\" \/>\u2022 <strong data-start=\"973\" data-end=\"980\">1\/4<\/strong> Minifee, MSD, YouplaDolls, Unoa.<\/p>\n<p data-start=\"933\" data-end=\"1017\">OR - <strong data-start=\"799\" data-end=\"814\">\u00a01\/3<\/strong> : SD, feeple 60, smart doll<\/p>\n<p data-start=\"1019\" data-end=\"1088\">The silhouettes are adapted to the dolls' measurements.<\/p>\n<p data-start=\"1090\" data-end=\"1223\">Compatible with my miniature furniture sold separately in the store.<br data-start=\"1164\" data-end=\"1167\" \/>Ideal for staging and miniature stores.<\/p>\n<p data-start=\"1225\" data-end=\"1245\">\u2500\u2500\u2500\u2500\u2500\u2500\u2500\u2500\u2500\u2500\u2500\u2500\u2500\u2500\u2500\u2500\u2500\u2500\u2500\u2500<\/p>\n<h3 data-start=\"1247\" data-end=\"1277\">\ud83d\udd90\ufe0f Craft manufacturing<\/h3>\n<p data-start=\"1279\" data-end=\"1329\">Each piece is handcrafted.<\/p>\n<p data-start=\"1331\" data-end=\"1487\">Because of its handmade character:<br data-start=\"1365\" data-end=\"1368\" \/>- slight variations in shape or color may occur.<br data-start=\"1434\" data-end=\"1437\" \/>- a few minor imperfections are possible.<\/p>\n<p data-start=\"1489\" data-end=\"1509\">\u2500\u2500\u2500\u2500\u2500\u2500\u2500\u2500\u2500\u2500\u2500\u2500\u2500\u2500\u2500\u2500\u2500\u2500\u2500\u2500<\/p>\n<h3 data-start=\"1511\" data-end=\"1542\">\ud83d\udce6 Important information<\/h3>\n<p data-start=\"1544\" data-end=\"1803\">- Made to order.<br data-start=\"1575\" data-end=\"1578\" \/>- The photos are examples of staging.<br data-start=\"1626\" data-end=\"1629\" \/>- Visible garments and accessories are sold separately in the boutique.<br data-start=\"1709\" data-end=\"1712\" \/>- More photos available on Instagram :<br data-start=\"1756\" data-end=\"1759\" \/>\ud83d\udc49 <a class=\"decorated-link\" href=\"https:\/\/www.instagram.com\/sunnyshop211\/\" target=\"_new\" rel=\"noopener\" data-start=\"1762\" data-end=\"1801\">https:\/\/www.instagram.com\/sunnyshop211\/<\/a><\/p>\n<p data-start=\"1805\" data-end=\"1825\">\u2500\u2500\u2500\u2500\u2500\u2500\u2500\u2500\u2500\u2500\u2500\u2500\u2500\u2500\u2500\u2500\u2500\u2500\u2500\u2500<\/p>\n<h3 data-start=\"1827\" data-end=\"1850\">\u26a0\ufe0f Imprint<\/h3>\n<p data-start=\"1852\" data-end=\"1994\">!!!! This is not a toy, this article is intended for adults.<br data-start=\"1923\" data-end=\"1926\" \/>I am not responsible for any damage in transit.<\/p>","protected":false},"excerpt":{"rendered":"<p>Buste silhouette\u00a0miniature \u2013 1\/6 \u00b7 1\/4\u00b7 1\/3 \u2500\u2500\u2500\u2500\u2500\u2500\u2500\u2500\u2500\u2500\u2500\u2500\u2500\u2500\u2500\u2500\u2500\u2500\u2500\u2500 \u2728 Description Ce buste silhouette miniature est id\u00e9al pour suspendre et mettre en valeur les robes, chemisiers et sous-v\u00eatements de vos dolls. Il est parfait pour les boutiques miniatures, dressings et mises en sc\u00e8nes de mode. \u2714 Article fictif.\u2714 Vendu \u00e0 l\u2019unit\u00e9. \u2500\u2500\u2500\u2500\u2500\u2500\u2500\u2500\u2500\u2500\u2500\u2500\u2500\u2500\u2500\u2500\u2500\u2500\u2500\u2500 \ud83c\udfa8 Finitions disponibles Vous [&hellip;]<\/p>\n","protected":false},"featured_media":35669,"comment_status":"open","ping_status":"closed","template":"","meta":{"_crdt_document":"","jetpack_post_was_ever_published":false,"jetpack_publicize_message":"","jetpack_publicize_feature_enabled":true,"jetpack_social_post_already_shared":true,"jetpack_social_options":{"image_generator_settings":{"template":"highway","default_image_id":0,"font":"","enabled":false},"version":2}},"product_brand":[],"product_cat":[667687035],"product_tag":[667681145,667681143,667681136,667681142,667681399,667681234,667681226,667681233,667681272,667681225,667681400,667681241,667681242,667681236,667681261,667681281,667681232,667681173,667681177,667681235,667681260],"class_list":{"0":"post-35224","1":"product","2":"type-product","3":"status-publish","4":"has-post-thumbnail","6":"product_cat-accessoires-de-magasin","7":"product_tag-bed","8":"product_tag-bedroom","9":"product_tag-bjd","10":"product_tag-chambre","11":"product_tag-cintres","12":"product_tag-diorama","13":"product_tag-doll","14":"product_tag-dollhouse","15":"product_tag-elowynn-wilde","16":"product_tag-furniture","17":"product_tag-hangers","18":"product_tag-iplehouse","19":"product_tag-jid","20":"product_tag-maison-de-poupee","21":"product_tag-meuble","22":"product_tag-meubles","23":"product_tag-miniature","24":"product_tag-minifee","25":"product_tag-poupee","26":"product_tag-roombox","27":"product_tag-tonner","28":"product_shipping_class-colissimo-5","29":"pa_couleur-argent-silver","30":"pa_couleur-blanc","31":"pa_couleur-dore-golden","32":"pa_couleur-noir","33":"pa_couleur-rose","35":"first","36":"instock","37":"taxable","38":"shipping-taxable","39":"purchasable","40":"product-type-variable"},"yoast_head":"<!-- This site is optimized with the Yoast SEO plugin v27.5 - https:\/\/yoast.com\/product\/yoast-seo-wordpress\/ -->\n<title>Buste silhouette 1\/6 1\/4 1\/3 Barbie, Minifee, SD, -<\/title>\n<meta name=\"description\" content=\"Buste silhouette 1\/6 1\/4 Barbie, Minifee, MSD, Ils seront parfait pour mettre en valeur les robes et sous-v\u00eatements de vos dolls.\" \/>\n<meta name=\"robots\" content=\"index, follow, max-snippet:-1, max-image-preview:large, max-video-preview:-1\" \/>\n<link rel=\"canonical\" href=\"https:\/\/www.sunnyshop211.com\/en\/product\/buste-silhouette-1-6-1-4-barbie-minifee-msd-copie\/\" \/>\n<meta property=\"og:locale\" content=\"en_US\" \/>\n<meta property=\"og:type\" content=\"article\" \/>\n<meta property=\"og:title\" content=\"Buste silhouette 1\/6 1\/4 1\/3 Barbie, Minifee, SD, -\" \/>\n<meta property=\"og:description\" content=\"Buste silhouette 1\/6 1\/4 Barbie, Minifee, MSD, Ils seront parfait pour mettre en valeur les robes et sous-v\u00eatements de vos dolls.\" \/>\n<meta property=\"og:url\" content=\"https:\/\/www.sunnyshop211.com\/en\/product\/buste-silhouette-1-6-1-4-barbie-minifee-msd-copie\/\" \/>\n<meta property=\"og:site_name\" content=\"Sunnyshop211 -Vente de dioramas, meubles, miniatures , bjd poup\u00e9es 1\/12 1\/8 1\/6 1\/4 1\/3\" \/>\n<meta property=\"article:publisher\" content=\"https:\/\/www.facebook.com\/sunnyshop211\/?ref=bookmarks\" \/>\n<meta property=\"article:modified_time\" content=\"2026-03-09T15:59:42+00:00\" \/>\n<meta property=\"og:image\" content=\"https:\/\/www.sunnyshop211.com\/wp-content\/uploads\/2023\/05\/suite-magasin-1-scaled.jpg\" \/>\n\t<meta property=\"og:image:width\" content=\"1553\" \/>\n\t<meta property=\"og:image:height\" content=\"2560\" \/>\n\t<meta property=\"og:image:type\" content=\"image\/jpeg\" \/>\n<meta name=\"twitter:card\" content=\"summary_large_image\" \/>\n<meta name=\"twitter:site\" content=\"@sunnyshop211\" \/>\n<meta name=\"twitter:label1\" content=\"Est. reading time\" \/>\n\t<meta name=\"twitter:data1\" content=\"2 minutes\" \/>\n<script type=\"application\/ld+json\" class=\"yoast-schema-graph\">{\"@context\":\"https:\\\/\\\/schema.org\",\"@graph\":[{\"@type\":\"WebPage\",\"@id\":\"https:\\\/\\\/www.sunnyshop211.com\\\/produit\\\/buste-silhouette-1-6-1-4-barbie-minifee-msd-copie\\\/\",\"url\":\"https:\\\/\\\/www.sunnyshop211.com\\\/produit\\\/buste-silhouette-1-6-1-4-barbie-minifee-msd-copie\\\/\",\"name\":\"Buste silhouette 1\\\/6 1\\\/4 1\\\/3 Barbie, Minifee, SD, -\",\"isPartOf\":{\"@id\":\"https:\\\/\\\/www.sunnyshop211.com\\\/#website\"},\"primaryImageOfPage\":{\"@id\":\"https:\\\/\\\/www.sunnyshop211.com\\\/produit\\\/buste-silhouette-1-6-1-4-barbie-minifee-msd-copie\\\/#primaryimage\"},\"image\":{\"@id\":\"https:\\\/\\\/www.sunnyshop211.com\\\/produit\\\/buste-silhouette-1-6-1-4-barbie-minifee-msd-copie\\\/#primaryimage\"},\"thumbnailUrl\":\"https:\\\/\\\/www.sunnyshop211.com\\\/wp-content\\\/uploads\\\/2023\\\/05\\\/suite-magasin-1-scaled.jpg\",\"datePublished\":\"2023-06-07T11:19:17+00:00\",\"dateModified\":\"2026-03-09T15:59:42+00:00\",\"description\":\"Buste silhouette 1\\\/6 1\\\/4 Barbie, Minifee, MSD, Ils seront parfait pour mettre en valeur les robes et sous-v\u00eatements de vos dolls.\",\"breadcrumb\":{\"@id\":\"https:\\\/\\\/www.sunnyshop211.com\\\/produit\\\/buste-silhouette-1-6-1-4-barbie-minifee-msd-copie\\\/#breadcrumb\"},\"inLanguage\":\"en-US\",\"potentialAction\":[{\"@type\":\"ReadAction\",\"target\":[\"https:\\\/\\\/www.sunnyshop211.com\\\/produit\\\/buste-silhouette-1-6-1-4-barbie-minifee-msd-copie\\\/\"]}]},{\"@type\":\"ImageObject\",\"inLanguage\":\"en-US\",\"@id\":\"https:\\\/\\\/www.sunnyshop211.com\\\/produit\\\/buste-silhouette-1-6-1-4-barbie-minifee-msd-copie\\\/#primaryimage\",\"url\":\"https:\\\/\\\/www.sunnyshop211.com\\\/wp-content\\\/uploads\\\/2023\\\/05\\\/suite-magasin-1-scaled.jpg\",\"contentUrl\":\"https:\\\/\\\/www.sunnyshop211.com\\\/wp-content\\\/uploads\\\/2023\\\/05\\\/suite-magasin-1-scaled.jpg\",\"width\":1553,\"height\":2560,\"caption\":\"Buste silhouette Barbie minifee\"},{\"@type\":\"BreadcrumbList\",\"@id\":\"https:\\\/\\\/www.sunnyshop211.com\\\/produit\\\/buste-silhouette-1-6-1-4-barbie-minifee-msd-copie\\\/#breadcrumb\",\"itemListElement\":[{\"@type\":\"ListItem\",\"position\":1,\"name\":\"Accueil\",\"item\":\"https:\\\/\\\/www.sunnyshop211.com\\\/\"},{\"@type\":\"ListItem\",\"position\":2,\"name\":\"Boutique\",\"item\":\"https:\\\/\\\/www.sunnyshop211.com\\\/boutique-miniature-bjd-dolls\\\/\"},{\"@type\":\"ListItem\",\"position\":3,\"name\":\"Buste silhouette 1\\\/6 1\\\/4 1\\\/3 Barbie, Minifee, SD,\"}]},{\"@type\":\"WebSite\",\"@id\":\"https:\\\/\\\/www.sunnyshop211.com\\\/#website\",\"url\":\"https:\\\/\\\/www.sunnyshop211.com\\\/\",\"name\":\"Vente de dioramas, meubles, miniatures , bjd poup\u00e9es 1\\\/12 1\\\/8 1\\\/6 1\\\/4 1\\\/3\",\"description\":\"Sunnyshop211 - Votre univers miniature pour poup\u00e9es et BJD, dioramas et meubles sur mesure !\",\"publisher\":{\"@id\":\"https:\\\/\\\/www.sunnyshop211.com\\\/#organization\"},\"alternateName\":\"sunnyshop211\",\"potentialAction\":[{\"@type\":\"SearchAction\",\"target\":{\"@type\":\"EntryPoint\",\"urlTemplate\":\"https:\\\/\\\/www.sunnyshop211.com\\\/?s={search_term_string}\"},\"query-input\":{\"@type\":\"PropertyValueSpecification\",\"valueRequired\":true,\"valueName\":\"search_term_string\"}}],\"inLanguage\":\"en-US\"},{\"@type\":\"Organization\",\"@id\":\"https:\\\/\\\/www.sunnyshop211.com\\\/#organization\",\"name\":\"sunnyshop211\",\"alternateName\":\"sunnyshop211 diorama bjd meuble miniature\",\"url\":\"https:\\\/\\\/www.sunnyshop211.com\\\/\",\"logo\":{\"@type\":\"ImageObject\",\"inLanguage\":\"en-US\",\"@id\":\"https:\\\/\\\/www.sunnyshop211.com\\\/#\\\/schema\\\/logo\\\/image\\\/\",\"url\":\"https:\\\/\\\/www.sunnyshop211.com\\\/wp-content\\\/uploads\\\/2022\\\/08\\\/cropped-cropped-cropped-Sunnyshop211-1.png\",\"contentUrl\":\"https:\\\/\\\/www.sunnyshop211.com\\\/wp-content\\\/uploads\\\/2022\\\/08\\\/cropped-cropped-cropped-Sunnyshop211-1.png\",\"width\":339,\"height\":339,\"caption\":\"sunnyshop211\"},\"image\":{\"@id\":\"https:\\\/\\\/www.sunnyshop211.com\\\/#\\\/schema\\\/logo\\\/image\\\/\"},\"sameAs\":[\"https:\\\/\\\/www.facebook.com\\\/sunnyshop211\\\/?ref=bookmarks\",\"https:\\\/\\\/x.com\\\/sunnyshop211\",\"https:\\\/\\\/www.instagram.com\\\/sunnyshop211\\\/\",\"https:\\\/\\\/www.tumblr.com\\\/blog\\\/sunnyshop211\",\"https:\\\/\\\/www.youtube.com\\\/channel\\\/UCtYY18OGGDKrTSzgcf7fCBg\",\"https:\\\/\\\/www.tiktok.com\\\/@sunnydollshop211?is_from_webapp=1&sender_device=pc\"]}]}<\/script>\n<!-- \/ Yoast SEO plugin. -->","yoast_head_json":{"title":"Silhouette bust 1\/6 1\/4 1\/3 Barbie, Minifee, SD, -","description":"Bust silhouette 1\/6 1\/4 Barbie, Minifee, MSD, They'll be perfect for showing off your dolls' dresses and undergarments.","robots":{"index":"index","follow":"follow","max-snippet":"max-snippet:-1","max-image-preview":"max-image-preview:large","max-video-preview":"max-video-preview:-1"},"canonical":"https:\/\/www.sunnyshop211.com\/en\/product\/buste-silhouette-1-6-1-4-barbie-minifee-msd-copie\/","og_locale":"en_US","og_type":"article","og_title":"Buste silhouette 1\/6 1\/4 1\/3 Barbie, Minifee, SD, -","og_description":"Buste silhouette 1\/6 1\/4 Barbie, Minifee, MSD, Ils seront parfait pour mettre en valeur les robes et sous-v\u00eatements de vos dolls.","og_url":"https:\/\/www.sunnyshop211.com\/en\/product\/buste-silhouette-1-6-1-4-barbie-minifee-msd-copie\/","og_site_name":"Sunnyshop211 -Vente de dioramas, meubles, miniatures , bjd poup\u00e9es 1\/12 1\/8 1\/6 1\/4 1\/3","article_publisher":"https:\/\/www.facebook.com\/sunnyshop211\/?ref=bookmarks","article_modified_time":"2026-03-09T15:59:42+00:00","og_image":[{"width":1553,"height":2560,"url":"https:\/\/www.sunnyshop211.com\/wp-content\/uploads\/2023\/05\/suite-magasin-1-scaled.jpg","type":"image\/jpeg"}],"twitter_card":"summary_large_image","twitter_site":"@sunnyshop211","twitter_misc":{"Est. reading time":"2 minutes"},"schema":{"@context":"https:\/\/schema.org","@graph":[{"@type":"WebPage","@id":"https:\/\/www.sunnyshop211.com\/produit\/buste-silhouette-1-6-1-4-barbie-minifee-msd-copie\/","url":"https:\/\/www.sunnyshop211.com\/produit\/buste-silhouette-1-6-1-4-barbie-minifee-msd-copie\/","name":"Silhouette bust 1\/6 1\/4 1\/3 Barbie, Minifee, SD, -","isPartOf":{"@id":"https:\/\/www.sunnyshop211.com\/#website"},"primaryImageOfPage":{"@id":"https:\/\/www.sunnyshop211.com\/produit\/buste-silhouette-1-6-1-4-barbie-minifee-msd-copie\/#primaryimage"},"image":{"@id":"https:\/\/www.sunnyshop211.com\/produit\/buste-silhouette-1-6-1-4-barbie-minifee-msd-copie\/#primaryimage"},"thumbnailUrl":"https:\/\/www.sunnyshop211.com\/wp-content\/uploads\/2023\/05\/suite-magasin-1-scaled.jpg","datePublished":"2023-06-07T11:19:17+00:00","dateModified":"2026-03-09T15:59:42+00:00","description":"Bust silhouette 1\/6 1\/4 Barbie, Minifee, MSD, They'll be perfect for showing off your dolls' dresses and undergarments.","breadcrumb":{"@id":"https:\/\/www.sunnyshop211.com\/produit\/buste-silhouette-1-6-1-4-barbie-minifee-msd-copie\/#breadcrumb"},"inLanguage":"en-US","potentialAction":[{"@type":"ReadAction","target":["https:\/\/www.sunnyshop211.com\/produit\/buste-silhouette-1-6-1-4-barbie-minifee-msd-copie\/"]}]},{"@type":"ImageObject","inLanguage":"en-US","@id":"https:\/\/www.sunnyshop211.com\/produit\/buste-silhouette-1-6-1-4-barbie-minifee-msd-copie\/#primaryimage","url":"https:\/\/www.sunnyshop211.com\/wp-content\/uploads\/2023\/05\/suite-magasin-1-scaled.jpg","contentUrl":"https:\/\/www.sunnyshop211.com\/wp-content\/uploads\/2023\/05\/suite-magasin-1-scaled.jpg","width":1553,"height":2560,"caption":"Buste silhouette Barbie minifee"},{"@type":"BreadcrumbList","@id":"https:\/\/www.sunnyshop211.com\/produit\/buste-silhouette-1-6-1-4-barbie-minifee-msd-copie\/#breadcrumb","itemListElement":[{"@type":"ListItem","position":1,"name":"Accueil","item":"https:\/\/www.sunnyshop211.com\/"},{"@type":"ListItem","position":2,"name":"Boutique","item":"https:\/\/www.sunnyshop211.com\/boutique-miniature-bjd-dolls\/"},{"@type":"ListItem","position":3,"name":"Buste silhouette 1\/6 1\/4 1\/3 Barbie, Minifee, SD,"}]},{"@type":"WebSite","@id":"https:\/\/www.sunnyshop211.com\/#website","url":"https:\/\/www.sunnyshop211.com\/","name":"Sale of dioramas, furniture, miniatures, bjd dolls 1\/12 1\/8 1\/6 1\/4 1\/3","description":"Sunnyshop211 - Your miniature world for dolls and BJDs, dioramas and custom-made furniture!","publisher":{"@id":"https:\/\/www.sunnyshop211.com\/#organization"},"alternateName":"sunnyshop211","potentialAction":[{"@type":"SearchAction","target":{"@type":"EntryPoint","urlTemplate":"https:\/\/www.sunnyshop211.com\/?s={search_term_string}"},"query-input":{"@type":"PropertyValueSpecification","valueRequired":true,"valueName":"search_term_string"}}],"inLanguage":"en-US"},{"@type":"Organization","@id":"https:\/\/www.sunnyshop211.com\/#organization","name":"sunnyshop211","alternateName":"sunnyshop211 diorama bjd meuble miniature","url":"https:\/\/www.sunnyshop211.com\/","logo":{"@type":"ImageObject","inLanguage":"en-US","@id":"https:\/\/www.sunnyshop211.com\/#\/schema\/logo\/image\/","url":"https:\/\/www.sunnyshop211.com\/wp-content\/uploads\/2022\/08\/cropped-cropped-cropped-Sunnyshop211-1.png","contentUrl":"https:\/\/www.sunnyshop211.com\/wp-content\/uploads\/2022\/08\/cropped-cropped-cropped-Sunnyshop211-1.png","width":339,"height":339,"caption":"sunnyshop211"},"image":{"@id":"https:\/\/www.sunnyshop211.com\/#\/schema\/logo\/image\/"},"sameAs":["https:\/\/www.facebook.com\/sunnyshop211\/?ref=bookmarks","https:\/\/x.com\/sunnyshop211","https:\/\/www.instagram.com\/sunnyshop211\/","https:\/\/www.tumblr.com\/blog\/sunnyshop211","https:\/\/www.youtube.com\/channel\/UCtYY18OGGDKrTSzgcf7fCBg","https:\/\/www.tiktok.com\/@sunnydollshop211?is_from_webapp=1&sender_device=pc"]}]}},"jetpack_publicize_connections":[],"jetpack_sharing_enabled":true,"_links":{"self":[{"href":"https:\/\/www.sunnyshop211.com\/en\/wp-json\/wp\/v2\/product\/35224","targetHints":{"allow":["GET"]}}],"collection":[{"href":"https:\/\/www.sunnyshop211.com\/en\/wp-json\/wp\/v2\/product"}],"about":[{"href":"https:\/\/www.sunnyshop211.com\/en\/wp-json\/wp\/v2\/types\/product"}],"replies":[{"embeddable":true,"href":"https:\/\/www.sunnyshop211.com\/en\/wp-json\/wp\/v2\/comments?post=35224"}],"version-history":[{"count":5,"href":"https:\/\/www.sunnyshop211.com\/en\/wp-json\/wp\/v2\/product\/35224\/revisions"}],"predecessor-version":[{"id":55650,"href":"https:\/\/www.sunnyshop211.com\/en\/wp-json\/wp\/v2\/product\/35224\/revisions\/55650"}],"wp:featuredmedia":[{"embeddable":true,"href":"https:\/\/www.sunnyshop211.com\/en\/wp-json\/wp\/v2\/media\/35669"}],"wp:attachment":[{"href":"https:\/\/www.sunnyshop211.com\/en\/wp-json\/wp\/v2\/media?parent=35224"}],"wp:term":[{"taxonomy":"product_brand","embeddable":true,"href":"https:\/\/www.sunnyshop211.com\/en\/wp-json\/wp\/v2\/product_brand?post=35224"},{"taxonomy":"product_cat","embeddable":true,"href":"https:\/\/www.sunnyshop211.com\/en\/wp-json\/wp\/v2\/product_cat?post=35224"},{"taxonomy":"product_tag","embeddable":true,"href":"https:\/\/www.sunnyshop211.com\/en\/wp-json\/wp\/v2\/product_tag?post=35224"}],"curies":[{"name":"wp","href":"https:\/\/api.w.org\/{rel}","templated":true}]}}