{"id":35132,"date":"2023-05-31T17:21:07","date_gmt":"2023-05-31T16:21:07","guid":{"rendered":"https:\/\/www.sunnyshop211.com\/?post_type=product&#038;p=35132"},"modified":"2025-12-28T19:24:12","modified_gmt":"2025-12-28T18:24:12","slug":"%f0%9f%8c%b8-miroir-fleur-miniature-1-4-minifee-bjd-msd-unoa","status":"publish","type":"product","link":"https:\/\/www.sunnyshop211.com\/en\/product\/%f0%9f%8c%b8-miroir-fleur-miniature-1-4-minifee-bjd-msd-unoa\/","title":{"rendered":"\ud83c\udf38 Miniature flower mirror - 1\/4 minifee bjd MSD, unoa"},"content":{"rendered":"<p>&nbsp;<\/p>\n<div id='gallery-1' class='gallery galleryid-35132 gallery-columns-3 gallery-size-thumbnail'><figure class='gallery-item'>\n\t\t\t<div class='gallery-icon landscape'>\n\t\t\t\t<a href='https:\/\/www.sunnyshop211.com\/en\/?attachment_id=35101'><img decoding=\"async\" width=\"150\" height=\"150\" src=\"https:\/\/www.sunnyshop211.com\/wp-content\/uploads\/2023\/05\/lit-baldaquin-bureau-rose-et-shar-pei-107-150x150.jpg\" class=\"attachment-thumbnail size-thumbnail\" alt=\"Miroir fleur 1\/4 minifee\" srcset=\"https:\/\/www.sunnyshop211.com\/wp-content\/uploads\/2023\/05\/lit-baldaquin-bureau-rose-et-shar-pei-107-150x150.jpg 150w, https:\/\/www.sunnyshop211.com\/wp-content\/uploads\/2023\/05\/lit-baldaquin-bureau-rose-et-shar-pei-107-scaled-500x500.jpg 500w, https:\/\/www.sunnyshop211.com\/wp-content\/uploads\/2023\/05\/lit-baldaquin-bureau-rose-et-shar-pei-107-scaled-100x100.jpg 100w\" sizes=\"(max-width: 150px) 100vw, 150px\" \/><\/a>\n\t\t\t<\/div><\/figure><figure class='gallery-item'>\n\t\t\t<div class='gallery-icon landscape'>\n\t\t\t\t<a href='https:\/\/www.sunnyshop211.com\/en\/?attachment_id=35102'><img decoding=\"async\" width=\"150\" height=\"150\" src=\"https:\/\/www.sunnyshop211.com\/wp-content\/uploads\/2023\/05\/lit-baldaquin-bureau-rose-et-shar-pei-56-150x150.jpg\" class=\"attachment-thumbnail size-thumbnail\" alt=\"\" srcset=\"https:\/\/www.sunnyshop211.com\/wp-content\/uploads\/2023\/05\/lit-baldaquin-bureau-rose-et-shar-pei-56-150x150.jpg 150w, https:\/\/www.sunnyshop211.com\/wp-content\/uploads\/2023\/05\/lit-baldaquin-bureau-rose-et-shar-pei-56-scaled-500x500.jpg 500w, https:\/\/www.sunnyshop211.com\/wp-content\/uploads\/2023\/05\/lit-baldaquin-bureau-rose-et-shar-pei-56-scaled-100x100.jpg 100w\" sizes=\"(max-width: 150px) 100vw, 150px\" \/><\/a>\n\t\t\t<\/div><\/figure>\n\t\t<\/div>\n\n<h2 data-start=\"119\" data-end=\"157\">\ud83c\udf38 Miniature flower mirror - 1\/4<\/h2>\n<p data-start=\"158\" data-end=\"220\">BJD Minifee, MSD, Unoa, Bimong &amp; equivalent-sized dolls<\/p>\n<h3 data-start=\"222\" data-end=\"240\">\ud83d\udcf8 Description<\/h3>\n<p data-start=\"242\" data-end=\"380\">This <strong data-start=\"245\" data-end=\"271\">miniature flower mirror<\/strong> is an elegant and poetic decorative element, ideal for enhancing your dioramas and stagings at the <strong data-start=\"372\" data-end=\"379\">1\/4<\/strong>.<\/p>\n<p data-start=\"382\" data-end=\"570\">With its delicate floral shape representing a <strong data-start=\"430\" data-end=\"438\">pink<\/strong>, it adds a touch of <strong data-start=\"462\" data-end=\"494\">romantic, chic and refined<\/strong> miniature interiors: bedroom, living room, dressing table or princess world.<\/p>\n<p data-start=\"572\" data-end=\"626\">\ud83d\udc49 Fictitious item, for decorative purposes only.<\/p>\n<hr data-start=\"628\" data-end=\"631\" \/>\n<h3 data-start=\"633\" data-end=\"663\">\ud83d\udc57 Compatibility &amp; scale<\/h3>\n<p data-start=\"665\" data-end=\"707\">Suitable for dolls at <strong data-start=\"687\" data-end=\"694\">1\/4<\/strong>, including :<\/p>\n<p data-start=\"709\" data-end=\"789\">- Minifee<br data-start=\"718\" data-end=\"721\" \/>- MSD<br data-start=\"726\" data-end=\"729\" \/>- Unoa<br data-start=\"735\" data-end=\"738\" \/>- Bimong<br data-start=\"746\" data-end=\"749\" \/>- Other dolls of equivalent size<\/p>\n<hr data-start=\"791\" data-end=\"794\" \/>\n<h3 data-start=\"796\" data-end=\"821\">\ud83c\udfa8 Design &amp; materials<\/h3>\n<p data-start=\"823\" data-end=\"936\">- Mirror in <strong data-start=\"835\" data-end=\"855\">plexiglas mirror<\/strong><br data-start=\"855\" data-end=\"858\" \/>- Reason : <strong data-start=\"868\" data-end=\"884\">flower \/ rose<\/strong><br data-start=\"884\" data-end=\"887\" \/>- Meticulous finish, as shown<\/p>\n<p data-start=\"938\" data-end=\"974\">Each piece is carefully crafted.<\/p>\n<hr data-start=\"976\" data-end=\"979\" \/>\n<h3 data-start=\"981\" data-end=\"998\">\ud83d\udccf Dimensions<\/h3>\n<p data-start=\"1000\" data-end=\"1035\">\u2022 <strong data-start=\"1002\" data-end=\"1035\">10 cm wide x 9 cm high<\/strong><\/p>\n<hr data-start=\"1037\" data-end=\"1040\" \/>\n<h3 data-start=\"1042\" data-end=\"1056\">\ud83d\udce6 Contents<\/h3>\n<p data-start=\"1058\" data-end=\"1088\">- 1 1\/4\" miniature flower mirror<\/p>\n<p data-start=\"1090\" data-end=\"1343\">\ud83d\udc49 The prize is for <strong data-start=\"1110\" data-end=\"1128\">a single mirror<\/strong><br data-start=\"1128\" data-end=\"1131\" \/>\ud83d\udc49 The bed and other accessories shown in the photos are not included but are available separately in the store.<br data-start=\"1254\" data-end=\"1257\" \/>\ud83d\udc49 The four-poster bed shown in some photos is sold separately in the store.<\/p>\n<hr data-start=\"1345\" data-end=\"1348\" \/>\n<h3 data-start=\"1350\" data-end=\"1379\">\ud83e\udeb5 Handcrafted<\/h3>\n<p data-start=\"1381\" data-end=\"1439\">- Hand-made article<br data-start=\"1408\" data-end=\"1411\" \/>- Made to order<\/p>\n<p data-start=\"1441\" data-end=\"1592\">Due to the artisanal character, there may be :<br data-start=\"1492\" data-end=\"1495\" \/>- slight variations in shape or color<br data-start=\"1541\" data-end=\"1544\" \/>- minor imperfections, typical of handmade products<\/p>\n<hr data-start=\"1594\" data-end=\"1597\" \/>\n<h3 data-start=\"1599\" data-end=\"1617\">\ud83c\udfe1 Use<\/h3>\n<p data-start=\"1619\" data-end=\"1809\">- Dioramas &amp; staging<br data-start=\"1646\" data-end=\"1649\" \/>- Wall or table decoration<br data-start=\"1677\" data-end=\"1680\" \/>- Bedroom, living room, miniature dressing table<br data-start=\"1717\" data-end=\"1720\" \/>- Compatible with my furniture and accessories <strong data-start=\"1765\" data-end=\"1772\">1\/4<\/strong> sold separately in the store<\/p>\n<hr data-start=\"1811\" data-end=\"1814\" \/>\n<h3 data-start=\"1816\" data-end=\"1847\">\u26a0\ufe0f Important information<\/h3>\n<p data-start=\"1849\" data-end=\"2083\">- Fictional article<br data-start=\"1865\" data-end=\"1868\" \/>- This is not a toy<br data-start=\"1893\" data-end=\"1896\" \/>- For adults only<br data-start=\"1935\" data-end=\"1938\" \/>- The photos are examples of decoration<br data-start=\"1982\" data-end=\"1985\" \/>- Only the mirror is sold<br data-start=\"2011\" data-end=\"2014\" \/>- I am not responsible for any damage incurred in transit.<\/p>\n<hr data-start=\"2085\" data-end=\"2088\" \/>\n<h3 data-start=\"2090\" data-end=\"2116\">\u23f3 Manufacturing &amp; lead times<\/h3>\n<p data-start=\"2118\" data-end=\"2281\">- Article made to order<br data-start=\"2148\" data-end=\"2151\" \/>- Please allow for manufacturing and delivery times.<br data-start=\"2216\" data-end=\"2219\" \/>\u27a1\ufe0f See Terms and Conditions and delivery times<\/p>\n<hr data-start=\"2283\" data-end=\"2286\" \/>\n<h3 data-start=\"2288\" data-end=\"2324\">\ud83d\udcf8 More photos &amp; inspiration<\/h3>\n<p data-start=\"2326\" data-end=\"2368\">\ud83d\udc49 <a class=\"decorated-link\" href=\"https:\/\/www.instagram.com\/sunnyshop211\/\" target=\"_new\" rel=\"noopener\" data-start=\"2329\" data-end=\"2368\">https:\/\/www.instagram.com\/sunnyshop211\/<\/a><\/p>\n<hr data-start=\"2370\" data-end=\"2373\" \/>\n<p data-start=\"2375\" data-end=\"2483\">\ud83c\udf38\u2728 <strong data-start=\"2379\" data-end=\"2483\">A delicate, refined miniature mirror to bring elegance and poetry to your dolls' 1\/4 scenes.<\/strong><\/p>","protected":false},"excerpt":{"rendered":"<p>&nbsp; \ud83c\udf38 Miroir fleur miniature \u2013 1\/4 BJD Minifee, MSD, Unoa, Bimong &amp; poup\u00e9es de taille \u00e9quivalente \ud83d\udcf8 Description Ce miroir fleur miniature est un \u00e9l\u00e9ment d\u00e9coratif \u00e9l\u00e9gant et po\u00e9tique, id\u00e9al pour sublimer vos dioramas et mises en sc\u00e8ne au 1\/4. Avec sa forme florale d\u00e9licate repr\u00e9sentant une rose, il apporte une touche romantique, chic [&hellip;]<\/p>\n","protected":false},"featured_media":35101,"comment_status":"open","ping_status":"closed","template":"","meta":{"_crdt_document":"","jetpack_post_was_ever_published":false,"jetpack_publicize_message":"","jetpack_publicize_feature_enabled":true,"jetpack_social_post_already_shared":true,"jetpack_social_options":{"image_generator_settings":{"template":"highway","default_image_id":0,"font":"","enabled":false},"version":2}},"product_brand":[],"product_cat":[667687008],"product_tag":[667681143,667681136,667681397,667681142,667681398,667681234,667681226,667681233,667681272,667681239,667681225,667681241,667681242,667681359,667681236,667681261,667681281,667681232,667681173,667681237,667681177,667681235,667681260],"class_list":{"0":"post-35132","1":"product","2":"type-product","3":"status-publish","4":"has-post-thumbnail","6":"product_cat-cadres-decor-mural","7":"product_tag-bedroom","8":"product_tag-bjd","9":"product_tag-bureau","10":"product_tag-chambre","11":"product_tag-desk","12":"product_tag-diorama","13":"product_tag-doll","14":"product_tag-dollhouse","15":"product_tag-elowynn-wilde","16":"product_tag-fairyland","17":"product_tag-furniture","18":"product_tag-iplehouse","19":"product_tag-jid","20":"product_tag-living-room","21":"product_tag-maison-de-poupee","22":"product_tag-meuble","23":"product_tag-meubles","24":"product_tag-miniature","25":"product_tag-minifee","26":"product_tag-msd","27":"product_tag-poupee","28":"product_tag-roombox","29":"product_tag-tonner","30":"product_shipping_class-lettre-suivie","31":"pa_couleur-blanc","32":"pa_couleur-rose","34":"first","35":"instock","36":"taxable","37":"shipping-taxable","38":"purchasable","39":"product-type-simple"},"yoast_head":"<!-- This site is optimized with the Yoast SEO plugin v27.4 - https:\/\/yoast.com\/product\/yoast-seo-wordpress\/ -->\n<title>\ud83c\udf38 Miroir fleur miniature \u2013 1\/4 minifee bjd MSD, unoa -<\/title>\n<meta name=\"description\" content=\"\ud83c\udf38 Miroir fleur miniature \u2013 1\/4 minifee bjd MSD, unoa, bimong autre de m\u00eame taille .Miroir fleur id\u00e9al pour vos mises en sc\u00e8nes.\" \/>\n<meta name=\"robots\" content=\"index, follow, max-snippet:-1, max-image-preview:large, max-video-preview:-1\" \/>\n<link rel=\"canonical\" href=\"https:\/\/www.sunnyshop211.com\/en\/product\/\ud83c\udf38-miroir-fleur-miniature-1-4-minifee-bjd-msd-unoa\/\" \/>\n<meta property=\"og:locale\" content=\"en_US\" \/>\n<meta property=\"og:type\" content=\"article\" \/>\n<meta property=\"og:title\" content=\"\ud83c\udf38 Miroir fleur miniature \u2013 1\/4 minifee bjd MSD, unoa -\" \/>\n<meta property=\"og:description\" content=\"\ud83c\udf38 Miroir fleur miniature \u2013 1\/4 minifee bjd MSD, unoa, bimong autre de m\u00eame taille .Miroir fleur id\u00e9al pour vos mises en sc\u00e8nes.\" \/>\n<meta property=\"og:url\" content=\"https:\/\/www.sunnyshop211.com\/en\/product\/\ud83c\udf38-miroir-fleur-miniature-1-4-minifee-bjd-msd-unoa\/\" \/>\n<meta property=\"og:site_name\" content=\"Sunnyshop211 -Vente de dioramas, meubles, miniatures , bjd poup\u00e9es 1\/12 1\/8 1\/6 1\/4 1\/3\" \/>\n<meta property=\"article:publisher\" content=\"https:\/\/www.facebook.com\/sunnyshop211\/?ref=bookmarks\" \/>\n<meta property=\"article:modified_time\" content=\"2025-12-28T18:24:12+00:00\" \/>\n<meta property=\"og:image\" content=\"https:\/\/www.sunnyshop211.com\/wp-content\/uploads\/2023\/05\/lit-baldaquin-bureau-rose-et-shar-pei-107-scaled.jpg\" \/>\n\t<meta property=\"og:image:width\" content=\"2560\" \/>\n\t<meta property=\"og:image:height\" content=\"1707\" \/>\n\t<meta property=\"og:image:type\" content=\"image\/jpeg\" \/>\n<meta name=\"twitter:card\" content=\"summary_large_image\" \/>\n<meta name=\"twitter:site\" content=\"@sunnyshop211\" \/>\n<meta name=\"twitter:label1\" content=\"Est. reading time\" \/>\n\t<meta name=\"twitter:data1\" content=\"3 minutes\" \/>\n<script type=\"application\/ld+json\" class=\"yoast-schema-graph\">{\"@context\":\"https:\\\/\\\/schema.org\",\"@graph\":[{\"@type\":\"WebPage\",\"@id\":\"https:\\\/\\\/www.sunnyshop211.com\\\/produit\\\/%f0%9f%8c%b8-miroir-fleur-miniature-1-4-minifee-bjd-msd-unoa\\\/\",\"url\":\"https:\\\/\\\/www.sunnyshop211.com\\\/produit\\\/%f0%9f%8c%b8-miroir-fleur-miniature-1-4-minifee-bjd-msd-unoa\\\/\",\"name\":\"\ud83c\udf38 Miroir fleur miniature \u2013 1\\\/4 minifee bjd MSD, unoa -\",\"isPartOf\":{\"@id\":\"https:\\\/\\\/www.sunnyshop211.com\\\/#website\"},\"primaryImageOfPage\":{\"@id\":\"https:\\\/\\\/www.sunnyshop211.com\\\/produit\\\/%f0%9f%8c%b8-miroir-fleur-miniature-1-4-minifee-bjd-msd-unoa\\\/#primaryimage\"},\"image\":{\"@id\":\"https:\\\/\\\/www.sunnyshop211.com\\\/produit\\\/%f0%9f%8c%b8-miroir-fleur-miniature-1-4-minifee-bjd-msd-unoa\\\/#primaryimage\"},\"thumbnailUrl\":\"https:\\\/\\\/www.sunnyshop211.com\\\/wp-content\\\/uploads\\\/2023\\\/05\\\/lit-baldaquin-bureau-rose-et-shar-pei-107-scaled.jpg\",\"datePublished\":\"2023-05-31T16:21:07+00:00\",\"dateModified\":\"2025-12-28T18:24:12+00:00\",\"description\":\"\ud83c\udf38 Miroir fleur miniature \u2013 1\\\/4 minifee bjd MSD, unoa, bimong autre de m\u00eame taille .Miroir fleur id\u00e9al pour vos mises en sc\u00e8nes.\",\"breadcrumb\":{\"@id\":\"https:\\\/\\\/www.sunnyshop211.com\\\/produit\\\/%f0%9f%8c%b8-miroir-fleur-miniature-1-4-minifee-bjd-msd-unoa\\\/#breadcrumb\"},\"inLanguage\":\"en-US\",\"potentialAction\":[{\"@type\":\"ReadAction\",\"target\":[\"https:\\\/\\\/www.sunnyshop211.com\\\/produit\\\/%f0%9f%8c%b8-miroir-fleur-miniature-1-4-minifee-bjd-msd-unoa\\\/\"]}]},{\"@type\":\"ImageObject\",\"inLanguage\":\"en-US\",\"@id\":\"https:\\\/\\\/www.sunnyshop211.com\\\/produit\\\/%f0%9f%8c%b8-miroir-fleur-miniature-1-4-minifee-bjd-msd-unoa\\\/#primaryimage\",\"url\":\"https:\\\/\\\/www.sunnyshop211.com\\\/wp-content\\\/uploads\\\/2023\\\/05\\\/lit-baldaquin-bureau-rose-et-shar-pei-107-scaled.jpg\",\"contentUrl\":\"https:\\\/\\\/www.sunnyshop211.com\\\/wp-content\\\/uploads\\\/2023\\\/05\\\/lit-baldaquin-bureau-rose-et-shar-pei-107-scaled.jpg\",\"width\":2560,\"height\":1707,\"caption\":\"Miroir fleur 1\\\/4 minifee\"},{\"@type\":\"BreadcrumbList\",\"@id\":\"https:\\\/\\\/www.sunnyshop211.com\\\/produit\\\/%f0%9f%8c%b8-miroir-fleur-miniature-1-4-minifee-bjd-msd-unoa\\\/#breadcrumb\",\"itemListElement\":[{\"@type\":\"ListItem\",\"position\":1,\"name\":\"Accueil\",\"item\":\"https:\\\/\\\/www.sunnyshop211.com\\\/\"},{\"@type\":\"ListItem\",\"position\":2,\"name\":\"Boutique\",\"item\":\"https:\\\/\\\/www.sunnyshop211.com\\\/boutique-miniature-bjd-dolls\\\/\"},{\"@type\":\"ListItem\",\"position\":3,\"name\":\"\ud83c\udf38 Miroir fleur miniature \u2013 1\\\/4 minifee bjd MSD, unoa\"}]},{\"@type\":\"WebSite\",\"@id\":\"https:\\\/\\\/www.sunnyshop211.com\\\/#website\",\"url\":\"https:\\\/\\\/www.sunnyshop211.com\\\/\",\"name\":\"Vente de dioramas, meubles, miniatures , bjd poup\u00e9es 1\\\/12 1\\\/8 1\\\/6 1\\\/4 1\\\/3\",\"description\":\"Sunnyshop211 - Votre univers miniature pour poup\u00e9es et BJD, dioramas et meubles sur mesure !\",\"publisher\":{\"@id\":\"https:\\\/\\\/www.sunnyshop211.com\\\/#organization\"},\"alternateName\":\"sunnyshop211\",\"potentialAction\":[{\"@type\":\"SearchAction\",\"target\":{\"@type\":\"EntryPoint\",\"urlTemplate\":\"https:\\\/\\\/www.sunnyshop211.com\\\/?s={search_term_string}\"},\"query-input\":{\"@type\":\"PropertyValueSpecification\",\"valueRequired\":true,\"valueName\":\"search_term_string\"}}],\"inLanguage\":\"en-US\"},{\"@type\":\"Organization\",\"@id\":\"https:\\\/\\\/www.sunnyshop211.com\\\/#organization\",\"name\":\"sunnyshop211\",\"alternateName\":\"sunnyshop211 diorama bjd meuble miniature\",\"url\":\"https:\\\/\\\/www.sunnyshop211.com\\\/\",\"logo\":{\"@type\":\"ImageObject\",\"inLanguage\":\"en-US\",\"@id\":\"https:\\\/\\\/www.sunnyshop211.com\\\/#\\\/schema\\\/logo\\\/image\\\/\",\"url\":\"https:\\\/\\\/www.sunnyshop211.com\\\/wp-content\\\/uploads\\\/2022\\\/08\\\/cropped-cropped-cropped-Sunnyshop211-1.png\",\"contentUrl\":\"https:\\\/\\\/www.sunnyshop211.com\\\/wp-content\\\/uploads\\\/2022\\\/08\\\/cropped-cropped-cropped-Sunnyshop211-1.png\",\"width\":339,\"height\":339,\"caption\":\"sunnyshop211\"},\"image\":{\"@id\":\"https:\\\/\\\/www.sunnyshop211.com\\\/#\\\/schema\\\/logo\\\/image\\\/\"},\"sameAs\":[\"https:\\\/\\\/www.facebook.com\\\/sunnyshop211\\\/?ref=bookmarks\",\"https:\\\/\\\/x.com\\\/sunnyshop211\",\"https:\\\/\\\/www.instagram.com\\\/sunnyshop211\\\/\",\"https:\\\/\\\/www.tumblr.com\\\/blog\\\/sunnyshop211\",\"https:\\\/\\\/www.youtube.com\\\/channel\\\/UCtYY18OGGDKrTSzgcf7fCBg\",\"https:\\\/\\\/www.tiktok.com\\\/@sunnydollshop211?is_from_webapp=1&sender_device=pc\"]}]}<\/script>\n<!-- \/ Yoast SEO plugin. -->","yoast_head_json":{"title":"\ud83c\udf38 Miniature flower mirror - 1\/4 minifee bjd MSD, unoa -","description":"\ud83c\udf38 Miniature flower mirror - 1\/4 minifee bjd MSD, unoa, bimong other same size .Flower mirror ideal for your staging.","robots":{"index":"index","follow":"follow","max-snippet":"max-snippet:-1","max-image-preview":"max-image-preview:large","max-video-preview":"max-video-preview:-1"},"canonical":"https:\/\/www.sunnyshop211.com\/en\/product\/\ud83c\udf38-miroir-fleur-miniature-1-4-minifee-bjd-msd-unoa\/","og_locale":"en_US","og_type":"article","og_title":"\ud83c\udf38 Miroir fleur miniature \u2013 1\/4 minifee bjd MSD, unoa -","og_description":"\ud83c\udf38 Miroir fleur miniature \u2013 1\/4 minifee bjd MSD, unoa, bimong autre de m\u00eame taille .Miroir fleur id\u00e9al pour vos mises en sc\u00e8nes.","og_url":"https:\/\/www.sunnyshop211.com\/en\/product\/\ud83c\udf38-miroir-fleur-miniature-1-4-minifee-bjd-msd-unoa\/","og_site_name":"Sunnyshop211 -Vente de dioramas, meubles, miniatures , bjd poup\u00e9es 1\/12 1\/8 1\/6 1\/4 1\/3","article_publisher":"https:\/\/www.facebook.com\/sunnyshop211\/?ref=bookmarks","article_modified_time":"2025-12-28T18:24:12+00:00","og_image":[{"width":2560,"height":1707,"url":"https:\/\/www.sunnyshop211.com\/wp-content\/uploads\/2023\/05\/lit-baldaquin-bureau-rose-et-shar-pei-107-scaled.jpg","type":"image\/jpeg"}],"twitter_card":"summary_large_image","twitter_site":"@sunnyshop211","twitter_misc":{"Est. reading time":"3 minutes"},"schema":{"@context":"https:\/\/schema.org","@graph":[{"@type":"WebPage","@id":"https:\/\/www.sunnyshop211.com\/produit\/%f0%9f%8c%b8-miroir-fleur-miniature-1-4-minifee-bjd-msd-unoa\/","url":"https:\/\/www.sunnyshop211.com\/produit\/%f0%9f%8c%b8-miroir-fleur-miniature-1-4-minifee-bjd-msd-unoa\/","name":"\ud83c\udf38 Miniature flower mirror - 1\/4 minifee bjd MSD, unoa -","isPartOf":{"@id":"https:\/\/www.sunnyshop211.com\/#website"},"primaryImageOfPage":{"@id":"https:\/\/www.sunnyshop211.com\/produit\/%f0%9f%8c%b8-miroir-fleur-miniature-1-4-minifee-bjd-msd-unoa\/#primaryimage"},"image":{"@id":"https:\/\/www.sunnyshop211.com\/produit\/%f0%9f%8c%b8-miroir-fleur-miniature-1-4-minifee-bjd-msd-unoa\/#primaryimage"},"thumbnailUrl":"https:\/\/www.sunnyshop211.com\/wp-content\/uploads\/2023\/05\/lit-baldaquin-bureau-rose-et-shar-pei-107-scaled.jpg","datePublished":"2023-05-31T16:21:07+00:00","dateModified":"2025-12-28T18:24:12+00:00","description":"\ud83c\udf38 Miniature flower mirror - 1\/4 minifee bjd MSD, unoa, bimong other same size .Flower mirror ideal for your staging.","breadcrumb":{"@id":"https:\/\/www.sunnyshop211.com\/produit\/%f0%9f%8c%b8-miroir-fleur-miniature-1-4-minifee-bjd-msd-unoa\/#breadcrumb"},"inLanguage":"en-US","potentialAction":[{"@type":"ReadAction","target":["https:\/\/www.sunnyshop211.com\/produit\/%f0%9f%8c%b8-miroir-fleur-miniature-1-4-minifee-bjd-msd-unoa\/"]}]},{"@type":"ImageObject","inLanguage":"en-US","@id":"https:\/\/www.sunnyshop211.com\/produit\/%f0%9f%8c%b8-miroir-fleur-miniature-1-4-minifee-bjd-msd-unoa\/#primaryimage","url":"https:\/\/www.sunnyshop211.com\/wp-content\/uploads\/2023\/05\/lit-baldaquin-bureau-rose-et-shar-pei-107-scaled.jpg","contentUrl":"https:\/\/www.sunnyshop211.com\/wp-content\/uploads\/2023\/05\/lit-baldaquin-bureau-rose-et-shar-pei-107-scaled.jpg","width":2560,"height":1707,"caption":"Miroir fleur 1\/4 minifee"},{"@type":"BreadcrumbList","@id":"https:\/\/www.sunnyshop211.com\/produit\/%f0%9f%8c%b8-miroir-fleur-miniature-1-4-minifee-bjd-msd-unoa\/#breadcrumb","itemListElement":[{"@type":"ListItem","position":1,"name":"Accueil","item":"https:\/\/www.sunnyshop211.com\/"},{"@type":"ListItem","position":2,"name":"Boutique","item":"https:\/\/www.sunnyshop211.com\/boutique-miniature-bjd-dolls\/"},{"@type":"ListItem","position":3,"name":"\ud83c\udf38 Miroir fleur miniature \u2013 1\/4 minifee bjd MSD, unoa"}]},{"@type":"WebSite","@id":"https:\/\/www.sunnyshop211.com\/#website","url":"https:\/\/www.sunnyshop211.com\/","name":"Sale of dioramas, furniture, miniatures, bjd dolls 1\/12 1\/8 1\/6 1\/4 1\/3","description":"Sunnyshop211 - Your miniature world for dolls and BJDs, dioramas and custom-made furniture!","publisher":{"@id":"https:\/\/www.sunnyshop211.com\/#organization"},"alternateName":"sunnyshop211","potentialAction":[{"@type":"SearchAction","target":{"@type":"EntryPoint","urlTemplate":"https:\/\/www.sunnyshop211.com\/?s={search_term_string}"},"query-input":{"@type":"PropertyValueSpecification","valueRequired":true,"valueName":"search_term_string"}}],"inLanguage":"en-US"},{"@type":"Organization","@id":"https:\/\/www.sunnyshop211.com\/#organization","name":"sunnyshop211","alternateName":"sunnyshop211 diorama bjd meuble miniature","url":"https:\/\/www.sunnyshop211.com\/","logo":{"@type":"ImageObject","inLanguage":"en-US","@id":"https:\/\/www.sunnyshop211.com\/#\/schema\/logo\/image\/","url":"https:\/\/www.sunnyshop211.com\/wp-content\/uploads\/2022\/08\/cropped-cropped-cropped-Sunnyshop211-1.png","contentUrl":"https:\/\/www.sunnyshop211.com\/wp-content\/uploads\/2022\/08\/cropped-cropped-cropped-Sunnyshop211-1.png","width":339,"height":339,"caption":"sunnyshop211"},"image":{"@id":"https:\/\/www.sunnyshop211.com\/#\/schema\/logo\/image\/"},"sameAs":["https:\/\/www.facebook.com\/sunnyshop211\/?ref=bookmarks","https:\/\/x.com\/sunnyshop211","https:\/\/www.instagram.com\/sunnyshop211\/","https:\/\/www.tumblr.com\/blog\/sunnyshop211","https:\/\/www.youtube.com\/channel\/UCtYY18OGGDKrTSzgcf7fCBg","https:\/\/www.tiktok.com\/@sunnydollshop211?is_from_webapp=1&sender_device=pc"]}]}},"jetpack_publicize_connections":[],"jetpack_sharing_enabled":true,"_links":{"self":[{"href":"https:\/\/www.sunnyshop211.com\/en\/wp-json\/wp\/v2\/product\/35132","targetHints":{"allow":["GET"]}}],"collection":[{"href":"https:\/\/www.sunnyshop211.com\/en\/wp-json\/wp\/v2\/product"}],"about":[{"href":"https:\/\/www.sunnyshop211.com\/en\/wp-json\/wp\/v2\/types\/product"}],"replies":[{"embeddable":true,"href":"https:\/\/www.sunnyshop211.com\/en\/wp-json\/wp\/v2\/comments?post=35132"}],"version-history":[{"count":4,"href":"https:\/\/www.sunnyshop211.com\/en\/wp-json\/wp\/v2\/product\/35132\/revisions"}],"predecessor-version":[{"id":53264,"href":"https:\/\/www.sunnyshop211.com\/en\/wp-json\/wp\/v2\/product\/35132\/revisions\/53264"}],"wp:featuredmedia":[{"embeddable":true,"href":"https:\/\/www.sunnyshop211.com\/en\/wp-json\/wp\/v2\/media\/35101"}],"wp:attachment":[{"href":"https:\/\/www.sunnyshop211.com\/en\/wp-json\/wp\/v2\/media?parent=35132"}],"wp:term":[{"taxonomy":"product_brand","embeddable":true,"href":"https:\/\/www.sunnyshop211.com\/en\/wp-json\/wp\/v2\/product_brand?post=35132"},{"taxonomy":"product_cat","embeddable":true,"href":"https:\/\/www.sunnyshop211.com\/en\/wp-json\/wp\/v2\/product_cat?post=35132"},{"taxonomy":"product_tag","embeddable":true,"href":"https:\/\/www.sunnyshop211.com\/en\/wp-json\/wp\/v2\/product_tag?post=35132"}],"curies":[{"name":"wp","href":"https:\/\/api.w.org\/{rel}","templated":true}]}}