{"id":35047,"date":"2023-05-30T17:47:35","date_gmt":"2023-05-30T16:47:35","guid":{"rendered":"https:\/\/www.sunnyshop211.com\/?post_type=product&#038;p=35047"},"modified":"2025-12-29T17:58:36","modified_gmt":"2025-12-29T16:58:36","slug":"etoile-de-mer-decoration-miniature","status":"publish","type":"product","link":"https:\/\/www.sunnyshop211.com\/en\/product\/etoile-de-mer-decoration-miniature\/","title":{"rendered":"\u2b50\ud83d\udc1a Miniature starfish - Decoration"},"content":{"rendered":"<div id='gallery-1' class='gallery galleryid-35047 gallery-columns-3 gallery-size-thumbnail'><figure class='gallery-item'>\n\t\t\t<div class='gallery-icon landscape'>\n\t\t\t\t<a href='https:\/\/www.sunnyshop211.com\/en\/?attachment_id=35029'><img decoding=\"async\" width=\"150\" height=\"150\" src=\"https:\/\/www.sunnyshop211.com\/wp-content\/uploads\/2023\/05\/19-2-150x150.jpg\" class=\"attachment-thumbnail size-thumbnail\" alt=\"Tortue mer d\u00e9coration miniature\" srcset=\"https:\/\/www.sunnyshop211.com\/wp-content\/uploads\/2023\/05\/19-2-150x150.jpg 150w, https:\/\/www.sunnyshop211.com\/wp-content\/uploads\/2023\/05\/19-2-scaled-500x500.jpg 500w, https:\/\/www.sunnyshop211.com\/wp-content\/uploads\/2023\/05\/19-2-scaled-100x100.jpg 100w\" sizes=\"(max-width: 150px) 100vw, 150px\" \/><\/a>\n\t\t\t<\/div><\/figure><figure class='gallery-item'>\n\t\t\t<div class='gallery-icon portrait'>\n\t\t\t\t<a href='https:\/\/www.sunnyshop211.com\/en\/?attachment_id=35018'><img decoding=\"async\" width=\"150\" height=\"150\" src=\"https:\/\/www.sunnyshop211.com\/wp-content\/uploads\/2023\/05\/20-4-150x150.jpg\" class=\"attachment-thumbnail size-thumbnail\" alt=\"Etoile mer d\u00e9coration miniature\" srcset=\"https:\/\/www.sunnyshop211.com\/wp-content\/uploads\/2023\/05\/20-4-150x150.jpg 150w, https:\/\/www.sunnyshop211.com\/wp-content\/uploads\/2023\/05\/20-4-scaled-500x500.jpg 500w, https:\/\/www.sunnyshop211.com\/wp-content\/uploads\/2023\/05\/20-4-scaled-100x100.jpg 100w\" sizes=\"(max-width: 150px) 100vw, 150px\" \/><\/a>\n\t\t\t<\/div><\/figure><figure class='gallery-item'>\n\t\t\t<div class='gallery-icon landscape'>\n\t\t\t\t<a href='https:\/\/www.sunnyshop211.com\/en\/?attachment_id=35028'><img decoding=\"async\" width=\"150\" height=\"150\" src=\"https:\/\/www.sunnyshop211.com\/wp-content\/uploads\/2023\/05\/18-2-150x150.jpg\" class=\"attachment-thumbnail size-thumbnail\" alt=\"Etoile mer d\u00e9coration miniature\" srcset=\"https:\/\/www.sunnyshop211.com\/wp-content\/uploads\/2023\/05\/18-2-150x150.jpg 150w, https:\/\/www.sunnyshop211.com\/wp-content\/uploads\/2023\/05\/18-2-scaled-500x500.jpg 500w, https:\/\/www.sunnyshop211.com\/wp-content\/uploads\/2023\/05\/18-2-scaled-100x100.jpg 100w\" sizes=\"(max-width: 150px) 100vw, 150px\" \/><\/a>\n\t\t\t<\/div><\/figure>\n\t\t<\/div>\n\n<h2 data-start=\"119\" data-end=\"162\">\u2b50\ud83d\udc1a Miniature starfish - Decoration<\/h2>\n<h3 data-start=\"164\" data-end=\"182\">\ud83d\udcf8 Description<\/h3>\n<p data-start=\"184\" data-end=\"377\">This <strong data-start=\"190\" data-end=\"228\">decorative miniature starfish<\/strong> is a charming little accessory, ideal for complementing your <strong data-start=\"295\" data-end=\"314\">marine dioramas<\/strong>, <strong data-start=\"316\" data-end=\"339\">mermaid chambers<\/strong> or <strong data-start=\"343\" data-end=\"365\">aquatic worlds<\/strong> for dolls.<\/p>\n<p data-start=\"379\" data-end=\"537\">Delicate and realistic, it adds a touch of elegance to any room. <strong data-start=\"425\" data-end=\"440\">seaside<\/strong>, <strong data-start=\"442\" data-end=\"462\">ocean enchantment<\/strong> and softness to your stagings, whatever the scale of your dolls.<\/p>\n<p data-start=\"539\" data-end=\"593\">\ud83d\udc49 Fictitious item, for decorative purposes only.<\/p>\n<hr data-start=\"595\" data-end=\"598\" \/>\n<h3 data-start=\"600\" data-end=\"631\">\ud83d\udc57 Compatibility &amp; scales<\/h3>\n<p data-start=\"633\" data-end=\"691\">Suitable for <strong data-start=\"646\" data-end=\"673\">dolls of all sizes<\/strong>, in particular for :<\/p>\n<p data-start=\"693\" data-end=\"791\">- Mermaid chambers<br data-start=\"714\" data-end=\"717\" \/>- Seascapes<br data-start=\"732\" data-end=\"735\" \/>- Baby rooms<br data-start=\"754\" data-end=\"757\" \/>- Fantasy or aquatic dioramas<\/p>\n<hr data-start=\"793\" data-end=\"796\" \/>\n<h3 data-start=\"798\" data-end=\"823\">\ud83c\udfa8 Finish &amp; color<\/h3>\n<p data-start=\"825\" data-end=\"936\">- Starfish <strong data-start=\"841\" data-end=\"861\">hand-painted<\/strong><br data-start=\"861\" data-end=\"864\" \/>- Color : <strong data-start=\"876\" data-end=\"893\">gradient beige<\/strong><br data-start=\"893\" data-end=\"896\" \/>- Finish as shown<\/p>\n<p data-start=\"938\" data-end=\"983\">Each piece is individually customized.<\/p>\n<hr data-start=\"985\" data-end=\"988\" \/>\n<h3 data-start=\"990\" data-end=\"1007\">\ud83d\udccf Dimensions<\/h3>\n<p data-start=\"1009\" data-end=\"1027\">\u2022 <strong data-start=\"1011\" data-end=\"1027\">3 cm long<\/strong><\/p>\n<hr data-start=\"1029\" data-end=\"1032\" \/>\n<h3 data-start=\"1034\" data-end=\"1048\">\ud83d\udce6 Contents<\/h3>\n<p data-start=\"1050\" data-end=\"1088\">- 1 decorative miniature starfish<\/p>\n<p data-start=\"1090\" data-end=\"1257\">\ud83d\udc49 The prize is for <strong data-start=\"1110\" data-end=\"1137\">a single starfish<\/strong><br data-start=\"1137\" data-end=\"1140\" \/>\ud83d\udc49 The furniture and accessories shown in the photos are not included but are available separately in the store.<\/p>\n<hr data-start=\"1259\" data-end=\"1262\" \/>\n<h3 data-start=\"1264\" data-end=\"1293\">\ud83e\udeb5 Handcrafted<\/h3>\n<p data-start=\"1295\" data-end=\"1362\">- Hand-made and hand-painted<br data-start=\"1331\" data-end=\"1334\" \/>- Made to order<\/p>\n<p data-start=\"1364\" data-end=\"1515\">Due to the artisanal character, there may be :<br data-start=\"1415\" data-end=\"1418\" \/>- slight variations in shape or color<br data-start=\"1464\" data-end=\"1467\" \/>- minor imperfections, typical of handmade products<\/p>\n<hr data-start=\"1517\" data-end=\"1520\" \/>\n<h3 data-start=\"1522\" data-end=\"1540\">\ud83c\udfe1 Use<\/h3>\n<p data-start=\"1542\" data-end=\"1758\">- Dioramas &amp; seascapes<br data-start=\"1577\" data-end=\"1580\" \/>- Mermaid chambers<br data-start=\"1601\" data-end=\"1604\" \/>- Beach, ocean, fantasy<br data-start=\"1637\" data-end=\"1640\" \/>- Decorating baby dolls' rooms<br data-start=\"1679\" data-end=\"1682\" \/>- Compatible with my furniture and decors sold separately in the store<\/p>\n<hr data-start=\"1760\" data-end=\"1763\" \/>\n<h3 data-start=\"1765\" data-end=\"1816\">\ud83d\udd17 Matching decors available in the store<\/h3>\n<p data-start=\"1818\" data-end=\"1899\">- Miniature mermaid chest of drawers<br data-start=\"1844\" data-end=\"1847\" \/>- Miniature mermaid bed<br data-start=\"1869\" data-end=\"1872\" \/>- Miniature round cot<\/p>\n<p data-start=\"1901\" data-end=\"1929\">(Items sold separately)<\/p>\n<hr data-start=\"1931\" data-end=\"1934\" \/>\n<h3 data-start=\"1936\" data-end=\"1967\">\u26a0\ufe0f Important information<\/h3>\n<p data-start=\"1969\" data-end=\"2213\">- Fictional article<br data-start=\"1985\" data-end=\"1988\" \/>- This is not a toy<br data-start=\"2013\" data-end=\"2016\" \/>- For adults only<br data-start=\"2055\" data-end=\"2058\" \/>- The photos are examples of decoration<br data-start=\"2102\" data-end=\"2105\" \/>- A single starfish is sold<br data-start=\"2141\" data-end=\"2144\" \/>- I am not responsible for any damage incurred in transit.<\/p>\n<hr data-start=\"2215\" data-end=\"2218\" \/>\n<h3 data-start=\"2220\" data-end=\"2246\">\u23f3 Manufacturing &amp; lead times<\/h3>\n<p data-start=\"2248\" data-end=\"2411\">- Article made to order<br data-start=\"2278\" data-end=\"2281\" \/>- Please allow for manufacturing and delivery times.<br data-start=\"2346\" data-end=\"2349\" \/>\u27a1\ufe0f See Terms and Conditions and delivery times<\/p>\n<hr data-start=\"2413\" data-end=\"2416\" \/>\n<h3 data-start=\"2418\" data-end=\"2454\">\ud83d\udcf8 More photos &amp; inspiration<\/h3>\n<p data-start=\"2456\" data-end=\"2498\">\ud83d\udc49 <a class=\"decorated-link\" href=\"https:\/\/www.instagram.com\/sunnyshop211\/\" target=\"_new\" rel=\"noopener\" data-start=\"2459\" data-end=\"2498\">https:\/\/www.instagram.com\/sunnyshop211\/<\/a><\/p>\n<hr data-start=\"2500\" data-end=\"2503\" \/>\n<p data-start=\"2505\" data-end=\"2618\">\u2b50\ud83d\udc1a <strong data-start=\"2509\" data-end=\"2618\">A little marine detail that adds realism, poetry and magic to your mermaid scenes and aquatic settings.<\/strong><\/p>","protected":false},"excerpt":{"rendered":"<p>\u2b50\ud83d\udc1a \u00c9toile de mer miniature \u2013 D\u00e9coration \ud83d\udcf8 Description Cette \u00e9toile de mer miniature d\u00e9corative est un petit accessoire plein de charme, id\u00e9al pour compl\u00e9ter vos dioramas marins, chambres de sir\u00e8nes ou univers aquatiques pour dolls. D\u00e9licate et r\u00e9aliste, elle apporte une touche bord de mer, f\u00e9erie oc\u00e9anique et douceur \u00e0 vos mises en sc\u00e8ne, [&hellip;]<\/p>\n","protected":false},"featured_media":35028,"comment_status":"open","ping_status":"closed","template":"","meta":{"_crdt_document":"","jetpack_post_was_ever_published":false,"jetpack_publicize_message":"","jetpack_publicize_feature_enabled":true,"jetpack_social_post_already_shared":true,"jetpack_social_options":{"image_generator_settings":{"template":"highway","default_image_id":0,"font":"","enabled":false},"version":2}},"product_brand":[],"product_cat":[667687009],"product_tag":[667681137,667681138,667681224,667681136,667681234,667681226,667681725,667681225,667681139,667681144,667681261,667681281,667681173,667681717,667681820,667681141,667681177,667681140,667681235,667681223],"class_list":{"0":"post-35047","1":"product","2":"type-product","3":"status-publish","4":"has-post-thumbnail","6":"product_cat-bougies-ambiance","7":"product_tag-baby","8":"product_tag-bebe","9":"product_tag-bed-crib","10":"product_tag-bjd","11":"product_tag-diorama","12":"product_tag-doll","13":"product_tag-dolly","14":"product_tag-furniture","15":"product_tag-lati-yellow","16":"product_tag-lit","17":"product_tag-meuble","18":"product_tag-meubles","19":"product_tag-minifee","20":"product_tag-mobile","21":"product_tag-mobile-baby","22":"product_tag-nappy-choo","23":"product_tag-poupee","24":"product_tag-pukifee","25":"product_tag-roombox","26":"product_tag-tour-de-lit","27":"product_shipping_class-lettre-suivie","28":"pa_couleur-blanc","29":"pa_couleur-bleu","30":"pa_couleur-rose-pink","32":"first","33":"instock","34":"taxable","35":"shipping-taxable","36":"purchasable","37":"product-type-simple"},"yoast_head":"<!-- This site is optimized with the Yoast SEO plugin v27.4 - https:\/\/yoast.com\/product\/yoast-seo-wordpress\/ -->\n<title>\u2b50\ud83d\udc1a \u00c9toile de mer miniature \u2013 D\u00e9coration -<\/title>\n<meta name=\"description\" content=\"Etoile de mer d\u00e9coration miniature . Cette petite tortue miniature accessoirisera vos chambre de sir\u00e8nes pour dolls de toutes tailles.\" \/>\n<meta name=\"robots\" content=\"index, follow, max-snippet:-1, max-image-preview:large, max-video-preview:-1\" \/>\n<link rel=\"canonical\" href=\"https:\/\/www.sunnyshop211.com\/en\/product\/etoile-de-mer-decoration-miniature\/\" \/>\n<meta property=\"og:locale\" content=\"en_US\" \/>\n<meta property=\"og:type\" content=\"article\" \/>\n<meta property=\"og:title\" content=\"\u2b50\ud83d\udc1a \u00c9toile de mer miniature \u2013 D\u00e9coration -\" \/>\n<meta property=\"og:description\" content=\"Etoile de mer d\u00e9coration miniature . Cette petite tortue miniature accessoirisera vos chambre de sir\u00e8nes pour dolls de toutes tailles.\" \/>\n<meta property=\"og:url\" content=\"https:\/\/www.sunnyshop211.com\/en\/product\/etoile-de-mer-decoration-miniature\/\" \/>\n<meta property=\"og:site_name\" content=\"Sunnyshop211 -Vente de dioramas, meubles, miniatures , bjd poup\u00e9es 1\/12 1\/8 1\/6 1\/4 1\/3\" \/>\n<meta property=\"article:publisher\" content=\"https:\/\/www.facebook.com\/sunnyshop211\/?ref=bookmarks\" \/>\n<meta property=\"article:modified_time\" content=\"2025-12-29T16:58:36+00:00\" \/>\n<meta property=\"og:image\" content=\"https:\/\/www.sunnyshop211.com\/wp-content\/uploads\/2023\/05\/18-2-scaled.jpg\" \/>\n\t<meta property=\"og:image:width\" content=\"2560\" \/>\n\t<meta property=\"og:image:height\" content=\"1707\" \/>\n\t<meta property=\"og:image:type\" content=\"image\/jpeg\" \/>\n<meta name=\"twitter:card\" content=\"summary_large_image\" \/>\n<meta name=\"twitter:site\" content=\"@sunnyshop211\" \/>\n<meta name=\"twitter:label1\" content=\"Est. reading time\" \/>\n\t<meta name=\"twitter:data1\" content=\"3 minutes\" \/>\n<script type=\"application\/ld+json\" class=\"yoast-schema-graph\">{\"@context\":\"https:\\\/\\\/schema.org\",\"@graph\":[{\"@type\":\"WebPage\",\"@id\":\"https:\\\/\\\/www.sunnyshop211.com\\\/produit\\\/etoile-de-mer-decoration-miniature\\\/\",\"url\":\"https:\\\/\\\/www.sunnyshop211.com\\\/produit\\\/etoile-de-mer-decoration-miniature\\\/\",\"name\":\"\u2b50\ud83d\udc1a \u00c9toile de mer miniature \u2013 D\u00e9coration -\",\"isPartOf\":{\"@id\":\"https:\\\/\\\/www.sunnyshop211.com\\\/#website\"},\"primaryImageOfPage\":{\"@id\":\"https:\\\/\\\/www.sunnyshop211.com\\\/produit\\\/etoile-de-mer-decoration-miniature\\\/#primaryimage\"},\"image\":{\"@id\":\"https:\\\/\\\/www.sunnyshop211.com\\\/produit\\\/etoile-de-mer-decoration-miniature\\\/#primaryimage\"},\"thumbnailUrl\":\"https:\\\/\\\/www.sunnyshop211.com\\\/wp-content\\\/uploads\\\/2023\\\/05\\\/18-2-scaled.jpg\",\"datePublished\":\"2023-05-30T16:47:35+00:00\",\"dateModified\":\"2025-12-29T16:58:36+00:00\",\"description\":\"Etoile de mer d\u00e9coration miniature . Cette petite tortue miniature accessoirisera vos chambre de sir\u00e8nes pour dolls de toutes tailles.\",\"breadcrumb\":{\"@id\":\"https:\\\/\\\/www.sunnyshop211.com\\\/produit\\\/etoile-de-mer-decoration-miniature\\\/#breadcrumb\"},\"inLanguage\":\"en-US\",\"potentialAction\":[{\"@type\":\"ReadAction\",\"target\":[\"https:\\\/\\\/www.sunnyshop211.com\\\/produit\\\/etoile-de-mer-decoration-miniature\\\/\"]}]},{\"@type\":\"ImageObject\",\"inLanguage\":\"en-US\",\"@id\":\"https:\\\/\\\/www.sunnyshop211.com\\\/produit\\\/etoile-de-mer-decoration-miniature\\\/#primaryimage\",\"url\":\"https:\\\/\\\/www.sunnyshop211.com\\\/wp-content\\\/uploads\\\/2023\\\/05\\\/18-2-scaled.jpg\",\"contentUrl\":\"https:\\\/\\\/www.sunnyshop211.com\\\/wp-content\\\/uploads\\\/2023\\\/05\\\/18-2-scaled.jpg\",\"width\":2560,\"height\":1707,\"caption\":\"Etoile mer d\u00e9coration miniature\"},{\"@type\":\"BreadcrumbList\",\"@id\":\"https:\\\/\\\/www.sunnyshop211.com\\\/produit\\\/etoile-de-mer-decoration-miniature\\\/#breadcrumb\",\"itemListElement\":[{\"@type\":\"ListItem\",\"position\":1,\"name\":\"Accueil\",\"item\":\"https:\\\/\\\/www.sunnyshop211.com\\\/\"},{\"@type\":\"ListItem\",\"position\":2,\"name\":\"Boutique\",\"item\":\"https:\\\/\\\/www.sunnyshop211.com\\\/boutique-miniature-bjd-dolls\\\/\"},{\"@type\":\"ListItem\",\"position\":3,\"name\":\"\u2b50\ud83d\udc1a \u00c9toile de mer miniature \u2013 D\u00e9coration\"}]},{\"@type\":\"WebSite\",\"@id\":\"https:\\\/\\\/www.sunnyshop211.com\\\/#website\",\"url\":\"https:\\\/\\\/www.sunnyshop211.com\\\/\",\"name\":\"Vente de dioramas, meubles, miniatures , bjd poup\u00e9es 1\\\/12 1\\\/8 1\\\/6 1\\\/4 1\\\/3\",\"description\":\"Sunnyshop211 - Votre univers miniature pour poup\u00e9es et BJD, dioramas et meubles sur mesure !\",\"publisher\":{\"@id\":\"https:\\\/\\\/www.sunnyshop211.com\\\/#organization\"},\"alternateName\":\"sunnyshop211\",\"potentialAction\":[{\"@type\":\"SearchAction\",\"target\":{\"@type\":\"EntryPoint\",\"urlTemplate\":\"https:\\\/\\\/www.sunnyshop211.com\\\/?s={search_term_string}\"},\"query-input\":{\"@type\":\"PropertyValueSpecification\",\"valueRequired\":true,\"valueName\":\"search_term_string\"}}],\"inLanguage\":\"en-US\"},{\"@type\":\"Organization\",\"@id\":\"https:\\\/\\\/www.sunnyshop211.com\\\/#organization\",\"name\":\"sunnyshop211\",\"alternateName\":\"sunnyshop211 diorama bjd meuble miniature\",\"url\":\"https:\\\/\\\/www.sunnyshop211.com\\\/\",\"logo\":{\"@type\":\"ImageObject\",\"inLanguage\":\"en-US\",\"@id\":\"https:\\\/\\\/www.sunnyshop211.com\\\/#\\\/schema\\\/logo\\\/image\\\/\",\"url\":\"https:\\\/\\\/www.sunnyshop211.com\\\/wp-content\\\/uploads\\\/2022\\\/08\\\/cropped-cropped-cropped-Sunnyshop211-1.png\",\"contentUrl\":\"https:\\\/\\\/www.sunnyshop211.com\\\/wp-content\\\/uploads\\\/2022\\\/08\\\/cropped-cropped-cropped-Sunnyshop211-1.png\",\"width\":339,\"height\":339,\"caption\":\"sunnyshop211\"},\"image\":{\"@id\":\"https:\\\/\\\/www.sunnyshop211.com\\\/#\\\/schema\\\/logo\\\/image\\\/\"},\"sameAs\":[\"https:\\\/\\\/www.facebook.com\\\/sunnyshop211\\\/?ref=bookmarks\",\"https:\\\/\\\/x.com\\\/sunnyshop211\",\"https:\\\/\\\/www.instagram.com\\\/sunnyshop211\\\/\",\"https:\\\/\\\/www.tumblr.com\\\/blog\\\/sunnyshop211\",\"https:\\\/\\\/www.youtube.com\\\/channel\\\/UCtYY18OGGDKrTSzgcf7fCBg\",\"https:\\\/\\\/www.tiktok.com\\\/@sunnydollshop211?is_from_webapp=1&sender_device=pc\"]}]}<\/script>\n<!-- \/ Yoast SEO plugin. -->","yoast_head_json":{"title":"\u2b50\ud83d\udc1a Miniature starfish - Decoration -","description":"Starfish miniature decoration . This little miniature turtle will accessorize your mermaid room for dolls of all sizes.","robots":{"index":"index","follow":"follow","max-snippet":"max-snippet:-1","max-image-preview":"max-image-preview:large","max-video-preview":"max-video-preview:-1"},"canonical":"https:\/\/www.sunnyshop211.com\/en\/product\/etoile-de-mer-decoration-miniature\/","og_locale":"en_US","og_type":"article","og_title":"\u2b50\ud83d\udc1a \u00c9toile de mer miniature \u2013 D\u00e9coration -","og_description":"Etoile de mer d\u00e9coration miniature . Cette petite tortue miniature accessoirisera vos chambre de sir\u00e8nes pour dolls de toutes tailles.","og_url":"https:\/\/www.sunnyshop211.com\/en\/product\/etoile-de-mer-decoration-miniature\/","og_site_name":"Sunnyshop211 -Vente de dioramas, meubles, miniatures , bjd poup\u00e9es 1\/12 1\/8 1\/6 1\/4 1\/3","article_publisher":"https:\/\/www.facebook.com\/sunnyshop211\/?ref=bookmarks","article_modified_time":"2025-12-29T16:58:36+00:00","og_image":[{"width":2560,"height":1707,"url":"https:\/\/www.sunnyshop211.com\/wp-content\/uploads\/2023\/05\/18-2-scaled.jpg","type":"image\/jpeg"}],"twitter_card":"summary_large_image","twitter_site":"@sunnyshop211","twitter_misc":{"Est. reading time":"3 minutes"},"schema":{"@context":"https:\/\/schema.org","@graph":[{"@type":"WebPage","@id":"https:\/\/www.sunnyshop211.com\/produit\/etoile-de-mer-decoration-miniature\/","url":"https:\/\/www.sunnyshop211.com\/produit\/etoile-de-mer-decoration-miniature\/","name":"\u2b50\ud83d\udc1a Miniature starfish - Decoration -","isPartOf":{"@id":"https:\/\/www.sunnyshop211.com\/#website"},"primaryImageOfPage":{"@id":"https:\/\/www.sunnyshop211.com\/produit\/etoile-de-mer-decoration-miniature\/#primaryimage"},"image":{"@id":"https:\/\/www.sunnyshop211.com\/produit\/etoile-de-mer-decoration-miniature\/#primaryimage"},"thumbnailUrl":"https:\/\/www.sunnyshop211.com\/wp-content\/uploads\/2023\/05\/18-2-scaled.jpg","datePublished":"2023-05-30T16:47:35+00:00","dateModified":"2025-12-29T16:58:36+00:00","description":"Starfish miniature decoration . This little miniature turtle will accessorize your mermaid room for dolls of all sizes.","breadcrumb":{"@id":"https:\/\/www.sunnyshop211.com\/produit\/etoile-de-mer-decoration-miniature\/#breadcrumb"},"inLanguage":"en-US","potentialAction":[{"@type":"ReadAction","target":["https:\/\/www.sunnyshop211.com\/produit\/etoile-de-mer-decoration-miniature\/"]}]},{"@type":"ImageObject","inLanguage":"en-US","@id":"https:\/\/www.sunnyshop211.com\/produit\/etoile-de-mer-decoration-miniature\/#primaryimage","url":"https:\/\/www.sunnyshop211.com\/wp-content\/uploads\/2023\/05\/18-2-scaled.jpg","contentUrl":"https:\/\/www.sunnyshop211.com\/wp-content\/uploads\/2023\/05\/18-2-scaled.jpg","width":2560,"height":1707,"caption":"Etoile mer d\u00e9coration miniature"},{"@type":"BreadcrumbList","@id":"https:\/\/www.sunnyshop211.com\/produit\/etoile-de-mer-decoration-miniature\/#breadcrumb","itemListElement":[{"@type":"ListItem","position":1,"name":"Accueil","item":"https:\/\/www.sunnyshop211.com\/"},{"@type":"ListItem","position":2,"name":"Boutique","item":"https:\/\/www.sunnyshop211.com\/boutique-miniature-bjd-dolls\/"},{"@type":"ListItem","position":3,"name":"\u2b50\ud83d\udc1a \u00c9toile de mer miniature \u2013 D\u00e9coration"}]},{"@type":"WebSite","@id":"https:\/\/www.sunnyshop211.com\/#website","url":"https:\/\/www.sunnyshop211.com\/","name":"Sale of dioramas, furniture, miniatures, bjd dolls 1\/12 1\/8 1\/6 1\/4 1\/3","description":"Sunnyshop211 - Your miniature world for dolls and BJDs, dioramas and custom-made furniture!","publisher":{"@id":"https:\/\/www.sunnyshop211.com\/#organization"},"alternateName":"sunnyshop211","potentialAction":[{"@type":"SearchAction","target":{"@type":"EntryPoint","urlTemplate":"https:\/\/www.sunnyshop211.com\/?s={search_term_string}"},"query-input":{"@type":"PropertyValueSpecification","valueRequired":true,"valueName":"search_term_string"}}],"inLanguage":"en-US"},{"@type":"Organization","@id":"https:\/\/www.sunnyshop211.com\/#organization","name":"sunnyshop211","alternateName":"sunnyshop211 diorama bjd meuble miniature","url":"https:\/\/www.sunnyshop211.com\/","logo":{"@type":"ImageObject","inLanguage":"en-US","@id":"https:\/\/www.sunnyshop211.com\/#\/schema\/logo\/image\/","url":"https:\/\/www.sunnyshop211.com\/wp-content\/uploads\/2022\/08\/cropped-cropped-cropped-Sunnyshop211-1.png","contentUrl":"https:\/\/www.sunnyshop211.com\/wp-content\/uploads\/2022\/08\/cropped-cropped-cropped-Sunnyshop211-1.png","width":339,"height":339,"caption":"sunnyshop211"},"image":{"@id":"https:\/\/www.sunnyshop211.com\/#\/schema\/logo\/image\/"},"sameAs":["https:\/\/www.facebook.com\/sunnyshop211\/?ref=bookmarks","https:\/\/x.com\/sunnyshop211","https:\/\/www.instagram.com\/sunnyshop211\/","https:\/\/www.tumblr.com\/blog\/sunnyshop211","https:\/\/www.youtube.com\/channel\/UCtYY18OGGDKrTSzgcf7fCBg","https:\/\/www.tiktok.com\/@sunnydollshop211?is_from_webapp=1&sender_device=pc"]}]}},"jetpack_publicize_connections":[],"jetpack_sharing_enabled":true,"_links":{"self":[{"href":"https:\/\/www.sunnyshop211.com\/en\/wp-json\/wp\/v2\/product\/35047","targetHints":{"allow":["GET"]}}],"collection":[{"href":"https:\/\/www.sunnyshop211.com\/en\/wp-json\/wp\/v2\/product"}],"about":[{"href":"https:\/\/www.sunnyshop211.com\/en\/wp-json\/wp\/v2\/types\/product"}],"replies":[{"embeddable":true,"href":"https:\/\/www.sunnyshop211.com\/en\/wp-json\/wp\/v2\/comments?post=35047"}],"version-history":[{"count":3,"href":"https:\/\/www.sunnyshop211.com\/en\/wp-json\/wp\/v2\/product\/35047\/revisions"}],"predecessor-version":[{"id":53266,"href":"https:\/\/www.sunnyshop211.com\/en\/wp-json\/wp\/v2\/product\/35047\/revisions\/53266"}],"wp:featuredmedia":[{"embeddable":true,"href":"https:\/\/www.sunnyshop211.com\/en\/wp-json\/wp\/v2\/media\/35028"}],"wp:attachment":[{"href":"https:\/\/www.sunnyshop211.com\/en\/wp-json\/wp\/v2\/media?parent=35047"}],"wp:term":[{"taxonomy":"product_brand","embeddable":true,"href":"https:\/\/www.sunnyshop211.com\/en\/wp-json\/wp\/v2\/product_brand?post=35047"},{"taxonomy":"product_cat","embeddable":true,"href":"https:\/\/www.sunnyshop211.com\/en\/wp-json\/wp\/v2\/product_cat?post=35047"},{"taxonomy":"product_tag","embeddable":true,"href":"https:\/\/www.sunnyshop211.com\/en\/wp-json\/wp\/v2\/product_tag?post=35047"}],"curies":[{"name":"wp","href":"https:\/\/api.w.org\/{rel}","templated":true}]}}