{"id":35043,"date":"2023-05-30T17:30:48","date_gmt":"2023-05-30T16:30:48","guid":{"rendered":"https:\/\/www.sunnyshop211.com\/?post_type=product&#038;p=35043"},"modified":"2025-12-29T17:57:41","modified_gmt":"2025-12-29T16:57:41","slug":"%f0%9f%90%a2-tortue-de-mer-miniature-decoration","status":"publish","type":"product","link":"https:\/\/www.sunnyshop211.com\/en\/product\/%f0%9f%90%a2-tortue-de-mer-miniature-decoration\/","title":{"rendered":"\ud83d\udc22 Miniature sea turtle - Decoration"},"content":{"rendered":"<div id='gallery-1' class='gallery galleryid-35043 gallery-columns-3 gallery-size-thumbnail'><figure class='gallery-item'>\n\t\t\t<div class='gallery-icon landscape'>\n\t\t\t\t<a href='https:\/\/www.sunnyshop211.com\/en\/?attachment_id=35027'><img decoding=\"async\" width=\"150\" height=\"150\" src=\"https:\/\/www.sunnyshop211.com\/wp-content\/uploads\/2023\/05\/17-3-150x150.jpg\" class=\"attachment-thumbnail size-thumbnail\" alt=\"Tortue mer d\u00e9coration miniature\" srcset=\"https:\/\/www.sunnyshop211.com\/wp-content\/uploads\/2023\/05\/17-3-150x150.jpg 150w, https:\/\/www.sunnyshop211.com\/wp-content\/uploads\/2023\/05\/17-3-scaled-500x500.jpg 500w, https:\/\/www.sunnyshop211.com\/wp-content\/uploads\/2023\/05\/17-3-scaled-100x100.jpg 100w\" sizes=\"(max-width: 150px) 100vw, 150px\" \/><\/a>\n\t\t\t<\/div><\/figure><figure class='gallery-item'>\n\t\t\t<div class='gallery-icon landscape'>\n\t\t\t\t<a href='https:\/\/www.sunnyshop211.com\/en\/?attachment_id=35029'><img decoding=\"async\" width=\"150\" height=\"150\" src=\"https:\/\/www.sunnyshop211.com\/wp-content\/uploads\/2023\/05\/19-2-150x150.jpg\" class=\"attachment-thumbnail size-thumbnail\" alt=\"Tortue mer d\u00e9coration miniature\" srcset=\"https:\/\/www.sunnyshop211.com\/wp-content\/uploads\/2023\/05\/19-2-150x150.jpg 150w, https:\/\/www.sunnyshop211.com\/wp-content\/uploads\/2023\/05\/19-2-scaled-500x500.jpg 500w, https:\/\/www.sunnyshop211.com\/wp-content\/uploads\/2023\/05\/19-2-scaled-100x100.jpg 100w\" sizes=\"(max-width: 150px) 100vw, 150px\" \/><\/a>\n\t\t\t<\/div><\/figure><figure class='gallery-item'>\n\t\t\t<div class='gallery-icon portrait'>\n\t\t\t\t<a href='https:\/\/www.sunnyshop211.com\/en\/?attachment_id=35018'><img decoding=\"async\" width=\"150\" height=\"150\" src=\"https:\/\/www.sunnyshop211.com\/wp-content\/uploads\/2023\/05\/20-4-150x150.jpg\" class=\"attachment-thumbnail size-thumbnail\" alt=\"Etoile mer d\u00e9coration miniature\" srcset=\"https:\/\/www.sunnyshop211.com\/wp-content\/uploads\/2023\/05\/20-4-150x150.jpg 150w, https:\/\/www.sunnyshop211.com\/wp-content\/uploads\/2023\/05\/20-4-scaled-500x500.jpg 500w, https:\/\/www.sunnyshop211.com\/wp-content\/uploads\/2023\/05\/20-4-scaled-100x100.jpg 100w\" sizes=\"(max-width: 150px) 100vw, 150px\" \/><\/a>\n\t\t\t<\/div><\/figure>\n\t\t<\/div>\n\n<h2 data-start=\"119\" data-end=\"163\">\ud83d\udc22 Miniature sea turtle - Decoration<\/h2>\n<h3 data-start=\"165\" data-end=\"183\">\ud83d\udcf8 Description<\/h3>\n<p data-start=\"185\" data-end=\"381\">This <strong data-start=\"191\" data-end=\"229\">decorative miniature sea turtle<\/strong> is a small, delicate and realistic accessory, ideal for enriching your <strong data-start=\"299\" data-end=\"318\">marine dioramas<\/strong>, <strong data-start=\"320\" data-end=\"343\">mermaid chambers<\/strong> or <strong data-start=\"347\" data-end=\"369\">aquatic worlds<\/strong> for dolls.<\/p>\n<p data-start=\"383\" data-end=\"529\">It adds a touch of <strong data-start=\"407\" data-end=\"439\">oceanic, gentle and enchanting<\/strong>, perfect for completing scenes inspired by the sea, the beach or the seabed.<\/p>\n<p data-start=\"531\" data-end=\"585\">\ud83d\udc49 Fictitious item, for decorative purposes only.<\/p>\n<hr data-start=\"587\" data-end=\"590\" \/>\n<h3 data-start=\"592\" data-end=\"623\">\ud83d\udc57 Compatibility &amp; scales<\/h3>\n<p data-start=\"625\" data-end=\"683\">Suitable for <strong data-start=\"638\" data-end=\"665\">dolls of all sizes<\/strong>, in particular for :<\/p>\n<p data-start=\"685\" data-end=\"788\">- Mermaid chambers<br data-start=\"706\" data-end=\"709\" \/>- Marine &amp; aquatic scenery<br data-start=\"737\" data-end=\"740\" \/>- Fantasy dioramas<br data-start=\"758\" data-end=\"761\" \/>- Baby doll rooms<\/p>\n<hr data-start=\"790\" data-end=\"793\" \/>\n<h3 data-start=\"795\" data-end=\"820\">\ud83c\udfa8 Finish &amp; color<\/h3>\n<p data-start=\"822\" data-end=\"936\">- Turtle <strong data-start=\"831\" data-end=\"865\">customized and hand-painted<\/strong><br data-start=\"865\" data-end=\"868\" \/>- Carapace <strong data-start=\"879\" data-end=\"893\">iridescent green<\/strong><br data-start=\"893\" data-end=\"896\" \/>- Finish as shown<\/p>\n<p data-start=\"938\" data-end=\"963\">Every turtle is unique.<\/p>\n<hr data-start=\"965\" data-end=\"968\" \/>\n<h3 data-start=\"970\" data-end=\"987\">\ud83d\udccf Dimensions<\/h3>\n<p data-start=\"989\" data-end=\"1007\">\u2022 <strong data-start=\"991\" data-end=\"1007\">3 cm long<\/strong><\/p>\n<hr data-start=\"1009\" data-end=\"1012\" \/>\n<h3 data-start=\"1014\" data-end=\"1028\">\ud83d\udce6 Contents<\/h3>\n<p data-start=\"1030\" data-end=\"1068\">- 1 decorative miniature sea turtle<\/p>\n<p data-start=\"1070\" data-end=\"1230\">\ud83d\udc49 The prize is for <strong data-start=\"1090\" data-end=\"1110\">a single turtle<\/strong><br data-start=\"1110\" data-end=\"1113\" \/>\ud83d\udc49 The furniture and accessories shown in the photos are not included but are available separately in the store.<\/p>\n<hr data-start=\"1232\" data-end=\"1235\" \/>\n<h3 data-start=\"1237\" data-end=\"1266\">\ud83e\udeb5 Handcrafted<\/h3>\n<p data-start=\"1268\" data-end=\"1335\">- Hand-made and hand-painted<br data-start=\"1304\" data-end=\"1307\" \/>- Made to order<\/p>\n<p data-start=\"1337\" data-end=\"1488\">Due to the artisanal character, there may be :<br data-start=\"1388\" data-end=\"1391\" \/>- slight variations in shape or color<br data-start=\"1437\" data-end=\"1440\" \/>- minor imperfections, typical of handmade products<\/p>\n<hr data-start=\"1490\" data-end=\"1493\" \/>\n<h3 data-start=\"1495\" data-end=\"1513\">\ud83c\udfe1 Use<\/h3>\n<p data-start=\"1515\" data-end=\"1728\">- Dioramas &amp; seascapes<br data-start=\"1550\" data-end=\"1553\" \/>- Mermaid chambers<br data-start=\"1574\" data-end=\"1577\" \/>- Ocean scenery and fantasy<br data-start=\"1607\" data-end=\"1610\" \/>- Decorating baby dolls' rooms<br data-start=\"1649\" data-end=\"1652\" \/>- Compatible with my furniture and decors sold separately in the store<\/p>\n<hr data-start=\"1730\" data-end=\"1733\" \/>\n<h3 data-start=\"1735\" data-end=\"1786\">\ud83d\udd17 Matching decors available in the store<\/h3>\n<p data-start=\"1788\" data-end=\"1869\">- Miniature mermaid chest of drawers<br data-start=\"1814\" data-end=\"1817\" \/>- Miniature mermaid bed<br data-start=\"1839\" data-end=\"1842\" \/>- Miniature round cot<\/p>\n<p data-start=\"1871\" data-end=\"1899\">(Items sold separately)<\/p>\n<hr data-start=\"1901\" data-end=\"1904\" \/>\n<h3 data-start=\"1906\" data-end=\"1937\">\u26a0\ufe0f Important information<\/h3>\n<p data-start=\"1939\" data-end=\"2176\">- Fictional article<br data-start=\"1955\" data-end=\"1958\" \/>- This is not a toy<br data-start=\"1983\" data-end=\"1986\" \/>- For adults only<br data-start=\"2025\" data-end=\"2028\" \/>- The photos are examples of decoration<br data-start=\"2072\" data-end=\"2075\" \/>- Only one turtle is sold<br data-start=\"2104\" data-end=\"2107\" \/>- I am not responsible for any damage incurred in transit.<\/p>\n<hr data-start=\"2178\" data-end=\"2181\" \/>\n<h3 data-start=\"2183\" data-end=\"2209\">\u23f3 Manufacturing &amp; lead times<\/h3>\n<p data-start=\"2211\" data-end=\"2374\">- Article made to order<br data-start=\"2241\" data-end=\"2244\" \/>- Please allow for manufacturing and delivery times.<br data-start=\"2309\" data-end=\"2312\" \/>\u27a1\ufe0f See Terms and Conditions and delivery times<\/p>\n<hr data-start=\"2376\" data-end=\"2379\" \/>\n<h3 data-start=\"2381\" data-end=\"2417\">\ud83d\udcf8 More photos &amp; inspiration<\/h3>\n<p data-start=\"2419\" data-end=\"2461\">\ud83d\udc49 <a class=\"decorated-link\" href=\"https:\/\/www.instagram.com\/sunnyshop211\/\" target=\"_new\" rel=\"noopener\" data-start=\"2422\" data-end=\"2461\">https:\/\/www.instagram.com\/sunnyshop211\/<\/a><\/p>\n<hr data-start=\"2463\" data-end=\"2466\" \/>\n<p data-start=\"2468\" data-end=\"2583\">\ud83d\udc22\u2728 <strong data-start=\"2472\" data-end=\"2583\">A little marine treasure to bring realism, poetry and magic to your mermaid scenes and aquatic decors.<\/strong><\/p>","protected":false},"excerpt":{"rendered":"<p>\ud83d\udc22 Tortue de mer miniature \u2013 D\u00e9coration \ud83d\udcf8 Description Cette tortue de mer miniature d\u00e9corative est un petit accessoire d\u00e9licat et r\u00e9aliste, id\u00e9al pour enrichir vos dioramas marins, chambres de sir\u00e8nes ou univers aquatiques pour dolls. Elle apporte une touche oc\u00e9anique, douce et f\u00e9erique, parfaite pour compl\u00e9ter des sc\u00e8nes inspir\u00e9es de la mer, de la [&hellip;]<\/p>\n","protected":false},"featured_media":35027,"comment_status":"open","ping_status":"closed","template":"","meta":{"_crdt_document":"","jetpack_post_was_ever_published":false,"jetpack_publicize_message":"","jetpack_publicize_feature_enabled":true,"jetpack_social_post_already_shared":true,"jetpack_social_options":{"image_generator_settings":{"template":"highway","default_image_id":0,"font":"","enabled":false},"version":2}},"product_brand":[],"product_cat":[667687009],"product_tag":[667681137,667681138,667681224,667681136,667681234,667681226,667681725,667681225,667681139,667681144,667681261,667681281,667681173,667681717,667681820,667681141,667681177,667681140,667681235,667681223],"class_list":{"0":"post-35043","1":"product","2":"type-product","3":"status-publish","4":"has-post-thumbnail","6":"product_cat-bougies-ambiance","7":"product_tag-baby","8":"product_tag-bebe","9":"product_tag-bed-crib","10":"product_tag-bjd","11":"product_tag-diorama","12":"product_tag-doll","13":"product_tag-dolly","14":"product_tag-furniture","15":"product_tag-lati-yellow","16":"product_tag-lit","17":"product_tag-meuble","18":"product_tag-meubles","19":"product_tag-minifee","20":"product_tag-mobile","21":"product_tag-mobile-baby","22":"product_tag-nappy-choo","23":"product_tag-poupee","24":"product_tag-pukifee","25":"product_tag-roombox","26":"product_tag-tour-de-lit","27":"product_shipping_class-lettre-suivie","28":"pa_couleur-blanc","29":"pa_couleur-bleu","30":"pa_couleur-rose-pink","32":"first","33":"instock","34":"taxable","35":"shipping-taxable","36":"purchasable","37":"product-type-simple"},"yoast_head":"<!-- This site is optimized with the Yoast SEO plugin v27.4 - https:\/\/yoast.com\/product\/yoast-seo-wordpress\/ -->\n<title>\ud83d\udc22 Tortue de mer miniature \u2013 D\u00e9coration -<\/title>\n<meta name=\"description\" content=\"\ud83d\udc22 Tortue de mer miniature \u2013 D\u00e9coration . Cette petite tortue miniature accessoirisera vos chambre de sir\u00e8nes pour dolls de toutes tailles.\" \/>\n<meta name=\"robots\" content=\"index, follow, max-snippet:-1, max-image-preview:large, max-video-preview:-1\" \/>\n<link rel=\"canonical\" href=\"https:\/\/www.sunnyshop211.com\/en\/product\/\ud83d\udc22-tortue-de-mer-miniature-decoration\/\" \/>\n<meta property=\"og:locale\" content=\"en_US\" \/>\n<meta property=\"og:type\" content=\"article\" \/>\n<meta property=\"og:title\" content=\"\ud83d\udc22 Tortue de mer miniature \u2013 D\u00e9coration -\" \/>\n<meta property=\"og:description\" content=\"\ud83d\udc22 Tortue de mer miniature \u2013 D\u00e9coration . Cette petite tortue miniature accessoirisera vos chambre de sir\u00e8nes pour dolls de toutes tailles.\" \/>\n<meta property=\"og:url\" content=\"https:\/\/www.sunnyshop211.com\/en\/product\/\ud83d\udc22-tortue-de-mer-miniature-decoration\/\" \/>\n<meta property=\"og:site_name\" content=\"Sunnyshop211 -Vente de dioramas, meubles, miniatures , bjd poup\u00e9es 1\/12 1\/8 1\/6 1\/4 1\/3\" \/>\n<meta property=\"article:publisher\" content=\"https:\/\/www.facebook.com\/sunnyshop211\/?ref=bookmarks\" \/>\n<meta property=\"article:modified_time\" content=\"2025-12-29T16:57:41+00:00\" \/>\n<meta property=\"og:image\" content=\"https:\/\/www.sunnyshop211.com\/wp-content\/uploads\/2023\/05\/17-3-scaled.jpg\" \/>\n\t<meta property=\"og:image:width\" content=\"2560\" \/>\n\t<meta property=\"og:image:height\" content=\"1707\" \/>\n\t<meta property=\"og:image:type\" content=\"image\/jpeg\" \/>\n<meta name=\"twitter:card\" content=\"summary_large_image\" \/>\n<meta name=\"twitter:site\" content=\"@sunnyshop211\" \/>\n<meta name=\"twitter:label1\" content=\"Est. reading time\" \/>\n\t<meta name=\"twitter:data1\" content=\"3 minutes\" \/>\n<script type=\"application\/ld+json\" class=\"yoast-schema-graph\">{\"@context\":\"https:\\\/\\\/schema.org\",\"@graph\":[{\"@type\":\"WebPage\",\"@id\":\"https:\\\/\\\/www.sunnyshop211.com\\\/produit\\\/%f0%9f%90%a2-tortue-de-mer-miniature-decoration\\\/\",\"url\":\"https:\\\/\\\/www.sunnyshop211.com\\\/produit\\\/%f0%9f%90%a2-tortue-de-mer-miniature-decoration\\\/\",\"name\":\"\ud83d\udc22 Tortue de mer miniature \u2013 D\u00e9coration -\",\"isPartOf\":{\"@id\":\"https:\\\/\\\/www.sunnyshop211.com\\\/#website\"},\"primaryImageOfPage\":{\"@id\":\"https:\\\/\\\/www.sunnyshop211.com\\\/produit\\\/%f0%9f%90%a2-tortue-de-mer-miniature-decoration\\\/#primaryimage\"},\"image\":{\"@id\":\"https:\\\/\\\/www.sunnyshop211.com\\\/produit\\\/%f0%9f%90%a2-tortue-de-mer-miniature-decoration\\\/#primaryimage\"},\"thumbnailUrl\":\"https:\\\/\\\/www.sunnyshop211.com\\\/wp-content\\\/uploads\\\/2023\\\/05\\\/17-3-scaled.jpg\",\"datePublished\":\"2023-05-30T16:30:48+00:00\",\"dateModified\":\"2025-12-29T16:57:41+00:00\",\"description\":\"\ud83d\udc22 Tortue de mer miniature \u2013 D\u00e9coration . Cette petite tortue miniature accessoirisera vos chambre de sir\u00e8nes pour dolls de toutes tailles.\",\"breadcrumb\":{\"@id\":\"https:\\\/\\\/www.sunnyshop211.com\\\/produit\\\/%f0%9f%90%a2-tortue-de-mer-miniature-decoration\\\/#breadcrumb\"},\"inLanguage\":\"en-US\",\"potentialAction\":[{\"@type\":\"ReadAction\",\"target\":[\"https:\\\/\\\/www.sunnyshop211.com\\\/produit\\\/%f0%9f%90%a2-tortue-de-mer-miniature-decoration\\\/\"]}]},{\"@type\":\"ImageObject\",\"inLanguage\":\"en-US\",\"@id\":\"https:\\\/\\\/www.sunnyshop211.com\\\/produit\\\/%f0%9f%90%a2-tortue-de-mer-miniature-decoration\\\/#primaryimage\",\"url\":\"https:\\\/\\\/www.sunnyshop211.com\\\/wp-content\\\/uploads\\\/2023\\\/05\\\/17-3-scaled.jpg\",\"contentUrl\":\"https:\\\/\\\/www.sunnyshop211.com\\\/wp-content\\\/uploads\\\/2023\\\/05\\\/17-3-scaled.jpg\",\"width\":2560,\"height\":1707,\"caption\":\"Tortue mer d\u00e9coration miniature\"},{\"@type\":\"BreadcrumbList\",\"@id\":\"https:\\\/\\\/www.sunnyshop211.com\\\/produit\\\/%f0%9f%90%a2-tortue-de-mer-miniature-decoration\\\/#breadcrumb\",\"itemListElement\":[{\"@type\":\"ListItem\",\"position\":1,\"name\":\"Accueil\",\"item\":\"https:\\\/\\\/www.sunnyshop211.com\\\/\"},{\"@type\":\"ListItem\",\"position\":2,\"name\":\"Boutique\",\"item\":\"https:\\\/\\\/www.sunnyshop211.com\\\/boutique-miniature-bjd-dolls\\\/\"},{\"@type\":\"ListItem\",\"position\":3,\"name\":\"\ud83d\udc22 Tortue de mer miniature \u2013 D\u00e9coration\"}]},{\"@type\":\"WebSite\",\"@id\":\"https:\\\/\\\/www.sunnyshop211.com\\\/#website\",\"url\":\"https:\\\/\\\/www.sunnyshop211.com\\\/\",\"name\":\"Vente de dioramas, meubles, miniatures , bjd poup\u00e9es 1\\\/12 1\\\/8 1\\\/6 1\\\/4 1\\\/3\",\"description\":\"Sunnyshop211 - Votre univers miniature pour poup\u00e9es et BJD, dioramas et meubles sur mesure !\",\"publisher\":{\"@id\":\"https:\\\/\\\/www.sunnyshop211.com\\\/#organization\"},\"alternateName\":\"sunnyshop211\",\"potentialAction\":[{\"@type\":\"SearchAction\",\"target\":{\"@type\":\"EntryPoint\",\"urlTemplate\":\"https:\\\/\\\/www.sunnyshop211.com\\\/?s={search_term_string}\"},\"query-input\":{\"@type\":\"PropertyValueSpecification\",\"valueRequired\":true,\"valueName\":\"search_term_string\"}}],\"inLanguage\":\"en-US\"},{\"@type\":\"Organization\",\"@id\":\"https:\\\/\\\/www.sunnyshop211.com\\\/#organization\",\"name\":\"sunnyshop211\",\"alternateName\":\"sunnyshop211 diorama bjd meuble miniature\",\"url\":\"https:\\\/\\\/www.sunnyshop211.com\\\/\",\"logo\":{\"@type\":\"ImageObject\",\"inLanguage\":\"en-US\",\"@id\":\"https:\\\/\\\/www.sunnyshop211.com\\\/#\\\/schema\\\/logo\\\/image\\\/\",\"url\":\"https:\\\/\\\/www.sunnyshop211.com\\\/wp-content\\\/uploads\\\/2022\\\/08\\\/cropped-cropped-cropped-Sunnyshop211-1.png\",\"contentUrl\":\"https:\\\/\\\/www.sunnyshop211.com\\\/wp-content\\\/uploads\\\/2022\\\/08\\\/cropped-cropped-cropped-Sunnyshop211-1.png\",\"width\":339,\"height\":339,\"caption\":\"sunnyshop211\"},\"image\":{\"@id\":\"https:\\\/\\\/www.sunnyshop211.com\\\/#\\\/schema\\\/logo\\\/image\\\/\"},\"sameAs\":[\"https:\\\/\\\/www.facebook.com\\\/sunnyshop211\\\/?ref=bookmarks\",\"https:\\\/\\\/x.com\\\/sunnyshop211\",\"https:\\\/\\\/www.instagram.com\\\/sunnyshop211\\\/\",\"https:\\\/\\\/www.tumblr.com\\\/blog\\\/sunnyshop211\",\"https:\\\/\\\/www.youtube.com\\\/channel\\\/UCtYY18OGGDKrTSzgcf7fCBg\",\"https:\\\/\\\/www.tiktok.com\\\/@sunnydollshop211?is_from_webapp=1&sender_device=pc\"]}]}<\/script>\n<!-- \/ Yoast SEO plugin. -->","yoast_head_json":{"title":"\ud83d\udc22 Miniature sea turtle - Decoration -","description":"\ud83d\udc22 Miniature sea turtle - Decoration . This little miniature turtle will accessorize your mermaid rooms for dolls of all sizes.","robots":{"index":"index","follow":"follow","max-snippet":"max-snippet:-1","max-image-preview":"max-image-preview:large","max-video-preview":"max-video-preview:-1"},"canonical":"https:\/\/www.sunnyshop211.com\/en\/product\/\ud83d\udc22-tortue-de-mer-miniature-decoration\/","og_locale":"en_US","og_type":"article","og_title":"\ud83d\udc22 Tortue de mer miniature \u2013 D\u00e9coration -","og_description":"\ud83d\udc22 Tortue de mer miniature \u2013 D\u00e9coration . Cette petite tortue miniature accessoirisera vos chambre de sir\u00e8nes pour dolls de toutes tailles.","og_url":"https:\/\/www.sunnyshop211.com\/en\/product\/\ud83d\udc22-tortue-de-mer-miniature-decoration\/","og_site_name":"Sunnyshop211 -Vente de dioramas, meubles, miniatures , bjd poup\u00e9es 1\/12 1\/8 1\/6 1\/4 1\/3","article_publisher":"https:\/\/www.facebook.com\/sunnyshop211\/?ref=bookmarks","article_modified_time":"2025-12-29T16:57:41+00:00","og_image":[{"width":2560,"height":1707,"url":"https:\/\/www.sunnyshop211.com\/wp-content\/uploads\/2023\/05\/17-3-scaled.jpg","type":"image\/jpeg"}],"twitter_card":"summary_large_image","twitter_site":"@sunnyshop211","twitter_misc":{"Est. reading time":"3 minutes"},"schema":{"@context":"https:\/\/schema.org","@graph":[{"@type":"WebPage","@id":"https:\/\/www.sunnyshop211.com\/produit\/%f0%9f%90%a2-tortue-de-mer-miniature-decoration\/","url":"https:\/\/www.sunnyshop211.com\/produit\/%f0%9f%90%a2-tortue-de-mer-miniature-decoration\/","name":"\ud83d\udc22 Miniature sea turtle - Decoration -","isPartOf":{"@id":"https:\/\/www.sunnyshop211.com\/#website"},"primaryImageOfPage":{"@id":"https:\/\/www.sunnyshop211.com\/produit\/%f0%9f%90%a2-tortue-de-mer-miniature-decoration\/#primaryimage"},"image":{"@id":"https:\/\/www.sunnyshop211.com\/produit\/%f0%9f%90%a2-tortue-de-mer-miniature-decoration\/#primaryimage"},"thumbnailUrl":"https:\/\/www.sunnyshop211.com\/wp-content\/uploads\/2023\/05\/17-3-scaled.jpg","datePublished":"2023-05-30T16:30:48+00:00","dateModified":"2025-12-29T16:57:41+00:00","description":"\ud83d\udc22 Miniature sea turtle - Decoration . This little miniature turtle will accessorize your mermaid rooms for dolls of all sizes.","breadcrumb":{"@id":"https:\/\/www.sunnyshop211.com\/produit\/%f0%9f%90%a2-tortue-de-mer-miniature-decoration\/#breadcrumb"},"inLanguage":"en-US","potentialAction":[{"@type":"ReadAction","target":["https:\/\/www.sunnyshop211.com\/produit\/%f0%9f%90%a2-tortue-de-mer-miniature-decoration\/"]}]},{"@type":"ImageObject","inLanguage":"en-US","@id":"https:\/\/www.sunnyshop211.com\/produit\/%f0%9f%90%a2-tortue-de-mer-miniature-decoration\/#primaryimage","url":"https:\/\/www.sunnyshop211.com\/wp-content\/uploads\/2023\/05\/17-3-scaled.jpg","contentUrl":"https:\/\/www.sunnyshop211.com\/wp-content\/uploads\/2023\/05\/17-3-scaled.jpg","width":2560,"height":1707,"caption":"Tortue mer d\u00e9coration miniature"},{"@type":"BreadcrumbList","@id":"https:\/\/www.sunnyshop211.com\/produit\/%f0%9f%90%a2-tortue-de-mer-miniature-decoration\/#breadcrumb","itemListElement":[{"@type":"ListItem","position":1,"name":"Accueil","item":"https:\/\/www.sunnyshop211.com\/"},{"@type":"ListItem","position":2,"name":"Boutique","item":"https:\/\/www.sunnyshop211.com\/boutique-miniature-bjd-dolls\/"},{"@type":"ListItem","position":3,"name":"\ud83d\udc22 Tortue de mer miniature \u2013 D\u00e9coration"}]},{"@type":"WebSite","@id":"https:\/\/www.sunnyshop211.com\/#website","url":"https:\/\/www.sunnyshop211.com\/","name":"Sale of dioramas, furniture, miniatures, bjd dolls 1\/12 1\/8 1\/6 1\/4 1\/3","description":"Sunnyshop211 - Your miniature world for dolls and BJDs, dioramas and custom-made furniture!","publisher":{"@id":"https:\/\/www.sunnyshop211.com\/#organization"},"alternateName":"sunnyshop211","potentialAction":[{"@type":"SearchAction","target":{"@type":"EntryPoint","urlTemplate":"https:\/\/www.sunnyshop211.com\/?s={search_term_string}"},"query-input":{"@type":"PropertyValueSpecification","valueRequired":true,"valueName":"search_term_string"}}],"inLanguage":"en-US"},{"@type":"Organization","@id":"https:\/\/www.sunnyshop211.com\/#organization","name":"sunnyshop211","alternateName":"sunnyshop211 diorama bjd meuble miniature","url":"https:\/\/www.sunnyshop211.com\/","logo":{"@type":"ImageObject","inLanguage":"en-US","@id":"https:\/\/www.sunnyshop211.com\/#\/schema\/logo\/image\/","url":"https:\/\/www.sunnyshop211.com\/wp-content\/uploads\/2022\/08\/cropped-cropped-cropped-Sunnyshop211-1.png","contentUrl":"https:\/\/www.sunnyshop211.com\/wp-content\/uploads\/2022\/08\/cropped-cropped-cropped-Sunnyshop211-1.png","width":339,"height":339,"caption":"sunnyshop211"},"image":{"@id":"https:\/\/www.sunnyshop211.com\/#\/schema\/logo\/image\/"},"sameAs":["https:\/\/www.facebook.com\/sunnyshop211\/?ref=bookmarks","https:\/\/x.com\/sunnyshop211","https:\/\/www.instagram.com\/sunnyshop211\/","https:\/\/www.tumblr.com\/blog\/sunnyshop211","https:\/\/www.youtube.com\/channel\/UCtYY18OGGDKrTSzgcf7fCBg","https:\/\/www.tiktok.com\/@sunnydollshop211?is_from_webapp=1&sender_device=pc"]}]}},"jetpack_publicize_connections":[],"jetpack_sharing_enabled":true,"_links":{"self":[{"href":"https:\/\/www.sunnyshop211.com\/en\/wp-json\/wp\/v2\/product\/35043","targetHints":{"allow":["GET"]}}],"collection":[{"href":"https:\/\/www.sunnyshop211.com\/en\/wp-json\/wp\/v2\/product"}],"about":[{"href":"https:\/\/www.sunnyshop211.com\/en\/wp-json\/wp\/v2\/types\/product"}],"replies":[{"embeddable":true,"href":"https:\/\/www.sunnyshop211.com\/en\/wp-json\/wp\/v2\/comments?post=35043"}],"version-history":[{"count":4,"href":"https:\/\/www.sunnyshop211.com\/en\/wp-json\/wp\/v2\/product\/35043\/revisions"}],"predecessor-version":[{"id":53267,"href":"https:\/\/www.sunnyshop211.com\/en\/wp-json\/wp\/v2\/product\/35043\/revisions\/53267"}],"wp:featuredmedia":[{"embeddable":true,"href":"https:\/\/www.sunnyshop211.com\/en\/wp-json\/wp\/v2\/media\/35027"}],"wp:attachment":[{"href":"https:\/\/www.sunnyshop211.com\/en\/wp-json\/wp\/v2\/media?parent=35043"}],"wp:term":[{"taxonomy":"product_brand","embeddable":true,"href":"https:\/\/www.sunnyshop211.com\/en\/wp-json\/wp\/v2\/product_brand?post=35043"},{"taxonomy":"product_cat","embeddable":true,"href":"https:\/\/www.sunnyshop211.com\/en\/wp-json\/wp\/v2\/product_cat?post=35043"},{"taxonomy":"product_tag","embeddable":true,"href":"https:\/\/www.sunnyshop211.com\/en\/wp-json\/wp\/v2\/product_tag?post=35043"}],"curies":[{"name":"wp","href":"https:\/\/api.w.org\/{rel}","templated":true}]}}