{"id":35030,"date":"2023-05-30T16:48:19","date_gmt":"2023-05-30T15:48:19","guid":{"rendered":"https:\/\/www.sunnyshop211.com\/?post_type=product&#038;p=35030"},"modified":"2025-12-23T18:43:46","modified_gmt":"2025-12-23T17:43:46","slug":"%f0%9f%90%91-mobile-mouton-miniature-accessoire-nursery-bjd-simulation","status":"publish","type":"product","link":"https:\/\/www.sunnyshop211.com\/en\/product\/%f0%9f%90%91-mobile-mouton-miniature-accessoire-nursery-bjd-simulation\/","title":{"rendered":"\ud83d\udc11 Miniature sheep mobile - BJD nursery accessory (simulation)"},"content":{"rendered":"<div id='gallery-1' class='gallery galleryid-35030 gallery-columns-3 gallery-size-thumbnail'><figure class='gallery-item'>\n\t\t\t<div class='gallery-icon landscape'>\n\t\t\t\t<a href='https:\/\/www.sunnyshop211.com\/en\/?attachment_id=35037'><img decoding=\"async\" width=\"150\" height=\"150\" src=\"https:\/\/www.sunnyshop211.com\/wp-content\/uploads\/2023\/05\/14-4-150x150.jpg\" class=\"attachment-thumbnail size-thumbnail\" alt=\"Mobile mouton miniature bjd\" srcset=\"https:\/\/www.sunnyshop211.com\/wp-content\/uploads\/2023\/05\/14-4-150x150.jpg 150w, https:\/\/www.sunnyshop211.com\/wp-content\/uploads\/2023\/05\/14-4-scaled-500x500.jpg 500w, https:\/\/www.sunnyshop211.com\/wp-content\/uploads\/2023\/05\/14-4-scaled-100x100.jpg 100w\" sizes=\"(max-width: 150px) 100vw, 150px\" \/><\/a>\n\t\t\t<\/div><\/figure><figure class='gallery-item'>\n\t\t\t<div class='gallery-icon landscape'>\n\t\t\t\t<a href='https:\/\/www.sunnyshop211.com\/en\/?attachment_id=35039'><img decoding=\"async\" width=\"150\" height=\"150\" src=\"https:\/\/www.sunnyshop211.com\/wp-content\/uploads\/2023\/05\/15-2-150x150.jpg\" class=\"attachment-thumbnail size-thumbnail\" alt=\"Mobile mouton miniature bjd\" srcset=\"https:\/\/www.sunnyshop211.com\/wp-content\/uploads\/2023\/05\/15-2-150x150.jpg 150w, https:\/\/www.sunnyshop211.com\/wp-content\/uploads\/2023\/05\/15-2-scaled-500x500.jpg 500w, https:\/\/www.sunnyshop211.com\/wp-content\/uploads\/2023\/05\/15-2-scaled-100x100.jpg 100w\" sizes=\"(max-width: 150px) 100vw, 150px\" \/><\/a>\n\t\t\t<\/div><\/figure>\n\t\t<\/div>\n\n<h2 data-start=\"207\" data-end=\"277\">\ud83d\udc11 <strong data-start=\"210\" data-end=\"275\">Miniature sheep mobile - BJD nursery accessory (simulation)<\/strong><\/h2>\n<p data-start=\"279\" data-end=\"333\">Miniature decorative accessory - Handcrafted creation<\/p>\n<hr data-start=\"335\" data-end=\"338\" \/>\n<p data-start=\"340\" data-end=\"358\">\ud83c\udf19 <strong data-start=\"343\" data-end=\"358\">Description<\/strong><\/p>\n<p data-start=\"360\" data-end=\"673\">This <strong data-start=\"363\" data-end=\"394\">BJD miniature sheep mobile<\/strong> is a soft, soothing decorative accessory, perfect for complementing your <strong data-start=\"468\" data-end=\"492\">miniature cots<\/strong>, nurseries and care areas.<br data-start=\"523\" data-end=\"526\" \/>With its hanging sheep and central cloud, it creates a reassuring, poetic atmosphere, ideal for bedtime and rest scenes.<\/p>\n<hr data-start=\"675\" data-end=\"678\" \/>\n<p data-start=\"680\" data-end=\"712\">\u2728 <strong data-start=\"682\" data-end=\"712\">Details &amp; features<\/strong><\/p>\n<p data-start=\"714\" data-end=\"727\">\ud83e\uddf8 <strong data-start=\"717\" data-end=\"727\">Model<\/strong><\/p>\n<p data-start=\"729\" data-end=\"828\">- Baby mobile <strong data-start=\"743\" data-end=\"757\">simulation<\/strong><br data-start=\"757\" data-end=\"760\" \/>- Sold <strong data-start=\"768\" data-end=\"793\">fully customized<\/strong>, as shown in the photos<\/p>\n<p data-start=\"830\" data-end=\"857\">\ud83c\udfa8 <strong data-start=\"833\" data-end=\"857\">Available versions<\/strong><\/p>\n<p data-start=\"859\" data-end=\"966\">- <strong data-start=\"861\" data-end=\"869\">Blue<\/strong><br data-start=\"869\" data-end=\"872\" \/>- <strong data-start=\"874\" data-end=\"882\">Rose<\/strong><br data-start=\"882\" data-end=\"885\" \/>- <strong data-start=\"887\" data-end=\"896\">White<\/strong><br data-start=\"896\" data-end=\"899\" \/>\ud83d\udc49 Only the color of the sheep varies, the structure remains the same.<\/p>\n<p data-start=\"968\" data-end=\"996\">\ud83d\udce6 <strong data-start=\"971\" data-end=\"996\">Cell phone composition<\/strong><\/p>\n<p data-start=\"998\" data-end=\"1119\">- <strong data-start=\"1000\" data-end=\"1013\">4 sheep<\/strong> the selected color<br data-start=\"1035\" data-end=\"1038\" \/>- <strong data-start=\"1040\" data-end=\"1057\">1 white cloud<\/strong> connecting the elements<br data-start=\"1086\" data-end=\"1089\" \/>- <strong data-start=\"1091\" data-end=\"1119\">1 white-painted stand<\/strong><\/p>\n<p data-start=\"1121\" data-end=\"1141\">\ud83d\udccf <strong data-start=\"1124\" data-end=\"1141\">Compatibility<\/strong><\/p>\n<p data-start=\"1143\" data-end=\"1237\">- Baby BJD<br data-start=\"1153\" data-end=\"1156\" \/>- Pukifee<br data-start=\"1165\" data-end=\"1168\" \/>- Nappy Choo<br data-start=\"1180\" data-end=\"1183\" \/>- Mini reborn<br data-start=\"1196\" data-end=\"1199\" \/>- Other babies of equivalent size<\/p>\n<p data-start=\"1239\" data-end=\"1365\">\ud83d\udc49 Designed to fit :<br data-start=\"1264\" data-end=\"1267\" \/>- to <strong data-start=\"1273\" data-end=\"1297\">miniature cots<\/strong><br data-start=\"1297\" data-end=\"1300\" \/>- to <strong data-start=\"1305\" data-end=\"1328\">changing unit 1\/4<\/strong> (sold separately in the store)<\/p>\n<hr data-start=\"1367\" data-end=\"1370\" \/>\n<p data-start=\"1372\" data-end=\"1406\">\ud83e\uddf8 <strong data-start=\"1375\" data-end=\"1406\">Use &amp; staging<\/strong><\/p>\n<p data-start=\"1408\" data-end=\"1442\">This mobile is the perfect complement to :<\/p>\n<p data-start=\"1444\" data-end=\"1552\">- Miniature cots<br data-start=\"1470\" data-end=\"1473\" \/>- Soft, cocooning nurseries<br data-start=\"1508\" data-end=\"1511\" \/>- Sleep and maternity scenes<\/p>\n<p data-start=\"1554\" data-end=\"1674\">It adds a touch of <strong data-start=\"1579\" data-end=\"1620\">realism, tenderness and serenity<\/strong>, perfect for calm, warm baby worlds.<\/p>\n<p data-start=\"1676\" data-end=\"1790\">\ud83d\udcb0 <strong data-start=\"1679\" data-end=\"1716\">Price indicated for 1 sheep mobile<\/strong><br data-start=\"1716\" data-end=\"1719\" \/>\u26a0\ufe0f Dolls, beds and accessories shown in the photos <strong data-start=\"1775\" data-end=\"1789\">not included<\/strong>.<\/p>\n<hr data-start=\"1792\" data-end=\"1795\" \/>\n<h3 data-start=\"1797\" data-end=\"1825\">\u2728 <strong data-start=\"1799\" data-end=\"1825\">Handcrafted products<\/strong><\/h3>\n<p data-start=\"1827\" data-end=\"1955\">- Craftsmanship<br data-start=\"1848\" data-end=\"1851\" \/>- Each piece is made by hand<br data-start=\"1888\" data-end=\"1891\" \/>- Slight variations in shape or color may occur.<\/p>\n<p data-start=\"1957\" data-end=\"1982\">Every mobile is unique.<\/p>\n<hr data-start=\"1984\" data-end=\"1987\" \/>\n<p data-start=\"1989\" data-end=\"2015\">\u23f3 <strong data-start=\"1991\" data-end=\"2015\">Manufacturing &amp; lead times<\/strong><\/p>\n<p data-start=\"2017\" data-end=\"2168\">\ud83d\udee0\ufe0f Made-to-order items<br data-start=\"2049\" data-end=\"2052\" \/>Please take into account the manufacturing and delivery times indicated in the <a href=\"https:\/\/www.sunnyshop211.com\/en\/conditions-generales-de-ventes-et-delais-de-livraisons\/\"><strong data-start=\"2134\" data-end=\"2167\">Terms &amp; Conditions<\/strong>.<\/a><\/p>\n<hr data-start=\"2170\" data-end=\"2173\" \/>\n<p data-start=\"2175\" data-end=\"2206\">\u26a0\ufe0f <strong data-start=\"2178\" data-end=\"2206\">Important information<\/strong><\/p>\n<p data-start=\"2208\" data-end=\"2439\">- Fictitious and decorative article<br data-start=\"2237\" data-end=\"2240\" \/>- <strong data-start=\"2242\" data-end=\"2269\">This is not a toy<\/strong><br data-start=\"2269\" data-end=\"2272\" \/>- Intended for an adult and collector audience<br data-start=\"2318\" data-end=\"2321\" \/>- The photos are examples of decoration<br data-start=\"2365\" data-end=\"2368\" \/>- I am not responsible for any damage in transit.<\/p>\n<p data-start=\"2441\" data-end=\"2511\">\ud83d\udcf8 More photos and inspiration :<br data-start=\"2476\" data-end=\"2479\" \/>\ud83d\udc49 <strong data-start=\"2482\" data-end=\"2511\">Instagram: <a href=\"https:\/\/www.instagram.com\/sunnyshop211\/\">@sunnyshop211<\/a><\/strong><\/p>\n<p>&nbsp;<\/p>\n<h3><\/h3>\n<p>&nbsp;<\/p>","protected":false},"excerpt":{"rendered":"<p>\ud83d\udc11 Mobile mouton miniature \u2013 Accessoire nursery BJD (simulation) Accessoire d\u00e9coratif miniature \u2013 Cr\u00e9ation artisanale \ud83c\udf19 Description Ce mobile mouton miniature BJD est un accessoire d\u00e9coratif doux et apaisant, parfait pour compl\u00e9ter vos lits b\u00e9b\u00e9 miniatures, nurseries et espaces de soin.Avec ses petits moutons suspendus et son nuage central, il cr\u00e9e une ambiance rassurante et [&hellip;]<\/p>\n","protected":false},"featured_media":35039,"comment_status":"open","ping_status":"closed","template":"","meta":{"_crdt_document":"","jetpack_post_was_ever_published":false,"jetpack_publicize_message":"","jetpack_publicize_feature_enabled":true,"jetpack_social_post_already_shared":true,"jetpack_social_options":{"image_generator_settings":{"template":"highway","default_image_id":0,"font":"","enabled":false},"version":2}},"product_brand":[],"product_cat":[667686969],"product_tag":[667681137,667681138,667681224,667681136,667681234,667681226,667681725,667681225,667681139,667681144,667681261,667681281,667681173,667681717,667681820,667681141,667681177,667681140,667681235,667681223],"class_list":{"0":"post-35030","1":"product","2":"type-product","3":"status-publish","4":"has-post-thumbnail","6":"product_cat-decoration","7":"product_tag-baby","8":"product_tag-bebe","9":"product_tag-bed-crib","10":"product_tag-bjd","11":"product_tag-diorama","12":"product_tag-doll","13":"product_tag-dolly","14":"product_tag-furniture","15":"product_tag-lati-yellow","16":"product_tag-lit","17":"product_tag-meuble","18":"product_tag-meubles","19":"product_tag-minifee","20":"product_tag-mobile","21":"product_tag-mobile-baby","22":"product_tag-nappy-choo","23":"product_tag-poupee","24":"product_tag-pukifee","25":"product_tag-roombox","26":"product_tag-tour-de-lit","27":"product_shipping_class-colissimo-5","28":"pa_couleur-blanc","29":"pa_couleur-bleu","30":"pa_couleur-rose-pink","32":"first","33":"instock","34":"taxable","35":"shipping-taxable","36":"purchasable","37":"product-type-variable"},"yoast_head":"<!-- This site is optimized with the Yoast SEO plugin v27.4 - https:\/\/yoast.com\/product\/yoast-seo-wordpress\/ -->\n<title>\ud83d\udc11 Mobile mouton miniature \u2013 Accessoire nursery BJD (simulation) -<\/title>\n<meta name=\"description\" content=\"\ud83d\udc11 Mobile mouton miniature \u2013 Accessoire nursery BJD (simulation) pukifee, Nappy choo, reborn . Ce petit mobile miniature accessoirisera vos lits pour b\u00e9b\u00e9s.\" \/>\n<meta name=\"robots\" content=\"index, follow, max-snippet:-1, max-image-preview:large, max-video-preview:-1\" \/>\n<link rel=\"canonical\" href=\"https:\/\/www.sunnyshop211.com\/en\/product\/\ud83d\udc11-mobile-mouton-miniature-accessoire-nursery-bjd-simulation\/\" \/>\n<meta property=\"og:locale\" content=\"en_US\" \/>\n<meta property=\"og:type\" content=\"article\" \/>\n<meta property=\"og:title\" content=\"\ud83d\udc11 Mobile mouton miniature \u2013 Accessoire nursery BJD (simulation) -\" \/>\n<meta property=\"og:description\" content=\"\ud83d\udc11 Mobile mouton miniature \u2013 Accessoire nursery BJD (simulation) pukifee, Nappy choo, reborn . Ce petit mobile miniature accessoirisera vos lits pour b\u00e9b\u00e9s.\" \/>\n<meta property=\"og:url\" content=\"https:\/\/www.sunnyshop211.com\/en\/product\/\ud83d\udc11-mobile-mouton-miniature-accessoire-nursery-bjd-simulation\/\" \/>\n<meta property=\"og:site_name\" content=\"Sunnyshop211 -Vente de dioramas, meubles, miniatures , bjd poup\u00e9es 1\/12 1\/8 1\/6 1\/4 1\/3\" \/>\n<meta property=\"article:publisher\" content=\"https:\/\/www.facebook.com\/sunnyshop211\/?ref=bookmarks\" \/>\n<meta property=\"article:modified_time\" content=\"2025-12-23T17:43:46+00:00\" \/>\n<meta property=\"og:image\" content=\"https:\/\/www.sunnyshop211.com\/wp-content\/uploads\/2023\/05\/15-2-scaled.jpg\" \/>\n\t<meta property=\"og:image:width\" content=\"2560\" \/>\n\t<meta property=\"og:image:height\" content=\"1707\" \/>\n\t<meta property=\"og:image:type\" content=\"image\/jpeg\" \/>\n<meta name=\"twitter:card\" content=\"summary_large_image\" \/>\n<meta name=\"twitter:site\" content=\"@sunnyshop211\" \/>\n<meta name=\"twitter:label1\" content=\"Est. reading time\" \/>\n\t<meta name=\"twitter:data1\" content=\"2 minutes\" \/>\n<script type=\"application\/ld+json\" class=\"yoast-schema-graph\">{\"@context\":\"https:\\\/\\\/schema.org\",\"@graph\":[{\"@type\":\"WebPage\",\"@id\":\"https:\\\/\\\/www.sunnyshop211.com\\\/produit\\\/%f0%9f%90%91-mobile-mouton-miniature-accessoire-nursery-bjd-simulation\\\/\",\"url\":\"https:\\\/\\\/www.sunnyshop211.com\\\/produit\\\/%f0%9f%90%91-mobile-mouton-miniature-accessoire-nursery-bjd-simulation\\\/\",\"name\":\"\ud83d\udc11 Mobile mouton miniature \u2013 Accessoire nursery BJD (simulation) -\",\"isPartOf\":{\"@id\":\"https:\\\/\\\/www.sunnyshop211.com\\\/#website\"},\"primaryImageOfPage\":{\"@id\":\"https:\\\/\\\/www.sunnyshop211.com\\\/produit\\\/%f0%9f%90%91-mobile-mouton-miniature-accessoire-nursery-bjd-simulation\\\/#primaryimage\"},\"image\":{\"@id\":\"https:\\\/\\\/www.sunnyshop211.com\\\/produit\\\/%f0%9f%90%91-mobile-mouton-miniature-accessoire-nursery-bjd-simulation\\\/#primaryimage\"},\"thumbnailUrl\":\"https:\\\/\\\/www.sunnyshop211.com\\\/wp-content\\\/uploads\\\/2023\\\/05\\\/15-2-scaled.jpg\",\"datePublished\":\"2023-05-30T15:48:19+00:00\",\"dateModified\":\"2025-12-23T17:43:46+00:00\",\"description\":\"\ud83d\udc11 Mobile mouton miniature \u2013 Accessoire nursery BJD (simulation) pukifee, Nappy choo, reborn . Ce petit mobile miniature accessoirisera vos lits pour b\u00e9b\u00e9s.\",\"breadcrumb\":{\"@id\":\"https:\\\/\\\/www.sunnyshop211.com\\\/produit\\\/%f0%9f%90%91-mobile-mouton-miniature-accessoire-nursery-bjd-simulation\\\/#breadcrumb\"},\"inLanguage\":\"en-US\",\"potentialAction\":[{\"@type\":\"ReadAction\",\"target\":[\"https:\\\/\\\/www.sunnyshop211.com\\\/produit\\\/%f0%9f%90%91-mobile-mouton-miniature-accessoire-nursery-bjd-simulation\\\/\"]}]},{\"@type\":\"ImageObject\",\"inLanguage\":\"en-US\",\"@id\":\"https:\\\/\\\/www.sunnyshop211.com\\\/produit\\\/%f0%9f%90%91-mobile-mouton-miniature-accessoire-nursery-bjd-simulation\\\/#primaryimage\",\"url\":\"https:\\\/\\\/www.sunnyshop211.com\\\/wp-content\\\/uploads\\\/2023\\\/05\\\/15-2-scaled.jpg\",\"contentUrl\":\"https:\\\/\\\/www.sunnyshop211.com\\\/wp-content\\\/uploads\\\/2023\\\/05\\\/15-2-scaled.jpg\",\"width\":2560,\"height\":1707,\"caption\":\"Mobile mouton miniature bjd\"},{\"@type\":\"BreadcrumbList\",\"@id\":\"https:\\\/\\\/www.sunnyshop211.com\\\/produit\\\/%f0%9f%90%91-mobile-mouton-miniature-accessoire-nursery-bjd-simulation\\\/#breadcrumb\",\"itemListElement\":[{\"@type\":\"ListItem\",\"position\":1,\"name\":\"Accueil\",\"item\":\"https:\\\/\\\/www.sunnyshop211.com\\\/\"},{\"@type\":\"ListItem\",\"position\":2,\"name\":\"Boutique\",\"item\":\"https:\\\/\\\/www.sunnyshop211.com\\\/boutique-miniature-bjd-dolls\\\/\"},{\"@type\":\"ListItem\",\"position\":3,\"name\":\"\ud83d\udc11 Mobile mouton miniature \u2013 Accessoire nursery BJD (simulation)\"}]},{\"@type\":\"WebSite\",\"@id\":\"https:\\\/\\\/www.sunnyshop211.com\\\/#website\",\"url\":\"https:\\\/\\\/www.sunnyshop211.com\\\/\",\"name\":\"Vente de dioramas, meubles, miniatures , bjd poup\u00e9es 1\\\/12 1\\\/8 1\\\/6 1\\\/4 1\\\/3\",\"description\":\"Sunnyshop211 - Votre univers miniature pour poup\u00e9es et BJD, dioramas et meubles sur mesure !\",\"publisher\":{\"@id\":\"https:\\\/\\\/www.sunnyshop211.com\\\/#organization\"},\"alternateName\":\"sunnyshop211\",\"potentialAction\":[{\"@type\":\"SearchAction\",\"target\":{\"@type\":\"EntryPoint\",\"urlTemplate\":\"https:\\\/\\\/www.sunnyshop211.com\\\/?s={search_term_string}\"},\"query-input\":{\"@type\":\"PropertyValueSpecification\",\"valueRequired\":true,\"valueName\":\"search_term_string\"}}],\"inLanguage\":\"en-US\"},{\"@type\":\"Organization\",\"@id\":\"https:\\\/\\\/www.sunnyshop211.com\\\/#organization\",\"name\":\"sunnyshop211\",\"alternateName\":\"sunnyshop211 diorama bjd meuble miniature\",\"url\":\"https:\\\/\\\/www.sunnyshop211.com\\\/\",\"logo\":{\"@type\":\"ImageObject\",\"inLanguage\":\"en-US\",\"@id\":\"https:\\\/\\\/www.sunnyshop211.com\\\/#\\\/schema\\\/logo\\\/image\\\/\",\"url\":\"https:\\\/\\\/www.sunnyshop211.com\\\/wp-content\\\/uploads\\\/2022\\\/08\\\/cropped-cropped-cropped-Sunnyshop211-1.png\",\"contentUrl\":\"https:\\\/\\\/www.sunnyshop211.com\\\/wp-content\\\/uploads\\\/2022\\\/08\\\/cropped-cropped-cropped-Sunnyshop211-1.png\",\"width\":339,\"height\":339,\"caption\":\"sunnyshop211\"},\"image\":{\"@id\":\"https:\\\/\\\/www.sunnyshop211.com\\\/#\\\/schema\\\/logo\\\/image\\\/\"},\"sameAs\":[\"https:\\\/\\\/www.facebook.com\\\/sunnyshop211\\\/?ref=bookmarks\",\"https:\\\/\\\/x.com\\\/sunnyshop211\",\"https:\\\/\\\/www.instagram.com\\\/sunnyshop211\\\/\",\"https:\\\/\\\/www.tumblr.com\\\/blog\\\/sunnyshop211\",\"https:\\\/\\\/www.youtube.com\\\/channel\\\/UCtYY18OGGDKrTSzgcf7fCBg\",\"https:\\\/\\\/www.tiktok.com\\\/@sunnydollshop211?is_from_webapp=1&sender_device=pc\"]}]}<\/script>\n<!-- \/ Yoast SEO plugin. -->","yoast_head_json":{"title":"\ud83d\udc11 Miniature sheep mobile - BJD nursery accessory (simulation) -","description":"\ud83d\udc11 Miniature sheep mobile - BJD nursery accessory (simulation) pukifee, Nappy choo, reborn . This little miniature mobile will accessorize your baby beds.","robots":{"index":"index","follow":"follow","max-snippet":"max-snippet:-1","max-image-preview":"max-image-preview:large","max-video-preview":"max-video-preview:-1"},"canonical":"https:\/\/www.sunnyshop211.com\/en\/product\/\ud83d\udc11-mobile-mouton-miniature-accessoire-nursery-bjd-simulation\/","og_locale":"en_US","og_type":"article","og_title":"\ud83d\udc11 Mobile mouton miniature \u2013 Accessoire nursery BJD (simulation) -","og_description":"\ud83d\udc11 Mobile mouton miniature \u2013 Accessoire nursery BJD (simulation) pukifee, Nappy choo, reborn . Ce petit mobile miniature accessoirisera vos lits pour b\u00e9b\u00e9s.","og_url":"https:\/\/www.sunnyshop211.com\/en\/product\/\ud83d\udc11-mobile-mouton-miniature-accessoire-nursery-bjd-simulation\/","og_site_name":"Sunnyshop211 -Vente de dioramas, meubles, miniatures , bjd poup\u00e9es 1\/12 1\/8 1\/6 1\/4 1\/3","article_publisher":"https:\/\/www.facebook.com\/sunnyshop211\/?ref=bookmarks","article_modified_time":"2025-12-23T17:43:46+00:00","og_image":[{"width":2560,"height":1707,"url":"https:\/\/www.sunnyshop211.com\/wp-content\/uploads\/2023\/05\/15-2-scaled.jpg","type":"image\/jpeg"}],"twitter_card":"summary_large_image","twitter_site":"@sunnyshop211","twitter_misc":{"Est. reading time":"2 minutes"},"schema":{"@context":"https:\/\/schema.org","@graph":[{"@type":"WebPage","@id":"https:\/\/www.sunnyshop211.com\/produit\/%f0%9f%90%91-mobile-mouton-miniature-accessoire-nursery-bjd-simulation\/","url":"https:\/\/www.sunnyshop211.com\/produit\/%f0%9f%90%91-mobile-mouton-miniature-accessoire-nursery-bjd-simulation\/","name":"\ud83d\udc11 Miniature sheep mobile - BJD nursery accessory (simulation) -","isPartOf":{"@id":"https:\/\/www.sunnyshop211.com\/#website"},"primaryImageOfPage":{"@id":"https:\/\/www.sunnyshop211.com\/produit\/%f0%9f%90%91-mobile-mouton-miniature-accessoire-nursery-bjd-simulation\/#primaryimage"},"image":{"@id":"https:\/\/www.sunnyshop211.com\/produit\/%f0%9f%90%91-mobile-mouton-miniature-accessoire-nursery-bjd-simulation\/#primaryimage"},"thumbnailUrl":"https:\/\/www.sunnyshop211.com\/wp-content\/uploads\/2023\/05\/15-2-scaled.jpg","datePublished":"2023-05-30T15:48:19+00:00","dateModified":"2025-12-23T17:43:46+00:00","description":"\ud83d\udc11 Miniature sheep mobile - BJD nursery accessory (simulation) pukifee, Nappy choo, reborn . This little miniature mobile will accessorize your baby beds.","breadcrumb":{"@id":"https:\/\/www.sunnyshop211.com\/produit\/%f0%9f%90%91-mobile-mouton-miniature-accessoire-nursery-bjd-simulation\/#breadcrumb"},"inLanguage":"en-US","potentialAction":[{"@type":"ReadAction","target":["https:\/\/www.sunnyshop211.com\/produit\/%f0%9f%90%91-mobile-mouton-miniature-accessoire-nursery-bjd-simulation\/"]}]},{"@type":"ImageObject","inLanguage":"en-US","@id":"https:\/\/www.sunnyshop211.com\/produit\/%f0%9f%90%91-mobile-mouton-miniature-accessoire-nursery-bjd-simulation\/#primaryimage","url":"https:\/\/www.sunnyshop211.com\/wp-content\/uploads\/2023\/05\/15-2-scaled.jpg","contentUrl":"https:\/\/www.sunnyshop211.com\/wp-content\/uploads\/2023\/05\/15-2-scaled.jpg","width":2560,"height":1707,"caption":"Mobile mouton miniature bjd"},{"@type":"BreadcrumbList","@id":"https:\/\/www.sunnyshop211.com\/produit\/%f0%9f%90%91-mobile-mouton-miniature-accessoire-nursery-bjd-simulation\/#breadcrumb","itemListElement":[{"@type":"ListItem","position":1,"name":"Accueil","item":"https:\/\/www.sunnyshop211.com\/"},{"@type":"ListItem","position":2,"name":"Boutique","item":"https:\/\/www.sunnyshop211.com\/boutique-miniature-bjd-dolls\/"},{"@type":"ListItem","position":3,"name":"\ud83d\udc11 Mobile mouton miniature \u2013 Accessoire nursery BJD (simulation)"}]},{"@type":"WebSite","@id":"https:\/\/www.sunnyshop211.com\/#website","url":"https:\/\/www.sunnyshop211.com\/","name":"Sale of dioramas, furniture, miniatures, bjd dolls 1\/12 1\/8 1\/6 1\/4 1\/3","description":"Sunnyshop211 - Your miniature world for dolls and BJDs, dioramas and custom-made furniture!","publisher":{"@id":"https:\/\/www.sunnyshop211.com\/#organization"},"alternateName":"sunnyshop211","potentialAction":[{"@type":"SearchAction","target":{"@type":"EntryPoint","urlTemplate":"https:\/\/www.sunnyshop211.com\/?s={search_term_string}"},"query-input":{"@type":"PropertyValueSpecification","valueRequired":true,"valueName":"search_term_string"}}],"inLanguage":"en-US"},{"@type":"Organization","@id":"https:\/\/www.sunnyshop211.com\/#organization","name":"sunnyshop211","alternateName":"sunnyshop211 diorama bjd meuble miniature","url":"https:\/\/www.sunnyshop211.com\/","logo":{"@type":"ImageObject","inLanguage":"en-US","@id":"https:\/\/www.sunnyshop211.com\/#\/schema\/logo\/image\/","url":"https:\/\/www.sunnyshop211.com\/wp-content\/uploads\/2022\/08\/cropped-cropped-cropped-Sunnyshop211-1.png","contentUrl":"https:\/\/www.sunnyshop211.com\/wp-content\/uploads\/2022\/08\/cropped-cropped-cropped-Sunnyshop211-1.png","width":339,"height":339,"caption":"sunnyshop211"},"image":{"@id":"https:\/\/www.sunnyshop211.com\/#\/schema\/logo\/image\/"},"sameAs":["https:\/\/www.facebook.com\/sunnyshop211\/?ref=bookmarks","https:\/\/x.com\/sunnyshop211","https:\/\/www.instagram.com\/sunnyshop211\/","https:\/\/www.tumblr.com\/blog\/sunnyshop211","https:\/\/www.youtube.com\/channel\/UCtYY18OGGDKrTSzgcf7fCBg","https:\/\/www.tiktok.com\/@sunnydollshop211?is_from_webapp=1&sender_device=pc"]}]}},"jetpack_publicize_connections":[],"jetpack_sharing_enabled":true,"_links":{"self":[{"href":"https:\/\/www.sunnyshop211.com\/en\/wp-json\/wp\/v2\/product\/35030","targetHints":{"allow":["GET"]}}],"collection":[{"href":"https:\/\/www.sunnyshop211.com\/en\/wp-json\/wp\/v2\/product"}],"about":[{"href":"https:\/\/www.sunnyshop211.com\/en\/wp-json\/wp\/v2\/types\/product"}],"replies":[{"embeddable":true,"href":"https:\/\/www.sunnyshop211.com\/en\/wp-json\/wp\/v2\/comments?post=35030"}],"version-history":[{"count":3,"href":"https:\/\/www.sunnyshop211.com\/en\/wp-json\/wp\/v2\/product\/35030\/revisions"}],"predecessor-version":[{"id":52503,"href":"https:\/\/www.sunnyshop211.com\/en\/wp-json\/wp\/v2\/product\/35030\/revisions\/52503"}],"wp:featuredmedia":[{"embeddable":true,"href":"https:\/\/www.sunnyshop211.com\/en\/wp-json\/wp\/v2\/media\/35039"}],"wp:attachment":[{"href":"https:\/\/www.sunnyshop211.com\/en\/wp-json\/wp\/v2\/media?parent=35030"}],"wp:term":[{"taxonomy":"product_brand","embeddable":true,"href":"https:\/\/www.sunnyshop211.com\/en\/wp-json\/wp\/v2\/product_brand?post=35030"},{"taxonomy":"product_cat","embeddable":true,"href":"https:\/\/www.sunnyshop211.com\/en\/wp-json\/wp\/v2\/product_cat?post=35030"},{"taxonomy":"product_tag","embeddable":true,"href":"https:\/\/www.sunnyshop211.com\/en\/wp-json\/wp\/v2\/product_tag?post=35030"}],"curies":[{"name":"wp","href":"https:\/\/api.w.org\/{rel}","templated":true}]}}