{"id":35023,"date":"2023-05-30T15:49:08","date_gmt":"2023-05-30T14:49:08","guid":{"rendered":"https:\/\/www.sunnyshop211.com\/?post_type=product&#038;p=35023"},"modified":"2025-12-23T18:41:57","modified_gmt":"2025-12-23T17:41:57","slug":"%f0%9f%a7%9c%e2%99%80%ef%b8%8f-mobile-sirene-miniature-accessoire-nursery-bjd-simulation","status":"publish","type":"product","link":"https:\/\/www.sunnyshop211.com\/en\/product\/%f0%9f%a7%9c%e2%99%80%ef%b8%8f-mobile-sirene-miniature-accessoire-nursery-bjd-simulation\/","title":{"rendered":"\ud83e\udddc\u200d\u2640\ufe0f Miniature mermaid mobile - BJD nursery accessory (simulation)"},"content":{"rendered":"<div id='gallery-1' class='gallery galleryid-35023 gallery-columns-3 gallery-size-thumbnail'><figure class='gallery-item'>\n\t\t\t<div class='gallery-icon landscape'>\n\t\t\t\t<a href='https:\/\/www.sunnyshop211.com\/en\/?attachment_id=35034'><img decoding=\"async\" width=\"150\" height=\"150\" src=\"https:\/\/www.sunnyshop211.com\/wp-content\/uploads\/2023\/05\/26-2-150x150.jpg\" class=\"attachment-thumbnail size-thumbnail\" alt=\"Mobile lapin miniature bjd\" srcset=\"https:\/\/www.sunnyshop211.com\/wp-content\/uploads\/2023\/05\/26-2-150x150.jpg 150w, https:\/\/www.sunnyshop211.com\/wp-content\/uploads\/2023\/05\/26-2-scaled-500x500.jpg 500w, https:\/\/www.sunnyshop211.com\/wp-content\/uploads\/2023\/05\/26-2-scaled-100x100.jpg 100w\" sizes=\"(max-width: 150px) 100vw, 150px\" \/><\/a>\n\t\t\t<\/div><\/figure><figure class='gallery-item'>\n\t\t\t<div class='gallery-icon portrait'>\n\t\t\t\t<a href='https:\/\/www.sunnyshop211.com\/en\/?attachment_id=35038'><img decoding=\"async\" width=\"150\" height=\"150\" src=\"https:\/\/www.sunnyshop211.com\/wp-content\/uploads\/2023\/05\/27-2-150x150.jpg\" class=\"attachment-thumbnail size-thumbnail\" alt=\"\" srcset=\"https:\/\/www.sunnyshop211.com\/wp-content\/uploads\/2023\/05\/27-2-150x150.jpg 150w, https:\/\/www.sunnyshop211.com\/wp-content\/uploads\/2023\/05\/27-2-scaled-500x500.jpg 500w, https:\/\/www.sunnyshop211.com\/wp-content\/uploads\/2023\/05\/27-2-scaled-100x100.jpg 100w\" sizes=\"(max-width: 150px) 100vw, 150px\" \/><\/a>\n\t\t\t<\/div><\/figure>\n\t\t<\/div>\n\n<h2 data-start=\"230\" data-end=\"303\">\ud83e\udddc\u200d\u2640\ufe0f <strong data-start=\"236\" data-end=\"301\">Miniature mermaid mobile - BJD nursery accessory (simulation)<\/strong><\/h2>\n<p data-start=\"305\" data-end=\"359\">Miniature decorative accessory - Handcrafted creation<\/p>\n<hr data-start=\"361\" data-end=\"364\" \/>\n<p data-start=\"366\" data-end=\"384\">\ud83c\udf0a <strong data-start=\"369\" data-end=\"384\">Description<\/strong><\/p>\n<p data-start=\"386\" data-end=\"655\">This <strong data-start=\"389\" data-end=\"420\">BJD miniature siren mobile<\/strong> is the ideal decorative accessory to complement your <strong data-start=\"474\" data-end=\"487\">cots<\/strong>, nurseries and miniature care areas.<br data-start=\"529\" data-end=\"532\" \/>With its marine shapes and central mermaid, it adds a soft, fairy-tale, soothing atmosphere to your settings.<\/p>\n<hr data-start=\"657\" data-end=\"660\" \/>\n<p data-start=\"662\" data-end=\"694\">\u2728 <strong data-start=\"664\" data-end=\"694\">Details &amp; features<\/strong><\/p>\n<p data-start=\"696\" data-end=\"709\">\ud83e\uddf8 <strong data-start=\"699\" data-end=\"709\">Model<\/strong><\/p>\n<p data-start=\"711\" data-end=\"810\">- Baby mobile <strong data-start=\"725\" data-end=\"739\">simulation<\/strong><br data-start=\"739\" data-end=\"742\" \/>- Sold <strong data-start=\"750\" data-end=\"775\">fully customized<\/strong>, as shown in the photos<\/p>\n<p data-start=\"812\" data-end=\"840\">\ud83d\udce6 <strong data-start=\"815\" data-end=\"840\">Cell phone composition<\/strong><\/p>\n<p data-start=\"842\" data-end=\"985\">- <strong data-start=\"844\" data-end=\"861\">4 seahorses<\/strong> decorative<br data-start=\"872\" data-end=\"875\" \/>- <strong data-start=\"877\" data-end=\"898\">1 violet siren<\/strong> in the center<br data-start=\"908\" data-end=\"911\" \/>- <strong data-start=\"913\" data-end=\"931\">1 white circle<\/strong> linking elements<br data-start=\"952\" data-end=\"955\" \/>- <strong data-start=\"957\" data-end=\"985\">1 white-painted stand<\/strong><\/p>\n<p data-start=\"987\" data-end=\"1002\">\ud83c\udfa8 <strong data-start=\"990\" data-end=\"1002\">Colors<\/strong><\/p>\n<p data-start=\"1004\" data-end=\"1064\">- Siren: <strong data-start=\"1015\" data-end=\"1027\">violet<\/strong><br data-start=\"1027\" data-end=\"1030\" \/>- Structure and support : <strong data-start=\"1055\" data-end=\"1064\">white<\/strong><\/p>\n<p data-start=\"1066\" data-end=\"1086\">\ud83d\udccf <strong data-start=\"1069\" data-end=\"1086\">Compatibility<\/strong><\/p>\n<p data-start=\"1088\" data-end=\"1182\">- Baby BJD<br data-start=\"1098\" data-end=\"1101\" \/>- Pukifee<br data-start=\"1110\" data-end=\"1113\" \/>- Nappy Choo<br data-start=\"1125\" data-end=\"1128\" \/>- Mini reborn<br data-start=\"1141\" data-end=\"1144\" \/>- Other babies of equivalent size<\/p>\n<p data-start=\"1184\" data-end=\"1310\">\ud83d\udc49 Designed to fit :<br data-start=\"1209\" data-end=\"1212\" \/>- to <strong data-start=\"1218\" data-end=\"1242\">miniature cots<\/strong><br data-start=\"1242\" data-end=\"1245\" \/>- to <strong data-start=\"1250\" data-end=\"1273\">changing unit 1\/4<\/strong> (sold separately in the store)<\/p>\n<hr data-start=\"1312\" data-end=\"1315\" \/>\n<p data-start=\"1317\" data-end=\"1351\">\ud83e\uddf8 <strong data-start=\"1320\" data-end=\"1351\">Use &amp; staging<\/strong><\/p>\n<p data-start=\"1353\" data-end=\"1388\">This mobile is the perfect complement to :<\/p>\n<p data-start=\"1390\" data-end=\"1488\">- Miniature cots<br data-start=\"1416\" data-end=\"1419\" \/>- Fairy nurseries<br data-start=\"1444\" data-end=\"1447\" \/>- Sleep and maternity scenes<\/p>\n<p data-start=\"1490\" data-end=\"1607\">It immediately adds a touch of <strong data-start=\"1529\" data-end=\"1554\">realism and poetry<\/strong>, ideal for soft, dreamlike settings.<\/p>\n<p data-start=\"1609\" data-end=\"1723\">\ud83d\udcb0 <strong data-start=\"1612\" data-end=\"1649\">Price indicated for 1 siren mobile<\/strong><br data-start=\"1649\" data-end=\"1652\" \/>\u26a0\ufe0f Dolls, beds and accessories shown in the photos <strong data-start=\"1708\" data-end=\"1722\">not included<\/strong>.<\/p>\n<hr data-start=\"1725\" data-end=\"1728\" \/>\n<p data-start=\"1730\" data-end=\"1758\">\u2728 <strong data-start=\"1732\" data-end=\"1758\">Handcrafted products<\/strong><\/p>\n<p data-start=\"1760\" data-end=\"1888\">- Craftsmanship<br data-start=\"1781\" data-end=\"1784\" \/>- Each piece is made by hand<br data-start=\"1821\" data-end=\"1824\" \/>- Slight variations in shape or color may occur.<\/p>\n<p data-start=\"1890\" data-end=\"1953\">These differences make each creation unique and charming.<\/p>\n<hr data-start=\"1955\" data-end=\"1958\" \/>\n<p data-start=\"1960\" data-end=\"1986\">\u23f3 <strong data-start=\"1962\" data-end=\"1986\">Manufacturing &amp; lead times<\/strong><\/p>\n<p data-start=\"1988\" data-end=\"2139\">\ud83d\udee0\ufe0f Made-to-order items<br data-start=\"2020\" data-end=\"2023\" \/>Please take into account the manufacturing and delivery times indicated in the <a href=\"https:\/\/www.sunnyshop211.com\/en\/conditions-generales-de-ventes-et-delais-de-livraisons\/\"><strong data-start=\"2105\" data-end=\"2138\">Terms &amp; Conditions<\/strong>.<\/a><\/p>\n<hr data-start=\"2141\" data-end=\"2144\" \/>\n<p data-start=\"2146\" data-end=\"2177\">\u26a0\ufe0f <strong data-start=\"2149\" data-end=\"2177\">Important information<\/strong><\/p>\n<p data-start=\"2179\" data-end=\"2410\">- Fictitious and decorative article<br data-start=\"2208\" data-end=\"2211\" \/>- <strong data-start=\"2213\" data-end=\"2240\">This is not a toy<\/strong><br data-start=\"2240\" data-end=\"2243\" \/>- Intended for an adult and collector audience<br data-start=\"2289\" data-end=\"2292\" \/>- The photos are examples of decoration<br data-start=\"2336\" data-end=\"2339\" \/>- I am not responsible for any damage in transit.<\/p>\n<p data-start=\"2412\" data-end=\"2482\">\ud83d\udcf8 More photos and inspiration :<br data-start=\"2447\" data-end=\"2450\" \/>\ud83d\udc49 <strong data-start=\"2453\" data-end=\"2482\">Instagram: <a href=\"http:\/\/: https:\/\/www.instagram.com\/sunnyshop211\/\">@sunnyshop211<\/a><\/strong><\/p>\n<p>&nbsp;<\/p>","protected":false},"excerpt":{"rendered":"<p>\ud83e\udddc\u200d\u2640\ufe0f Mobile sir\u00e8ne miniature \u2013 Accessoire nursery BJD (simulation) Accessoire d\u00e9coratif miniature \u2013 Cr\u00e9ation artisanale \ud83c\udf0a Description Ce mobile sir\u00e8ne miniature BJD est un accessoire d\u00e9coratif id\u00e9al pour compl\u00e9ter vos lits b\u00e9b\u00e9, nurseries et espaces de soin miniatures.Avec ses formes marines et sa sir\u00e8ne centrale, il apporte une atmosph\u00e8re douce, f\u00e9erique et apaisante \u00e0 vos [&hellip;]<\/p>\n","protected":false},"featured_media":35034,"comment_status":"open","ping_status":"closed","template":"","meta":{"_crdt_document":"","jetpack_post_was_ever_published":false,"jetpack_publicize_message":"","jetpack_publicize_feature_enabled":true,"jetpack_social_post_already_shared":true,"jetpack_social_options":{"image_generator_settings":{"template":"highway","default_image_id":0,"font":"","enabled":false},"version":2}},"product_brand":[],"product_cat":[667686969],"product_tag":[667681137,667681138,667681224,667681136,667681234,667681226,667681725,667681225,667681139,667681144,667681261,667681281,667681173,667681717,667681820,667681141,667681177,667681140,667681235,667681223],"class_list":{"0":"post-35023","1":"product","2":"type-product","3":"status-publish","4":"has-post-thumbnail","6":"product_cat-decoration","7":"product_tag-baby","8":"product_tag-bebe","9":"product_tag-bed-crib","10":"product_tag-bjd","11":"product_tag-diorama","12":"product_tag-doll","13":"product_tag-dolly","14":"product_tag-furniture","15":"product_tag-lati-yellow","16":"product_tag-lit","17":"product_tag-meuble","18":"product_tag-meubles","19":"product_tag-minifee","20":"product_tag-mobile","21":"product_tag-mobile-baby","22":"product_tag-nappy-choo","23":"product_tag-poupee","24":"product_tag-pukifee","25":"product_tag-roombox","26":"product_tag-tour-de-lit","27":"product_shipping_class-colissimo-5","28":"pa_couleur-blanc","29":"pa_couleur-bleu","30":"pa_couleur-rose-pink","32":"first","33":"instock","34":"taxable","35":"shipping-taxable","36":"purchasable","37":"product-type-simple"},"yoast_head":"<!-- This site is optimized with the Yoast SEO plugin v27.4 - https:\/\/yoast.com\/product\/yoast-seo-wordpress\/ -->\n<title>\ud83e\udddc\u200d\u2640\ufe0f Mobile sir\u00e8ne miniature \u2013 Accessoire nursery BJD (simulation) -<\/title>\n<meta name=\"description\" content=\"\ud83e\udddc\u200d\u2640\ufe0f Mobile sir\u00e8ne miniature \u2013 Accessoire nursery BJD (simulation) pukifee, Nappy choo, reborn . Ce mobile miniature accessoirisera vos lits pour b\u00e9b\u00e9s.\" \/>\n<meta name=\"robots\" content=\"index, follow, max-snippet:-1, max-image-preview:large, max-video-preview:-1\" \/>\n<link rel=\"canonical\" href=\"https:\/\/www.sunnyshop211.com\/en\/product\/\ud83e\udddc\u2640\ufe0f-mobile-sirene-miniature-accessoire-nursery-bjd-simulation\/\" \/>\n<meta property=\"og:locale\" content=\"en_US\" \/>\n<meta property=\"og:type\" content=\"article\" \/>\n<meta property=\"og:title\" content=\"\ud83e\udddc\u200d\u2640\ufe0f Mobile sir\u00e8ne miniature \u2013 Accessoire nursery BJD (simulation) -\" \/>\n<meta property=\"og:description\" content=\"\ud83e\udddc\u200d\u2640\ufe0f Mobile sir\u00e8ne miniature \u2013 Accessoire nursery BJD (simulation) pukifee, Nappy choo, reborn . Ce mobile miniature accessoirisera vos lits pour b\u00e9b\u00e9s.\" \/>\n<meta property=\"og:url\" content=\"https:\/\/www.sunnyshop211.com\/en\/product\/\ud83e\udddc\u2640\ufe0f-mobile-sirene-miniature-accessoire-nursery-bjd-simulation\/\" \/>\n<meta property=\"og:site_name\" content=\"Sunnyshop211 -Vente de dioramas, meubles, miniatures , bjd poup\u00e9es 1\/12 1\/8 1\/6 1\/4 1\/3\" \/>\n<meta property=\"article:publisher\" content=\"https:\/\/www.facebook.com\/sunnyshop211\/?ref=bookmarks\" \/>\n<meta property=\"article:modified_time\" content=\"2025-12-23T17:41:57+00:00\" \/>\n<meta property=\"og:image\" content=\"https:\/\/www.sunnyshop211.com\/wp-content\/uploads\/2023\/05\/26-2-scaled.jpg\" \/>\n\t<meta property=\"og:image:width\" content=\"2560\" \/>\n\t<meta property=\"og:image:height\" content=\"1707\" \/>\n\t<meta property=\"og:image:type\" content=\"image\/jpeg\" \/>\n<meta name=\"twitter:card\" content=\"summary_large_image\" \/>\n<meta name=\"twitter:site\" content=\"@sunnyshop211\" \/>\n<meta name=\"twitter:label1\" content=\"Est. reading time\" \/>\n\t<meta name=\"twitter:data1\" content=\"2 minutes\" \/>\n<script type=\"application\/ld+json\" class=\"yoast-schema-graph\">{\"@context\":\"https:\\\/\\\/schema.org\",\"@graph\":[{\"@type\":\"WebPage\",\"@id\":\"https:\\\/\\\/www.sunnyshop211.com\\\/produit\\\/%f0%9f%a7%9c%e2%99%80%ef%b8%8f-mobile-sirene-miniature-accessoire-nursery-bjd-simulation\\\/\",\"url\":\"https:\\\/\\\/www.sunnyshop211.com\\\/produit\\\/%f0%9f%a7%9c%e2%99%80%ef%b8%8f-mobile-sirene-miniature-accessoire-nursery-bjd-simulation\\\/\",\"name\":\"\ud83e\udddc\u200d\u2640\ufe0f Mobile sir\u00e8ne miniature \u2013 Accessoire nursery BJD (simulation) -\",\"isPartOf\":{\"@id\":\"https:\\\/\\\/www.sunnyshop211.com\\\/#website\"},\"primaryImageOfPage\":{\"@id\":\"https:\\\/\\\/www.sunnyshop211.com\\\/produit\\\/%f0%9f%a7%9c%e2%99%80%ef%b8%8f-mobile-sirene-miniature-accessoire-nursery-bjd-simulation\\\/#primaryimage\"},\"image\":{\"@id\":\"https:\\\/\\\/www.sunnyshop211.com\\\/produit\\\/%f0%9f%a7%9c%e2%99%80%ef%b8%8f-mobile-sirene-miniature-accessoire-nursery-bjd-simulation\\\/#primaryimage\"},\"thumbnailUrl\":\"https:\\\/\\\/www.sunnyshop211.com\\\/wp-content\\\/uploads\\\/2023\\\/05\\\/26-2-scaled.jpg\",\"datePublished\":\"2023-05-30T14:49:08+00:00\",\"dateModified\":\"2025-12-23T17:41:57+00:00\",\"description\":\"\ud83e\udddc\u200d\u2640\ufe0f Mobile sir\u00e8ne miniature \u2013 Accessoire nursery BJD (simulation) pukifee, Nappy choo, reborn . Ce mobile miniature accessoirisera vos lits pour b\u00e9b\u00e9s.\",\"breadcrumb\":{\"@id\":\"https:\\\/\\\/www.sunnyshop211.com\\\/produit\\\/%f0%9f%a7%9c%e2%99%80%ef%b8%8f-mobile-sirene-miniature-accessoire-nursery-bjd-simulation\\\/#breadcrumb\"},\"inLanguage\":\"en-US\",\"potentialAction\":[{\"@type\":\"ReadAction\",\"target\":[\"https:\\\/\\\/www.sunnyshop211.com\\\/produit\\\/%f0%9f%a7%9c%e2%99%80%ef%b8%8f-mobile-sirene-miniature-accessoire-nursery-bjd-simulation\\\/\"]}]},{\"@type\":\"ImageObject\",\"inLanguage\":\"en-US\",\"@id\":\"https:\\\/\\\/www.sunnyshop211.com\\\/produit\\\/%f0%9f%a7%9c%e2%99%80%ef%b8%8f-mobile-sirene-miniature-accessoire-nursery-bjd-simulation\\\/#primaryimage\",\"url\":\"https:\\\/\\\/www.sunnyshop211.com\\\/wp-content\\\/uploads\\\/2023\\\/05\\\/26-2-scaled.jpg\",\"contentUrl\":\"https:\\\/\\\/www.sunnyshop211.com\\\/wp-content\\\/uploads\\\/2023\\\/05\\\/26-2-scaled.jpg\",\"width\":2560,\"height\":1707,\"caption\":\"Mobile lapin miniature bjd\"},{\"@type\":\"BreadcrumbList\",\"@id\":\"https:\\\/\\\/www.sunnyshop211.com\\\/produit\\\/%f0%9f%a7%9c%e2%99%80%ef%b8%8f-mobile-sirene-miniature-accessoire-nursery-bjd-simulation\\\/#breadcrumb\",\"itemListElement\":[{\"@type\":\"ListItem\",\"position\":1,\"name\":\"Accueil\",\"item\":\"https:\\\/\\\/www.sunnyshop211.com\\\/\"},{\"@type\":\"ListItem\",\"position\":2,\"name\":\"Boutique\",\"item\":\"https:\\\/\\\/www.sunnyshop211.com\\\/boutique-miniature-bjd-dolls\\\/\"},{\"@type\":\"ListItem\",\"position\":3,\"name\":\"\ud83e\udddc\u200d\u2640\ufe0f Mobile sir\u00e8ne miniature \u2013 Accessoire nursery BJD (simulation)\"}]},{\"@type\":\"WebSite\",\"@id\":\"https:\\\/\\\/www.sunnyshop211.com\\\/#website\",\"url\":\"https:\\\/\\\/www.sunnyshop211.com\\\/\",\"name\":\"Vente de dioramas, meubles, miniatures , bjd poup\u00e9es 1\\\/12 1\\\/8 1\\\/6 1\\\/4 1\\\/3\",\"description\":\"Sunnyshop211 - Votre univers miniature pour poup\u00e9es et BJD, dioramas et meubles sur mesure !\",\"publisher\":{\"@id\":\"https:\\\/\\\/www.sunnyshop211.com\\\/#organization\"},\"alternateName\":\"sunnyshop211\",\"potentialAction\":[{\"@type\":\"SearchAction\",\"target\":{\"@type\":\"EntryPoint\",\"urlTemplate\":\"https:\\\/\\\/www.sunnyshop211.com\\\/?s={search_term_string}\"},\"query-input\":{\"@type\":\"PropertyValueSpecification\",\"valueRequired\":true,\"valueName\":\"search_term_string\"}}],\"inLanguage\":\"en-US\"},{\"@type\":\"Organization\",\"@id\":\"https:\\\/\\\/www.sunnyshop211.com\\\/#organization\",\"name\":\"sunnyshop211\",\"alternateName\":\"sunnyshop211 diorama bjd meuble miniature\",\"url\":\"https:\\\/\\\/www.sunnyshop211.com\\\/\",\"logo\":{\"@type\":\"ImageObject\",\"inLanguage\":\"en-US\",\"@id\":\"https:\\\/\\\/www.sunnyshop211.com\\\/#\\\/schema\\\/logo\\\/image\\\/\",\"url\":\"https:\\\/\\\/www.sunnyshop211.com\\\/wp-content\\\/uploads\\\/2022\\\/08\\\/cropped-cropped-cropped-Sunnyshop211-1.png\",\"contentUrl\":\"https:\\\/\\\/www.sunnyshop211.com\\\/wp-content\\\/uploads\\\/2022\\\/08\\\/cropped-cropped-cropped-Sunnyshop211-1.png\",\"width\":339,\"height\":339,\"caption\":\"sunnyshop211\"},\"image\":{\"@id\":\"https:\\\/\\\/www.sunnyshop211.com\\\/#\\\/schema\\\/logo\\\/image\\\/\"},\"sameAs\":[\"https:\\\/\\\/www.facebook.com\\\/sunnyshop211\\\/?ref=bookmarks\",\"https:\\\/\\\/x.com\\\/sunnyshop211\",\"https:\\\/\\\/www.instagram.com\\\/sunnyshop211\\\/\",\"https:\\\/\\\/www.tumblr.com\\\/blog\\\/sunnyshop211\",\"https:\\\/\\\/www.youtube.com\\\/channel\\\/UCtYY18OGGDKrTSzgcf7fCBg\",\"https:\\\/\\\/www.tiktok.com\\\/@sunnydollshop211?is_from_webapp=1&sender_device=pc\"]}]}<\/script>\n<!-- \/ Yoast SEO plugin. -->","yoast_head_json":{"title":"\ud83e\udddc\u200d\u2640\ufe0f Miniature mermaid mobile - BJD nursery accessory (simulation) -","description":"\ud83e\udddc\u200d\u2640\ufe0f Miniature mermaid mobile - BJD nursery accessory (simulation) pukifee, Nappy choo, reborn . This miniature mobile will accessorize your cribs.","robots":{"index":"index","follow":"follow","max-snippet":"max-snippet:-1","max-image-preview":"max-image-preview:large","max-video-preview":"max-video-preview:-1"},"canonical":"https:\/\/www.sunnyshop211.com\/en\/product\/\ud83e\udddc\u2640\ufe0f-mobile-sirene-miniature-accessoire-nursery-bjd-simulation\/","og_locale":"en_US","og_type":"article","og_title":"\ud83e\udddc\u200d\u2640\ufe0f Mobile sir\u00e8ne miniature \u2013 Accessoire nursery BJD (simulation) -","og_description":"\ud83e\udddc\u200d\u2640\ufe0f Mobile sir\u00e8ne miniature \u2013 Accessoire nursery BJD (simulation) pukifee, Nappy choo, reborn . Ce mobile miniature accessoirisera vos lits pour b\u00e9b\u00e9s.","og_url":"https:\/\/www.sunnyshop211.com\/en\/product\/\ud83e\udddc\u2640\ufe0f-mobile-sirene-miniature-accessoire-nursery-bjd-simulation\/","og_site_name":"Sunnyshop211 -Vente de dioramas, meubles, miniatures , bjd poup\u00e9es 1\/12 1\/8 1\/6 1\/4 1\/3","article_publisher":"https:\/\/www.facebook.com\/sunnyshop211\/?ref=bookmarks","article_modified_time":"2025-12-23T17:41:57+00:00","og_image":[{"width":2560,"height":1707,"url":"https:\/\/www.sunnyshop211.com\/wp-content\/uploads\/2023\/05\/26-2-scaled.jpg","type":"image\/jpeg"}],"twitter_card":"summary_large_image","twitter_site":"@sunnyshop211","twitter_misc":{"Est. reading time":"2 minutes"},"schema":{"@context":"https:\/\/schema.org","@graph":[{"@type":"WebPage","@id":"https:\/\/www.sunnyshop211.com\/produit\/%f0%9f%a7%9c%e2%99%80%ef%b8%8f-mobile-sirene-miniature-accessoire-nursery-bjd-simulation\/","url":"https:\/\/www.sunnyshop211.com\/produit\/%f0%9f%a7%9c%e2%99%80%ef%b8%8f-mobile-sirene-miniature-accessoire-nursery-bjd-simulation\/","name":"\ud83e\udddc\u200d\u2640\ufe0f Miniature mermaid mobile - BJD nursery accessory (simulation) -","isPartOf":{"@id":"https:\/\/www.sunnyshop211.com\/#website"},"primaryImageOfPage":{"@id":"https:\/\/www.sunnyshop211.com\/produit\/%f0%9f%a7%9c%e2%99%80%ef%b8%8f-mobile-sirene-miniature-accessoire-nursery-bjd-simulation\/#primaryimage"},"image":{"@id":"https:\/\/www.sunnyshop211.com\/produit\/%f0%9f%a7%9c%e2%99%80%ef%b8%8f-mobile-sirene-miniature-accessoire-nursery-bjd-simulation\/#primaryimage"},"thumbnailUrl":"https:\/\/www.sunnyshop211.com\/wp-content\/uploads\/2023\/05\/26-2-scaled.jpg","datePublished":"2023-05-30T14:49:08+00:00","dateModified":"2025-12-23T17:41:57+00:00","description":"\ud83e\udddc\u200d\u2640\ufe0f Miniature mermaid mobile - BJD nursery accessory (simulation) pukifee, Nappy choo, reborn . This miniature mobile will accessorize your cribs.","breadcrumb":{"@id":"https:\/\/www.sunnyshop211.com\/produit\/%f0%9f%a7%9c%e2%99%80%ef%b8%8f-mobile-sirene-miniature-accessoire-nursery-bjd-simulation\/#breadcrumb"},"inLanguage":"en-US","potentialAction":[{"@type":"ReadAction","target":["https:\/\/www.sunnyshop211.com\/produit\/%f0%9f%a7%9c%e2%99%80%ef%b8%8f-mobile-sirene-miniature-accessoire-nursery-bjd-simulation\/"]}]},{"@type":"ImageObject","inLanguage":"en-US","@id":"https:\/\/www.sunnyshop211.com\/produit\/%f0%9f%a7%9c%e2%99%80%ef%b8%8f-mobile-sirene-miniature-accessoire-nursery-bjd-simulation\/#primaryimage","url":"https:\/\/www.sunnyshop211.com\/wp-content\/uploads\/2023\/05\/26-2-scaled.jpg","contentUrl":"https:\/\/www.sunnyshop211.com\/wp-content\/uploads\/2023\/05\/26-2-scaled.jpg","width":2560,"height":1707,"caption":"Mobile lapin miniature bjd"},{"@type":"BreadcrumbList","@id":"https:\/\/www.sunnyshop211.com\/produit\/%f0%9f%a7%9c%e2%99%80%ef%b8%8f-mobile-sirene-miniature-accessoire-nursery-bjd-simulation\/#breadcrumb","itemListElement":[{"@type":"ListItem","position":1,"name":"Accueil","item":"https:\/\/www.sunnyshop211.com\/"},{"@type":"ListItem","position":2,"name":"Boutique","item":"https:\/\/www.sunnyshop211.com\/boutique-miniature-bjd-dolls\/"},{"@type":"ListItem","position":3,"name":"\ud83e\udddc\u200d\u2640\ufe0f Mobile sir\u00e8ne miniature \u2013 Accessoire nursery BJD (simulation)"}]},{"@type":"WebSite","@id":"https:\/\/www.sunnyshop211.com\/#website","url":"https:\/\/www.sunnyshop211.com\/","name":"Sale of dioramas, furniture, miniatures, bjd dolls 1\/12 1\/8 1\/6 1\/4 1\/3","description":"Sunnyshop211 - Your miniature world for dolls and BJDs, dioramas and custom-made furniture!","publisher":{"@id":"https:\/\/www.sunnyshop211.com\/#organization"},"alternateName":"sunnyshop211","potentialAction":[{"@type":"SearchAction","target":{"@type":"EntryPoint","urlTemplate":"https:\/\/www.sunnyshop211.com\/?s={search_term_string}"},"query-input":{"@type":"PropertyValueSpecification","valueRequired":true,"valueName":"search_term_string"}}],"inLanguage":"en-US"},{"@type":"Organization","@id":"https:\/\/www.sunnyshop211.com\/#organization","name":"sunnyshop211","alternateName":"sunnyshop211 diorama bjd meuble miniature","url":"https:\/\/www.sunnyshop211.com\/","logo":{"@type":"ImageObject","inLanguage":"en-US","@id":"https:\/\/www.sunnyshop211.com\/#\/schema\/logo\/image\/","url":"https:\/\/www.sunnyshop211.com\/wp-content\/uploads\/2022\/08\/cropped-cropped-cropped-Sunnyshop211-1.png","contentUrl":"https:\/\/www.sunnyshop211.com\/wp-content\/uploads\/2022\/08\/cropped-cropped-cropped-Sunnyshop211-1.png","width":339,"height":339,"caption":"sunnyshop211"},"image":{"@id":"https:\/\/www.sunnyshop211.com\/#\/schema\/logo\/image\/"},"sameAs":["https:\/\/www.facebook.com\/sunnyshop211\/?ref=bookmarks","https:\/\/x.com\/sunnyshop211","https:\/\/www.instagram.com\/sunnyshop211\/","https:\/\/www.tumblr.com\/blog\/sunnyshop211","https:\/\/www.youtube.com\/channel\/UCtYY18OGGDKrTSzgcf7fCBg","https:\/\/www.tiktok.com\/@sunnydollshop211?is_from_webapp=1&sender_device=pc"]}]}},"jetpack_publicize_connections":[],"jetpack_sharing_enabled":true,"_links":{"self":[{"href":"https:\/\/www.sunnyshop211.com\/en\/wp-json\/wp\/v2\/product\/35023","targetHints":{"allow":["GET"]}}],"collection":[{"href":"https:\/\/www.sunnyshop211.com\/en\/wp-json\/wp\/v2\/product"}],"about":[{"href":"https:\/\/www.sunnyshop211.com\/en\/wp-json\/wp\/v2\/types\/product"}],"replies":[{"embeddable":true,"href":"https:\/\/www.sunnyshop211.com\/en\/wp-json\/wp\/v2\/comments?post=35023"}],"version-history":[{"count":3,"href":"https:\/\/www.sunnyshop211.com\/en\/wp-json\/wp\/v2\/product\/35023\/revisions"}],"predecessor-version":[{"id":52501,"href":"https:\/\/www.sunnyshop211.com\/en\/wp-json\/wp\/v2\/product\/35023\/revisions\/52501"}],"wp:featuredmedia":[{"embeddable":true,"href":"https:\/\/www.sunnyshop211.com\/en\/wp-json\/wp\/v2\/media\/35034"}],"wp:attachment":[{"href":"https:\/\/www.sunnyshop211.com\/en\/wp-json\/wp\/v2\/media?parent=35023"}],"wp:term":[{"taxonomy":"product_brand","embeddable":true,"href":"https:\/\/www.sunnyshop211.com\/en\/wp-json\/wp\/v2\/product_brand?post=35023"},{"taxonomy":"product_cat","embeddable":true,"href":"https:\/\/www.sunnyshop211.com\/en\/wp-json\/wp\/v2\/product_cat?post=35023"},{"taxonomy":"product_tag","embeddable":true,"href":"https:\/\/www.sunnyshop211.com\/en\/wp-json\/wp\/v2\/product_tag?post=35023"}],"curies":[{"name":"wp","href":"https:\/\/api.w.org\/{rel}","templated":true}]}}