{"id":35001,"date":"2023-05-30T13:01:20","date_gmt":"2023-05-30T12:01:20","guid":{"rendered":"https:\/\/www.sunnyshop211.com\/?post_type=product&#038;p=35001"},"modified":"2025-12-28T12:19:47","modified_gmt":"2025-12-28T11:19:47","slug":"lampe-nuage-miniature-bjd-baby-nappy-choo-pukifee-reborn","status":"publish","type":"product","link":"https:\/\/www.sunnyshop211.com\/en\/product\/lampe-nuage-miniature-bjd-baby-nappy-choo-pukifee-reborn\/","title":{"rendered":"Miniature cloud lamp bjd baby nappy choo, pukifee, reborn"},"content":{"rendered":"<div id='gallery-1' class='gallery galleryid-35001 gallery-columns-3 gallery-size-thumbnail'><figure class='gallery-item'>\n\t\t\t<div class='gallery-icon portrait'>\n\t\t\t\t<a href='https:\/\/www.sunnyshop211.com\/en\/?attachment_id=35018'><img decoding=\"async\" width=\"150\" height=\"150\" src=\"https:\/\/www.sunnyshop211.com\/wp-content\/uploads\/2023\/05\/20-4-150x150.jpg\" class=\"attachment-thumbnail size-thumbnail\" alt=\"Etoile mer d\u00e9coration miniature\" srcset=\"https:\/\/www.sunnyshop211.com\/wp-content\/uploads\/2023\/05\/20-4-150x150.jpg 150w, https:\/\/www.sunnyshop211.com\/wp-content\/uploads\/2023\/05\/20-4-scaled-500x500.jpg 500w, https:\/\/www.sunnyshop211.com\/wp-content\/uploads\/2023\/05\/20-4-scaled-100x100.jpg 100w\" sizes=\"(max-width: 150px) 100vw, 150px\" \/><\/a>\n\t\t\t<\/div><\/figure><figure class='gallery-item'>\n\t\t\t<div class='gallery-icon landscape'>\n\t\t\t\t<a href='https:\/\/www.sunnyshop211.com\/en\/?attachment_id=35019'><img decoding=\"async\" width=\"150\" height=\"150\" src=\"https:\/\/www.sunnyshop211.com\/wp-content\/uploads\/2023\/05\/21-5-150x150.jpg\" class=\"attachment-thumbnail size-thumbnail\" alt=\"Lampe nuage miniature bjd\" srcset=\"https:\/\/www.sunnyshop211.com\/wp-content\/uploads\/2023\/05\/21-5-150x150.jpg 150w, https:\/\/www.sunnyshop211.com\/wp-content\/uploads\/2023\/05\/21-5-scaled-500x500.jpg 500w, https:\/\/www.sunnyshop211.com\/wp-content\/uploads\/2023\/05\/21-5-scaled-100x100.jpg 100w\" sizes=\"(max-width: 150px) 100vw, 150px\" \/><\/a>\n\t\t\t<\/div><\/figure><figure class='gallery-item'>\n\t\t\t<div class='gallery-icon landscape'>\n\t\t\t\t<a href='https:\/\/www.sunnyshop211.com\/en\/?attachment_id=35020'><img decoding=\"async\" width=\"150\" height=\"150\" src=\"https:\/\/www.sunnyshop211.com\/wp-content\/uploads\/2023\/05\/22-3-150x150.jpg\" class=\"attachment-thumbnail size-thumbnail\" alt=\"Lampe nuage miniature bjd\" srcset=\"https:\/\/www.sunnyshop211.com\/wp-content\/uploads\/2023\/05\/22-3-150x150.jpg 150w, https:\/\/www.sunnyshop211.com\/wp-content\/uploads\/2023\/05\/22-3-scaled-500x500.jpg 500w, https:\/\/www.sunnyshop211.com\/wp-content\/uploads\/2023\/05\/22-3-scaled-100x100.jpg 100w\" sizes=\"(max-width: 150px) 100vw, 150px\" \/><\/a>\n\t\t\t<\/div><\/figure><figure class='gallery-item'>\n\t\t\t<div class='gallery-icon portrait'>\n\t\t\t\t<a href='https:\/\/www.sunnyshop211.com\/en\/?attachment_id=35021'><img loading=\"lazy\" decoding=\"async\" width=\"150\" height=\"150\" src=\"https:\/\/www.sunnyshop211.com\/wp-content\/uploads\/2023\/05\/23-4-150x150.jpg\" class=\"attachment-thumbnail size-thumbnail\" alt=\"\" srcset=\"https:\/\/www.sunnyshop211.com\/wp-content\/uploads\/2023\/05\/23-4-150x150.jpg 150w, https:\/\/www.sunnyshop211.com\/wp-content\/uploads\/2023\/05\/23-4-scaled-500x500.jpg 500w, https:\/\/www.sunnyshop211.com\/wp-content\/uploads\/2023\/05\/23-4-scaled-100x100.jpg 100w\" sizes=\"(max-width: 150px) 100vw, 150px\" \/><\/a>\n\t\t\t<\/div><\/figure>\n\t\t<\/div>\n\n<h2 data-start=\"194\" data-end=\"250\">Miniature cloud lamp - Baby room decoration BJD<\/h2>\n<p data-start=\"251\" data-end=\"291\">BJD baby - Pukifee - Nappy Choo - Reborn<\/p>\n<hr data-start=\"293\" data-end=\"296\" \/>\n<h3 data-start=\"298\" data-end=\"316\">\u2601\ufe0f Description<\/h3>\n<p data-start=\"318\" data-end=\"481\">This <strong data-start=\"324\" data-end=\"349\">miniature cloud lamp<\/strong> is a tender, poetic decorative element, ideal for creating a <strong data-start=\"416\" data-end=\"447\">soft, soothing ambience<\/strong> in your baby dolls' rooms.<\/p>\n<p data-start=\"483\" data-end=\"619\">With its cloud-like shape and delicate lines, it blends perfectly into any environment. <strong data-start=\"576\" data-end=\"618\">nursery, cocooning, fairytale or pastel<\/strong>.<\/p>\n<p data-start=\"621\" data-end=\"715\">\u26a0\ufe0f This is a <strong data-start=\"640\" data-end=\"657\">dummy lamp<\/strong> (non-functional), for decorative purposes only.<\/p>\n<hr data-start=\"717\" data-end=\"720\" \/>\n<h3 data-start=\"722\" data-end=\"742\">\ud83d\udc76 Compatibility<\/h3>\n<p data-start=\"744\" data-end=\"901\">Perfect for baby dolls in <strong data-start=\"792\" data-end=\"799\">1\/8<\/strong>, including :<br data-start=\"812\" data-end=\"815\" \/>- BJD baby<br data-start=\"825\" data-end=\"828\" \/>- Pukifee<br data-start=\"837\" data-end=\"840\" \/>- Nappy Choo<br data-start=\"852\" data-end=\"855\" \/>- Mini reborns and dolls of equivalent size<\/p>\n<hr data-start=\"903\" data-end=\"906\" \/>\n<h3 data-start=\"908\" data-end=\"933\">\ud83c\udfa8 Choice of finishes<\/h3>\n<p data-start=\"935\" data-end=\"954\">You choose :<\/p>\n<p data-start=\"956\" data-end=\"1015\">\u2022 <strong data-start=\"958\" data-end=\"987\">Shade color<\/strong><br data-start=\"987\" data-end=\"990\" \/>\u2022 <strong data-start=\"992\" data-end=\"1015\">The color of the cloud<\/strong><\/p>\n<p data-start=\"1017\" data-end=\"1082\">\ud83d\udc49 It's up to you to modulate according to the mood and theme of your decor.<\/p>\n<hr data-start=\"1084\" data-end=\"1087\" \/>\n<h3 data-start=\"1089\" data-end=\"1106\">\ud83d\udccf Dimensions<\/h3>\n<p data-start=\"1108\" data-end=\"1176\">\u2022 <strong data-start=\"1110\" data-end=\"1121\">Height<\/strong> : 7 cm<br data-start=\"1128\" data-end=\"1131\" \/>\u2022 <strong data-start=\"1133\" data-end=\"1144\">Width<\/strong> Size : 5 cm<br data-start=\"1151\" data-end=\"1154\" \/>(\u2248 2.75 \u00d7 1.96 INCHES)<\/p>\n<hr data-start=\"1178\" data-end=\"1181\" \/>\n<h3 data-start=\"1183\" data-end=\"1213\">\ud83e\udeb5 Materials &amp; manufacturing<\/h3>\n<p data-start=\"1215\" data-end=\"1289\">- Made in <strong data-start=\"1229\" data-end=\"1239\">resin<\/strong><br data-start=\"1239\" data-end=\"1242\" \/>\u2022 <strong data-start=\"1244\" data-end=\"1270\">Handcrafted products<\/strong>, hand-made<\/p>\n<p data-start=\"1291\" data-end=\"1473\">Each piece is unique: slight variations in shape, color or finish, as well as small imperfections, may be present and are part of the charm of handmade.<\/p>\n<hr data-start=\"1475\" data-end=\"1478\" \/>\n<h3 data-start=\"1480\" data-end=\"1502\">\ud83c\udfe1 Combine with<\/h3>\n<p data-start=\"1504\" data-end=\"1670\">This miniature cloud lamp is ideal for :<br data-start=\"1549\" data-end=\"1552\" \/>- BJD baby chambers<br data-start=\"1575\" data-end=\"1578\" \/>- beds, cradles and bassinets<br data-start=\"1606\" data-end=\"1609\" \/>- bedtime or night scenes<br data-start=\"1639\" data-end=\"1642\" \/>- soft, poetic settings<\/p>\n<p data-start=\"1672\" data-end=\"1780\">\ud83d\udc49 Other matching lamps, furniture and decorations are available separately in my store.<\/p>\n<hr data-start=\"1782\" data-end=\"1785\" \/>\n<h3 data-start=\"1787\" data-end=\"1818\">\u26a0\ufe0f Important information<\/h3>\n<p data-start=\"1820\" data-end=\"2164\">\u2022 <strong data-start=\"1822\" data-end=\"1859\">Dummy lamp - non-functional<\/strong><br data-start=\"1859\" data-end=\"1862\" \/>\u2022 <strong data-start=\"1864\" data-end=\"1894\">Price is for one lamp<\/strong><br data-start=\"1894\" data-end=\"1897\" \/>- The photos are examples of staging<br data-start=\"1944\" data-end=\"1947\" \/>\u2022 <strong data-start=\"1949\" data-end=\"1978\">Only the lamp is sold<\/strong> (dolls and accessories not included)<br data-start=\"2014\" data-end=\"2017\" \/>\u2022 <strong data-start=\"2019\" data-end=\"2046\">This is not a toy<\/strong><br data-start=\"2046\" data-end=\"2049\" \/>- Article for a <strong data-start=\"2072\" data-end=\"2100\">adult audience only<\/strong><br data-start=\"2100\" data-end=\"2103\" \/>- I'm not responsible for shipping damage<\/p>\n<hr data-start=\"2166\" data-end=\"2169\" \/>\n<h3 data-start=\"2171\" data-end=\"2198\">\ud83d\udce6 Manufacturing &amp; lead times<\/h3>\n<p data-start=\"2200\" data-end=\"2371\">- Article <strong data-start=\"2210\" data-end=\"2234\">made to order<\/strong><br data-start=\"2234\" data-end=\"2237\" \/>- Please note <strong data-start=\"2265\" data-end=\"2306\">manufacturing and shipping times<\/strong><br data-start=\"2306\" data-end=\"2309\" \/>\u27a1\ufe0f See <em data-start=\"2317\" data-end=\"2371\">Terms and conditions of sale and delivery times<\/em><\/p>\n<hr data-start=\"2373\" data-end=\"2376\" \/>\n<h3 data-start=\"2378\" data-end=\"2414\">\ud83d\udcf8 More photos &amp; inspiration<\/h3>\n<p data-start=\"2416\" data-end=\"2458\">\ud83d\udc49 <a class=\"decorated-link\" href=\"https:\/\/www.instagram.com\/sunnyshop211\/\" target=\"_new\" rel=\"noopener\" data-start=\"2419\" data-end=\"2458\">https:\/\/www.instagram.com\/sunnyshop211\/<\/a><\/p>\n<hr data-start=\"2460\" data-end=\"2463\" \/>\n<p data-start=\"2465\" data-end=\"2621\">\u2601\ufe0f\u2728 One <strong data-start=\"2473\" data-end=\"2516\">miniature cloud lamp full of softness<\/strong>, perfect for enhancing your baby dolls' rooms and creating soothing, enchanting settings.<\/p>","protected":false},"excerpt":{"rendered":"<p>Lampe nuage miniature \u2013 d\u00e9coration chambre b\u00e9b\u00e9 BJD BJD baby \u2013 Pukifee \u2013 Nappy Choo \u2013 Reborn \u2601\ufe0f Description Cette lampe nuage miniature est un \u00e9l\u00e9ment d\u00e9coratif tendre et po\u00e9tique, id\u00e9al pour cr\u00e9er une ambiance douce et apaisante dans vos chambres de b\u00e9b\u00e9s dolls. Avec sa forme de nuage et ses lignes d\u00e9licates, elle s\u2019int\u00e8gre [&hellip;]<\/p>\n","protected":false},"featured_media":35020,"comment_status":"open","ping_status":"closed","template":"","meta":{"_crdt_document":"","jetpack_post_was_ever_published":false,"jetpack_publicize_message":"","jetpack_publicize_feature_enabled":true,"jetpack_social_post_already_shared":true,"jetpack_social_options":{"image_generator_settings":{"template":"highway","default_image_id":0,"font":"","enabled":false},"version":2}},"product_brand":[],"product_cat":[667686969],"product_tag":[667681137,667681138,667681143,667681341,667681136,667683647,667683645,667683643,667681142,667681234,667681226,667681233,667681241,667681350,667681139,667681144,667681426,667681261,667681232,667681141,667681723,667681140,667683649],"class_list":{"0":"post-35001","1":"product","2":"type-product","3":"status-publish","4":"has-post-thumbnail","6":"product_cat-decoration","7":"product_tag-baby","8":"product_tag-bebe","9":"product_tag-bedroom","10":"product_tag-bid","11":"product_tag-bjd","12":"product_tag-box","13":"product_tag-caisse","14":"product_tag-caisse-rangement","15":"product_tag-chambre","16":"product_tag-diorama","17":"product_tag-doll","18":"product_tag-dollhouse","19":"product_tag-iplehouse","20":"product_tag-lampe","21":"product_tag-lati-yellow","22":"product_tag-lit","23":"product_tag-littlefee","24":"product_tag-meuble","25":"product_tag-miniature","26":"product_tag-nappy-choo","27":"product_tag-ours","28":"product_tag-pukifee","29":"product_tag-storage","30":"product_shipping_class-colissimo-5","31":"pa_couleur-blanc","32":"pa_couleur-bleu","33":"pa_couleur-rose-pink","35":"first","36":"instock","37":"taxable","38":"shipping-taxable","39":"purchasable","40":"product-type-variable"},"yoast_head":"<!-- This site is optimized with the Yoast SEO plugin v27.4 - https:\/\/yoast.com\/product\/yoast-seo-wordpress\/ -->\n<title>Lampe nuage miniature bjd baby nappy choo, pukifee, reborn -<\/title>\n<meta name=\"description\" content=\"Lampe nuage miniature bjd baby nappy choo, pukifee, reborn , lati yellow. Cette petite lampe habillera parfaitement vos chambre de b\u00e9b\u00e9.\" \/>\n<meta name=\"robots\" content=\"index, follow, max-snippet:-1, max-image-preview:large, max-video-preview:-1\" \/>\n<link rel=\"canonical\" href=\"https:\/\/www.sunnyshop211.com\/en\/product\/lampe-nuage-miniature-bjd-baby-nappy-choo-pukifee-reborn\/\" \/>\n<meta property=\"og:locale\" content=\"en_US\" \/>\n<meta property=\"og:type\" content=\"article\" \/>\n<meta property=\"og:title\" content=\"Lampe nuage miniature bjd baby nappy choo, pukifee, reborn -\" \/>\n<meta property=\"og:description\" content=\"Lampe nuage miniature bjd baby nappy choo, pukifee, reborn , lati yellow. Cette petite lampe habillera parfaitement vos chambre de b\u00e9b\u00e9.\" \/>\n<meta property=\"og:url\" content=\"https:\/\/www.sunnyshop211.com\/en\/product\/lampe-nuage-miniature-bjd-baby-nappy-choo-pukifee-reborn\/\" \/>\n<meta property=\"og:site_name\" content=\"Sunnyshop211 -Vente de dioramas, meubles, miniatures , bjd poup\u00e9es 1\/12 1\/8 1\/6 1\/4 1\/3\" \/>\n<meta property=\"article:publisher\" content=\"https:\/\/www.facebook.com\/sunnyshop211\/?ref=bookmarks\" \/>\n<meta property=\"article:modified_time\" content=\"2025-12-28T11:19:47+00:00\" \/>\n<meta property=\"og:image\" content=\"https:\/\/www.sunnyshop211.com\/wp-content\/uploads\/2023\/05\/22-3-scaled.jpg\" \/>\n\t<meta property=\"og:image:width\" content=\"2560\" \/>\n\t<meta property=\"og:image:height\" content=\"1707\" \/>\n\t<meta property=\"og:image:type\" content=\"image\/jpeg\" \/>\n<meta name=\"twitter:card\" content=\"summary_large_image\" \/>\n<meta name=\"twitter:site\" content=\"@sunnyshop211\" \/>\n<meta name=\"twitter:label1\" content=\"Est. reading time\" \/>\n\t<meta name=\"twitter:data1\" content=\"3 minutes\" \/>\n<script type=\"application\/ld+json\" class=\"yoast-schema-graph\">{\"@context\":\"https:\\\/\\\/schema.org\",\"@graph\":[{\"@type\":\"WebPage\",\"@id\":\"https:\\\/\\\/www.sunnyshop211.com\\\/produit\\\/lampe-nuage-miniature-bjd-baby-nappy-choo-pukifee-reborn\\\/\",\"url\":\"https:\\\/\\\/www.sunnyshop211.com\\\/produit\\\/lampe-nuage-miniature-bjd-baby-nappy-choo-pukifee-reborn\\\/\",\"name\":\"Lampe nuage miniature bjd baby nappy choo, pukifee, reborn -\",\"isPartOf\":{\"@id\":\"https:\\\/\\\/www.sunnyshop211.com\\\/#website\"},\"primaryImageOfPage\":{\"@id\":\"https:\\\/\\\/www.sunnyshop211.com\\\/produit\\\/lampe-nuage-miniature-bjd-baby-nappy-choo-pukifee-reborn\\\/#primaryimage\"},\"image\":{\"@id\":\"https:\\\/\\\/www.sunnyshop211.com\\\/produit\\\/lampe-nuage-miniature-bjd-baby-nappy-choo-pukifee-reborn\\\/#primaryimage\"},\"thumbnailUrl\":\"https:\\\/\\\/www.sunnyshop211.com\\\/wp-content\\\/uploads\\\/2023\\\/05\\\/22-3-scaled.jpg\",\"datePublished\":\"2023-05-30T12:01:20+00:00\",\"dateModified\":\"2025-12-28T11:19:47+00:00\",\"description\":\"Lampe nuage miniature bjd baby nappy choo, pukifee, reborn , lati yellow. Cette petite lampe habillera parfaitement vos chambre de b\u00e9b\u00e9.\",\"breadcrumb\":{\"@id\":\"https:\\\/\\\/www.sunnyshop211.com\\\/produit\\\/lampe-nuage-miniature-bjd-baby-nappy-choo-pukifee-reborn\\\/#breadcrumb\"},\"inLanguage\":\"en-US\",\"potentialAction\":[{\"@type\":\"ReadAction\",\"target\":[\"https:\\\/\\\/www.sunnyshop211.com\\\/produit\\\/lampe-nuage-miniature-bjd-baby-nappy-choo-pukifee-reborn\\\/\"]}]},{\"@type\":\"ImageObject\",\"inLanguage\":\"en-US\",\"@id\":\"https:\\\/\\\/www.sunnyshop211.com\\\/produit\\\/lampe-nuage-miniature-bjd-baby-nappy-choo-pukifee-reborn\\\/#primaryimage\",\"url\":\"https:\\\/\\\/www.sunnyshop211.com\\\/wp-content\\\/uploads\\\/2023\\\/05\\\/22-3-scaled.jpg\",\"contentUrl\":\"https:\\\/\\\/www.sunnyshop211.com\\\/wp-content\\\/uploads\\\/2023\\\/05\\\/22-3-scaled.jpg\",\"width\":2560,\"height\":1707,\"caption\":\"Lampe nuage miniature bjd\"},{\"@type\":\"BreadcrumbList\",\"@id\":\"https:\\\/\\\/www.sunnyshop211.com\\\/produit\\\/lampe-nuage-miniature-bjd-baby-nappy-choo-pukifee-reborn\\\/#breadcrumb\",\"itemListElement\":[{\"@type\":\"ListItem\",\"position\":1,\"name\":\"Accueil\",\"item\":\"https:\\\/\\\/www.sunnyshop211.com\\\/\"},{\"@type\":\"ListItem\",\"position\":2,\"name\":\"Boutique\",\"item\":\"https:\\\/\\\/www.sunnyshop211.com\\\/boutique-miniature-bjd-dolls\\\/\"},{\"@type\":\"ListItem\",\"position\":3,\"name\":\"Lampe nuage miniature bjd baby nappy choo, pukifee, reborn\"}]},{\"@type\":\"WebSite\",\"@id\":\"https:\\\/\\\/www.sunnyshop211.com\\\/#website\",\"url\":\"https:\\\/\\\/www.sunnyshop211.com\\\/\",\"name\":\"Vente de dioramas, meubles, miniatures , bjd poup\u00e9es 1\\\/12 1\\\/8 1\\\/6 1\\\/4 1\\\/3\",\"description\":\"Sunnyshop211 - Votre univers miniature pour poup\u00e9es et BJD, dioramas et meubles sur mesure !\",\"publisher\":{\"@id\":\"https:\\\/\\\/www.sunnyshop211.com\\\/#organization\"},\"alternateName\":\"sunnyshop211\",\"potentialAction\":[{\"@type\":\"SearchAction\",\"target\":{\"@type\":\"EntryPoint\",\"urlTemplate\":\"https:\\\/\\\/www.sunnyshop211.com\\\/?s={search_term_string}\"},\"query-input\":{\"@type\":\"PropertyValueSpecification\",\"valueRequired\":true,\"valueName\":\"search_term_string\"}}],\"inLanguage\":\"en-US\"},{\"@type\":\"Organization\",\"@id\":\"https:\\\/\\\/www.sunnyshop211.com\\\/#organization\",\"name\":\"sunnyshop211\",\"alternateName\":\"sunnyshop211 diorama bjd meuble miniature\",\"url\":\"https:\\\/\\\/www.sunnyshop211.com\\\/\",\"logo\":{\"@type\":\"ImageObject\",\"inLanguage\":\"en-US\",\"@id\":\"https:\\\/\\\/www.sunnyshop211.com\\\/#\\\/schema\\\/logo\\\/image\\\/\",\"url\":\"https:\\\/\\\/www.sunnyshop211.com\\\/wp-content\\\/uploads\\\/2022\\\/08\\\/cropped-cropped-cropped-Sunnyshop211-1.png\",\"contentUrl\":\"https:\\\/\\\/www.sunnyshop211.com\\\/wp-content\\\/uploads\\\/2022\\\/08\\\/cropped-cropped-cropped-Sunnyshop211-1.png\",\"width\":339,\"height\":339,\"caption\":\"sunnyshop211\"},\"image\":{\"@id\":\"https:\\\/\\\/www.sunnyshop211.com\\\/#\\\/schema\\\/logo\\\/image\\\/\"},\"sameAs\":[\"https:\\\/\\\/www.facebook.com\\\/sunnyshop211\\\/?ref=bookmarks\",\"https:\\\/\\\/x.com\\\/sunnyshop211\",\"https:\\\/\\\/www.instagram.com\\\/sunnyshop211\\\/\",\"https:\\\/\\\/www.tumblr.com\\\/blog\\\/sunnyshop211\",\"https:\\\/\\\/www.youtube.com\\\/channel\\\/UCtYY18OGGDKrTSzgcf7fCBg\",\"https:\\\/\\\/www.tiktok.com\\\/@sunnydollshop211?is_from_webapp=1&sender_device=pc\"]}]}<\/script>\n<!-- \/ Yoast SEO plugin. -->","yoast_head_json":{"title":"Miniature cloud lamp bjd baby nappy choo, pukifee, reborn -","description":"Miniature cloud lamp bjd baby nappy choo, pukifee, reborn , lati yellow. This little lamp is the perfect addition to your baby's room.","robots":{"index":"index","follow":"follow","max-snippet":"max-snippet:-1","max-image-preview":"max-image-preview:large","max-video-preview":"max-video-preview:-1"},"canonical":"https:\/\/www.sunnyshop211.com\/en\/product\/lampe-nuage-miniature-bjd-baby-nappy-choo-pukifee-reborn\/","og_locale":"en_US","og_type":"article","og_title":"Lampe nuage miniature bjd baby nappy choo, pukifee, reborn -","og_description":"Lampe nuage miniature bjd baby nappy choo, pukifee, reborn , lati yellow. Cette petite lampe habillera parfaitement vos chambre de b\u00e9b\u00e9.","og_url":"https:\/\/www.sunnyshop211.com\/en\/product\/lampe-nuage-miniature-bjd-baby-nappy-choo-pukifee-reborn\/","og_site_name":"Sunnyshop211 -Vente de dioramas, meubles, miniatures , bjd poup\u00e9es 1\/12 1\/8 1\/6 1\/4 1\/3","article_publisher":"https:\/\/www.facebook.com\/sunnyshop211\/?ref=bookmarks","article_modified_time":"2025-12-28T11:19:47+00:00","og_image":[{"width":2560,"height":1707,"url":"https:\/\/www.sunnyshop211.com\/wp-content\/uploads\/2023\/05\/22-3-scaled.jpg","type":"image\/jpeg"}],"twitter_card":"summary_large_image","twitter_site":"@sunnyshop211","twitter_misc":{"Est. reading time":"3 minutes"},"schema":{"@context":"https:\/\/schema.org","@graph":[{"@type":"WebPage","@id":"https:\/\/www.sunnyshop211.com\/produit\/lampe-nuage-miniature-bjd-baby-nappy-choo-pukifee-reborn\/","url":"https:\/\/www.sunnyshop211.com\/produit\/lampe-nuage-miniature-bjd-baby-nappy-choo-pukifee-reborn\/","name":"Miniature cloud lamp bjd baby nappy choo, pukifee, reborn -","isPartOf":{"@id":"https:\/\/www.sunnyshop211.com\/#website"},"primaryImageOfPage":{"@id":"https:\/\/www.sunnyshop211.com\/produit\/lampe-nuage-miniature-bjd-baby-nappy-choo-pukifee-reborn\/#primaryimage"},"image":{"@id":"https:\/\/www.sunnyshop211.com\/produit\/lampe-nuage-miniature-bjd-baby-nappy-choo-pukifee-reborn\/#primaryimage"},"thumbnailUrl":"https:\/\/www.sunnyshop211.com\/wp-content\/uploads\/2023\/05\/22-3-scaled.jpg","datePublished":"2023-05-30T12:01:20+00:00","dateModified":"2025-12-28T11:19:47+00:00","description":"Miniature cloud lamp bjd baby nappy choo, pukifee, reborn , lati yellow. This little lamp is the perfect addition to your baby's room.","breadcrumb":{"@id":"https:\/\/www.sunnyshop211.com\/produit\/lampe-nuage-miniature-bjd-baby-nappy-choo-pukifee-reborn\/#breadcrumb"},"inLanguage":"en-US","potentialAction":[{"@type":"ReadAction","target":["https:\/\/www.sunnyshop211.com\/produit\/lampe-nuage-miniature-bjd-baby-nappy-choo-pukifee-reborn\/"]}]},{"@type":"ImageObject","inLanguage":"en-US","@id":"https:\/\/www.sunnyshop211.com\/produit\/lampe-nuage-miniature-bjd-baby-nappy-choo-pukifee-reborn\/#primaryimage","url":"https:\/\/www.sunnyshop211.com\/wp-content\/uploads\/2023\/05\/22-3-scaled.jpg","contentUrl":"https:\/\/www.sunnyshop211.com\/wp-content\/uploads\/2023\/05\/22-3-scaled.jpg","width":2560,"height":1707,"caption":"Lampe nuage miniature bjd"},{"@type":"BreadcrumbList","@id":"https:\/\/www.sunnyshop211.com\/produit\/lampe-nuage-miniature-bjd-baby-nappy-choo-pukifee-reborn\/#breadcrumb","itemListElement":[{"@type":"ListItem","position":1,"name":"Accueil","item":"https:\/\/www.sunnyshop211.com\/"},{"@type":"ListItem","position":2,"name":"Boutique","item":"https:\/\/www.sunnyshop211.com\/boutique-miniature-bjd-dolls\/"},{"@type":"ListItem","position":3,"name":"Lampe nuage miniature bjd baby nappy choo, pukifee, reborn"}]},{"@type":"WebSite","@id":"https:\/\/www.sunnyshop211.com\/#website","url":"https:\/\/www.sunnyshop211.com\/","name":"Sale of dioramas, furniture, miniatures, bjd dolls 1\/12 1\/8 1\/6 1\/4 1\/3","description":"Sunnyshop211 - Your miniature world for dolls and BJDs, dioramas and custom-made furniture!","publisher":{"@id":"https:\/\/www.sunnyshop211.com\/#organization"},"alternateName":"sunnyshop211","potentialAction":[{"@type":"SearchAction","target":{"@type":"EntryPoint","urlTemplate":"https:\/\/www.sunnyshop211.com\/?s={search_term_string}"},"query-input":{"@type":"PropertyValueSpecification","valueRequired":true,"valueName":"search_term_string"}}],"inLanguage":"en-US"},{"@type":"Organization","@id":"https:\/\/www.sunnyshop211.com\/#organization","name":"sunnyshop211","alternateName":"sunnyshop211 diorama bjd meuble miniature","url":"https:\/\/www.sunnyshop211.com\/","logo":{"@type":"ImageObject","inLanguage":"en-US","@id":"https:\/\/www.sunnyshop211.com\/#\/schema\/logo\/image\/","url":"https:\/\/www.sunnyshop211.com\/wp-content\/uploads\/2022\/08\/cropped-cropped-cropped-Sunnyshop211-1.png","contentUrl":"https:\/\/www.sunnyshop211.com\/wp-content\/uploads\/2022\/08\/cropped-cropped-cropped-Sunnyshop211-1.png","width":339,"height":339,"caption":"sunnyshop211"},"image":{"@id":"https:\/\/www.sunnyshop211.com\/#\/schema\/logo\/image\/"},"sameAs":["https:\/\/www.facebook.com\/sunnyshop211\/?ref=bookmarks","https:\/\/x.com\/sunnyshop211","https:\/\/www.instagram.com\/sunnyshop211\/","https:\/\/www.tumblr.com\/blog\/sunnyshop211","https:\/\/www.youtube.com\/channel\/UCtYY18OGGDKrTSzgcf7fCBg","https:\/\/www.tiktok.com\/@sunnydollshop211?is_from_webapp=1&sender_device=pc"]}]}},"jetpack_publicize_connections":[],"jetpack_sharing_enabled":true,"_links":{"self":[{"href":"https:\/\/www.sunnyshop211.com\/en\/wp-json\/wp\/v2\/product\/35001","targetHints":{"allow":["GET"]}}],"collection":[{"href":"https:\/\/www.sunnyshop211.com\/en\/wp-json\/wp\/v2\/product"}],"about":[{"href":"https:\/\/www.sunnyshop211.com\/en\/wp-json\/wp\/v2\/types\/product"}],"replies":[{"embeddable":true,"href":"https:\/\/www.sunnyshop211.com\/en\/wp-json\/wp\/v2\/comments?post=35001"}],"version-history":[{"count":3,"href":"https:\/\/www.sunnyshop211.com\/en\/wp-json\/wp\/v2\/product\/35001\/revisions"}],"predecessor-version":[{"id":53151,"href":"https:\/\/www.sunnyshop211.com\/en\/wp-json\/wp\/v2\/product\/35001\/revisions\/53151"}],"wp:featuredmedia":[{"embeddable":true,"href":"https:\/\/www.sunnyshop211.com\/en\/wp-json\/wp\/v2\/media\/35020"}],"wp:attachment":[{"href":"https:\/\/www.sunnyshop211.com\/en\/wp-json\/wp\/v2\/media?parent=35001"}],"wp:term":[{"taxonomy":"product_brand","embeddable":true,"href":"https:\/\/www.sunnyshop211.com\/en\/wp-json\/wp\/v2\/product_brand?post=35001"},{"taxonomy":"product_cat","embeddable":true,"href":"https:\/\/www.sunnyshop211.com\/en\/wp-json\/wp\/v2\/product_cat?post=35001"},{"taxonomy":"product_tag","embeddable":true,"href":"https:\/\/www.sunnyshop211.com\/en\/wp-json\/wp\/v2\/product_tag?post=35001"}],"curies":[{"name":"wp","href":"https:\/\/api.w.org\/{rel}","templated":true}]}}