{"id":34540,"date":"2023-05-27T15:09:55","date_gmt":"2023-05-27T14:09:55","guid":{"rendered":"https:\/\/www.sunnyshop211.com\/?post_type=product&#038;p=34540"},"modified":"2026-03-09T16:43:36","modified_gmt":"2026-03-09T15:43:36","slug":"buste-silhouette-grossesse-1-6-1-4-barbie-minifee-msd","status":"publish","type":"product","link":"https:\/\/www.sunnyshop211.com\/en\/product\/buste-silhouette-grossesse-1-6-1-4-barbie-minifee-msd\/","title":{"rendered":"Pregnancy silhouette bust 1\/6 1\/4 1\/3 Barbie, Minifee, SD,"},"content":{"rendered":"<div id='gallery-1' class='gallery galleryid-34540 gallery-columns-3 gallery-size-thumbnail'><figure class='gallery-item'>\n\t\t\t<div class='gallery-icon portrait'>\n\t\t\t\t<a href='https:\/\/www.sunnyshop211.com\/en\/?attachment_id=35657'><img decoding=\"async\" width=\"150\" height=\"150\" src=\"https:\/\/www.sunnyshop211.com\/wp-content\/uploads\/2023\/05\/magasin-grossesse-7-150x150.jpg\" class=\"attachment-thumbnail size-thumbnail\" alt=\"Buste silhouette Barbie minifee\" srcset=\"https:\/\/www.sunnyshop211.com\/wp-content\/uploads\/2023\/05\/magasin-grossesse-7-150x150.jpg 150w, https:\/\/www.sunnyshop211.com\/wp-content\/uploads\/2023\/05\/magasin-grossesse-7-scaled-500x500.jpg 500w, https:\/\/www.sunnyshop211.com\/wp-content\/uploads\/2023\/05\/magasin-grossesse-7-scaled-100x100.jpg 100w\" sizes=\"(max-width: 150px) 100vw, 150px\" \/><\/a>\n\t\t\t<\/div><\/figure><figure class='gallery-item'>\n\t\t\t<div class='gallery-icon portrait'>\n\t\t\t\t<a href='https:\/\/www.sunnyshop211.com\/en\/?attachment_id=34512'><img decoding=\"async\" width=\"150\" height=\"150\" src=\"https:\/\/www.sunnyshop211.com\/wp-content\/uploads\/2023\/05\/19-1-150x150.jpg\" class=\"attachment-thumbnail size-thumbnail\" alt=\"Buste silhouette Barbie minifee\" srcset=\"https:\/\/www.sunnyshop211.com\/wp-content\/uploads\/2023\/05\/19-1-150x150.jpg 150w, https:\/\/www.sunnyshop211.com\/wp-content\/uploads\/2023\/05\/19-1-scaled-500x500.jpg 500w, https:\/\/www.sunnyshop211.com\/wp-content\/uploads\/2023\/05\/19-1-scaled-100x100.jpg 100w\" sizes=\"(max-width: 150px) 100vw, 150px\" \/><\/a>\n\t\t\t<\/div><\/figure><figure class='gallery-item'>\n\t\t\t<div class='gallery-icon portrait'>\n\t\t\t\t<a href='https:\/\/www.sunnyshop211.com\/en\/?attachment_id=34511'><img decoding=\"async\" width=\"150\" height=\"150\" src=\"https:\/\/www.sunnyshop211.com\/wp-content\/uploads\/2023\/05\/18-1-150x150.jpg\" class=\"attachment-thumbnail size-thumbnail\" alt=\"\" srcset=\"https:\/\/www.sunnyshop211.com\/wp-content\/uploads\/2023\/05\/18-1-150x150.jpg 150w, https:\/\/www.sunnyshop211.com\/wp-content\/uploads\/2023\/05\/18-1-scaled-500x500.jpg 500w, https:\/\/www.sunnyshop211.com\/wp-content\/uploads\/2023\/05\/18-1-scaled-100x100.jpg 100w\" sizes=\"(max-width: 150px) 100vw, 150px\" \/><\/a>\n\t\t\t<\/div><\/figure><figure class='gallery-item'>\n\t\t\t<div class='gallery-icon portrait'>\n\t\t\t\t<a href='https:\/\/www.sunnyshop211.com\/en\/?attachment_id=34510'><img loading=\"lazy\" decoding=\"async\" width=\"150\" height=\"150\" src=\"https:\/\/www.sunnyshop211.com\/wp-content\/uploads\/2023\/05\/17-1-150x150.jpg\" class=\"attachment-thumbnail size-thumbnail\" alt=\"Buste silhouette Barbie minifee\" srcset=\"https:\/\/www.sunnyshop211.com\/wp-content\/uploads\/2023\/05\/17-1-150x150.jpg 150w, https:\/\/www.sunnyshop211.com\/wp-content\/uploads\/2023\/05\/17-1-scaled-500x500.jpg 500w, https:\/\/www.sunnyshop211.com\/wp-content\/uploads\/2023\/05\/17-1-scaled-100x100.jpg 100w\" sizes=\"(max-width: 150px) 100vw, 150px\" \/><\/a>\n\t\t\t<\/div><\/figure><figure class='gallery-item'>\n\t\t\t<div class='gallery-icon landscape'>\n\t\t\t\t<a href='https:\/\/www.sunnyshop211.com\/en\/?attachment_id=34508'><img loading=\"lazy\" decoding=\"async\" width=\"150\" height=\"150\" src=\"https:\/\/www.sunnyshop211.com\/wp-content\/uploads\/2023\/05\/15-1-150x150.jpg\" class=\"attachment-thumbnail size-thumbnail\" alt=\"Magasin 1\/6 1\/4 miniature\" srcset=\"https:\/\/www.sunnyshop211.com\/wp-content\/uploads\/2023\/05\/15-1-150x150.jpg 150w, https:\/\/www.sunnyshop211.com\/wp-content\/uploads\/2023\/05\/15-1-scaled-500x500.jpg 500w, https:\/\/www.sunnyshop211.com\/wp-content\/uploads\/2023\/05\/15-1-scaled-100x100.jpg 100w, https:\/\/www.sunnyshop211.com\/wp-content\/uploads\/2023\/05\/15-1-12x12.jpg 12w\" sizes=\"(max-width: 150px) 100vw, 150px\" \/><\/a>\n\t\t\t<\/div><\/figure><figure class='gallery-item'>\n\t\t\t<div class='gallery-icon landscape'>\n\t\t\t\t<a href='https:\/\/www.sunnyshop211.com\/en\/?attachment_id=34507'><img loading=\"lazy\" decoding=\"async\" width=\"150\" height=\"150\" src=\"https:\/\/www.sunnyshop211.com\/wp-content\/uploads\/2023\/05\/14-2-150x150.jpg\" class=\"attachment-thumbnail size-thumbnail\" alt=\"Buste silhouette Barbie minifee\" srcset=\"https:\/\/www.sunnyshop211.com\/wp-content\/uploads\/2023\/05\/14-2-150x150.jpg 150w, https:\/\/www.sunnyshop211.com\/wp-content\/uploads\/2023\/05\/14-2-scaled-500x500.jpg 500w, https:\/\/www.sunnyshop211.com\/wp-content\/uploads\/2023\/05\/14-2-scaled-100x100.jpg 100w\" sizes=\"(max-width: 150px) 100vw, 150px\" \/><\/a>\n\t\t\t<\/div><\/figure>\n\t\t<\/div>\n\n<h2 data-start=\"105\" data-end=\"156\">Miniature pregnancy silhouette bust - 1\/6 - 1\/4- 1\/3<\/h2>\n<p data-start=\"158\" data-end=\"178\">\u2500\u2500\u2500\u2500\u2500\u2500\u2500\u2500\u2500\u2500\u2500\u2500\u2500\u2500\u2500\u2500\u2500\u2500\u2500\u2500<\/p>\n<h3 data-start=\"180\" data-end=\"197\">\u2728 Description<\/h3>\n<p data-start=\"199\" data-end=\"349\">This miniature pregnancy silhouette bust is ideal for hanging up and showing off the dresses, blouses and underwear of your pregnant dolls.<\/p>\n<p data-start=\"351\" data-end=\"451\">It's perfect for miniature boutiques, dressing rooms and maternity scenes.<\/p>\n<p data-start=\"453\" data-end=\"493\">\u2714 Fictional article.<br data-start=\"470\" data-end=\"473\" \/>\u2714 Sold individually.<\/p>\n<p data-start=\"495\" data-end=\"515\">\u2500\u2500\u2500\u2500\u2500\u2500\u2500\u2500\u2500\u2500\u2500\u2500\u2500\u2500\u2500\u2500\u2500\u2500\u2500\u2500<\/p>\n<h3 data-start=\"517\" data-end=\"545\">\ud83c\udfa8 Available finishes<\/h3>\n<p data-start=\"547\" data-end=\"596\">You choose the finish that suits you best:<\/p>\n<p data-start=\"598\" data-end=\"660\">- Pregnancy bust alone.<br data-start=\"624\" data-end=\"627\" \/>- Pregnancy bust with foot.<\/p>\n<p data-start=\"662\" data-end=\"754\">Choice of colors to suit your mood and your world.<br data-start=\"714\" data-end=\"717\" \/>The choice is yours.<\/p>\n<p data-start=\"756\" data-end=\"776\">\u2500\u2500\u2500\u2500\u2500\u2500\u2500\u2500\u2500\u2500\u2500\u2500\u2500\u2500\u2500\u2500\u2500\u2500\u2500\u2500<\/p>\n<h3 data-start=\"778\" data-end=\"795\">\ud83d\udccf Dimensions<\/h3>\n<p data-start=\"797\" data-end=\"886\">\u2022 <strong data-start=\"799\" data-end=\"814\">Version 1\/4<\/strong> 8 cm wide x 15 cm high.<br data-start=\"847\" data-end=\"850\" \/>\u2022 <strong data-start=\"852\" data-end=\"867\">Version 1\/6<\/strong> Height: 11 cm.<\/p>\n<p data-start=\"797\" data-end=\"886\">\u2022 <strong data-start=\"799\" data-end=\"814\">Version 1\/3<\/strong> Height: 20 cm.<\/p>\n<p data-start=\"888\" data-end=\"908\">\u2500\u2500\u2500\u2500\u2500\u2500\u2500\u2500\u2500\u2500\u2500\u2500\u2500\u2500\u2500\u2500\u2500\u2500\u2500\u2500<\/p>\n<h3 data-start=\"910\" data-end=\"930\">\ud83e\uddf8 Compatibility<\/h3>\n<p data-start=\"932\" data-end=\"982\">Compatible with dolls in the following formats :<\/p>\n<p data-start=\"984\" data-end=\"1068\">\u2022 <strong data-start=\"986\" data-end=\"993\">1\/6<\/strong> Barbie (new body).<br data-start=\"1019\" data-end=\"1022\" \/>\u2022 <strong data-start=\"1024\" data-end=\"1031\">1\/4<\/strong> Minifee, MSD, YouplaDolls, Unoa.<\/p>\n<p data-start=\"984\" data-end=\"1068\">OR - <strong data-start=\"799\" data-end=\"814\">\u00a01\/3<\/strong> : SD, feeple 60, smart doll<\/p>\n<p data-start=\"1070\" data-end=\"1139\">The silhouettes are adapted to the dolls' measurements.<\/p>\n<p data-start=\"1141\" data-end=\"1274\">Compatible with my miniature furniture sold separately in the store.<br data-start=\"1215\" data-end=\"1218\" \/>Ideal for staging and miniature stores.<\/p>\n<p data-start=\"1276\" data-end=\"1296\">\u2500\u2500\u2500\u2500\u2500\u2500\u2500\u2500\u2500\u2500\u2500\u2500\u2500\u2500\u2500\u2500\u2500\u2500\u2500\u2500<\/p>\n<h3 data-start=\"1298\" data-end=\"1328\">\ud83d\udd90\ufe0f Craft manufacturing<\/h3>\n<p data-start=\"1330\" data-end=\"1380\">Each piece is handcrafted.<\/p>\n<p data-start=\"1382\" data-end=\"1538\">Because of its handmade character:<br data-start=\"1416\" data-end=\"1419\" \/>- slight variations in shape or color may occur.<br data-start=\"1485\" data-end=\"1488\" \/>- a few minor imperfections are possible.<\/p>\n<p data-start=\"1540\" data-end=\"1560\">\u2500\u2500\u2500\u2500\u2500\u2500\u2500\u2500\u2500\u2500\u2500\u2500\u2500\u2500\u2500\u2500\u2500\u2500\u2500\u2500<\/p>\n<h3 data-start=\"1562\" data-end=\"1593\">\ud83d\udce6 Important information<\/h3>\n<p data-start=\"1595\" data-end=\"1854\">- Made to order.<br data-start=\"1626\" data-end=\"1629\" \/>- The photos are examples of staging.<br data-start=\"1677\" data-end=\"1680\" \/>- Visible garments and accessories are sold separately in the boutique.<br data-start=\"1760\" data-end=\"1763\" \/>- More photos available on Instagram :<br data-start=\"1807\" data-end=\"1810\" \/>\ud83d\udc49 <a class=\"decorated-link\" href=\"https:\/\/www.instagram.com\/sunnyshop211\/\" target=\"_new\" rel=\"noopener\" data-start=\"1813\" data-end=\"1852\">https:\/\/www.instagram.com\/sunnyshop211\/<\/a><\/p>\n<p data-start=\"1856\" data-end=\"1876\">\u2500\u2500\u2500\u2500\u2500\u2500\u2500\u2500\u2500\u2500\u2500\u2500\u2500\u2500\u2500\u2500\u2500\u2500\u2500\u2500<\/p>\n<h3 data-start=\"1878\" data-end=\"1901\">\u26a0\ufe0f Imprint<\/h3>\n<p data-start=\"1903\" data-end=\"2045\">!!!! This is not a toy, this article is intended for adults.<br data-start=\"1974\" data-end=\"1977\" \/>I am not responsible for any damage in transit.<\/p>","protected":false},"excerpt":{"rendered":"<p>Buste silhouette grossesse miniature \u2013 1\/6 \u00b7 1\/4\u00b7 1\/3 \u2500\u2500\u2500\u2500\u2500\u2500\u2500\u2500\u2500\u2500\u2500\u2500\u2500\u2500\u2500\u2500\u2500\u2500\u2500\u2500 \u2728 Description Ce buste silhouette grossesse miniature est id\u00e9al pour suspendre et mettre en valeur les robes, chemisiers et sous-v\u00eatements de vos dolls enceintes. Il est parfait pour les boutiques miniatures, dressings et mises en sc\u00e8nes autour de la maternit\u00e9. \u2714 Article fictif.\u2714 Vendu \u00e0 [&hellip;]<\/p>\n","protected":false},"featured_media":35657,"comment_status":"open","ping_status":"closed","template":"","meta":{"_crdt_document":"","jetpack_post_was_ever_published":false,"jetpack_publicize_message":"","jetpack_publicize_feature_enabled":true,"jetpack_social_post_already_shared":true,"jetpack_social_options":{"image_generator_settings":{"template":"highway","default_image_id":0,"font":"","enabled":false},"version":2}},"product_brand":[],"product_cat":[667687035],"product_tag":[667681145,667681143,667681136,667681142,667681399,667681234,667681226,667681233,667681272,667681225,667681400,667681241,667681242,667681236,667681261,667681281,667681232,667681173,667681177,667681235,667681260],"class_list":{"0":"post-34540","1":"product","2":"type-product","3":"status-publish","4":"has-post-thumbnail","6":"product_cat-accessoires-de-magasin","7":"product_tag-bed","8":"product_tag-bedroom","9":"product_tag-bjd","10":"product_tag-chambre","11":"product_tag-cintres","12":"product_tag-diorama","13":"product_tag-doll","14":"product_tag-dollhouse","15":"product_tag-elowynn-wilde","16":"product_tag-furniture","17":"product_tag-hangers","18":"product_tag-iplehouse","19":"product_tag-jid","20":"product_tag-maison-de-poupee","21":"product_tag-meuble","22":"product_tag-meubles","23":"product_tag-miniature","24":"product_tag-minifee","25":"product_tag-poupee","26":"product_tag-roombox","27":"product_tag-tonner","28":"product_shipping_class-colissimo-5","29":"pa_couleur-argent-silver","30":"pa_couleur-blanc","31":"pa_couleur-dore-golden","32":"pa_couleur-noir","33":"pa_couleur-rose","35":"first","36":"instock","37":"taxable","38":"shipping-taxable","39":"purchasable","40":"product-type-variable"},"yoast_head":"<!-- This site is optimized with the Yoast SEO plugin v27.5 - https:\/\/yoast.com\/product\/yoast-seo-wordpress\/ -->\n<title>Buste silhouette grossesse 1\/6 1\/4 1\/3 Barbie, Minifee, SD, -<\/title>\n<meta name=\"description\" content=\"Buste silhouette grossesse 1\/6 1\/4 Barbie, Minifee, MSD, Ils seront parfait pour mettre en valeur les robes et sous-v\u00eatements de vos dolls.\" \/>\n<meta name=\"robots\" content=\"index, follow, max-snippet:-1, max-image-preview:large, max-video-preview:-1\" \/>\n<link rel=\"canonical\" href=\"https:\/\/www.sunnyshop211.com\/en\/product\/buste-silhouette-grossesse-1-6-1-4-barbie-minifee-msd\/\" \/>\n<meta property=\"og:locale\" content=\"en_US\" \/>\n<meta property=\"og:type\" content=\"article\" \/>\n<meta property=\"og:title\" content=\"Buste silhouette grossesse 1\/6 1\/4 1\/3 Barbie, Minifee, SD, -\" \/>\n<meta property=\"og:description\" content=\"Buste silhouette grossesse 1\/6 1\/4 Barbie, Minifee, MSD, Ils seront parfait pour mettre en valeur les robes et sous-v\u00eatements de vos dolls.\" \/>\n<meta property=\"og:url\" content=\"https:\/\/www.sunnyshop211.com\/en\/product\/buste-silhouette-grossesse-1-6-1-4-barbie-minifee-msd\/\" \/>\n<meta property=\"og:site_name\" content=\"Sunnyshop211 -Vente de dioramas, meubles, miniatures , bjd poup\u00e9es 1\/12 1\/8 1\/6 1\/4 1\/3\" \/>\n<meta property=\"article:publisher\" content=\"https:\/\/www.facebook.com\/sunnyshop211\/?ref=bookmarks\" \/>\n<meta property=\"article:modified_time\" content=\"2026-03-09T15:43:36+00:00\" \/>\n<meta property=\"og:image\" content=\"https:\/\/www.sunnyshop211.com\/wp-content\/uploads\/2023\/05\/magasin-grossesse-7-scaled.jpg\" \/>\n\t<meta property=\"og:image:width\" content=\"1735\" \/>\n\t<meta property=\"og:image:height\" content=\"2560\" \/>\n\t<meta property=\"og:image:type\" content=\"image\/jpeg\" \/>\n<meta name=\"twitter:card\" content=\"summary_large_image\" \/>\n<meta name=\"twitter:site\" content=\"@sunnyshop211\" \/>\n<meta name=\"twitter:label1\" content=\"Est. reading time\" \/>\n\t<meta name=\"twitter:data1\" content=\"2 minutes\" \/>\n<script type=\"application\/ld+json\" class=\"yoast-schema-graph\">{\"@context\":\"https:\\\/\\\/schema.org\",\"@graph\":[{\"@type\":\"WebPage\",\"@id\":\"https:\\\/\\\/www.sunnyshop211.com\\\/produit\\\/buste-silhouette-grossesse-1-6-1-4-barbie-minifee-msd\\\/\",\"url\":\"https:\\\/\\\/www.sunnyshop211.com\\\/produit\\\/buste-silhouette-grossesse-1-6-1-4-barbie-minifee-msd\\\/\",\"name\":\"Buste silhouette grossesse 1\\\/6 1\\\/4 1\\\/3 Barbie, Minifee, SD, -\",\"isPartOf\":{\"@id\":\"https:\\\/\\\/www.sunnyshop211.com\\\/#website\"},\"primaryImageOfPage\":{\"@id\":\"https:\\\/\\\/www.sunnyshop211.com\\\/produit\\\/buste-silhouette-grossesse-1-6-1-4-barbie-minifee-msd\\\/#primaryimage\"},\"image\":{\"@id\":\"https:\\\/\\\/www.sunnyshop211.com\\\/produit\\\/buste-silhouette-grossesse-1-6-1-4-barbie-minifee-msd\\\/#primaryimage\"},\"thumbnailUrl\":\"https:\\\/\\\/www.sunnyshop211.com\\\/wp-content\\\/uploads\\\/2023\\\/05\\\/magasin-grossesse-7-scaled.jpg\",\"datePublished\":\"2023-05-27T14:09:55+00:00\",\"dateModified\":\"2026-03-09T15:43:36+00:00\",\"description\":\"Buste silhouette grossesse 1\\\/6 1\\\/4 Barbie, Minifee, MSD, Ils seront parfait pour mettre en valeur les robes et sous-v\u00eatements de vos dolls.\",\"breadcrumb\":{\"@id\":\"https:\\\/\\\/www.sunnyshop211.com\\\/produit\\\/buste-silhouette-grossesse-1-6-1-4-barbie-minifee-msd\\\/#breadcrumb\"},\"inLanguage\":\"en-US\",\"potentialAction\":[{\"@type\":\"ReadAction\",\"target\":[\"https:\\\/\\\/www.sunnyshop211.com\\\/produit\\\/buste-silhouette-grossesse-1-6-1-4-barbie-minifee-msd\\\/\"]}]},{\"@type\":\"ImageObject\",\"inLanguage\":\"en-US\",\"@id\":\"https:\\\/\\\/www.sunnyshop211.com\\\/produit\\\/buste-silhouette-grossesse-1-6-1-4-barbie-minifee-msd\\\/#primaryimage\",\"url\":\"https:\\\/\\\/www.sunnyshop211.com\\\/wp-content\\\/uploads\\\/2023\\\/05\\\/magasin-grossesse-7-scaled.jpg\",\"contentUrl\":\"https:\\\/\\\/www.sunnyshop211.com\\\/wp-content\\\/uploads\\\/2023\\\/05\\\/magasin-grossesse-7-scaled.jpg\",\"width\":1735,\"height\":2560,\"caption\":\"Buste silhouette Barbie minifee\"},{\"@type\":\"BreadcrumbList\",\"@id\":\"https:\\\/\\\/www.sunnyshop211.com\\\/produit\\\/buste-silhouette-grossesse-1-6-1-4-barbie-minifee-msd\\\/#breadcrumb\",\"itemListElement\":[{\"@type\":\"ListItem\",\"position\":1,\"name\":\"Accueil\",\"item\":\"https:\\\/\\\/www.sunnyshop211.com\\\/\"},{\"@type\":\"ListItem\",\"position\":2,\"name\":\"Boutique\",\"item\":\"https:\\\/\\\/www.sunnyshop211.com\\\/boutique-miniature-bjd-dolls\\\/\"},{\"@type\":\"ListItem\",\"position\":3,\"name\":\"Buste silhouette grossesse 1\\\/6 1\\\/4 1\\\/3 Barbie, Minifee, SD,\"}]},{\"@type\":\"WebSite\",\"@id\":\"https:\\\/\\\/www.sunnyshop211.com\\\/#website\",\"url\":\"https:\\\/\\\/www.sunnyshop211.com\\\/\",\"name\":\"Vente de dioramas, meubles, miniatures , bjd poup\u00e9es 1\\\/12 1\\\/8 1\\\/6 1\\\/4 1\\\/3\",\"description\":\"Sunnyshop211 - Votre univers miniature pour poup\u00e9es et BJD, dioramas et meubles sur mesure !\",\"publisher\":{\"@id\":\"https:\\\/\\\/www.sunnyshop211.com\\\/#organization\"},\"alternateName\":\"sunnyshop211\",\"potentialAction\":[{\"@type\":\"SearchAction\",\"target\":{\"@type\":\"EntryPoint\",\"urlTemplate\":\"https:\\\/\\\/www.sunnyshop211.com\\\/?s={search_term_string}\"},\"query-input\":{\"@type\":\"PropertyValueSpecification\",\"valueRequired\":true,\"valueName\":\"search_term_string\"}}],\"inLanguage\":\"en-US\"},{\"@type\":\"Organization\",\"@id\":\"https:\\\/\\\/www.sunnyshop211.com\\\/#organization\",\"name\":\"sunnyshop211\",\"alternateName\":\"sunnyshop211 diorama bjd meuble miniature\",\"url\":\"https:\\\/\\\/www.sunnyshop211.com\\\/\",\"logo\":{\"@type\":\"ImageObject\",\"inLanguage\":\"en-US\",\"@id\":\"https:\\\/\\\/www.sunnyshop211.com\\\/#\\\/schema\\\/logo\\\/image\\\/\",\"url\":\"https:\\\/\\\/www.sunnyshop211.com\\\/wp-content\\\/uploads\\\/2022\\\/08\\\/cropped-cropped-cropped-Sunnyshop211-1.png\",\"contentUrl\":\"https:\\\/\\\/www.sunnyshop211.com\\\/wp-content\\\/uploads\\\/2022\\\/08\\\/cropped-cropped-cropped-Sunnyshop211-1.png\",\"width\":339,\"height\":339,\"caption\":\"sunnyshop211\"},\"image\":{\"@id\":\"https:\\\/\\\/www.sunnyshop211.com\\\/#\\\/schema\\\/logo\\\/image\\\/\"},\"sameAs\":[\"https:\\\/\\\/www.facebook.com\\\/sunnyshop211\\\/?ref=bookmarks\",\"https:\\\/\\\/x.com\\\/sunnyshop211\",\"https:\\\/\\\/www.instagram.com\\\/sunnyshop211\\\/\",\"https:\\\/\\\/www.tumblr.com\\\/blog\\\/sunnyshop211\",\"https:\\\/\\\/www.youtube.com\\\/channel\\\/UCtYY18OGGDKrTSzgcf7fCBg\",\"https:\\\/\\\/www.tiktok.com\\\/@sunnydollshop211?is_from_webapp=1&sender_device=pc\"]}]}<\/script>\n<!-- \/ Yoast SEO plugin. -->","yoast_head_json":{"title":"Silhouette bust pregnancy 1\/6 1\/4 1\/3 Barbie, Minifee, SD, -","description":"Pregnancy silhouette bust 1\/6 1\/4 Barbie, Minifee, MSD, They'll be perfect for showing off your dolls' dresses and undergarments.","robots":{"index":"index","follow":"follow","max-snippet":"max-snippet:-1","max-image-preview":"max-image-preview:large","max-video-preview":"max-video-preview:-1"},"canonical":"https:\/\/www.sunnyshop211.com\/en\/product\/buste-silhouette-grossesse-1-6-1-4-barbie-minifee-msd\/","og_locale":"en_US","og_type":"article","og_title":"Buste silhouette grossesse 1\/6 1\/4 1\/3 Barbie, Minifee, SD, -","og_description":"Buste silhouette grossesse 1\/6 1\/4 Barbie, Minifee, MSD, Ils seront parfait pour mettre en valeur les robes et sous-v\u00eatements de vos dolls.","og_url":"https:\/\/www.sunnyshop211.com\/en\/product\/buste-silhouette-grossesse-1-6-1-4-barbie-minifee-msd\/","og_site_name":"Sunnyshop211 -Vente de dioramas, meubles, miniatures , bjd poup\u00e9es 1\/12 1\/8 1\/6 1\/4 1\/3","article_publisher":"https:\/\/www.facebook.com\/sunnyshop211\/?ref=bookmarks","article_modified_time":"2026-03-09T15:43:36+00:00","og_image":[{"width":1735,"height":2560,"url":"https:\/\/www.sunnyshop211.com\/wp-content\/uploads\/2023\/05\/magasin-grossesse-7-scaled.jpg","type":"image\/jpeg"}],"twitter_card":"summary_large_image","twitter_site":"@sunnyshop211","twitter_misc":{"Est. reading time":"2 minutes"},"schema":{"@context":"https:\/\/schema.org","@graph":[{"@type":"WebPage","@id":"https:\/\/www.sunnyshop211.com\/produit\/buste-silhouette-grossesse-1-6-1-4-barbie-minifee-msd\/","url":"https:\/\/www.sunnyshop211.com\/produit\/buste-silhouette-grossesse-1-6-1-4-barbie-minifee-msd\/","name":"Silhouette bust pregnancy 1\/6 1\/4 1\/3 Barbie, Minifee, SD, -","isPartOf":{"@id":"https:\/\/www.sunnyshop211.com\/#website"},"primaryImageOfPage":{"@id":"https:\/\/www.sunnyshop211.com\/produit\/buste-silhouette-grossesse-1-6-1-4-barbie-minifee-msd\/#primaryimage"},"image":{"@id":"https:\/\/www.sunnyshop211.com\/produit\/buste-silhouette-grossesse-1-6-1-4-barbie-minifee-msd\/#primaryimage"},"thumbnailUrl":"https:\/\/www.sunnyshop211.com\/wp-content\/uploads\/2023\/05\/magasin-grossesse-7-scaled.jpg","datePublished":"2023-05-27T14:09:55+00:00","dateModified":"2026-03-09T15:43:36+00:00","description":"Pregnancy silhouette bust 1\/6 1\/4 Barbie, Minifee, MSD, They'll be perfect for showing off your dolls' dresses and undergarments.","breadcrumb":{"@id":"https:\/\/www.sunnyshop211.com\/produit\/buste-silhouette-grossesse-1-6-1-4-barbie-minifee-msd\/#breadcrumb"},"inLanguage":"en-US","potentialAction":[{"@type":"ReadAction","target":["https:\/\/www.sunnyshop211.com\/produit\/buste-silhouette-grossesse-1-6-1-4-barbie-minifee-msd\/"]}]},{"@type":"ImageObject","inLanguage":"en-US","@id":"https:\/\/www.sunnyshop211.com\/produit\/buste-silhouette-grossesse-1-6-1-4-barbie-minifee-msd\/#primaryimage","url":"https:\/\/www.sunnyshop211.com\/wp-content\/uploads\/2023\/05\/magasin-grossesse-7-scaled.jpg","contentUrl":"https:\/\/www.sunnyshop211.com\/wp-content\/uploads\/2023\/05\/magasin-grossesse-7-scaled.jpg","width":1735,"height":2560,"caption":"Buste silhouette Barbie minifee"},{"@type":"BreadcrumbList","@id":"https:\/\/www.sunnyshop211.com\/produit\/buste-silhouette-grossesse-1-6-1-4-barbie-minifee-msd\/#breadcrumb","itemListElement":[{"@type":"ListItem","position":1,"name":"Accueil","item":"https:\/\/www.sunnyshop211.com\/"},{"@type":"ListItem","position":2,"name":"Boutique","item":"https:\/\/www.sunnyshop211.com\/boutique-miniature-bjd-dolls\/"},{"@type":"ListItem","position":3,"name":"Buste silhouette grossesse 1\/6 1\/4 1\/3 Barbie, Minifee, SD,"}]},{"@type":"WebSite","@id":"https:\/\/www.sunnyshop211.com\/#website","url":"https:\/\/www.sunnyshop211.com\/","name":"Sale of dioramas, furniture, miniatures, bjd dolls 1\/12 1\/8 1\/6 1\/4 1\/3","description":"Sunnyshop211 - Your miniature world for dolls and BJDs, dioramas and custom-made furniture!","publisher":{"@id":"https:\/\/www.sunnyshop211.com\/#organization"},"alternateName":"sunnyshop211","potentialAction":[{"@type":"SearchAction","target":{"@type":"EntryPoint","urlTemplate":"https:\/\/www.sunnyshop211.com\/?s={search_term_string}"},"query-input":{"@type":"PropertyValueSpecification","valueRequired":true,"valueName":"search_term_string"}}],"inLanguage":"en-US"},{"@type":"Organization","@id":"https:\/\/www.sunnyshop211.com\/#organization","name":"sunnyshop211","alternateName":"sunnyshop211 diorama bjd meuble miniature","url":"https:\/\/www.sunnyshop211.com\/","logo":{"@type":"ImageObject","inLanguage":"en-US","@id":"https:\/\/www.sunnyshop211.com\/#\/schema\/logo\/image\/","url":"https:\/\/www.sunnyshop211.com\/wp-content\/uploads\/2022\/08\/cropped-cropped-cropped-Sunnyshop211-1.png","contentUrl":"https:\/\/www.sunnyshop211.com\/wp-content\/uploads\/2022\/08\/cropped-cropped-cropped-Sunnyshop211-1.png","width":339,"height":339,"caption":"sunnyshop211"},"image":{"@id":"https:\/\/www.sunnyshop211.com\/#\/schema\/logo\/image\/"},"sameAs":["https:\/\/www.facebook.com\/sunnyshop211\/?ref=bookmarks","https:\/\/x.com\/sunnyshop211","https:\/\/www.instagram.com\/sunnyshop211\/","https:\/\/www.tumblr.com\/blog\/sunnyshop211","https:\/\/www.youtube.com\/channel\/UCtYY18OGGDKrTSzgcf7fCBg","https:\/\/www.tiktok.com\/@sunnydollshop211?is_from_webapp=1&sender_device=pc"]}]}},"jetpack_publicize_connections":[],"jetpack_sharing_enabled":true,"_links":{"self":[{"href":"https:\/\/www.sunnyshop211.com\/en\/wp-json\/wp\/v2\/product\/34540","targetHints":{"allow":["GET"]}}],"collection":[{"href":"https:\/\/www.sunnyshop211.com\/en\/wp-json\/wp\/v2\/product"}],"about":[{"href":"https:\/\/www.sunnyshop211.com\/en\/wp-json\/wp\/v2\/types\/product"}],"replies":[{"embeddable":true,"href":"https:\/\/www.sunnyshop211.com\/en\/wp-json\/wp\/v2\/comments?post=34540"}],"version-history":[{"count":8,"href":"https:\/\/www.sunnyshop211.com\/en\/wp-json\/wp\/v2\/product\/34540\/revisions"}],"predecessor-version":[{"id":55632,"href":"https:\/\/www.sunnyshop211.com\/en\/wp-json\/wp\/v2\/product\/34540\/revisions\/55632"}],"wp:featuredmedia":[{"embeddable":true,"href":"https:\/\/www.sunnyshop211.com\/en\/wp-json\/wp\/v2\/media\/35657"}],"wp:attachment":[{"href":"https:\/\/www.sunnyshop211.com\/en\/wp-json\/wp\/v2\/media?parent=34540"}],"wp:term":[{"taxonomy":"product_brand","embeddable":true,"href":"https:\/\/www.sunnyshop211.com\/en\/wp-json\/wp\/v2\/product_brand?post=34540"},{"taxonomy":"product_cat","embeddable":true,"href":"https:\/\/www.sunnyshop211.com\/en\/wp-json\/wp\/v2\/product_cat?post=34540"},{"taxonomy":"product_tag","embeddable":true,"href":"https:\/\/www.sunnyshop211.com\/en\/wp-json\/wp\/v2\/product_tag?post=34540"}],"curies":[{"name":"wp","href":"https:\/\/api.w.org\/{rel}","templated":true}]}}