{"id":34252,"date":"2023-05-09T10:44:01","date_gmt":"2023-05-09T09:44:01","guid":{"rendered":"https:\/\/www.sunnyshop211.com\/?post_type=product&#038;p=34252"},"modified":"2025-12-28T10:22:16","modified_gmt":"2025-12-28T09:22:16","slug":"faux-ventre-grossesse-partie-entiere-minifee-bjd","status":"publish","type":"product","link":"https:\/\/www.sunnyshop211.com\/en\/product\/faux-ventre-grossesse-partie-entiere-minifee-bjd\/","title":{"rendered":"False belly pregnancy full part - Minifee BJD"},"content":{"rendered":"<p>&nbsp;<\/p>\n<div id='gallery-1' class='gallery galleryid-34252 gallery-columns-3 gallery-size-thumbnail'><figure class='gallery-item'>\n\t\t\t<div class='gallery-icon portrait'>\n\t\t\t\t<a href='https:\/\/www.sunnyshop211.com\/en\/?attachment_id=31028'><img decoding=\"async\" width=\"150\" height=\"150\" src=\"https:\/\/www.sunnyshop211.com\/wp-content\/uploads\/2023\/03\/grossesse28129-scaled-150x150.jpg\" class=\"attachment-thumbnail size-thumbnail\" alt=\"Faux ventre minifee bjd\" srcset=\"https:\/\/www.sunnyshop211.com\/wp-content\/uploads\/2023\/03\/grossesse28129-scaled-150x150.jpg 150w, https:\/\/www.sunnyshop211.com\/wp-content\/uploads\/2023\/03\/grossesse28129-scaled-500x500.jpg 500w, https:\/\/www.sunnyshop211.com\/wp-content\/uploads\/2023\/03\/grossesse28129-scaled-100x100.jpg 100w\" sizes=\"(max-width: 150px) 100vw, 150px\" \/><\/a>\n\t\t\t<\/div><\/figure><figure class='gallery-item'>\n\t\t\t<div class='gallery-icon portrait'>\n\t\t\t\t<a href='https:\/\/www.sunnyshop211.com\/en\/?attachment_id=31032'><img decoding=\"async\" width=\"150\" height=\"150\" src=\"https:\/\/www.sunnyshop211.com\/wp-content\/uploads\/2023\/03\/grossesse284829-scaled-150x150.jpg\" class=\"attachment-thumbnail size-thumbnail\" alt=\"\" srcset=\"https:\/\/www.sunnyshop211.com\/wp-content\/uploads\/2023\/03\/grossesse284829-scaled-150x150.jpg 150w, https:\/\/www.sunnyshop211.com\/wp-content\/uploads\/2023\/03\/grossesse284829-scaled-500x500.jpg 500w, https:\/\/www.sunnyshop211.com\/wp-content\/uploads\/2023\/03\/grossesse284829-scaled-100x100.jpg 100w\" sizes=\"(max-width: 150px) 100vw, 150px\" \/><\/a>\n\t\t\t<\/div><\/figure><figure class='gallery-item'>\n\t\t\t<div class='gallery-icon portrait'>\n\t\t\t\t<a href='https:\/\/www.sunnyshop211.com\/en\/?attachment_id=31019'><img decoding=\"async\" width=\"150\" height=\"150\" src=\"https:\/\/www.sunnyshop211.com\/wp-content\/uploads\/2023\/03\/grossesse284429-scaled-150x150.jpg\" class=\"attachment-thumbnail size-thumbnail\" alt=\"Faux ventre minifee bjd\" srcset=\"https:\/\/www.sunnyshop211.com\/wp-content\/uploads\/2023\/03\/grossesse284429-scaled-150x150.jpg 150w, https:\/\/www.sunnyshop211.com\/wp-content\/uploads\/2023\/03\/grossesse284429-scaled-500x500.jpg 500w, https:\/\/www.sunnyshop211.com\/wp-content\/uploads\/2023\/03\/grossesse284429-scaled-100x100.jpg 100w\" sizes=\"(max-width: 150px) 100vw, 150px\" \/><\/a>\n\t\t\t<\/div><\/figure><figure class='gallery-item'>\n\t\t\t<div class='gallery-icon portrait'>\n\t\t\t\t<a href='https:\/\/www.sunnyshop211.com\/en\/?attachment_id=31021'><img loading=\"lazy\" decoding=\"async\" width=\"150\" height=\"150\" src=\"https:\/\/www.sunnyshop211.com\/wp-content\/uploads\/2023\/03\/grossesse285529-scaled-150x150.jpg\" class=\"attachment-thumbnail size-thumbnail\" alt=\"\" srcset=\"https:\/\/www.sunnyshop211.com\/wp-content\/uploads\/2023\/03\/grossesse285529-scaled-150x150.jpg 150w, https:\/\/www.sunnyshop211.com\/wp-content\/uploads\/2023\/03\/grossesse285529-scaled-500x500.jpg 500w, https:\/\/www.sunnyshop211.com\/wp-content\/uploads\/2023\/03\/grossesse285529-scaled-100x100.jpg 100w\" sizes=\"(max-width: 150px) 100vw, 150px\" \/><\/a>\n\t\t\t<\/div><\/figure><figure class='gallery-item'>\n\t\t\t<div class='gallery-icon portrait'>\n\t\t\t\t<a href='https:\/\/www.sunnyshop211.com\/en\/?attachment_id=31026'><img loading=\"lazy\" decoding=\"async\" width=\"150\" height=\"150\" src=\"https:\/\/www.sunnyshop211.com\/wp-content\/uploads\/2023\/03\/grossesse284529-scaled-150x150.jpg\" class=\"attachment-thumbnail size-thumbnail\" alt=\"Faux ventre minifee bjd\" srcset=\"https:\/\/www.sunnyshop211.com\/wp-content\/uploads\/2023\/03\/grossesse284529-scaled-150x150.jpg 150w, https:\/\/www.sunnyshop211.com\/wp-content\/uploads\/2023\/03\/grossesse284529-scaled-500x500.jpg 500w, https:\/\/www.sunnyshop211.com\/wp-content\/uploads\/2023\/03\/grossesse284529-scaled-100x100.jpg 100w\" sizes=\"(max-width: 150px) 100vw, 150px\" \/><\/a>\n\t\t\t<\/div><\/figure>\n\t\t<\/div>\n\n<h2 data-start=\"224\" data-end=\"277\">False belly pregnancy full part - Minifee BJD<\/h2>\n<hr data-start=\"279\" data-end=\"282\" \/>\n<h3 data-start=\"284\" data-end=\"302\">\ud83e\udd0d Description<\/h3>\n<p data-start=\"304\" data-end=\"556\">This <strong data-start=\"307\" data-end=\"350\">full part fake pregnancy belly<\/strong> has been designed for <strong data-start=\"372\" data-end=\"387\">Minifee BJD<\/strong> to simulate pregnancy <strong data-start=\"427\" data-end=\"453\">realistic and aesthetic<\/strong>.<br data-start=\"454\" data-end=\"457\" \/>It creates natural maternity scenes, with no visible lines on the sides of the body.<\/p>\n<hr data-start=\"558\" data-end=\"561\" \/>\n<h3 data-start=\"563\" data-end=\"586\">\ud83d\udc69\u200d\ud83c\udf7c Compatibility<\/h3>\n<p data-start=\"588\" data-end=\"670\">\u2714\ufe0f Compatible <strong data-start=\"602\" data-end=\"633\">only with Minifee<\/strong><br data-start=\"633\" data-end=\"636\" \/>\u2022 <strong data-start=\"638\" data-end=\"650\">Moe Line<\/strong><br data-start=\"650\" data-end=\"653\" \/>\u2022 <strong data-start=\"655\" data-end=\"670\">Active Line<\/strong><\/p>\n<p data-start=\"672\" data-end=\"713\">\u26a0\ufe0f Designed for <strong data-start=\"690\" data-end=\"713\">Minifee Normal Skin<\/strong><\/p>\n<hr data-start=\"715\" data-end=\"718\" \/>\n<h3 data-start=\"720\" data-end=\"746\">\ud83d\udce6 Available sizes<\/h3>\n<p data-start=\"748\" data-end=\"833\">You choose the right size for your doll:<br data-start=\"796\" data-end=\"799\" \/>\u2022 <strong data-start=\"801\" data-end=\"813\">Moe Line<\/strong><br data-start=\"813\" data-end=\"816\" \/>\u2022 <strong data-start=\"818\" data-end=\"833\">Active Line<\/strong><\/p>\n<hr data-start=\"835\" data-end=\"838\" \/>\n<h3 data-start=\"840\" data-end=\"868\">\ud83c\udfa8 Available finishes<\/h3>\n<p data-start=\"870\" data-end=\"929\">\u2022 <strong data-start=\"872\" data-end=\"911\">Customized (brushed, hand-painted)<\/strong><br data-start=\"911\" data-end=\"914\" \/>\u2022 <strong data-start=\"916\" data-end=\"929\">Unpainted<\/strong><\/p>\n<p data-start=\"931\" data-end=\"1102\">\ud83d\udc49 Each piece is hand-dyed, <strong data-start=\"972\" data-end=\"1008\">slight color differences<\/strong> with your doll may appear<br data-start=\"1043\" data-end=\"1046\" \/>\ud83d\udc49 No two items will ever be strictly identical<\/p>\n<hr data-start=\"1104\" data-end=\"1107\" \/>\n<h3 data-start=\"1109\" data-end=\"1141\">\ud83e\udde9 Design &amp; installation<\/h3>\n<p data-start=\"1143\" data-end=\"1374\">- Prosthetics <strong data-start=\"1154\" data-end=\"1172\">whole part<\/strong><br data-start=\"1172\" data-end=\"1175\" \/>- Se place <strong data-start=\"1186\" data-end=\"1220\">in place of the original belly<\/strong><br data-start=\"1220\" data-end=\"1223\" \/>- Avoids visible lines on the sides<br data-start=\"1264\" data-end=\"1267\" \/>\u2022 <strong data-start=\"1269\" data-end=\"1290\">Does not stand alone<\/strong> \u2192 must be held in place by clothing<br data-start=\"1329\" data-end=\"1332\" \/>- Painted details <strong data-start=\"1349\" data-end=\"1374\">entirely by hand<\/strong><\/p>\n<p data-start=\"1376\" data-end=\"1453\">\ud83c\udfa5 <strong data-start=\"1379\" data-end=\"1417\">Assembly tutorial available here<\/strong> :<br data-start=\"1419\" data-end=\"1422\" \/>\ud83d\udc49 <a class=\"decorated-link\" href=\"https:\/\/youtu.be\/O-m-rbKxibk\" target=\"_new\" rel=\"noopener\" data-start=\"1425\" data-end=\"1453\">https:\/\/youtu.be\/O-m-rbKxibk<\/a><\/p>\n<hr data-start=\"1455\" data-end=\"1458\" \/>\n<h3 data-start=\"1460\" data-end=\"1489\">\ud83e\udeb5 Material &amp; manufacturing<\/h3>\n<p data-start=\"1491\" data-end=\"1562\">- Made in <strong data-start=\"1504\" data-end=\"1514\">resin<\/strong><br data-start=\"1514\" data-end=\"1517\" \/>\u2022 <strong data-start=\"1519\" data-end=\"1533\">COA supplied<\/strong><br data-start=\"1533\" data-end=\"1536\" \/>- Handcrafted products<\/p>\n<p data-start=\"1564\" data-end=\"1775\">Due to manual work :<br data-start=\"1593\" data-end=\"1596\" \/>- Slight variations in shape and color may occur.<br data-start=\"1661\" data-end=\"1664\" \/>- Imperfections may be present<br data-start=\"1706\" data-end=\"1709\" \/>- The final shade may differ slightly from that of your doll.<\/p>\n<hr data-start=\"1777\" data-end=\"1780\" \/>\n<h3 data-start=\"1782\" data-end=\"1808\">\u26a0\ufe0f Precautions for use<\/h3>\n<p data-start=\"1810\" data-end=\"2005\">- Do not bring into contact with <strong data-start=\"1842\" data-end=\"1866\">dark clothing<\/strong> (risk of color transfer)<br data-start=\"1899\" data-end=\"1902\" \/>\u2022 <strong data-start=\"1904\" data-end=\"1946\">Do not allow to come into contact with water.<\/strong> (customized version)<br data-start=\"1967\" data-end=\"1970\" \/>- Article <strong data-start=\"1980\" data-end=\"2005\">strictly decorative<\/strong><\/p>\n<hr data-start=\"2007\" data-end=\"2010\" \/>\n<h3 data-start=\"2012\" data-end=\"2024\">\u23f3 Deadlines<\/h3>\n<p data-start=\"2026\" data-end=\"2093\">\u2022 <strong data-start=\"2028\" data-end=\"2068\">Processing time: approx. 2 months<\/strong><br data-start=\"2068\" data-end=\"2071\" \/>- Made to order<\/p>\n<hr data-start=\"2095\" data-end=\"2098\" \/>\n<h3 data-start=\"2100\" data-end=\"2131\">\u2139\ufe0f Important information<\/h3>\n<p data-start=\"2133\" data-end=\"2423\">\u2022 <strong data-start=\"2135\" data-end=\"2168\">Only the false belly is sold<\/strong> (doll and clothes not included)<br data-start=\"2201\" data-end=\"2204\" \/>- The photos are examples of presentations<br data-start=\"2250\" data-end=\"2253\" \/>- Article intended for <strong data-start=\"2271\" data-end=\"2307\">exclusively for adults<\/strong><br data-start=\"2307\" data-end=\"2310\" \/>\u2022 <strong data-start=\"2312\" data-end=\"2339\">This is not a toy<\/strong><br data-start=\"2339\" data-end=\"2342\" \/>- I am not responsible for any defects due to use or transport.<\/p>\n<hr data-start=\"2425\" data-end=\"2428\" \/>\n<h3 data-start=\"2430\" data-end=\"2461\">\ud83d\udcf8 More photos &amp; details<\/h3>\n<p data-start=\"2463\" data-end=\"2505\">\ud83d\udc49 <a class=\"decorated-link\" href=\"https:\/\/www.instagram.com\/sunnyshop211\/\" target=\"_new\" rel=\"noopener\" data-start=\"2466\" data-end=\"2505\">https:\/\/www.instagram.com\/sunnyshop211\/<\/a><\/p>\n<hr data-start=\"2507\" data-end=\"2510\" \/>\n<p data-start=\"2512\" data-end=\"2622\">\u2728 A neat, realistic pregnancy prosthesis to tell your Minifee's maternity highlights.<\/p>\n<p>&nbsp;<\/p>\n<p>&nbsp;<\/p>","protected":false},"excerpt":{"rendered":"<p>&nbsp; Faux ventre grossesse partie enti\u00e8re \u2013 Minifee BJD \ud83e\udd0d Description Ce faux ventre de grossesse partie enti\u00e8re a \u00e9t\u00e9 con\u00e7u pour les Minifee BJD afin de simuler une grossesse de fa\u00e7on r\u00e9aliste et esth\u00e9tique.Il permet de cr\u00e9er des sc\u00e8nes de maternit\u00e9 naturelles, sans lignes visibles sur les c\u00f4t\u00e9s du corps. \ud83d\udc69\u200d\ud83c\udf7c Compatibilit\u00e9 \u2714\ufe0f Compatible [&hellip;]<\/p>\n","protected":false},"featured_media":31026,"comment_status":"open","ping_status":"closed","template":"","meta":{"_crdt_document":"","jetpack_post_was_ever_published":false,"jetpack_publicize_message":"","jetpack_publicize_feature_enabled":true,"jetpack_social_post_already_shared":true,"jetpack_social_options":{"image_generator_settings":{"template":"highway","default_image_id":0,"font":"","enabled":false},"version":2}},"product_brand":[],"product_cat":[667686999],"product_tag":[667681489,667681136,667681270,667681226,667681487,667681730,667681731,667681729,667681488,667681173,667681490,667681177,667681728],"class_list":{"0":"post-34252","1":"product","2":"type-product","3":"status-publish","4":"has-post-thumbnail","6":"product_cat-ventres-de-grossesse","7":"product_tag-active-line","8":"product_tag-bjd","9":"product_tag-custom-doll","10":"product_tag-doll","11":"product_tag-dress","12":"product_tag-enceinte","13":"product_tag-false-belly","14":"product_tag-faux-ventre","15":"product_tag-mermaid","16":"product_tag-minifee","17":"product_tag-moe-line","18":"product_tag-poupee","19":"product_tag-pregnant","20":"product_shipping_class-colissimo-5","22":"first","23":"instock","24":"taxable","25":"shipping-taxable","26":"purchasable","27":"product-type-variable"},"yoast_head":"<!-- This site is optimized with the Yoast SEO plugin v27.4 - https:\/\/yoast.com\/product\/yoast-seo-wordpress\/ -->\n<title>Faux ventre grossesse partie enti\u00e8re \u2013 Minifee BJD -<\/title>\n<meta name=\"description\" content=\"Faux ventre grossesse partie enti\u00e8re \u2013 Minifee BJD. Ces faux ventres s&#039;adaptent aux minifee et vous permettrons de simuler une grossesse.\" \/>\n<meta name=\"robots\" content=\"index, follow, max-snippet:-1, max-image-preview:large, max-video-preview:-1\" \/>\n<link rel=\"canonical\" href=\"https:\/\/www.sunnyshop211.com\/en\/product\/faux-ventre-grossesse-partie-entiere-minifee-bjd\/\" \/>\n<meta property=\"og:locale\" content=\"en_US\" \/>\n<meta property=\"og:type\" content=\"article\" \/>\n<meta property=\"og:title\" content=\"Faux ventre grossesse partie enti\u00e8re \u2013 Minifee BJD -\" \/>\n<meta property=\"og:description\" content=\"Faux ventre grossesse partie enti\u00e8re \u2013 Minifee BJD. Ces faux ventres s&#039;adaptent aux minifee et vous permettrons de simuler une grossesse.\" \/>\n<meta property=\"og:url\" content=\"https:\/\/www.sunnyshop211.com\/en\/product\/faux-ventre-grossesse-partie-entiere-minifee-bjd\/\" \/>\n<meta property=\"og:site_name\" content=\"Sunnyshop211 -Vente de dioramas, meubles, miniatures , bjd poup\u00e9es 1\/12 1\/8 1\/6 1\/4 1\/3\" \/>\n<meta property=\"article:publisher\" content=\"https:\/\/www.facebook.com\/sunnyshop211\/?ref=bookmarks\" \/>\n<meta property=\"article:modified_time\" content=\"2025-12-28T09:22:16+00:00\" \/>\n<meta property=\"og:image\" content=\"https:\/\/www.sunnyshop211.com\/wp-content\/uploads\/2023\/03\/grossesse284529-scaled.jpg\" \/>\n\t<meta property=\"og:image:width\" content=\"1707\" \/>\n\t<meta property=\"og:image:height\" content=\"2560\" \/>\n\t<meta property=\"og:image:type\" content=\"image\/jpeg\" \/>\n<meta name=\"twitter:card\" content=\"summary_large_image\" \/>\n<meta name=\"twitter:site\" content=\"@sunnyshop211\" \/>\n<meta name=\"twitter:label1\" content=\"Est. reading time\" \/>\n\t<meta name=\"twitter:data1\" content=\"2 minutes\" \/>\n<script type=\"application\/ld+json\" class=\"yoast-schema-graph\">{\"@context\":\"https:\\\/\\\/schema.org\",\"@graph\":[{\"@type\":\"WebPage\",\"@id\":\"https:\\\/\\\/www.sunnyshop211.com\\\/produit\\\/faux-ventre-grossesse-partie-entiere-minifee-bjd\\\/\",\"url\":\"https:\\\/\\\/www.sunnyshop211.com\\\/produit\\\/faux-ventre-grossesse-partie-entiere-minifee-bjd\\\/\",\"name\":\"Faux ventre grossesse partie enti\u00e8re \u2013 Minifee BJD -\",\"isPartOf\":{\"@id\":\"https:\\\/\\\/www.sunnyshop211.com\\\/#website\"},\"primaryImageOfPage\":{\"@id\":\"https:\\\/\\\/www.sunnyshop211.com\\\/produit\\\/faux-ventre-grossesse-partie-entiere-minifee-bjd\\\/#primaryimage\"},\"image\":{\"@id\":\"https:\\\/\\\/www.sunnyshop211.com\\\/produit\\\/faux-ventre-grossesse-partie-entiere-minifee-bjd\\\/#primaryimage\"},\"thumbnailUrl\":\"https:\\\/\\\/www.sunnyshop211.com\\\/wp-content\\\/uploads\\\/2023\\\/03\\\/grossesse284529-scaled.jpg\",\"datePublished\":\"2023-05-09T09:44:01+00:00\",\"dateModified\":\"2025-12-28T09:22:16+00:00\",\"description\":\"Faux ventre grossesse partie enti\u00e8re \u2013 Minifee BJD. Ces faux ventres s'adaptent aux minifee et vous permettrons de simuler une grossesse.\",\"breadcrumb\":{\"@id\":\"https:\\\/\\\/www.sunnyshop211.com\\\/produit\\\/faux-ventre-grossesse-partie-entiere-minifee-bjd\\\/#breadcrumb\"},\"inLanguage\":\"en-US\",\"potentialAction\":[{\"@type\":\"ReadAction\",\"target\":[\"https:\\\/\\\/www.sunnyshop211.com\\\/produit\\\/faux-ventre-grossesse-partie-entiere-minifee-bjd\\\/\"]}]},{\"@type\":\"ImageObject\",\"inLanguage\":\"en-US\",\"@id\":\"https:\\\/\\\/www.sunnyshop211.com\\\/produit\\\/faux-ventre-grossesse-partie-entiere-minifee-bjd\\\/#primaryimage\",\"url\":\"https:\\\/\\\/www.sunnyshop211.com\\\/wp-content\\\/uploads\\\/2023\\\/03\\\/grossesse284529-scaled.jpg\",\"contentUrl\":\"https:\\\/\\\/www.sunnyshop211.com\\\/wp-content\\\/uploads\\\/2023\\\/03\\\/grossesse284529-scaled.jpg\",\"width\":1707,\"height\":2560,\"caption\":\"Faux ventre minifee bjd\"},{\"@type\":\"BreadcrumbList\",\"@id\":\"https:\\\/\\\/www.sunnyshop211.com\\\/produit\\\/faux-ventre-grossesse-partie-entiere-minifee-bjd\\\/#breadcrumb\",\"itemListElement\":[{\"@type\":\"ListItem\",\"position\":1,\"name\":\"Accueil\",\"item\":\"https:\\\/\\\/www.sunnyshop211.com\\\/\"},{\"@type\":\"ListItem\",\"position\":2,\"name\":\"Boutique\",\"item\":\"https:\\\/\\\/www.sunnyshop211.com\\\/boutique-miniature-bjd-dolls\\\/\"},{\"@type\":\"ListItem\",\"position\":3,\"name\":\"Faux ventre grossesse partie enti\u00e8re \u2013 Minifee BJD\"}]},{\"@type\":\"WebSite\",\"@id\":\"https:\\\/\\\/www.sunnyshop211.com\\\/#website\",\"url\":\"https:\\\/\\\/www.sunnyshop211.com\\\/\",\"name\":\"Vente de dioramas, meubles, miniatures , bjd poup\u00e9es 1\\\/12 1\\\/8 1\\\/6 1\\\/4 1\\\/3\",\"description\":\"Sunnyshop211 - Votre univers miniature pour poup\u00e9es et BJD, dioramas et meubles sur mesure !\",\"publisher\":{\"@id\":\"https:\\\/\\\/www.sunnyshop211.com\\\/#organization\"},\"alternateName\":\"sunnyshop211\",\"potentialAction\":[{\"@type\":\"SearchAction\",\"target\":{\"@type\":\"EntryPoint\",\"urlTemplate\":\"https:\\\/\\\/www.sunnyshop211.com\\\/?s={search_term_string}\"},\"query-input\":{\"@type\":\"PropertyValueSpecification\",\"valueRequired\":true,\"valueName\":\"search_term_string\"}}],\"inLanguage\":\"en-US\"},{\"@type\":\"Organization\",\"@id\":\"https:\\\/\\\/www.sunnyshop211.com\\\/#organization\",\"name\":\"sunnyshop211\",\"alternateName\":\"sunnyshop211 diorama bjd meuble miniature\",\"url\":\"https:\\\/\\\/www.sunnyshop211.com\\\/\",\"logo\":{\"@type\":\"ImageObject\",\"inLanguage\":\"en-US\",\"@id\":\"https:\\\/\\\/www.sunnyshop211.com\\\/#\\\/schema\\\/logo\\\/image\\\/\",\"url\":\"https:\\\/\\\/www.sunnyshop211.com\\\/wp-content\\\/uploads\\\/2022\\\/08\\\/cropped-cropped-cropped-Sunnyshop211-1.png\",\"contentUrl\":\"https:\\\/\\\/www.sunnyshop211.com\\\/wp-content\\\/uploads\\\/2022\\\/08\\\/cropped-cropped-cropped-Sunnyshop211-1.png\",\"width\":339,\"height\":339,\"caption\":\"sunnyshop211\"},\"image\":{\"@id\":\"https:\\\/\\\/www.sunnyshop211.com\\\/#\\\/schema\\\/logo\\\/image\\\/\"},\"sameAs\":[\"https:\\\/\\\/www.facebook.com\\\/sunnyshop211\\\/?ref=bookmarks\",\"https:\\\/\\\/x.com\\\/sunnyshop211\",\"https:\\\/\\\/www.instagram.com\\\/sunnyshop211\\\/\",\"https:\\\/\\\/www.tumblr.com\\\/blog\\\/sunnyshop211\",\"https:\\\/\\\/www.youtube.com\\\/channel\\\/UCtYY18OGGDKrTSzgcf7fCBg\",\"https:\\\/\\\/www.tiktok.com\\\/@sunnydollshop211?is_from_webapp=1&sender_device=pc\"]}]}<\/script>\n<!-- \/ Yoast SEO plugin. -->","yoast_head_json":{"title":"False belly pregnancy full part - Minifee BJD -","description":"False belly pregnancy full part - Minifee BJD. These fake tummies fit the minifee and allow you to simulate a pregnancy.","robots":{"index":"index","follow":"follow","max-snippet":"max-snippet:-1","max-image-preview":"max-image-preview:large","max-video-preview":"max-video-preview:-1"},"canonical":"https:\/\/www.sunnyshop211.com\/en\/product\/faux-ventre-grossesse-partie-entiere-minifee-bjd\/","og_locale":"en_US","og_type":"article","og_title":"Faux ventre grossesse partie enti\u00e8re \u2013 Minifee BJD -","og_description":"Faux ventre grossesse partie enti\u00e8re \u2013 Minifee BJD. Ces faux ventres s'adaptent aux minifee et vous permettrons de simuler une grossesse.","og_url":"https:\/\/www.sunnyshop211.com\/en\/product\/faux-ventre-grossesse-partie-entiere-minifee-bjd\/","og_site_name":"Sunnyshop211 -Vente de dioramas, meubles, miniatures , bjd poup\u00e9es 1\/12 1\/8 1\/6 1\/4 1\/3","article_publisher":"https:\/\/www.facebook.com\/sunnyshop211\/?ref=bookmarks","article_modified_time":"2025-12-28T09:22:16+00:00","og_image":[{"width":1707,"height":2560,"url":"https:\/\/www.sunnyshop211.com\/wp-content\/uploads\/2023\/03\/grossesse284529-scaled.jpg","type":"image\/jpeg"}],"twitter_card":"summary_large_image","twitter_site":"@sunnyshop211","twitter_misc":{"Est. reading time":"2 minutes"},"schema":{"@context":"https:\/\/schema.org","@graph":[{"@type":"WebPage","@id":"https:\/\/www.sunnyshop211.com\/produit\/faux-ventre-grossesse-partie-entiere-minifee-bjd\/","url":"https:\/\/www.sunnyshop211.com\/produit\/faux-ventre-grossesse-partie-entiere-minifee-bjd\/","name":"False belly pregnancy full part - Minifee BJD -","isPartOf":{"@id":"https:\/\/www.sunnyshop211.com\/#website"},"primaryImageOfPage":{"@id":"https:\/\/www.sunnyshop211.com\/produit\/faux-ventre-grossesse-partie-entiere-minifee-bjd\/#primaryimage"},"image":{"@id":"https:\/\/www.sunnyshop211.com\/produit\/faux-ventre-grossesse-partie-entiere-minifee-bjd\/#primaryimage"},"thumbnailUrl":"https:\/\/www.sunnyshop211.com\/wp-content\/uploads\/2023\/03\/grossesse284529-scaled.jpg","datePublished":"2023-05-09T09:44:01+00:00","dateModified":"2025-12-28T09:22:16+00:00","description":"False belly pregnancy full part - Minifee BJD. These fake tummies fit the minifee and allow you to simulate a pregnancy.","breadcrumb":{"@id":"https:\/\/www.sunnyshop211.com\/produit\/faux-ventre-grossesse-partie-entiere-minifee-bjd\/#breadcrumb"},"inLanguage":"en-US","potentialAction":[{"@type":"ReadAction","target":["https:\/\/www.sunnyshop211.com\/produit\/faux-ventre-grossesse-partie-entiere-minifee-bjd\/"]}]},{"@type":"ImageObject","inLanguage":"en-US","@id":"https:\/\/www.sunnyshop211.com\/produit\/faux-ventre-grossesse-partie-entiere-minifee-bjd\/#primaryimage","url":"https:\/\/www.sunnyshop211.com\/wp-content\/uploads\/2023\/03\/grossesse284529-scaled.jpg","contentUrl":"https:\/\/www.sunnyshop211.com\/wp-content\/uploads\/2023\/03\/grossesse284529-scaled.jpg","width":1707,"height":2560,"caption":"Faux ventre minifee bjd"},{"@type":"BreadcrumbList","@id":"https:\/\/www.sunnyshop211.com\/produit\/faux-ventre-grossesse-partie-entiere-minifee-bjd\/#breadcrumb","itemListElement":[{"@type":"ListItem","position":1,"name":"Accueil","item":"https:\/\/www.sunnyshop211.com\/"},{"@type":"ListItem","position":2,"name":"Boutique","item":"https:\/\/www.sunnyshop211.com\/boutique-miniature-bjd-dolls\/"},{"@type":"ListItem","position":3,"name":"Faux ventre grossesse partie enti\u00e8re \u2013 Minifee BJD"}]},{"@type":"WebSite","@id":"https:\/\/www.sunnyshop211.com\/#website","url":"https:\/\/www.sunnyshop211.com\/","name":"Sale of dioramas, furniture, miniatures, bjd dolls 1\/12 1\/8 1\/6 1\/4 1\/3","description":"Sunnyshop211 - Your miniature world for dolls and BJDs, dioramas and custom-made furniture!","publisher":{"@id":"https:\/\/www.sunnyshop211.com\/#organization"},"alternateName":"sunnyshop211","potentialAction":[{"@type":"SearchAction","target":{"@type":"EntryPoint","urlTemplate":"https:\/\/www.sunnyshop211.com\/?s={search_term_string}"},"query-input":{"@type":"PropertyValueSpecification","valueRequired":true,"valueName":"search_term_string"}}],"inLanguage":"en-US"},{"@type":"Organization","@id":"https:\/\/www.sunnyshop211.com\/#organization","name":"sunnyshop211","alternateName":"sunnyshop211 diorama bjd meuble miniature","url":"https:\/\/www.sunnyshop211.com\/","logo":{"@type":"ImageObject","inLanguage":"en-US","@id":"https:\/\/www.sunnyshop211.com\/#\/schema\/logo\/image\/","url":"https:\/\/www.sunnyshop211.com\/wp-content\/uploads\/2022\/08\/cropped-cropped-cropped-Sunnyshop211-1.png","contentUrl":"https:\/\/www.sunnyshop211.com\/wp-content\/uploads\/2022\/08\/cropped-cropped-cropped-Sunnyshop211-1.png","width":339,"height":339,"caption":"sunnyshop211"},"image":{"@id":"https:\/\/www.sunnyshop211.com\/#\/schema\/logo\/image\/"},"sameAs":["https:\/\/www.facebook.com\/sunnyshop211\/?ref=bookmarks","https:\/\/x.com\/sunnyshop211","https:\/\/www.instagram.com\/sunnyshop211\/","https:\/\/www.tumblr.com\/blog\/sunnyshop211","https:\/\/www.youtube.com\/channel\/UCtYY18OGGDKrTSzgcf7fCBg","https:\/\/www.tiktok.com\/@sunnydollshop211?is_from_webapp=1&sender_device=pc"]}]}},"jetpack_publicize_connections":[],"jetpack_sharing_enabled":true,"_links":{"self":[{"href":"https:\/\/www.sunnyshop211.com\/en\/wp-json\/wp\/v2\/product\/34252","targetHints":{"allow":["GET"]}}],"collection":[{"href":"https:\/\/www.sunnyshop211.com\/en\/wp-json\/wp\/v2\/product"}],"about":[{"href":"https:\/\/www.sunnyshop211.com\/en\/wp-json\/wp\/v2\/types\/product"}],"replies":[{"embeddable":true,"href":"https:\/\/www.sunnyshop211.com\/en\/wp-json\/wp\/v2\/comments?post=34252"}],"version-history":[{"count":6,"href":"https:\/\/www.sunnyshop211.com\/en\/wp-json\/wp\/v2\/product\/34252\/revisions"}],"predecessor-version":[{"id":53106,"href":"https:\/\/www.sunnyshop211.com\/en\/wp-json\/wp\/v2\/product\/34252\/revisions\/53106"}],"wp:featuredmedia":[{"embeddable":true,"href":"https:\/\/www.sunnyshop211.com\/en\/wp-json\/wp\/v2\/media\/31026"}],"wp:attachment":[{"href":"https:\/\/www.sunnyshop211.com\/en\/wp-json\/wp\/v2\/media?parent=34252"}],"wp:term":[{"taxonomy":"product_brand","embeddable":true,"href":"https:\/\/www.sunnyshop211.com\/en\/wp-json\/wp\/v2\/product_brand?post=34252"},{"taxonomy":"product_cat","embeddable":true,"href":"https:\/\/www.sunnyshop211.com\/en\/wp-json\/wp\/v2\/product_cat?post=34252"},{"taxonomy":"product_tag","embeddable":true,"href":"https:\/\/www.sunnyshop211.com\/en\/wp-json\/wp\/v2\/product_tag?post=34252"}],"curies":[{"name":"wp","href":"https:\/\/api.w.org\/{rel}","templated":true}]}}