{"id":33031,"date":"2023-04-18T18:37:36","date_gmt":"2023-04-18T17:37:36","guid":{"rendered":"https:\/\/www.sunnyshop211.com\/?post_type=product&#038;p=33031"},"modified":"2023-04-18T18:44:30","modified_gmt":"2023-04-18T17:44:30","slug":"briques-en-kit-miniature-1-61-4-bjd-minifee-poppy-parker","status":"publish","type":"product","link":"https:\/\/www.sunnyshop211.com\/en\/product\/briques-en-kit-miniature-1-61-4-bjd-minifee-poppy-parker\/","title":{"rendered":"Miniature kit bricks 1\/6,1\/4 bjd minifee, Poppy Parker"},"content":{"rendered":"<div id='gallery-1' class='gallery galleryid-33031 gallery-columns-3 gallery-size-thumbnail'><figure class='gallery-item'>\n\t\t\t<div class='gallery-icon landscape'>\n\t\t\t\t<a href='https:\/\/www.sunnyshop211.com\/en\/?attachment_id=29931'><img decoding=\"async\" width=\"150\" height=\"150\" src=\"https:\/\/www.sunnyshop211.com\/wp-content\/uploads\/2023\/01\/20230104_145551-150x150.jpg\" class=\"attachment-thumbnail size-thumbnail\" alt=\"Briques en kit miniature\" srcset=\"https:\/\/www.sunnyshop211.com\/wp-content\/uploads\/2023\/01\/20230104_145551-150x150.jpg 150w, https:\/\/www.sunnyshop211.com\/wp-content\/uploads\/2023\/01\/20230104_145551-scaled-500x500.jpg 500w, https:\/\/www.sunnyshop211.com\/wp-content\/uploads\/2023\/01\/20230104_145551-scaled-100x100.jpg 100w\" sizes=\"(max-width: 150px) 100vw, 150px\" \/><\/a>\n\t\t\t<\/div><\/figure><figure class='gallery-item'>\n\t\t\t<div class='gallery-icon landscape'>\n\t\t\t\t<a href='https:\/\/www.sunnyshop211.com\/en\/?attachment_id=30663'><img decoding=\"async\" width=\"150\" height=\"150\" src=\"https:\/\/www.sunnyshop211.com\/wp-content\/uploads\/2023\/02\/litbaldaquinbureauroseetsharpeC3AF284529-150x150.jpg\" class=\"attachment-thumbnail size-thumbnail\" alt=\"\" srcset=\"https:\/\/www.sunnyshop211.com\/wp-content\/uploads\/2023\/02\/litbaldaquinbureauroseetsharpeC3AF284529-150x150.jpg 150w, https:\/\/www.sunnyshop211.com\/wp-content\/uploads\/2023\/02\/litbaldaquinbureauroseetsharpeC3AF284529-scaled-500x500.jpg 500w, https:\/\/www.sunnyshop211.com\/wp-content\/uploads\/2023\/02\/litbaldaquinbureauroseetsharpeC3AF284529-scaled-100x100.jpg 100w, https:\/\/www.sunnyshop211.com\/wp-content\/uploads\/2023\/02\/litbaldaquinbureauroseetsharpeC3AF284529-1200x1200.jpg 1200w, https:\/\/www.sunnyshop211.com\/wp-content\/uploads\/2023\/02\/litbaldaquinbureauroseetsharpeC3AF284529-800x800.jpg 800w, https:\/\/www.sunnyshop211.com\/wp-content\/uploads\/2023\/02\/litbaldaquinbureauroseetsharpeC3AF284529-400x400.jpg 400w, https:\/\/www.sunnyshop211.com\/wp-content\/uploads\/2023\/02\/litbaldaquinbureauroseetsharpeC3AF284529-200x200.jpg 200w\" sizes=\"(max-width: 150px) 100vw, 150px\" \/><\/a>\n\t\t\t<\/div><\/figure>\n\t\t<\/div>\n\n<h3>Bricks in miniature kit 1\/6,1\/4 bjd minifee , MSD, Barbie, Poppy Parker, pullip, blythe, littlefee.<\/h3>\n<p>Batch of cork bricks, ideal for your staging.<\/p>\n<p>This set allows you to customize your rooms.<\/p>\n<p>The lot consists of 20 OR 30 cork bricks.<\/p>\n<p>These miniature kit bricks are very easy to glue and customize.<\/p>\n<p>They are sold in KIT and not painted.<\/p>\n<p>Other customization accessories are on sale in my store, I've put the link below the description.<\/p>\n<p>It's up to you to modulate according to your desires!!!<\/p>\n<p>Due to the handcrafted nature of the product, slight variations in shape and color may occur.<\/p>\n<p>the photos are examples of decoration, only the floor is sold.<\/p>\n<p>compatible with my furniture sold separately in the store. Ideal for your staging.<\/p>\n<p>The other decorations are for sale in my store.<\/p>\n<p>Because of the artisanal character.<\/p>\n<p>There may be slight changes in the shape and color of the final product and some minor imperfections.<\/p>\n<p>Made to order, please take into account the delivery time:\u00a0<a href=\"https:\/\/www.sunnyshop211.com\/en\/conditions-generales-de-ventes-et-delais-de-livraisons\/\">General conditions of sale and delivery times<\/a><\/p>\n<p>the photos are examples of decoration. For more pictures it's here :\u00a0<a href=\"https:\/\/www.instagram.com\/sunnyshop211\/\">https:\/\/www.instagram.com\/sunnyshop211\/<\/a><\/p>\n<p>!!!! This is not a toy, this article is intended for an adult audience!!!<\/p>\n<p>I am not responsible for any damage during transport<\/p>","protected":false},"excerpt":{"rendered":"<p>Briques en kit miniature 1\/6,1\/4 bjd minifee , MSD, Barbie, Poppy Parker, pullip, blythe, littlefee. Lot de briques en li\u00e8ges , id\u00e9al pour vos mises en sc\u00e8nes. Ce lot vous permet de customiser vos rooms. Le lot se compose de\u00a0 20 OU 30\u00a0 briques en li\u00e8ges. Ces briques en kit miniature sont tr\u00e8s faciles \u00e0 [&hellip;]<\/p>\n","protected":false},"featured_media":29931,"comment_status":"open","ping_status":"closed","template":"","meta":{"_crdt_document":"","jetpack_post_was_ever_published":false,"jetpack_publicize_message":"","jetpack_publicize_feature_enabled":true,"jetpack_social_post_already_shared":true,"jetpack_social_options":{"image_generator_settings":{"template":"highway","default_image_id":0,"font":"","enabled":false},"version":2}},"product_brand":[],"product_cat":[667685485],"product_tag":[667685507,667681234,667681226,667681233,667681272,667681225,667681241,667681242,667685505,667681261,667681173,667681237,667685503,667681177,667681235,667681260],"class_list":{"0":"post-33031","1":"product","2":"type-product","3":"status-publish","4":"has-post-thumbnail","6":"product_cat-materiel-construction-dollhouse","7":"product_tag-construction","8":"product_tag-diorama","9":"product_tag-doll","10":"product_tag-dollhouse","11":"product_tag-elowynn-wilde","12":"product_tag-furniture","13":"product_tag-iplehouse","14":"product_tag-jid","15":"product_tag-kit","16":"product_tag-meuble","17":"product_tag-minifee","18":"product_tag-msd","19":"product_tag-parquet","20":"product_tag-poupee","21":"product_tag-roombox","22":"product_tag-tonner","23":"product_shipping_class-lettre-suivie","25":"first","26":"instock","27":"taxable","28":"shipping-taxable","29":"purchasable","30":"product-type-variable"},"yoast_head":"<!-- This site is optimized with the Yoast SEO plugin v27.5 - https:\/\/yoast.com\/product\/yoast-seo-wordpress\/ -->\n<title>Briques en kit miniature 1\/6,1\/4 bjd minifee, Poppy Parker -<\/title>\n<meta name=\"description\" content=\"Briques en kit miniature 1\/6,1\/4 bjd minifee , MSD, Barbie, Poppy Parker, pullip, blythe, littlefee. Ces briques vous permettent de customiser vos rooms.\" \/>\n<meta name=\"robots\" content=\"index, follow, max-snippet:-1, max-image-preview:large, max-video-preview:-1\" \/>\n<link rel=\"canonical\" href=\"https:\/\/www.sunnyshop211.com\/en\/product\/briques-en-kit-miniature-1-61-4-bjd-minifee-poppy-parker\/\" \/>\n<meta property=\"og:locale\" content=\"en_US\" \/>\n<meta property=\"og:type\" content=\"article\" \/>\n<meta property=\"og:title\" content=\"Briques en kit miniature 1\/6,1\/4 bjd minifee, Poppy Parker -\" \/>\n<meta property=\"og:description\" content=\"Briques en kit miniature 1\/6,1\/4 bjd minifee , MSD, Barbie, Poppy Parker, pullip, blythe, littlefee. Ces briques vous permettent de customiser vos rooms.\" \/>\n<meta property=\"og:url\" content=\"https:\/\/www.sunnyshop211.com\/en\/product\/briques-en-kit-miniature-1-61-4-bjd-minifee-poppy-parker\/\" \/>\n<meta property=\"og:site_name\" content=\"Sunnyshop211 -Vente de dioramas, meubles, miniatures , bjd poup\u00e9es 1\/12 1\/8 1\/6 1\/4 1\/3\" \/>\n<meta property=\"article:publisher\" content=\"https:\/\/www.facebook.com\/sunnyshop211\/?ref=bookmarks\" \/>\n<meta property=\"article:modified_time\" content=\"2023-04-18T17:44:30+00:00\" \/>\n<meta property=\"og:image\" content=\"https:\/\/www.sunnyshop211.com\/wp-content\/uploads\/2023\/01\/20230104_145551-scaled.jpg\" \/>\n\t<meta property=\"og:image:width\" content=\"2560\" \/>\n\t<meta property=\"og:image:height\" content=\"2479\" \/>\n\t<meta property=\"og:image:type\" content=\"image\/jpeg\" \/>\n<meta name=\"twitter:card\" content=\"summary_large_image\" \/>\n<meta name=\"twitter:site\" content=\"@sunnyshop211\" \/>\n<meta name=\"twitter:label1\" content=\"Est. reading time\" \/>\n\t<meta name=\"twitter:data1\" content=\"2 minutes\" \/>\n<script type=\"application\/ld+json\" class=\"yoast-schema-graph\">{\"@context\":\"https:\\\/\\\/schema.org\",\"@graph\":[{\"@type\":\"WebPage\",\"@id\":\"https:\\\/\\\/www.sunnyshop211.com\\\/produit\\\/briques-en-kit-miniature-1-61-4-bjd-minifee-poppy-parker\\\/\",\"url\":\"https:\\\/\\\/www.sunnyshop211.com\\\/produit\\\/briques-en-kit-miniature-1-61-4-bjd-minifee-poppy-parker\\\/\",\"name\":\"Briques en kit miniature 1\\\/6,1\\\/4 bjd minifee, Poppy Parker -\",\"isPartOf\":{\"@id\":\"https:\\\/\\\/www.sunnyshop211.com\\\/#website\"},\"primaryImageOfPage\":{\"@id\":\"https:\\\/\\\/www.sunnyshop211.com\\\/produit\\\/briques-en-kit-miniature-1-61-4-bjd-minifee-poppy-parker\\\/#primaryimage\"},\"image\":{\"@id\":\"https:\\\/\\\/www.sunnyshop211.com\\\/produit\\\/briques-en-kit-miniature-1-61-4-bjd-minifee-poppy-parker\\\/#primaryimage\"},\"thumbnailUrl\":\"https:\\\/\\\/www.sunnyshop211.com\\\/wp-content\\\/uploads\\\/2023\\\/01\\\/20230104_145551-scaled.jpg\",\"datePublished\":\"2023-04-18T17:37:36+00:00\",\"dateModified\":\"2023-04-18T17:44:30+00:00\",\"description\":\"Briques en kit miniature 1\\\/6,1\\\/4 bjd minifee , MSD, Barbie, Poppy Parker, pullip, blythe, littlefee. Ces briques vous permettent de customiser vos rooms.\",\"breadcrumb\":{\"@id\":\"https:\\\/\\\/www.sunnyshop211.com\\\/produit\\\/briques-en-kit-miniature-1-61-4-bjd-minifee-poppy-parker\\\/#breadcrumb\"},\"inLanguage\":\"en-US\",\"potentialAction\":[{\"@type\":\"ReadAction\",\"target\":[\"https:\\\/\\\/www.sunnyshop211.com\\\/produit\\\/briques-en-kit-miniature-1-61-4-bjd-minifee-poppy-parker\\\/\"]}]},{\"@type\":\"ImageObject\",\"inLanguage\":\"en-US\",\"@id\":\"https:\\\/\\\/www.sunnyshop211.com\\\/produit\\\/briques-en-kit-miniature-1-61-4-bjd-minifee-poppy-parker\\\/#primaryimage\",\"url\":\"https:\\\/\\\/www.sunnyshop211.com\\\/wp-content\\\/uploads\\\/2023\\\/01\\\/20230104_145551-scaled.jpg\",\"contentUrl\":\"https:\\\/\\\/www.sunnyshop211.com\\\/wp-content\\\/uploads\\\/2023\\\/01\\\/20230104_145551-scaled.jpg\",\"width\":2560,\"height\":2479,\"caption\":\"Briques en kit miniature\"},{\"@type\":\"BreadcrumbList\",\"@id\":\"https:\\\/\\\/www.sunnyshop211.com\\\/produit\\\/briques-en-kit-miniature-1-61-4-bjd-minifee-poppy-parker\\\/#breadcrumb\",\"itemListElement\":[{\"@type\":\"ListItem\",\"position\":1,\"name\":\"Accueil\",\"item\":\"https:\\\/\\\/www.sunnyshop211.com\\\/\"},{\"@type\":\"ListItem\",\"position\":2,\"name\":\"Boutique\",\"item\":\"https:\\\/\\\/www.sunnyshop211.com\\\/boutique-miniature-bjd-dolls\\\/\"},{\"@type\":\"ListItem\",\"position\":3,\"name\":\"Briques en kit miniature 1\\\/6,1\\\/4 bjd minifee, Poppy Parker\"}]},{\"@type\":\"WebSite\",\"@id\":\"https:\\\/\\\/www.sunnyshop211.com\\\/#website\",\"url\":\"https:\\\/\\\/www.sunnyshop211.com\\\/\",\"name\":\"Vente de dioramas, meubles, miniatures , bjd poup\u00e9es 1\\\/12 1\\\/8 1\\\/6 1\\\/4 1\\\/3\",\"description\":\"Sunnyshop211 - Votre univers miniature pour poup\u00e9es et BJD, dioramas et meubles sur mesure !\",\"publisher\":{\"@id\":\"https:\\\/\\\/www.sunnyshop211.com\\\/#organization\"},\"alternateName\":\"sunnyshop211\",\"potentialAction\":[{\"@type\":\"SearchAction\",\"target\":{\"@type\":\"EntryPoint\",\"urlTemplate\":\"https:\\\/\\\/www.sunnyshop211.com\\\/?s={search_term_string}\"},\"query-input\":{\"@type\":\"PropertyValueSpecification\",\"valueRequired\":true,\"valueName\":\"search_term_string\"}}],\"inLanguage\":\"en-US\"},{\"@type\":\"Organization\",\"@id\":\"https:\\\/\\\/www.sunnyshop211.com\\\/#organization\",\"name\":\"sunnyshop211\",\"alternateName\":\"sunnyshop211 diorama bjd meuble miniature\",\"url\":\"https:\\\/\\\/www.sunnyshop211.com\\\/\",\"logo\":{\"@type\":\"ImageObject\",\"inLanguage\":\"en-US\",\"@id\":\"https:\\\/\\\/www.sunnyshop211.com\\\/#\\\/schema\\\/logo\\\/image\\\/\",\"url\":\"https:\\\/\\\/www.sunnyshop211.com\\\/wp-content\\\/uploads\\\/2022\\\/08\\\/cropped-cropped-cropped-Sunnyshop211-1.png\",\"contentUrl\":\"https:\\\/\\\/www.sunnyshop211.com\\\/wp-content\\\/uploads\\\/2022\\\/08\\\/cropped-cropped-cropped-Sunnyshop211-1.png\",\"width\":339,\"height\":339,\"caption\":\"sunnyshop211\"},\"image\":{\"@id\":\"https:\\\/\\\/www.sunnyshop211.com\\\/#\\\/schema\\\/logo\\\/image\\\/\"},\"sameAs\":[\"https:\\\/\\\/www.facebook.com\\\/sunnyshop211\\\/?ref=bookmarks\",\"https:\\\/\\\/x.com\\\/sunnyshop211\",\"https:\\\/\\\/www.instagram.com\\\/sunnyshop211\\\/\",\"https:\\\/\\\/www.tumblr.com\\\/blog\\\/sunnyshop211\",\"https:\\\/\\\/www.youtube.com\\\/channel\\\/UCtYY18OGGDKrTSzgcf7fCBg\",\"https:\\\/\\\/www.tiktok.com\\\/@sunnydollshop211?is_from_webapp=1&sender_device=pc\"]}]}<\/script>\n<!-- \/ Yoast SEO plugin. -->","yoast_head_json":{"title":"Miniature kit bricks 1\/6,1\/4 bjd minifee, Poppy Parker -","description":"Miniature kit bricks 1\/6,1\/4 bjd minifee , MSD, Barbie, Poppy Parker, pullip, blythe, littlefee. These bricks let you customize your rooms.","robots":{"index":"index","follow":"follow","max-snippet":"max-snippet:-1","max-image-preview":"max-image-preview:large","max-video-preview":"max-video-preview:-1"},"canonical":"https:\/\/www.sunnyshop211.com\/en\/product\/briques-en-kit-miniature-1-61-4-bjd-minifee-poppy-parker\/","og_locale":"en_US","og_type":"article","og_title":"Briques en kit miniature 1\/6,1\/4 bjd minifee, Poppy Parker -","og_description":"Briques en kit miniature 1\/6,1\/4 bjd minifee , MSD, Barbie, Poppy Parker, pullip, blythe, littlefee. Ces briques vous permettent de customiser vos rooms.","og_url":"https:\/\/www.sunnyshop211.com\/en\/product\/briques-en-kit-miniature-1-61-4-bjd-minifee-poppy-parker\/","og_site_name":"Sunnyshop211 -Vente de dioramas, meubles, miniatures , bjd poup\u00e9es 1\/12 1\/8 1\/6 1\/4 1\/3","article_publisher":"https:\/\/www.facebook.com\/sunnyshop211\/?ref=bookmarks","article_modified_time":"2023-04-18T17:44:30+00:00","og_image":[{"width":2560,"height":2479,"url":"https:\/\/www.sunnyshop211.com\/wp-content\/uploads\/2023\/01\/20230104_145551-scaled.jpg","type":"image\/jpeg"}],"twitter_card":"summary_large_image","twitter_site":"@sunnyshop211","twitter_misc":{"Est. reading time":"2 minutes"},"schema":{"@context":"https:\/\/schema.org","@graph":[{"@type":"WebPage","@id":"https:\/\/www.sunnyshop211.com\/produit\/briques-en-kit-miniature-1-61-4-bjd-minifee-poppy-parker\/","url":"https:\/\/www.sunnyshop211.com\/produit\/briques-en-kit-miniature-1-61-4-bjd-minifee-poppy-parker\/","name":"Miniature kit bricks 1\/6,1\/4 bjd minifee, Poppy Parker -","isPartOf":{"@id":"https:\/\/www.sunnyshop211.com\/#website"},"primaryImageOfPage":{"@id":"https:\/\/www.sunnyshop211.com\/produit\/briques-en-kit-miniature-1-61-4-bjd-minifee-poppy-parker\/#primaryimage"},"image":{"@id":"https:\/\/www.sunnyshop211.com\/produit\/briques-en-kit-miniature-1-61-4-bjd-minifee-poppy-parker\/#primaryimage"},"thumbnailUrl":"https:\/\/www.sunnyshop211.com\/wp-content\/uploads\/2023\/01\/20230104_145551-scaled.jpg","datePublished":"2023-04-18T17:37:36+00:00","dateModified":"2023-04-18T17:44:30+00:00","description":"Miniature kit bricks 1\/6,1\/4 bjd minifee , MSD, Barbie, Poppy Parker, pullip, blythe, littlefee. These bricks let you customize your rooms.","breadcrumb":{"@id":"https:\/\/www.sunnyshop211.com\/produit\/briques-en-kit-miniature-1-61-4-bjd-minifee-poppy-parker\/#breadcrumb"},"inLanguage":"en-US","potentialAction":[{"@type":"ReadAction","target":["https:\/\/www.sunnyshop211.com\/produit\/briques-en-kit-miniature-1-61-4-bjd-minifee-poppy-parker\/"]}]},{"@type":"ImageObject","inLanguage":"en-US","@id":"https:\/\/www.sunnyshop211.com\/produit\/briques-en-kit-miniature-1-61-4-bjd-minifee-poppy-parker\/#primaryimage","url":"https:\/\/www.sunnyshop211.com\/wp-content\/uploads\/2023\/01\/20230104_145551-scaled.jpg","contentUrl":"https:\/\/www.sunnyshop211.com\/wp-content\/uploads\/2023\/01\/20230104_145551-scaled.jpg","width":2560,"height":2479,"caption":"Briques en kit miniature"},{"@type":"BreadcrumbList","@id":"https:\/\/www.sunnyshop211.com\/produit\/briques-en-kit-miniature-1-61-4-bjd-minifee-poppy-parker\/#breadcrumb","itemListElement":[{"@type":"ListItem","position":1,"name":"Accueil","item":"https:\/\/www.sunnyshop211.com\/"},{"@type":"ListItem","position":2,"name":"Boutique","item":"https:\/\/www.sunnyshop211.com\/boutique-miniature-bjd-dolls\/"},{"@type":"ListItem","position":3,"name":"Briques en kit miniature 1\/6,1\/4 bjd minifee, Poppy Parker"}]},{"@type":"WebSite","@id":"https:\/\/www.sunnyshop211.com\/#website","url":"https:\/\/www.sunnyshop211.com\/","name":"Sale of dioramas, furniture, miniatures, bjd dolls 1\/12 1\/8 1\/6 1\/4 1\/3","description":"Sunnyshop211 - Your miniature world for dolls and BJDs, dioramas and custom-made furniture!","publisher":{"@id":"https:\/\/www.sunnyshop211.com\/#organization"},"alternateName":"sunnyshop211","potentialAction":[{"@type":"SearchAction","target":{"@type":"EntryPoint","urlTemplate":"https:\/\/www.sunnyshop211.com\/?s={search_term_string}"},"query-input":{"@type":"PropertyValueSpecification","valueRequired":true,"valueName":"search_term_string"}}],"inLanguage":"en-US"},{"@type":"Organization","@id":"https:\/\/www.sunnyshop211.com\/#organization","name":"sunnyshop211","alternateName":"sunnyshop211 diorama bjd meuble miniature","url":"https:\/\/www.sunnyshop211.com\/","logo":{"@type":"ImageObject","inLanguage":"en-US","@id":"https:\/\/www.sunnyshop211.com\/#\/schema\/logo\/image\/","url":"https:\/\/www.sunnyshop211.com\/wp-content\/uploads\/2022\/08\/cropped-cropped-cropped-Sunnyshop211-1.png","contentUrl":"https:\/\/www.sunnyshop211.com\/wp-content\/uploads\/2022\/08\/cropped-cropped-cropped-Sunnyshop211-1.png","width":339,"height":339,"caption":"sunnyshop211"},"image":{"@id":"https:\/\/www.sunnyshop211.com\/#\/schema\/logo\/image\/"},"sameAs":["https:\/\/www.facebook.com\/sunnyshop211\/?ref=bookmarks","https:\/\/x.com\/sunnyshop211","https:\/\/www.instagram.com\/sunnyshop211\/","https:\/\/www.tumblr.com\/blog\/sunnyshop211","https:\/\/www.youtube.com\/channel\/UCtYY18OGGDKrTSzgcf7fCBg","https:\/\/www.tiktok.com\/@sunnydollshop211?is_from_webapp=1&sender_device=pc"]}]}},"jetpack_publicize_connections":[],"jetpack_sharing_enabled":true,"_links":{"self":[{"href":"https:\/\/www.sunnyshop211.com\/en\/wp-json\/wp\/v2\/product\/33031","targetHints":{"allow":["GET"]}}],"collection":[{"href":"https:\/\/www.sunnyshop211.com\/en\/wp-json\/wp\/v2\/product"}],"about":[{"href":"https:\/\/www.sunnyshop211.com\/en\/wp-json\/wp\/v2\/types\/product"}],"replies":[{"embeddable":true,"href":"https:\/\/www.sunnyshop211.com\/en\/wp-json\/wp\/v2\/comments?post=33031"}],"version-history":[{"count":1,"href":"https:\/\/www.sunnyshop211.com\/en\/wp-json\/wp\/v2\/product\/33031\/revisions"}],"predecessor-version":[{"id":33040,"href":"https:\/\/www.sunnyshop211.com\/en\/wp-json\/wp\/v2\/product\/33031\/revisions\/33040"}],"wp:featuredmedia":[{"embeddable":true,"href":"https:\/\/www.sunnyshop211.com\/en\/wp-json\/wp\/v2\/media\/29931"}],"wp:attachment":[{"href":"https:\/\/www.sunnyshop211.com\/en\/wp-json\/wp\/v2\/media?parent=33031"}],"wp:term":[{"taxonomy":"product_brand","embeddable":true,"href":"https:\/\/www.sunnyshop211.com\/en\/wp-json\/wp\/v2\/product_brand?post=33031"},{"taxonomy":"product_cat","embeddable":true,"href":"https:\/\/www.sunnyshop211.com\/en\/wp-json\/wp\/v2\/product_cat?post=33031"},{"taxonomy":"product_tag","embeddable":true,"href":"https:\/\/www.sunnyshop211.com\/en\/wp-json\/wp\/v2\/product_tag?post=33031"}],"curies":[{"name":"wp","href":"https:\/\/api.w.org\/{rel}","templated":true}]}}