{"id":31872,"date":"2023-03-30T17:57:22","date_gmt":"2023-03-30T16:57:22","guid":{"rendered":"https:\/\/www.sunnyshop211.com\/?post_type=product&#038;p=31872"},"modified":"2026-01-01T18:13:15","modified_gmt":"2026-01-01T17:13:15","slug":"amaryllis-miniature-1-12-1-6-1-4-barbie-pullip-bjd-minifee","status":"publish","type":"product","link":"https:\/\/www.sunnyshop211.com\/en\/product\/amaryllis-miniature-1-12-1-6-1-4-barbie-pullip-bjd-minifee\/","title":{"rendered":"Amaryllis miniature 1\/12 1\/6 1\/4 Barbie, Pullip, BJD, Minifee"},"content":{"rendered":"<div id='gallery-1' class='gallery galleryid-31872 gallery-columns-3 gallery-size-thumbnail'><figure class='gallery-item'>\n\t\t\t<div class='gallery-icon landscape'>\n\t\t\t\t<a href='https:\/\/www.sunnyshop211.com\/en\/?attachment_id=30669'><img decoding=\"async\" width=\"150\" height=\"150\" src=\"https:\/\/www.sunnyshop211.com\/wp-content\/uploads\/2023\/02\/litbaldaquinbureauroseetsharpeC3AF283829-150x150.jpg\" class=\"attachment-thumbnail size-thumbnail\" alt=\"plantes miniature\" srcset=\"https:\/\/www.sunnyshop211.com\/wp-content\/uploads\/2023\/02\/litbaldaquinbureauroseetsharpeC3AF283829-150x150.jpg 150w, https:\/\/www.sunnyshop211.com\/wp-content\/uploads\/2023\/02\/litbaldaquinbureauroseetsharpeC3AF283829-scaled-500x500.jpg 500w, https:\/\/www.sunnyshop211.com\/wp-content\/uploads\/2023\/02\/litbaldaquinbureauroseetsharpeC3AF283829-scaled-100x100.jpg 100w, https:\/\/www.sunnyshop211.com\/wp-content\/uploads\/2023\/02\/litbaldaquinbureauroseetsharpeC3AF283829-1200x1200.jpg 1200w, https:\/\/www.sunnyshop211.com\/wp-content\/uploads\/2023\/02\/litbaldaquinbureauroseetsharpeC3AF283829-800x800.jpg 800w, https:\/\/www.sunnyshop211.com\/wp-content\/uploads\/2023\/02\/litbaldaquinbureauroseetsharpeC3AF283829-400x400.jpg 400w, https:\/\/www.sunnyshop211.com\/wp-content\/uploads\/2023\/02\/litbaldaquinbureauroseetsharpeC3AF283829-200x200.jpg 200w\" sizes=\"(max-width: 150px) 100vw, 150px\" \/><\/a>\n\t\t\t<\/div><\/figure><figure class='gallery-item'>\n\t\t\t<div class='gallery-icon landscape'>\n\t\t\t\t<a href='https:\/\/www.sunnyshop211.com\/en\/?attachment_id=30667'><img decoding=\"async\" width=\"150\" height=\"150\" src=\"https:\/\/www.sunnyshop211.com\/wp-content\/uploads\/2023\/02\/litbaldaquinbureauroseetsharpeC3AF283929-150x150.jpg\" class=\"attachment-thumbnail size-thumbnail\" alt=\"\" srcset=\"https:\/\/www.sunnyshop211.com\/wp-content\/uploads\/2023\/02\/litbaldaquinbureauroseetsharpeC3AF283929-150x150.jpg 150w, https:\/\/www.sunnyshop211.com\/wp-content\/uploads\/2023\/02\/litbaldaquinbureauroseetsharpeC3AF283929-scaled-500x500.jpg 500w, https:\/\/www.sunnyshop211.com\/wp-content\/uploads\/2023\/02\/litbaldaquinbureauroseetsharpeC3AF283929-scaled-100x100.jpg 100w, https:\/\/www.sunnyshop211.com\/wp-content\/uploads\/2023\/02\/litbaldaquinbureauroseetsharpeC3AF283929-1200x1200.jpg 1200w, https:\/\/www.sunnyshop211.com\/wp-content\/uploads\/2023\/02\/litbaldaquinbureauroseetsharpeC3AF283929-800x800.jpg 800w, https:\/\/www.sunnyshop211.com\/wp-content\/uploads\/2023\/02\/litbaldaquinbureauroseetsharpeC3AF283929-400x400.jpg 400w, https:\/\/www.sunnyshop211.com\/wp-content\/uploads\/2023\/02\/litbaldaquinbureauroseetsharpeC3AF283929-200x200.jpg 200w\" sizes=\"(max-width: 150px) 100vw, 150px\" \/><\/a>\n\t\t\t<\/div><\/figure>\n\t\t<\/div>\n\n<h2 data-start=\"135\" data-end=\"181\">\ud83c\udf3a Miniature Amaryllis - 1\/12 - 1\/6 - 1\/4<\/h2>\n<p data-start=\"182\" data-end=\"242\">Lati - Barbie - Blythe - Pullip - BJD - Minifee - MSD - Unoa<\/p>\n<p data-start=\"244\" data-end=\"264\">\u2500\u2500\u2500\u2500\u2500\u2500\u2500\u2500\u2500\u2500\u2500\u2500\u2500\u2500\u2500\u2500\u2500\u2500\u2500\u2500<\/p>\n<h3 data-start=\"266\" data-end=\"283\">\u2728 Description<\/h3>\n<p data-start=\"284\" data-end=\"542\">This <strong data-start=\"290\" data-end=\"313\">miniature amaryllis<\/strong> is ideal for <strong data-start=\"330\" data-end=\"381\">an elegant and colorful floral touch<\/strong> to your miniature interiors.<br data-start=\"410\" data-end=\"413\" \/>It integrates perfectly into your <strong data-start=\"450\" data-end=\"468\">staging<\/strong>, <strong data-start=\"470\" data-end=\"482\">dioramas<\/strong> and <strong data-start=\"486\" data-end=\"508\">doll's houses<\/strong>, whatever the style of decor.<\/p>\n<p data-start=\"544\" data-end=\"580\">\u2714 Fictitious article<br data-start=\"560\" data-end=\"563\" \/>\u2714 Sold by unit<\/p>\n<p data-start=\"582\" data-end=\"602\">\u2500\u2500\u2500\u2500\u2500\u2500\u2500\u2500\u2500\u2500\u2500\u2500\u2500\u2500\u2500\u2500\u2500\u2500\u2500\u2500<\/p>\n<h3 data-start=\"604\" data-end=\"635\">\ud83e\uddf8 Compatibility &amp; scales<\/h3>\n<p data-start=\"636\" data-end=\"706\">Depending on the desired effect, this plant can be adapted to the following scales:<\/p>\n<ul data-start=\"708\" data-end=\"821\">\n<li data-start=\"708\" data-end=\"746\">\n<p data-start=\"710\" data-end=\"746\"><strong data-start=\"710\" data-end=\"718\">1\/12<\/strong> : Lati Yellow, Lati White<\/p>\n<\/li>\n<li data-start=\"747\" data-end=\"783\">\n<p data-start=\"749\" data-end=\"783\"><strong data-start=\"749\" data-end=\"756\">1\/6<\/strong> Barbie, Blythe, Pullip<\/p>\n<\/li>\n<li data-start=\"784\" data-end=\"821\">\n<p data-start=\"786\" data-end=\"821\"><strong data-start=\"786\" data-end=\"793\">1\/4<\/strong> : Minifee, MSD, Unoa, BJD<\/p>\n<\/li>\n<\/ul>\n<p data-start=\"823\" data-end=\"873\">(Shown as an example with <strong data-start=\"865\" data-end=\"872\">1\/4<\/strong>)<\/p>\n<p data-start=\"875\" data-end=\"895\">\u2500\u2500\u2500\u2500\u2500\u2500\u2500\u2500\u2500\u2500\u2500\u2500\u2500\u2500\u2500\u2500\u2500\u2500\u2500\u2500<\/p>\n<h3 data-start=\"897\" data-end=\"914\">\ud83d\udccf Dimensions<\/h3>\n<ul data-start=\"915\" data-end=\"961\">\n<li data-start=\"915\" data-end=\"961\">\n<p data-start=\"917\" data-end=\"961\"><strong data-start=\"917\" data-end=\"928\">Height<\/strong> : about <strong data-start=\"939\" data-end=\"947\">7 cm<\/strong> (2.75 inches)<\/p>\n<\/li>\n<\/ul>\n<p data-start=\"963\" data-end=\"983\">\u2500\u2500\u2500\u2500\u2500\u2500\u2500\u2500\u2500\u2500\u2500\u2500\u2500\u2500\u2500\u2500\u2500\u2500\u2500\u2500<\/p>\n<h3 data-start=\"985\" data-end=\"999\">\ud83c\udf3f Details<\/h3>\n<ul data-start=\"1000\" data-end=\"1245\">\n<li data-start=\"1000\" data-end=\"1043\">\n<p data-start=\"1002\" data-end=\"1043\">Miniature amaryllis with <strong data-start=\"1027\" data-end=\"1043\">orange flower<\/strong><\/p>\n<\/li>\n<li data-start=\"1044\" data-end=\"1104\">\n<p data-start=\"1046\" data-end=\"1104\">Sold with a <strong data-start=\"1061\" data-end=\"1089\">small earthenware pot<\/strong> brown color<\/p>\n<\/li>\n<li data-start=\"1105\" data-end=\"1164\">\n<p data-start=\"1107\" data-end=\"1164\">Plant from the famous miniature brand <strong data-start=\"1155\" data-end=\"1164\">Cr\u00e9al<\/strong><\/p>\n<\/li>\n<li data-start=\"1165\" data-end=\"1245\">\n<p data-start=\"1167\" data-end=\"1245\">Ideal for decorating a living room, bedroom, store or miniature garden.<\/p>\n<\/li>\n<\/ul>\n<p data-start=\"1247\" data-end=\"1267\">\u2500\u2500\u2500\u2500\u2500\u2500\u2500\u2500\u2500\u2500\u2500\u2500\u2500\u2500\u2500\u2500\u2500\u2500\u2500\u2500<\/p>\n<h3 data-start=\"1269\" data-end=\"1299\">\ud83d\udd90\ufe0f Craft manufacturing<\/h3>\n<p data-start=\"1300\" data-end=\"1349\">Each plant is handcrafted.<\/p>\n<p data-start=\"1351\" data-end=\"1385\">Because of its handmade character:<\/p>\n<ul data-start=\"1386\" data-end=\"1503\">\n<li data-start=\"1386\" data-end=\"1453\">\n<p data-start=\"1388\" data-end=\"1453\">slight variations in shape or color may occur<\/p>\n<\/li>\n<li data-start=\"1454\" data-end=\"1503\">\n<p data-start=\"1456\" data-end=\"1503\">some minor imperfections are possible<\/p>\n<\/li>\n<\/ul>\n<p data-start=\"1505\" data-end=\"1525\">\u2500\u2500\u2500\u2500\u2500\u2500\u2500\u2500\u2500\u2500\u2500\u2500\u2500\u2500\u2500\u2500\u2500\u2500\u2500\u2500<\/p>\n<h3 data-start=\"1527\" data-end=\"1558\">\ud83d\udce6 Important information<\/h3>\n<ul data-start=\"1559\" data-end=\"1844\">\n<li data-start=\"1559\" data-end=\"1610\">\n<p data-start=\"1561\" data-end=\"1610\">The photos are <strong data-start=\"1581\" data-end=\"1610\">examples of staging<\/strong><\/p>\n<\/li>\n<li data-start=\"1611\" data-end=\"1643\">\n<p data-start=\"1613\" data-end=\"1643\"><strong data-start=\"1613\" data-end=\"1643\">Only the plant is sold<\/strong><\/p>\n<\/li>\n<li data-start=\"1644\" data-end=\"1757\">\n<p data-start=\"1646\" data-end=\"1757\">Please note <strong data-start=\"1672\" data-end=\"1695\">DELIVERY DEADLINES<\/strong> :<br data-start=\"1697\" data-end=\"1700\" \/><em data-start=\"1702\" data-end=\"1757\">General conditions of sale and delivery times<\/em><\/p>\n<\/li>\n<li data-start=\"1758\" data-end=\"1844\">\n<p data-start=\"1760\" data-end=\"1844\">For more photos and inspiration:<br data-start=\"1799\" data-end=\"1802\" \/>\ud83d\udc49 <a class=\"decorated-link\" href=\"https:\/\/www.instagram.com\/sunnyshop211\/\" target=\"_new\" rel=\"noopener\" data-start=\"1805\" data-end=\"1844\">https:\/\/www.instagram.com\/sunnyshop211\/<\/a><\/p>\n<\/li>\n<\/ul>\n<p data-start=\"1846\" data-end=\"1866\">\u2500\u2500\u2500\u2500\u2500\u2500\u2500\u2500\u2500\u2500\u2500\u2500\u2500\u2500\u2500\u2500\u2500\u2500\u2500\u2500<\/p>\n<h3 data-start=\"1868\" data-end=\"1891\">\u26a0\ufe0f Imprint<\/h3>\n<p data-start=\"1892\" data-end=\"2032\">!!!! This is not a toy<br data-start=\"1920\" data-end=\"1923\" \/>Article for a <strong data-start=\"1944\" data-end=\"1961\">adult audience<\/strong><br data-start=\"1961\" data-end=\"1964\" \/>\ud83d\udce6 I'm not responsible for any shipping damage<\/p>\n<p>&nbsp;<\/p>\n<p>&nbsp;<\/p>","protected":false},"excerpt":{"rendered":"<p>\ud83c\udf3a Amaryllis miniature \u2013 1\/12 \u00b7 1\/6 \u00b7 1\/4 Lati \u00b7 Barbie \u00b7 Blythe \u00b7 Pullip \u00b7 BJD \u00b7 Minifee \u00b7 MSD \u00b7 Unoa \u2500\u2500\u2500\u2500\u2500\u2500\u2500\u2500\u2500\u2500\u2500\u2500\u2500\u2500\u2500\u2500\u2500\u2500\u2500\u2500 \u2728 Description Cette amaryllis miniature est id\u00e9ale pour apporter une touche florale \u00e9l\u00e9gante et color\u00e9e \u00e0 vos int\u00e9rieurs miniatures.Elle s\u2019int\u00e8gre parfaitement dans vos mises en sc\u00e8ne, dioramas et maisons de [&hellip;]<\/p>\n","protected":false},"featured_media":30669,"comment_status":"open","ping_status":"closed","template":"","meta":{"_crdt_document":"","jetpack_post_was_ever_published":false,"jetpack_publicize_message":"","jetpack_publicize_feature_enabled":true,"jetpack_social_post_already_shared":true,"jetpack_social_options":{"image_generator_settings":{"template":"highway","default_image_id":0,"font":"","enabled":false},"version":2}},"product_brand":[],"product_cat":[667687053],"product_tag":[667681278,667681143,667681136,667681142,667681234,667681226,667681233,667681348,667681426,667681359,667681236,667681232,667681280,667681655,667681656,667681657,667681653,667681177,667681277,667681235],"class_list":{"0":"post-31872","1":"product","2":"type-product","3":"status-publish","4":"has-post-thumbnail","6":"product_cat-plantes","7":"product_tag-barbie","8":"product_tag-bedroom","9":"product_tag-bjd","10":"product_tag-chambre","11":"product_tag-diorama","12":"product_tag-doll","13":"product_tag-dollhouse","14":"product_tag-fashion-royalty","15":"product_tag-littlefee","16":"product_tag-living-room","17":"product_tag-maison-de-poupee","18":"product_tag-miniature","19":"product_tag-phicen","20":"product_tag-photo","21":"product_tag-plant","22":"product_tag-plante","23":"product_tag-portrait","24":"product_tag-poupee","25":"product_tag-pullip","26":"product_tag-roombox","27":"product_shipping_class-colissimo-5","28":"pa_couleur-rose-pink","29":"pa_couleur-violet","31":"first","32":"instock","33":"taxable","34":"shipping-taxable","35":"purchasable","36":"product-type-simple"},"yoast_head":"<!-- This site is optimized with the Yoast SEO plugin v27.4 - https:\/\/yoast.com\/product\/yoast-seo-wordpress\/ -->\n<title>Amaryllis miniature 1\/12 1\/6 1\/4 Barbie, Pullip, BJD, Minifee -<\/title>\n<meta name=\"description\" content=\"Amaryllis miniature 1\/12 1\/6 1\/4 Barbie, Pullip, BJD, Minifee pour poup\u00e9es Barbie, Blythe, Pullip, BJD, Minifee, MSD, unoa. Id\u00e9al pour vos mises en sc\u00e8nes.\" \/>\n<meta name=\"robots\" content=\"index, follow, max-snippet:-1, max-image-preview:large, max-video-preview:-1\" \/>\n<link rel=\"canonical\" href=\"https:\/\/www.sunnyshop211.com\/en\/product\/amaryllis-miniature-1-12-1-6-1-4-barbie-pullip-bjd-minifee\/\" \/>\n<meta property=\"og:locale\" content=\"en_US\" \/>\n<meta property=\"og:type\" content=\"article\" \/>\n<meta property=\"og:title\" content=\"Amaryllis miniature 1\/12 1\/6 1\/4 Barbie, Pullip, BJD, Minifee -\" \/>\n<meta property=\"og:description\" content=\"Amaryllis miniature 1\/12 1\/6 1\/4 Barbie, Pullip, BJD, Minifee pour poup\u00e9es Barbie, Blythe, Pullip, BJD, Minifee, MSD, unoa. Id\u00e9al pour vos mises en sc\u00e8nes.\" \/>\n<meta property=\"og:url\" content=\"https:\/\/www.sunnyshop211.com\/en\/product\/amaryllis-miniature-1-12-1-6-1-4-barbie-pullip-bjd-minifee\/\" \/>\n<meta property=\"og:site_name\" content=\"Sunnyshop211 -Vente de dioramas, meubles, miniatures , bjd poup\u00e9es 1\/12 1\/8 1\/6 1\/4 1\/3\" \/>\n<meta property=\"article:publisher\" content=\"https:\/\/www.facebook.com\/sunnyshop211\/?ref=bookmarks\" \/>\n<meta property=\"article:modified_time\" content=\"2026-01-01T17:13:15+00:00\" \/>\n<meta property=\"og:image\" content=\"https:\/\/www.sunnyshop211.com\/wp-content\/uploads\/2023\/02\/litbaldaquinbureauroseetsharpeC3AF283829-scaled.jpg\" \/>\n\t<meta property=\"og:image:width\" content=\"2560\" \/>\n\t<meta property=\"og:image:height\" content=\"1707\" \/>\n\t<meta property=\"og:image:type\" content=\"image\/jpeg\" \/>\n<meta name=\"twitter:card\" content=\"summary_large_image\" \/>\n<meta name=\"twitter:site\" content=\"@sunnyshop211\" \/>\n<meta name=\"twitter:label1\" content=\"Est. reading time\" \/>\n\t<meta name=\"twitter:data1\" content=\"2 minutes\" \/>\n<script type=\"application\/ld+json\" class=\"yoast-schema-graph\">{\"@context\":\"https:\\\/\\\/schema.org\",\"@graph\":[{\"@type\":\"WebPage\",\"@id\":\"https:\\\/\\\/www.sunnyshop211.com\\\/produit\\\/amaryllis-miniature-1-12-1-6-1-4-barbie-pullip-bjd-minifee\\\/\",\"url\":\"https:\\\/\\\/www.sunnyshop211.com\\\/produit\\\/amaryllis-miniature-1-12-1-6-1-4-barbie-pullip-bjd-minifee\\\/\",\"name\":\"Amaryllis miniature 1\\\/12 1\\\/6 1\\\/4 Barbie, Pullip, BJD, Minifee -\",\"isPartOf\":{\"@id\":\"https:\\\/\\\/www.sunnyshop211.com\\\/#website\"},\"primaryImageOfPage\":{\"@id\":\"https:\\\/\\\/www.sunnyshop211.com\\\/produit\\\/amaryllis-miniature-1-12-1-6-1-4-barbie-pullip-bjd-minifee\\\/#primaryimage\"},\"image\":{\"@id\":\"https:\\\/\\\/www.sunnyshop211.com\\\/produit\\\/amaryllis-miniature-1-12-1-6-1-4-barbie-pullip-bjd-minifee\\\/#primaryimage\"},\"thumbnailUrl\":\"https:\\\/\\\/www.sunnyshop211.com\\\/wp-content\\\/uploads\\\/2023\\\/02\\\/litbaldaquinbureauroseetsharpeC3AF283829-scaled.jpg\",\"datePublished\":\"2023-03-30T16:57:22+00:00\",\"dateModified\":\"2026-01-01T17:13:15+00:00\",\"description\":\"Amaryllis miniature 1\\\/12 1\\\/6 1\\\/4 Barbie, Pullip, BJD, Minifee pour poup\u00e9es Barbie, Blythe, Pullip, BJD, Minifee, MSD, unoa. Id\u00e9al pour vos mises en sc\u00e8nes.\",\"breadcrumb\":{\"@id\":\"https:\\\/\\\/www.sunnyshop211.com\\\/produit\\\/amaryllis-miniature-1-12-1-6-1-4-barbie-pullip-bjd-minifee\\\/#breadcrumb\"},\"inLanguage\":\"en-US\",\"potentialAction\":[{\"@type\":\"ReadAction\",\"target\":[\"https:\\\/\\\/www.sunnyshop211.com\\\/produit\\\/amaryllis-miniature-1-12-1-6-1-4-barbie-pullip-bjd-minifee\\\/\"]}]},{\"@type\":\"ImageObject\",\"inLanguage\":\"en-US\",\"@id\":\"https:\\\/\\\/www.sunnyshop211.com\\\/produit\\\/amaryllis-miniature-1-12-1-6-1-4-barbie-pullip-bjd-minifee\\\/#primaryimage\",\"url\":\"https:\\\/\\\/www.sunnyshop211.com\\\/wp-content\\\/uploads\\\/2023\\\/02\\\/litbaldaquinbureauroseetsharpeC3AF283829-scaled.jpg\",\"contentUrl\":\"https:\\\/\\\/www.sunnyshop211.com\\\/wp-content\\\/uploads\\\/2023\\\/02\\\/litbaldaquinbureauroseetsharpeC3AF283829-scaled.jpg\",\"width\":2560,\"height\":1707,\"caption\":\"plantes miniature\"},{\"@type\":\"BreadcrumbList\",\"@id\":\"https:\\\/\\\/www.sunnyshop211.com\\\/produit\\\/amaryllis-miniature-1-12-1-6-1-4-barbie-pullip-bjd-minifee\\\/#breadcrumb\",\"itemListElement\":[{\"@type\":\"ListItem\",\"position\":1,\"name\":\"Accueil\",\"item\":\"https:\\\/\\\/www.sunnyshop211.com\\\/\"},{\"@type\":\"ListItem\",\"position\":2,\"name\":\"Boutique\",\"item\":\"https:\\\/\\\/www.sunnyshop211.com\\\/boutique-miniature-bjd-dolls\\\/\"},{\"@type\":\"ListItem\",\"position\":3,\"name\":\"Amaryllis miniature 1\\\/12 1\\\/6 1\\\/4 Barbie, Pullip, BJD, Minifee\"}]},{\"@type\":\"WebSite\",\"@id\":\"https:\\\/\\\/www.sunnyshop211.com\\\/#website\",\"url\":\"https:\\\/\\\/www.sunnyshop211.com\\\/\",\"name\":\"Vente de dioramas, meubles, miniatures , bjd poup\u00e9es 1\\\/12 1\\\/8 1\\\/6 1\\\/4 1\\\/3\",\"description\":\"Sunnyshop211 - Votre univers miniature pour poup\u00e9es et BJD, dioramas et meubles sur mesure !\",\"publisher\":{\"@id\":\"https:\\\/\\\/www.sunnyshop211.com\\\/#organization\"},\"alternateName\":\"sunnyshop211\",\"potentialAction\":[{\"@type\":\"SearchAction\",\"target\":{\"@type\":\"EntryPoint\",\"urlTemplate\":\"https:\\\/\\\/www.sunnyshop211.com\\\/?s={search_term_string}\"},\"query-input\":{\"@type\":\"PropertyValueSpecification\",\"valueRequired\":true,\"valueName\":\"search_term_string\"}}],\"inLanguage\":\"en-US\"},{\"@type\":\"Organization\",\"@id\":\"https:\\\/\\\/www.sunnyshop211.com\\\/#organization\",\"name\":\"sunnyshop211\",\"alternateName\":\"sunnyshop211 diorama bjd meuble miniature\",\"url\":\"https:\\\/\\\/www.sunnyshop211.com\\\/\",\"logo\":{\"@type\":\"ImageObject\",\"inLanguage\":\"en-US\",\"@id\":\"https:\\\/\\\/www.sunnyshop211.com\\\/#\\\/schema\\\/logo\\\/image\\\/\",\"url\":\"https:\\\/\\\/www.sunnyshop211.com\\\/wp-content\\\/uploads\\\/2022\\\/08\\\/cropped-cropped-cropped-Sunnyshop211-1.png\",\"contentUrl\":\"https:\\\/\\\/www.sunnyshop211.com\\\/wp-content\\\/uploads\\\/2022\\\/08\\\/cropped-cropped-cropped-Sunnyshop211-1.png\",\"width\":339,\"height\":339,\"caption\":\"sunnyshop211\"},\"image\":{\"@id\":\"https:\\\/\\\/www.sunnyshop211.com\\\/#\\\/schema\\\/logo\\\/image\\\/\"},\"sameAs\":[\"https:\\\/\\\/www.facebook.com\\\/sunnyshop211\\\/?ref=bookmarks\",\"https:\\\/\\\/x.com\\\/sunnyshop211\",\"https:\\\/\\\/www.instagram.com\\\/sunnyshop211\\\/\",\"https:\\\/\\\/www.tumblr.com\\\/blog\\\/sunnyshop211\",\"https:\\\/\\\/www.youtube.com\\\/channel\\\/UCtYY18OGGDKrTSzgcf7fCBg\",\"https:\\\/\\\/www.tiktok.com\\\/@sunnydollshop211?is_from_webapp=1&sender_device=pc\"]}]}<\/script>\n<!-- \/ Yoast SEO plugin. -->","yoast_head_json":{"title":"Amaryllis miniature 1\/12 1\/6 1\/4 Barbie, Pullip, BJD, Minifee -","description":"Amaryllis miniature 1\/12 1\/6 1\/4 Barbie, Pullip, BJD, Minifee for Barbie, Blythe, Pullip, BJD, Minifee, MSD, unoa dolls. Ideal for staging.","robots":{"index":"index","follow":"follow","max-snippet":"max-snippet:-1","max-image-preview":"max-image-preview:large","max-video-preview":"max-video-preview:-1"},"canonical":"https:\/\/www.sunnyshop211.com\/en\/product\/amaryllis-miniature-1-12-1-6-1-4-barbie-pullip-bjd-minifee\/","og_locale":"en_US","og_type":"article","og_title":"Amaryllis miniature 1\/12 1\/6 1\/4 Barbie, Pullip, BJD, Minifee -","og_description":"Amaryllis miniature 1\/12 1\/6 1\/4 Barbie, Pullip, BJD, Minifee pour poup\u00e9es Barbie, Blythe, Pullip, BJD, Minifee, MSD, unoa. Id\u00e9al pour vos mises en sc\u00e8nes.","og_url":"https:\/\/www.sunnyshop211.com\/en\/product\/amaryllis-miniature-1-12-1-6-1-4-barbie-pullip-bjd-minifee\/","og_site_name":"Sunnyshop211 -Vente de dioramas, meubles, miniatures , bjd poup\u00e9es 1\/12 1\/8 1\/6 1\/4 1\/3","article_publisher":"https:\/\/www.facebook.com\/sunnyshop211\/?ref=bookmarks","article_modified_time":"2026-01-01T17:13:15+00:00","og_image":[{"width":2560,"height":1707,"url":"https:\/\/www.sunnyshop211.com\/wp-content\/uploads\/2023\/02\/litbaldaquinbureauroseetsharpeC3AF283829-scaled.jpg","type":"image\/jpeg"}],"twitter_card":"summary_large_image","twitter_site":"@sunnyshop211","twitter_misc":{"Est. reading time":"2 minutes"},"schema":{"@context":"https:\/\/schema.org","@graph":[{"@type":"WebPage","@id":"https:\/\/www.sunnyshop211.com\/produit\/amaryllis-miniature-1-12-1-6-1-4-barbie-pullip-bjd-minifee\/","url":"https:\/\/www.sunnyshop211.com\/produit\/amaryllis-miniature-1-12-1-6-1-4-barbie-pullip-bjd-minifee\/","name":"Amaryllis miniature 1\/12 1\/6 1\/4 Barbie, Pullip, BJD, Minifee -","isPartOf":{"@id":"https:\/\/www.sunnyshop211.com\/#website"},"primaryImageOfPage":{"@id":"https:\/\/www.sunnyshop211.com\/produit\/amaryllis-miniature-1-12-1-6-1-4-barbie-pullip-bjd-minifee\/#primaryimage"},"image":{"@id":"https:\/\/www.sunnyshop211.com\/produit\/amaryllis-miniature-1-12-1-6-1-4-barbie-pullip-bjd-minifee\/#primaryimage"},"thumbnailUrl":"https:\/\/www.sunnyshop211.com\/wp-content\/uploads\/2023\/02\/litbaldaquinbureauroseetsharpeC3AF283829-scaled.jpg","datePublished":"2023-03-30T16:57:22+00:00","dateModified":"2026-01-01T17:13:15+00:00","description":"Amaryllis miniature 1\/12 1\/6 1\/4 Barbie, Pullip, BJD, Minifee for Barbie, Blythe, Pullip, BJD, Minifee, MSD, unoa dolls. Ideal for staging.","breadcrumb":{"@id":"https:\/\/www.sunnyshop211.com\/produit\/amaryllis-miniature-1-12-1-6-1-4-barbie-pullip-bjd-minifee\/#breadcrumb"},"inLanguage":"en-US","potentialAction":[{"@type":"ReadAction","target":["https:\/\/www.sunnyshop211.com\/produit\/amaryllis-miniature-1-12-1-6-1-4-barbie-pullip-bjd-minifee\/"]}]},{"@type":"ImageObject","inLanguage":"en-US","@id":"https:\/\/www.sunnyshop211.com\/produit\/amaryllis-miniature-1-12-1-6-1-4-barbie-pullip-bjd-minifee\/#primaryimage","url":"https:\/\/www.sunnyshop211.com\/wp-content\/uploads\/2023\/02\/litbaldaquinbureauroseetsharpeC3AF283829-scaled.jpg","contentUrl":"https:\/\/www.sunnyshop211.com\/wp-content\/uploads\/2023\/02\/litbaldaquinbureauroseetsharpeC3AF283829-scaled.jpg","width":2560,"height":1707,"caption":"plantes miniature"},{"@type":"BreadcrumbList","@id":"https:\/\/www.sunnyshop211.com\/produit\/amaryllis-miniature-1-12-1-6-1-4-barbie-pullip-bjd-minifee\/#breadcrumb","itemListElement":[{"@type":"ListItem","position":1,"name":"Accueil","item":"https:\/\/www.sunnyshop211.com\/"},{"@type":"ListItem","position":2,"name":"Boutique","item":"https:\/\/www.sunnyshop211.com\/boutique-miniature-bjd-dolls\/"},{"@type":"ListItem","position":3,"name":"Amaryllis miniature 1\/12 1\/6 1\/4 Barbie, Pullip, BJD, Minifee"}]},{"@type":"WebSite","@id":"https:\/\/www.sunnyshop211.com\/#website","url":"https:\/\/www.sunnyshop211.com\/","name":"Sale of dioramas, furniture, miniatures, bjd dolls 1\/12 1\/8 1\/6 1\/4 1\/3","description":"Sunnyshop211 - Your miniature world for dolls and BJDs, dioramas and custom-made furniture!","publisher":{"@id":"https:\/\/www.sunnyshop211.com\/#organization"},"alternateName":"sunnyshop211","potentialAction":[{"@type":"SearchAction","target":{"@type":"EntryPoint","urlTemplate":"https:\/\/www.sunnyshop211.com\/?s={search_term_string}"},"query-input":{"@type":"PropertyValueSpecification","valueRequired":true,"valueName":"search_term_string"}}],"inLanguage":"en-US"},{"@type":"Organization","@id":"https:\/\/www.sunnyshop211.com\/#organization","name":"sunnyshop211","alternateName":"sunnyshop211 diorama bjd meuble miniature","url":"https:\/\/www.sunnyshop211.com\/","logo":{"@type":"ImageObject","inLanguage":"en-US","@id":"https:\/\/www.sunnyshop211.com\/#\/schema\/logo\/image\/","url":"https:\/\/www.sunnyshop211.com\/wp-content\/uploads\/2022\/08\/cropped-cropped-cropped-Sunnyshop211-1.png","contentUrl":"https:\/\/www.sunnyshop211.com\/wp-content\/uploads\/2022\/08\/cropped-cropped-cropped-Sunnyshop211-1.png","width":339,"height":339,"caption":"sunnyshop211"},"image":{"@id":"https:\/\/www.sunnyshop211.com\/#\/schema\/logo\/image\/"},"sameAs":["https:\/\/www.facebook.com\/sunnyshop211\/?ref=bookmarks","https:\/\/x.com\/sunnyshop211","https:\/\/www.instagram.com\/sunnyshop211\/","https:\/\/www.tumblr.com\/blog\/sunnyshop211","https:\/\/www.youtube.com\/channel\/UCtYY18OGGDKrTSzgcf7fCBg","https:\/\/www.tiktok.com\/@sunnydollshop211?is_from_webapp=1&sender_device=pc"]}]}},"jetpack_publicize_connections":[],"jetpack_sharing_enabled":true,"_links":{"self":[{"href":"https:\/\/www.sunnyshop211.com\/en\/wp-json\/wp\/v2\/product\/31872","targetHints":{"allow":["GET"]}}],"collection":[{"href":"https:\/\/www.sunnyshop211.com\/en\/wp-json\/wp\/v2\/product"}],"about":[{"href":"https:\/\/www.sunnyshop211.com\/en\/wp-json\/wp\/v2\/types\/product"}],"replies":[{"embeddable":true,"href":"https:\/\/www.sunnyshop211.com\/en\/wp-json\/wp\/v2\/comments?post=31872"}],"version-history":[{"count":3,"href":"https:\/\/www.sunnyshop211.com\/en\/wp-json\/wp\/v2\/product\/31872\/revisions"}],"predecessor-version":[{"id":53884,"href":"https:\/\/www.sunnyshop211.com\/en\/wp-json\/wp\/v2\/product\/31872\/revisions\/53884"}],"wp:featuredmedia":[{"embeddable":true,"href":"https:\/\/www.sunnyshop211.com\/en\/wp-json\/wp\/v2\/media\/30669"}],"wp:attachment":[{"href":"https:\/\/www.sunnyshop211.com\/en\/wp-json\/wp\/v2\/media?parent=31872"}],"wp:term":[{"taxonomy":"product_brand","embeddable":true,"href":"https:\/\/www.sunnyshop211.com\/en\/wp-json\/wp\/v2\/product_brand?post=31872"},{"taxonomy":"product_cat","embeddable":true,"href":"https:\/\/www.sunnyshop211.com\/en\/wp-json\/wp\/v2\/product_cat?post=31872"},{"taxonomy":"product_tag","embeddable":true,"href":"https:\/\/www.sunnyshop211.com\/en\/wp-json\/wp\/v2\/product_tag?post=31872"}],"curies":[{"name":"wp","href":"https:\/\/api.w.org\/{rel}","templated":true}]}}