{"id":31656,"date":"2023-03-22T17:59:53","date_gmt":"2023-03-22T16:59:53","guid":{"rendered":"https:\/\/www.sunnyshop211.com\/?post_type=product&#038;p=31656"},"modified":"2025-12-31T12:41:56","modified_gmt":"2025-12-31T11:41:56","slug":"ensemble-de-plat-a-gateaux-miniature-1-4-minifee","status":"publish","type":"product","link":"https:\/\/www.sunnyshop211.com\/en\/product\/ensemble-de-plat-a-gateaux-miniature-1-4-minifee\/","title":{"rendered":"1\/4 minifee miniature cake pan set"},"content":{"rendered":"<div id='gallery-1' class='gallery galleryid-31656 gallery-columns-3 gallery-size-thumbnail'><figure class='gallery-item'>\n\t\t\t<div class='gallery-icon landscape'>\n\t\t\t\t<a href='https:\/\/www.sunnyshop211.com\/en\/?attachment_id=31503'><img decoding=\"async\" width=\"150\" height=\"150\" src=\"https:\/\/www.sunnyshop211.com\/wp-content\/uploads\/2023\/03\/paques-et-salon-studio-16-150x150.jpg\" class=\"attachment-thumbnail size-thumbnail\" alt=\"\" srcset=\"https:\/\/www.sunnyshop211.com\/wp-content\/uploads\/2023\/03\/paques-et-salon-studio-16-150x150.jpg 150w, https:\/\/www.sunnyshop211.com\/wp-content\/uploads\/2023\/03\/paques-et-salon-studio-16-scaled-500x500.jpg 500w, https:\/\/www.sunnyshop211.com\/wp-content\/uploads\/2023\/03\/paques-et-salon-studio-16-scaled-100x100.jpg 100w\" sizes=\"(max-width: 150px) 100vw, 150px\" \/><\/a>\n\t\t\t<\/div><\/figure><figure class='gallery-item'>\n\t\t\t<div class='gallery-icon landscape'>\n\t\t\t\t<a href='https:\/\/www.sunnyshop211.com\/en\/?attachment_id=31504'><img decoding=\"async\" width=\"150\" height=\"150\" src=\"https:\/\/www.sunnyshop211.com\/wp-content\/uploads\/2023\/03\/paques-et-salon-studio-17-150x150.jpg\" class=\"attachment-thumbnail size-thumbnail\" alt=\"\" srcset=\"https:\/\/www.sunnyshop211.com\/wp-content\/uploads\/2023\/03\/paques-et-salon-studio-17-150x150.jpg 150w, https:\/\/www.sunnyshop211.com\/wp-content\/uploads\/2023\/03\/paques-et-salon-studio-17-scaled-500x500.jpg 500w, https:\/\/www.sunnyshop211.com\/wp-content\/uploads\/2023\/03\/paques-et-salon-studio-17-scaled-100x100.jpg 100w\" sizes=\"(max-width: 150px) 100vw, 150px\" \/><\/a>\n\t\t\t<\/div><\/figure><figure class='gallery-item'>\n\t\t\t<div class='gallery-icon landscape'>\n\t\t\t\t<a href='https:\/\/www.sunnyshop211.com\/en\/?attachment_id=31506'><img decoding=\"async\" width=\"150\" height=\"150\" src=\"https:\/\/www.sunnyshop211.com\/wp-content\/uploads\/2023\/03\/paques-et-salon-studio-19-150x150.jpg\" class=\"attachment-thumbnail size-thumbnail\" alt=\"\" srcset=\"https:\/\/www.sunnyshop211.com\/wp-content\/uploads\/2023\/03\/paques-et-salon-studio-19-150x150.jpg 150w, https:\/\/www.sunnyshop211.com\/wp-content\/uploads\/2023\/03\/paques-et-salon-studio-19-scaled-500x500.jpg 500w, https:\/\/www.sunnyshop211.com\/wp-content\/uploads\/2023\/03\/paques-et-salon-studio-19-scaled-100x100.jpg 100w\" sizes=\"(max-width: 150px) 100vw, 150px\" \/><\/a>\n\t\t\t<\/div><\/figure><figure class='gallery-item'>\n\t\t\t<div class='gallery-icon portrait'>\n\t\t\t\t<a href='https:\/\/www.sunnyshop211.com\/en\/?attachment_id=31508'><img loading=\"lazy\" decoding=\"async\" width=\"150\" height=\"150\" src=\"https:\/\/www.sunnyshop211.com\/wp-content\/uploads\/2023\/03\/paques-et-salon-studio-21-150x150.jpg\" class=\"attachment-thumbnail size-thumbnail\" alt=\"\" srcset=\"https:\/\/www.sunnyshop211.com\/wp-content\/uploads\/2023\/03\/paques-et-salon-studio-21-150x150.jpg 150w, https:\/\/www.sunnyshop211.com\/wp-content\/uploads\/2023\/03\/paques-et-salon-studio-21-scaled-500x500.jpg 500w, https:\/\/www.sunnyshop211.com\/wp-content\/uploads\/2023\/03\/paques-et-salon-studio-21-scaled-100x100.jpg 100w\" sizes=\"(max-width: 150px) 100vw, 150px\" \/><\/a>\n\t\t\t<\/div><\/figure><figure class='gallery-item'>\n\t\t\t<div class='gallery-icon landscape'>\n\t\t\t\t<a href='https:\/\/www.sunnyshop211.com\/en\/?attachment_id=31507'><img loading=\"lazy\" decoding=\"async\" width=\"150\" height=\"150\" src=\"https:\/\/www.sunnyshop211.com\/wp-content\/uploads\/2023\/03\/paques-et-salon-studio-20-150x150.jpg\" class=\"attachment-thumbnail size-thumbnail\" alt=\"G\u00e2teau p\u00e2ques miniature 1\/4\" srcset=\"https:\/\/www.sunnyshop211.com\/wp-content\/uploads\/2023\/03\/paques-et-salon-studio-20-150x150.jpg 150w, https:\/\/www.sunnyshop211.com\/wp-content\/uploads\/2023\/03\/paques-et-salon-studio-20-scaled-500x500.jpg 500w, https:\/\/www.sunnyshop211.com\/wp-content\/uploads\/2023\/03\/paques-et-salon-studio-20-scaled-100x100.jpg 100w\" sizes=\"(max-width: 150px) 100vw, 150px\" \/><\/a>\n\t\t\t<\/div><\/figure>\n\t\t<\/div>\n\n<h2 data-start=\"161\" data-end=\"287\">\ud83c\udf70 <strong data-start=\"164\" data-end=\"236\">Miniature cake pan set - 1\/4 scale (with pie server)<\/strong><br data-start=\"236\" data-end=\"239\" \/>Minifee - MSD - Unoa - Bimong - Diorama Gourmand<\/h2>\n<p data-start=\"289\" data-end=\"484\">Bring elegance and realism to your miniature scenes with this 1\/4-size cake platter set, ideal for showcasing your desserts at tea time, parties or everyday meals \ud83e\uddf8\u2728<\/p>\n<hr data-start=\"486\" data-end=\"489\" \/>\n<p data-start=\"491\" data-end=\"508\">\u2728 <strong data-start=\"493\" data-end=\"508\">Description<\/strong><\/p>\n<p data-start=\"510\" data-end=\"588\">This miniature cake platter set is perfect for staging:<\/p>\n<p data-start=\"590\" data-end=\"775\">- Miniature cake platter <strong data-start=\"617\" data-end=\"627\">fictitious<\/strong><br data-start=\"627\" data-end=\"630\" \/>- Presentation <strong data-start=\"645\" data-end=\"659\">in height<\/strong> to enhance your desserts<br data-start=\"686\" data-end=\"689\" \/>- Elegant, decorative design<br data-start=\"718\" data-end=\"721\" \/>- Perfect for gourmet scenes and festive dioramas<\/p>\n<p data-start=\"777\" data-end=\"871\">\ud83c\udf70 <strong data-start=\"780\" data-end=\"803\">The package includes<\/strong> :<br \/>\n\u2022 <strong data-start=\"808\" data-end=\"837\">1 cake stand<\/strong><br data-start=\"837\" data-end=\"840\" \/>\u2022 <strong data-start=\"842\" data-end=\"871\">1 miniature pie server<\/strong><\/p>\n<p data-start=\"873\" data-end=\"946\">\ud83c\udfa8 <strong data-start=\"876\" data-end=\"897\">Choice of colors<\/strong> :<br \/>\n- Metal<br data-start=\"907\" data-end=\"910\" \/>- Black<br data-start=\"916\" data-end=\"919\" \/>- White<br data-start=\"926\" data-end=\"929\" \/>- Rose<br data-start=\"935\" data-end=\"938\" \/>- Dor\u00e9<\/p>\n<p data-start=\"948\" data-end=\"994\">\ud83d\udc49 Color to be selected when ordering.<\/p>\n<hr data-start=\"996\" data-end=\"999\" \/>\n<p data-start=\"1001\" data-end=\"1028\">\ud83d\udccf <strong data-start=\"1004\" data-end=\"1028\">Scale &amp; dimensions<\/strong><\/p>\n<p data-start=\"1030\" data-end=\"1192\">\u2714 Scale: <strong data-start=\"1042\" data-end=\"1049\">1\/4<\/strong><br data-start=\"1049\" data-end=\"1052\" \/>\u2714 Dish height: approx. <strong data-start=\"1080\" data-end=\"1088\">5 cm<\/strong><br data-start=\"1088\" data-end=\"1091\" \/>\u2714 Suitable for dolls:<br \/>\n- Minifee<br data-start=\"1123\" data-end=\"1126\" \/>- MSD<br data-start=\"1131\" data-end=\"1134\" \/>- Unoa<br data-start=\"1140\" data-end=\"1143\" \/>- Bimong<br data-start=\"1151\" data-end=\"1154\" \/>- Other models of similar size<\/p>\n<hr data-start=\"1194\" data-end=\"1197\" \/>\n<p data-start=\"1199\" data-end=\"1213\">\ud83d\udce6 <strong data-start=\"1202\" data-end=\"1213\">Contents<\/strong><\/p>\n<p data-start=\"1215\" data-end=\"1288\">\u2022 <strong data-start=\"1217\" data-end=\"1262\">1 set cake pan + pie server<\/strong><br data-start=\"1262\" data-end=\"1265\" \/>\ud83d\udc49 Sold as described<\/p>\n<p data-start=\"1290\" data-end=\"1360\">\ud83d\udc49 The <strong data-start=\"1297\" data-end=\"1319\">miniature cakes<\/strong> are sold separately in the store.<\/p>\n<hr data-start=\"1362\" data-end=\"1365\" \/>\n<h3 data-start=\"1367\" data-end=\"1397\">\ud83d\udd90\ufe0f <strong data-start=\"1371\" data-end=\"1397\">Handcrafted products<\/strong><\/h3>\n<p data-start=\"1399\" data-end=\"1600\">- Handmade items<br data-start=\"1418\" data-end=\"1421\" \/>- Each set is unique<br data-start=\"1449\" data-end=\"1452\" \/>- Slight variations in shape, color or finish may occur.<br data-start=\"1527\" data-end=\"1530\" \/>- A few minor imperfections may occur, due to the craftsmanship involved.<\/p>\n<hr data-start=\"1602\" data-end=\"1605\" \/>\n<p data-start=\"1607\" data-end=\"1640\">\ud83c\udfe1 <strong data-start=\"1610\" data-end=\"1640\">Use &amp; associations<\/strong><\/p>\n<p data-start=\"1642\" data-end=\"1848\">- Decorative accessory for :<br \/>\n- dessert presentations<br data-start=\"1699\" data-end=\"1702\" \/>- tea time miniature<br data-start=\"1722\" data-end=\"1725\" \/>- gourmet dioramas<br data-start=\"1745\" data-end=\"1748\" \/>- Compatible with my furniture and accessories sold separately<br data-start=\"1810\" data-end=\"1813\" \/>- Suitable for staging <strong data-start=\"1841\" data-end=\"1848\">1\/4<\/strong><\/p>\n<p data-start=\"1850\" data-end=\"1916\">\ud83d\udc49 Find out more <strong data-start=\"1867\" data-end=\"1898\">assorted miniature cakes<\/strong> in the store.<\/p>\n<hr data-start=\"1918\" data-end=\"1921\" \/>\n<p data-start=\"1923\" data-end=\"1954\">\ud83d\udcf8 <strong data-start=\"1926\" data-end=\"1954\">Important information<\/strong><\/p>\n<p data-start=\"1956\" data-end=\"2113\">- The photos are examples of staging<br data-start=\"2003\" data-end=\"2006\" \/>\u2022 <strong data-start=\"2008\" data-end=\"2050\">Only flat + shovel set sold<\/strong><br data-start=\"2050\" data-end=\"2053\" \/>- Dolls, cakes, furniture and other accessories not included<\/p>\n<p data-start=\"2115\" data-end=\"2197\">\ud83d\udcf8 More photos and inspiration :<br data-start=\"2152\" data-end=\"2155\" \/>\ud83d\udc49 <a class=\"decorated-link\" href=\"https:\/\/www.instagram.com\/sunnyshop211\/\" target=\"_new\" rel=\"noopener\" data-start=\"2158\" data-end=\"2197\">https:\/\/www.instagram.com\/sunnyshop211\/<\/a><\/p>\n<hr data-start=\"2199\" data-end=\"2202\" \/>\n<p data-start=\"2204\" data-end=\"2227\">\u26a0\ufe0f <strong data-start=\"2207\" data-end=\"2227\">Terms of use<\/strong><\/p>\n<p data-start=\"2229\" data-end=\"2499\">- This is not a toy<br data-start=\"2254\" data-end=\"2257\" \/>- Article intended for an adult and collecting public<br data-start=\"2311\" data-end=\"2314\" \/>- Made to order - please allow for normal manufacturing and delivery times.<br data-start=\"2412\" data-end=\"2415\" \/>- sunnyshop211 cannot be held responsible for any damage incurred in transit.<\/p>\n<hr data-start=\"2501\" data-end=\"2504\" \/>\n<p data-start=\"2506\" data-end=\"2610\">\ud83c\udf70 <strong data-start=\"2509\" data-end=\"2608\">An indispensable set for presenting your miniature 1\/4 desserts with elegance and realism.<\/strong><\/p>\n<p>&nbsp;<\/p>\n<h3><\/h3>","protected":false},"excerpt":{"rendered":"<p>\ud83c\udf70 Ensemble plat \u00e0 g\u00e2teaux miniature \u2013 \u00c9chelle 1\/4 (avec pelle \u00e0 tarte)Minifee \u00b7 MSD \u00b7 Unoa \u00b7 Bimong \u00b7 Diorama Gourmand Apportez \u00e9l\u00e9gance et r\u00e9alisme \u00e0 vos sc\u00e8nes miniatures avec cet ensemble de plat \u00e0 g\u00e2teaux au format 1\/4, id\u00e9al pour mettre en valeur vos desserts lors de tea time, f\u00eates ou repas du [&hellip;]<\/p>\n","protected":false},"featured_media":31503,"comment_status":"open","ping_status":"closed","template":"","meta":{"_crdt_document":"","jetpack_post_was_ever_published":false,"jetpack_publicize_message":"","jetpack_publicize_feature_enabled":true,"jetpack_social_post_already_shared":true,"jetpack_social_options":{"image_generator_settings":{"template":"highway","default_image_id":0,"font":"","enabled":false},"version":2}},"product_brand":[],"product_cat":[667687021],"product_tag":[667681278,667681724,667681792,667681145,667681143,667681341,667681284,667681499,667681142,667684901,667684625,667684623,667681234,667681226,667681233,667681296,667681225,667685598,667684907,667681279,667681241,667681340,667681144,667681236,667681261,667681281,667681173,667681297,667681280,667685596,667681177,667681277,667681338,667681260,667684905],"class_list":{"0":"post-31656","1":"product","2":"type-product","3":"status-publish","4":"has-post-thumbnail","6":"product_cat-vaisselle","7":"product_tag-barbie","8":"product_tag-bear","9":"product_tag-bear-bed","10":"product_tag-bed","11":"product_tag-bedroom","12":"product_tag-bid","13":"product_tag-blythe","14":"product_tag-cake","15":"product_tag-chambre","16":"product_tag-cupcake","17":"product_tag-dinosaur","18":"product_tag-dinosaure","19":"product_tag-diorama","20":"product_tag-doll","21":"product_tag-dollhouse","22":"product_tag-food","23":"product_tag-furniture","24":"product_tag-gateau","25":"product_tag-gauffre","26":"product_tag-hot-toys","27":"product_tag-iplehouse","28":"product_tag-kid","29":"product_tag-lit","30":"product_tag-maison-de-poupee","31":"product_tag-meuble","32":"product_tag-meubles","33":"product_tag-minifee","34":"product_tag-nourriture","35":"product_tag-phicen","36":"product_tag-plat","37":"product_tag-poupee","38":"product_tag-pullip","39":"product_tag-table-de-nuit","40":"product_tag-tonner","41":"product_tag-waffle","42":"product_shipping_class-colissimo-5","43":"pa_couleur-blanc","44":"pa_couleur-dore-golden","45":"pa_couleur-metal","46":"pa_couleur-noir","47":"pa_couleur-rose","49":"first","50":"instock","51":"taxable","52":"shipping-taxable","53":"purchasable","54":"product-type-variable"},"yoast_head":"<!-- This site is optimized with the Yoast SEO plugin v27.5 - https:\/\/yoast.com\/product\/yoast-seo-wordpress\/ -->\n<title>Ensemble de plat \u00e0 g\u00e2teaux miniature 1\/4 minifee -<\/title>\n<meta name=\"description\" content=\"Ensemble de plat \u00e0 g\u00e2teaux miniature 1\/4 minifee. Accessoire id\u00e9al pour vos mises en sc\u00e8nes et pour donner une touche de r\u00e9alisme \u00e0 vos d\u00e9cors.\" \/>\n<meta name=\"robots\" content=\"index, follow, max-snippet:-1, max-image-preview:large, max-video-preview:-1\" \/>\n<link rel=\"canonical\" href=\"https:\/\/www.sunnyshop211.com\/en\/product\/ensemble-de-plat-a-gateaux-miniature-1-4-minifee\/\" \/>\n<meta property=\"og:locale\" content=\"en_US\" \/>\n<meta property=\"og:type\" content=\"article\" \/>\n<meta property=\"og:title\" content=\"Ensemble de plat \u00e0 g\u00e2teaux miniature 1\/4 minifee -\" \/>\n<meta property=\"og:description\" content=\"Ensemble de plat \u00e0 g\u00e2teaux miniature 1\/4 minifee. Accessoire id\u00e9al pour vos mises en sc\u00e8nes et pour donner une touche de r\u00e9alisme \u00e0 vos d\u00e9cors.\" \/>\n<meta property=\"og:url\" content=\"https:\/\/www.sunnyshop211.com\/en\/product\/ensemble-de-plat-a-gateaux-miniature-1-4-minifee\/\" \/>\n<meta property=\"og:site_name\" content=\"Sunnyshop211 -Vente de dioramas, meubles, miniatures , bjd poup\u00e9es 1\/12 1\/8 1\/6 1\/4 1\/3\" \/>\n<meta property=\"article:publisher\" content=\"https:\/\/www.facebook.com\/sunnyshop211\/?ref=bookmarks\" \/>\n<meta property=\"article:modified_time\" content=\"2025-12-31T11:41:56+00:00\" \/>\n<meta property=\"og:image\" content=\"https:\/\/www.sunnyshop211.com\/wp-content\/uploads\/2023\/03\/paques-et-salon-studio-16-scaled.jpg\" \/>\n\t<meta property=\"og:image:width\" content=\"2560\" \/>\n\t<meta property=\"og:image:height\" content=\"1707\" \/>\n\t<meta property=\"og:image:type\" content=\"image\/jpeg\" \/>\n<meta name=\"twitter:card\" content=\"summary_large_image\" \/>\n<meta name=\"twitter:site\" content=\"@sunnyshop211\" \/>\n<meta name=\"twitter:label1\" content=\"Est. reading time\" \/>\n\t<meta name=\"twitter:data1\" content=\"3 minutes\" \/>\n<script type=\"application\/ld+json\" class=\"yoast-schema-graph\">{\"@context\":\"https:\\\/\\\/schema.org\",\"@graph\":[{\"@type\":\"WebPage\",\"@id\":\"https:\\\/\\\/www.sunnyshop211.com\\\/produit\\\/ensemble-de-plat-a-gateaux-miniature-1-4-minifee\\\/\",\"url\":\"https:\\\/\\\/www.sunnyshop211.com\\\/produit\\\/ensemble-de-plat-a-gateaux-miniature-1-4-minifee\\\/\",\"name\":\"Ensemble de plat \u00e0 g\u00e2teaux miniature 1\\\/4 minifee -\",\"isPartOf\":{\"@id\":\"https:\\\/\\\/www.sunnyshop211.com\\\/#website\"},\"primaryImageOfPage\":{\"@id\":\"https:\\\/\\\/www.sunnyshop211.com\\\/produit\\\/ensemble-de-plat-a-gateaux-miniature-1-4-minifee\\\/#primaryimage\"},\"image\":{\"@id\":\"https:\\\/\\\/www.sunnyshop211.com\\\/produit\\\/ensemble-de-plat-a-gateaux-miniature-1-4-minifee\\\/#primaryimage\"},\"thumbnailUrl\":\"https:\\\/\\\/www.sunnyshop211.com\\\/wp-content\\\/uploads\\\/2023\\\/03\\\/paques-et-salon-studio-16-scaled.jpg\",\"datePublished\":\"2023-03-22T16:59:53+00:00\",\"dateModified\":\"2025-12-31T11:41:56+00:00\",\"description\":\"Ensemble de plat \u00e0 g\u00e2teaux miniature 1\\\/4 minifee. Accessoire id\u00e9al pour vos mises en sc\u00e8nes et pour donner une touche de r\u00e9alisme \u00e0 vos d\u00e9cors.\",\"breadcrumb\":{\"@id\":\"https:\\\/\\\/www.sunnyshop211.com\\\/produit\\\/ensemble-de-plat-a-gateaux-miniature-1-4-minifee\\\/#breadcrumb\"},\"inLanguage\":\"en-US\",\"potentialAction\":[{\"@type\":\"ReadAction\",\"target\":[\"https:\\\/\\\/www.sunnyshop211.com\\\/produit\\\/ensemble-de-plat-a-gateaux-miniature-1-4-minifee\\\/\"]}]},{\"@type\":\"ImageObject\",\"inLanguage\":\"en-US\",\"@id\":\"https:\\\/\\\/www.sunnyshop211.com\\\/produit\\\/ensemble-de-plat-a-gateaux-miniature-1-4-minifee\\\/#primaryimage\",\"url\":\"https:\\\/\\\/www.sunnyshop211.com\\\/wp-content\\\/uploads\\\/2023\\\/03\\\/paques-et-salon-studio-16-scaled.jpg\",\"contentUrl\":\"https:\\\/\\\/www.sunnyshop211.com\\\/wp-content\\\/uploads\\\/2023\\\/03\\\/paques-et-salon-studio-16-scaled.jpg\",\"width\":2560,\"height\":1707},{\"@type\":\"BreadcrumbList\",\"@id\":\"https:\\\/\\\/www.sunnyshop211.com\\\/produit\\\/ensemble-de-plat-a-gateaux-miniature-1-4-minifee\\\/#breadcrumb\",\"itemListElement\":[{\"@type\":\"ListItem\",\"position\":1,\"name\":\"Accueil\",\"item\":\"https:\\\/\\\/www.sunnyshop211.com\\\/\"},{\"@type\":\"ListItem\",\"position\":2,\"name\":\"Boutique\",\"item\":\"https:\\\/\\\/www.sunnyshop211.com\\\/boutique-miniature-bjd-dolls\\\/\"},{\"@type\":\"ListItem\",\"position\":3,\"name\":\"Ensemble de plat \u00e0 g\u00e2teaux miniature 1\\\/4 minifee\"}]},{\"@type\":\"WebSite\",\"@id\":\"https:\\\/\\\/www.sunnyshop211.com\\\/#website\",\"url\":\"https:\\\/\\\/www.sunnyshop211.com\\\/\",\"name\":\"Vente de dioramas, meubles, miniatures , bjd poup\u00e9es 1\\\/12 1\\\/8 1\\\/6 1\\\/4 1\\\/3\",\"description\":\"Sunnyshop211 - Votre univers miniature pour poup\u00e9es et BJD, dioramas et meubles sur mesure !\",\"publisher\":{\"@id\":\"https:\\\/\\\/www.sunnyshop211.com\\\/#organization\"},\"alternateName\":\"sunnyshop211\",\"potentialAction\":[{\"@type\":\"SearchAction\",\"target\":{\"@type\":\"EntryPoint\",\"urlTemplate\":\"https:\\\/\\\/www.sunnyshop211.com\\\/?s={search_term_string}\"},\"query-input\":{\"@type\":\"PropertyValueSpecification\",\"valueRequired\":true,\"valueName\":\"search_term_string\"}}],\"inLanguage\":\"en-US\"},{\"@type\":\"Organization\",\"@id\":\"https:\\\/\\\/www.sunnyshop211.com\\\/#organization\",\"name\":\"sunnyshop211\",\"alternateName\":\"sunnyshop211 diorama bjd meuble miniature\",\"url\":\"https:\\\/\\\/www.sunnyshop211.com\\\/\",\"logo\":{\"@type\":\"ImageObject\",\"inLanguage\":\"en-US\",\"@id\":\"https:\\\/\\\/www.sunnyshop211.com\\\/#\\\/schema\\\/logo\\\/image\\\/\",\"url\":\"https:\\\/\\\/www.sunnyshop211.com\\\/wp-content\\\/uploads\\\/2022\\\/08\\\/cropped-cropped-cropped-Sunnyshop211-1.png\",\"contentUrl\":\"https:\\\/\\\/www.sunnyshop211.com\\\/wp-content\\\/uploads\\\/2022\\\/08\\\/cropped-cropped-cropped-Sunnyshop211-1.png\",\"width\":339,\"height\":339,\"caption\":\"sunnyshop211\"},\"image\":{\"@id\":\"https:\\\/\\\/www.sunnyshop211.com\\\/#\\\/schema\\\/logo\\\/image\\\/\"},\"sameAs\":[\"https:\\\/\\\/www.facebook.com\\\/sunnyshop211\\\/?ref=bookmarks\",\"https:\\\/\\\/x.com\\\/sunnyshop211\",\"https:\\\/\\\/www.instagram.com\\\/sunnyshop211\\\/\",\"https:\\\/\\\/www.tumblr.com\\\/blog\\\/sunnyshop211\",\"https:\\\/\\\/www.youtube.com\\\/channel\\\/UCtYY18OGGDKrTSzgcf7fCBg\",\"https:\\\/\\\/www.tiktok.com\\\/@sunnydollshop211?is_from_webapp=1&sender_device=pc\"]}]}<\/script>\n<!-- \/ Yoast SEO plugin. -->","yoast_head_json":{"title":"1\/4 minifee miniature cake pan set -","description":"1\/4 minifee miniature cake plate set. The ideal accessory for staging and adding a touch of realism to your decorations.","robots":{"index":"index","follow":"follow","max-snippet":"max-snippet:-1","max-image-preview":"max-image-preview:large","max-video-preview":"max-video-preview:-1"},"canonical":"https:\/\/www.sunnyshop211.com\/en\/product\/ensemble-de-plat-a-gateaux-miniature-1-4-minifee\/","og_locale":"en_US","og_type":"article","og_title":"Ensemble de plat \u00e0 g\u00e2teaux miniature 1\/4 minifee -","og_description":"Ensemble de plat \u00e0 g\u00e2teaux miniature 1\/4 minifee. Accessoire id\u00e9al pour vos mises en sc\u00e8nes et pour donner une touche de r\u00e9alisme \u00e0 vos d\u00e9cors.","og_url":"https:\/\/www.sunnyshop211.com\/en\/product\/ensemble-de-plat-a-gateaux-miniature-1-4-minifee\/","og_site_name":"Sunnyshop211 -Vente de dioramas, meubles, miniatures , bjd poup\u00e9es 1\/12 1\/8 1\/6 1\/4 1\/3","article_publisher":"https:\/\/www.facebook.com\/sunnyshop211\/?ref=bookmarks","article_modified_time":"2025-12-31T11:41:56+00:00","og_image":[{"width":2560,"height":1707,"url":"https:\/\/www.sunnyshop211.com\/wp-content\/uploads\/2023\/03\/paques-et-salon-studio-16-scaled.jpg","type":"image\/jpeg"}],"twitter_card":"summary_large_image","twitter_site":"@sunnyshop211","twitter_misc":{"Est. reading time":"3 minutes"},"schema":{"@context":"https:\/\/schema.org","@graph":[{"@type":"WebPage","@id":"https:\/\/www.sunnyshop211.com\/produit\/ensemble-de-plat-a-gateaux-miniature-1-4-minifee\/","url":"https:\/\/www.sunnyshop211.com\/produit\/ensemble-de-plat-a-gateaux-miniature-1-4-minifee\/","name":"1\/4 minifee miniature cake pan set -","isPartOf":{"@id":"https:\/\/www.sunnyshop211.com\/#website"},"primaryImageOfPage":{"@id":"https:\/\/www.sunnyshop211.com\/produit\/ensemble-de-plat-a-gateaux-miniature-1-4-minifee\/#primaryimage"},"image":{"@id":"https:\/\/www.sunnyshop211.com\/produit\/ensemble-de-plat-a-gateaux-miniature-1-4-minifee\/#primaryimage"},"thumbnailUrl":"https:\/\/www.sunnyshop211.com\/wp-content\/uploads\/2023\/03\/paques-et-salon-studio-16-scaled.jpg","datePublished":"2023-03-22T16:59:53+00:00","dateModified":"2025-12-31T11:41:56+00:00","description":"1\/4 minifee miniature cake plate set. The ideal accessory for staging and adding a touch of realism to your decorations.","breadcrumb":{"@id":"https:\/\/www.sunnyshop211.com\/produit\/ensemble-de-plat-a-gateaux-miniature-1-4-minifee\/#breadcrumb"},"inLanguage":"en-US","potentialAction":[{"@type":"ReadAction","target":["https:\/\/www.sunnyshop211.com\/produit\/ensemble-de-plat-a-gateaux-miniature-1-4-minifee\/"]}]},{"@type":"ImageObject","inLanguage":"en-US","@id":"https:\/\/www.sunnyshop211.com\/produit\/ensemble-de-plat-a-gateaux-miniature-1-4-minifee\/#primaryimage","url":"https:\/\/www.sunnyshop211.com\/wp-content\/uploads\/2023\/03\/paques-et-salon-studio-16-scaled.jpg","contentUrl":"https:\/\/www.sunnyshop211.com\/wp-content\/uploads\/2023\/03\/paques-et-salon-studio-16-scaled.jpg","width":2560,"height":1707},{"@type":"BreadcrumbList","@id":"https:\/\/www.sunnyshop211.com\/produit\/ensemble-de-plat-a-gateaux-miniature-1-4-minifee\/#breadcrumb","itemListElement":[{"@type":"ListItem","position":1,"name":"Accueil","item":"https:\/\/www.sunnyshop211.com\/"},{"@type":"ListItem","position":2,"name":"Boutique","item":"https:\/\/www.sunnyshop211.com\/boutique-miniature-bjd-dolls\/"},{"@type":"ListItem","position":3,"name":"Ensemble de plat \u00e0 g\u00e2teaux miniature 1\/4 minifee"}]},{"@type":"WebSite","@id":"https:\/\/www.sunnyshop211.com\/#website","url":"https:\/\/www.sunnyshop211.com\/","name":"Sale of dioramas, furniture, miniatures, bjd dolls 1\/12 1\/8 1\/6 1\/4 1\/3","description":"Sunnyshop211 - Your miniature world for dolls and BJDs, dioramas and custom-made furniture!","publisher":{"@id":"https:\/\/www.sunnyshop211.com\/#organization"},"alternateName":"sunnyshop211","potentialAction":[{"@type":"SearchAction","target":{"@type":"EntryPoint","urlTemplate":"https:\/\/www.sunnyshop211.com\/?s={search_term_string}"},"query-input":{"@type":"PropertyValueSpecification","valueRequired":true,"valueName":"search_term_string"}}],"inLanguage":"en-US"},{"@type":"Organization","@id":"https:\/\/www.sunnyshop211.com\/#organization","name":"sunnyshop211","alternateName":"sunnyshop211 diorama bjd meuble miniature","url":"https:\/\/www.sunnyshop211.com\/","logo":{"@type":"ImageObject","inLanguage":"en-US","@id":"https:\/\/www.sunnyshop211.com\/#\/schema\/logo\/image\/","url":"https:\/\/www.sunnyshop211.com\/wp-content\/uploads\/2022\/08\/cropped-cropped-cropped-Sunnyshop211-1.png","contentUrl":"https:\/\/www.sunnyshop211.com\/wp-content\/uploads\/2022\/08\/cropped-cropped-cropped-Sunnyshop211-1.png","width":339,"height":339,"caption":"sunnyshop211"},"image":{"@id":"https:\/\/www.sunnyshop211.com\/#\/schema\/logo\/image\/"},"sameAs":["https:\/\/www.facebook.com\/sunnyshop211\/?ref=bookmarks","https:\/\/x.com\/sunnyshop211","https:\/\/www.instagram.com\/sunnyshop211\/","https:\/\/www.tumblr.com\/blog\/sunnyshop211","https:\/\/www.youtube.com\/channel\/UCtYY18OGGDKrTSzgcf7fCBg","https:\/\/www.tiktok.com\/@sunnydollshop211?is_from_webapp=1&sender_device=pc"]}]}},"jetpack_publicize_connections":[],"jetpack_sharing_enabled":true,"_links":{"self":[{"href":"https:\/\/www.sunnyshop211.com\/en\/wp-json\/wp\/v2\/product\/31656","targetHints":{"allow":["GET"]}}],"collection":[{"href":"https:\/\/www.sunnyshop211.com\/en\/wp-json\/wp\/v2\/product"}],"about":[{"href":"https:\/\/www.sunnyshop211.com\/en\/wp-json\/wp\/v2\/types\/product"}],"replies":[{"embeddable":true,"href":"https:\/\/www.sunnyshop211.com\/en\/wp-json\/wp\/v2\/comments?post=31656"}],"version-history":[{"count":4,"href":"https:\/\/www.sunnyshop211.com\/en\/wp-json\/wp\/v2\/product\/31656\/revisions"}],"predecessor-version":[{"id":53682,"href":"https:\/\/www.sunnyshop211.com\/en\/wp-json\/wp\/v2\/product\/31656\/revisions\/53682"}],"wp:featuredmedia":[{"embeddable":true,"href":"https:\/\/www.sunnyshop211.com\/en\/wp-json\/wp\/v2\/media\/31503"}],"wp:attachment":[{"href":"https:\/\/www.sunnyshop211.com\/en\/wp-json\/wp\/v2\/media?parent=31656"}],"wp:term":[{"taxonomy":"product_brand","embeddable":true,"href":"https:\/\/www.sunnyshop211.com\/en\/wp-json\/wp\/v2\/product_brand?post=31656"},{"taxonomy":"product_cat","embeddable":true,"href":"https:\/\/www.sunnyshop211.com\/en\/wp-json\/wp\/v2\/product_cat?post=31656"},{"taxonomy":"product_tag","embeddable":true,"href":"https:\/\/www.sunnyshop211.com\/en\/wp-json\/wp\/v2\/product_tag?post=31656"}],"curies":[{"name":"wp","href":"https:\/\/api.w.org\/{rel}","templated":true}]}}