{"id":31653,"date":"2023-03-22T17:35:10","date_gmt":"2023-03-22T16:35:10","guid":{"rendered":"https:\/\/www.sunnyshop211.com\/?post_type=product&#038;p=31653"},"modified":"2026-01-01T17:26:21","modified_gmt":"2026-01-01T16:26:21","slug":"banderole-de-paques-miniature-1-4-minifee","status":"publish","type":"product","link":"https:\/\/www.sunnyshop211.com\/en\/product\/banderole-de-paques-miniature-1-4-minifee\/","title":{"rendered":"Miniature Easter banner 1\/4 minifee"},"content":{"rendered":"<div id='gallery-1' class='gallery galleryid-31653 gallery-columns-3 gallery-size-thumbnail'><figure class='gallery-item'>\n\t\t\t<div class='gallery-icon landscape'>\n\t\t\t\t<a href='https:\/\/www.sunnyshop211.com\/en\/?attachment_id=31535'><img decoding=\"async\" width=\"150\" height=\"150\" src=\"https:\/\/www.sunnyshop211.com\/wp-content\/uploads\/2023\/03\/paques-et-salon-studio-48-150x150.jpg\" class=\"attachment-thumbnail size-thumbnail\" alt=\"\" srcset=\"https:\/\/www.sunnyshop211.com\/wp-content\/uploads\/2023\/03\/paques-et-salon-studio-48-150x150.jpg 150w, https:\/\/www.sunnyshop211.com\/wp-content\/uploads\/2023\/03\/paques-et-salon-studio-48-scaled-500x500.jpg 500w, https:\/\/www.sunnyshop211.com\/wp-content\/uploads\/2023\/03\/paques-et-salon-studio-48-scaled-100x100.jpg 100w\" sizes=\"(max-width: 150px) 100vw, 150px\" \/><\/a>\n\t\t\t<\/div><\/figure><figure class='gallery-item'>\n\t\t\t<div class='gallery-icon landscape'>\n\t\t\t\t<a href='https:\/\/www.sunnyshop211.com\/en\/?attachment_id=31534'><img decoding=\"async\" width=\"150\" height=\"150\" src=\"https:\/\/www.sunnyshop211.com\/wp-content\/uploads\/2023\/03\/paques-et-salon-studio-47-150x150.jpg\" class=\"attachment-thumbnail size-thumbnail\" alt=\"\" srcset=\"https:\/\/www.sunnyshop211.com\/wp-content\/uploads\/2023\/03\/paques-et-salon-studio-47-150x150.jpg 150w, https:\/\/www.sunnyshop211.com\/wp-content\/uploads\/2023\/03\/paques-et-salon-studio-47-scaled-500x500.jpg 500w, https:\/\/www.sunnyshop211.com\/wp-content\/uploads\/2023\/03\/paques-et-salon-studio-47-scaled-100x100.jpg 100w\" sizes=\"(max-width: 150px) 100vw, 150px\" \/><\/a>\n\t\t\t<\/div><\/figure><figure class='gallery-item'>\n\t\t\t<div class='gallery-icon landscape'>\n\t\t\t\t<a href='https:\/\/www.sunnyshop211.com\/en\/?attachment_id=31516'><img decoding=\"async\" width=\"150\" height=\"150\" src=\"https:\/\/www.sunnyshop211.com\/wp-content\/uploads\/2023\/03\/paques-et-salon-studio-29-150x150.jpg\" class=\"attachment-thumbnail size-thumbnail\" alt=\"\" srcset=\"https:\/\/www.sunnyshop211.com\/wp-content\/uploads\/2023\/03\/paques-et-salon-studio-29-150x150.jpg 150w, https:\/\/www.sunnyshop211.com\/wp-content\/uploads\/2023\/03\/paques-et-salon-studio-29-scaled-500x500.jpg 500w, https:\/\/www.sunnyshop211.com\/wp-content\/uploads\/2023\/03\/paques-et-salon-studio-29-scaled-100x100.jpg 100w\" sizes=\"(max-width: 150px) 100vw, 150px\" \/><\/a>\n\t\t\t<\/div><\/figure>\n\t\t<\/div>\n\n<h2 data-start=\"135\" data-end=\"181\">Miniature Easter banner - 1\/4 Minifee<\/h2>\n<p data-start=\"183\" data-end=\"203\">\u2500\u2500\u2500\u2500\u2500\u2500\u2500\u2500\u2500\u2500\u2500\u2500\u2500\u2500\u2500\u2500\u2500\u2500\u2500\u2500<\/p>\n<h3 data-start=\"205\" data-end=\"222\">\u2728 Description<\/h3>\n<p data-start=\"224\" data-end=\"380\">This <strong data-start=\"230\" data-end=\"270\">1\/4\" miniature Easter bunting<\/strong> is ideal for celebrating Easter with your dolls and adding a festive, colorful touch to your settings.<\/p>\n<p data-start=\"382\" data-end=\"510\">It makes it easy to personalize your spring decorations, and fits in perfectly with the soft, cheerful world of Easter.<\/p>\n<p data-start=\"512\" data-end=\"591\">\u2714 Fictional article.<br data-start=\"529\" data-end=\"532\" \/>\u2714 Miniature hanging decoration.<br data-start=\"567\" data-end=\"570\" \/>\u2714 Sold individually.<\/p>\n<p data-start=\"593\" data-end=\"613\">\u2500\u2500\u2500\u2500\u2500\u2500\u2500\u2500\u2500\u2500\u2500\u2500\u2500\u2500\u2500\u2500\u2500\u2500\u2500\u2500<\/p>\n<h3 data-start=\"615\" data-end=\"635\">\ud83e\uddf8 Compatibility<\/h3>\n<p data-start=\"637\" data-end=\"688\">Suitable for dolls in <strong data-start=\"665\" data-end=\"672\">1\/4<\/strong>, such that :<\/p>\n<p data-start=\"690\" data-end=\"721\">- Minifee.<br data-start=\"700\" data-end=\"703\" \/>- MSD.<br data-start=\"709\" data-end=\"712\" \/>- Unoa.<\/p>\n<p data-start=\"723\" data-end=\"806\">Perfect for customizing your <strong data-start=\"752\" data-end=\"780\">Easter staging<\/strong> and miniature showcases.<\/p>\n<p data-start=\"808\" data-end=\"828\">\u2500\u2500\u2500\u2500\u2500\u2500\u2500\u2500\u2500\u2500\u2500\u2500\u2500\u2500\u2500\u2500\u2500\u2500\u2500\u2500<\/p>\n<h3 data-start=\"830\" data-end=\"856\">\ud83c\udfa8 Details &amp; finishes<\/h3>\n<p data-start=\"858\" data-end=\"938\">The banner is sold <strong data-start=\"882\" data-end=\"917\">customized as shown<\/strong> and consists of :<\/p>\n<p data-start=\"940\" data-end=\"1251\">- Flags <strong data-start=\"950\" data-end=\"959\">blue<\/strong>.<br data-start=\"960\" data-end=\"963\" \/>- Decoration <strong data-start=\"976\" data-end=\"988\">violet<\/strong> on each letter.<br data-start=\"1007\" data-end=\"1010\" \/>- Registration <strong data-start=\"1024\" data-end=\"1042\">\u201cHappy Easter\u201d<\/strong>.<br data-start=\"1043\" data-end=\"1046\" \/>- A <strong data-start=\"1051\" data-end=\"1071\">little pink rabbit<\/strong> on one of the flags to separate the two words.<br data-start=\"1120\" data-end=\"1123\" \/>- A <strong data-start=\"1129\" data-end=\"1148\">pink cord<\/strong> now the set.<br data-start=\"1171\" data-end=\"1174\" \/>- Two <strong data-start=\"1181\" data-end=\"1197\">small knots<\/strong> at the ends for easy attachment.<\/p>\n<p data-start=\"1253\" data-end=\"1273\">\u2500\u2500\u2500\u2500\u2500\u2500\u2500\u2500\u2500\u2500\u2500\u2500\u2500\u2500\u2500\u2500\u2500\u2500\u2500\u2500<\/p>\n<h3 data-start=\"1275\" data-end=\"1302\">\ud83d\udc23 Easter collection<\/h3>\n<p data-start=\"1304\" data-end=\"1351\">This banner goes perfectly with :<\/p>\n<p data-start=\"1353\" data-end=\"1487\">\u2022 <strong data-start=\"1355\" data-end=\"1386\">Miniature Easter bunnies<\/strong>.<br data-start=\"1387\" data-end=\"1390\" \/>\u2022 <strong data-start=\"1392\" data-end=\"1421\">Miniature Easter eggs<\/strong>.<br data-start=\"1422\" data-end=\"1425\" \/>- Other Easter decorations available in the store.<\/p>\n<p data-start=\"1489\" data-end=\"1509\">\u2500\u2500\u2500\u2500\u2500\u2500\u2500\u2500\u2500\u2500\u2500\u2500\u2500\u2500\u2500\u2500\u2500\u2500\u2500\u2500<\/p>\n<h3 data-start=\"1511\" data-end=\"1541\">\ud83d\udd90\ufe0f Craft manufacturing<\/h3>\n<p data-start=\"1543\" data-end=\"1611\">Each banner is handcrafted to order.<\/p>\n<p data-start=\"1613\" data-end=\"1769\">Because of its handmade character:<br data-start=\"1647\" data-end=\"1650\" \/>- slight variations in shape or color may occur.<br data-start=\"1716\" data-end=\"1719\" \/>- a few minor imperfections are possible.<\/p>\n<p data-start=\"1771\" data-end=\"1791\">\u2500\u2500\u2500\u2500\u2500\u2500\u2500\u2500\u2500\u2500\u2500\u2500\u2500\u2500\u2500\u2500\u2500\u2500\u2500\u2500<\/p>\n<h3 data-start=\"1793\" data-end=\"1824\">\ud83d\udce6 Important information<\/h3>\n<p data-start=\"1826\" data-end=\"2221\">- Made to order.<br data-start=\"1857\" data-end=\"1860\" \/>- For orders containing <strong data-start=\"1891\" data-end=\"1930\">only Easter miniatures<\/strong>, processing time is <strong data-start=\"1962\" data-end=\"1975\">1 week<\/strong>, to ensure you receive them on time.<br data-start=\"2021\" data-end=\"2024\" \/>- Please allow for manufacturing and delivery times (see General Sales Conditions).<br data-start=\"2127\" data-end=\"2130\" \/>- More photos available on Instagram :<br data-start=\"2174\" data-end=\"2177\" \/>\ud83d\udc49 <a class=\"decorated-link\" href=\"https:\/\/www.instagram.com\/sunnyshop211\/\" target=\"_new\" rel=\"noopener\" data-start=\"2180\" data-end=\"2219\">https:\/\/www.instagram.com\/sunnyshop211\/<\/a><\/p>\n<p data-start=\"2223\" data-end=\"2243\">\u2500\u2500\u2500\u2500\u2500\u2500\u2500\u2500\u2500\u2500\u2500\u2500\u2500\u2500\u2500\u2500\u2500\u2500\u2500\u2500<\/p>\n<h3 data-start=\"2245\" data-end=\"2268\">\u26a0\ufe0f Imprint<\/h3>\n<p data-start=\"2270\" data-end=\"2339\">!!!! This is not a toy.<br data-start=\"2299\" data-end=\"2302\" \/>Article intended for an adult audience.<\/p>\n<h4><\/h4>\n<p>&nbsp;<\/p>\n<p>&nbsp;<\/p>\n<p>&nbsp;<\/p>","protected":false},"excerpt":{"rendered":"<p>Banderole de P\u00e2ques miniature \u2013 1\/4 Minifee \u2500\u2500\u2500\u2500\u2500\u2500\u2500\u2500\u2500\u2500\u2500\u2500\u2500\u2500\u2500\u2500\u2500\u2500\u2500\u2500 \u2728 Description Cette banderole de P\u00e2ques miniature au 1\/4 est id\u00e9ale pour f\u00eater P\u00e2ques avec vos dolls et apporter une touche festive et color\u00e9e \u00e0 vos mises en sc\u00e8ne. Elle permet de personnaliser facilement vos d\u00e9cors printaniers et s\u2019int\u00e8gre parfaitement aux univers doux et joyeux de P\u00e2ques. [&hellip;]<\/p>\n","protected":false},"featured_media":31516,"comment_status":"open","ping_status":"closed","template":"","meta":{"_crdt_document":"","jetpack_post_was_ever_published":false,"jetpack_publicize_message":"","jetpack_publicize_feature_enabled":true,"jetpack_social_post_already_shared":true,"jetpack_social_options":{"image_generator_settings":{"template":"highway","default_image_id":0,"font":"","enabled":false},"version":2}},"product_brand":[],"product_cat":[667687052],"product_tag":[667681278,667681368,667681143,667681341,667681136,667681284,667681142,667681234,667681226,667681233,667682270,667682272,667681272,667681239,667681348,667681225,667681241,667681242,667681340,667682274,667681426,667681236,667681261,667681232,667681173,667681237,667682278,667682276,667681280,667681177,667681277,667681235,667681260],"class_list":{"0":"post-31653","1":"product","2":"type-product","3":"status-publish","4":"has-post-thumbnail","6":"product_cat-decoration-de-paques","7":"product_tag-barbie","8":"product_tag-basket","9":"product_tag-bedroom","10":"product_tag-bid","11":"product_tag-bjd","12":"product_tag-blythe","13":"product_tag-chambre","14":"product_tag-diorama","15":"product_tag-doll","16":"product_tag-dollhouse","17":"product_tag-easter","18":"product_tag-easter-bunny","19":"product_tag-elowynn-wilde","20":"product_tag-fairyland","21":"product_tag-fashion-royalty","22":"product_tag-furniture","23":"product_tag-iplehouse","24":"product_tag-jid","25":"product_tag-kid","26":"product_tag-lapin-de-paques","27":"product_tag-littlefee","28":"product_tag-maison-de-poupee","29":"product_tag-meuble","30":"product_tag-miniature","31":"product_tag-minifee","32":"product_tag-msd","33":"product_tag-panier-doeufs-de-paques","34":"product_tag-paques","35":"product_tag-phicen","36":"product_tag-poupee","37":"product_tag-pullip","38":"product_tag-roombox","39":"product_tag-tonner","40":"product_shipping_class-lettre-suivie-3","41":"pa_couleur-bleu","42":"pa_couleur-marron","43":"pa_couleur-rose","44":"pa_couleur-vert-fr","45":"pa_couleur-violet","47":"first","48":"instock","49":"taxable","50":"shipping-taxable","51":"purchasable","52":"product-type-simple"},"yoast_head":"<!-- This site is optimized with the Yoast SEO plugin v27.4 - https:\/\/yoast.com\/product\/yoast-seo-wordpress\/ -->\n<title>Banderole de p\u00e2ques miniature 1\/4 minifee -<\/title>\n<meta name=\"description\" content=\"Banderole de p\u00e2ques miniature 1\/4 minifee. Id\u00e9al pour f\u00eater P\u00e2ques avec vos dolls msd, minifee, unoa et customis\u00e9 vos mises en sc\u00e8nes.\" \/>\n<meta name=\"robots\" content=\"index, follow, max-snippet:-1, max-image-preview:large, max-video-preview:-1\" \/>\n<link rel=\"canonical\" href=\"https:\/\/www.sunnyshop211.com\/en\/product\/banderole-de-paques-miniature-1-4-minifee\/\" \/>\n<meta property=\"og:locale\" content=\"en_US\" \/>\n<meta property=\"og:type\" content=\"article\" \/>\n<meta property=\"og:title\" content=\"Banderole de p\u00e2ques miniature 1\/4 minifee -\" \/>\n<meta property=\"og:description\" content=\"Banderole de p\u00e2ques miniature 1\/4 minifee. Id\u00e9al pour f\u00eater P\u00e2ques avec vos dolls msd, minifee, unoa et customis\u00e9 vos mises en sc\u00e8nes.\" \/>\n<meta property=\"og:url\" content=\"https:\/\/www.sunnyshop211.com\/en\/product\/banderole-de-paques-miniature-1-4-minifee\/\" \/>\n<meta property=\"og:site_name\" content=\"Sunnyshop211 -Vente de dioramas, meubles, miniatures , bjd poup\u00e9es 1\/12 1\/8 1\/6 1\/4 1\/3\" \/>\n<meta property=\"article:publisher\" content=\"https:\/\/www.facebook.com\/sunnyshop211\/?ref=bookmarks\" \/>\n<meta property=\"article:modified_time\" content=\"2026-01-01T16:26:21+00:00\" \/>\n<meta property=\"og:image\" content=\"https:\/\/www.sunnyshop211.com\/wp-content\/uploads\/2023\/03\/paques-et-salon-studio-29-scaled.jpg\" \/>\n\t<meta property=\"og:image:width\" content=\"2560\" \/>\n\t<meta property=\"og:image:height\" content=\"1569\" \/>\n\t<meta property=\"og:image:type\" content=\"image\/jpeg\" \/>\n<meta name=\"twitter:card\" content=\"summary_large_image\" \/>\n<meta name=\"twitter:site\" content=\"@sunnyshop211\" \/>\n<meta name=\"twitter:label1\" content=\"Est. reading time\" \/>\n\t<meta name=\"twitter:data1\" content=\"2 minutes\" \/>\n<script type=\"application\/ld+json\" class=\"yoast-schema-graph\">{\"@context\":\"https:\\\/\\\/schema.org\",\"@graph\":[{\"@type\":\"WebPage\",\"@id\":\"https:\\\/\\\/www.sunnyshop211.com\\\/produit\\\/banderole-de-paques-miniature-1-4-minifee\\\/\",\"url\":\"https:\\\/\\\/www.sunnyshop211.com\\\/produit\\\/banderole-de-paques-miniature-1-4-minifee\\\/\",\"name\":\"Banderole de p\u00e2ques miniature 1\\\/4 minifee -\",\"isPartOf\":{\"@id\":\"https:\\\/\\\/www.sunnyshop211.com\\\/#website\"},\"primaryImageOfPage\":{\"@id\":\"https:\\\/\\\/www.sunnyshop211.com\\\/produit\\\/banderole-de-paques-miniature-1-4-minifee\\\/#primaryimage\"},\"image\":{\"@id\":\"https:\\\/\\\/www.sunnyshop211.com\\\/produit\\\/banderole-de-paques-miniature-1-4-minifee\\\/#primaryimage\"},\"thumbnailUrl\":\"https:\\\/\\\/www.sunnyshop211.com\\\/wp-content\\\/uploads\\\/2023\\\/03\\\/paques-et-salon-studio-29-scaled.jpg\",\"datePublished\":\"2023-03-22T16:35:10+00:00\",\"dateModified\":\"2026-01-01T16:26:21+00:00\",\"description\":\"Banderole de p\u00e2ques miniature 1\\\/4 minifee. Id\u00e9al pour f\u00eater P\u00e2ques avec vos dolls msd, minifee, unoa et customis\u00e9 vos mises en sc\u00e8nes.\",\"breadcrumb\":{\"@id\":\"https:\\\/\\\/www.sunnyshop211.com\\\/produit\\\/banderole-de-paques-miniature-1-4-minifee\\\/#breadcrumb\"},\"inLanguage\":\"en-US\",\"potentialAction\":[{\"@type\":\"ReadAction\",\"target\":[\"https:\\\/\\\/www.sunnyshop211.com\\\/produit\\\/banderole-de-paques-miniature-1-4-minifee\\\/\"]}]},{\"@type\":\"ImageObject\",\"inLanguage\":\"en-US\",\"@id\":\"https:\\\/\\\/www.sunnyshop211.com\\\/produit\\\/banderole-de-paques-miniature-1-4-minifee\\\/#primaryimage\",\"url\":\"https:\\\/\\\/www.sunnyshop211.com\\\/wp-content\\\/uploads\\\/2023\\\/03\\\/paques-et-salon-studio-29-scaled.jpg\",\"contentUrl\":\"https:\\\/\\\/www.sunnyshop211.com\\\/wp-content\\\/uploads\\\/2023\\\/03\\\/paques-et-salon-studio-29-scaled.jpg\",\"width\":2560,\"height\":1569},{\"@type\":\"BreadcrumbList\",\"@id\":\"https:\\\/\\\/www.sunnyshop211.com\\\/produit\\\/banderole-de-paques-miniature-1-4-minifee\\\/#breadcrumb\",\"itemListElement\":[{\"@type\":\"ListItem\",\"position\":1,\"name\":\"Accueil\",\"item\":\"https:\\\/\\\/www.sunnyshop211.com\\\/\"},{\"@type\":\"ListItem\",\"position\":2,\"name\":\"Boutique\",\"item\":\"https:\\\/\\\/www.sunnyshop211.com\\\/boutique-miniature-bjd-dolls\\\/\"},{\"@type\":\"ListItem\",\"position\":3,\"name\":\"Banderole de p\u00e2ques miniature 1\\\/4 minifee\"}]},{\"@type\":\"WebSite\",\"@id\":\"https:\\\/\\\/www.sunnyshop211.com\\\/#website\",\"url\":\"https:\\\/\\\/www.sunnyshop211.com\\\/\",\"name\":\"Vente de dioramas, meubles, miniatures , bjd poup\u00e9es 1\\\/12 1\\\/8 1\\\/6 1\\\/4 1\\\/3\",\"description\":\"Sunnyshop211 - Votre univers miniature pour poup\u00e9es et BJD, dioramas et meubles sur mesure !\",\"publisher\":{\"@id\":\"https:\\\/\\\/www.sunnyshop211.com\\\/#organization\"},\"alternateName\":\"sunnyshop211\",\"potentialAction\":[{\"@type\":\"SearchAction\",\"target\":{\"@type\":\"EntryPoint\",\"urlTemplate\":\"https:\\\/\\\/www.sunnyshop211.com\\\/?s={search_term_string}\"},\"query-input\":{\"@type\":\"PropertyValueSpecification\",\"valueRequired\":true,\"valueName\":\"search_term_string\"}}],\"inLanguage\":\"en-US\"},{\"@type\":\"Organization\",\"@id\":\"https:\\\/\\\/www.sunnyshop211.com\\\/#organization\",\"name\":\"sunnyshop211\",\"alternateName\":\"sunnyshop211 diorama bjd meuble miniature\",\"url\":\"https:\\\/\\\/www.sunnyshop211.com\\\/\",\"logo\":{\"@type\":\"ImageObject\",\"inLanguage\":\"en-US\",\"@id\":\"https:\\\/\\\/www.sunnyshop211.com\\\/#\\\/schema\\\/logo\\\/image\\\/\",\"url\":\"https:\\\/\\\/www.sunnyshop211.com\\\/wp-content\\\/uploads\\\/2022\\\/08\\\/cropped-cropped-cropped-Sunnyshop211-1.png\",\"contentUrl\":\"https:\\\/\\\/www.sunnyshop211.com\\\/wp-content\\\/uploads\\\/2022\\\/08\\\/cropped-cropped-cropped-Sunnyshop211-1.png\",\"width\":339,\"height\":339,\"caption\":\"sunnyshop211\"},\"image\":{\"@id\":\"https:\\\/\\\/www.sunnyshop211.com\\\/#\\\/schema\\\/logo\\\/image\\\/\"},\"sameAs\":[\"https:\\\/\\\/www.facebook.com\\\/sunnyshop211\\\/?ref=bookmarks\",\"https:\\\/\\\/x.com\\\/sunnyshop211\",\"https:\\\/\\\/www.instagram.com\\\/sunnyshop211\\\/\",\"https:\\\/\\\/www.tumblr.com\\\/blog\\\/sunnyshop211\",\"https:\\\/\\\/www.youtube.com\\\/channel\\\/UCtYY18OGGDKrTSzgcf7fCBg\",\"https:\\\/\\\/www.tiktok.com\\\/@sunnydollshop211?is_from_webapp=1&sender_device=pc\"]}]}<\/script>\n<!-- \/ Yoast SEO plugin. -->","yoast_head_json":{"title":"Miniature Easter banner 1\/4 minifee -","description":"Miniature 1\/4 minifee Easter banner. Ideal for celebrating Easter with your msd, minifee or unoa dolls and customizing your scenes.","robots":{"index":"index","follow":"follow","max-snippet":"max-snippet:-1","max-image-preview":"max-image-preview:large","max-video-preview":"max-video-preview:-1"},"canonical":"https:\/\/www.sunnyshop211.com\/en\/product\/banderole-de-paques-miniature-1-4-minifee\/","og_locale":"en_US","og_type":"article","og_title":"Banderole de p\u00e2ques miniature 1\/4 minifee -","og_description":"Banderole de p\u00e2ques miniature 1\/4 minifee. Id\u00e9al pour f\u00eater P\u00e2ques avec vos dolls msd, minifee, unoa et customis\u00e9 vos mises en sc\u00e8nes.","og_url":"https:\/\/www.sunnyshop211.com\/en\/product\/banderole-de-paques-miniature-1-4-minifee\/","og_site_name":"Sunnyshop211 -Vente de dioramas, meubles, miniatures , bjd poup\u00e9es 1\/12 1\/8 1\/6 1\/4 1\/3","article_publisher":"https:\/\/www.facebook.com\/sunnyshop211\/?ref=bookmarks","article_modified_time":"2026-01-01T16:26:21+00:00","og_image":[{"width":2560,"height":1569,"url":"https:\/\/www.sunnyshop211.com\/wp-content\/uploads\/2023\/03\/paques-et-salon-studio-29-scaled.jpg","type":"image\/jpeg"}],"twitter_card":"summary_large_image","twitter_site":"@sunnyshop211","twitter_misc":{"Est. reading time":"2 minutes"},"schema":{"@context":"https:\/\/schema.org","@graph":[{"@type":"WebPage","@id":"https:\/\/www.sunnyshop211.com\/produit\/banderole-de-paques-miniature-1-4-minifee\/","url":"https:\/\/www.sunnyshop211.com\/produit\/banderole-de-paques-miniature-1-4-minifee\/","name":"Miniature Easter banner 1\/4 minifee -","isPartOf":{"@id":"https:\/\/www.sunnyshop211.com\/#website"},"primaryImageOfPage":{"@id":"https:\/\/www.sunnyshop211.com\/produit\/banderole-de-paques-miniature-1-4-minifee\/#primaryimage"},"image":{"@id":"https:\/\/www.sunnyshop211.com\/produit\/banderole-de-paques-miniature-1-4-minifee\/#primaryimage"},"thumbnailUrl":"https:\/\/www.sunnyshop211.com\/wp-content\/uploads\/2023\/03\/paques-et-salon-studio-29-scaled.jpg","datePublished":"2023-03-22T16:35:10+00:00","dateModified":"2026-01-01T16:26:21+00:00","description":"Miniature 1\/4 minifee Easter banner. Ideal for celebrating Easter with your msd, minifee or unoa dolls and customizing your scenes.","breadcrumb":{"@id":"https:\/\/www.sunnyshop211.com\/produit\/banderole-de-paques-miniature-1-4-minifee\/#breadcrumb"},"inLanguage":"en-US","potentialAction":[{"@type":"ReadAction","target":["https:\/\/www.sunnyshop211.com\/produit\/banderole-de-paques-miniature-1-4-minifee\/"]}]},{"@type":"ImageObject","inLanguage":"en-US","@id":"https:\/\/www.sunnyshop211.com\/produit\/banderole-de-paques-miniature-1-4-minifee\/#primaryimage","url":"https:\/\/www.sunnyshop211.com\/wp-content\/uploads\/2023\/03\/paques-et-salon-studio-29-scaled.jpg","contentUrl":"https:\/\/www.sunnyshop211.com\/wp-content\/uploads\/2023\/03\/paques-et-salon-studio-29-scaled.jpg","width":2560,"height":1569},{"@type":"BreadcrumbList","@id":"https:\/\/www.sunnyshop211.com\/produit\/banderole-de-paques-miniature-1-4-minifee\/#breadcrumb","itemListElement":[{"@type":"ListItem","position":1,"name":"Accueil","item":"https:\/\/www.sunnyshop211.com\/"},{"@type":"ListItem","position":2,"name":"Boutique","item":"https:\/\/www.sunnyshop211.com\/boutique-miniature-bjd-dolls\/"},{"@type":"ListItem","position":3,"name":"Banderole de p\u00e2ques miniature 1\/4 minifee"}]},{"@type":"WebSite","@id":"https:\/\/www.sunnyshop211.com\/#website","url":"https:\/\/www.sunnyshop211.com\/","name":"Sale of dioramas, furniture, miniatures, bjd dolls 1\/12 1\/8 1\/6 1\/4 1\/3","description":"Sunnyshop211 - Your miniature world for dolls and BJDs, dioramas and custom-made furniture!","publisher":{"@id":"https:\/\/www.sunnyshop211.com\/#organization"},"alternateName":"sunnyshop211","potentialAction":[{"@type":"SearchAction","target":{"@type":"EntryPoint","urlTemplate":"https:\/\/www.sunnyshop211.com\/?s={search_term_string}"},"query-input":{"@type":"PropertyValueSpecification","valueRequired":true,"valueName":"search_term_string"}}],"inLanguage":"en-US"},{"@type":"Organization","@id":"https:\/\/www.sunnyshop211.com\/#organization","name":"sunnyshop211","alternateName":"sunnyshop211 diorama bjd meuble miniature","url":"https:\/\/www.sunnyshop211.com\/","logo":{"@type":"ImageObject","inLanguage":"en-US","@id":"https:\/\/www.sunnyshop211.com\/#\/schema\/logo\/image\/","url":"https:\/\/www.sunnyshop211.com\/wp-content\/uploads\/2022\/08\/cropped-cropped-cropped-Sunnyshop211-1.png","contentUrl":"https:\/\/www.sunnyshop211.com\/wp-content\/uploads\/2022\/08\/cropped-cropped-cropped-Sunnyshop211-1.png","width":339,"height":339,"caption":"sunnyshop211"},"image":{"@id":"https:\/\/www.sunnyshop211.com\/#\/schema\/logo\/image\/"},"sameAs":["https:\/\/www.facebook.com\/sunnyshop211\/?ref=bookmarks","https:\/\/x.com\/sunnyshop211","https:\/\/www.instagram.com\/sunnyshop211\/","https:\/\/www.tumblr.com\/blog\/sunnyshop211","https:\/\/www.youtube.com\/channel\/UCtYY18OGGDKrTSzgcf7fCBg","https:\/\/www.tiktok.com\/@sunnydollshop211?is_from_webapp=1&sender_device=pc"]}]}},"jetpack_publicize_connections":[],"jetpack_sharing_enabled":true,"_links":{"self":[{"href":"https:\/\/www.sunnyshop211.com\/en\/wp-json\/wp\/v2\/product\/31653","targetHints":{"allow":["GET"]}}],"collection":[{"href":"https:\/\/www.sunnyshop211.com\/en\/wp-json\/wp\/v2\/product"}],"about":[{"href":"https:\/\/www.sunnyshop211.com\/en\/wp-json\/wp\/v2\/types\/product"}],"replies":[{"embeddable":true,"href":"https:\/\/www.sunnyshop211.com\/en\/wp-json\/wp\/v2\/comments?post=31653"}],"version-history":[{"count":3,"href":"https:\/\/www.sunnyshop211.com\/en\/wp-json\/wp\/v2\/product\/31653\/revisions"}],"predecessor-version":[{"id":53842,"href":"https:\/\/www.sunnyshop211.com\/en\/wp-json\/wp\/v2\/product\/31653\/revisions\/53842"}],"wp:featuredmedia":[{"embeddable":true,"href":"https:\/\/www.sunnyshop211.com\/en\/wp-json\/wp\/v2\/media\/31516"}],"wp:attachment":[{"href":"https:\/\/www.sunnyshop211.com\/en\/wp-json\/wp\/v2\/media?parent=31653"}],"wp:term":[{"taxonomy":"product_brand","embeddable":true,"href":"https:\/\/www.sunnyshop211.com\/en\/wp-json\/wp\/v2\/product_brand?post=31653"},{"taxonomy":"product_cat","embeddable":true,"href":"https:\/\/www.sunnyshop211.com\/en\/wp-json\/wp\/v2\/product_cat?post=31653"},{"taxonomy":"product_tag","embeddable":true,"href":"https:\/\/www.sunnyshop211.com\/en\/wp-json\/wp\/v2\/product_tag?post=31653"}],"curies":[{"name":"wp","href":"https:\/\/api.w.org\/{rel}","templated":true}]}}