{"id":31645,"date":"2023-03-22T17:15:45","date_gmt":"2023-03-22T16:15:45","guid":{"rendered":"https:\/\/www.sunnyshop211.com\/?post_type=product&#038;p=31645"},"modified":"2026-01-01T17:28:54","modified_gmt":"2026-01-01T16:28:54","slug":"lot-de-cupcakes-de-paques-miniature-1-4-minifee","status":"publish","type":"product","link":"https:\/\/www.sunnyshop211.com\/en\/product\/lot-de-cupcakes-de-paques-miniature-1-4-minifee\/","title":{"rendered":"1\/4 minifee miniature easter cupcakes"},"content":{"rendered":"<div id='gallery-1' class='gallery galleryid-31645 gallery-columns-3 gallery-size-thumbnail'><figure class='gallery-item'>\n\t\t\t<div class='gallery-icon landscape'>\n\t\t\t\t<a href='https:\/\/www.sunnyshop211.com\/en\/?attachment_id=31527'><img decoding=\"async\" width=\"150\" height=\"150\" src=\"https:\/\/www.sunnyshop211.com\/wp-content\/uploads\/2023\/03\/paques-et-salon-studio-40-150x150.jpg\" class=\"attachment-thumbnail size-thumbnail\" alt=\"Lot de cupcakes de p\u00e2ques miniature 1\/4 minifee\" srcset=\"https:\/\/www.sunnyshop211.com\/wp-content\/uploads\/2023\/03\/paques-et-salon-studio-40-150x150.jpg 150w, https:\/\/www.sunnyshop211.com\/wp-content\/uploads\/2023\/03\/paques-et-salon-studio-40-scaled-500x500.jpg 500w, https:\/\/www.sunnyshop211.com\/wp-content\/uploads\/2023\/03\/paques-et-salon-studio-40-scaled-100x100.jpg 100w\" sizes=\"(max-width: 150px) 100vw, 150px\" \/><\/a>\n\t\t\t<\/div><\/figure><figure class='gallery-item'>\n\t\t\t<div class='gallery-icon landscape'>\n\t\t\t\t<a href='https:\/\/www.sunnyshop211.com\/en\/?attachment_id=31528'><img decoding=\"async\" width=\"150\" height=\"150\" src=\"https:\/\/www.sunnyshop211.com\/wp-content\/uploads\/2023\/03\/paques-et-salon-studio-41-150x150.jpg\" class=\"attachment-thumbnail size-thumbnail\" alt=\"Lot de cupcakes de p\u00e2ques miniature 1\/4 minifee\" srcset=\"https:\/\/www.sunnyshop211.com\/wp-content\/uploads\/2023\/03\/paques-et-salon-studio-41-150x150.jpg 150w, https:\/\/www.sunnyshop211.com\/wp-content\/uploads\/2023\/03\/paques-et-salon-studio-41-scaled-500x500.jpg 500w, https:\/\/www.sunnyshop211.com\/wp-content\/uploads\/2023\/03\/paques-et-salon-studio-41-scaled-100x100.jpg 100w\" sizes=\"(max-width: 150px) 100vw, 150px\" \/><\/a>\n\t\t\t<\/div><\/figure><figure class='gallery-item'>\n\t\t\t<div class='gallery-icon landscape'>\n\t\t\t\t<a href='https:\/\/www.sunnyshop211.com\/en\/?attachment_id=31526'><img decoding=\"async\" width=\"150\" height=\"150\" src=\"https:\/\/www.sunnyshop211.com\/wp-content\/uploads\/2023\/03\/paques-et-salon-studio-39-150x150.jpg\" class=\"attachment-thumbnail size-thumbnail\" alt=\"Lot de cupcakes de p\u00e2ques miniature 1\/4 minifee\" srcset=\"https:\/\/www.sunnyshop211.com\/wp-content\/uploads\/2023\/03\/paques-et-salon-studio-39-150x150.jpg 150w, https:\/\/www.sunnyshop211.com\/wp-content\/uploads\/2023\/03\/paques-et-salon-studio-39-scaled-500x500.jpg 500w, https:\/\/www.sunnyshop211.com\/wp-content\/uploads\/2023\/03\/paques-et-salon-studio-39-scaled-100x100.jpg 100w\" sizes=\"(max-width: 150px) 100vw, 150px\" \/><\/a>\n\t\t\t<\/div><\/figure><figure class='gallery-item'>\n\t\t\t<div class='gallery-icon landscape'>\n\t\t\t\t<a href='https:\/\/www.sunnyshop211.com\/en\/?attachment_id=31531'><img loading=\"lazy\" decoding=\"async\" width=\"150\" height=\"150\" src=\"https:\/\/www.sunnyshop211.com\/wp-content\/uploads\/2023\/03\/paques-et-salon-studio-44-150x150.jpg\" class=\"attachment-thumbnail size-thumbnail\" alt=\"Lot de cupcakes de p\u00e2ques miniature 1\/4 minifee\" srcset=\"https:\/\/www.sunnyshop211.com\/wp-content\/uploads\/2023\/03\/paques-et-salon-studio-44-150x150.jpg 150w, https:\/\/www.sunnyshop211.com\/wp-content\/uploads\/2023\/03\/paques-et-salon-studio-44-scaled-500x500.jpg 500w, https:\/\/www.sunnyshop211.com\/wp-content\/uploads\/2023\/03\/paques-et-salon-studio-44-scaled-100x100.jpg 100w\" sizes=\"(max-width: 150px) 100vw, 150px\" \/><\/a>\n\t\t\t<\/div><\/figure><figure class='gallery-item'>\n\t\t\t<div class='gallery-icon landscape'>\n\t\t\t\t<a href='https:\/\/www.sunnyshop211.com\/en\/?attachment_id=31521'><img loading=\"lazy\" decoding=\"async\" width=\"150\" height=\"150\" src=\"https:\/\/www.sunnyshop211.com\/wp-content\/uploads\/2023\/03\/paques-et-salon-studio-34-150x150.jpg\" class=\"attachment-thumbnail size-thumbnail\" alt=\"\" srcset=\"https:\/\/www.sunnyshop211.com\/wp-content\/uploads\/2023\/03\/paques-et-salon-studio-34-150x150.jpg 150w, https:\/\/www.sunnyshop211.com\/wp-content\/uploads\/2023\/03\/paques-et-salon-studio-34-scaled-500x500.jpg 500w, https:\/\/www.sunnyshop211.com\/wp-content\/uploads\/2023\/03\/paques-et-salon-studio-34-scaled-100x100.jpg 100w\" sizes=\"(max-width: 150px) 100vw, 150px\" \/><\/a>\n\t\t\t<\/div><\/figure><figure class='gallery-item'>\n\t\t\t<div class='gallery-icon landscape'>\n\t\t\t\t<a href='https:\/\/www.sunnyshop211.com\/en\/?attachment_id=31510'><img loading=\"lazy\" decoding=\"async\" width=\"150\" height=\"150\" src=\"https:\/\/www.sunnyshop211.com\/wp-content\/uploads\/2023\/03\/paques-et-salon-studio-23-150x150.jpg\" class=\"attachment-thumbnail size-thumbnail\" alt=\"\" srcset=\"https:\/\/www.sunnyshop211.com\/wp-content\/uploads\/2023\/03\/paques-et-salon-studio-23-150x150.jpg 150w, https:\/\/www.sunnyshop211.com\/wp-content\/uploads\/2023\/03\/paques-et-salon-studio-23-scaled-500x500.jpg 500w, https:\/\/www.sunnyshop211.com\/wp-content\/uploads\/2023\/03\/paques-et-salon-studio-23-scaled-100x100.jpg 100w\" sizes=\"(max-width: 150px) 100vw, 150px\" \/><\/a>\n\t\t\t<\/div><\/figure>\n\t\t<\/div>\n\n<h2 data-start=\"125\" data-end=\"178\">Miniature Easter cupcakes - 1\/4 Minifee<\/h2>\n<p data-start=\"180\" data-end=\"200\">\u2500\u2500\u2500\u2500\u2500\u2500\u2500\u2500\u2500\u2500\u2500\u2500\u2500\u2500\u2500\u2500\u2500\u2500\u2500\u2500<\/p>\n<h3 data-start=\"202\" data-end=\"219\">\u2728 Description<\/h3>\n<p data-start=\"221\" data-end=\"382\">This <strong data-start=\"224\" data-end=\"271\">set of 1\/4\" miniature Easter cupcakes<\/strong> is ideal for celebrating Easter with your dolls and adding a gourmet, colorful touch to your settings.<\/p>\n<p data-start=\"384\" data-end=\"515\">These decorative cupcakes are perfect for creating festive scenes around a tea party or miniature Easter table.<\/p>\n<p data-start=\"517\" data-end=\"584\">\u2714 Fictional article.<br data-start=\"534\" data-end=\"537\" \/>\u2714 Miniature decoration.<br data-start=\"560\" data-end=\"563\" \/>\u2714 Sold in <strong data-start=\"574\" data-end=\"581\">lot<\/strong>.<\/p>\n<p data-start=\"586\" data-end=\"606\">\u2500\u2500\u2500\u2500\u2500\u2500\u2500\u2500\u2500\u2500\u2500\u2500\u2500\u2500\u2500\u2500\u2500\u2500\u2500\u2500<\/p>\n<h3 data-start=\"608\" data-end=\"628\">\ud83e\uddf8 Compatibility<\/h3>\n<p data-start=\"630\" data-end=\"681\">Suitable for dolls in <strong data-start=\"658\" data-end=\"665\">1\/4<\/strong>, such that :<\/p>\n<p data-start=\"683\" data-end=\"714\">- Minifee.<br data-start=\"693\" data-end=\"696\" \/>- MSD.<br data-start=\"702\" data-end=\"705\" \/>- Unoa.<\/p>\n<p data-start=\"716\" data-end=\"804\">Perfect for customizing your <strong data-start=\"745\" data-end=\"774\">Easter scenes<\/strong> and miniature dioramas.<\/p>\n<p data-start=\"806\" data-end=\"826\">\u2500\u2500\u2500\u2500\u2500\u2500\u2500\u2500\u2500\u2500\u2500\u2500\u2500\u2500\u2500\u2500\u2500\u2500\u2500\u2500<\/p>\n<h3 data-start=\"828\" data-end=\"854\">\ud83c\udfa8 Details &amp; finishes<\/h3>\n<p data-start=\"856\" data-end=\"939\">The cupcakes are sold <strong data-start=\"881\" data-end=\"916\">customized as shown<\/strong> and consist of :<\/p>\n<p data-start=\"941\" data-end=\"1031\">\u2022 <strong data-start=\"943\" data-end=\"968\">3 miniature cupcakes<\/strong> :<br data-start=\"970\" data-end=\"973\" \/>- A <strong data-start=\"980\" data-end=\"988\">green<\/strong>.<br data-start=\"989\" data-end=\"992\" \/>- A <strong data-start=\"999\" data-end=\"1007\">pink<\/strong>.<br data-start=\"1008\" data-end=\"1011\" \/>- A <strong data-start=\"1018\" data-end=\"1028\">purple<\/strong>.<\/p>\n<p data-start=\"1033\" data-end=\"1144\">- D\u00e9cors :<br data-start=\"1043\" data-end=\"1046\" \/>- Easter egg.<br data-start=\"1064\" data-end=\"1067\" \/>- Or small <strong data-start=\"1080\" data-end=\"1101\">rabbit's behind<\/strong>, The fruit is set on a nest of green whipped cream.<\/p>\n<p data-start=\"1146\" data-end=\"1182\">- Set <strong data-start=\"1157\" data-end=\"1179\">entirely fictitious<\/strong>.<\/p>\n<p data-start=\"1184\" data-end=\"1204\">\u2500\u2500\u2500\u2500\u2500\u2500\u2500\u2500\u2500\u2500\u2500\u2500\u2500\u2500\u2500\u2500\u2500\u2500\u2500\u2500<\/p>\n<h3 data-start=\"1206\" data-end=\"1233\">\ud83d\udc23 Easter collection<\/h3>\n<p data-start=\"1235\" data-end=\"1281\">These cupcakes go perfectly with :<\/p>\n<p data-start=\"1283\" data-end=\"1454\">\u2022 <strong data-start=\"1285\" data-end=\"1316\">Miniature Easter cups<\/strong>.<br data-start=\"1317\" data-end=\"1320\" \/>\u2022 <strong data-start=\"1322\" data-end=\"1353\">Miniature Easter bunnies<\/strong>.<br data-start=\"1354\" data-end=\"1357\" \/>\u2022 <strong data-start=\"1359\" data-end=\"1388\">Miniature Easter eggs<\/strong>.<br data-start=\"1389\" data-end=\"1392\" \/>- Other Easter decorations available in the store.<\/p>\n<p data-start=\"1456\" data-end=\"1476\">\u2500\u2500\u2500\u2500\u2500\u2500\u2500\u2500\u2500\u2500\u2500\u2500\u2500\u2500\u2500\u2500\u2500\u2500\u2500\u2500<\/p>\n<h3 data-start=\"1478\" data-end=\"1508\">\ud83d\udd90\ufe0f Craft manufacturing<\/h3>\n<p data-start=\"1510\" data-end=\"1571\">Each batch is handcrafted to order.<\/p>\n<p data-start=\"1573\" data-end=\"1729\">Because of its handmade character:<br data-start=\"1607\" data-end=\"1610\" \/>- slight variations in shape or color may occur.<br data-start=\"1676\" data-end=\"1679\" \/>- a few minor imperfections are possible.<\/p>\n<p data-start=\"1731\" data-end=\"1751\">\u2500\u2500\u2500\u2500\u2500\u2500\u2500\u2500\u2500\u2500\u2500\u2500\u2500\u2500\u2500\u2500\u2500\u2500\u2500\u2500<\/p>\n<h3 data-start=\"1753\" data-end=\"1784\">\ud83d\udce6 Important information<\/h3>\n<p data-start=\"1786\" data-end=\"2113\">- Made to order.<br data-start=\"1817\" data-end=\"1820\" \/>\u2022 <strong data-start=\"1822\" data-end=\"1861\">Price is for a batch of cupcakes<\/strong>.<br data-start=\"1862\" data-end=\"1865\" \/>- The photos are examples of staging.<br data-start=\"1913\" data-end=\"1916\" \/>- Please allow for manufacturing and delivery times (see General Sales Conditions).<br data-start=\"2019\" data-end=\"2022\" \/>- More photos available on Instagram :<br data-start=\"2066\" data-end=\"2069\" \/>\ud83d\udc49 <a class=\"decorated-link\" href=\"https:\/\/www.instagram.com\/sunnyshop211\/\" target=\"_new\" rel=\"noopener\" data-start=\"2072\" data-end=\"2111\">https:\/\/www.instagram.com\/sunnyshop211\/<\/a><\/p>\n<p data-start=\"2115\" data-end=\"2135\">\u2500\u2500\u2500\u2500\u2500\u2500\u2500\u2500\u2500\u2500\u2500\u2500\u2500\u2500\u2500\u2500\u2500\u2500\u2500\u2500<\/p>\n<h3 data-start=\"2137\" data-end=\"2160\">\u26a0\ufe0f Imprint<\/h3>\n<p data-start=\"2162\" data-end=\"2231\">!!!! This is not a toy.<br data-start=\"2191\" data-end=\"2194\" \/>Article intended for an adult audience.<\/p>\n<h4><\/h4>\n<p>&nbsp;<\/p>\n<p>&nbsp;<\/p>\n<p>&nbsp;<\/p>","protected":false},"excerpt":{"rendered":"<p>Lot de cupcakes de P\u00e2ques miniatures \u2013 1\/4 Minifee \u2500\u2500\u2500\u2500\u2500\u2500\u2500\u2500\u2500\u2500\u2500\u2500\u2500\u2500\u2500\u2500\u2500\u2500\u2500\u2500 \u2728 Description Ce lot de cupcakes de P\u00e2ques miniatures au 1\/4 est id\u00e9al pour f\u00eater P\u00e2ques avec vos dolls et apporter une touche gourmande et color\u00e9e \u00e0 vos mises en sc\u00e8ne. Ces petits g\u00e2teaux d\u00e9coratifs sont parfaits pour cr\u00e9er des sc\u00e8nes festives autour d\u2019un go\u00fbter [&hellip;]<\/p>\n","protected":false},"featured_media":31526,"comment_status":"open","ping_status":"closed","template":"","meta":{"_crdt_document":"","jetpack_post_was_ever_published":false,"jetpack_publicize_message":"","jetpack_publicize_feature_enabled":true,"jetpack_social_post_already_shared":true,"jetpack_social_options":{"image_generator_settings":{"template":"highway","default_image_id":0,"font":"","enabled":false},"version":2}},"product_brand":[],"product_cat":[667687051],"product_tag":[667681278,667681368,667681143,667681341,667681136,667681284,667681142,667681234,667681226,667681233,667682270,667682272,667681272,667681239,667681348,667681225,667681241,667681242,667681340,667682274,667681426,667681236,667681261,667681232,667681173,667681237,667682278,667682276,667681280,667681177,667681277,667681235,667681260],"class_list":{"0":"post-31645","1":"product","2":"type-product","3":"status-publish","4":"has-post-thumbnail","6":"product_cat-nourriture-de-paques","7":"product_tag-barbie","8":"product_tag-basket","9":"product_tag-bedroom","10":"product_tag-bid","11":"product_tag-bjd","12":"product_tag-blythe","13":"product_tag-chambre","14":"product_tag-diorama","15":"product_tag-doll","16":"product_tag-dollhouse","17":"product_tag-easter","18":"product_tag-easter-bunny","19":"product_tag-elowynn-wilde","20":"product_tag-fairyland","21":"product_tag-fashion-royalty","22":"product_tag-furniture","23":"product_tag-iplehouse","24":"product_tag-jid","25":"product_tag-kid","26":"product_tag-lapin-de-paques","27":"product_tag-littlefee","28":"product_tag-maison-de-poupee","29":"product_tag-meuble","30":"product_tag-miniature","31":"product_tag-minifee","32":"product_tag-msd","33":"product_tag-panier-doeufs-de-paques","34":"product_tag-paques","35":"product_tag-phicen","36":"product_tag-poupee","37":"product_tag-pullip","38":"product_tag-roombox","39":"product_tag-tonner","40":"product_shipping_class-colissimo-5","41":"pa_couleur-bleu","42":"pa_couleur-marron","43":"pa_couleur-rose","44":"pa_couleur-vert-fr","45":"pa_couleur-violet","47":"first","48":"instock","49":"taxable","50":"shipping-taxable","51":"purchasable","52":"product-type-simple"},"yoast_head":"<!-- This site is optimized with the Yoast SEO plugin v27.5 - https:\/\/yoast.com\/product\/yoast-seo-wordpress\/ -->\n<title>Lot de cupcakes de p\u00e2ques miniature 1\/4 minifee -<\/title>\n<meta name=\"description\" content=\"Lot de cupcakes de p\u00e2ques miniature 1\/4 minifee . Id\u00e9al pour f\u00eater P\u00e2ques avec vos dolls msd, minifee, unoa et customis\u00e9 vos mises en sc\u00e8nes.\" \/>\n<meta name=\"robots\" content=\"index, follow, max-snippet:-1, max-image-preview:large, max-video-preview:-1\" \/>\n<link rel=\"canonical\" href=\"https:\/\/www.sunnyshop211.com\/en\/product\/lot-de-cupcakes-de-paques-miniature-1-4-minifee\/\" \/>\n<meta property=\"og:locale\" content=\"en_US\" \/>\n<meta property=\"og:type\" content=\"article\" \/>\n<meta property=\"og:title\" content=\"Lot de cupcakes de p\u00e2ques miniature 1\/4 minifee -\" \/>\n<meta property=\"og:description\" content=\"Lot de cupcakes de p\u00e2ques miniature 1\/4 minifee . Id\u00e9al pour f\u00eater P\u00e2ques avec vos dolls msd, minifee, unoa et customis\u00e9 vos mises en sc\u00e8nes.\" \/>\n<meta property=\"og:url\" content=\"https:\/\/www.sunnyshop211.com\/en\/product\/lot-de-cupcakes-de-paques-miniature-1-4-minifee\/\" \/>\n<meta property=\"og:site_name\" content=\"Sunnyshop211 -Vente de dioramas, meubles, miniatures , bjd poup\u00e9es 1\/12 1\/8 1\/6 1\/4 1\/3\" \/>\n<meta property=\"article:publisher\" content=\"https:\/\/www.facebook.com\/sunnyshop211\/?ref=bookmarks\" \/>\n<meta property=\"article:modified_time\" content=\"2026-01-01T16:28:54+00:00\" \/>\n<meta property=\"og:image\" content=\"https:\/\/www.sunnyshop211.com\/wp-content\/uploads\/2023\/03\/paques-et-salon-studio-39-scaled.jpg\" \/>\n\t<meta property=\"og:image:width\" content=\"2560\" \/>\n\t<meta property=\"og:image:height\" content=\"1707\" \/>\n\t<meta property=\"og:image:type\" content=\"image\/jpeg\" \/>\n<meta name=\"twitter:card\" content=\"summary_large_image\" \/>\n<meta name=\"twitter:site\" content=\"@sunnyshop211\" \/>\n<meta name=\"twitter:label1\" content=\"Est. reading time\" \/>\n\t<meta name=\"twitter:data1\" content=\"2 minutes\" \/>\n<script type=\"application\/ld+json\" class=\"yoast-schema-graph\">{\"@context\":\"https:\\\/\\\/schema.org\",\"@graph\":[{\"@type\":\"WebPage\",\"@id\":\"https:\\\/\\\/www.sunnyshop211.com\\\/produit\\\/lot-de-cupcakes-de-paques-miniature-1-4-minifee\\\/\",\"url\":\"https:\\\/\\\/www.sunnyshop211.com\\\/produit\\\/lot-de-cupcakes-de-paques-miniature-1-4-minifee\\\/\",\"name\":\"Lot de cupcakes de p\u00e2ques miniature 1\\\/4 minifee -\",\"isPartOf\":{\"@id\":\"https:\\\/\\\/www.sunnyshop211.com\\\/#website\"},\"primaryImageOfPage\":{\"@id\":\"https:\\\/\\\/www.sunnyshop211.com\\\/produit\\\/lot-de-cupcakes-de-paques-miniature-1-4-minifee\\\/#primaryimage\"},\"image\":{\"@id\":\"https:\\\/\\\/www.sunnyshop211.com\\\/produit\\\/lot-de-cupcakes-de-paques-miniature-1-4-minifee\\\/#primaryimage\"},\"thumbnailUrl\":\"https:\\\/\\\/www.sunnyshop211.com\\\/wp-content\\\/uploads\\\/2023\\\/03\\\/paques-et-salon-studio-39-scaled.jpg\",\"datePublished\":\"2023-03-22T16:15:45+00:00\",\"dateModified\":\"2026-01-01T16:28:54+00:00\",\"description\":\"Lot de cupcakes de p\u00e2ques miniature 1\\\/4 minifee . Id\u00e9al pour f\u00eater P\u00e2ques avec vos dolls msd, minifee, unoa et customis\u00e9 vos mises en sc\u00e8nes.\",\"breadcrumb\":{\"@id\":\"https:\\\/\\\/www.sunnyshop211.com\\\/produit\\\/lot-de-cupcakes-de-paques-miniature-1-4-minifee\\\/#breadcrumb\"},\"inLanguage\":\"en-US\",\"potentialAction\":[{\"@type\":\"ReadAction\",\"target\":[\"https:\\\/\\\/www.sunnyshop211.com\\\/produit\\\/lot-de-cupcakes-de-paques-miniature-1-4-minifee\\\/\"]}]},{\"@type\":\"ImageObject\",\"inLanguage\":\"en-US\",\"@id\":\"https:\\\/\\\/www.sunnyshop211.com\\\/produit\\\/lot-de-cupcakes-de-paques-miniature-1-4-minifee\\\/#primaryimage\",\"url\":\"https:\\\/\\\/www.sunnyshop211.com\\\/wp-content\\\/uploads\\\/2023\\\/03\\\/paques-et-salon-studio-39-scaled.jpg\",\"contentUrl\":\"https:\\\/\\\/www.sunnyshop211.com\\\/wp-content\\\/uploads\\\/2023\\\/03\\\/paques-et-salon-studio-39-scaled.jpg\",\"width\":2560,\"height\":1707,\"caption\":\"Lot de cupcakes de p\u00e2ques miniature 1\\\/4 minifee\"},{\"@type\":\"BreadcrumbList\",\"@id\":\"https:\\\/\\\/www.sunnyshop211.com\\\/produit\\\/lot-de-cupcakes-de-paques-miniature-1-4-minifee\\\/#breadcrumb\",\"itemListElement\":[{\"@type\":\"ListItem\",\"position\":1,\"name\":\"Accueil\",\"item\":\"https:\\\/\\\/www.sunnyshop211.com\\\/\"},{\"@type\":\"ListItem\",\"position\":2,\"name\":\"Boutique\",\"item\":\"https:\\\/\\\/www.sunnyshop211.com\\\/boutique-miniature-bjd-dolls\\\/\"},{\"@type\":\"ListItem\",\"position\":3,\"name\":\"Lot de cupcakes de p\u00e2ques miniature 1\\\/4 minifee\"}]},{\"@type\":\"WebSite\",\"@id\":\"https:\\\/\\\/www.sunnyshop211.com\\\/#website\",\"url\":\"https:\\\/\\\/www.sunnyshop211.com\\\/\",\"name\":\"Vente de dioramas, meubles, miniatures , bjd poup\u00e9es 1\\\/12 1\\\/8 1\\\/6 1\\\/4 1\\\/3\",\"description\":\"Sunnyshop211 - Votre univers miniature pour poup\u00e9es et BJD, dioramas et meubles sur mesure !\",\"publisher\":{\"@id\":\"https:\\\/\\\/www.sunnyshop211.com\\\/#organization\"},\"alternateName\":\"sunnyshop211\",\"potentialAction\":[{\"@type\":\"SearchAction\",\"target\":{\"@type\":\"EntryPoint\",\"urlTemplate\":\"https:\\\/\\\/www.sunnyshop211.com\\\/?s={search_term_string}\"},\"query-input\":{\"@type\":\"PropertyValueSpecification\",\"valueRequired\":true,\"valueName\":\"search_term_string\"}}],\"inLanguage\":\"en-US\"},{\"@type\":\"Organization\",\"@id\":\"https:\\\/\\\/www.sunnyshop211.com\\\/#organization\",\"name\":\"sunnyshop211\",\"alternateName\":\"sunnyshop211 diorama bjd meuble miniature\",\"url\":\"https:\\\/\\\/www.sunnyshop211.com\\\/\",\"logo\":{\"@type\":\"ImageObject\",\"inLanguage\":\"en-US\",\"@id\":\"https:\\\/\\\/www.sunnyshop211.com\\\/#\\\/schema\\\/logo\\\/image\\\/\",\"url\":\"https:\\\/\\\/www.sunnyshop211.com\\\/wp-content\\\/uploads\\\/2022\\\/08\\\/cropped-cropped-cropped-Sunnyshop211-1.png\",\"contentUrl\":\"https:\\\/\\\/www.sunnyshop211.com\\\/wp-content\\\/uploads\\\/2022\\\/08\\\/cropped-cropped-cropped-Sunnyshop211-1.png\",\"width\":339,\"height\":339,\"caption\":\"sunnyshop211\"},\"image\":{\"@id\":\"https:\\\/\\\/www.sunnyshop211.com\\\/#\\\/schema\\\/logo\\\/image\\\/\"},\"sameAs\":[\"https:\\\/\\\/www.facebook.com\\\/sunnyshop211\\\/?ref=bookmarks\",\"https:\\\/\\\/x.com\\\/sunnyshop211\",\"https:\\\/\\\/www.instagram.com\\\/sunnyshop211\\\/\",\"https:\\\/\\\/www.tumblr.com\\\/blog\\\/sunnyshop211\",\"https:\\\/\\\/www.youtube.com\\\/channel\\\/UCtYY18OGGDKrTSzgcf7fCBg\",\"https:\\\/\\\/www.tiktok.com\\\/@sunnydollshop211?is_from_webapp=1&sender_device=pc\"]}]}<\/script>\n<!-- \/ Yoast SEO plugin. -->","yoast_head_json":{"title":"Miniature 1\/4 minifee easter cupcake set -","description":"Miniature 1\/4 minifee Easter cupcake set. Ideal for celebrating Easter with your msd, minifee or unoa dolls and customizing your scenes.","robots":{"index":"index","follow":"follow","max-snippet":"max-snippet:-1","max-image-preview":"max-image-preview:large","max-video-preview":"max-video-preview:-1"},"canonical":"https:\/\/www.sunnyshop211.com\/en\/product\/lot-de-cupcakes-de-paques-miniature-1-4-minifee\/","og_locale":"en_US","og_type":"article","og_title":"Lot de cupcakes de p\u00e2ques miniature 1\/4 minifee -","og_description":"Lot de cupcakes de p\u00e2ques miniature 1\/4 minifee . Id\u00e9al pour f\u00eater P\u00e2ques avec vos dolls msd, minifee, unoa et customis\u00e9 vos mises en sc\u00e8nes.","og_url":"https:\/\/www.sunnyshop211.com\/en\/product\/lot-de-cupcakes-de-paques-miniature-1-4-minifee\/","og_site_name":"Sunnyshop211 -Vente de dioramas, meubles, miniatures , bjd poup\u00e9es 1\/12 1\/8 1\/6 1\/4 1\/3","article_publisher":"https:\/\/www.facebook.com\/sunnyshop211\/?ref=bookmarks","article_modified_time":"2026-01-01T16:28:54+00:00","og_image":[{"width":2560,"height":1707,"url":"https:\/\/www.sunnyshop211.com\/wp-content\/uploads\/2023\/03\/paques-et-salon-studio-39-scaled.jpg","type":"image\/jpeg"}],"twitter_card":"summary_large_image","twitter_site":"@sunnyshop211","twitter_misc":{"Est. reading time":"2 minutes"},"schema":{"@context":"https:\/\/schema.org","@graph":[{"@type":"WebPage","@id":"https:\/\/www.sunnyshop211.com\/produit\/lot-de-cupcakes-de-paques-miniature-1-4-minifee\/","url":"https:\/\/www.sunnyshop211.com\/produit\/lot-de-cupcakes-de-paques-miniature-1-4-minifee\/","name":"Miniature 1\/4 minifee easter cupcake set -","isPartOf":{"@id":"https:\/\/www.sunnyshop211.com\/#website"},"primaryImageOfPage":{"@id":"https:\/\/www.sunnyshop211.com\/produit\/lot-de-cupcakes-de-paques-miniature-1-4-minifee\/#primaryimage"},"image":{"@id":"https:\/\/www.sunnyshop211.com\/produit\/lot-de-cupcakes-de-paques-miniature-1-4-minifee\/#primaryimage"},"thumbnailUrl":"https:\/\/www.sunnyshop211.com\/wp-content\/uploads\/2023\/03\/paques-et-salon-studio-39-scaled.jpg","datePublished":"2023-03-22T16:15:45+00:00","dateModified":"2026-01-01T16:28:54+00:00","description":"Miniature 1\/4 minifee Easter cupcake set. Ideal for celebrating Easter with your msd, minifee or unoa dolls and customizing your scenes.","breadcrumb":{"@id":"https:\/\/www.sunnyshop211.com\/produit\/lot-de-cupcakes-de-paques-miniature-1-4-minifee\/#breadcrumb"},"inLanguage":"en-US","potentialAction":[{"@type":"ReadAction","target":["https:\/\/www.sunnyshop211.com\/produit\/lot-de-cupcakes-de-paques-miniature-1-4-minifee\/"]}]},{"@type":"ImageObject","inLanguage":"en-US","@id":"https:\/\/www.sunnyshop211.com\/produit\/lot-de-cupcakes-de-paques-miniature-1-4-minifee\/#primaryimage","url":"https:\/\/www.sunnyshop211.com\/wp-content\/uploads\/2023\/03\/paques-et-salon-studio-39-scaled.jpg","contentUrl":"https:\/\/www.sunnyshop211.com\/wp-content\/uploads\/2023\/03\/paques-et-salon-studio-39-scaled.jpg","width":2560,"height":1707,"caption":"Lot de cupcakes de p\u00e2ques miniature 1\/4 minifee"},{"@type":"BreadcrumbList","@id":"https:\/\/www.sunnyshop211.com\/produit\/lot-de-cupcakes-de-paques-miniature-1-4-minifee\/#breadcrumb","itemListElement":[{"@type":"ListItem","position":1,"name":"Accueil","item":"https:\/\/www.sunnyshop211.com\/"},{"@type":"ListItem","position":2,"name":"Boutique","item":"https:\/\/www.sunnyshop211.com\/boutique-miniature-bjd-dolls\/"},{"@type":"ListItem","position":3,"name":"Lot de cupcakes de p\u00e2ques miniature 1\/4 minifee"}]},{"@type":"WebSite","@id":"https:\/\/www.sunnyshop211.com\/#website","url":"https:\/\/www.sunnyshop211.com\/","name":"Sale of dioramas, furniture, miniatures, bjd dolls 1\/12 1\/8 1\/6 1\/4 1\/3","description":"Sunnyshop211 - Your miniature world for dolls and BJDs, dioramas and custom-made furniture!","publisher":{"@id":"https:\/\/www.sunnyshop211.com\/#organization"},"alternateName":"sunnyshop211","potentialAction":[{"@type":"SearchAction","target":{"@type":"EntryPoint","urlTemplate":"https:\/\/www.sunnyshop211.com\/?s={search_term_string}"},"query-input":{"@type":"PropertyValueSpecification","valueRequired":true,"valueName":"search_term_string"}}],"inLanguage":"en-US"},{"@type":"Organization","@id":"https:\/\/www.sunnyshop211.com\/#organization","name":"sunnyshop211","alternateName":"sunnyshop211 diorama bjd meuble miniature","url":"https:\/\/www.sunnyshop211.com\/","logo":{"@type":"ImageObject","inLanguage":"en-US","@id":"https:\/\/www.sunnyshop211.com\/#\/schema\/logo\/image\/","url":"https:\/\/www.sunnyshop211.com\/wp-content\/uploads\/2022\/08\/cropped-cropped-cropped-Sunnyshop211-1.png","contentUrl":"https:\/\/www.sunnyshop211.com\/wp-content\/uploads\/2022\/08\/cropped-cropped-cropped-Sunnyshop211-1.png","width":339,"height":339,"caption":"sunnyshop211"},"image":{"@id":"https:\/\/www.sunnyshop211.com\/#\/schema\/logo\/image\/"},"sameAs":["https:\/\/www.facebook.com\/sunnyshop211\/?ref=bookmarks","https:\/\/x.com\/sunnyshop211","https:\/\/www.instagram.com\/sunnyshop211\/","https:\/\/www.tumblr.com\/blog\/sunnyshop211","https:\/\/www.youtube.com\/channel\/UCtYY18OGGDKrTSzgcf7fCBg","https:\/\/www.tiktok.com\/@sunnydollshop211?is_from_webapp=1&sender_device=pc"]}]}},"jetpack_publicize_connections":[],"jetpack_sharing_enabled":true,"_links":{"self":[{"href":"https:\/\/www.sunnyshop211.com\/en\/wp-json\/wp\/v2\/product\/31645","targetHints":{"allow":["GET"]}}],"collection":[{"href":"https:\/\/www.sunnyshop211.com\/en\/wp-json\/wp\/v2\/product"}],"about":[{"href":"https:\/\/www.sunnyshop211.com\/en\/wp-json\/wp\/v2\/types\/product"}],"replies":[{"embeddable":true,"href":"https:\/\/www.sunnyshop211.com\/en\/wp-json\/wp\/v2\/comments?post=31645"}],"version-history":[{"count":6,"href":"https:\/\/www.sunnyshop211.com\/en\/wp-json\/wp\/v2\/product\/31645\/revisions"}],"predecessor-version":[{"id":53845,"href":"https:\/\/www.sunnyshop211.com\/en\/wp-json\/wp\/v2\/product\/31645\/revisions\/53845"}],"wp:featuredmedia":[{"embeddable":true,"href":"https:\/\/www.sunnyshop211.com\/en\/wp-json\/wp\/v2\/media\/31526"}],"wp:attachment":[{"href":"https:\/\/www.sunnyshop211.com\/en\/wp-json\/wp\/v2\/media?parent=31645"}],"wp:term":[{"taxonomy":"product_brand","embeddable":true,"href":"https:\/\/www.sunnyshop211.com\/en\/wp-json\/wp\/v2\/product_brand?post=31645"},{"taxonomy":"product_cat","embeddable":true,"href":"https:\/\/www.sunnyshop211.com\/en\/wp-json\/wp\/v2\/product_cat?post=31645"},{"taxonomy":"product_tag","embeddable":true,"href":"https:\/\/www.sunnyshop211.com\/en\/wp-json\/wp\/v2\/product_tag?post=31645"}],"curies":[{"name":"wp","href":"https:\/\/api.w.org\/{rel}","templated":true}]}}