{"id":31628,"date":"2023-03-22T13:01:28","date_gmt":"2023-03-22T12:01:28","guid":{"rendered":"https:\/\/www.sunnyshop211.com\/?post_type=product&#038;p=31628"},"modified":"2026-01-01T17:29:36","modified_gmt":"2026-01-01T16:29:36","slug":"gateau-de-paques-miniature-1-4-minifee","status":"publish","type":"product","link":"https:\/\/www.sunnyshop211.com\/en\/product\/gateau-de-paques-miniature-1-4-minifee\/","title":{"rendered":"Miniature Easter cake 1\/4 minifee"},"content":{"rendered":"<div id='gallery-1' class='gallery galleryid-31628 gallery-columns-3 gallery-size-thumbnail'><figure class='gallery-item'>\n\t\t\t<div class='gallery-icon portrait'>\n\t\t\t\t<a href='https:\/\/www.sunnyshop211.com\/en\/?attachment_id=31508'><img decoding=\"async\" width=\"150\" height=\"150\" src=\"https:\/\/www.sunnyshop211.com\/wp-content\/uploads\/2023\/03\/paques-et-salon-studio-21-150x150.jpg\" class=\"attachment-thumbnail size-thumbnail\" alt=\"\" srcset=\"https:\/\/www.sunnyshop211.com\/wp-content\/uploads\/2023\/03\/paques-et-salon-studio-21-150x150.jpg 150w, https:\/\/www.sunnyshop211.com\/wp-content\/uploads\/2023\/03\/paques-et-salon-studio-21-scaled-500x500.jpg 500w, https:\/\/www.sunnyshop211.com\/wp-content\/uploads\/2023\/03\/paques-et-salon-studio-21-scaled-100x100.jpg 100w\" sizes=\"(max-width: 150px) 100vw, 150px\" \/><\/a>\n\t\t\t<\/div><\/figure><figure class='gallery-item'>\n\t\t\t<div class='gallery-icon landscape'>\n\t\t\t\t<a href='https:\/\/www.sunnyshop211.com\/en\/?attachment_id=31507'><img decoding=\"async\" width=\"150\" height=\"150\" src=\"https:\/\/www.sunnyshop211.com\/wp-content\/uploads\/2023\/03\/paques-et-salon-studio-20-150x150.jpg\" class=\"attachment-thumbnail size-thumbnail\" alt=\"G\u00e2teau p\u00e2ques miniature 1\/4\" srcset=\"https:\/\/www.sunnyshop211.com\/wp-content\/uploads\/2023\/03\/paques-et-salon-studio-20-150x150.jpg 150w, https:\/\/www.sunnyshop211.com\/wp-content\/uploads\/2023\/03\/paques-et-salon-studio-20-scaled-500x500.jpg 500w, https:\/\/www.sunnyshop211.com\/wp-content\/uploads\/2023\/03\/paques-et-salon-studio-20-scaled-100x100.jpg 100w\" sizes=\"(max-width: 150px) 100vw, 150px\" \/><\/a>\n\t\t\t<\/div><\/figure><figure class='gallery-item'>\n\t\t\t<div class='gallery-icon landscape'>\n\t\t\t\t<a href='https:\/\/www.sunnyshop211.com\/en\/?attachment_id=31529'><img decoding=\"async\" width=\"150\" height=\"150\" src=\"https:\/\/www.sunnyshop211.com\/wp-content\/uploads\/2023\/03\/paques-et-salon-studio-42-150x150.jpg\" class=\"attachment-thumbnail size-thumbnail\" alt=\"G\u00e2teau p\u00e2ques miniature 1\/4\" srcset=\"https:\/\/www.sunnyshop211.com\/wp-content\/uploads\/2023\/03\/paques-et-salon-studio-42-150x150.jpg 150w, https:\/\/www.sunnyshop211.com\/wp-content\/uploads\/2023\/03\/paques-et-salon-studio-42-scaled-500x500.jpg 500w, https:\/\/www.sunnyshop211.com\/wp-content\/uploads\/2023\/03\/paques-et-salon-studio-42-scaled-100x100.jpg 100w\" sizes=\"(max-width: 150px) 100vw, 150px\" \/><\/a>\n\t\t\t<\/div><\/figure><figure class='gallery-item'>\n\t\t\t<div class='gallery-icon landscape'>\n\t\t\t\t<a href='https:\/\/www.sunnyshop211.com\/en\/?attachment_id=31517'><img loading=\"lazy\" decoding=\"async\" width=\"150\" height=\"150\" src=\"https:\/\/www.sunnyshop211.com\/wp-content\/uploads\/2023\/03\/paques-et-salon-studio-30-150x150.jpg\" class=\"attachment-thumbnail size-thumbnail\" alt=\"\u0152ufs de p\u00e2ques miniature\" srcset=\"https:\/\/www.sunnyshop211.com\/wp-content\/uploads\/2023\/03\/paques-et-salon-studio-30-150x150.jpg 150w, https:\/\/www.sunnyshop211.com\/wp-content\/uploads\/2023\/03\/paques-et-salon-studio-30-scaled-500x500.jpg 500w, https:\/\/www.sunnyshop211.com\/wp-content\/uploads\/2023\/03\/paques-et-salon-studio-30-scaled-100x100.jpg 100w\" sizes=\"(max-width: 150px) 100vw, 150px\" \/><\/a>\n\t\t\t<\/div><\/figure>\n\t\t<\/div>\n\n<h2 data-start=\"138\" data-end=\"181\">Miniature Easter cake - 1\/4 Minifee<\/h2>\n<p data-start=\"183\" data-end=\"203\">\u2500\u2500\u2500\u2500\u2500\u2500\u2500\u2500\u2500\u2500\u2500\u2500\u2500\u2500\u2500\u2500\u2500\u2500\u2500\u2500<\/p>\n<h3 data-start=\"205\" data-end=\"222\">\u2728 Description<\/h3>\n<p data-start=\"224\" data-end=\"378\">This <strong data-start=\"227\" data-end=\"264\">1\/4\" miniature Easter cake<\/strong> is ideal for celebrating Easter with your dolls and adding a gourmet, festive touch to your settings.<\/p>\n<p data-start=\"380\" data-end=\"512\">Designed as a table centerpiece, it's perfect for tea parties, parties or miniature Easter brunches.<\/p>\n<p data-start=\"514\" data-end=\"590\">\u2714 Fictional article.<br data-start=\"531\" data-end=\"534\" \/>\u2714 Gourmet miniature decoration.<br data-start=\"567\" data-end=\"570\" \/>\u2714 Sold individually.<\/p>\n<p data-start=\"592\" data-end=\"612\">\u2500\u2500\u2500\u2500\u2500\u2500\u2500\u2500\u2500\u2500\u2500\u2500\u2500\u2500\u2500\u2500\u2500\u2500\u2500\u2500<\/p>\n<h3 data-start=\"614\" data-end=\"634\">\ud83e\uddf8 Compatibility<\/h3>\n<p data-start=\"636\" data-end=\"686\">Suitable for dolls in <strong data-start=\"663\" data-end=\"670\">1\/4<\/strong>, such that :<\/p>\n<p data-start=\"688\" data-end=\"719\">- Minifee.<br data-start=\"698\" data-end=\"701\" \/>- MSD.<br data-start=\"707\" data-end=\"710\" \/>- Unoa.<\/p>\n<p data-start=\"721\" data-end=\"804\">Perfect for customizing your <strong data-start=\"749\" data-end=\"778\">Easter scenes<\/strong> and miniature dioramas.<\/p>\n<p data-start=\"806\" data-end=\"826\">\u2500\u2500\u2500\u2500\u2500\u2500\u2500\u2500\u2500\u2500\u2500\u2500\u2500\u2500\u2500\u2500\u2500\u2500\u2500\u2500<\/p>\n<h3 data-start=\"828\" data-end=\"854\">\ud83c\udfa8 Details &amp; finishes<\/h3>\n<p data-start=\"856\" data-end=\"931\">The cake is sold <strong data-start=\"876\" data-end=\"910\">customized as shown<\/strong> and consists of :<\/p>\n<p data-start=\"933\" data-end=\"1188\">- A <strong data-start=\"938\" data-end=\"958\">light green cake<\/strong>.<br data-start=\"959\" data-end=\"962\" \/>- A <strong data-start=\"967\" data-end=\"984\">matching ribbon<\/strong> decorating the cake.<br data-start=\"1004\" data-end=\"1007\" \/>- A <strong data-start=\"1013\" data-end=\"1030\">pink plate<\/strong> (included).<br data-start=\"1041\" data-end=\"1044\" \/>- A <strong data-start=\"1049\" data-end=\"1069\">little pink rabbit<\/strong> decorative.<br data-start=\"1080\" data-end=\"1083\" \/>- From <strong data-start=\"1088\" data-end=\"1116\">multicolored eggs<\/strong> all around.<br data-start=\"1138\" data-end=\"1141\" \/>- It's all based on a <strong data-start=\"1165\" data-end=\"1185\">nest of chantilly<\/strong>.<\/p>\n<p data-start=\"1190\" data-end=\"1226\">- Set <strong data-start=\"1201\" data-end=\"1223\">entirely fictitious<\/strong>.<\/p>\n<p data-start=\"1228\" data-end=\"1321\">\u26a0\ufe0f Le <strong data-start=\"1234\" data-end=\"1251\">cake stand<\/strong> visible in some photos is sold separately in the store.<\/p>\n<p data-start=\"1323\" data-end=\"1343\">\u2500\u2500\u2500\u2500\u2500\u2500\u2500\u2500\u2500\u2500\u2500\u2500\u2500\u2500\u2500\u2500\u2500\u2500\u2500\u2500<\/p>\n<h3 data-start=\"1345\" data-end=\"1372\">\ud83d\udc23 Easter collection<\/h3>\n<p data-start=\"1374\" data-end=\"1415\">This cake goes perfectly with :<\/p>\n<p data-start=\"1417\" data-end=\"1600\">\u2022 <strong data-start=\"1419\" data-end=\"1452\">Miniature Easter cupcakes<\/strong>.<br data-start=\"1453\" data-end=\"1456\" \/>\u2022 <strong data-start=\"1458\" data-end=\"1489\">Miniature Easter cups<\/strong>.<br data-start=\"1490\" data-end=\"1493\" \/>\u2022 <strong data-start=\"1495\" data-end=\"1534\">Miniature Easter bunnies and eggs<\/strong>.<br data-start=\"1535\" data-end=\"1538\" \/>- Other Easter decorations available in the store.<\/p>\n<p data-start=\"1602\" data-end=\"1622\">\u2500\u2500\u2500\u2500\u2500\u2500\u2500\u2500\u2500\u2500\u2500\u2500\u2500\u2500\u2500\u2500\u2500\u2500\u2500\u2500<\/p>\n<h3 data-start=\"1624\" data-end=\"1654\">\ud83d\udd90\ufe0f Craft manufacturing<\/h3>\n<p data-start=\"1656\" data-end=\"1720\">Each cake is handcrafted to order.<\/p>\n<p data-start=\"1722\" data-end=\"1878\">Because of its handmade character:<br data-start=\"1756\" data-end=\"1759\" \/>- slight variations in shape or color may occur.<br data-start=\"1825\" data-end=\"1828\" \/>- a few minor imperfections are possible.<\/p>\n<p data-start=\"1880\" data-end=\"1900\">\u2500\u2500\u2500\u2500\u2500\u2500\u2500\u2500\u2500\u2500\u2500\u2500\u2500\u2500\u2500\u2500\u2500\u2500\u2500\u2500<\/p>\n<h3 data-start=\"1902\" data-end=\"1933\">\ud83d\udce6 Important information<\/h3>\n<p data-start=\"1935\" data-end=\"2273\">- Made to order.<br data-start=\"1966\" data-end=\"1969\" \/>\u2022 <strong data-start=\"1971\" data-end=\"2021\">The prize is for a miniature Easter cake<\/strong>.<br data-start=\"2022\" data-end=\"2025\" \/>- The photos are examples of staging.<br data-start=\"2073\" data-end=\"2076\" \/>- Please allow for manufacturing and delivery times (see General Sales Conditions).<br data-start=\"2179\" data-end=\"2182\" \/>- More photos available on Instagram :<br data-start=\"2226\" data-end=\"2229\" \/>\ud83d\udc49 <a class=\"decorated-link\" href=\"https:\/\/www.instagram.com\/sunnyshop211\/\" target=\"_new\" rel=\"noopener\" data-start=\"2232\" data-end=\"2271\">https:\/\/www.instagram.com\/sunnyshop211\/<\/a><\/p>\n<p data-start=\"2275\" data-end=\"2295\">\u2500\u2500\u2500\u2500\u2500\u2500\u2500\u2500\u2500\u2500\u2500\u2500\u2500\u2500\u2500\u2500\u2500\u2500\u2500\u2500<\/p>\n<h3 data-start=\"2297\" data-end=\"2320\">\u26a0\ufe0f Imprint<\/h3>\n<p data-start=\"2322\" data-end=\"2391\">!!!! This is not a toy.<br data-start=\"2351\" data-end=\"2354\" \/>Article intended for an adult audience.<\/p>\n<p>&nbsp;<\/p>\n<p>&nbsp;<\/p>\n<p>&nbsp;<\/p>","protected":false},"excerpt":{"rendered":"<p>G\u00e2teau de P\u00e2ques miniature \u2013 1\/4 Minifee \u2500\u2500\u2500\u2500\u2500\u2500\u2500\u2500\u2500\u2500\u2500\u2500\u2500\u2500\u2500\u2500\u2500\u2500\u2500\u2500 \u2728 Description Ce g\u00e2teau de P\u00e2ques miniature au 1\/4 est id\u00e9al pour c\u00e9l\u00e9brer P\u00e2ques avec vos dolls et apporter une touche gourmande et festive \u00e0 vos mises en sc\u00e8ne. Pens\u00e9 comme une pi\u00e8ce centrale de table, il s\u2019int\u00e8gre parfaitement aux sc\u00e8nes de go\u00fbter, de f\u00eate ou de [&hellip;]<\/p>\n","protected":false},"featured_media":31508,"comment_status":"open","ping_status":"closed","template":"","meta":{"_crdt_document":"","jetpack_post_was_ever_published":false,"jetpack_publicize_message":"","jetpack_publicize_feature_enabled":true,"jetpack_social_post_already_shared":true,"jetpack_social_options":{"image_generator_settings":{"template":"highway","default_image_id":0,"font":"","enabled":false},"version":2}},"product_brand":[],"product_cat":[667687051],"product_tag":[667681278,667681368,667681143,667681341,667681136,667681284,667681142,667681234,667681226,667681233,667682270,667682272,667681272,667681239,667681348,667681225,667681241,667681242,667681340,667682274,667681426,667681236,667681261,667681232,667681173,667681237,667682278,667682276,667681280,667681177,667681277,667681235,667681260],"class_list":{"0":"post-31628","1":"product","2":"type-product","3":"status-publish","4":"has-post-thumbnail","6":"product_cat-nourriture-de-paques","7":"product_tag-barbie","8":"product_tag-basket","9":"product_tag-bedroom","10":"product_tag-bid","11":"product_tag-bjd","12":"product_tag-blythe","13":"product_tag-chambre","14":"product_tag-diorama","15":"product_tag-doll","16":"product_tag-dollhouse","17":"product_tag-easter","18":"product_tag-easter-bunny","19":"product_tag-elowynn-wilde","20":"product_tag-fairyland","21":"product_tag-fashion-royalty","22":"product_tag-furniture","23":"product_tag-iplehouse","24":"product_tag-jid","25":"product_tag-kid","26":"product_tag-lapin-de-paques","27":"product_tag-littlefee","28":"product_tag-maison-de-poupee","29":"product_tag-meuble","30":"product_tag-miniature","31":"product_tag-minifee","32":"product_tag-msd","33":"product_tag-panier-doeufs-de-paques","34":"product_tag-paques","35":"product_tag-phicen","36":"product_tag-poupee","37":"product_tag-pullip","38":"product_tag-roombox","39":"product_tag-tonner","40":"product_shipping_class-colissimo-5","41":"pa_couleur-bleu","42":"pa_couleur-marron","43":"pa_couleur-rose","44":"pa_couleur-vert-fr","45":"pa_couleur-violet","47":"first","48":"instock","49":"taxable","50":"shipping-taxable","51":"purchasable","52":"product-type-simple"},"yoast_head":"<!-- This site is optimized with the Yoast SEO plugin v27.5 - https:\/\/yoast.com\/product\/yoast-seo-wordpress\/ -->\n<title>G\u00e2teau de p\u00e2ques miniature 1\/4 minifee -<\/title>\n<meta name=\"description\" content=\"G\u00e2teau de p\u00e2ques miniature 1\/4 minifee . Id\u00e9al pour f\u00eater P\u00e2ques avec vos dolls msd, minifee, unoa et customis\u00e9 vos mises en sc\u00e8nes.\" \/>\n<meta name=\"robots\" content=\"index, follow, max-snippet:-1, max-image-preview:large, max-video-preview:-1\" \/>\n<link rel=\"canonical\" href=\"https:\/\/www.sunnyshop211.com\/en\/product\/gateau-de-paques-miniature-1-4-minifee\/\" \/>\n<meta property=\"og:locale\" content=\"en_US\" \/>\n<meta property=\"og:type\" content=\"article\" \/>\n<meta property=\"og:title\" content=\"G\u00e2teau de p\u00e2ques miniature 1\/4 minifee -\" \/>\n<meta property=\"og:description\" content=\"G\u00e2teau de p\u00e2ques miniature 1\/4 minifee . Id\u00e9al pour f\u00eater P\u00e2ques avec vos dolls msd, minifee, unoa et customis\u00e9 vos mises en sc\u00e8nes.\" \/>\n<meta property=\"og:url\" content=\"https:\/\/www.sunnyshop211.com\/en\/product\/gateau-de-paques-miniature-1-4-minifee\/\" \/>\n<meta property=\"og:site_name\" content=\"Sunnyshop211 -Vente de dioramas, meubles, miniatures , bjd poup\u00e9es 1\/12 1\/8 1\/6 1\/4 1\/3\" \/>\n<meta property=\"article:publisher\" content=\"https:\/\/www.facebook.com\/sunnyshop211\/?ref=bookmarks\" \/>\n<meta property=\"article:modified_time\" content=\"2026-01-01T16:29:36+00:00\" \/>\n<meta property=\"og:image\" content=\"https:\/\/www.sunnyshop211.com\/wp-content\/uploads\/2023\/03\/paques-et-salon-studio-21-scaled.jpg\" \/>\n\t<meta property=\"og:image:width\" content=\"1707\" \/>\n\t<meta property=\"og:image:height\" content=\"2560\" \/>\n\t<meta property=\"og:image:type\" content=\"image\/jpeg\" \/>\n<meta name=\"twitter:card\" content=\"summary_large_image\" \/>\n<meta name=\"twitter:site\" content=\"@sunnyshop211\" \/>\n<meta name=\"twitter:label1\" content=\"Est. reading time\" \/>\n\t<meta name=\"twitter:data1\" content=\"2 minutes\" \/>\n<script type=\"application\/ld+json\" class=\"yoast-schema-graph\">{\"@context\":\"https:\\\/\\\/schema.org\",\"@graph\":[{\"@type\":\"WebPage\",\"@id\":\"https:\\\/\\\/www.sunnyshop211.com\\\/produit\\\/gateau-de-paques-miniature-1-4-minifee\\\/\",\"url\":\"https:\\\/\\\/www.sunnyshop211.com\\\/produit\\\/gateau-de-paques-miniature-1-4-minifee\\\/\",\"name\":\"G\u00e2teau de p\u00e2ques miniature 1\\\/4 minifee -\",\"isPartOf\":{\"@id\":\"https:\\\/\\\/www.sunnyshop211.com\\\/#website\"},\"primaryImageOfPage\":{\"@id\":\"https:\\\/\\\/www.sunnyshop211.com\\\/produit\\\/gateau-de-paques-miniature-1-4-minifee\\\/#primaryimage\"},\"image\":{\"@id\":\"https:\\\/\\\/www.sunnyshop211.com\\\/produit\\\/gateau-de-paques-miniature-1-4-minifee\\\/#primaryimage\"},\"thumbnailUrl\":\"https:\\\/\\\/www.sunnyshop211.com\\\/wp-content\\\/uploads\\\/2023\\\/03\\\/paques-et-salon-studio-21-scaled.jpg\",\"datePublished\":\"2023-03-22T12:01:28+00:00\",\"dateModified\":\"2026-01-01T16:29:36+00:00\",\"description\":\"G\u00e2teau de p\u00e2ques miniature 1\\\/4 minifee . Id\u00e9al pour f\u00eater P\u00e2ques avec vos dolls msd, minifee, unoa et customis\u00e9 vos mises en sc\u00e8nes.\",\"breadcrumb\":{\"@id\":\"https:\\\/\\\/www.sunnyshop211.com\\\/produit\\\/gateau-de-paques-miniature-1-4-minifee\\\/#breadcrumb\"},\"inLanguage\":\"en-US\",\"potentialAction\":[{\"@type\":\"ReadAction\",\"target\":[\"https:\\\/\\\/www.sunnyshop211.com\\\/produit\\\/gateau-de-paques-miniature-1-4-minifee\\\/\"]}]},{\"@type\":\"ImageObject\",\"inLanguage\":\"en-US\",\"@id\":\"https:\\\/\\\/www.sunnyshop211.com\\\/produit\\\/gateau-de-paques-miniature-1-4-minifee\\\/#primaryimage\",\"url\":\"https:\\\/\\\/www.sunnyshop211.com\\\/wp-content\\\/uploads\\\/2023\\\/03\\\/paques-et-salon-studio-21-scaled.jpg\",\"contentUrl\":\"https:\\\/\\\/www.sunnyshop211.com\\\/wp-content\\\/uploads\\\/2023\\\/03\\\/paques-et-salon-studio-21-scaled.jpg\",\"width\":1707,\"height\":2560},{\"@type\":\"BreadcrumbList\",\"@id\":\"https:\\\/\\\/www.sunnyshop211.com\\\/produit\\\/gateau-de-paques-miniature-1-4-minifee\\\/#breadcrumb\",\"itemListElement\":[{\"@type\":\"ListItem\",\"position\":1,\"name\":\"Accueil\",\"item\":\"https:\\\/\\\/www.sunnyshop211.com\\\/\"},{\"@type\":\"ListItem\",\"position\":2,\"name\":\"Boutique\",\"item\":\"https:\\\/\\\/www.sunnyshop211.com\\\/boutique-miniature-bjd-dolls\\\/\"},{\"@type\":\"ListItem\",\"position\":3,\"name\":\"G\u00e2teau de p\u00e2ques miniature 1\\\/4 minifee\"}]},{\"@type\":\"WebSite\",\"@id\":\"https:\\\/\\\/www.sunnyshop211.com\\\/#website\",\"url\":\"https:\\\/\\\/www.sunnyshop211.com\\\/\",\"name\":\"Vente de dioramas, meubles, miniatures , bjd poup\u00e9es 1\\\/12 1\\\/8 1\\\/6 1\\\/4 1\\\/3\",\"description\":\"Sunnyshop211 - Votre univers miniature pour poup\u00e9es et BJD, dioramas et meubles sur mesure !\",\"publisher\":{\"@id\":\"https:\\\/\\\/www.sunnyshop211.com\\\/#organization\"},\"alternateName\":\"sunnyshop211\",\"potentialAction\":[{\"@type\":\"SearchAction\",\"target\":{\"@type\":\"EntryPoint\",\"urlTemplate\":\"https:\\\/\\\/www.sunnyshop211.com\\\/?s={search_term_string}\"},\"query-input\":{\"@type\":\"PropertyValueSpecification\",\"valueRequired\":true,\"valueName\":\"search_term_string\"}}],\"inLanguage\":\"en-US\"},{\"@type\":\"Organization\",\"@id\":\"https:\\\/\\\/www.sunnyshop211.com\\\/#organization\",\"name\":\"sunnyshop211\",\"alternateName\":\"sunnyshop211 diorama bjd meuble miniature\",\"url\":\"https:\\\/\\\/www.sunnyshop211.com\\\/\",\"logo\":{\"@type\":\"ImageObject\",\"inLanguage\":\"en-US\",\"@id\":\"https:\\\/\\\/www.sunnyshop211.com\\\/#\\\/schema\\\/logo\\\/image\\\/\",\"url\":\"https:\\\/\\\/www.sunnyshop211.com\\\/wp-content\\\/uploads\\\/2022\\\/08\\\/cropped-cropped-cropped-Sunnyshop211-1.png\",\"contentUrl\":\"https:\\\/\\\/www.sunnyshop211.com\\\/wp-content\\\/uploads\\\/2022\\\/08\\\/cropped-cropped-cropped-Sunnyshop211-1.png\",\"width\":339,\"height\":339,\"caption\":\"sunnyshop211\"},\"image\":{\"@id\":\"https:\\\/\\\/www.sunnyshop211.com\\\/#\\\/schema\\\/logo\\\/image\\\/\"},\"sameAs\":[\"https:\\\/\\\/www.facebook.com\\\/sunnyshop211\\\/?ref=bookmarks\",\"https:\\\/\\\/x.com\\\/sunnyshop211\",\"https:\\\/\\\/www.instagram.com\\\/sunnyshop211\\\/\",\"https:\\\/\\\/www.tumblr.com\\\/blog\\\/sunnyshop211\",\"https:\\\/\\\/www.youtube.com\\\/channel\\\/UCtYY18OGGDKrTSzgcf7fCBg\",\"https:\\\/\\\/www.tiktok.com\\\/@sunnydollshop211?is_from_webapp=1&sender_device=pc\"]}]}<\/script>\n<!-- \/ Yoast SEO plugin. -->","yoast_head_json":{"title":"Miniature Easter cake 1\/4 minifee -","description":"Miniature 1\/4 minifee Easter cake. Ideal for celebrating Easter with your msd, minifee or unoa dolls and customizing your scenes.","robots":{"index":"index","follow":"follow","max-snippet":"max-snippet:-1","max-image-preview":"max-image-preview:large","max-video-preview":"max-video-preview:-1"},"canonical":"https:\/\/www.sunnyshop211.com\/en\/product\/gateau-de-paques-miniature-1-4-minifee\/","og_locale":"en_US","og_type":"article","og_title":"G\u00e2teau de p\u00e2ques miniature 1\/4 minifee -","og_description":"G\u00e2teau de p\u00e2ques miniature 1\/4 minifee . Id\u00e9al pour f\u00eater P\u00e2ques avec vos dolls msd, minifee, unoa et customis\u00e9 vos mises en sc\u00e8nes.","og_url":"https:\/\/www.sunnyshop211.com\/en\/product\/gateau-de-paques-miniature-1-4-minifee\/","og_site_name":"Sunnyshop211 -Vente de dioramas, meubles, miniatures , bjd poup\u00e9es 1\/12 1\/8 1\/6 1\/4 1\/3","article_publisher":"https:\/\/www.facebook.com\/sunnyshop211\/?ref=bookmarks","article_modified_time":"2026-01-01T16:29:36+00:00","og_image":[{"width":1707,"height":2560,"url":"https:\/\/www.sunnyshop211.com\/wp-content\/uploads\/2023\/03\/paques-et-salon-studio-21-scaled.jpg","type":"image\/jpeg"}],"twitter_card":"summary_large_image","twitter_site":"@sunnyshop211","twitter_misc":{"Est. reading time":"2 minutes"},"schema":{"@context":"https:\/\/schema.org","@graph":[{"@type":"WebPage","@id":"https:\/\/www.sunnyshop211.com\/produit\/gateau-de-paques-miniature-1-4-minifee\/","url":"https:\/\/www.sunnyshop211.com\/produit\/gateau-de-paques-miniature-1-4-minifee\/","name":"Miniature Easter cake 1\/4 minifee -","isPartOf":{"@id":"https:\/\/www.sunnyshop211.com\/#website"},"primaryImageOfPage":{"@id":"https:\/\/www.sunnyshop211.com\/produit\/gateau-de-paques-miniature-1-4-minifee\/#primaryimage"},"image":{"@id":"https:\/\/www.sunnyshop211.com\/produit\/gateau-de-paques-miniature-1-4-minifee\/#primaryimage"},"thumbnailUrl":"https:\/\/www.sunnyshop211.com\/wp-content\/uploads\/2023\/03\/paques-et-salon-studio-21-scaled.jpg","datePublished":"2023-03-22T12:01:28+00:00","dateModified":"2026-01-01T16:29:36+00:00","description":"Miniature 1\/4 minifee Easter cake. Ideal for celebrating Easter with your msd, minifee or unoa dolls and customizing your scenes.","breadcrumb":{"@id":"https:\/\/www.sunnyshop211.com\/produit\/gateau-de-paques-miniature-1-4-minifee\/#breadcrumb"},"inLanguage":"en-US","potentialAction":[{"@type":"ReadAction","target":["https:\/\/www.sunnyshop211.com\/produit\/gateau-de-paques-miniature-1-4-minifee\/"]}]},{"@type":"ImageObject","inLanguage":"en-US","@id":"https:\/\/www.sunnyshop211.com\/produit\/gateau-de-paques-miniature-1-4-minifee\/#primaryimage","url":"https:\/\/www.sunnyshop211.com\/wp-content\/uploads\/2023\/03\/paques-et-salon-studio-21-scaled.jpg","contentUrl":"https:\/\/www.sunnyshop211.com\/wp-content\/uploads\/2023\/03\/paques-et-salon-studio-21-scaled.jpg","width":1707,"height":2560},{"@type":"BreadcrumbList","@id":"https:\/\/www.sunnyshop211.com\/produit\/gateau-de-paques-miniature-1-4-minifee\/#breadcrumb","itemListElement":[{"@type":"ListItem","position":1,"name":"Accueil","item":"https:\/\/www.sunnyshop211.com\/"},{"@type":"ListItem","position":2,"name":"Boutique","item":"https:\/\/www.sunnyshop211.com\/boutique-miniature-bjd-dolls\/"},{"@type":"ListItem","position":3,"name":"G\u00e2teau de p\u00e2ques miniature 1\/4 minifee"}]},{"@type":"WebSite","@id":"https:\/\/www.sunnyshop211.com\/#website","url":"https:\/\/www.sunnyshop211.com\/","name":"Sale of dioramas, furniture, miniatures, bjd dolls 1\/12 1\/8 1\/6 1\/4 1\/3","description":"Sunnyshop211 - Your miniature world for dolls and BJDs, dioramas and custom-made furniture!","publisher":{"@id":"https:\/\/www.sunnyshop211.com\/#organization"},"alternateName":"sunnyshop211","potentialAction":[{"@type":"SearchAction","target":{"@type":"EntryPoint","urlTemplate":"https:\/\/www.sunnyshop211.com\/?s={search_term_string}"},"query-input":{"@type":"PropertyValueSpecification","valueRequired":true,"valueName":"search_term_string"}}],"inLanguage":"en-US"},{"@type":"Organization","@id":"https:\/\/www.sunnyshop211.com\/#organization","name":"sunnyshop211","alternateName":"sunnyshop211 diorama bjd meuble miniature","url":"https:\/\/www.sunnyshop211.com\/","logo":{"@type":"ImageObject","inLanguage":"en-US","@id":"https:\/\/www.sunnyshop211.com\/#\/schema\/logo\/image\/","url":"https:\/\/www.sunnyshop211.com\/wp-content\/uploads\/2022\/08\/cropped-cropped-cropped-Sunnyshop211-1.png","contentUrl":"https:\/\/www.sunnyshop211.com\/wp-content\/uploads\/2022\/08\/cropped-cropped-cropped-Sunnyshop211-1.png","width":339,"height":339,"caption":"sunnyshop211"},"image":{"@id":"https:\/\/www.sunnyshop211.com\/#\/schema\/logo\/image\/"},"sameAs":["https:\/\/www.facebook.com\/sunnyshop211\/?ref=bookmarks","https:\/\/x.com\/sunnyshop211","https:\/\/www.instagram.com\/sunnyshop211\/","https:\/\/www.tumblr.com\/blog\/sunnyshop211","https:\/\/www.youtube.com\/channel\/UCtYY18OGGDKrTSzgcf7fCBg","https:\/\/www.tiktok.com\/@sunnydollshop211?is_from_webapp=1&sender_device=pc"]}]}},"jetpack_publicize_connections":[],"jetpack_sharing_enabled":true,"_links":{"self":[{"href":"https:\/\/www.sunnyshop211.com\/en\/wp-json\/wp\/v2\/product\/31628","targetHints":{"allow":["GET"]}}],"collection":[{"href":"https:\/\/www.sunnyshop211.com\/en\/wp-json\/wp\/v2\/product"}],"about":[{"href":"https:\/\/www.sunnyshop211.com\/en\/wp-json\/wp\/v2\/types\/product"}],"replies":[{"embeddable":true,"href":"https:\/\/www.sunnyshop211.com\/en\/wp-json\/wp\/v2\/comments?post=31628"}],"version-history":[{"count":5,"href":"https:\/\/www.sunnyshop211.com\/en\/wp-json\/wp\/v2\/product\/31628\/revisions"}],"predecessor-version":[{"id":53846,"href":"https:\/\/www.sunnyshop211.com\/en\/wp-json\/wp\/v2\/product\/31628\/revisions\/53846"}],"wp:featuredmedia":[{"embeddable":true,"href":"https:\/\/www.sunnyshop211.com\/en\/wp-json\/wp\/v2\/media\/31508"}],"wp:attachment":[{"href":"https:\/\/www.sunnyshop211.com\/en\/wp-json\/wp\/v2\/media?parent=31628"}],"wp:term":[{"taxonomy":"product_brand","embeddable":true,"href":"https:\/\/www.sunnyshop211.com\/en\/wp-json\/wp\/v2\/product_brand?post=31628"},{"taxonomy":"product_cat","embeddable":true,"href":"https:\/\/www.sunnyshop211.com\/en\/wp-json\/wp\/v2\/product_cat?post=31628"},{"taxonomy":"product_tag","embeddable":true,"href":"https:\/\/www.sunnyshop211.com\/en\/wp-json\/wp\/v2\/product_tag?post=31628"}],"curies":[{"name":"wp","href":"https:\/\/api.w.org\/{rel}","templated":true}]}}