{"id":31298,"date":"2023-03-14T10:44:48","date_gmt":"2023-03-14T09:44:48","guid":{"rendered":"https:\/\/www.sunnyshop211.com\/?post_type=product&#038;p=31298"},"modified":"2026-01-03T13:51:03","modified_gmt":"2026-01-03T12:51:03","slug":"set-de-gel-douche-miniature-et-shampoing-1-6-1-4-1-3-2","status":"publish","type":"product","link":"https:\/\/www.sunnyshop211.com\/en\/product\/set-de-gel-douche-miniature-et-shampoing-1-6-1-4-1-3-2\/","title":{"rendered":"Miniature shower gel and shampoo set 1\/6 1\/4 1\/3"},"content":{"rendered":"<p>&nbsp;<\/p>\n<div id='gallery-1' class='gallery galleryid-31298 gallery-columns-3 gallery-size-thumbnail'><figure class='gallery-item'>\n\t\t\t<div class='gallery-icon landscape'>\n\t\t\t\t<a href='https:\/\/www.sunnyshop211.com\/en\/?attachment_id=31311'><img decoding=\"async\" width=\"150\" height=\"150\" src=\"https:\/\/www.sunnyshop211.com\/wp-content\/uploads\/2023\/03\/make-up-2-17-scaled-150x150.jpg\" class=\"attachment-thumbnail size-thumbnail\" alt=\"\" srcset=\"https:\/\/www.sunnyshop211.com\/wp-content\/uploads\/2023\/03\/make-up-2-17-scaled-150x150.jpg 150w, https:\/\/www.sunnyshop211.com\/wp-content\/uploads\/2023\/03\/make-up-2-17-scaled-500x500.jpg 500w, https:\/\/www.sunnyshop211.com\/wp-content\/uploads\/2023\/03\/make-up-2-17-scaled-100x100.jpg 100w\" sizes=\"(max-width: 150px) 100vw, 150px\" \/><\/a>\n\t\t\t<\/div><\/figure>\n\t\t<\/div>\n\n<h2 data-start=\"153\" data-end=\"214\"><strong data-start=\"153\" data-end=\"214\">Miniature shower gel &amp; shampoo set - 1\/6 - 1\/4 - 1\/3<\/strong><\/h2>\n<p data-start=\"216\" data-end=\"236\">\u2500\u2500\u2500\u2500\u2500\u2500\u2500\u2500\u2500\u2500\u2500\u2500\u2500\u2500\u2500\u2500\u2500\u2500\u2500\u2500<\/p>\n<p data-start=\"238\" data-end=\"255\">\u2728 <strong data-start=\"240\" data-end=\"255\">Description<\/strong><\/p>\n<p data-start=\"257\" data-end=\"413\">This miniature shower gel and shampoo set is ideal for completing your miniature bathrooms and enriching your dioramas and everyday scenes.<\/p>\n<p data-start=\"415\" data-end=\"554\">It adds a realistic, elegant touch to your dolls' world, perfect for creating a neat, detailed bathroom ambience.<\/p>\n<p data-start=\"556\" data-end=\"665\">\u2714 Fictitious items.<br data-start=\"575\" data-end=\"578\" \/>\u2714 Non-functional decorative accessories.<br data-start=\"620\" data-end=\"623\" \/>\u2714 The price indicated corresponds to <strong data-start=\"654\" data-end=\"664\">a set<\/strong>.<\/p>\n<p data-start=\"667\" data-end=\"687\">\u2500\u2500\u2500\u2500\u2500\u2500\u2500\u2500\u2500\u2500\u2500\u2500\u2500\u2500\u2500\u2500\u2500\u2500\u2500\u2500<\/p>\n<p data-start=\"689\" data-end=\"714\">\ud83d\udce6 <strong data-start=\"692\" data-end=\"714\">Set composition<\/strong><\/p>\n<p data-start=\"716\" data-end=\"763\">The miniature shower gel set includes :<\/p>\n<p data-start=\"765\" data-end=\"825\">\u2022 <strong data-start=\"767\" data-end=\"794\">A miniature shower gel<\/strong><br data-start=\"794\" data-end=\"797\" \/>\u2022 <strong data-start=\"799\" data-end=\"825\">A miniature shampoo<\/strong><\/p>\n<p data-start=\"827\" data-end=\"961\">Both elements are sold <strong data-start=\"857\" data-end=\"871\">customized<\/strong> :<br data-start=\"873\" data-end=\"876\" \/>- One in black<br data-start=\"899\" data-end=\"902\" \/>- The other is white<br data-start=\"930\" data-end=\"933\" \/>- Silver pumps<\/p>\n<p data-start=\"963\" data-end=\"983\">\u2500\u2500\u2500\u2500\u2500\u2500\u2500\u2500\u2500\u2500\u2500\u2500\u2500\u2500\u2500\u2500\u2500\u2500\u2500\u2500<\/p>\n<p data-start=\"985\" data-end=\"1002\">\ud83d\udccf <strong data-start=\"988\" data-end=\"1002\">Dimensions<\/strong><\/p>\n<p data-start=\"1004\" data-end=\"1028\">\u2022 <strong data-start=\"1006\" data-end=\"1017\">Height<\/strong> Size : 3.5 cm<\/p>\n<p data-start=\"1030\" data-end=\"1109\">Available in <strong data-start=\"1044\" data-end=\"1061\">three sizes<\/strong>, your choice :<br data-start=\"1073\" data-end=\"1076\" \/>\u2022 <strong data-start=\"1078\" data-end=\"1085\">1\/6<\/strong><br data-start=\"1085\" data-end=\"1088\" \/>\u2022 <strong data-start=\"1090\" data-end=\"1097\">1\/4<\/strong><br data-start=\"1097\" data-end=\"1100\" \/>\u2022 <strong data-start=\"1102\" data-end=\"1109\">1\/3<\/strong><\/p>\n<p data-start=\"1111\" data-end=\"1131\">\u2500\u2500\u2500\u2500\u2500\u2500\u2500\u2500\u2500\u2500\u2500\u2500\u2500\u2500\u2500\u2500\u2500\u2500\u2500\u2500<\/p>\n<p data-start=\"1133\" data-end=\"1153\">\ud83e\uddf8 <strong data-start=\"1136\" data-end=\"1153\">Compatibility<\/strong><\/p>\n<p data-start=\"1155\" data-end=\"1192\">Compatible with the following dolls:<\/p>\n<p data-start=\"1194\" data-end=\"1374\">\u2022 <strong data-start=\"1196\" data-end=\"1203\">1\/6<\/strong> Barbie, Pullip, Blythe, Poppy Parker or dolls of equivalent size.<br data-start=\"1274\" data-end=\"1277\" \/>\u2022 <strong data-start=\"1279\" data-end=\"1286\">1\/4<\/strong> MSD, Minifee, Unoa or similar.<br data-start=\"1322\" data-end=\"1325\" \/>\u2022 <strong data-start=\"1327\" data-end=\"1334\">1\/3<\/strong> SD, Feeple, Smart Doll or equivalent.<\/p>\n<p data-start=\"1376\" data-end=\"1524\">Compatible with miniature furniture and accessories sold separately in sunnyshop211.<br data-start=\"1478\" data-end=\"1481\" \/>Ideal for staging and dioramas.<\/p>\n<p data-start=\"1526\" data-end=\"1546\">\u2500\u2500\u2500\u2500\u2500\u2500\u2500\u2500\u2500\u2500\u2500\u2500\u2500\u2500\u2500\u2500\u2500\u2500\u2500\u2500<\/p>\n<p data-start=\"1548\" data-end=\"1563\">\ud83c\udfa8 <strong data-start=\"1551\" data-end=\"1563\">Finish<\/strong><\/p>\n<p data-start=\"1565\" data-end=\"1666\">- Sold painted and customized as shown.<br data-start=\"1611\" data-end=\"1614\" \/>- Fixed colors: black &amp; white with silver pump.<\/p>\n<p data-start=\"1668\" data-end=\"1688\">\u2500\u2500\u2500\u2500\u2500\u2500\u2500\u2500\u2500\u2500\u2500\u2500\u2500\u2500\u2500\u2500\u2500\u2500\u2500\u2500<\/p>\n<h3 data-start=\"1690\" data-end=\"1720\">\ud83d\udd90\ufe0f <strong data-start=\"1694\" data-end=\"1720\">Handcrafted products<\/strong><\/h3>\n<p data-start=\"1722\" data-end=\"1767\">Each set is handcrafted.<\/p>\n<p data-start=\"1769\" data-end=\"1935\">Because of its handmade character:<br data-start=\"1803\" data-end=\"1806\" \/>- slight variations in shape or color may occur,<br data-start=\"1872\" data-end=\"1875\" \/>- some material-related imperfections are possible.<\/p>\n<p data-start=\"1937\" data-end=\"1957\">\u2500\u2500\u2500\u2500\u2500\u2500\u2500\u2500\u2500\u2500\u2500\u2500\u2500\u2500\u2500\u2500\u2500\u2500\u2500\u2500<\/p>\n<p data-start=\"1959\" data-end=\"1990\">\ud83d\udce6 <strong data-start=\"1962\" data-end=\"1990\">Important information<\/strong><\/p>\n<p data-start=\"1992\" data-end=\"2279\">- Made to order.<br data-start=\"2023\" data-end=\"2026\" \/>- Please allow for manufacturing and delivery times (see General Sales Conditions).<br data-start=\"2129\" data-end=\"2132\" \/>- Other accessories shown in the photos are sold separately (bathtub not included).<br data-start=\"2228\" data-end=\"2231\" \/>- The photos are examples of staging.<\/p>\n<p data-start=\"2281\" data-end=\"2368\">More photos available on Instagram :<br data-start=\"2323\" data-end=\"2326\" \/>\ud83d\udc49 <a class=\"decorated-link\" href=\"https:\/\/www.instagram.com\/sunnyshop211\/\" target=\"_new\" rel=\"noopener\" data-start=\"2329\" data-end=\"2368\">https:\/\/www.instagram.com\/sunnyshop211\/<\/a><\/p>\n<p data-start=\"2370\" data-end=\"2390\">\u2500\u2500\u2500\u2500\u2500\u2500\u2500\u2500\u2500\u2500\u2500\u2500\u2500\u2500\u2500\u2500\u2500\u2500\u2500\u2500<\/p>\n<p data-start=\"2392\" data-end=\"2415\">\u26a0\ufe0f <strong data-start=\"2395\" data-end=\"2415\">Terms of use<\/strong><\/p>\n<p data-start=\"2417\" data-end=\"2557\">!!!! This is not a toy, this article is intended for adults.<br data-start=\"2488\" data-end=\"2491\" \/>I am not responsible for any damage in transit.<\/p>\n<p>&nbsp;<\/p>\n<p>&nbsp;<\/p>","protected":false},"excerpt":{"rendered":"<p>&nbsp; Set de gel douche &amp; shampoing miniature \u2013 1\/6 \u00b7 1\/4 \u00b7 1\/3 \u2500\u2500\u2500\u2500\u2500\u2500\u2500\u2500\u2500\u2500\u2500\u2500\u2500\u2500\u2500\u2500\u2500\u2500\u2500\u2500 \u2728 Description Ce set de gel douche et shampoing miniature est id\u00e9al pour compl\u00e9ter vos salles de bain miniatures et enrichir vos dioramas et mises en sc\u00e8nes du quotidien. Il apporte une touche r\u00e9aliste et \u00e9l\u00e9gante \u00e0 l\u2019univers de vos [&hellip;]<\/p>\n","protected":false},"featured_media":31311,"comment_status":"open","ping_status":"closed","template":"","meta":{"_crdt_document":"","jetpack_post_was_ever_published":false,"jetpack_publicize_message":"","jetpack_publicize_feature_enabled":true,"jetpack_social_post_already_shared":true,"jetpack_social_options":{"image_generator_settings":{"template":"highway","default_image_id":0,"font":"","enabled":false},"version":2}},"product_brand":[],"product_cat":[667687060],"product_tag":[667681137,667685045,667685043,667681138,667681136,667681588,667685049,667681364,667681363,667682262,667685028,667685026,667685061,667685059,667685067,667685069,667685032,667685051,667683243,667682326,667681139,667682310,667685057,667681426,667685030,667685041,667681232,667681173,667681141,667681218,667681140,667682322,667681324,667685034,667685053,667684439,667685055,667682308],"class_list":{"0":"post-31298","1":"product","2":"type-product","3":"status-publish","4":"has-post-thumbnail","6":"product_cat-produits-de-bain","7":"product_tag-baby","8":"product_tag-beaute","9":"product_tag-beauty","10":"product_tag-bebe","11":"product_tag-bjd","12":"product_tag-brosse","13":"product_tag-brush","14":"product_tag-cat","15":"product_tag-chat","16":"product_tag-cigne-bascule","17":"product_tag-cream","18":"product_tag-creme","19":"product_tag-curling-iron","20":"product_tag-fer-a-boucler","21":"product_tag-fleur-de-douche","22":"product_tag-flower-shower","23":"product_tag-gommage","24":"product_tag-hair-dryer","25":"product_tag-headband","26":"product_tag-lapin","27":"product_tag-lati-yellow","28":"product_tag-licorne","29":"product_tag-lisseur","30":"product_tag-littlefee","31":"product_tag-mask","32":"product_tag-masque","33":"product_tag-miniature","34":"product_tag-minifee","35":"product_tag-nappy-choo","36":"product_tag-portique","37":"product_tag-pukifee","38":"product_tag-rabbit","39":"product_tag-rocking-chair","40":"product_tag-scrub","41":"product_tag-seche-cheveux","42":"product_tag-sere-tete","43":"product_tag-straightener","44":"product_tag-unicorn","45":"product_shipping_class-lettre-suivie-3","47":"first","48":"instock","49":"taxable","50":"shipping-taxable","51":"purchasable","52":"product-type-variable"},"yoast_head":"<!-- This site is optimized with the Yoast SEO plugin v27.5 - https:\/\/yoast.com\/product\/yoast-seo-wordpress\/ -->\n<title>Set de gel douche miniature et shampoing 1\/6 1\/4 1\/3 -<\/title>\n<meta name=\"description\" content=\"Set de gel douche et shampoing miniature \/Shower gel and shampoo set Barbie, Poppy Parker, minifee, MSD, SD, smart Doll, feeple. Id\u00e9al pour les dolls.\" \/>\n<meta name=\"robots\" content=\"index, follow, max-snippet:-1, max-image-preview:large, max-video-preview:-1\" \/>\n<link rel=\"canonical\" href=\"https:\/\/www.sunnyshop211.com\/en\/product\/set-de-gel-douche-miniature-et-shampoing-1-6-1-4-1-3-2\/\" \/>\n<meta property=\"og:locale\" content=\"en_US\" \/>\n<meta property=\"og:type\" content=\"article\" \/>\n<meta property=\"og:title\" content=\"Set de gel douche miniature et shampoing 1\/6 1\/4 1\/3 -\" \/>\n<meta property=\"og:description\" content=\"Set de gel douche et shampoing miniature \/Shower gel and shampoo set Barbie, Poppy Parker, minifee, MSD, SD, smart Doll, feeple. Id\u00e9al pour les dolls.\" \/>\n<meta property=\"og:url\" content=\"https:\/\/www.sunnyshop211.com\/en\/product\/set-de-gel-douche-miniature-et-shampoing-1-6-1-4-1-3-2\/\" \/>\n<meta property=\"og:site_name\" content=\"Sunnyshop211 -Vente de dioramas, meubles, miniatures , bjd poup\u00e9es 1\/12 1\/8 1\/6 1\/4 1\/3\" \/>\n<meta property=\"article:publisher\" content=\"https:\/\/www.facebook.com\/sunnyshop211\/?ref=bookmarks\" \/>\n<meta property=\"article:modified_time\" content=\"2026-01-03T12:51:03+00:00\" \/>\n<meta property=\"og:image\" content=\"https:\/\/www.sunnyshop211.com\/wp-content\/uploads\/2023\/03\/make-up-2-17-scaled.jpg\" \/>\n\t<meta property=\"og:image:width\" content=\"2560\" \/>\n\t<meta property=\"og:image:height\" content=\"1707\" \/>\n\t<meta property=\"og:image:type\" content=\"image\/jpeg\" \/>\n<meta name=\"twitter:card\" content=\"summary_large_image\" \/>\n<meta name=\"twitter:site\" content=\"@sunnyshop211\" \/>\n<meta name=\"twitter:label1\" content=\"Est. reading time\" \/>\n\t<meta name=\"twitter:data1\" content=\"2 minutes\" \/>\n<script type=\"application\/ld+json\" class=\"yoast-schema-graph\">{\"@context\":\"https:\\\/\\\/schema.org\",\"@graph\":[{\"@type\":\"WebPage\",\"@id\":\"https:\\\/\\\/www.sunnyshop211.com\\\/produit\\\/set-de-gel-douche-miniature-et-shampoing-1-6-1-4-1-3-2\\\/\",\"url\":\"https:\\\/\\\/www.sunnyshop211.com\\\/produit\\\/set-de-gel-douche-miniature-et-shampoing-1-6-1-4-1-3-2\\\/\",\"name\":\"Set de gel douche miniature et shampoing 1\\\/6 1\\\/4 1\\\/3 -\",\"isPartOf\":{\"@id\":\"https:\\\/\\\/www.sunnyshop211.com\\\/#website\"},\"primaryImageOfPage\":{\"@id\":\"https:\\\/\\\/www.sunnyshop211.com\\\/produit\\\/set-de-gel-douche-miniature-et-shampoing-1-6-1-4-1-3-2\\\/#primaryimage\"},\"image\":{\"@id\":\"https:\\\/\\\/www.sunnyshop211.com\\\/produit\\\/set-de-gel-douche-miniature-et-shampoing-1-6-1-4-1-3-2\\\/#primaryimage\"},\"thumbnailUrl\":\"https:\\\/\\\/www.sunnyshop211.com\\\/wp-content\\\/uploads\\\/2023\\\/03\\\/make-up-2-17-scaled.jpg\",\"datePublished\":\"2023-03-14T09:44:48+00:00\",\"dateModified\":\"2026-01-03T12:51:03+00:00\",\"description\":\"Set de gel douche et shampoing miniature \\\/Shower gel and shampoo set Barbie, Poppy Parker, minifee, MSD, SD, smart Doll, feeple. Id\u00e9al pour les dolls.\",\"breadcrumb\":{\"@id\":\"https:\\\/\\\/www.sunnyshop211.com\\\/produit\\\/set-de-gel-douche-miniature-et-shampoing-1-6-1-4-1-3-2\\\/#breadcrumb\"},\"inLanguage\":\"en-US\",\"potentialAction\":[{\"@type\":\"ReadAction\",\"target\":[\"https:\\\/\\\/www.sunnyshop211.com\\\/produit\\\/set-de-gel-douche-miniature-et-shampoing-1-6-1-4-1-3-2\\\/\"]}]},{\"@type\":\"ImageObject\",\"inLanguage\":\"en-US\",\"@id\":\"https:\\\/\\\/www.sunnyshop211.com\\\/produit\\\/set-de-gel-douche-miniature-et-shampoing-1-6-1-4-1-3-2\\\/#primaryimage\",\"url\":\"https:\\\/\\\/www.sunnyshop211.com\\\/wp-content\\\/uploads\\\/2023\\\/03\\\/make-up-2-17-scaled.jpg\",\"contentUrl\":\"https:\\\/\\\/www.sunnyshop211.com\\\/wp-content\\\/uploads\\\/2023\\\/03\\\/make-up-2-17-scaled.jpg\",\"width\":2560,\"height\":1707},{\"@type\":\"BreadcrumbList\",\"@id\":\"https:\\\/\\\/www.sunnyshop211.com\\\/produit\\\/set-de-gel-douche-miniature-et-shampoing-1-6-1-4-1-3-2\\\/#breadcrumb\",\"itemListElement\":[{\"@type\":\"ListItem\",\"position\":1,\"name\":\"Accueil\",\"item\":\"https:\\\/\\\/www.sunnyshop211.com\\\/\"},{\"@type\":\"ListItem\",\"position\":2,\"name\":\"Boutique\",\"item\":\"https:\\\/\\\/www.sunnyshop211.com\\\/boutique-miniature-bjd-dolls\\\/\"},{\"@type\":\"ListItem\",\"position\":3,\"name\":\"Set de gel douche miniature et shampoing 1\\\/6 1\\\/4 1\\\/3\"}]},{\"@type\":\"WebSite\",\"@id\":\"https:\\\/\\\/www.sunnyshop211.com\\\/#website\",\"url\":\"https:\\\/\\\/www.sunnyshop211.com\\\/\",\"name\":\"Vente de dioramas, meubles, miniatures , bjd poup\u00e9es 1\\\/12 1\\\/8 1\\\/6 1\\\/4 1\\\/3\",\"description\":\"Sunnyshop211 - Votre univers miniature pour poup\u00e9es et BJD, dioramas et meubles sur mesure !\",\"publisher\":{\"@id\":\"https:\\\/\\\/www.sunnyshop211.com\\\/#organization\"},\"alternateName\":\"sunnyshop211\",\"potentialAction\":[{\"@type\":\"SearchAction\",\"target\":{\"@type\":\"EntryPoint\",\"urlTemplate\":\"https:\\\/\\\/www.sunnyshop211.com\\\/?s={search_term_string}\"},\"query-input\":{\"@type\":\"PropertyValueSpecification\",\"valueRequired\":true,\"valueName\":\"search_term_string\"}}],\"inLanguage\":\"en-US\"},{\"@type\":\"Organization\",\"@id\":\"https:\\\/\\\/www.sunnyshop211.com\\\/#organization\",\"name\":\"sunnyshop211\",\"alternateName\":\"sunnyshop211 diorama bjd meuble miniature\",\"url\":\"https:\\\/\\\/www.sunnyshop211.com\\\/\",\"logo\":{\"@type\":\"ImageObject\",\"inLanguage\":\"en-US\",\"@id\":\"https:\\\/\\\/www.sunnyshop211.com\\\/#\\\/schema\\\/logo\\\/image\\\/\",\"url\":\"https:\\\/\\\/www.sunnyshop211.com\\\/wp-content\\\/uploads\\\/2022\\\/08\\\/cropped-cropped-cropped-Sunnyshop211-1.png\",\"contentUrl\":\"https:\\\/\\\/www.sunnyshop211.com\\\/wp-content\\\/uploads\\\/2022\\\/08\\\/cropped-cropped-cropped-Sunnyshop211-1.png\",\"width\":339,\"height\":339,\"caption\":\"sunnyshop211\"},\"image\":{\"@id\":\"https:\\\/\\\/www.sunnyshop211.com\\\/#\\\/schema\\\/logo\\\/image\\\/\"},\"sameAs\":[\"https:\\\/\\\/www.facebook.com\\\/sunnyshop211\\\/?ref=bookmarks\",\"https:\\\/\\\/x.com\\\/sunnyshop211\",\"https:\\\/\\\/www.instagram.com\\\/sunnyshop211\\\/\",\"https:\\\/\\\/www.tumblr.com\\\/blog\\\/sunnyshop211\",\"https:\\\/\\\/www.youtube.com\\\/channel\\\/UCtYY18OGGDKrTSzgcf7fCBg\",\"https:\\\/\\\/www.tiktok.com\\\/@sunnydollshop211?is_from_webapp=1&sender_device=pc\"]}]}<\/script>\n<!-- \/ Yoast SEO plugin. -->","yoast_head_json":{"title":"Miniature shower gel and shampoo set 1\/6 1\/4 1\/3 -","description":"Set de gel douche et shampoing miniature \/Shower gel and shampoo set Barbie, Poppy Parker, minifee, MSD, SD, smart Doll, feeple. Ideal for dolls.","robots":{"index":"index","follow":"follow","max-snippet":"max-snippet:-1","max-image-preview":"max-image-preview:large","max-video-preview":"max-video-preview:-1"},"canonical":"https:\/\/www.sunnyshop211.com\/en\/product\/set-de-gel-douche-miniature-et-shampoing-1-6-1-4-1-3-2\/","og_locale":"en_US","og_type":"article","og_title":"Set de gel douche miniature et shampoing 1\/6 1\/4 1\/3 -","og_description":"Set de gel douche et shampoing miniature \/Shower gel and shampoo set Barbie, Poppy Parker, minifee, MSD, SD, smart Doll, feeple. Id\u00e9al pour les dolls.","og_url":"https:\/\/www.sunnyshop211.com\/en\/product\/set-de-gel-douche-miniature-et-shampoing-1-6-1-4-1-3-2\/","og_site_name":"Sunnyshop211 -Vente de dioramas, meubles, miniatures , bjd poup\u00e9es 1\/12 1\/8 1\/6 1\/4 1\/3","article_publisher":"https:\/\/www.facebook.com\/sunnyshop211\/?ref=bookmarks","article_modified_time":"2026-01-03T12:51:03+00:00","og_image":[{"width":2560,"height":1707,"url":"https:\/\/www.sunnyshop211.com\/wp-content\/uploads\/2023\/03\/make-up-2-17-scaled.jpg","type":"image\/jpeg"}],"twitter_card":"summary_large_image","twitter_site":"@sunnyshop211","twitter_misc":{"Est. reading time":"2 minutes"},"schema":{"@context":"https:\/\/schema.org","@graph":[{"@type":"WebPage","@id":"https:\/\/www.sunnyshop211.com\/produit\/set-de-gel-douche-miniature-et-shampoing-1-6-1-4-1-3-2\/","url":"https:\/\/www.sunnyshop211.com\/produit\/set-de-gel-douche-miniature-et-shampoing-1-6-1-4-1-3-2\/","name":"Miniature shower gel and shampoo set 1\/6 1\/4 1\/3 -","isPartOf":{"@id":"https:\/\/www.sunnyshop211.com\/#website"},"primaryImageOfPage":{"@id":"https:\/\/www.sunnyshop211.com\/produit\/set-de-gel-douche-miniature-et-shampoing-1-6-1-4-1-3-2\/#primaryimage"},"image":{"@id":"https:\/\/www.sunnyshop211.com\/produit\/set-de-gel-douche-miniature-et-shampoing-1-6-1-4-1-3-2\/#primaryimage"},"thumbnailUrl":"https:\/\/www.sunnyshop211.com\/wp-content\/uploads\/2023\/03\/make-up-2-17-scaled.jpg","datePublished":"2023-03-14T09:44:48+00:00","dateModified":"2026-01-03T12:51:03+00:00","description":"Set de gel douche et shampoing miniature \/Shower gel and shampoo set Barbie, Poppy Parker, minifee, MSD, SD, smart Doll, feeple. Ideal for dolls.","breadcrumb":{"@id":"https:\/\/www.sunnyshop211.com\/produit\/set-de-gel-douche-miniature-et-shampoing-1-6-1-4-1-3-2\/#breadcrumb"},"inLanguage":"en-US","potentialAction":[{"@type":"ReadAction","target":["https:\/\/www.sunnyshop211.com\/produit\/set-de-gel-douche-miniature-et-shampoing-1-6-1-4-1-3-2\/"]}]},{"@type":"ImageObject","inLanguage":"en-US","@id":"https:\/\/www.sunnyshop211.com\/produit\/set-de-gel-douche-miniature-et-shampoing-1-6-1-4-1-3-2\/#primaryimage","url":"https:\/\/www.sunnyshop211.com\/wp-content\/uploads\/2023\/03\/make-up-2-17-scaled.jpg","contentUrl":"https:\/\/www.sunnyshop211.com\/wp-content\/uploads\/2023\/03\/make-up-2-17-scaled.jpg","width":2560,"height":1707},{"@type":"BreadcrumbList","@id":"https:\/\/www.sunnyshop211.com\/produit\/set-de-gel-douche-miniature-et-shampoing-1-6-1-4-1-3-2\/#breadcrumb","itemListElement":[{"@type":"ListItem","position":1,"name":"Accueil","item":"https:\/\/www.sunnyshop211.com\/"},{"@type":"ListItem","position":2,"name":"Boutique","item":"https:\/\/www.sunnyshop211.com\/boutique-miniature-bjd-dolls\/"},{"@type":"ListItem","position":3,"name":"Set de gel douche miniature et shampoing 1\/6 1\/4 1\/3"}]},{"@type":"WebSite","@id":"https:\/\/www.sunnyshop211.com\/#website","url":"https:\/\/www.sunnyshop211.com\/","name":"Sale of dioramas, furniture, miniatures, bjd dolls 1\/12 1\/8 1\/6 1\/4 1\/3","description":"Sunnyshop211 - Your miniature world for dolls and BJDs, dioramas and custom-made furniture!","publisher":{"@id":"https:\/\/www.sunnyshop211.com\/#organization"},"alternateName":"sunnyshop211","potentialAction":[{"@type":"SearchAction","target":{"@type":"EntryPoint","urlTemplate":"https:\/\/www.sunnyshop211.com\/?s={search_term_string}"},"query-input":{"@type":"PropertyValueSpecification","valueRequired":true,"valueName":"search_term_string"}}],"inLanguage":"en-US"},{"@type":"Organization","@id":"https:\/\/www.sunnyshop211.com\/#organization","name":"sunnyshop211","alternateName":"sunnyshop211 diorama bjd meuble miniature","url":"https:\/\/www.sunnyshop211.com\/","logo":{"@type":"ImageObject","inLanguage":"en-US","@id":"https:\/\/www.sunnyshop211.com\/#\/schema\/logo\/image\/","url":"https:\/\/www.sunnyshop211.com\/wp-content\/uploads\/2022\/08\/cropped-cropped-cropped-Sunnyshop211-1.png","contentUrl":"https:\/\/www.sunnyshop211.com\/wp-content\/uploads\/2022\/08\/cropped-cropped-cropped-Sunnyshop211-1.png","width":339,"height":339,"caption":"sunnyshop211"},"image":{"@id":"https:\/\/www.sunnyshop211.com\/#\/schema\/logo\/image\/"},"sameAs":["https:\/\/www.facebook.com\/sunnyshop211\/?ref=bookmarks","https:\/\/x.com\/sunnyshop211","https:\/\/www.instagram.com\/sunnyshop211\/","https:\/\/www.tumblr.com\/blog\/sunnyshop211","https:\/\/www.youtube.com\/channel\/UCtYY18OGGDKrTSzgcf7fCBg","https:\/\/www.tiktok.com\/@sunnydollshop211?is_from_webapp=1&sender_device=pc"]}]}},"jetpack_publicize_connections":[],"jetpack_sharing_enabled":true,"_links":{"self":[{"href":"https:\/\/www.sunnyshop211.com\/en\/wp-json\/wp\/v2\/product\/31298","targetHints":{"allow":["GET"]}}],"collection":[{"href":"https:\/\/www.sunnyshop211.com\/en\/wp-json\/wp\/v2\/product"}],"about":[{"href":"https:\/\/www.sunnyshop211.com\/en\/wp-json\/wp\/v2\/types\/product"}],"replies":[{"embeddable":true,"href":"https:\/\/www.sunnyshop211.com\/en\/wp-json\/wp\/v2\/comments?post=31298"}],"version-history":[{"count":5,"href":"https:\/\/www.sunnyshop211.com\/en\/wp-json\/wp\/v2\/product\/31298\/revisions"}],"predecessor-version":[{"id":53940,"href":"https:\/\/www.sunnyshop211.com\/en\/wp-json\/wp\/v2\/product\/31298\/revisions\/53940"}],"wp:featuredmedia":[{"embeddable":true,"href":"https:\/\/www.sunnyshop211.com\/en\/wp-json\/wp\/v2\/media\/31311"}],"wp:attachment":[{"href":"https:\/\/www.sunnyshop211.com\/en\/wp-json\/wp\/v2\/media?parent=31298"}],"wp:term":[{"taxonomy":"product_brand","embeddable":true,"href":"https:\/\/www.sunnyshop211.com\/en\/wp-json\/wp\/v2\/product_brand?post=31298"},{"taxonomy":"product_cat","embeddable":true,"href":"https:\/\/www.sunnyshop211.com\/en\/wp-json\/wp\/v2\/product_cat?post=31298"},{"taxonomy":"product_tag","embeddable":true,"href":"https:\/\/www.sunnyshop211.com\/en\/wp-json\/wp\/v2\/product_tag?post=31298"}],"curies":[{"name":"wp","href":"https:\/\/api.w.org\/{rel}","templated":true}]}}