{"id":31132,"date":"2023-03-09T11:54:53","date_gmt":"2023-03-09T10:54:53","guid":{"rendered":"https:\/\/www.sunnyshop211.com\/?post_type=product&#038;p=31132"},"modified":"2025-12-31T12:44:14","modified_gmt":"2025-12-31T11:44:14","slug":"repose-tasse-sous-verre-1-3-miniature-bjd-sd-feeple","status":"publish","type":"product","link":"https:\/\/www.sunnyshop211.com\/en\/product\/repose-tasse-sous-verre-1-3-miniature-bjd-sd-feeple\/","title":{"rendered":"cup\/under glass rest 1\/3 miniature bjd SD, feeple"},"content":{"rendered":"<p>&nbsp;<\/p>\n<p><img fetchpriority=\"high\" decoding=\"async\" class=\"alignnone wp-image-31085 size-medium\" src=\"https:\/\/www.sunnyshop211.com\/wp-content\/uploads\/2023\/03\/cuisine1281729-500x333.jpg\" alt=\"repose tasse 1\/3 miniature\" width=\"500\" height=\"333\" \/> <img decoding=\"async\" class=\"alignnone size-medium wp-image-31080\" src=\"https:\/\/www.sunnyshop211.com\/wp-content\/uploads\/2023\/03\/cuisine1281929-333x500.jpg\" alt=\"\" width=\"333\" height=\"500\" \/> <img decoding=\"async\" class=\"alignnone wp-image-31077 size-medium\" src=\"https:\/\/www.sunnyshop211.com\/wp-content\/uploads\/2023\/03\/cuisine1282729-500x333.jpg\" alt=\"repose tasse 1\/3 miniature\" width=\"500\" height=\"333\" \/> <img loading=\"lazy\" decoding=\"async\" class=\"alignnone size-medium wp-image-31072\" src=\"https:\/\/www.sunnyshop211.com\/wp-content\/uploads\/2023\/03\/cuisine1282829-500x333.jpg\" alt=\"\" width=\"500\" height=\"333\" \/><\/p>\n<p>&nbsp;<\/p>\n<h2 data-start=\"191\" data-end=\"276\"><strong data-start=\"193\" data-end=\"246\">Miniature cup stand \/ Coaster - Scale 1\/3<\/strong><br data-start=\"246\" data-end=\"249\" \/>BJD - SD - Feeple - Diorama<\/h2>\n<p data-start=\"278\" data-end=\"454\">Add a touch of elegance and refinement to your miniature scenes with this <strong data-start=\"353\" data-end=\"391\">miniature cup-rest set 1\/3<\/strong>, ideal for your dolls' coffee or tea breaks \ud83d\udcab<\/p>\n<hr data-start=\"456\" data-end=\"459\" \/>\n<p data-start=\"461\" data-end=\"478\">\u2728 <strong data-start=\"463\" data-end=\"478\">Description<\/strong><\/p>\n<p data-start=\"480\" data-end=\"597\">This <strong data-start=\"483\" data-end=\"531\">miniature cup and coaster set<\/strong> is perfect for enhancing your dioramas and 1\/3-scale stagings:<\/p>\n<p data-start=\"599\" data-end=\"742\">- Realistic decorative accessory<br data-start=\"630\" data-end=\"633\" \/>- Ideal for kitchens, living rooms and tea-time scenes<br data-start=\"681\" data-end=\"684\" \/>- Compatible with many store accessories<\/p>\n<hr data-start=\"744\" data-end=\"747\" \/>\n<p data-start=\"749\" data-end=\"770\">\ud83d\udce6 <strong data-start=\"752\" data-end=\"770\">Set contents<\/strong><\/p>\n<p data-start=\"772\" data-end=\"789\">This set includes :<\/p>\n<p data-start=\"791\" data-end=\"936\">\u2022 <strong data-start=\"793\" data-end=\"823\">2 miniature cup holders<\/strong><br data-start=\"823\" data-end=\"826\" \/>- Two <strong data-start=\"833\" data-end=\"855\">different models<\/strong>, decorated with <strong data-start=\"868\" data-end=\"889\">elegant volutes<\/strong><br data-start=\"889\" data-end=\"892\" \/>- Sold <strong data-start=\"901\" data-end=\"936\">customized as shown<\/strong><\/p>\n<hr data-start=\"938\" data-end=\"941\" \/>\n<p data-start=\"943\" data-end=\"966\">\ud83c\udfa8 <strong data-start=\"946\" data-end=\"966\">Personalization<\/strong><\/p>\n<p data-start=\"968\" data-end=\"1048\">- You <strong data-start=\"975\" data-end=\"1000\">select color<\/strong><br data-start=\"1000\" data-end=\"1003\" \/>- Hand-crafted decorative finishes<\/p>\n<hr data-start=\"1050\" data-end=\"1053\" \/>\n<p data-start=\"1055\" data-end=\"1075\">\ud83d\udccf <strong data-start=\"1058\" data-end=\"1075\">Compatibility<\/strong><\/p>\n<p data-start=\"1077\" data-end=\"1187\">\u2714 Scale <strong data-start=\"1087\" data-end=\"1094\">1\/3<\/strong><br data-start=\"1094\" data-end=\"1097\" \/>\u2714 Compatible with dolls :<br \/>\n- BJD SD<br data-start=\"1135\" data-end=\"1138\" \/>- Feeple<br data-start=\"1146\" data-end=\"1149\" \/>- Other dolls of equivalent size<\/p>\n<hr data-start=\"1189\" data-end=\"1192\" \/>\n<h3 data-start=\"1194\" data-end=\"1224\">\ud83d\udd90\ufe0f <strong data-start=\"1198\" data-end=\"1224\">Handcrafted products<\/strong><\/h3>\n<p data-start=\"1226\" data-end=\"1468\">- Made in <strong data-start=\"1240\" data-end=\"1254\">painted wood<\/strong><br data-start=\"1254\" data-end=\"1257\" \/>- Manufacturing <strong data-start=\"1271\" data-end=\"1285\">artisan<\/strong><br data-start=\"1285\" data-end=\"1288\" \/>- Each set is <strong data-start=\"1305\" data-end=\"1315\">unique<\/strong><br data-start=\"1315\" data-end=\"1318\" \/>- Slight variations in shape, color or finish may occur.<br data-start=\"1396\" data-end=\"1399\" \/>- Some minor imperfections due to manual work<\/p>\n<hr data-start=\"1470\" data-end=\"1473\" \/>\n<p data-start=\"1475\" data-end=\"1508\">\ud83c\udfe1 <strong data-start=\"1478\" data-end=\"1508\">Use &amp; associations<\/strong><\/p>\n<p data-start=\"1510\" data-end=\"1648\">- Ideal for :<br \/>\n- kitchen scenes<br data-start=\"1544\" data-end=\"1547\" \/>- miniature living rooms<br data-start=\"1566\" data-end=\"1569\" \/>- coffee \/ tea staging<br data-start=\"1596\" data-end=\"1599\" \/>- Compatible with my furniture sold separately<\/p>\n<p data-start=\"1650\" data-end=\"1761\">\ud83d\udc49 The <strong data-start=\"1657\" data-end=\"1677\">assorted cups<\/strong> are available in the store:<br data-start=\"1713\" data-end=\"1716\" \/><em data-start=\"1716\" data-end=\"1761\">Customized \u201cMR &amp; MRS\u201d mugs - 1\/3 scale<\/em><\/p>\n<hr data-start=\"1763\" data-end=\"1766\" \/>\n<p data-start=\"1768\" data-end=\"1799\">\ud83d\udcf8 <strong data-start=\"1771\" data-end=\"1799\">Important information<\/strong><\/p>\n<p data-start=\"1801\" data-end=\"1952\">- The photos are <strong data-start=\"1823\" data-end=\"1852\">examples of staging<\/strong><br data-start=\"1852\" data-end=\"1855\" \/>- Only the <strong data-start=\"1865\" data-end=\"1889\">cup-rest set<\/strong> is sold<br data-start=\"1899\" data-end=\"1902\" \/>- Dolls, cups and other accessories not included<\/p>\n<p data-start=\"1954\" data-end=\"2022\">\ud83d\udcf8 More photos here :<br data-start=\"1977\" data-end=\"1980\" \/>\ud83d\udc49 <a class=\"decorated-link\" href=\"https:\/\/www.instagram.com\/sunnyshop211\/\" target=\"_new\" rel=\"noopener\" data-start=\"1983\" data-end=\"2022\">https:\/\/www.instagram.com\/sunnyshop211\/<\/a><\/p>\n<hr data-start=\"2024\" data-end=\"2027\" \/>\n<p data-start=\"2029\" data-end=\"2052\">\u26a0\ufe0f <strong data-start=\"2032\" data-end=\"2052\">Terms of use<\/strong><\/p>\n<p data-start=\"2054\" data-end=\"2309\">- This is not <strong data-start=\"2067\" data-end=\"2083\">not a toy<\/strong><br data-start=\"2083\" data-end=\"2086\" \/>- Article for a <strong data-start=\"2109\" data-end=\"2144\">adult and collector audiences<\/strong><br data-start=\"2144\" data-end=\"2147\" \/>- Made to order - please allow for delivery times. <strong data-start=\"2198\" data-end=\"2239\">manufacturing and delivery times<\/strong><br data-start=\"2239\" data-end=\"2242\" \/>- I am not responsible for any damage incurred in transit.<\/p>\n<hr data-start=\"2311\" data-end=\"2314\" \/>\n<p data-start=\"2316\" data-end=\"2450\">\u2615 <strong data-start=\"2318\" data-end=\"2450\">A delicate, decorative accessory to enhance your tea time scenes and bring a real touch of elegance to your 1\/3 dioramas.<\/strong><\/p>","protected":false},"excerpt":{"rendered":"<p>&nbsp; &nbsp; Repose-tasse \/ Sous-verre miniature \u2013 \u00c9chelle 1\/3BJD \u00b7 SD \u00b7 Feeple \u00b7 Diorama Ajoutez une touche \u00e9l\u00e9gante et raffin\u00e9e \u00e0 vos sc\u00e8nes miniatures gr\u00e2ce \u00e0 ce set de repose-tasses miniature 1\/3, id\u00e9al pour accompagner les pauses caf\u00e9 ou th\u00e9 de vos dolls \ud83d\udcab \u2728 Description Ce set de repose-tasses \/ sous-verres miniature est [&hellip;]<\/p>\n","protected":false},"featured_media":31077,"comment_status":"open","ping_status":"closed","template":"","meta":{"_crdt_document":"","jetpack_post_was_ever_published":false,"jetpack_publicize_message":"","jetpack_publicize_feature_enabled":true,"jetpack_social_post_already_shared":true,"jetpack_social_options":{"image_generator_settings":{"template":"highway","default_image_id":0,"font":"","enabled":false},"version":2}},"product_brand":[],"product_cat":[667687022],"product_tag":[667681299,667682864,667682866,667681234,667681173,667681237,667682870,667682868],"class_list":{"0":"post-31132","1":"product","2":"type-product","3":"status-publish","4":"has-post-thumbnail","6":"product_cat-decoration-de-cuisine","7":"product_tag-coffee","8":"product_tag-cup","9":"product_tag-cup-of-tea","10":"product_tag-diorama","11":"product_tag-minifee","12":"product_tag-msd","13":"product_tag-mug","14":"product_tag-tasse","15":"product_shipping_class-lettre-suivie","16":"pa_couleur-blanc","17":"pa_couleur-noir","18":"pa_couleur-rose-pink","19":"pa_couleur-rouge","21":"first","22":"instock","23":"taxable","24":"shipping-taxable","25":"purchasable","26":"product-type-variable"},"yoast_head":"<!-- This site is optimized with the Yoast SEO plugin v27.4 - https:\/\/yoast.com\/product\/yoast-seo-wordpress\/ -->\n<title>repose tasse\/ sous verre 1\/3 miniature bjd SD, feeple -<\/title>\n<meta name=\"description\" content=\"repose tasse\/ sous verre 1\/3 miniature bjd SD, feeple Miniature id\u00e9al pour accessoiriser vos dolls et pour customiser vos dioramas .\" \/>\n<meta name=\"robots\" content=\"index, follow, max-snippet:-1, max-image-preview:large, max-video-preview:-1\" \/>\n<link rel=\"canonical\" href=\"https:\/\/www.sunnyshop211.com\/en\/product\/repose-tasse-sous-verre-1-3-miniature-bjd-sd-feeple\/\" \/>\n<meta property=\"og:locale\" content=\"en_US\" \/>\n<meta property=\"og:type\" content=\"article\" \/>\n<meta property=\"og:title\" content=\"repose tasse\/ sous verre 1\/3 miniature bjd SD, feeple -\" \/>\n<meta property=\"og:description\" content=\"repose tasse\/ sous verre 1\/3 miniature bjd SD, feeple Miniature id\u00e9al pour accessoiriser vos dolls et pour customiser vos dioramas .\" \/>\n<meta property=\"og:url\" content=\"https:\/\/www.sunnyshop211.com\/en\/product\/repose-tasse-sous-verre-1-3-miniature-bjd-sd-feeple\/\" \/>\n<meta property=\"og:site_name\" content=\"Sunnyshop211 -Vente de dioramas, meubles, miniatures , bjd poup\u00e9es 1\/12 1\/8 1\/6 1\/4 1\/3\" \/>\n<meta property=\"article:publisher\" content=\"https:\/\/www.facebook.com\/sunnyshop211\/?ref=bookmarks\" \/>\n<meta property=\"article:modified_time\" content=\"2025-12-31T11:44:14+00:00\" \/>\n<meta property=\"og:image\" content=\"https:\/\/www.sunnyshop211.com\/wp-content\/uploads\/2023\/03\/cuisine1282729-scaled.jpg\" \/>\n\t<meta property=\"og:image:width\" content=\"2560\" \/>\n\t<meta property=\"og:image:height\" content=\"1707\" \/>\n\t<meta property=\"og:image:type\" content=\"image\/jpeg\" \/>\n<meta name=\"twitter:card\" content=\"summary_large_image\" \/>\n<meta name=\"twitter:site\" content=\"@sunnyshop211\" \/>\n<meta name=\"twitter:label1\" content=\"Est. reading time\" \/>\n\t<meta name=\"twitter:data1\" content=\"3 minutes\" \/>\n<script type=\"application\/ld+json\" class=\"yoast-schema-graph\">{\"@context\":\"https:\\\/\\\/schema.org\",\"@graph\":[{\"@type\":\"WebPage\",\"@id\":\"https:\\\/\\\/www.sunnyshop211.com\\\/produit\\\/repose-tasse-sous-verre-1-3-miniature-bjd-sd-feeple\\\/\",\"url\":\"https:\\\/\\\/www.sunnyshop211.com\\\/produit\\\/repose-tasse-sous-verre-1-3-miniature-bjd-sd-feeple\\\/\",\"name\":\"repose tasse\\\/ sous verre 1\\\/3 miniature bjd SD, feeple -\",\"isPartOf\":{\"@id\":\"https:\\\/\\\/www.sunnyshop211.com\\\/#website\"},\"primaryImageOfPage\":{\"@id\":\"https:\\\/\\\/www.sunnyshop211.com\\\/produit\\\/repose-tasse-sous-verre-1-3-miniature-bjd-sd-feeple\\\/#primaryimage\"},\"image\":{\"@id\":\"https:\\\/\\\/www.sunnyshop211.com\\\/produit\\\/repose-tasse-sous-verre-1-3-miniature-bjd-sd-feeple\\\/#primaryimage\"},\"thumbnailUrl\":\"https:\\\/\\\/www.sunnyshop211.com\\\/wp-content\\\/uploads\\\/2023\\\/03\\\/cuisine1282729-scaled.jpg\",\"datePublished\":\"2023-03-09T10:54:53+00:00\",\"dateModified\":\"2025-12-31T11:44:14+00:00\",\"description\":\"repose tasse\\\/ sous verre 1\\\/3 miniature bjd SD, feeple Miniature id\u00e9al pour accessoiriser vos dolls et pour customiser vos dioramas .\",\"breadcrumb\":{\"@id\":\"https:\\\/\\\/www.sunnyshop211.com\\\/produit\\\/repose-tasse-sous-verre-1-3-miniature-bjd-sd-feeple\\\/#breadcrumb\"},\"inLanguage\":\"en-US\",\"potentialAction\":[{\"@type\":\"ReadAction\",\"target\":[\"https:\\\/\\\/www.sunnyshop211.com\\\/produit\\\/repose-tasse-sous-verre-1-3-miniature-bjd-sd-feeple\\\/\"]}]},{\"@type\":\"ImageObject\",\"inLanguage\":\"en-US\",\"@id\":\"https:\\\/\\\/www.sunnyshop211.com\\\/produit\\\/repose-tasse-sous-verre-1-3-miniature-bjd-sd-feeple\\\/#primaryimage\",\"url\":\"https:\\\/\\\/www.sunnyshop211.com\\\/wp-content\\\/uploads\\\/2023\\\/03\\\/cuisine1282729-scaled.jpg\",\"contentUrl\":\"https:\\\/\\\/www.sunnyshop211.com\\\/wp-content\\\/uploads\\\/2023\\\/03\\\/cuisine1282729-scaled.jpg\",\"width\":2560,\"height\":1707},{\"@type\":\"BreadcrumbList\",\"@id\":\"https:\\\/\\\/www.sunnyshop211.com\\\/produit\\\/repose-tasse-sous-verre-1-3-miniature-bjd-sd-feeple\\\/#breadcrumb\",\"itemListElement\":[{\"@type\":\"ListItem\",\"position\":1,\"name\":\"Accueil\",\"item\":\"https:\\\/\\\/www.sunnyshop211.com\\\/\"},{\"@type\":\"ListItem\",\"position\":2,\"name\":\"Boutique\",\"item\":\"https:\\\/\\\/www.sunnyshop211.com\\\/boutique-miniature-bjd-dolls\\\/\"},{\"@type\":\"ListItem\",\"position\":3,\"name\":\"repose tasse\\\/ sous verre 1\\\/3 miniature bjd SD, feeple\"}]},{\"@type\":\"WebSite\",\"@id\":\"https:\\\/\\\/www.sunnyshop211.com\\\/#website\",\"url\":\"https:\\\/\\\/www.sunnyshop211.com\\\/\",\"name\":\"Vente de dioramas, meubles, miniatures , bjd poup\u00e9es 1\\\/12 1\\\/8 1\\\/6 1\\\/4 1\\\/3\",\"description\":\"Sunnyshop211 - Votre univers miniature pour poup\u00e9es et BJD, dioramas et meubles sur mesure !\",\"publisher\":{\"@id\":\"https:\\\/\\\/www.sunnyshop211.com\\\/#organization\"},\"alternateName\":\"sunnyshop211\",\"potentialAction\":[{\"@type\":\"SearchAction\",\"target\":{\"@type\":\"EntryPoint\",\"urlTemplate\":\"https:\\\/\\\/www.sunnyshop211.com\\\/?s={search_term_string}\"},\"query-input\":{\"@type\":\"PropertyValueSpecification\",\"valueRequired\":true,\"valueName\":\"search_term_string\"}}],\"inLanguage\":\"en-US\"},{\"@type\":\"Organization\",\"@id\":\"https:\\\/\\\/www.sunnyshop211.com\\\/#organization\",\"name\":\"sunnyshop211\",\"alternateName\":\"sunnyshop211 diorama bjd meuble miniature\",\"url\":\"https:\\\/\\\/www.sunnyshop211.com\\\/\",\"logo\":{\"@type\":\"ImageObject\",\"inLanguage\":\"en-US\",\"@id\":\"https:\\\/\\\/www.sunnyshop211.com\\\/#\\\/schema\\\/logo\\\/image\\\/\",\"url\":\"https:\\\/\\\/www.sunnyshop211.com\\\/wp-content\\\/uploads\\\/2022\\\/08\\\/cropped-cropped-cropped-Sunnyshop211-1.png\",\"contentUrl\":\"https:\\\/\\\/www.sunnyshop211.com\\\/wp-content\\\/uploads\\\/2022\\\/08\\\/cropped-cropped-cropped-Sunnyshop211-1.png\",\"width\":339,\"height\":339,\"caption\":\"sunnyshop211\"},\"image\":{\"@id\":\"https:\\\/\\\/www.sunnyshop211.com\\\/#\\\/schema\\\/logo\\\/image\\\/\"},\"sameAs\":[\"https:\\\/\\\/www.facebook.com\\\/sunnyshop211\\\/?ref=bookmarks\",\"https:\\\/\\\/x.com\\\/sunnyshop211\",\"https:\\\/\\\/www.instagram.com\\\/sunnyshop211\\\/\",\"https:\\\/\\\/www.tumblr.com\\\/blog\\\/sunnyshop211\",\"https:\\\/\\\/www.youtube.com\\\/channel\\\/UCtYY18OGGDKrTSzgcf7fCBg\",\"https:\\\/\\\/www.tiktok.com\\\/@sunnydollshop211?is_from_webapp=1&sender_device=pc\"]}]}<\/script>\n<!-- \/ Yoast SEO plugin. -->","yoast_head_json":{"title":"cup\/under glass rest 1\/3 miniature bjd SD, feeple -","description":"cup\/coaster rest 1\/3 miniature bjd SD, feeple Miniature ideal for accessorizing your dolls and customizing your dioramas.","robots":{"index":"index","follow":"follow","max-snippet":"max-snippet:-1","max-image-preview":"max-image-preview:large","max-video-preview":"max-video-preview:-1"},"canonical":"https:\/\/www.sunnyshop211.com\/en\/product\/repose-tasse-sous-verre-1-3-miniature-bjd-sd-feeple\/","og_locale":"en_US","og_type":"article","og_title":"repose tasse\/ sous verre 1\/3 miniature bjd SD, feeple -","og_description":"repose tasse\/ sous verre 1\/3 miniature bjd SD, feeple Miniature id\u00e9al pour accessoiriser vos dolls et pour customiser vos dioramas .","og_url":"https:\/\/www.sunnyshop211.com\/en\/product\/repose-tasse-sous-verre-1-3-miniature-bjd-sd-feeple\/","og_site_name":"Sunnyshop211 -Vente de dioramas, meubles, miniatures , bjd poup\u00e9es 1\/12 1\/8 1\/6 1\/4 1\/3","article_publisher":"https:\/\/www.facebook.com\/sunnyshop211\/?ref=bookmarks","article_modified_time":"2025-12-31T11:44:14+00:00","og_image":[{"width":2560,"height":1707,"url":"https:\/\/www.sunnyshop211.com\/wp-content\/uploads\/2023\/03\/cuisine1282729-scaled.jpg","type":"image\/jpeg"}],"twitter_card":"summary_large_image","twitter_site":"@sunnyshop211","twitter_misc":{"Est. reading time":"3 minutes"},"schema":{"@context":"https:\/\/schema.org","@graph":[{"@type":"WebPage","@id":"https:\/\/www.sunnyshop211.com\/produit\/repose-tasse-sous-verre-1-3-miniature-bjd-sd-feeple\/","url":"https:\/\/www.sunnyshop211.com\/produit\/repose-tasse-sous-verre-1-3-miniature-bjd-sd-feeple\/","name":"cup\/under glass rest 1\/3 miniature bjd SD, feeple -","isPartOf":{"@id":"https:\/\/www.sunnyshop211.com\/#website"},"primaryImageOfPage":{"@id":"https:\/\/www.sunnyshop211.com\/produit\/repose-tasse-sous-verre-1-3-miniature-bjd-sd-feeple\/#primaryimage"},"image":{"@id":"https:\/\/www.sunnyshop211.com\/produit\/repose-tasse-sous-verre-1-3-miniature-bjd-sd-feeple\/#primaryimage"},"thumbnailUrl":"https:\/\/www.sunnyshop211.com\/wp-content\/uploads\/2023\/03\/cuisine1282729-scaled.jpg","datePublished":"2023-03-09T10:54:53+00:00","dateModified":"2025-12-31T11:44:14+00:00","description":"cup\/coaster rest 1\/3 miniature bjd SD, feeple Miniature ideal for accessorizing your dolls and customizing your dioramas.","breadcrumb":{"@id":"https:\/\/www.sunnyshop211.com\/produit\/repose-tasse-sous-verre-1-3-miniature-bjd-sd-feeple\/#breadcrumb"},"inLanguage":"en-US","potentialAction":[{"@type":"ReadAction","target":["https:\/\/www.sunnyshop211.com\/produit\/repose-tasse-sous-verre-1-3-miniature-bjd-sd-feeple\/"]}]},{"@type":"ImageObject","inLanguage":"en-US","@id":"https:\/\/www.sunnyshop211.com\/produit\/repose-tasse-sous-verre-1-3-miniature-bjd-sd-feeple\/#primaryimage","url":"https:\/\/www.sunnyshop211.com\/wp-content\/uploads\/2023\/03\/cuisine1282729-scaled.jpg","contentUrl":"https:\/\/www.sunnyshop211.com\/wp-content\/uploads\/2023\/03\/cuisine1282729-scaled.jpg","width":2560,"height":1707},{"@type":"BreadcrumbList","@id":"https:\/\/www.sunnyshop211.com\/produit\/repose-tasse-sous-verre-1-3-miniature-bjd-sd-feeple\/#breadcrumb","itemListElement":[{"@type":"ListItem","position":1,"name":"Accueil","item":"https:\/\/www.sunnyshop211.com\/"},{"@type":"ListItem","position":2,"name":"Boutique","item":"https:\/\/www.sunnyshop211.com\/boutique-miniature-bjd-dolls\/"},{"@type":"ListItem","position":3,"name":"repose tasse\/ sous verre 1\/3 miniature bjd SD, feeple"}]},{"@type":"WebSite","@id":"https:\/\/www.sunnyshop211.com\/#website","url":"https:\/\/www.sunnyshop211.com\/","name":"Sale of dioramas, furniture, miniatures, bjd dolls 1\/12 1\/8 1\/6 1\/4 1\/3","description":"Sunnyshop211 - Your miniature world for dolls and BJDs, dioramas and custom-made furniture!","publisher":{"@id":"https:\/\/www.sunnyshop211.com\/#organization"},"alternateName":"sunnyshop211","potentialAction":[{"@type":"SearchAction","target":{"@type":"EntryPoint","urlTemplate":"https:\/\/www.sunnyshop211.com\/?s={search_term_string}"},"query-input":{"@type":"PropertyValueSpecification","valueRequired":true,"valueName":"search_term_string"}}],"inLanguage":"en-US"},{"@type":"Organization","@id":"https:\/\/www.sunnyshop211.com\/#organization","name":"sunnyshop211","alternateName":"sunnyshop211 diorama bjd meuble miniature","url":"https:\/\/www.sunnyshop211.com\/","logo":{"@type":"ImageObject","inLanguage":"en-US","@id":"https:\/\/www.sunnyshop211.com\/#\/schema\/logo\/image\/","url":"https:\/\/www.sunnyshop211.com\/wp-content\/uploads\/2022\/08\/cropped-cropped-cropped-Sunnyshop211-1.png","contentUrl":"https:\/\/www.sunnyshop211.com\/wp-content\/uploads\/2022\/08\/cropped-cropped-cropped-Sunnyshop211-1.png","width":339,"height":339,"caption":"sunnyshop211"},"image":{"@id":"https:\/\/www.sunnyshop211.com\/#\/schema\/logo\/image\/"},"sameAs":["https:\/\/www.facebook.com\/sunnyshop211\/?ref=bookmarks","https:\/\/x.com\/sunnyshop211","https:\/\/www.instagram.com\/sunnyshop211\/","https:\/\/www.tumblr.com\/blog\/sunnyshop211","https:\/\/www.youtube.com\/channel\/UCtYY18OGGDKrTSzgcf7fCBg","https:\/\/www.tiktok.com\/@sunnydollshop211?is_from_webapp=1&sender_device=pc"]}]}},"jetpack_publicize_connections":[],"jetpack_sharing_enabled":true,"_links":{"self":[{"href":"https:\/\/www.sunnyshop211.com\/en\/wp-json\/wp\/v2\/product\/31132","targetHints":{"allow":["GET"]}}],"collection":[{"href":"https:\/\/www.sunnyshop211.com\/en\/wp-json\/wp\/v2\/product"}],"about":[{"href":"https:\/\/www.sunnyshop211.com\/en\/wp-json\/wp\/v2\/types\/product"}],"replies":[{"embeddable":true,"href":"https:\/\/www.sunnyshop211.com\/en\/wp-json\/wp\/v2\/comments?post=31132"}],"version-history":[{"count":4,"href":"https:\/\/www.sunnyshop211.com\/en\/wp-json\/wp\/v2\/product\/31132\/revisions"}],"predecessor-version":[{"id":53685,"href":"https:\/\/www.sunnyshop211.com\/en\/wp-json\/wp\/v2\/product\/31132\/revisions\/53685"}],"wp:featuredmedia":[{"embeddable":true,"href":"https:\/\/www.sunnyshop211.com\/en\/wp-json\/wp\/v2\/media\/31077"}],"wp:attachment":[{"href":"https:\/\/www.sunnyshop211.com\/en\/wp-json\/wp\/v2\/media?parent=31132"}],"wp:term":[{"taxonomy":"product_brand","embeddable":true,"href":"https:\/\/www.sunnyshop211.com\/en\/wp-json\/wp\/v2\/product_brand?post=31132"},{"taxonomy":"product_cat","embeddable":true,"href":"https:\/\/www.sunnyshop211.com\/en\/wp-json\/wp\/v2\/product_cat?post=31132"},{"taxonomy":"product_tag","embeddable":true,"href":"https:\/\/www.sunnyshop211.com\/en\/wp-json\/wp\/v2\/product_tag?post=31132"}],"curies":[{"name":"wp","href":"https:\/\/api.w.org\/{rel}","templated":true}]}}