{"id":30839,"date":"2023-02-26T11:57:31","date_gmt":"2023-02-26T10:57:31","guid":{"rendered":"https:\/\/sunnyshop211.com\/?post_type=product&#038;p=30839"},"modified":"2025-12-31T12:53:18","modified_gmt":"2025-12-31T11:53:18","slug":"tasse-sirene-miniature-1-4-1-3-minifee-sd","status":"publish","type":"product","link":"https:\/\/www.sunnyshop211.com\/en\/product\/tasse-sirene-miniature-1-4-1-3-minifee-sd\/","title":{"rendered":"Miniature mermaid cup 1\/4 1\/3 minifee SD"},"content":{"rendered":"<p>&nbsp;<\/p>\n<h3><img fetchpriority=\"high\" decoding=\"async\" class=\"alignnone wp-image-30680 size-medium\" src=\"https:\/\/www.sunnyshop211.com\/wp-content\/uploads\/2023\/02\/litbaldaquinbureauroseetsharpeC3AF282729-500x333.jpg\" alt=\"Tasse sir\u00e8ne miniature 1\/4 1\/3 minifee SD\" width=\"500\" height=\"333\" srcset=\"https:\/\/www.sunnyshop211.com\/wp-content\/uploads\/2023\/02\/litbaldaquinbureauroseetsharpeC3AF282729-500x333.jpg 500w, https:\/\/www.sunnyshop211.com\/wp-content\/uploads\/2023\/02\/litbaldaquinbureauroseetsharpeC3AF282729-1024x683.jpg 1024w, https:\/\/www.sunnyshop211.com\/wp-content\/uploads\/2023\/02\/litbaldaquinbureauroseetsharpeC3AF282729-768x512.jpg 768w, https:\/\/www.sunnyshop211.com\/wp-content\/uploads\/2023\/02\/litbaldaquinbureauroseetsharpeC3AF282729-1536x1024.jpg 1536w, https:\/\/www.sunnyshop211.com\/wp-content\/uploads\/2023\/02\/litbaldaquinbureauroseetsharpeC3AF282729-2048x1365.jpg 2048w, https:\/\/www.sunnyshop211.com\/wp-content\/uploads\/2023\/02\/litbaldaquinbureauroseetsharpeC3AF282729-90x60.jpg 90w, https:\/\/www.sunnyshop211.com\/wp-content\/uploads\/2023\/02\/litbaldaquinbureauroseetsharpeC3AF282729-1200x800.jpg 1200w\" sizes=\"(max-width: 500px) 100vw, 500px\" \/> <img decoding=\"async\" class=\"alignnone size-medium wp-image-30681\" src=\"https:\/\/www.sunnyshop211.com\/wp-content\/uploads\/2023\/02\/litbaldaquinbureauroseetsharpeC3AF282829-500x363.jpg\" alt=\"\" width=\"500\" height=\"363\" srcset=\"https:\/\/www.sunnyshop211.com\/wp-content\/uploads\/2023\/02\/litbaldaquinbureauroseetsharpeC3AF282829-500x363.jpg 500w, https:\/\/www.sunnyshop211.com\/wp-content\/uploads\/2023\/02\/litbaldaquinbureauroseetsharpeC3AF282829-1024x744.jpg 1024w, https:\/\/www.sunnyshop211.com\/wp-content\/uploads\/2023\/02\/litbaldaquinbureauroseetsharpeC3AF282829-768x558.jpg 768w, https:\/\/www.sunnyshop211.com\/wp-content\/uploads\/2023\/02\/litbaldaquinbureauroseetsharpeC3AF282829-1536x1116.jpg 1536w, https:\/\/www.sunnyshop211.com\/wp-content\/uploads\/2023\/02\/litbaldaquinbureauroseetsharpeC3AF282829-2048x1487.jpg 2048w, https:\/\/www.sunnyshop211.com\/wp-content\/uploads\/2023\/02\/litbaldaquinbureauroseetsharpeC3AF282829-83x60.jpg 83w, https:\/\/www.sunnyshop211.com\/wp-content\/uploads\/2023\/02\/litbaldaquinbureauroseetsharpeC3AF282829-1200x872.jpg 1200w\" sizes=\"(max-width: 500px) 100vw, 500px\" \/> <img decoding=\"async\" class=\"alignnone size-medium wp-image-30645\" src=\"https:\/\/www.sunnyshop211.com\/wp-content\/uploads\/2023\/02\/litbaldaquinbureauroseetsharpeC3AF285829-333x500.jpg\" alt=\"\" width=\"333\" height=\"500\" srcset=\"https:\/\/www.sunnyshop211.com\/wp-content\/uploads\/2023\/02\/litbaldaquinbureauroseetsharpeC3AF285829-333x500.jpg 333w, https:\/\/www.sunnyshop211.com\/wp-content\/uploads\/2023\/02\/litbaldaquinbureauroseetsharpeC3AF285829-scaled-500x750.jpg 500w, https:\/\/www.sunnyshop211.com\/wp-content\/uploads\/2023\/02\/litbaldaquinbureauroseetsharpeC3AF285829-683x1024.jpg 683w, https:\/\/www.sunnyshop211.com\/wp-content\/uploads\/2023\/02\/litbaldaquinbureauroseetsharpeC3AF285829-768x1152.jpg 768w, https:\/\/www.sunnyshop211.com\/wp-content\/uploads\/2023\/02\/litbaldaquinbureauroseetsharpeC3AF285829-1024x1536.jpg 1024w, https:\/\/www.sunnyshop211.com\/wp-content\/uploads\/2023\/02\/litbaldaquinbureauroseetsharpeC3AF285829-1366x2048.jpg 1366w, https:\/\/www.sunnyshop211.com\/wp-content\/uploads\/2023\/02\/litbaldaquinbureauroseetsharpeC3AF285829-40x60.jpg 40w, https:\/\/www.sunnyshop211.com\/wp-content\/uploads\/2023\/02\/litbaldaquinbureauroseetsharpeC3AF285829-1200x1800.jpg 1200w, https:\/\/www.sunnyshop211.com\/wp-content\/uploads\/2023\/02\/litbaldaquinbureauroseetsharpeC3AF285829-scaled.jpg 1707w\" sizes=\"(max-width: 333px) 100vw, 333px\" \/> <img loading=\"lazy\" decoding=\"async\" class=\"alignnone wp-image-30648 size-medium\" src=\"https:\/\/www.sunnyshop211.com\/wp-content\/uploads\/2023\/02\/litbaldaquinbureauroseetsharpeC3AF286129-333x500.jpg\" alt=\"Tasse sir\u00e8ne miniature 1\/4 1\/3 minifee SD\" width=\"333\" height=\"500\" srcset=\"https:\/\/www.sunnyshop211.com\/wp-content\/uploads\/2023\/02\/litbaldaquinbureauroseetsharpeC3AF286129-333x500.jpg 333w, https:\/\/www.sunnyshop211.com\/wp-content\/uploads\/2023\/02\/litbaldaquinbureauroseetsharpeC3AF286129-scaled-500x750.jpg 500w, https:\/\/www.sunnyshop211.com\/wp-content\/uploads\/2023\/02\/litbaldaquinbureauroseetsharpeC3AF286129-683x1024.jpg 683w, https:\/\/www.sunnyshop211.com\/wp-content\/uploads\/2023\/02\/litbaldaquinbureauroseetsharpeC3AF286129-768x1152.jpg 768w, https:\/\/www.sunnyshop211.com\/wp-content\/uploads\/2023\/02\/litbaldaquinbureauroseetsharpeC3AF286129-1024x1536.jpg 1024w, https:\/\/www.sunnyshop211.com\/wp-content\/uploads\/2023\/02\/litbaldaquinbureauroseetsharpeC3AF286129-1365x2048.jpg 1365w, https:\/\/www.sunnyshop211.com\/wp-content\/uploads\/2023\/02\/litbaldaquinbureauroseetsharpeC3AF286129-40x60.jpg 40w, https:\/\/www.sunnyshop211.com\/wp-content\/uploads\/2023\/02\/litbaldaquinbureauroseetsharpeC3AF286129-1200x1800.jpg 1200w, https:\/\/www.sunnyshop211.com\/wp-content\/uploads\/2023\/02\/litbaldaquinbureauroseetsharpeC3AF286129-scaled.jpg 1707w\" sizes=\"(max-width: 333px) 100vw, 333px\" \/> <img loading=\"lazy\" decoding=\"async\" class=\"alignnone wp-image-30647 size-medium\" src=\"https:\/\/www.sunnyshop211.com\/wp-content\/uploads\/2023\/02\/litbaldaquinbureauroseetsharpeC3AF286029-500x333.jpg\" alt=\"Tasse sir\u00e8ne miniature 1\/4 1\/3 minifee SD\" width=\"500\" height=\"333\" srcset=\"https:\/\/www.sunnyshop211.com\/wp-content\/uploads\/2023\/02\/litbaldaquinbureauroseetsharpeC3AF286029-500x333.jpg 500w, https:\/\/www.sunnyshop211.com\/wp-content\/uploads\/2023\/02\/litbaldaquinbureauroseetsharpeC3AF286029-1024x683.jpg 1024w, https:\/\/www.sunnyshop211.com\/wp-content\/uploads\/2023\/02\/litbaldaquinbureauroseetsharpeC3AF286029-768x512.jpg 768w, https:\/\/www.sunnyshop211.com\/wp-content\/uploads\/2023\/02\/litbaldaquinbureauroseetsharpeC3AF286029-1536x1024.jpg 1536w, https:\/\/www.sunnyshop211.com\/wp-content\/uploads\/2023\/02\/litbaldaquinbureauroseetsharpeC3AF286029-2048x1365.jpg 2048w, https:\/\/www.sunnyshop211.com\/wp-content\/uploads\/2023\/02\/litbaldaquinbureauroseetsharpeC3AF286029-90x60.jpg 90w, https:\/\/www.sunnyshop211.com\/wp-content\/uploads\/2023\/02\/litbaldaquinbureauroseetsharpeC3AF286029-1200x800.jpg 1200w\" sizes=\"(max-width: 500px) 100vw, 500px\" \/><\/h3>\n<h2 data-start=\"181\" data-end=\"280\">\ud83e\udddc\u200d\u2640\ufe0f <strong data-start=\"187\" data-end=\"234\">Miniature mermaid cup - 1\/4 &amp; 1\/3 scale<\/strong><br data-start=\"234\" data-end=\"237\" \/>BJD - Minifee - MSD - SD - Feeple - Diorama<\/h2>\n<p data-start=\"282\" data-end=\"459\">Add a touch of <strong data-start=\"302\" data-end=\"326\">enchanting and elegant<\/strong> to your staging thanks to this <strong data-start=\"362\" data-end=\"388\">miniature mermaid cup<\/strong>, perfect for fantasy worlds, mermaids and poetic interiors \u2728<\/p>\n<hr data-start=\"461\" data-end=\"464\" \/>\n<p data-start=\"466\" data-end=\"483\">\u2728 <strong data-start=\"468\" data-end=\"483\">Description<\/strong><\/p>\n<p data-start=\"485\" data-end=\"644\">This <strong data-start=\"491\" data-end=\"517\">miniature mermaid cup<\/strong> is entirely <strong data-start=\"534\" data-end=\"558\">hand-customized<\/strong> and stands out for its <strong data-start=\"582\" data-end=\"618\">mermaid tail handle<\/strong>, delicately crafted.<\/p>\n<p data-start=\"646\" data-end=\"782\">Ideal for :<br data-start=\"659\" data-end=\"662\" \/>- fantasy or fairy-tale dioramas<br data-start=\"693\" data-end=\"696\" \/>- kitchen or living room scenes<br data-start=\"724\" data-end=\"727\" \/>- staging of mermaid dolls or magical universes<\/p>\n<hr data-start=\"784\" data-end=\"787\" \/>\n<p data-start=\"789\" data-end=\"812\">\ud83c\udfa8 <strong data-start=\"792\" data-end=\"812\">Personalization<\/strong><\/p>\n<p data-start=\"814\" data-end=\"941\">- You choose the <strong data-start=\"835\" data-end=\"846\">color<\/strong> among <strong data-start=\"853\" data-end=\"866\">3 colors<\/strong><br data-start=\"866\" data-end=\"869\" \/>- Finishing <strong data-start=\"880\" data-end=\"890\">iridescent<\/strong>, with luminous reflections<br data-start=\"913\" data-end=\"916\" \/>- Each piece is unique<\/p>\n<hr data-start=\"943\" data-end=\"946\" \/>\n<p data-start=\"948\" data-end=\"974\">\ud83d\udccf <strong data-start=\"951\" data-end=\"974\">Available sizes<\/strong><\/p>\n<p data-start=\"976\" data-end=\"1078\">\u2022 <strong data-start=\"978\" data-end=\"993\">1\/4 scale<\/strong> :<br data-start=\"995\" data-end=\"998\" \/>\u21b3 height <strong data-start=\"1009\" data-end=\"1017\">2 cm<\/strong><br data-start=\"1017\" data-end=\"1020\" \/>\u21b3 for Minifee, MSD, Unoa, Bimong or similar sizes<\/p>\n<p data-start=\"1080\" data-end=\"1182\">\u2022 <strong data-start=\"1082\" data-end=\"1097\">Scale 1\/3<\/strong> :<br data-start=\"1099\" data-end=\"1102\" \/>\u21b3 height <strong data-start=\"1113\" data-end=\"1123\">2.5 cm<\/strong><br data-start=\"1123\" data-end=\"1126\" \/>\u21b3 for SD, Feeple, Smart Doll or equivalent sizes<\/p>\n<p data-start=\"1184\" data-end=\"1218\">\ud83d\udc49 The prize is for <strong data-start=\"1204\" data-end=\"1217\">a cup<\/strong>.<\/p>\n<hr data-start=\"1220\" data-end=\"1223\" \/>\n<p data-start=\"1225\" data-end=\"1255\">\ud83d\udd90\ufe0f <strong data-start=\"1229\" data-end=\"1255\">Handcrafted products<\/strong><\/p>\n<p data-start=\"1257\" data-end=\"1345\">- Made and painted <strong data-start=\"1278\" data-end=\"1291\">by hand<\/strong><br data-start=\"1291\" data-end=\"1294\" \/>- Article <strong data-start=\"1304\" data-end=\"1314\">fictitious<\/strong> (does not contain beverage)<\/p>\n<p data-start=\"1347\" data-end=\"1461\">\u26a0\ufe0f Slight variations in shape, color and finish may occur.<\/p>\n<hr data-start=\"1463\" data-end=\"1466\" \/>\n<p data-start=\"1468\" data-end=\"1488\">\ud83c\udfe1 <strong data-start=\"1471\" data-end=\"1488\">Compatibility<\/strong><\/p>\n<p data-start=\"1490\" data-end=\"1624\">- Compatible with my <strong data-start=\"1512\" data-end=\"1534\">miniature furniture<\/strong> sold separately<br data-start=\"1552\" data-end=\"1555\" \/>- Perfect to complement a kitchen, living room or fantasy d\u00e9cor<\/p>\n<p data-start=\"1626\" data-end=\"1686\">\ud83d\uded2 Other decorations are available in the store.<\/p>\n<hr data-start=\"1688\" data-end=\"1691\" \/>\n<p data-start=\"1693\" data-end=\"1724\">\ud83d\udcf8 <strong data-start=\"1696\" data-end=\"1724\">Important information<\/strong><\/p>\n<p data-start=\"1726\" data-end=\"1820\">- The photos are <strong data-start=\"1748\" data-end=\"1777\">examples of staging<\/strong><br data-start=\"1777\" data-end=\"1780\" \/>- Only the <strong data-start=\"1791\" data-end=\"1807\">mermaid cup<\/strong> is sold<\/p>\n<p data-start=\"1822\" data-end=\"1890\">\ud83d\udcf8 More photos here :<br data-start=\"1845\" data-end=\"1848\" \/>\ud83d\udc49 <a class=\"decorated-link\" href=\"https:\/\/www.instagram.com\/sunnyshop211\/\" target=\"_new\" rel=\"noopener\" data-start=\"1851\" data-end=\"1890\">https:\/\/www.instagram.com\/sunnyshop211\/<\/a><\/p>\n<hr data-start=\"1892\" data-end=\"1895\" \/>\n<p data-start=\"1897\" data-end=\"1920\">\u26a0\ufe0f <strong data-start=\"1900\" data-end=\"1920\">Terms of use<\/strong><\/p>\n<p data-start=\"1922\" data-end=\"2177\">- This is not <strong data-start=\"1935\" data-end=\"1951\">not a toy<\/strong><br data-start=\"1951\" data-end=\"1954\" \/>- Article for a <strong data-start=\"1977\" data-end=\"2012\">adult and collector audiences<\/strong><br data-start=\"2012\" data-end=\"2015\" \/>- Made to order - please allow for delivery times. <strong data-start=\"2066\" data-end=\"2107\">manufacturing and delivery times<\/strong><br data-start=\"2107\" data-end=\"2110\" \/>- I am not responsible for any damage incurred in transit.<\/p>\n<hr data-start=\"2179\" data-end=\"2182\" \/>\n<p data-start=\"2184\" data-end=\"2272\">\ud83e\udddc\u200d\u2640\ufe0f <strong data-start=\"2190\" data-end=\"2272\">A magical, refined cup to enhance your 1\/4 and 1\/3 miniature worlds.<\/strong><\/p>","protected":false},"excerpt":{"rendered":"<p>&nbsp; \ud83e\udddc\u200d\u2640\ufe0f Tasse sir\u00e8ne miniature \u2013 \u00c9chelles 1\/4 &amp; 1\/3BJD \u00b7 Minifee \u00b7 MSD \u00b7 SD \u00b7 Feeple \u00b7 Diorama Apportez une touche f\u00e9\u00e9rique et \u00e9l\u00e9gante \u00e0 vos mises en sc\u00e8ne gr\u00e2ce \u00e0 cette tasse sir\u00e8ne miniature, parfaite pour les univers fantasy, mermaids et int\u00e9rieurs po\u00e9tiques \u2728 \u2728 Description Cette tasse miniature sir\u00e8ne est enti\u00e8rement [&hellip;]<\/p>\n","protected":false},"featured_media":53688,"comment_status":"open","ping_status":"closed","template":"","meta":{"_crdt_document":"","jetpack_post_was_ever_published":false,"jetpack_publicize_message":"","jetpack_publicize_feature_enabled":true,"jetpack_social_post_already_shared":true,"jetpack_social_options":{"image_generator_settings":{"template":"highway","default_image_id":0,"font":"","enabled":false},"version":2}},"product_brand":[],"product_cat":[667687021],"product_tag":[667681299,667682864,667682866,667681234,667681173,667681237,667682870,667682868],"class_list":{"0":"post-30839","1":"product","2":"type-product","3":"status-publish","4":"has-post-thumbnail","6":"product_cat-vaisselle","7":"product_tag-coffee","8":"product_tag-cup","9":"product_tag-cup-of-tea","10":"product_tag-diorama","11":"product_tag-minifee","12":"product_tag-msd","13":"product_tag-mug","14":"product_tag-tasse","15":"product_shipping_class-lettre-suivie","16":"pa_couleur-rose-pink","17":"pa_couleur-vert-fr","18":"pa_couleur-violet-fr","20":"first","21":"instock","22":"taxable","23":"shipping-taxable","24":"purchasable","25":"product-type-variable"},"yoast_head":"<!-- This site is optimized with the Yoast SEO plugin v27.5 - https:\/\/yoast.com\/product\/yoast-seo-wordpress\/ -->\n<title>Tasse sir\u00e8ne miniature 1\/4 1\/3 minifee SD -<\/title>\n<meta name=\"description\" content=\"Tasse sir\u00e8ne miniature 1\/4 1\/3 custom minifee, MSD, SD. Vous choisissez le mod\u00e8le qui vous convient parmi 2 mod\u00e8les \u00e0 l&#039;effigie de mercredi\" \/>\n<meta name=\"robots\" content=\"index, follow, max-snippet:-1, max-image-preview:large, max-video-preview:-1\" \/>\n<link rel=\"canonical\" href=\"https:\/\/www.sunnyshop211.com\/en\/product\/tasse-sirene-miniature-1-4-1-3-minifee-sd\/\" \/>\n<meta property=\"og:locale\" content=\"en_US\" \/>\n<meta property=\"og:type\" content=\"article\" \/>\n<meta property=\"og:title\" content=\"Tasse sir\u00e8ne miniature 1\/4 1\/3 minifee SD -\" \/>\n<meta property=\"og:description\" content=\"Tasse sir\u00e8ne miniature 1\/4 1\/3 custom minifee, MSD, SD. Vous choisissez le mod\u00e8le qui vous convient parmi 2 mod\u00e8les \u00e0 l&#039;effigie de mercredi\" \/>\n<meta property=\"og:url\" content=\"https:\/\/www.sunnyshop211.com\/en\/product\/tasse-sirene-miniature-1-4-1-3-minifee-sd\/\" \/>\n<meta property=\"og:site_name\" content=\"Sunnyshop211 -Vente de dioramas, meubles, miniatures , bjd poup\u00e9es 1\/12 1\/8 1\/6 1\/4 1\/3\" \/>\n<meta property=\"article:publisher\" content=\"https:\/\/www.facebook.com\/sunnyshop211\/?ref=bookmarks\" \/>\n<meta property=\"article:modified_time\" content=\"2025-12-31T11:53:18+00:00\" \/>\n<meta property=\"og:image\" content=\"https:\/\/www.sunnyshop211.com\/wp-content\/uploads\/2023\/02\/lit-baldaquin-bureau-rose-et-shar-pei-60-scaled.jpg\" \/>\n\t<meta property=\"og:image:width\" content=\"2560\" \/>\n\t<meta property=\"og:image:height\" content=\"1707\" \/>\n\t<meta property=\"og:image:type\" content=\"image\/jpeg\" \/>\n<meta name=\"twitter:card\" content=\"summary_large_image\" \/>\n<meta name=\"twitter:site\" content=\"@sunnyshop211\" \/>\n<meta name=\"twitter:label1\" content=\"Est. reading time\" \/>\n\t<meta name=\"twitter:data1\" content=\"3 minutes\" \/>\n<script type=\"application\/ld+json\" class=\"yoast-schema-graph\">{\"@context\":\"https:\\\/\\\/schema.org\",\"@graph\":[{\"@type\":\"WebPage\",\"@id\":\"https:\\\/\\\/www.sunnyshop211.com\\\/produit\\\/tasse-sirene-miniature-1-4-1-3-minifee-sd\\\/\",\"url\":\"https:\\\/\\\/www.sunnyshop211.com\\\/produit\\\/tasse-sirene-miniature-1-4-1-3-minifee-sd\\\/\",\"name\":\"Tasse sir\u00e8ne miniature 1\\\/4 1\\\/3 minifee SD -\",\"isPartOf\":{\"@id\":\"https:\\\/\\\/www.sunnyshop211.com\\\/#website\"},\"primaryImageOfPage\":{\"@id\":\"https:\\\/\\\/www.sunnyshop211.com\\\/produit\\\/tasse-sirene-miniature-1-4-1-3-minifee-sd\\\/#primaryimage\"},\"image\":{\"@id\":\"https:\\\/\\\/www.sunnyshop211.com\\\/produit\\\/tasse-sirene-miniature-1-4-1-3-minifee-sd\\\/#primaryimage\"},\"thumbnailUrl\":\"https:\\\/\\\/www.sunnyshop211.com\\\/wp-content\\\/uploads\\\/2023\\\/02\\\/lit-baldaquin-bureau-rose-et-shar-pei-60-scaled.jpg\",\"datePublished\":\"2023-02-26T10:57:31+00:00\",\"dateModified\":\"2025-12-31T11:53:18+00:00\",\"description\":\"Tasse sir\u00e8ne miniature 1\\\/4 1\\\/3 custom minifee, MSD, SD. Vous choisissez le mod\u00e8le qui vous convient parmi 2 mod\u00e8les \u00e0 l'effigie de mercredi\",\"breadcrumb\":{\"@id\":\"https:\\\/\\\/www.sunnyshop211.com\\\/produit\\\/tasse-sirene-miniature-1-4-1-3-minifee-sd\\\/#breadcrumb\"},\"inLanguage\":\"en-US\",\"potentialAction\":[{\"@type\":\"ReadAction\",\"target\":[\"https:\\\/\\\/www.sunnyshop211.com\\\/produit\\\/tasse-sirene-miniature-1-4-1-3-minifee-sd\\\/\"]}]},{\"@type\":\"ImageObject\",\"inLanguage\":\"en-US\",\"@id\":\"https:\\\/\\\/www.sunnyshop211.com\\\/produit\\\/tasse-sirene-miniature-1-4-1-3-minifee-sd\\\/#primaryimage\",\"url\":\"https:\\\/\\\/www.sunnyshop211.com\\\/wp-content\\\/uploads\\\/2023\\\/02\\\/lit-baldaquin-bureau-rose-et-shar-pei-60-scaled.jpg\",\"contentUrl\":\"https:\\\/\\\/www.sunnyshop211.com\\\/wp-content\\\/uploads\\\/2023\\\/02\\\/lit-baldaquin-bureau-rose-et-shar-pei-60-scaled.jpg\",\"width\":2560,\"height\":1707},{\"@type\":\"BreadcrumbList\",\"@id\":\"https:\\\/\\\/www.sunnyshop211.com\\\/produit\\\/tasse-sirene-miniature-1-4-1-3-minifee-sd\\\/#breadcrumb\",\"itemListElement\":[{\"@type\":\"ListItem\",\"position\":1,\"name\":\"Accueil\",\"item\":\"https:\\\/\\\/www.sunnyshop211.com\\\/\"},{\"@type\":\"ListItem\",\"position\":2,\"name\":\"Boutique\",\"item\":\"https:\\\/\\\/www.sunnyshop211.com\\\/boutique-miniature-bjd-dolls\\\/\"},{\"@type\":\"ListItem\",\"position\":3,\"name\":\"Tasse sir\u00e8ne miniature 1\\\/4 1\\\/3 minifee SD\"}]},{\"@type\":\"WebSite\",\"@id\":\"https:\\\/\\\/www.sunnyshop211.com\\\/#website\",\"url\":\"https:\\\/\\\/www.sunnyshop211.com\\\/\",\"name\":\"Vente de dioramas, meubles, miniatures , bjd poup\u00e9es 1\\\/12 1\\\/8 1\\\/6 1\\\/4 1\\\/3\",\"description\":\"Sunnyshop211 - Votre univers miniature pour poup\u00e9es et BJD, dioramas et meubles sur mesure !\",\"publisher\":{\"@id\":\"https:\\\/\\\/www.sunnyshop211.com\\\/#organization\"},\"alternateName\":\"sunnyshop211\",\"potentialAction\":[{\"@type\":\"SearchAction\",\"target\":{\"@type\":\"EntryPoint\",\"urlTemplate\":\"https:\\\/\\\/www.sunnyshop211.com\\\/?s={search_term_string}\"},\"query-input\":{\"@type\":\"PropertyValueSpecification\",\"valueRequired\":true,\"valueName\":\"search_term_string\"}}],\"inLanguage\":\"en-US\"},{\"@type\":\"Organization\",\"@id\":\"https:\\\/\\\/www.sunnyshop211.com\\\/#organization\",\"name\":\"sunnyshop211\",\"alternateName\":\"sunnyshop211 diorama bjd meuble miniature\",\"url\":\"https:\\\/\\\/www.sunnyshop211.com\\\/\",\"logo\":{\"@type\":\"ImageObject\",\"inLanguage\":\"en-US\",\"@id\":\"https:\\\/\\\/www.sunnyshop211.com\\\/#\\\/schema\\\/logo\\\/image\\\/\",\"url\":\"https:\\\/\\\/www.sunnyshop211.com\\\/wp-content\\\/uploads\\\/2022\\\/08\\\/cropped-cropped-cropped-Sunnyshop211-1.png\",\"contentUrl\":\"https:\\\/\\\/www.sunnyshop211.com\\\/wp-content\\\/uploads\\\/2022\\\/08\\\/cropped-cropped-cropped-Sunnyshop211-1.png\",\"width\":339,\"height\":339,\"caption\":\"sunnyshop211\"},\"image\":{\"@id\":\"https:\\\/\\\/www.sunnyshop211.com\\\/#\\\/schema\\\/logo\\\/image\\\/\"},\"sameAs\":[\"https:\\\/\\\/www.facebook.com\\\/sunnyshop211\\\/?ref=bookmarks\",\"https:\\\/\\\/x.com\\\/sunnyshop211\",\"https:\\\/\\\/www.instagram.com\\\/sunnyshop211\\\/\",\"https:\\\/\\\/www.tumblr.com\\\/blog\\\/sunnyshop211\",\"https:\\\/\\\/www.youtube.com\\\/channel\\\/UCtYY18OGGDKrTSzgcf7fCBg\",\"https:\\\/\\\/www.tiktok.com\\\/@sunnydollshop211?is_from_webapp=1&sender_device=pc\"]}]}<\/script>\n<!-- \/ Yoast SEO plugin. -->","yoast_head_json":{"title":"Miniature mermaid mug 1\/4 1\/3 minifee SD -","description":"Miniature mermaid mug 1\/4 1\/3 custom minifee, MSD, SD. Choose the model that suits you from 2 designs featuring Wednesday.","robots":{"index":"index","follow":"follow","max-snippet":"max-snippet:-1","max-image-preview":"max-image-preview:large","max-video-preview":"max-video-preview:-1"},"canonical":"https:\/\/www.sunnyshop211.com\/en\/product\/tasse-sirene-miniature-1-4-1-3-minifee-sd\/","og_locale":"en_US","og_type":"article","og_title":"Tasse sir\u00e8ne miniature 1\/4 1\/3 minifee SD -","og_description":"Tasse sir\u00e8ne miniature 1\/4 1\/3 custom minifee, MSD, SD. Vous choisissez le mod\u00e8le qui vous convient parmi 2 mod\u00e8les \u00e0 l'effigie de mercredi","og_url":"https:\/\/www.sunnyshop211.com\/en\/product\/tasse-sirene-miniature-1-4-1-3-minifee-sd\/","og_site_name":"Sunnyshop211 -Vente de dioramas, meubles, miniatures , bjd poup\u00e9es 1\/12 1\/8 1\/6 1\/4 1\/3","article_publisher":"https:\/\/www.facebook.com\/sunnyshop211\/?ref=bookmarks","article_modified_time":"2025-12-31T11:53:18+00:00","og_image":[{"width":2560,"height":1707,"url":"https:\/\/www.sunnyshop211.com\/wp-content\/uploads\/2023\/02\/lit-baldaquin-bureau-rose-et-shar-pei-60-scaled.jpg","type":"image\/jpeg"}],"twitter_card":"summary_large_image","twitter_site":"@sunnyshop211","twitter_misc":{"Est. reading time":"3 minutes"},"schema":{"@context":"https:\/\/schema.org","@graph":[{"@type":"WebPage","@id":"https:\/\/www.sunnyshop211.com\/produit\/tasse-sirene-miniature-1-4-1-3-minifee-sd\/","url":"https:\/\/www.sunnyshop211.com\/produit\/tasse-sirene-miniature-1-4-1-3-minifee-sd\/","name":"Miniature mermaid mug 1\/4 1\/3 minifee SD -","isPartOf":{"@id":"https:\/\/www.sunnyshop211.com\/#website"},"primaryImageOfPage":{"@id":"https:\/\/www.sunnyshop211.com\/produit\/tasse-sirene-miniature-1-4-1-3-minifee-sd\/#primaryimage"},"image":{"@id":"https:\/\/www.sunnyshop211.com\/produit\/tasse-sirene-miniature-1-4-1-3-minifee-sd\/#primaryimage"},"thumbnailUrl":"https:\/\/www.sunnyshop211.com\/wp-content\/uploads\/2023\/02\/lit-baldaquin-bureau-rose-et-shar-pei-60-scaled.jpg","datePublished":"2023-02-26T10:57:31+00:00","dateModified":"2025-12-31T11:53:18+00:00","description":"Miniature mermaid mug 1\/4 1\/3 custom minifee, MSD, SD. Choose the model that suits you from 2 designs featuring Wednesday.","breadcrumb":{"@id":"https:\/\/www.sunnyshop211.com\/produit\/tasse-sirene-miniature-1-4-1-3-minifee-sd\/#breadcrumb"},"inLanguage":"en-US","potentialAction":[{"@type":"ReadAction","target":["https:\/\/www.sunnyshop211.com\/produit\/tasse-sirene-miniature-1-4-1-3-minifee-sd\/"]}]},{"@type":"ImageObject","inLanguage":"en-US","@id":"https:\/\/www.sunnyshop211.com\/produit\/tasse-sirene-miniature-1-4-1-3-minifee-sd\/#primaryimage","url":"https:\/\/www.sunnyshop211.com\/wp-content\/uploads\/2023\/02\/lit-baldaquin-bureau-rose-et-shar-pei-60-scaled.jpg","contentUrl":"https:\/\/www.sunnyshop211.com\/wp-content\/uploads\/2023\/02\/lit-baldaquin-bureau-rose-et-shar-pei-60-scaled.jpg","width":2560,"height":1707},{"@type":"BreadcrumbList","@id":"https:\/\/www.sunnyshop211.com\/produit\/tasse-sirene-miniature-1-4-1-3-minifee-sd\/#breadcrumb","itemListElement":[{"@type":"ListItem","position":1,"name":"Accueil","item":"https:\/\/www.sunnyshop211.com\/"},{"@type":"ListItem","position":2,"name":"Boutique","item":"https:\/\/www.sunnyshop211.com\/boutique-miniature-bjd-dolls\/"},{"@type":"ListItem","position":3,"name":"Tasse sir\u00e8ne miniature 1\/4 1\/3 minifee SD"}]},{"@type":"WebSite","@id":"https:\/\/www.sunnyshop211.com\/#website","url":"https:\/\/www.sunnyshop211.com\/","name":"Sale of dioramas, furniture, miniatures, bjd dolls 1\/12 1\/8 1\/6 1\/4 1\/3","description":"Sunnyshop211 - Your miniature world for dolls and BJDs, dioramas and custom-made furniture!","publisher":{"@id":"https:\/\/www.sunnyshop211.com\/#organization"},"alternateName":"sunnyshop211","potentialAction":[{"@type":"SearchAction","target":{"@type":"EntryPoint","urlTemplate":"https:\/\/www.sunnyshop211.com\/?s={search_term_string}"},"query-input":{"@type":"PropertyValueSpecification","valueRequired":true,"valueName":"search_term_string"}}],"inLanguage":"en-US"},{"@type":"Organization","@id":"https:\/\/www.sunnyshop211.com\/#organization","name":"sunnyshop211","alternateName":"sunnyshop211 diorama bjd meuble miniature","url":"https:\/\/www.sunnyshop211.com\/","logo":{"@type":"ImageObject","inLanguage":"en-US","@id":"https:\/\/www.sunnyshop211.com\/#\/schema\/logo\/image\/","url":"https:\/\/www.sunnyshop211.com\/wp-content\/uploads\/2022\/08\/cropped-cropped-cropped-Sunnyshop211-1.png","contentUrl":"https:\/\/www.sunnyshop211.com\/wp-content\/uploads\/2022\/08\/cropped-cropped-cropped-Sunnyshop211-1.png","width":339,"height":339,"caption":"sunnyshop211"},"image":{"@id":"https:\/\/www.sunnyshop211.com\/#\/schema\/logo\/image\/"},"sameAs":["https:\/\/www.facebook.com\/sunnyshop211\/?ref=bookmarks","https:\/\/x.com\/sunnyshop211","https:\/\/www.instagram.com\/sunnyshop211\/","https:\/\/www.tumblr.com\/blog\/sunnyshop211","https:\/\/www.youtube.com\/channel\/UCtYY18OGGDKrTSzgcf7fCBg","https:\/\/www.tiktok.com\/@sunnydollshop211?is_from_webapp=1&sender_device=pc"]}]}},"jetpack_publicize_connections":[],"jetpack_sharing_enabled":true,"_links":{"self":[{"href":"https:\/\/www.sunnyshop211.com\/en\/wp-json\/wp\/v2\/product\/30839","targetHints":{"allow":["GET"]}}],"collection":[{"href":"https:\/\/www.sunnyshop211.com\/en\/wp-json\/wp\/v2\/product"}],"about":[{"href":"https:\/\/www.sunnyshop211.com\/en\/wp-json\/wp\/v2\/types\/product"}],"replies":[{"embeddable":true,"href":"https:\/\/www.sunnyshop211.com\/en\/wp-json\/wp\/v2\/comments?post=30839"}],"version-history":[{"count":4,"href":"https:\/\/www.sunnyshop211.com\/en\/wp-json\/wp\/v2\/product\/30839\/revisions"}],"predecessor-version":[{"id":32888,"href":"https:\/\/www.sunnyshop211.com\/en\/wp-json\/wp\/v2\/product\/30839\/revisions\/32888"}],"wp:featuredmedia":[{"embeddable":true,"href":"https:\/\/www.sunnyshop211.com\/en\/wp-json\/wp\/v2\/media\/53688"}],"wp:attachment":[{"href":"https:\/\/www.sunnyshop211.com\/en\/wp-json\/wp\/v2\/media?parent=30839"}],"wp:term":[{"taxonomy":"product_brand","embeddable":true,"href":"https:\/\/www.sunnyshop211.com\/en\/wp-json\/wp\/v2\/product_brand?post=30839"},{"taxonomy":"product_cat","embeddable":true,"href":"https:\/\/www.sunnyshop211.com\/en\/wp-json\/wp\/v2\/product_cat?post=30839"},{"taxonomy":"product_tag","embeddable":true,"href":"https:\/\/www.sunnyshop211.com\/en\/wp-json\/wp\/v2\/product_tag?post=30839"}],"curies":[{"name":"wp","href":"https:\/\/api.w.org\/{rel}","templated":true}]}}