{"id":30107,"date":"2023-01-05T15:51:00","date_gmt":"2023-01-05T14:51:00","guid":{"rendered":"https:\/\/sunnyshop211.com\/?post_type=product&#038;p=30107"},"modified":"2026-01-03T18:23:29","modified_gmt":"2026-01-03T17:23:29","slug":"presentoir-cupcake-miniature-1-4-diorama-bjd-msd-minifee-2","status":"publish","type":"product","link":"https:\/\/www.sunnyshop211.com\/en\/product\/presentoir-cupcake-miniature-1-4-diorama-bjd-msd-minifee-2\/","title":{"rendered":"Miniature cupcake display 1\/4 diorama bjd MSD, minifee"},"content":{"rendered":"<div id='gallery-1' class='gallery galleryid-30107 gallery-columns-3 gallery-size-thumbnail'><figure class='gallery-item'>\n\t\t\t<div class='gallery-icon portrait'>\n\t\t\t\t<a href='https:\/\/www.sunnyshop211.com\/en\/?attachment_id=30047'><img decoding=\"async\" width=\"150\" height=\"150\" src=\"https:\/\/www.sunnyshop211.com\/wp-content\/uploads\/2023\/01\/stvalentin328729-150x150.jpg\" class=\"attachment-thumbnail size-thumbnail\" alt=\"Pr\u00e9sentoir cupcake miniature 1\/4\" srcset=\"https:\/\/www.sunnyshop211.com\/wp-content\/uploads\/2023\/01\/stvalentin328729-150x150.jpg 150w, https:\/\/www.sunnyshop211.com\/wp-content\/uploads\/2023\/01\/stvalentin328729-scaled-500x500.jpg 500w, https:\/\/www.sunnyshop211.com\/wp-content\/uploads\/2023\/01\/stvalentin328729-scaled-100x100.jpg 100w\" sizes=\"(max-width: 150px) 100vw, 150px\" \/><\/a>\n\t\t\t<\/div><\/figure><figure class='gallery-item'>\n\t\t\t<div class='gallery-icon portrait'>\n\t\t\t\t<a href='https:\/\/www.sunnyshop211.com\/en\/?attachment_id=30035'><img decoding=\"async\" width=\"150\" height=\"150\" src=\"https:\/\/www.sunnyshop211.com\/wp-content\/uploads\/2023\/01\/stvalentin328829-150x150.jpg\" class=\"attachment-thumbnail size-thumbnail\" alt=\"Pr\u00e9sentoir cupcake miniature 1\/4\" srcset=\"https:\/\/www.sunnyshop211.com\/wp-content\/uploads\/2023\/01\/stvalentin328829-150x150.jpg 150w, https:\/\/www.sunnyshop211.com\/wp-content\/uploads\/2023\/01\/stvalentin328829-scaled-500x500.jpg 500w, https:\/\/www.sunnyshop211.com\/wp-content\/uploads\/2023\/01\/stvalentin328829-scaled-100x100.jpg 100w\" sizes=\"(max-width: 150px) 100vw, 150px\" \/><\/a>\n\t\t\t<\/div><\/figure><figure class='gallery-item'>\n\t\t\t<div class='gallery-icon portrait'>\n\t\t\t\t<a href='https:\/\/www.sunnyshop211.com\/en\/?attachment_id=30048'><img decoding=\"async\" width=\"150\" height=\"150\" src=\"https:\/\/www.sunnyshop211.com\/wp-content\/uploads\/2023\/01\/stvalentin328229-150x150.jpg\" class=\"attachment-thumbnail size-thumbnail\" alt=\"Pr\u00e9sentoir cupcake miniature 1\/4\" srcset=\"https:\/\/www.sunnyshop211.com\/wp-content\/uploads\/2023\/01\/stvalentin328229-150x150.jpg 150w, https:\/\/www.sunnyshop211.com\/wp-content\/uploads\/2023\/01\/stvalentin328229-scaled-500x500.jpg 500w, https:\/\/www.sunnyshop211.com\/wp-content\/uploads\/2023\/01\/stvalentin328229-scaled-100x100.jpg 100w\" sizes=\"(max-width: 150px) 100vw, 150px\" \/><\/a>\n\t\t\t<\/div><\/figure><figure class='gallery-item'>\n\t\t\t<div class='gallery-icon landscape'>\n\t\t\t\t<a href='https:\/\/www.sunnyshop211.com\/en\/?attachment_id=30028'><img loading=\"lazy\" decoding=\"async\" width=\"150\" height=\"150\" src=\"https:\/\/www.sunnyshop211.com\/wp-content\/uploads\/2023\/01\/stvalentin3282329-150x150.jpg\" class=\"attachment-thumbnail size-thumbnail\" alt=\"\" srcset=\"https:\/\/www.sunnyshop211.com\/wp-content\/uploads\/2023\/01\/stvalentin3282329-150x150.jpg 150w, https:\/\/www.sunnyshop211.com\/wp-content\/uploads\/2023\/01\/stvalentin3282329-scaled-500x500.jpg 500w, https:\/\/www.sunnyshop211.com\/wp-content\/uploads\/2023\/01\/stvalentin3282329-scaled-100x100.jpg 100w\" sizes=\"(max-width: 150px) 100vw, 150px\" \/><\/a>\n\t\t\t<\/div><\/figure>\n\t\t<\/div>\n\n<p data-start=\"166\" data-end=\"248\"><strong data-start=\"166\" data-end=\"248\">Cupcake heart display - Miniature 1\/4 - Diorama - BJD - Minifee - MSD - Unoa<\/strong><\/p>\n<p data-start=\"250\" data-end=\"270\">\u2500\u2500\u2500\u2500\u2500\u2500\u2500\u2500\u2500\u2500\u2500\u2500\u2500\u2500\u2500\u2500\u2500\u2500\u2500\u2500<\/p>\n<p data-start=\"272\" data-end=\"289\">\u2728 <strong data-start=\"274\" data-end=\"289\">Description<\/strong><\/p>\n<p data-start=\"291\" data-end=\"607\">This miniature cupcake display is ideal for showcasing your miniature treats in dioramas and roomboxes.<br \/>\nWith its two tiers and small decorative heart on top, it adds an elegant, festive touch to your settings, especially for Valentine's Day or tea room decorations.<\/p>\n<p data-start=\"609\" data-end=\"673\">\u2714 Fictitious element<br data-start=\"625\" data-end=\"628\" \/>\u2714 Non-functional decoration<br data-start=\"658\" data-end=\"661\" \/>\u2714 Sold empty<\/p>\n<p data-start=\"675\" data-end=\"695\">\u2500\u2500\u2500\u2500\u2500\u2500\u2500\u2500\u2500\u2500\u2500\u2500\u2500\u2500\u2500\u2500\u2500\u2500\u2500\u2500<\/p>\n<p data-start=\"697\" data-end=\"717\">\ud83e\uddf8 <strong data-start=\"700\" data-end=\"717\">Compatibility<\/strong><\/p>\n<p data-start=\"719\" data-end=\"761\">Suitable for dolls and miniature worlds:<\/p>\n<p data-start=\"763\" data-end=\"835\">- 1\/4: BJD, Minifee, MSD, Unoa<br data-start=\"794\" data-end=\"797\" \/>- Other dolls of equivalent size<\/p>\n<p data-start=\"837\" data-end=\"932\">Compatible with furniture and accessories sold separately in the store <strong data-start=\"915\" data-end=\"931\">sunnyshop211<\/strong>.<\/p>\n<p data-start=\"934\" data-end=\"954\">\u2500\u2500\u2500\u2500\u2500\u2500\u2500\u2500\u2500\u2500\u2500\u2500\u2500\u2500\u2500\u2500\u2500\u2500\u2500\u2500<\/p>\n<p data-start=\"956\" data-end=\"979\">\ud83e\uddc1 <strong data-start=\"959\" data-end=\"979\">Features<\/strong><\/p>\n<p data-start=\"981\" data-end=\"1138\">- Miniature cupcake display<br data-start=\"1014\" data-end=\"1017\" \/>- 2 floors<br data-start=\"1027\" data-end=\"1030\" \/>- Small decorative heart on top<br data-start=\"1066\" data-end=\"1069\" \/>- Available in a choice of colors<br data-start=\"1112\" data-end=\"1115\" \/>- Sold without cupcakes<\/p>\n<p data-start=\"1140\" data-end=\"1187\">\ud83d\udc49 The price corresponds to <strong data-start=\"1164\" data-end=\"1186\">a stand-alone display<\/strong>.<\/p>\n<p data-start=\"1189\" data-end=\"1209\">\u2500\u2500\u2500\u2500\u2500\u2500\u2500\u2500\u2500\u2500\u2500\u2500\u2500\u2500\u2500\u2500\u2500\u2500\u2500\u2500<\/p>\n<p data-start=\"1211\" data-end=\"1245\">\ud83c\udfac <strong data-start=\"1214\" data-end=\"1245\">Use &amp; staging<\/strong><\/p>\n<p data-start=\"1247\" data-end=\"1389\">Ideal for :<br \/>\n- gourmet scenes<br data-start=\"1279\" data-end=\"1282\" \/>- pastry or tea room dioramas<br data-start=\"1322\" data-end=\"1325\" \/>- miniature table decorations<br data-start=\"1352\" data-end=\"1355\" \/>- Staging Valentine's Day<\/p>\n<p data-start=\"1391\" data-end=\"1481\">A tutorial for making your own miniature cupcakes is available in the store.<\/p>\n<p data-start=\"1483\" data-end=\"1579\">The cupcakes and other accessories shown in some scenes are sold separately.<\/p>\n<p data-start=\"1581\" data-end=\"1601\">\u2500\u2500\u2500\u2500\u2500\u2500\u2500\u2500\u2500\u2500\u2500\u2500\u2500\u2500\u2500\u2500\u2500\u2500\u2500\u2500<\/p>\n<h3 data-start=\"1603\" data-end=\"1633\">\ud83d\udd90\ufe0f <strong data-start=\"1607\" data-end=\"1633\">Handcrafted products<\/strong><\/h3>\n<p data-start=\"1635\" data-end=\"1687\">Each display is handcrafted.<\/p>\n<p data-start=\"1689\" data-end=\"1839\">Because of its handmade character:<br \/>\n- slight variations in shape or color may occur<br data-start=\"1789\" data-end=\"1792\" \/>- some minor imperfections are possible<\/p>\n<p data-start=\"1841\" data-end=\"1861\">\u2500\u2500\u2500\u2500\u2500\u2500\u2500\u2500\u2500\u2500\u2500\u2500\u2500\u2500\u2500\u2500\u2500\u2500\u2500\u2500<\/p>\n<p data-start=\"1863\" data-end=\"1894\">\ud83d\udce6 <strong data-start=\"1866\" data-end=\"1894\">Important information<\/strong><\/p>\n<p data-start=\"1896\" data-end=\"2204\">- Sold individually (1 cupcake display)<br data-start=\"1936\" data-end=\"1939\" \/>- Article made to order<br data-start=\"1969\" data-end=\"1972\" \/>- Please allow for manufacturing and delivery times.<br data-start=\"2037\" data-end=\"2040\" \/>(see General Sales Conditions and delivery times)<br data-start=\"2101\" data-end=\"2104\" \/>- The photos are examples of staging<br data-start=\"2151\" data-end=\"2154\" \/>- Other decorations sold separately<\/p>\n<p data-start=\"2206\" data-end=\"2286\">More inspiration on Instagram :<br data-start=\"2241\" data-end=\"2244\" \/>\ud83d\udc49 <a class=\"decorated-link\" href=\"https:\/\/www.instagram.com\/sunnyshop211\/\" target=\"_new\" rel=\"noopener\" data-start=\"2247\" data-end=\"2286\">https:\/\/www.instagram.com\/sunnyshop211\/<\/a><\/p>\n<p data-start=\"2288\" data-end=\"2308\">\u2500\u2500\u2500\u2500\u2500\u2500\u2500\u2500\u2500\u2500\u2500\u2500\u2500\u2500\u2500\u2500\u2500\u2500\u2500\u2500<\/p>\n<p data-start=\"2310\" data-end=\"2333\">\u26a0\ufe0f <strong data-start=\"2313\" data-end=\"2333\">Terms of use<\/strong><\/p>\n<p data-start=\"2335\" data-end=\"2475\">!!!! This is not a toy, this article is intended for adults.<br data-start=\"2406\" data-end=\"2409\" \/>I am not responsible for any damage in transit.<\/p>\n<p data-start=\"2477\" data-end=\"2550\">\ud83e\uddc1\u2764\ufe0f A delicate miniature display to sublimate your gourmet scenes.<\/p>\n<p>&nbsp;<\/p>\n<p>&nbsp;<\/p>","protected":false},"excerpt":{"rendered":"<p>Miniature cupcake display<\/p>\n<p>Miniature cupcake stand<\/p>","protected":false},"featured_media":30035,"comment_status":"open","ping_status":"closed","template":"","meta":{"_crdt_document":"","jetpack_post_was_ever_published":false,"jetpack_publicize_message":"","jetpack_publicize_feature_enabled":true,"jetpack_social_post_already_shared":true,"jetpack_social_options":{"image_generator_settings":{"template":"highway","default_image_id":0,"font":"","enabled":false},"version":2}},"product_brand":[],"product_cat":[667687021,667687075],"product_tag":[667681278,667681724,667681792,667681145,667681143,667681341,667681284,667681142,667684901,667684625,667684623,667681234,667681226,667681233,667681296,667681225,667681279,667681241,667681340,667681144,667681236,667681261,667681281,667681173,667681297,667681280,667681177,667681277,667681338,667681260],"class_list":{"0":"post-30107","1":"product","2":"type-product","3":"status-publish","4":"has-post-thumbnail","6":"product_cat-vaisselle","7":"product_cat--nourriture-de-la-saint-valentin","8":"product_tag-barbie","9":"product_tag-bear","10":"product_tag-bear-bed","11":"product_tag-bed","12":"product_tag-bedroom","13":"product_tag-bid","14":"product_tag-blythe","15":"product_tag-chambre","16":"product_tag-cupcake","17":"product_tag-dinosaur","18":"product_tag-dinosaure","19":"product_tag-diorama","20":"product_tag-doll","21":"product_tag-dollhouse","22":"product_tag-food","23":"product_tag-furniture","24":"product_tag-hot-toys","25":"product_tag-iplehouse","26":"product_tag-kid","27":"product_tag-lit","28":"product_tag-maison-de-poupee","29":"product_tag-meuble","30":"product_tag-meubles","31":"product_tag-minifee","32":"product_tag-nourriture","33":"product_tag-phicen","34":"product_tag-poupee","35":"product_tag-pullip","36":"product_tag-table-de-nuit","37":"product_tag-tonner","38":"product_shipping_class-colissimo-5","39":"pa_couleur-argent-silver","40":"pa_couleur-dore-golden","41":"pa_couleur-noir","42":"pa_couleur-rose-pink","43":"pa_couleur-rouge","45":"first","46":"instock","47":"shipping-taxable","48":"purchasable","49":"product-type-variable"},"yoast_head":"<!-- This site is optimized with the Yoast SEO plugin v27.5 - https:\/\/yoast.com\/product\/yoast-seo-wordpress\/ -->\n<title>Pr\u00e9sentoir cupcake miniature 1\/4 diorama bjd MSD, minifee -<\/title>\n<meta name=\"description\" content=\"Pr\u00e9sentoir cupcake miniature 1\/4 diorama bjd MSD, minifee ou autre de m\u00eame taille. Ce pr\u00e9sentoir \u00e0 cupcakes les mettra en valeur.\" \/>\n<meta name=\"robots\" content=\"index, follow, max-snippet:-1, max-image-preview:large, max-video-preview:-1\" \/>\n<link rel=\"canonical\" href=\"https:\/\/www.sunnyshop211.com\/en\/product\/presentoir-cupcake-miniature-1-4-diorama-bjd-msd-minifee-2\/\" \/>\n<meta property=\"og:locale\" content=\"en_US\" \/>\n<meta property=\"og:type\" content=\"article\" \/>\n<meta property=\"og:title\" content=\"Pr\u00e9sentoir cupcake miniature 1\/4 diorama bjd MSD, minifee -\" \/>\n<meta property=\"og:description\" content=\"Pr\u00e9sentoir cupcake miniature 1\/4 diorama bjd MSD, minifee ou autre de m\u00eame taille. Ce pr\u00e9sentoir \u00e0 cupcakes les mettra en valeur.\" \/>\n<meta property=\"og:url\" content=\"https:\/\/www.sunnyshop211.com\/en\/product\/presentoir-cupcake-miniature-1-4-diorama-bjd-msd-minifee-2\/\" \/>\n<meta property=\"og:site_name\" content=\"Sunnyshop211 -Vente de dioramas, meubles, miniatures , bjd poup\u00e9es 1\/12 1\/8 1\/6 1\/4 1\/3\" \/>\n<meta property=\"article:publisher\" content=\"https:\/\/www.facebook.com\/sunnyshop211\/?ref=bookmarks\" \/>\n<meta property=\"article:modified_time\" content=\"2026-01-03T17:23:29+00:00\" \/>\n<meta property=\"og:image\" content=\"https:\/\/www.sunnyshop211.com\/wp-content\/uploads\/2023\/01\/stvalentin328829-scaled.jpg\" \/>\n\t<meta property=\"og:image:width\" content=\"1707\" \/>\n\t<meta property=\"og:image:height\" content=\"2560\" \/>\n\t<meta property=\"og:image:type\" content=\"image\/jpeg\" \/>\n<meta name=\"twitter:card\" content=\"summary_large_image\" \/>\n<meta name=\"twitter:site\" content=\"@sunnyshop211\" \/>\n<meta name=\"twitter:label1\" content=\"Est. reading time\" \/>\n\t<meta name=\"twitter:data1\" content=\"2 minutes\" \/>\n<script type=\"application\/ld+json\" class=\"yoast-schema-graph\">{\"@context\":\"https:\\\/\\\/schema.org\",\"@graph\":[{\"@type\":\"WebPage\",\"@id\":\"https:\\\/\\\/www.sunnyshop211.com\\\/produit\\\/presentoir-cupcake-miniature-1-4-diorama-bjd-msd-minifee-2\\\/\",\"url\":\"https:\\\/\\\/www.sunnyshop211.com\\\/produit\\\/presentoir-cupcake-miniature-1-4-diorama-bjd-msd-minifee-2\\\/\",\"name\":\"Pr\u00e9sentoir cupcake miniature 1\\\/4 diorama bjd MSD, minifee -\",\"isPartOf\":{\"@id\":\"https:\\\/\\\/www.sunnyshop211.com\\\/#website\"},\"primaryImageOfPage\":{\"@id\":\"https:\\\/\\\/www.sunnyshop211.com\\\/produit\\\/presentoir-cupcake-miniature-1-4-diorama-bjd-msd-minifee-2\\\/#primaryimage\"},\"image\":{\"@id\":\"https:\\\/\\\/www.sunnyshop211.com\\\/produit\\\/presentoir-cupcake-miniature-1-4-diorama-bjd-msd-minifee-2\\\/#primaryimage\"},\"thumbnailUrl\":\"https:\\\/\\\/www.sunnyshop211.com\\\/wp-content\\\/uploads\\\/2023\\\/01\\\/stvalentin328829-scaled.jpg\",\"datePublished\":\"2023-01-05T14:51:00+00:00\",\"dateModified\":\"2026-01-03T17:23:29+00:00\",\"description\":\"Pr\u00e9sentoir cupcake miniature 1\\\/4 diorama bjd MSD, minifee ou autre de m\u00eame taille. Ce pr\u00e9sentoir \u00e0 cupcakes les mettra en valeur.\",\"breadcrumb\":{\"@id\":\"https:\\\/\\\/www.sunnyshop211.com\\\/produit\\\/presentoir-cupcake-miniature-1-4-diorama-bjd-msd-minifee-2\\\/#breadcrumb\"},\"inLanguage\":\"en-US\",\"potentialAction\":[{\"@type\":\"ReadAction\",\"target\":[\"https:\\\/\\\/www.sunnyshop211.com\\\/produit\\\/presentoir-cupcake-miniature-1-4-diorama-bjd-msd-minifee-2\\\/\"]}]},{\"@type\":\"ImageObject\",\"inLanguage\":\"en-US\",\"@id\":\"https:\\\/\\\/www.sunnyshop211.com\\\/produit\\\/presentoir-cupcake-miniature-1-4-diorama-bjd-msd-minifee-2\\\/#primaryimage\",\"url\":\"https:\\\/\\\/www.sunnyshop211.com\\\/wp-content\\\/uploads\\\/2023\\\/01\\\/stvalentin328829-scaled.jpg\",\"contentUrl\":\"https:\\\/\\\/www.sunnyshop211.com\\\/wp-content\\\/uploads\\\/2023\\\/01\\\/stvalentin328829-scaled.jpg\",\"width\":1707,\"height\":2560,\"caption\":\"Pr\u00e9sentoir cupcake miniature 1\\\/4\"},{\"@type\":\"BreadcrumbList\",\"@id\":\"https:\\\/\\\/www.sunnyshop211.com\\\/produit\\\/presentoir-cupcake-miniature-1-4-diorama-bjd-msd-minifee-2\\\/#breadcrumb\",\"itemListElement\":[{\"@type\":\"ListItem\",\"position\":1,\"name\":\"Accueil\",\"item\":\"https:\\\/\\\/www.sunnyshop211.com\\\/\"},{\"@type\":\"ListItem\",\"position\":2,\"name\":\"Boutique\",\"item\":\"https:\\\/\\\/www.sunnyshop211.com\\\/boutique-miniature-bjd-dolls\\\/\"},{\"@type\":\"ListItem\",\"position\":3,\"name\":\"Pr\u00e9sentoir cupcake miniature 1\\\/4 diorama bjd MSD, minifee\"}]},{\"@type\":\"WebSite\",\"@id\":\"https:\\\/\\\/www.sunnyshop211.com\\\/#website\",\"url\":\"https:\\\/\\\/www.sunnyshop211.com\\\/\",\"name\":\"Vente de dioramas, meubles, miniatures , bjd poup\u00e9es 1\\\/12 1\\\/8 1\\\/6 1\\\/4 1\\\/3\",\"description\":\"Sunnyshop211 - Votre univers miniature pour poup\u00e9es et BJD, dioramas et meubles sur mesure !\",\"publisher\":{\"@id\":\"https:\\\/\\\/www.sunnyshop211.com\\\/#organization\"},\"alternateName\":\"sunnyshop211\",\"potentialAction\":[{\"@type\":\"SearchAction\",\"target\":{\"@type\":\"EntryPoint\",\"urlTemplate\":\"https:\\\/\\\/www.sunnyshop211.com\\\/?s={search_term_string}\"},\"query-input\":{\"@type\":\"PropertyValueSpecification\",\"valueRequired\":true,\"valueName\":\"search_term_string\"}}],\"inLanguage\":\"en-US\"},{\"@type\":\"Organization\",\"@id\":\"https:\\\/\\\/www.sunnyshop211.com\\\/#organization\",\"name\":\"sunnyshop211\",\"alternateName\":\"sunnyshop211 diorama bjd meuble miniature\",\"url\":\"https:\\\/\\\/www.sunnyshop211.com\\\/\",\"logo\":{\"@type\":\"ImageObject\",\"inLanguage\":\"en-US\",\"@id\":\"https:\\\/\\\/www.sunnyshop211.com\\\/#\\\/schema\\\/logo\\\/image\\\/\",\"url\":\"https:\\\/\\\/www.sunnyshop211.com\\\/wp-content\\\/uploads\\\/2022\\\/08\\\/cropped-cropped-cropped-Sunnyshop211-1.png\",\"contentUrl\":\"https:\\\/\\\/www.sunnyshop211.com\\\/wp-content\\\/uploads\\\/2022\\\/08\\\/cropped-cropped-cropped-Sunnyshop211-1.png\",\"width\":339,\"height\":339,\"caption\":\"sunnyshop211\"},\"image\":{\"@id\":\"https:\\\/\\\/www.sunnyshop211.com\\\/#\\\/schema\\\/logo\\\/image\\\/\"},\"sameAs\":[\"https:\\\/\\\/www.facebook.com\\\/sunnyshop211\\\/?ref=bookmarks\",\"https:\\\/\\\/x.com\\\/sunnyshop211\",\"https:\\\/\\\/www.instagram.com\\\/sunnyshop211\\\/\",\"https:\\\/\\\/www.tumblr.com\\\/blog\\\/sunnyshop211\",\"https:\\\/\\\/www.youtube.com\\\/channel\\\/UCtYY18OGGDKrTSzgcf7fCBg\",\"https:\\\/\\\/www.tiktok.com\\\/@sunnydollshop211?is_from_webapp=1&sender_device=pc\"]}]}<\/script>\n<!-- \/ Yoast SEO plugin. -->","yoast_head_json":{"title":"Miniature cupcake display 1\/4 diorama bjd MSD, minifee -","description":"Miniature cupcake display 1\/4 diorama bjd MSD, minifee or other of the same size. This cupcake display will show them off to their best advantage.","robots":{"index":"index","follow":"follow","max-snippet":"max-snippet:-1","max-image-preview":"max-image-preview:large","max-video-preview":"max-video-preview:-1"},"canonical":"https:\/\/www.sunnyshop211.com\/en\/product\/presentoir-cupcake-miniature-1-4-diorama-bjd-msd-minifee-2\/","og_locale":"en_US","og_type":"article","og_title":"Pr\u00e9sentoir cupcake miniature 1\/4 diorama bjd MSD, minifee -","og_description":"Pr\u00e9sentoir cupcake miniature 1\/4 diorama bjd MSD, minifee ou autre de m\u00eame taille. Ce pr\u00e9sentoir \u00e0 cupcakes les mettra en valeur.","og_url":"https:\/\/www.sunnyshop211.com\/en\/product\/presentoir-cupcake-miniature-1-4-diorama-bjd-msd-minifee-2\/","og_site_name":"Sunnyshop211 -Vente de dioramas, meubles, miniatures , bjd poup\u00e9es 1\/12 1\/8 1\/6 1\/4 1\/3","article_publisher":"https:\/\/www.facebook.com\/sunnyshop211\/?ref=bookmarks","article_modified_time":"2026-01-03T17:23:29+00:00","og_image":[{"width":1707,"height":2560,"url":"https:\/\/www.sunnyshop211.com\/wp-content\/uploads\/2023\/01\/stvalentin328829-scaled.jpg","type":"image\/jpeg"}],"twitter_card":"summary_large_image","twitter_site":"@sunnyshop211","twitter_misc":{"Est. reading time":"2 minutes"},"schema":{"@context":"https:\/\/schema.org","@graph":[{"@type":"WebPage","@id":"https:\/\/www.sunnyshop211.com\/produit\/presentoir-cupcake-miniature-1-4-diorama-bjd-msd-minifee-2\/","url":"https:\/\/www.sunnyshop211.com\/produit\/presentoir-cupcake-miniature-1-4-diorama-bjd-msd-minifee-2\/","name":"Miniature cupcake display 1\/4 diorama bjd MSD, minifee -","isPartOf":{"@id":"https:\/\/www.sunnyshop211.com\/#website"},"primaryImageOfPage":{"@id":"https:\/\/www.sunnyshop211.com\/produit\/presentoir-cupcake-miniature-1-4-diorama-bjd-msd-minifee-2\/#primaryimage"},"image":{"@id":"https:\/\/www.sunnyshop211.com\/produit\/presentoir-cupcake-miniature-1-4-diorama-bjd-msd-minifee-2\/#primaryimage"},"thumbnailUrl":"https:\/\/www.sunnyshop211.com\/wp-content\/uploads\/2023\/01\/stvalentin328829-scaled.jpg","datePublished":"2023-01-05T14:51:00+00:00","dateModified":"2026-01-03T17:23:29+00:00","description":"Miniature cupcake display 1\/4 diorama bjd MSD, minifee or other of the same size. This cupcake display will show them off to their best advantage.","breadcrumb":{"@id":"https:\/\/www.sunnyshop211.com\/produit\/presentoir-cupcake-miniature-1-4-diorama-bjd-msd-minifee-2\/#breadcrumb"},"inLanguage":"en-US","potentialAction":[{"@type":"ReadAction","target":["https:\/\/www.sunnyshop211.com\/produit\/presentoir-cupcake-miniature-1-4-diorama-bjd-msd-minifee-2\/"]}]},{"@type":"ImageObject","inLanguage":"en-US","@id":"https:\/\/www.sunnyshop211.com\/produit\/presentoir-cupcake-miniature-1-4-diorama-bjd-msd-minifee-2\/#primaryimage","url":"https:\/\/www.sunnyshop211.com\/wp-content\/uploads\/2023\/01\/stvalentin328829-scaled.jpg","contentUrl":"https:\/\/www.sunnyshop211.com\/wp-content\/uploads\/2023\/01\/stvalentin328829-scaled.jpg","width":1707,"height":2560,"caption":"Pr\u00e9sentoir cupcake miniature 1\/4"},{"@type":"BreadcrumbList","@id":"https:\/\/www.sunnyshop211.com\/produit\/presentoir-cupcake-miniature-1-4-diorama-bjd-msd-minifee-2\/#breadcrumb","itemListElement":[{"@type":"ListItem","position":1,"name":"Accueil","item":"https:\/\/www.sunnyshop211.com\/"},{"@type":"ListItem","position":2,"name":"Boutique","item":"https:\/\/www.sunnyshop211.com\/boutique-miniature-bjd-dolls\/"},{"@type":"ListItem","position":3,"name":"Pr\u00e9sentoir cupcake miniature 1\/4 diorama bjd MSD, minifee"}]},{"@type":"WebSite","@id":"https:\/\/www.sunnyshop211.com\/#website","url":"https:\/\/www.sunnyshop211.com\/","name":"Sale of dioramas, furniture, miniatures, bjd dolls 1\/12 1\/8 1\/6 1\/4 1\/3","description":"Sunnyshop211 - Your miniature world for dolls and BJDs, dioramas and custom-made furniture!","publisher":{"@id":"https:\/\/www.sunnyshop211.com\/#organization"},"alternateName":"sunnyshop211","potentialAction":[{"@type":"SearchAction","target":{"@type":"EntryPoint","urlTemplate":"https:\/\/www.sunnyshop211.com\/?s={search_term_string}"},"query-input":{"@type":"PropertyValueSpecification","valueRequired":true,"valueName":"search_term_string"}}],"inLanguage":"en-US"},{"@type":"Organization","@id":"https:\/\/www.sunnyshop211.com\/#organization","name":"sunnyshop211","alternateName":"sunnyshop211 diorama bjd meuble miniature","url":"https:\/\/www.sunnyshop211.com\/","logo":{"@type":"ImageObject","inLanguage":"en-US","@id":"https:\/\/www.sunnyshop211.com\/#\/schema\/logo\/image\/","url":"https:\/\/www.sunnyshop211.com\/wp-content\/uploads\/2022\/08\/cropped-cropped-cropped-Sunnyshop211-1.png","contentUrl":"https:\/\/www.sunnyshop211.com\/wp-content\/uploads\/2022\/08\/cropped-cropped-cropped-Sunnyshop211-1.png","width":339,"height":339,"caption":"sunnyshop211"},"image":{"@id":"https:\/\/www.sunnyshop211.com\/#\/schema\/logo\/image\/"},"sameAs":["https:\/\/www.facebook.com\/sunnyshop211\/?ref=bookmarks","https:\/\/x.com\/sunnyshop211","https:\/\/www.instagram.com\/sunnyshop211\/","https:\/\/www.tumblr.com\/blog\/sunnyshop211","https:\/\/www.youtube.com\/channel\/UCtYY18OGGDKrTSzgcf7fCBg","https:\/\/www.tiktok.com\/@sunnydollshop211?is_from_webapp=1&sender_device=pc"]}]}},"jetpack_publicize_connections":[],"jetpack_sharing_enabled":true,"_links":{"self":[{"href":"https:\/\/www.sunnyshop211.com\/en\/wp-json\/wp\/v2\/product\/30107","targetHints":{"allow":["GET"]}}],"collection":[{"href":"https:\/\/www.sunnyshop211.com\/en\/wp-json\/wp\/v2\/product"}],"about":[{"href":"https:\/\/www.sunnyshop211.com\/en\/wp-json\/wp\/v2\/types\/product"}],"replies":[{"embeddable":true,"href":"https:\/\/www.sunnyshop211.com\/en\/wp-json\/wp\/v2\/comments?post=30107"}],"version-history":[{"count":4,"href":"https:\/\/www.sunnyshop211.com\/en\/wp-json\/wp\/v2\/product\/30107\/revisions"}],"predecessor-version":[{"id":54091,"href":"https:\/\/www.sunnyshop211.com\/en\/wp-json\/wp\/v2\/product\/30107\/revisions\/54091"}],"wp:featuredmedia":[{"embeddable":true,"href":"https:\/\/www.sunnyshop211.com\/en\/wp-json\/wp\/v2\/media\/30035"}],"wp:attachment":[{"href":"https:\/\/www.sunnyshop211.com\/en\/wp-json\/wp\/v2\/media?parent=30107"}],"wp:term":[{"taxonomy":"product_brand","embeddable":true,"href":"https:\/\/www.sunnyshop211.com\/en\/wp-json\/wp\/v2\/product_brand?post=30107"},{"taxonomy":"product_cat","embeddable":true,"href":"https:\/\/www.sunnyshop211.com\/en\/wp-json\/wp\/v2\/product_cat?post=30107"},{"taxonomy":"product_tag","embeddable":true,"href":"https:\/\/www.sunnyshop211.com\/en\/wp-json\/wp\/v2\/product_tag?post=30107"}],"curies":[{"name":"wp","href":"https:\/\/api.w.org\/{rel}","templated":true}]}}