{"id":29906,"date":"2022-12-31T18:49:41","date_gmt":"2022-12-31T17:49:41","guid":{"rendered":"https:\/\/sunnyshop211.com\/?post_type=product&#038;p=29906"},"modified":"2026-01-03T18:49:02","modified_gmt":"2026-01-03T17:49:02","slug":"set-de-verre-miniature-1-4-bjd-minifee-unoa","status":"publish","type":"product","link":"https:\/\/www.sunnyshop211.com\/en\/product\/set-de-verre-miniature-1-4-bjd-minifee-unoa\/","title":{"rendered":"Miniature glass set 1\/4 bjd, minifee, unoa"},"content":{"rendered":"<div id='gallery-1' class='gallery galleryid-29906 gallery-columns-3 gallery-size-thumbnail'><figure class='gallery-item'>\n\t\t\t<div class='gallery-icon landscape'>\n\t\t\t\t<a href='https:\/\/www.sunnyshop211.com\/en\/?attachment_id=29741'><img decoding=\"async\" width=\"150\" height=\"150\" src=\"https:\/\/www.sunnyshop211.com\/wp-content\/uploads\/2022\/12\/stvalentin284529-150x150.jpg\" class=\"attachment-thumbnail size-thumbnail\" alt=\"Set verre miniature\u00a01\/4\" srcset=\"https:\/\/www.sunnyshop211.com\/wp-content\/uploads\/2022\/12\/stvalentin284529-150x150.jpg 150w, https:\/\/www.sunnyshop211.com\/wp-content\/uploads\/2022\/12\/stvalentin284529-scaled-500x500.jpg 500w, https:\/\/www.sunnyshop211.com\/wp-content\/uploads\/2022\/12\/stvalentin284529-scaled-100x100.jpg 100w\" sizes=\"(max-width: 150px) 100vw, 150px\" \/><\/a>\n\t\t\t<\/div><\/figure><figure class='gallery-item'>\n\t\t\t<div class='gallery-icon landscape'>\n\t\t\t\t<a href='https:\/\/www.sunnyshop211.com\/en\/?attachment_id=29738'><img decoding=\"async\" width=\"150\" height=\"150\" src=\"https:\/\/www.sunnyshop211.com\/wp-content\/uploads\/2022\/12\/stvalentin285329-150x150.jpg\" class=\"attachment-thumbnail size-thumbnail\" alt=\"\" srcset=\"https:\/\/www.sunnyshop211.com\/wp-content\/uploads\/2022\/12\/stvalentin285329-150x150.jpg 150w, https:\/\/www.sunnyshop211.com\/wp-content\/uploads\/2022\/12\/stvalentin285329-scaled-500x500.jpg 500w, https:\/\/www.sunnyshop211.com\/wp-content\/uploads\/2022\/12\/stvalentin285329-scaled-100x100.jpg 100w\" sizes=\"(max-width: 150px) 100vw, 150px\" \/><\/a>\n\t\t\t<\/div><\/figure>\n\t\t<\/div>\n\n<h2 data-start=\"188\" data-end=\"275\"><strong data-start=\"188\" data-end=\"275\">Valentine's Day glass set - Miniature 1\/4 - Diorama - BJD - Minifee - MSD - Unoa<\/strong><\/h2>\n<p data-start=\"277\" data-end=\"297\">\u2500\u2500\u2500\u2500\u2500\u2500\u2500\u2500\u2500\u2500\u2500\u2500\u2500\u2500\u2500\u2500\u2500\u2500\u2500\u2500<\/p>\n<p data-start=\"299\" data-end=\"316\">\u2728 <strong data-start=\"301\" data-end=\"316\">Description<\/strong><\/p>\n<p data-start=\"318\" data-end=\"559\">This set of miniature glasses is specially designed to celebrate Valentine's Day with your loved ones in your dioramas and roomboxes.<br \/>\nIdeal for creating a romantic and elegant atmosphere, it adds a refined touch to your couple's settings.<\/p>\n<p data-start=\"561\" data-end=\"640\">\u2714 Fictitious element<br data-start=\"577\" data-end=\"580\" \/>\u2714 Non-functional decoration<br data-start=\"610\" data-end=\"613\" \/>\u2714 Sold as a single set<\/p>\n<p data-start=\"642\" data-end=\"662\">\u2500\u2500\u2500\u2500\u2500\u2500\u2500\u2500\u2500\u2500\u2500\u2500\u2500\u2500\u2500\u2500\u2500\u2500\u2500\u2500<\/p>\n<p data-start=\"664\" data-end=\"684\">\ud83e\uddf8 <strong data-start=\"667\" data-end=\"684\">Compatibility<\/strong><\/p>\n<p data-start=\"686\" data-end=\"728\">Suitable for dolls and miniature worlds:<\/p>\n<p data-start=\"730\" data-end=\"802\">- 1\/4: BJD, Minifee, MSD, Unoa<br data-start=\"761\" data-end=\"764\" \/>- Other dolls of equivalent size<\/p>\n<p data-start=\"804\" data-end=\"899\">Compatible with furniture and accessories sold separately in the store <strong data-start=\"882\" data-end=\"898\">sunnyshop211<\/strong>.<\/p>\n<p data-start=\"901\" data-end=\"921\">\u2500\u2500\u2500\u2500\u2500\u2500\u2500\u2500\u2500\u2500\u2500\u2500\u2500\u2500\u2500\u2500\u2500\u2500\u2500\u2500<\/p>\n<p data-start=\"923\" data-end=\"948\">\ud83e\udd42 <strong data-start=\"926\" data-end=\"948\">Set composition<\/strong><\/p>\n<p data-start=\"950\" data-end=\"967\">Set includes:<\/p>\n<p data-start=\"969\" data-end=\"1063\">- 2 miniature glasses with fictitious \u00abchampagne<br data-start=\"1016\" data-end=\"1019\" \/>- 1 gold-painted heart-shaped tray<\/p>\n<p data-start=\"1065\" data-end=\"1129\">\ud83d\udc49 The price corresponds to <strong data-start=\"1089\" data-end=\"1128\">a complete set of miniature glasses<\/strong>.<\/p>\n<p data-start=\"1131\" data-end=\"1151\">\u2500\u2500\u2500\u2500\u2500\u2500\u2500\u2500\u2500\u2500\u2500\u2500\u2500\u2500\u2500\u2500\u2500\u2500\u2500\u2500<\/p>\n<p data-start=\"1153\" data-end=\"1187\">\ud83c\udfac <strong data-start=\"1156\" data-end=\"1187\">Use &amp; staging<\/strong><\/p>\n<p data-start=\"1189\" data-end=\"1315\">Ideal for :<br \/>\n- Valentine's scenes<br data-start=\"1228\" data-end=\"1231\" \/>- miniature romantic dinners<br data-start=\"1262\" data-end=\"1265\" \/>- couple dioramas<br data-start=\"1285\" data-end=\"1288\" \/>- miniature table decorations<\/p>\n<p data-start=\"1317\" data-end=\"1442\">The photophores, candles and other accessories featured in some of the scenes are sold separately in the store.<\/p>\n<p data-start=\"1444\" data-end=\"1464\">\u2500\u2500\u2500\u2500\u2500\u2500\u2500\u2500\u2500\u2500\u2500\u2500\u2500\u2500\u2500\u2500\u2500\u2500\u2500\u2500<\/p>\n<h3 data-start=\"1466\" data-end=\"1496\">\ud83d\udd90\ufe0f <strong data-start=\"1470\" data-end=\"1496\">Handcrafted products<\/strong><\/h3>\n<p data-start=\"1498\" data-end=\"1547\">Each element is handcrafted.<\/p>\n<p data-start=\"1549\" data-end=\"1699\">Because of its handmade character:<br \/>\n- slight variations in shape or color may occur<br data-start=\"1649\" data-end=\"1652\" \/>- some minor imperfections are possible<\/p>\n<p data-start=\"1701\" data-end=\"1721\">\u2500\u2500\u2500\u2500\u2500\u2500\u2500\u2500\u2500\u2500\u2500\u2500\u2500\u2500\u2500\u2500\u2500\u2500\u2500\u2500<\/p>\n<p data-start=\"1723\" data-end=\"1754\">\ud83d\udce6 <strong data-start=\"1726\" data-end=\"1754\">Important information<\/strong><\/p>\n<p data-start=\"1756\" data-end=\"2074\">- Sold as a single set (2 glasses + 1 heart tray)<br data-start=\"1806\" data-end=\"1809\" \/>- Article made to order<br data-start=\"1839\" data-end=\"1842\" \/>- Please allow for manufacturing and delivery times.<br data-start=\"1907\" data-end=\"1910\" \/>(see General Sales Conditions and delivery times)<br data-start=\"1971\" data-end=\"1974\" \/>- The photos are examples of staging<br data-start=\"2021\" data-end=\"2024\" \/>- Other decorations sold separately<\/p>\n<p data-start=\"2076\" data-end=\"2156\">More inspiration on Instagram :<br data-start=\"2111\" data-end=\"2114\" \/>\ud83d\udc49 <a class=\"decorated-link\" href=\"https:\/\/www.instagram.com\/sunnyshop211\/\" target=\"_new\" rel=\"noopener\" data-start=\"2117\" data-end=\"2156\">https:\/\/www.instagram.com\/sunnyshop211\/<\/a><\/p>\n<p data-start=\"2158\" data-end=\"2178\">\u2500\u2500\u2500\u2500\u2500\u2500\u2500\u2500\u2500\u2500\u2500\u2500\u2500\u2500\u2500\u2500\u2500\u2500\u2500\u2500<\/p>\n<p data-start=\"2180\" data-end=\"2203\">\u26a0\ufe0f <strong data-start=\"2183\" data-end=\"2203\">Terms of use<\/strong><\/p>\n<p data-start=\"2205\" data-end=\"2345\">!!!! This is not a toy, this article is intended for adults.<br data-start=\"2276\" data-end=\"2279\" \/>I am not responsible for any damage in transit.<\/p>\n<p data-start=\"2347\" data-end=\"2445\">\ud83e\udd42\u2764\ufe0f A set of miniature glasses perfect for toasting love in your Valentine's Day scenes.<\/p>","protected":false},"excerpt":{"rendered":"<p>miniature glass \/ miniature glasses<\/p>","protected":false},"featured_media":29791,"comment_status":"open","ping_status":"closed","template":"","meta":{"_crdt_document":"","jetpack_post_was_ever_published":false,"jetpack_publicize_message":"","jetpack_publicize_feature_enabled":true,"jetpack_social_post_already_shared":true,"jetpack_social_options":{"image_generator_settings":{"template":"highway","default_image_id":0,"font":"","enabled":false},"version":2}},"product_brand":[],"product_cat":[667687075],"product_tag":[667684082,667681447,667681443,667681234,667681226,667681233,667681444,667681272,667681239,667681445,667681241,667681242,667681448,667681232,667681173,667681237,667681177,667681235,667684078,667681260,667681446,667684086,667684084,667684080],"class_list":{"0":"post-29906","1":"product","2":"type-product","3":"status-publish","4":"has-post-thumbnail","6":"product_cat--nourriture-de-la-saint-valentin","7":"product_tag-blood","8":"product_tag-coca","9":"product_tag-cocktail","10":"product_tag-diorama","11":"product_tag-doll","12":"product_tag-dollhouse","13":"product_tag-drink","14":"product_tag-elowynn-wilde","15":"product_tag-fairyland","16":"product_tag-glass","17":"product_tag-iplehouse","18":"product_tag-jid","19":"product_tag-jus-d-orange","20":"product_tag-miniature","21":"product_tag-minifee","22":"product_tag-msd","23":"product_tag-poupee","24":"product_tag-roombox","25":"product_tag-sang","26":"product_tag-tonner","27":"product_tag-verre","28":"product_tag-verre-pied","29":"product_tag-vin","30":"product_tag-wine","31":"product_shipping_class-lettre-suivie","33":"first","34":"instock","35":"shipping-taxable","36":"purchasable","37":"product-type-simple"},"yoast_head":"<!-- This site is optimized with the Yoast SEO plugin v27.5 - https:\/\/yoast.com\/product\/yoast-seo-wordpress\/ -->\n<title>Set de verre miniature\u00a01\/4 bjd, minifee, unoa -<\/title>\n<meta name=\"description\" content=\"Set de verre miniature\u00a01\/4 bjd, minifee, unoa ou autres de m\u00eame tailles. Id\u00e9al pour vos dioramas et mises en sc\u00e8nes, pour la saint valentin\" \/>\n<meta name=\"robots\" content=\"index, follow, max-snippet:-1, max-image-preview:large, max-video-preview:-1\" \/>\n<link rel=\"canonical\" href=\"https:\/\/www.sunnyshop211.com\/en\/product\/set-de-verre-miniature-1-4-bjd-minifee-unoa\/\" \/>\n<meta property=\"og:locale\" content=\"en_US\" \/>\n<meta property=\"og:type\" content=\"article\" \/>\n<meta property=\"og:title\" content=\"Set de verre miniature\u00a01\/4 bjd, minifee, unoa -\" \/>\n<meta property=\"og:description\" content=\"Set de verre miniature\u00a01\/4 bjd, minifee, unoa ou autres de m\u00eame tailles. Id\u00e9al pour vos dioramas et mises en sc\u00e8nes, pour la saint valentin\" \/>\n<meta property=\"og:url\" content=\"https:\/\/www.sunnyshop211.com\/en\/product\/set-de-verre-miniature-1-4-bjd-minifee-unoa\/\" \/>\n<meta property=\"og:site_name\" content=\"Sunnyshop211 -Vente de dioramas, meubles, miniatures , bjd poup\u00e9es 1\/12 1\/8 1\/6 1\/4 1\/3\" \/>\n<meta property=\"article:publisher\" content=\"https:\/\/www.facebook.com\/sunnyshop211\/?ref=bookmarks\" \/>\n<meta property=\"article:modified_time\" content=\"2026-01-03T17:49:02+00:00\" \/>\n<meta property=\"og:image\" content=\"https:\/\/www.sunnyshop211.com\/wp-content\/uploads\/2022\/12\/st-valentin-46-scaled.jpg\" \/>\n\t<meta property=\"og:image:width\" content=\"2560\" \/>\n\t<meta property=\"og:image:height\" content=\"1707\" \/>\n\t<meta property=\"og:image:type\" content=\"image\/jpeg\" \/>\n<meta name=\"twitter:card\" content=\"summary_large_image\" \/>\n<meta name=\"twitter:site\" content=\"@sunnyshop211\" \/>\n<meta name=\"twitter:label1\" content=\"Est. reading time\" \/>\n\t<meta name=\"twitter:data1\" content=\"2 minutes\" \/>\n<script type=\"application\/ld+json\" class=\"yoast-schema-graph\">{\"@context\":\"https:\\\/\\\/schema.org\",\"@graph\":[{\"@type\":\"WebPage\",\"@id\":\"https:\\\/\\\/www.sunnyshop211.com\\\/produit\\\/set-de-verre-miniature-1-4-bjd-minifee-unoa\\\/\",\"url\":\"https:\\\/\\\/www.sunnyshop211.com\\\/produit\\\/set-de-verre-miniature-1-4-bjd-minifee-unoa\\\/\",\"name\":\"Set de verre miniature\u00a01\\\/4 bjd, minifee, unoa -\",\"isPartOf\":{\"@id\":\"https:\\\/\\\/www.sunnyshop211.com\\\/#website\"},\"primaryImageOfPage\":{\"@id\":\"https:\\\/\\\/www.sunnyshop211.com\\\/produit\\\/set-de-verre-miniature-1-4-bjd-minifee-unoa\\\/#primaryimage\"},\"image\":{\"@id\":\"https:\\\/\\\/www.sunnyshop211.com\\\/produit\\\/set-de-verre-miniature-1-4-bjd-minifee-unoa\\\/#primaryimage\"},\"thumbnailUrl\":\"https:\\\/\\\/www.sunnyshop211.com\\\/wp-content\\\/uploads\\\/2022\\\/12\\\/st-valentin-46-scaled.jpg\",\"datePublished\":\"2022-12-31T17:49:41+00:00\",\"dateModified\":\"2026-01-03T17:49:02+00:00\",\"description\":\"Set de verre miniature\u00a01\\\/4 bjd, minifee, unoa ou autres de m\u00eame tailles. Id\u00e9al pour vos dioramas et mises en sc\u00e8nes, pour la saint valentin\",\"breadcrumb\":{\"@id\":\"https:\\\/\\\/www.sunnyshop211.com\\\/produit\\\/set-de-verre-miniature-1-4-bjd-minifee-unoa\\\/#breadcrumb\"},\"inLanguage\":\"en-US\",\"potentialAction\":[{\"@type\":\"ReadAction\",\"target\":[\"https:\\\/\\\/www.sunnyshop211.com\\\/produit\\\/set-de-verre-miniature-1-4-bjd-minifee-unoa\\\/\"]}]},{\"@type\":\"ImageObject\",\"inLanguage\":\"en-US\",\"@id\":\"https:\\\/\\\/www.sunnyshop211.com\\\/produit\\\/set-de-verre-miniature-1-4-bjd-minifee-unoa\\\/#primaryimage\",\"url\":\"https:\\\/\\\/www.sunnyshop211.com\\\/wp-content\\\/uploads\\\/2022\\\/12\\\/st-valentin-46-scaled.jpg\",\"contentUrl\":\"https:\\\/\\\/www.sunnyshop211.com\\\/wp-content\\\/uploads\\\/2022\\\/12\\\/st-valentin-46-scaled.jpg\",\"width\":2560,\"height\":1707},{\"@type\":\"BreadcrumbList\",\"@id\":\"https:\\\/\\\/www.sunnyshop211.com\\\/produit\\\/set-de-verre-miniature-1-4-bjd-minifee-unoa\\\/#breadcrumb\",\"itemListElement\":[{\"@type\":\"ListItem\",\"position\":1,\"name\":\"Accueil\",\"item\":\"https:\\\/\\\/www.sunnyshop211.com\\\/\"},{\"@type\":\"ListItem\",\"position\":2,\"name\":\"Boutique\",\"item\":\"https:\\\/\\\/www.sunnyshop211.com\\\/boutique-miniature-bjd-dolls\\\/\"},{\"@type\":\"ListItem\",\"position\":3,\"name\":\"Set de verre miniature\u00a01\\\/4 bjd, minifee, unoa\"}]},{\"@type\":\"WebSite\",\"@id\":\"https:\\\/\\\/www.sunnyshop211.com\\\/#website\",\"url\":\"https:\\\/\\\/www.sunnyshop211.com\\\/\",\"name\":\"Vente de dioramas, meubles, miniatures , bjd poup\u00e9es 1\\\/12 1\\\/8 1\\\/6 1\\\/4 1\\\/3\",\"description\":\"Sunnyshop211 - Votre univers miniature pour poup\u00e9es et BJD, dioramas et meubles sur mesure !\",\"publisher\":{\"@id\":\"https:\\\/\\\/www.sunnyshop211.com\\\/#organization\"},\"alternateName\":\"sunnyshop211\",\"potentialAction\":[{\"@type\":\"SearchAction\",\"target\":{\"@type\":\"EntryPoint\",\"urlTemplate\":\"https:\\\/\\\/www.sunnyshop211.com\\\/?s={search_term_string}\"},\"query-input\":{\"@type\":\"PropertyValueSpecification\",\"valueRequired\":true,\"valueName\":\"search_term_string\"}}],\"inLanguage\":\"en-US\"},{\"@type\":\"Organization\",\"@id\":\"https:\\\/\\\/www.sunnyshop211.com\\\/#organization\",\"name\":\"sunnyshop211\",\"alternateName\":\"sunnyshop211 diorama bjd meuble miniature\",\"url\":\"https:\\\/\\\/www.sunnyshop211.com\\\/\",\"logo\":{\"@type\":\"ImageObject\",\"inLanguage\":\"en-US\",\"@id\":\"https:\\\/\\\/www.sunnyshop211.com\\\/#\\\/schema\\\/logo\\\/image\\\/\",\"url\":\"https:\\\/\\\/www.sunnyshop211.com\\\/wp-content\\\/uploads\\\/2022\\\/08\\\/cropped-cropped-cropped-Sunnyshop211-1.png\",\"contentUrl\":\"https:\\\/\\\/www.sunnyshop211.com\\\/wp-content\\\/uploads\\\/2022\\\/08\\\/cropped-cropped-cropped-Sunnyshop211-1.png\",\"width\":339,\"height\":339,\"caption\":\"sunnyshop211\"},\"image\":{\"@id\":\"https:\\\/\\\/www.sunnyshop211.com\\\/#\\\/schema\\\/logo\\\/image\\\/\"},\"sameAs\":[\"https:\\\/\\\/www.facebook.com\\\/sunnyshop211\\\/?ref=bookmarks\",\"https:\\\/\\\/x.com\\\/sunnyshop211\",\"https:\\\/\\\/www.instagram.com\\\/sunnyshop211\\\/\",\"https:\\\/\\\/www.tumblr.com\\\/blog\\\/sunnyshop211\",\"https:\\\/\\\/www.youtube.com\\\/channel\\\/UCtYY18OGGDKrTSzgcf7fCBg\",\"https:\\\/\\\/www.tiktok.com\\\/@sunnydollshop211?is_from_webapp=1&sender_device=pc\"]}]}<\/script>\n<!-- \/ Yoast SEO plugin. -->","yoast_head_json":{"title":"Miniature glass set 1\/4 bjd, minifee, unoa -","description":"Miniature glass set 1\/4 bjd, minifee, unoa or other similar sizes. Ideal for your dioramas and stagings, for Valentine's Day.","robots":{"index":"index","follow":"follow","max-snippet":"max-snippet:-1","max-image-preview":"max-image-preview:large","max-video-preview":"max-video-preview:-1"},"canonical":"https:\/\/www.sunnyshop211.com\/en\/product\/set-de-verre-miniature-1-4-bjd-minifee-unoa\/","og_locale":"en_US","og_type":"article","og_title":"Set de verre miniature\u00a01\/4 bjd, minifee, unoa -","og_description":"Set de verre miniature\u00a01\/4 bjd, minifee, unoa ou autres de m\u00eame tailles. Id\u00e9al pour vos dioramas et mises en sc\u00e8nes, pour la saint valentin","og_url":"https:\/\/www.sunnyshop211.com\/en\/product\/set-de-verre-miniature-1-4-bjd-minifee-unoa\/","og_site_name":"Sunnyshop211 -Vente de dioramas, meubles, miniatures , bjd poup\u00e9es 1\/12 1\/8 1\/6 1\/4 1\/3","article_publisher":"https:\/\/www.facebook.com\/sunnyshop211\/?ref=bookmarks","article_modified_time":"2026-01-03T17:49:02+00:00","og_image":[{"width":2560,"height":1707,"url":"https:\/\/www.sunnyshop211.com\/wp-content\/uploads\/2022\/12\/st-valentin-46-scaled.jpg","type":"image\/jpeg"}],"twitter_card":"summary_large_image","twitter_site":"@sunnyshop211","twitter_misc":{"Est. reading time":"2 minutes"},"schema":{"@context":"https:\/\/schema.org","@graph":[{"@type":"WebPage","@id":"https:\/\/www.sunnyshop211.com\/produit\/set-de-verre-miniature-1-4-bjd-minifee-unoa\/","url":"https:\/\/www.sunnyshop211.com\/produit\/set-de-verre-miniature-1-4-bjd-minifee-unoa\/","name":"Miniature glass set 1\/4 bjd, minifee, unoa -","isPartOf":{"@id":"https:\/\/www.sunnyshop211.com\/#website"},"primaryImageOfPage":{"@id":"https:\/\/www.sunnyshop211.com\/produit\/set-de-verre-miniature-1-4-bjd-minifee-unoa\/#primaryimage"},"image":{"@id":"https:\/\/www.sunnyshop211.com\/produit\/set-de-verre-miniature-1-4-bjd-minifee-unoa\/#primaryimage"},"thumbnailUrl":"https:\/\/www.sunnyshop211.com\/wp-content\/uploads\/2022\/12\/st-valentin-46-scaled.jpg","datePublished":"2022-12-31T17:49:41+00:00","dateModified":"2026-01-03T17:49:02+00:00","description":"Miniature glass set 1\/4 bjd, minifee, unoa or other similar sizes. Ideal for your dioramas and stagings, for Valentine's Day.","breadcrumb":{"@id":"https:\/\/www.sunnyshop211.com\/produit\/set-de-verre-miniature-1-4-bjd-minifee-unoa\/#breadcrumb"},"inLanguage":"en-US","potentialAction":[{"@type":"ReadAction","target":["https:\/\/www.sunnyshop211.com\/produit\/set-de-verre-miniature-1-4-bjd-minifee-unoa\/"]}]},{"@type":"ImageObject","inLanguage":"en-US","@id":"https:\/\/www.sunnyshop211.com\/produit\/set-de-verre-miniature-1-4-bjd-minifee-unoa\/#primaryimage","url":"https:\/\/www.sunnyshop211.com\/wp-content\/uploads\/2022\/12\/st-valentin-46-scaled.jpg","contentUrl":"https:\/\/www.sunnyshop211.com\/wp-content\/uploads\/2022\/12\/st-valentin-46-scaled.jpg","width":2560,"height":1707},{"@type":"BreadcrumbList","@id":"https:\/\/www.sunnyshop211.com\/produit\/set-de-verre-miniature-1-4-bjd-minifee-unoa\/#breadcrumb","itemListElement":[{"@type":"ListItem","position":1,"name":"Accueil","item":"https:\/\/www.sunnyshop211.com\/"},{"@type":"ListItem","position":2,"name":"Boutique","item":"https:\/\/www.sunnyshop211.com\/boutique-miniature-bjd-dolls\/"},{"@type":"ListItem","position":3,"name":"Set de verre miniature\u00a01\/4 bjd, minifee, unoa"}]},{"@type":"WebSite","@id":"https:\/\/www.sunnyshop211.com\/#website","url":"https:\/\/www.sunnyshop211.com\/","name":"Sale of dioramas, furniture, miniatures, bjd dolls 1\/12 1\/8 1\/6 1\/4 1\/3","description":"Sunnyshop211 - Your miniature world for dolls and BJDs, dioramas and custom-made furniture!","publisher":{"@id":"https:\/\/www.sunnyshop211.com\/#organization"},"alternateName":"sunnyshop211","potentialAction":[{"@type":"SearchAction","target":{"@type":"EntryPoint","urlTemplate":"https:\/\/www.sunnyshop211.com\/?s={search_term_string}"},"query-input":{"@type":"PropertyValueSpecification","valueRequired":true,"valueName":"search_term_string"}}],"inLanguage":"en-US"},{"@type":"Organization","@id":"https:\/\/www.sunnyshop211.com\/#organization","name":"sunnyshop211","alternateName":"sunnyshop211 diorama bjd meuble miniature","url":"https:\/\/www.sunnyshop211.com\/","logo":{"@type":"ImageObject","inLanguage":"en-US","@id":"https:\/\/www.sunnyshop211.com\/#\/schema\/logo\/image\/","url":"https:\/\/www.sunnyshop211.com\/wp-content\/uploads\/2022\/08\/cropped-cropped-cropped-Sunnyshop211-1.png","contentUrl":"https:\/\/www.sunnyshop211.com\/wp-content\/uploads\/2022\/08\/cropped-cropped-cropped-Sunnyshop211-1.png","width":339,"height":339,"caption":"sunnyshop211"},"image":{"@id":"https:\/\/www.sunnyshop211.com\/#\/schema\/logo\/image\/"},"sameAs":["https:\/\/www.facebook.com\/sunnyshop211\/?ref=bookmarks","https:\/\/x.com\/sunnyshop211","https:\/\/www.instagram.com\/sunnyshop211\/","https:\/\/www.tumblr.com\/blog\/sunnyshop211","https:\/\/www.youtube.com\/channel\/UCtYY18OGGDKrTSzgcf7fCBg","https:\/\/www.tiktok.com\/@sunnydollshop211?is_from_webapp=1&sender_device=pc"]}]}},"jetpack_publicize_connections":[],"jetpack_sharing_enabled":true,"_links":{"self":[{"href":"https:\/\/www.sunnyshop211.com\/en\/wp-json\/wp\/v2\/product\/29906","targetHints":{"allow":["GET"]}}],"collection":[{"href":"https:\/\/www.sunnyshop211.com\/en\/wp-json\/wp\/v2\/product"}],"about":[{"href":"https:\/\/www.sunnyshop211.com\/en\/wp-json\/wp\/v2\/types\/product"}],"replies":[{"embeddable":true,"href":"https:\/\/www.sunnyshop211.com\/en\/wp-json\/wp\/v2\/comments?post=29906"}],"version-history":[{"count":7,"href":"https:\/\/www.sunnyshop211.com\/en\/wp-json\/wp\/v2\/product\/29906\/revisions"}],"predecessor-version":[{"id":54094,"href":"https:\/\/www.sunnyshop211.com\/en\/wp-json\/wp\/v2\/product\/29906\/revisions\/54094"}],"wp:featuredmedia":[{"embeddable":true,"href":"https:\/\/www.sunnyshop211.com\/en\/wp-json\/wp\/v2\/media\/29791"}],"wp:attachment":[{"href":"https:\/\/www.sunnyshop211.com\/en\/wp-json\/wp\/v2\/media?parent=29906"}],"wp:term":[{"taxonomy":"product_brand","embeddable":true,"href":"https:\/\/www.sunnyshop211.com\/en\/wp-json\/wp\/v2\/product_brand?post=29906"},{"taxonomy":"product_cat","embeddable":true,"href":"https:\/\/www.sunnyshop211.com\/en\/wp-json\/wp\/v2\/product_cat?post=29906"},{"taxonomy":"product_tag","embeddable":true,"href":"https:\/\/www.sunnyshop211.com\/en\/wp-json\/wp\/v2\/product_tag?post=29906"}],"curies":[{"name":"wp","href":"https:\/\/api.w.org\/{rel}","templated":true}]}}