{"id":28995,"date":"2022-11-25T17:58:05","date_gmt":"2022-11-25T16:58:05","guid":{"rendered":"https:\/\/sunnyshop211.com\/?post_type=product&#038;p=28995"},"modified":"2023-04-18T18:00:10","modified_gmt":"2023-04-18T17:00:10","slug":"poubelle-miniature-1-6-hot-toys-sideshow-phicen-ou-autres","status":"publish","type":"product","link":"https:\/\/www.sunnyshop211.com\/en\/product\/poubelle-miniature-1-6-hot-toys-sideshow-phicen-ou-autres\/","title":{"rendered":"Miniature trash can 1\/6 hot toys, sideshow, phicen or others"},"content":{"rendered":"<div id='gallery-1' class='gallery galleryid-28995 gallery-columns-3 gallery-size-thumbnail'><figure class='gallery-item'>\n\t\t\t<div class='gallery-icon landscape'>\n\t\t\t\t<a href='https:\/\/www.sunnyshop211.com\/en\/?attachment_id=28996'><img decoding=\"async\" width=\"150\" height=\"150\" src=\"https:\/\/www.sunnyshop211.com\/wp-content\/uploads\/2022\/11\/dio-1.6-custo-28-150x150.jpg\" class=\"attachment-thumbnail size-thumbnail\" alt=\"Poubelle miniature 1\/6\" srcset=\"https:\/\/www.sunnyshop211.com\/wp-content\/uploads\/2022\/11\/dio-1.6-custo-28-150x150.jpg 150w, https:\/\/www.sunnyshop211.com\/wp-content\/uploads\/2022\/11\/dio-1.6-custo-28-scaled-500x500.jpg 500w, https:\/\/www.sunnyshop211.com\/wp-content\/uploads\/2022\/11\/dio-1.6-custo-28-scaled-100x100.jpg 100w\" sizes=\"(max-width: 150px) 100vw, 150px\" \/><\/a>\n\t\t\t<\/div><\/figure><figure class='gallery-item'>\n\t\t\t<div class='gallery-icon landscape'>\n\t\t\t\t<a href='https:\/\/www.sunnyshop211.com\/en\/?attachment_id=28994'><img decoding=\"async\" width=\"150\" height=\"150\" src=\"https:\/\/www.sunnyshop211.com\/wp-content\/uploads\/2022\/11\/dio-1.6-custo-27-150x150.jpg\" class=\"attachment-thumbnail size-thumbnail\" alt=\"diorama roombox 1\/6\" srcset=\"https:\/\/www.sunnyshop211.com\/wp-content\/uploads\/2022\/11\/dio-1.6-custo-27-150x150.jpg 150w, https:\/\/www.sunnyshop211.com\/wp-content\/uploads\/2022\/11\/dio-1.6-custo-27-scaled-500x500.jpg 500w, https:\/\/www.sunnyshop211.com\/wp-content\/uploads\/2022\/11\/dio-1.6-custo-27-scaled-100x100.jpg 100w\" sizes=\"(max-width: 150px) 100vw, 150px\" \/><\/a>\n\t\t\t<\/div><\/figure><figure class='gallery-item'>\n\t\t\t<div class='gallery-icon landscape'>\n\t\t\t\t<a href='https:\/\/www.sunnyshop211.com\/en\/?attachment_id=28997'><img decoding=\"async\" width=\"150\" height=\"150\" src=\"https:\/\/www.sunnyshop211.com\/wp-content\/uploads\/2022\/11\/dio-1.6-custo-29-150x150.jpg\" class=\"attachment-thumbnail size-thumbnail\" alt=\"Journaux miniature 1\/6\" srcset=\"https:\/\/www.sunnyshop211.com\/wp-content\/uploads\/2022\/11\/dio-1.6-custo-29-150x150.jpg 150w, https:\/\/www.sunnyshop211.com\/wp-content\/uploads\/2022\/11\/dio-1.6-custo-29-500x497.jpg 500w, https:\/\/www.sunnyshop211.com\/wp-content\/uploads\/2022\/11\/dio-1.6-custo-29-scaled-100x100.jpg 100w, https:\/\/www.sunnyshop211.com\/wp-content\/uploads\/2022\/11\/dio-1.6-custo-29-1024x1018.jpg 1024w, https:\/\/www.sunnyshop211.com\/wp-content\/uploads\/2022\/11\/dio-1.6-custo-29-768x764.jpg 768w, https:\/\/www.sunnyshop211.com\/wp-content\/uploads\/2022\/11\/dio-1.6-custo-29-1536x1527.jpg 1536w, https:\/\/www.sunnyshop211.com\/wp-content\/uploads\/2022\/11\/dio-1.6-custo-29-2048x2036.jpg 2048w, https:\/\/www.sunnyshop211.com\/wp-content\/uploads\/2022\/11\/dio-1.6-custo-29-60x60.jpg 60w\" sizes=\"(max-width: 150px) 100vw, 150px\" \/><\/a>\n\t\t\t<\/div><\/figure><figure class='gallery-item'>\n\t\t\t<div class='gallery-icon portrait'>\n\t\t\t\t<a href='https:\/\/www.sunnyshop211.com\/en\/?attachment_id=28974'><img loading=\"lazy\" decoding=\"async\" width=\"150\" height=\"150\" src=\"https:\/\/www.sunnyshop211.com\/wp-content\/uploads\/2022\/11\/dio-1.6-custo-1-150x150.jpg\" class=\"attachment-thumbnail size-thumbnail\" alt=\"Poubelle miniature 1\/6\" srcset=\"https:\/\/www.sunnyshop211.com\/wp-content\/uploads\/2022\/11\/dio-1.6-custo-1-150x150.jpg 150w, https:\/\/www.sunnyshop211.com\/wp-content\/uploads\/2022\/11\/dio-1.6-custo-1-scaled-500x500.jpg 500w, https:\/\/www.sunnyshop211.com\/wp-content\/uploads\/2022\/11\/dio-1.6-custo-1-scaled-100x100.jpg 100w\" sizes=\"(max-width: 150px) 100vw, 150px\" \/><\/a>\n\t\t\t<\/div><\/figure>\n\t\t<\/div>\n\n<h3>Miniature trash can 1\/6 hot toys, sideshow, phicen or others .<\/h3>\n<p>Specially customized to fit the 1\/6 diorama\/roombox sold in my store.<\/p>\n<p>They allow you to stage your hot toys.<\/p>\n<p>This miniature 1\/6 Dustbin is customized, dirtied as shown in the photo, to customize and dress up my 1\/6 diorama\/roomboxes sold in my store.<\/p>\n<p>Dioramas sold separately.<\/p>\n<p>They measure 6 cm high.  Sold with newspapers protruding from the lid. The lid is removable.<\/p>\n<p>It is painted for a metallic look.<\/p>\n<p>Being customized, the color can vary slightly from one product to another.<\/p>\n<p>The price is for one garbage can. Other accessories are for sale in my store. Hot toys are not for sale.<\/p>\n<p>compatible with my furniture sold separately in the store. Ideal for your staging.<\/p>\n<p>The other decorations are for sale in my store.<\/p>\n<p>Because of the artisanal character.<\/p>\n<p>There may be slight changes in the shape and color of the final product and some minor imperfections.<\/p>\n<p>Made to order, please take into account the delivery time:\u00a0<a href=\"https:\/\/www.sunnyshop211.com\/en\/conditions-generales-de-ventes-et-delais-de-livraisons\/\">General conditions of sale and delivery times<\/a><\/p>\n<p>the photos are examples of decoration. For more pictures it's here :\u00a0<a href=\"https:\/\/www.instagram.com\/sunnyshop211\/\">https:\/\/www.instagram.com\/sunnyshop211\/<\/a><\/p>\n<p>!!!! This is not a toy, this article is intended for an adult audience!!!<\/p>\n<p>I am not responsible for any damage during transport<\/p>","protected":false},"excerpt":{"rendered":"<p>Poubelle miniature 1\/6 hot toys, sideshow, phicen ou autres . Sp\u00e9cialement customis\u00e9e pour d&#8217;int\u00e9gr\u00e9e au diorama\/roombox 1\/6 vendus dans ma boutique. Elles vous permettront de mettre en sc\u00e8nes vos hot toys. Cette Poubelle miniature 1\/6 est customis\u00e9e, salie comme sur la photo pour customiser et habiller mes diorama\/roombox 1\/6 vendus dans ma boutique. Dioramas vendus [&hellip;]<\/p>\n","protected":false},"featured_media":28996,"comment_status":"open","ping_status":"closed","template":"","meta":{"_crdt_document":"","jetpack_post_was_ever_published":false,"jetpack_publicize_message":"","jetpack_publicize_feature_enabled":true,"jetpack_social_post_already_shared":true,"jetpack_social_options":{"image_generator_settings":{"template":"highway","default_image_id":0,"font":"","enabled":false},"version":2}},"product_brand":[],"product_cat":[667686005],"product_tag":[667681234,667681226,667681233,667681279,667681281,667681280,667681177,667681235,667686006],"class_list":{"0":"post-28995","1":"product","2":"type-product","3":"status-publish","4":"has-post-thumbnail","6":"product_cat-custom-1-6-hot-toys","7":"product_tag-diorama","8":"product_tag-doll","9":"product_tag-dollhouse","10":"product_tag-hot-toys","11":"product_tag-meubles","12":"product_tag-phicen","13":"product_tag-poupee","14":"product_tag-roombox","15":"product_tag-sideshow","16":"product_shipping_class-colissimo-5","17":"pa_couleur-custom","18":"pa_couleur-non-peint","20":"first","21":"instock","22":"taxable","23":"shipping-taxable","24":"purchasable","25":"product-type-simple"},"yoast_head":"<!-- This site is optimized with the Yoast SEO plugin v27.4 - https:\/\/yoast.com\/product\/yoast-seo-wordpress\/ -->\n<title>Poubelle miniature 1\/6 hot toys, sideshow, phicen ou autres -<\/title>\n<meta name=\"description\" content=\"Poubelle miniature 1\/6 hot toys, sideshow, phicen . Elles sont sp\u00e9cialement customis\u00e9e pour d&#039;int\u00e9gr\u00e9e au diorama\/roombox 1\/6 vendus dans ma boutique.\" \/>\n<meta name=\"robots\" content=\"index, follow, max-snippet:-1, max-image-preview:large, max-video-preview:-1\" \/>\n<link rel=\"canonical\" href=\"https:\/\/www.sunnyshop211.com\/en\/product\/poubelle-miniature-1-6-hot-toys-sideshow-phicen-ou-autres\/\" \/>\n<meta property=\"og:locale\" content=\"en_US\" \/>\n<meta property=\"og:type\" content=\"article\" \/>\n<meta property=\"og:title\" content=\"Poubelle miniature 1\/6 hot toys, sideshow, phicen ou autres -\" \/>\n<meta property=\"og:description\" content=\"Poubelle miniature 1\/6 hot toys, sideshow, phicen . Elles sont sp\u00e9cialement customis\u00e9e pour d&#039;int\u00e9gr\u00e9e au diorama\/roombox 1\/6 vendus dans ma boutique.\" \/>\n<meta property=\"og:url\" content=\"https:\/\/www.sunnyshop211.com\/en\/product\/poubelle-miniature-1-6-hot-toys-sideshow-phicen-ou-autres\/\" \/>\n<meta property=\"og:site_name\" content=\"Sunnyshop211 -Vente de dioramas, meubles, miniatures , bjd poup\u00e9es 1\/12 1\/8 1\/6 1\/4 1\/3\" \/>\n<meta property=\"article:publisher\" content=\"https:\/\/www.facebook.com\/sunnyshop211\/?ref=bookmarks\" \/>\n<meta property=\"article:modified_time\" content=\"2023-04-18T17:00:10+00:00\" \/>\n<meta property=\"og:image\" content=\"https:\/\/www.sunnyshop211.com\/wp-content\/uploads\/2022\/11\/dio-1.6-custo-28-scaled.jpg\" \/>\n\t<meta property=\"og:image:width\" content=\"2560\" \/>\n\t<meta property=\"og:image:height\" content=\"1707\" \/>\n\t<meta property=\"og:image:type\" content=\"image\/jpeg\" \/>\n<meta name=\"twitter:card\" content=\"summary_large_image\" \/>\n<meta name=\"twitter:site\" content=\"@sunnyshop211\" \/>\n<meta name=\"twitter:label1\" content=\"Est. reading time\" \/>\n\t<meta name=\"twitter:data1\" content=\"2 minutes\" \/>\n<script type=\"application\/ld+json\" class=\"yoast-schema-graph\">{\"@context\":\"https:\\\/\\\/schema.org\",\"@graph\":[{\"@type\":\"WebPage\",\"@id\":\"https:\\\/\\\/www.sunnyshop211.com\\\/produit\\\/poubelle-miniature-1-6-hot-toys-sideshow-phicen-ou-autres\\\/\",\"url\":\"https:\\\/\\\/www.sunnyshop211.com\\\/produit\\\/poubelle-miniature-1-6-hot-toys-sideshow-phicen-ou-autres\\\/\",\"name\":\"Poubelle miniature 1\\\/6 hot toys, sideshow, phicen ou autres -\",\"isPartOf\":{\"@id\":\"https:\\\/\\\/www.sunnyshop211.com\\\/#website\"},\"primaryImageOfPage\":{\"@id\":\"https:\\\/\\\/www.sunnyshop211.com\\\/produit\\\/poubelle-miniature-1-6-hot-toys-sideshow-phicen-ou-autres\\\/#primaryimage\"},\"image\":{\"@id\":\"https:\\\/\\\/www.sunnyshop211.com\\\/produit\\\/poubelle-miniature-1-6-hot-toys-sideshow-phicen-ou-autres\\\/#primaryimage\"},\"thumbnailUrl\":\"https:\\\/\\\/www.sunnyshop211.com\\\/wp-content\\\/uploads\\\/2022\\\/11\\\/dio-1.6-custo-28-scaled.jpg\",\"datePublished\":\"2022-11-25T16:58:05+00:00\",\"dateModified\":\"2023-04-18T17:00:10+00:00\",\"description\":\"Poubelle miniature 1\\\/6 hot toys, sideshow, phicen . Elles sont sp\u00e9cialement customis\u00e9e pour d'int\u00e9gr\u00e9e au diorama\\\/roombox 1\\\/6 vendus dans ma boutique.\",\"breadcrumb\":{\"@id\":\"https:\\\/\\\/www.sunnyshop211.com\\\/produit\\\/poubelle-miniature-1-6-hot-toys-sideshow-phicen-ou-autres\\\/#breadcrumb\"},\"inLanguage\":\"en-US\",\"potentialAction\":[{\"@type\":\"ReadAction\",\"target\":[\"https:\\\/\\\/www.sunnyshop211.com\\\/produit\\\/poubelle-miniature-1-6-hot-toys-sideshow-phicen-ou-autres\\\/\"]}]},{\"@type\":\"ImageObject\",\"inLanguage\":\"en-US\",\"@id\":\"https:\\\/\\\/www.sunnyshop211.com\\\/produit\\\/poubelle-miniature-1-6-hot-toys-sideshow-phicen-ou-autres\\\/#primaryimage\",\"url\":\"https:\\\/\\\/www.sunnyshop211.com\\\/wp-content\\\/uploads\\\/2022\\\/11\\\/dio-1.6-custo-28-scaled.jpg\",\"contentUrl\":\"https:\\\/\\\/www.sunnyshop211.com\\\/wp-content\\\/uploads\\\/2022\\\/11\\\/dio-1.6-custo-28-scaled.jpg\",\"width\":2560,\"height\":1707,\"caption\":\"Poubelle miniature 1\\\/6\"},{\"@type\":\"BreadcrumbList\",\"@id\":\"https:\\\/\\\/www.sunnyshop211.com\\\/produit\\\/poubelle-miniature-1-6-hot-toys-sideshow-phicen-ou-autres\\\/#breadcrumb\",\"itemListElement\":[{\"@type\":\"ListItem\",\"position\":1,\"name\":\"Accueil\",\"item\":\"https:\\\/\\\/www.sunnyshop211.com\\\/\"},{\"@type\":\"ListItem\",\"position\":2,\"name\":\"Boutique\",\"item\":\"https:\\\/\\\/www.sunnyshop211.com\\\/boutique-miniature-bjd-dolls\\\/\"},{\"@type\":\"ListItem\",\"position\":3,\"name\":\"Poubelle miniature 1\\\/6 hot toys, sideshow, phicen ou autres\"}]},{\"@type\":\"WebSite\",\"@id\":\"https:\\\/\\\/www.sunnyshop211.com\\\/#website\",\"url\":\"https:\\\/\\\/www.sunnyshop211.com\\\/\",\"name\":\"Vente de dioramas, meubles, miniatures , bjd poup\u00e9es 1\\\/12 1\\\/8 1\\\/6 1\\\/4 1\\\/3\",\"description\":\"Sunnyshop211 - Votre univers miniature pour poup\u00e9es et BJD, dioramas et meubles sur mesure !\",\"publisher\":{\"@id\":\"https:\\\/\\\/www.sunnyshop211.com\\\/#organization\"},\"alternateName\":\"sunnyshop211\",\"potentialAction\":[{\"@type\":\"SearchAction\",\"target\":{\"@type\":\"EntryPoint\",\"urlTemplate\":\"https:\\\/\\\/www.sunnyshop211.com\\\/?s={search_term_string}\"},\"query-input\":{\"@type\":\"PropertyValueSpecification\",\"valueRequired\":true,\"valueName\":\"search_term_string\"}}],\"inLanguage\":\"en-US\"},{\"@type\":\"Organization\",\"@id\":\"https:\\\/\\\/www.sunnyshop211.com\\\/#organization\",\"name\":\"sunnyshop211\",\"alternateName\":\"sunnyshop211 diorama bjd meuble miniature\",\"url\":\"https:\\\/\\\/www.sunnyshop211.com\\\/\",\"logo\":{\"@type\":\"ImageObject\",\"inLanguage\":\"en-US\",\"@id\":\"https:\\\/\\\/www.sunnyshop211.com\\\/#\\\/schema\\\/logo\\\/image\\\/\",\"url\":\"https:\\\/\\\/www.sunnyshop211.com\\\/wp-content\\\/uploads\\\/2022\\\/08\\\/cropped-cropped-cropped-Sunnyshop211-1.png\",\"contentUrl\":\"https:\\\/\\\/www.sunnyshop211.com\\\/wp-content\\\/uploads\\\/2022\\\/08\\\/cropped-cropped-cropped-Sunnyshop211-1.png\",\"width\":339,\"height\":339,\"caption\":\"sunnyshop211\"},\"image\":{\"@id\":\"https:\\\/\\\/www.sunnyshop211.com\\\/#\\\/schema\\\/logo\\\/image\\\/\"},\"sameAs\":[\"https:\\\/\\\/www.facebook.com\\\/sunnyshop211\\\/?ref=bookmarks\",\"https:\\\/\\\/x.com\\\/sunnyshop211\",\"https:\\\/\\\/www.instagram.com\\\/sunnyshop211\\\/\",\"https:\\\/\\\/www.tumblr.com\\\/blog\\\/sunnyshop211\",\"https:\\\/\\\/www.youtube.com\\\/channel\\\/UCtYY18OGGDKrTSzgcf7fCBg\",\"https:\\\/\\\/www.tiktok.com\\\/@sunnydollshop211?is_from_webapp=1&sender_device=pc\"]}]}<\/script>\n<!-- \/ Yoast SEO plugin. -->","yoast_head_json":{"title":"Miniature trash can 1\/6 hot toys, sideshow, phicen or other -","description":"Miniature dustbin 1\/6 hot toys, sideshow, phicen . They are specially customized to fit the 1\/6 diorama\/roombox sold in my store.","robots":{"index":"index","follow":"follow","max-snippet":"max-snippet:-1","max-image-preview":"max-image-preview:large","max-video-preview":"max-video-preview:-1"},"canonical":"https:\/\/www.sunnyshop211.com\/en\/product\/poubelle-miniature-1-6-hot-toys-sideshow-phicen-ou-autres\/","og_locale":"en_US","og_type":"article","og_title":"Poubelle miniature 1\/6 hot toys, sideshow, phicen ou autres -","og_description":"Poubelle miniature 1\/6 hot toys, sideshow, phicen . Elles sont sp\u00e9cialement customis\u00e9e pour d'int\u00e9gr\u00e9e au diorama\/roombox 1\/6 vendus dans ma boutique.","og_url":"https:\/\/www.sunnyshop211.com\/en\/product\/poubelle-miniature-1-6-hot-toys-sideshow-phicen-ou-autres\/","og_site_name":"Sunnyshop211 -Vente de dioramas, meubles, miniatures , bjd poup\u00e9es 1\/12 1\/8 1\/6 1\/4 1\/3","article_publisher":"https:\/\/www.facebook.com\/sunnyshop211\/?ref=bookmarks","article_modified_time":"2023-04-18T17:00:10+00:00","og_image":[{"width":2560,"height":1707,"url":"https:\/\/www.sunnyshop211.com\/wp-content\/uploads\/2022\/11\/dio-1.6-custo-28-scaled.jpg","type":"image\/jpeg"}],"twitter_card":"summary_large_image","twitter_site":"@sunnyshop211","twitter_misc":{"Est. reading time":"2 minutes"},"schema":{"@context":"https:\/\/schema.org","@graph":[{"@type":"WebPage","@id":"https:\/\/www.sunnyshop211.com\/produit\/poubelle-miniature-1-6-hot-toys-sideshow-phicen-ou-autres\/","url":"https:\/\/www.sunnyshop211.com\/produit\/poubelle-miniature-1-6-hot-toys-sideshow-phicen-ou-autres\/","name":"Miniature trash can 1\/6 hot toys, sideshow, phicen or other -","isPartOf":{"@id":"https:\/\/www.sunnyshop211.com\/#website"},"primaryImageOfPage":{"@id":"https:\/\/www.sunnyshop211.com\/produit\/poubelle-miniature-1-6-hot-toys-sideshow-phicen-ou-autres\/#primaryimage"},"image":{"@id":"https:\/\/www.sunnyshop211.com\/produit\/poubelle-miniature-1-6-hot-toys-sideshow-phicen-ou-autres\/#primaryimage"},"thumbnailUrl":"https:\/\/www.sunnyshop211.com\/wp-content\/uploads\/2022\/11\/dio-1.6-custo-28-scaled.jpg","datePublished":"2022-11-25T16:58:05+00:00","dateModified":"2023-04-18T17:00:10+00:00","description":"Miniature dustbin 1\/6 hot toys, sideshow, phicen . They are specially customized to fit the 1\/6 diorama\/roombox sold in my store.","breadcrumb":{"@id":"https:\/\/www.sunnyshop211.com\/produit\/poubelle-miniature-1-6-hot-toys-sideshow-phicen-ou-autres\/#breadcrumb"},"inLanguage":"en-US","potentialAction":[{"@type":"ReadAction","target":["https:\/\/www.sunnyshop211.com\/produit\/poubelle-miniature-1-6-hot-toys-sideshow-phicen-ou-autres\/"]}]},{"@type":"ImageObject","inLanguage":"en-US","@id":"https:\/\/www.sunnyshop211.com\/produit\/poubelle-miniature-1-6-hot-toys-sideshow-phicen-ou-autres\/#primaryimage","url":"https:\/\/www.sunnyshop211.com\/wp-content\/uploads\/2022\/11\/dio-1.6-custo-28-scaled.jpg","contentUrl":"https:\/\/www.sunnyshop211.com\/wp-content\/uploads\/2022\/11\/dio-1.6-custo-28-scaled.jpg","width":2560,"height":1707,"caption":"Poubelle miniature 1\/6"},{"@type":"BreadcrumbList","@id":"https:\/\/www.sunnyshop211.com\/produit\/poubelle-miniature-1-6-hot-toys-sideshow-phicen-ou-autres\/#breadcrumb","itemListElement":[{"@type":"ListItem","position":1,"name":"Accueil","item":"https:\/\/www.sunnyshop211.com\/"},{"@type":"ListItem","position":2,"name":"Boutique","item":"https:\/\/www.sunnyshop211.com\/boutique-miniature-bjd-dolls\/"},{"@type":"ListItem","position":3,"name":"Poubelle miniature 1\/6 hot toys, sideshow, phicen ou autres"}]},{"@type":"WebSite","@id":"https:\/\/www.sunnyshop211.com\/#website","url":"https:\/\/www.sunnyshop211.com\/","name":"Sale of dioramas, furniture, miniatures, bjd dolls 1\/12 1\/8 1\/6 1\/4 1\/3","description":"Sunnyshop211 - Your miniature world for dolls and BJDs, dioramas and custom-made furniture!","publisher":{"@id":"https:\/\/www.sunnyshop211.com\/#organization"},"alternateName":"sunnyshop211","potentialAction":[{"@type":"SearchAction","target":{"@type":"EntryPoint","urlTemplate":"https:\/\/www.sunnyshop211.com\/?s={search_term_string}"},"query-input":{"@type":"PropertyValueSpecification","valueRequired":true,"valueName":"search_term_string"}}],"inLanguage":"en-US"},{"@type":"Organization","@id":"https:\/\/www.sunnyshop211.com\/#organization","name":"sunnyshop211","alternateName":"sunnyshop211 diorama bjd meuble miniature","url":"https:\/\/www.sunnyshop211.com\/","logo":{"@type":"ImageObject","inLanguage":"en-US","@id":"https:\/\/www.sunnyshop211.com\/#\/schema\/logo\/image\/","url":"https:\/\/www.sunnyshop211.com\/wp-content\/uploads\/2022\/08\/cropped-cropped-cropped-Sunnyshop211-1.png","contentUrl":"https:\/\/www.sunnyshop211.com\/wp-content\/uploads\/2022\/08\/cropped-cropped-cropped-Sunnyshop211-1.png","width":339,"height":339,"caption":"sunnyshop211"},"image":{"@id":"https:\/\/www.sunnyshop211.com\/#\/schema\/logo\/image\/"},"sameAs":["https:\/\/www.facebook.com\/sunnyshop211\/?ref=bookmarks","https:\/\/x.com\/sunnyshop211","https:\/\/www.instagram.com\/sunnyshop211\/","https:\/\/www.tumblr.com\/blog\/sunnyshop211","https:\/\/www.youtube.com\/channel\/UCtYY18OGGDKrTSzgcf7fCBg","https:\/\/www.tiktok.com\/@sunnydollshop211?is_from_webapp=1&sender_device=pc"]}]}},"jetpack_publicize_connections":[],"jetpack_sharing_enabled":true,"_links":{"self":[{"href":"https:\/\/www.sunnyshop211.com\/en\/wp-json\/wp\/v2\/product\/28995","targetHints":{"allow":["GET"]}}],"collection":[{"href":"https:\/\/www.sunnyshop211.com\/en\/wp-json\/wp\/v2\/product"}],"about":[{"href":"https:\/\/www.sunnyshop211.com\/en\/wp-json\/wp\/v2\/types\/product"}],"replies":[{"embeddable":true,"href":"https:\/\/www.sunnyshop211.com\/en\/wp-json\/wp\/v2\/comments?post=28995"}],"version-history":[{"count":4,"href":"https:\/\/www.sunnyshop211.com\/en\/wp-json\/wp\/v2\/product\/28995\/revisions"}],"predecessor-version":[{"id":32972,"href":"https:\/\/www.sunnyshop211.com\/en\/wp-json\/wp\/v2\/product\/28995\/revisions\/32972"}],"wp:featuredmedia":[{"embeddable":true,"href":"https:\/\/www.sunnyshop211.com\/en\/wp-json\/wp\/v2\/media\/28996"}],"wp:attachment":[{"href":"https:\/\/www.sunnyshop211.com\/en\/wp-json\/wp\/v2\/media?parent=28995"}],"wp:term":[{"taxonomy":"product_brand","embeddable":true,"href":"https:\/\/www.sunnyshop211.com\/en\/wp-json\/wp\/v2\/product_brand?post=28995"},{"taxonomy":"product_cat","embeddable":true,"href":"https:\/\/www.sunnyshop211.com\/en\/wp-json\/wp\/v2\/product_cat?post=28995"},{"taxonomy":"product_tag","embeddable":true,"href":"https:\/\/www.sunnyshop211.com\/en\/wp-json\/wp\/v2\/product_tag?post=28995"}],"curies":[{"name":"wp","href":"https:\/\/api.w.org\/{rel}","templated":true}]}}