{"id":28174,"date":"2022-10-26T16:59:49","date_gmt":"2022-10-26T15:59:49","guid":{"rendered":"https:\/\/sunnyshop211.com\/?post_type=product&#038;p=28174"},"modified":"2026-02-10T14:20:47","modified_gmt":"2026-02-10T13:20:47","slug":"%f0%9f%90%80-rat-miniature-bjd-echelle-1-3-sd-feeple-smart-doll","status":"publish","type":"product","link":"https:\/\/www.sunnyshop211.com\/en\/product\/%f0%9f%90%80-rat-miniature-bjd-echelle-1-3-sd-feeple-smart-doll\/","title":{"rendered":"\ud83d\udc00 Miniature Rat BJD - Scale 1\/3 (SD - Feeple - Smart Doll)"},"content":{"rendered":"<div id='gallery-1' class='gallery galleryid-28174 gallery-columns-3 gallery-size-thumbnail'><figure class='gallery-item'>\n\t\t\t<div class='gallery-icon landscape'>\n\t\t\t\t<a href='https:\/\/www.sunnyshop211.com\/en\/?attachment_id=28178'><img decoding=\"async\" width=\"150\" height=\"150\" src=\"https:\/\/www.sunnyshop211.com\/wp-content\/uploads\/2022\/10\/new-york-97-150x150.jpg\" class=\"attachment-thumbnail size-thumbnail\" alt=\"rat 1\/3 miniature\" srcset=\"https:\/\/www.sunnyshop211.com\/wp-content\/uploads\/2022\/10\/new-york-97-150x150.jpg 150w, https:\/\/www.sunnyshop211.com\/wp-content\/uploads\/2022\/10\/new-york-97-scaled-500x500.jpg 500w, https:\/\/www.sunnyshop211.com\/wp-content\/uploads\/2022\/10\/new-york-97-scaled-100x100.jpg 100w\" sizes=\"(max-width: 150px) 100vw, 150px\" \/><\/a>\n\t\t\t<\/div><\/figure><figure class='gallery-item'>\n\t\t\t<div class='gallery-icon landscape'>\n\t\t\t\t<a href='https:\/\/www.sunnyshop211.com\/en\/?attachment_id=28179'><img decoding=\"async\" width=\"150\" height=\"150\" src=\"https:\/\/www.sunnyshop211.com\/wp-content\/uploads\/2022\/10\/new-york-98-150x150.jpg\" class=\"attachment-thumbnail size-thumbnail\" alt=\"\" srcset=\"https:\/\/www.sunnyshop211.com\/wp-content\/uploads\/2022\/10\/new-york-98-150x150.jpg 150w, https:\/\/www.sunnyshop211.com\/wp-content\/uploads\/2022\/10\/new-york-98-scaled-500x500.jpg 500w, https:\/\/www.sunnyshop211.com\/wp-content\/uploads\/2022\/10\/new-york-98-scaled-100x100.jpg 100w\" sizes=\"(max-width: 150px) 100vw, 150px\" \/><\/a>\n\t\t\t<\/div><\/figure><figure class='gallery-item'>\n\t\t\t<div class='gallery-icon landscape'>\n\t\t\t\t<a href='https:\/\/www.sunnyshop211.com\/en\/?attachment_id=28180'><img decoding=\"async\" width=\"150\" height=\"150\" src=\"https:\/\/www.sunnyshop211.com\/wp-content\/uploads\/2022\/10\/new-york-99-150x150.jpg\" class=\"attachment-thumbnail size-thumbnail\" alt=\"rat 1\/3 miniature\" srcset=\"https:\/\/www.sunnyshop211.com\/wp-content\/uploads\/2022\/10\/new-york-99-150x150.jpg 150w, https:\/\/www.sunnyshop211.com\/wp-content\/uploads\/2022\/10\/new-york-99-scaled-500x500.jpg 500w, https:\/\/www.sunnyshop211.com\/wp-content\/uploads\/2022\/10\/new-york-99-scaled-100x100.jpg 100w\" sizes=\"(max-width: 150px) 100vw, 150px\" \/><\/a>\n\t\t\t<\/div><\/figure>\n\t\t<\/div>\n\n<h2 data-start=\"174\" data-end=\"238\">\ud83d\udc00 Miniature Rat BJD - Scale 1\/3 (SD - Feeple - Smart Doll)<\/h2>\n<p data-start=\"240\" data-end=\"290\"><strong data-start=\"240\" data-end=\"290\">Cr\u00e9ation d'artiste - Realistic miniature animal<\/strong><\/p>\n<h3 data-start=\"339\" data-end=\"357\">\ud83c\udf3f Description<\/h3>\n<p data-start=\"359\" data-end=\"704\">This <strong data-start=\"362\" data-end=\"399\">1\/3 scale BJD miniature rat<\/strong> is a small, discreet and realistic companion, designed to enhance your scenes with large dolls.<br data-start=\"513\" data-end=\"516\" \/>Thanks to its accurate proportions and meticulous details, it brings a touch of life, narrative and realism to your dioramas, everyday scenes or darker, more poetic worlds.<\/p>\n<p data-start=\"706\" data-end=\"825\">It fits perfectly into scenes with dolls <strong data-start=\"754\" data-end=\"780\">SD, Feeple, Smart Doll<\/strong> or any other doll of equivalent size.<\/p>\n<hr data-start=\"827\" data-end=\"830\" \/>\n<h3 data-start=\"832\" data-end=\"857\">\ud83d\udc95 Technical details<\/h3>\n<p data-start=\"859\" data-end=\"876\">\ud83d\udccf <strong data-start=\"862\" data-end=\"876\">Dimensions<\/strong><\/p>\n<ul data-start=\"878\" data-end=\"930\">\n<li data-start=\"878\" data-end=\"930\">\n<p data-start=\"880\" data-end=\"930\">Length: approx. <strong data-start=\"896\" data-end=\"906\">5.5 cm<\/strong><br data-start=\"906\" data-end=\"909\" \/>(\u2248 <strong data-start=\"914\" data-end=\"929\">2.16 inches<\/strong>)<\/p>\n<\/li>\n<\/ul>\n<p data-start=\"932\" data-end=\"962\">\ud83d\udcd0 <strong data-start=\"935\" data-end=\"962\">Scale &amp; compatibility<\/strong><\/p>\n<ul data-start=\"964\" data-end=\"1072\">\n<li data-start=\"964\" data-end=\"981\">\n<p data-start=\"966\" data-end=\"981\">Scale <strong data-start=\"974\" data-end=\"981\">1\/3<\/strong><\/p>\n<\/li>\n<li data-start=\"982\" data-end=\"1072\">\n<p data-start=\"984\" data-end=\"1001\">Compatible with :<\/p>\n<ul data-start=\"1004\" data-end=\"1072\">\n<li data-start=\"1004\" data-end=\"1010\">\n<p data-start=\"1006\" data-end=\"1010\">SD<\/p>\n<\/li>\n<li data-start=\"1013\" data-end=\"1023\">\n<p data-start=\"1015\" data-end=\"1023\">Feeple<\/p>\n<\/li>\n<li data-start=\"1026\" data-end=\"1040\">\n<p data-start=\"1028\" data-end=\"1040\">Smart Doll<\/p>\n<\/li>\n<li data-start=\"1043\" data-end=\"1072\">\n<p data-start=\"1045\" data-end=\"1072\">Dolls of equivalent size<\/p>\n<\/li>\n<\/ul>\n<\/li>\n<\/ul>\n<hr data-start=\"1074\" data-end=\"1077\" \/>\n<h3 data-start=\"1079\" data-end=\"1106\">\ud83c\udfa8 Available versions<\/h3>\n<p data-start=\"1108\" data-end=\"1265\">\ud83d\udd8c\ufe0f <strong data-start=\"1112\" data-end=\"1131\">Hand-painted<\/strong><br data-start=\"1131\" data-end=\"1134\" \/>Fully painted version with realistic finishes.<br data-start=\"1186\" data-end=\"1189\" \/>\ud83d\udc49 For a specific color, please contact me before ordering.<\/p>\n<p data-start=\"1267\" data-end=\"1393\">\ud83c\udfa8 <strong data-start=\"1270\" data-end=\"1291\">To paint (blank)<\/strong><br data-start=\"1291\" data-end=\"1294\" \/>Raw version, ideal for collectors wishing to personalize their pet.<\/p>\n<p data-start=\"1395\" data-end=\"1431\">\ud83d\udcb0 <strong data-start=\"1398\" data-end=\"1431\">Price indicated for a single rat<\/strong><\/p>\n<hr data-start=\"1433\" data-end=\"1436\" \/>\n<h3 data-start=\"1438\" data-end=\"1466\">\u2728 Craft manufacturing<\/h3>\n<p data-start=\"1468\" data-end=\"1484\">Each rat is :<\/p>\n<ul data-start=\"1486\" data-end=\"1594\">\n<li data-start=\"1486\" data-end=\"1509\">\n<p data-start=\"1488\" data-end=\"1509\">Made in <strong data-start=\"1499\" data-end=\"1509\">resin<\/strong><\/p>\n<\/li>\n<li data-start=\"1510\" data-end=\"1551\">\n<p data-start=\"1512\" data-end=\"1551\">Entirely <strong data-start=\"1524\" data-end=\"1551\">hand-made and hand-painted<\/strong><\/p>\n<\/li>\n<li data-start=\"1552\" data-end=\"1594\">\n<p data-start=\"1554\" data-end=\"1594\">Unique in its shades and finishes<\/p>\n<\/li>\n<\/ul>\n<p data-start=\"1596\" data-end=\"1812\">Slight irregularities may appear (micro-marks, molding lines, color variations).<br data-start=\"1698\" data-end=\"1701\" \/>These details are an integral part of the <strong data-start=\"1739\" data-end=\"1760\">handicraft work<\/strong> and testify to the authenticity of each creation.<\/p>\n<hr data-start=\"1814\" data-end=\"1817\" \/>\n<h3 data-start=\"1819\" data-end=\"1849\">\ud83e\udeb4 Sets &amp; staging<\/h3>\n<p data-start=\"1851\" data-end=\"2021\">Photos are for illustrative purposes only.<br data-start=\"1896\" data-end=\"1899\" \/>Furniture, accessories and other visible items are not <strong data-start=\"1960\" data-end=\"1974\">not included<\/strong>, but available separately in the store.<\/p>\n<p data-start=\"2023\" data-end=\"2143\">Compatible with sunnyshop211 furniture sold separately.<br data-start=\"2082\" data-end=\"2085\" \/>Ideal for your <strong data-start=\"2100\" data-end=\"2142\">realistic or narrative settings<\/strong>.<\/p>\n<p data-start=\"2145\" data-end=\"2230\">\ud83d\udcf8 Find more photos and miniature worlds on Instagram : <a href=\"https:\/\/www.instagram.com\/sunnyshop211\/\"><strong data-start=\"2213\" data-end=\"2230\">@sunnyshop211<\/strong><\/a><\/p>\n<hr data-start=\"2232\" data-end=\"2235\" \/>\n<h3 data-start=\"2237\" data-end=\"2260\">\u23f3 Creation time<\/h3>\n<p data-start=\"2262\" data-end=\"2405\">\ud83d\udc3e <strong data-start=\"2265\" data-end=\"2299\">Made-to-order creations<\/strong><br data-start=\"2299\" data-end=\"2302\" \/>Please take into account <strong data-start=\"2333\" data-end=\"2404\">delivery times indicated in <a href=\"https:\/\/www.sunnyshop211.com\/en\/conditions-generales-de-ventes-et-delais-de-livraisons\/\">General conditions of sale and delivery times<\/a><\/strong><\/p>\n<hr data-start=\"2407\" data-end=\"2410\" \/>\n<h3 data-start=\"2412\" data-end=\"2442\">\u2757 Important information<\/h3>\n<ul data-start=\"2444\" data-end=\"2694\">\n<li data-start=\"2444\" data-end=\"2473\">\n<p data-start=\"2446\" data-end=\"2473\">This <strong data-start=\"2451\" data-end=\"2473\">is not a toy<\/strong><\/p>\n<\/li>\n<li data-start=\"2474\" data-end=\"2529\">\n<p data-start=\"2476\" data-end=\"2529\">Article for a <strong data-start=\"2497\" data-end=\"2529\">adult collector audience<\/strong><\/p>\n<\/li>\n<li data-start=\"2530\" data-end=\"2626\">\n<p data-start=\"2532\" data-end=\"2626\">Due to the handcrafted nature of our products, slight variations in shape and color may occur.<\/p>\n<\/li>\n<li data-start=\"2627\" data-end=\"2694\">\n<p data-start=\"2629\" data-end=\"2694\">I am not responsible for any damage during transport<\/p>\n<\/li>\n<\/ul>\n<hr data-start=\"2696\" data-end=\"2699\" \/>\n<p data-start=\"2701\" data-end=\"2826\">\ud83e\udd8b <strong data-start=\"2704\" data-end=\"2756\">A discreet but expressive miniature animal<\/strong>, designed with patience and passion, ready to bring your 1\/3 universes to life.<\/p>\n<p>&nbsp;<\/p>","protected":false},"excerpt":{"rendered":"<p>\ud83d\udc00 Rat miniature BJD \u2013 \u00c9chelle 1\/3 (SD \u2022 Feeple \u2022 Smart Doll) Cr\u00e9ation d\u2019artiste \u2013 Animal miniature r\u00e9aliste \ud83c\udf3f Description Ce rat miniature BJD \u00e0 l\u2019\u00e9chelle 1\/3 est un petit compagnon discret et r\u00e9aliste, imagin\u00e9 pour enrichir vos mises en sc\u00e8ne avec dolls de grande taille.Gr\u00e2ce \u00e0 ses proportions justes et \u00e0 ses d\u00e9tails [&hellip;]<\/p>\n","protected":false},"featured_media":28180,"comment_status":"open","ping_status":"closed","template":"","meta":{"_crdt_document":"","jetpack_post_was_ever_published":false,"jetpack_publicize_message":"","jetpack_publicize_feature_enabled":true,"jetpack_social_post_already_shared":true,"jetpack_social_options":{"image_generator_settings":{"template":"highway","default_image_id":0,"font":"","enabled":false},"version":2}},"product_brand":[],"product_cat":[667687156],"product_tag":[667681368,667681136,667685109,667681364,667681142,667684814,667681367,667681362,667681234,667681366,667681226,667681233,667681272,667681225,667681241,667681242,667681369,667681236,667681261,667681232,667681173,667681237,667681175,667681177,667681365,667681235,667685107,667681260,667681361,667685765],"class_list":{"0":"post-28174","1":"product","2":"type-product","3":"status-publish","4":"has-post-thumbnail","6":"product_cat-rongeurs","7":"product_tag-basket","8":"product_tag-bjd","9":"product_tag-bouldog","10":"product_tag-cat","11":"product_tag-chambre","12":"product_tag-chien-fr","13":"product_tag-chiot","14":"product_tag-couche","15":"product_tag-diorama","16":"product_tag-dog","17":"product_tag-doll","18":"product_tag-dollhouse","19":"product_tag-elowynn-wilde","20":"product_tag-furniture","21":"product_tag-iplehouse","22":"product_tag-jid","23":"product_tag-layer","24":"product_tag-maison-de-poupee","25":"product_tag-meuble","26":"product_tag-miniature","27":"product_tag-minifee","28":"product_tag-msd","29":"product_tag-panier","30":"product_tag-poupee","31":"product_tag-puppy","32":"product_tag-roombox","33":"product_tag-shar-pei","34":"product_tag-tonner","35":"product_tag-walloyamorring","36":"product_tag-yorshire","37":"product_shipping_class-colissimo-5","38":"pa_couleur-custom","39":"pa_couleur-non-peint","41":"first","42":"instock","43":"taxable","44":"shipping-taxable","45":"purchasable","46":"product-type-variable"},"yoast_head":"<!-- This site is optimized with the Yoast SEO plugin v27.5 - https:\/\/yoast.com\/product\/yoast-seo-wordpress\/ -->\n<title>\ud83d\udc00 Rat miniature BJD \u2013 \u00c9chelle 1\/3 (SD \u2022 Feeple \u2022 Smart Doll) -<\/title>\n<meta name=\"description\" content=\"rat 1\/3 miniature bjd SD feeple smart doll ou similaire . Il rendra encore plus vivant vos mises en sc\u00e8nes et les rendra plus r\u00e9aliste.\" \/>\n<meta name=\"robots\" content=\"index, follow, max-snippet:-1, max-image-preview:large, max-video-preview:-1\" \/>\n<link rel=\"canonical\" href=\"https:\/\/www.sunnyshop211.com\/en\/product\/\ud83d\udc00-rat-miniature-bjd-echelle-1-3-sd-feeple-smart-doll\/\" \/>\n<meta property=\"og:locale\" content=\"en_US\" \/>\n<meta property=\"og:type\" content=\"article\" \/>\n<meta property=\"og:title\" content=\"\ud83d\udc00 Rat miniature BJD \u2013 \u00c9chelle 1\/3 (SD \u2022 Feeple \u2022 Smart Doll) -\" \/>\n<meta property=\"og:description\" content=\"rat 1\/3 miniature bjd SD feeple smart doll ou similaire . Il rendra encore plus vivant vos mises en sc\u00e8nes et les rendra plus r\u00e9aliste.\" \/>\n<meta property=\"og:url\" content=\"https:\/\/www.sunnyshop211.com\/en\/product\/\ud83d\udc00-rat-miniature-bjd-echelle-1-3-sd-feeple-smart-doll\/\" \/>\n<meta property=\"og:site_name\" content=\"Sunnyshop211 -Vente de dioramas, meubles, miniatures , bjd poup\u00e9es 1\/12 1\/8 1\/6 1\/4 1\/3\" \/>\n<meta property=\"article:publisher\" content=\"https:\/\/www.facebook.com\/sunnyshop211\/?ref=bookmarks\" \/>\n<meta property=\"article:modified_time\" content=\"2026-02-10T13:20:47+00:00\" \/>\n<meta property=\"og:image\" content=\"https:\/\/www.sunnyshop211.com\/wp-content\/uploads\/2022\/10\/new-york-99-scaled.jpg\" \/>\n\t<meta property=\"og:image:width\" content=\"2560\" \/>\n\t<meta property=\"og:image:height\" content=\"1707\" \/>\n\t<meta property=\"og:image:type\" content=\"image\/jpeg\" \/>\n<meta name=\"twitter:card\" content=\"summary_large_image\" \/>\n<meta name=\"twitter:site\" content=\"@sunnyshop211\" \/>\n<meta name=\"twitter:label1\" content=\"Est. reading time\" \/>\n\t<meta name=\"twitter:data1\" content=\"3 minutes\" \/>\n<script type=\"application\/ld+json\" class=\"yoast-schema-graph\">{\"@context\":\"https:\\\/\\\/schema.org\",\"@graph\":[{\"@type\":\"WebPage\",\"@id\":\"https:\\\/\\\/www.sunnyshop211.com\\\/produit\\\/%f0%9f%90%80-rat-miniature-bjd-echelle-1-3-sd-feeple-smart-doll\\\/\",\"url\":\"https:\\\/\\\/www.sunnyshop211.com\\\/produit\\\/%f0%9f%90%80-rat-miniature-bjd-echelle-1-3-sd-feeple-smart-doll\\\/\",\"name\":\"\ud83d\udc00 Rat miniature BJD \u2013 \u00c9chelle 1\\\/3 (SD \u2022 Feeple \u2022 Smart Doll) -\",\"isPartOf\":{\"@id\":\"https:\\\/\\\/www.sunnyshop211.com\\\/#website\"},\"primaryImageOfPage\":{\"@id\":\"https:\\\/\\\/www.sunnyshop211.com\\\/produit\\\/%f0%9f%90%80-rat-miniature-bjd-echelle-1-3-sd-feeple-smart-doll\\\/#primaryimage\"},\"image\":{\"@id\":\"https:\\\/\\\/www.sunnyshop211.com\\\/produit\\\/%f0%9f%90%80-rat-miniature-bjd-echelle-1-3-sd-feeple-smart-doll\\\/#primaryimage\"},\"thumbnailUrl\":\"https:\\\/\\\/www.sunnyshop211.com\\\/wp-content\\\/uploads\\\/2022\\\/10\\\/new-york-99-scaled.jpg\",\"datePublished\":\"2022-10-26T15:59:49+00:00\",\"dateModified\":\"2026-02-10T13:20:47+00:00\",\"description\":\"rat 1\\\/3 miniature bjd SD feeple smart doll ou similaire . Il rendra encore plus vivant vos mises en sc\u00e8nes et les rendra plus r\u00e9aliste.\",\"breadcrumb\":{\"@id\":\"https:\\\/\\\/www.sunnyshop211.com\\\/produit\\\/%f0%9f%90%80-rat-miniature-bjd-echelle-1-3-sd-feeple-smart-doll\\\/#breadcrumb\"},\"inLanguage\":\"en-US\",\"potentialAction\":[{\"@type\":\"ReadAction\",\"target\":[\"https:\\\/\\\/www.sunnyshop211.com\\\/produit\\\/%f0%9f%90%80-rat-miniature-bjd-echelle-1-3-sd-feeple-smart-doll\\\/\"]}]},{\"@type\":\"ImageObject\",\"inLanguage\":\"en-US\",\"@id\":\"https:\\\/\\\/www.sunnyshop211.com\\\/produit\\\/%f0%9f%90%80-rat-miniature-bjd-echelle-1-3-sd-feeple-smart-doll\\\/#primaryimage\",\"url\":\"https:\\\/\\\/www.sunnyshop211.com\\\/wp-content\\\/uploads\\\/2022\\\/10\\\/new-york-99-scaled.jpg\",\"contentUrl\":\"https:\\\/\\\/www.sunnyshop211.com\\\/wp-content\\\/uploads\\\/2022\\\/10\\\/new-york-99-scaled.jpg\",\"width\":2560,\"height\":1707,\"caption\":\"rat 1\\\/3 miniature\"},{\"@type\":\"BreadcrumbList\",\"@id\":\"https:\\\/\\\/www.sunnyshop211.com\\\/produit\\\/%f0%9f%90%80-rat-miniature-bjd-echelle-1-3-sd-feeple-smart-doll\\\/#breadcrumb\",\"itemListElement\":[{\"@type\":\"ListItem\",\"position\":1,\"name\":\"Accueil\",\"item\":\"https:\\\/\\\/www.sunnyshop211.com\\\/\"},{\"@type\":\"ListItem\",\"position\":2,\"name\":\"Boutique\",\"item\":\"https:\\\/\\\/www.sunnyshop211.com\\\/boutique-miniature-bjd-dolls\\\/\"},{\"@type\":\"ListItem\",\"position\":3,\"name\":\"\ud83d\udc00 Rat miniature BJD \u2013 \u00c9chelle 1\\\/3 (SD \u2022 Feeple \u2022 Smart Doll)\"}]},{\"@type\":\"WebSite\",\"@id\":\"https:\\\/\\\/www.sunnyshop211.com\\\/#website\",\"url\":\"https:\\\/\\\/www.sunnyshop211.com\\\/\",\"name\":\"Vente de dioramas, meubles, miniatures , bjd poup\u00e9es 1\\\/12 1\\\/8 1\\\/6 1\\\/4 1\\\/3\",\"description\":\"Sunnyshop211 - Votre univers miniature pour poup\u00e9es et BJD, dioramas et meubles sur mesure !\",\"publisher\":{\"@id\":\"https:\\\/\\\/www.sunnyshop211.com\\\/#organization\"},\"alternateName\":\"sunnyshop211\",\"potentialAction\":[{\"@type\":\"SearchAction\",\"target\":{\"@type\":\"EntryPoint\",\"urlTemplate\":\"https:\\\/\\\/www.sunnyshop211.com\\\/?s={search_term_string}\"},\"query-input\":{\"@type\":\"PropertyValueSpecification\",\"valueRequired\":true,\"valueName\":\"search_term_string\"}}],\"inLanguage\":\"en-US\"},{\"@type\":\"Organization\",\"@id\":\"https:\\\/\\\/www.sunnyshop211.com\\\/#organization\",\"name\":\"sunnyshop211\",\"alternateName\":\"sunnyshop211 diorama bjd meuble miniature\",\"url\":\"https:\\\/\\\/www.sunnyshop211.com\\\/\",\"logo\":{\"@type\":\"ImageObject\",\"inLanguage\":\"en-US\",\"@id\":\"https:\\\/\\\/www.sunnyshop211.com\\\/#\\\/schema\\\/logo\\\/image\\\/\",\"url\":\"https:\\\/\\\/www.sunnyshop211.com\\\/wp-content\\\/uploads\\\/2022\\\/08\\\/cropped-cropped-cropped-Sunnyshop211-1.png\",\"contentUrl\":\"https:\\\/\\\/www.sunnyshop211.com\\\/wp-content\\\/uploads\\\/2022\\\/08\\\/cropped-cropped-cropped-Sunnyshop211-1.png\",\"width\":339,\"height\":339,\"caption\":\"sunnyshop211\"},\"image\":{\"@id\":\"https:\\\/\\\/www.sunnyshop211.com\\\/#\\\/schema\\\/logo\\\/image\\\/\"},\"sameAs\":[\"https:\\\/\\\/www.facebook.com\\\/sunnyshop211\\\/?ref=bookmarks\",\"https:\\\/\\\/x.com\\\/sunnyshop211\",\"https:\\\/\\\/www.instagram.com\\\/sunnyshop211\\\/\",\"https:\\\/\\\/www.tumblr.com\\\/blog\\\/sunnyshop211\",\"https:\\\/\\\/www.youtube.com\\\/channel\\\/UCtYY18OGGDKrTSzgcf7fCBg\",\"https:\\\/\\\/www.tiktok.com\\\/@sunnydollshop211?is_from_webapp=1&sender_device=pc\"]}]}<\/script>\n<!-- \/ Yoast SEO plugin. -->","yoast_head_json":{"title":"\ud83d\udc00 Miniature Rat BJD - Scale 1\/3 (SD - Feeple - Smart Doll) -","description":"rat 1\/3 miniature bjd SD feeple smart doll or similar . It will bring your stagings to life and make them even more realistic.","robots":{"index":"index","follow":"follow","max-snippet":"max-snippet:-1","max-image-preview":"max-image-preview:large","max-video-preview":"max-video-preview:-1"},"canonical":"https:\/\/www.sunnyshop211.com\/en\/product\/\ud83d\udc00-rat-miniature-bjd-echelle-1-3-sd-feeple-smart-doll\/","og_locale":"en_US","og_type":"article","og_title":"\ud83d\udc00 Rat miniature BJD \u2013 \u00c9chelle 1\/3 (SD \u2022 Feeple \u2022 Smart Doll) -","og_description":"rat 1\/3 miniature bjd SD feeple smart doll ou similaire . Il rendra encore plus vivant vos mises en sc\u00e8nes et les rendra plus r\u00e9aliste.","og_url":"https:\/\/www.sunnyshop211.com\/en\/product\/\ud83d\udc00-rat-miniature-bjd-echelle-1-3-sd-feeple-smart-doll\/","og_site_name":"Sunnyshop211 -Vente de dioramas, meubles, miniatures , bjd poup\u00e9es 1\/12 1\/8 1\/6 1\/4 1\/3","article_publisher":"https:\/\/www.facebook.com\/sunnyshop211\/?ref=bookmarks","article_modified_time":"2026-02-10T13:20:47+00:00","og_image":[{"width":2560,"height":1707,"url":"https:\/\/www.sunnyshop211.com\/wp-content\/uploads\/2022\/10\/new-york-99-scaled.jpg","type":"image\/jpeg"}],"twitter_card":"summary_large_image","twitter_site":"@sunnyshop211","twitter_misc":{"Est. reading time":"3 minutes"},"schema":{"@context":"https:\/\/schema.org","@graph":[{"@type":"WebPage","@id":"https:\/\/www.sunnyshop211.com\/produit\/%f0%9f%90%80-rat-miniature-bjd-echelle-1-3-sd-feeple-smart-doll\/","url":"https:\/\/www.sunnyshop211.com\/produit\/%f0%9f%90%80-rat-miniature-bjd-echelle-1-3-sd-feeple-smart-doll\/","name":"\ud83d\udc00 Miniature Rat BJD - Scale 1\/3 (SD - Feeple - Smart Doll) -","isPartOf":{"@id":"https:\/\/www.sunnyshop211.com\/#website"},"primaryImageOfPage":{"@id":"https:\/\/www.sunnyshop211.com\/produit\/%f0%9f%90%80-rat-miniature-bjd-echelle-1-3-sd-feeple-smart-doll\/#primaryimage"},"image":{"@id":"https:\/\/www.sunnyshop211.com\/produit\/%f0%9f%90%80-rat-miniature-bjd-echelle-1-3-sd-feeple-smart-doll\/#primaryimage"},"thumbnailUrl":"https:\/\/www.sunnyshop211.com\/wp-content\/uploads\/2022\/10\/new-york-99-scaled.jpg","datePublished":"2022-10-26T15:59:49+00:00","dateModified":"2026-02-10T13:20:47+00:00","description":"rat 1\/3 miniature bjd SD feeple smart doll or similar . It will bring your stagings to life and make them even more realistic.","breadcrumb":{"@id":"https:\/\/www.sunnyshop211.com\/produit\/%f0%9f%90%80-rat-miniature-bjd-echelle-1-3-sd-feeple-smart-doll\/#breadcrumb"},"inLanguage":"en-US","potentialAction":[{"@type":"ReadAction","target":["https:\/\/www.sunnyshop211.com\/produit\/%f0%9f%90%80-rat-miniature-bjd-echelle-1-3-sd-feeple-smart-doll\/"]}]},{"@type":"ImageObject","inLanguage":"en-US","@id":"https:\/\/www.sunnyshop211.com\/produit\/%f0%9f%90%80-rat-miniature-bjd-echelle-1-3-sd-feeple-smart-doll\/#primaryimage","url":"https:\/\/www.sunnyshop211.com\/wp-content\/uploads\/2022\/10\/new-york-99-scaled.jpg","contentUrl":"https:\/\/www.sunnyshop211.com\/wp-content\/uploads\/2022\/10\/new-york-99-scaled.jpg","width":2560,"height":1707,"caption":"rat 1\/3 miniature"},{"@type":"BreadcrumbList","@id":"https:\/\/www.sunnyshop211.com\/produit\/%f0%9f%90%80-rat-miniature-bjd-echelle-1-3-sd-feeple-smart-doll\/#breadcrumb","itemListElement":[{"@type":"ListItem","position":1,"name":"Accueil","item":"https:\/\/www.sunnyshop211.com\/"},{"@type":"ListItem","position":2,"name":"Boutique","item":"https:\/\/www.sunnyshop211.com\/boutique-miniature-bjd-dolls\/"},{"@type":"ListItem","position":3,"name":"\ud83d\udc00 Rat miniature BJD \u2013 \u00c9chelle 1\/3 (SD \u2022 Feeple \u2022 Smart Doll)"}]},{"@type":"WebSite","@id":"https:\/\/www.sunnyshop211.com\/#website","url":"https:\/\/www.sunnyshop211.com\/","name":"Sale of dioramas, furniture, miniatures, bjd dolls 1\/12 1\/8 1\/6 1\/4 1\/3","description":"Sunnyshop211 - Your miniature world for dolls and BJDs, dioramas and custom-made furniture!","publisher":{"@id":"https:\/\/www.sunnyshop211.com\/#organization"},"alternateName":"sunnyshop211","potentialAction":[{"@type":"SearchAction","target":{"@type":"EntryPoint","urlTemplate":"https:\/\/www.sunnyshop211.com\/?s={search_term_string}"},"query-input":{"@type":"PropertyValueSpecification","valueRequired":true,"valueName":"search_term_string"}}],"inLanguage":"en-US"},{"@type":"Organization","@id":"https:\/\/www.sunnyshop211.com\/#organization","name":"sunnyshop211","alternateName":"sunnyshop211 diorama bjd meuble miniature","url":"https:\/\/www.sunnyshop211.com\/","logo":{"@type":"ImageObject","inLanguage":"en-US","@id":"https:\/\/www.sunnyshop211.com\/#\/schema\/logo\/image\/","url":"https:\/\/www.sunnyshop211.com\/wp-content\/uploads\/2022\/08\/cropped-cropped-cropped-Sunnyshop211-1.png","contentUrl":"https:\/\/www.sunnyshop211.com\/wp-content\/uploads\/2022\/08\/cropped-cropped-cropped-Sunnyshop211-1.png","width":339,"height":339,"caption":"sunnyshop211"},"image":{"@id":"https:\/\/www.sunnyshop211.com\/#\/schema\/logo\/image\/"},"sameAs":["https:\/\/www.facebook.com\/sunnyshop211\/?ref=bookmarks","https:\/\/x.com\/sunnyshop211","https:\/\/www.instagram.com\/sunnyshop211\/","https:\/\/www.tumblr.com\/blog\/sunnyshop211","https:\/\/www.youtube.com\/channel\/UCtYY18OGGDKrTSzgcf7fCBg","https:\/\/www.tiktok.com\/@sunnydollshop211?is_from_webapp=1&sender_device=pc"]}]}},"jetpack_publicize_connections":[],"jetpack_sharing_enabled":true,"_links":{"self":[{"href":"https:\/\/www.sunnyshop211.com\/en\/wp-json\/wp\/v2\/product\/28174","targetHints":{"allow":["GET"]}}],"collection":[{"href":"https:\/\/www.sunnyshop211.com\/en\/wp-json\/wp\/v2\/product"}],"about":[{"href":"https:\/\/www.sunnyshop211.com\/en\/wp-json\/wp\/v2\/types\/product"}],"replies":[{"embeddable":true,"href":"https:\/\/www.sunnyshop211.com\/en\/wp-json\/wp\/v2\/comments?post=28174"}],"version-history":[{"count":5,"href":"https:\/\/www.sunnyshop211.com\/en\/wp-json\/wp\/v2\/product\/28174\/revisions"}],"predecessor-version":[{"id":52171,"href":"https:\/\/www.sunnyshop211.com\/en\/wp-json\/wp\/v2\/product\/28174\/revisions\/52171"}],"wp:featuredmedia":[{"embeddable":true,"href":"https:\/\/www.sunnyshop211.com\/en\/wp-json\/wp\/v2\/media\/28180"}],"wp:attachment":[{"href":"https:\/\/www.sunnyshop211.com\/en\/wp-json\/wp\/v2\/media?parent=28174"}],"wp:term":[{"taxonomy":"product_brand","embeddable":true,"href":"https:\/\/www.sunnyshop211.com\/en\/wp-json\/wp\/v2\/product_brand?post=28174"},{"taxonomy":"product_cat","embeddable":true,"href":"https:\/\/www.sunnyshop211.com\/en\/wp-json\/wp\/v2\/product_cat?post=28174"},{"taxonomy":"product_tag","embeddable":true,"href":"https:\/\/www.sunnyshop211.com\/en\/wp-json\/wp\/v2\/product_tag?post=28174"}],"curies":[{"name":"wp","href":"https:\/\/api.w.org\/{rel}","templated":true}]}}