{"id":2631,"date":"2019-01-09T19:37:39","date_gmt":"2019-01-09T18:37:39","guid":{"rendered":"https:\/\/sunnyshop211.com\/?post_type=product&#038;p=2631"},"modified":"2025-12-29T17:15:17","modified_gmt":"2025-12-29T16:15:17","slug":"etagere-ours-miniature-1-6-1-4-diorama-barbie-pullip-bjd-minifee","status":"publish","type":"product","link":"https:\/\/www.sunnyshop211.com\/en\/product\/etagere-ours-miniature-1-6-1-4-diorama-barbie-pullip-bjd-minifee\/","title":{"rendered":"Miniature bear shelf 1\/6 1\/4 diorama Barbie, pullip, bjd minifee."},"content":{"rendered":"<div id='gallery-1' class='gallery galleryid-2631 gallery-columns-3 gallery-size-thumbnail'><figure class='gallery-item'>\n\t\t\t<div class='gallery-icon portrait'>\n\t\t\t\t<a href='https:\/\/www.sunnyshop211.com\/en\/?attachment_id=2641'><img decoding=\"async\" width=\"150\" height=\"150\" src=\"https:\/\/www.sunnyshop211.com\/wp-content\/uploads\/2019\/01\/il_570xN.1725237195_n1ui-150x150.jpg\" class=\"attachment-thumbnail size-thumbnail\" alt=\"\u00c9tag\u00e8re ours miniature\" srcset=\"https:\/\/www.sunnyshop211.com\/wp-content\/uploads\/2019\/01\/il_570xN.1725237195_n1ui-150x150.jpg 150w, https:\/\/www.sunnyshop211.com\/wp-content\/uploads\/2019\/01\/il_570xN.1725237195_n1ui-500x500.jpg 500w, https:\/\/www.sunnyshop211.com\/wp-content\/uploads\/2019\/01\/il_570xN.1725237195_n1ui-100x100.jpg 100w, https:\/\/www.sunnyshop211.com\/wp-content\/uploads\/2019\/01\/il_570xN.1725237195_n1ui-300x300.jpg 300w\" sizes=\"(max-width: 150px) 100vw, 150px\" \/><\/a>\n\t\t\t<\/div><\/figure><figure class='gallery-item'>\n\t\t\t<div class='gallery-icon landscape'>\n\t\t\t\t<a href='https:\/\/www.sunnyshop211.com\/en\/?attachment_id=2640'><img decoding=\"async\" width=\"150\" height=\"150\" src=\"https:\/\/www.sunnyshop211.com\/wp-content\/uploads\/2019\/01\/il_570xN.1725234259_m9bf-150x150.jpg\" class=\"attachment-thumbnail size-thumbnail\" alt=\"\" srcset=\"https:\/\/www.sunnyshop211.com\/wp-content\/uploads\/2019\/01\/il_570xN.1725234259_m9bf-150x150.jpg 150w, https:\/\/www.sunnyshop211.com\/wp-content\/uploads\/2019\/01\/il_570xN.1725234259_m9bf-100x100.jpg 100w\" sizes=\"(max-width: 150px) 100vw, 150px\" \/><\/a>\n\t\t\t<\/div><\/figure>\n\t\t<\/div>\n\n<h2 data-start=\"163\" data-end=\"205\">Miniature bear shelf - 1\/6 - 1\/4<\/h2>\n<h3 data-start=\"206\" data-end=\"248\">Diorama accessories - Wall decoration<\/h3>\n<p data-start=\"250\" data-end=\"443\">Miniature bear shelf specially designed for <strong data-start=\"298\" data-end=\"336\">customize and decorate your dioramas<\/strong>, to hang on the wall for a touch of elegance. <strong data-start=\"382\" data-end=\"417\">soft, childlike and warm<\/strong> to your miniature worlds.<\/p>\n<p data-start=\"445\" data-end=\"541\">Ideal for creating <strong data-start=\"477\" data-end=\"540\">children's bedroom, nursery, baby decor or cosy setting<\/strong>.<\/p>\n<hr data-start=\"543\" data-end=\"546\" \/>\n<h3 data-start=\"548\" data-end=\"577\">\u2728 Finish &amp; presentation<\/h3>\n<p data-start=\"579\" data-end=\"781\">- Sold <strong data-start=\"588\" data-end=\"615\">painted in black and white<\/strong><br data-start=\"615\" data-end=\"618\" \/>- Cutting <strong data-start=\"628\" data-end=\"640\">laser<\/strong>, with deliberately darker edges for an authentic look<br data-start=\"709\" data-end=\"712\" \/>- Sold <strong data-start=\"721\" data-end=\"734\">per unit<\/strong><br data-start=\"734\" data-end=\"737\" \/>- Wall-hung for your stage settings<\/p>\n<p data-start=\"783\" data-end=\"861\">Designed to blend harmoniously with my <strong data-start=\"828\" data-end=\"860\">miniature furniture and sets<\/strong>.<\/p>\n<hr data-start=\"863\" data-end=\"866\" \/>\n<h3 data-start=\"868\" data-end=\"896\">\ud83d\udccf Dimensions &amp; scales<\/h3>\n<p data-start=\"898\" data-end=\"925\">- Dimensions : <strong data-start=\"913\" data-end=\"925\">9 \u00d7 9 cm<\/strong><\/p>\n<p data-start=\"927\" data-end=\"982\">Suitable for dioramas and dolls in the following scales:<\/p>\n<p data-start=\"984\" data-end=\"1082\">\u2022 <strong data-start=\"986\" data-end=\"993\">1\/6<\/strong> : Barbie, Pullip<br data-start=\"1010\" data-end=\"1013\" \/>\u2022 <strong data-start=\"1015\" data-end=\"1022\">1\/4<\/strong> : BJD MSD, Minifee<br data-start=\"1041\" data-end=\"1044\" \/>- Other dolls in similar sizes<\/p>\n<hr data-start=\"1084\" data-end=\"1087\" \/>\n<h3 data-start=\"1089\" data-end=\"1112\">\ud83e\uddf8 Features<\/h3>\n<p data-start=\"1114\" data-end=\"1353\">- Miniature bear shelf sold <strong data-start=\"1146\" data-end=\"1159\">per unit<\/strong><br data-start=\"1159\" data-end=\"1162\" \/>- Laser-cut wood<br data-start=\"1185\" data-end=\"1188\" \/>- Hand-painted and prepared<br data-start=\"1218\" data-end=\"1221\" \/>- Compatible with my furniture sold separately in the store<br data-start=\"1285\" data-end=\"1288\" \/>- Perfect for dioramas, miniature scenes &amp; photo shoots<\/p>\n<hr data-start=\"1355\" data-end=\"1358\" \/>\n<h3 data-start=\"1360\" data-end=\"1382\">\u26a0\ufe0f Note artisanale<\/h3>\n<p data-start=\"1384\" data-end=\"1567\">Entirely handmade.<br data-start=\"1422\" data-end=\"1425\" \/>Slight variations in shape, color or finish may occur, as well as minor imperfections due to the handcrafted nature of the product.<\/p>\n<hr data-start=\"1569\" data-end=\"1572\" \/>\n<h3 data-start=\"1574\" data-end=\"1587\">\ud83d\udcf8 Photos<\/h3>\n<p data-start=\"1589\" data-end=\"1783\">The photos show <strong data-start=\"1613\" data-end=\"1642\">examples of staging<\/strong>.<br data-start=\"1643\" data-end=\"1646\" \/>\u27a1\ufe0f <strong data-start=\"1649\" data-end=\"1695\">Only the miniature bear shelf is sold.<\/strong><br data-start=\"1695\" data-end=\"1698\" \/>Visible decorations and accessories are available separately in the store.<\/p>\n<p data-start=\"1785\" data-end=\"1869\">\ud83d\udcf8 More photos and inspiration :<br data-start=\"1820\" data-end=\"1823\" \/>\ud83d\udc49 <strong data-start=\"1826\" data-end=\"1869\"><a class=\"decorated-link\" href=\"https:\/\/www.instagram.com\/sunnyshop211\/\" target=\"_new\" rel=\"noopener\" data-start=\"1828\" data-end=\"1867\">https:\/\/www.instagram.com\/sunnyshop211\/<\/a><\/strong><\/p>\n<hr data-start=\"1871\" data-end=\"1874\" \/>\n<h3 data-start=\"1876\" data-end=\"1907\">\u26a0\ufe0f Important information<\/h3>\n<p data-start=\"1909\" data-end=\"2222\">- Accessory for adults - <strong data-start=\"1951\" data-end=\"1978\">this is not a toy<\/strong><br data-start=\"1978\" data-end=\"1981\" \/>- Strictly decorative use<br data-start=\"2010\" data-end=\"2013\" \/>- Made to order: please allow for the usual lead times (GTC &amp; delivery).<br data-start=\"2099\" data-end=\"2102\" \/>- Non-contractual photos - dolls not included<br data-start=\"2150\" data-end=\"2153\" \/>- I am not responsible for any damage incurred in transit.<\/p>\n<p data-start=\"2224\" data-end=\"2336\">\ud83e\udd0d <strong data-start=\"2227\" data-end=\"2336\">A miniature bear shelf full of tenderness to enhance your baby and family scenes in 1\/6 and 1\/4.<\/strong><\/p>","protected":false},"excerpt":{"rendered":"<p>\u00c9tag\u00e8re ours miniature \u2013 1\/6 \u00b7 1\/4 Accessoire diorama \u2013 d\u00e9coration murale \u00c9tag\u00e8re ours miniature sp\u00e9cialement con\u00e7ue pour customiser et d\u00e9corer vos dioramas, \u00e0 accrocher au mur pour apporter une touche douce, enfantine et chaleureuse \u00e0 vos univers miniatures. Id\u00e9ale pour cr\u00e9er des sc\u00e8nes de chambre d\u2019enfant, nursery, d\u00e9cor b\u00e9b\u00e9 ou mise en sc\u00e8ne cosy. [&hellip;]<\/p>\n","protected":false},"featured_media":2641,"comment_status":"open","ping_status":"closed","template":"","meta":{"_crdt_document":"","jetpack_post_was_ever_published":false,"jetpack_publicize_message":"","jetpack_publicize_feature_enabled":true,"jetpack_social_post_already_shared":true,"jetpack_social_options":{"image_generator_settings":{"template":"highway","default_image_id":0,"font":"","enabled":false},"version":2}},"product_brand":[],"product_cat":[667686969],"product_tag":[667681137,667681278,667681138,667681145,667681143,667681341,667681136,667681284,667681142,667681433,667681411,667681409,667681234,667681226,667681233,667681343,667681241,667681139,667681426,667681261,667681232,667681173,667681237,667681141,667681177,667681140,667681277,667681344,667681260],"class_list":{"0":"post-2631","1":"product","2":"type-product","3":"status-publish","4":"has-post-thumbnail","6":"product_cat-decoration","7":"product_tag-baby","8":"product_tag-barbie","9":"product_tag-bebe","10":"product_tag-bed","11":"product_tag-bedroom","12":"product_tag-bid","13":"product_tag-bjd","14":"product_tag-blythe","15":"product_tag-chambre","16":"product_tag-chest","17":"product_tag-chest-of-drawers","18":"product_tag-commode","19":"product_tag-diorama","20":"product_tag-doll","21":"product_tag-dollhouse","22":"product_tag-etagere","23":"product_tag-iplehouse","24":"product_tag-lati-yellow","25":"product_tag-littlefee","26":"product_tag-meuble","27":"product_tag-miniature","28":"product_tag-minifee","29":"product_tag-msd","30":"product_tag-nappy-choo","31":"product_tag-poupee","32":"product_tag-pukifee","33":"product_tag-pullip","34":"product_tag-shelf","35":"product_tag-tonner","36":"product_shipping_class-lettre-suivie","37":"pa_couleur-beige","38":"pa_couleur-blanc","39":"pa_couleur-bleu","40":"pa_couleur-non-peint","41":"pa_couleur-rose","42":"pa_couleur-shabby-blanc","43":"pa_couleur-vert","44":"pa_couleur-violet","46":"first","47":"instock","48":"taxable","49":"shipping-taxable","50":"purchasable","51":"product-type-variable"},"yoast_head":"<!-- This site is optimized with the Yoast SEO plugin v27.4 - https:\/\/yoast.com\/product\/yoast-seo-wordpress\/ -->\n<title>\u00c9tag\u00e8re ours miniature 1\/6 1\/4 diorama Barbie, pullip, bjd minifee. -<\/title>\n<meta name=\"description\" content=\"\u00c9tag\u00e8re ours miniature 1\/6 1\/4 diorama pour\u00a0 Barbie, pullip, bjd MSD, minifee. Id\u00e9al pour vos mises en sc\u00e8nes et vos dioramas\" \/>\n<meta name=\"robots\" content=\"index, follow, max-snippet:-1, max-image-preview:large, max-video-preview:-1\" \/>\n<link rel=\"canonical\" href=\"https:\/\/www.sunnyshop211.com\/en\/product\/etagere-ours-miniature-1-6-1-4-diorama-barbie-pullip-bjd-minifee\/\" \/>\n<meta property=\"og:locale\" content=\"en_US\" \/>\n<meta property=\"og:type\" content=\"article\" \/>\n<meta property=\"og:title\" content=\"\u00c9tag\u00e8re ours miniature 1\/6 1\/4 diorama Barbie, pullip, bjd minifee. -\" \/>\n<meta property=\"og:description\" content=\"\u00c9tag\u00e8re ours miniature 1\/6 1\/4 diorama pour\u00a0 Barbie, pullip, bjd MSD, minifee. Id\u00e9al pour vos mises en sc\u00e8nes et vos dioramas\" \/>\n<meta property=\"og:url\" content=\"https:\/\/www.sunnyshop211.com\/en\/product\/etagere-ours-miniature-1-6-1-4-diorama-barbie-pullip-bjd-minifee\/\" \/>\n<meta property=\"og:site_name\" content=\"Sunnyshop211 -Vente de dioramas, meubles, miniatures , bjd poup\u00e9es 1\/12 1\/8 1\/6 1\/4 1\/3\" \/>\n<meta property=\"article:publisher\" content=\"https:\/\/www.facebook.com\/sunnyshop211\/?ref=bookmarks\" \/>\n<meta property=\"article:modified_time\" content=\"2025-12-29T16:15:17+00:00\" \/>\n<meta property=\"og:image\" content=\"https:\/\/www.sunnyshop211.com\/wp-content\/uploads\/2019\/01\/il_570xN.1725237195_n1ui.jpg\" \/>\n\t<meta property=\"og:image:width\" content=\"570\" \/>\n\t<meta property=\"og:image:height\" content=\"742\" \/>\n\t<meta property=\"og:image:type\" content=\"image\/jpeg\" \/>\n<meta name=\"twitter:card\" content=\"summary_large_image\" \/>\n<meta name=\"twitter:site\" content=\"@sunnyshop211\" \/>\n<meta name=\"twitter:label1\" content=\"Est. reading time\" \/>\n\t<meta name=\"twitter:data1\" content=\"2 minutes\" \/>\n<script type=\"application\/ld+json\" class=\"yoast-schema-graph\">{\"@context\":\"https:\\\/\\\/schema.org\",\"@graph\":[{\"@type\":\"WebPage\",\"@id\":\"https:\\\/\\\/www.sunnyshop211.com\\\/produit\\\/etagere-ours-miniature-1-6-1-4-diorama-barbie-pullip-bjd-minifee\\\/\",\"url\":\"https:\\\/\\\/www.sunnyshop211.com\\\/produit\\\/etagere-ours-miniature-1-6-1-4-diorama-barbie-pullip-bjd-minifee\\\/\",\"name\":\"\u00c9tag\u00e8re ours miniature 1\\\/6 1\\\/4 diorama Barbie, pullip, bjd minifee. -\",\"isPartOf\":{\"@id\":\"https:\\\/\\\/www.sunnyshop211.com\\\/#website\"},\"primaryImageOfPage\":{\"@id\":\"https:\\\/\\\/www.sunnyshop211.com\\\/produit\\\/etagere-ours-miniature-1-6-1-4-diorama-barbie-pullip-bjd-minifee\\\/#primaryimage\"},\"image\":{\"@id\":\"https:\\\/\\\/www.sunnyshop211.com\\\/produit\\\/etagere-ours-miniature-1-6-1-4-diorama-barbie-pullip-bjd-minifee\\\/#primaryimage\"},\"thumbnailUrl\":\"https:\\\/\\\/www.sunnyshop211.com\\\/wp-content\\\/uploads\\\/2019\\\/01\\\/il_570xN.1725237195_n1ui.jpg\",\"datePublished\":\"2019-01-09T18:37:39+00:00\",\"dateModified\":\"2025-12-29T16:15:17+00:00\",\"description\":\"\u00c9tag\u00e8re ours miniature 1\\\/6 1\\\/4 diorama pour\u00a0 Barbie, pullip, bjd MSD, minifee. Id\u00e9al pour vos mises en sc\u00e8nes et vos dioramas\",\"breadcrumb\":{\"@id\":\"https:\\\/\\\/www.sunnyshop211.com\\\/produit\\\/etagere-ours-miniature-1-6-1-4-diorama-barbie-pullip-bjd-minifee\\\/#breadcrumb\"},\"inLanguage\":\"en-US\",\"potentialAction\":[{\"@type\":\"ReadAction\",\"target\":[\"https:\\\/\\\/www.sunnyshop211.com\\\/produit\\\/etagere-ours-miniature-1-6-1-4-diorama-barbie-pullip-bjd-minifee\\\/\"]}]},{\"@type\":\"ImageObject\",\"inLanguage\":\"en-US\",\"@id\":\"https:\\\/\\\/www.sunnyshop211.com\\\/produit\\\/etagere-ours-miniature-1-6-1-4-diorama-barbie-pullip-bjd-minifee\\\/#primaryimage\",\"url\":\"https:\\\/\\\/www.sunnyshop211.com\\\/wp-content\\\/uploads\\\/2019\\\/01\\\/il_570xN.1725237195_n1ui.jpg\",\"contentUrl\":\"https:\\\/\\\/www.sunnyshop211.com\\\/wp-content\\\/uploads\\\/2019\\\/01\\\/il_570xN.1725237195_n1ui.jpg\",\"width\":570,\"height\":742,\"caption\":\"\u00c9tag\u00e8re ours miniature\"},{\"@type\":\"BreadcrumbList\",\"@id\":\"https:\\\/\\\/www.sunnyshop211.com\\\/produit\\\/etagere-ours-miniature-1-6-1-4-diorama-barbie-pullip-bjd-minifee\\\/#breadcrumb\",\"itemListElement\":[{\"@type\":\"ListItem\",\"position\":1,\"name\":\"Accueil\",\"item\":\"https:\\\/\\\/www.sunnyshop211.com\\\/\"},{\"@type\":\"ListItem\",\"position\":2,\"name\":\"Boutique\",\"item\":\"https:\\\/\\\/www.sunnyshop211.com\\\/boutique-miniature-bjd-dolls\\\/\"},{\"@type\":\"ListItem\",\"position\":3,\"name\":\"\u00c9tag\u00e8re ours miniature 1\\\/6 1\\\/4 diorama Barbie, pullip, bjd minifee.\"}]},{\"@type\":\"WebSite\",\"@id\":\"https:\\\/\\\/www.sunnyshop211.com\\\/#website\",\"url\":\"https:\\\/\\\/www.sunnyshop211.com\\\/\",\"name\":\"Vente de dioramas, meubles, miniatures , bjd poup\u00e9es 1\\\/12 1\\\/8 1\\\/6 1\\\/4 1\\\/3\",\"description\":\"Sunnyshop211 - Votre univers miniature pour poup\u00e9es et BJD, dioramas et meubles sur mesure !\",\"publisher\":{\"@id\":\"https:\\\/\\\/www.sunnyshop211.com\\\/#organization\"},\"alternateName\":\"sunnyshop211\",\"potentialAction\":[{\"@type\":\"SearchAction\",\"target\":{\"@type\":\"EntryPoint\",\"urlTemplate\":\"https:\\\/\\\/www.sunnyshop211.com\\\/?s={search_term_string}\"},\"query-input\":{\"@type\":\"PropertyValueSpecification\",\"valueRequired\":true,\"valueName\":\"search_term_string\"}}],\"inLanguage\":\"en-US\"},{\"@type\":\"Organization\",\"@id\":\"https:\\\/\\\/www.sunnyshop211.com\\\/#organization\",\"name\":\"sunnyshop211\",\"alternateName\":\"sunnyshop211 diorama bjd meuble miniature\",\"url\":\"https:\\\/\\\/www.sunnyshop211.com\\\/\",\"logo\":{\"@type\":\"ImageObject\",\"inLanguage\":\"en-US\",\"@id\":\"https:\\\/\\\/www.sunnyshop211.com\\\/#\\\/schema\\\/logo\\\/image\\\/\",\"url\":\"https:\\\/\\\/www.sunnyshop211.com\\\/wp-content\\\/uploads\\\/2022\\\/08\\\/cropped-cropped-cropped-Sunnyshop211-1.png\",\"contentUrl\":\"https:\\\/\\\/www.sunnyshop211.com\\\/wp-content\\\/uploads\\\/2022\\\/08\\\/cropped-cropped-cropped-Sunnyshop211-1.png\",\"width\":339,\"height\":339,\"caption\":\"sunnyshop211\"},\"image\":{\"@id\":\"https:\\\/\\\/www.sunnyshop211.com\\\/#\\\/schema\\\/logo\\\/image\\\/\"},\"sameAs\":[\"https:\\\/\\\/www.facebook.com\\\/sunnyshop211\\\/?ref=bookmarks\",\"https:\\\/\\\/x.com\\\/sunnyshop211\",\"https:\\\/\\\/www.instagram.com\\\/sunnyshop211\\\/\",\"https:\\\/\\\/www.tumblr.com\\\/blog\\\/sunnyshop211\",\"https:\\\/\\\/www.youtube.com\\\/channel\\\/UCtYY18OGGDKrTSzgcf7fCBg\",\"https:\\\/\\\/www.tiktok.com\\\/@sunnydollshop211?is_from_webapp=1&sender_device=pc\"]}]}<\/script>\n<!-- \/ Yoast SEO plugin. -->","yoast_head_json":{"title":"Miniature bear shelf 1\/6 1\/4 diorama Barbie, pullip, bjd minifee. -","description":"Miniature bear rack 1\/6 1\/4 diorama for Barbie, pullip, bjd MSD, minifee. Ideal for staging and dioramas.","robots":{"index":"index","follow":"follow","max-snippet":"max-snippet:-1","max-image-preview":"max-image-preview:large","max-video-preview":"max-video-preview:-1"},"canonical":"https:\/\/www.sunnyshop211.com\/en\/product\/etagere-ours-miniature-1-6-1-4-diorama-barbie-pullip-bjd-minifee\/","og_locale":"en_US","og_type":"article","og_title":"\u00c9tag\u00e8re ours miniature 1\/6 1\/4 diorama Barbie, pullip, bjd minifee. -","og_description":"\u00c9tag\u00e8re ours miniature 1\/6 1\/4 diorama pour\u00a0 Barbie, pullip, bjd MSD, minifee. Id\u00e9al pour vos mises en sc\u00e8nes et vos dioramas","og_url":"https:\/\/www.sunnyshop211.com\/en\/product\/etagere-ours-miniature-1-6-1-4-diorama-barbie-pullip-bjd-minifee\/","og_site_name":"Sunnyshop211 -Vente de dioramas, meubles, miniatures , bjd poup\u00e9es 1\/12 1\/8 1\/6 1\/4 1\/3","article_publisher":"https:\/\/www.facebook.com\/sunnyshop211\/?ref=bookmarks","article_modified_time":"2025-12-29T16:15:17+00:00","og_image":[{"width":570,"height":742,"url":"https:\/\/www.sunnyshop211.com\/wp-content\/uploads\/2019\/01\/il_570xN.1725237195_n1ui.jpg","type":"image\/jpeg"}],"twitter_card":"summary_large_image","twitter_site":"@sunnyshop211","twitter_misc":{"Est. reading time":"2 minutes"},"schema":{"@context":"https:\/\/schema.org","@graph":[{"@type":"WebPage","@id":"https:\/\/www.sunnyshop211.com\/produit\/etagere-ours-miniature-1-6-1-4-diorama-barbie-pullip-bjd-minifee\/","url":"https:\/\/www.sunnyshop211.com\/produit\/etagere-ours-miniature-1-6-1-4-diorama-barbie-pullip-bjd-minifee\/","name":"Miniature bear shelf 1\/6 1\/4 diorama Barbie, pullip, bjd minifee. -","isPartOf":{"@id":"https:\/\/www.sunnyshop211.com\/#website"},"primaryImageOfPage":{"@id":"https:\/\/www.sunnyshop211.com\/produit\/etagere-ours-miniature-1-6-1-4-diorama-barbie-pullip-bjd-minifee\/#primaryimage"},"image":{"@id":"https:\/\/www.sunnyshop211.com\/produit\/etagere-ours-miniature-1-6-1-4-diorama-barbie-pullip-bjd-minifee\/#primaryimage"},"thumbnailUrl":"https:\/\/www.sunnyshop211.com\/wp-content\/uploads\/2019\/01\/il_570xN.1725237195_n1ui.jpg","datePublished":"2019-01-09T18:37:39+00:00","dateModified":"2025-12-29T16:15:17+00:00","description":"Miniature bear rack 1\/6 1\/4 diorama for Barbie, pullip, bjd MSD, minifee. Ideal for staging and dioramas.","breadcrumb":{"@id":"https:\/\/www.sunnyshop211.com\/produit\/etagere-ours-miniature-1-6-1-4-diorama-barbie-pullip-bjd-minifee\/#breadcrumb"},"inLanguage":"en-US","potentialAction":[{"@type":"ReadAction","target":["https:\/\/www.sunnyshop211.com\/produit\/etagere-ours-miniature-1-6-1-4-diorama-barbie-pullip-bjd-minifee\/"]}]},{"@type":"ImageObject","inLanguage":"en-US","@id":"https:\/\/www.sunnyshop211.com\/produit\/etagere-ours-miniature-1-6-1-4-diorama-barbie-pullip-bjd-minifee\/#primaryimage","url":"https:\/\/www.sunnyshop211.com\/wp-content\/uploads\/2019\/01\/il_570xN.1725237195_n1ui.jpg","contentUrl":"https:\/\/www.sunnyshop211.com\/wp-content\/uploads\/2019\/01\/il_570xN.1725237195_n1ui.jpg","width":570,"height":742,"caption":"\u00c9tag\u00e8re ours miniature"},{"@type":"BreadcrumbList","@id":"https:\/\/www.sunnyshop211.com\/produit\/etagere-ours-miniature-1-6-1-4-diorama-barbie-pullip-bjd-minifee\/#breadcrumb","itemListElement":[{"@type":"ListItem","position":1,"name":"Accueil","item":"https:\/\/www.sunnyshop211.com\/"},{"@type":"ListItem","position":2,"name":"Boutique","item":"https:\/\/www.sunnyshop211.com\/boutique-miniature-bjd-dolls\/"},{"@type":"ListItem","position":3,"name":"\u00c9tag\u00e8re ours miniature 1\/6 1\/4 diorama Barbie, pullip, bjd minifee."}]},{"@type":"WebSite","@id":"https:\/\/www.sunnyshop211.com\/#website","url":"https:\/\/www.sunnyshop211.com\/","name":"Sale of dioramas, furniture, miniatures, bjd dolls 1\/12 1\/8 1\/6 1\/4 1\/3","description":"Sunnyshop211 - Your miniature world for dolls and BJDs, dioramas and custom-made furniture!","publisher":{"@id":"https:\/\/www.sunnyshop211.com\/#organization"},"alternateName":"sunnyshop211","potentialAction":[{"@type":"SearchAction","target":{"@type":"EntryPoint","urlTemplate":"https:\/\/www.sunnyshop211.com\/?s={search_term_string}"},"query-input":{"@type":"PropertyValueSpecification","valueRequired":true,"valueName":"search_term_string"}}],"inLanguage":"en-US"},{"@type":"Organization","@id":"https:\/\/www.sunnyshop211.com\/#organization","name":"sunnyshop211","alternateName":"sunnyshop211 diorama bjd meuble miniature","url":"https:\/\/www.sunnyshop211.com\/","logo":{"@type":"ImageObject","inLanguage":"en-US","@id":"https:\/\/www.sunnyshop211.com\/#\/schema\/logo\/image\/","url":"https:\/\/www.sunnyshop211.com\/wp-content\/uploads\/2022\/08\/cropped-cropped-cropped-Sunnyshop211-1.png","contentUrl":"https:\/\/www.sunnyshop211.com\/wp-content\/uploads\/2022\/08\/cropped-cropped-cropped-Sunnyshop211-1.png","width":339,"height":339,"caption":"sunnyshop211"},"image":{"@id":"https:\/\/www.sunnyshop211.com\/#\/schema\/logo\/image\/"},"sameAs":["https:\/\/www.facebook.com\/sunnyshop211\/?ref=bookmarks","https:\/\/x.com\/sunnyshop211","https:\/\/www.instagram.com\/sunnyshop211\/","https:\/\/www.tumblr.com\/blog\/sunnyshop211","https:\/\/www.youtube.com\/channel\/UCtYY18OGGDKrTSzgcf7fCBg","https:\/\/www.tiktok.com\/@sunnydollshop211?is_from_webapp=1&sender_device=pc"]}]}},"jetpack_publicize_connections":[],"jetpack_sharing_enabled":true,"_links":{"self":[{"href":"https:\/\/www.sunnyshop211.com\/en\/wp-json\/wp\/v2\/product\/2631","targetHints":{"allow":["GET"]}}],"collection":[{"href":"https:\/\/www.sunnyshop211.com\/en\/wp-json\/wp\/v2\/product"}],"about":[{"href":"https:\/\/www.sunnyshop211.com\/en\/wp-json\/wp\/v2\/types\/product"}],"replies":[{"embeddable":true,"href":"https:\/\/www.sunnyshop211.com\/en\/wp-json\/wp\/v2\/comments?post=2631"}],"version-history":[{"count":6,"href":"https:\/\/www.sunnyshop211.com\/en\/wp-json\/wp\/v2\/product\/2631\/revisions"}],"predecessor-version":[{"id":53425,"href":"https:\/\/www.sunnyshop211.com\/en\/wp-json\/wp\/v2\/product\/2631\/revisions\/53425"}],"wp:featuredmedia":[{"embeddable":true,"href":"https:\/\/www.sunnyshop211.com\/en\/wp-json\/wp\/v2\/media\/2641"}],"wp:attachment":[{"href":"https:\/\/www.sunnyshop211.com\/en\/wp-json\/wp\/v2\/media?parent=2631"}],"wp:term":[{"taxonomy":"product_brand","embeddable":true,"href":"https:\/\/www.sunnyshop211.com\/en\/wp-json\/wp\/v2\/product_brand?post=2631"},{"taxonomy":"product_cat","embeddable":true,"href":"https:\/\/www.sunnyshop211.com\/en\/wp-json\/wp\/v2\/product_cat?post=2631"},{"taxonomy":"product_tag","embeddable":true,"href":"https:\/\/www.sunnyshop211.com\/en\/wp-json\/wp\/v2\/product_tag?post=2631"}],"curies":[{"name":"wp","href":"https:\/\/api.w.org\/{rel}","templated":true}]}}